{"id":225988,"date":"2026-04-22T12:40:41","date_gmt":"2026-04-22T12:40:41","guid":{"rendered":"https:\/\/citygame.com\/locations\/australia\/city-game-cairns-2\/"},"modified":"2026-04-22T12:40:41","modified_gmt":"2026-04-22T12:40:41","slug":"city-game-cairns-2","status":"publish","type":"page","link":"https:\/\/citygame.com\/de\/standorte\/city-game-australien\/city-game-cairns-2\/","title":{"rendered":"City Game Cairns"},"content":{"rendered":"","protected":false},"excerpt":{"rendered":"","protected":false},"author":78,"featured_media":15183,"parent":225716,"menu_order":0,"comment_status":"closed","ping_status":"closed","template":"","meta":{"_acf_changed":false,"_yoast_wpseo_focuskw":"City Game Cairns","_yoast_wpseo_metadesc":"","_kad_blocks_custom_css":"","_kad_blocks_head_custom_js":"","_kad_blocks_body_custom_js":"","_kad_blocks_footer_custom_js":"","_kad_post_transparent":"","_kad_post_title":"","_kad_post_layout":"","_kad_post_sidebar_id":"","_kad_post_content_style":"","_kad_post_vertical_padding":"","_kad_post_feature":"","_kad_post_feature_position":"","_kad_post_header":false,"_kad_post_footer":false,"_kad_post_classname":"","footnotes":""},"cities-only-parent-location":[471],"countries-only-parent-locations":[],"seo_keyword":[],"cg_page_type":[45],"class_list":["post-225988","page","type-page","status-publish","has-post-thumbnail","hentry","cities-only-parent-location-australia","cg_page_type-city-overview-page"],"acf":{"city_name":"Cairns","select_city":112,"section_1_h2_city_games_in_city":"City Games in Cairns","intro_text":"City Games sind bequem in Cairns, Australien erh\u00e4ltlich, wo Sie in ein faszinierendes, interaktives Reich von Spielen eintauchen k\u00f6nnen. Diese selbstgesteuerten Spiele, die auf einem Smartphone gespielt werden, laden Sie dazu ein, fesselnde R\u00e4tsel zu l\u00f6sen und einzigartige Herausforderungen zu meistern, w\u00e4hrend Sie die lebendige Umgebung von Cairns frei erkunden. Diese einzigartige Erfahrung erm\u00f6glicht es Ihnen, die Stadt in Ihrem eigenen Tempo zu genie\u00dfen.","section_1_usp_1":"Starten, Pausieren & Fortsetzen, wann immer Sie m\u00f6chten","section_1_usp_2":"Unabh\u00e4ngig spielen","section_1_usp_3":"1\u20134 oder 2\u20135 Personen pro Smartphone, je nach Spiel","section_1_usp_4":"1,5\u20132 Stunden Spielzeit","section_1_usp_5":"3\u20134 km Gehstrecke","section_1_usp_6":"Internetverbindung erforderlich","section_1_text_2":"W\u00e4hlen Sie jetzt Ihr City Game und spielen Sie noch heute!","section_1_cta":"Alle City Games ansehen","intro_image":17404,"section_2_h2_all_city_games_in_city":"Alle City Games in Cairns","section_3_h2_how_city_games_work_in_city":"Wie City Games in Cairns funktionieren","section_3_text":"City Games in Cairns sind vollst\u00e4ndig selbstgesteuerte Erfahrungen, die es dir erm\u00f6glichen, die Stadt in deinem eigenen Tempo zu erkunden. Mit deinem eigenen Smartphone gehst du durch das Stadtzentrum, w\u00e4hrend du R\u00e4tsel l\u00f6st, Herausforderungen meisterst und der Handlung deines gew\u00e4hlten City Game folgst.\r\n\r\nDu entscheidest, wann du startest, wo du Pausen machst und wie schnell du spielst. Kein Guide, kein Zeitplan oder keine Reservierung sind erforderlich.","section_3_usp_1":"Spielen Sie in Teams von Freunden, Familie oder Kollegen","section_3_usp_2":"Starten Sie jederzeit, kein Guide oder Personal n\u00f6tig","section_3_usp_3":"Verwenden Sie Ihr eigenes Smartphone oder Tablet","section_3_usp_4":"Durch die Stadt gehen, w\u00e4hrend Sie R\u00e4tsel und Herausforderungen l\u00f6sen","section_3_usp_5":"Lernen Sie interessante Fakten \u00fcber Geschichte, Kultur und Sehensw\u00fcrdigkeiten","section_3_usp_6":"In mehreren Sprachen verf\u00fcgbar","section_3_cta":"W\u00e4hlen Sie Ihr City Game","section_3_step_1":"Schritt 1","section_3_step_1_title":"Buchen Sie Ihr City Game","section_3_step_1_text":"W\u00e4hlen Sie Ihre Stadt und Ihr Spiel aus und erhalten Sie nach der Buchung alles sofort.","section_3_step_2":"Schritt 2","section_3_step_2_title":"Pr\u00fcfen Sie Ihre Anweisungen","section_3_step_2_text":"\u00d6ffnen Sie Ihre Best\u00e4tigungs-E-Mail mit Ihrem Startpunkt und Anweisungen, wie Sie zu spielen beginnen.","section_3_step_3":"Schritt 3","section_3_step_3_title":"Gehen Sie zum Startort","section_3_step_3_text":"Begeben Sie sich jederzeit zum Startpunkt, es gibt keinen festen Zeitpunkt.","section_3_step_4":"Schritt 4","section_3_step_4_title":"Spiel starten","section_3_step_4_text":"Folgen Sie den Hinweisen, l\u00f6sen Sie R\u00e4tsel und erkunden Sie die Stadt in Ihrem eigenen Tempo!","how_city_games_work_image":16334,"section_4_h2_who_are_city_games_in_city_for":"F\u00fcr wen sind City Games in Cairns gedacht?","section_4_text":"City Games in Cairns wurden f\u00fcr jeden konzipiert, der die Stadt auf interaktive und flexible Weise erleben m\u00f6chte. Egal, ob Sie Cairns zum ersten Mal besuchen oder die Stadt bereits gut kennen, bieten City Games eine unterhaltsame Aktivit\u00e4t, die sich leicht in Ihren Tag einf\u00fcgt.","section_4_text_2":"City Games in Cairns eignen sich f\u00fcr:","section_4_usp_1":"Alleinspieler oder kleine Gruppen, die nach einem flexiblen Abenteuer suchen","section_4_usp_2":"Touristen, die Cairns erkunden","section_4_usp_3":"Freunde und Familien, die nach einer unterhaltsamen Aktivit\u00e4t suchen","section_4_usp_4":"Unternehmen und Teams, die eine Teambuilding-Veranstaltung planen","section_4_usp_5":"Einheimische, die ihre eigene Stadt neu entdecken m\u00f6chten","section_4_cta":"W\u00e4hlen Sie Ihr City Game","who_are_city_games_for_image":16335,"section_5_h2_exploring_city":"Cairns erkunden","exploring_city_text":"In das tropische Ambiente von Cairns, Australien, einzutauchen, ist, als w\u00fcrde man in ein \u00fcppiges Postkartenparadies treten. Die Stadt wird von der Esplanade gepr\u00e4gt, einem klaren Gehweg, der sich am atemberaubenden Korallenmeer entlangschl\u00e4ngelt und Bewohner zu gem\u00fctlichen Spazierg\u00e4ngen einl\u00e4dt, w\u00e4hrend man von idyllischen K\u00fcstenblicken genie\u00dft. Die charakteristische Milde von Cairns verleiht eine einzigartige Lebendigkeit, die sich durch die Stra\u00dfen zieht und die Luft energetisiert und jeden Schritt in dieser lebhaften Stadtszenerie beeinflusst\u3002\r\n\r\nIn Cairns begegnet man dem authentischen Charme des urspr\u00fcnglichen Courthouse Hotels und dem historischen Cairns Post Building, die sich zwischen modernen Geb\u00e4uden abheben und auf eine reiche kulturelle Geschichte hinweisen. Bei einem Spaziergang durch das kosmopolitische Herz der Stadt st\u00f6\u00dft man auch auf das Cairns Central Shopping Centre, einen zeitgen\u00f6ssischen Beleg f\u00fcr die Entwicklung der Stadt. Jede Kurve ist ein st\u00e4ndiges Wechselspiel zwischen Vergangenheit und Gegenwart, wodurch jede Reise durch Cairns zu einer faszinierenden Erkundung wird.","exploring_city_image":null,"section_6_h2_hosted_game":"Your favourite City Games, professionally hosted by our team","section_6_text":"Genie\u00dfen Sie dieselben City Games wie in unserer selbstgesteuerten Version, jedoch mit umfassender Vor-Ort-Unterst\u00fctzung durch unsere professionellen Gastgeber. Wir k\u00fcmmern uns um Briefings, Tablets, Koordination und technischen Support, damit Ihre Gruppe sich ganz auf Spa\u00df und Wettbewerb konzentrieren kann.","section_6_text_2":"What\u2019s included:","section_6_usp_1_title":"Same City Game, fully hosted","section_6_usp_1_text":"You play the exact same experience as our self-guided version, now with our hosts guiding your group.","section_6_usp_2_title":"Live ranking & prize ceremony","section_6_usp_2_text":"For larger groups, our hosts reveal the final scores and announce the winning team with a fun award moment.","section_6_usp_3_title":"Hosted start & finish","section_6_usp_3_text":"We welcome your group, explain the game clearly and end with an exciting wrap-up.","section_6_usp_4_title":"Real-time support during the game","section_6_usp_4_text":"Our team assists with devices, app issues and coordination throughout the experience.","section_6_usp_5_title":"Tablets included (optional)","section_6_usp_5_text":"Available for groups who prefer using our devices instead of their own.","section_6_text_3":"Trusted by teams worldwide, from small groups to large corporate events.","section_6_cta":"Plan your group event","section_7_h2_reviews":"What others think of our City Games","section_7_cta_1":"All reviews","section_7_cta_2":"Write a review","section_8_h2_faq":"Do you have questions? We have answers!","section_8_text":"Check out our frequently asked questions and find out everything you want to know. Is your question not among them? Feel free to contact us.","section_8_cta_1":"View all frequently asked questions","section_8_cta_2":"Get support","section_8_question_1":"What are City Games in Cairns?","section_8_answer_1":"City Games in Cairns sind <strong>interaktive, selbstgesteuerte Erfahrungen<\/strong>, die es dir erm\u00f6glichen, die Stadt beim Spielen eines Spiels zu erkunden!\r\n\r\nMit deinem Smartphone l\u00f6st du R\u00e4tsel, meisterst Herausforderungen und folgst der Handlung deines gew\u00e4hlten City Game, w\u00e4hrend du durch die Stadt gehst.\r\n\r\nCity Games verbinden Teamarbeit, Probleml\u00f6sung und Outdoor-Erkundung und machen sie zu einer unterhaltsamen Aktivit\u00e4t f\u00fcr Besucher, Einheimische und Gruppen gleicherma\u00dfen.","section_8_question_2":"Do I need a guide to play a City Game in Cairns?","section_8_answer_2":"<p class=\"kt-adv-heading2034_2420ea-ca wp-block-kadence-advancedheading\" data-kb-block=\"kb-adv-heading2034_2420ea-ca\">Nein, City Games in Cairns sind <strong>vollst\u00e4ndig selbstgef\u00fchrt<\/strong>. Du ben\u00f6tigst keinen Guide, Host oder Vor-Ort-Personal, um zu spielen. Alle Anweisungen und das Gameplay werden digital bereitgestellt, sodass du mit deinem eigenen Smartphone unabh\u00e4ngig starten und spielen kannst.<\/p>\r\nDies Flexibilit\u00e4t macht City Games leicht in deinen eigenen Zeitplan zu integrieren.\r\n<p class=\"kt-adv-heading2034_cd3db2-33 wp-block-kadence-advancedheading hls-none\" data-kb-block=\"kb-adv-heading2034_cd3db2-33\">F\u00fcr gr\u00f6\u00dfere Gruppen oder Firmenveranstaltungen ist auch eine vollst\u00e4ndig betreute Version unserer City Games verf\u00fcgbar, einschlie\u00dflich Vor-Ort-Anleitung, Tablets und Live-Support.<\/p>\r\nPlanen Sie eine gr\u00f6\u00dfere Gruppe oder eine Firmenveranstaltung?","section_8_answer_2_cta":"Erkunden Sie das betreute City Game-Erlebnis f\u00fcr Gruppen","section_8_question_3":"When can we start playing a City Game in Cairns?","section_8_answer_3":"Sie k\u00f6nnen jederzeit beginnen zu spielen <strong>wann es Ihnen passt<\/strong>! City Games in Cairns haben keine festen Startzeiten, daher k\u00f6nnen Sie jederzeit zu einem Zeitpunkt beginnen, der zu Ihren Pl\u00e4nen passt.\r\n\r\nNach der Buchung erhalten Sie klare Anweisungen, die erkl\u00e4ren, wie und wann Sie Ihr City Game starten k\u00f6nnen!","section_8_question_4":"How long does a City Game in Cairns take?","section_8_answer_4":"Die City Games in Cairns dauern ungef\u00e4hr <strong>1,5 bis 2 Stunden<\/strong> bis zum Abschluss! Die genaue Dauer h\u00e4ngt von Ihrem Tempo, der Anzahl der Pausen und davon ab, wie schnell Sie die R\u00e4tsel und Herausforderungen l\u00f6sen.\r\n\r\nSie k\u00f6nnen im eigenen Tempo spielen und das Spiel nach Belieben pausieren!","section_8_question_5":"Can we play a City Game in Cairns with a large group?","section_8_answer_5":"<p class=\"kt-adv-heading2034_97743b-76 wp-block-kadence-advancedheading\" data-kb-block=\"kb-adv-heading2034_97743b-76\">Ja, City Games eignen sich sowohl f\u00fcr <strong>kleine Gruppen als auch gr\u00f6\u00dfere Teams<\/strong>. Gro\u00dfe Gruppen k\u00f6nnen problemlos in kleinere Teams aufgeteilt werden und gleichzeitig das City Game spielen, wobei mehrere Smartphones verwendet werden. Jedes Team spielt eigenst\u00e4ndig und folgt demselben Spielkonzept und derselben Handlung.<\/p>\r\nDieses Setup funktioniert gut f\u00fcr Gruppen von Freunden, Familien und Unternehmen und macht City Games zu einer beliebten Wahl f\u00fcr Teamevents, Veranstaltungen und Teambuilding-Aktivit\u00e4ten.\r\n<p class=\"kt-adv-heading2034_7442e3-e3 wp-block-kadence-advancedheading hls-none\" data-kb-block=\"kb-adv-heading2034_7442e3-e3\">F\u00fcr gr\u00f6\u00dfere Gruppen oder Firmenveranstaltungen ist au\u00dferdem eine vollst\u00e4ndig betreute Version unserer City Games verf\u00fcgbar, einschlie\u00dflich Vor-Ort-Anleitung, Tablets und Live-Support.<\/p>\r\nPlanen Sie eine gr\u00f6\u00dfere Gruppe oder eine Firmenveranstaltung?","section_8_answer_5_cta":"Erkunden Sie das betreute City Game-Erlebnis f\u00fcr Gruppen","section_8_question_6":"Are City Games in Cairns suitable for tourists and locals?","section_8_answer_6":"Ja, City Games in Cairns eignen sich sowohl f\u00fcr <strong>Touristen als auch Einheimische<\/strong>. Besucher k\u00f6nnen die Stadt interaktiv erleben, w\u00e4hrend Einheimische vertraute Stra\u00dfen als Schauplatz f\u00fcr ein City Game genie\u00dfen k\u00f6nnen.\r\n\r\nDa sich jedes City Game auf Gameplay und Storytelling konzentriert, wirkt die Erfahrung frisch, egal wie gut Sie die Stadt bereits kennen.","section_8_question_7":"Are City Games in Cairns available in multiple languages?","section_8_answer_7":"Ja, City Games in Cairns sind <strong>in mehreren Sprachen erh\u00e4ltlich<\/strong>. Sie k\u00f6nnen Ihre bevorzugte Sprache vor oder w\u00e4hrend des Spiels ausw\u00e4hlen, wodurch City Games f\u00fcr internationale Besucher und Gruppen mit gemischten Sprachen zug\u00e4nglich werden.","section_8_question_8":"What do we need to play a City Game in Cairns?","section_8_answer_8":"Um ein City Game in Cairns zu spielen, ben\u00f6tigen Sie:","section_8_answer_8_usp_1":"Ein Smartphone mit Internetverbindung","section_8_answer_8_usp_2":"Eine geladene Batterie","section_8_answer_8_usp_3":"Bequeme Wanderschuhe","section_8_answer_8_2":"Alle Spielinhalte und Anweisungen werden nach der Buchung digital bereitgestellt.","section_9_h2_instagram":"Mehr auf Instagram sehen","section_9_text":"Reiseinspirationen, R\u00e4tsel, versteckte Juwelen & City Game-Momente, direkt aus unserer Community","section_9_cta":"Folge uns auf Instagram","section_10_h2_page_ending":"Bereit f\u00fcr ein unvergessliches Abenteuer in Cairns?","section_10_text":"Erkunde Cairns auf eine einzigartige und interaktive Weise mit unseren City Games. Spiele heute und schaffe bleibende Erinnerungen!","section_10_cta":"Buche jetzt dein City Game","latitude":-16.92220508,"longitude":145.7756452,"country":471,"map_enabled":true},"yoast_head":"<!-- This site is optimized with the Yoast SEO Premium plugin v26.2 (Yoast SEO v27.4) - https:\/\/yoast.com\/product\/yoast-seo-premium-wordpress\/ -->\n<title>City Game Cairns - City Game<\/title>\n<meta name=\"robots\" content=\"index, follow, max-snippet:-1, max-image-preview:large, max-video-preview:-1\" \/>\n<link rel=\"canonical\" href=\"https:\/\/citygame.com\/de\/standorte\/city-game-australien\/city-game-cairns-2\/\" \/>\n<meta property=\"og:locale\" content=\"de_DE\" \/>\n<meta property=\"og:type\" content=\"article\" \/>\n<meta property=\"og:title\" content=\"City Game Cairns\" \/>\n<meta property=\"og:url\" content=\"https:\/\/citygame.com\/de\/standorte\/city-game-australien\/city-game-cairns-2\/\" \/>\n<meta property=\"og:site_name\" content=\"City Game\" \/>\n<meta property=\"article:publisher\" content=\"https:\/\/www.facebook.com\/profile.php?id=100086426226253\" \/>\n<meta property=\"og:image\" content=\"https:\/\/citygame.com\/wp-content\/blogs.dir\/1\/files\/2026\/02\/cairns-esplanade-waterfront-at-sunset.jpg\" \/>\n\t<meta property=\"og:image:width\" content=\"1024\" \/>\n\t<meta property=\"og:image:height\" content=\"1024\" \/>\n\t<meta property=\"og:image:type\" content=\"image\/jpeg\" \/>\n<meta name=\"twitter:card\" content=\"summary_large_image\" \/>\n<script type=\"application\/ld+json\" class=\"yoast-schema-graph\">{\"@context\":\"https:\\\/\\\/schema.org\",\"@graph\":[{\"@type\":\"WebPage\",\"@id\":\"https:\\\/\\\/citygame.com\\\/de\\\/standorte\\\/city-game-australien\\\/city-game-cairns-2\\\/\",\"url\":\"https:\\\/\\\/citygame.com\\\/de\\\/standorte\\\/city-game-australien\\\/city-game-cairns-2\\\/\",\"name\":\"City Game Cairns - City Game\",\"isPartOf\":{\"@id\":\"https:\\\/\\\/citygame.com\\\/de\\\/#website\"},\"primaryImageOfPage\":{\"@id\":\"https:\\\/\\\/citygame.com\\\/de\\\/standorte\\\/city-game-australien\\\/city-game-cairns-2\\\/#primaryimage\"},\"image\":{\"@id\":\"https:\\\/\\\/citygame.com\\\/de\\\/standorte\\\/city-game-australien\\\/city-game-cairns-2\\\/#primaryimage\"},\"thumbnailUrl\":\"https:\\\/\\\/citygame.com\\\/wp-content\\\/blogs.dir\\\/1\\\/files\\\/2026\\\/02\\\/cairns-esplanade-waterfront-at-sunset.jpg\",\"datePublished\":\"2026-04-22T12:40:41+00:00\",\"breadcrumb\":{\"@id\":\"https:\\\/\\\/citygame.com\\\/de\\\/standorte\\\/city-game-australien\\\/city-game-cairns-2\\\/#breadcrumb\"},\"inLanguage\":\"de\",\"potentialAction\":[{\"@type\":\"ReadAction\",\"target\":[\"https:\\\/\\\/citygame.com\\\/de\\\/standorte\\\/city-game-australien\\\/city-game-cairns-2\\\/\"]}]},{\"@type\":\"ImageObject\",\"inLanguage\":\"de\",\"@id\":\"https:\\\/\\\/citygame.com\\\/de\\\/standorte\\\/city-game-australien\\\/city-game-cairns-2\\\/#primaryimage\",\"url\":\"https:\\\/\\\/citygame.com\\\/wp-content\\\/blogs.dir\\\/1\\\/files\\\/2026\\\/02\\\/cairns-esplanade-waterfront-at-sunset.jpg\",\"contentUrl\":\"https:\\\/\\\/citygame.com\\\/wp-content\\\/blogs.dir\\\/1\\\/files\\\/2026\\\/02\\\/cairns-esplanade-waterfront-at-sunset.jpg\",\"width\":1024,\"height\":1024,\"caption\":\"The vibrant Cairns waterfront promenade is filled with people dining, walking, and cycling at dusk.\"},{\"@type\":\"BreadcrumbList\",\"@id\":\"https:\\\/\\\/citygame.com\\\/de\\\/standorte\\\/city-game-australien\\\/city-game-cairns-2\\\/#breadcrumb\",\"itemListElement\":[{\"@type\":\"ListItem\",\"position\":1,\"name\":\"Home\",\"item\":\"https:\\\/\\\/citygame.com\\\/de\\\/\"},{\"@type\":\"ListItem\",\"position\":2,\"name\":\"Standorte\",\"item\":\"https:\\\/\\\/citygame.com\\\/de\\\/standorte\\\/\"},{\"@type\":\"ListItem\",\"position\":3,\"name\":\"City Game Australien\",\"item\":\"https:\\\/\\\/citygame.com\\\/de\\\/standorte\\\/city-game-australien\\\/\"},{\"@type\":\"ListItem\",\"position\":4,\"name\":\"City Game Cairns\"}]},{\"@type\":\"WebSite\",\"@id\":\"https:\\\/\\\/citygame.com\\\/de\\\/#website\",\"url\":\"https:\\\/\\\/citygame.com\\\/de\\\/\",\"name\":\"City Game\",\"description\":\"\",\"publisher\":{\"@id\":\"https:\\\/\\\/citygame.com\\\/de\\\/#organization\"},\"alternateName\":\"citygame.com\",\"potentialAction\":[{\"@type\":\"SearchAction\",\"target\":{\"@type\":\"EntryPoint\",\"urlTemplate\":\"https:\\\/\\\/citygame.com\\\/de\\\/?s={search_term_string}\"},\"query-input\":{\"@type\":\"PropertyValueSpecification\",\"valueRequired\":true,\"valueName\":\"search_term_string\"}}],\"inLanguage\":\"de\"},{\"@type\":\"Organization\",\"@id\":\"https:\\\/\\\/citygame.com\\\/de\\\/#organization\",\"name\":\"City Game\",\"alternateName\":\"citygame.com\",\"url\":\"https:\\\/\\\/citygame.com\\\/de\\\/\",\"logo\":{\"@type\":\"ImageObject\",\"inLanguage\":\"de\",\"@id\":\"https:\\\/\\\/citygame.com\\\/de\\\/#\\\/schema\\\/logo\\\/image\\\/\",\"url\":\"https:\\\/\\\/citygame.com\\\/wp-content\\\/blogs.dir\\\/1\\\/files\\\/2025\\\/10\\\/CG_LOGO-City-Game.png\",\"contentUrl\":\"https:\\\/\\\/citygame.com\\\/wp-content\\\/blogs.dir\\\/1\\\/files\\\/2025\\\/10\\\/CG_LOGO-City-Game.png\",\"width\":351,\"height\":377,\"caption\":\"City Game\"},\"image\":{\"@id\":\"https:\\\/\\\/citygame.com\\\/de\\\/#\\\/schema\\\/logo\\\/image\\\/\"},\"sameAs\":[\"https:\\\/\\\/www.facebook.com\\\/profile.php?id=100086426226253\",\"https:\\\/\\\/www.instagram.com\\\/citygame_com\",\"https:\\\/\\\/www.tiktok.com\\\/@citygamecom\\\/\",\"https:\\\/\\\/www.linkedin.com\\\/company\\\/citygame-com\"],\"description\":\"Turn any city into a playground with our interactive City Games and self-guided tours. Fun, flexible, and ideal for groups and team building.\"}]}<\/script>\n<!-- \/ Yoast SEO Premium plugin. -->","yoast_head_json":{"title":"City Game Cairns - City Game","robots":{"index":"index","follow":"follow","max-snippet":"max-snippet:-1","max-image-preview":"max-image-preview:large","max-video-preview":"max-video-preview:-1"},"canonical":"https:\/\/citygame.com\/de\/standorte\/city-game-australien\/city-game-cairns-2\/","og_locale":"de_DE","og_type":"article","og_title":"City Game Cairns","og_url":"https:\/\/citygame.com\/de\/standorte\/city-game-australien\/city-game-cairns-2\/","og_site_name":"City Game","article_publisher":"https:\/\/www.facebook.com\/profile.php?id=100086426226253","og_image":[{"width":1024,"height":1024,"url":"https:\/\/citygame.com\/wp-content\/blogs.dir\/1\/files\/2026\/02\/cairns-esplanade-waterfront-at-sunset.jpg","type":"image\/jpeg"}],"twitter_card":"summary_large_image","schema":{"@context":"https:\/\/schema.org","@graph":[{"@type":"WebPage","@id":"https:\/\/citygame.com\/de\/standorte\/city-game-australien\/city-game-cairns-2\/","url":"https:\/\/citygame.com\/de\/standorte\/city-game-australien\/city-game-cairns-2\/","name":"City Game Cairns - City Game","isPartOf":{"@id":"https:\/\/citygame.com\/de\/#website"},"primaryImageOfPage":{"@id":"https:\/\/citygame.com\/de\/standorte\/city-game-australien\/city-game-cairns-2\/#primaryimage"},"image":{"@id":"https:\/\/citygame.com\/de\/standorte\/city-game-australien\/city-game-cairns-2\/#primaryimage"},"thumbnailUrl":"https:\/\/citygame.com\/wp-content\/blogs.dir\/1\/files\/2026\/02\/cairns-esplanade-waterfront-at-sunset.jpg","datePublished":"2026-04-22T12:40:41+00:00","breadcrumb":{"@id":"https:\/\/citygame.com\/de\/standorte\/city-game-australien\/city-game-cairns-2\/#breadcrumb"},"inLanguage":"de","potentialAction":[{"@type":"ReadAction","target":["https:\/\/citygame.com\/de\/standorte\/city-game-australien\/city-game-cairns-2\/"]}]},{"@type":"ImageObject","inLanguage":"de","@id":"https:\/\/citygame.com\/de\/standorte\/city-game-australien\/city-game-cairns-2\/#primaryimage","url":"https:\/\/citygame.com\/wp-content\/blogs.dir\/1\/files\/2026\/02\/cairns-esplanade-waterfront-at-sunset.jpg","contentUrl":"https:\/\/citygame.com\/wp-content\/blogs.dir\/1\/files\/2026\/02\/cairns-esplanade-waterfront-at-sunset.jpg","width":1024,"height":1024,"caption":"The vibrant Cairns waterfront promenade is filled with people dining, walking, and cycling at dusk."},{"@type":"BreadcrumbList","@id":"https:\/\/citygame.com\/de\/standorte\/city-game-australien\/city-game-cairns-2\/#breadcrumb","itemListElement":[{"@type":"ListItem","position":1,"name":"Home","item":"https:\/\/citygame.com\/de\/"},{"@type":"ListItem","position":2,"name":"Standorte","item":"https:\/\/citygame.com\/de\/standorte\/"},{"@type":"ListItem","position":3,"name":"City Game Australien","item":"https:\/\/citygame.com\/de\/standorte\/city-game-australien\/"},{"@type":"ListItem","position":4,"name":"City Game Cairns"}]},{"@type":"WebSite","@id":"https:\/\/citygame.com\/de\/#website","url":"https:\/\/citygame.com\/de\/","name":"City Game","description":"","publisher":{"@id":"https:\/\/citygame.com\/de\/#organization"},"alternateName":"citygame.com","potentialAction":[{"@type":"SearchAction","target":{"@type":"EntryPoint","urlTemplate":"https:\/\/citygame.com\/de\/?s={search_term_string}"},"query-input":{"@type":"PropertyValueSpecification","valueRequired":true,"valueName":"search_term_string"}}],"inLanguage":"de"},{"@type":"Organization","@id":"https:\/\/citygame.com\/de\/#organization","name":"City Game","alternateName":"citygame.com","url":"https:\/\/citygame.com\/de\/","logo":{"@type":"ImageObject","inLanguage":"de","@id":"https:\/\/citygame.com\/de\/#\/schema\/logo\/image\/","url":"https:\/\/citygame.com\/wp-content\/blogs.dir\/1\/files\/2025\/10\/CG_LOGO-City-Game.png","contentUrl":"https:\/\/citygame.com\/wp-content\/blogs.dir\/1\/files\/2025\/10\/CG_LOGO-City-Game.png","width":351,"height":377,"caption":"City Game"},"image":{"@id":"https:\/\/citygame.com\/de\/#\/schema\/logo\/image\/"},"sameAs":["https:\/\/www.facebook.com\/profile.php?id=100086426226253","https:\/\/www.instagram.com\/citygame_com","https:\/\/www.tiktok.com\/@citygamecom\/","https:\/\/www.linkedin.com\/company\/citygame-com"],"description":"Turn any city into a playground with our interactive City Games and self-guided tours. Fun, flexible, and ideal for groups and team building."}]}},"taxonomy_info":{"cities-only-parent-location":[{"value":471,"label":"Australia"}],"cg_page_type":[{"value":45,"label":"City overview page"}]},"featured_image_src_large":["https:\/\/citygame.com\/wp-content\/blogs.dir\/1\/files\/2026\/02\/cairns-esplanade-waterfront-at-sunset.jpg",1024,1024,false],"author_info":{"display_name":"Philip","author_link":"https:\/\/citygame.com\/de\/blog\/author\/sophi2\/"},"comment_info":0,"wpml_current_locale":"de_DE","wpml_translations":{"nl_NL":{"locale":"nl_NL","id":225983,"slug":"city-game-cairns-2","post_title":"City Game Cairns","href":"https:\/\/citygame.com\/nl\/locaties\/city-game-australie\/city-game-cairns-2\/"},"en_US":{"locale":"en_US","id":15185,"slug":"city-game-cairns","post_title":"City Game Cairns","href":"https:\/\/citygame.com\/locations\/australia\/city-game-cairns\/"},"fr_FR":{"locale":"fr_FR","translation":false},"de_DE":{"locale":"de_DE","translation":"current"},"it_IT":{"locale":"it_IT","translation":false},"es_ES":{"locale":"es_ES","translation":false}},"_links":{"self":[{"href":"https:\/\/citygame.com\/de\/wp-json\/wp\/v2\/pages\/225988","targetHints":{"allow":["GET"]}}],"collection":[{"href":"https:\/\/citygame.com\/de\/wp-json\/wp\/v2\/pages"}],"about":[{"href":"https:\/\/citygame.com\/de\/wp-json\/wp\/v2\/types\/page"}],"author":[{"embeddable":true,"href":"https:\/\/citygame.com\/de\/wp-json\/wp\/v2\/users\/78"}],"replies":[{"embeddable":true,"href":"https:\/\/citygame.com\/de\/wp-json\/wp\/v2\/comments?post=225988"}],"version-history":[{"count":0,"href":"https:\/\/citygame.com\/de\/wp-json\/wp\/v2\/pages\/225988\/revisions"}],"up":[{"embeddable":true,"href":"https:\/\/citygame.com\/de\/wp-json\/wp\/v2\/pages\/225716"}],"acf:term":[{"embeddable":true,"taxonomy":"cities-only-parent-location","href":"https:\/\/citygame.com\/de\/wp-json\/wp\/v2\/cities-only-parent-location\/471"},{"embeddable":true,"taxonomy":"location","href":"https:\/\/citygame.com\/de\/wp-json\/wp\/v2\/location\/112"}],"wp:featuredmedia":[{"embeddable":true,"href":"https:\/\/citygame.com\/de\/wp-json\/wp\/v2\/media\/15183"}],"wp:attachment":[{"href":"https:\/\/citygame.com\/de\/wp-json\/wp\/v2\/media?parent=225988"}],"wp:term":[{"taxonomy":"cities-only-parent-location","embeddable":true,"href":"https:\/\/citygame.com\/de\/wp-json\/wp\/v2\/cities-only-parent-location?post=225988"},{"taxonomy":"countries-only-parent-locations","embeddable":true,"href":"https:\/\/citygame.com\/de\/wp-json\/wp\/v2\/countries-only-parent-locations?post=225988"},{"taxonomy":"seo_keyword","embeddable":true,"href":"https:\/\/citygame.com\/de\/wp-json\/wp\/v2\/seo_keyword?post=225988"},{"taxonomy":"cg_page_type","embeddable":true,"href":"https:\/\/citygame.com\/de\/wp-json\/wp\/v2\/cg_page_type?post=225988"}],"curies":[{"name":"wp","href":"https:\/\/api.w.org\/{rel}","templated":true}]}}