{"id":226081,"date":"2026-02-16T09:06:05","date_gmt":"2026-02-16T09:06:05","guid":{"rendered":"https:\/\/citygame.com\/locations\/germany\/city-game-kiel-2\/"},"modified":"2026-04-22T12:53:44","modified_gmt":"2026-04-22T12:53:44","slug":"city-game-kiel-2","status":"publish","type":"page","link":"https:\/\/citygame.com\/de\/standorte\/city-game-deutschland\/city-game-kiel-2\/","title":{"rendered":"City Game Kiel"},"content":{"rendered":"","protected":false},"excerpt":{"rendered":"","protected":false},"author":78,"featured_media":16317,"parent":225790,"menu_order":0,"comment_status":"closed","ping_status":"closed","template":"","meta":{"_acf_changed":false,"_yoast_wpseo_focuskw":"City Game Kiel","_yoast_wpseo_metadesc":"","_kad_blocks_custom_css":"","_kad_blocks_head_custom_js":"","_kad_blocks_body_custom_js":"","_kad_blocks_footer_custom_js":"","_kad_post_transparent":"","_kad_post_title":"","_kad_post_layout":"","_kad_post_sidebar_id":"","_kad_post_content_style":"","_kad_post_vertical_padding":"","_kad_post_feature":"","_kad_post_feature_position":"","_kad_post_header":false,"_kad_post_footer":false,"_kad_post_classname":"","footnotes":""},"cities-only-parent-location":[468],"countries-only-parent-locations":[],"seo_keyword":[],"cg_page_type":[45],"class_list":["post-226081","page","type-page","status-publish","has-post-thumbnail","hentry","cities-only-parent-location-germany","cg_page_type-city-overview-page"],"acf":{"city_name":"Kiel","select_city":223,"section_1_h2_city_games_in_city":"City Games in Kiel","intro_text":"City Games sind in Kiel erh\u00e4ltlich und bieten eine interaktive M\u00f6glichkeit, die Stadt durch L\u00f6sen von R\u00e4tseln und Herausforderungen zu erkunden. Diese selbstgesteuerten Spiele werden auf einem Smartphone gespielt, sodass du die Stadt in deinem eigenen Tempo navigieren kannst. Das Erlebnis verbindet Outdoor-Entdeckung mit fesselnden Aufgaben, die eigenst\u00e4ndig abgeschlossen werden k\u00f6nnen.","section_1_usp_1":"Starten, Pausieren & Fortsetzen, wann immer du m\u00f6chtest","section_1_usp_2":"Unabh\u00e4ngig spielen","section_1_usp_3":"1\u20134 oder 2\u20135 Personen pro Smartphone, je nach Spiel","section_1_usp_4":"1,5\u20132 Stunden Spielzeit","section_1_usp_5":"3\u20134 km Fu\u00dfweg","section_1_usp_6":"Internetverbindung erforderlich","section_1_text_2":"W\u00e4hle dein City Game und fang noch heute an zu spielen!","section_1_cta":"Alle City Games anzeigen","intro_image":16318,"section_2_h2_all_city_games_in_city":"Alle City Games in Kiel","section_3_h2_how_city_games_work_in_city":"Wie City Games in Kiel funktionieren","section_3_text":"City Games in Kiel sind vollst\u00e4ndig selbst gef\u00fchrte Erlebnisse, die dir erm\u00f6glichen, die Stadt in deinem eigenen Tempo zu erkunden. Mit deinem eigenen Smartphone gehst du durch das Stadtzentrum, w\u00e4hrend du R\u00e4tsel l\u00f6st, Aufgaben bew\u00e4ltigst und der Handlung deines gew\u00e4hlten City Game folgst.\r\n\r\nDu entscheidest, wann du startest, wo du Pausen machst und wie schnell du spielst. Eine F\u00fchrung, ein Zeitplan oder eine Reservierung sind nicht erforderlich.","section_3_usp_1":"Spiele im Team mit Freunden, Familie oder Kollegen","section_3_usp_2":"Starte, wann immer du m\u00f6chtest \u2013 keine F\u00fchrung oder Personal erforderlich","section_3_usp_3":"Verwende dein eigenes Smartphone oder Tablet","section_3_usp_4":"Spaziere durch die Stadt, w\u00e4hrend du R\u00e4tsel und Aufgaben l\u00f6st","section_3_usp_5":"Lerne interessante Fakten \u00fcber Geschichte, Kultur und Sehensw\u00fcrdigkeiten","section_3_usp_6":"In mehreren Sprachen verf\u00fcgbar","section_3_cta":"Choose your City Game","section_3_step_1":"Step 1","section_3_step_1_title":"Book your City Game","section_3_step_1_text":"W\u00e4hle deine Stadt und dein City Game und erhalte alles sofort nach der Buchung.","section_3_step_2":"Step 2","section_3_step_2_title":"Check your instructions","section_3_step_2_text":"\u00d6ffne deine Best\u00e4tigungs-E-Mail mit deinem Startpunkt und wie du mit dem Spiel beginnen kannst.","section_3_step_3":"Step 3","section_3_step_3_title":"Go to the starting location","section_3_step_3_text":"Gehe zum Startpunkt, wann immer du willst \u2013 kein festgelegter Zeitpunkt.","section_3_step_4":"Step 4","section_3_step_4_title":"Start playing","section_3_step_4_text":"Folge den Hinweisen, l\u00f6se R\u00e4tsel und erkunde die Stadt in deinem eigenen Tempo!","how_city_games_work_image":16319,"section_4_h2_who_are_city_games_in_city_for":"F\u00fcr wen sind City Games in Kiel gedacht?","section_4_text":"City Games in Kiel sind f\u00fcr jeden konzipiert, der die Stadt auf interaktive und flexible Weise erleben m\u00f6chte. Egal, ob du Kiel zum ersten Mal besuchst oder die Stadt bereits gut kennst, bieten City Games eine unterhaltsame Aktivit\u00e4t, die sich einfach in deinen Tag integrieren l\u00e4sst.","section_4_text_2":"City Games in Kiel eignen sich f\u00fcr:","section_4_usp_1":"Einzelspieler oder kleine Gruppen, die nach einem flexiblen Abenteuer suchen","section_4_usp_2":"Touristen, die Kiel erkunden","section_4_usp_3":"Freunde und Familien, die nach einer unterhaltsamen Aktivit\u00e4t suchen","section_4_usp_4":"Unternehmen und Teams, die eine Teambuilding-Veranstaltung planen","section_4_usp_5":"Einwohner, die ihre eigene Stadt neu entdecken m\u00f6chten","section_4_cta":"Choose your City Game","who_are_city_games_for_image":16320,"section_5_h2_exploring_city":"Kiel erkunden","exploring_city_text":"Kiel zeigt an jeder Ecke seinen maritimen Charakter, verankert durch den prominenten Hafen und die weite Ausdehnung des Kieler Fjords. Wenn du am Wasser entlanggehst, bewegst du dich zwischen arbeitenden H\u00e4fen und ruhigen Promenaden, mit Blicken auf F\u00e4hrschiffe, Segelboote und Marineeinheiten, die die tiefe Verbundenheit der Stadt zum Meer unterstreichen. Die Mischung aus industrieller Funktion und k\u00fcstennaher Gelassenheit verleiht Kiel einen Rhythmus, der von Gezeiten und Schiffen gepr\u00e4gt ist.\r\n\r\nIm Stadtzentrum bietet die Holstenstra\u00dfe eine der \u00e4ltesten Fu\u00dfg\u00e4ngerzonen Deutschlands, die moderne Gesch\u00e4fte mit Wahrzeichen wie der historischen Nikolaikirche verbindet. Gleich dahinter verleiht der maritime Stadtteil Wik mit seinen baumges\u00e4umten Stra\u00dfen und Blicken auf die Marineschule eine ruhigere, fast introspektive Note. Kiel zu erkunden bedeutet, zwischen offenen Wasserperspektiven und kompakten urbanen Ecken zu wechseln, in denen die Seefahrtsidentit\u00e4t der Stadt weiterhin den Alltag beeinflusst.","exploring_city_image":16321,"section_6_h2_hosted_game":"Deine Lieblings-City Games, professionell von unserem Team betreut","section_6_text":"Genie\u00dfe dieselben City Games wie in unserer selbstgef\u00fchrten Version, jedoch mit vollst\u00e4ndiger Vor-Ort-Unterst\u00fctzung durch unsere professionellen Hosts. Wir k\u00fcmmern uns um das Briefing, Tablets, Koordination und technischen Support, damit deine Gruppe sich vollst\u00e4ndig auf Spa\u00df und Wettbewerb konzentrieren kann.","section_6_text_2":"Was ist enthalten:","section_6_usp_1_title":"Gleiches City Game, vollst\u00e4ndig betreut","section_6_usp_1_text":"Du spielst die exakt gleiche Erfahrung wie in unserer selbstgef\u00fchrten Version \u2013 jetzt mit unseren Hosts, die deine Gruppe f\u00fchren.","section_6_usp_2_title":"Live-Ranking & Preisverleihung","section_6_usp_2_text":"F\u00fcr gr\u00f6\u00dfere Gruppen geben unsere Moderatoren die Endergebnisse bekannt und verk\u00fcnden das siegreiche Team mit einem unterhaltsamen Preis-Moment.","section_6_usp_3_title":"Beginn & Abschluss betreut","section_6_usp_3_text":"Wir hei\u00dfen deine Gruppe willkommen, erkl\u00e4ren das Spiel deutlich und enden mit einem spannenden Abschluss.","section_6_usp_4_title":"Unterst\u00fctzung in Echtzeit w\u00e4hrend des Spiels","section_6_usp_4_text":"Unser Team unterst\u00fctzt dich w\u00e4hrend des gesamten Erlebnisses bei Ger\u00e4ten, App-Problemen und Koordination.","section_6_usp_5_title":"Tablets inklusive (optional)","section_6_usp_5_text":"Verf\u00fcgbar f\u00fcr Gruppen, die unsere Ger\u00e4te statt eigener bevorzugen.","section_6_text_3":"Weltweit von Teams vertraut, von kleinen Gruppen bis hin zu gro\u00dfen Firmenveranstaltungen.","section_6_cta":"Plane deine Gruppenveranstaltung","section_7_h2_reviews":"Was andere von unseren City Games halten","section_7_cta_1":"Alle Bewertungen","section_7_cta_2":"Eine Bewertung schreiben","section_8_h2_faq":"Hast du Fragen? Wir haben Antworten!","section_8_text":"Schau dir unsere h\u00e4ufig gestellten Fragen an und finde heraus, was du wissen m\u00f6chtest. Ist deine Frage nicht dabei? Z\u00f6gere nicht, uns zu kontaktieren.","section_8_cta_1":"Alle FAQs anzeigen","section_8_cta_2":"Unterst\u00fctzung erhalten","section_8_question_1":"Was sind City Games in Kiel?","section_8_answer_1":"City Games in Kiel sind <strong>interaktive, selbstgesteuerte Erlebnisse<\/strong>, die dir erm\u00f6glichen, die Stadt zu erkunden, w\u00e4hrend du ein Spiel spielst!\r\n\r\nMit deinem Smartphone l\u00f6st du R\u00e4tsel, bew\u00e4ltigst Herausforderungen und folgst der Handlung deines gew\u00e4hlten City Game, w\u00e4hrend du durch die Stadt gehst.\r\n\r\nCity Games verbinden Teamarbeit, Probleml\u00f6sung und Outdoor-Erkundung und sind eine unterhaltsame Aktivit\u00e4t f\u00fcr Besucher, Einheimische und Gruppen alike.","section_8_question_2":"Brauchst du eine F\u00fchrung, um ein City Game in Kiel zu spielen?","section_8_answer_2":"<p class=\"kt-adv-heading2034_2420ea-ca wp-block-kadence-advancedheading\" data-kb-block=\"kb-adv-heading2034_2420ea-ca\">Nein, City Games in Kiel sind <strong>vollst\u00e4ndig selbstgef\u00fchrt<\/strong>. Du brauchst keine F\u00fchrung, keinen Gastgeber oder vor Ort angestaffte Person, um zu spielen. Alle Anweisungen und das Gameplay werden digital bereitgestellt, sodass du mit deinem eigenen Smartphone unabh\u00e4ngig starten und spielen kannst.<\/p>\r\nDiese Flexibilit\u00e4t macht City Games leicht in deinen eigenen Zeitplan integrierbar.\r\n<p class=\"kt-adv-heading2034_cd3db2-33 wp-block-kadence-advancedheading hls-none\" data-kb-block=\"kb-adv-heading2034_cd3db2-33\">F\u00fcr gr\u00f6\u00dfere Gruppen oder Firmenevents ist auch eine vollst\u00e4ndig betreute Version unserer City Games verf\u00fcgbar, einschlie\u00dflich Vor-Ort-Anleitung, Tablets und Live-Support.<\/p>\r\nPlanst du eine gr\u00f6\u00dfere Gruppe oder ein Firmenevent?","section_8_answer_2_cta":"Erkunde die betreute City Game-Erfahrung f\u00fcr Gruppen","section_8_question_3":"Wann k\u00f6nnen wir in Kiel mit einem City Game beginnen?","section_8_answer_3":"Du kannst <strong>dann beginnen, wann es dir passt<\/strong>! City Games in Kiel haben keine festen Startzeiten, daher kannst du jederzeit beginnen, der zu deinen Pl\u00e4nen passt.\r\n\r\nNach der Buchung erh\u00e4ltst du klare Anweisungen, die erkl\u00e4ren, wie und wann du dein City Game starten kannst!","section_8_question_4":"Wie lange dauert ein City Game in Kiel?","section_8_answer_4":"Die City Games in Kiel dauern ca. <strong>1,5 bis 2 Stunden<\/strong>, um abgeschlossen zu werden! Die genaue Dauer h\u00e4ngt von deinem Tempo, der Anzahl der Pausen und davon ab, wie schnell du die R\u00e4tsel und Aufgaben l\u00f6st.\r\n\r\nDu kannst in deinem eigenen Tempo spielen und das Spiel jederzeit pausen.","section_8_question_5":"K\u00f6nnen wir ein City Game in Kiel mit einer gro\u00dfen Gruppe spielen?","section_8_answer_5":"<p class=\"kt-adv-heading2034_97743b-76 wp-block-kadence-advancedheading\" data-kb-block=\"kb-adv-heading2034_97743b-76\">Ja, City Games eignen sich f\u00fcr <strong>beides: kleine Gruppen und gr\u00f6\u00dfere Teams<\/strong>. Gro\u00dfe Gruppen k\u00f6nnen sich problemlos in kleinere Teams aufteilen und das City Game gleichzeitig spielen, wobei mehrere Smartphones verwendet werden. Jedes Team spielt eigenst\u00e4ndig und folgt dem gleichen Spielkonzept und der gleichen Handlung.<\/p>\r\nDiese Aufteilung eignet sich gut f\u00fcr Freundesgruppen, Familien und Unternehmen und macht City Games zu einer beliebten Wahl f\u00fcr Teamausfl\u00fcge, Events und Teambuilding-Aktivit\u00e4ten.\r\n<p class=\"kt-adv-heading2034_7442e3-e3 wp-block-kadence-advancedheading hls-none\" data-kb-block=\"kb-adv-heading2034_7442e3-e3\">F\u00fcr gr\u00f6\u00dfere Gruppen oder Firmenevents ist auch eine vollst\u00e4ndig betreute Version unserer City Games verf\u00fcgbar, einschlie\u00dflich Vor-Ort-Anleitung, Tablets und Live-Support.<\/p>\r\nPlanst du eine gr\u00f6\u00dfere Gruppe oder ein Firmenevent?","section_8_answer_5_cta":"Erkunde die betreute City Game-Erfahrung f\u00fcr Gruppen","section_8_question_6":"Sind City Games in Kiel geeignet f\u00fcr Touristen und Einheimische?","section_8_answer_6":"Ja, City Games in Kiel eignen sich sowohl f\u00fcr <strong>Touristen als auch Einheimische<\/strong>. Besucher k\u00f6nnen die Stadt auf interaktive Weise erleben, w\u00e4hrend Einheimische vertraute Stra\u00dfen als Schauplatz f\u00fcr ein City Game genie\u00dfen k\u00f6nnen.\r\n\r\nDa jedes City Game den Spielverlauf und die Erz\u00e4hlung in den Mittelpunkt stellt, wirkt das Erlebnis frisch, egal wie gut du die Stadt bereits kennst.","section_8_question_7":"Sind City Games in Kiel in mehreren Sprachen verf\u00fcgbar?","section_8_answer_7":"Ja, City Games in Kiel sind <strong>in mehreren Sprachen verf\u00fcgbar<\/strong>. Du kannst vor oder w\u00e4hrend des Spiels deine bevorzugte Sprache ausw\u00e4hlen, wodurch City Games f\u00fcr internationale Besucher und Gruppen mit gemischten Sprachen zug\u00e4nglich sind.","section_8_question_8":"Was brauchen wir, um ein City Game in Kiel zu spielen?","section_8_answer_8":"Um ein City Game in Kiel zu spielen, ben\u00f6tigst du:","section_8_answer_8_usp_1":"Ein Smartphone mit Internetverbindung","section_8_answer_8_usp_2":"Eine vollst\u00e4ndig geladene Batterie","section_8_answer_8_usp_3":"Bequeme Schuhe zum Gehen","section_8_answer_8_2":"Alle Spielinhalte und Anweisungen werden nach der Buchung digital bereitgestellt.","section_9_h2_instagram":"Mehr auf Instagram","section_9_text":"Reiseinspiration, R\u00e4tsel, versteckte Juwelen und City Game-Momente \u2013 direkt aus unserer Community","section_9_cta":"Folge uns auf Instagram","section_10_h2_page_ending":"Bereit f\u00fcr ein unvergessliches Abenteuer in Kiel?","section_10_text":"Erkunde Kiel auf einzigartige und interaktive Weise mit unseren City Games. Spiele noch heute und schaffe bleibende Erinnerungen!","section_10_cta":"Buche jetzt dein City Game","latitude":57.04791888,"longitude":9.9188505857056,"country":468,"map_enabled":true},"yoast_head":"<!-- This site is optimized with the Yoast SEO Premium plugin v26.2 (Yoast SEO v27.4) - https:\/\/yoast.com\/product\/yoast-seo-premium-wordpress\/ -->\n<title>City Game Kiel - City Game<\/title>\n<meta name=\"robots\" content=\"index, follow, max-snippet:-1, max-image-preview:large, max-video-preview:-1\" \/>\n<link rel=\"canonical\" href=\"https:\/\/citygame.com\/de\/standorte\/city-game-deutschland\/city-game-kiel-2\/\" \/>\n<meta property=\"og:locale\" content=\"de_DE\" \/>\n<meta property=\"og:type\" content=\"article\" \/>\n<meta property=\"og:title\" content=\"City Game Kiel\" \/>\n<meta property=\"og:url\" content=\"https:\/\/citygame.com\/de\/standorte\/city-game-deutschland\/city-game-kiel-2\/\" \/>\n<meta property=\"og:site_name\" content=\"City Game\" \/>\n<meta property=\"article:publisher\" content=\"https:\/\/www.facebook.com\/profile.php?id=100086426226253\" \/>\n<meta property=\"article:modified_time\" content=\"2026-04-22T12:53:44+00:00\" \/>\n<meta property=\"og:image\" content=\"https:\/\/citygame.com\/wp-content\/blogs.dir\/1\/files\/2026\/03\/kiel-harbor-view-over-rooftops.jpeg\" \/>\n\t<meta property=\"og:image:width\" content=\"1080\" \/>\n\t<meta property=\"og:image:height\" content=\"1920\" \/>\n\t<meta property=\"og:image:type\" content=\"image\/jpeg\" \/>\n<meta name=\"twitter:card\" content=\"summary_large_image\" \/>\n<script type=\"application\/ld+json\" class=\"yoast-schema-graph\">{\"@context\":\"https:\\\/\\\/schema.org\",\"@graph\":[{\"@type\":\"WebPage\",\"@id\":\"https:\\\/\\\/citygame.com\\\/de\\\/standorte\\\/city-game-deutschland\\\/city-game-kiel-2\\\/\",\"url\":\"https:\\\/\\\/citygame.com\\\/de\\\/standorte\\\/city-game-deutschland\\\/city-game-kiel-2\\\/\",\"name\":\"City Game Kiel - City Game\",\"isPartOf\":{\"@id\":\"https:\\\/\\\/citygame.com\\\/de\\\/#website\"},\"primaryImageOfPage\":{\"@id\":\"https:\\\/\\\/citygame.com\\\/de\\\/standorte\\\/city-game-deutschland\\\/city-game-kiel-2\\\/#primaryimage\"},\"image\":{\"@id\":\"https:\\\/\\\/citygame.com\\\/de\\\/standorte\\\/city-game-deutschland\\\/city-game-kiel-2\\\/#primaryimage\"},\"thumbnailUrl\":\"https:\\\/\\\/citygame.com\\\/wp-content\\\/blogs.dir\\\/1\\\/files\\\/2026\\\/03\\\/kiel-harbor-view-over-rooftops.jpeg\",\"datePublished\":\"2026-02-16T09:06:05+00:00\",\"dateModified\":\"2026-04-22T12:53:44+00:00\",\"breadcrumb\":{\"@id\":\"https:\\\/\\\/citygame.com\\\/de\\\/standorte\\\/city-game-deutschland\\\/city-game-kiel-2\\\/#breadcrumb\"},\"inLanguage\":\"de\",\"potentialAction\":[{\"@type\":\"ReadAction\",\"target\":[\"https:\\\/\\\/citygame.com\\\/de\\\/standorte\\\/city-game-deutschland\\\/city-game-kiel-2\\\/\"]}]},{\"@type\":\"ImageObject\",\"inLanguage\":\"de\",\"@id\":\"https:\\\/\\\/citygame.com\\\/de\\\/standorte\\\/city-game-deutschland\\\/city-game-kiel-2\\\/#primaryimage\",\"url\":\"https:\\\/\\\/citygame.com\\\/wp-content\\\/blogs.dir\\\/1\\\/files\\\/2026\\\/03\\\/kiel-harbor-view-over-rooftops.jpeg\",\"contentUrl\":\"https:\\\/\\\/citygame.com\\\/wp-content\\\/blogs.dir\\\/1\\\/files\\\/2026\\\/03\\\/kiel-harbor-view-over-rooftops.jpeg\",\"width\":1080,\"height\":1920,\"caption\":\"A high-angle view of Kiel's historic rooftops, the harbor, and the Kieler F\u00f6rde on a cloudy day.\"},{\"@type\":\"BreadcrumbList\",\"@id\":\"https:\\\/\\\/citygame.com\\\/de\\\/standorte\\\/city-game-deutschland\\\/city-game-kiel-2\\\/#breadcrumb\",\"itemListElement\":[{\"@type\":\"ListItem\",\"position\":1,\"name\":\"Home\",\"item\":\"https:\\\/\\\/citygame.com\\\/de\\\/\"},{\"@type\":\"ListItem\",\"position\":2,\"name\":\"Standorte\",\"item\":\"https:\\\/\\\/citygame.com\\\/de\\\/standorte\\\/\"},{\"@type\":\"ListItem\",\"position\":3,\"name\":\"City Game Deutschland\",\"item\":\"https:\\\/\\\/citygame.com\\\/de\\\/standorte\\\/city-game-deutschland\\\/\"},{\"@type\":\"ListItem\",\"position\":4,\"name\":\"City Game Kiel\"}]},{\"@type\":\"WebSite\",\"@id\":\"https:\\\/\\\/citygame.com\\\/de\\\/#website\",\"url\":\"https:\\\/\\\/citygame.com\\\/de\\\/\",\"name\":\"City Game\",\"description\":\"\",\"publisher\":{\"@id\":\"https:\\\/\\\/citygame.com\\\/de\\\/#organization\"},\"alternateName\":\"citygame.com\",\"potentialAction\":[{\"@type\":\"SearchAction\",\"target\":{\"@type\":\"EntryPoint\",\"urlTemplate\":\"https:\\\/\\\/citygame.com\\\/de\\\/?s={search_term_string}\"},\"query-input\":{\"@type\":\"PropertyValueSpecification\",\"valueRequired\":true,\"valueName\":\"search_term_string\"}}],\"inLanguage\":\"de\"},{\"@type\":\"Organization\",\"@id\":\"https:\\\/\\\/citygame.com\\\/de\\\/#organization\",\"name\":\"City Game\",\"alternateName\":\"citygame.com\",\"url\":\"https:\\\/\\\/citygame.com\\\/de\\\/\",\"logo\":{\"@type\":\"ImageObject\",\"inLanguage\":\"de\",\"@id\":\"https:\\\/\\\/citygame.com\\\/de\\\/#\\\/schema\\\/logo\\\/image\\\/\",\"url\":\"https:\\\/\\\/citygame.com\\\/wp-content\\\/blogs.dir\\\/1\\\/files\\\/2025\\\/10\\\/CG_LOGO-City-Game.png\",\"contentUrl\":\"https:\\\/\\\/citygame.com\\\/wp-content\\\/blogs.dir\\\/1\\\/files\\\/2025\\\/10\\\/CG_LOGO-City-Game.png\",\"width\":351,\"height\":377,\"caption\":\"City Game\"},\"image\":{\"@id\":\"https:\\\/\\\/citygame.com\\\/de\\\/#\\\/schema\\\/logo\\\/image\\\/\"},\"sameAs\":[\"https:\\\/\\\/www.facebook.com\\\/profile.php?id=100086426226253\",\"https:\\\/\\\/www.instagram.com\\\/citygame_com\",\"https:\\\/\\\/www.tiktok.com\\\/@citygamecom\\\/\",\"https:\\\/\\\/www.linkedin.com\\\/company\\\/citygame-com\"],\"description\":\"Turn any city into a playground with our interactive City Games and self-guided tours. Fun, flexible, and ideal for groups and team building.\"}]}<\/script>\n<!-- \/ Yoast SEO Premium plugin. -->","yoast_head_json":{"title":"City Game Kiel - City Game","robots":{"index":"index","follow":"follow","max-snippet":"max-snippet:-1","max-image-preview":"max-image-preview:large","max-video-preview":"max-video-preview:-1"},"canonical":"https:\/\/citygame.com\/de\/standorte\/city-game-deutschland\/city-game-kiel-2\/","og_locale":"de_DE","og_type":"article","og_title":"City Game Kiel","og_url":"https:\/\/citygame.com\/de\/standorte\/city-game-deutschland\/city-game-kiel-2\/","og_site_name":"City Game","article_publisher":"https:\/\/www.facebook.com\/profile.php?id=100086426226253","article_modified_time":"2026-04-22T12:53:44+00:00","og_image":[{"width":1080,"height":1920,"url":"https:\/\/citygame.com\/wp-content\/blogs.dir\/1\/files\/2026\/03\/kiel-harbor-view-over-rooftops.jpeg","type":"image\/jpeg"}],"twitter_card":"summary_large_image","schema":{"@context":"https:\/\/schema.org","@graph":[{"@type":"WebPage","@id":"https:\/\/citygame.com\/de\/standorte\/city-game-deutschland\/city-game-kiel-2\/","url":"https:\/\/citygame.com\/de\/standorte\/city-game-deutschland\/city-game-kiel-2\/","name":"City Game Kiel - City Game","isPartOf":{"@id":"https:\/\/citygame.com\/de\/#website"},"primaryImageOfPage":{"@id":"https:\/\/citygame.com\/de\/standorte\/city-game-deutschland\/city-game-kiel-2\/#primaryimage"},"image":{"@id":"https:\/\/citygame.com\/de\/standorte\/city-game-deutschland\/city-game-kiel-2\/#primaryimage"},"thumbnailUrl":"https:\/\/citygame.com\/wp-content\/blogs.dir\/1\/files\/2026\/03\/kiel-harbor-view-over-rooftops.jpeg","datePublished":"2026-02-16T09:06:05+00:00","dateModified":"2026-04-22T12:53:44+00:00","breadcrumb":{"@id":"https:\/\/citygame.com\/de\/standorte\/city-game-deutschland\/city-game-kiel-2\/#breadcrumb"},"inLanguage":"de","potentialAction":[{"@type":"ReadAction","target":["https:\/\/citygame.com\/de\/standorte\/city-game-deutschland\/city-game-kiel-2\/"]}]},{"@type":"ImageObject","inLanguage":"de","@id":"https:\/\/citygame.com\/de\/standorte\/city-game-deutschland\/city-game-kiel-2\/#primaryimage","url":"https:\/\/citygame.com\/wp-content\/blogs.dir\/1\/files\/2026\/03\/kiel-harbor-view-over-rooftops.jpeg","contentUrl":"https:\/\/citygame.com\/wp-content\/blogs.dir\/1\/files\/2026\/03\/kiel-harbor-view-over-rooftops.jpeg","width":1080,"height":1920,"caption":"A high-angle view of Kiel's historic rooftops, the harbor, and the Kieler F\u00f6rde on a cloudy day."},{"@type":"BreadcrumbList","@id":"https:\/\/citygame.com\/de\/standorte\/city-game-deutschland\/city-game-kiel-2\/#breadcrumb","itemListElement":[{"@type":"ListItem","position":1,"name":"Home","item":"https:\/\/citygame.com\/de\/"},{"@type":"ListItem","position":2,"name":"Standorte","item":"https:\/\/citygame.com\/de\/standorte\/"},{"@type":"ListItem","position":3,"name":"City Game Deutschland","item":"https:\/\/citygame.com\/de\/standorte\/city-game-deutschland\/"},{"@type":"ListItem","position":4,"name":"City Game Kiel"}]},{"@type":"WebSite","@id":"https:\/\/citygame.com\/de\/#website","url":"https:\/\/citygame.com\/de\/","name":"City Game","description":"","publisher":{"@id":"https:\/\/citygame.com\/de\/#organization"},"alternateName":"citygame.com","potentialAction":[{"@type":"SearchAction","target":{"@type":"EntryPoint","urlTemplate":"https:\/\/citygame.com\/de\/?s={search_term_string}"},"query-input":{"@type":"PropertyValueSpecification","valueRequired":true,"valueName":"search_term_string"}}],"inLanguage":"de"},{"@type":"Organization","@id":"https:\/\/citygame.com\/de\/#organization","name":"City Game","alternateName":"citygame.com","url":"https:\/\/citygame.com\/de\/","logo":{"@type":"ImageObject","inLanguage":"de","@id":"https:\/\/citygame.com\/de\/#\/schema\/logo\/image\/","url":"https:\/\/citygame.com\/wp-content\/blogs.dir\/1\/files\/2025\/10\/CG_LOGO-City-Game.png","contentUrl":"https:\/\/citygame.com\/wp-content\/blogs.dir\/1\/files\/2025\/10\/CG_LOGO-City-Game.png","width":351,"height":377,"caption":"City Game"},"image":{"@id":"https:\/\/citygame.com\/de\/#\/schema\/logo\/image\/"},"sameAs":["https:\/\/www.facebook.com\/profile.php?id=100086426226253","https:\/\/www.instagram.com\/citygame_com","https:\/\/www.tiktok.com\/@citygamecom\/","https:\/\/www.linkedin.com\/company\/citygame-com"],"description":"Turn any city into a playground with our interactive City Games and self-guided tours. Fun, flexible, and ideal for groups and team building."}]}},"taxonomy_info":{"cities-only-parent-location":[{"value":468,"label":"Germany"}],"cg_page_type":[{"value":45,"label":"City overview page"}]},"featured_image_src_large":["https:\/\/citygame.com\/wp-content\/blogs.dir\/1\/files\/2026\/03\/kiel-harbor-view-over-rooftops-576x1024.jpeg",576,1024,true],"author_info":{"display_name":"Philip","author_link":"https:\/\/citygame.com\/de\/blog\/author\/sophi2\/"},"comment_info":0,"wpml_current_locale":"de_DE","wpml_translations":{"nl_NL":{"locale":"nl_NL","id":226076,"slug":"city-game-kiel-2","post_title":"City Game Kiel","href":"https:\/\/citygame.com\/nl\/locaties\/city-game-duitsland\/city-game-kiel-2\/"},"en_US":{"locale":"en_US","id":14266,"slug":"city-game-kiel","post_title":"City Game Kiel","href":"https:\/\/citygame.com\/locations\/germany\/city-game-kiel\/"},"fr_FR":{"locale":"fr_FR","id":226092,"slug":"city-game-kiel-2","post_title":"City Game Kiel","href":"https:\/\/citygame.com\/fr\/emplacements\/city-game-germany\/city-game-kiel-2\/"},"de_DE":{"locale":"de_DE","translation":"current"},"it_IT":{"locale":"it_IT","translation":false},"es_ES":{"locale":"es_ES","id":226088,"slug":"city-game-kiel-2","post_title":"City Game Kiel","href":"https:\/\/citygame.com\/es\/localizaciones\/city-game-alemania\/city-game-kiel-2\/"}},"_links":{"self":[{"href":"https:\/\/citygame.com\/de\/wp-json\/wp\/v2\/pages\/226081","targetHints":{"allow":["GET"]}}],"collection":[{"href":"https:\/\/citygame.com\/de\/wp-json\/wp\/v2\/pages"}],"about":[{"href":"https:\/\/citygame.com\/de\/wp-json\/wp\/v2\/types\/page"}],"author":[{"embeddable":true,"href":"https:\/\/citygame.com\/de\/wp-json\/wp\/v2\/users\/78"}],"replies":[{"embeddable":true,"href":"https:\/\/citygame.com\/de\/wp-json\/wp\/v2\/comments?post=226081"}],"version-history":[{"count":0,"href":"https:\/\/citygame.com\/de\/wp-json\/wp\/v2\/pages\/226081\/revisions"}],"up":[{"embeddable":true,"href":"https:\/\/citygame.com\/de\/wp-json\/wp\/v2\/pages\/225790"}],"acf:term":[{"embeddable":true,"taxonomy":"cities-only-parent-location","href":"https:\/\/citygame.com\/de\/wp-json\/wp\/v2\/cities-only-parent-location\/468"},{"embeddable":true,"taxonomy":"location","href":"https:\/\/citygame.com\/de\/wp-json\/wp\/v2\/location\/223"}],"wp:featuredmedia":[{"embeddable":true,"href":"https:\/\/citygame.com\/de\/wp-json\/wp\/v2\/media\/16317"}],"wp:attachment":[{"href":"https:\/\/citygame.com\/de\/wp-json\/wp\/v2\/media?parent=226081"}],"wp:term":[{"taxonomy":"cities-only-parent-location","embeddable":true,"href":"https:\/\/citygame.com\/de\/wp-json\/wp\/v2\/cities-only-parent-location?post=226081"},{"taxonomy":"countries-only-parent-locations","embeddable":true,"href":"https:\/\/citygame.com\/de\/wp-json\/wp\/v2\/countries-only-parent-locations?post=226081"},{"taxonomy":"seo_keyword","embeddable":true,"href":"https:\/\/citygame.com\/de\/wp-json\/wp\/v2\/seo_keyword?post=226081"},{"taxonomy":"cg_page_type","embeddable":true,"href":"https:\/\/citygame.com\/de\/wp-json\/wp\/v2\/cg_page_type?post=226081"}],"curies":[{"name":"wp","href":"https:\/\/api.w.org\/{rel}","templated":true}]}}