{"id":226117,"date":"2026-04-22T13:08:11","date_gmt":"2026-04-22T13:08:11","guid":{"rendered":"https:\/\/citygame.com\/locations\/australia\/city-game-sydney-2\/"},"modified":"2026-04-22T13:08:11","modified_gmt":"2026-04-22T13:08:11","slug":"city-game-sydney-2","status":"publish","type":"page","link":"https:\/\/citygame.com\/de\/standorte\/city-game-australien\/city-game-sydney-2\/","title":{"rendered":"City Game Sydney"},"content":{"rendered":"","protected":false},"excerpt":{"rendered":"","protected":false},"author":78,"featured_media":16322,"parent":225716,"menu_order":0,"comment_status":"closed","ping_status":"closed","template":"","meta":{"_acf_changed":false,"_yoast_wpseo_focuskw":"City Game Sydney","_yoast_wpseo_metadesc":"","_kad_blocks_custom_css":"","_kad_blocks_head_custom_js":"","_kad_blocks_body_custom_js":"","_kad_blocks_footer_custom_js":"","_kad_post_transparent":"","_kad_post_title":"","_kad_post_layout":"","_kad_post_sidebar_id":"","_kad_post_content_style":"","_kad_post_vertical_padding":"","_kad_post_feature":"","_kad_post_feature_position":"","_kad_post_header":false,"_kad_post_footer":false,"_kad_post_classname":"","footnotes":""},"cities-only-parent-location":[471],"countries-only-parent-locations":[],"seo_keyword":[],"cg_page_type":[45],"class_list":["post-226117","page","type-page","status-publish","has-post-thumbnail","hentry","cities-only-parent-location-australia","cg_page_type-city-overview-page"],"acf":{"city_name":"Sydney","select_city":385,"section_1_h2_city_games_in_city":"City Games in Sydney","intro_text":"City Games sind in Sydney verf\u00fcgbar und bieten eine interaktive M\u00f6glichkeit, die Stadt durch selbstgesteuerte Spiele zu erkunden. Mit einem Smartphone l\u00f6sen Spieler R\u00e4tsel und bew\u00e4ltigen Herausforderungen, w\u00e4hrend sie sich in eigenem Tempo durch verschiedene Orte navigieren. Dieses Erlebnis verbindet Outdoor-Abenteuer mit digitalem Gameplay und erm\u00f6glicht dir eine neue, fesselnde Auseinandersetzung mit Sydney.","section_1_usp_1":"Starten, Pausieren & Fortsetzen, wann immer du willst","section_1_usp_2":"Unabh\u00e4ngig spielen","section_1_usp_3":"1\u20134 oder 2\u20135 Personen pro Smartphone, je nach Spiel","section_1_usp_4":"1,5\u20132 Stunden Spielzeit","section_1_usp_5":"Gehdistanz von 3\u20134 km","section_1_usp_6":"Internetverbindung erforderlich","section_1_text_2":"W\u00e4hle dein City Game und beginne noch heute zu spielen!","section_1_cta":"Alle City Games anzeigen","intro_image":16323,"section_2_h2_all_city_games_in_city":"Alle City Games in Sydney","section_3_h2_how_city_games_work_in_city":"Wie City Games in Sydney funktionieren","section_3_text":"City Games in Sydney sind vollst\u00e4ndig selbstgef\u00fchrte Erlebnisse, die dir erm\u00f6glichen, die Stadt in deinem eigenen Tempo zu erkunden. Wenn du dein eigenes Smartphone benutzt, gehst du durch das Stadtzentrum, l\u00f6st R\u00e4tsel, bew\u00e4ltigst Herausforderungen und folgst der Handlung deines gew\u00e4hlten City Game, w\u00e4hrend du durch die Stadt gehst.\r\n\r\nDu entscheidest, wann du startest, wo du Pausen machst und wie schnell du spielst. Kein Guide, kein Zeitplan und keine Reservierung sind erforderlich.","section_3_usp_1":"Spielt in Teams aus Freunden, Familie oder Kollegen","section_3_usp_2":"Starte, wann immer du willst \u2013 kein Guide oder Personal erforderlich","section_3_usp_3":"Verwende dein eigenes Smartphone oder Tablet","section_3_usp_4":"Spaziere durch die Stadt, w\u00e4hrend du R\u00e4tsel und Herausforderungen l\u00f6st","section_3_usp_5":"Lerne interessante Fakten \u00fcber Geschichte, Kultur und Wahrzeichen","section_3_usp_6":"In mehreren Sprachen verf\u00fcgbar","section_3_cta":"W\u00e4hle dein City Game","section_3_step_1":"Schritt 1","section_3_step_1_title":"Buche dein City Game","section_3_step_1_text":"W\u00e4hle deine Stadt und dein City Game aus und erhalte nach der Buchung sofort alles.","section_3_step_2":"Schritt 2","section_3_step_2_title":"\u00dcberpr\u00fcfe deine Anweisungen","section_3_step_2_text":"\u00d6ffne deine Best\u00e4tigungs-E-Mail mit deinem Startpunkt und wie du mit dem Spielen beginnst.","section_3_step_3":"Schritt 3","section_3_step_3_title":"Gehe zum Startort","section_3_step_3_text":"Gehe zum Startpunkt, wann immer du willst \u2013 kein festgelegter Zeitpunkt.","section_3_step_4":"Schritt 4","section_3_step_4_title":"Starte das Spiel","section_3_step_4_text":"Folge den Hinweisen, l\u00f6se R\u00e4tsel und erkunde die Stadt in deinem eigenen Tempo!","how_city_games_work_image":16324,"section_4_h2_who_are_city_games_in_city_for":"F\u00fcr wen sind City Games in Sydney geeignet?","section_4_text":"City Games in Sydney sind so konzipiert, dass sie jedem eine interaktive und flexible M\u00f6glichkeit bieten, die Stadt zu erleben. Ob du Sydney zum ersten Mal besuchst oder die Stadt bereits gut kennst, bieten City Games eine unterhaltsame Aktivit\u00e4t, die sich leicht in deinen Tag integrieren l\u00e4sst.","section_4_text_2":"City Games in Sydney eignen sich f\u00fcr:","section_4_usp_1":"Allein spielende oder kleine Gruppen, die nach einem flexiblen Abenteuer suchen","section_4_usp_2":"Touristen, die Sydney erkunden","section_4_usp_3":"Freunde und Familien, die eine unterhaltsame Aktivit\u00e4t suchen","section_4_usp_4":"Unternehmen und Teams, die eine Teambuilding-Veranstaltung planen","section_4_usp_5":"Einheimische, die ihre eigene Stadt neu entdecken m\u00f6chten","section_4_cta":"W\u00e4hle dein City Game","who_are_city_games_for_image":16325,"section_5_h2_exploring_city":"Sydney erkunden","exploring_city_text":"Sydney zu erkunden zeigt eine Stadt, die von ihrem nat\u00fcrlichen Hafen und der charakteristischen K\u00fcstengeografie geformt ist. Circular Quay liegt im Herzen der Bewegungen durch die Stadt, wo F\u00e4hren, Z\u00fcge und Fu\u00dfverkehr sich unter dem Profil der Sydney Harbour Bridge treffen. In der N\u00e4he kontrastiert das Viertel The Rocks die Skyline mit seinen gepflasterten Gassen und erhaltener Architektur aus dem 19. Jahrhundert und bietet eine gem\u00e4chlichere Pace im Rhythmus der Stadt.\n\nBeim Spazieren durch Sydney bedeutet es oft, zwischen Wasser und Land zu wechseln, von den weiten Blicken am Barangaroo Reserve bis zu den engen Stra\u00dfen von Surry Hills mit seinen Reihenvillen und unabh\u00e4ngigen Caf\u00e9s. Die Stadtstruktur zieht Menschen zu ihren R\u00e4ndern \u2013 Str\u00e4nde im Osten, Buschland im Norden \u2013 w\u00e4hrend ihr zentrales Viertel konstant bleibt und koloniale Geschichte sowie moderne Entwicklung in sich vereint.","exploring_city_image":16326,"section_6_h2_hosted_game":"Ihre Lieblings-City Games, professionell von unserem Team betreut","section_6_text":"Genie\u00dfe dieselben City Games wie in unserer selbstgef\u00fchrten Version, jedoch mit vollst\u00e4ndiger Vor-Ort-Unterst\u00fctzung durch unsere professionellen Hosts. Wir \u00fcbernehmen Briefing, Tablets, Koordination und technischen Support, damit deine Gruppe sich vollst\u00e4ndig auf Spa\u00df und Wettbewerb konzentrieren kann.","section_6_text_2":"Was ist enthalten:","section_6_usp_1_title":"Gleiches City Game, vollst\u00e4ndig betreut","section_6_usp_1_text":"Du spielst genau dasselbe Erlebnis wie in unserer selbstgef\u00fchrten Version, jetzt mit unseren Hosts, die deine Gruppe anleiten.","section_6_usp_2_title":"Live-Ranking & Preisverleihung","section_6_usp_2_text":"F\u00fcr gr\u00f6\u00dfere Gruppen geben unsere Hosts die Endergebnisse bekannt und verk\u00fcnden das siegreiche Team mit einem unterhaltsamen Preisverleihungsmoment.","section_6_usp_3_title":"Begleiteter Start & Abschluss","section_6_usp_3_text":"Wir hei\u00dfen deine Gruppe willkommen, erl\u00e4utern das Spiel klar und schlie\u00dfen mit einem spannenden Abschluss ab.","section_6_usp_4_title":"Support in Echtzeit w\u00e4hrend des Spiels","section_6_usp_4_text":"Unser Team unterst\u00fctzt dich w\u00e4hrend des gesamten Erlebnisses bei Ger\u00e4ten, App-Problemen und Koordination.","section_6_usp_5_title":"Tablets inklusive (optional)","section_6_usp_5_text":"Verf\u00fcgbar f\u00fcr Gruppen, die unsere Ger\u00e4te statt eigener bevorzugen.","section_6_text_3":"Weltweit von Teams gesch\u00e4tzt, von kleinen Gruppen bis zu gro\u00dfen Firmenveranstaltungen.","section_6_cta":"Plane deine Gruppenveranstaltung","section_7_h2_reviews":"Was andere von unseren City Games halten","section_7_cta_1":"Alle Bewertungen","section_7_cta_2":"Bewertung schreiben","section_8_h2_faq":"Hast du Fragen? Wir haben Antworten!","section_8_text":"Sieh dir unsere h\u00e4ufig gestellten Fragen an und erfahre alles, was du wissen m\u00f6chtest. Ist deine Frage nicht dabei? Z\u00f6gere nicht, uns zu kontaktieren.","section_8_cta_1":"Alle h\u00e4ufig gestellten Fragen anzeigen","section_8_cta_2":"Unterst\u00fctzung erhalten","section_8_question_1":"Was sind City Games in Sydney?","section_8_answer_1":"City Games in Sydney sind <strong>interaktive, selbstgef\u00fchrte Erlebnisse<\/strong>, die es dir erm\u00f6glichen, die Stadt zu erkunden, w\u00e4hrend du ein Spiel spielst!\r\n\r\nMit deinem Smartphone l\u00f6st du R\u00e4tsel, bew\u00e4ltigst Herausforderungen und folgst der Handlung deines gew\u00e4hlten City Game, w\u00e4hrend du durch die Stadt gehst.\r\n\r\nCity Games verbinden Teamarbeit, Probleml\u00f6sung und Outdoor-Erkundung und bieten sie eine spa\u00dfige Aktivit\u00e4t f\u00fcr Besucher, Einheimische und Gruppen gleicherma\u00dfen.","section_8_question_2":"Brauchst du eine F\u00fchrung, um ein City Game in Sydney zu spielen?","section_8_answer_2":"<p class=\"kt-adv-heading2034_2420ea-ca wp-block-kadence-advancedheading\" data-kb-block=\"kb-adv-heading2034_2420ea-ca\">Nein, City Games in Sydney sind <strong>vollst\u00e4ndig selbstgef\u00fchrt<\/strong>. Du brauchst keinen Guide, Host oder vor Ort Personal zum Spielen. Alle Anweisungen und das Gameplay werden digital bereitgestellt, sodass du unabh\u00e4ngig mit deinem eigenen Smartphone starten und spielen kannst.<\/p>\r\nDieser Flexibilit\u00e4t macht City Games leicht in deinen eigenen Zeitplan integrieren.\r\n<p class=\"kt-adv-heading2034_cd3db2-33 wp-block-kadence-advancedheading hls-none\" data-kb-block=\"kb-adv-heading2034_cd3db2-33\">F\u00fcr gr\u00f6\u00dfere Gruppen oder Firmenveranstaltungen ist au\u00dferdem eine vollst\u00e4ndig betreute Version unserer City Games erh\u00e4ltlich, einschlie\u00dflich Vor-Ort-Anleitung, Tablets und Live-Support.<\/p>\r\nPlanst du eine gr\u00f6\u00dfere Gruppe oder eine Firmenveranstaltung?","section_8_answer_2_cta":"Erkunde das betreute City Game-Erlebnis f\u00fcr Gruppen","section_8_question_3":"Wann k\u00f6nnen wir in Sydney mit dem City Game beginnen?","section_8_answer_3":"Du kannst jederzeit mit dem Spielen beginnen <strong>wann es dir passt<\/strong>! City Games in Sydney haben keine festen Startzeiten, du bist also frei, zu dem Moment zu beginnen, der zu deinen Pl\u00e4nen passt.\r\n\r\nNach der Buchung erh\u00e4ltst du klare Anweisungen, die erkl\u00e4ren, wie und wann du dein City Game starten kannst!","section_8_question_4":"Wie lange dauert ein City Game in Sydney?","section_8_answer_4":"Die City Games in Sydney dauern ungef\u00e4hr <strong>1,5 bis 2 Stunden<\/strong> bis zum Abschluss! Die genaue Dauer h\u00e4ngt von deinem Tempo, der Anzahl der Pausen und davon ab, wie schnell du die R\u00e4tsel und Herausforderungen l\u00f6st.\r\n\r\nDu kannst in deinem eigenen Tempo spielen und das Spiel jederzeit pausieren!","section_8_question_5":"K\u00f6nnen wir in Sydney mit einer gro\u00dfen Gruppe ein City Game spielen?","section_8_answer_5":"<p class=\"kt-adv-heading2034_97743b-76 wp-block-kadence-advancedheading\" data-kb-block=\"kb-adv-heading2034_97743b-76\">Ja, City Games eignen sich sowohl f\u00fcr <strong>kleine Gruppen als auch gr\u00f6\u00dfere Teams<\/strong>. Gro\u00dfe Gruppen k\u00f6nnen sich leicht in kleinere Teams aufteilen und das City Game gleichzeitig spielen, wobei mehrere Smartphones verwendet werden. Jedes Team spielt eigenst\u00e4ndig und folgt demselben Spielkonzept und derselben Handlung.<\/p>\r\nDieses Setup funktioniert gut f\u00fcr Gruppen von Freunden, Familien und Unternehmen und macht City Games zu einer beliebten Wahl f\u00fcr Teamausfl\u00fcge, Veranstaltungen und Teambuilding-Aktivit\u00e4ten.\r\n<p class=\"kt-adv-heading2034_7442e3-e3 wp-block-kadence-advancedheading hls-none\" data-kb-block=\"kb-adv-heading2034_7442e3-e3\">F\u00fcr gr\u00f6\u00dfere Gruppen oder Firmenveranstaltungen ist au\u00dferdem eine vollst\u00e4ndig betreute Version unserer City Games erh\u00e4ltlich, einschlie\u00dflich Vor-Ort-Anleitung, Tablets und Live-Support.<\/p>\r\nPlanst du eine gr\u00f6\u00dfere Gruppe oder eine Firmenveranstaltung?","section_8_answer_5_cta":"Erkunde das betreute City Game-Erlebnis f\u00fcr Gruppen","section_8_question_6":"Eignen sich City Games in Sydney sowohl f\u00fcr Touristen als auch Einheimische?","section_8_answer_6":"Ja, City Games in Sydney eignen sich sowohl f\u00fcr <strong>Touristen als auch Einheimische<\/strong>. Besucher k\u00f6nnen die Stadt auf interaktive Weise erleben, w\u00e4hrend Einheimische vertraute Stra\u00dfen als Schauplatz f\u00fcr ein City Game genie\u00dfen k\u00f6nnen.\r\n\r\nWeil jedes City Game sich auf Spiel und Storytelling konzentriert, f\u00fchlt sich das Erlebnis frisch an \u2013 unabh\u00e4ngig davon, wie gut du die Stadt bereits kennst.","section_8_question_7":"Sind City Games in Sydney in mehreren Sprachen verf\u00fcgbar?","section_8_answer_7":"Ja, City Games in Sydney sind <strong>in mehreren Sprachen verf\u00fcgbar<\/strong>. Du kannst deine bevorzugte Sprache vor oder w\u00e4hrend des Spiels ausw\u00e4hlen, was City Games f\u00fcr internationale Besucher und Gruppen mit mehreren Sprachen zug\u00e4nglich macht.","section_8_question_8":"Was ben\u00f6tigen wir, um ein City Game in Sydney zu spielen?","section_8_answer_8":"Um ein City Game in Sydney zu spielen, ben\u00f6tigst du:","section_8_answer_8_usp_1":"Ein Smartphone mit Internetverbindung","section_8_answer_8_usp_2":"Eine geladene Batterie","section_8_answer_8_usp_3":"Bequeme Wanderschuhe","section_8_answer_8_2":"Alle Spielinhalte und Anweisungen werden nach der Buchung digital bereitgestellt.","section_9_h2_instagram":"Mehr auf Instagram sehen","section_9_text":"Reiseinspiration, R\u00e4tsel, versteckte Sch\u00e4tze & City Game-Momente \u2013 direkt aus unserer Community","section_9_cta":"Folge uns auf Instagram","section_10_h2_page_ending":"Bereit f\u00fcr ein unvergessliches Abenteuer in Sydney?","section_10_text":"Erkunde Sydney auf eine einzigartige und interaktive Weise mit unseren City Games. Spiele heute und schaffe bleibende Erinnerungen!","section_10_cta":"Buche jetzt dein City Game","latitude":-33.87092719,"longitude":151.2116157,"country":471,"map_enabled":true},"yoast_head":"<!-- This site is optimized with the Yoast SEO Premium plugin v26.2 (Yoast SEO v27.4) - https:\/\/yoast.com\/product\/yoast-seo-premium-wordpress\/ -->\n<title>City Game Sydney - City Game<\/title>\n<meta name=\"robots\" content=\"index, follow, max-snippet:-1, max-image-preview:large, max-video-preview:-1\" \/>\n<link rel=\"canonical\" href=\"https:\/\/citygame.com\/de\/standorte\/city-game-australien\/city-game-sydney-2\/\" \/>\n<meta property=\"og:locale\" content=\"de_DE\" \/>\n<meta property=\"og:type\" content=\"article\" \/>\n<meta property=\"og:title\" content=\"City Game Sydney\" \/>\n<meta property=\"og:url\" content=\"https:\/\/citygame.com\/de\/standorte\/city-game-australien\/city-game-sydney-2\/\" \/>\n<meta property=\"og:site_name\" content=\"City Game\" \/>\n<meta property=\"article:publisher\" content=\"https:\/\/www.facebook.com\/profile.php?id=100086426226253\" \/>\n<meta property=\"og:image\" content=\"https:\/\/citygame.com\/wp-content\/blogs.dir\/1\/files\/2026\/03\/sydney-opera-house-harbour-bridge.jpeg\" \/>\n\t<meta property=\"og:image:width\" content=\"1920\" \/>\n\t<meta property=\"og:image:height\" content=\"1331\" \/>\n\t<meta property=\"og:image:type\" content=\"image\/jpeg\" \/>\n<meta name=\"twitter:card\" content=\"summary_large_image\" \/>\n<script type=\"application\/ld+json\" class=\"yoast-schema-graph\">{\"@context\":\"https:\\\/\\\/schema.org\",\"@graph\":[{\"@type\":\"WebPage\",\"@id\":\"https:\\\/\\\/citygame.com\\\/de\\\/standorte\\\/city-game-australien\\\/city-game-sydney-2\\\/\",\"url\":\"https:\\\/\\\/citygame.com\\\/de\\\/standorte\\\/city-game-australien\\\/city-game-sydney-2\\\/\",\"name\":\"City Game Sydney - City Game\",\"isPartOf\":{\"@id\":\"https:\\\/\\\/citygame.com\\\/de\\\/#website\"},\"primaryImageOfPage\":{\"@id\":\"https:\\\/\\\/citygame.com\\\/de\\\/standorte\\\/city-game-australien\\\/city-game-sydney-2\\\/#primaryimage\"},\"image\":{\"@id\":\"https:\\\/\\\/citygame.com\\\/de\\\/standorte\\\/city-game-australien\\\/city-game-sydney-2\\\/#primaryimage\"},\"thumbnailUrl\":\"https:\\\/\\\/citygame.com\\\/wp-content\\\/blogs.dir\\\/1\\\/files\\\/2026\\\/03\\\/sydney-opera-house-harbour-bridge.jpeg\",\"datePublished\":\"2026-04-22T13:08:11+00:00\",\"breadcrumb\":{\"@id\":\"https:\\\/\\\/citygame.com\\\/de\\\/standorte\\\/city-game-australien\\\/city-game-sydney-2\\\/#breadcrumb\"},\"inLanguage\":\"de\",\"potentialAction\":[{\"@type\":\"ReadAction\",\"target\":[\"https:\\\/\\\/citygame.com\\\/de\\\/standorte\\\/city-game-australien\\\/city-game-sydney-2\\\/\"]}]},{\"@type\":\"ImageObject\",\"inLanguage\":\"de\",\"@id\":\"https:\\\/\\\/citygame.com\\\/de\\\/standorte\\\/city-game-australien\\\/city-game-sydney-2\\\/#primaryimage\",\"url\":\"https:\\\/\\\/citygame.com\\\/wp-content\\\/blogs.dir\\\/1\\\/files\\\/2026\\\/03\\\/sydney-opera-house-harbour-bridge.jpeg\",\"contentUrl\":\"https:\\\/\\\/citygame.com\\\/wp-content\\\/blogs.dir\\\/1\\\/files\\\/2026\\\/03\\\/sydney-opera-house-harbour-bridge.jpeg\",\"width\":1920,\"height\":1331,\"caption\":\"A view of the Sydney Opera House and Harbour Bridge from Sydney Harbour at sunset.\"},{\"@type\":\"BreadcrumbList\",\"@id\":\"https:\\\/\\\/citygame.com\\\/de\\\/standorte\\\/city-game-australien\\\/city-game-sydney-2\\\/#breadcrumb\",\"itemListElement\":[{\"@type\":\"ListItem\",\"position\":1,\"name\":\"Home\",\"item\":\"https:\\\/\\\/citygame.com\\\/de\\\/\"},{\"@type\":\"ListItem\",\"position\":2,\"name\":\"Standorte\",\"item\":\"https:\\\/\\\/citygame.com\\\/de\\\/standorte\\\/\"},{\"@type\":\"ListItem\",\"position\":3,\"name\":\"City Game Australien\",\"item\":\"https:\\\/\\\/citygame.com\\\/de\\\/standorte\\\/city-game-australien\\\/\"},{\"@type\":\"ListItem\",\"position\":4,\"name\":\"City Game Sydney\"}]},{\"@type\":\"WebSite\",\"@id\":\"https:\\\/\\\/citygame.com\\\/de\\\/#website\",\"url\":\"https:\\\/\\\/citygame.com\\\/de\\\/\",\"name\":\"City Game\",\"description\":\"\",\"publisher\":{\"@id\":\"https:\\\/\\\/citygame.com\\\/de\\\/#organization\"},\"alternateName\":\"citygame.com\",\"potentialAction\":[{\"@type\":\"SearchAction\",\"target\":{\"@type\":\"EntryPoint\",\"urlTemplate\":\"https:\\\/\\\/citygame.com\\\/de\\\/?s={search_term_string}\"},\"query-input\":{\"@type\":\"PropertyValueSpecification\",\"valueRequired\":true,\"valueName\":\"search_term_string\"}}],\"inLanguage\":\"de\"},{\"@type\":\"Organization\",\"@id\":\"https:\\\/\\\/citygame.com\\\/de\\\/#organization\",\"name\":\"City Game\",\"alternateName\":\"citygame.com\",\"url\":\"https:\\\/\\\/citygame.com\\\/de\\\/\",\"logo\":{\"@type\":\"ImageObject\",\"inLanguage\":\"de\",\"@id\":\"https:\\\/\\\/citygame.com\\\/de\\\/#\\\/schema\\\/logo\\\/image\\\/\",\"url\":\"https:\\\/\\\/citygame.com\\\/wp-content\\\/blogs.dir\\\/1\\\/files\\\/2025\\\/10\\\/CG_LOGO-City-Game.png\",\"contentUrl\":\"https:\\\/\\\/citygame.com\\\/wp-content\\\/blogs.dir\\\/1\\\/files\\\/2025\\\/10\\\/CG_LOGO-City-Game.png\",\"width\":351,\"height\":377,\"caption\":\"City Game\"},\"image\":{\"@id\":\"https:\\\/\\\/citygame.com\\\/de\\\/#\\\/schema\\\/logo\\\/image\\\/\"},\"sameAs\":[\"https:\\\/\\\/www.facebook.com\\\/profile.php?id=100086426226253\",\"https:\\\/\\\/www.instagram.com\\\/citygame_com\",\"https:\\\/\\\/www.tiktok.com\\\/@citygamecom\\\/\",\"https:\\\/\\\/www.linkedin.com\\\/company\\\/citygame-com\"],\"description\":\"Turn any city into a playground with our interactive City Games and self-guided tours. Fun, flexible, and ideal for groups and team building.\"}]}<\/script>\n<!-- \/ Yoast SEO Premium plugin. -->","yoast_head_json":{"title":"City Game Sydney - City Game","robots":{"index":"index","follow":"follow","max-snippet":"max-snippet:-1","max-image-preview":"max-image-preview:large","max-video-preview":"max-video-preview:-1"},"canonical":"https:\/\/citygame.com\/de\/standorte\/city-game-australien\/city-game-sydney-2\/","og_locale":"de_DE","og_type":"article","og_title":"City Game Sydney","og_url":"https:\/\/citygame.com\/de\/standorte\/city-game-australien\/city-game-sydney-2\/","og_site_name":"City Game","article_publisher":"https:\/\/www.facebook.com\/profile.php?id=100086426226253","og_image":[{"width":1920,"height":1331,"url":"https:\/\/citygame.com\/wp-content\/blogs.dir\/1\/files\/2026\/03\/sydney-opera-house-harbour-bridge.jpeg","type":"image\/jpeg"}],"twitter_card":"summary_large_image","schema":{"@context":"https:\/\/schema.org","@graph":[{"@type":"WebPage","@id":"https:\/\/citygame.com\/de\/standorte\/city-game-australien\/city-game-sydney-2\/","url":"https:\/\/citygame.com\/de\/standorte\/city-game-australien\/city-game-sydney-2\/","name":"City Game Sydney - City Game","isPartOf":{"@id":"https:\/\/citygame.com\/de\/#website"},"primaryImageOfPage":{"@id":"https:\/\/citygame.com\/de\/standorte\/city-game-australien\/city-game-sydney-2\/#primaryimage"},"image":{"@id":"https:\/\/citygame.com\/de\/standorte\/city-game-australien\/city-game-sydney-2\/#primaryimage"},"thumbnailUrl":"https:\/\/citygame.com\/wp-content\/blogs.dir\/1\/files\/2026\/03\/sydney-opera-house-harbour-bridge.jpeg","datePublished":"2026-04-22T13:08:11+00:00","breadcrumb":{"@id":"https:\/\/citygame.com\/de\/standorte\/city-game-australien\/city-game-sydney-2\/#breadcrumb"},"inLanguage":"de","potentialAction":[{"@type":"ReadAction","target":["https:\/\/citygame.com\/de\/standorte\/city-game-australien\/city-game-sydney-2\/"]}]},{"@type":"ImageObject","inLanguage":"de","@id":"https:\/\/citygame.com\/de\/standorte\/city-game-australien\/city-game-sydney-2\/#primaryimage","url":"https:\/\/citygame.com\/wp-content\/blogs.dir\/1\/files\/2026\/03\/sydney-opera-house-harbour-bridge.jpeg","contentUrl":"https:\/\/citygame.com\/wp-content\/blogs.dir\/1\/files\/2026\/03\/sydney-opera-house-harbour-bridge.jpeg","width":1920,"height":1331,"caption":"A view of the Sydney Opera House and Harbour Bridge from Sydney Harbour at sunset."},{"@type":"BreadcrumbList","@id":"https:\/\/citygame.com\/de\/standorte\/city-game-australien\/city-game-sydney-2\/#breadcrumb","itemListElement":[{"@type":"ListItem","position":1,"name":"Home","item":"https:\/\/citygame.com\/de\/"},{"@type":"ListItem","position":2,"name":"Standorte","item":"https:\/\/citygame.com\/de\/standorte\/"},{"@type":"ListItem","position":3,"name":"City Game Australien","item":"https:\/\/citygame.com\/de\/standorte\/city-game-australien\/"},{"@type":"ListItem","position":4,"name":"City Game Sydney"}]},{"@type":"WebSite","@id":"https:\/\/citygame.com\/de\/#website","url":"https:\/\/citygame.com\/de\/","name":"City Game","description":"","publisher":{"@id":"https:\/\/citygame.com\/de\/#organization"},"alternateName":"citygame.com","potentialAction":[{"@type":"SearchAction","target":{"@type":"EntryPoint","urlTemplate":"https:\/\/citygame.com\/de\/?s={search_term_string}"},"query-input":{"@type":"PropertyValueSpecification","valueRequired":true,"valueName":"search_term_string"}}],"inLanguage":"de"},{"@type":"Organization","@id":"https:\/\/citygame.com\/de\/#organization","name":"City Game","alternateName":"citygame.com","url":"https:\/\/citygame.com\/de\/","logo":{"@type":"ImageObject","inLanguage":"de","@id":"https:\/\/citygame.com\/de\/#\/schema\/logo\/image\/","url":"https:\/\/citygame.com\/wp-content\/blogs.dir\/1\/files\/2025\/10\/CG_LOGO-City-Game.png","contentUrl":"https:\/\/citygame.com\/wp-content\/blogs.dir\/1\/files\/2025\/10\/CG_LOGO-City-Game.png","width":351,"height":377,"caption":"City Game"},"image":{"@id":"https:\/\/citygame.com\/de\/#\/schema\/logo\/image\/"},"sameAs":["https:\/\/www.facebook.com\/profile.php?id=100086426226253","https:\/\/www.instagram.com\/citygame_com","https:\/\/www.tiktok.com\/@citygamecom\/","https:\/\/www.linkedin.com\/company\/citygame-com"],"description":"Turn any city into a playground with our interactive City Games and self-guided tours. Fun, flexible, and ideal for groups and team building."}]}},"taxonomy_info":{"cities-only-parent-location":[{"value":471,"label":"Australia"}],"cg_page_type":[{"value":45,"label":"City overview page"}]},"featured_image_src_large":["https:\/\/citygame.com\/wp-content\/blogs.dir\/1\/files\/2026\/03\/sydney-opera-house-harbour-bridge-1024x710.jpeg",1024,710,true],"author_info":{"display_name":"Philip","author_link":"https:\/\/citygame.com\/de\/blog\/author\/sophi2\/"},"comment_info":0,"wpml_current_locale":"de_DE","wpml_translations":{"nl_NL":{"locale":"nl_NL","id":226113,"slug":"city-game-sydney-2","post_title":"City Game Sydney","href":"https:\/\/citygame.com\/nl\/locaties\/city-game-australie\/city-game-sydney-2\/"},"en_US":{"locale":"en_US","id":14164,"slug":"city-game-sydney","post_title":"City Game Sydney","href":"https:\/\/citygame.com\/locations\/australia\/city-game-sydney\/"},"fr_FR":{"locale":"fr_FR","translation":false},"de_DE":{"locale":"de_DE","translation":"current"},"it_IT":{"locale":"it_IT","translation":false},"es_ES":{"locale":"es_ES","translation":false}},"_links":{"self":[{"href":"https:\/\/citygame.com\/de\/wp-json\/wp\/v2\/pages\/226117","targetHints":{"allow":["GET"]}}],"collection":[{"href":"https:\/\/citygame.com\/de\/wp-json\/wp\/v2\/pages"}],"about":[{"href":"https:\/\/citygame.com\/de\/wp-json\/wp\/v2\/types\/page"}],"author":[{"embeddable":true,"href":"https:\/\/citygame.com\/de\/wp-json\/wp\/v2\/users\/78"}],"replies":[{"embeddable":true,"href":"https:\/\/citygame.com\/de\/wp-json\/wp\/v2\/comments?post=226117"}],"version-history":[{"count":0,"href":"https:\/\/citygame.com\/de\/wp-json\/wp\/v2\/pages\/226117\/revisions"}],"up":[{"embeddable":true,"href":"https:\/\/citygame.com\/de\/wp-json\/wp\/v2\/pages\/225716"}],"acf:term":[{"embeddable":true,"taxonomy":"cities-only-parent-location","href":"https:\/\/citygame.com\/de\/wp-json\/wp\/v2\/cities-only-parent-location\/471"},{"embeddable":true,"taxonomy":"location","href":"https:\/\/citygame.com\/de\/wp-json\/wp\/v2\/location\/385"}],"wp:featuredmedia":[{"embeddable":true,"href":"https:\/\/citygame.com\/de\/wp-json\/wp\/v2\/media\/16322"}],"wp:attachment":[{"href":"https:\/\/citygame.com\/de\/wp-json\/wp\/v2\/media?parent=226117"}],"wp:term":[{"taxonomy":"cities-only-parent-location","embeddable":true,"href":"https:\/\/citygame.com\/de\/wp-json\/wp\/v2\/cities-only-parent-location?post=226117"},{"taxonomy":"countries-only-parent-locations","embeddable":true,"href":"https:\/\/citygame.com\/de\/wp-json\/wp\/v2\/countries-only-parent-locations?post=226117"},{"taxonomy":"seo_keyword","embeddable":true,"href":"https:\/\/citygame.com\/de\/wp-json\/wp\/v2\/seo_keyword?post=226117"},{"taxonomy":"cg_page_type","embeddable":true,"href":"https:\/\/citygame.com\/de\/wp-json\/wp\/v2\/cg_page_type?post=226117"}],"curies":[{"name":"wp","href":"https:\/\/api.w.org\/{rel}","templated":true}]}}