{"id":226718,"date":"2026-03-17T12:09:00","date_gmt":"2026-03-17T12:09:00","guid":{"rendered":"https:\/\/citygame.com\/book\/city-games-in-indonesien-buchen\/"},"modified":"2026-04-23T07:41:58","modified_gmt":"2026-04-23T07:41:58","slug":"city-games-in-indonesien-buchen","status":"publish","type":"page","link":"https:\/\/citygame.com\/de\/buchen-sie-ihr-city-game\/city-games-in-indonesien-buchen\/","title":{"rendered":"City Games in Indonesien buchen"},"content":{"rendered":"","protected":false},"excerpt":{"rendered":"","protected":false},"author":78,"featured_media":6604,"parent":225814,"menu_order":0,"comment_status":"closed","ping_status":"closed","template":"","meta":{"_acf_changed":false,"_yoast_wpseo_focuskw":"City Games Indonesien buchen","_yoast_wpseo_metadesc":"","_kad_blocks_custom_css":"","_kad_blocks_head_custom_js":"","_kad_blocks_body_custom_js":"","_kad_blocks_footer_custom_js":"","_kad_post_transparent":"","_kad_post_title":"","_kad_post_layout":"","_kad_post_sidebar_id":"","_kad_post_content_style":"","_kad_post_vertical_padding":"","_kad_post_feature":"","_kad_post_feature_position":"","_kad_post_header":false,"_kad_post_footer":false,"_kad_post_classname":"","footnotes":""},"cities-only-parent-location":[],"countries-only-parent-locations":[],"seo_keyword":[],"cg_page_type":[636],"class_list":["post-226718","page","type-page","status-publish","has-post-thumbnail","hentry","cg_page_type-book-in-country-page"],"acf":{"country_name":"Indonesien","select_country":483,"hero_h2":"Buche ein City Game in Indonesien","hero_text":"Spiele ein City Game in St\u00e4dten in ganz Indonesien und erkunde jedes Ziel auf eine lustige und interaktive Weise. L\u00f6se R\u00e4tsel, bew\u00e4ltige Herausforderungen und entdecke die Stadt, w\u00e4hrend du durch ihre Stra\u00dfen und Wahrzeichen gehst. W\u00e4hle unten deine Stadt und starte dein Abenteuer.","hero_cta":"Alle Ziele in Indonesien","section_2_h2_all_locations_in_country":"Alle Standorte in Indonesien","section_3_h2_book_your_city_game_in_country":"Buche dein City Game in Indonesien in nur wenigen Schritten","section_3_text":"Der Einstieg ist einfach. W\u00e4hle dein City Game in Indonesien, buche dein Abenteuer und beginne zu spielen, wann es dir passt. Alles, was du brauchst, wird dir unmittelbar nach der Buchung zugesendet: kein Guide, keine festen Startzeiten, nur dein Team und die Stadt.","section_3_usp_1":"1,5\u20132 Stunden Spielzeit","section_3_usp_2":"3\u20134 km Fu\u00dfweg durch die Stadt","section_3_usp_3":"Starte, pausiere und setze fort, wann immer du m\u00f6chtest","section_3_usp_4":"1\u20134 oder 2\u20135 Personen pro Smartphone, je nach deinem Spiel","section_3_usp_5":"Spiele eigenst\u00e4ndig mit deinem eigenen Ger\u00e4t","section_3_usp_6":"W\u00e4hrend des Spiels ist eine Internetverbindung erforderlich","section_3_cta":"W\u00e4hle deine Stadt","section_3_step_1":"Schritt 1","section_3_step_1_title":"W\u00e4hle deine Stadt und dein City Game","section_3_step_1_text":"W\u00e4hle die Stadt, in der du spielen m\u00f6chtest, und buche dein City Game online in nur wenigen Klicks.","section_3_step_2":"Schritt 2","section_3_step_2_title":"Erhalte deine Spielanweisungen","section_3_step_2_text":"Nach der Buchung erh\u00e4ltst du sofort eine E-Mail mit allen Anweisungen und dem Zugang zum Spiel.","section_3_step_3":"Schritt 3","section_3_step_3_title":"Gehe zum Startpunkt in der Stadt","section_3_step_3_text":"Gehe zum Startpunkt in der Stadt, wann immer es dir passt. Es gibt keine festen Startzeiten.","section_3_step_4":"Schritt 4","section_3_step_4_title":"Starte dein City Game","section_3_step_4_text":" Folge den Hinweisen, l\u00f6se R\u00e4tsel und entdecke die Stadt, w\u00e4hrend du entlang der Route unterhaltsame Aufgaben bew\u00e4ltigst.","section_4_h2_why_players_love":"Warum Spieler City Games in Indonesien lieben","section_4_usp_1_title":"St\u00e4dte auf einzigartige Weise erkunden","section_4_usp_1_text":"Entdecke ber\u00fchmte Wahrzeichen, versteckte Stra\u00dfen und \u00fcberraschende Orte, w\u00e4hrend du R\u00e4tsel l\u00f6st und Aufgaben bew\u00e4ltigst.","section_4_usp_2_title":"Spiele, wann es dir passt","section_4_usp_2_text":"Es gibt keine festen Startzeiten. Starte, pausiere und setze das Spiel fort, wann immer du es im Laufe deines Aufenthalts in der Stadt m\u00f6chtest.","section_4_usp_3_title":"Spa\u00df f\u00fcr Freunde, Familien und Teams","section_4_usp_3_text":"City Games sind perfekt f\u00fcr Paare, Freundesgruppen, Familien oder Kolleginnen und Kollegen, die nach einer unterhaltsamen und interaktiven Aktivit\u00e4t suchen.","section_4_usp_4_title":"Eine Mischung aus R\u00e4tseln und Entdeckung","section_4_usp_4_text":"L\u00f6se R\u00e4tsel, erledige Missionen und entdecke Hinweise, w\u00e4hrend du die Stadt Schritt f\u00fcr Schritt erkundest.","section_4_usp_5_title":"Spiele in deinem eigenen Tempo","section_4_usp_5_text":"Nehme Pausen f\u00fcr ein Getr\u00e4nk, erkunde Gesch\u00e4fte oder genie\u00dfe die Umgebung. Das Spiel passt sich deinem Tempo an.","section_4_usp_6_title":"Weltweit in St\u00e4dten erh\u00e4ltlich","section_4_usp_6_text":"City Games sind in Hunderten von St\u00e4dten weltweit erh\u00e4ltlich, was sie zu einer perfekten Aktivit\u00e4t f\u00fcr Reisende und Einheimische macht.","section_4_cta":"Finde ein City Game in deiner Stadt","section_5_h2_reviews":"What others think of our City Games","section_5_cta_1":"Alle Bewertungen","section_5_cta_2":"Eine Bewertung schreiben","section_6_h2_hosted_game":"Ihre bevorzugten City Games, professionell betreut von unserem Team","section_6_text":"Genie\u00dfe die gleichen City Games wie unsere selbstgef\u00fchrte Version, aber mit vollst\u00e4ndiger Vor-Ort-Unterst\u00fctzung durch unsere professionellen Gastgeber. Wir k\u00fcmmern uns um Briefing, Tablets, Koordination und technischen Support, damit deine Gruppe sich ganz auf den Spa\u00df und den Wettbewerb konzentrieren kann.","section_6_text_2":"Was enthalten ist:","section_6_usp_1_title":"Gleiches City Game, vollst\u00e4ndig betreut","section_6_usp_1_text":"Du spielst das exakt gleiche Erlebnis wie unsere selbstgef\u00fchrte Version, jetzt mit unseren Hosts, die deine Gruppe begleiten.","section_6_usp_2_title":"Live-Ranking und Preisverleihung","section_6_usp_2_text":"F\u00fcr gr\u00f6\u00dfere Gruppen geben unsere Hosts die Endergebnisse bekannt und verk\u00fcnden das Gewinnerteam mit einem unterhaltsamen Preis-Moment.","section_6_usp_3_title":"Begleiteter Start und Abschluss","section_6_usp_3_text":"Wir hei\u00dfen deine Gruppe willkommen, erkl\u00e4ren das Spiel klar und beenden es mit einem spannenden Abschluss.","section_6_usp_4_title":"Echtzeit-Unterst\u00fctzung w\u00e4hrend des Spiels","section_6_usp_4_text":"Unser Team unterst\u00fctzt dich mit Ger\u00e4ten, App-Problemen und Koordination w\u00e4hrend des gesamten Erlebnisses.","section_6_usp_5_text":"Verf\u00fcgbar f\u00fcr Gruppen, die unsere Ger\u00e4te statt eigener verwenden m\u00f6chten.","section_6_usp_5_title":"Tablets inklusive (optional)","section_6_text_3":"Weltweit von Teams vertraut, von kleinen Gruppen bis hin zu gro\u00dfen Firmenveranstaltungen.","section_6_cta":"Plane deine Gruppenveranstaltung","section_7_h2_faq":"Hast du Fragen? Wir haben Antworten!","section_7_text":"Schau dir unsere h\u00e4ufig gestellten Fragen an und finde heraus, was du wissen m\u00f6chtest. Ist deine Frage nicht dabei? Meld dich gerne bei uns.","section_7_cta_1":"Alle h\u00e4ufig gestellten Fragen ansehen","section_7_cta_2":"Unterst\u00fctzung erhalten","section_7_question_1":"Wie funktioniert die Buchung eines City Game?","section_7_answer_1":"Die Buchung eines City Game in Indonesien ist schnell und einfach. W\u00e4hle die Stadt, in der du spielen m\u00f6chtest, w\u00e4hle dein bevorzugtes Spiel aus und schlie\u00dfe die Buchung online ab. Nach der Zahlung erh\u00e4ltst du sofort eine E-Mail mit den Spielanweisungen. Wenn du am Startort ankommst, kannst du das Spiel auf deinem Smartphone starten, wann es dir passt.","section_7_question_2":"Kann ich das City Game in Indonesien direkt nach der Buchung starten?","section_7_answer_2":"Ja. Nach dem Abschluss deiner Buchung erh\u00e4ltst du <strong>sofort die Anleitungen per E-Mail<\/strong>. In den meisten F\u00e4llen kannst du innerhalb weniger Minuten mit dem Spiel beginnen, sobald du am Startort in Indonesien ankommst und das Spiel auf deinem Smartphone \u00f6ffnest.","section_7_question_3":"Muss ich eine bestimmte Startzeit reservieren?","section_7_answer_3":"Nein, <strong>City Games haben keine festen Startzeiten<\/strong>. W\u00e4hrend der Buchung w\u00e4hlst du ein Datum aus administrativen Gr\u00fcnden, aber du kannst das Spiel jederzeit innerhalb der G\u00fcltigkeitsdauer deiner Buchung starten.","section_7_question_4":"Wie lange dauert ein City Game in Indonesien?","section_7_answer_4":"Die meisten City Games in Indonesien dauern <strong>ungef\u00e4hr 1,5 bis 2 Stunden<\/strong>, um abgeschlossen zu werden. Die Strecke umfasst in der Regel <strong>3 bis 4 Kilometer<\/strong> durch die Stadt. Du kannst das Spiel w\u00e4hrend deines Abenteuers jederzeit pausieren und sp\u00e4ter fortsetzen, wenn du eine Pause machen m\u00f6chtest.","section_7_question_5":"Wie viele Personen k\u00f6nnen ein City Game in Indonesien spielen?","section_7_answer_5":"Du kannst <strong>alleine oder in einer Gruppe<\/strong> spielen. F\u00fcr das beste Erlebnis empfehlen wir 1\u20134 oder 2\u20135 Spieler (je nach deinem Spiel) pro Smartphone. Gr\u00f6\u00dfere Gruppen k\u00f6nnen sich in mehrere Teams aufteilen und gegeneinander antreten!","section_7_question_6":"Brauchen alle Spieler ihr eigenes Smartphone?","section_7_answer_6":"Nein. Ein City Game wird auf <strong>einem Smartphone pro Team<\/strong> gespielt.","section_7_question_7":"Was ben\u00f6tige ich, um das Spiel in Indonesien zu spielen?","section_7_answer_7":"Alles, was du brauchst, ist:","section_7_answer_7_usp_1":"Ein Smartphone","section_7_answer_7_usp_2":"Eine Internetverbindung","section_7_answer_7_usp_3":"Ein vollst\u00e4ndig geladener Akku","section_7_answer_7_2":"Nach der Buchung erh\u00e4ltst du Anweisungen, wie du auf das Spiel auf deinem Telefon zugreifen kannst.","section_7_question_8":"Kann ich das Spiel spontan spielen?","section_7_answer_8":"Ja. Obwohl du zuerst die Buchung abschlie\u00dfen musst, erh\u00e4ltst du die Anweisungen unmittelbar nach der Zahlung. Das bedeutet, du kannst entscheiden, das Spiel spontan zu spielen und innerhalb von Minuten zu beginnen.","section_7_question_9":"Wie lange ist meine Buchung g\u00fcltig?","section_7_answer_9":"Nach dem Kauf bleibt dein City Game <strong>f\u00fcr 365 Tage g\u00fcltig<\/strong>. Das gibt dir gen\u00fcgend Flexibilit\u00e4t, um zu entscheiden, wann du das Spiel spielen m\u00f6chtest.","section_7_question_10":"Kann ich ein City Game in Indonesien verschenken?","section_7_answer_10":"Ja. Ein City Game ist ein tolles Geschenk f\u00fcr Freunde, Familie oder Kolleginnen und Kollegen. Du kannst eine City Game-Geschenkkarte kaufen, mit der der Empf\u00e4nger seine bevorzugte Stadt und sein Spiel ausw\u00e4hlen kann.","section_7_answer_10_cta":"Eine Geschenkkarte kaufen","section_7_question_11":"Was ist, wenn ich versehentlich die falsche Stadt oder das falsche Spiel gebucht habe?","section_7_answer_11":"Wenn du w\u00e4hrend der Buchung einen Fehler gemacht hast, kontaktiere uns bitte <strong>so bald wie m\u00f6glich<\/strong>. In vielen F\u00e4llen k\u00f6nnen wir die Buchung auf die richtige Stadt, Sprache oder das richtige Spiel anpassen.","section_7_answer_11_cta":"Kontaktiere uns","section_7_question_12":"Gibt es zus\u00e4tzliche Kosten bei der Buchung eines City Game in Indonesien?","section_7_answer_12":"Nein. Der Preis, der w\u00e4hrend des Checkouts angezeigt wird, ist der Gesamtpreis. Es gibt keine versteckten Geb\u00fchren oder Reservierungskosten.","section_7_question_13":"Welche Zahlungsmethoden kann ich verwenden?","section_7_answer_13":"Wir unterst\u00fctzen <strong>eine gro\u00dfe Auswahl an Zahlungsmethoden, abh\u00e4ngig von deinem Standort<\/strong>, einschlie\u00dflich Kreditkarten und verschiedener internationaler Zahlungsoptionen. W\u00e4hrend des Checkouts siehst du automatisch die in deiner Region verf\u00fcgbaren Zahlungsmethoden.","section_7_question_14":"K\u00f6nnen Unternehmen oder gro\u00dfe Gruppen ein City Game buchen?","section_7_answer_14":"Ja. Unternehmen und gro\u00dfe Gruppen k\u00f6nnen eine betreute City Game-Erfahrung mit Anleitung durch unsere Hosts buchen. Diese Option ist ideal f\u00fcr Team-Building-Events, Firmenausfl\u00fcge oder gro\u00dfe Gruppenaktivit\u00e4ten.","section_7_answer_14_cta":"Erkunde das betreute City Game-Erlebnis f\u00fcr Gruppen","section_8_h2_page_ending":"Bereit f\u00fcr ein unvergessliches Abenteuer?","section_8_text":"Erkunde St\u00e4dte auf spielerische und interaktive Weise mit unseren City Games. L\u00f6se R\u00e4tsel, entdecke verborgene Orte und erkunde die Stadt, w\u00e4hrend du mit Freunden, Familie oder Kollegen spielst, wann immer es dir passt.","section_8_cta":"Finde ein City Game in deiner N\u00e4he"},"yoast_head":"<!-- This site is optimized with the Yoast SEO Premium plugin v26.2 (Yoast SEO v27.4) - https:\/\/yoast.com\/product\/yoast-seo-premium-wordpress\/ -->\n<title>City Games in Indonesien buchen - City Game<\/title>\n<meta name=\"robots\" content=\"index, follow, max-snippet:-1, max-image-preview:large, max-video-preview:-1\" \/>\n<link rel=\"canonical\" href=\"https:\/\/citygame.com\/de\/buchen-sie-ihr-city-game\/city-games-in-indonesien-buchen\/\" \/>\n<meta property=\"og:locale\" content=\"de_DE\" \/>\n<meta property=\"og:type\" content=\"article\" \/>\n<meta property=\"og:title\" content=\"City Games in Indonesien buchen\" \/>\n<meta property=\"og:url\" content=\"https:\/\/citygame.com\/de\/buchen-sie-ihr-city-game\/city-games-in-indonesien-buchen\/\" \/>\n<meta property=\"og:site_name\" content=\"City Game\" \/>\n<meta property=\"article:publisher\" content=\"https:\/\/www.facebook.com\/profile.php?id=100086426226253\" \/>\n<meta property=\"article:modified_time\" content=\"2026-04-23T07:41:58+00:00\" \/>\n<meta property=\"og:image\" content=\"https:\/\/citygame.com\/wp-content\/blogs.dir\/1\/files\/2026\/01\/indonesia-bromo-tengger-semeru-park.jpg\" \/>\n\t<meta property=\"og:image:width\" content=\"1376\" \/>\n\t<meta property=\"og:image:height\" content=\"768\" \/>\n\t<meta property=\"og:image:type\" content=\"image\/jpeg\" \/>\n<meta name=\"twitter:card\" content=\"summary_large_image\" \/>\n<script type=\"application\/ld+json\" class=\"yoast-schema-graph\">{\"@context\":\"https:\\\/\\\/schema.org\",\"@graph\":[{\"@type\":\"WebPage\",\"@id\":\"https:\\\/\\\/citygame.com\\\/de\\\/buchen-sie-ihr-city-game\\\/city-games-in-indonesien-buchen\\\/\",\"url\":\"https:\\\/\\\/citygame.com\\\/de\\\/buchen-sie-ihr-city-game\\\/city-games-in-indonesien-buchen\\\/\",\"name\":\"City Games in Indonesien buchen - City Game\",\"isPartOf\":{\"@id\":\"https:\\\/\\\/citygame.com\\\/de\\\/#website\"},\"primaryImageOfPage\":{\"@id\":\"https:\\\/\\\/citygame.com\\\/de\\\/buchen-sie-ihr-city-game\\\/city-games-in-indonesien-buchen\\\/#primaryimage\"},\"image\":{\"@id\":\"https:\\\/\\\/citygame.com\\\/de\\\/buchen-sie-ihr-city-game\\\/city-games-in-indonesien-buchen\\\/#primaryimage\"},\"thumbnailUrl\":\"https:\\\/\\\/citygame.com\\\/wp-content\\\/blogs.dir\\\/1\\\/files\\\/2026\\\/01\\\/indonesia-bromo-tengger-semeru-park.jpg\",\"datePublished\":\"2026-03-17T12:09:00+00:00\",\"dateModified\":\"2026-04-23T07:41:58+00:00\",\"breadcrumb\":{\"@id\":\"https:\\\/\\\/citygame.com\\\/de\\\/buchen-sie-ihr-city-game\\\/city-games-in-indonesien-buchen\\\/#breadcrumb\"},\"inLanguage\":\"de\",\"potentialAction\":[{\"@type\":\"ReadAction\",\"target\":[\"https:\\\/\\\/citygame.com\\\/de\\\/buchen-sie-ihr-city-game\\\/city-games-in-indonesien-buchen\\\/\"]}]},{\"@type\":\"ImageObject\",\"inLanguage\":\"de\",\"@id\":\"https:\\\/\\\/citygame.com\\\/de\\\/buchen-sie-ihr-city-game\\\/city-games-in-indonesien-buchen\\\/#primaryimage\",\"url\":\"https:\\\/\\\/citygame.com\\\/wp-content\\\/blogs.dir\\\/1\\\/files\\\/2026\\\/01\\\/indonesia-bromo-tengger-semeru-park.jpg\",\"contentUrl\":\"https:\\\/\\\/citygame.com\\\/wp-content\\\/blogs.dir\\\/1\\\/files\\\/2026\\\/01\\\/indonesia-bromo-tengger-semeru-park.jpg\",\"width\":1376,\"height\":768,\"caption\":\"The volcanic landscape of Bromo Tengger Semeru National Park in Indonesia at sunrise.\"},{\"@type\":\"BreadcrumbList\",\"@id\":\"https:\\\/\\\/citygame.com\\\/de\\\/buchen-sie-ihr-city-game\\\/city-games-in-indonesien-buchen\\\/#breadcrumb\",\"itemListElement\":[{\"@type\":\"ListItem\",\"position\":1,\"name\":\"Home\",\"item\":\"https:\\\/\\\/citygame.com\\\/de\\\/\"},{\"@type\":\"ListItem\",\"position\":2,\"name\":\"Buchen Sie Ihr City Game\",\"item\":\"https:\\\/\\\/citygame.com\\\/de\\\/book\\\/\"},{\"@type\":\"ListItem\",\"position\":3,\"name\":\"City Games in Indonesien buchen\"}]},{\"@type\":\"WebSite\",\"@id\":\"https:\\\/\\\/citygame.com\\\/de\\\/#website\",\"url\":\"https:\\\/\\\/citygame.com\\\/de\\\/\",\"name\":\"City Game\",\"description\":\"\",\"publisher\":{\"@id\":\"https:\\\/\\\/citygame.com\\\/de\\\/#organization\"},\"alternateName\":\"citygame.com\",\"potentialAction\":[{\"@type\":\"SearchAction\",\"target\":{\"@type\":\"EntryPoint\",\"urlTemplate\":\"https:\\\/\\\/citygame.com\\\/de\\\/?s={search_term_string}\"},\"query-input\":{\"@type\":\"PropertyValueSpecification\",\"valueRequired\":true,\"valueName\":\"search_term_string\"}}],\"inLanguage\":\"de\"},{\"@type\":\"Organization\",\"@id\":\"https:\\\/\\\/citygame.com\\\/de\\\/#organization\",\"name\":\"City Game\",\"alternateName\":\"citygame.com\",\"url\":\"https:\\\/\\\/citygame.com\\\/de\\\/\",\"logo\":{\"@type\":\"ImageObject\",\"inLanguage\":\"de\",\"@id\":\"https:\\\/\\\/citygame.com\\\/de\\\/#\\\/schema\\\/logo\\\/image\\\/\",\"url\":\"https:\\\/\\\/citygame.com\\\/wp-content\\\/blogs.dir\\\/1\\\/files\\\/2025\\\/10\\\/CG_LOGO-City-Game.png\",\"contentUrl\":\"https:\\\/\\\/citygame.com\\\/wp-content\\\/blogs.dir\\\/1\\\/files\\\/2025\\\/10\\\/CG_LOGO-City-Game.png\",\"width\":351,\"height\":377,\"caption\":\"City Game\"},\"image\":{\"@id\":\"https:\\\/\\\/citygame.com\\\/de\\\/#\\\/schema\\\/logo\\\/image\\\/\"},\"sameAs\":[\"https:\\\/\\\/www.facebook.com\\\/profile.php?id=100086426226253\",\"https:\\\/\\\/www.instagram.com\\\/citygame_com\",\"https:\\\/\\\/www.tiktok.com\\\/@citygamecom\\\/\",\"https:\\\/\\\/www.linkedin.com\\\/company\\\/citygame-com\"],\"description\":\"Turn any city into a playground with our interactive City Games and self-guided tours. Fun, flexible, and ideal for groups and team building.\"}]}<\/script>\n<!-- \/ Yoast SEO Premium plugin. -->","yoast_head_json":{"title":"City Games in Indonesien buchen - City Game","robots":{"index":"index","follow":"follow","max-snippet":"max-snippet:-1","max-image-preview":"max-image-preview:large","max-video-preview":"max-video-preview:-1"},"canonical":"https:\/\/citygame.com\/de\/buchen-sie-ihr-city-game\/city-games-in-indonesien-buchen\/","og_locale":"de_DE","og_type":"article","og_title":"City Games in Indonesien buchen","og_url":"https:\/\/citygame.com\/de\/buchen-sie-ihr-city-game\/city-games-in-indonesien-buchen\/","og_site_name":"City Game","article_publisher":"https:\/\/www.facebook.com\/profile.php?id=100086426226253","article_modified_time":"2026-04-23T07:41:58+00:00","og_image":[{"width":1376,"height":768,"url":"https:\/\/citygame.com\/wp-content\/blogs.dir\/1\/files\/2026\/01\/indonesia-bromo-tengger-semeru-park.jpg","type":"image\/jpeg"}],"twitter_card":"summary_large_image","schema":{"@context":"https:\/\/schema.org","@graph":[{"@type":"WebPage","@id":"https:\/\/citygame.com\/de\/buchen-sie-ihr-city-game\/city-games-in-indonesien-buchen\/","url":"https:\/\/citygame.com\/de\/buchen-sie-ihr-city-game\/city-games-in-indonesien-buchen\/","name":"City Games in Indonesien buchen - City Game","isPartOf":{"@id":"https:\/\/citygame.com\/de\/#website"},"primaryImageOfPage":{"@id":"https:\/\/citygame.com\/de\/buchen-sie-ihr-city-game\/city-games-in-indonesien-buchen\/#primaryimage"},"image":{"@id":"https:\/\/citygame.com\/de\/buchen-sie-ihr-city-game\/city-games-in-indonesien-buchen\/#primaryimage"},"thumbnailUrl":"https:\/\/citygame.com\/wp-content\/blogs.dir\/1\/files\/2026\/01\/indonesia-bromo-tengger-semeru-park.jpg","datePublished":"2026-03-17T12:09:00+00:00","dateModified":"2026-04-23T07:41:58+00:00","breadcrumb":{"@id":"https:\/\/citygame.com\/de\/buchen-sie-ihr-city-game\/city-games-in-indonesien-buchen\/#breadcrumb"},"inLanguage":"de","potentialAction":[{"@type":"ReadAction","target":["https:\/\/citygame.com\/de\/buchen-sie-ihr-city-game\/city-games-in-indonesien-buchen\/"]}]},{"@type":"ImageObject","inLanguage":"de","@id":"https:\/\/citygame.com\/de\/buchen-sie-ihr-city-game\/city-games-in-indonesien-buchen\/#primaryimage","url":"https:\/\/citygame.com\/wp-content\/blogs.dir\/1\/files\/2026\/01\/indonesia-bromo-tengger-semeru-park.jpg","contentUrl":"https:\/\/citygame.com\/wp-content\/blogs.dir\/1\/files\/2026\/01\/indonesia-bromo-tengger-semeru-park.jpg","width":1376,"height":768,"caption":"The volcanic landscape of Bromo Tengger Semeru National Park in Indonesia at sunrise."},{"@type":"BreadcrumbList","@id":"https:\/\/citygame.com\/de\/buchen-sie-ihr-city-game\/city-games-in-indonesien-buchen\/#breadcrumb","itemListElement":[{"@type":"ListItem","position":1,"name":"Home","item":"https:\/\/citygame.com\/de\/"},{"@type":"ListItem","position":2,"name":"Buchen Sie Ihr City Game","item":"https:\/\/citygame.com\/de\/book\/"},{"@type":"ListItem","position":3,"name":"City Games in Indonesien buchen"}]},{"@type":"WebSite","@id":"https:\/\/citygame.com\/de\/#website","url":"https:\/\/citygame.com\/de\/","name":"City Game","description":"","publisher":{"@id":"https:\/\/citygame.com\/de\/#organization"},"alternateName":"citygame.com","potentialAction":[{"@type":"SearchAction","target":{"@type":"EntryPoint","urlTemplate":"https:\/\/citygame.com\/de\/?s={search_term_string}"},"query-input":{"@type":"PropertyValueSpecification","valueRequired":true,"valueName":"search_term_string"}}],"inLanguage":"de"},{"@type":"Organization","@id":"https:\/\/citygame.com\/de\/#organization","name":"City Game","alternateName":"citygame.com","url":"https:\/\/citygame.com\/de\/","logo":{"@type":"ImageObject","inLanguage":"de","@id":"https:\/\/citygame.com\/de\/#\/schema\/logo\/image\/","url":"https:\/\/citygame.com\/wp-content\/blogs.dir\/1\/files\/2025\/10\/CG_LOGO-City-Game.png","contentUrl":"https:\/\/citygame.com\/wp-content\/blogs.dir\/1\/files\/2025\/10\/CG_LOGO-City-Game.png","width":351,"height":377,"caption":"City Game"},"image":{"@id":"https:\/\/citygame.com\/de\/#\/schema\/logo\/image\/"},"sameAs":["https:\/\/www.facebook.com\/profile.php?id=100086426226253","https:\/\/www.instagram.com\/citygame_com","https:\/\/www.tiktok.com\/@citygamecom\/","https:\/\/www.linkedin.com\/company\/citygame-com"],"description":"Turn any city into a playground with our interactive City Games and self-guided tours. Fun, flexible, and ideal for groups and team building."}]}},"taxonomy_info":{"cg_page_type":[{"value":636,"label":"Book in COUNTRY page"}]},"featured_image_src_large":["https:\/\/citygame.com\/wp-content\/blogs.dir\/1\/files\/2026\/01\/indonesia-bromo-tengger-semeru-park-1024x572.jpg",1024,572,true],"author_info":{"display_name":"Philip","author_link":"https:\/\/citygame.com\/de\/blog\/author\/sophi2\/"},"comment_info":0,"wpml_current_locale":"de_DE","wpml_translations":{"nl_NL":{"locale":"nl_NL","id":226711,"slug":"boek-city-games-in-indonesie","post_title":"Boek City Games in Indonesi\u00eb","href":"https:\/\/citygame.com\/nl\/book-your-city-game\/boek-city-games-in-indonesie\/"},"en_US":{"locale":"en_US","id":19189,"slug":"in-indonesia","post_title":"Book City Games in Indonesia","href":"https:\/\/citygame.com\/book\/in-indonesia\/"},"fr_FR":{"locale":"fr_FR","id":226727,"slug":"reservez-city-games-en-indonesie","post_title":"R\u00e9servez City Games en Indon\u00e9sie","href":"https:\/\/citygame.com\/fr\/reservez-votre-city-game\/reservez-city-games-en-indonesie\/"},"de_DE":{"locale":"de_DE","translation":"current"},"it_IT":{"locale":"it_IT","id":226732,"slug":"prenota-city-games-in-indonesia","post_title":"Prenota City Games in Indonesia","href":"https:\/\/citygame.com\/it\/prenota-il-tuo-city-game\/prenota-city-games-in-indonesia\/"},"es_ES":{"locale":"es_ES","id":226723,"slug":"reserva-city-games-en-indonesia","post_title":"Reserva City Games en Indonesia","href":"https:\/\/citygame.com\/es\/prenota-il-tuo-city-game\/reserva-city-games-en-indonesia\/"}},"_links":{"self":[{"href":"https:\/\/citygame.com\/de\/wp-json\/wp\/v2\/pages\/226718","targetHints":{"allow":["GET"]}}],"collection":[{"href":"https:\/\/citygame.com\/de\/wp-json\/wp\/v2\/pages"}],"about":[{"href":"https:\/\/citygame.com\/de\/wp-json\/wp\/v2\/types\/page"}],"author":[{"embeddable":true,"href":"https:\/\/citygame.com\/de\/wp-json\/wp\/v2\/users\/78"}],"replies":[{"embeddable":true,"href":"https:\/\/citygame.com\/de\/wp-json\/wp\/v2\/comments?post=226718"}],"version-history":[{"count":0,"href":"https:\/\/citygame.com\/de\/wp-json\/wp\/v2\/pages\/226718\/revisions"}],"up":[{"embeddable":true,"href":"https:\/\/citygame.com\/de\/wp-json\/wp\/v2\/pages\/225814"}],"acf:term":[{"embeddable":true,"taxonomy":"cities-only-parent-location","href":"https:\/\/citygame.com\/de\/wp-json\/wp\/v2\/cities-only-parent-location\/483"}],"wp:featuredmedia":[{"embeddable":true,"href":"https:\/\/citygame.com\/de\/wp-json\/wp\/v2\/media\/6604"}],"wp:attachment":[{"href":"https:\/\/citygame.com\/de\/wp-json\/wp\/v2\/media?parent=226718"}],"wp:term":[{"taxonomy":"cities-only-parent-location","embeddable":true,"href":"https:\/\/citygame.com\/de\/wp-json\/wp\/v2\/cities-only-parent-location?post=226718"},{"taxonomy":"countries-only-parent-locations","embeddable":true,"href":"https:\/\/citygame.com\/de\/wp-json\/wp\/v2\/countries-only-parent-locations?post=226718"},{"taxonomy":"seo_keyword","embeddable":true,"href":"https:\/\/citygame.com\/de\/wp-json\/wp\/v2\/seo_keyword?post=226718"},{"taxonomy":"cg_page_type","embeddable":true,"href":"https:\/\/citygame.com\/de\/wp-json\/wp\/v2\/cg_page_type?post=226718"}],"curies":[{"name":"wp","href":"https:\/\/api.w.org\/{rel}","templated":true}]}}