{"id":226780,"date":"2026-02-12T15:08:13","date_gmt":"2026-02-12T15:08:13","guid":{"rendered":"https:\/\/citygame.com\/locations\/uae\/city-game-dubai-2\/"},"modified":"2026-04-23T08:00:43","modified_gmt":"2026-04-23T08:00:43","slug":"city-game-dubai-2","status":"publish","type":"page","link":"https:\/\/citygame.com\/de\/standorte\/city-game-uae\/city-game-dubai-2\/","title":{"rendered":"City Game Dubai"},"content":{"rendered":"","protected":false},"excerpt":{"rendered":"","protected":false},"author":78,"featured_media":13042,"parent":227139,"menu_order":0,"comment_status":"closed","ping_status":"closed","template":"","meta":{"_acf_changed":false,"_yoast_wpseo_focuskw":"City Game Dubai","_yoast_wpseo_metadesc":"","_kad_blocks_custom_css":"","_kad_blocks_head_custom_js":"","_kad_blocks_body_custom_js":"","_kad_blocks_footer_custom_js":"","_kad_post_transparent":"","_kad_post_title":"","_kad_post_layout":"","_kad_post_sidebar_id":"","_kad_post_content_style":"","_kad_post_vertical_padding":"","_kad_post_feature":"","_kad_post_feature_position":"","_kad_post_header":false,"_kad_post_footer":false,"_kad_post_classname":"","footnotes":""},"cities-only-parent-location":[541],"countries-only-parent-locations":[],"seo_keyword":[],"cg_page_type":[45],"class_list":["post-226780","page","type-page","status-publish","has-post-thumbnail","hentry","cities-only-parent-location-uae","cg_page_type-city-overview-page"],"acf":{"city_name":"Dubai","select_city":146,"section_1_h2_city_games_in_city":"City Games in Dubai","intro_text":"City Games sind in Dubai erh\u00e4ltlich und bieten eine interaktive M\u00f6glichkeit, die Stadt zu erleben. Mit Ihrem Smartphone l\u00f6sen Sie R\u00e4tsel und bew\u00e4ltigen Aufgaben, w\u00e4hrend Sie sich in den Stra\u00dfen der Stadt in Ihrem eigenen Tempo fortbewegen. Dieses selbstgef\u00fchrte Format erm\u00f6glicht flexibles Gameplay, das Erkundung mit spannenden Aufgaben in ganz Dubai verbindet.","section_1_usp_1":"Start, Pause und Fortfahren, wann immer Sie m\u00f6chten","section_1_usp_2":"Unabh\u00e4ngig spielen","section_1_usp_3":"1\u20134 oder 2\u20135 Personen pro Smartphone, je nach Spiel","section_1_usp_4":"1,5\u20132 Stunden Spielzeit","section_1_usp_5":"Gehdistanz von 3\u20134 km","section_1_usp_6":"Internetverbindung erforderlich","section_1_text_2":"W\u00e4hlen Sie Ihr City Game aus und beginnen Sie noch heute mit dem Spielen!","section_1_cta":"Alle City Games anzeigen","intro_image":13043,"section_2_h2_all_city_games_in_city":"All City Games in Dubai","section_3_h2_how_city_games_work_in_city":"How City Games work in Dubai","section_3_text":"City Games in Dubai sind vollst\u00e4ndig selbstgef\u00fchrte Erlebnisse, die es Ihnen erm\u00f6glichen, die Stadt in Ihrem eigenen Tempo zu erkunden. Mit Ihrem eigenen Smartphone gehen Sie durch das Stadtzentrum, l\u00f6sen R\u00e4tsel, bew\u00e4ltigen Aufgaben und folgen der Handlung Ihres gew\u00e4hlten City Game, w\u00e4hrend Sie durch die Stadt gehen.\r\n\r\nSie entscheiden, wann Sie starten, wo Sie Pausen einlegen und wie schnell Sie spielen. Kein Guide, kein Zeitplan oder Reservierung ist erforderlich.","section_3_usp_1":"Spielen Sie im Team von Freunden, Familie oder Kollegen","section_3_usp_2":"Starten Sie, wann immer Sie m\u00f6chten, kein Guide oder Personal erforderlich","section_3_usp_3":"Verwenden Sie Ihr eigenes Smartphone oder Tablet","section_3_usp_4":"Durch die Stadt gehen, w\u00e4hrend Sie R\u00e4tsel l\u00f6sen und Herausforderungen bew\u00e4ltigen","section_3_usp_5":"Erfahren Sie interessante Fakten \u00fcber Geschichte, Kultur und Wahrzeichen","section_3_usp_6":"In mehreren Sprachen verf\u00fcgbar","section_3_cta":"Choose your City Game","section_3_step_1":"Schritt 1","section_3_step_1_title":"Buchen Sie Ihr City Game","section_3_step_1_text":"W\u00e4hlen Sie Ihre Stadt und Ihr Spiel aus und erhalten Sie alles sofort nach der Buchung.","section_3_step_2":"Schritt 2","section_3_step_2_title":"Pr\u00fcfen Sie Ihre Anweisungen","section_3_step_2_text":"\u00d6ffnen Sie Ihre Best\u00e4tigungs-E-Mail mit Ihrem Startpunkt und wie Sie mit dem Spielen beginnen.","section_3_step_3":"Schritt 3","section_3_step_3_title":"Gehen Sie zum Startpunkt","section_3_step_3_text":"Gehen Sie zum Startpunkt, wann immer Sie m\u00f6chten, kein festgelegter Zeitpunkt.","section_3_step_4":"Schritt 4","section_3_step_4_title":"Jetzt spielen","section_3_step_4_text":"Folgen Sie den Hinweisen, l\u00f6sen Sie R\u00e4tsel und erkunden Sie die Stadt in Ihrem eigenen Tempo!","how_city_games_work_image":13044,"section_4_h2_who_are_city_games_in_city_for":"F\u00fcr wen sind City Games in Dubai geeignet?","section_4_text":"City Games in Dubai sind f\u00fcr jeden konzipiert, der die Stadt auf interaktive und flexible Weise erleben m\u00f6chte. Egal, ob Sie Dubai zum ersten Mal besuchen oder die Stadt bereits gut kennen, bieten City Games eine spa\u00dfige Aktivit\u00e4t, die sich leicht in Ihren Tag einf\u00fcgt.","section_4_text_2":"City Games in Dubai eignen sich f\u00fcr:","section_4_usp_1":"Alleinspieler oder kleine Gruppen, die ein flexibles Abenteuer suchen","section_4_usp_2":"Touristen, die Dubai erkunden","section_4_usp_3":"Freunde und Familien, die eine unterhaltsame Aktivit\u00e4t suchen","section_4_usp_4":"Unternehmen und Teams, die eine Teambuilding-Veranstaltung planen","section_4_usp_5":"Einwohner, die ihre eigene Stadt neu entdecken m\u00f6chten","section_4_cta":"Choose your City Game","who_are_city_games_for_image":13045,"section_5_h2_exploring_city":"Dubai entdecken","exploring_city_text":"Das Erkunden von Dubai zeigt eine Stadt, in der mutige Modernit\u00e4t auf tief verwurzelte Tradition trifft. Ein Bummel durch das Al Fahidi Historical District, mit seinen engen Gassen und den gut erhaltenen Winds\u00e4ulen, bietet Einblicke in Dubais Vergangenheit, die im starken Kontrast zur futuristischen Skyline in der Ferne stehen. Die sinnliche Verschiebung zwischen Alt und Neu verleiht jedem Schritt eine Spur geschichtlicher Schichtung.\r\n\r\nDie Beziehung der Stadt zum Wasser pr\u00e4gt auch, wie sie erlebt wird. Der Dubai Creek bleibt eine lebenswichtige Hauptader, an der traditionelle Abra-Boote \u00fcber das Wasser gleiten und Deira und Bur Dubai verbinden \u2013 Viertel, die von pulsierenden Basaren und lokalem Leben erf\u00fcllt sind. Das Erkunden zwischen diesen Bereichen offenbart die fortlaufende Transformation der Stadt, w\u00e4hrend sie eng mit ihrem maritimen Erbe verbunden bleibt.","exploring_city_image":13046,"section_6_h2_hosted_game":"Ihre Lieblings-City Games, professionell betreut von unserem Team","section_6_text":"Genie\u00dfen Sie dieselben City Games wie in unserer selbstgesteuerten Version, jedoch mit vollst\u00e4ndiger Vor-Ort-Unterst\u00fctzung durch unsere professionellen Gastgeber. Wir k\u00fcmmern uns um Briefing, Tablets, Koordination und technischen Support, damit Ihre Gruppe sich ganz auf den Spa\u00df und den Wettkampf konzentrieren kann.","section_6_text_2":"Inklusive:","section_6_usp_1_title":"Gleiches City Game, vollst\u00e4ndig betreut","section_6_usp_1_text":"Sie spielen genau dasselbe Erlebnis wie in unserer selbstgef\u00fchrten Version, nun mit unseren Gastgebern, die Ihre Gruppe begleiten.","section_6_usp_2_title":"Live Ranking & Preisverleihung","section_6_usp_2_text":"F\u00fcr gr\u00f6\u00dfere Gruppen geben unsere Gastgeber die Endergebnisse bekannt und verk\u00fcnden das Siegerteam mit einem unterhaltsamen Award-Moment.","section_6_usp_3_title":"Begleiteter Start & Abschluss","section_6_usp_3_text":"Wir hei\u00dfen Ihre Gruppe willkommen, erkl\u00e4ren das Spiel klar und beenden es mit einem spannenden Abschluss.","section_6_usp_4_title":"Echtzeit-Support w\u00e4hrend des Spiels","section_6_usp_4_text":"Unser Team unterst\u00fctzt w\u00e4hrend der gesamten Erfahrung bei Ger\u00e4ten, App-Problemen und Koordination.","section_6_usp_5_title":"Tablets inklusive (optional)","section_6_usp_5_text":"F\u00fcr Gruppen verf\u00fcgbar, die unsere Ger\u00e4te ihren eigenen vorziehen.","section_6_text_3":"Weltweit von Teams vertraut, von kleinen Gruppen bis hin zu gro\u00dfen Firmenevents.","section_6_cta":"Planen Sie Ihre Gruppenveranstaltung","section_7_h2_reviews":"Was andere von unseren City Games halten","section_7_cta_1":"Alle Bewertungen","section_7_cta_2":"Eine Bewertung schreiben","section_8_h2_faq":"Haben Sie Fragen? Wir haben Antworten!","section_8_text":"Schauen Sie sich unsere h\u00e4ufig gestellten Fragen an und finden Sie heraus, was Sie wissen m\u00f6chten. Ist Ihre Frage nicht dabei? Z\u00f6gern Sie nicht, uns zu kontaktieren.","section_8_cta_1":"Alle h\u00e4ufig gestellten Fragen anzeigen","section_8_cta_2":"Unterst\u00fctzung erhalten","section_8_question_1":"Was sind City Games in Dubai?","section_8_answer_1":"City Games in Dubai sind <strong>interaktive, selbstgesteuerte Erlebnisse<\/strong>, die es Ihnen erm\u00f6glichen, die Stadt beim Spielen zu erkunden!\r\n\r\nMit Ihrem Smartphone l\u00f6sen Sie R\u00e4tsel, bew\u00e4ltigen Aufgaben und folgen der Handlung Ihres gew\u00e4hlten City Game, w\u00e4hrend Sie durch die Stadt gehen.\r\n\r\nCity Games verbinden Teamarbeit, Probleml\u00f6sen und Outdoor-Erkundung und sind damit eine unterhaltsame Aktivit\u00e4t f\u00fcr Besucher, Einheimische und Gruppen gleicherma\u00dfen.","section_8_question_2":"Brauche ich einen Guide, um ein City Game in Dubai zu spielen?","section_8_answer_2":"<p class=\"kt-adv-heading2034_2420ea-ca wp-block-kadence-advancedheading\" data-kb-block=\"kb-adv-heading2034_2420ea-ca\">Nein, City Games in Dubai sind <strong>vollst\u00e4ndig selbstgef\u00fchrt<\/strong>. Sie ben\u00f6tigen keinen Guide, Gastgeber oder Vor-Ort-Personal, um zu spielen. Alle Anweisungen und das Gameplay werden digital bereitgestellt, sodass Sie mit Ihrem eigenen Smartphone eigenst\u00e4ndig starten und spielen k\u00f6nnen.<\/p>\r\nDiese Flexibilit\u00e4t macht City Games leicht in Ihren eigenen Zeitplan integrierbar.\r\n<p class=\"kt-adv-heading2034_cd3db2-33 wp-block-kadence-advancedheading hls-none\" data-kb-block=\"kb-adv-heading2034_cd3db2-33\">F\u00fcr gr\u00f6\u00dfere Gruppen oder Firmenevents ist auch eine vollst\u00e4ndig betreute Version unserer City Games erh\u00e4ltlich, einschlie\u00dflich Vor-Ort-Anleitung, Tablets und Live-Support.<\/p>\r\nPlanen Sie eine gr\u00f6\u00dfere Gruppe oder ein Firmenevent?","section_8_answer_2_cta":"Explore the hosted City Game experience for groups","section_8_question_3":"Wann k\u00f6nnen wir mit dem Spielen eines City Game in Dubai beginnen?","section_8_answer_3":"Sie k\u00f6nnen <strong>wann immer es Ihnen passt<\/strong> mit dem Spielen beginnen! City Games in Dubai haben keine festgelegten Startzeiten, Sie k\u00f6nnen also zu dem Moment beginnen, der zu Ihren Pl\u00e4nen passt.\r\n\r\nNach der Buchung erhalten Sie klare Anweisungen, die erkl\u00e4ren, wie und wann Sie Ihr City Game starten k\u00f6nnen!","section_8_question_4":"Wie lange dauert ein City Game in Dubai?","section_8_answer_4":"Die City Games in Dubai dauern ungef\u00e4hr <strong>1,5 bis 2 Stunden<\/strong>, um abgeschlossen zu werden! Die genaue Dauer h\u00e4ngt von Ihrem Tempo, davon, wie viele Pausen Sie einlegen, und davon ab, wie schnell Sie die R\u00e4tsel und Herausforderungen l\u00f6sen\u3002\r\n\r\nSie k\u00f6nnen in Ihrem eigenen Tempo spielen und das Spiel jederzeit pausieren!","section_8_question_5":"K\u00f6nnen wir ein City Game in Dubai mit einer gro\u00dfen Gruppe spielen?","section_8_answer_5":"<p class=\"kt-adv-heading2034_97743b-76 wp-block-kadence-advancedheading\" data-kb-block=\"kb-adv-heading2034_97743b-76\">Ja, City Games eignen sich sowohl f\u00fcr <strong>kleine Gruppen als auch gr\u00f6\u00dfere Teams<\/strong>. Gro\u00dfe Gruppen k\u00f6nnen problemlos in kleinere Teams aufgeteilt werden und das City Game gleichzeitig spielen, wobei mehrere Smartphones verwendet werden. Jedes Team spielt eigenst\u00e4ndig und folgt dem gleichen Spielkonzept und der gleichen Handlung.<\/p>\r\nDieses Setup eignet sich gut f\u00fcr Gruppen von Freunden, Familien und Unternehmen und macht City Games zu einer beliebten Wahl f\u00fcr Teamausfl\u00fcge, Veranstaltungen und Teambuilding-Aktivit\u00e4ten.\r\n<p class=\"kt-adv-heading2034_7442e3-e3 wp-block-kadence-advancedheading hls-none\" data-kb-block=\"kb-adv-heading2034_7442e3-e3\">F\u00fcr gr\u00f6\u00dfere Gruppen oder Firmenevents ist auch eine vollst\u00e4ndig betreute Version unserer City Games erh\u00e4ltlich, einschlie\u00dflich Vor-Ort-Anleitung, Tablets und Live-Support.<\/p>\r\nPlanen Sie eine gr\u00f6\u00dfere Gruppe oder ein Firmenevent?","section_8_answer_5_cta":"Explore the hosted City Game experience for groups","section_8_question_6":"Sind City Games in Dubai sowohl f\u00fcr Touristen als auch f\u00fcr Einheimische geeignet?","section_8_answer_6":"Ja, City Games in Dubai eignen sich sowohl f\u00fcr <strong>Touristen als auch Einheimische<\/strong>. Besucher k\u00f6nnen die Stadt auf interaktive Weise erleben, w\u00e4hrend Einheimische vertraute Stra\u00dfen als Schauplatz f\u00fcr ein City Game genie\u00dfen k\u00f6nnen.\r\n\r\nDa jedes City Game sich auf Gameplay und Erz\u00e4hlung konzentriert, wirkt das Erlebnis frisch, egal wie gut Sie die Stadt bereits kennen.","section_8_question_7":"Sind City Games in Dubai in mehreren Sprachen verf\u00fcgbar?","section_8_answer_7":"Ja, City Games in Dubai sind <strong>in mehreren Sprachen verf\u00fcgbar<\/strong>. Sie k\u00f6nnen Ihre bevorzugte Sprache vor dem Spiel oder w\u00e4hrend des Spiels ausw\u00e4hlen, wodurch City Games f\u00fcr internationale Besucher und gemischte Sprachgruppen zug\u00e4nglich werden.","section_8_question_8":"Was ben\u00f6tigen wir, um ein City Game in Dubai zu spielen?","section_8_answer_8":"Um ein City Game in Dubai zu spielen, ben\u00f6tigen Sie:","section_8_answer_8_usp_1":"Ein Smartphone mit Internetverbindung","section_8_answer_8_usp_2":"Eine aufgeladene Batterie","section_8_answer_8_usp_3":"Bequeme Wanderschuhe","section_8_answer_8_2":"Alle Spielinhalte und Anweisungen werden nach der Buchung digital bereitgestellt.","section_9_h2_instagram":"Mehr auf Instagram sehen","section_9_text":"Reise-Inspiration, R\u00e4tsel, versteckte Sch\u00e4tze & City Game-Momente, direkt aus unserer Community","section_9_cta":"Folgen Sie uns auf Instagram","section_10_h2_page_ending":"Bereit f\u00fcr ein unvergessliches Abenteuer in Dubai?","section_10_text":"Erkunden Sie Dubai auf eine einzigartige und interaktive Weise mit unseren City Games. Spielen Sie noch heute und schaffen Sie bleibende Erinnerungen!","section_10_cta":"Buchen Sie jetzt Ihr City Game","latitude":25.1903719,"longitude":55.2794299,"country":541,"map_enabled":true},"yoast_head":"<!-- This site is optimized with the Yoast SEO Premium plugin v26.2 (Yoast SEO v27.4) - https:\/\/yoast.com\/product\/yoast-seo-premium-wordpress\/ -->\n<title>City Game Dubai - City Game<\/title>\n<meta name=\"robots\" content=\"index, follow, max-snippet:-1, max-image-preview:large, max-video-preview:-1\" \/>\n<link rel=\"canonical\" href=\"https:\/\/citygame.com\/de\/standorte\/city-game-uae\/city-game-dubai-2\/\" \/>\n<meta property=\"og:locale\" content=\"de_DE\" \/>\n<meta property=\"og:type\" content=\"article\" \/>\n<meta property=\"og:title\" content=\"City Game Dubai\" \/>\n<meta property=\"og:url\" content=\"https:\/\/citygame.com\/de\/standorte\/city-game-uae\/city-game-dubai-2\/\" \/>\n<meta property=\"og:site_name\" content=\"City Game\" \/>\n<meta property=\"article:publisher\" content=\"https:\/\/www.facebook.com\/profile.php?id=100086426226253\" \/>\n<meta property=\"article:modified_time\" content=\"2026-04-23T08:00:43+00:00\" \/>\n<meta property=\"og:image\" content=\"https:\/\/citygame.com\/wp-content\/blogs.dir\/1\/files\/2026\/02\/dubai-skyline-burj-khalifa-sunset.jpg\" \/>\n\t<meta property=\"og:image:width\" content=\"1376\" \/>\n\t<meta property=\"og:image:height\" content=\"768\" \/>\n\t<meta property=\"og:image:type\" content=\"image\/jpeg\" \/>\n<meta name=\"twitter:card\" content=\"summary_large_image\" \/>\n<script type=\"application\/ld+json\" class=\"yoast-schema-graph\">{\"@context\":\"https:\\\/\\\/schema.org\",\"@graph\":[{\"@type\":\"WebPage\",\"@id\":\"https:\\\/\\\/citygame.com\\\/de\\\/standorte\\\/city-game-uae\\\/city-game-dubai-2\\\/\",\"url\":\"https:\\\/\\\/citygame.com\\\/de\\\/standorte\\\/city-game-uae\\\/city-game-dubai-2\\\/\",\"name\":\"City Game Dubai - City Game\",\"isPartOf\":{\"@id\":\"https:\\\/\\\/citygame.com\\\/de\\\/#website\"},\"primaryImageOfPage\":{\"@id\":\"https:\\\/\\\/citygame.com\\\/de\\\/standorte\\\/city-game-uae\\\/city-game-dubai-2\\\/#primaryimage\"},\"image\":{\"@id\":\"https:\\\/\\\/citygame.com\\\/de\\\/standorte\\\/city-game-uae\\\/city-game-dubai-2\\\/#primaryimage\"},\"thumbnailUrl\":\"https:\\\/\\\/citygame.com\\\/wp-content\\\/blogs.dir\\\/1\\\/files\\\/2026\\\/02\\\/dubai-skyline-burj-khalifa-sunset.jpg\",\"datePublished\":\"2026-02-12T15:08:13+00:00\",\"dateModified\":\"2026-04-23T08:00:43+00:00\",\"breadcrumb\":{\"@id\":\"https:\\\/\\\/citygame.com\\\/de\\\/standorte\\\/city-game-uae\\\/city-game-dubai-2\\\/#breadcrumb\"},\"inLanguage\":\"de\",\"potentialAction\":[{\"@type\":\"ReadAction\",\"target\":[\"https:\\\/\\\/citygame.com\\\/de\\\/standorte\\\/city-game-uae\\\/city-game-dubai-2\\\/\"]}]},{\"@type\":\"ImageObject\",\"inLanguage\":\"de\",\"@id\":\"https:\\\/\\\/citygame.com\\\/de\\\/standorte\\\/city-game-uae\\\/city-game-dubai-2\\\/#primaryimage\",\"url\":\"https:\\\/\\\/citygame.com\\\/wp-content\\\/blogs.dir\\\/1\\\/files\\\/2026\\\/02\\\/dubai-skyline-burj-khalifa-sunset.jpg\",\"contentUrl\":\"https:\\\/\\\/citygame.com\\\/wp-content\\\/blogs.dir\\\/1\\\/files\\\/2026\\\/02\\\/dubai-skyline-burj-khalifa-sunset.jpg\",\"width\":1376,\"height\":768,\"caption\":\"People enjoy the view of the Downtown Dubai skyline from a waterfront promenade at golden hour.\"},{\"@type\":\"BreadcrumbList\",\"@id\":\"https:\\\/\\\/citygame.com\\\/de\\\/standorte\\\/city-game-uae\\\/city-game-dubai-2\\\/#breadcrumb\",\"itemListElement\":[{\"@type\":\"ListItem\",\"position\":1,\"name\":\"Home\",\"item\":\"https:\\\/\\\/citygame.com\\\/de\\\/\"},{\"@type\":\"ListItem\",\"position\":2,\"name\":\"Standorte\",\"item\":\"https:\\\/\\\/citygame.com\\\/de\\\/standorte\\\/\"},{\"@type\":\"ListItem\",\"position\":3,\"name\":\"City Game UAE\",\"item\":\"https:\\\/\\\/citygame.com\\\/de\\\/standorte\\\/city-game-uae\\\/\"},{\"@type\":\"ListItem\",\"position\":4,\"name\":\"City Game Dubai\"}]},{\"@type\":\"WebSite\",\"@id\":\"https:\\\/\\\/citygame.com\\\/de\\\/#website\",\"url\":\"https:\\\/\\\/citygame.com\\\/de\\\/\",\"name\":\"City Game\",\"description\":\"\",\"publisher\":{\"@id\":\"https:\\\/\\\/citygame.com\\\/de\\\/#organization\"},\"alternateName\":\"citygame.com\",\"potentialAction\":[{\"@type\":\"SearchAction\",\"target\":{\"@type\":\"EntryPoint\",\"urlTemplate\":\"https:\\\/\\\/citygame.com\\\/de\\\/?s={search_term_string}\"},\"query-input\":{\"@type\":\"PropertyValueSpecification\",\"valueRequired\":true,\"valueName\":\"search_term_string\"}}],\"inLanguage\":\"de\"},{\"@type\":\"Organization\",\"@id\":\"https:\\\/\\\/citygame.com\\\/de\\\/#organization\",\"name\":\"City Game\",\"alternateName\":\"citygame.com\",\"url\":\"https:\\\/\\\/citygame.com\\\/de\\\/\",\"logo\":{\"@type\":\"ImageObject\",\"inLanguage\":\"de\",\"@id\":\"https:\\\/\\\/citygame.com\\\/de\\\/#\\\/schema\\\/logo\\\/image\\\/\",\"url\":\"https:\\\/\\\/citygame.com\\\/wp-content\\\/blogs.dir\\\/1\\\/files\\\/2025\\\/10\\\/CG_LOGO-City-Game.png\",\"contentUrl\":\"https:\\\/\\\/citygame.com\\\/wp-content\\\/blogs.dir\\\/1\\\/files\\\/2025\\\/10\\\/CG_LOGO-City-Game.png\",\"width\":351,\"height\":377,\"caption\":\"City Game\"},\"image\":{\"@id\":\"https:\\\/\\\/citygame.com\\\/de\\\/#\\\/schema\\\/logo\\\/image\\\/\"},\"sameAs\":[\"https:\\\/\\\/www.facebook.com\\\/profile.php?id=100086426226253\",\"https:\\\/\\\/www.instagram.com\\\/citygame_com\",\"https:\\\/\\\/www.tiktok.com\\\/@citygamecom\\\/\",\"https:\\\/\\\/www.linkedin.com\\\/company\\\/citygame-com\"],\"description\":\"Turn any city into a playground with our interactive City Games and self-guided tours. Fun, flexible, and ideal for groups and team building.\"}]}<\/script>\n<!-- \/ Yoast SEO Premium plugin. -->","yoast_head_json":{"title":"City Game Dubai - City Game","robots":{"index":"index","follow":"follow","max-snippet":"max-snippet:-1","max-image-preview":"max-image-preview:large","max-video-preview":"max-video-preview:-1"},"canonical":"https:\/\/citygame.com\/de\/standorte\/city-game-uae\/city-game-dubai-2\/","og_locale":"de_DE","og_type":"article","og_title":"City Game Dubai","og_url":"https:\/\/citygame.com\/de\/standorte\/city-game-uae\/city-game-dubai-2\/","og_site_name":"City Game","article_publisher":"https:\/\/www.facebook.com\/profile.php?id=100086426226253","article_modified_time":"2026-04-23T08:00:43+00:00","og_image":[{"width":1376,"height":768,"url":"https:\/\/citygame.com\/wp-content\/blogs.dir\/1\/files\/2026\/02\/dubai-skyline-burj-khalifa-sunset.jpg","type":"image\/jpeg"}],"twitter_card":"summary_large_image","schema":{"@context":"https:\/\/schema.org","@graph":[{"@type":"WebPage","@id":"https:\/\/citygame.com\/de\/standorte\/city-game-uae\/city-game-dubai-2\/","url":"https:\/\/citygame.com\/de\/standorte\/city-game-uae\/city-game-dubai-2\/","name":"City Game Dubai - City Game","isPartOf":{"@id":"https:\/\/citygame.com\/de\/#website"},"primaryImageOfPage":{"@id":"https:\/\/citygame.com\/de\/standorte\/city-game-uae\/city-game-dubai-2\/#primaryimage"},"image":{"@id":"https:\/\/citygame.com\/de\/standorte\/city-game-uae\/city-game-dubai-2\/#primaryimage"},"thumbnailUrl":"https:\/\/citygame.com\/wp-content\/blogs.dir\/1\/files\/2026\/02\/dubai-skyline-burj-khalifa-sunset.jpg","datePublished":"2026-02-12T15:08:13+00:00","dateModified":"2026-04-23T08:00:43+00:00","breadcrumb":{"@id":"https:\/\/citygame.com\/de\/standorte\/city-game-uae\/city-game-dubai-2\/#breadcrumb"},"inLanguage":"de","potentialAction":[{"@type":"ReadAction","target":["https:\/\/citygame.com\/de\/standorte\/city-game-uae\/city-game-dubai-2\/"]}]},{"@type":"ImageObject","inLanguage":"de","@id":"https:\/\/citygame.com\/de\/standorte\/city-game-uae\/city-game-dubai-2\/#primaryimage","url":"https:\/\/citygame.com\/wp-content\/blogs.dir\/1\/files\/2026\/02\/dubai-skyline-burj-khalifa-sunset.jpg","contentUrl":"https:\/\/citygame.com\/wp-content\/blogs.dir\/1\/files\/2026\/02\/dubai-skyline-burj-khalifa-sunset.jpg","width":1376,"height":768,"caption":"People enjoy the view of the Downtown Dubai skyline from a waterfront promenade at golden hour."},{"@type":"BreadcrumbList","@id":"https:\/\/citygame.com\/de\/standorte\/city-game-uae\/city-game-dubai-2\/#breadcrumb","itemListElement":[{"@type":"ListItem","position":1,"name":"Home","item":"https:\/\/citygame.com\/de\/"},{"@type":"ListItem","position":2,"name":"Standorte","item":"https:\/\/citygame.com\/de\/standorte\/"},{"@type":"ListItem","position":3,"name":"City Game UAE","item":"https:\/\/citygame.com\/de\/standorte\/city-game-uae\/"},{"@type":"ListItem","position":4,"name":"City Game Dubai"}]},{"@type":"WebSite","@id":"https:\/\/citygame.com\/de\/#website","url":"https:\/\/citygame.com\/de\/","name":"City Game","description":"","publisher":{"@id":"https:\/\/citygame.com\/de\/#organization"},"alternateName":"citygame.com","potentialAction":[{"@type":"SearchAction","target":{"@type":"EntryPoint","urlTemplate":"https:\/\/citygame.com\/de\/?s={search_term_string}"},"query-input":{"@type":"PropertyValueSpecification","valueRequired":true,"valueName":"search_term_string"}}],"inLanguage":"de"},{"@type":"Organization","@id":"https:\/\/citygame.com\/de\/#organization","name":"City Game","alternateName":"citygame.com","url":"https:\/\/citygame.com\/de\/","logo":{"@type":"ImageObject","inLanguage":"de","@id":"https:\/\/citygame.com\/de\/#\/schema\/logo\/image\/","url":"https:\/\/citygame.com\/wp-content\/blogs.dir\/1\/files\/2025\/10\/CG_LOGO-City-Game.png","contentUrl":"https:\/\/citygame.com\/wp-content\/blogs.dir\/1\/files\/2025\/10\/CG_LOGO-City-Game.png","width":351,"height":377,"caption":"City Game"},"image":{"@id":"https:\/\/citygame.com\/de\/#\/schema\/logo\/image\/"},"sameAs":["https:\/\/www.facebook.com\/profile.php?id=100086426226253","https:\/\/www.instagram.com\/citygame_com","https:\/\/www.tiktok.com\/@citygamecom\/","https:\/\/www.linkedin.com\/company\/citygame-com"],"description":"Turn any city into a playground with our interactive City Games and self-guided tours. Fun, flexible, and ideal for groups and team building."}]}},"taxonomy_info":{"cities-only-parent-location":[{"value":541,"label":"Uae"}],"cg_page_type":[{"value":45,"label":"City overview page"}]},"featured_image_src_large":["https:\/\/citygame.com\/wp-content\/blogs.dir\/1\/files\/2026\/02\/dubai-skyline-burj-khalifa-sunset-1024x572.jpg",1024,572,true],"author_info":{"display_name":"Philip","author_link":"https:\/\/citygame.com\/de\/blog\/author\/sophi2\/"},"comment_info":0,"wpml_current_locale":"de_DE","wpml_translations":{"nl_NL":{"locale":"nl_NL","id":226771,"slug":"city-game-dubai-2","post_title":"City Game Dubai","href":"https:\/\/citygame.com\/nl\/locaties\/city-game-uae\/city-game-dubai-2\/"},"en_US":{"locale":"en_US","id":13053,"slug":"city-game-dubai","post_title":"City Game Dubai","href":"https:\/\/citygame.com\/locations\/uae\/city-game-dubai\/"},"fr_FR":{"locale":"fr_FR","id":226786,"slug":"city-game-dubai-2","post_title":"City Game Dubai","href":"https:\/\/citygame.com\/fr\/emplacements\/city-game-uae\/city-game-dubai-2\/"},"de_DE":{"locale":"de_DE","translation":"current"},"it_IT":{"locale":"it_IT","translation":false},"es_ES":{"locale":"es_ES","id":226784,"slug":"city-game-dubai-2","post_title":"City Game Dub\u00e1i","href":"https:\/\/citygame.com\/es\/localizaciones\/city-game-uae\/city-game-dubai-2\/"}},"_links":{"self":[{"href":"https:\/\/citygame.com\/de\/wp-json\/wp\/v2\/pages\/226780","targetHints":{"allow":["GET"]}}],"collection":[{"href":"https:\/\/citygame.com\/de\/wp-json\/wp\/v2\/pages"}],"about":[{"href":"https:\/\/citygame.com\/de\/wp-json\/wp\/v2\/types\/page"}],"author":[{"embeddable":true,"href":"https:\/\/citygame.com\/de\/wp-json\/wp\/v2\/users\/78"}],"replies":[{"embeddable":true,"href":"https:\/\/citygame.com\/de\/wp-json\/wp\/v2\/comments?post=226780"}],"version-history":[{"count":0,"href":"https:\/\/citygame.com\/de\/wp-json\/wp\/v2\/pages\/226780\/revisions"}],"up":[{"embeddable":true,"href":"https:\/\/citygame.com\/de\/wp-json\/wp\/v2\/pages\/227139"}],"acf:term":[{"embeddable":true,"taxonomy":"cities-only-parent-location","href":"https:\/\/citygame.com\/de\/wp-json\/wp\/v2\/cities-only-parent-location\/541"},{"embeddable":true,"taxonomy":"location","href":"https:\/\/citygame.com\/de\/wp-json\/wp\/v2\/location\/146"}],"wp:featuredmedia":[{"embeddable":true,"href":"https:\/\/citygame.com\/de\/wp-json\/wp\/v2\/media\/13042"}],"wp:attachment":[{"href":"https:\/\/citygame.com\/de\/wp-json\/wp\/v2\/media?parent=226780"}],"wp:term":[{"taxonomy":"cities-only-parent-location","embeddable":true,"href":"https:\/\/citygame.com\/de\/wp-json\/wp\/v2\/cities-only-parent-location?post=226780"},{"taxonomy":"countries-only-parent-locations","embeddable":true,"href":"https:\/\/citygame.com\/de\/wp-json\/wp\/v2\/countries-only-parent-locations?post=226780"},{"taxonomy":"seo_keyword","embeddable":true,"href":"https:\/\/citygame.com\/de\/wp-json\/wp\/v2\/seo_keyword?post=226780"},{"taxonomy":"cg_page_type","embeddable":true,"href":"https:\/\/citygame.com\/de\/wp-json\/wp\/v2\/cg_page_type?post=226780"}],"curies":[{"name":"wp","href":"https:\/\/api.w.org\/{rel}","templated":true}]}}