{"id":227377,"date":"2026-02-11T16:41:08","date_gmt":"2026-02-11T16:41:08","guid":{"rendered":"https:\/\/citygame.com\/locations\/morocco\/city-game-fez-2\/"},"modified":"2026-04-23T13:33:56","modified_gmt":"2026-04-23T13:33:56","slug":"city-game-fez-2","status":"publish","type":"page","link":"https:\/\/citygame.com\/de\/standorte\/city-game-marokko\/city-game-fez-2\/","title":{"rendered":"City Game Fez"},"content":{"rendered":"","protected":false},"excerpt":{"rendered":"","protected":false},"author":78,"featured_media":12702,"parent":226469,"menu_order":0,"comment_status":"closed","ping_status":"closed","template":"","meta":{"_acf_changed":false,"_yoast_wpseo_focuskw":"City Game Fez","_yoast_wpseo_metadesc":"","_kad_blocks_custom_css":"","_kad_blocks_head_custom_js":"","_kad_blocks_body_custom_js":"","_kad_blocks_footer_custom_js":"","_kad_post_transparent":"","_kad_post_title":"","_kad_post_layout":"","_kad_post_sidebar_id":"","_kad_post_content_style":"","_kad_post_vertical_padding":"","_kad_post_feature":"","_kad_post_feature_position":"","_kad_post_header":false,"_kad_post_footer":false,"_kad_post_classname":"","footnotes":""},"cities-only-parent-location":[507],"countries-only-parent-locations":[],"seo_keyword":[],"cg_page_type":[45],"class_list":["post-227377","page","type-page","status-publish","has-post-thumbnail","hentry","cities-only-parent-location-morocco","cg_page_type-city-overview-page"],"acf":{"city_name":"Fez","select_city":162,"section_1_h2_city_games_in_city":"City Games in Fez","intro_text":"City Games sind in Fez erh\u00e4ltlich und bieten eine interaktive Art, die Stadt durch mitrei\u00dfendes Gameplay zu erleben. Mit deinem Smartphone l\u00f6st du R\u00e4tsel und Aufgaben, w\u00e4hrend du dich in deinem eigenen Tempo durch die Stra\u00dfen nimmst. Dieses selbstgesteuerte Format erm\u00f6glicht es dir, Fez durch eine Reihe von Aufgaben zu erkunden, die digitale Interaktion mit der realen Umgebung verbinden.","section_1_usp_1":"Starten, Pausieren & Fortsetzen, wann immer du willst","section_1_usp_2":"Unabh\u00e4ngig spielen","section_1_usp_3":"1-4 oder 2-5 Personen pro Smartphone, je nach Spiel","section_1_usp_4":"Spielzeit von ca. 1,5-2 Stunden","section_1_usp_5":"3-4 km Gehstrecke","section_1_usp_6":"Internetverbindung erforderlich","section_1_text_2":"W\u00e4hle dein City Game und spiele noch heute!","section_1_cta":"Alle City Games anzeigen","intro_image":12703,"section_2_h2_all_city_games_in_city":"All City Games in Fez","section_3_h2_how_city_games_work_in_city":"How City Games work in Fez","section_3_text":"City Games in Fez sind vollst\u00e4ndig selbstgef\u00fchrte Erlebnisse, die dir erm\u00f6glichen, die Stadt in deinem eigenen Tempo zu erkunden. Mit deinem eigenen Smartphone gehst du durch das Stadtzentrum, l\u00f6st R\u00e4tsel, bew\u00e4ltigst Aufgaben und folgst der Handlung deines gew\u00e4hlten City Game, w\u00e4hrend du durch die Stadt gehst.\r\n\r\nDu entscheidest, wann du startest, wo du Pausen machst und wie schnell du spielst. Kein F\u00fchrer, kein Zeitplan oder Reservierung ist erforderlich.","section_3_usp_1":"Spiele in Teams von Freunden, Familie oder Kollegen","section_3_usp_2":"Starte, wann immer du willst; kein Guide oder Personal n\u00f6tig","section_3_usp_3":"Nutze dein eigenes Smartphone oder Tablet","section_3_usp_4":"Durchquere die Stadt, w\u00e4hrend du R\u00e4tsel und Herausforderungen l\u00f6st","section_3_usp_5":"Lerne interessante Fakten \u00fcber Geschichte, Kultur und Wahrzeichen","section_3_usp_6":"In mehreren Sprachen verf\u00fcgbar","section_3_cta":"Choose your City Game","section_3_step_1":"Step 1","section_3_step_1_title":"Book your City Game","section_3_step_1_text":"W\u00e4hle deine Stadt und dein Spiel und erhalte nach der Buchung alles sofort.","section_3_step_2":"Step 2","section_3_step_2_title":"Check your instructions","section_3_step_2_text":"\u00d6ffne deine Best\u00e4tigungs-E-Mail mit deinem Startpunkt und wie du mit dem Spielen beginnst.","section_3_step_3":"Step 3","section_3_step_3_title":"Go to the starting location","section_3_step_3_text":"Gehe zum Startort, wann immer du m\u00f6chtest \u2013 kein fester Termin.","section_3_step_4":"Step 4","section_3_step_4_title":"Start playing","section_3_step_4_text":"Folge den Hinweisen, l\u00f6se R\u00e4tsel und erkunde die Stadt in deinem eigenen Tempo!","how_city_games_work_image":12704,"section_4_h2_who_are_city_games_in_city_for":"F\u00fcr wen sind City Games in Fez geeignet?","section_4_text":"City Games in Fez sind f\u00fcr alle konzipiert, die die Stadt auf interaktive und flexible Weise erleben m\u00f6chten. Egal, ob du Fez zum ersten Mal besuchst oder die Stadt bereits gut kennst, bieten City Games eine unterhaltsame Aktivit\u00e4t, die sich leicht in deinen Tag integrieren l\u00e4sst.","section_4_text_2":"City Games in Fez eignen sich f\u00fcr:","section_4_usp_1":"Alleinspieler oder kleine Gruppen, die ein flexibles Abenteuer suchen.","section_4_usp_2":"Touristen, die Fez entdecken","section_4_usp_3":"Freunde und Familien, die eine unterhaltsame Aktivit\u00e4t suchen","section_4_usp_4":"Unternehmen und Teams, die eine Teambuilding-Veranstaltung planen","section_4_usp_5":"Einheimische, die ihre eigene Stadt neu entdecken m\u00f6chten","section_4_cta":"W\u00e4hle dein City Game","who_are_city_games_for_image":12705,"section_5_h2_exploring_city":"Fez entdecken","exploring_city_text":"Das Umherwandern durch Fez ist ein Schritt in eine vielschichtige Geschichte, in der die engen Gassen der Medina Fez el-Bali den Rhythmus des t\u00e4glichen Lebens und jahrhundertealte Traditionen tragen. Diese UNESCO-gesch\u00fctzte Altstadt ist ber\u00fchmt labyrinthartig; ihr Netz aus engen Durchg\u00e4ngen windet sich an gepflasterten Innenh\u00f6fen, belebten Souks und versteckten Moscheen vorbei. Jenseits der Medina bietet die neuere Ville Nouvelle einen klaren Kontrast mit breiten Boulevards und franz\u00f6sischem Kolonialerbe, was ein anderes Gef\u00fchl von Bewegung und Offenheit vermittelt. Gleichzeitig verleiht die Beziehung der Stadt zum Oued F\u00e8s zu ihrer physischen und historischen Topografie eine weitere Ebene, teilt Viertel und definiert sie, w\u00e4hrend sie sie durch Jahrhunderte urbanen Wachstums verbindet.","exploring_city_image":12706,"section_6_h2_hosted_game":"Your favourite City Games, professionally hosted by our team","section_6_text":"Genie\u00dfe dieselben City Games wie in unserer selbstgef\u00fchrten Version, jedoch mit vollst\u00e4ndiger Vor-Ort-Unterst\u00fctzung durch unsere professionellen Hosts. Wir \u00fcbernehmen Briefing, Tablets, Koordination und technischen Support, damit deine Gruppe sich ganz auf Spa\u00df und Wettbewerb konzentrieren kann.","section_6_text_2":"What\u2019s included:","section_6_usp_1_title":"Same City Game, fully hosted","section_6_usp_1_text":"Du spielst exakt das gleiche Erlebnis wie unsere selbstgef\u00fchrte Version, diesmal mit unseren Hosts, die deine Gruppe anleiten.","section_6_usp_2_title":"Live ranking & prize ceremony","section_6_usp_2_text":"F\u00fcr gr\u00f6\u00dfere Gruppen geben unsere Hosts die Endergebnisse bekannt und verk\u00fcnden das Siegerteam mit einem unterhaltsamen Preis-Moment.","section_6_usp_3_title":"Hosted start & finish","section_6_usp_3_text":"Wir hei\u00dfen deine Gruppe willkommen, erkl\u00e4ren das Spiel deutlich und schlie\u00dfen mit einem spannenden Wrap-up ab.","section_6_usp_4_title":"Real-time support during the game","section_6_usp_4_text":"Unser Team unterst\u00fctzt w\u00e4hrend des Erlebnisses bei Ger\u00e4ten, App-Problemen und Koordination.","section_6_usp_5_title":"Tablets included (optional)","section_6_usp_5_text":"Verf\u00fcgbar f\u00fcr Gruppen, die unsere Ger\u00e4te statt eigener bevorzugen.","section_6_text_3":"Trusted by teams worldwide, from small groups to large corporate events.","section_6_cta":"Plane dein Gruppen-Event","section_7_h2_reviews":"Was andere von unseren City Games halten","section_7_cta_1":"Alle Bewertungen","section_7_cta_2":"Bewertung schreiben","section_8_h2_faq":"Haben Sie Fragen? Wir haben Antworten!","section_8_text":"Schauen Sie sich unsere h\u00e4ufig gestellten Fragen an und erfahren Sie alles, was Sie wissen m\u00f6chten. Ist Ihre Frage nicht dabei? Kontaktieren Sie uns gerne.","section_8_cta_1":"Alle h\u00e4ufig gestellten Fragen anzeigen","section_8_cta_2":"Support erhalten","section_8_question_1":"Was sind City Games in Fez?","section_8_answer_1":"City Games in Fez sind <strong>interaktive, selbstgesteuerte Erlebnisse<\/strong>, die dir erm\u00f6glichen, die Stadt beim Spielen zu erkunden!\r\n\r\nMit deinem Smartphone l\u00f6st du R\u00e4tsel, bew\u00e4ltigst Aufgaben und folgst der Handlung deines gew\u00e4hlten City Game, w\u00e4hrend du durch die Stadt gehst.\r\n\r\nCity Games verbinden Teamarbeit, Probleml\u00f6sung und Outdoor-Erkundung und sind damit eine spa\u00dfige Aktivit\u00e4t f\u00fcr Besucher, Einheimische und Gruppen.","section_8_question_2":"Brauche ich einen Guide, um ein City Game in Fez zu spielen?","section_8_answer_2":"<p class=\"kt-adv-heading2034_2420ea-ca wp-block-kadence-advancedheading\" data-kb-block=\"kb-adv-heading2034_2420ea-ca\">Nein, City Games in Fez sind <strong>vollst\u00e4ndig selbstgef\u00fchrt<\/strong>. Du brauchst keinen Guide, Host oder Personal vor Ort, um zu spielen. Alle Anweisungen und das Gameplay werden digital bereitgestellt, sodass du mit deinem eigenen Smartphone unabh\u00e4ngig starten und spielen kannst.<\/p>\r\nDiese Flexibilit\u00e4t macht City Games leicht in deinen eigenen Zeitplan zu integrieren.\r\n<p class=\"kt-adv-heading2034_cd3db2-33 wp-block-kadence-advancedheading hls-none\" data-kb-block=\"kb-adv-heading2034_cd3db2-33\">F\u00fcr gr\u00f6\u00dfere Gruppen oder Firmenveranstaltungen ist ebenfalls eine vollst\u00e4ndig gehostete Version unserer City Games erh\u00e4ltlich, einschlie\u00dflich Vor-Ort-Anleitung, Tablets und Live-Support.<\/p>\r\nPlanen Sie eine gr\u00f6\u00dfere Gruppe oder Firmenveranstaltung?","section_8_answer_2_cta":"Explore the hosted City Game experience for groups","section_8_question_3":"When can we start playing a City Game in Fez?","section_8_answer_3":"Du kannst <strong>wann immer es dir passt<\/strong> mit dem Spielen beginnen! City Games in Fez haben keine festen Startzeiten, du bist frei, zu dem Zeitpunkt zu beginnen, der zu deinen Pl\u00e4nen passt.\r\n\r\nNach der Buchung erh\u00e4ltst du klare Anweisungen, die erkl\u00e4ren, wie und wann du dein City Game starten kannst!","section_8_question_4":"How long does a City Game in Fez take?","section_8_answer_4":"Die City Games in Fez dauern <strong>ca. 1,5 bis 2 Stunden<\/strong>, bis sie abgeschlossen sind! Die genaue Dauer h\u00e4ngt von deinem Tempo, wie viele Pausen du einlegst und wie schnell du R\u00e4tsel und Herausforderungen l\u00f6st.\r\n\r\nDu kannst in deinem eigenen Tempo spielen und das Spiel jederzeit pausieren!","section_8_question_5":"Can we play a City Game in Fez with a large group?","section_8_answer_5":"<p class=\"kt-adv-heading2034_97743b-76 wp-block-kadence-advancedheading\" data-kb-block=\"kb-adv-heading2034_97743b-76\">Ja, City Games eignen sich sowohl f\u00fcr kleine Gruppen als auch f\u00fcr gr\u00f6\u00dfere Teams. Gro\u00dfe Gruppen k\u00f6nnen sich leicht in kleinere Teams aufteilen und das City Game gleichzeitig spielen, mit mehreren Smartphones. Jedes Team spielt unabh\u00e4ngig, folgt demselben Spielkonzept und derselben Handlung.<\/p>\r\nDieses Setup funktioniert gut f\u00fcr Gruppen von Freunden, Familien und Firmen und macht City Games zu einer beliebten Wahl f\u00fcr Teamausfl\u00fcge, Veranstaltungen und Teambuilding-Aktivit\u00e4ten.\r\n<p class=\"kt-adv-heading2034_7442e3-e3 wp-block-kadence-advancedheading hls-none\" data-kb-block=\"kb-adv-heading2034_7442e3-e3\">F\u00fcr gr\u00f6\u00dfere Gruppen oder Firmenveranstaltungen ist ebenfalls eine vollst\u00e4ndig gehostete Version unserer City Games erh\u00e4ltlich, einschlie\u00dflich Vor-Ort-Anleitung, Tablets und Live-Support.<\/p>\r\nPlanen Sie eine gr\u00f6\u00dfere Gruppe oder Firmenveranstaltung?","section_8_answer_5_cta":"Explore the hosted City Game experience for groups","section_8_question_6":"Are City Games in Fez suitable for tourists and locals?","section_8_answer_6":"Ja, City Games in Fez eignen sich sowohl f\u00fcr <strong>Touristen als auch Einheimische<\/strong>. Besucher k\u00f6nnen die Stadt auf interaktive Weise erleben, w\u00e4hrend Einheimische vertraute Stra\u00dfen als Schauplatz f\u00fcr ein City Game genie\u00dfen k\u00f6nnen.\r\n\r\nDa sich jedes City Game auf Gameplay und Erz\u00e4hlung konzentriert, wirkt das Erlebnis frisch, unabh\u00e4ngig davon, wie gut du die Stadt bereits kennst.","section_8_question_7":"Are City Games in Fez available in multiple languages?","section_8_answer_7":"Ja, City Games in Fez sind <strong>in mehreren Sprachen verf\u00fcgbar<\/strong>. Du kannst vor oder w\u00e4hrend des Spiels deine bevorzugte Sprache ausw\u00e4hlen, wodurch City Games f\u00fcr internationale Besucher und Gruppen mit gemischten Sprachen zug\u00e4nglich sind.","section_8_question_8":"What do we need to play a City Game in Fez?","section_8_answer_8":"Was brauchst du, um ein City Game in Fez zu spielen?","section_8_answer_8_usp_1":"Ein Smartphone mit Internetverbindung","section_8_answer_8_usp_2":"Ein aufgeladenes Akku","section_8_answer_8_usp_3":"Bequeme Wanderschuhe","section_8_answer_8_2":"Alle Spielinhalte und Anleitungen werden nach der Buchung digital bereitgestellt.","section_9_h2_instagram":"Mehr auf Instagram sehen","section_9_text":"Reiseinspirationen, R\u00e4tsel, verborgene Sch\u00e4tze & City Game-Momente \u2013 direkt aus unserer Community","section_9_cta":"Folge uns auf Instagram","section_10_h2_page_ending":"Bereit f\u00fcr ein unvergessliches Abenteuer in Fez?","section_10_text":"Erkunde Fez auf eine einzigartige und interaktive Weise mit unseren City Games. Spiele noch heute und schaffe bleibende Erinnerungen!","section_10_cta":"Buche dein City Game jetzt","latitude":34.0618123,"longitude":-4.9837861,"country":507,"map_enabled":true},"yoast_head":"<!-- This site is optimized with the Yoast SEO Premium plugin v26.2 (Yoast SEO v27.4) - https:\/\/yoast.com\/product\/yoast-seo-premium-wordpress\/ -->\n<title>City Game Fez - City Game<\/title>\n<meta name=\"robots\" content=\"index, follow, max-snippet:-1, max-image-preview:large, max-video-preview:-1\" \/>\n<link rel=\"canonical\" href=\"https:\/\/citygame.com\/de\/standorte\/city-game-marokko\/city-game-fez-2\/\" \/>\n<meta property=\"og:locale\" content=\"de_DE\" \/>\n<meta property=\"og:type\" content=\"article\" \/>\n<meta property=\"og:title\" content=\"City Game Fez\" \/>\n<meta property=\"og:url\" content=\"https:\/\/citygame.com\/de\/standorte\/city-game-marokko\/city-game-fez-2\/\" \/>\n<meta property=\"og:site_name\" content=\"City Game\" \/>\n<meta property=\"article:publisher\" content=\"https:\/\/www.facebook.com\/profile.php?id=100086426226253\" \/>\n<meta property=\"article:modified_time\" content=\"2026-04-23T13:33:56+00:00\" \/>\n<meta property=\"og:image\" content=\"https:\/\/citygame.com\/wp-content\/blogs.dir\/1\/files\/2026\/02\/fez-medina-cityscape-golden-hour.jpg\" \/>\n\t<meta property=\"og:image:width\" content=\"1376\" \/>\n\t<meta property=\"og:image:height\" content=\"768\" \/>\n\t<meta property=\"og:image:type\" content=\"image\/jpeg\" \/>\n<meta name=\"twitter:card\" content=\"summary_large_image\" \/>\n<script type=\"application\/ld+json\" class=\"yoast-schema-graph\">{\"@context\":\"https:\\\/\\\/schema.org\",\"@graph\":[{\"@type\":\"WebPage\",\"@id\":\"https:\\\/\\\/citygame.com\\\/de\\\/standorte\\\/city-game-marokko\\\/city-game-fez-2\\\/\",\"url\":\"https:\\\/\\\/citygame.com\\\/de\\\/standorte\\\/city-game-marokko\\\/city-game-fez-2\\\/\",\"name\":\"City Game Fez - City Game\",\"isPartOf\":{\"@id\":\"https:\\\/\\\/citygame.com\\\/de\\\/#website\"},\"primaryImageOfPage\":{\"@id\":\"https:\\\/\\\/citygame.com\\\/de\\\/standorte\\\/city-game-marokko\\\/city-game-fez-2\\\/#primaryimage\"},\"image\":{\"@id\":\"https:\\\/\\\/citygame.com\\\/de\\\/standorte\\\/city-game-marokko\\\/city-game-fez-2\\\/#primaryimage\"},\"thumbnailUrl\":\"https:\\\/\\\/citygame.com\\\/wp-content\\\/blogs.dir\\\/1\\\/files\\\/2026\\\/02\\\/fez-medina-cityscape-golden-hour.jpg\",\"datePublished\":\"2026-02-11T16:41:08+00:00\",\"dateModified\":\"2026-04-23T13:33:56+00:00\",\"breadcrumb\":{\"@id\":\"https:\\\/\\\/citygame.com\\\/de\\\/standorte\\\/city-game-marokko\\\/city-game-fez-2\\\/#breadcrumb\"},\"inLanguage\":\"de\",\"potentialAction\":[{\"@type\":\"ReadAction\",\"target\":[\"https:\\\/\\\/citygame.com\\\/de\\\/standorte\\\/city-game-marokko\\\/city-game-fez-2\\\/\"]}]},{\"@type\":\"ImageObject\",\"inLanguage\":\"de\",\"@id\":\"https:\\\/\\\/citygame.com\\\/de\\\/standorte\\\/city-game-marokko\\\/city-game-fez-2\\\/#primaryimage\",\"url\":\"https:\\\/\\\/citygame.com\\\/wp-content\\\/blogs.dir\\\/1\\\/files\\\/2026\\\/02\\\/fez-medina-cityscape-golden-hour.jpg\",\"contentUrl\":\"https:\\\/\\\/citygame.com\\\/wp-content\\\/blogs.dir\\\/1\\\/files\\\/2026\\\/02\\\/fez-medina-cityscape-golden-hour.jpg\",\"width\":1376,\"height\":768,\"caption\":\"An elevated view of the historic medina in Fez, Morocco, during the golden hour. Photo: Photos By Lanty (Unsplash)\"},{\"@type\":\"BreadcrumbList\",\"@id\":\"https:\\\/\\\/citygame.com\\\/de\\\/standorte\\\/city-game-marokko\\\/city-game-fez-2\\\/#breadcrumb\",\"itemListElement\":[{\"@type\":\"ListItem\",\"position\":1,\"name\":\"Home\",\"item\":\"https:\\\/\\\/citygame.com\\\/de\\\/\"},{\"@type\":\"ListItem\",\"position\":2,\"name\":\"Standorte\",\"item\":\"https:\\\/\\\/citygame.com\\\/de\\\/standorte\\\/\"},{\"@type\":\"ListItem\",\"position\":3,\"name\":\"City Game Marokko\",\"item\":\"https:\\\/\\\/citygame.com\\\/de\\\/standorte\\\/city-game-marokko\\\/\"},{\"@type\":\"ListItem\",\"position\":4,\"name\":\"City Game Fez\"}]},{\"@type\":\"WebSite\",\"@id\":\"https:\\\/\\\/citygame.com\\\/de\\\/#website\",\"url\":\"https:\\\/\\\/citygame.com\\\/de\\\/\",\"name\":\"City Game\",\"description\":\"\",\"publisher\":{\"@id\":\"https:\\\/\\\/citygame.com\\\/de\\\/#organization\"},\"alternateName\":\"citygame.com\",\"potentialAction\":[{\"@type\":\"SearchAction\",\"target\":{\"@type\":\"EntryPoint\",\"urlTemplate\":\"https:\\\/\\\/citygame.com\\\/de\\\/?s={search_term_string}\"},\"query-input\":{\"@type\":\"PropertyValueSpecification\",\"valueRequired\":true,\"valueName\":\"search_term_string\"}}],\"inLanguage\":\"de\"},{\"@type\":\"Organization\",\"@id\":\"https:\\\/\\\/citygame.com\\\/de\\\/#organization\",\"name\":\"City Game\",\"alternateName\":\"citygame.com\",\"url\":\"https:\\\/\\\/citygame.com\\\/de\\\/\",\"logo\":{\"@type\":\"ImageObject\",\"inLanguage\":\"de\",\"@id\":\"https:\\\/\\\/citygame.com\\\/de\\\/#\\\/schema\\\/logo\\\/image\\\/\",\"url\":\"https:\\\/\\\/citygame.com\\\/wp-content\\\/blogs.dir\\\/1\\\/files\\\/2025\\\/10\\\/CG_LOGO-City-Game.png\",\"contentUrl\":\"https:\\\/\\\/citygame.com\\\/wp-content\\\/blogs.dir\\\/1\\\/files\\\/2025\\\/10\\\/CG_LOGO-City-Game.png\",\"width\":351,\"height\":377,\"caption\":\"City Game\"},\"image\":{\"@id\":\"https:\\\/\\\/citygame.com\\\/de\\\/#\\\/schema\\\/logo\\\/image\\\/\"},\"sameAs\":[\"https:\\\/\\\/www.facebook.com\\\/profile.php?id=100086426226253\",\"https:\\\/\\\/www.instagram.com\\\/citygame_com\",\"https:\\\/\\\/www.tiktok.com\\\/@citygamecom\\\/\",\"https:\\\/\\\/www.linkedin.com\\\/company\\\/citygame-com\"],\"description\":\"Turn any city into a playground with our interactive City Games and self-guided tours. Fun, flexible, and ideal for groups and team building.\"}]}<\/script>\n<!-- \/ Yoast SEO Premium plugin. -->","yoast_head_json":{"title":"City Game Fez - City Game","robots":{"index":"index","follow":"follow","max-snippet":"max-snippet:-1","max-image-preview":"max-image-preview:large","max-video-preview":"max-video-preview:-1"},"canonical":"https:\/\/citygame.com\/de\/standorte\/city-game-marokko\/city-game-fez-2\/","og_locale":"de_DE","og_type":"article","og_title":"City Game Fez","og_url":"https:\/\/citygame.com\/de\/standorte\/city-game-marokko\/city-game-fez-2\/","og_site_name":"City Game","article_publisher":"https:\/\/www.facebook.com\/profile.php?id=100086426226253","article_modified_time":"2026-04-23T13:33:56+00:00","og_image":[{"width":1376,"height":768,"url":"https:\/\/citygame.com\/wp-content\/blogs.dir\/1\/files\/2026\/02\/fez-medina-cityscape-golden-hour.jpg","type":"image\/jpeg"}],"twitter_card":"summary_large_image","schema":{"@context":"https:\/\/schema.org","@graph":[{"@type":"WebPage","@id":"https:\/\/citygame.com\/de\/standorte\/city-game-marokko\/city-game-fez-2\/","url":"https:\/\/citygame.com\/de\/standorte\/city-game-marokko\/city-game-fez-2\/","name":"City Game Fez - City Game","isPartOf":{"@id":"https:\/\/citygame.com\/de\/#website"},"primaryImageOfPage":{"@id":"https:\/\/citygame.com\/de\/standorte\/city-game-marokko\/city-game-fez-2\/#primaryimage"},"image":{"@id":"https:\/\/citygame.com\/de\/standorte\/city-game-marokko\/city-game-fez-2\/#primaryimage"},"thumbnailUrl":"https:\/\/citygame.com\/wp-content\/blogs.dir\/1\/files\/2026\/02\/fez-medina-cityscape-golden-hour.jpg","datePublished":"2026-02-11T16:41:08+00:00","dateModified":"2026-04-23T13:33:56+00:00","breadcrumb":{"@id":"https:\/\/citygame.com\/de\/standorte\/city-game-marokko\/city-game-fez-2\/#breadcrumb"},"inLanguage":"de","potentialAction":[{"@type":"ReadAction","target":["https:\/\/citygame.com\/de\/standorte\/city-game-marokko\/city-game-fez-2\/"]}]},{"@type":"ImageObject","inLanguage":"de","@id":"https:\/\/citygame.com\/de\/standorte\/city-game-marokko\/city-game-fez-2\/#primaryimage","url":"https:\/\/citygame.com\/wp-content\/blogs.dir\/1\/files\/2026\/02\/fez-medina-cityscape-golden-hour.jpg","contentUrl":"https:\/\/citygame.com\/wp-content\/blogs.dir\/1\/files\/2026\/02\/fez-medina-cityscape-golden-hour.jpg","width":1376,"height":768,"caption":"An elevated view of the historic medina in Fez, Morocco, during the golden hour. Photo: Photos By Lanty (Unsplash)"},{"@type":"BreadcrumbList","@id":"https:\/\/citygame.com\/de\/standorte\/city-game-marokko\/city-game-fez-2\/#breadcrumb","itemListElement":[{"@type":"ListItem","position":1,"name":"Home","item":"https:\/\/citygame.com\/de\/"},{"@type":"ListItem","position":2,"name":"Standorte","item":"https:\/\/citygame.com\/de\/standorte\/"},{"@type":"ListItem","position":3,"name":"City Game Marokko","item":"https:\/\/citygame.com\/de\/standorte\/city-game-marokko\/"},{"@type":"ListItem","position":4,"name":"City Game Fez"}]},{"@type":"WebSite","@id":"https:\/\/citygame.com\/de\/#website","url":"https:\/\/citygame.com\/de\/","name":"City Game","description":"","publisher":{"@id":"https:\/\/citygame.com\/de\/#organization"},"alternateName":"citygame.com","potentialAction":[{"@type":"SearchAction","target":{"@type":"EntryPoint","urlTemplate":"https:\/\/citygame.com\/de\/?s={search_term_string}"},"query-input":{"@type":"PropertyValueSpecification","valueRequired":true,"valueName":"search_term_string"}}],"inLanguage":"de"},{"@type":"Organization","@id":"https:\/\/citygame.com\/de\/#organization","name":"City Game","alternateName":"citygame.com","url":"https:\/\/citygame.com\/de\/","logo":{"@type":"ImageObject","inLanguage":"de","@id":"https:\/\/citygame.com\/de\/#\/schema\/logo\/image\/","url":"https:\/\/citygame.com\/wp-content\/blogs.dir\/1\/files\/2025\/10\/CG_LOGO-City-Game.png","contentUrl":"https:\/\/citygame.com\/wp-content\/blogs.dir\/1\/files\/2025\/10\/CG_LOGO-City-Game.png","width":351,"height":377,"caption":"City Game"},"image":{"@id":"https:\/\/citygame.com\/de\/#\/schema\/logo\/image\/"},"sameAs":["https:\/\/www.facebook.com\/profile.php?id=100086426226253","https:\/\/www.instagram.com\/citygame_com","https:\/\/www.tiktok.com\/@citygamecom\/","https:\/\/www.linkedin.com\/company\/citygame-com"],"description":"Turn any city into a playground with our interactive City Games and self-guided tours. Fun, flexible, and ideal for groups and team building."}]}},"taxonomy_info":{"cities-only-parent-location":[{"value":507,"label":"Morocco"}],"cg_page_type":[{"value":45,"label":"City overview page"}]},"featured_image_src_large":["https:\/\/citygame.com\/wp-content\/blogs.dir\/1\/files\/2026\/02\/fez-medina-cityscape-golden-hour-1024x572.jpg",1024,572,true],"author_info":{"display_name":"Philip","author_link":"https:\/\/citygame.com\/de\/blog\/author\/sophi2\/"},"comment_info":0,"wpml_current_locale":"de_DE","wpml_translations":{"nl_NL":{"locale":"nl_NL","id":227370,"slug":"city-game-fez-2","post_title":"City Game Fez","href":"https:\/\/citygame.com\/nl\/locaties\/city-game-morocco\/city-game-fez-2\/"},"en_US":{"locale":"en_US","id":12707,"slug":"city-game-fez","post_title":"City Game Fez","href":"https:\/\/citygame.com\/locations\/morocco\/city-game-fez\/"},"fr_FR":{"locale":"fr_FR","id":227390,"slug":"city-game-fez-2","post_title":"City Game Fez","href":"https:\/\/citygame.com\/fr\/emplacements\/city-game-maroc\/city-game-fez-2\/"},"de_DE":{"locale":"de_DE","translation":"current"},"it_IT":{"locale":"it_IT","id":227399,"slug":"city-game-fez-2","post_title":"City Game Fez","href":"https:\/\/citygame.com\/it\/luoghi\/city-game-marocco\/city-game-fez-2\/"},"es_ES":{"locale":"es_ES","id":227383,"slug":"city-game-fez-2","post_title":"City Game Fez","href":"https:\/\/citygame.com\/es\/localizaciones\/city-game-morocco\/city-game-fez-2\/"}},"_links":{"self":[{"href":"https:\/\/citygame.com\/de\/wp-json\/wp\/v2\/pages\/227377","targetHints":{"allow":["GET"]}}],"collection":[{"href":"https:\/\/citygame.com\/de\/wp-json\/wp\/v2\/pages"}],"about":[{"href":"https:\/\/citygame.com\/de\/wp-json\/wp\/v2\/types\/page"}],"author":[{"embeddable":true,"href":"https:\/\/citygame.com\/de\/wp-json\/wp\/v2\/users\/78"}],"replies":[{"embeddable":true,"href":"https:\/\/citygame.com\/de\/wp-json\/wp\/v2\/comments?post=227377"}],"version-history":[{"count":0,"href":"https:\/\/citygame.com\/de\/wp-json\/wp\/v2\/pages\/227377\/revisions"}],"up":[{"embeddable":true,"href":"https:\/\/citygame.com\/de\/wp-json\/wp\/v2\/pages\/226469"}],"acf:term":[{"embeddable":true,"taxonomy":"cities-only-parent-location","href":"https:\/\/citygame.com\/de\/wp-json\/wp\/v2\/cities-only-parent-location\/507"},{"embeddable":true,"taxonomy":"location","href":"https:\/\/citygame.com\/de\/wp-json\/wp\/v2\/location\/162"}],"wp:featuredmedia":[{"embeddable":true,"href":"https:\/\/citygame.com\/de\/wp-json\/wp\/v2\/media\/12702"}],"wp:attachment":[{"href":"https:\/\/citygame.com\/de\/wp-json\/wp\/v2\/media?parent=227377"}],"wp:term":[{"taxonomy":"cities-only-parent-location","embeddable":true,"href":"https:\/\/citygame.com\/de\/wp-json\/wp\/v2\/cities-only-parent-location?post=227377"},{"taxonomy":"countries-only-parent-locations","embeddable":true,"href":"https:\/\/citygame.com\/de\/wp-json\/wp\/v2\/countries-only-parent-locations?post=227377"},{"taxonomy":"seo_keyword","embeddable":true,"href":"https:\/\/citygame.com\/de\/wp-json\/wp\/v2\/seo_keyword?post=227377"},{"taxonomy":"cg_page_type","embeddable":true,"href":"https:\/\/citygame.com\/de\/wp-json\/wp\/v2\/cg_page_type?post=227377"}],"curies":[{"name":"wp","href":"https:\/\/api.w.org\/{rel}","templated":true}]}}