{"id":227420,"date":"2026-03-17T12:12:26","date_gmt":"2026-03-17T12:12:26","guid":{"rendered":"https:\/\/citygame.com\/book\/buchen-sie-city-games-in-san-marino\/"},"modified":"2026-04-23T13:44:54","modified_gmt":"2026-04-23T13:44:54","slug":"buchen-sie-city-games-in-san-marino","status":"publish","type":"page","link":"https:\/\/citygame.com\/de\/buchen-sie-ihr-city-game\/buchen-sie-city-games-in-san-marino\/","title":{"rendered":"Buchen Sie City Games in San Marino"},"content":{"rendered":"","protected":false},"excerpt":{"rendered":"","protected":false},"author":78,"featured_media":12032,"parent":225814,"menu_order":0,"comment_status":"closed","ping_status":"closed","template":"","meta":{"_acf_changed":false,"_yoast_wpseo_focuskw":"Buchen Sie City Games in San Marino","_yoast_wpseo_metadesc":"","_kad_blocks_custom_css":"","_kad_blocks_head_custom_js":"","_kad_blocks_body_custom_js":"","_kad_blocks_footer_custom_js":"","_kad_post_transparent":"","_kad_post_title":"","_kad_post_layout":"","_kad_post_sidebar_id":"","_kad_post_content_style":"","_kad_post_vertical_padding":"","_kad_post_feature":"","_kad_post_feature_position":"","_kad_post_header":false,"_kad_post_footer":false,"_kad_post_classname":"","footnotes":""},"cities-only-parent-location":[],"countries-only-parent-locations":[],"seo_keyword":[],"cg_page_type":[636],"class_list":["post-227420","page","type-page","status-publish","has-post-thumbnail","hentry","cg_page_type-book-in-country-page"],"acf":{"country_name":"San Marino","select_country":522,"hero_h2":"Buchen Sie ein City Game in San Marino","hero_text":"Spielen Sie ein City Game in St\u00e4dten in ganz San Marino und erkunden Sie jedes Ziel auf spielerische und interaktive Weise. L\u00f6sen Sie R\u00e4tsel, bew\u00e4ltigen Sie Herausforderungen und entdecken Sie die Stadt, w\u00e4hrend Sie durch ihre Stra\u00dfen und Wahrzeichen gehen. W\u00e4hlen Sie unten Ihre Stadt und starten Sie Ihr Abenteuer.","hero_cta":"Alle Ziele in San Marino","section_2_h2_all_locations_in_country":"Alle Standorte in San Marino","section_3_h2_book_your_city_game_in_country":"Buchen Sie Ihr City Game in San Marino in nur wenigen Schritten","section_3_text":"Der Einstieg ist einfach. W\u00e4hlen Sie Ihr City Game in San Marino, buchen Sie Ihr Abenteuer und beginnen Sie zu spielen, wann immer es Ihnen passt. Alles, was Sie ben\u00f6tigen, wird Ihnen sofort nach der Buchung zugesandt: kein Reisef\u00fchrer, keine festen Startzeiten, nur Ihr Team und die Stadt.","section_3_usp_1":"1,5\u20132 Stunden Spielzeit","section_3_usp_2":"3\u20134 km Fu\u00dfweg durch die Stadt","section_3_usp_3":"Starten, Pausieren und Fortfahren, wann immer Sie m\u00f6chten","section_3_usp_4":"1\u20134 oder 2\u20135 Personen pro Smartphone, je nach Spiel","section_3_usp_5":"Spielen Sie eigenst\u00e4ndig mit Ihrem eigenen Ger\u00e4t","section_3_usp_6":"W\u00e4hrend des Spiels ist eine Internetverbindung erforderlich","section_3_cta":"W\u00e4hlen Sie Ihre Stadt","section_3_step_1":"Schritt 1","section_3_step_1_title":"W\u00e4hlen Sie Ihre Stadt und City Game","section_3_step_1_text":"W\u00e4hlen Sie die Stadt, in der Sie spielen m\u00f6chten, und buchen Sie Ihr City Game online in nur wenigen Klicks.","section_3_step_2":"Schritt 2","section_3_step_2_title":"Erhalten Sie Ihre Spielanweisungen","section_3_step_2_text":"Nach der Buchung erhalten Sie sofort eine E-Mail mit allen Anweisungen und dem Zugriff auf das Spiel.","section_3_step_3":"Schritt 3","section_3_step_3_title":"Gehen Sie zum Startort","section_3_step_3_text":"Gehen Sie zum Startpunkt in der Stadt, wann immer es Ihnen passt. Es gibt keine festen Startzeiten.","section_3_step_4":"Schritt 4","section_3_step_4_title":"Starten Sie Ihr City Game","section_3_step_4_text":"Folgen Sie den Hinweisen, l\u00f6sen Sie R\u00e4tsel und entdecken Sie die Stadt, w\u00e4hrend Sie unterwegs unterhaltsame Aufgaben bew\u00e4ltigen.","section_4_h2_why_players_love":"Warum Spieler City Games in San Marino lieben","section_4_usp_1_title":"St\u00e4dte auf einzigartige Weise erkunden","section_4_usp_1_text":"Ber\u00fchmte Wahrzeichen, versteckte Stra\u00dfen und \u00fcberraschende Orte entdecken, w\u00e4hrend Sie R\u00e4tsel l\u00f6sen und Herausforderungen meistern.","section_4_usp_2_title":"Spielen Sie, wann es Ihnen passt","section_4_usp_2_text":"Es gibt keine festen Startzeiten. Starten, Pausieren und Spielen Sie das Spiel jederzeit w\u00e4hrend Ihres Tages in der Stadt fort.","section_4_usp_3_title":"Spa\u00df f\u00fcr Freunde, Familien und Teams","section_4_usp_3_text":"City Games eignen sich perfekt f\u00fcr Paare, Gruppen von Freunden, Familien oder Kollegen, die nach einer lustigen und interaktiven Aktivit\u00e4t suchen.","section_4_usp_4_title":"Eine Mischung aus R\u00e4tseln und Entdeckung","section_4_usp_4_text":"L\u00f6sen Sie R\u00e4tsel, erledigen Sie Missionen und entdecken Sie Hinweise, w\u00e4hrend Sie die Stadt Schritt f\u00fcr Schritt erkunden.","section_4_usp_5_title":"Spielen Sie in Ihrem eigenen Tempo","section_4_usp_5_text":"Machen Sie Pausen f\u00fcr ein Getr\u00e4nk, st\u00f6bern Sie in Gesch\u00e4ften oder genie\u00dfen Sie die Umgebung. Das Spiel passt sich Ihrem Tempo an.","section_4_usp_6_title":"In St\u00e4dten weltweit erh\u00e4ltlich","section_4_usp_6_text":"City Games sind in Hunderten von St\u00e4dten weltweit verf\u00fcgbar, was sie zu einer perfekten Aktivit\u00e4t f\u00fcr Reisende und Einheimische macht.","section_4_cta":"Finden Sie ein City Game in Ihrer Stadt","section_5_h2_reviews":"What others think of our City Games","section_5_cta_1":"Alle Bewertungen","section_5_cta_2":"Eine Bewertung schreiben","section_6_h2_hosted_game":"Ihre Lieblings City Games, professionell von unserem Team betreut","section_6_text":"Genie\u00dfen Sie dieselben City Games wie in unserer selbstgef\u00fchrten Version, jedoch mit voller Vor-Ort-Unterst\u00fctzung durch unsere professionellen Hosts. Wir \u00fcbernehmen Briefing, Tablets, Koordination und technischen Support, damit Ihre Gruppe sich vollst\u00e4ndig auf Spa\u00df und Wettbewerb konzentrieren kann.","section_6_text_2":"Was ist enthalten:","section_6_usp_1_title":"Dasselbe City Game, vollst\u00e4ndig betreut","section_6_usp_1_text":"Sie spielen das exakt gleiche Erlebnis wie in unserer selbstgef\u00fchrten Version, diesmal mit unseren Hosts, die Ihre Gruppe anleiten.","section_6_usp_2_title":"Live-Ranking und Preisverleihung","section_6_usp_2_text":"F\u00fcr gr\u00f6\u00dfere Gruppen enth\u00fcllen unsere Hosts die Endergebnisse und verk\u00fcnden das siegreiche Team mit einem spa\u00dfigen Preis-Moment.","section_6_usp_3_title":"Begleiteter Start & Abschluss","section_6_usp_3_text":"Wir hei\u00dfen Ihre Gruppe willkommen, erkl\u00e4ren das Spiel klar und beenden es mit einem spannenden Abschluss.","section_6_usp_4_title":"Unterst\u00fctzung in Echtzeit w\u00e4hrend des Spiels","section_6_usp_4_text":"Unser Team unterst\u00fctzt bei Ger\u00e4ten, App-Problemen und Koordination w\u00e4hrend des gesamten Erlebnisses.","section_6_usp_5_text":"Verf\u00fcgbar f\u00fcr Gruppen, die unsere Ger\u00e4te statt eigener verwenden m\u00f6chten.","section_6_usp_5_title":"Tablets inklusive (optional)","section_6_text_3":"Weltweit von Teams vertraut, von kleinen Gruppen bis hin zu gro\u00dfen Firmenevents.","section_6_cta":"Planen Sie Ihre Gruppenveranstaltung","section_7_h2_faq":"Haben Sie Fragen? Wir haben Antworten!","section_7_text":"Durchst\u00f6bern Sie unsere h\u00e4ufig gestellten Fragen und finden Sie heraus, was Sie wissen m\u00f6chten. Ist Ihre Frage nicht dabei? Z\u00f6gern Sie nicht, uns zu kontaktieren.","section_7_cta_1":"Alle h\u00e4ufig gestellten Fragen ansehen","section_7_cta_2":"Unterst\u00fctzung erhalten","section_7_question_1":"Wie funktioniert die Buchung eines City Game?","section_7_answer_1":"Die Buchung eines City Game in San Marino ist schnell und einfach. W\u00e4hlen Sie die Stadt, in der Sie spielen m\u00f6chten, w\u00e4hlen Sie Ihr bevorzugtes Spiel aus und schlie\u00dfen Sie die Online-Buchung ab. Nach der Zahlung erhalten Sie umgehend eine E-Mail mit den Spielanweisungen. Sobald Sie am Startort angekommen sind, k\u00f6nnen Sie das Spiel auf Ihrem Smartphone starten, wann immer es Ihnen passt.","section_7_question_2":"Kann ich das City Game in San Marino direkt nach der Buchung starten?","section_7_answer_2":"Ja. Nachdem Sie Ihre Buchung abgeschlossen haben, erhalten Sie <strong>sofort die Anweisungen per E-Mail<\/strong>. In den meisten F\u00e4llen k\u00f6nnen Sie innerhalb weniger Minuten mit dem Spiel beginnen, sobald Sie am Startort in San Marino angekommen sind und das Spiel auf Ihrem Smartphone \u00f6ffnen.","section_7_question_3":"Muss ich eine bestimmte Startzeit reservieren?","section_7_answer_3":"Nein, <strong>City Games haben keine festen Startzeiten<\/strong>. Bei der Buchung w\u00e4hlen Sie ein Datum aus administrativen Gr\u00fcnden aus, aber Sie k\u00f6nnen das Spiel jederzeit innerhalb der G\u00fcltigkeitsdauer Ihrer Buchung starten.","section_7_question_4":"Wie lange dauert ein City Game in San Marino?","section_7_answer_4":"Die meisten City Games in San Marino dauern etwa <strong>1,5 bis 2 Stunden<\/strong> zur Fertigstellung. Die Route deckt in der Regel <strong>3 bis 4 Kilometer<\/strong> durch die Stadt ab. Sie k\u00f6nnen das Spiel jederzeit w\u00e4hrend Ihres Abenteuers pausieren und sp\u00e4ter fortsetzen, wenn Sie eine Pause w\u00fcnschen.","section_7_question_5":"Wie viele Personen k\u00f6nnen ein City Game in San Marino spielen?","section_7_answer_5":"Sie k\u00f6nnen <strong>alleine oder in einer Gruppe<\/strong> spielen. F\u00fcr das beste Erlebnis empfehlen wir 1\u20134 oder 2\u20135 Spieler (je nach Spiel) pro Smartphone. Gr\u00f6\u00dfere Gruppen k\u00f6nnen sich in mehrere Teams aufteilen und gegeneinander antreten!","section_7_question_6":"Ben\u00f6tigen alle Spieler ein eigenes Smartphone?","section_7_answer_6":"Nein. Ein City Game wird auf <strong=einem> Smartphone pro Team<\/strong> gespielt. Wenn Sie mit einer gr\u00f6\u00dferen Gruppe spielen, k\u00f6nnen Sie einfach mehrere Teams mit mehreren Smartphones bilden.","section_7_question_7":"Was ben\u00f6tige ich, um das Spiel in San Marino zu spielen?","section_7_answer_7":"Sie ben\u00f6tigen lediglich:","section_7_answer_7_usp_1":"Ein Smartphone","section_7_answer_7_usp_2":"Eine Internetverbindung","section_7_answer_7_usp_3":"Eine vollst\u00e4ndig geladene Batterie","section_7_answer_7_2":"Nach der Buchung erhalten Sie Anweisungen, wie Sie auf das Spiel auf Ihrem Telefon zugreifen k\u00f6nnen.","section_7_question_8":"Kann ich das Spiel auch spontan spielen?","section_7_answer_8":"Ja. Obwohl Sie zuerst die Buchung abschlie\u00dfen m\u00fcssen, erhalten Sie die Anweisungen unmittelbar nach der Zahlung. Das bedeutet, Sie k\u00f6nnen entscheiden, das Spiel spontan zu spielen und innerhalb weniger Minuten zu starten.","section_7_question_9":"Wie lange ist meine Buchung g\u00fcltig?","section_7_answer_9":"Nach dem Kauf bleibt Ihr City Game <strong>f\u00fcr 365 Tage g\u00fcltig<\/strong>. Dadurch haben Sie viel Flexibilit\u00e4t, zu entscheiden, wann Sie das Spiel spielen m\u00f6chten.","section_7_question_10":"Kann ich ein City Game in San Marino als Geschenk verschenken?","section_7_answer_10":"Ja. Ein City Game ist ein tolles Geschenk f\u00fcr Freunde, Familie oder Kollegen. Sie k\u00f6nnen eine City Game-Geschenkkarte kaufen, damit der Empf\u00e4nger die bevorzugte Stadt und das Spiel ausw\u00e4hlen kann.","section_7_answer_10_cta":"Eine Geschenkkarte kaufen","section_7_question_11":"Was ist, wenn ich versehentlich die falsche Stadt oder das falsche Spiel gebucht habe?","section_7_answer_11":"Wenn Sie bei der Buchung einen Fehler gemacht haben, kontaktieren Sie uns bitte <strong>so bald wie m\u00f6glich<\/strong>. In vielen F\u00e4llen k\u00f6nnen wir die Buchung auf die richtige Stadt, Sprache oder das richtige Spiel anpassen.","section_7_answer_11_cta":"Kontaktieren Sie uns","section_7_question_12":"Gibt es zus\u00e4tzliche Kosten bei der Buchung eines City Game in San Marino?","section_7_answer_12":"Nein. Der Preis, der beim Checkout angezeigt wird, ist der Gesamtpreis. Es gibt keine versteckten Geb\u00fchren oder Reservierungskosten.","section_7_question_13":"Welche Zahlungsmethoden kann ich verwenden?","section_7_answer_13":"Wir unterst\u00fctzen <strong>eine breite Palette von Zahlungsmethoden, abh\u00e4ngig von Ihrem Standort<\/strong>, einschlie\u00dflich Kreditkarten und verschiedener internationaler Zahlungsoptionen. W\u00e4hrend des Checkouts sehen Sie automatisch die in Ihrer Region verf\u00fcgbaren Zahlungsmethoden.","section_7_question_14":"K\u00f6nnen Unternehmen oder gro\u00dfe Gruppen ein City Game buchen?","section_7_answer_14":"Ja. Unternehmen und gro\u00dfe Gruppen k\u00f6nnen eine betreute City Game-Erfahrung mit Anleitung von unseren Hosts buchen. Diese Option ist ideal f\u00fcr Teambuilding-Veranstaltungen, Firmenausfl\u00fcge oder gro\u00dfe Gruppenaktivit\u00e4ten.","section_7_answer_14_cta":"Erkunden Sie die betreute City Game-Erfahrung f\u00fcr Gruppen","section_8_h2_page_ending":"Bereit f\u00fcr ein unvergessliches Abenteuer?","section_8_text":"Erkunden Sie St\u00e4dte auf eine unterhaltsame und interaktive Weise mit unseren City Games. L\u00f6sen Sie R\u00e4tsel, entdecken Sie versteckte Orte und erkunden Sie die Stadt, w\u00e4hrend Sie mit Freunden, Familie oder Kollegen spielen \u2013 wann immer es Ihnen passt.","section_8_cta":"Finden Sie ein City Game in Ihrer N\u00e4he"},"yoast_head":"<!-- This site is optimized with the Yoast SEO Premium plugin v26.2 (Yoast SEO v27.4) - https:\/\/yoast.com\/product\/yoast-seo-premium-wordpress\/ -->\n<title>Buchen Sie City Games in San Marino - City Game<\/title>\n<meta name=\"robots\" content=\"index, follow, max-snippet:-1, max-image-preview:large, max-video-preview:-1\" \/>\n<link rel=\"canonical\" href=\"https:\/\/citygame.com\/de\/buchen-sie-ihr-city-game\/buchen-sie-city-games-in-san-marino\/\" \/>\n<meta property=\"og:locale\" content=\"de_DE\" \/>\n<meta property=\"og:type\" content=\"article\" \/>\n<meta property=\"og:title\" content=\"Buchen Sie City Games in San Marino\" \/>\n<meta property=\"og:url\" content=\"https:\/\/citygame.com\/de\/buchen-sie-ihr-city-game\/buchen-sie-city-games-in-san-marino\/\" \/>\n<meta property=\"og:site_name\" content=\"City Game\" \/>\n<meta property=\"article:publisher\" content=\"https:\/\/www.facebook.com\/profile.php?id=100086426226253\" \/>\n<meta property=\"article:modified_time\" content=\"2026-04-23T13:44:54+00:00\" \/>\n<meta property=\"og:image\" content=\"https:\/\/citygame.com\/wp-content\/blogs.dir\/1\/files\/2026\/02\/san-marino-guaita-tower-monte-titano.jpg\" \/>\n\t<meta property=\"og:image:width\" content=\"1376\" \/>\n\t<meta property=\"og:image:height\" content=\"768\" \/>\n\t<meta property=\"og:image:type\" content=\"image\/jpeg\" \/>\n<meta name=\"twitter:card\" content=\"summary_large_image\" \/>\n<script type=\"application\/ld+json\" class=\"yoast-schema-graph\">{\"@context\":\"https:\\\/\\\/schema.org\",\"@graph\":[{\"@type\":\"WebPage\",\"@id\":\"https:\\\/\\\/citygame.com\\\/de\\\/buchen-sie-ihr-city-game\\\/buchen-sie-city-games-in-san-marino\\\/\",\"url\":\"https:\\\/\\\/citygame.com\\\/de\\\/buchen-sie-ihr-city-game\\\/buchen-sie-city-games-in-san-marino\\\/\",\"name\":\"Buchen Sie City Games in San Marino - City Game\",\"isPartOf\":{\"@id\":\"https:\\\/\\\/citygame.com\\\/de\\\/#website\"},\"primaryImageOfPage\":{\"@id\":\"https:\\\/\\\/citygame.com\\\/de\\\/buchen-sie-ihr-city-game\\\/buchen-sie-city-games-in-san-marino\\\/#primaryimage\"},\"image\":{\"@id\":\"https:\\\/\\\/citygame.com\\\/de\\\/buchen-sie-ihr-city-game\\\/buchen-sie-city-games-in-san-marino\\\/#primaryimage\"},\"thumbnailUrl\":\"https:\\\/\\\/citygame.com\\\/wp-content\\\/blogs.dir\\\/1\\\/files\\\/2026\\\/02\\\/san-marino-guaita-tower-monte-titano.jpg\",\"datePublished\":\"2026-03-17T12:12:26+00:00\",\"dateModified\":\"2026-04-23T13:44:54+00:00\",\"breadcrumb\":{\"@id\":\"https:\\\/\\\/citygame.com\\\/de\\\/buchen-sie-ihr-city-game\\\/buchen-sie-city-games-in-san-marino\\\/#breadcrumb\"},\"inLanguage\":\"de\",\"potentialAction\":[{\"@type\":\"ReadAction\",\"target\":[\"https:\\\/\\\/citygame.com\\\/de\\\/buchen-sie-ihr-city-game\\\/buchen-sie-city-games-in-san-marino\\\/\"]}]},{\"@type\":\"ImageObject\",\"inLanguage\":\"de\",\"@id\":\"https:\\\/\\\/citygame.com\\\/de\\\/buchen-sie-ihr-city-game\\\/buchen-sie-city-games-in-san-marino\\\/#primaryimage\",\"url\":\"https:\\\/\\\/citygame.com\\\/wp-content\\\/blogs.dir\\\/1\\\/files\\\/2026\\\/02\\\/san-marino-guaita-tower-monte-titano.jpg\",\"contentUrl\":\"https:\\\/\\\/citygame.com\\\/wp-content\\\/blogs.dir\\\/1\\\/files\\\/2026\\\/02\\\/san-marino-guaita-tower-monte-titano.jpg\",\"width\":1376,\"height\":768,\"caption\":\"The medieval Guaita Tower watches over the City of San Marino from its perch on Monte Titano.\"},{\"@type\":\"BreadcrumbList\",\"@id\":\"https:\\\/\\\/citygame.com\\\/de\\\/buchen-sie-ihr-city-game\\\/buchen-sie-city-games-in-san-marino\\\/#breadcrumb\",\"itemListElement\":[{\"@type\":\"ListItem\",\"position\":1,\"name\":\"Home\",\"item\":\"https:\\\/\\\/citygame.com\\\/de\\\/\"},{\"@type\":\"ListItem\",\"position\":2,\"name\":\"Buchen Sie Ihr City Game\",\"item\":\"https:\\\/\\\/citygame.com\\\/de\\\/book\\\/\"},{\"@type\":\"ListItem\",\"position\":3,\"name\":\"Buchen Sie City Games in San Marino\"}]},{\"@type\":\"WebSite\",\"@id\":\"https:\\\/\\\/citygame.com\\\/de\\\/#website\",\"url\":\"https:\\\/\\\/citygame.com\\\/de\\\/\",\"name\":\"City Game\",\"description\":\"\",\"publisher\":{\"@id\":\"https:\\\/\\\/citygame.com\\\/de\\\/#organization\"},\"alternateName\":\"citygame.com\",\"potentialAction\":[{\"@type\":\"SearchAction\",\"target\":{\"@type\":\"EntryPoint\",\"urlTemplate\":\"https:\\\/\\\/citygame.com\\\/de\\\/?s={search_term_string}\"},\"query-input\":{\"@type\":\"PropertyValueSpecification\",\"valueRequired\":true,\"valueName\":\"search_term_string\"}}],\"inLanguage\":\"de\"},{\"@type\":\"Organization\",\"@id\":\"https:\\\/\\\/citygame.com\\\/de\\\/#organization\",\"name\":\"City Game\",\"alternateName\":\"citygame.com\",\"url\":\"https:\\\/\\\/citygame.com\\\/de\\\/\",\"logo\":{\"@type\":\"ImageObject\",\"inLanguage\":\"de\",\"@id\":\"https:\\\/\\\/citygame.com\\\/de\\\/#\\\/schema\\\/logo\\\/image\\\/\",\"url\":\"https:\\\/\\\/citygame.com\\\/wp-content\\\/blogs.dir\\\/1\\\/files\\\/2025\\\/10\\\/CG_LOGO-City-Game.png\",\"contentUrl\":\"https:\\\/\\\/citygame.com\\\/wp-content\\\/blogs.dir\\\/1\\\/files\\\/2025\\\/10\\\/CG_LOGO-City-Game.png\",\"width\":351,\"height\":377,\"caption\":\"City Game\"},\"image\":{\"@id\":\"https:\\\/\\\/citygame.com\\\/de\\\/#\\\/schema\\\/logo\\\/image\\\/\"},\"sameAs\":[\"https:\\\/\\\/www.facebook.com\\\/profile.php?id=100086426226253\",\"https:\\\/\\\/www.instagram.com\\\/citygame_com\",\"https:\\\/\\\/www.tiktok.com\\\/@citygamecom\\\/\",\"https:\\\/\\\/www.linkedin.com\\\/company\\\/citygame-com\"],\"description\":\"Turn any city into a playground with our interactive City Games and self-guided tours. Fun, flexible, and ideal for groups and team building.\"}]}<\/script>\n<!-- \/ Yoast SEO Premium plugin. -->","yoast_head_json":{"title":"Buchen Sie City Games in San Marino - City Game","robots":{"index":"index","follow":"follow","max-snippet":"max-snippet:-1","max-image-preview":"max-image-preview:large","max-video-preview":"max-video-preview:-1"},"canonical":"https:\/\/citygame.com\/de\/buchen-sie-ihr-city-game\/buchen-sie-city-games-in-san-marino\/","og_locale":"de_DE","og_type":"article","og_title":"Buchen Sie City Games in San Marino","og_url":"https:\/\/citygame.com\/de\/buchen-sie-ihr-city-game\/buchen-sie-city-games-in-san-marino\/","og_site_name":"City Game","article_publisher":"https:\/\/www.facebook.com\/profile.php?id=100086426226253","article_modified_time":"2026-04-23T13:44:54+00:00","og_image":[{"width":1376,"height":768,"url":"https:\/\/citygame.com\/wp-content\/blogs.dir\/1\/files\/2026\/02\/san-marino-guaita-tower-monte-titano.jpg","type":"image\/jpeg"}],"twitter_card":"summary_large_image","schema":{"@context":"https:\/\/schema.org","@graph":[{"@type":"WebPage","@id":"https:\/\/citygame.com\/de\/buchen-sie-ihr-city-game\/buchen-sie-city-games-in-san-marino\/","url":"https:\/\/citygame.com\/de\/buchen-sie-ihr-city-game\/buchen-sie-city-games-in-san-marino\/","name":"Buchen Sie City Games in San Marino - City Game","isPartOf":{"@id":"https:\/\/citygame.com\/de\/#website"},"primaryImageOfPage":{"@id":"https:\/\/citygame.com\/de\/buchen-sie-ihr-city-game\/buchen-sie-city-games-in-san-marino\/#primaryimage"},"image":{"@id":"https:\/\/citygame.com\/de\/buchen-sie-ihr-city-game\/buchen-sie-city-games-in-san-marino\/#primaryimage"},"thumbnailUrl":"https:\/\/citygame.com\/wp-content\/blogs.dir\/1\/files\/2026\/02\/san-marino-guaita-tower-monte-titano.jpg","datePublished":"2026-03-17T12:12:26+00:00","dateModified":"2026-04-23T13:44:54+00:00","breadcrumb":{"@id":"https:\/\/citygame.com\/de\/buchen-sie-ihr-city-game\/buchen-sie-city-games-in-san-marino\/#breadcrumb"},"inLanguage":"de","potentialAction":[{"@type":"ReadAction","target":["https:\/\/citygame.com\/de\/buchen-sie-ihr-city-game\/buchen-sie-city-games-in-san-marino\/"]}]},{"@type":"ImageObject","inLanguage":"de","@id":"https:\/\/citygame.com\/de\/buchen-sie-ihr-city-game\/buchen-sie-city-games-in-san-marino\/#primaryimage","url":"https:\/\/citygame.com\/wp-content\/blogs.dir\/1\/files\/2026\/02\/san-marino-guaita-tower-monte-titano.jpg","contentUrl":"https:\/\/citygame.com\/wp-content\/blogs.dir\/1\/files\/2026\/02\/san-marino-guaita-tower-monte-titano.jpg","width":1376,"height":768,"caption":"The medieval Guaita Tower watches over the City of San Marino from its perch on Monte Titano."},{"@type":"BreadcrumbList","@id":"https:\/\/citygame.com\/de\/buchen-sie-ihr-city-game\/buchen-sie-city-games-in-san-marino\/#breadcrumb","itemListElement":[{"@type":"ListItem","position":1,"name":"Home","item":"https:\/\/citygame.com\/de\/"},{"@type":"ListItem","position":2,"name":"Buchen Sie Ihr City Game","item":"https:\/\/citygame.com\/de\/book\/"},{"@type":"ListItem","position":3,"name":"Buchen Sie City Games in San Marino"}]},{"@type":"WebSite","@id":"https:\/\/citygame.com\/de\/#website","url":"https:\/\/citygame.com\/de\/","name":"City Game","description":"","publisher":{"@id":"https:\/\/citygame.com\/de\/#organization"},"alternateName":"citygame.com","potentialAction":[{"@type":"SearchAction","target":{"@type":"EntryPoint","urlTemplate":"https:\/\/citygame.com\/de\/?s={search_term_string}"},"query-input":{"@type":"PropertyValueSpecification","valueRequired":true,"valueName":"search_term_string"}}],"inLanguage":"de"},{"@type":"Organization","@id":"https:\/\/citygame.com\/de\/#organization","name":"City Game","alternateName":"citygame.com","url":"https:\/\/citygame.com\/de\/","logo":{"@type":"ImageObject","inLanguage":"de","@id":"https:\/\/citygame.com\/de\/#\/schema\/logo\/image\/","url":"https:\/\/citygame.com\/wp-content\/blogs.dir\/1\/files\/2025\/10\/CG_LOGO-City-Game.png","contentUrl":"https:\/\/citygame.com\/wp-content\/blogs.dir\/1\/files\/2025\/10\/CG_LOGO-City-Game.png","width":351,"height":377,"caption":"City Game"},"image":{"@id":"https:\/\/citygame.com\/de\/#\/schema\/logo\/image\/"},"sameAs":["https:\/\/www.facebook.com\/profile.php?id=100086426226253","https:\/\/www.instagram.com\/citygame_com","https:\/\/www.tiktok.com\/@citygamecom\/","https:\/\/www.linkedin.com\/company\/citygame-com"],"description":"Turn any city into a playground with our interactive City Games and self-guided tours. Fun, flexible, and ideal for groups and team building."}]}},"taxonomy_info":{"cg_page_type":[{"value":636,"label":"Book in COUNTRY page"}]},"featured_image_src_large":["https:\/\/citygame.com\/wp-content\/blogs.dir\/1\/files\/2026\/02\/san-marino-guaita-tower-monte-titano-1024x572.jpg",1024,572,true],"author_info":{"display_name":"Philip","author_link":"https:\/\/citygame.com\/de\/blog\/author\/sophi2\/"},"comment_info":0,"wpml_current_locale":"de_DE","wpml_translations":{"nl_NL":{"locale":"nl_NL","id":227412,"slug":"boek-city-games-in-san-marino","post_title":"Boek City Games in San-marino","href":"https:\/\/citygame.com\/nl\/book-your-city-game\/boek-city-games-in-san-marino\/"},"en_US":{"locale":"en_US","id":19215,"slug":"in-san-marino","post_title":"Book City Games in San-marino","href":"https:\/\/citygame.com\/book\/in-san-marino\/"},"fr_FR":{"locale":"fr_FR","id":227434,"slug":"reservez-city-games-a-saint-marin","post_title":"R\u00e9servez City Games \u00e0 Saint-Marin","href":"https:\/\/citygame.com\/fr\/reservez-votre-city-game\/reservez-city-games-a-saint-marin\/"},"de_DE":{"locale":"de_DE","translation":"current"},"it_IT":{"locale":"it_IT","id":227441,"slug":"prenota-city-games-a-san-marino","post_title":"Prenota City Games a San Marino","href":"https:\/\/citygame.com\/it\/prenota-il-tuo-city-game\/prenota-city-games-a-san-marino\/"},"es_ES":{"locale":"es_ES","id":227427,"slug":"reserva-city-games-en-san-marino","post_title":"Reserva City Games en San Marino","href":"https:\/\/citygame.com\/es\/prenota-il-tuo-city-game\/reserva-city-games-en-san-marino\/"}},"_links":{"self":[{"href":"https:\/\/citygame.com\/de\/wp-json\/wp\/v2\/pages\/227420","targetHints":{"allow":["GET"]}}],"collection":[{"href":"https:\/\/citygame.com\/de\/wp-json\/wp\/v2\/pages"}],"about":[{"href":"https:\/\/citygame.com\/de\/wp-json\/wp\/v2\/types\/page"}],"author":[{"embeddable":true,"href":"https:\/\/citygame.com\/de\/wp-json\/wp\/v2\/users\/78"}],"replies":[{"embeddable":true,"href":"https:\/\/citygame.com\/de\/wp-json\/wp\/v2\/comments?post=227420"}],"version-history":[{"count":0,"href":"https:\/\/citygame.com\/de\/wp-json\/wp\/v2\/pages\/227420\/revisions"}],"up":[{"embeddable":true,"href":"https:\/\/citygame.com\/de\/wp-json\/wp\/v2\/pages\/225814"}],"acf:term":[{"embeddable":true,"taxonomy":"cities-only-parent-location","href":"https:\/\/citygame.com\/de\/wp-json\/wp\/v2\/cities-only-parent-location\/522"}],"wp:featuredmedia":[{"embeddable":true,"href":"https:\/\/citygame.com\/de\/wp-json\/wp\/v2\/media\/12032"}],"wp:attachment":[{"href":"https:\/\/citygame.com\/de\/wp-json\/wp\/v2\/media?parent=227420"}],"wp:term":[{"taxonomy":"cities-only-parent-location","embeddable":true,"href":"https:\/\/citygame.com\/de\/wp-json\/wp\/v2\/cities-only-parent-location?post=227420"},{"taxonomy":"countries-only-parent-locations","embeddable":true,"href":"https:\/\/citygame.com\/de\/wp-json\/wp\/v2\/countries-only-parent-locations?post=227420"},{"taxonomy":"seo_keyword","embeddable":true,"href":"https:\/\/citygame.com\/de\/wp-json\/wp\/v2\/seo_keyword?post=227420"},{"taxonomy":"cg_page_type","embeddable":true,"href":"https:\/\/citygame.com\/de\/wp-json\/wp\/v2\/cg_page_type?post=227420"}],"curies":[{"name":"wp","href":"https:\/\/api.w.org\/{rel}","templated":true}]}}