{"id":227600,"date":"2026-02-11T12:45:20","date_gmt":"2026-02-11T12:45:20","guid":{"rendered":"https:\/\/citygame.com\/locations\/morocco\/city-game-tanger\/"},"modified":"2026-04-23T14:47:46","modified_gmt":"2026-04-23T14:47:46","slug":"city-game-tanger","status":"publish","type":"page","link":"https:\/\/citygame.com\/de\/standorte\/city-game-marokko\/city-game-tanger\/","title":{"rendered":"City Game Tanger"},"content":{"rendered":"","protected":false},"excerpt":{"rendered":"","protected":false},"author":78,"featured_media":12535,"parent":226469,"menu_order":0,"comment_status":"closed","ping_status":"closed","template":"","meta":{"_acf_changed":false,"_yoast_wpseo_focuskw":"City Game Tanger","_yoast_wpseo_metadesc":"","_kad_blocks_custom_css":"","_kad_blocks_head_custom_js":"","_kad_blocks_body_custom_js":"","_kad_blocks_footer_custom_js":"","_kad_post_transparent":"","_kad_post_title":"","_kad_post_layout":"","_kad_post_sidebar_id":"","_kad_post_content_style":"","_kad_post_vertical_padding":"","_kad_post_feature":"","_kad_post_feature_position":"","_kad_post_header":false,"_kad_post_footer":false,"_kad_post_classname":"","footnotes":""},"cities-only-parent-location":[507],"countries-only-parent-locations":[],"seo_keyword":[],"cg_page_type":[45],"class_list":["post-227600","page","type-page","status-publish","has-post-thumbnail","hentry","cities-only-parent-location-morocco","cg_page_type-city-overview-page"],"acf":{"city_name":"Tanger","select_city":532,"section_1_h2_city_games_in_city":"City Games in Tanger","intro_text":"City Games sind jetzt in Tanger, Marokko, verf\u00fcgbar. Diese selbstgef\u00fchrten Erlebnisse verbinden interaktives Gameplay mit R\u00e4tseln und Herausforderungen und erm\u00f6glichen es dir, die Stadt in deinem eigenen Tempo zu erkunden. Gespielt wird vollst\u00e4ndig \u00fcber dein Smartphone; jedes Spiel f\u00fchrt dich durch fesselnde Aufgaben, die auf eigenst\u00e4ndige Entdeckung ausgelegt sind.","section_1_usp_1":"Starten, Pausieren und Fortsetzen, wann immer du willst","section_1_usp_2":"Spiele eigenst\u00e4ndig","section_1_usp_3":"1-4 oder 2-5 Personen pro Smartphone, abh\u00e4ngig von deinem Spiel","section_1_usp_4":"1,5-2 Stunden Spielzeit","section_1_usp_5":"3\u20134 km Gehstrecke","section_1_usp_6":"Internetverbindung erforderlich","section_1_text_2":"W\u00e4hle dein City Game und spiele noch heute!","section_1_cta":"Alle City Games ansehen","intro_image":12536,"section_2_h2_all_city_games_in_city":"Alle City Games in Tanger","section_3_h2_how_city_games_work_in_city":"Wie City Games in Tanger funktionieren","section_3_text":"City Games in Tanger sind vollst\u00e4ndig selbstgef\u00fchrte Erlebnisse, die dich die Stadt in deinem eigenen Tempo erkunden lassen. Mit deinem eigenen Smartphone gehst du durch das Stadtzentrum, l\u00f6st R\u00e4tsel, bew\u00e4ltigst Herausforderungen und folgst der Handlung deines gew\u00e4hlten City Game.\r\n\r\nDu entscheidest, wann du startest, wo du Pausen machst und wie schnell du spielst. Kein Guide, kein Zeitplan oder Reservierung ist erforderlich.","section_3_usp_1":"Spiele in Teams aus Freunden, Familie oder Kollegen","section_3_usp_2":"Starte, wann immer du willst, kein Guide oder Personal n\u00f6tig","section_3_usp_3":"Nutze dein eigenes Smartphone oder Tablet","section_3_usp_4":"Gehe durch die Stadt, w\u00e4hrend du R\u00e4tsel und Herausforderungen l\u00f6st","section_3_usp_5":"Lerne interessante Fakten \u00fcber Geschichte, Kultur und Sehensw\u00fcrdigkeiten","section_3_usp_6":"In mehreren Sprachen verf\u00fcgbar","section_3_cta":"W\u00e4hle dein City Game","section_3_step_1":"Schritt 1","section_3_step_1_title":"Buche dein City Game","section_3_step_1_text":"W\u00e4hle deine Stadt und dein Spiel und erhalte alles sofort nach der Buchung.","section_3_step_2":"Schritt 2","section_3_step_2_title":"\u00dcberpr\u00fcfe deine Anweisungen","section_3_step_2_text":"\u00d6ffne deine Best\u00e4tigungs-E-Mail mit deinem Startpunkt und wie du mit dem Spielen beginnst.","section_3_step_3":"Schritt 3","section_3_step_3_title":"Gehe zum Startort","section_3_step_3_text":"Gehe zum Startpunkt, wann immer du willst, kein fester Zeitpunkt.","section_3_step_4":"Schritt 4","section_3_step_4_title":"Jetzt spielen","section_3_step_4_text":"Folge den Hinweisen, l\u00f6se R\u00e4tsel und erkunde die Stadt in deinem eigenen Tempo!","how_city_games_work_image":12537,"section_4_h2_who_are_city_games_in_city_for":"F\u00fcr wen sind City Games in Tanger gedacht?","section_4_text":"City Games in Tanger sind f\u00fcr jeden gedacht, der die Stadt auf interaktive und flexible Weise erleben m\u00f6chte. Egal, ob du Tanger zum ersten Mal besuchst oder die Stadt bereits gut kennst, bieten City Games eine unterhaltsame Aktivit\u00e4t, die sich leicht in deinen Tag einf\u00fcgt.","section_4_text_2":"City Games in Tanger eignen sich f\u00fcr:","section_4_usp_1":"Alleinspielende oder kleine Gruppen, die ein flexibles Abenteuer suchen","section_4_usp_2":"Touristen, die Tanger entdecken","section_4_usp_3":"Freunde und Familien, die eine unterhaltsame Aktivit\u00e4t suchen","section_4_usp_4":"Unternehmen und Teams, die ein Teambuilding-Event planen","section_4_usp_5":"Einheimische, die ihre eigene Stadt neu entdecken m\u00f6chten","section_4_cta":"W\u00e4hle dein City Game","who_are_city_games_for_image":12538,"section_5_h2_exploring_city":"Tanger erkunden","exploring_city_text":"Das Erkunden von Tanger entfaltet sich in Schichten, von den verwinkelten Gassen der Medina bis zu den luftigen Promenaden entlang der Bucht von Tanger. Die h\u00fcgelige Topografie der Stadt er\u00f6ffnet wechselnde Perspektiven, insbesondere von der Kasbah, wo enge Stra\u00dfenz\u00fcge auf weite Blicke auf die Meerenge von Gibraltar treffen. Geschichte verweilt in jeder Kurve, mit wei\u00df gekalkten Geb\u00e4uden und kunstvollen T\u00fcren, die jahrhundertelange kulturelle Austausche widerspiegeln.\r\n\r\nDer Grand Socco \u2014 ein belebter Platz, der das Alte und Neue der Stadt verbindet \u2014 dient als lebendiger Treffpunkt f\u00fcr Einheimische und Reisende gleicherma\u00dfen. Unten verl\u00e4uft die Avenue Mohammed VI parallel zum Meer, verbindet den Hafen mit modernen Entwicklungen, w\u00e4hrend sie Einblicke auf Fischerboote und entfernte Ufer bietet. Tangiers Mischung aus offener Atlantiklage und Medina-Intimit\u00e4t formt einen deutlich k\u00fcstennahen Rhythmus, der zu langsamer Entdeckung einl\u00e4dt.","exploring_city_image":12539,"section_6_h2_hosted_game":"Ihre Lieblings-City Games, professionell von unserem Team betreut","section_6_text":"Genie\u00dfe dieselben City Games wie unsere selbstgef\u00fchrte Version, aber mit vollst\u00e4ndiger Vor-Ort-Unterst\u00fctzung durch unsere professionellen Gastgeber. Wir k\u00fcmmern uns um das Briefing, Tablets, Koordination und technischen Support, damit deine Gruppe sich vollst\u00e4ndig auf den Spa\u00df und Wettbewerb konzentrieren kann.","section_6_text_2":"Inklusive:","section_6_usp_1_title":"Gleiches City Game, vollst\u00e4ndig betreut","section_6_usp_1_text":"Du spielst genau dasselbe Erlebnis wie in unserer selbstgef\u00fchrten Version, jetzt aber mit unseren Gastgebern, die deine Gruppe anleiten.","section_6_usp_2_title":"Live-Ranking & Siegerehrung","section_6_usp_2_text":"F\u00fcr gr\u00f6\u00dfere Gruppen geben unsere Gastgeber die Endergebnisse bekannt und verk\u00fcnden das Siegerteam mit einem lustigen Award-Moment.","section_6_usp_3_title":"Begleiteter Start & Abschluss","section_6_usp_3_text":"Wir hei\u00dfen deine Gruppe willkommen, erkl\u00e4ren das Spiel klar und beenden mit einem spannenden Abschluss.","section_6_usp_4_title":"Echtzeit-Unterst\u00fctzung w\u00e4hrend des Spiels","section_6_usp_4_text":"Unser Team hilft bei Ger\u00e4ten, App-Problemen und Koordination w\u00e4hrend des Erlebnisses.","section_6_usp_5_title":"Tablets inklusive (optional)","section_6_usp_5_text":"F\u00fcr Gruppen, die unsere Ger\u00e4te ihren eigenen vorziehen.","section_6_text_3":"Weltweit von Teams vertraut, von kleinen Gruppen bis hin zu gro\u00dfen Firmenveranstaltungen.","section_6_cta":"Plane deine Gruppenveranstaltung","section_7_h2_reviews":"Was andere von unseren City Games halten","section_7_cta_1":"Alle Bewertungen","section_7_cta_2":"Eine Bewertung schreiben","section_8_h2_faq":"Haben Sie Fragen? Wir haben Antworten!","section_8_text":"Schau dir unsere h\u00e4ufig gestellten Fragen an und finde heraus, was du wissen m\u00f6chtest. Ist deine Frage nicht dabei? Melde dich gerne bei uns.","section_8_cta_1":"Alle h\u00e4ufig gestellten Fragen anzeigen","section_8_cta_2":"Unterst\u00fctzung erhalten","section_8_question_1":"Was sind City Games in Tanger?","section_8_answer_1":"City Games in Tanger sind <strong>interaktive, selbstgef\u00fchrte Erlebnisse<\/strong>, die dir erlauben, die Stadt beim Spielen zu erkunden!\r\n\r\nMit deinem Smartphone l\u00f6st du R\u00e4tsel, bew\u00e4ltigst Herausforderungen und folgst der Handlung deines gew\u00e4hlten City Game, w\u00e4hrend du durch die Stadt gehst.\r\n\r\nCity Games verbinden Teamarbeit, Probleml\u00f6sung und Outdoor-Erkundung und sind eine unterhaltsame Aktivit\u00e4t f\u00fcr Besucher, Einheimische und Gruppen gleicherma\u00dfen.","section_8_question_2":"Brauche ich einen Guide, um ein City Game in Tanger zu spielen?","section_8_answer_2":"<p class=\"kt-adv-heading2034_2420ea-ca wp-block-kadence-advancedheading\" data-kb-block=\"kb-adv-heading2034_2420ea-ca\">Nein, City Games in Tanger sind <strong>vollst\u00e4ndig selbstgef\u00fchrt<\/strong>. Du brauchst keinen Guide, Host oder vor Ort anwesendes Personal zum Spielen. Alle Anweisungen und das Gameplay werden digital bereitgestellt, sodass du eigenst\u00e4ndig mit deinem eigenen Smartphone beginnen und spielen kannst.<\/p>\r\nDiese Flexibilit\u00e4t macht City Games leicht in deinen eigenen Zeitplan zu integrieren.\r\n<p class=\"kt-adv-heading2034_cd3db2-33 wp-block-kadence-advancedheading hls-none\" data-kb-block=\"kb-adv-heading2034_cd3db2-33\">F\u00fcr gr\u00f6\u00dfere Gruppen oder Firmenevents ist ebenfalls eine vollst\u00e4ndig gehostete Version unserer City Games erh\u00e4ltlich, einschlie\u00dflich Vor-Ort-Anleitung, Tablets und Live-Support.<\/p>\r\nPlanst du eine gr\u00f6\u00dfere Gruppe oder ein Firmenevent?","section_8_answer_2_cta":"Erkunde das gehostete City Game-Erlebnis f\u00fcr Gruppen","section_8_question_3":"Wann k\u00f6nnen wir in Tanger mit dem City Game beginnen?","section_8_answer_3":"Du kannst <strong>immer dann spielen, wenn es dir passt<\/strong>! City Games in Tanger haben keine festen Startzeiten, du bist also frei, zu dem Moment zu beginnen, der zu deinen Pl\u00e4nen passt.\r\n\r\nNach der Buchung erh\u00e4ltst du klare Anweisungen, die erkl\u00e4ren, wie und wann du dein City Game starten kannst!","section_8_question_4":"Wie lange dauert ein City Game in Tanger?","section_8_answer_4":"Die City Games in Tanger dauern etwa <strong>1,5 bis 2 Stunden<\/strong>, um abgeschlossen zu werden! Die genaue Dauer h\u00e4ngt von deinem Tempo, von wie vielen Pausen du machst und davon ab, wie schnell du R\u00e4tsel und Herausforderungen l\u00f6st.\r\n\r\nDu kannst mit deinem eigenen Tempo spielen und das Spiel jederzeit pausieren!","section_8_question_5":"K\u00f6nnen wir ein City Game in Tanger mit einer gro\u00dfen Gruppe spielen?","section_8_answer_5":"<p class=\"kt-adv-heading2034_97743b-76 wp-block-kadence-advancedheading\" data-kb-block=\"kb-adv-heading2034_97743b-76\">Ja, City Games eignen sich sowohl f\u00fcr <strong>kleine Gruppen als auch gr\u00f6\u00dfere Teams<\/strong>. Gro\u00dfe Gruppen k\u00f6nnen sich leicht in kleinere Teams aufteilen und das City Game gleichzeitig spielen, wobei mehrere Smartphones verwendet werden. Jedes Team spielt eigenst\u00e4ndig und folgt demselben Spielkonzept und derselbe Handlung.<\/p>\r\nDiese Konfiguration eignet sich gut f\u00fcr Freundesgruppen, Familien und Unternehmen und macht City Games zu einer beliebten Wahl f\u00fcr Teamausfl\u00fcge, Events und Teambuilding-Aktivit\u00e4ten.\r\n<p class=\"kt-adv-heading2034_7442e3-e3 wp-block-kadence-advancedheading hls-none\" data-kb-block=\"kb-adv-heading2034_7442e3-e3\">F\u00fcr gr\u00f6\u00dfere Gruppen oder Firmenevents ist ebenfalls eine vollst\u00e4ndig gehostete Version unserer City Games verf\u00fcgbar, einschlie\u00dflich Vor-Ort-Anleitung, Tablets und Live-Support.<\/p>\r\nPlanst du eine gr\u00f6\u00dfere Gruppe oder ein Firmenevent?","section_8_answer_5_cta":"Erkunde das gehostete City Game-Erlebnis f\u00fcr Gruppen","section_8_question_6":"Sind City Games in Tanger f\u00fcr Touristen und Einheimische geeignet?","section_8_answer_6":"Ja, City Games in Tanger eignen sich sowohl f\u00fcr <strong>Touristen als auch Einheimische<\/strong>. Besucher k\u00f6nnen die Stadt auf interaktive Weise erleben, w\u00e4hrend Einheimische sich \u00fcber bekannte Stra\u00dfen als Schauplatz eines City Game freuen.\r\n\r\nDa sich jedes City Game auf Gameplay und Storytelling konzentriert, wirkt das Erlebnis frisch, egal wie gut du die Stadt bereits kennst.","section_8_question_7":"Sind City Games in Tanger in mehreren Sprachen verf\u00fcgbar?","section_8_answer_7":"Ja, City Games in Tanger sind <strong>in mehreren Sprachen verf\u00fcgbar<\/strong>. Du kannst deine bevorzugte Sprache vor oder w\u00e4hrend des Spiels ausw\u00e4hlen, wodurch City Games f\u00fcr internationale Besucher und Gruppen mit verschiedenen Sprachen zug\u00e4nglich sind.","section_8_question_8":"Was ben\u00f6tigen wir, um ein City Game in Tanger zu spielen?","section_8_answer_8":"Um ein City Game in Tanger zu spielen, ben\u00f6tigst du:","section_8_answer_8_usp_1":"Ein Smartphone mit Internetverbindung","section_8_answer_8_usp_2":"Eine volle Batterie","section_8_answer_8_usp_3":"Bequeme Schuhe zum Gehen","section_8_answer_8_2":"Alle Spielinhalte und Anweisungen werden nach der Buchung digital bereitgestellt.","section_9_h2_instagram":"Mehr auf Instagram","section_9_text":"Reiseinspiration, R\u00e4tsel, verborgene Sch\u00e4tze & City Game-Momente, direkt aus unserer Community","section_9_cta":"Folge uns auf Instagram","section_10_h2_page_ending":"Bereit f\u00fcr ein unvergessliches Abenteuer in Tanger?","section_10_text":"Erkunde Tanger auf eine einzigartige und interaktive Weise mit unseren City Games. Spiele noch heute und schaffe bleibende Erinnerungen!","section_10_cta":"Buche jetzt dein City Game","latitude":35.7889949,"longitude":-5.8130211,"country":507,"map_enabled":true},"yoast_head":"<!-- This site is optimized with the Yoast SEO Premium plugin v26.2 (Yoast SEO v27.4) - https:\/\/yoast.com\/product\/yoast-seo-premium-wordpress\/ -->\n<title>City Game Tanger - City Game<\/title>\n<meta name=\"robots\" content=\"index, follow, max-snippet:-1, max-image-preview:large, max-video-preview:-1\" \/>\n<link rel=\"canonical\" href=\"https:\/\/citygame.com\/de\/standorte\/city-game-marokko\/city-game-tanger\/\" \/>\n<meta property=\"og:locale\" content=\"de_DE\" \/>\n<meta property=\"og:type\" content=\"article\" \/>\n<meta property=\"og:title\" content=\"City Game Tanger\" \/>\n<meta property=\"og:url\" content=\"https:\/\/citygame.com\/de\/standorte\/city-game-marokko\/city-game-tanger\/\" \/>\n<meta property=\"og:site_name\" content=\"City Game\" \/>\n<meta property=\"article:publisher\" content=\"https:\/\/www.facebook.com\/profile.php?id=100086426226253\" \/>\n<meta property=\"article:modified_time\" content=\"2026-04-23T14:47:46+00:00\" \/>\n<meta property=\"og:image\" content=\"https:\/\/citygame.com\/wp-content\/blogs.dir\/1\/files\/2026\/02\/tanger-kasbah-overlooking-the-port.jpg\" \/>\n\t<meta property=\"og:image:width\" content=\"1376\" \/>\n\t<meta property=\"og:image:height\" content=\"768\" \/>\n\t<meta property=\"og:image:type\" content=\"image\/jpeg\" \/>\n<meta name=\"twitter:card\" content=\"summary_large_image\" \/>\n<script type=\"application\/ld+json\" class=\"yoast-schema-graph\">{\"@context\":\"https:\\\/\\\/schema.org\",\"@graph\":[{\"@type\":\"WebPage\",\"@id\":\"https:\\\/\\\/citygame.com\\\/de\\\/standorte\\\/city-game-marokko\\\/city-game-tanger\\\/\",\"url\":\"https:\\\/\\\/citygame.com\\\/de\\\/standorte\\\/city-game-marokko\\\/city-game-tanger\\\/\",\"name\":\"City Game Tanger - City Game\",\"isPartOf\":{\"@id\":\"https:\\\/\\\/citygame.com\\\/de\\\/#website\"},\"primaryImageOfPage\":{\"@id\":\"https:\\\/\\\/citygame.com\\\/de\\\/standorte\\\/city-game-marokko\\\/city-game-tanger\\\/#primaryimage\"},\"image\":{\"@id\":\"https:\\\/\\\/citygame.com\\\/de\\\/standorte\\\/city-game-marokko\\\/city-game-tanger\\\/#primaryimage\"},\"thumbnailUrl\":\"https:\\\/\\\/citygame.com\\\/wp-content\\\/blogs.dir\\\/1\\\/files\\\/2026\\\/02\\\/tanger-kasbah-overlooking-the-port.jpg\",\"datePublished\":\"2026-02-11T12:45:20+00:00\",\"dateModified\":\"2026-04-23T14:47:46+00:00\",\"breadcrumb\":{\"@id\":\"https:\\\/\\\/citygame.com\\\/de\\\/standorte\\\/city-game-marokko\\\/city-game-tanger\\\/#breadcrumb\"},\"inLanguage\":\"de\",\"potentialAction\":[{\"@type\":\"ReadAction\",\"target\":[\"https:\\\/\\\/citygame.com\\\/de\\\/standorte\\\/city-game-marokko\\\/city-game-tanger\\\/\"]}]},{\"@type\":\"ImageObject\",\"inLanguage\":\"de\",\"@id\":\"https:\\\/\\\/citygame.com\\\/de\\\/standorte\\\/city-game-marokko\\\/city-game-tanger\\\/#primaryimage\",\"url\":\"https:\\\/\\\/citygame.com\\\/wp-content\\\/blogs.dir\\\/1\\\/files\\\/2026\\\/02\\\/tanger-kasbah-overlooking-the-port.jpg\",\"contentUrl\":\"https:\\\/\\\/citygame.com\\\/wp-content\\\/blogs.dir\\\/1\\\/files\\\/2026\\\/02\\\/tanger-kasbah-overlooking-the-port.jpg\",\"width\":1376,\"height\":768,\"caption\":\"A scenic viewpoint offers a stunning panorama of Tanger's historic Kasbah and bustling seaport at sunset.\"},{\"@type\":\"BreadcrumbList\",\"@id\":\"https:\\\/\\\/citygame.com\\\/de\\\/standorte\\\/city-game-marokko\\\/city-game-tanger\\\/#breadcrumb\",\"itemListElement\":[{\"@type\":\"ListItem\",\"position\":1,\"name\":\"Home\",\"item\":\"https:\\\/\\\/citygame.com\\\/de\\\/\"},{\"@type\":\"ListItem\",\"position\":2,\"name\":\"Standorte\",\"item\":\"https:\\\/\\\/citygame.com\\\/de\\\/standorte\\\/\"},{\"@type\":\"ListItem\",\"position\":3,\"name\":\"City Game Marokko\",\"item\":\"https:\\\/\\\/citygame.com\\\/de\\\/standorte\\\/city-game-marokko\\\/\"},{\"@type\":\"ListItem\",\"position\":4,\"name\":\"City Game Tanger\"}]},{\"@type\":\"WebSite\",\"@id\":\"https:\\\/\\\/citygame.com\\\/de\\\/#website\",\"url\":\"https:\\\/\\\/citygame.com\\\/de\\\/\",\"name\":\"City Game\",\"description\":\"\",\"publisher\":{\"@id\":\"https:\\\/\\\/citygame.com\\\/de\\\/#organization\"},\"alternateName\":\"citygame.com\",\"potentialAction\":[{\"@type\":\"SearchAction\",\"target\":{\"@type\":\"EntryPoint\",\"urlTemplate\":\"https:\\\/\\\/citygame.com\\\/de\\\/?s={search_term_string}\"},\"query-input\":{\"@type\":\"PropertyValueSpecification\",\"valueRequired\":true,\"valueName\":\"search_term_string\"}}],\"inLanguage\":\"de\"},{\"@type\":\"Organization\",\"@id\":\"https:\\\/\\\/citygame.com\\\/de\\\/#organization\",\"name\":\"City Game\",\"alternateName\":\"citygame.com\",\"url\":\"https:\\\/\\\/citygame.com\\\/de\\\/\",\"logo\":{\"@type\":\"ImageObject\",\"inLanguage\":\"de\",\"@id\":\"https:\\\/\\\/citygame.com\\\/de\\\/#\\\/schema\\\/logo\\\/image\\\/\",\"url\":\"https:\\\/\\\/citygame.com\\\/wp-content\\\/blogs.dir\\\/1\\\/files\\\/2025\\\/10\\\/CG_LOGO-City-Game.png\",\"contentUrl\":\"https:\\\/\\\/citygame.com\\\/wp-content\\\/blogs.dir\\\/1\\\/files\\\/2025\\\/10\\\/CG_LOGO-City-Game.png\",\"width\":351,\"height\":377,\"caption\":\"City Game\"},\"image\":{\"@id\":\"https:\\\/\\\/citygame.com\\\/de\\\/#\\\/schema\\\/logo\\\/image\\\/\"},\"sameAs\":[\"https:\\\/\\\/www.facebook.com\\\/profile.php?id=100086426226253\",\"https:\\\/\\\/www.instagram.com\\\/citygame_com\",\"https:\\\/\\\/www.tiktok.com\\\/@citygamecom\\\/\",\"https:\\\/\\\/www.linkedin.com\\\/company\\\/citygame-com\"],\"description\":\"Turn any city into a playground with our interactive City Games and self-guided tours. Fun, flexible, and ideal for groups and team building.\"}]}<\/script>\n<!-- \/ Yoast SEO Premium plugin. -->","yoast_head_json":{"title":"City Game Tanger - City Game","robots":{"index":"index","follow":"follow","max-snippet":"max-snippet:-1","max-image-preview":"max-image-preview:large","max-video-preview":"max-video-preview:-1"},"canonical":"https:\/\/citygame.com\/de\/standorte\/city-game-marokko\/city-game-tanger\/","og_locale":"de_DE","og_type":"article","og_title":"City Game Tanger","og_url":"https:\/\/citygame.com\/de\/standorte\/city-game-marokko\/city-game-tanger\/","og_site_name":"City Game","article_publisher":"https:\/\/www.facebook.com\/profile.php?id=100086426226253","article_modified_time":"2026-04-23T14:47:46+00:00","og_image":[{"width":1376,"height":768,"url":"https:\/\/citygame.com\/wp-content\/blogs.dir\/1\/files\/2026\/02\/tanger-kasbah-overlooking-the-port.jpg","type":"image\/jpeg"}],"twitter_card":"summary_large_image","schema":{"@context":"https:\/\/schema.org","@graph":[{"@type":"WebPage","@id":"https:\/\/citygame.com\/de\/standorte\/city-game-marokko\/city-game-tanger\/","url":"https:\/\/citygame.com\/de\/standorte\/city-game-marokko\/city-game-tanger\/","name":"City Game Tanger - City Game","isPartOf":{"@id":"https:\/\/citygame.com\/de\/#website"},"primaryImageOfPage":{"@id":"https:\/\/citygame.com\/de\/standorte\/city-game-marokko\/city-game-tanger\/#primaryimage"},"image":{"@id":"https:\/\/citygame.com\/de\/standorte\/city-game-marokko\/city-game-tanger\/#primaryimage"},"thumbnailUrl":"https:\/\/citygame.com\/wp-content\/blogs.dir\/1\/files\/2026\/02\/tanger-kasbah-overlooking-the-port.jpg","datePublished":"2026-02-11T12:45:20+00:00","dateModified":"2026-04-23T14:47:46+00:00","breadcrumb":{"@id":"https:\/\/citygame.com\/de\/standorte\/city-game-marokko\/city-game-tanger\/#breadcrumb"},"inLanguage":"de","potentialAction":[{"@type":"ReadAction","target":["https:\/\/citygame.com\/de\/standorte\/city-game-marokko\/city-game-tanger\/"]}]},{"@type":"ImageObject","inLanguage":"de","@id":"https:\/\/citygame.com\/de\/standorte\/city-game-marokko\/city-game-tanger\/#primaryimage","url":"https:\/\/citygame.com\/wp-content\/blogs.dir\/1\/files\/2026\/02\/tanger-kasbah-overlooking-the-port.jpg","contentUrl":"https:\/\/citygame.com\/wp-content\/blogs.dir\/1\/files\/2026\/02\/tanger-kasbah-overlooking-the-port.jpg","width":1376,"height":768,"caption":"A scenic viewpoint offers a stunning panorama of Tanger's historic Kasbah and bustling seaport at sunset."},{"@type":"BreadcrumbList","@id":"https:\/\/citygame.com\/de\/standorte\/city-game-marokko\/city-game-tanger\/#breadcrumb","itemListElement":[{"@type":"ListItem","position":1,"name":"Home","item":"https:\/\/citygame.com\/de\/"},{"@type":"ListItem","position":2,"name":"Standorte","item":"https:\/\/citygame.com\/de\/standorte\/"},{"@type":"ListItem","position":3,"name":"City Game Marokko","item":"https:\/\/citygame.com\/de\/standorte\/city-game-marokko\/"},{"@type":"ListItem","position":4,"name":"City Game Tanger"}]},{"@type":"WebSite","@id":"https:\/\/citygame.com\/de\/#website","url":"https:\/\/citygame.com\/de\/","name":"City Game","description":"","publisher":{"@id":"https:\/\/citygame.com\/de\/#organization"},"alternateName":"citygame.com","potentialAction":[{"@type":"SearchAction","target":{"@type":"EntryPoint","urlTemplate":"https:\/\/citygame.com\/de\/?s={search_term_string}"},"query-input":{"@type":"PropertyValueSpecification","valueRequired":true,"valueName":"search_term_string"}}],"inLanguage":"de"},{"@type":"Organization","@id":"https:\/\/citygame.com\/de\/#organization","name":"City Game","alternateName":"citygame.com","url":"https:\/\/citygame.com\/de\/","logo":{"@type":"ImageObject","inLanguage":"de","@id":"https:\/\/citygame.com\/de\/#\/schema\/logo\/image\/","url":"https:\/\/citygame.com\/wp-content\/blogs.dir\/1\/files\/2025\/10\/CG_LOGO-City-Game.png","contentUrl":"https:\/\/citygame.com\/wp-content\/blogs.dir\/1\/files\/2025\/10\/CG_LOGO-City-Game.png","width":351,"height":377,"caption":"City Game"},"image":{"@id":"https:\/\/citygame.com\/de\/#\/schema\/logo\/image\/"},"sameAs":["https:\/\/www.facebook.com\/profile.php?id=100086426226253","https:\/\/www.instagram.com\/citygame_com","https:\/\/www.tiktok.com\/@citygamecom\/","https:\/\/www.linkedin.com\/company\/citygame-com"],"description":"Turn any city into a playground with our interactive City Games and self-guided tours. Fun, flexible, and ideal for groups and team building."}]}},"taxonomy_info":{"cities-only-parent-location":[{"value":507,"label":"Morocco"}],"cg_page_type":[{"value":45,"label":"City overview page"}]},"featured_image_src_large":["https:\/\/citygame.com\/wp-content\/blogs.dir\/1\/files\/2026\/02\/tanger-kasbah-overlooking-the-port-1024x572.jpg",1024,572,true],"author_info":{"display_name":"Philip","author_link":"https:\/\/citygame.com\/de\/blog\/author\/sophi2\/"},"comment_info":0,"wpml_current_locale":"de_DE","wpml_translations":{"nl_NL":{"locale":"nl_NL","id":227591,"slug":"city-game-tangier-2","post_title":"City Game Tangier","href":"https:\/\/citygame.com\/nl\/locaties\/city-game-morocco\/city-game-tangier-2\/"},"en_US":{"locale":"en_US","id":12540,"slug":"city-game-tangier","post_title":"City Game Tangier","href":"https:\/\/citygame.com\/locations\/morocco\/city-game-tangier\/"},"fr_FR":{"locale":"fr_FR","id":227613,"slug":"city-game-tangier-2","post_title":"City Game Tangier","href":"https:\/\/citygame.com\/fr\/emplacements\/city-game-maroc\/city-game-tangier-2\/"},"de_DE":{"locale":"de_DE","translation":"current"},"it_IT":{"locale":"it_IT","id":227621,"slug":"city-game-tangier-2","post_title":"City Game Tangier","href":"https:\/\/citygame.com\/it\/luoghi\/city-game-marocco\/city-game-tangier-2\/"},"es_ES":{"locale":"es_ES","id":227608,"slug":"city-game-tangier-2","post_title":"City Game Tangier","href":"https:\/\/citygame.com\/es\/localizaciones\/city-game-morocco\/city-game-tangier-2\/"}},"_links":{"self":[{"href":"https:\/\/citygame.com\/de\/wp-json\/wp\/v2\/pages\/227600","targetHints":{"allow":["GET"]}}],"collection":[{"href":"https:\/\/citygame.com\/de\/wp-json\/wp\/v2\/pages"}],"about":[{"href":"https:\/\/citygame.com\/de\/wp-json\/wp\/v2\/types\/page"}],"author":[{"embeddable":true,"href":"https:\/\/citygame.com\/de\/wp-json\/wp\/v2\/users\/78"}],"replies":[{"embeddable":true,"href":"https:\/\/citygame.com\/de\/wp-json\/wp\/v2\/comments?post=227600"}],"version-history":[{"count":0,"href":"https:\/\/citygame.com\/de\/wp-json\/wp\/v2\/pages\/227600\/revisions"}],"up":[{"embeddable":true,"href":"https:\/\/citygame.com\/de\/wp-json\/wp\/v2\/pages\/226469"}],"acf:term":[{"embeddable":true,"taxonomy":"cities-only-parent-location","href":"https:\/\/citygame.com\/de\/wp-json\/wp\/v2\/cities-only-parent-location\/507"},{"embeddable":true,"taxonomy":"location","href":"https:\/\/citygame.com\/de\/wp-json\/wp\/v2\/location\/532"}],"wp:featuredmedia":[{"embeddable":true,"href":"https:\/\/citygame.com\/de\/wp-json\/wp\/v2\/media\/12535"}],"wp:attachment":[{"href":"https:\/\/citygame.com\/de\/wp-json\/wp\/v2\/media?parent=227600"}],"wp:term":[{"taxonomy":"cities-only-parent-location","embeddable":true,"href":"https:\/\/citygame.com\/de\/wp-json\/wp\/v2\/cities-only-parent-location?post=227600"},{"taxonomy":"countries-only-parent-locations","embeddable":true,"href":"https:\/\/citygame.com\/de\/wp-json\/wp\/v2\/countries-only-parent-locations?post=227600"},{"taxonomy":"seo_keyword","embeddable":true,"href":"https:\/\/citygame.com\/de\/wp-json\/wp\/v2\/seo_keyword?post=227600"},{"taxonomy":"cg_page_type","embeddable":true,"href":"https:\/\/citygame.com\/de\/wp-json\/wp\/v2\/cg_page_type?post=227600"}],"curies":[{"name":"wp","href":"https:\/\/api.w.org\/{rel}","templated":true}]}}