{"id":227719,"date":"2026-02-11T10:16:24","date_gmt":"2026-02-11T10:16:24","guid":{"rendered":"https:\/\/citygame.com\/locations\/croatia\/city-game-pula-2\/"},"modified":"2026-04-23T15:24:12","modified_gmt":"2026-04-23T15:24:12","slug":"city-game-pula-2","status":"publish","type":"page","link":"https:\/\/citygame.com\/de\/standorte\/city-game-kroatien\/city-game-pula-2\/","title":{"rendered":"City Game Pula"},"content":{"rendered":"","protected":false},"excerpt":{"rendered":"","protected":false},"author":78,"featured_media":12428,"parent":225751,"menu_order":0,"comment_status":"closed","ping_status":"closed","template":"","meta":{"_acf_changed":false,"_yoast_wpseo_focuskw":"City Game Pula","_yoast_wpseo_metadesc":"","_kad_blocks_custom_css":"","_kad_blocks_head_custom_js":"","_kad_blocks_body_custom_js":"","_kad_blocks_footer_custom_js":"","_kad_post_transparent":"","_kad_post_title":"","_kad_post_layout":"","_kad_post_sidebar_id":"","_kad_post_content_style":"","_kad_post_vertical_padding":"","_kad_post_feature":"","_kad_post_feature_position":"","_kad_post_header":false,"_kad_post_footer":false,"_kad_post_classname":"","footnotes":""},"cities-only-parent-location":[491],"countries-only-parent-locations":[],"seo_keyword":[],"cg_page_type":[45],"class_list":["post-227719","page","type-page","status-publish","has-post-thumbnail","hentry","cities-only-parent-location-croatia","cg_page_type-city-overview-page"],"acf":{"city_name":"Pula","select_city":336,"section_1_h2_city_games_in_city":"City Games in Pula","intro_text":"City Games sind in Pula, Kroatien verf\u00fcgbar. Diese selbstgef\u00fchrten Erlebnisse verbinden interaktives Gameplay mit R\u00e4tseln und Herausforderungen, alles auf Ihrem Smartphone gespielt. Wenn Sie durch verschiedene Teile der Stadt gehen, erkunden Sie in Ihrem eigenen Tempo, w\u00e4hrend Sie sich mit den Aufgaben und Zielen des Spiels befassen.","section_1_usp_1":"Starten, Pausieren & Fortfahren wann immer Sie m\u00f6chten","section_1_usp_2":"Allein spielen","section_1_usp_3":"1-4 oder 2-5 Personen pro Smartphone, abh\u00e4ngig von Ihrem Spiel","section_1_usp_4":"1,5\u20132 Stunden Spielzeit","section_1_usp_5":"3\u20134 km Gehstrecke","section_1_usp_6":"Internetverbindung erforderlich","section_1_text_2":"W\u00e4hle dein City Game und beginne noch heute zu spielen!","section_1_cta":"Alle City Games ansehen","intro_image":12429,"section_2_h2_all_city_games_in_city":"All City Games in Pula","section_3_h2_how_city_games_work_in_city":"How City Games work in Pula","section_3_text":"City Games in Pula sind vollst\u00e4ndig selbstgef\u00fchrte Erlebnisse, die es dir erm\u00f6glichen, die Stadt in deinem eigenen Tempo zu erkunden. An deinem eigenen Smartphone gehst du durch das Stadtzentrum, w\u00e4hrend du R\u00e4tsel l\u00f6st, Herausforderungen meisterst und der Handlung deines gew\u00e4hlten City Game folgst.\r\n\r\nDu entscheidest, wann du startest, wo du Pausen machst und wie schnell du spielst. Keine F\u00fchrung, kein Zeitplan oder Reservierung ist erforderlich.","section_3_usp_1":"Spiele im Team mit Freunden, Familie oder Kollegen","section_3_usp_2":"Starte, wann du willst, kein Guide oder Personal n\u00f6tig","section_3_usp_3":"Verwende dein eigenes Smartphone oder Tablet","section_3_usp_4":"Durch die Stadt gehen, w\u00e4hrend du R\u00e4tsel und Herausforderungen l\u00f6st","section_3_usp_5":"Lerne interessante Fakten \u00fcber Geschichte, Kultur und Sehensw\u00fcrdigkeiten","section_3_usp_6":"Erh\u00e4ltlich in mehreren Sprachen","section_3_cta":"W\u00e4hle dein City Game","section_3_step_1":"Schritt 1","section_3_step_1_title":"Buche dein City Game","section_3_step_1_text":"W\u00e4hle deine Stadt und dein City Game und erhalte nach der Buchung sofort alles.","section_3_step_2":"Schritt 2","section_3_step_2_title":"\u00dcberpr\u00fcfe deine Anweisungen","section_3_step_2_text":"\u00d6ffne deine Best\u00e4tigungs-E-Mail mit deinem Startpunkt und wie du mit dem Spielen beginnst.","section_3_step_3":"Schritt 3","section_3_step_3_title":"Gehe zur Startposition","section_3_step_3_text":"Gehe zur Startstelle, wann immer du willst, kein fester Zeitpunkt.","section_3_step_4":"Schritt 4","section_3_step_4_title":"Jetzt mit dem Spielen beginnen","section_3_step_4_text":"Folge den Hinweisen, l\u00f6se R\u00e4tsel und erkunde die Stadt in deinem eigenen Tempo!","how_city_games_work_image":12430,"section_4_h2_who_are_city_games_in_city_for":"F\u00fcr wen sind City Games in Pula gedacht?","section_4_text":"City Games in Pula sind so konzipiert, dass sie f\u00fcr jeden geeignet sind, der die Stadt auf interaktive und flexible Weise erleben m\u00f6chte. Egal, ob du Pula zum ersten Mal besuchst oder die Stadt bereits gut kennst, City Games bieten eine unterhaltsame Aktivit\u00e4t, die sich leicht in deinen Tag integrieren l\u00e4sst.","section_4_text_2":"City Games in Pula eignen sich f\u00fcr:","section_4_usp_1":"Alleinspieler oder kleine Gruppen, die nach einem flexiblen Abenteuer suchen","section_4_usp_2":"Touristen, die Pula erkunden","section_4_usp_3":"Freunde und Familien, die eine unterhaltsame Aktivit\u00e4t suchen","section_4_usp_4":"Unternehmen und Teams, die eine Teambuilding-Veranstaltung planen","section_4_usp_5":"Einheimische, die ihre eigene Stadt neu entdecken m\u00f6chten","section_4_cta":"W\u00e4hle dein City Game","who_are_city_games_for_image":12431,"section_5_h2_exploring_city":"Pula erkunden","exploring_city_text":"Das Erkunden von Pula offenbart eine Stadt, die von historischen Schichten und einer starken Verbindung zum Meer gepr\u00e4gt ist. Das r\u00f6mische Amphitheater ragt \u00fcber dem Hafen und verankert die Altstadt mit ihren gut erhaltenen Steinb\u00f6gen und breiten Pl\u00e4tzen. Wenn du durch dieses zentrale Viertel gehst, \u00f6ffnen sich enge Stra\u00dfen zu ruhigen Innenh\u00f6fen, in denen jahrhundertealte Geb\u00e4ude istrische Traditionen und mediterrane Einfl\u00fcsse widerspiegeln.\r\n\r\nS\u00fcdlich des Zentrums wird die K\u00fcstenlinie zu einem markanten Merkmal, mit felsigen Buchten und von Kiefern ges\u00e4umten Wegen, die einen Kontrast zum urbanen Kern bilden. Entlang der Uferpromenade mischt sich der Hafenbetrieb mit dem Alltagsleben und betont die anhaltende maritime Bedeutung von Pula. Der Rhythmus der Stadt wechselt zwischen innerst\u00e4dtischer Geschichte und K\u00fcstenruhe und bietet eine vielschichtige Erfahrung, gepr\u00e4gt von Land und Meer.","exploring_city_image":12432,"section_6_h2_hosted_game":"Your favourite City Games, professionally hosted by our team","section_6_text":"Genie\u00dfe dieselben City Games wie in unserer selbstgef\u00fchrten Version, jedoch mit voller Vor-Ort-Unterst\u00fctzung durch unsere professionellen Gastgeber. Wir k\u00fcmmern uns um das Briefing, Tablets, Koordination und technischen Support, damit deine Gruppe sich vollst\u00e4ndig auf Spa\u00df und Wettbewerb konzentrieren kann.","section_6_text_2":"Was ist enthalten:","section_6_usp_1_title":"Dasselbe City Game, vollst\u00e4ndig gehostet","section_6_usp_1_text":"Du spielst exakt das gleiche Erlebnis wie in unserer selbstgef\u00fchrten Version, nun mit unseren Gastgebern, die deine Gruppe anleiten.","section_6_usp_2_title":"Live-Ranking & Preisverleihung","section_6_usp_2_text":"F\u00fcr gr\u00f6\u00dfere Gruppen zeigen unsere Gastgeber die Endergebnisse und verk\u00fcnden das Gewinner-Team mit einem spa\u00dfigen Award-Moment.","section_6_usp_3_title":"Gehosteter Start & Abschluss","section_6_usp_3_text":"Wir begr\u00fc\u00dfen deine Gruppe, erkl\u00e4ren das Spiel deutlich und schlie\u00dfen mit einem aufregenden Abschluss.","section_6_usp_4_title":"Unterst\u00fctzung in Echtzeit w\u00e4hrend des Spiels","section_6_usp_4_text":"Unser Team unterst\u00fctzt w\u00e4hrend des Erlebnisses bei Ger\u00e4ten, App-Problemen und Koordination.","section_6_usp_5_title":"Tablets enthalten (optional)","section_6_usp_5_text":"Verf\u00fcgbar f\u00fcr Gruppen, die unsere Ger\u00e4te statt eigener verwenden m\u00f6chten.","section_6_text_3":"Weltweit von Teams gesch\u00e4tzt, von kleinen Gruppen bis hin zu gro\u00dfen Firmenveranstaltungen.","section_6_cta":"Plane deine Gruppenveranstaltung","section_7_h2_reviews":"Was andere \u00fcber unsere City Games denken","section_7_cta_1":"Alle Bewertungen","section_7_cta_2":"Bewertung schreiben","section_8_h2_faq":"Hast du Fragen? Wir haben Antworten!","section_8_text":"Schau dir unsere FAQ an und finde heraus, was du wissen m\u00f6chtest. Ist deine Frage nicht dabei? Z\u00f6gere nicht, uns zu kontaktieren.","section_8_cta_1":"Alle h\u00e4ufig gestellten Fragen ansehen","section_8_cta_2":"Unterst\u00fctzung erhalten","section_8_question_1":"Was sind City Games in Pula?","section_8_answer_1":"City Games in Pula sind <strong>interaktive, selbstgef\u00fchrte Erlebnisse<\/strong>, die es dir erm\u00f6glichen, die Stadt zu erkunden, w\u00e4hrend du ein Spiel spielst!\r\n\r\nMit deinem Smartphone l\u00f6st du R\u00e4tsel, bew\u00e4ltigst Herausforderungen und folgst der Handlung deines gew\u00e4hlten City Game, w\u00e4hrend du durch die Stadt gehst.\r\n\r\nCity Games verbinden Teamarbeit, Probleml\u00f6sung und Outdoor-Erkundung und machen sie zu einer unterhaltsamen Aktivit\u00e4t f\u00fcr Besucher, Einheimische und Gruppen gleicherma\u00dfen.","section_8_question_2":"Brauche ich einen Guide, um ein City Game in Pula zu spielen?","section_8_answer_2":"<p class=\"kt-adv-heading2034_2420ea-ca wp-block-kadence-advancedheading\" data-kb-block=\"kb-adv-heading2034_2420ea-ca\">Nein, City Games in Pula sind <strong>vollst\u00e4ndig selbstgef\u00fchrt<\/strong>. Du brauchst keinen Guide, Host oder vor Ort Personal, um zu spielen. Alle Anweisungen und das Gameplay werden digital bereitgestellt, sodass du eigenst\u00e4ndig mit deinem eigenen Smartphone starten und spielen kannst.<\/p>\r\nDiese Flexibilit\u00e4t macht City Games leicht in deinen eigenen Zeitplan zu integrieren.\r\n<p class=\"kt-adv-heading2034_cd3db2-33 wp-block-kadence-advancedheading hls-none\" data-kb-block=\"kb-adv-heading2034_cd3db2-33\">F\u00fcr gr\u00f6\u00dfere Gruppen oder Firmenveranstaltungen ist auch eine vollst\u00e4ndig gehostete Version unserer City Games verf\u00fcgbar, einschlie\u00dflich Vor-Ort-Anleitung, Tablets und Live-Support.<\/p>\r\nPlanst du eine gr\u00f6\u00dfere Gruppe oder Firmentveranstaltung?","section_8_answer_2_cta":"Erkunde die gehostete City Game-Erfahrung f\u00fcr Gruppen","section_8_question_3":"Wann k\u00f6nnen wir ein City Game in Pula starten?","section_8_answer_3":"Du kannst <strong>jederzeit spielen<\/strong>! City Games in Pula haben keine festen Startzeiten, daher bist du frei, zu dem Zeitpunkt zu beginnen, der zu deinen Pl\u00e4nen passt.\r\n\r\nNach der Buchung erh\u00e4ltst du klare Anweisungen, die erkl\u00e4ren, wie und wann du dein City Game starten kannst!","section_8_question_4":"Wie lange dauert ein City Game in Pula?","section_8_answer_4":"Die City Games in Pula dauern <strong>ungef\u00e4hr 1,5 bis 2 Stunden<\/strong> bis zum Abschluss! Die genaue Dauer h\u00e4ngt von deinem Tempo, der Anzahl der Pausen und davon ab, wie schnell du die R\u00e4tsel und Herausforderungen l\u00f6st.\r\n\r\nDu kannst in deinem eigenen Tempo spielen und das Spiel jederzeit pausieren!","section_8_question_5":"K\u00f6nnen wir ein City Game in Pula mit einer gro\u00dfen Gruppe spielen?","section_8_answer_5":"<p class=\"kt-adv-heading2034_97743b-76 wp-block-kadence-advancedheading\" data-kb-block=\"kb-adv-heading2034_97743b-76\">Ja, City Games eignen sich sowohl f\u00fcr <strong>kleine Gruppen als auch gr\u00f6\u00dfere Teams<\/strong>. Gro\u00dfe Gruppen k\u00f6nnen sich leicht in kleinere Teams aufteilen und das City Game gleichzeitig spielen, auf mehreren Smartphones. Jedes Team spielt unabh\u00e4ngig, folgt dem gleichen Spielkonzept und der gleichen Handlung.<\/p>\r\nDieser Aufbau funktioniert gut f\u00fcr Freundesgruppen, Familien und Unternehmen und macht City Games zu einer beliebten Wahl f\u00fcr Teamausfl\u00fcge, Events und Teambuilding-Aktivit\u00e4ten.\r\n<p class=\"kt-adv-heading2034_7442e3-e3 wp-block-kadence-advancedheading hls-none\" data-kb-block=\"kb-adv-heading2034_7442e3-e3\">F\u00fcr gr\u00f6\u00dfere Gruppen oder Firmenveranstaltungen ist auch eine vollst\u00e4ndig gehostete Version unserer City Games verf\u00fcgbar, einschlie\u00dflich Vor-Ort-Anleitung, Tablets und Live-Support.<\/p>\r\nPlanst du eine gr\u00f6\u00dfere Gruppe oder Firmentveranstaltung?","section_8_answer_5_cta":"Erkunde die gehostete City Game-Erfahrung f\u00fcr Gruppen","section_8_question_6":"Sind City Games in Pula geeignet f\u00fcr Touristen und Einheimische?","section_8_answer_6":"Ja, City Games in Pula sind sowohl f\u00fcr <strong>Touristen als auch Einheimische<\/strong> geeignet. Besucher k\u00f6nnen die Stadt interaktiv erleben, w\u00e4hrend Einheimische vertraute Stra\u00dfen als Kulisse f\u00fcr ein City Game genie\u00dfen\u3002\r\n\r\nDa sich jedes City Game auf Gameplay und Geschichte konzentriert, f\u00fchlt sich die Erfahrung frisch an, unabh\u00e4ngig davon, wie gut du die Stadt bereits kennst.","section_8_question_7":"Sind City Games in Pula in mehreren Sprachen verf\u00fcgbar?","section_8_answer_7":"Ja, City Games in Pula sind <strong>in mehreren Sprachen verf\u00fcgbar<\/strong>. Du kannst deine bevorzugte Sprache vor oder w\u00e4hrend des Spiels ausw\u00e4hlen, wodurch City Games f\u00fcr internationale Besucher und Gruppen mit gemischten Sprachen zug\u00e4nglich sind.","section_8_question_8":"Was brauchen wir, um ein City Game in Pula zu spielen?","section_8_answer_8":"Um ein City Game in Pula zu spielen, brauchst du:","section_8_answer_8_usp_1":"Ein Smartphone mit Internetverbindung","section_8_answer_8_usp_2":"Eine voll aufgeladene Batterie","section_8_answer_8_usp_3":"Bequeme Wanderschuhe","section_8_answer_8_2":"Alle Spielinhalte und Anweisungen werden nach der Buchung digital bereitgestellt.","section_9_h2_instagram":"Mehr auf Instagram sehen","section_9_text":"Reiseerinnerungen, R\u00e4tsel, versteckte Sch\u00e4tze & City Game-Momente direkt aus unserer Community","section_9_cta":"Folge uns auf Instagram","section_10_h2_page_ending":"Bereit f\u00fcr ein unvergessliches Abenteuer in Pula?","section_10_text":"Erkunde Pula auf eine einzigartige und interaktive Weise mit unseren City Games. Spiele noch heute und schaffe bleibende Erinnerungen!","section_10_cta":"Buche jetzt dein City Game","latitude":44.8699941,"longitude":13.8425051,"country":491,"map_enabled":true},"yoast_head":"<!-- This site is optimized with the Yoast SEO Premium plugin v26.2 (Yoast SEO v27.4) - https:\/\/yoast.com\/product\/yoast-seo-premium-wordpress\/ -->\n<title>City Game Pula - City Game<\/title>\n<meta name=\"robots\" content=\"index, follow, max-snippet:-1, max-image-preview:large, max-video-preview:-1\" \/>\n<link rel=\"canonical\" href=\"https:\/\/citygame.com\/de\/standorte\/city-game-kroatien\/city-game-pula-2\/\" \/>\n<meta property=\"og:locale\" content=\"de_DE\" \/>\n<meta property=\"og:type\" content=\"article\" \/>\n<meta property=\"og:title\" content=\"City Game Pula\" \/>\n<meta property=\"og:url\" content=\"https:\/\/citygame.com\/de\/standorte\/city-game-kroatien\/city-game-pula-2\/\" \/>\n<meta property=\"og:site_name\" content=\"City Game\" \/>\n<meta property=\"article:publisher\" content=\"https:\/\/www.facebook.com\/profile.php?id=100086426226253\" \/>\n<meta property=\"article:modified_time\" content=\"2026-04-23T15:24:12+00:00\" \/>\n<meta property=\"og:image\" content=\"https:\/\/citygame.com\/wp-content\/blogs.dir\/1\/files\/2026\/02\/pula-arena-cobblestone-street-view.jpg\" \/>\n\t<meta property=\"og:image:width\" content=\"1376\" \/>\n\t<meta property=\"og:image:height\" content=\"768\" \/>\n\t<meta property=\"og:image:type\" content=\"image\/jpeg\" \/>\n<meta name=\"twitter:card\" content=\"summary_large_image\" \/>\n<script type=\"application\/ld+json\" class=\"yoast-schema-graph\">{\"@context\":\"https:\\\/\\\/schema.org\",\"@graph\":[{\"@type\":\"WebPage\",\"@id\":\"https:\\\/\\\/citygame.com\\\/de\\\/standorte\\\/city-game-kroatien\\\/city-game-pula-2\\\/\",\"url\":\"https:\\\/\\\/citygame.com\\\/de\\\/standorte\\\/city-game-kroatien\\\/city-game-pula-2\\\/\",\"name\":\"City Game Pula - City Game\",\"isPartOf\":{\"@id\":\"https:\\\/\\\/citygame.com\\\/de\\\/#website\"},\"primaryImageOfPage\":{\"@id\":\"https:\\\/\\\/citygame.com\\\/de\\\/standorte\\\/city-game-kroatien\\\/city-game-pula-2\\\/#primaryimage\"},\"image\":{\"@id\":\"https:\\\/\\\/citygame.com\\\/de\\\/standorte\\\/city-game-kroatien\\\/city-game-pula-2\\\/#primaryimage\"},\"thumbnailUrl\":\"https:\\\/\\\/citygame.com\\\/wp-content\\\/blogs.dir\\\/1\\\/files\\\/2026\\\/02\\\/pula-arena-cobblestone-street-view.jpg\",\"datePublished\":\"2026-02-11T10:16:24+00:00\",\"dateModified\":\"2026-04-23T15:24:12+00:00\",\"breadcrumb\":{\"@id\":\"https:\\\/\\\/citygame.com\\\/de\\\/standorte\\\/city-game-kroatien\\\/city-game-pula-2\\\/#breadcrumb\"},\"inLanguage\":\"de\",\"potentialAction\":[{\"@type\":\"ReadAction\",\"target\":[\"https:\\\/\\\/citygame.com\\\/de\\\/standorte\\\/city-game-kroatien\\\/city-game-pula-2\\\/\"]}]},{\"@type\":\"ImageObject\",\"inLanguage\":\"de\",\"@id\":\"https:\\\/\\\/citygame.com\\\/de\\\/standorte\\\/city-game-kroatien\\\/city-game-pula-2\\\/#primaryimage\",\"url\":\"https:\\\/\\\/citygame.com\\\/wp-content\\\/blogs.dir\\\/1\\\/files\\\/2026\\\/02\\\/pula-arena-cobblestone-street-view.jpg\",\"contentUrl\":\"https:\\\/\\\/citygame.com\\\/wp-content\\\/blogs.dir\\\/1\\\/files\\\/2026\\\/02\\\/pula-arena-cobblestone-street-view.jpg\",\"width\":1376,\"height\":768,\"caption\":\"A scenic view of the Pula Arena and the Adriatic Sea from a nearby cobblestone street.\"},{\"@type\":\"BreadcrumbList\",\"@id\":\"https:\\\/\\\/citygame.com\\\/de\\\/standorte\\\/city-game-kroatien\\\/city-game-pula-2\\\/#breadcrumb\",\"itemListElement\":[{\"@type\":\"ListItem\",\"position\":1,\"name\":\"Home\",\"item\":\"https:\\\/\\\/citygame.com\\\/de\\\/\"},{\"@type\":\"ListItem\",\"position\":2,\"name\":\"Standorte\",\"item\":\"https:\\\/\\\/citygame.com\\\/de\\\/standorte\\\/\"},{\"@type\":\"ListItem\",\"position\":3,\"name\":\"City Game Kroatien\",\"item\":\"https:\\\/\\\/citygame.com\\\/de\\\/standorte\\\/city-game-kroatien\\\/\"},{\"@type\":\"ListItem\",\"position\":4,\"name\":\"City Game Pula\"}]},{\"@type\":\"WebSite\",\"@id\":\"https:\\\/\\\/citygame.com\\\/de\\\/#website\",\"url\":\"https:\\\/\\\/citygame.com\\\/de\\\/\",\"name\":\"City Game\",\"description\":\"\",\"publisher\":{\"@id\":\"https:\\\/\\\/citygame.com\\\/de\\\/#organization\"},\"alternateName\":\"citygame.com\",\"potentialAction\":[{\"@type\":\"SearchAction\",\"target\":{\"@type\":\"EntryPoint\",\"urlTemplate\":\"https:\\\/\\\/citygame.com\\\/de\\\/?s={search_term_string}\"},\"query-input\":{\"@type\":\"PropertyValueSpecification\",\"valueRequired\":true,\"valueName\":\"search_term_string\"}}],\"inLanguage\":\"de\"},{\"@type\":\"Organization\",\"@id\":\"https:\\\/\\\/citygame.com\\\/de\\\/#organization\",\"name\":\"City Game\",\"alternateName\":\"citygame.com\",\"url\":\"https:\\\/\\\/citygame.com\\\/de\\\/\",\"logo\":{\"@type\":\"ImageObject\",\"inLanguage\":\"de\",\"@id\":\"https:\\\/\\\/citygame.com\\\/de\\\/#\\\/schema\\\/logo\\\/image\\\/\",\"url\":\"https:\\\/\\\/citygame.com\\\/wp-content\\\/blogs.dir\\\/1\\\/files\\\/2025\\\/10\\\/CG_LOGO-City-Game.png\",\"contentUrl\":\"https:\\\/\\\/citygame.com\\\/wp-content\\\/blogs.dir\\\/1\\\/files\\\/2025\\\/10\\\/CG_LOGO-City-Game.png\",\"width\":351,\"height\":377,\"caption\":\"City Game\"},\"image\":{\"@id\":\"https:\\\/\\\/citygame.com\\\/de\\\/#\\\/schema\\\/logo\\\/image\\\/\"},\"sameAs\":[\"https:\\\/\\\/www.facebook.com\\\/profile.php?id=100086426226253\",\"https:\\\/\\\/www.instagram.com\\\/citygame_com\",\"https:\\\/\\\/www.tiktok.com\\\/@citygamecom\\\/\",\"https:\\\/\\\/www.linkedin.com\\\/company\\\/citygame-com\"],\"description\":\"Turn any city into a playground with our interactive City Games and self-guided tours. Fun, flexible, and ideal for groups and team building.\"}]}<\/script>\n<!-- \/ Yoast SEO Premium plugin. -->","yoast_head_json":{"title":"City Game Pula - City Game","robots":{"index":"index","follow":"follow","max-snippet":"max-snippet:-1","max-image-preview":"max-image-preview:large","max-video-preview":"max-video-preview:-1"},"canonical":"https:\/\/citygame.com\/de\/standorte\/city-game-kroatien\/city-game-pula-2\/","og_locale":"de_DE","og_type":"article","og_title":"City Game Pula","og_url":"https:\/\/citygame.com\/de\/standorte\/city-game-kroatien\/city-game-pula-2\/","og_site_name":"City Game","article_publisher":"https:\/\/www.facebook.com\/profile.php?id=100086426226253","article_modified_time":"2026-04-23T15:24:12+00:00","og_image":[{"width":1376,"height":768,"url":"https:\/\/citygame.com\/wp-content\/blogs.dir\/1\/files\/2026\/02\/pula-arena-cobblestone-street-view.jpg","type":"image\/jpeg"}],"twitter_card":"summary_large_image","schema":{"@context":"https:\/\/schema.org","@graph":[{"@type":"WebPage","@id":"https:\/\/citygame.com\/de\/standorte\/city-game-kroatien\/city-game-pula-2\/","url":"https:\/\/citygame.com\/de\/standorte\/city-game-kroatien\/city-game-pula-2\/","name":"City Game Pula - City Game","isPartOf":{"@id":"https:\/\/citygame.com\/de\/#website"},"primaryImageOfPage":{"@id":"https:\/\/citygame.com\/de\/standorte\/city-game-kroatien\/city-game-pula-2\/#primaryimage"},"image":{"@id":"https:\/\/citygame.com\/de\/standorte\/city-game-kroatien\/city-game-pula-2\/#primaryimage"},"thumbnailUrl":"https:\/\/citygame.com\/wp-content\/blogs.dir\/1\/files\/2026\/02\/pula-arena-cobblestone-street-view.jpg","datePublished":"2026-02-11T10:16:24+00:00","dateModified":"2026-04-23T15:24:12+00:00","breadcrumb":{"@id":"https:\/\/citygame.com\/de\/standorte\/city-game-kroatien\/city-game-pula-2\/#breadcrumb"},"inLanguage":"de","potentialAction":[{"@type":"ReadAction","target":["https:\/\/citygame.com\/de\/standorte\/city-game-kroatien\/city-game-pula-2\/"]}]},{"@type":"ImageObject","inLanguage":"de","@id":"https:\/\/citygame.com\/de\/standorte\/city-game-kroatien\/city-game-pula-2\/#primaryimage","url":"https:\/\/citygame.com\/wp-content\/blogs.dir\/1\/files\/2026\/02\/pula-arena-cobblestone-street-view.jpg","contentUrl":"https:\/\/citygame.com\/wp-content\/blogs.dir\/1\/files\/2026\/02\/pula-arena-cobblestone-street-view.jpg","width":1376,"height":768,"caption":"A scenic view of the Pula Arena and the Adriatic Sea from a nearby cobblestone street."},{"@type":"BreadcrumbList","@id":"https:\/\/citygame.com\/de\/standorte\/city-game-kroatien\/city-game-pula-2\/#breadcrumb","itemListElement":[{"@type":"ListItem","position":1,"name":"Home","item":"https:\/\/citygame.com\/de\/"},{"@type":"ListItem","position":2,"name":"Standorte","item":"https:\/\/citygame.com\/de\/standorte\/"},{"@type":"ListItem","position":3,"name":"City Game Kroatien","item":"https:\/\/citygame.com\/de\/standorte\/city-game-kroatien\/"},{"@type":"ListItem","position":4,"name":"City Game Pula"}]},{"@type":"WebSite","@id":"https:\/\/citygame.com\/de\/#website","url":"https:\/\/citygame.com\/de\/","name":"City Game","description":"","publisher":{"@id":"https:\/\/citygame.com\/de\/#organization"},"alternateName":"citygame.com","potentialAction":[{"@type":"SearchAction","target":{"@type":"EntryPoint","urlTemplate":"https:\/\/citygame.com\/de\/?s={search_term_string}"},"query-input":{"@type":"PropertyValueSpecification","valueRequired":true,"valueName":"search_term_string"}}],"inLanguage":"de"},{"@type":"Organization","@id":"https:\/\/citygame.com\/de\/#organization","name":"City Game","alternateName":"citygame.com","url":"https:\/\/citygame.com\/de\/","logo":{"@type":"ImageObject","inLanguage":"de","@id":"https:\/\/citygame.com\/de\/#\/schema\/logo\/image\/","url":"https:\/\/citygame.com\/wp-content\/blogs.dir\/1\/files\/2025\/10\/CG_LOGO-City-Game.png","contentUrl":"https:\/\/citygame.com\/wp-content\/blogs.dir\/1\/files\/2025\/10\/CG_LOGO-City-Game.png","width":351,"height":377,"caption":"City Game"},"image":{"@id":"https:\/\/citygame.com\/de\/#\/schema\/logo\/image\/"},"sameAs":["https:\/\/www.facebook.com\/profile.php?id=100086426226253","https:\/\/www.instagram.com\/citygame_com","https:\/\/www.tiktok.com\/@citygamecom\/","https:\/\/www.linkedin.com\/company\/citygame-com"],"description":"Turn any city into a playground with our interactive City Games and self-guided tours. Fun, flexible, and ideal for groups and team building."}]}},"taxonomy_info":{"cities-only-parent-location":[{"value":491,"label":"Croatia"}],"cg_page_type":[{"value":45,"label":"City overview page"}]},"featured_image_src_large":["https:\/\/citygame.com\/wp-content\/blogs.dir\/1\/files\/2026\/02\/pula-arena-cobblestone-street-view-1024x572.jpg",1024,572,true],"author_info":{"display_name":"Philip","author_link":"https:\/\/citygame.com\/de\/blog\/author\/sophi2\/"},"comment_info":0,"wpml_current_locale":"de_DE","wpml_translations":{"nl_NL":{"locale":"nl_NL","id":227712,"slug":"city-game-pula-2","post_title":"City Game Pula","href":"https:\/\/citygame.com\/nl\/locaties\/city-game-kroatie\/city-game-pula-2\/"},"en_US":{"locale":"en_US","id":12433,"slug":"city-game-pula","post_title":"City Game Pula","href":"https:\/\/citygame.com\/locations\/croatia\/city-game-pula\/"},"fr_FR":{"locale":"fr_FR","id":227736,"slug":"city-game-pula-2","post_title":"City Game Pula","href":"https:\/\/citygame.com\/fr\/emplacements\/city-game-croatie\/city-game-pula-2\/"},"de_DE":{"locale":"de_DE","translation":"current"},"it_IT":{"locale":"it_IT","id":227744,"slug":"city-game-pola","post_title":"City Game Pola","href":"https:\/\/citygame.com\/it\/luoghi\/city-game-croazia\/city-game-pola\/"},"es_ES":{"locale":"es_ES","id":227726,"slug":"city-game-pula-2","post_title":"City Game Pula","href":"https:\/\/citygame.com\/es\/localizaciones\/city-game-croacia\/city-game-pula-2\/"}},"_links":{"self":[{"href":"https:\/\/citygame.com\/de\/wp-json\/wp\/v2\/pages\/227719","targetHints":{"allow":["GET"]}}],"collection":[{"href":"https:\/\/citygame.com\/de\/wp-json\/wp\/v2\/pages"}],"about":[{"href":"https:\/\/citygame.com\/de\/wp-json\/wp\/v2\/types\/page"}],"author":[{"embeddable":true,"href":"https:\/\/citygame.com\/de\/wp-json\/wp\/v2\/users\/78"}],"replies":[{"embeddable":true,"href":"https:\/\/citygame.com\/de\/wp-json\/wp\/v2\/comments?post=227719"}],"version-history":[{"count":0,"href":"https:\/\/citygame.com\/de\/wp-json\/wp\/v2\/pages\/227719\/revisions"}],"up":[{"embeddable":true,"href":"https:\/\/citygame.com\/de\/wp-json\/wp\/v2\/pages\/225751"}],"acf:term":[{"embeddable":true,"taxonomy":"cities-only-parent-location","href":"https:\/\/citygame.com\/de\/wp-json\/wp\/v2\/cities-only-parent-location\/491"},{"embeddable":true,"taxonomy":"location","href":"https:\/\/citygame.com\/de\/wp-json\/wp\/v2\/location\/336"}],"wp:featuredmedia":[{"embeddable":true,"href":"https:\/\/citygame.com\/de\/wp-json\/wp\/v2\/media\/12428"}],"wp:attachment":[{"href":"https:\/\/citygame.com\/de\/wp-json\/wp\/v2\/media?parent=227719"}],"wp:term":[{"taxonomy":"cities-only-parent-location","embeddable":true,"href":"https:\/\/citygame.com\/de\/wp-json\/wp\/v2\/cities-only-parent-location?post=227719"},{"taxonomy":"countries-only-parent-locations","embeddable":true,"href":"https:\/\/citygame.com\/de\/wp-json\/wp\/v2\/countries-only-parent-locations?post=227719"},{"taxonomy":"seo_keyword","embeddable":true,"href":"https:\/\/citygame.com\/de\/wp-json\/wp\/v2\/seo_keyword?post=227719"},{"taxonomy":"cg_page_type","embeddable":true,"href":"https:\/\/citygame.com\/de\/wp-json\/wp\/v2\/cg_page_type?post=227719"}],"curies":[{"name":"wp","href":"https:\/\/api.w.org\/{rel}","templated":true}]}}