{"id":228118,"date":"2026-02-10T18:10:16","date_gmt":"2026-02-10T18:10:16","guid":{"rendered":"https:\/\/citygame.com\/locations\/switzerland\/city-game-zurich-2\/"},"modified":"2026-04-24T15:31:22","modified_gmt":"2026-04-24T15:31:22","slug":"city-game-zurich-2","status":"publish","type":"page","link":"https:\/\/citygame.com\/de\/standorte\/city-game-schweiz\/city-game-zurich-2\/","title":{"rendered":"City Game Zurich"},"content":{"rendered":"","protected":false},"excerpt":{"rendered":"","protected":false},"author":78,"featured_media":16398,"parent":226974,"menu_order":0,"comment_status":"closed","ping_status":"closed","template":"","meta":{"_acf_changed":false,"_yoast_wpseo_focuskw":"City Game Zurich","_yoast_wpseo_metadesc":"","_kad_blocks_custom_css":"","_kad_blocks_head_custom_js":"","_kad_blocks_body_custom_js":"","_kad_blocks_footer_custom_js":"","_kad_post_transparent":"","_kad_post_title":"","_kad_post_layout":"","_kad_post_sidebar_id":"","_kad_post_content_style":"","_kad_post_vertical_padding":"","_kad_post_feature":"","_kad_post_feature_position":"","_kad_post_header":false,"_kad_post_footer":false,"_kad_post_classname":"","footnotes":""},"cities-only-parent-location":[497],"countries-only-parent-locations":[],"seo_keyword":[],"cg_page_type":[45],"class_list":["post-228118","page","type-page","status-publish","has-post-thumbnail","hentry","cities-only-parent-location-switzerland","cg_page_type-city-overview-page"],"acf":{"city_name":"Z\u00fcrich","select_city":437,"section_1_h2_city_games_in_city":"City Games in Z\u00fcrich","intro_text":"City Games sind in Z\u00fcrich verf\u00fcgbar und bieten eine interaktive M\u00f6glichkeit, die Stadt durch Gameplay zu erkunden. Mit einem Smartphone l\u00f6sen die Spieler R\u00e4tsel und Aufgaben, w\u00e4hrend sie die Stra\u00dfen in ihrem eigenen Tempo navigieren. Dieses selbstgesteuerte Erlebnis kombiniert Probleml\u00f6sung mit Entdeckung in einem Format, das Flexibilit\u00e4t und Engagement erm\u00f6glicht.","section_1_usp_1":"Starte, pausiere & setze fort, wann immer du willst","section_1_usp_2":"Individuell spielen","section_1_usp_3":"1\u20134 oder 2\u20135 Personen pro Smartphone, je nach Spiel","section_1_usp_4":"1,5\u20132 Stunden Spielzeit","section_1_usp_5":"3\u20134 km Fu\u00dfweg","section_1_usp_6":"Internetverbindung erforderlich","section_1_text_2":"W\u00e4hle dein City Game und fang heute mit dem Spielen an!","section_1_cta":"Alle City Games anzeigen","intro_image":16399,"section_2_h2_all_city_games_in_city":"Alle City Games in Z\u00fcrich","section_3_h2_how_city_games_work_in_city":"Wie City Games in Z\u00fcrich funktionieren","section_3_text":"City Games in Z\u00fcrich sind vollst\u00e4ndig selbstgesteuerte Erlebnisse, die es dir erm\u00f6glichen, die Stadt in deinem eigenen Tempo zu erkunden. Mit deinem eigenen Smartphone gehst du durch das Stadtzentrum, w\u00e4hrend du R\u00e4tsel l\u00f6st, Herausforderungen bew\u00e4ltigst und der Handlung deines gew\u00e4hlten City Game folgst.\r\n\r\nDu entscheidest, wann du startest, wo du Pausen machst und wie schnell du spielst. Kein Guide, kein Zeitplan oder Reservierung ist erforderlich.","section_3_usp_1":"Spiele im Team mit Freunden, Familie oder Kollegen","section_3_usp_2":"Starte, wann immer du willst, kein Guide oder Personal n\u00f6tig","section_3_usp_3":"Verwende dein eigenes Smartphone oder Tablet","section_3_usp_4":"Durch die Stadt gehen, w\u00e4hrend du R\u00e4tsel und Herausforderungen l\u00f6st","section_3_usp_5":"Lerne interessante Fakten \u00fcber Geschichte, Kultur und Sehensw\u00fcrdigkeiten","section_3_usp_6":"In mehreren Sprachen verf\u00fcgbar","section_3_cta":"Choose your City Game","section_3_step_1":"Step 1","section_3_step_1_title":"Book your City Game","section_3_step_1_text":"W\u00e4hle deine Stadt und dein Spiel aus und erhalte alles sofort nach der Buchung.","section_3_step_2":"Step 2","section_3_step_2_title":"Check your instructions","section_3_step_2_text":"\u00d6ffne deine Best\u00e4tigungs-E-Mail mit dem Startort und der Anleitung, wie du mit dem Spielen beginnst.","section_3_step_3":"Step 3","section_3_step_3_title":"Go to the starting location","section_3_step_3_text":"Gehe zum Startort, wann immer du willst \u2013 es gibt keinen festen Zeitpunkt.","section_3_step_4":"Step 4","section_3_step_4_title":"Start playing","section_3_step_4_text":"Folge den Hinweisen, l\u00f6se R\u00e4tsel und erkunde die Stadt in deinem eigenen Tempo!","how_city_games_work_image":16400,"section_4_h2_who_are_city_games_in_city_for":"F\u00fcr wen sind City Games in Z\u00fcrich geeignet?","section_4_text":"City Games in Z\u00fcrich sind f\u00fcr jedermann gedacht, der die Stadt auf interaktive und flexible Weise erleben m\u00f6chte. Egal, ob du Z\u00fcrich zum ersten Mal besuchst oder die Stadt bereits gut kennst, bieten City Games eine unterhaltsame Aktivit\u00e4t, die sich leicht in deinen Tag integrieren l\u00e4sst.","section_4_text_2":"City Games in Z\u00fcrich eignen sich f\u00fcr:","section_4_usp_1":"Alleinspieler oder kleine Gruppen auf der Suche nach einem flexiblen Abenteuer","section_4_usp_2":"Touristen, die Z\u00fcrich erkunden","section_4_usp_3":"Freunde und Familien, die nach einer unterhaltsamen Aktivit\u00e4t suchen","section_4_usp_4":"Unternehmen und Teams, die eine Teambuilding-Veranstaltung planen","section_4_usp_5":"Einwohner, die ihre eigene Stadt neu entdecken m\u00f6chten","section_4_cta":"Choose your City Game","who_are_city_games_for_image":16401,"section_5_h2_exploring_city":"Z\u00fcrich entdecken","exploring_city_text":"Z\u00fcrich zu entdecken bietet eine Mischung aus alpinem Charme und urbaner Pr\u00e4zision. Die historische Altstadt mit ihren engen, verwinkelten Gassen und jahrhundertealten Geb\u00e4uden verankert die Stadt mit einem starken Sinn f\u00fcr Ort. Beim Durchqueren dieses Viertels offenbaren sich Schichten architekturhistorischer Geschichte, von mittelalterlichen Kirchen bis zu Renaissance-Gildenh\u00e4usern, die alle am klaren, stetigen Flusslauf der Limmat liegen.\n\nWeiter westlich verleiht der industrielle Charakter von Z\u00fcrich-West dem Viertel eine kontrastreiche Energie. Ehemalige Fabriken beherbergen heute zeitgen\u00f6ssische Galerien, Designstudios und Restaurants, was dem Viertel eine kreative Kante verleiht, die sich vom Altstadtviertel abhebt. Zusammen formen diese kontrastierenden Stadtviertel eine Stadt, die zum Erkunden durch Zeit und Wandel einl\u00e4dt.","exploring_city_image":16402,"section_6_h2_hosted_game":"Your favourite City Games, professionally hosted by our team","section_6_text":"Genie\u00dfe die gleichen City Games wie in unserer selbstgesteuerten Version, jedoch mit umfassender Vor-Ort-Unterst\u00fctzung durch unsere professionellen Gastgeber.","section_6_text_2":"What\u2019s included:","section_6_usp_1_title":"Same City Game, fully hosted","section_6_usp_1_text":"Du spielst exakt dasselbe Erlebnis wie in unserer selbstgesteuerten Version, jetzt mit unseren Gastgebern, die deine Gruppe f\u00fchren.","section_6_usp_2_title":"Live ranking & prize ceremony","section_6_usp_2_text":"F\u00fcr gr\u00f6\u00dfere Gruppen geben unsere Gastgeber die Endergebnisse bekannt und verk\u00fcnden das siegreiche Team mit einem unterhaltsamen Preis-Moment.","section_6_usp_3_title":"Hosted start & finish","section_6_usp_3_text":"Wir begr\u00fc\u00dfen deine Gruppe, erkl\u00e4ren das Spiel klar und beenden mit einem spannenden Abschluss.","section_6_usp_4_title":"Real-time support during the game","section_6_usp_4_text":"Unser Team unterst\u00fctzt dich w\u00e4hrend der gesamten Erfahrung bei Ger\u00e4ten, App-Problemen und Koordination.","section_6_usp_5_title":"Tablets included (optional)","section_6_usp_5_text":"Tablets inklusive (optional)","section_6_text_3":"Trusted by teams worldwide, from small groups to large corporate events.","section_6_cta":"Plan your group event","section_7_h2_reviews":"Was andere von unseren City Games halten","section_7_cta_1":"Alle Bewertungen","section_7_cta_2":"Eine Bewertung schreiben","section_8_h2_faq":"Haben Sie Fragen? Wir haben Antworten!","section_8_text":"Schau dir unsere h\u00e4ufig gestellten Fragen an und erfahre alles, was du wissen m\u00f6chtest. Ist deine Frage nicht dabei? Meld dich gerne bei uns.","section_8_cta_1":"Alle h\u00e4ufig gestellten Fragen anzeigen","section_8_cta_2":"Unterst\u00fctzung erhalten","section_8_question_1":"Was sind City Games in Z\u00fcrich?","section_8_answer_1":"City Games in Z\u00fcrich sind <strong>interaktive, selbstgesteuerte Erlebnisse<\/strong>, die dir erm\u00f6glichen, die Stadt beim Spielen eines City Games zu erkunden!\r\n\r\nMit deinem Smartphone l\u00f6st du R\u00e4tsel, bew\u00e4ltigst Herausforderungen und folgst der Handlung deines gew\u00e4hlten City Games, w\u00e4hrend du durch die Stadt gehst.\r\n\r\nCity Games verbinden Teamarbeit, Probleml\u00f6sung und Outdoor-Erkundung und bieten Besuchern, Einheimischen und Gruppen eine spa\u00dfige Aktivit\u00e4t.","section_8_question_2":"Brauche ich einen Guide, um ein City Game in Z\u00fcrich zu spielen?","section_8_answer_2":"<p class=\"kt-adv-heading2034_2420ea-ca wp-block-kadence-advancedheading\" data-kb-block=\"kb-adv-heading2034_2420ea-ca\">Nein, City Games in Z\u00fcrich sind <strong>vollst\u00e4ndig selbstgesteuert<\/strong>. Du brauchst keinen Guide, Gastgeber oder On-Site-Personal, um zu spielen. Alle Anweisungen und das Gameplay werden digital bereitgestellt, sodass du mit deinem eigenen Smartphone unabh\u00e4ngig starten und spielen kannst.<\/p>\r\nDiese Flexibilit\u00e4t macht City Games leicht, in deinen eigenen Zeitplan zu passen.\r\n<p class=\"kt-adv-heading2034_cd3db2-33 wp-block-kadence-advancedheading hls-none\" data-kb-block=\"kb-adv-heading2034_cd3db2-33\">F\u00fcr gr\u00f6\u00dfere Gruppen oder Firmenevents ist auch eine vollst\u00e4ndig betreute Version unserer City Games verf\u00fcgbar, einschlie\u00dflich Vor-Ort-Begleitung, Tablets und Live-Support.<\/p>\r\nPlanst du eine gr\u00f6\u00dfere Gruppe oder ein Firmenevent?","section_8_answer_2_cta":"Explore the hosted City Game experience for groups","section_8_question_3":"Wann k\u00f6nnen wir mit einem City Game in Z\u00fcrich beginnen?","section_8_answer_3":"Du kannst <strong>zu jedem Zeitpunkt spielen<\/strong>! City Games in Z\u00fcrich haben keine festen Startzeiten, du kannst also jederzeit beginnen, wenn es in deine Planung passt.\r\n\r\nNach der Buchung erh\u00e4ltst du klare Anweisungen, die erkl\u00e4ren, wie und wann du dein City Game starten kannst!","section_8_question_4":"Wie lange dauert ein City Game in Z\u00fcrich?","section_8_answer_4":"Die City Games in Z\u00fcrich dauern <strong>ungef\u00e4hr 1,5 bis 2 Stunden<\/strong> bis zum Abschluss! Die genaue Dauer h\u00e4ngt von deinem Tempo, der Anzahl der Pausen und davon ab, wie schnell du R\u00e4tsel und Herausforderungen l\u00f6st.\r\n\r\nDu kannst in deinem eigenen Tempo spielen und das Spiel jederzeit pausieren!","section_8_question_5":"K\u00f6nnen wir ein City Game in Z\u00fcrich mit einer gro\u00dfen Gruppe spielen?","section_8_answer_5":"<p class=\"kt-adv-heading2034_97743b-76 wp-block-kadence-advancedheading\" data-kb-block=\"kb-adv-heading2034_97743b-76\">Ja, City Games eignen sich sowohl f\u00fcr <strong>kleine Gruppen als auch gr\u00f6\u00dfere Teams<\/strong>. Gro\u00dfe Gruppen k\u00f6nnen leicht in kleinere Teams aufgeteilt werden und das City Game gleichzeitig spielen, indem mehrere Smartphones verwendet werden. Jedes Team spielt unabh\u00e4ngig und folgt dem gleichen Spielkonzept und der gleichen Handlung.<\/p>\r\nDieses Setup eignet sich gut f\u00fcr Gruppen von Freunden, Familien und Unternehmen und macht City Games zu einer beliebten Wahl f\u00fcr Teamausfl\u00fcge, Veranstaltungen und Teambuilding-Aktivit\u00e4ten.\r\n<p class=\"kt-adv-heading2034_7442e3-e3 wp-block-kadence-advancedheading hls-none\" data-kb-block=\"kb-adv-heading2034_7442e3-e3\">F\u00fcr gr\u00f6\u00dfere Gruppen oder Firmenevents ist auch eine vollst\u00e4ndig betreute Version unserer City Games verf\u00fcgbar, einschlie\u00dflich Vor-Ort-Begleitung, Tablets und Live-Support.<\/p>\r\nPlanst du eine gr\u00f6\u00dfere Gruppe oder ein Firmenevent?","section_8_answer_5_cta":"Explore the hosted City Game experience for groups","section_8_question_6":"Sind City Games in Z\u00fcrich geeignet f\u00fcr Touristen und Einheimische?","section_8_answer_6":"Ja, City Games in Z\u00fcrich sind <strong>geeignet f\u00fcr beides<\/strong>. Besucher k\u00f6nnen die Stadt interaktiv erleben, w\u00e4hrend Einheimische vertraute Stra\u00dfen als Schauplatz f\u00fcr ein City Game genie\u00dfen. Da jedes City Game sich auf Gameplay und Storytelling konzentriert, wirkt die Erfahrung frisch, unabh\u00e4ngig davon, wie gut du die Stadt bereits kennst.","section_8_question_7":"Sind City Games in Z\u00fcrich in mehreren Sprachen verf\u00fcgbar?","section_8_answer_7":"Ja, City Games in Z\u00fcrich sind <strong>in mehreren Sprachen verf\u00fcgbar<\/strong>. Du kannst vor oder w\u00e4hrend des Spiels deine bevorzugte Sprache ausw\u00e4hlen, wodurch City Games f\u00fcr internationale Besucher und Gruppen mit mehreren Sprachen zug\u00e4nglich werden.","section_8_question_8":"Was brauchen wir, um ein City Game in Z\u00fcrich zu spielen?","section_8_answer_8":"Um ein City Game in Z\u00fcrich zu spielen, ben\u00f6tigst du:","section_8_answer_8_usp_1":"Ein Smartphone mit Internetverbindung","section_8_answer_8_usp_2":"Einen vollst\u00e4ndig aufgeladenen Akku","section_8_answer_8_usp_3":"Bequeme Wanderschuhe","section_8_answer_8_2":"Alle Spielinhalte und Anweisungen werden nach der Buchung digital bereitgestellt.","section_9_h2_instagram":"Mehr auf Instagram sehen","section_9_text":"Reiseinspiration, R\u00e4tsel, verborgene Sch\u00e4tze & City Game-Momente \u2013 direkt aus unserer Community","section_9_cta":"Folge uns auf Instagram","section_10_h2_page_ending":"Bereit f\u00fcr ein unvergessliches Abenteuer in Z\u00fcrich?","section_10_text":"Erkunde Z\u00fcrich auf eine einzigartige und interaktive Weise mit unseren City Games. Spiele noch heute und schaffe bleibende Erinnerungen!","section_10_cta":"Buche jetzt dein City Game","latitude":47.3691914,"longitude":8.544075,"country":497,"map_enabled":true},"yoast_head":"<!-- This site is optimized with the Yoast SEO Premium plugin v26.2 (Yoast SEO v27.4) - https:\/\/yoast.com\/product\/yoast-seo-premium-wordpress\/ -->\n<title>City Game Zurich - City Game<\/title>\n<meta name=\"robots\" content=\"index, follow, max-snippet:-1, max-image-preview:large, max-video-preview:-1\" \/>\n<link rel=\"canonical\" href=\"https:\/\/citygame.com\/de\/standorte\/city-game-schweiz\/city-game-zurich-2\/\" \/>\n<meta property=\"og:locale\" content=\"de_DE\" \/>\n<meta property=\"og:type\" content=\"article\" \/>\n<meta property=\"og:title\" content=\"City Game Zurich\" \/>\n<meta property=\"og:url\" content=\"https:\/\/citygame.com\/de\/standorte\/city-game-schweiz\/city-game-zurich-2\/\" \/>\n<meta property=\"og:site_name\" content=\"City Game\" \/>\n<meta property=\"article:publisher\" content=\"https:\/\/www.facebook.com\/profile.php?id=100086426226253\" \/>\n<meta property=\"article:modified_time\" content=\"2026-04-24T15:31:22+00:00\" \/>\n<meta property=\"og:image\" content=\"https:\/\/citygame.com\/wp-content\/blogs.dir\/1\/files\/2026\/03\/zurich-grossmunster-limmat-river-view.jpeg\" \/>\n\t<meta property=\"og:image:width\" content=\"1920\" \/>\n\t<meta property=\"og:image:height\" content=\"1080\" \/>\n\t<meta property=\"og:image:type\" content=\"image\/jpeg\" \/>\n<meta name=\"twitter:card\" content=\"summary_large_image\" \/>\n<script type=\"application\/ld+json\" class=\"yoast-schema-graph\">{\"@context\":\"https:\\\/\\\/schema.org\",\"@graph\":[{\"@type\":\"WebPage\",\"@id\":\"https:\\\/\\\/citygame.com\\\/de\\\/standorte\\\/city-game-schweiz\\\/city-game-zurich-2\\\/\",\"url\":\"https:\\\/\\\/citygame.com\\\/de\\\/standorte\\\/city-game-schweiz\\\/city-game-zurich-2\\\/\",\"name\":\"City Game Zurich - City Game\",\"isPartOf\":{\"@id\":\"https:\\\/\\\/citygame.com\\\/de\\\/#website\"},\"primaryImageOfPage\":{\"@id\":\"https:\\\/\\\/citygame.com\\\/de\\\/standorte\\\/city-game-schweiz\\\/city-game-zurich-2\\\/#primaryimage\"},\"image\":{\"@id\":\"https:\\\/\\\/citygame.com\\\/de\\\/standorte\\\/city-game-schweiz\\\/city-game-zurich-2\\\/#primaryimage\"},\"thumbnailUrl\":\"https:\\\/\\\/citygame.com\\\/wp-content\\\/blogs.dir\\\/1\\\/files\\\/2026\\\/03\\\/zurich-grossmunster-limmat-river-view.jpeg\",\"datePublished\":\"2026-02-10T18:10:16+00:00\",\"dateModified\":\"2026-04-24T15:31:22+00:00\",\"breadcrumb\":{\"@id\":\"https:\\\/\\\/citygame.com\\\/de\\\/standorte\\\/city-game-schweiz\\\/city-game-zurich-2\\\/#breadcrumb\"},\"inLanguage\":\"de\",\"potentialAction\":[{\"@type\":\"ReadAction\",\"target\":[\"https:\\\/\\\/citygame.com\\\/de\\\/standorte\\\/city-game-schweiz\\\/city-game-zurich-2\\\/\"]}]},{\"@type\":\"ImageObject\",\"inLanguage\":\"de\",\"@id\":\"https:\\\/\\\/citygame.com\\\/de\\\/standorte\\\/city-game-schweiz\\\/city-game-zurich-2\\\/#primaryimage\",\"url\":\"https:\\\/\\\/citygame.com\\\/wp-content\\\/blogs.dir\\\/1\\\/files\\\/2026\\\/03\\\/zurich-grossmunster-limmat-river-view.jpeg\",\"contentUrl\":\"https:\\\/\\\/citygame.com\\\/wp-content\\\/blogs.dir\\\/1\\\/files\\\/2026\\\/03\\\/zurich-grossmunster-limmat-river-view.jpeg\",\"width\":1920,\"height\":1080,\"caption\":\"A scenic view over the Limmat river towards the twin towers of the Grossm\u00fcnster in Zurich.\"},{\"@type\":\"BreadcrumbList\",\"@id\":\"https:\\\/\\\/citygame.com\\\/de\\\/standorte\\\/city-game-schweiz\\\/city-game-zurich-2\\\/#breadcrumb\",\"itemListElement\":[{\"@type\":\"ListItem\",\"position\":1,\"name\":\"Home\",\"item\":\"https:\\\/\\\/citygame.com\\\/de\\\/\"},{\"@type\":\"ListItem\",\"position\":2,\"name\":\"Locations\",\"item\":\"https:\\\/\\\/citygame.com\\\/de\\\/?page_id=1598\"},{\"@type\":\"ListItem\",\"position\":3,\"name\":\"City Game Switzerland\",\"item\":\"https:\\\/\\\/citygame.com\\\/de\\\/locations\\\/switzerland\\\/\"},{\"@type\":\"ListItem\",\"position\":4,\"name\":\"City Game Zurich\"}]},{\"@type\":\"WebSite\",\"@id\":\"https:\\\/\\\/citygame.com\\\/de\\\/#website\",\"url\":\"https:\\\/\\\/citygame.com\\\/de\\\/\",\"name\":\"City Game\",\"description\":\"\",\"publisher\":{\"@id\":\"https:\\\/\\\/citygame.com\\\/de\\\/#organization\"},\"alternateName\":\"citygame.com\",\"potentialAction\":[{\"@type\":\"SearchAction\",\"target\":{\"@type\":\"EntryPoint\",\"urlTemplate\":\"https:\\\/\\\/citygame.com\\\/de\\\/?s={search_term_string}\"},\"query-input\":{\"@type\":\"PropertyValueSpecification\",\"valueRequired\":true,\"valueName\":\"search_term_string\"}}],\"inLanguage\":\"de\"},{\"@type\":\"Organization\",\"@id\":\"https:\\\/\\\/citygame.com\\\/de\\\/#organization\",\"name\":\"City Game\",\"alternateName\":\"citygame.com\",\"url\":\"https:\\\/\\\/citygame.com\\\/de\\\/\",\"logo\":{\"@type\":\"ImageObject\",\"inLanguage\":\"de\",\"@id\":\"https:\\\/\\\/citygame.com\\\/de\\\/#\\\/schema\\\/logo\\\/image\\\/\",\"url\":\"https:\\\/\\\/citygame.com\\\/wp-content\\\/blogs.dir\\\/1\\\/files\\\/2025\\\/10\\\/CG_LOGO-City-Game.png\",\"contentUrl\":\"https:\\\/\\\/citygame.com\\\/wp-content\\\/blogs.dir\\\/1\\\/files\\\/2025\\\/10\\\/CG_LOGO-City-Game.png\",\"width\":351,\"height\":377,\"caption\":\"City Game\"},\"image\":{\"@id\":\"https:\\\/\\\/citygame.com\\\/de\\\/#\\\/schema\\\/logo\\\/image\\\/\"},\"sameAs\":[\"https:\\\/\\\/www.facebook.com\\\/profile.php?id=100086426226253\",\"https:\\\/\\\/www.instagram.com\\\/citygame_com\",\"https:\\\/\\\/www.tiktok.com\\\/@citygamecom\\\/\",\"https:\\\/\\\/www.linkedin.com\\\/company\\\/citygame-com\"],\"description\":\"Turn any city into a playground with our interactive City Games and self-guided tours. Fun, flexible, and ideal for groups and team building.\"}]}<\/script>\n<!-- \/ Yoast SEO Premium plugin. -->","yoast_head_json":{"title":"City Game Zurich - City Game","robots":{"index":"index","follow":"follow","max-snippet":"max-snippet:-1","max-image-preview":"max-image-preview:large","max-video-preview":"max-video-preview:-1"},"canonical":"https:\/\/citygame.com\/de\/standorte\/city-game-schweiz\/city-game-zurich-2\/","og_locale":"de_DE","og_type":"article","og_title":"City Game Zurich","og_url":"https:\/\/citygame.com\/de\/standorte\/city-game-schweiz\/city-game-zurich-2\/","og_site_name":"City Game","article_publisher":"https:\/\/www.facebook.com\/profile.php?id=100086426226253","article_modified_time":"2026-04-24T15:31:22+00:00","og_image":[{"width":1920,"height":1080,"url":"https:\/\/citygame.com\/wp-content\/blogs.dir\/1\/files\/2026\/03\/zurich-grossmunster-limmat-river-view.jpeg","type":"image\/jpeg"}],"twitter_card":"summary_large_image","schema":{"@context":"https:\/\/schema.org","@graph":[{"@type":"WebPage","@id":"https:\/\/citygame.com\/de\/standorte\/city-game-schweiz\/city-game-zurich-2\/","url":"https:\/\/citygame.com\/de\/standorte\/city-game-schweiz\/city-game-zurich-2\/","name":"City Game Zurich - City Game","isPartOf":{"@id":"https:\/\/citygame.com\/de\/#website"},"primaryImageOfPage":{"@id":"https:\/\/citygame.com\/de\/standorte\/city-game-schweiz\/city-game-zurich-2\/#primaryimage"},"image":{"@id":"https:\/\/citygame.com\/de\/standorte\/city-game-schweiz\/city-game-zurich-2\/#primaryimage"},"thumbnailUrl":"https:\/\/citygame.com\/wp-content\/blogs.dir\/1\/files\/2026\/03\/zurich-grossmunster-limmat-river-view.jpeg","datePublished":"2026-02-10T18:10:16+00:00","dateModified":"2026-04-24T15:31:22+00:00","breadcrumb":{"@id":"https:\/\/citygame.com\/de\/standorte\/city-game-schweiz\/city-game-zurich-2\/#breadcrumb"},"inLanguage":"de","potentialAction":[{"@type":"ReadAction","target":["https:\/\/citygame.com\/de\/standorte\/city-game-schweiz\/city-game-zurich-2\/"]}]},{"@type":"ImageObject","inLanguage":"de","@id":"https:\/\/citygame.com\/de\/standorte\/city-game-schweiz\/city-game-zurich-2\/#primaryimage","url":"https:\/\/citygame.com\/wp-content\/blogs.dir\/1\/files\/2026\/03\/zurich-grossmunster-limmat-river-view.jpeg","contentUrl":"https:\/\/citygame.com\/wp-content\/blogs.dir\/1\/files\/2026\/03\/zurich-grossmunster-limmat-river-view.jpeg","width":1920,"height":1080,"caption":"A scenic view over the Limmat river towards the twin towers of the Grossm\u00fcnster in Zurich."},{"@type":"BreadcrumbList","@id":"https:\/\/citygame.com\/de\/standorte\/city-game-schweiz\/city-game-zurich-2\/#breadcrumb","itemListElement":[{"@type":"ListItem","position":1,"name":"Home","item":"https:\/\/citygame.com\/de\/"},{"@type":"ListItem","position":2,"name":"Locations","item":"https:\/\/citygame.com\/de\/?page_id=1598"},{"@type":"ListItem","position":3,"name":"City Game Switzerland","item":"https:\/\/citygame.com\/de\/locations\/switzerland\/"},{"@type":"ListItem","position":4,"name":"City Game Zurich"}]},{"@type":"WebSite","@id":"https:\/\/citygame.com\/de\/#website","url":"https:\/\/citygame.com\/de\/","name":"City Game","description":"","publisher":{"@id":"https:\/\/citygame.com\/de\/#organization"},"alternateName":"citygame.com","potentialAction":[{"@type":"SearchAction","target":{"@type":"EntryPoint","urlTemplate":"https:\/\/citygame.com\/de\/?s={search_term_string}"},"query-input":{"@type":"PropertyValueSpecification","valueRequired":true,"valueName":"search_term_string"}}],"inLanguage":"de"},{"@type":"Organization","@id":"https:\/\/citygame.com\/de\/#organization","name":"City Game","alternateName":"citygame.com","url":"https:\/\/citygame.com\/de\/","logo":{"@type":"ImageObject","inLanguage":"de","@id":"https:\/\/citygame.com\/de\/#\/schema\/logo\/image\/","url":"https:\/\/citygame.com\/wp-content\/blogs.dir\/1\/files\/2025\/10\/CG_LOGO-City-Game.png","contentUrl":"https:\/\/citygame.com\/wp-content\/blogs.dir\/1\/files\/2025\/10\/CG_LOGO-City-Game.png","width":351,"height":377,"caption":"City Game"},"image":{"@id":"https:\/\/citygame.com\/de\/#\/schema\/logo\/image\/"},"sameAs":["https:\/\/www.facebook.com\/profile.php?id=100086426226253","https:\/\/www.instagram.com\/citygame_com","https:\/\/www.tiktok.com\/@citygamecom\/","https:\/\/www.linkedin.com\/company\/citygame-com"],"description":"Turn any city into a playground with our interactive City Games and self-guided tours. Fun, flexible, and ideal for groups and team building."}]}},"taxonomy_info":{"cities-only-parent-location":[{"value":497,"label":"Switzerland"}],"cg_page_type":[{"value":45,"label":"City overview page"}]},"featured_image_src_large":["https:\/\/citygame.com\/wp-content\/blogs.dir\/1\/files\/2026\/03\/zurich-grossmunster-limmat-river-view-1024x576.jpeg",1024,576,true],"author_info":{"display_name":"Philip","author_link":"https:\/\/citygame.com\/de\/blog\/author\/sophi2\/"},"comment_info":0,"wpml_current_locale":"de_DE","wpml_translations":{"nl_NL":{"locale":"nl_NL","id":228110,"slug":"city-game-zurich-2","post_title":"City Game Zurich","href":"https:\/\/citygame.com\/nl\/locaties\/city-game-zwitserland\/city-game-zurich-2\/"},"en_US":{"locale":"en_US","id":12015,"slug":"city-game-zurich","post_title":"City Game Zurich","href":"https:\/\/citygame.com\/locations\/switzerland\/city-game-zurich\/"},"fr_FR":{"locale":"fr_FR","id":228132,"slug":"city-game-zurich-2","post_title":"City Game Zurich","href":"https:\/\/citygame.com\/fr\/emplacements\/city-game-suisse\/city-game-zurich-2\/"},"de_DE":{"locale":"de_DE","translation":"current"},"it_IT":{"locale":"it_IT","id":228140,"slug":"city-game-zurich-2","post_title":"City Game Zurich","href":"https:\/\/citygame.com\/it\/luoghi\/city-game-svizzera\/city-game-zurich-2\/"},"es_ES":{"locale":"es_ES","id":228126,"slug":"city-game-zurich-2","post_title":"City Game Zurich","href":"https:\/\/citygame.com\/es\/localizaciones\/city-game-suiza\/city-game-zurich-2\/"}},"_links":{"self":[{"href":"https:\/\/citygame.com\/de\/wp-json\/wp\/v2\/pages\/228118","targetHints":{"allow":["GET"]}}],"collection":[{"href":"https:\/\/citygame.com\/de\/wp-json\/wp\/v2\/pages"}],"about":[{"href":"https:\/\/citygame.com\/de\/wp-json\/wp\/v2\/types\/page"}],"author":[{"embeddable":true,"href":"https:\/\/citygame.com\/de\/wp-json\/wp\/v2\/users\/78"}],"replies":[{"embeddable":true,"href":"https:\/\/citygame.com\/de\/wp-json\/wp\/v2\/comments?post=228118"}],"version-history":[{"count":0,"href":"https:\/\/citygame.com\/de\/wp-json\/wp\/v2\/pages\/228118\/revisions"}],"up":[{"embeddable":true,"href":"https:\/\/citygame.com\/de\/wp-json\/wp\/v2\/pages\/226974"}],"acf:term":[{"embeddable":true,"taxonomy":"cities-only-parent-location","href":"https:\/\/citygame.com\/de\/wp-json\/wp\/v2\/cities-only-parent-location\/497"},{"embeddable":true,"taxonomy":"location","href":"https:\/\/citygame.com\/de\/wp-json\/wp\/v2\/location\/437"}],"wp:featuredmedia":[{"embeddable":true,"href":"https:\/\/citygame.com\/de\/wp-json\/wp\/v2\/media\/16398"}],"wp:attachment":[{"href":"https:\/\/citygame.com\/de\/wp-json\/wp\/v2\/media?parent=228118"}],"wp:term":[{"taxonomy":"cities-only-parent-location","embeddable":true,"href":"https:\/\/citygame.com\/de\/wp-json\/wp\/v2\/cities-only-parent-location?post=228118"},{"taxonomy":"countries-only-parent-locations","embeddable":true,"href":"https:\/\/citygame.com\/de\/wp-json\/wp\/v2\/countries-only-parent-locations?post=228118"},{"taxonomy":"seo_keyword","embeddable":true,"href":"https:\/\/citygame.com\/de\/wp-json\/wp\/v2\/seo_keyword?post=228118"},{"taxonomy":"cg_page_type","embeddable":true,"href":"https:\/\/citygame.com\/de\/wp-json\/wp\/v2\/cg_page_type?post=228118"}],"curies":[{"name":"wp","href":"https:\/\/api.w.org\/{rel}","templated":true}]}}