{"id":228157,"date":"2026-02-10T17:54:00","date_gmt":"2026-02-10T17:54:00","guid":{"rendered":"https:\/\/citygame.com\/locations\/finland\/city-game-ivalo-2\/"},"modified":"2026-04-24T15:42:42","modified_gmt":"2026-04-24T15:42:42","slug":"city-game-ivalo-2","status":"publish","type":"page","link":"https:\/\/citygame.com\/de\/standorte\/city-game-finnland\/city-game-ivalo-2\/","title":{"rendered":"City Game Ivalo"},"content":{"rendered":"","protected":false},"excerpt":{"rendered":"","protected":false},"author":78,"featured_media":11993,"parent":225780,"menu_order":0,"comment_status":"closed","ping_status":"closed","template":"","meta":{"_acf_changed":false,"_yoast_wpseo_focuskw":"City Game Ivalo","_yoast_wpseo_metadesc":"","_kad_blocks_custom_css":"","_kad_blocks_head_custom_js":"","_kad_blocks_body_custom_js":"","_kad_blocks_footer_custom_js":"","_kad_post_transparent":"","_kad_post_title":"","_kad_post_layout":"","_kad_post_sidebar_id":"","_kad_post_content_style":"","_kad_post_vertical_padding":"","_kad_post_feature":"","_kad_post_feature_position":"","_kad_post_header":false,"_kad_post_footer":false,"_kad_post_classname":"","footnotes":""},"cities-only-parent-location":[495],"countries-only-parent-locations":[],"seo_keyword":[],"cg_page_type":[45],"class_list":["post-228157","page","type-page","status-publish","has-post-thumbnail","hentry","cities-only-parent-location-finland","cg_page_type-city-overview-page"],"acf":{"city_name":"Ivalo","select_city":212,"section_1_h2_city_games_in_city":"City Games in Ivalo","intro_text":"City Games sind jetzt in Ivalo, Finnland erh\u00e4ltlich. Diese selbstgesteuerten Erlebnisse verbinden interaktives Gameplay mit R\u00e4tseln und Herausforderungen und erm\u00f6glichen es dir, die Stadt in deinem eigenen Tempo zu erkunden. Gespielt auf deinem Smartphone f\u00fchrt dich jedes Spiel durch verschiedene Teile von Ivalo, wobei Hinweise und Aufgaben sich an deine Umgebung anpassen.","section_1_usp_1":"Starten, Pausieren & Fortsetzen, wann immer du m\u00f6chtest","section_1_usp_2":"Unabh\u00e4ngig spielen","section_1_usp_3":"1\u20134 oder 2\u20135 Personen pro Smartphone, je nach Spiel","section_1_usp_4":"1,5\u20132 Stunden Spielzeit","section_1_usp_5":"3\u20134 km Fu\u00dfweg","section_1_usp_6":"Internetverbindung erforderlich","section_1_text_2":"W\u00e4hle dein City Game und fang heute mit dem Spielen an!","section_1_cta":"Alle City Games ansehen","intro_image":11994,"section_2_h2_all_city_games_in_city":"Alle City Games in Ivalo","section_3_h2_how_city_games_work_in_city":"Wie City Games in Ivalo funktionieren","section_3_text":"City Games in Ivalo sind vollst\u00e4ndig selbstgef\u00fchrte Erlebnisse, die es dir erm\u00f6glichen, die Stadt in deinem eigenen Tempo zu erkunden. Mit deinem eigenen Smartphone gehst du durch die lokale Umgebung, w\u00e4hrend du R\u00e4tsel l\u00f6st, Aufgaben bew\u00e4ltigst und der Handlung deines gew\u00e4hlten City Game folgst.\r\n\r\nDu entscheidest, wann du startest, wo du Pausen machst und wie schnell du spielst. Es ist kein Guide, kein Zeitplan und keine Reservierung erforderlich.","section_3_usp_1":"Spiele im Team mit Freunden, Familie oder Kollegen","section_3_usp_2":"Starte, wann immer du willst; kein Guide oder Personal erforderlich","section_3_usp_3":"Verwende dein eigenes Smartphone oder Tablet","section_3_usp_4":"Geh durch Ivalo, w\u00e4hrend du R\u00e4tsel und Herausforderungen l\u00f6st","section_3_usp_5":"Lerne interessante Fakten \u00fcber lokale Geschichte, S\u00e1mi-Kultur und nat\u00fcrliche Wahrzeichen","section_3_usp_6":"In mehreren Sprachen verf\u00fcgbar","section_3_cta":"W\u00e4hle dein City Game","section_3_step_1":"Schritt 1","section_3_step_1_title":"Buche dein City Game","section_3_step_1_text":"W\u00e4hle deine Stadt und dein Spiel aus und erhalte nach der Buchung alle Informationen sofort.","section_3_step_2":"Schritt 2","section_3_step_2_title":"\u00dcberpr\u00fcfe deine Anweisungen","section_3_step_2_text":"\u00d6ffne deine Best\u00e4tigungs-E-Mail mit deinem Startpunkt und wie du mit dem Spielen beginnst.","section_3_step_3":"Schritt 3","section_3_step_3_title":"Gehe zum Startort","section_3_step_3_text":"Gehe zum Startpunkt, wann immer du magst, ohne festen Zeitpunkt.","section_3_step_4":"Schritt 4","section_3_step_4_title":"Mit dem Spielen beginnen","section_3_step_4_text":"Folge den Hinweisen, l\u00f6se R\u00e4tsel und erkunde Ivalo in deinem eigenen Tempo!","how_city_games_work_image":11995,"section_4_h2_who_are_city_games_in_city_for":"F\u00fcr wen sind City Games in Ivalo gedacht?","section_4_text":"City Games in Ivalo sind f\u00fcr jeden gedacht, der die Stadt interaktiv und flexibel erleben m\u00f6chte. Egal, ob du Ivalo zum ersten Mal besuchst oder die Gegend schon gut kennst, bieten City Games eine unterhaltsame Aktivit\u00e4t, die leicht in deinen Tag passt.","section_4_text_2":"City Games in Ivalo eignen sich f\u00fcr:","section_4_usp_1":"Alleinspielende oder kleine Gruppen, die nach einem flexiblen Abenteuer suchen","section_4_usp_2":"Touristen, die Ivalo erkunden","section_4_usp_3":"Freunde und Familien, die nach einer unterhaltsamen Aktivit\u00e4t suchen","section_4_usp_4":"Unternehmen und Teams, die eine Teambuilding-Veranstaltung planen","section_4_usp_5":"Einheimische, die ihre eigene Stadt\/Region neu entdecken m\u00f6chten","section_4_cta":"W\u00e4hle dein City Game","who_are_city_games_for_image":11996,"section_5_h2_exploring_city":"Ivalo erkunden","exploring_city_text":"Die Erkundung von Ivalo zeigt eine Landschaft, die sowohl von Abgeschiedenheit als auch von nat\u00fcrlicher Sch\u00f6nheit gepr\u00e4gt ist. Tief im finnischen Lappland gelegen, liegt die Stadt am Ufer des Ivalojoki-Flusses, wo langsam flie\u00dfendes Wasser den n\u00f6rdlichen Himmel widerspiegelt und einen ruhigen Rhythmus des lokalen Lebens schafft. Das kompakte Zentrum ist von W\u00e4ldern und offener Tundra umgeben, was den \u00dcbergang von Stra\u00dfen zur Wildnis nahezu nahtlos macht.\r\n\r\nIm Winter h\u00fcllt die verschneite Stille Viertel wie Ivalon Keskusta ein, wo niedrig gehaltene Geb\u00e4ude und weite offene R\u00e4ume die Verbindung der Stadt zur umliegenden arktischen Umgebung hervorheben. Durch Ivalo zu gehen f\u00fchlt sich an, als w\u00fcrde man zwischen Welten wandern \u2013 wo die lokale S\u00e1mi-Kultur, abgelegene Geografie und die karge Sch\u00f6nheit Lapplands in feinen, allt\u00e4glichen Details zusammenkommen.","exploring_city_image":11997,"section_6_h2_hosted_game":"Your favourite City Games, professionally hosted by our team","section_6_text":"Genie\u00dfe dieselben City Games wie in unserer selbstgef\u00fchrten Version, aber mit voller Vor-Ort-Unterst\u00fctzung von unseren professionellen Hosts. Wir k\u00fcmmern uns um Briefing, Tablets, Koordination und technischen Support, damit deine Gruppe sich ganz auf den Spa\u00df und den Wettbewerb konzentrieren kann.","section_6_text_2":"What\u2019s included:","section_6_usp_1_title":"Gleiches City Game, vollst\u00e4ndig betreut","section_6_usp_1_text":"Du spielst exakt dasselbe Erlebnis wie in unserer selbstgef\u00fchrten Version, jetzt jedoch mit unseren Hosts, die deine Gruppe anleiten.","section_6_usp_2_title":"Live ranking & prize ceremony","section_6_usp_2_text":"F\u00fcr gr\u00f6\u00dfere Gruppen zeigen unsere Hosts die Endst\u00e4nde und geben das Gewinnerteam bei einem unterhaltsamen Preis-Moment bekannt.","section_6_usp_3_title":"Hosted start & finish","section_6_usp_3_text":"Wir begr\u00fc\u00dfen deine Gruppe, erkl\u00e4ren das Spiel klar und beenden es mit einem aufregenden Abschluss.","section_6_usp_4_title":"Real-time support during the game","section_6_usp_4_text":"Unser Team unterst\u00fctzt dich bei Ger\u00e4ten, App-Problemen und Koordination w\u00e4hrend der gesamten Erfahrung.","section_6_usp_5_title":"Tablets included (optional)","section_6_usp_5_text":"Verf\u00fcgbar f\u00fcr Gruppen, die unsere Ger\u00e4te statt eigener bevorzugen.","section_6_text_3":"Weltweit von Teams gesch\u00e4tzt, von kleinen Gruppen bis hin zu gro\u00dfen Firmenveranstaltungen.","section_6_cta":"Plane deine Gruppenveranstaltung","section_7_h2_reviews":"Was andere \u00fcber unsere City Games denken","section_7_cta_1":"Alle Bewertungen","section_7_cta_2":"Eine Bewertung schreiben","section_8_h2_faq":"Hast du Fragen? Wir haben Antworten!","section_8_text":"Schau dir unsere h\u00e4ufig gestellten Fragen an und finde heraus, was du wissen m\u00f6chtest. Ist deine Frage nicht dabei? Kontaktiere uns gerne.","section_8_cta_1":"Alle h\u00e4ufig gestellten Fragen anzeigen","section_8_cta_2":"Unterst\u00fctzung erhalten","section_8_question_1":"Was sind City Games in Ivalo?","section_8_answer_1":"City Games in Ivalo sind <strong>interaktive, selbstgef\u00fchrte Erlebnisse<\/strong>, die es dir erm\u00f6glichen, die Stadt w\u00e4hrend eines Spiels zu erkunden!\r\n\r\nMit deinem Smartphone l\u00f6st du R\u00e4tsel, bew\u00e4ltigst Aufgaben und folgst der Handlung deines gew\u00e4hlten City Game, w\u00e4hrend du durch Ivalo gehst.\r\n\r\nCity Games vereinen Teamarbeit, Probleml\u00f6sung und Outdoor-Erkundung und sind eine unterhaltsame Aktivit\u00e4t f\u00fcr Besucher, Einheimische und Gruppen gleicherma\u00dfen.","section_8_question_2":"Brauche ich einen Guide, um ein City Game in Ivalo zu spielen?","section_8_answer_2":"<p class=\"kt-adv-heading2034_2420ea-ca wp-block-kadence-advancedheading\" data-kb-block=\"kb-adv-heading2034_2420ea-ca\">Nein, City Games in Ivalo sind <strong>vollst\u00e4ndig selbstgef\u00fchrt<\/strong>. Du brauchst keinen Guide, Host oder Vor-Ort-Personal zum Spielen. Alle Anweisungen und das Gameplay werden digital bereitgestellt, sodass du unabh\u00e4ngig mit deinem eigenen Smartphone starten und spielen kannst.<\/p>\r\nDiese Flexibilit\u00e4t erleichtert es, City Games in deinen eigenen Zeitplan zu integrieren.\r\n<p class=\"kt-adv-heading2034_cd3db2-33 wp-block-kadence-advancedheading hls-none\" data-kb-block=\"kb-adv-heading2034_cd3db2-33\">F\u00fcr gr\u00f6\u00dfere Gruppen oder Firmenveranstaltungen ist ebenfalls eine vollst\u00e4ndig betreute Version unserer City Games verf\u00fcgbar, einschlie\u00dflich Vor-Ort-Anleitung, Tablets und Live-Support.<\/p>\r\nPlanst du eine gr\u00f6\u00dfere Gruppe oder Firmenveranstaltung?","section_8_answer_2_cta":"Erkunde das betreute City Game-Erlebnis f\u00fcr Gruppen","section_8_question_3":"Wann k\u00f6nnen wir in Ivalo mit dem City Game beginnen?","section_8_answer_3":"Du kannst mit dem Spielen <strong>wann immer es dir passt<\/strong> beginnen! City Games in Ivalo haben keine festen Startzeiten, daher kannst du zu dem Moment beginnen, der zu deinen Pl\u00e4nen passt.\r\n\r\nNach der Buchung erh\u00e4ltst du klare Anweisungen, die erkl\u00e4ren, wie und wann du dein City Game starten kannst!","section_8_question_4":"Wie lange dauert ein City Game in Ivalo?","section_8_answer_4":"Die City Games in Ivalo dauern <strong>ca. 1,5 bis 2 Stunden<\/strong>, um abgeschlossen zu werden! Die genaue Dauer h\u00e4ngt von deinem Tempo ab, davon, wie viele Pausen du machst, und davon, wie schnell du die R\u00e4tsel und Herausforderungen l\u00f6st.\r\n\r\nDu kannst in deinem eigenen Tempo spielen und das Spiel jederzeit pausieren!","section_8_question_5":"K\u00f6nnen wir ein City Game in Ivalo mit einer gro\u00dfen Gruppe spielen?","section_8_answer_5":"<p class=\"kt-adv-heading2034_97743b-76 wp-block-kadence-advancedheading\" data-kb-block=\"kb-adv-heading2034_97743b-76\">Ja, City Games eignen sich f\u00fcr <strong>sowohl kleine Gruppen als auch gr\u00f6\u00dfere Teams<\/strong>. Gro\u00dfe Gruppen k\u00f6nnen sich leicht in kleinere Teams aufteilen und das City Game gleichzeitig spielen, wobei mehrere Smartphones verwendet werden. Jedes Team spielt unabh\u00e4ngig und folgt dem gleichen Spielkonzept und der gleichen Handlung.<\/p>\r\nDiese Einrichtung funktioniert gut f\u00fcr Gruppen von Freunden, Familien und Unternehmen und macht City Games zu einer beliebten Wahl f\u00fcr Teamausfl\u00fcge, Events und Teambuilding-Aktivit\u00e4ten.\r\n<p class=\"kt-adv-heading2034_7442e3-e3 wp-block-kadence-advancedheading hls-none\" data-kb-block=\"kb-adv-heading2034_7442e3-e3\">F\u00fcr gr\u00f6\u00dfere Gruppen oder Firmenveranstaltungen ist ebenfalls eine vollst\u00e4ndig betreute Version unserer City Games verf\u00fcgbar, einschlie\u00dflich Vor-Ort-Anleitung, Tablets und Live-Support.<\/p>\r\nPlane eine gr\u00f6\u00dfere Gruppe oder Firmenveranstaltung?","section_8_answer_5_cta":"Erkunde das betreute City Game-Erlebnis f\u00fcr Gruppen","section_8_question_6":"Sind City Games in Ivalo f\u00fcr Touristen und Einheimische geeignet?","section_8_answer_6":"Ja, City Games in Ivalo eignen sich sowohl f\u00fcr <strong>Touristen als auch Einheimische<\/strong>. Besucher k\u00f6nnen die Stadt interaktiv erleben, w\u00e4hrend Einheimische vertraute Gegenden als Schauplatz eines City Game genie\u00dfen k\u00f6nnen.\r\n\r\nDa sich jedes City Game auf Gameplay und Erz\u00e4hlung konzentriert, wirkt das Erlebnis frisch, egal wie gut du die Gegend bereits kennst.","section_8_question_7":"Sind City Games in Ivalo in mehreren Sprachen verf\u00fcgbar?","section_8_answer_7":"Ja, City Games in Ivalo sind <strong>in mehreren Sprachen verf\u00fcgbar<\/strong>. Du kannst deine bevorzugte Sprache vor dem Spiel oder w\u00e4hrend des Spiels ausw\u00e4hlen, wodurch City Games internationalen Besuchern und Gruppen mit unterschiedlichen Sprachen zug\u00e4nglich gemacht werden.","section_8_question_8":"Was ben\u00f6tigen wir, um ein City Game in Ivalo zu spielen?","section_8_answer_8":"Um ein City Game in Ivalo zu spielen, ben\u00f6tigst du:","section_8_answer_8_usp_1":"Ein Smartphone mit Internetverbindung","section_8_answer_8_usp_2":"Eine aufgeladene Batterie","section_8_answer_8_usp_3":"Bequeme Wanderschuhe","section_8_answer_8_2":"Alle Spieldaten und Anleitungen werden nach der Buchung digital bereitgestellt.","section_9_h2_instagram":"Mehr auf Instagram sehen","section_9_text":"Reiseinspiration, R\u00e4tsel, versteckte Perlen & City Game-Momente \u2013 direkt aus unserer Community","section_9_cta":"Folge uns auf Instagram","section_10_h2_page_ending":"Bereit f\u00fcr ein unvergessliches Abenteuer in Ivalo?","section_10_text":"Erkunde Ivalo auf einzigartige und interaktive Weise mit unseren City Games. Spiele noch heute und schaffe bleibende Erinnerungen!","section_10_cta":"Buche jetzt dein City Game","latitude":68.6574402,"longitude":27.5448496,"country":495,"map_enabled":true},"yoast_head":"<!-- This site is optimized with the Yoast SEO Premium plugin v26.2 (Yoast SEO v27.4) - https:\/\/yoast.com\/product\/yoast-seo-premium-wordpress\/ -->\n<title>City Game Ivalo - City Game<\/title>\n<meta name=\"robots\" content=\"index, follow, max-snippet:-1, max-image-preview:large, max-video-preview:-1\" \/>\n<link rel=\"canonical\" href=\"https:\/\/citygame.com\/de\/standorte\/city-game-finnland\/city-game-ivalo-2\/\" \/>\n<meta property=\"og:locale\" content=\"de_DE\" \/>\n<meta property=\"og:type\" content=\"article\" \/>\n<meta property=\"og:title\" content=\"City Game Ivalo\" \/>\n<meta property=\"og:url\" content=\"https:\/\/citygame.com\/de\/standorte\/city-game-finnland\/city-game-ivalo-2\/\" \/>\n<meta property=\"og:site_name\" content=\"City Game\" \/>\n<meta property=\"article:publisher\" content=\"https:\/\/www.facebook.com\/profile.php?id=100086426226253\" \/>\n<meta property=\"article:modified_time\" content=\"2026-04-24T15:42:42+00:00\" \/>\n<meta property=\"og:image\" content=\"https:\/\/citygame.com\/wp-content\/blogs.dir\/1\/files\/2026\/02\/ivalo-village-bridge-winter-sunset.jpg\" \/>\n\t<meta property=\"og:image:width\" content=\"1376\" \/>\n\t<meta property=\"og:image:height\" content=\"768\" \/>\n\t<meta property=\"og:image:type\" content=\"image\/jpeg\" \/>\n<meta name=\"twitter:card\" content=\"summary_large_image\" \/>\n<script type=\"application\/ld+json\" class=\"yoast-schema-graph\">{\"@context\":\"https:\\\/\\\/schema.org\",\"@graph\":[{\"@type\":\"WebPage\",\"@id\":\"https:\\\/\\\/citygame.com\\\/de\\\/standorte\\\/city-game-finnland\\\/city-game-ivalo-2\\\/\",\"url\":\"https:\\\/\\\/citygame.com\\\/de\\\/standorte\\\/city-game-finnland\\\/city-game-ivalo-2\\\/\",\"name\":\"City Game Ivalo - City Game\",\"isPartOf\":{\"@id\":\"https:\\\/\\\/citygame.com\\\/de\\\/#website\"},\"primaryImageOfPage\":{\"@id\":\"https:\\\/\\\/citygame.com\\\/de\\\/standorte\\\/city-game-finnland\\\/city-game-ivalo-2\\\/#primaryimage\"},\"image\":{\"@id\":\"https:\\\/\\\/citygame.com\\\/de\\\/standorte\\\/city-game-finnland\\\/city-game-ivalo-2\\\/#primaryimage\"},\"thumbnailUrl\":\"https:\\\/\\\/citygame.com\\\/wp-content\\\/blogs.dir\\\/1\\\/files\\\/2026\\\/02\\\/ivalo-village-bridge-winter-sunset.jpg\",\"datePublished\":\"2026-02-10T17:54:00+00:00\",\"dateModified\":\"2026-04-24T15:42:42+00:00\",\"breadcrumb\":{\"@id\":\"https:\\\/\\\/citygame.com\\\/de\\\/standorte\\\/city-game-finnland\\\/city-game-ivalo-2\\\/#breadcrumb\"},\"inLanguage\":\"de\",\"potentialAction\":[{\"@type\":\"ReadAction\",\"target\":[\"https:\\\/\\\/citygame.com\\\/de\\\/standorte\\\/city-game-finnland\\\/city-game-ivalo-2\\\/\"]}]},{\"@type\":\"ImageObject\",\"inLanguage\":\"de\",\"@id\":\"https:\\\/\\\/citygame.com\\\/de\\\/standorte\\\/city-game-finnland\\\/city-game-ivalo-2\\\/#primaryimage\",\"url\":\"https:\\\/\\\/citygame.com\\\/wp-content\\\/blogs.dir\\\/1\\\/files\\\/2026\\\/02\\\/ivalo-village-bridge-winter-sunset.jpg\",\"contentUrl\":\"https:\\\/\\\/citygame.com\\\/wp-content\\\/blogs.dir\\\/1\\\/files\\\/2026\\\/02\\\/ivalo-village-bridge-winter-sunset.jpg\",\"width\":1376,\"height\":768,\"caption\":\"A bridge leads into the snow-covered village of Ivalo in Finnish Lapland during winter.\"},{\"@type\":\"BreadcrumbList\",\"@id\":\"https:\\\/\\\/citygame.com\\\/de\\\/standorte\\\/city-game-finnland\\\/city-game-ivalo-2\\\/#breadcrumb\",\"itemListElement\":[{\"@type\":\"ListItem\",\"position\":1,\"name\":\"Home\",\"item\":\"https:\\\/\\\/citygame.com\\\/de\\\/\"},{\"@type\":\"ListItem\",\"position\":2,\"name\":\"Locations\",\"item\":\"https:\\\/\\\/citygame.com\\\/de\\\/?page_id=1598\"},{\"@type\":\"ListItem\",\"position\":3,\"name\":\"City Game Finland\",\"item\":\"https:\\\/\\\/citygame.com\\\/de\\\/locations\\\/finland\\\/\"},{\"@type\":\"ListItem\",\"position\":4,\"name\":\"City Game Ivalo\"}]},{\"@type\":\"WebSite\",\"@id\":\"https:\\\/\\\/citygame.com\\\/de\\\/#website\",\"url\":\"https:\\\/\\\/citygame.com\\\/de\\\/\",\"name\":\"City Game\",\"description\":\"\",\"publisher\":{\"@id\":\"https:\\\/\\\/citygame.com\\\/de\\\/#organization\"},\"alternateName\":\"citygame.com\",\"potentialAction\":[{\"@type\":\"SearchAction\",\"target\":{\"@type\":\"EntryPoint\",\"urlTemplate\":\"https:\\\/\\\/citygame.com\\\/de\\\/?s={search_term_string}\"},\"query-input\":{\"@type\":\"PropertyValueSpecification\",\"valueRequired\":true,\"valueName\":\"search_term_string\"}}],\"inLanguage\":\"de\"},{\"@type\":\"Organization\",\"@id\":\"https:\\\/\\\/citygame.com\\\/de\\\/#organization\",\"name\":\"City Game\",\"alternateName\":\"citygame.com\",\"url\":\"https:\\\/\\\/citygame.com\\\/de\\\/\",\"logo\":{\"@type\":\"ImageObject\",\"inLanguage\":\"de\",\"@id\":\"https:\\\/\\\/citygame.com\\\/de\\\/#\\\/schema\\\/logo\\\/image\\\/\",\"url\":\"https:\\\/\\\/citygame.com\\\/wp-content\\\/blogs.dir\\\/1\\\/files\\\/2025\\\/10\\\/CG_LOGO-City-Game.png\",\"contentUrl\":\"https:\\\/\\\/citygame.com\\\/wp-content\\\/blogs.dir\\\/1\\\/files\\\/2025\\\/10\\\/CG_LOGO-City-Game.png\",\"width\":351,\"height\":377,\"caption\":\"City Game\"},\"image\":{\"@id\":\"https:\\\/\\\/citygame.com\\\/de\\\/#\\\/schema\\\/logo\\\/image\\\/\"},\"sameAs\":[\"https:\\\/\\\/www.facebook.com\\\/profile.php?id=100086426226253\",\"https:\\\/\\\/www.instagram.com\\\/citygame_com\",\"https:\\\/\\\/www.tiktok.com\\\/@citygamecom\\\/\",\"https:\\\/\\\/www.linkedin.com\\\/company\\\/citygame-com\"],\"description\":\"Turn any city into a playground with our interactive City Games and self-guided tours. Fun, flexible, and ideal for groups and team building.\"}]}<\/script>\n<!-- \/ Yoast SEO Premium plugin. -->","yoast_head_json":{"title":"City Game Ivalo - City Game","robots":{"index":"index","follow":"follow","max-snippet":"max-snippet:-1","max-image-preview":"max-image-preview:large","max-video-preview":"max-video-preview:-1"},"canonical":"https:\/\/citygame.com\/de\/standorte\/city-game-finnland\/city-game-ivalo-2\/","og_locale":"de_DE","og_type":"article","og_title":"City Game Ivalo","og_url":"https:\/\/citygame.com\/de\/standorte\/city-game-finnland\/city-game-ivalo-2\/","og_site_name":"City Game","article_publisher":"https:\/\/www.facebook.com\/profile.php?id=100086426226253","article_modified_time":"2026-04-24T15:42:42+00:00","og_image":[{"width":1376,"height":768,"url":"https:\/\/citygame.com\/wp-content\/blogs.dir\/1\/files\/2026\/02\/ivalo-village-bridge-winter-sunset.jpg","type":"image\/jpeg"}],"twitter_card":"summary_large_image","schema":{"@context":"https:\/\/schema.org","@graph":[{"@type":"WebPage","@id":"https:\/\/citygame.com\/de\/standorte\/city-game-finnland\/city-game-ivalo-2\/","url":"https:\/\/citygame.com\/de\/standorte\/city-game-finnland\/city-game-ivalo-2\/","name":"City Game Ivalo - City Game","isPartOf":{"@id":"https:\/\/citygame.com\/de\/#website"},"primaryImageOfPage":{"@id":"https:\/\/citygame.com\/de\/standorte\/city-game-finnland\/city-game-ivalo-2\/#primaryimage"},"image":{"@id":"https:\/\/citygame.com\/de\/standorte\/city-game-finnland\/city-game-ivalo-2\/#primaryimage"},"thumbnailUrl":"https:\/\/citygame.com\/wp-content\/blogs.dir\/1\/files\/2026\/02\/ivalo-village-bridge-winter-sunset.jpg","datePublished":"2026-02-10T17:54:00+00:00","dateModified":"2026-04-24T15:42:42+00:00","breadcrumb":{"@id":"https:\/\/citygame.com\/de\/standorte\/city-game-finnland\/city-game-ivalo-2\/#breadcrumb"},"inLanguage":"de","potentialAction":[{"@type":"ReadAction","target":["https:\/\/citygame.com\/de\/standorte\/city-game-finnland\/city-game-ivalo-2\/"]}]},{"@type":"ImageObject","inLanguage":"de","@id":"https:\/\/citygame.com\/de\/standorte\/city-game-finnland\/city-game-ivalo-2\/#primaryimage","url":"https:\/\/citygame.com\/wp-content\/blogs.dir\/1\/files\/2026\/02\/ivalo-village-bridge-winter-sunset.jpg","contentUrl":"https:\/\/citygame.com\/wp-content\/blogs.dir\/1\/files\/2026\/02\/ivalo-village-bridge-winter-sunset.jpg","width":1376,"height":768,"caption":"A bridge leads into the snow-covered village of Ivalo in Finnish Lapland during winter."},{"@type":"BreadcrumbList","@id":"https:\/\/citygame.com\/de\/standorte\/city-game-finnland\/city-game-ivalo-2\/#breadcrumb","itemListElement":[{"@type":"ListItem","position":1,"name":"Home","item":"https:\/\/citygame.com\/de\/"},{"@type":"ListItem","position":2,"name":"Locations","item":"https:\/\/citygame.com\/de\/?page_id=1598"},{"@type":"ListItem","position":3,"name":"City Game Finland","item":"https:\/\/citygame.com\/de\/locations\/finland\/"},{"@type":"ListItem","position":4,"name":"City Game Ivalo"}]},{"@type":"WebSite","@id":"https:\/\/citygame.com\/de\/#website","url":"https:\/\/citygame.com\/de\/","name":"City Game","description":"","publisher":{"@id":"https:\/\/citygame.com\/de\/#organization"},"alternateName":"citygame.com","potentialAction":[{"@type":"SearchAction","target":{"@type":"EntryPoint","urlTemplate":"https:\/\/citygame.com\/de\/?s={search_term_string}"},"query-input":{"@type":"PropertyValueSpecification","valueRequired":true,"valueName":"search_term_string"}}],"inLanguage":"de"},{"@type":"Organization","@id":"https:\/\/citygame.com\/de\/#organization","name":"City Game","alternateName":"citygame.com","url":"https:\/\/citygame.com\/de\/","logo":{"@type":"ImageObject","inLanguage":"de","@id":"https:\/\/citygame.com\/de\/#\/schema\/logo\/image\/","url":"https:\/\/citygame.com\/wp-content\/blogs.dir\/1\/files\/2025\/10\/CG_LOGO-City-Game.png","contentUrl":"https:\/\/citygame.com\/wp-content\/blogs.dir\/1\/files\/2025\/10\/CG_LOGO-City-Game.png","width":351,"height":377,"caption":"City Game"},"image":{"@id":"https:\/\/citygame.com\/de\/#\/schema\/logo\/image\/"},"sameAs":["https:\/\/www.facebook.com\/profile.php?id=100086426226253","https:\/\/www.instagram.com\/citygame_com","https:\/\/www.tiktok.com\/@citygamecom\/","https:\/\/www.linkedin.com\/company\/citygame-com"],"description":"Turn any city into a playground with our interactive City Games and self-guided tours. Fun, flexible, and ideal for groups and team building."}]}},"taxonomy_info":{"cities-only-parent-location":[{"value":495,"label":"Finland"}],"cg_page_type":[{"value":45,"label":"City overview page"}]},"featured_image_src_large":["https:\/\/citygame.com\/wp-content\/blogs.dir\/1\/files\/2026\/02\/ivalo-village-bridge-winter-sunset-1024x572.jpg",1024,572,true],"author_info":{"display_name":"Philip","author_link":"https:\/\/citygame.com\/de\/blog\/author\/sophi2\/"},"comment_info":0,"wpml_current_locale":"de_DE","wpml_translations":{"nl_NL":{"locale":"nl_NL","id":228147,"slug":"city-game-ivalo-2","post_title":"City Game Ivalo","href":"https:\/\/citygame.com\/nl\/locaties\/city-game-finland\/city-game-ivalo-2\/"},"en_US":{"locale":"en_US","id":11998,"slug":"city-game-ivalo","post_title":"City Game Ivalo","href":"https:\/\/citygame.com\/locations\/finland\/city-game-ivalo\/"},"fr_FR":{"locale":"fr_FR","id":228173,"slug":"city-game-ivalo-2","post_title":"City Game Ivalo","href":"https:\/\/citygame.com\/fr\/emplacements\/city-game-finlande\/city-game-ivalo-2\/"},"de_DE":{"locale":"de_DE","translation":"current"},"it_IT":{"locale":"it_IT","id":228180,"slug":"city-game-ivalo-2","post_title":"City Game Ivalo","href":"https:\/\/citygame.com\/it\/luoghi\/city-game-finland\/city-game-ivalo-2\/"},"es_ES":{"locale":"es_ES","id":228164,"slug":"city-game-ivalo-2","post_title":"City Game Ivalo","href":"https:\/\/citygame.com\/es\/localizaciones\/city-game-finlandia\/city-game-ivalo-2\/"}},"_links":{"self":[{"href":"https:\/\/citygame.com\/de\/wp-json\/wp\/v2\/pages\/228157","targetHints":{"allow":["GET"]}}],"collection":[{"href":"https:\/\/citygame.com\/de\/wp-json\/wp\/v2\/pages"}],"about":[{"href":"https:\/\/citygame.com\/de\/wp-json\/wp\/v2\/types\/page"}],"author":[{"embeddable":true,"href":"https:\/\/citygame.com\/de\/wp-json\/wp\/v2\/users\/78"}],"replies":[{"embeddable":true,"href":"https:\/\/citygame.com\/de\/wp-json\/wp\/v2\/comments?post=228157"}],"version-history":[{"count":0,"href":"https:\/\/citygame.com\/de\/wp-json\/wp\/v2\/pages\/228157\/revisions"}],"up":[{"embeddable":true,"href":"https:\/\/citygame.com\/de\/wp-json\/wp\/v2\/pages\/225780"}],"acf:term":[{"embeddable":true,"taxonomy":"cities-only-parent-location","href":"https:\/\/citygame.com\/de\/wp-json\/wp\/v2\/cities-only-parent-location\/495"},{"embeddable":true,"taxonomy":"location","href":"https:\/\/citygame.com\/de\/wp-json\/wp\/v2\/location\/212"}],"wp:featuredmedia":[{"embeddable":true,"href":"https:\/\/citygame.com\/de\/wp-json\/wp\/v2\/media\/11993"}],"wp:attachment":[{"href":"https:\/\/citygame.com\/de\/wp-json\/wp\/v2\/media?parent=228157"}],"wp:term":[{"taxonomy":"cities-only-parent-location","embeddable":true,"href":"https:\/\/citygame.com\/de\/wp-json\/wp\/v2\/cities-only-parent-location?post=228157"},{"taxonomy":"countries-only-parent-locations","embeddable":true,"href":"https:\/\/citygame.com\/de\/wp-json\/wp\/v2\/countries-only-parent-locations?post=228157"},{"taxonomy":"seo_keyword","embeddable":true,"href":"https:\/\/citygame.com\/de\/wp-json\/wp\/v2\/seo_keyword?post=228157"},{"taxonomy":"cg_page_type","embeddable":true,"href":"https:\/\/citygame.com\/de\/wp-json\/wp\/v2\/cg_page_type?post=228157"}],"curies":[{"name":"wp","href":"https:\/\/api.w.org\/{rel}","templated":true}]}}