{"id":228452,"date":"2026-03-11T14:58:18","date_gmt":"2026-03-11T14:58:18","guid":{"rendered":"https:\/\/citygame.com\/self-guided-tours\/self-guided-tours-in-germany\/selbstgefuhrte-touren-in-nordlingen\/"},"modified":"2026-04-24T17:56:01","modified_gmt":"2026-04-24T17:56:01","slug":"selbstgefuhrte-touren-in-nordlingen","status":"publish","type":"page","link":"https:\/\/citygame.com\/de\/selbstgefuhrte-touren\/selbstgefuhrte-touren-in-deutschland\/selbstgefuhrte-touren-in-nordlingen\/","title":{"rendered":"Selbstgef\u00fchrte Touren in N\u00f6rdlingen"},"content":{"rendered":"","protected":false},"excerpt":{"rendered":"","protected":false},"author":78,"featured_media":8282,"parent":228284,"menu_order":0,"comment_status":"closed","ping_status":"closed","template":"","meta":{"_acf_changed":false,"_yoast_wpseo_focuskw":"Selbstgef\u00fchrte Touren in N\u00f6rdlingen","_yoast_wpseo_metadesc":"","_kad_blocks_custom_css":"","_kad_blocks_head_custom_js":"","_kad_blocks_body_custom_js":"","_kad_blocks_footer_custom_js":"","_kad_post_transparent":"","_kad_post_title":"","_kad_post_layout":"","_kad_post_sidebar_id":"","_kad_post_content_style":"","_kad_post_vertical_padding":"","_kad_post_feature":"","_kad_post_feature_position":"","_kad_post_header":false,"_kad_post_footer":false,"_kad_post_classname":"","footnotes":""},"cities-only-parent-location":[],"countries-only-parent-locations":[],"seo_keyword":[630],"cg_page_type":[627],"class_list":["post-228452","page","type-page","status-publish","has-post-thumbnail","hentry","seo_keyword-self-guided-tours","cg_page_type-seo-keyword-city-page"],"acf":{"page_type":[627],"seo_keyword_singular":"Selbstgef\u00fchrte Tour","seo_keyword_plural":"Selbstgef\u00fchrte Touren","seo_keyword_landing_page_content":"","seo_keyword_country_page_content":"","seo_keyword_city_page_content":""},"yoast_head":"<!-- This site is optimized with the Yoast SEO Premium plugin v26.2 (Yoast SEO v27.4) - https:\/\/yoast.com\/product\/yoast-seo-premium-wordpress\/ -->\n<title>Selbstgef\u00fchrte Touren in N\u00f6rdlingen - City Game<\/title>\n<meta name=\"robots\" content=\"index, follow, max-snippet:-1, max-image-preview:large, max-video-preview:-1\" \/>\n<link rel=\"canonical\" href=\"https:\/\/citygame.com\/de\/selbstgefuhrte-touren\/selbstgefuhrte-touren-in-deutschland\/selbstgefuhrte-touren-in-nordlingen\/\" \/>\n<meta property=\"og:locale\" content=\"de_DE\" \/>\n<meta property=\"og:type\" content=\"article\" \/>\n<meta property=\"og:title\" content=\"Selbstgef\u00fchrte Touren in N\u00f6rdlingen\" \/>\n<meta property=\"og:url\" content=\"https:\/\/citygame.com\/de\/selbstgefuhrte-touren\/selbstgefuhrte-touren-in-deutschland\/selbstgefuhrte-touren-in-nordlingen\/\" \/>\n<meta property=\"og:site_name\" content=\"City Game\" \/>\n<meta property=\"article:publisher\" content=\"https:\/\/www.facebook.com\/profile.php?id=100086426226253\" \/>\n<meta property=\"article:modified_time\" content=\"2026-04-24T17:56:01+00:00\" \/>\n<meta property=\"og:image\" content=\"https:\/\/citygame.com\/wp-content\/blogs.dir\/1\/files\/2026\/01\/nordlingen-st-georges-church-from-wall.jpg\" \/>\n\t<meta property=\"og:image:width\" content=\"1376\" \/>\n\t<meta property=\"og:image:height\" content=\"768\" \/>\n\t<meta property=\"og:image:type\" content=\"image\/jpeg\" \/>\n<meta name=\"twitter:card\" content=\"summary_large_image\" \/>\n<script type=\"application\/ld+json\" class=\"yoast-schema-graph\">{\"@context\":\"https:\\\/\\\/schema.org\",\"@graph\":[{\"@type\":\"WebPage\",\"@id\":\"https:\\\/\\\/citygame.com\\\/de\\\/selbstgefuhrte-touren\\\/selbstgefuhrte-touren-in-deutschland\\\/selbstgefuhrte-touren-in-nordlingen\\\/\",\"url\":\"https:\\\/\\\/citygame.com\\\/de\\\/selbstgefuhrte-touren\\\/selbstgefuhrte-touren-in-deutschland\\\/selbstgefuhrte-touren-in-nordlingen\\\/\",\"name\":\"Selbstgef\u00fchrte Touren in N\u00f6rdlingen - City Game\",\"isPartOf\":{\"@id\":\"https:\\\/\\\/citygame.com\\\/de\\\/#website\"},\"primaryImageOfPage\":{\"@id\":\"https:\\\/\\\/citygame.com\\\/de\\\/selbstgefuhrte-touren\\\/selbstgefuhrte-touren-in-deutschland\\\/selbstgefuhrte-touren-in-nordlingen\\\/#primaryimage\"},\"image\":{\"@id\":\"https:\\\/\\\/citygame.com\\\/de\\\/selbstgefuhrte-touren\\\/selbstgefuhrte-touren-in-deutschland\\\/selbstgefuhrte-touren-in-nordlingen\\\/#primaryimage\"},\"thumbnailUrl\":\"https:\\\/\\\/citygame.com\\\/wp-content\\\/blogs.dir\\\/1\\\/files\\\/2026\\\/01\\\/nordlingen-st-georges-church-from-wall.jpg\",\"datePublished\":\"2026-03-11T14:58:18+00:00\",\"dateModified\":\"2026-04-24T17:56:01+00:00\",\"breadcrumb\":{\"@id\":\"https:\\\/\\\/citygame.com\\\/de\\\/selbstgefuhrte-touren\\\/selbstgefuhrte-touren-in-deutschland\\\/selbstgefuhrte-touren-in-nordlingen\\\/#breadcrumb\"},\"inLanguage\":\"de\",\"potentialAction\":[{\"@type\":\"ReadAction\",\"target\":[\"https:\\\/\\\/citygame.com\\\/de\\\/selbstgefuhrte-touren\\\/selbstgefuhrte-touren-in-deutschland\\\/selbstgefuhrte-touren-in-nordlingen\\\/\"]}]},{\"@type\":\"ImageObject\",\"inLanguage\":\"de\",\"@id\":\"https:\\\/\\\/citygame.com\\\/de\\\/selbstgefuhrte-touren\\\/selbstgefuhrte-touren-in-deutschland\\\/selbstgefuhrte-touren-in-nordlingen\\\/#primaryimage\",\"url\":\"https:\\\/\\\/citygame.com\\\/wp-content\\\/blogs.dir\\\/1\\\/files\\\/2026\\\/01\\\/nordlingen-st-georges-church-from-wall.jpg\",\"contentUrl\":\"https:\\\/\\\/citygame.com\\\/wp-content\\\/blogs.dir\\\/1\\\/files\\\/2026\\\/01\\\/nordlingen-st-georges-church-from-wall.jpg\",\"width\":1376,\"height\":768,\"caption\":\"A scenic view of N\u00f6rdlingen's old town and St. George's Church from the city's walkable defensive wall.\"},{\"@type\":\"BreadcrumbList\",\"@id\":\"https:\\\/\\\/citygame.com\\\/de\\\/selbstgefuhrte-touren\\\/selbstgefuhrte-touren-in-deutschland\\\/selbstgefuhrte-touren-in-nordlingen\\\/#breadcrumb\",\"itemListElement\":[{\"@type\":\"ListItem\",\"position\":1,\"name\":\"Home\",\"item\":\"https:\\\/\\\/citygame.com\\\/de\\\/\"},{\"@type\":\"ListItem\",\"position\":2,\"name\":\"Self Guided Tours\",\"item\":\"https:\\\/\\\/citygame.com\\\/de\\\/self-guided-tours\\\/\"},{\"@type\":\"ListItem\",\"position\":3,\"name\":\"Self-Guided Tours in Germany\",\"item\":\"https:\\\/\\\/citygame.com\\\/de\\\/self-guided-tours\\\/self-guided-tours-in-germany\\\/\"},{\"@type\":\"ListItem\",\"position\":4,\"name\":\"Selbstgef\u00fchrte Touren in N\u00f6rdlingen\"}]},{\"@type\":\"WebSite\",\"@id\":\"https:\\\/\\\/citygame.com\\\/de\\\/#website\",\"url\":\"https:\\\/\\\/citygame.com\\\/de\\\/\",\"name\":\"City Game\",\"description\":\"\",\"publisher\":{\"@id\":\"https:\\\/\\\/citygame.com\\\/de\\\/#organization\"},\"alternateName\":\"citygame.com\",\"potentialAction\":[{\"@type\":\"SearchAction\",\"target\":{\"@type\":\"EntryPoint\",\"urlTemplate\":\"https:\\\/\\\/citygame.com\\\/de\\\/?s={search_term_string}\"},\"query-input\":{\"@type\":\"PropertyValueSpecification\",\"valueRequired\":true,\"valueName\":\"search_term_string\"}}],\"inLanguage\":\"de\"},{\"@type\":\"Organization\",\"@id\":\"https:\\\/\\\/citygame.com\\\/de\\\/#organization\",\"name\":\"City Game\",\"alternateName\":\"citygame.com\",\"url\":\"https:\\\/\\\/citygame.com\\\/de\\\/\",\"logo\":{\"@type\":\"ImageObject\",\"inLanguage\":\"de\",\"@id\":\"https:\\\/\\\/citygame.com\\\/de\\\/#\\\/schema\\\/logo\\\/image\\\/\",\"url\":\"https:\\\/\\\/citygame.com\\\/wp-content\\\/blogs.dir\\\/1\\\/files\\\/2025\\\/10\\\/CG_LOGO-City-Game.png\",\"contentUrl\":\"https:\\\/\\\/citygame.com\\\/wp-content\\\/blogs.dir\\\/1\\\/files\\\/2025\\\/10\\\/CG_LOGO-City-Game.png\",\"width\":351,\"height\":377,\"caption\":\"City Game\"},\"image\":{\"@id\":\"https:\\\/\\\/citygame.com\\\/de\\\/#\\\/schema\\\/logo\\\/image\\\/\"},\"sameAs\":[\"https:\\\/\\\/www.facebook.com\\\/profile.php?id=100086426226253\",\"https:\\\/\\\/www.instagram.com\\\/citygame_com\",\"https:\\\/\\\/www.tiktok.com\\\/@citygamecom\\\/\",\"https:\\\/\\\/www.linkedin.com\\\/company\\\/citygame-com\"],\"description\":\"Turn any city into a playground with our interactive City Games and self-guided tours. Fun, flexible, and ideal for groups and team building.\"}]}<\/script>\n<!-- \/ Yoast SEO Premium plugin. -->","yoast_head_json":{"title":"Selbstgef\u00fchrte Touren in N\u00f6rdlingen - City Game","robots":{"index":"index","follow":"follow","max-snippet":"max-snippet:-1","max-image-preview":"max-image-preview:large","max-video-preview":"max-video-preview:-1"},"canonical":"https:\/\/citygame.com\/de\/selbstgefuhrte-touren\/selbstgefuhrte-touren-in-deutschland\/selbstgefuhrte-touren-in-nordlingen\/","og_locale":"de_DE","og_type":"article","og_title":"Selbstgef\u00fchrte Touren in N\u00f6rdlingen","og_url":"https:\/\/citygame.com\/de\/selbstgefuhrte-touren\/selbstgefuhrte-touren-in-deutschland\/selbstgefuhrte-touren-in-nordlingen\/","og_site_name":"City Game","article_publisher":"https:\/\/www.facebook.com\/profile.php?id=100086426226253","article_modified_time":"2026-04-24T17:56:01+00:00","og_image":[{"width":1376,"height":768,"url":"https:\/\/citygame.com\/wp-content\/blogs.dir\/1\/files\/2026\/01\/nordlingen-st-georges-church-from-wall.jpg","type":"image\/jpeg"}],"twitter_card":"summary_large_image","schema":{"@context":"https:\/\/schema.org","@graph":[{"@type":"WebPage","@id":"https:\/\/citygame.com\/de\/selbstgefuhrte-touren\/selbstgefuhrte-touren-in-deutschland\/selbstgefuhrte-touren-in-nordlingen\/","url":"https:\/\/citygame.com\/de\/selbstgefuhrte-touren\/selbstgefuhrte-touren-in-deutschland\/selbstgefuhrte-touren-in-nordlingen\/","name":"Selbstgef\u00fchrte Touren in N\u00f6rdlingen - City Game","isPartOf":{"@id":"https:\/\/citygame.com\/de\/#website"},"primaryImageOfPage":{"@id":"https:\/\/citygame.com\/de\/selbstgefuhrte-touren\/selbstgefuhrte-touren-in-deutschland\/selbstgefuhrte-touren-in-nordlingen\/#primaryimage"},"image":{"@id":"https:\/\/citygame.com\/de\/selbstgefuhrte-touren\/selbstgefuhrte-touren-in-deutschland\/selbstgefuhrte-touren-in-nordlingen\/#primaryimage"},"thumbnailUrl":"https:\/\/citygame.com\/wp-content\/blogs.dir\/1\/files\/2026\/01\/nordlingen-st-georges-church-from-wall.jpg","datePublished":"2026-03-11T14:58:18+00:00","dateModified":"2026-04-24T17:56:01+00:00","breadcrumb":{"@id":"https:\/\/citygame.com\/de\/selbstgefuhrte-touren\/selbstgefuhrte-touren-in-deutschland\/selbstgefuhrte-touren-in-nordlingen\/#breadcrumb"},"inLanguage":"de","potentialAction":[{"@type":"ReadAction","target":["https:\/\/citygame.com\/de\/selbstgefuhrte-touren\/selbstgefuhrte-touren-in-deutschland\/selbstgefuhrte-touren-in-nordlingen\/"]}]},{"@type":"ImageObject","inLanguage":"de","@id":"https:\/\/citygame.com\/de\/selbstgefuhrte-touren\/selbstgefuhrte-touren-in-deutschland\/selbstgefuhrte-touren-in-nordlingen\/#primaryimage","url":"https:\/\/citygame.com\/wp-content\/blogs.dir\/1\/files\/2026\/01\/nordlingen-st-georges-church-from-wall.jpg","contentUrl":"https:\/\/citygame.com\/wp-content\/blogs.dir\/1\/files\/2026\/01\/nordlingen-st-georges-church-from-wall.jpg","width":1376,"height":768,"caption":"A scenic view of N\u00f6rdlingen's old town and St. George's Church from the city's walkable defensive wall."},{"@type":"BreadcrumbList","@id":"https:\/\/citygame.com\/de\/selbstgefuhrte-touren\/selbstgefuhrte-touren-in-deutschland\/selbstgefuhrte-touren-in-nordlingen\/#breadcrumb","itemListElement":[{"@type":"ListItem","position":1,"name":"Home","item":"https:\/\/citygame.com\/de\/"},{"@type":"ListItem","position":2,"name":"Self Guided Tours","item":"https:\/\/citygame.com\/de\/self-guided-tours\/"},{"@type":"ListItem","position":3,"name":"Self-Guided Tours in Germany","item":"https:\/\/citygame.com\/de\/self-guided-tours\/self-guided-tours-in-germany\/"},{"@type":"ListItem","position":4,"name":"Selbstgef\u00fchrte Touren in N\u00f6rdlingen"}]},{"@type":"WebSite","@id":"https:\/\/citygame.com\/de\/#website","url":"https:\/\/citygame.com\/de\/","name":"City Game","description":"","publisher":{"@id":"https:\/\/citygame.com\/de\/#organization"},"alternateName":"citygame.com","potentialAction":[{"@type":"SearchAction","target":{"@type":"EntryPoint","urlTemplate":"https:\/\/citygame.com\/de\/?s={search_term_string}"},"query-input":{"@type":"PropertyValueSpecification","valueRequired":true,"valueName":"search_term_string"}}],"inLanguage":"de"},{"@type":"Organization","@id":"https:\/\/citygame.com\/de\/#organization","name":"City Game","alternateName":"citygame.com","url":"https:\/\/citygame.com\/de\/","logo":{"@type":"ImageObject","inLanguage":"de","@id":"https:\/\/citygame.com\/de\/#\/schema\/logo\/image\/","url":"https:\/\/citygame.com\/wp-content\/blogs.dir\/1\/files\/2025\/10\/CG_LOGO-City-Game.png","contentUrl":"https:\/\/citygame.com\/wp-content\/blogs.dir\/1\/files\/2025\/10\/CG_LOGO-City-Game.png","width":351,"height":377,"caption":"City Game"},"image":{"@id":"https:\/\/citygame.com\/de\/#\/schema\/logo\/image\/"},"sameAs":["https:\/\/www.facebook.com\/profile.php?id=100086426226253","https:\/\/www.instagram.com\/citygame_com","https:\/\/www.tiktok.com\/@citygamecom\/","https:\/\/www.linkedin.com\/company\/citygame-com"],"description":"Turn any city into a playground with our interactive City Games and self-guided tours. Fun, flexible, and ideal for groups and team building."}]}},"taxonomy_info":{"seo_keyword":[{"value":630,"label":"Self Guided Tours"}],"cg_page_type":[{"value":627,"label":"SEO keyword city page"}]},"featured_image_src_large":["https:\/\/citygame.com\/wp-content\/blogs.dir\/1\/files\/2026\/01\/nordlingen-st-georges-church-from-wall-1024x572.jpg",1024,572,true],"author_info":{"display_name":"Philip","author_link":"https:\/\/citygame.com\/de\/blog\/author\/sophi2\/"},"comment_info":0,"wpml_current_locale":"de_DE","wpml_translations":{"nl_NL":{"locale":"nl_NL","id":228450,"slug":"zelfgeleide-rondleidingen-in-nordlingen","post_title":"Zelfgeleide rondleidingen in N\u00f6rdlingen","href":"https:\/\/citygame.com\/nl\/zelfgeleide-rondleidingen\/zelfgeleide-tochten-in-duitsland\/zelfgeleide-rondleidingen-in-nordlingen\/"},"en_US":{"locale":"en_US","id":18062,"slug":"self-guided-tours-in-nordlingen","post_title":"Self-Guided Tours in N\u00f6rdlingen","href":"https:\/\/citygame.com\/self-guided-tours\/self-guided-tours-in-germany\/self-guided-tours-in-nordlingen\/"},"fr_FR":{"locale":"fr_FR","id":228455,"slug":"visites-autoguidees-a-nordlingen","post_title":"Visites autoguid\u00e9es \u00e0 N\u00f6rdlingen","href":"https:\/\/citygame.com\/fr\/visites-autoguidees\/visites-autoguidees-en-allemagne\/visites-autoguidees-a-nordlingen\/"},"de_DE":{"locale":"de_DE","translation":"current"},"it_IT":{"locale":"it_IT","id":228456,"slug":"visite-autoguidate-a-nordlingen","post_title":"Visite Autoguidate a N\u00f6rdlingen","href":"https:\/\/citygame.com\/it\/tour-autoguidati\/tour-autoguidati-in-germania\/visite-autoguidate-a-nordlingen\/"},"es_ES":{"locale":"es_ES","id":228453,"slug":"visitas-autoguiadas-en-nordlingen","post_title":"Visitas autoguiadas en N\u00f6rdlingen","href":"https:\/\/citygame.com\/es\/tours-autoguiados\/tours-autoguiados-en-alemania\/visitas-autoguiadas-en-nordlingen\/"}},"_links":{"self":[{"href":"https:\/\/citygame.com\/de\/wp-json\/wp\/v2\/pages\/228452","targetHints":{"allow":["GET"]}}],"collection":[{"href":"https:\/\/citygame.com\/de\/wp-json\/wp\/v2\/pages"}],"about":[{"href":"https:\/\/citygame.com\/de\/wp-json\/wp\/v2\/types\/page"}],"author":[{"embeddable":true,"href":"https:\/\/citygame.com\/de\/wp-json\/wp\/v2\/users\/78"}],"replies":[{"embeddable":true,"href":"https:\/\/citygame.com\/de\/wp-json\/wp\/v2\/comments?post=228452"}],"version-history":[{"count":0,"href":"https:\/\/citygame.com\/de\/wp-json\/wp\/v2\/pages\/228452\/revisions"}],"up":[{"embeddable":true,"href":"https:\/\/citygame.com\/de\/wp-json\/wp\/v2\/pages\/228284"}],"acf:term":[{"embeddable":true,"taxonomy":"cg_page_type","href":"https:\/\/citygame.com\/de\/wp-json\/wp\/v2\/cg_page_type\/627"}],"wp:featuredmedia":[{"embeddable":true,"href":"https:\/\/citygame.com\/de\/wp-json\/wp\/v2\/media\/8282"}],"wp:attachment":[{"href":"https:\/\/citygame.com\/de\/wp-json\/wp\/v2\/media?parent=228452"}],"wp:term":[{"taxonomy":"cities-only-parent-location","embeddable":true,"href":"https:\/\/citygame.com\/de\/wp-json\/wp\/v2\/cities-only-parent-location?post=228452"},{"taxonomy":"countries-only-parent-locations","embeddable":true,"href":"https:\/\/citygame.com\/de\/wp-json\/wp\/v2\/countries-only-parent-locations?post=228452"},{"taxonomy":"seo_keyword","embeddable":true,"href":"https:\/\/citygame.com\/de\/wp-json\/wp\/v2\/seo_keyword?post=228452"},{"taxonomy":"cg_page_type","embeddable":true,"href":"https:\/\/citygame.com\/de\/wp-json\/wp\/v2\/cg_page_type?post=228452"}],"curies":[{"name":"wp","href":"https:\/\/api.w.org\/{rel}","templated":true}]}}