{"id":228771,"date":"2026-02-06T08:07:22","date_gmt":"2026-02-06T08:07:22","guid":{"rendered":"https:\/\/citygame.com\/locations\/japan\/city-game-tokyo-2\/"},"modified":"2026-04-25T06:11:49","modified_gmt":"2026-04-25T06:11:49","slug":"city-game-tokyo-2","status":"publish","type":"page","link":"https:\/\/citygame.com\/de\/standorte\/city-game-japan\/city-game-tokyo-2\/","title":{"rendered":"City Game Tokyo"},"content":{"rendered":"","protected":false},"excerpt":{"rendered":"","protected":false},"author":78,"featured_media":11102,"parent":225890,"menu_order":0,"comment_status":"closed","ping_status":"closed","template":"","meta":{"_acf_changed":false,"_yoast_wpseo_focuskw":"City Game Tokyo","_yoast_wpseo_metadesc":"","_kad_blocks_custom_css":"","_kad_blocks_head_custom_js":"","_kad_blocks_body_custom_js":"","_kad_blocks_footer_custom_js":"","_kad_post_transparent":"","_kad_post_title":"","_kad_post_layout":"","_kad_post_sidebar_id":"","_kad_post_content_style":"","_kad_post_vertical_padding":"","_kad_post_feature":"","_kad_post_feature_position":"","_kad_post_header":false,"_kad_post_footer":false,"_kad_post_classname":"","footnotes":""},"cities-only-parent-location":[489],"countries-only-parent-locations":[],"seo_keyword":[],"cg_page_type":[45],"class_list":["post-228771","page","type-page","status-publish","has-post-thumbnail","hentry","cities-only-parent-location-japan","cg_page_type-city-overview-page"],"acf":{"city_name":"Tokio","select_city":510,"section_1_h2_city_games_in_city":"City Games in Tokio","intro_text":"City Games sind jetzt in Tokio, Japan, verf\u00fcgbar. Diese interaktiven Erlebnisse laden dich ein, R\u00e4tsel und Herausforderungen zu l\u00f6sen, w\u00e4hrend du die Stadt in deinem eigenen Tempo erkundest. Gespielt wird mit einem Smartphone; jedes Spiel bietet eine selbstgesteuerte M\u00f6glichkeit, Shibuya durch fesselndes Gameplay und standortbasierte Aufgaben zu entdecken.","section_1_usp_1":"Starten, Pausieren & Fortsetzen, wann immer du willst","section_1_usp_2":"Individuell spielen","section_1_usp_3":"1\u20134 oder 2\u20135 Personen pro Smartphone, je nach Spiel","section_1_usp_4":"1,5\u20132 Stunden Spielzeit","section_1_usp_5":"3\u20134 km Gehstrecke","section_1_usp_6":"Internetverbindung erforderlich","section_1_text_2":"W\u00e4hle dein City Game aus und beginne noch heute mit dem Spielen!","section_1_cta":"Alle City Games anzeigen","intro_image":11103,"section_2_h2_all_city_games_in_city":"Alle City Games in Tokio","section_3_h2_how_city_games_work_in_city":"Wie City Games in Tokio funktionieren","section_3_text":"Der Einstieg ist einfach. W\u00e4hle dein City Game in Shibuya, buche dein Abenteuer und beginne zu spielen, wann es dir passt. Alles, was du brauchst, wird dir unmittelbar nach der Buchung zugesandt: kein Guide, keine festen Startzeiten, nur dein Team und die Stadt.","section_3_usp_1":"1,5\u20132 Stunden Spielzeit","section_3_usp_2":"3\u20134 km Gehstrecke durch die Stadt","section_3_usp_3":"Starten, Pausieren und Fortsetzen, wann immer du willst","section_3_usp_4":"1\u20134 oder 2\u20135 Personen pro Smartphone, je nach Spiel","section_3_usp_5":"Individuell mit eigenem Ger\u00e4t spielen","section_3_usp_6":"Internetverbindung w\u00e4hrend des Spiels erforderlich","section_3_cta":"W\u00e4hle deine Stadt","section_3_step_1":"Schritt 1","section_3_step_1_title":"W\u00e4hle deine Stadt und dein City Game","section_3_step_1_text":"W\u00e4hle die Stadt, in der du spielen m\u00f6chtest, und buche dein City Game online in nur wenigen Klicks.","section_3_step_2":"Schritt 2","section_3_step_2_title":"Erhalte deine Spielanweisungen","section_3_step_2_text":"Nach der Buchung erh\u00e4ltst du sofort eine E-Mail mit allen Anweisungen und dem Zugang zum Spiel.","section_3_step_3":"Schritt 3","section_3_step_3_title":"Gehe zum Startort","section_3_step_3_text":"Gehe zum Startpunkt in der Stadt, wann es dir passt. Es gibt keine festen Startzeiten.","section_3_step_4":"Schritt 4","section_3_step_4_title":"Starte dein City Game","section_3_step_4_text":" Folge den Hinweisen, l\u00f6se R\u00e4tsel und entdecke die Stadt, w\u00e4hrend du entlang der Route unterhaltsame Herausforderungen bew\u00e4ltigst.","how_city_games_work_image":11104,"section_4_h2_who_are_city_games_in_city_for":"F\u00fcr wen sind City Games in Tokio gedacht?","section_4_text":"City Games in Tokio sind so konzipiert, dass sie jedem eine interaktive und flexible Art bieten, die Stadt zu erleben. Egal, ob du Tokio zum ersten Mal besuchst oder die Stadt bereits gut kennst, City Games bieten eine unterhaltsame Aktivit\u00e4t, die sich leicht in deinen Tag integrieren l\u00e4sst.","section_4_text_2":"City Games in Tokio eignen sich f\u00fcr:","section_4_usp_1":"Alleinspieler oder kleine Gruppen, die ein flexibles Abenteuer suchen","section_4_usp_2":"Touristen, die Tokio erkunden","section_4_usp_3":"Freunde und Familien, die eine unterhaltsame Aktivit\u00e4t suchen","section_4_usp_4":"Unternehmen und Teams, die eine Teambuilding-Veranstaltung planen","section_4_usp_5":"Einheimische, die ihre eigene Stadt neu entdecken m\u00f6chten","section_4_cta":"Finde ein City Game in deiner Stadt","who_are_city_games_for_image":11105,"section_5_h2_exploring_city":"Tokio erkunden","exploring_city_text":"Tokio bewegt sich im Rhythmus st\u00e4ndiger Bewegung, und das \u00dcberqueren des ikonischen Shibuya Scramble f\u00fchlt sich an, als w\u00fcrde man den Puls der Stadt sp\u00fcren. Das Viertel zeichnet sich durch seine vielschichtigen Stra\u00dfenz\u00fcge aus \u2013 hoch aufragende Bildschirme, unterirdische Fu\u00dfwege und enge Seitenstra\u00dfen \u2013 jeder Bereich bietet ein eigenes Gef\u00fchl von Ma\u00dfstab und Energie. Zwischen den Menschenmengen tauchen Momente der Ruhe auf, besonders in den baumges\u00e4umten Abschnitten des Miyashita Parks, der hoch \u00fcber den Stra\u00dfen thront.","exploring_city_image":11106,"section_6_h2_hosted_game":"Deine liebsten City Games, professionell von unserem Team betreut","section_6_text":"Genie\u00dfe dieselben City Games wie in unserer selbstgesteuerten Version, aber mit vollst\u00e4ndiger Vor-Ort-Unterst\u00fctzung durch unsere professionellen Hosts. Wir k\u00fcmmern uns um das Briefing, Tablets, Koordination und technischen Support, damit deine Gruppe sich ganz auf den Spa\u00df und den Wettbewerb konzentrieren kann.","section_6_text_2":"Inklusive:","section_6_usp_1_title":"Gleiches City Game, vollst\u00e4ndig betreut","section_6_usp_1_text":"Du spielst genau dasselbe Erlebnis wie unsere selbstgef\u00fchrte Version, jetzt mit unseren Hosts, die deine Gruppe anleiten.","section_6_usp_2_title":"Live-Ranking & Preisverleihung","section_6_usp_2_text":"Bei gr\u00f6\u00dferen Gruppen geben unsere Hosts die Endergebnisse bekannt und verk\u00fcnden das Gewinnteam mit einem unterhaltsamen Award-Moment.","section_6_usp_3_title":"Beaufsichtigter Start & Abschluss","section_6_usp_3_text":"Wir begr\u00fc\u00dfen deine Gruppe, erkl\u00e4ren das Spiel klar und schlie\u00dfen mit einem spannenden Wrap-up.","section_6_usp_4_title":"Echtzeit-Support w\u00e4hrend des Spiels","section_6_usp_4_text":"Unser Team unterst\u00fctzt w\u00e4hrend des Erlebnisses bei Ger\u00e4ten, App-Problemen und Koordination.","section_6_usp_5_title":"Tablets inklusive (optional)","section_6_usp_5_text":"F\u00fcr Gruppen verf\u00fcgbar, die unsere Ger\u00e4te statt eigener bevorzugen.","section_6_text_3":"Weltweit von Teams vertraut, von kleinen Gruppen bis hin zu gro\u00dfen Firmenveranstaltungen.","section_6_cta":"Plane deine Gruppenveranstaltung","section_7_h2_reviews":"Was andere von unseren City Games halten","section_7_cta_1":"Alle h\u00e4ufig gestellten Fragen anzeigen","section_7_cta_2":"Unterst\u00fctzung erhalten","section_8_h2_faq":"Hast du Fragen? Wir haben Antworten!","section_8_text":"Erkunde St\u00e4dte auf eine unterhaltsame und interaktive Weise mit unseren City Games. L\u00f6se R\u00e4tsel, entdecke verborgene Orte und erkunde die Stadt, w\u00e4hrend du mit Freunden, Familie oder Kollegen spielst \u2013 wann immer es dir passt.","section_8_cta_1":"Alle h\u00e4ufig gestellten Fragen anzeigen","section_8_cta_2":"Unterst\u00fctzung erhalten","section_8_question_1":"Was sind City Games in Tokio?","section_8_answer_1":"City Games in Tokio sind <strong>interaktive, selbsterkl\u00e4rende Erfahrungen<\/strong>, die es dir erm\u00f6glichen, die Stadt zu erkunden, w\u00e4hrend du ein Spiel spielst!\r\n\r\nMit deinem Smartphone l\u00f6st du R\u00e4tsel, bew\u00e4ltigst Herausforderungen und folgst der Handlung deines gew\u00e4hlten City Game, w\u00e4hrend du durch die Stadt gehst.\r\n\r\nCity Games verbinden Teamarbeit, Probleml\u00f6sung und Outdoor-Erkundung und bieten Besuchern, Einheimischen und Gruppen gleicherma\u00dfen eine unterhaltsame Aktivit\u00e4t.","section_8_question_2":"Brauche ich einen Guide, um ein City Game in Tokio zu spielen?","section_8_answer_2":"<p class=\"kt-adv-heading2034_2420ea-ca wp-block-kadence-advancedheading\" data-kb-block=\"kb-adv-heading2034_2420ea-ca\">Nein, City Games in Tokio sind <strong>vollst\u00e4ndig selbstgef\u00fchrt<\/strong>. Du ben\u00f6tigst keinen Guide, kein Host oder Vor-Ort-Personal zum Spielen. Alle Anweisungen und das Gameplay werden digital bereitgestellt, sodass du mit deinem eigenen Smartphone eigenst\u00e4ndig starten und spielen kannst.<\/p>\r\nDiese Flexibilit\u00e4t macht City Games leicht in deinen eigenen Zeitplan integrierbar.\r\n<p class=\"kt-adv-heading2034_cd3db2-33 wp-block-kadence-advancedheading hls-none\" data-kb-block=\"kb-adv-heading2034_cd3db2-33\">F\u00fcr gr\u00f6\u00dfere Gruppen oder Firmenevents steht auch eine vollst\u00e4ndig betreute Version unserer City Games zur Verf\u00fcgung, einschlie\u00dflich Vor-Ort-Anleitung, Tablets und Live-Support.<\/p>\r\nPlanst du eine gr\u00f6\u00dfere Gruppe oder ein Firmenevent?","section_8_answer_2_cta":"","section_8_question_3":"Wann k\u00f6nnen wir mit dem Spielen eines City Game in Tokio beginnen?","section_8_answer_3":"Du kannst mit dem Spielen beginnen <strong>wann immer es dir passt<\/strong>! City Games in Tokio haben keine festen Startzeiten, du kannst also jederzeit zu einem passenden Zeitpunkt beginnen.\r\n\r\nNach der Buchung erh\u00e4ltst du klare Anweisungen, die erkl\u00e4ren, wie und wann du dein City Game starten kannst!","section_8_question_4":"Wie lange dauert ein City Game in Tokio?","section_8_answer_4":"Die City Games in Tokio dauern <strong>ca. 1,5 bis 2 Stunden<\/strong>, bis sie abgeschlossen sind! Die genaue Dauer h\u00e4ngt von deinem Tempo, der Anzahl der Pausen und davon ab, wie schnell du die R\u00e4tsel und Herausforderungen l\u00f6st.\r\n\r\nDu kannst in deinem eigenen Tempo spielen und das Spiel jederzeit pausieren!","section_8_question_5":"K\u00f6nnen wir ein City Game in Tokio mit einer gro\u00dfen Gruppe spielen?","section_8_answer_5":"<p class=\"kt-adv-heading2034_97743b-76 wp-block-kadence-advancedheading\" data-kb-block=\"kb-adv-heading2034_97743b-76\">Ja, City Games eignen sich sowohl f\u00fcr <strong>kleine Gruppen als auch gr\u00f6\u00dfere Teams<\/strong>. Gro\u00dfe Gruppen k\u00f6nnen sich leicht in kleinere Teams aufteilen und das City Game gleichzeitig spielen, mit mehreren Smartphones. Jedes Team spielt unabh\u00e4ngig, folgt demselben Spielkonzept und derselben Handlung.<\/p>\r\nDieses Setup eignet sich gut f\u00fcr Gruppen von Freunden, Familien und Unternehmen und macht City Games zu einer beliebten Wahl f\u00fcr Teamevents, Veranstaltungen und Teambuilding-Aktivit\u00e4ten.\r\n<p class=\"kt-adv-heading2034_7442e3-e3 wp-block-kadence-advancedheading hls-none\" data-kb-block=\"kb-adv-heading2034_7442e3-e3\">F\u00fcr gr\u00f6\u00dfere Gruppen oder Firmenevents ist auch eine vollst\u00e4ndig betreute Version unserer City Games verf\u00fcgbar, die Vor-Ort-Anleitung, Tablets und Live-Support umfasst.<\/p>\r\nPlanst du eine gr\u00f6\u00dfere Gruppe oder ein Firmenevent?<\/p>","section_8_answer_5_cta":"Erkunde das betreute City Game-Erlebnis f\u00fcr Gruppen","section_8_question_6":"Sind City Games in Tokio geeignet f\u00fcr Touristen und Einheimische?","section_8_answer_6":"Ja, City Games in Tokio eignen sich sowohl f\u00fcr <strong>Touristen als auch Einheimische<\/strong>. Besucher k\u00f6nnen die Stadt auf interaktive Weise erleben, w\u00e4hrend Einheimische vertraute Stra\u00dfen als Kulisse f\u00fcr ein City Game genie\u00dfen k\u00f6nnen.\r\n\r\nDa sich jedes City Game auf Gameplay und Geschichtenerz\u00e4hlung konzentriert, wirkt die Erfahrung frisch, egal wie gut du die Stadt bereits kennst.","section_8_question_7":"Sind City Games in Tokio in mehreren Sprachen verf\u00fcgbar?","section_8_answer_7":"Ja, City Games in Tokio sind <strong>in mehreren Sprachen verf\u00fcgbar<\/strong>. Du kannst vor dem Spiel oder w\u00e4hrenddessen deine bevorzugte Sprache ausw\u00e4hlen, wodurch City Games f\u00fcr internationale Besucherinnen und Besucher sowie Gruppen mit unterschiedlicher Sprache zug\u00e4nglich sind.","section_8_question_8":"Was ben\u00f6tigen wir, um ein City Game in Tokio zu spielen?","section_8_answer_8":"F\u00fcr das City Game in Tokio ben\u00f6tigst du:","section_8_answer_8_usp_1":"Ein Smartphone mit Internetverbindung","section_8_answer_8_usp_2":"Eine volle Batterie","section_8_answer_8_usp_3":"Bequeme Wanderschuhe","section_8_answer_8_2":"Alle Spielinhalte und Anweisungen werden nach der Buchung digital bereitgestellt.","section_9_h2_instagram":"Mehr auf Instagram sehen","section_9_text":"Reise-Inspiration, R\u00e4tsel, versteckte Juwelen & City Game-Momente \u2013 direkt aus unserer Community","section_9_cta":"Folge uns auf Instagram","section_10_h2_page_ending":"Bereit f\u00fcr ein unvergessliches Abenteuer in Tokio?","section_10_text":"Erkunde Tokio auf eine einzigartige und interaktive Weise mit unseren City Games. Spiele noch heute und schaffe bleibende Erinnerungen!","section_10_cta":"Buche dein City Game jetzt","latitude":35.6714212,"longitude":139.7057965,"country":489,"map_enabled":true},"yoast_head":"<!-- This site is optimized with the Yoast SEO Premium plugin v26.2 (Yoast SEO v27.4) - https:\/\/yoast.com\/product\/yoast-seo-premium-wordpress\/ -->\n<title>City Game Tokyo - City Game<\/title>\n<meta name=\"robots\" content=\"index, follow, max-snippet:-1, max-image-preview:large, max-video-preview:-1\" \/>\n<link rel=\"canonical\" href=\"https:\/\/citygame.com\/de\/standorte\/city-game-japan\/city-game-tokyo-2\/\" \/>\n<meta property=\"og:locale\" content=\"de_DE\" \/>\n<meta property=\"og:type\" content=\"article\" \/>\n<meta property=\"og:title\" content=\"City Game Tokyo\" \/>\n<meta property=\"og:url\" content=\"https:\/\/citygame.com\/de\/standorte\/city-game-japan\/city-game-tokyo-2\/\" \/>\n<meta property=\"og:site_name\" content=\"City Game\" \/>\n<meta property=\"article:publisher\" content=\"https:\/\/www.facebook.com\/profile.php?id=100086426226253\" \/>\n<meta property=\"article:modified_time\" content=\"2026-04-25T06:11:49+00:00\" \/>\n<meta property=\"og:image\" content=\"https:\/\/citygame.com\/wp-content\/blogs.dir\/1\/files\/2026\/02\/shibuya-scramble-crossing-at-dusk.jpg\" \/>\n\t<meta property=\"og:image:width\" content=\"1376\" \/>\n\t<meta property=\"og:image:height\" content=\"768\" \/>\n\t<meta property=\"og:image:type\" content=\"image\/jpeg\" \/>\n<meta name=\"twitter:card\" content=\"summary_large_image\" \/>\n<script type=\"application\/ld+json\" class=\"yoast-schema-graph\">{\"@context\":\"https:\\\/\\\/schema.org\",\"@graph\":[{\"@type\":\"WebPage\",\"@id\":\"https:\\\/\\\/citygame.com\\\/de\\\/standorte\\\/city-game-japan\\\/city-game-tokyo-2\\\/\",\"url\":\"https:\\\/\\\/citygame.com\\\/de\\\/standorte\\\/city-game-japan\\\/city-game-tokyo-2\\\/\",\"name\":\"City Game Tokyo - City Game\",\"isPartOf\":{\"@id\":\"https:\\\/\\\/citygame.com\\\/de\\\/#website\"},\"primaryImageOfPage\":{\"@id\":\"https:\\\/\\\/citygame.com\\\/de\\\/standorte\\\/city-game-japan\\\/city-game-tokyo-2\\\/#primaryimage\"},\"image\":{\"@id\":\"https:\\\/\\\/citygame.com\\\/de\\\/standorte\\\/city-game-japan\\\/city-game-tokyo-2\\\/#primaryimage\"},\"thumbnailUrl\":\"https:\\\/\\\/citygame.com\\\/wp-content\\\/blogs.dir\\\/1\\\/files\\\/2026\\\/02\\\/shibuya-scramble-crossing-at-dusk.jpg\",\"datePublished\":\"2026-02-06T08:07:22+00:00\",\"dateModified\":\"2026-04-25T06:11:49+00:00\",\"breadcrumb\":{\"@id\":\"https:\\\/\\\/citygame.com\\\/de\\\/standorte\\\/city-game-japan\\\/city-game-tokyo-2\\\/#breadcrumb\"},\"inLanguage\":\"de\",\"potentialAction\":[{\"@type\":\"ReadAction\",\"target\":[\"https:\\\/\\\/citygame.com\\\/de\\\/standorte\\\/city-game-japan\\\/city-game-tokyo-2\\\/\"]}]},{\"@type\":\"ImageObject\",\"inLanguage\":\"de\",\"@id\":\"https:\\\/\\\/citygame.com\\\/de\\\/standorte\\\/city-game-japan\\\/city-game-tokyo-2\\\/#primaryimage\",\"url\":\"https:\\\/\\\/citygame.com\\\/wp-content\\\/blogs.dir\\\/1\\\/files\\\/2026\\\/02\\\/shibuya-scramble-crossing-at-dusk.jpg\",\"contentUrl\":\"https:\\\/\\\/citygame.com\\\/wp-content\\\/blogs.dir\\\/1\\\/files\\\/2026\\\/02\\\/shibuya-scramble-crossing-at-dusk.jpg\",\"width\":1376,\"height\":768,\"caption\":\"An aerial perspective of the famous Shibuya Scramble Crossing, teeming with pedestrians during the golden hour.\"},{\"@type\":\"BreadcrumbList\",\"@id\":\"https:\\\/\\\/citygame.com\\\/de\\\/standorte\\\/city-game-japan\\\/city-game-tokyo-2\\\/#breadcrumb\",\"itemListElement\":[{\"@type\":\"ListItem\",\"position\":1,\"name\":\"Home\",\"item\":\"https:\\\/\\\/citygame.com\\\/de\\\/\"},{\"@type\":\"ListItem\",\"position\":2,\"name\":\"Locations\",\"item\":\"https:\\\/\\\/citygame.com\\\/de\\\/?page_id=1598\"},{\"@type\":\"ListItem\",\"position\":3,\"name\":\"City Game Japan\",\"item\":\"https:\\\/\\\/citygame.com\\\/de\\\/locations\\\/japan\\\/\"},{\"@type\":\"ListItem\",\"position\":4,\"name\":\"City Game Tokyo\"}]},{\"@type\":\"WebSite\",\"@id\":\"https:\\\/\\\/citygame.com\\\/de\\\/#website\",\"url\":\"https:\\\/\\\/citygame.com\\\/de\\\/\",\"name\":\"City Game\",\"description\":\"\",\"publisher\":{\"@id\":\"https:\\\/\\\/citygame.com\\\/de\\\/#organization\"},\"alternateName\":\"citygame.com\",\"potentialAction\":[{\"@type\":\"SearchAction\",\"target\":{\"@type\":\"EntryPoint\",\"urlTemplate\":\"https:\\\/\\\/citygame.com\\\/de\\\/?s={search_term_string}\"},\"query-input\":{\"@type\":\"PropertyValueSpecification\",\"valueRequired\":true,\"valueName\":\"search_term_string\"}}],\"inLanguage\":\"de\"},{\"@type\":\"Organization\",\"@id\":\"https:\\\/\\\/citygame.com\\\/de\\\/#organization\",\"name\":\"City Game\",\"alternateName\":\"citygame.com\",\"url\":\"https:\\\/\\\/citygame.com\\\/de\\\/\",\"logo\":{\"@type\":\"ImageObject\",\"inLanguage\":\"de\",\"@id\":\"https:\\\/\\\/citygame.com\\\/de\\\/#\\\/schema\\\/logo\\\/image\\\/\",\"url\":\"https:\\\/\\\/citygame.com\\\/wp-content\\\/blogs.dir\\\/1\\\/files\\\/2025\\\/10\\\/CG_LOGO-City-Game.png\",\"contentUrl\":\"https:\\\/\\\/citygame.com\\\/wp-content\\\/blogs.dir\\\/1\\\/files\\\/2025\\\/10\\\/CG_LOGO-City-Game.png\",\"width\":351,\"height\":377,\"caption\":\"City Game\"},\"image\":{\"@id\":\"https:\\\/\\\/citygame.com\\\/de\\\/#\\\/schema\\\/logo\\\/image\\\/\"},\"sameAs\":[\"https:\\\/\\\/www.facebook.com\\\/profile.php?id=100086426226253\",\"https:\\\/\\\/www.instagram.com\\\/citygame_com\",\"https:\\\/\\\/www.tiktok.com\\\/@citygamecom\\\/\",\"https:\\\/\\\/www.linkedin.com\\\/company\\\/citygame-com\"],\"description\":\"Turn any city into a playground with our interactive City Games and self-guided tours. Fun, flexible, and ideal for groups and team building.\"}]}<\/script>\n<!-- \/ Yoast SEO Premium plugin. -->","yoast_head_json":{"title":"City Game Tokyo - City Game","robots":{"index":"index","follow":"follow","max-snippet":"max-snippet:-1","max-image-preview":"max-image-preview:large","max-video-preview":"max-video-preview:-1"},"canonical":"https:\/\/citygame.com\/de\/standorte\/city-game-japan\/city-game-tokyo-2\/","og_locale":"de_DE","og_type":"article","og_title":"City Game Tokyo","og_url":"https:\/\/citygame.com\/de\/standorte\/city-game-japan\/city-game-tokyo-2\/","og_site_name":"City Game","article_publisher":"https:\/\/www.facebook.com\/profile.php?id=100086426226253","article_modified_time":"2026-04-25T06:11:49+00:00","og_image":[{"width":1376,"height":768,"url":"https:\/\/citygame.com\/wp-content\/blogs.dir\/1\/files\/2026\/02\/shibuya-scramble-crossing-at-dusk.jpg","type":"image\/jpeg"}],"twitter_card":"summary_large_image","schema":{"@context":"https:\/\/schema.org","@graph":[{"@type":"WebPage","@id":"https:\/\/citygame.com\/de\/standorte\/city-game-japan\/city-game-tokyo-2\/","url":"https:\/\/citygame.com\/de\/standorte\/city-game-japan\/city-game-tokyo-2\/","name":"City Game Tokyo - City Game","isPartOf":{"@id":"https:\/\/citygame.com\/de\/#website"},"primaryImageOfPage":{"@id":"https:\/\/citygame.com\/de\/standorte\/city-game-japan\/city-game-tokyo-2\/#primaryimage"},"image":{"@id":"https:\/\/citygame.com\/de\/standorte\/city-game-japan\/city-game-tokyo-2\/#primaryimage"},"thumbnailUrl":"https:\/\/citygame.com\/wp-content\/blogs.dir\/1\/files\/2026\/02\/shibuya-scramble-crossing-at-dusk.jpg","datePublished":"2026-02-06T08:07:22+00:00","dateModified":"2026-04-25T06:11:49+00:00","breadcrumb":{"@id":"https:\/\/citygame.com\/de\/standorte\/city-game-japan\/city-game-tokyo-2\/#breadcrumb"},"inLanguage":"de","potentialAction":[{"@type":"ReadAction","target":["https:\/\/citygame.com\/de\/standorte\/city-game-japan\/city-game-tokyo-2\/"]}]},{"@type":"ImageObject","inLanguage":"de","@id":"https:\/\/citygame.com\/de\/standorte\/city-game-japan\/city-game-tokyo-2\/#primaryimage","url":"https:\/\/citygame.com\/wp-content\/blogs.dir\/1\/files\/2026\/02\/shibuya-scramble-crossing-at-dusk.jpg","contentUrl":"https:\/\/citygame.com\/wp-content\/blogs.dir\/1\/files\/2026\/02\/shibuya-scramble-crossing-at-dusk.jpg","width":1376,"height":768,"caption":"An aerial perspective of the famous Shibuya Scramble Crossing, teeming with pedestrians during the golden hour."},{"@type":"BreadcrumbList","@id":"https:\/\/citygame.com\/de\/standorte\/city-game-japan\/city-game-tokyo-2\/#breadcrumb","itemListElement":[{"@type":"ListItem","position":1,"name":"Home","item":"https:\/\/citygame.com\/de\/"},{"@type":"ListItem","position":2,"name":"Locations","item":"https:\/\/citygame.com\/de\/?page_id=1598"},{"@type":"ListItem","position":3,"name":"City Game Japan","item":"https:\/\/citygame.com\/de\/locations\/japan\/"},{"@type":"ListItem","position":4,"name":"City Game Tokyo"}]},{"@type":"WebSite","@id":"https:\/\/citygame.com\/de\/#website","url":"https:\/\/citygame.com\/de\/","name":"City Game","description":"","publisher":{"@id":"https:\/\/citygame.com\/de\/#organization"},"alternateName":"citygame.com","potentialAction":[{"@type":"SearchAction","target":{"@type":"EntryPoint","urlTemplate":"https:\/\/citygame.com\/de\/?s={search_term_string}"},"query-input":{"@type":"PropertyValueSpecification","valueRequired":true,"valueName":"search_term_string"}}],"inLanguage":"de"},{"@type":"Organization","@id":"https:\/\/citygame.com\/de\/#organization","name":"City Game","alternateName":"citygame.com","url":"https:\/\/citygame.com\/de\/","logo":{"@type":"ImageObject","inLanguage":"de","@id":"https:\/\/citygame.com\/de\/#\/schema\/logo\/image\/","url":"https:\/\/citygame.com\/wp-content\/blogs.dir\/1\/files\/2025\/10\/CG_LOGO-City-Game.png","contentUrl":"https:\/\/citygame.com\/wp-content\/blogs.dir\/1\/files\/2025\/10\/CG_LOGO-City-Game.png","width":351,"height":377,"caption":"City Game"},"image":{"@id":"https:\/\/citygame.com\/de\/#\/schema\/logo\/image\/"},"sameAs":["https:\/\/www.facebook.com\/profile.php?id=100086426226253","https:\/\/www.instagram.com\/citygame_com","https:\/\/www.tiktok.com\/@citygamecom\/","https:\/\/www.linkedin.com\/company\/citygame-com"],"description":"Turn any city into a playground with our interactive City Games and self-guided tours. Fun, flexible, and ideal for groups and team building."}]}},"taxonomy_info":{"cities-only-parent-location":[{"value":489,"label":"Japan"}],"cg_page_type":[{"value":45,"label":"City overview page"}]},"featured_image_src_large":["https:\/\/citygame.com\/wp-content\/blogs.dir\/1\/files\/2026\/02\/shibuya-scramble-crossing-at-dusk-1024x572.jpg",1024,572,true],"author_info":{"display_name":"Philip","author_link":"https:\/\/citygame.com\/de\/blog\/author\/sophi2\/"},"comment_info":0,"wpml_current_locale":"de_DE","wpml_translations":{"nl_NL":{"locale":"nl_NL","id":228765,"slug":"city-game-tokio","post_title":"City Game Tokio","href":"https:\/\/citygame.com\/nl\/locaties\/city-game-japan\/city-game-tokio\/"},"en_US":{"locale":"en_US","id":11107,"slug":"city-game-tokyo","post_title":"City Game Tokyo","href":"https:\/\/citygame.com\/locations\/japan\/city-game-tokyo\/"},"fr_FR":{"locale":"fr_FR","id":228784,"slug":"city-game-tokyo-2","post_title":"City Game Tokyo","href":"https:\/\/citygame.com\/fr\/emplacements\/city-game-japon\/city-game-tokyo-2\/"},"de_DE":{"locale":"de_DE","translation":"current"},"it_IT":{"locale":"it_IT","id":228612,"slug":"city-game-tokyo-2","post_title":"City Game Tokyo","href":"https:\/\/citygame.com\/it\/luoghi\/city-game-giappone\/city-game-tokyo-2\/"},"es_ES":{"locale":"es_ES","id":228778,"slug":"city-game-tokio","post_title":"City Game Tokio","href":"https:\/\/citygame.com\/es\/localizaciones\/city-game-japan\/city-game-tokio\/"}},"_links":{"self":[{"href":"https:\/\/citygame.com\/de\/wp-json\/wp\/v2\/pages\/228771","targetHints":{"allow":["GET"]}}],"collection":[{"href":"https:\/\/citygame.com\/de\/wp-json\/wp\/v2\/pages"}],"about":[{"href":"https:\/\/citygame.com\/de\/wp-json\/wp\/v2\/types\/page"}],"author":[{"embeddable":true,"href":"https:\/\/citygame.com\/de\/wp-json\/wp\/v2\/users\/78"}],"replies":[{"embeddable":true,"href":"https:\/\/citygame.com\/de\/wp-json\/wp\/v2\/comments?post=228771"}],"version-history":[{"count":0,"href":"https:\/\/citygame.com\/de\/wp-json\/wp\/v2\/pages\/228771\/revisions"}],"up":[{"embeddable":true,"href":"https:\/\/citygame.com\/de\/wp-json\/wp\/v2\/pages\/225890"}],"acf:term":[{"embeddable":true,"taxonomy":"cities-only-parent-location","href":"https:\/\/citygame.com\/de\/wp-json\/wp\/v2\/cities-only-parent-location\/489"},{"embeddable":true,"taxonomy":"location","href":"https:\/\/citygame.com\/de\/wp-json\/wp\/v2\/location\/510"}],"wp:featuredmedia":[{"embeddable":true,"href":"https:\/\/citygame.com\/de\/wp-json\/wp\/v2\/media\/11102"}],"wp:attachment":[{"href":"https:\/\/citygame.com\/de\/wp-json\/wp\/v2\/media?parent=228771"}],"wp:term":[{"taxonomy":"cities-only-parent-location","embeddable":true,"href":"https:\/\/citygame.com\/de\/wp-json\/wp\/v2\/cities-only-parent-location?post=228771"},{"taxonomy":"countries-only-parent-locations","embeddable":true,"href":"https:\/\/citygame.com\/de\/wp-json\/wp\/v2\/countries-only-parent-locations?post=228771"},{"taxonomy":"seo_keyword","embeddable":true,"href":"https:\/\/citygame.com\/de\/wp-json\/wp\/v2\/seo_keyword?post=228771"},{"taxonomy":"cg_page_type","embeddable":true,"href":"https:\/\/citygame.com\/de\/wp-json\/wp\/v2\/cg_page_type?post=228771"}],"curies":[{"name":"wp","href":"https:\/\/api.w.org\/{rel}","templated":true}]}}