{"id":228916,"date":"2026-02-05T08:20:47","date_gmt":"2026-02-05T08:20:47","guid":{"rendered":"https:\/\/citygame.com\/locations\/spain\/city-game-sevilla\/"},"modified":"2026-04-26T15:17:21","modified_gmt":"2026-04-26T15:17:21","slug":"city-game-sevilla","status":"publish","type":"page","link":"https:\/\/citygame.com\/de\/standorte\/city-game-spain\/city-game-sevilla\/","title":{"rendered":"City Game Sevilla"},"content":{"rendered":"","protected":false},"excerpt":{"rendered":"","protected":false},"author":78,"featured_media":16453,"parent":226904,"menu_order":0,"comment_status":"closed","ping_status":"closed","template":"","meta":{"_acf_changed":false,"_yoast_wpseo_focuskw":"City Game Seville","_yoast_wpseo_metadesc":"","_kad_blocks_custom_css":"","_kad_blocks_head_custom_js":"","_kad_blocks_body_custom_js":"","_kad_blocks_footer_custom_js":"","_kad_post_transparent":"","_kad_post_title":"","_kad_post_layout":"","_kad_post_sidebar_id":"","_kad_post_content_style":"","_kad_post_vertical_padding":"","_kad_post_feature":"","_kad_post_feature_position":"","_kad_post_header":false,"_kad_post_footer":false,"_kad_post_classname":"","footnotes":""},"cities-only-parent-location":[469],"countries-only-parent-locations":[],"seo_keyword":[],"cg_page_type":[45],"class_list":["post-228916","page","type-page","status-publish","has-post-thumbnail","hentry","cities-only-parent-location-spain","cg_page_type-city-overview-page"],"acf":{"city_name":"Seville","select_city":368,"section_1_h2_city_games_in_city":"City Games in Sevilla","intro_text":"City Games sind in Sevilla erh\u00e4ltlich und bieten eine einzigartige M\u00f6glichkeit, die Stadt durch interaktives Gameplay zu erkunden. Mithilfe eines Smartphones l\u00f6sen die Spieler R\u00e4tsel und bew\u00e4ltigen Aufgaben, w\u00e4hrend sie die Stra\u00dfen in ihrem eigenen Tempo durchqueren. Dieses selbstgesteuerte Erlebnis verbindet digitale Interaktion mit realer Erkundung im urbanen Umfeld von Sevilla.","section_1_usp_1":"Starten, Pausieren & Fortfahren, wann immer Sie m\u00f6chten","section_1_usp_2":"Individuell spielen","section_1_usp_3":"1\u20134 oder 2\u20135 Personen pro Smartphone, abh\u00e4ngig von Ihrem Spiel","section_1_usp_4":"1,5\u20132 Stunden Spielzeit","section_1_usp_5":"3\u20134 km Gehstrecke","section_1_usp_6":"Internetverbindung erforderlich","section_1_text_2":"W\u00e4hlen Sie Ihr City Game und beginnen Sie noch heute mit dem Spielen!","section_1_cta":"Alle City Games anzeigen","intro_image":16454,"section_2_h2_all_city_games_in_city":"Alle City Games in Sevilla","section_3_h2_how_city_games_work_in_city":"Wie City Games in Sevilla funktionieren","section_3_text":"Der Einstieg ist einfach. W\u00e4hlen Sie Ihr City Game in Sevilla, buchen Sie Ihr Abenteuer und beginnen Sie zu spielen, wann es Ihnen passt. Alles, was Sie ben\u00f6tigen, wird Ihnen sofort nach der Buchung zugesandt: kein Guide, keine festen Startzeiten, nur Ihr Team und die Stadt.","section_3_usp_1":"1,5\u20132 Stunden Gameplay","section_3_usp_2":"Gehstrecke von 3\u20134 km durch die Stadt","section_3_usp_3":"Starten, Pausieren und Fortsetzen, wann immer Sie m\u00f6chten","section_3_usp_4":"1\u20134 oder 2\u20135 Personen pro Smartphone, abh\u00e4ngig von Ihrem Spiel","section_3_usp_5":"Unabh\u00e4ngig mit eigenem Ger\u00e4t spielen","section_3_usp_6":"Internetverbindung w\u00e4hrend des Spiels erforderlich","section_3_cta":"W\u00e4hlen Sie Ihre Stadt","section_3_step_1":"Schritt 1","section_3_step_1_title":"W\u00e4hlen Sie Ihre Stadt und Ihr City Game","section_3_step_1_text":"W\u00e4hlen Sie die Stadt aus, in der Sie spielen m\u00f6chten, und buchen Sie Ihr City Game online in nur wenigen Klicks.","section_3_step_2":"Schritt 2","section_3_step_2_title":"Erhalten Sie Ihre Spielanweisungen","section_3_step_2_text":"Nach der Buchung erhalten Sie sofort eine E-Mail mit allen Anweisungen und dem Zugriff auf das Spiel.","section_3_step_3":"Schritt 3","section_3_step_3_title":"Gehen Sie zum Startpunkt","section_3_step_3_text":"Gehen Sie zum Startpunkt in der Stadt, wann es Ihnen passt. Es gibt keine festen Startzeiten.","section_3_step_4":"Schritt 4","section_3_step_4_title":"Starten Sie Ihr City Game","section_3_step_4_text":"Folgen Sie den Hinweisen, l\u00f6sen Sie R\u00e4tsel und entdecken Sie die Stadt, w\u00e4hrend Sie entlang der Route unterhaltsame Herausforderungen meistern.","how_city_games_work_image":16455,"section_4_h2_who_are_city_games_in_city_for":"F\u00fcr wen sind City Games in Sevilla gedacht?","section_4_text":"City Games in Sevilla sind f\u00fcr jeden konzipiert, der die Stadt auf interaktive und flexible Weise erleben m\u00f6chte. Egal, ob Sie Sevilla zum ersten Mal besuchen oder die Stadt schon gut kennen, bieten City Games eine unterhaltsame Aktivit\u00e4t, die sich m\u00fchelos in Ihren Tag integrieren l\u00e4sst.","section_4_text_2":"City Games in Sevilla eignen sich f\u00fcr:","section_4_usp_1":"Allein spielende oder kleine Gruppen, die ein flexibles Abenteuer suchen","section_4_usp_2":"Touristen, die Sevilla erkunden","section_4_usp_3":"Freunde und Familien, die eine unterhaltsame Aktivit\u00e4t suchen","section_4_usp_4":"Unternehmen und Teams, die eine Teambuilding-Veranstaltung planen","section_4_usp_5":"Einheimische, die ihre eigene Stadt neu entdecken m\u00f6chten","section_4_cta":"Finde ein City Game in deiner Stadt","who_are_city_games_for_image":16456,"section_5_h2_exploring_city":"Sevilla erkunden","exploring_city_text":"Die Erkundung von Sevilla offenbart eine Stadt, in der Vergangenheit und Gegenwart in sonnendurchfluteten Stra\u00dfen und schattigen H\u00f6fen ineinander greifen. Der Stadtteil Santa Cruz, mit seinen engen Gassen und wei\u00df get\u00fcnchten H\u00e4usern, gew\u00e4hrt Einblicke in das mohrische und mittelalterliche Erbe der Stadt und schafft eine intime Atmosph\u00e4re, die zu gem\u00e4chlichem Umherwandern einl\u00e4dt. Wenn man durch diesen historischen Kern geht, scheinen die Ger\u00e4usche stiller Brunnen und entfernten Schritte Jahrhunderte geschichtlicher Schichten widerhallen. Ein \u00dcberqueren des Guadalquivir-Flusses in das Triana-Viertel ver\u00e4ndert Tempo und Charakter. Einst Heimat von T\u00f6pfern und Flamenco-K\u00fcnstlern spiegeln seine lebendigen Stra\u00dfen und belebten M\u00e4rkte eine tief verwurzelte lokale Identit\u00e4t wider. Der Fluss selbst pr\u00e4gt, wie die Stadt erlebt wird, und fungiert als physische und kulturelle Trennlinie, die Erkundung aus verschiedenen Perspektiven einl\u00e4dt.","exploring_city_image":16457,"section_6_h2_hosted_game":"Your favourite City Games, professionally hosted by our team","section_6_text":"Genie\u00dfen Sie dieselben City Games wie in unserer selbstgf\u00fchrten Version, jedoch mit vollst\u00e4ndiger Vor-Ort-Unterst\u00fctzung durch unsere professionellen Gastgeber. Wir k\u00fcmmern uns um das Briefing, Tablets, Koordination und technischen Support, damit Ihre Gruppe sich vollst\u00e4ndig auf Spa\u00df und Wettbewerb konzentrieren kann.","section_6_text_2":"What\u2019s included:","section_6_usp_1_title":"Same City Game, fully hosted","section_6_usp_1_text":"Sie spielen genau dasselbe City Game-Erlebnis wie unsere selbstgef\u00fchrte Version, jetzt mit Betreuung durch unsere Hosts.","section_6_usp_2_title":"Live ranking & prize ceremony","section_6_usp_2_text":"F\u00fcr gr\u00f6\u00dfere Gruppen geben unsere Hosts die Endergebnisse bekannt und k\u00fcndigen das Gewinnerteam mit einem unterhaltsamen Award-Moment an.","section_6_usp_3_title":"Hosted start & finish","section_6_usp_3_text":"Wir begr\u00fc\u00dfen Ihre Gruppe, erl\u00e4utern das Spiel klar und beenden mit einem spannenden Abschluss.","section_6_usp_4_title":"Real-time support during the game","section_6_usp_4_text":"Unser Team unterst\u00fctzt bei Ger\u00e4ten, App-Problemen und Koordination w\u00e4hrend der gesamten Erfahrung.","section_6_usp_5_title":"Tablets included (optional)","section_6_usp_5_text":"Verf\u00fcgbar f\u00fcr Gruppen, die unsere Ger\u00e4te statt eigener bevorzugen.","section_6_text_3":"Trusted by teams worldwide, from small groups to large corporate events.","section_6_cta":"Planen Sie Ihre Gruppenveranstaltung","section_7_h2_reviews":"Was andere von unseren City Games halten","section_7_cta_1":"Alle h\u00e4ufig gestellten Fragen anzeigen","section_7_cta_2":"Unterst\u00fctzung erhalten","section_8_h2_faq":"Haben Sie Fragen? Wir haben Antworten!","section_8_text":"Erkunden Sie St\u00e4dte auf unterhaltsame und interaktive Weise mit unseren City Games. L\u00f6sen Sie R\u00e4tsel, entdecken Sie versteckte Orte und entdecken Sie die Stadt, w\u00e4hrend Sie mit Freunden, Familie oder Kollegen spielen \u2013 wann immer es Ihnen passt.","section_8_cta_1":"Alle h\u00e4ufig gestellten Fragen anzeigen","section_8_cta_2":"Unterst\u00fctzung erhalten","section_8_question_1":"Was sind City Games in Sevilla?","section_8_answer_1":"City Games in Sevilla sind <strong>interaktive, selbstgef\u00fchrte Erlebnisse<\/strong>, die es Ihnen erm\u00f6glichen, die Stadt beim Spielen zu erkunden!\r\n\r\nMithilfe Ihres Smartphones l\u00f6sen Sie R\u00e4tsel, bew\u00e4ltigen Aufgaben und folgen der Geschichte Ihres gew\u00e4hlten City Game, w\u00e4hrend Sie durch die Stadt gehen.\r\n\r\nCity Games verbinden Teamarbeit, Probleml\u00f6sung und Outdoor-Erkundung und bieten so eine unterhaltsame Aktivit\u00e4t f\u00fcr Besucher, Einheimische und Gruppen gleicherma\u00dfen.","section_8_question_2":"Ben\u00f6tige ich eine F\u00fchrung, um ein City Game in Sevilla zu spielen?","section_8_answer_2":"<p class=\"kt-adv-heading2034_2420ea-ca wp-block-kadence-advancedheading\" data-kb-block=\"kb-adv-heading2034_2420ea-ca\">Nein, City Games in Sevilla sind <strong>vollst\u00e4ndig selbstgef\u00fchrt<\/strong>. Sie ben\u00f6tigen keinen Guide, Gastgeber oder Vor-Ort-Personal, um zu spielen. Alle Anweisungen und das Gameplay werden digital bereitgestellt, sodass Sie unabh\u00e4ngig mit Ihrem eigenen Smartphone starten und spielen k\u00f6nnen.<\/p>\r\nDiese Flexibilit\u00e4t macht City Games leicht in Ihren eigenen Zeitplan zu integrieren.\r\n<p class=\"kt-adv-heading2034_cd3db2-33 wp-block-kadence-advancedheading hls-none\" data-kb-block=\"kb-adv-heading2034_cd3db2-33\">F\u00fcr gr\u00f6\u00dfere Gruppen oder Firmenevents ist auch eine vollst\u00e4ndig betreute Version unserer City Games verf\u00fcgbar, einschlie\u00dflich Vor-Ort-Begleitung, Tablets und Live-Support.<\/p>\r\nPlanen Sie eine gr\u00f6\u00dfere Gruppe oder ein Firmenevent?","section_8_answer_2_cta":"Erkunden Sie die betreute City Game-Erfahrung f\u00fcr Gruppen","section_8_question_3":"Wann k\u00f6nnen wir mit dem Spielen eines City Game in Sevilla beginnen?","section_8_answer_3":"Sie k\u00f6nnen jederzeit mit dem Spielen beginnen <strong>wann es Ihnen passt<\/strong>! City Games in Sevilla haben keine festen Startzeiten, daher k\u00f6nnen Sie zu dem Zeitpunkt beginnen, der zu Ihren Pl\u00e4nen passt.\r\n\r\nNach der Buchung erhalten Sie klare Anweisungen, die erkl\u00e4ren, wie und wann Sie Ihr City Game starten k\u00f6nnen!","section_8_question_4":"Wie lange dauert ein City Game in Sevilla?","section_8_answer_4":"City Games in Sevilla dauern ca. <strong>1,5 bis 2 Stunden<\/strong> bis zum Abschluss! Die genaue Dauer h\u00e4ngt von Ihrem Tempo, der Anzahl der Pausen und davon ab, wie schnell Sie die R\u00e4tsel und Herausforderungen l\u00f6sen.\r\n\r\nSie k\u00f6nnen im eigenen Tempo spielen und das Spiel jederzeit pausieren.","section_8_question_5":"K\u00f6nnen wir ein City Game in Sevilla mit einer gro\u00dfen Gruppe spielen?","section_8_answer_5":"Ja, City Games sind sowohl f\u00fcr <strong>kleine Gruppen als auch gr\u00f6\u00dfere Teams<\/strong> geeignet. Gro\u00dfe Gruppen k\u00f6nnen leicht in kleinere Teams aufgeteilt werden und das City Game gleichzeitig spielen, wobei mehrere Smartphones genutzt werden. Jedes Team spielt unabh\u00e4ngig und verfolgt das gleiche Spielkonzept und dieselbe Geschichte.\r\nDiese Aufstellung eignet sich gut f\u00fcr Freundes- und Familiengruppen sowie Unternehmen und macht City Games zu einer beliebten Wahl f\u00fcr Team-Ausfl\u00fcge, Veranstaltungen und Teambuilding-Aktivit\u00e4ten.\r\n<p class=\"kt-adv-heading2034_7442e3-e3 wp-block-kadence-advancedheading hls-none\" data-kb-block=\"kb-adv-heading2034_7442e3-e3\">F\u00fcr gr\u00f6\u00dfere Gruppen oder Firmenevents ist auch eine vollst\u00e4ndig betreute Version unserer City Games verf\u00fcgbar, einschlie\u00dflich Vor-Ort-Begleitung, Tablets und Live-Support.<\/p>","section_8_answer_5_cta":"Erkunden Sie die betreute City Game-Erfahrung f\u00fcr Gruppen","section_8_question_6":"Sind City Games in Sevilla geeignet f\u00fcr Touristen und Einheimische?","section_8_answer_6":"Ja, City Games in Sevilla sind <strong>sowohl f\u00fcr Touristen als auch Einheimische<\/strong> geeignet. Besucher k\u00f6nnen die Stadt auf interaktive Weise erleben, w\u00e4hrend Einheimische vertraute Stra\u00dfen als Kulisse f\u00fcr ein City Game genie\u00dfen.\r\n\r\nDa sich jedes City Game auf Gameplay und Erz\u00e4hlung konzentriert, f\u00fchlt sich die Erfahrung frisch an, unabh\u00e4ngig davon, wie gut Sie die Stadt bereits kennen.","section_8_question_7":"Sind City Games in Sevilla in mehreren Sprachen erh\u00e4ltlich?","section_8_answer_7":"Ja, City Games in Sevilla sind <strong>in mehreren Sprachen erh\u00e4ltlich<\/strong>. Sie k\u00f6nnen Ihre bevorzugte Sprache vor oder w\u00e4hrend des Spiels ausw\u00e4hlen, wodurch City Games f\u00fcr internationale Besucher und Gruppen mit unterschiedlichen Sprachen zug\u00e4nglich werden.","section_8_question_8":"Was ben\u00f6tigen wir, um ein City Game in Sevilla zu spielen?","section_8_answer_8":"Um ein City Game in Sevilla zu spielen, ben\u00f6tigen Sie:","section_8_answer_8_usp_1":"Ein Smartphone mit Internetverbindung","section_8_answer_8_usp_2":"Eine geladene Batterie","section_8_answer_8_usp_3":"Bequeme Wanderschuhe","section_8_answer_8_2":"Alle Spielinhalte und Anweisungen werden nach der Buchung digital bereitgestellt.","section_9_h2_instagram":"Mehr auf Instagram sehen","section_9_text":"Reise-Inspiration, R\u00e4tsel, versteckte Juwelen & City Game-Momente, direkt aus unserer Community","section_9_cta":"Folgen Sie uns auf Instagram","section_10_h2_page_ending":"Bereit f\u00fcr ein unvergessliches Abenteuer in Sevilla?","section_10_text":"Erkunden Sie Sevilla auf einzigartige und interaktive Weise mit unseren City Games. Spielen Sie noch heute und schaffen Sie bleibende Erinnerungen!","section_10_cta":"Buchen Sie jetzt Ihr City Game","latitude":37.3857238,"longitude":-5.992264,"country":469,"map_enabled":true},"yoast_head":"<!-- This site is optimized with the Yoast SEO Premium plugin v26.2 (Yoast SEO v27.4) - https:\/\/yoast.com\/product\/yoast-seo-premium-wordpress\/ -->\n<title>City Game Sevilla - City Game<\/title>\n<meta name=\"robots\" content=\"index, follow, max-snippet:-1, max-image-preview:large, max-video-preview:-1\" \/>\n<link rel=\"canonical\" href=\"https:\/\/citygame.com\/de\/standorte\/city-game-spain\/city-game-sevilla\/\" \/>\n<meta property=\"og:locale\" content=\"de_DE\" \/>\n<meta property=\"og:type\" content=\"article\" \/>\n<meta property=\"og:title\" content=\"City Game Sevilla\" \/>\n<meta property=\"og:url\" content=\"https:\/\/citygame.com\/de\/standorte\/city-game-spain\/city-game-sevilla\/\" \/>\n<meta property=\"og:site_name\" content=\"City Game\" \/>\n<meta property=\"article:publisher\" content=\"https:\/\/www.facebook.com\/profile.php?id=100086426226253\" \/>\n<meta property=\"article:modified_time\" content=\"2026-04-26T15:17:21+00:00\" \/>\n<meta property=\"og:image\" content=\"https:\/\/citygame.com\/wp-content\/blogs.dir\/1\/files\/2026\/03\/seville-view-from-metropol-parasol.jpeg\" \/>\n\t<meta property=\"og:image:width\" content=\"1920\" \/>\n\t<meta property=\"og:image:height\" content=\"1280\" \/>\n\t<meta property=\"og:image:type\" content=\"image\/jpeg\" \/>\n<meta name=\"twitter:card\" content=\"summary_large_image\" \/>\n<script type=\"application\/ld+json\" class=\"yoast-schema-graph\">{\"@context\":\"https:\\\/\\\/schema.org\",\"@graph\":[{\"@type\":\"WebPage\",\"@id\":\"https:\\\/\\\/citygame.com\\\/de\\\/standorte\\\/city-game-spain\\\/city-game-sevilla\\\/\",\"url\":\"https:\\\/\\\/citygame.com\\\/de\\\/standorte\\\/city-game-spain\\\/city-game-sevilla\\\/\",\"name\":\"City Game Sevilla - City Game\",\"isPartOf\":{\"@id\":\"https:\\\/\\\/citygame.com\\\/de\\\/#website\"},\"primaryImageOfPage\":{\"@id\":\"https:\\\/\\\/citygame.com\\\/de\\\/standorte\\\/city-game-spain\\\/city-game-sevilla\\\/#primaryimage\"},\"image\":{\"@id\":\"https:\\\/\\\/citygame.com\\\/de\\\/standorte\\\/city-game-spain\\\/city-game-sevilla\\\/#primaryimage\"},\"thumbnailUrl\":\"https:\\\/\\\/citygame.com\\\/wp-content\\\/blogs.dir\\\/1\\\/files\\\/2026\\\/03\\\/seville-view-from-metropol-parasol.jpeg\",\"datePublished\":\"2026-02-05T08:20:47+00:00\",\"dateModified\":\"2026-04-26T15:17:21+00:00\",\"breadcrumb\":{\"@id\":\"https:\\\/\\\/citygame.com\\\/de\\\/standorte\\\/city-game-spain\\\/city-game-sevilla\\\/#breadcrumb\"},\"inLanguage\":\"de\",\"potentialAction\":[{\"@type\":\"ReadAction\",\"target\":[\"https:\\\/\\\/citygame.com\\\/de\\\/standorte\\\/city-game-spain\\\/city-game-sevilla\\\/\"]}]},{\"@type\":\"ImageObject\",\"inLanguage\":\"de\",\"@id\":\"https:\\\/\\\/citygame.com\\\/de\\\/standorte\\\/city-game-spain\\\/city-game-sevilla\\\/#primaryimage\",\"url\":\"https:\\\/\\\/citygame.com\\\/wp-content\\\/blogs.dir\\\/1\\\/files\\\/2026\\\/03\\\/seville-view-from-metropol-parasol.jpeg\",\"contentUrl\":\"https:\\\/\\\/citygame.com\\\/wp-content\\\/blogs.dir\\\/1\\\/files\\\/2026\\\/03\\\/seville-view-from-metropol-parasol.jpeg\",\"width\":1920,\"height\":1280,\"caption\":\"The modern architectural structure of the Metropol Parasol overlooks the historic cityscape of Seville, Spain.\"},{\"@type\":\"BreadcrumbList\",\"@id\":\"https:\\\/\\\/citygame.com\\\/de\\\/standorte\\\/city-game-spain\\\/city-game-sevilla\\\/#breadcrumb\",\"itemListElement\":[{\"@type\":\"ListItem\",\"position\":1,\"name\":\"Home\",\"item\":\"https:\\\/\\\/citygame.com\\\/de\\\/\"},{\"@type\":\"ListItem\",\"position\":2,\"name\":\"Locations\",\"item\":\"https:\\\/\\\/citygame.com\\\/de\\\/?page_id=1598\"},{\"@type\":\"ListItem\",\"position\":3,\"name\":\"City Game Spain\",\"item\":\"https:\\\/\\\/citygame.com\\\/de\\\/locations\\\/spain\\\/\"},{\"@type\":\"ListItem\",\"position\":4,\"name\":\"City Game Sevilla\"}]},{\"@type\":\"WebSite\",\"@id\":\"https:\\\/\\\/citygame.com\\\/de\\\/#website\",\"url\":\"https:\\\/\\\/citygame.com\\\/de\\\/\",\"name\":\"City Game\",\"description\":\"\",\"publisher\":{\"@id\":\"https:\\\/\\\/citygame.com\\\/de\\\/#organization\"},\"alternateName\":\"citygame.com\",\"potentialAction\":[{\"@type\":\"SearchAction\",\"target\":{\"@type\":\"EntryPoint\",\"urlTemplate\":\"https:\\\/\\\/citygame.com\\\/de\\\/?s={search_term_string}\"},\"query-input\":{\"@type\":\"PropertyValueSpecification\",\"valueRequired\":true,\"valueName\":\"search_term_string\"}}],\"inLanguage\":\"de\"},{\"@type\":\"Organization\",\"@id\":\"https:\\\/\\\/citygame.com\\\/de\\\/#organization\",\"name\":\"City Game\",\"alternateName\":\"citygame.com\",\"url\":\"https:\\\/\\\/citygame.com\\\/de\\\/\",\"logo\":{\"@type\":\"ImageObject\",\"inLanguage\":\"de\",\"@id\":\"https:\\\/\\\/citygame.com\\\/de\\\/#\\\/schema\\\/logo\\\/image\\\/\",\"url\":\"https:\\\/\\\/citygame.com\\\/wp-content\\\/blogs.dir\\\/1\\\/files\\\/2025\\\/10\\\/CG_LOGO-City-Game.png\",\"contentUrl\":\"https:\\\/\\\/citygame.com\\\/wp-content\\\/blogs.dir\\\/1\\\/files\\\/2025\\\/10\\\/CG_LOGO-City-Game.png\",\"width\":351,\"height\":377,\"caption\":\"City Game\"},\"image\":{\"@id\":\"https:\\\/\\\/citygame.com\\\/de\\\/#\\\/schema\\\/logo\\\/image\\\/\"},\"sameAs\":[\"https:\\\/\\\/www.facebook.com\\\/profile.php?id=100086426226253\",\"https:\\\/\\\/www.instagram.com\\\/citygame_com\",\"https:\\\/\\\/www.tiktok.com\\\/@citygamecom\\\/\",\"https:\\\/\\\/www.linkedin.com\\\/company\\\/citygame-com\"],\"description\":\"Turn any city into a playground with our interactive City Games and self-guided tours. Fun, flexible, and ideal for groups and team building.\"}]}<\/script>\n<!-- \/ Yoast SEO Premium plugin. -->","yoast_head_json":{"title":"City Game Sevilla - City Game","robots":{"index":"index","follow":"follow","max-snippet":"max-snippet:-1","max-image-preview":"max-image-preview:large","max-video-preview":"max-video-preview:-1"},"canonical":"https:\/\/citygame.com\/de\/standorte\/city-game-spain\/city-game-sevilla\/","og_locale":"de_DE","og_type":"article","og_title":"City Game Sevilla","og_url":"https:\/\/citygame.com\/de\/standorte\/city-game-spain\/city-game-sevilla\/","og_site_name":"City Game","article_publisher":"https:\/\/www.facebook.com\/profile.php?id=100086426226253","article_modified_time":"2026-04-26T15:17:21+00:00","og_image":[{"width":1920,"height":1280,"url":"https:\/\/citygame.com\/wp-content\/blogs.dir\/1\/files\/2026\/03\/seville-view-from-metropol-parasol.jpeg","type":"image\/jpeg"}],"twitter_card":"summary_large_image","schema":{"@context":"https:\/\/schema.org","@graph":[{"@type":"WebPage","@id":"https:\/\/citygame.com\/de\/standorte\/city-game-spain\/city-game-sevilla\/","url":"https:\/\/citygame.com\/de\/standorte\/city-game-spain\/city-game-sevilla\/","name":"City Game Sevilla - City Game","isPartOf":{"@id":"https:\/\/citygame.com\/de\/#website"},"primaryImageOfPage":{"@id":"https:\/\/citygame.com\/de\/standorte\/city-game-spain\/city-game-sevilla\/#primaryimage"},"image":{"@id":"https:\/\/citygame.com\/de\/standorte\/city-game-spain\/city-game-sevilla\/#primaryimage"},"thumbnailUrl":"https:\/\/citygame.com\/wp-content\/blogs.dir\/1\/files\/2026\/03\/seville-view-from-metropol-parasol.jpeg","datePublished":"2026-02-05T08:20:47+00:00","dateModified":"2026-04-26T15:17:21+00:00","breadcrumb":{"@id":"https:\/\/citygame.com\/de\/standorte\/city-game-spain\/city-game-sevilla\/#breadcrumb"},"inLanguage":"de","potentialAction":[{"@type":"ReadAction","target":["https:\/\/citygame.com\/de\/standorte\/city-game-spain\/city-game-sevilla\/"]}]},{"@type":"ImageObject","inLanguage":"de","@id":"https:\/\/citygame.com\/de\/standorte\/city-game-spain\/city-game-sevilla\/#primaryimage","url":"https:\/\/citygame.com\/wp-content\/blogs.dir\/1\/files\/2026\/03\/seville-view-from-metropol-parasol.jpeg","contentUrl":"https:\/\/citygame.com\/wp-content\/blogs.dir\/1\/files\/2026\/03\/seville-view-from-metropol-parasol.jpeg","width":1920,"height":1280,"caption":"The modern architectural structure of the Metropol Parasol overlooks the historic cityscape of Seville, Spain."},{"@type":"BreadcrumbList","@id":"https:\/\/citygame.com\/de\/standorte\/city-game-spain\/city-game-sevilla\/#breadcrumb","itemListElement":[{"@type":"ListItem","position":1,"name":"Home","item":"https:\/\/citygame.com\/de\/"},{"@type":"ListItem","position":2,"name":"Locations","item":"https:\/\/citygame.com\/de\/?page_id=1598"},{"@type":"ListItem","position":3,"name":"City Game Spain","item":"https:\/\/citygame.com\/de\/locations\/spain\/"},{"@type":"ListItem","position":4,"name":"City Game Sevilla"}]},{"@type":"WebSite","@id":"https:\/\/citygame.com\/de\/#website","url":"https:\/\/citygame.com\/de\/","name":"City Game","description":"","publisher":{"@id":"https:\/\/citygame.com\/de\/#organization"},"alternateName":"citygame.com","potentialAction":[{"@type":"SearchAction","target":{"@type":"EntryPoint","urlTemplate":"https:\/\/citygame.com\/de\/?s={search_term_string}"},"query-input":{"@type":"PropertyValueSpecification","valueRequired":true,"valueName":"search_term_string"}}],"inLanguage":"de"},{"@type":"Organization","@id":"https:\/\/citygame.com\/de\/#organization","name":"City Game","alternateName":"citygame.com","url":"https:\/\/citygame.com\/de\/","logo":{"@type":"ImageObject","inLanguage":"de","@id":"https:\/\/citygame.com\/de\/#\/schema\/logo\/image\/","url":"https:\/\/citygame.com\/wp-content\/blogs.dir\/1\/files\/2025\/10\/CG_LOGO-City-Game.png","contentUrl":"https:\/\/citygame.com\/wp-content\/blogs.dir\/1\/files\/2025\/10\/CG_LOGO-City-Game.png","width":351,"height":377,"caption":"City Game"},"image":{"@id":"https:\/\/citygame.com\/de\/#\/schema\/logo\/image\/"},"sameAs":["https:\/\/www.facebook.com\/profile.php?id=100086426226253","https:\/\/www.instagram.com\/citygame_com","https:\/\/www.tiktok.com\/@citygamecom\/","https:\/\/www.linkedin.com\/company\/citygame-com"],"description":"Turn any city into a playground with our interactive City Games and self-guided tours. Fun, flexible, and ideal for groups and team building."}]}},"taxonomy_info":{"cities-only-parent-location":[{"value":469,"label":"Spain"}],"cg_page_type":[{"value":45,"label":"City overview page"}]},"featured_image_src_large":["https:\/\/citygame.com\/wp-content\/blogs.dir\/1\/files\/2026\/03\/seville-view-from-metropol-parasol-1024x683.jpeg",1024,683,true],"author_info":{"display_name":"Philip","author_link":"https:\/\/citygame.com\/de\/blog\/author\/sophi2\/"},"comment_info":0,"wpml_current_locale":"de_DE","wpml_translations":{"nl_NL":{"locale":"nl_NL","id":228837,"slug":"city-game-sevilla","post_title":"City Game Sevilla","href":"https:\/\/citygame.com\/nl\/locaties\/city-game-spanje\/city-game-sevilla\/"},"en_US":{"locale":"en_US","id":10541,"slug":"city-game-seville","post_title":"City Game Seville","href":"https:\/\/citygame.com\/locations\/spain\/city-game-seville\/"},"fr_FR":{"locale":"fr_FR","id":228931,"slug":"city-game-seville-2","post_title":"City Game S\u00e9ville","href":"https:\/\/citygame.com\/fr\/emplacements\/city-game-espagne\/city-game-seville-2\/"},"de_DE":{"locale":"de_DE","translation":"current"},"it_IT":{"locale":"it_IT","id":228938,"slug":"city-game-siviglia","post_title":"City Game Siviglia","href":"https:\/\/citygame.com\/it\/luoghi\/city-game-spagna\/city-game-siviglia\/"},"es_ES":{"locale":"es_ES","id":228925,"slug":"city-game-sevilla","post_title":"City Game Sevilla","href":"https:\/\/citygame.com\/es\/localizaciones\/city-game-espana\/city-game-sevilla\/"}},"_links":{"self":[{"href":"https:\/\/citygame.com\/de\/wp-json\/wp\/v2\/pages\/228916","targetHints":{"allow":["GET"]}}],"collection":[{"href":"https:\/\/citygame.com\/de\/wp-json\/wp\/v2\/pages"}],"about":[{"href":"https:\/\/citygame.com\/de\/wp-json\/wp\/v2\/types\/page"}],"author":[{"embeddable":true,"href":"https:\/\/citygame.com\/de\/wp-json\/wp\/v2\/users\/78"}],"replies":[{"embeddable":true,"href":"https:\/\/citygame.com\/de\/wp-json\/wp\/v2\/comments?post=228916"}],"version-history":[{"count":0,"href":"https:\/\/citygame.com\/de\/wp-json\/wp\/v2\/pages\/228916\/revisions"}],"up":[{"embeddable":true,"href":"https:\/\/citygame.com\/de\/wp-json\/wp\/v2\/pages\/226904"}],"acf:term":[{"embeddable":true,"taxonomy":"cities-only-parent-location","href":"https:\/\/citygame.com\/de\/wp-json\/wp\/v2\/cities-only-parent-location\/469"},{"embeddable":true,"taxonomy":"location","href":"https:\/\/citygame.com\/de\/wp-json\/wp\/v2\/location\/368"}],"wp:featuredmedia":[{"embeddable":true,"href":"https:\/\/citygame.com\/de\/wp-json\/wp\/v2\/media\/16453"}],"wp:attachment":[{"href":"https:\/\/citygame.com\/de\/wp-json\/wp\/v2\/media?parent=228916"}],"wp:term":[{"taxonomy":"cities-only-parent-location","embeddable":true,"href":"https:\/\/citygame.com\/de\/wp-json\/wp\/v2\/cities-only-parent-location?post=228916"},{"taxonomy":"countries-only-parent-locations","embeddable":true,"href":"https:\/\/citygame.com\/de\/wp-json\/wp\/v2\/countries-only-parent-locations?post=228916"},{"taxonomy":"seo_keyword","embeddable":true,"href":"https:\/\/citygame.com\/de\/wp-json\/wp\/v2\/seo_keyword?post=228916"},{"taxonomy":"cg_page_type","embeddable":true,"href":"https:\/\/citygame.com\/de\/wp-json\/wp\/v2\/cg_page_type?post=228916"}],"curies":[{"name":"wp","href":"https:\/\/api.w.org\/{rel}","templated":true}]}}