{"id":228989,"date":"2026-01-30T17:20:28","date_gmt":"2026-01-30T17:20:28","guid":{"rendered":"https:\/\/citygame.com\/locations\/france\/city-game-calvi-2\/"},"modified":"2026-04-26T15:43:25","modified_gmt":"2026-04-26T15:43:25","slug":"city-game-calvi-2","status":"publish","type":"page","link":"https:\/\/citygame.com\/de\/standorte\/city-game-france\/city-game-calvi-2\/","title":{"rendered":"City Game Calvi"},"content":{"rendered":"","protected":false},"excerpt":{"rendered":"","protected":false},"author":78,"featured_media":9314,"parent":225785,"menu_order":0,"comment_status":"closed","ping_status":"closed","template":"","meta":{"_acf_changed":false,"_yoast_wpseo_focuskw":"City Game Calvi","_yoast_wpseo_metadesc":"","_kad_blocks_custom_css":"","_kad_blocks_head_custom_js":"","_kad_blocks_body_custom_js":"","_kad_blocks_footer_custom_js":"","_kad_post_transparent":"","_kad_post_title":"","_kad_post_layout":"","_kad_post_sidebar_id":"","_kad_post_content_style":"","_kad_post_vertical_padding":"","_kad_post_feature":"","_kad_post_feature_position":"","_kad_post_header":false,"_kad_post_footer":false,"_kad_post_classname":"","footnotes":""},"cities-only-parent-location":[470],"countries-only-parent-locations":[],"seo_keyword":[],"cg_page_type":[45],"class_list":["post-228989","page","type-page","status-publish","has-post-thumbnail","hentry","cities-only-parent-location-france","cg_page_type-city-overview-page"],"acf":{"city_name":"Calvi","select_city":113,"section_1_h2_city_games_in_city":"City Games in Calvi","intro_text":"City Games sind in Calvi verf\u00fcgbar und bieten eine einzigartige M\u00f6glichkeit, die Stadt zu erleben. Durch interaktives Gameplay auf Ihrem Smartphone l\u00f6sen Sie R\u00e4tsel und Herausforderungen, w\u00e4hrend Sie sich unabh\u00e4ngig in der Umgebung bewegen. Dieses selbstgesteuerte Format erm\u00f6glicht es Ihnen, Calvi in Ihrem eigenen Tempo durch immersive, standortbasierte Aufgaben zu erkunden.","section_1_usp_1":"Start, Pause & Fortsetzen, wann immer Sie m\u00f6chten","section_1_usp_2":"Unabh\u00e4ngig spielen","section_1_usp_3":"1\u20134 oder 2\u20135 Personen pro Smartphone, je nach Ihrem Spiel","section_1_usp_4":"1,5\u20132 Stunden Spielzeit","section_1_usp_5":"3\u20134 km Gehdistanz","section_1_usp_6":"Internetverbindung erforderlich","section_1_text_2":"W\u00e4hlen Sie Ihr City Game und beginnen Sie heute mit dem Spielen!","section_1_cta":"Alle City Games anzeigen","intro_image":9316,"section_2_h2_all_city_games_in_city":"Alle City Games in Calvi","section_3_h2_how_city_games_work_in_city":"Wie City Games in Calvi funktionieren","section_3_text":"Der Einstieg ist einfach. W\u00e4hlen Sie Ihr City Game in Calvi, buchen Sie Ihr Abenteuer und beginnen Sie zu spielen, wann es Ihnen passt. Alles, was Sie ben\u00f6tigen, wird Ihnen sofort nach der Buchung zugesandt: kein Guide, keine festen Startzeiten, nur Ihr Team und die Stadt.","section_3_usp_1":"1,5\u20132 Stunden Spielzeit","section_3_usp_2":"3\u20134 km Gehdistanz durch die Stadt","section_3_usp_3":"Start, Pause und Fortsetzen, wann immer Sie m\u00f6chten","section_3_usp_4":"1\u20134 oder 2\u20135 Personen pro Smartphone, je nach Ihrem Spiel","section_3_usp_5":"Unabh\u00e4ngig mit Ihrem eigenen Ger\u00e4t spielen","section_3_usp_6":"Internetverbindung w\u00e4hrend des Spiels erforderlich","section_3_cta":"W\u00e4hlen Sie Ihre Stadt","section_3_step_1":"Schritt 1","section_3_step_1_title":"W\u00e4hlen Sie Ihre Stadt und Ihr City Game","section_3_step_1_text":"W\u00e4hlen Sie die Stadt, in der Sie spielen m\u00f6chten, und buchen Sie Ihr City Game online in nur wenigen Klicks.","section_3_step_2":"Schritt 2","section_3_step_2_title":"Erhalten Sie Ihre Spielanweisungen","section_3_step_2_text":"Nach der Buchung erhalten Sie sofort eine E-Mail mit allen Anweisungen und dem Zugriff auf das Spiel.","section_3_step_3":"Schritt 3","section_3_step_3_title":"Gehen Sie zum Startort","section_3_step_3_text":"Begeben Sie sich zum Startpunkt in der Stadt, wann es Ihnen passt. Es gibt keine festen Startzeiten.","section_3_step_4":"Schritt 4","section_3_step_4_title":"Starten Sie Ihr City Game","section_3_step_4_text":"Folgen Sie den Hinweisen, l\u00f6sen Sie R\u00e4tsel und entdecken Sie die Stadt, w\u00e4hrend Sie entlang der Route unterhaltsame Aufgaben bew\u00e4ltigen.","how_city_games_work_image":9322,"section_4_h2_who_are_city_games_in_city_for":"F\u00fcr wen sind City Games in Calvi geeignet?","section_4_text":"City Games in Calvi sind f\u00fcr jeden konzipiert, der die Stadt interaktiv und flexibel erleben m\u00f6chte. Egal, ob Sie Calvi zum ersten Mal besuchen oder die Stadt bereits gut kennen, City Games bieten eine unterhaltsame Aktivit\u00e4t, die sich leicht in Ihren Tag integrieren l\u00e4sst.","section_4_text_2":"City Games in Calvi eignen sich f\u00fcr:","section_4_usp_1":"Alleinspielende oder kleine Gruppen auf der Suche nach einem flexiblen Abenteuer","section_4_usp_2":"Touristen, die Calvi erkunden","section_4_usp_3":"Freunde und Familien, die eine lustige Aktivit\u00e4t suchen","section_4_usp_4":"Unternehmen und Teams, die eine Teambuilding-Veranstaltung planen","section_4_usp_5":"Einwohner, die ihre eigene Stadt neu entdecken m\u00f6chten","section_4_cta":"Finden Sie ein City Game in Ihrer Stadt","who_are_city_games_for_image":9326,"section_5_h2_exploring_city":"Calvi erkunden","exploring_city_text":"Calvi zu erkunden bedeutet, sich durch enge, absch\u00fcssige Stra\u00dfen zu schl\u00e4ngeln, in denen das Meer nie weit entfernt ist. Das Zentrum der Stadt ist ihre Zitadelle, eine Festung aus dem 15. Jahrhundert, hoch \u00fcber dem Yachthafen gelegen, die sowohl eine dramatische Silhouette als auch weite Aussichten bietet. Unten verbindet der Hafenbereich lebhafte Caf\u00e9s mit k\u00fcstennahem Gleichmut, wo Boote leise gegen das tiefe Blau des Mittelmeers schaukeln.\n\nDie Altstadt tr\u00e4gt einen deutlichen korsischen Charakter, mit abgewitterten Steinfassaden, schattigen Durchg\u00e4ngen und dem Duft von Maquis-Kr\u00e4utern, der mit dem Wind treiben. Beim Spaziergang ins Landesinnere ist der \u00dcbergang von k\u00fcstennaher Helligkeit zum ruhigen, historischen Kern allm\u00e4hlich und fesselnd. Jede Kurve offenbart eine vielschichtige Mischung franz\u00f6sischer und italienischer Einfl\u00fcsse, geformt durch die Geschichte ebenso wie durch das raue Terrain der Insel.","exploring_city_image":9331,"section_6_h2_hosted_game":"Ihre Lieblings-City Games, professionell von unserem Team betreut","section_6_text":"Genie\u00dfen Sie dieselben City Games wie in unserer selbstgef\u00fchrten Version, jedoch mit vollst\u00e4ndiger Vor-Ort-Unterst\u00fctzung durch unsere professionellen Hosts. Wir k\u00fcmmern uns um Briefing, Tablets, Koordination und technischen Support, damit Ihre Gruppe sich ganz auf den Spa\u00df und den Wettbewerb konzentrieren kann.","section_6_text_2":"Inklusive:","section_6_usp_1_title":"Dasselbe City Game, vollst\u00e4ndig gehostet","section_6_usp_1_text":"Sie spielen das exakt gleiche Erlebnis wie unsere selbstgef\u00fchrte Version, jetzt mit unseren Hosts, die Ihre Gruppe anleiten.","section_6_usp_2_title":"Live-Rangliste & Preisverleihung","section_6_usp_2_text":"F\u00fcr gr\u00f6\u00dfere Gruppen geben unsere Hosts die Endergebnisse bekannt und k\u00fcndigen das siegreiche Team mit einem unterhaltsamen Preisverleihungsmoment an.","section_6_usp_3_title":"Gehosteter Start & Abschluss","section_6_usp_3_text":"Wir hei\u00dfen Ihre Gruppe willkommen, erkl\u00e4ren das Spiel deutlich und beenden es mit einem spannenden Abschluss.","section_6_usp_4_title":"Unterst\u00fctzung in Echtzeit w\u00e4hrend des Spiels","section_6_usp_4_text":"Unser Team unterst\u00fctzt bei Ger\u00e4ten, App-Problemen und Koordination w\u00e4hrend des gesamten Erlebnisses.","section_6_usp_5_title":"Tablets inklusive (optional)","section_6_usp_5_text":"Verf\u00fcgbar f\u00fcr Gruppen, die unsere Ger\u00e4te statt eigener verwenden m\u00f6chten.","section_6_text_3":"Weltweit von Teams gesch\u00e4tzt, von kleinen Gruppen bis hin zu gro\u00dfen Firmenevents.","section_6_cta":"Planen Sie Ihre Gruppenveranstaltung","section_7_h2_reviews":"Was andere \u00fcber unsere City Games denken","section_7_cta_1":"Alle h\u00e4ufig gestellten Fragen anzeigen","section_7_cta_2":"Hilfe erhalten","section_8_h2_faq":"Haben Sie Fragen? Wir haben Antworten!","section_8_text":"Erkunden Sie St\u00e4dte auf eine unterhaltsame und interaktive Weise mit unseren City Games. L\u00f6sen Sie R\u00e4tsel, entdecken Sie versteckte Orte und erkunden Sie die Stadt, w\u00e4hrend Sie mit Freunden, Familie oder Kollegen spielen \u2013 wann immer es Ihnen passt.","section_8_cta_1":"Alle h\u00e4ufig gestellten Fragen anzeigen","section_8_cta_2":"Hilfe erhalten","section_8_question_1":"Was sind City Games in Calvi?","section_8_answer_1":"City Games in Calvi sind <strong>interaktive, selbstgef\u00fchrte Erfahrungen<\/strong>, die es Ihnen erm\u00f6glichen, die Stadt beim Spielen eines Spiels zu erkunden!rnrnMit Ihrem Smartphone l\u00f6sen Sie R\u00e4tsel, bew\u00e4ltigen Herausforderungen und verfolgen die Handlung Ihres gew\u00e4hlten City Game, w\u00e4hrend Sie durch die Stadt gehen.rnrnCity Games verbinden Teamwork, Probleml\u00f6sung und Outdoor-Erkundung und bieten Besuchern, Einheimischen und Gruppen gleicherma\u00dfen eine unterhaltsame Aktivit\u00e4t.","section_8_question_2":"Brauche ich eine F\u00fchrung, um ein City Game in Calvi zu spielen?","section_8_answer_2":"<p class=\"kt-adv-heading2034_2420ea-ca wp-block-kadence-advancedheading\" data-kb-block=\"kb-adv-heading2034_2420ea-ca\">Nein, City Games in Calvi sind <strong>vollst\u00e4ndig selbstgef\u00fchrt<\/strong>. Sie ben\u00f6tigen keinen Guide, Host oder vor Ort stehendes Personal, um zu spielen. Alle Anweisungen und Gameplay werden digital bereitgestellt, sodass Sie eigenst\u00e4ndig mit Ihrem eigenen Smartphone starten und spielen k\u00f6nnen.<\/p>rnDieser Flexibilit\u00e4t macht City Games leicht, sich in Ihren eigenen Zeitplan zu integrieren.rn<p class=\"kt-adv-heading2034_cd3db2-33 wp-block-kadence-advancedheading hls-none\" data-kb-block=\"kb-adv-heading2034_cd3db2-33\">F\u00fcr gr\u00f6\u00dfere Gruppen oder Firmenveranstaltungen ist auch eine vollst\u00e4ndig gehostete Version unserer City Games verf\u00fcgbar, einschlie\u00dflich Vor-Ort-Anleitung, Tablets und Live-Support.<\/p>rnPlanen Sie eine gr\u00f6\u00dfere Gruppe oder Firmenveranstaltung?","section_8_answer_2_cta":"Erkunden Sie das gehostete City Game-Erlebnis f\u00fcr Gruppen","section_8_question_3":"Wann k\u00f6nnen wir mit einem City Game in Calvi beginnen?","section_8_answer_3":"Sie k\u00f6nnen spielen, wann es Ihnen passt! City Games in Calvi haben keine festen Startzeiten, Sie k\u00f6nnen also jederzeit beginnen, der zu Ihren Pl\u00e4nen passt.rnrnNach der Buchung erhalten Sie klare Anweisungen, die erkl\u00e4ren, wie und wann Sie Ihr City Game starten k\u00f6nnen!","section_8_question_4":"Wie lange dauert ein City Game in Calvi?","section_8_answer_4":"Die City Games in Calvi dauern ca. <strong>1,5 bis 2 Stunden<\/strong>, bis sie abgeschlossen sind! Die genaue Dauer h\u00e4ngt von Ihrem Tempo, der Anzahl der Pausen und davon ab, wie schnell Sie die R\u00e4tsel und Herausforderungen l\u00f6sen.rnrnSie k\u00f6nnen im eigenen Tempo spielen und das Spiel jederzeit pausieren!","section_8_question_5":"K\u00f6nnen wir ein City Game in Calvi mit einer gro\u00dfen Gruppe spielen?","section_8_answer_5":"<p class=\"kt-adv-heading2034_97743b-76 wp-block-kadence-advancedheading\" data-kb-block=\"kb-adv-heading2034_97743b-76\">Ja, City Games eignen sich sowohl f\u00fcr <strong>kleine Gruppen als auch gr\u00f6\u00dfere Teams<\/strong>. Gro\u00dfe Gruppen k\u00f6nnen sich leicht in kleinere Teams aufteilen und das City Game gleichzeitig spielen, jeweils mit mehreren Smartphones. Jedes Team spielt eigenst\u00e4ndig und folgt dem gleichen Spielkonzept und der gleichen Handlung.<\/p>rnDieses Setup eignet sich gut f\u00fcr Gruppen von Freunden, Familien und Unternehmen und macht City Games zu einer beliebten Wahl f\u00fcr Teamausfl\u00fcge, Veranstaltungen und Teambuilding-Aktivit\u00e4ten.rn<p class=\"kt-adv-heading2034_7442e3-e3 wp-block-kadence-advancedheading hls-none\" data-kb-block=\"kb-adv-heading2034_7442e3-e3\">F\u00fcr gr\u00f6\u00dfere Gruppen oder Firmenveranstaltungen ist auch eine vollst\u00e4ndig gehostete Version unserer City Games verf\u00fcgbar, einschlie\u00dflich Vor-Ort-Anleitung, Tablets und Live-Support.<\/p>rnPlanen Sie eine gr\u00f6\u00dfere Gruppe oder Firmenveranstaltung?","section_8_answer_5_cta":"Erkunden Sie das gehostete City Game-Erlebnis f\u00fcr Gruppen","section_8_question_6":"Sind City Games in Calvi geeignet f\u00fcr Touristen und Einheimische?","section_8_answer_6":"Ja, City Games in Calvi eignen sich f\u00fcr <strong>beide \u2013 Touristen und Einheimische<\/strong>. Besucher k\u00f6nnen die Stadt interaktiv erleben, w\u00e4hrend Einheimische vertraute Stra\u00dfen als Schauplatz eines City Game genie\u00dfen k\u00f6nnen.rnrnDa sich jedes City Game auf Gameplay und Geschichtenerz\u00e4hlung konzentriert, wirkt das Erlebnis frisch, unabh\u00e4ngig davon, wie gut Sie die Stadt bereits kennen.","section_8_question_7":"Sind City Games in Calvi in mehreren Sprachen erh\u00e4ltlich?","section_8_answer_7":"Ja, City Games in Calvi sind <strong>in mehreren Sprachen erh\u00e4ltlich<\/strong>. Sie k\u00f6nnen Ihre bevorzugte Sprache vor oder w\u00e4hrend des Spiels ausw\u00e4hlen, wodurch City Games international f\u00fcr Besucher und Gruppen mit gemischten Sprachen zug\u00e4nglich gemacht werden.","section_8_question_8":"Was brauchen wir, um ein City Game in Calvi zu spielen?","section_8_answer_8":"Um ein City Game in Calvi zu spielen, ben\u00f6tigen Sie:","section_8_answer_8_usp_1":"Ein Smartphone mit Internetverbindung","section_8_answer_8_usp_2":"Eine aufgeladene Batterie","section_8_answer_8_usp_3":"Bequeme Wanderschuhe","section_8_answer_8_2":"Alle Spielinhalte und Anweisungen werden nach der Buchung digital bereitgestellt.","section_9_h2_instagram":"Mehr auf Instagram sehen","section_9_text":"Reiseinspiration, R\u00e4tsel, verborgene Sch\u00e4tze & City Game-Momente \u2013 direkt aus unserer Community","section_9_cta":"Folgen Sie uns auf Instagram","section_10_h2_page_ending":"Bereit f\u00fcr ein unvergessliches Abenteuer in Calvi?","section_10_text":"Erkunden Sie Calvi auf eine einzigartige und interaktive Weise mit unseren City Games. Spielen Sie noch heute und schaffen Sie bleibende Erinnerungen!","section_10_cta":"Jetzt Ihr City Game buchen","latitude":42.5075929,"longitude":8.8560617,"country":470,"map_enabled":true},"yoast_head":"<!-- This site is optimized with the Yoast SEO Premium plugin v26.2 (Yoast SEO v27.4) - https:\/\/yoast.com\/product\/yoast-seo-premium-wordpress\/ -->\n<title>City Game Calvi - City Game<\/title>\n<meta name=\"robots\" content=\"index, follow, max-snippet:-1, max-image-preview:large, max-video-preview:-1\" \/>\n<link rel=\"canonical\" href=\"https:\/\/citygame.com\/de\/standorte\/city-game-france\/city-game-calvi-2\/\" \/>\n<meta property=\"og:locale\" content=\"de_DE\" \/>\n<meta property=\"og:type\" content=\"article\" \/>\n<meta property=\"og:title\" content=\"City Game Calvi\" \/>\n<meta property=\"og:url\" content=\"https:\/\/citygame.com\/de\/standorte\/city-game-france\/city-game-calvi-2\/\" \/>\n<meta property=\"og:site_name\" content=\"City Game\" \/>\n<meta property=\"article:publisher\" content=\"https:\/\/www.facebook.com\/profile.php?id=100086426226253\" \/>\n<meta property=\"article:modified_time\" content=\"2026-04-26T15:43:25+00:00\" \/>\n<meta property=\"og:image\" content=\"https:\/\/citygame.com\/wp-content\/blogs.dir\/1\/files\/2026\/01\/calvi-citadel-view-from-harbor.jpg\" \/>\n\t<meta property=\"og:image:width\" content=\"1376\" \/>\n\t<meta property=\"og:image:height\" content=\"768\" \/>\n\t<meta property=\"og:image:type\" content=\"image\/jpeg\" \/>\n<meta name=\"twitter:card\" content=\"summary_large_image\" \/>\n<script type=\"application\/ld+json\" class=\"yoast-schema-graph\">{\"@context\":\"https:\\\/\\\/schema.org\",\"@graph\":[{\"@type\":\"WebPage\",\"@id\":\"https:\\\/\\\/citygame.com\\\/de\\\/standorte\\\/city-game-france\\\/city-game-calvi-2\\\/\",\"url\":\"https:\\\/\\\/citygame.com\\\/de\\\/standorte\\\/city-game-france\\\/city-game-calvi-2\\\/\",\"name\":\"City Game Calvi - City Game\",\"isPartOf\":{\"@id\":\"https:\\\/\\\/citygame.com\\\/de\\\/#website\"},\"primaryImageOfPage\":{\"@id\":\"https:\\\/\\\/citygame.com\\\/de\\\/standorte\\\/city-game-france\\\/city-game-calvi-2\\\/#primaryimage\"},\"image\":{\"@id\":\"https:\\\/\\\/citygame.com\\\/de\\\/standorte\\\/city-game-france\\\/city-game-calvi-2\\\/#primaryimage\"},\"thumbnailUrl\":\"https:\\\/\\\/citygame.com\\\/wp-content\\\/blogs.dir\\\/1\\\/files\\\/2026\\\/01\\\/calvi-citadel-view-from-harbor.jpg\",\"datePublished\":\"2026-01-30T17:20:28+00:00\",\"dateModified\":\"2026-04-26T15:43:25+00:00\",\"breadcrumb\":{\"@id\":\"https:\\\/\\\/citygame.com\\\/de\\\/standorte\\\/city-game-france\\\/city-game-calvi-2\\\/#breadcrumb\"},\"inLanguage\":\"de\",\"potentialAction\":[{\"@type\":\"ReadAction\",\"target\":[\"https:\\\/\\\/citygame.com\\\/de\\\/standorte\\\/city-game-france\\\/city-game-calvi-2\\\/\"]}]},{\"@type\":\"ImageObject\",\"inLanguage\":\"de\",\"@id\":\"https:\\\/\\\/citygame.com\\\/de\\\/standorte\\\/city-game-france\\\/city-game-calvi-2\\\/#primaryimage\",\"url\":\"https:\\\/\\\/citygame.com\\\/wp-content\\\/blogs.dir\\\/1\\\/files\\\/2026\\\/01\\\/calvi-citadel-view-from-harbor.jpg\",\"contentUrl\":\"https:\\\/\\\/citygame.com\\\/wp-content\\\/blogs.dir\\\/1\\\/files\\\/2026\\\/01\\\/calvi-citadel-view-from-harbor.jpg\",\"width\":1376,\"height\":768,\"caption\":\"People walking and cycling along the harbor with a view of the Citadel of Calvi at sunset.\"},{\"@type\":\"BreadcrumbList\",\"@id\":\"https:\\\/\\\/citygame.com\\\/de\\\/standorte\\\/city-game-france\\\/city-game-calvi-2\\\/#breadcrumb\",\"itemListElement\":[{\"@type\":\"ListItem\",\"position\":1,\"name\":\"Home\",\"item\":\"https:\\\/\\\/citygame.com\\\/de\\\/\"},{\"@type\":\"ListItem\",\"position\":2,\"name\":\"Locations\",\"item\":\"https:\\\/\\\/citygame.com\\\/de\\\/?page_id=1598\"},{\"@type\":\"ListItem\",\"position\":3,\"name\":\"City Game France\",\"item\":\"https:\\\/\\\/citygame.com\\\/de\\\/locations\\\/france\\\/\"},{\"@type\":\"ListItem\",\"position\":4,\"name\":\"City Game Calvi\"}]},{\"@type\":\"WebSite\",\"@id\":\"https:\\\/\\\/citygame.com\\\/de\\\/#website\",\"url\":\"https:\\\/\\\/citygame.com\\\/de\\\/\",\"name\":\"City Game\",\"description\":\"\",\"publisher\":{\"@id\":\"https:\\\/\\\/citygame.com\\\/de\\\/#organization\"},\"alternateName\":\"citygame.com\",\"potentialAction\":[{\"@type\":\"SearchAction\",\"target\":{\"@type\":\"EntryPoint\",\"urlTemplate\":\"https:\\\/\\\/citygame.com\\\/de\\\/?s={search_term_string}\"},\"query-input\":{\"@type\":\"PropertyValueSpecification\",\"valueRequired\":true,\"valueName\":\"search_term_string\"}}],\"inLanguage\":\"de\"},{\"@type\":\"Organization\",\"@id\":\"https:\\\/\\\/citygame.com\\\/de\\\/#organization\",\"name\":\"City Game\",\"alternateName\":\"citygame.com\",\"url\":\"https:\\\/\\\/citygame.com\\\/de\\\/\",\"logo\":{\"@type\":\"ImageObject\",\"inLanguage\":\"de\",\"@id\":\"https:\\\/\\\/citygame.com\\\/de\\\/#\\\/schema\\\/logo\\\/image\\\/\",\"url\":\"https:\\\/\\\/citygame.com\\\/wp-content\\\/blogs.dir\\\/1\\\/files\\\/2025\\\/10\\\/CG_LOGO-City-Game.png\",\"contentUrl\":\"https:\\\/\\\/citygame.com\\\/wp-content\\\/blogs.dir\\\/1\\\/files\\\/2025\\\/10\\\/CG_LOGO-City-Game.png\",\"width\":351,\"height\":377,\"caption\":\"City Game\"},\"image\":{\"@id\":\"https:\\\/\\\/citygame.com\\\/de\\\/#\\\/schema\\\/logo\\\/image\\\/\"},\"sameAs\":[\"https:\\\/\\\/www.facebook.com\\\/profile.php?id=100086426226253\",\"https:\\\/\\\/www.instagram.com\\\/citygame_com\",\"https:\\\/\\\/www.tiktok.com\\\/@citygamecom\\\/\",\"https:\\\/\\\/www.linkedin.com\\\/company\\\/citygame-com\"],\"description\":\"Turn any city into a playground with our interactive City Games and self-guided tours. Fun, flexible, and ideal for groups and team building.\"}]}<\/script>\n<!-- \/ Yoast SEO Premium plugin. -->","yoast_head_json":{"title":"City Game Calvi - City Game","robots":{"index":"index","follow":"follow","max-snippet":"max-snippet:-1","max-image-preview":"max-image-preview:large","max-video-preview":"max-video-preview:-1"},"canonical":"https:\/\/citygame.com\/de\/standorte\/city-game-france\/city-game-calvi-2\/","og_locale":"de_DE","og_type":"article","og_title":"City Game Calvi","og_url":"https:\/\/citygame.com\/de\/standorte\/city-game-france\/city-game-calvi-2\/","og_site_name":"City Game","article_publisher":"https:\/\/www.facebook.com\/profile.php?id=100086426226253","article_modified_time":"2026-04-26T15:43:25+00:00","og_image":[{"width":1376,"height":768,"url":"https:\/\/citygame.com\/wp-content\/blogs.dir\/1\/files\/2026\/01\/calvi-citadel-view-from-harbor.jpg","type":"image\/jpeg"}],"twitter_card":"summary_large_image","schema":{"@context":"https:\/\/schema.org","@graph":[{"@type":"WebPage","@id":"https:\/\/citygame.com\/de\/standorte\/city-game-france\/city-game-calvi-2\/","url":"https:\/\/citygame.com\/de\/standorte\/city-game-france\/city-game-calvi-2\/","name":"City Game Calvi - City Game","isPartOf":{"@id":"https:\/\/citygame.com\/de\/#website"},"primaryImageOfPage":{"@id":"https:\/\/citygame.com\/de\/standorte\/city-game-france\/city-game-calvi-2\/#primaryimage"},"image":{"@id":"https:\/\/citygame.com\/de\/standorte\/city-game-france\/city-game-calvi-2\/#primaryimage"},"thumbnailUrl":"https:\/\/citygame.com\/wp-content\/blogs.dir\/1\/files\/2026\/01\/calvi-citadel-view-from-harbor.jpg","datePublished":"2026-01-30T17:20:28+00:00","dateModified":"2026-04-26T15:43:25+00:00","breadcrumb":{"@id":"https:\/\/citygame.com\/de\/standorte\/city-game-france\/city-game-calvi-2\/#breadcrumb"},"inLanguage":"de","potentialAction":[{"@type":"ReadAction","target":["https:\/\/citygame.com\/de\/standorte\/city-game-france\/city-game-calvi-2\/"]}]},{"@type":"ImageObject","inLanguage":"de","@id":"https:\/\/citygame.com\/de\/standorte\/city-game-france\/city-game-calvi-2\/#primaryimage","url":"https:\/\/citygame.com\/wp-content\/blogs.dir\/1\/files\/2026\/01\/calvi-citadel-view-from-harbor.jpg","contentUrl":"https:\/\/citygame.com\/wp-content\/blogs.dir\/1\/files\/2026\/01\/calvi-citadel-view-from-harbor.jpg","width":1376,"height":768,"caption":"People walking and cycling along the harbor with a view of the Citadel of Calvi at sunset."},{"@type":"BreadcrumbList","@id":"https:\/\/citygame.com\/de\/standorte\/city-game-france\/city-game-calvi-2\/#breadcrumb","itemListElement":[{"@type":"ListItem","position":1,"name":"Home","item":"https:\/\/citygame.com\/de\/"},{"@type":"ListItem","position":2,"name":"Locations","item":"https:\/\/citygame.com\/de\/?page_id=1598"},{"@type":"ListItem","position":3,"name":"City Game France","item":"https:\/\/citygame.com\/de\/locations\/france\/"},{"@type":"ListItem","position":4,"name":"City Game Calvi"}]},{"@type":"WebSite","@id":"https:\/\/citygame.com\/de\/#website","url":"https:\/\/citygame.com\/de\/","name":"City Game","description":"","publisher":{"@id":"https:\/\/citygame.com\/de\/#organization"},"alternateName":"citygame.com","potentialAction":[{"@type":"SearchAction","target":{"@type":"EntryPoint","urlTemplate":"https:\/\/citygame.com\/de\/?s={search_term_string}"},"query-input":{"@type":"PropertyValueSpecification","valueRequired":true,"valueName":"search_term_string"}}],"inLanguage":"de"},{"@type":"Organization","@id":"https:\/\/citygame.com\/de\/#organization","name":"City Game","alternateName":"citygame.com","url":"https:\/\/citygame.com\/de\/","logo":{"@type":"ImageObject","inLanguage":"de","@id":"https:\/\/citygame.com\/de\/#\/schema\/logo\/image\/","url":"https:\/\/citygame.com\/wp-content\/blogs.dir\/1\/files\/2025\/10\/CG_LOGO-City-Game.png","contentUrl":"https:\/\/citygame.com\/wp-content\/blogs.dir\/1\/files\/2025\/10\/CG_LOGO-City-Game.png","width":351,"height":377,"caption":"City Game"},"image":{"@id":"https:\/\/citygame.com\/de\/#\/schema\/logo\/image\/"},"sameAs":["https:\/\/www.facebook.com\/profile.php?id=100086426226253","https:\/\/www.instagram.com\/citygame_com","https:\/\/www.tiktok.com\/@citygamecom\/","https:\/\/www.linkedin.com\/company\/citygame-com"],"description":"Turn any city into a playground with our interactive City Games and self-guided tours. Fun, flexible, and ideal for groups and team building."}]}},"taxonomy_info":{"cities-only-parent-location":[{"value":470,"label":"France"}],"cg_page_type":[{"value":45,"label":"City overview page"}]},"featured_image_src_large":["https:\/\/citygame.com\/wp-content\/blogs.dir\/1\/files\/2026\/01\/calvi-citadel-view-from-harbor-1024x572.jpg",1024,572,true],"author_info":{"display_name":"Philip","author_link":"https:\/\/citygame.com\/de\/blog\/author\/sophi2\/"},"comment_info":0,"wpml_current_locale":"de_DE","wpml_translations":{"nl_NL":{"locale":"nl_NL","id":228979,"slug":"city-game-calvi-2","post_title":"City Game Calvi","href":"https:\/\/citygame.com\/nl\/locaties\/city-game-frankrijk\/city-game-calvi-2\/"},"en_US":{"locale":"en_US","id":9333,"slug":"city-game-calvi","post_title":"City Game Calvi","href":"https:\/\/citygame.com\/locations\/france\/city-game-calvi\/"},"fr_FR":{"locale":"fr_FR","id":229006,"slug":"city-game-calvi-2","post_title":"City Game Calvi","href":"https:\/\/citygame.com\/fr\/emplacements\/city-game-france\/city-game-calvi-2\/"},"de_DE":{"locale":"de_DE","translation":"current"},"it_IT":{"locale":"it_IT","id":229019,"slug":"city-game-calvi-2","post_title":"City Game Calvi","href":"https:\/\/citygame.com\/it\/luoghi\/city-game-francia\/city-game-calvi-2\/"},"es_ES":{"locale":"es_ES","id":228997,"slug":"city-game-calvi-2","post_title":"City Game Calvi","href":"https:\/\/citygame.com\/es\/localizaciones\/city-game-francia\/city-game-calvi-2\/"}},"_links":{"self":[{"href":"https:\/\/citygame.com\/de\/wp-json\/wp\/v2\/pages\/228989","targetHints":{"allow":["GET"]}}],"collection":[{"href":"https:\/\/citygame.com\/de\/wp-json\/wp\/v2\/pages"}],"about":[{"href":"https:\/\/citygame.com\/de\/wp-json\/wp\/v2\/types\/page"}],"author":[{"embeddable":true,"href":"https:\/\/citygame.com\/de\/wp-json\/wp\/v2\/users\/78"}],"replies":[{"embeddable":true,"href":"https:\/\/citygame.com\/de\/wp-json\/wp\/v2\/comments?post=228989"}],"version-history":[{"count":0,"href":"https:\/\/citygame.com\/de\/wp-json\/wp\/v2\/pages\/228989\/revisions"}],"up":[{"embeddable":true,"href":"https:\/\/citygame.com\/de\/wp-json\/wp\/v2\/pages\/225785"}],"acf:term":[{"embeddable":true,"taxonomy":"cities-only-parent-location","href":"https:\/\/citygame.com\/de\/wp-json\/wp\/v2\/cities-only-parent-location\/470"},{"embeddable":true,"taxonomy":"location","href":"https:\/\/citygame.com\/de\/wp-json\/wp\/v2\/location\/113"}],"wp:featuredmedia":[{"embeddable":true,"href":"https:\/\/citygame.com\/de\/wp-json\/wp\/v2\/media\/9314"}],"wp:attachment":[{"href":"https:\/\/citygame.com\/de\/wp-json\/wp\/v2\/media?parent=228989"}],"wp:term":[{"taxonomy":"cities-only-parent-location","embeddable":true,"href":"https:\/\/citygame.com\/de\/wp-json\/wp\/v2\/cities-only-parent-location?post=228989"},{"taxonomy":"countries-only-parent-locations","embeddable":true,"href":"https:\/\/citygame.com\/de\/wp-json\/wp\/v2\/countries-only-parent-locations?post=228989"},{"taxonomy":"seo_keyword","embeddable":true,"href":"https:\/\/citygame.com\/de\/wp-json\/wp\/v2\/seo_keyword?post=228989"},{"taxonomy":"cg_page_type","embeddable":true,"href":"https:\/\/citygame.com\/de\/wp-json\/wp\/v2\/cg_page_type?post=228989"}],"curies":[{"name":"wp","href":"https:\/\/api.w.org\/{rel}","templated":true}]}}