{"id":229601,"date":"2026-01-30T16:06:44","date_gmt":"2026-01-30T16:06:44","guid":{"rendered":"https:\/\/citygame.com\/locations\/portugal\/city-game-faro-2\/"},"modified":"2026-04-27T11:24:39","modified_gmt":"2026-04-27T11:24:39","slug":"city-game-faro-2","status":"publish","type":"page","link":"https:\/\/citygame.com\/de\/standorte\/city-game-portugal\/city-game-faro-2\/","title":{"rendered":"City Game Faro"},"content":{"rendered":"","protected":false},"excerpt":{"rendered":"","protected":false},"author":78,"featured_media":16526,"parent":226641,"menu_order":0,"comment_status":"closed","ping_status":"closed","template":"","meta":{"_acf_changed":false,"_yoast_wpseo_focuskw":"City Game Faro","_yoast_wpseo_metadesc":"","_kad_blocks_custom_css":"","_kad_blocks_head_custom_js":"","_kad_blocks_body_custom_js":"","_kad_blocks_footer_custom_js":"","_kad_post_transparent":"","_kad_post_title":"","_kad_post_layout":"","_kad_post_sidebar_id":"","_kad_post_content_style":"","_kad_post_vertical_padding":"","_kad_post_feature":"","_kad_post_feature_position":"","_kad_post_header":false,"_kad_post_footer":false,"_kad_post_classname":"","footnotes":""},"cities-only-parent-location":[484],"countries-only-parent-locations":[],"seo_keyword":[],"cg_page_type":[45],"class_list":["post-229601","page","type-page","status-publish","has-post-thumbnail","hentry","cities-only-parent-location-portugal","cg_page_type-city-overview-page"],"acf":{"city_name":"Faro","select_city":160,"section_1_h2_city_games_in_city":"City Games in Faro","intro_text":"City Games sind jetzt in Faro, Portugal, verf\u00fcgbar. Diese interaktiven Erlebnisse verbinden das L\u00f6sen von R\u00e4tseln und das Bew\u00e4ltigen von Aufgaben mit der Freiheit, die Stadt in eigenem Tempo zu erkunden. Jedes Spiel ist selbstgef\u00fchrt und wird auf einem Smartphone gespielt, was eine flexible M\u00f6glichkeit bietet, Faro durch ein immersives, standortbasiertes Gameplay zu erleben.","section_1_usp_1":"Start, Pause & Fortsetzen, wann immer Sie m\u00f6chten","section_1_usp_2":"Individuell spielen","section_1_usp_3":"1\u20134 oder 2\u20135 Personen pro Smartphone, je nach Spiel","section_1_usp_4":"1,5\u20132 Stunden Spielzeit","section_1_usp_5":"3\u20134 km Fu\u00dfweg","section_1_usp_6":"Internetverbindung erforderlich","section_1_text_2":"W\u00e4hle dein City Game aus und starte noch heute mit dem Spielen!","section_1_cta":"Alle City Games ansehen","intro_image":16527,"section_2_h2_all_city_games_in_city":"All City Games in Faro","section_3_h2_how_city_games_work_in_city":"How City Games work in Faro","section_3_text":"Der Einstieg ist einfach. W\u00e4hle dein City Game in Faro, buche dein Abenteuer und beginne zu spielen, wann es dir passt. Alles, was du brauchst, wird dir nach der Buchung sofort zugesendet: kein F\u00fchrer, keine festen Startzeiten, nur dein Team und die Stadt.","section_3_usp_1":"1,5\u20132 Stunden Spielzeit","section_3_usp_2":"3\u20134 km Gehstrecke durch die Stadt","section_3_usp_3":"Starten, Pausieren und Fortsetzen, wann immer du magst","section_3_usp_4":"1\u20134 oder 2\u20135 Personen pro Smartphone, je nach deinem Spiel","section_3_usp_5":"Individuelles Spiel mit eigenem Ger\u00e4t","section_3_usp_6":"Internetverbindung w\u00e4hrend des Spiels erforderlich","section_3_cta":"W\u00e4hle deine Stadt","section_3_step_1":"Schritt 1","section_3_step_1_title":"W\u00e4hle deine Stadt und dein City Game","section_3_step_1_text":"W\u00e4hle die Stadt, in der du spielen m\u00f6chtest, und buche dein City Game online in nur wenigen Klicks.","section_3_step_2":"Schritt 2","section_3_step_2_title":"Erhalte deine Spielanweisungen","section_3_step_2_text":"Nach der Buchung erh\u00e4ltst du sofort eine E-Mail mit allen Anweisungen und dem Zugang zum Spiel.","section_3_step_3":"Schritt 3","section_3_step_3_title":"Gehe zum Startort","section_3_step_3_text":"Begeben Sie sich zum Startpunkt in der Stadt, wann es Ihnen passt. Es gibt keine festen Startzeiten.","section_3_step_4":"Schritt 4","section_3_step_4_title":"Starte dein City Game","section_3_step_4_text":"Folge den Hinweisen, l\u00f6se R\u00e4tsel und entdecke die Stadt, w\u00e4hrend du entlang der Route unterhaltsame Aufgaben bew\u00e4ltigst.","how_city_games_work_image":16528,"section_4_h2_who_are_city_games_in_city_for":"F\u00fcr wen sind City Games in Faro geeignet?","section_4_text":"City Games in Faro richten sich an jeden, der die Stadt auf interaktive und flexible Weise erleben m\u00f6chte. Ob du Faro zum ersten Mal besuchst oder die Stadt schon gut kennst \u2013 City Games bieten eine unterhaltsame Aktivit\u00e4t, die sich problemlos in deinen Tag einf\u00fcgt.","section_4_text_2":"City Games in Faro eignen sich f\u00fcr:","section_4_usp_1":"Alleinspieler oder kleine Gruppen, die ein flexibles Abenteuer suchen","section_4_usp_2":"Touristen, die Faro erkunden","section_4_usp_3":"Freunde und Familien, die eine unterhaltsame Aktivit\u00e4t suchen","section_4_usp_4":"Unternehmen und Teams, die ein Teambuilding-Event planen","section_4_usp_5":"Einheimische, die ihre eigene Stadt neu entdecken m\u00f6chten","section_4_cta":"Finde ein City Game in deiner Stadt","who_are_city_games_for_image":16529,"section_5_h2_exploring_city":"Faro entdecken","exploring_city_text":"Faro entdecken bietet ein vielschichtiges Erlebnis, gepr\u00e4gt von seinem ruhigen Charme und maritimen Erbe. Die befestigte Altstadt, bekannt als Cidade Velha, zieht Besucher in kopfsteingepflasterte Stra\u00dfen, flankiert von wei\u00df get\u00fcnchten Geb\u00e4uden und Resten maurischer Architektur. Wenn man durch Arco da Vila geht, verlangsamt sich die Bewegung, w\u00e4hrend der Weg sich zu schattigen Pl\u00e4tzen \u00f6ffnet und die anmutige Silhouette der Faro Kathedrale sichtbar wird.\n\n\u00dcber das historische Zentrum hinaus verschiebt sich das Tempo der Stadt in der N\u00e4he des Hafens und der Lagune Ria Formosa. Diese nat\u00fcrliche Grenze mit ihrem Netzwerk aus Salzwasserkan\u00e4len und Barriereinseln verleiht dem urbanen Rand eine k\u00fcstennahe Leichtigkeit. Wenn Boote \u00fcber das Wasser treiben und St\u00f6rche auf sichtbaren D\u00e4chern nisten, entfaltet sich der Rhythmus von Faro durch sein Gleichgewicht von Land, Geschichte und Meer.","exploring_city_image":16530,"section_6_h2_hosted_game":"Your favourite City Games, professionally hosted by our team","section_6_text":"Genie\u00dfen Sie dieselben City Games wie unsere selbstgesteuerte Version, nun jedoch mit umfassender Vor-Ort-Unterst\u00fctzung durch unsere professionellen Gastgeber. Wir k\u00fcmmern uns um das Briefing, Tablets, Koordination und technischen Support, damit Ihre Gruppe sich vollst\u00e4ndig auf den Spa\u00df und den Wettbewerb konzentrieren kann.","section_6_text_2":"What\u2019s included:","section_6_usp_1_title":"Gleiches City Game, vollst\u00e4ndig betreut","section_6_usp_1_text":"Sie erleben exakt dieselbe Erfahrung wie in unserer selbstgesteuerten Version, jetzt mit unseren Gastgebern, die Ihre Gruppe anleiten.","section_6_usp_2_title":"Live-Ranking & Preisverleihung","section_6_usp_2_text":"F\u00fcr gr\u00f6\u00dfere Gruppen zeigen unsere Gastgeber die Endergebnisse und verk\u00fcnden das siegreiche Team mit einem unterhaltsamen Preis-Moment.","section_6_usp_3_title":"Geleiteter Start & Abschluss","section_6_usp_3_text":"Wir begr\u00fc\u00dfen Ihre Gruppe, erkl\u00e4ren das Spiel klar und schlie\u00dfen mit einem spannenden Wrap-up ab.","section_6_usp_4_title":"Echtzeit-Unterst\u00fctzung w\u00e4hrend des Spiels","section_6_usp_4_text":"Unser Team unterst\u00fctzt bei Ger\u00e4ten, App-Problemen und Koordination w\u00e4hrend der gesamten Erfahrung.","section_6_usp_5_title":"Tablets inklusive (optional)","section_6_usp_5_text":"Verf\u00fcgbar f\u00fcr Gruppen, die unsere Ger\u00e4te ihren eigenen bevorzugen.","section_6_text_3":"Weltweit von Teams gesch\u00e4tzt, von kleinen Gruppen bis hin zu gro\u00dfen Firmenveranstaltungen.","section_6_cta":"Planen Sie Ihre Gruppenveranstaltung","section_7_h2_reviews":"What others think of our City Games","section_7_cta_1":"Alle h\u00e4ufig gestellten Fragen anzeigen","section_7_cta_2":"Unterst\u00fctzung erhalten","section_8_h2_faq":"Haben Sie Fragen? Wir haben Antworten!","section_8_text":"Erkunden Sie St\u00e4dte auf eine unterhaltsame und interaktive Weise mit unseren City Games. L\u00f6sen Sie R\u00e4tsel, entdecken Sie versteckte Orte und lernen die Stadt kennen, w\u00e4hrend Sie mit Freunden, Familie oder Kollegen spielen \u2013 wann immer es Ihnen passt.","section_8_cta_1":"Alle h\u00e4ufig gestellten Fragen anzeigen","section_8_cta_2":"Unterst\u00fctzung erhalten","section_8_question_1":"Was sind City Games in Faro?","section_8_answer_1":"City Games in Faro sind <strong>interaktive, selbstgef\u00fchrte Erlebnisse<\/strong>, die es dir erm\u00f6glichen, die Stadt beim Spielen zu erkunden!\r\n\r\nMit deinem Smartphone l\u00f6st du R\u00e4tsel, bew\u00e4ltigst Herausforderungen und folgst der Handlung deines gew\u00e4hlten City Game, w\u00e4hrend du durch die Stadt gehst.\r\n\r\nCity Games verbinden Teamarbeit, Probleml\u00f6sung und Outdoor-Erkundung und bieten eine unterhaltsame Aktivit\u00e4t f\u00fcr Besucher, Einheimische und Gruppen gleicherma\u00dfen.","section_8_question_2":"Brauche ich eine F\u00fchrung, um ein City Game in Faro zu spielen?","section_8_answer_2":"<p class=\"kt-adv-heading2034_2420ea-ca wp-block-kadence-advancedheading\" data-kb-block=\"kb-adv-heading2034_2420ea-ca\">Nein, City Games in Faro sind <strong>vollst\u00e4ndig selbstgef\u00fchrt<\/strong>. Sie ben\u00f6tigen keine F\u00fchrung, keinen Gastgeber oder Personal vor Ort, um zu spielen. Alle Anweisungen und das Gameplay werden digital bereitgestellt, sodass Sie eigenst\u00e4ndig mit Ihrem eigenen Smartphone starten und spielen k\u00f6nnen.<\/p>\r\nDiese Flexibilit\u00e4t erleichtert es, City Games in Ihren eigenen Zeitplan zu integrieren.\r\n<p class=\"kt-adv-heading2034_cd3db2-33 wp-block-kadence-advancedheading hls-none\" data-kb-block=\"kb-adv-heading2034_cd3db2-33\">F\u00fcr gr\u00f6\u00dfere Gruppen oder Firmenveranstaltungen ist auch eine vollst\u00e4ndig betreute Version unserer City Games erh\u00e4ltlich, einschlie\u00dflich Vor-Ort-Guidance, Tablets und Live-Support.<\/p>\r\nPlanen Sie eine gr\u00f6\u00dfere Gruppe oder eine Firmenveranstaltung?","section_8_answer_2_cta":"Erkunden Sie die betreute City Game-Erfahrung f\u00fcr Gruppen","section_8_question_3":"Wann k\u00f6nnen wir in Faro mit einem City Game beginnen?","section_8_answer_3":"Sie k\u00f6nnen <strong>wann immer es Ihnen passt<\/strong> mit dem Spielen beginnen! City Games in Faro haben keine festen Startzeiten, daher k\u00f6nnen Sie jederzeit beginnen, wenn es zu Ihren Pl\u00e4nen passt.\r\n\r\nNach der Buchung erhalten Sie klare Anweisungen, die erkl\u00e4ren, wie und wann Sie Ihr City Game starten k\u00f6nnen!","section_8_question_4":"Wie lange dauert ein City Game in Faro?","section_8_answer_4":"Die City Games in Faro dauern <strong>ca. 1,5 bis 2 Stunden<\/strong> bis zum Abschluss! Die genaue Dauer h\u00e4ngt von Ihrem Tempo ab, davon, wie viele Pausen Sie einlegen, und davon, wie schnell Sie die R\u00e4tsel und Herausforderungen l\u00f6sen.\r\n\r\nSie k\u00f6nnen mit Ihrem eigenen Tempo spielen und das Spiel jederzeit pausieren!","section_8_question_5":"K\u00f6nnen wir ein City Game in Faro mit einer gro\u00dfen Gruppe spielen?","section_8_answer_5":"<p class=\"kt-adv-heading2034_97743b-76 wp-block-kadence-advancedheading\" data-kb-block=\"kb-adv-heading2034_97743b-76\">Ja, City Games eignen sich sowohl f\u00fcr <strong>kleine Gruppen als auch gr\u00f6\u00dfere Teams<\/strong>. Gro\u00dfe Gruppen k\u00f6nnen sich problemlos in kleinere Teams aufteilen und das City Game gleichzeitig spielen, wobei mehrere Smartphones verwendet werden. Jedes Team spielt eigenst\u00e4ndig und folgt dem gleichen Spielkonzept und der gleichen Handlung.<\/p>\r\nDieses Setup funktioniert gut f\u00fcr Freundesgruppen, Familien und Unternehmen und macht City Games zu einer beliebten Wahl f\u00fcr Teamausfl\u00fcge, Veranstaltungen und Teambuilding-Aktivit\u00e4ten.\r\n<p class=\"kt-adv-heading2034_7442e3-e3 wp-block-kadence-advancedheading hls-none\" data-kb-block=\"kb-adv-heading2034_7442e3-e3\">F\u00fcr gr\u00f6\u00dfere Gruppen oder Firmenveranstaltungen ist auch eine vollst\u00e4ndig betreute Version unserer City Games verf\u00fcgbar, einschlie\u00dflich Vor-Ort-Guidance, Tablets und Live-Support.<\/p>\r\nPlanen Sie eine gr\u00f6\u00dfere Gruppe oder eine Firmenveranstaltung?","section_8_answer_5_cta":"Erkunden Sie die betreute City Game-Erfahrung f\u00fcr Gruppen","section_8_question_6":"Sind City Games in Faro f\u00fcr Touristen und Einheimische geeignet?","section_8_answer_6":"Ja, City Games in Faro eignen sich sowohl f\u00fcr <strong>Touristen als auch Einheimische<\/strong>. Besucher k\u00f6nnen die Stadt auf interaktive Weise erleben, w\u00e4hrend Einheimische vertraute Stra\u00dfen als Schauplatz f\u00fcr ein City Game genie\u00dfen.\r\n\r\nDa sich jedes City Game auf Gameplay und Erz\u00e4hlung konzentriert, f\u00fchlt sich das Erlebnis frisch an, egal wie gut du die Stadt bereits kennst.","section_8_question_7":"Sind City Games in Faro in mehreren Sprachen verf\u00fcgbar?","section_8_answer_7":"Ja, City Games in Faro sind <strong>in mehreren Sprachen verf\u00fcgbar<\/strong>. Du kannst deine bevorzugte Sprache vor oder w\u00e4hrend des Spiels ausw\u00e4hlen, wodurch City Games f\u00fcr internationale Besucher und Gruppen mit gemischten Sprachen zug\u00e4nglich sind.","section_8_question_8":"Was brauchen wir, um ein City Game in Faro zu spielen?","section_8_answer_8":"Um ein City Game in Faro zu spielen, ben\u00f6tigst du:","section_8_answer_8_usp_1":"Ein Smartphone mit Internetverbindung","section_8_answer_8_usp_2":"Eine voll aufgeladene Batterie","section_8_answer_8_usp_3":"Bequeme Laufschuhe","section_8_answer_8_2":"Alle Spielinhalte und Anweisungen werden nach der Buchung digital bereitgestellt.","section_9_h2_instagram":"Mehr auf Instagram sehen","section_9_text":"Reise-Inspiration, R\u00e4tsel, versteckte Juwelen und City Game-Momente \u2013 direkt aus unserer Community","section_9_cta":"Folge uns auf Instagram","section_10_h2_page_ending":"Bereit f\u00fcr ein unvergessliches Abenteuer in Faro?","section_10_text":"Erkunde Faro auf eine einzigartige und interaktive Weise mit unseren City Games. Spiele noch heute und schaffe bleibende Erinnerungen!","section_10_cta":"Buche jetzt dein City Game","latitude":37.013055,"longitude":-7.9351573,"country":484,"map_enabled":true},"yoast_head":"<!-- This site is optimized with the Yoast SEO Premium plugin v26.2 (Yoast SEO v27.4) - https:\/\/yoast.com\/product\/yoast-seo-premium-wordpress\/ -->\n<title>City Game Faro - City Game<\/title>\n<meta name=\"robots\" content=\"index, follow, max-snippet:-1, max-image-preview:large, max-video-preview:-1\" \/>\n<link rel=\"canonical\" href=\"https:\/\/citygame.com\/de\/standorte\/city-game-portugal\/city-game-faro-2\/\" \/>\n<meta property=\"og:locale\" content=\"de_DE\" \/>\n<meta property=\"og:type\" content=\"article\" \/>\n<meta property=\"og:title\" content=\"City Game Faro\" \/>\n<meta property=\"og:url\" content=\"https:\/\/citygame.com\/de\/standorte\/city-game-portugal\/city-game-faro-2\/\" \/>\n<meta property=\"og:site_name\" content=\"City Game\" \/>\n<meta property=\"article:publisher\" content=\"https:\/\/www.facebook.com\/profile.php?id=100086426226253\" \/>\n<meta property=\"article:modified_time\" content=\"2026-04-27T11:24:39+00:00\" \/>\n<meta property=\"og:image\" content=\"https:\/\/citygame.com\/wp-content\/blogs.dir\/1\/files\/2026\/03\/faro-salt-pans-aerial-view.jpeg\" \/>\n\t<meta property=\"og:image:width\" content=\"1440\" \/>\n\t<meta property=\"og:image:height\" content=\"1920\" \/>\n\t<meta property=\"og:image:type\" content=\"image\/jpeg\" \/>\n<meta name=\"twitter:card\" content=\"summary_large_image\" \/>\n<script type=\"application\/ld+json\" class=\"yoast-schema-graph\">{\"@context\":\"https:\\\/\\\/schema.org\",\"@graph\":[{\"@type\":\"WebPage\",\"@id\":\"https:\\\/\\\/citygame.com\\\/de\\\/standorte\\\/city-game-portugal\\\/city-game-faro-2\\\/\",\"url\":\"https:\\\/\\\/citygame.com\\\/de\\\/standorte\\\/city-game-portugal\\\/city-game-faro-2\\\/\",\"name\":\"City Game Faro - City Game\",\"isPartOf\":{\"@id\":\"https:\\\/\\\/citygame.com\\\/de\\\/#website\"},\"primaryImageOfPage\":{\"@id\":\"https:\\\/\\\/citygame.com\\\/de\\\/standorte\\\/city-game-portugal\\\/city-game-faro-2\\\/#primaryimage\"},\"image\":{\"@id\":\"https:\\\/\\\/citygame.com\\\/de\\\/standorte\\\/city-game-portugal\\\/city-game-faro-2\\\/#primaryimage\"},\"thumbnailUrl\":\"https:\\\/\\\/citygame.com\\\/wp-content\\\/blogs.dir\\\/1\\\/files\\\/2026\\\/03\\\/faro-salt-pans-aerial-view.jpeg\",\"datePublished\":\"2026-01-30T16:06:44+00:00\",\"dateModified\":\"2026-04-27T11:24:39+00:00\",\"breadcrumb\":{\"@id\":\"https:\\\/\\\/citygame.com\\\/de\\\/standorte\\\/city-game-portugal\\\/city-game-faro-2\\\/#breadcrumb\"},\"inLanguage\":\"de\",\"potentialAction\":[{\"@type\":\"ReadAction\",\"target\":[\"https:\\\/\\\/citygame.com\\\/de\\\/standorte\\\/city-game-portugal\\\/city-game-faro-2\\\/\"]}]},{\"@type\":\"ImageObject\",\"inLanguage\":\"de\",\"@id\":\"https:\\\/\\\/citygame.com\\\/de\\\/standorte\\\/city-game-portugal\\\/city-game-faro-2\\\/#primaryimage\",\"url\":\"https:\\\/\\\/citygame.com\\\/wp-content\\\/blogs.dir\\\/1\\\/files\\\/2026\\\/03\\\/faro-salt-pans-aerial-view.jpeg\",\"contentUrl\":\"https:\\\/\\\/citygame.com\\\/wp-content\\\/blogs.dir\\\/1\\\/files\\\/2026\\\/03\\\/faro-salt-pans-aerial-view.jpeg\",\"width\":1440,\"height\":1920,\"caption\":\"The geometric patterns and vibrant colors of the salt pans in Faro, seen from an aerial perspective.\"},{\"@type\":\"BreadcrumbList\",\"@id\":\"https:\\\/\\\/citygame.com\\\/de\\\/standorte\\\/city-game-portugal\\\/city-game-faro-2\\\/#breadcrumb\",\"itemListElement\":[{\"@type\":\"ListItem\",\"position\":1,\"name\":\"Home\",\"item\":\"https:\\\/\\\/citygame.com\\\/de\\\/\"},{\"@type\":\"ListItem\",\"position\":2,\"name\":\"Locations\",\"item\":\"https:\\\/\\\/citygame.com\\\/de\\\/?page_id=1598\"},{\"@type\":\"ListItem\",\"position\":3,\"name\":\"City Game Portugal\",\"item\":\"https:\\\/\\\/citygame.com\\\/de\\\/locations\\\/portugal\\\/\"},{\"@type\":\"ListItem\",\"position\":4,\"name\":\"City Game Faro\"}]},{\"@type\":\"WebSite\",\"@id\":\"https:\\\/\\\/citygame.com\\\/de\\\/#website\",\"url\":\"https:\\\/\\\/citygame.com\\\/de\\\/\",\"name\":\"City Game\",\"description\":\"\",\"publisher\":{\"@id\":\"https:\\\/\\\/citygame.com\\\/de\\\/#organization\"},\"alternateName\":\"citygame.com\",\"potentialAction\":[{\"@type\":\"SearchAction\",\"target\":{\"@type\":\"EntryPoint\",\"urlTemplate\":\"https:\\\/\\\/citygame.com\\\/de\\\/?s={search_term_string}\"},\"query-input\":{\"@type\":\"PropertyValueSpecification\",\"valueRequired\":true,\"valueName\":\"search_term_string\"}}],\"inLanguage\":\"de\"},{\"@type\":\"Organization\",\"@id\":\"https:\\\/\\\/citygame.com\\\/de\\\/#organization\",\"name\":\"City Game\",\"alternateName\":\"citygame.com\",\"url\":\"https:\\\/\\\/citygame.com\\\/de\\\/\",\"logo\":{\"@type\":\"ImageObject\",\"inLanguage\":\"de\",\"@id\":\"https:\\\/\\\/citygame.com\\\/de\\\/#\\\/schema\\\/logo\\\/image\\\/\",\"url\":\"https:\\\/\\\/citygame.com\\\/wp-content\\\/blogs.dir\\\/1\\\/files\\\/2025\\\/10\\\/CG_LOGO-City-Game.png\",\"contentUrl\":\"https:\\\/\\\/citygame.com\\\/wp-content\\\/blogs.dir\\\/1\\\/files\\\/2025\\\/10\\\/CG_LOGO-City-Game.png\",\"width\":351,\"height\":377,\"caption\":\"City Game\"},\"image\":{\"@id\":\"https:\\\/\\\/citygame.com\\\/de\\\/#\\\/schema\\\/logo\\\/image\\\/\"},\"sameAs\":[\"https:\\\/\\\/www.facebook.com\\\/profile.php?id=100086426226253\",\"https:\\\/\\\/www.instagram.com\\\/citygame_com\",\"https:\\\/\\\/www.tiktok.com\\\/@citygamecom\\\/\",\"https:\\\/\\\/www.linkedin.com\\\/company\\\/citygame-com\"],\"description\":\"Turn any city into a playground with our interactive City Games and self-guided tours. Fun, flexible, and ideal for groups and team building.\"}]}<\/script>\n<!-- \/ Yoast SEO Premium plugin. -->","yoast_head_json":{"title":"City Game Faro - City Game","robots":{"index":"index","follow":"follow","max-snippet":"max-snippet:-1","max-image-preview":"max-image-preview:large","max-video-preview":"max-video-preview:-1"},"canonical":"https:\/\/citygame.com\/de\/standorte\/city-game-portugal\/city-game-faro-2\/","og_locale":"de_DE","og_type":"article","og_title":"City Game Faro","og_url":"https:\/\/citygame.com\/de\/standorte\/city-game-portugal\/city-game-faro-2\/","og_site_name":"City Game","article_publisher":"https:\/\/www.facebook.com\/profile.php?id=100086426226253","article_modified_time":"2026-04-27T11:24:39+00:00","og_image":[{"width":1440,"height":1920,"url":"https:\/\/citygame.com\/wp-content\/blogs.dir\/1\/files\/2026\/03\/faro-salt-pans-aerial-view.jpeg","type":"image\/jpeg"}],"twitter_card":"summary_large_image","schema":{"@context":"https:\/\/schema.org","@graph":[{"@type":"WebPage","@id":"https:\/\/citygame.com\/de\/standorte\/city-game-portugal\/city-game-faro-2\/","url":"https:\/\/citygame.com\/de\/standorte\/city-game-portugal\/city-game-faro-2\/","name":"City Game Faro - City Game","isPartOf":{"@id":"https:\/\/citygame.com\/de\/#website"},"primaryImageOfPage":{"@id":"https:\/\/citygame.com\/de\/standorte\/city-game-portugal\/city-game-faro-2\/#primaryimage"},"image":{"@id":"https:\/\/citygame.com\/de\/standorte\/city-game-portugal\/city-game-faro-2\/#primaryimage"},"thumbnailUrl":"https:\/\/citygame.com\/wp-content\/blogs.dir\/1\/files\/2026\/03\/faro-salt-pans-aerial-view.jpeg","datePublished":"2026-01-30T16:06:44+00:00","dateModified":"2026-04-27T11:24:39+00:00","breadcrumb":{"@id":"https:\/\/citygame.com\/de\/standorte\/city-game-portugal\/city-game-faro-2\/#breadcrumb"},"inLanguage":"de","potentialAction":[{"@type":"ReadAction","target":["https:\/\/citygame.com\/de\/standorte\/city-game-portugal\/city-game-faro-2\/"]}]},{"@type":"ImageObject","inLanguage":"de","@id":"https:\/\/citygame.com\/de\/standorte\/city-game-portugal\/city-game-faro-2\/#primaryimage","url":"https:\/\/citygame.com\/wp-content\/blogs.dir\/1\/files\/2026\/03\/faro-salt-pans-aerial-view.jpeg","contentUrl":"https:\/\/citygame.com\/wp-content\/blogs.dir\/1\/files\/2026\/03\/faro-salt-pans-aerial-view.jpeg","width":1440,"height":1920,"caption":"The geometric patterns and vibrant colors of the salt pans in Faro, seen from an aerial perspective."},{"@type":"BreadcrumbList","@id":"https:\/\/citygame.com\/de\/standorte\/city-game-portugal\/city-game-faro-2\/#breadcrumb","itemListElement":[{"@type":"ListItem","position":1,"name":"Home","item":"https:\/\/citygame.com\/de\/"},{"@type":"ListItem","position":2,"name":"Locations","item":"https:\/\/citygame.com\/de\/?page_id=1598"},{"@type":"ListItem","position":3,"name":"City Game Portugal","item":"https:\/\/citygame.com\/de\/locations\/portugal\/"},{"@type":"ListItem","position":4,"name":"City Game Faro"}]},{"@type":"WebSite","@id":"https:\/\/citygame.com\/de\/#website","url":"https:\/\/citygame.com\/de\/","name":"City Game","description":"","publisher":{"@id":"https:\/\/citygame.com\/de\/#organization"},"alternateName":"citygame.com","potentialAction":[{"@type":"SearchAction","target":{"@type":"EntryPoint","urlTemplate":"https:\/\/citygame.com\/de\/?s={search_term_string}"},"query-input":{"@type":"PropertyValueSpecification","valueRequired":true,"valueName":"search_term_string"}}],"inLanguage":"de"},{"@type":"Organization","@id":"https:\/\/citygame.com\/de\/#organization","name":"City Game","alternateName":"citygame.com","url":"https:\/\/citygame.com\/de\/","logo":{"@type":"ImageObject","inLanguage":"de","@id":"https:\/\/citygame.com\/de\/#\/schema\/logo\/image\/","url":"https:\/\/citygame.com\/wp-content\/blogs.dir\/1\/files\/2025\/10\/CG_LOGO-City-Game.png","contentUrl":"https:\/\/citygame.com\/wp-content\/blogs.dir\/1\/files\/2025\/10\/CG_LOGO-City-Game.png","width":351,"height":377,"caption":"City Game"},"image":{"@id":"https:\/\/citygame.com\/de\/#\/schema\/logo\/image\/"},"sameAs":["https:\/\/www.facebook.com\/profile.php?id=100086426226253","https:\/\/www.instagram.com\/citygame_com","https:\/\/www.tiktok.com\/@citygamecom\/","https:\/\/www.linkedin.com\/company\/citygame-com"],"description":"Turn any city into a playground with our interactive City Games and self-guided tours. Fun, flexible, and ideal for groups and team building."}]}},"taxonomy_info":{"cities-only-parent-location":[{"value":484,"label":"Portugal"}],"cg_page_type":[{"value":45,"label":"City overview page"}]},"featured_image_src_large":["https:\/\/citygame.com\/wp-content\/blogs.dir\/1\/files\/2026\/03\/faro-salt-pans-aerial-view-768x1024.jpeg",768,1024,true],"author_info":{"display_name":"Philip","author_link":"https:\/\/citygame.com\/de\/blog\/author\/sophi2\/"},"comment_info":0,"wpml_current_locale":"de_DE","wpml_translations":{"nl_NL":{"locale":"nl_NL","id":229596,"slug":"city-game-faro-2","post_title":"City Game Faro","href":"https:\/\/citygame.com\/nl\/locaties\/city-game-portugal\/city-game-faro-2\/"},"en_US":{"locale":"en_US","id":9054,"slug":"city-game-faro","post_title":"City Game Faro","href":"https:\/\/citygame.com\/locations\/portugal\/city-game-faro\/"},"fr_FR":{"locale":"fr_FR","id":229615,"slug":"city-game-faro-2","post_title":"City Game Faro","href":"https:\/\/citygame.com\/fr\/emplacements\/city-game-portugal\/city-game-faro-2\/"},"de_DE":{"locale":"de_DE","translation":"current"},"it_IT":{"locale":"it_IT","id":229623,"slug":"city-game-faro-2","post_title":"City Game Faro","href":"https:\/\/citygame.com\/it\/luoghi\/city-game-portugal\/city-game-faro-2\/"},"es_ES":{"locale":"es_ES","id":229608,"slug":"city-game-faro-2","post_title":"City Game Faro","href":"https:\/\/citygame.com\/es\/localizaciones\/city-game-portugal\/city-game-faro-2\/"}},"_links":{"self":[{"href":"https:\/\/citygame.com\/de\/wp-json\/wp\/v2\/pages\/229601","targetHints":{"allow":["GET"]}}],"collection":[{"href":"https:\/\/citygame.com\/de\/wp-json\/wp\/v2\/pages"}],"about":[{"href":"https:\/\/citygame.com\/de\/wp-json\/wp\/v2\/types\/page"}],"author":[{"embeddable":true,"href":"https:\/\/citygame.com\/de\/wp-json\/wp\/v2\/users\/78"}],"replies":[{"embeddable":true,"href":"https:\/\/citygame.com\/de\/wp-json\/wp\/v2\/comments?post=229601"}],"version-history":[{"count":0,"href":"https:\/\/citygame.com\/de\/wp-json\/wp\/v2\/pages\/229601\/revisions"}],"up":[{"embeddable":true,"href":"https:\/\/citygame.com\/de\/wp-json\/wp\/v2\/pages\/226641"}],"acf:term":[{"embeddable":true,"taxonomy":"cities-only-parent-location","href":"https:\/\/citygame.com\/de\/wp-json\/wp\/v2\/cities-only-parent-location\/484"},{"embeddable":true,"taxonomy":"location","href":"https:\/\/citygame.com\/de\/wp-json\/wp\/v2\/location\/160"}],"wp:featuredmedia":[{"embeddable":true,"href":"https:\/\/citygame.com\/de\/wp-json\/wp\/v2\/media\/16526"}],"wp:attachment":[{"href":"https:\/\/citygame.com\/de\/wp-json\/wp\/v2\/media?parent=229601"}],"wp:term":[{"taxonomy":"cities-only-parent-location","embeddable":true,"href":"https:\/\/citygame.com\/de\/wp-json\/wp\/v2\/cities-only-parent-location?post=229601"},{"taxonomy":"countries-only-parent-locations","embeddable":true,"href":"https:\/\/citygame.com\/de\/wp-json\/wp\/v2\/countries-only-parent-locations?post=229601"},{"taxonomy":"seo_keyword","embeddable":true,"href":"https:\/\/citygame.com\/de\/wp-json\/wp\/v2\/seo_keyword?post=229601"},{"taxonomy":"cg_page_type","embeddable":true,"href":"https:\/\/citygame.com\/de\/wp-json\/wp\/v2\/cg_page_type?post=229601"}],"curies":[{"name":"wp","href":"https:\/\/api.w.org\/{rel}","templated":true}]}}