{"id":230342,"date":"2026-01-30T08:07:22","date_gmt":"2026-01-30T08:07:22","guid":{"rendered":"https:\/\/citygame.com\/locations\/croatia\/city-game-split-2\/"},"modified":"2026-04-28T08:53:09","modified_gmt":"2026-04-28T08:53:09","slug":"city-game-split-2","status":"publish","type":"page","link":"https:\/\/citygame.com\/de\/standorte\/city-game-kroatien\/city-game-split-2\/","title":{"rendered":"City Game Split"},"content":{"rendered":"","protected":false},"excerpt":{"rendered":"","protected":false},"author":78,"featured_media":7886,"parent":225751,"menu_order":0,"comment_status":"closed","ping_status":"closed","template":"","meta":{"_acf_changed":false,"_yoast_wpseo_focuskw":"City Game Split","_yoast_wpseo_metadesc":"","_kad_blocks_custom_css":"","_kad_blocks_head_custom_js":"","_kad_blocks_body_custom_js":"","_kad_blocks_footer_custom_js":"","_kad_post_transparent":"","_kad_post_title":"","_kad_post_layout":"","_kad_post_sidebar_id":"","_kad_post_content_style":"","_kad_post_vertical_padding":"","_kad_post_feature":"","_kad_post_feature_position":"","_kad_post_header":false,"_kad_post_footer":false,"_kad_post_classname":"","footnotes":""},"cities-only-parent-location":[],"countries-only-parent-locations":[],"seo_keyword":[],"cg_page_type":[45],"class_list":["post-230342","page","type-page","status-publish","has-post-thumbnail","hentry","cg_page_type-city-overview-page"],"acf":{"city_name":"Split","select_city":378,"section_1_h2_city_games_in_city":"City Games in Split","intro_text":"City Games sind in Split, Kroatien, verf\u00fcgbar. Diese interaktiven Erlebnisse verbinden das L\u00f6sen von R\u00e4tseln und Herausforderungen mit dem eigenst\u00e4ndigen Erkunden der Stadt in deinem eigenen Tempo. Jedes Spiel ist selbstgef\u00fchrt und wird auf einem Smartphone gespielt, sodass du Split eigenst\u00e4ndig navigieren kannst, w\u00e4hrend du die Umgebung auf neue Weise erlebst.","section_1_usp_1":"Starten, Pause und Fortfahren, wann immer du m\u00f6chtest","section_1_usp_2":"Unabh\u00e4ngig spielen","section_1_usp_3":"1\u20134 oder 2\u20135 Personen pro Smartphone, abh\u00e4ngig von deinem Spiel","section_1_usp_4":"1,5\u20132 Stunden Spielzeit","section_1_usp_5":"3\u20134 km Fu\u00dfweg","section_1_usp_6":"Internetverbindung erforderlich","section_1_text_2":"W\u00e4hle dein City Game und fang heute mit dem Spielen an!","section_1_cta":"Alle City Games ansehen","intro_image":7887,"section_2_h2_all_city_games_in_city":"Alle City Games in Split","section_3_h2_how_city_games_work_in_city":"Wie City Games in Split funktionieren","section_3_text":"Der Einstieg ist einfach. W\u00e4hle dein City Game in Split, buche dein Abenteuer und fang an zu spielen, wann es dir passt. Alles, was du brauchst, wird dir direkt nach der Buchung zugesendet: kein Guide, keine festen Startzeiten, nur dein Team und die Stadt.","section_3_usp_1":"1,5\u20132 Stunden Gameplay","section_3_usp_2":"3\u20134 km Fu\u00dfweg durch die Stadt","section_3_usp_3":"Starte, pausiere und setze fort, wann immer du m\u00f6chtest","section_3_usp_4":"1\u20134 oder 2\u20135 Personen pro Smartphone, abh\u00e4ngig von deinem Spiel","section_3_usp_5":"Unabh\u00e4ngig spielen mit deinem eigenen Ger\u00e4t","section_3_usp_6":"Internetverbindung w\u00e4hrend des Spiels erforderlich","section_3_cta":"W\u00e4hle deine Stadt","section_3_step_1":"Schritt 1","section_3_step_1_title":"W\u00e4hle deine Stadt und dein Spiel","section_3_step_1_text":"W\u00e4hle die Stadt, in der du spielen m\u00f6chtest, und buche dein City Game online mit nur wenigen Klicks.","section_3_step_2":"Schritt 2","section_3_step_2_title":"Erhalte deine Spielanleitung","section_3_step_2_text":"Nach der Buchung erh\u00e4ltst du sofort eine E-Mail mit allen Anweisungen und dem Zugriff auf das Spiel.","section_3_step_3":"Schritt 3","section_3_step_3_title":"Gehe zum Startort","section_3_step_3_text":"Gehe zum Startpunkt in der Stadt, wann immer es dir passt. Es gibt keine festen Startzeiten.","section_3_step_4":"Schritt 4","section_3_step_4_title":"Starte dein City Game","section_3_step_4_text":"Folge den Hinweisen, l\u00f6se R\u00e4tsel und entdecke die Stadt, w\u00e4hrend du unterwegs unterhaltsame Aufgaben bew\u00e4ltigst.","how_city_games_work_image":7888,"section_4_h2_who_are_city_games_in_city_for":"F\u00fcr wen sind City Games in Split gedacht?","section_4_text":"City Games in Split sind f\u00fcr jeden konzipiert, der die Stadt interaktiv und flexibel erleben m\u00f6chte. Egal, ob du Split zum ersten Mal besuchst oder die Stadt schon gut kennst, bieten City Games eine unterhaltsame Aktivit\u00e4t, die sich leicht in deinen Tag integrieren l\u00e4sst.","section_4_text_2":"City Games in Split eignen sich f\u00fcr:","section_4_usp_1":"Einzelspieler oder kleine Gruppen, die nach einem flexiblen Abenteuer suchen","section_4_usp_2":"Touristen, die Split erkunden","section_4_usp_3":"Freunde und Familien, die nach einer unterhaltsamen Aktivit\u00e4t suchen","section_4_usp_4":"Unternehmen und Teams, die ein Teambuilding-Event planen","section_4_usp_5":"Einwohner, die ihre eigene Stadt neu entdecken m\u00f6chten","section_4_cta":"Finde ein City Game in deiner Stadt","who_are_city_games_for_image":7889,"section_5_h2_exploring_city":"Split erkunden","exploring_city_text":"Split ist eine Stadt, in der antike Geschichte und Alltag aufeinandertreffen. Das Zentrum ist der Diokletianpalast, eine UNESCO-Welterbest\u00e4tte, die nach wie vor von lokaler Aktivit\u00e4t pulsiert. Wenn du durch seine engen Steinstrassen gehst, st\u00f6\u00dft du auf r\u00f6mische Architektur, die zwischen Caf\u00e9s und H\u00e4usern versteckt liegt, und erkennst, wie sehr die Vergangenheit die Gegenwart pr\u00e4gt.nnJenseits der Palastmauern \u00f6ffnet sich die Uferpromenade Riva zum Adriatischen Meer und bietet einen luftigeren \u00dcbergang vom Alt- zum Neu. In der N\u00e4he erhebt sich das Viertel Varo\u0161 den Hang hinauf mit seinen kompakt gebauten H\u00e4usern und verwinkelten Stra\u00dfen und verleiht dem Rhythmus der Stadt einen stillen Charme. Diese unterschiedlichen Bereiche laden zu einem gem\u00e4chlicheren Tempo ein, wobei jede Biegung eine neue Schicht von Split sichtbar macht.","exploring_city_image":7890,"section_6_h2_hosted_game":"Ihre bevorzugten City Games, professionell von unserem Team betreut","section_6_text":"Genie\u00dfe dieselben City Games wie in unserer selbstgesteuerten Version, jedoch mit vollst\u00e4ndiger Vor-Ort-Unterst\u00fctzung durch unsere professionellen Gastgeber. Wir k\u00fcmmern uns um das Briefing, Tablets, Koordination und technischen Support, damit deine Gruppe sich ganz dem Spa\u00df und dem Wettbewerb widmen kann.","section_6_text_2":"Was enthalten ist:","section_6_usp_1_title":"Gleiches City Game, vollst\u00e4ndig betreut","section_6_usp_1_text":"Du spielst genau dasselbe Erlebnis wie in unserer selbstgesteuerten Version, jetzt mit unseren Gastgebern, die deine Gruppe f\u00fchren.","section_6_usp_2_title":"Live-Ranking & Preisverleihung","section_6_usp_2_text":"F\u00fcr gr\u00f6\u00dfere Gruppen geben unsere Gastgeber die Endergebnisse bekannt und verk\u00fcnden das Gewinnerteam mit einem unterhaltsamen Award-Moment.","section_6_usp_3_title":"Beaufsichtigter Start & Abschluss","section_6_usp_3_text":"Wir begr\u00fc\u00dfen deine Gruppe, erkl\u00e4ren das Spiel deutlich und enden mit einem spannenden Abschluss.","section_6_usp_4_title":"Echtzeit-Unterst\u00fctzung w\u00e4hrend des Spiels","section_6_usp_4_text":"Unser Team unterst\u00fctzt dich bei Ger\u00e4ten, App-Problemen und Koordination w\u00e4hrend des gesamten Erlebnisses.","section_6_usp_5_title":"Tablets inklusive (optional)","section_6_usp_5_text":"Verf\u00fcgbar f\u00fcr Gruppen, die unsere Ger\u00e4te statt eigener bevorzugen.","section_6_text_3":"Weltweit von Teams vertraut, von kleinen Gruppen bis zu gro\u00dfen Firmenevents.","section_6_cta":"Plane dein Gruppen-Event","section_7_h2_reviews":"Was andere \u00fcber unsere City Games denken","section_7_cta_1":"Alle h\u00e4ufig gestellten Fragen anzeigen","section_7_cta_2":"Unterst\u00fctzung erhalten","section_8_h2_faq":"Hast du Fragen? Wir haben Antworten!","section_8_text":"Erkunde St\u00e4dte auf spielerische und interaktive Weise mit unseren City Games. L\u00f6se R\u00e4tsel, entdecke versteckte Orte und erkunde die Stadt, w\u00e4hrend du mit Freunden, der Familie oder Kollegen spielst \u2013 wann immer es dir passt.","section_8_cta_1":"Alle h\u00e4ufig gestellten Fragen anzeigen","section_8_cta_2":"Unterst\u00fctzung erhalten","section_8_question_1":"Was sind City Games in Split?","section_8_answer_1":"City Games in Split sind <strong>interaktive, selbstgesteuerte Erlebnisse<\/strong>, die dir erlauben, die Stadt zu erkunden, w\u00e4hrend du ein Spiel spielst!rnrnMit deinem Smartphone l\u00f6st du R\u00e4tsel, bew\u00e4ltigst Aufgaben und folgst der Handlung deines gew\u00e4hlten City Game, w\u00e4hrend du durch die Stadt gehst.rnrnCity Games kombinieren Teamarbeit, Probleml\u00f6sung und Outdoor-Erkundung und sind somit eine unterhaltsame Aktivit\u00e4t f\u00fcr Besucher, Einheimische und Gruppen gleicherma\u00dfen.","section_8_question_2":"Brauche ich einen Guide, um ein City Game in Split zu spielen?","section_8_answer_2":"<p class=\"kt-adv-heading2034_2420ea-ca wp-block-kadence-advancedheading\" data-kb-block=\"kb-adv-heading2034_2420ea-ca\">Nein, City Games in Split sind <strong>vollst\u00e4ndig selbstgef\u00fchrt<\/strong>. Du brauchst keinen Guide, Host oder Personal vor Ort, um zu spielen. Alle Anweisungen und das Gameplay werden digital bereitgestellt, sodass du mit deinem eigenen Smartphone eigenst\u00e4ndig starten und spielen kannst.<\/p>rnDiese Flexibilit\u00e4t macht City Games leicht in deinen eigenen Zeitplan integrierbar.rn<p class=\"kt-adv-heading2034_cd3db2-33 wp-block-kadence-advancedheading hls-none\" data-kb-block=\"kb-adv-heading2034_cd3db2-33\">F\u00fcr gr\u00f6\u00dfere Gruppen oder Firmenevents ist auch eine vollst\u00e4ndig betreute Version unserer City Games verf\u00fcgbar, einschlie\u00dflich Vor-Ort-Anleitung, Tablets und Live-Support.<\/p>rnPlanst du eine gr\u00f6\u00dfere Gruppe oder ein Firmenevent?","section_8_answer_2_cta":"Erkunde das betreute City Game-Erlebnis f\u00fcr Gruppen","section_8_question_3":"Wann k\u00f6nnen wir in Split mit einem City Game beginnen?","section_8_answer_3":"Du kannst sofort loslegen, <strong>wann immer es dir passt<\/strong>! City Games in Split haben keine festen Startzeiten, du kannst also jederzeit beginnen, wenn es zu deinen Pl\u00e4nen passt.rnrnNach der Buchung erh\u00e4ltst du klare Anweisungen, die erkl\u00e4ren, wie und wann du dein City Game starten kannst!","section_8_question_4":"Wie lange dauert ein City Game in Split?","section_8_answer_4":"Die City Games in Split dauern ca. <strong>1,5\u20132 Stunden<\/strong> bis zum Abschluss! Die genaue Dauer h\u00e4ngt von deinem Tempo, wie viele Pausen du machst und wie schnell du die R\u00e4tsel und Herausforderungen l\u00f6st.rnrnDu kannst mit deinem eigenen Tempo spielen und das Spiel jederzeit pausieren!","section_8_question_5":"K\u00f6nnen wir in Split ein City Game mit einer gro\u00dfen Gruppe spielen?","section_8_answer_5":"<p class=\"kt-adv-heading2034_97743b-76 wp-block-kadence-advancedheading\" data-kb-block=\"kb-adv-heading2034_97743b-76\">Ja, City Games eignen sich sowohl f\u00fcr <strong>kleine Gruppen als auch f\u00fcr gr\u00f6\u00dfere Teams<\/strong>. Gro\u00dfe Gruppen k\u00f6nnen sich leicht in kleinere Teams aufteilen und das City Game gleichzeitig spielen, mit mehreren Smartphones. Jedes Team spielt unabh\u00e4ngig und folgt demselben Spielkonzept und derselben Handlung.<\/p>rnDieses Setup funktioniert gut f\u00fcr Gruppen von Freunden, Familien und Firmen und macht City Games zu einer beliebten Wahl f\u00fcr Teamausfl\u00fcge, Veranstaltungen und Teambuilding-Aktivit\u00e4ten.rn<p class=\"kt-adv-heading2034_7442e3-e3 wp-block-kadence-advancedheading hls-none\" data-kb-block=\"kb-adv-heading2034_7442e3-e3\">F\u00fcr gr\u00f6\u00dfere Gruppen oder Firmenevents ist auch eine vollst\u00e4ndig betreute Version unserer City Games verf\u00fcgbar, einschlie\u00dflich Vor-Ort-Anleitung, Tablets und Live-Support.<\/p>rnPlanst du eine gr\u00f6\u00dfere Gruppe oder ein Firmenevent?","section_8_answer_5_cta":"Erkunde das betreute City Game-Erlebnis f\u00fcr Gruppen","section_8_question_6":"Sind City Games in Split f\u00fcr Touristen und Einheimische geeignet?","section_8_answer_6":"Ja, City Games in Split eignen sich f\u00fcr <strong>sowohl Touristen als auch Einheimische<\/strong>. Besucher k\u00f6nnen die Stadt interaktiv erleben, w\u00e4hrend Einheimische sich an vertraute Stra\u00dfen als Schauplatz eines City Games erfreuen.rnrnDa sich jedes City Game auf Spielablauf und Erz\u00e4hlung konzentriert, wirkt das Erlebnis frisch, egal wie gut du die Stadt bereits kennst.","section_8_question_7":"Sind City Games in Split in mehreren Sprachen erh\u00e4ltlich?","section_8_answer_7":"Ja, City Games in Split sind <strong>in mehreren Sprachen verf\u00fcgbar<\/strong>. Du kannst vor oder w\u00e4hrend des Spiels deine bevorzugte Sprache ausw\u00e4hlen, wodurch City Games f\u00fcr internationale Besucher und Gruppen mit gemischten Sprachkenntnissen zug\u00e4nglich werden.","section_8_question_8":"Was brauchen wir, um ein City Game in Split zu spielen?","section_8_answer_8":"Um ein City Game in Split zu spielen, ben\u00f6tigst du:","section_8_answer_8_usp_1":"Ein Smartphone mit Internetverbindung","section_8_answer_8_usp_2":"Eine aufgeladene Batterie","section_8_answer_8_usp_3":"Bequeme Wanderschuhe","section_8_answer_8_2":"Alle Spielinhalte und Anleitungen werden nach der Buchung digital bereitgestellt.","section_9_h2_instagram":"Mehr auf Instagram sehen","section_9_text":"Reiseinspirationen, R\u00e4tsel, versteckte Sch\u00e4tze und City Game-Momente, direkt aus unserer Community","section_9_cta":"Folge uns auf Instagram","section_10_h2_page_ending":"Bereit f\u00fcr ein unvergessliches Abenteuer in Split?","section_10_text":"Erkunde Split auf einzigartige und interaktive Weise mit unseren City Games. Spiele heute und schaffe bleibende Erinnerungen!","section_10_cta":"Buche jetzt dein City Game","latitude":43.5089168,"longitude":16.4386783,"country":false,"map_enabled":true},"yoast_head":"<!-- This site is optimized with the Yoast SEO Premium plugin v26.2 (Yoast SEO v27.4) - https:\/\/yoast.com\/product\/yoast-seo-premium-wordpress\/ -->\n<title>City Game Split - City Game<\/title>\n<meta name=\"robots\" content=\"index, follow, max-snippet:-1, max-image-preview:large, max-video-preview:-1\" \/>\n<link rel=\"canonical\" href=\"https:\/\/citygame.com\/de\/standorte\/city-game-kroatien\/city-game-split-2\/\" \/>\n<meta property=\"og:locale\" content=\"de_DE\" \/>\n<meta property=\"og:type\" content=\"article\" \/>\n<meta property=\"og:title\" content=\"City Game Split\" \/>\n<meta property=\"og:url\" content=\"https:\/\/citygame.com\/de\/standorte\/city-game-kroatien\/city-game-split-2\/\" \/>\n<meta property=\"og:site_name\" content=\"City Game\" \/>\n<meta property=\"article:publisher\" content=\"https:\/\/www.facebook.com\/profile.php?id=100086426226253\" \/>\n<meta property=\"article:modified_time\" content=\"2026-04-28T08:53:09+00:00\" \/>\n<meta property=\"og:image\" content=\"https:\/\/citygame.com\/wp-content\/blogs.dir\/1\/files\/2026\/01\/split-diocletians-palace-waterfront.jpg\" \/>\n\t<meta property=\"og:image:width\" content=\"1376\" \/>\n\t<meta property=\"og:image:height\" content=\"768\" \/>\n\t<meta property=\"og:image:type\" content=\"image\/jpeg\" \/>\n<meta name=\"twitter:card\" content=\"summary_large_image\" \/>\n<script type=\"application\/ld+json\" class=\"yoast-schema-graph\">{\"@context\":\"https:\\\/\\\/schema.org\",\"@graph\":[{\"@type\":\"WebPage\",\"@id\":\"https:\\\/\\\/citygame.com\\\/de\\\/standorte\\\/city-game-kroatien\\\/city-game-split-2\\\/\",\"url\":\"https:\\\/\\\/citygame.com\\\/de\\\/standorte\\\/city-game-kroatien\\\/city-game-split-2\\\/\",\"name\":\"City Game Split - City Game\",\"isPartOf\":{\"@id\":\"https:\\\/\\\/citygame.com\\\/de\\\/#website\"},\"primaryImageOfPage\":{\"@id\":\"https:\\\/\\\/citygame.com\\\/de\\\/standorte\\\/city-game-kroatien\\\/city-game-split-2\\\/#primaryimage\"},\"image\":{\"@id\":\"https:\\\/\\\/citygame.com\\\/de\\\/standorte\\\/city-game-kroatien\\\/city-game-split-2\\\/#primaryimage\"},\"thumbnailUrl\":\"https:\\\/\\\/citygame.com\\\/wp-content\\\/blogs.dir\\\/1\\\/files\\\/2026\\\/01\\\/split-diocletians-palace-waterfront.jpg\",\"datePublished\":\"2026-01-30T08:07:22+00:00\",\"dateModified\":\"2026-04-28T08:53:09+00:00\",\"breadcrumb\":{\"@id\":\"https:\\\/\\\/citygame.com\\\/de\\\/standorte\\\/city-game-kroatien\\\/city-game-split-2\\\/#breadcrumb\"},\"inLanguage\":\"de\",\"potentialAction\":[{\"@type\":\"ReadAction\",\"target\":[\"https:\\\/\\\/citygame.com\\\/de\\\/standorte\\\/city-game-kroatien\\\/city-game-split-2\\\/\"]}]},{\"@type\":\"ImageObject\",\"inLanguage\":\"de\",\"@id\":\"https:\\\/\\\/citygame.com\\\/de\\\/standorte\\\/city-game-kroatien\\\/city-game-split-2\\\/#primaryimage\",\"url\":\"https:\\\/\\\/citygame.com\\\/wp-content\\\/blogs.dir\\\/1\\\/files\\\/2026\\\/01\\\/split-diocletians-palace-waterfront.jpg\",\"contentUrl\":\"https:\\\/\\\/citygame.com\\\/wp-content\\\/blogs.dir\\\/1\\\/files\\\/2026\\\/01\\\/split-diocletians-palace-waterfront.jpg\",\"width\":1376,\"height\":768,\"caption\":\"The historic Diocletian's Palace and the Cathedral of Saint Domnius tower over the Split waterfront promenade.\"},{\"@type\":\"BreadcrumbList\",\"@id\":\"https:\\\/\\\/citygame.com\\\/de\\\/standorte\\\/city-game-kroatien\\\/city-game-split-2\\\/#breadcrumb\",\"itemListElement\":[{\"@type\":\"ListItem\",\"position\":1,\"name\":\"Home\",\"item\":\"https:\\\/\\\/citygame.com\\\/de\\\/\"},{\"@type\":\"ListItem\",\"position\":2,\"name\":\"Locations\",\"item\":\"https:\\\/\\\/citygame.com\\\/de\\\/?page_id=1598\"},{\"@type\":\"ListItem\",\"position\":3,\"name\":\"City Game Croatia\",\"item\":\"https:\\\/\\\/citygame.com\\\/de\\\/locations\\\/croatia\\\/\"},{\"@type\":\"ListItem\",\"position\":4,\"name\":\"City Game Split\"}]},{\"@type\":\"WebSite\",\"@id\":\"https:\\\/\\\/citygame.com\\\/de\\\/#website\",\"url\":\"https:\\\/\\\/citygame.com\\\/de\\\/\",\"name\":\"City Game\",\"description\":\"\",\"publisher\":{\"@id\":\"https:\\\/\\\/citygame.com\\\/de\\\/#organization\"},\"alternateName\":\"citygame.com\",\"potentialAction\":[{\"@type\":\"SearchAction\",\"target\":{\"@type\":\"EntryPoint\",\"urlTemplate\":\"https:\\\/\\\/citygame.com\\\/de\\\/?s={search_term_string}\"},\"query-input\":{\"@type\":\"PropertyValueSpecification\",\"valueRequired\":true,\"valueName\":\"search_term_string\"}}],\"inLanguage\":\"de\"},{\"@type\":\"Organization\",\"@id\":\"https:\\\/\\\/citygame.com\\\/de\\\/#organization\",\"name\":\"City Game\",\"alternateName\":\"citygame.com\",\"url\":\"https:\\\/\\\/citygame.com\\\/de\\\/\",\"logo\":{\"@type\":\"ImageObject\",\"inLanguage\":\"de\",\"@id\":\"https:\\\/\\\/citygame.com\\\/de\\\/#\\\/schema\\\/logo\\\/image\\\/\",\"url\":\"https:\\\/\\\/citygame.com\\\/wp-content\\\/blogs.dir\\\/1\\\/files\\\/2025\\\/10\\\/CG_LOGO-City-Game.png\",\"contentUrl\":\"https:\\\/\\\/citygame.com\\\/wp-content\\\/blogs.dir\\\/1\\\/files\\\/2025\\\/10\\\/CG_LOGO-City-Game.png\",\"width\":351,\"height\":377,\"caption\":\"City Game\"},\"image\":{\"@id\":\"https:\\\/\\\/citygame.com\\\/de\\\/#\\\/schema\\\/logo\\\/image\\\/\"},\"sameAs\":[\"https:\\\/\\\/www.facebook.com\\\/profile.php?id=100086426226253\",\"https:\\\/\\\/www.instagram.com\\\/citygame_com\",\"https:\\\/\\\/www.tiktok.com\\\/@citygamecom\\\/\",\"https:\\\/\\\/www.linkedin.com\\\/company\\\/citygame-com\"],\"description\":\"Turn any city into a playground with our interactive City Games and self-guided tours. Fun, flexible, and ideal for groups and team building.\"}]}<\/script>\n<!-- \/ Yoast SEO Premium plugin. -->","yoast_head_json":{"title":"City Game Split - City Game","robots":{"index":"index","follow":"follow","max-snippet":"max-snippet:-1","max-image-preview":"max-image-preview:large","max-video-preview":"max-video-preview:-1"},"canonical":"https:\/\/citygame.com\/de\/standorte\/city-game-kroatien\/city-game-split-2\/","og_locale":"de_DE","og_type":"article","og_title":"City Game Split","og_url":"https:\/\/citygame.com\/de\/standorte\/city-game-kroatien\/city-game-split-2\/","og_site_name":"City Game","article_publisher":"https:\/\/www.facebook.com\/profile.php?id=100086426226253","article_modified_time":"2026-04-28T08:53:09+00:00","og_image":[{"width":1376,"height":768,"url":"https:\/\/citygame.com\/wp-content\/blogs.dir\/1\/files\/2026\/01\/split-diocletians-palace-waterfront.jpg","type":"image\/jpeg"}],"twitter_card":"summary_large_image","schema":{"@context":"https:\/\/schema.org","@graph":[{"@type":"WebPage","@id":"https:\/\/citygame.com\/de\/standorte\/city-game-kroatien\/city-game-split-2\/","url":"https:\/\/citygame.com\/de\/standorte\/city-game-kroatien\/city-game-split-2\/","name":"City Game Split - City Game","isPartOf":{"@id":"https:\/\/citygame.com\/de\/#website"},"primaryImageOfPage":{"@id":"https:\/\/citygame.com\/de\/standorte\/city-game-kroatien\/city-game-split-2\/#primaryimage"},"image":{"@id":"https:\/\/citygame.com\/de\/standorte\/city-game-kroatien\/city-game-split-2\/#primaryimage"},"thumbnailUrl":"https:\/\/citygame.com\/wp-content\/blogs.dir\/1\/files\/2026\/01\/split-diocletians-palace-waterfront.jpg","datePublished":"2026-01-30T08:07:22+00:00","dateModified":"2026-04-28T08:53:09+00:00","breadcrumb":{"@id":"https:\/\/citygame.com\/de\/standorte\/city-game-kroatien\/city-game-split-2\/#breadcrumb"},"inLanguage":"de","potentialAction":[{"@type":"ReadAction","target":["https:\/\/citygame.com\/de\/standorte\/city-game-kroatien\/city-game-split-2\/"]}]},{"@type":"ImageObject","inLanguage":"de","@id":"https:\/\/citygame.com\/de\/standorte\/city-game-kroatien\/city-game-split-2\/#primaryimage","url":"https:\/\/citygame.com\/wp-content\/blogs.dir\/1\/files\/2026\/01\/split-diocletians-palace-waterfront.jpg","contentUrl":"https:\/\/citygame.com\/wp-content\/blogs.dir\/1\/files\/2026\/01\/split-diocletians-palace-waterfront.jpg","width":1376,"height":768,"caption":"The historic Diocletian's Palace and the Cathedral of Saint Domnius tower over the Split waterfront promenade."},{"@type":"BreadcrumbList","@id":"https:\/\/citygame.com\/de\/standorte\/city-game-kroatien\/city-game-split-2\/#breadcrumb","itemListElement":[{"@type":"ListItem","position":1,"name":"Home","item":"https:\/\/citygame.com\/de\/"},{"@type":"ListItem","position":2,"name":"Locations","item":"https:\/\/citygame.com\/de\/?page_id=1598"},{"@type":"ListItem","position":3,"name":"City Game Croatia","item":"https:\/\/citygame.com\/de\/locations\/croatia\/"},{"@type":"ListItem","position":4,"name":"City Game Split"}]},{"@type":"WebSite","@id":"https:\/\/citygame.com\/de\/#website","url":"https:\/\/citygame.com\/de\/","name":"City Game","description":"","publisher":{"@id":"https:\/\/citygame.com\/de\/#organization"},"alternateName":"citygame.com","potentialAction":[{"@type":"SearchAction","target":{"@type":"EntryPoint","urlTemplate":"https:\/\/citygame.com\/de\/?s={search_term_string}"},"query-input":{"@type":"PropertyValueSpecification","valueRequired":true,"valueName":"search_term_string"}}],"inLanguage":"de"},{"@type":"Organization","@id":"https:\/\/citygame.com\/de\/#organization","name":"City Game","alternateName":"citygame.com","url":"https:\/\/citygame.com\/de\/","logo":{"@type":"ImageObject","inLanguage":"de","@id":"https:\/\/citygame.com\/de\/#\/schema\/logo\/image\/","url":"https:\/\/citygame.com\/wp-content\/blogs.dir\/1\/files\/2025\/10\/CG_LOGO-City-Game.png","contentUrl":"https:\/\/citygame.com\/wp-content\/blogs.dir\/1\/files\/2025\/10\/CG_LOGO-City-Game.png","width":351,"height":377,"caption":"City Game"},"image":{"@id":"https:\/\/citygame.com\/de\/#\/schema\/logo\/image\/"},"sameAs":["https:\/\/www.facebook.com\/profile.php?id=100086426226253","https:\/\/www.instagram.com\/citygame_com","https:\/\/www.tiktok.com\/@citygamecom\/","https:\/\/www.linkedin.com\/company\/citygame-com"],"description":"Turn any city into a playground with our interactive City Games and self-guided tours. Fun, flexible, and ideal for groups and team building."}]}},"taxonomy_info":{"cg_page_type":[{"value":45,"label":"City overview page"}]},"featured_image_src_large":["https:\/\/citygame.com\/wp-content\/blogs.dir\/1\/files\/2026\/01\/split-diocletians-palace-waterfront-1024x572.jpg",1024,572,true],"author_info":{"display_name":"Philip","author_link":"https:\/\/citygame.com\/de\/blog\/author\/sophi2\/"},"comment_info":0,"wpml_current_locale":"de_DE","wpml_translations":{"nl_NL":{"locale":"nl_NL","id":230341,"slug":"city-game-split-2","post_title":"City Game Split","href":"https:\/\/citygame.com\/nl\/locaties\/city-game-kroatie\/city-game-split-2\/"},"en_US":{"locale":"en_US","id":7897,"slug":"city-game-split","post_title":"City Game Split","href":"https:\/\/citygame.com\/locations\/croatia\/city-game-split\/"},"fr_FR":{"locale":"fr_FR","id":230346,"slug":"city-game-split-2","post_title":"City Game Split","href":"https:\/\/citygame.com\/fr\/emplacements\/city-game-croatie\/city-game-split-2\/"},"de_DE":{"locale":"de_DE","translation":"current"},"it_IT":{"locale":"it_IT","id":230348,"slug":"city-game-split-2","post_title":"City Game Split","href":"https:\/\/citygame.com\/it\/luoghi\/city-game-croazia\/city-game-split-2\/"},"es_ES":{"locale":"es_ES","id":230344,"slug":"city-game-split-2","post_title":"City Game Split","href":"https:\/\/citygame.com\/es\/localizaciones\/city-game-croacia\/city-game-split-2\/"}},"_links":{"self":[{"href":"https:\/\/citygame.com\/de\/wp-json\/wp\/v2\/pages\/230342","targetHints":{"allow":["GET"]}}],"collection":[{"href":"https:\/\/citygame.com\/de\/wp-json\/wp\/v2\/pages"}],"about":[{"href":"https:\/\/citygame.com\/de\/wp-json\/wp\/v2\/types\/page"}],"author":[{"embeddable":true,"href":"https:\/\/citygame.com\/de\/wp-json\/wp\/v2\/users\/78"}],"replies":[{"embeddable":true,"href":"https:\/\/citygame.com\/de\/wp-json\/wp\/v2\/comments?post=230342"}],"version-history":[{"count":0,"href":"https:\/\/citygame.com\/de\/wp-json\/wp\/v2\/pages\/230342\/revisions"}],"up":[{"embeddable":true,"href":"https:\/\/citygame.com\/de\/wp-json\/wp\/v2\/pages\/225751"}],"acf:term":[{"embeddable":true,"taxonomy":"location","href":"https:\/\/citygame.com\/de\/wp-json\/wp\/v2\/location\/378"}],"wp:featuredmedia":[{"embeddable":true,"href":"https:\/\/citygame.com\/de\/wp-json\/wp\/v2\/media\/7886"}],"wp:attachment":[{"href":"https:\/\/citygame.com\/de\/wp-json\/wp\/v2\/media?parent=230342"}],"wp:term":[{"taxonomy":"cities-only-parent-location","embeddable":true,"href":"https:\/\/citygame.com\/de\/wp-json\/wp\/v2\/cities-only-parent-location?post=230342"},{"taxonomy":"countries-only-parent-locations","embeddable":true,"href":"https:\/\/citygame.com\/de\/wp-json\/wp\/v2\/countries-only-parent-locations?post=230342"},{"taxonomy":"seo_keyword","embeddable":true,"href":"https:\/\/citygame.com\/de\/wp-json\/wp\/v2\/seo_keyword?post=230342"},{"taxonomy":"cg_page_type","embeddable":true,"href":"https:\/\/citygame.com\/de\/wp-json\/wp\/v2\/cg_page_type?post=230342"}],"curies":[{"name":"wp","href":"https:\/\/api.w.org\/{rel}","templated":true}]}}