{"id":230370,"date":"2026-04-28T09:29:38","date_gmt":"2026-04-28T09:29:38","guid":{"rendered":"https:\/\/citygame.com\/locations\/malaysia\/city-game-kuala-lumpur-2\/"},"modified":"2026-04-28T09:29:38","modified_gmt":"2026-04-28T09:29:38","slug":"city-game-kuala-lumpur-2","status":"publish","type":"page","link":"https:\/\/citygame.com\/de\/standorte\/city-game-malaysia\/city-game-kuala-lumpur-2\/","title":{"rendered":"City Game Kuala Lumpur"},"content":{"rendered":"","protected":false},"excerpt":{"rendered":"","protected":false},"author":78,"featured_media":16706,"parent":226242,"menu_order":0,"comment_status":"closed","ping_status":"closed","template":"","meta":{"_acf_changed":false,"_yoast_wpseo_focuskw":"City Game Kuala Lumpur","_yoast_wpseo_metadesc":"","_kad_blocks_custom_css":"","_kad_blocks_head_custom_js":"","_kad_blocks_body_custom_js":"","_kad_blocks_footer_custom_js":"","_kad_post_transparent":"","_kad_post_title":"","_kad_post_layout":"","_kad_post_sidebar_id":"","_kad_post_content_style":"","_kad_post_vertical_padding":"","_kad_post_feature":"","_kad_post_feature_position":"","_kad_post_header":false,"_kad_post_footer":false,"_kad_post_classname":"","footnotes":""},"cities-only-parent-location":[],"countries-only-parent-locations":[],"seo_keyword":[],"cg_page_type":[45],"class_list":["post-230370","page","type-page","status-publish","has-post-thumbnail","hentry","cg_page_type-city-overview-page"],"acf":{"city_name":"Kuala Lumpur","select_city":231,"section_1_h2_city_games_in_city":"City Games in Kuala Lumpur","intro_text":"City Games sind in Kuala Lumpur verf\u00fcgbar und bieten eine einzigartige M\u00f6glichkeit, die Stadt durch interaktives Gameplay zu erleben. Mit Ihrem Smartphone l\u00f6sen Sie R\u00e4tsel und bew\u00e4ltigen Aufgaben, w\u00e4hrend Sie durch verschiedene Stadtteile ziehen. Als selbstgef\u00fchrte Aktivit\u00e4t konzipiert, l\u00e4sst jedes Spiel Sie Kuala Lumpur in Ihrem eigenen Tempo erkunden.","section_1_usp_1":"Starten, Pausieren & Fortsetzen, wann immer Sie m\u00f6chten","section_1_usp_2":"Unabh\u00e4ngig spielen","section_1_usp_3":"1\u20134 oder 2\u20135 Personen pro Smartphone, je nach Spiel","section_1_usp_4":"1,5\u20132 Stunden Spielzeit","section_1_usp_5":"3\u20134 km Gehstrecke","section_1_usp_6":"Internetverbindung erforderlich","section_1_text_2":"W\u00e4hlen Sie Ihr City Game und beginnen Sie noch heute mit dem Spiel!","section_1_cta":"Alle City Games ansehen","intro_image":16707,"section_2_h2_all_city_games_in_city":"All City Games in Kuala Lumpur","section_3_h2_how_city_games_work_in_city":"How City Games work in Kuala Lumpur","section_3_text":"Der Einstieg ist einfach. W\u00e4hlen Sie Ihr City Game in Kuala Lumpur, buchen Sie Ihr Abenteuer und beginnen Sie zu spielen, wann es Ihnen passt. Alles, was Sie ben\u00f6tigen, wird Ihnen sofort nach der Buchung zugesendet: kein Guide, keine festen Startzeiten \u2013 nur Ihr Team und die Stadt.","section_3_usp_1":"1,5\u20132 Stunden Spielzeit","section_3_usp_2":"3\u20134 km Gehstrecke durch die Stadt","section_3_usp_3":"Starten, Pausieren und Fortsetzen, wann immer Sie m\u00f6chten","section_3_usp_4":"1\u20134 oder 2\u20135 Personen pro Smartphone, je nach Ihrem Spiel","section_3_usp_5":"Unabh\u00e4ngig mit eigenem Ger\u00e4t spielen","section_3_usp_6":"Internetverbindung w\u00e4hrend des Spiels erforderlich","section_3_cta":"W\u00e4hlen Sie Ihre Stadt","section_3_step_1":"Schritt 1","section_3_step_1_title":"W\u00e4hlen Sie Ihre Stadt und Ihr City Game","section_3_step_1_text":"W\u00e4hlen Sie die Stadt, in der Sie spielen m\u00f6chten, und buchen Sie Ihr City Game online in nur wenigen Klicks.","section_3_step_2":"Schritt 2","section_3_step_2_title":"Erhalten Sie Ihre Spielanleitung","section_3_step_2_text":"Nach der Buchung erhalten Sie sofort eine E-Mail mit allen Anleitungen und dem Zugriff auf das Spiel.","section_3_step_3":"Schritt 3","section_3_step_3_title":"Gehen Sie zum Startort","section_3_step_3_text":"Gehen Sie zum Startpunkt in der Stadt, wann es Ihnen passt. Es gibt keine festen Startzeiten.","section_3_step_4":"Schritt 4","section_3_step_4_title":"Starten Sie Ihr City Game","section_3_step_4_text":"Folgen Sie den Hinweisen, l\u00f6sen Sie R\u00e4tsel und entdecken Sie die Stadt, w\u00e4hrend Sie unterwegs unterhaltsame Herausforderungen meistern.","how_city_games_work_image":16708,"section_4_h2_who_are_city_games_in_city_for":"Who are City Games in Kuala Lumpur for?","section_4_text":"City Games in Kuala Lumpur sind f\u00fcr jeden gedacht, der die Stadt auf interaktive und flexible Weise erleben m\u00f6chte. Egal, ob Sie Kuala Lumpur zum ersten Mal besuchen oder die Stadt bereits gut kennen, bieten City Games eine unterhaltsame Aktivit\u00e4t, die sich m\u00fchelos in Ihren Tag integrieren l\u00e4sst.","section_4_text_2":"City Games in Kuala Lumpur eignen sich f\u00fcr:","section_4_usp_1":"Alleinspieler oder kleine Gruppen, die nach einem flexiblen Abenteuer suchen","section_4_usp_2":"Touristen, die Kuala Lumpur erkunden","section_4_usp_3":"Freunde und Familien auf der Suche nach einer unterhaltsamen Aktivit\u00e4t","section_4_usp_4":"Unternehmen und Teams, die eine Teambuilding-Veranstaltung planen","section_4_usp_5":"Einheimische, die ihre eigene Stadt neu entdecken m\u00f6chten","section_4_cta":"Finde ein City Game in deiner Stadt","who_are_city_games_for_image":16709,"section_5_h2_exploring_city":"Kuala Lumpur erkunden","exploring_city_text":"Die Erkundung von Kuala Lumpur offenbart eine dynamische Mischung aus Alt und Neu, wo Geb\u00e4ude aus der Kolonialzeit neben modernen Wolkenkratzern stehen. Das historische Herz der Stadt, rund um den Merdeka-Platz, vermittelt ein Gef\u00fchl der kolonialen Vergangenheit, mit Geb\u00e4uden wie dem Sultan Abdul Samad Building, die das Stra\u00dfenbild verankern. Ein Spaziergang durch dieses Gebiet vermittelt einen starken Eindruck davon, wie Kuala Lumpur sich entwickelt hat, w\u00e4hrend Spuren seiner vielschichtigen Geschichte bewahrt bleiben.\n\nWestlich davon bieten die Lake Gardens und die umliegenden Gr\u00fcnfl\u00e4chen einen ruhigeren Kontrast zum st\u00e4dtischen Tempo. Viertel wie Brickfields f\u00fcgen zus\u00e4tzliche Textur hinzu, bekannt f\u00fcr ihre lebendige kulturelle Pr\u00e4senz und sensorisch reiche Stra\u00dfen. Gemeinsam schaffen diese Bezirke ein Stadt-Erlebnis, das von baumges\u00e4umten Parkwegen bis zu den dichten, duftenden Korridoren von Little India gepr\u00e4gt ist.","exploring_city_image":16710,"section_6_h2_hosted_game":"Your favourite City Games, professionally hosted by our team","section_6_text":"Genie\u00dfen Sie dieselben City Games wie in unserer selbstgef\u00fchrten Version, jedoch mit umfassender Vor-Ort-Unterst\u00fctzung durch unsere professionellen Hosts. Wir k\u00fcmmern uns um das Briefing, Tablets, Koordination und technischen Support, damit Ihre Gruppe sich vollst\u00e4ndig auf den Spa\u00df und den Wettbewerb konzentrieren kann.","section_6_text_2":"What\u2019s included:","section_6_usp_1_title":"Dasselbe City Game, vollst\u00e4ndig betreut","section_6_usp_1_text":"Sie erleben exakt dasselbe Erlebnis wie in unserer selbstgef\u00fchrten Version, nun mit unseren Hosts, die Ihre Gruppe anleiten.","section_6_usp_2_title":"Live-Ranking & Preisverleihung","section_6_usp_2_text":"F\u00fcr gr\u00f6\u00dfere Gruppen geben unsere Hosts die Endst\u00e4nde bekannt und verk\u00fcnden das siegreiche Team mit einem unterhaltsamen Preis-Moment.","section_6_usp_3_title":"Begleiteter Start & Abschluss","section_6_usp_3_text":"Wir begr\u00fc\u00dfen Ihre Gruppe, erkl\u00e4ren das Spiel deutlich und enden mit einem spannenden Abschluss.","section_6_usp_4_title":"Echtzeit-Support w\u00e4hrend des Spiels","section_6_usp_4_text":"Unser Team unterst\u00fctzt bei Ger\u00e4ten, App-Problemen und Koordination w\u00e4hrend der gesamten Erfahrung.","section_6_usp_5_title":"Tablets inklusive (optional)","section_6_usp_5_text":"Verf\u00fcgbar f\u00fcr Gruppen, die lieber unsere Ger\u00e4te statt eigener verwenden m\u00f6chten.","section_6_text_3":"Weltweit von Teams gesch\u00e4tzt, von kleinen Gruppen bis hin zu gro\u00dfen Firmenveranstaltungen.","section_6_cta":"Planen Sie Ihre Gruppenveranstaltung","section_7_h2_reviews":"Was andere von unseren City Games halten","section_7_cta_1":"Alle h\u00e4ufig gestellten Fragen anzeigen","section_7_cta_2":"Unterst\u00fctzung erhalten","section_8_h2_faq":"Haben Sie Fragen? Wir haben Antworten!","section_8_text":"Entdecken Sie St\u00e4dte auf unterhaltsame und interaktive Weise mit unseren City Games. L\u00f6sen Sie R\u00e4tsel, entdecken Sie versteckte Orte und erkunden Sie die Stadt, w\u00e4hrend Sie mit Freunden, Familie oder Kollegen spielen \u2013 wann immer es Ihnen passt.","section_8_cta_1":"Alle h\u00e4ufig gestellten Fragen anzeigen","section_8_cta_2":"Unterst\u00fctzung erhalten","section_8_question_1":"Was sind City Games in Kuala Lumpur?","section_8_answer_1":"City Games in Kuala Lumpur sind <strong>interaktive, selbstgef\u00fchrte Erlebnisse<\/strong>, die es Ihnen erm\u00f6glichen, die Stadt beim Spielen eines Spiels zu erkunden!\r\n\r\nMit Ihrem Smartphone l\u00f6sen Sie R\u00e4tsel, bew\u00e4ltigen Aufgaben und folgen der Handlung Ihres gew\u00e4hlten City Game, w\u00e4hrend Sie durch die Stadt gehen.\r\n\r\nCity Games verbinden Teamarbeit, Probleml\u00f6sung und Outdoor-Erkundung und bieten Besuchern, Einheimischen und Gruppen gleicherma\u00dfen eine unterhaltsame Aktivit\u00e4t.","section_8_question_2":"Brauche ich einen Guide, um ein City Game in Kuala Lumpur zu spielen?","section_8_answer_2":"<p class=\"kt-adv-heading2034_2420ea-ca wp-block-kadence-advancedheading\" data-kb-block=\"kb-adv-heading2034_2420ea-ca\">Nein, City Games in Kuala Lumpur sind <strong>vollst\u00e4ndig selbstgef\u00fchrt<\/strong>. Sie ben\u00f6tigen weder Guide noch Host oder Vor-Ort-Personal, um zu spielen. Alle Anleitungen und das Gameplay werden digital bereitgestellt, sodass Sie eigenst\u00e4ndig mit Ihrem eigenen Smartphone starten und spielen k\u00f6nnen.<\/p>\r\nDiese Flexibilit\u00e4t macht City Games leicht in Ihren eigenen Zeitplan integrierbar.\r\n<p class=\"kt-adv-heading2034_cd3db2-33 wp-block-kadence-advancedheading hls-none\" data-kb-block=\"kb-adv-heading2034_cd3db2-33\">F\u00fcr gr\u00f6\u00dfere Gruppen oder firmenbezogene Veranstaltungen ist auch eine vollst\u00e4ndig betreute Version unserer City Games verf\u00fcgbar, inklusive Vor-Ort-Anleitung, Tablets und Live-Support.<\/p>\r\nPlanen Sie eine gr\u00f6\u00dfere Gruppe oder eine firmenbezogene Veranstaltung?","section_8_answer_2_cta":"Erkunden Sie das betreute City Game-Erlebnis f\u00fcr Gruppen","section_8_question_3":"Wann k\u00f6nnen wir mit einem City Game in Kuala Lumpur beginnen?","section_8_answer_3":"Sie k\u00f6nnen jederzeit loslegen, <strong>wann es Ihnen passt<\/strong>! City Games in Kuala Lumpur haben keine festen Startzeiten, daher k\u00f6nnen Sie zu dem Moment beginnen, der in Ihre Pl\u00e4ne passt.\r\n\r\nNach der Buchung erhalten Sie klare Anweisungen, die erkl\u00e4ren, wie und wann Sie Ihr City Game starten k\u00f6nnen!","section_8_question_4":"Wie lange dauert ein City Game in Kuala Lumpur?","section_8_answer_4":"Die City Games in Kuala Lumpur dauern ca. <strong>1,5\u20132 Stunden<\/strong> bis zum Abschluss! Die genaue Dauer h\u00e4ngt von Ihrem Tempo, der Anzahl der Pausen und davon ab, wie schnell Sie die R\u00e4tsel und Herausforderungen l\u00f6sen.\r\n\r\nSie k\u00f6nnen in Ihrem eigenen Tempo spielen und das Spiel jederzeit pausieren!","section_8_question_5":"K\u00f6nnen wir ein City Game in Kuala Lumpur mit einer gro\u00dfen Gruppe spielen?","section_8_answer_5":"<p class=\"kt-adv-heading2034_97743b-76 wp-block-kadence-advancedheading\" data-kb-block=\"kb-adv-heading2034_97743b-76\">Ja, City Games eignen sich sowohl f\u00fcr <strong>kleine Gruppen als auch gr\u00f6\u00dfere Teams<\/strong>. Gro\u00dfe Gruppen k\u00f6nnen problemlos in kleinere Teams aufgeteilt werden und das City Game gleichzeitig spielen, wobei mehrere Smartphones verwendet werden. Jedes Team spielt unabh\u00e4ngig und folgt dem gleichen Spielkonzept und der gleichen Handlung.<\/p>\r\nDieses Setup funktioniert gut f\u00fcr Freundesgruppen, Familien und Unternehmen und macht City Games zu einer beliebten Wahl f\u00fcr Teamevents, Veranstaltungen und Teambuilding-Aktivit\u00e4ten.\r\n<p class=\"kt-adv-heading2034_7442e3-e3 wp-block-kadence-advancedheading hls-none\" data-kb-block=\"kb-adv-heading2034_7442e3-e3\">F\u00fcr gr\u00f6\u00dfere Gruppen oder firmenbezogene Veranstaltungen ist auch eine vollst\u00e4ndig betreute Version unserer City Games verf\u00fcgbar, einschlie\u00dflich Vor-Ort-Anleitung, Tablets und Live-Support.<\/p>\r\nPlanen Sie eine gr\u00f6\u00dfere Gruppe oder eine firmenbezogene Veranstaltung?","section_8_answer_5_cta":"Erkunden Sie das betreute City Game-Erlebnis f\u00fcr Gruppen","section_8_question_6":"Sind City Games in Kuala Lumpur f\u00fcr Touristen und Einheimische geeignet?","section_8_answer_6":"Ja, City Games in Kuala Lumpur sind sowohl f\u00fcr <strong>sowohl Touristen als auch Einheimische<\/strong> geeignet. Besucher k\u00f6nnen die Stadt auf interaktive Weise erleben, w\u00e4hrend Einheimische vertraute Stra\u00dfen als Kulisse f\u00fcr ein City Game genie\u00dfen k\u00f6nnen.\r\n\r\nDa sich jedes City Game auf Gameplay und Erz\u00e4hlung konzentriert, wirkt das Erlebnis frisch, unabh\u00e4ngig davon, wie gut Sie die Stadt bereits kennen.","section_8_question_7":"Sind City Games in Kuala Lumpur in mehreren Sprachen verf\u00fcgbar?","section_8_answer_7":"Ja, City Games in Kuala Lumpur sind <strong>in mehreren Sprachen verf\u00fcgbar<\/strong>. Sie k\u00f6nnen Ihre bevorzugte Sprache vor oder w\u00e4hrend des Spiels ausw\u00e4hlen, wodurch City Games f\u00fcr internationale Besucher und Gruppen mit gemischten Sprachen zug\u00e4nglich sind.","section_8_question_8":"Was ben\u00f6tigen wir, um ein City Game in Kuala Lumpur zu spielen?","section_8_answer_8":"Um ein City Game in Kuala Lumpur zu spielen, ben\u00f6tigen Sie:","section_8_answer_8_usp_1":"Ein Smartphone mit Internetverbindung","section_8_answer_8_usp_2":"Eine aufgeladene Batterie","section_8_answer_8_usp_3":"Bequeme Wanderschuhe","section_8_answer_8_2":"Alle Spielinhalte und Anleitungen werden nach der Buchung digital bereitgestellt.","section_9_h2_instagram":"Mehr auf Instagram","section_9_text":"Reiseinspiration, R\u00e4tsel, versteckte Perlen & City Game-Momente \u2013 direkt aus unserer Community","section_9_cta":"Folgen Sie uns auf Instagram","section_10_h2_page_ending":"Bereit f\u00fcr ein unvergessliches Abenteuer in Kuala Lumpur?","section_10_text":"Erkunden Sie Kuala Lumpur auf einzigartige und interaktive Weise mit unseren City Games. Spielen Sie heute und schaffen Sie bleibende Erinnerungen!","section_10_cta":"Buchen Sie jetzt Ihr City Game","latitude":3.1304796,"longitude":101.6877788,"country":false,"map_enabled":true},"yoast_head":"<!-- This site is optimized with the Yoast SEO Premium plugin v26.2 (Yoast SEO v27.4) - https:\/\/yoast.com\/product\/yoast-seo-premium-wordpress\/ -->\n<title>City Game Kuala Lumpur - City Game<\/title>\n<meta name=\"robots\" content=\"index, follow, max-snippet:-1, max-image-preview:large, max-video-preview:-1\" \/>\n<link rel=\"canonical\" href=\"https:\/\/citygame.com\/de\/standorte\/city-game-malaysia\/city-game-kuala-lumpur-2\/\" \/>\n<meta property=\"og:locale\" content=\"de_DE\" \/>\n<meta property=\"og:type\" content=\"article\" \/>\n<meta property=\"og:title\" content=\"City Game Kuala Lumpur\" \/>\n<meta property=\"og:url\" content=\"https:\/\/citygame.com\/de\/standorte\/city-game-malaysia\/city-game-kuala-lumpur-2\/\" \/>\n<meta property=\"og:site_name\" content=\"City Game\" \/>\n<meta property=\"article:publisher\" content=\"https:\/\/www.facebook.com\/profile.php?id=100086426226253\" \/>\n<meta property=\"og:image\" content=\"https:\/\/citygame.com\/wp-content\/blogs.dir\/1\/files\/2026\/03\/kuala-lumpur-petronas-towers-skyline.jpeg\" \/>\n\t<meta property=\"og:image:width\" content=\"1920\" \/>\n\t<meta property=\"og:image:height\" content=\"1277\" \/>\n\t<meta property=\"og:image:type\" content=\"image\/jpeg\" \/>\n<meta name=\"twitter:card\" content=\"summary_large_image\" \/>\n<script type=\"application\/ld+json\" class=\"yoast-schema-graph\">{\"@context\":\"https:\\\/\\\/schema.org\",\"@graph\":[{\"@type\":\"WebPage\",\"@id\":\"https:\\\/\\\/citygame.com\\\/de\\\/standorte\\\/city-game-malaysia\\\/city-game-kuala-lumpur-2\\\/\",\"url\":\"https:\\\/\\\/citygame.com\\\/de\\\/standorte\\\/city-game-malaysia\\\/city-game-kuala-lumpur-2\\\/\",\"name\":\"City Game Kuala Lumpur - City Game\",\"isPartOf\":{\"@id\":\"https:\\\/\\\/citygame.com\\\/de\\\/#website\"},\"primaryImageOfPage\":{\"@id\":\"https:\\\/\\\/citygame.com\\\/de\\\/standorte\\\/city-game-malaysia\\\/city-game-kuala-lumpur-2\\\/#primaryimage\"},\"image\":{\"@id\":\"https:\\\/\\\/citygame.com\\\/de\\\/standorte\\\/city-game-malaysia\\\/city-game-kuala-lumpur-2\\\/#primaryimage\"},\"thumbnailUrl\":\"https:\\\/\\\/citygame.com\\\/wp-content\\\/blogs.dir\\\/1\\\/files\\\/2026\\\/03\\\/kuala-lumpur-petronas-towers-skyline.jpeg\",\"datePublished\":\"2026-04-28T09:29:38+00:00\",\"breadcrumb\":{\"@id\":\"https:\\\/\\\/citygame.com\\\/de\\\/standorte\\\/city-game-malaysia\\\/city-game-kuala-lumpur-2\\\/#breadcrumb\"},\"inLanguage\":\"de\",\"potentialAction\":[{\"@type\":\"ReadAction\",\"target\":[\"https:\\\/\\\/citygame.com\\\/de\\\/standorte\\\/city-game-malaysia\\\/city-game-kuala-lumpur-2\\\/\"]}]},{\"@type\":\"ImageObject\",\"inLanguage\":\"de\",\"@id\":\"https:\\\/\\\/citygame.com\\\/de\\\/standorte\\\/city-game-malaysia\\\/city-game-kuala-lumpur-2\\\/#primaryimage\",\"url\":\"https:\\\/\\\/citygame.com\\\/wp-content\\\/blogs.dir\\\/1\\\/files\\\/2026\\\/03\\\/kuala-lumpur-petronas-towers-skyline.jpeg\",\"contentUrl\":\"https:\\\/\\\/citygame.com\\\/wp-content\\\/blogs.dir\\\/1\\\/files\\\/2026\\\/03\\\/kuala-lumpur-petronas-towers-skyline.jpeg\",\"width\":1920,\"height\":1277,\"caption\":\"A sprawling cityscape view of Kuala Lumpur, Malaysia, highlighting the iconic Petronas Twin Towers against a cloudy sky.\"},{\"@type\":\"BreadcrumbList\",\"@id\":\"https:\\\/\\\/citygame.com\\\/de\\\/standorte\\\/city-game-malaysia\\\/city-game-kuala-lumpur-2\\\/#breadcrumb\",\"itemListElement\":[{\"@type\":\"ListItem\",\"position\":1,\"name\":\"Home\",\"item\":\"https:\\\/\\\/citygame.com\\\/de\\\/\"},{\"@type\":\"ListItem\",\"position\":2,\"name\":\"Locations\",\"item\":\"https:\\\/\\\/citygame.com\\\/de\\\/?page_id=1598\"},{\"@type\":\"ListItem\",\"position\":3,\"name\":\"City Game Malaysia\",\"item\":\"https:\\\/\\\/citygame.com\\\/de\\\/locations\\\/malaysia\\\/\"},{\"@type\":\"ListItem\",\"position\":4,\"name\":\"City Game Kuala Lumpur\"}]},{\"@type\":\"WebSite\",\"@id\":\"https:\\\/\\\/citygame.com\\\/de\\\/#website\",\"url\":\"https:\\\/\\\/citygame.com\\\/de\\\/\",\"name\":\"City Game\",\"description\":\"\",\"publisher\":{\"@id\":\"https:\\\/\\\/citygame.com\\\/de\\\/#organization\"},\"alternateName\":\"citygame.com\",\"potentialAction\":[{\"@type\":\"SearchAction\",\"target\":{\"@type\":\"EntryPoint\",\"urlTemplate\":\"https:\\\/\\\/citygame.com\\\/de\\\/?s={search_term_string}\"},\"query-input\":{\"@type\":\"PropertyValueSpecification\",\"valueRequired\":true,\"valueName\":\"search_term_string\"}}],\"inLanguage\":\"de\"},{\"@type\":\"Organization\",\"@id\":\"https:\\\/\\\/citygame.com\\\/de\\\/#organization\",\"name\":\"City Game\",\"alternateName\":\"citygame.com\",\"url\":\"https:\\\/\\\/citygame.com\\\/de\\\/\",\"logo\":{\"@type\":\"ImageObject\",\"inLanguage\":\"de\",\"@id\":\"https:\\\/\\\/citygame.com\\\/de\\\/#\\\/schema\\\/logo\\\/image\\\/\",\"url\":\"https:\\\/\\\/citygame.com\\\/wp-content\\\/blogs.dir\\\/1\\\/files\\\/2025\\\/10\\\/CG_LOGO-City-Game.png\",\"contentUrl\":\"https:\\\/\\\/citygame.com\\\/wp-content\\\/blogs.dir\\\/1\\\/files\\\/2025\\\/10\\\/CG_LOGO-City-Game.png\",\"width\":351,\"height\":377,\"caption\":\"City Game\"},\"image\":{\"@id\":\"https:\\\/\\\/citygame.com\\\/de\\\/#\\\/schema\\\/logo\\\/image\\\/\"},\"sameAs\":[\"https:\\\/\\\/www.facebook.com\\\/profile.php?id=100086426226253\",\"https:\\\/\\\/www.instagram.com\\\/citygame_com\",\"https:\\\/\\\/www.tiktok.com\\\/@citygamecom\\\/\",\"https:\\\/\\\/www.linkedin.com\\\/company\\\/citygame-com\"],\"description\":\"Turn any city into a playground with our interactive City Games and self-guided tours. Fun, flexible, and ideal for groups and team building.\"}]}<\/script>\n<!-- \/ Yoast SEO Premium plugin. -->","yoast_head_json":{"title":"City Game Kuala Lumpur - City Game","robots":{"index":"index","follow":"follow","max-snippet":"max-snippet:-1","max-image-preview":"max-image-preview:large","max-video-preview":"max-video-preview:-1"},"canonical":"https:\/\/citygame.com\/de\/standorte\/city-game-malaysia\/city-game-kuala-lumpur-2\/","og_locale":"de_DE","og_type":"article","og_title":"City Game Kuala Lumpur","og_url":"https:\/\/citygame.com\/de\/standorte\/city-game-malaysia\/city-game-kuala-lumpur-2\/","og_site_name":"City Game","article_publisher":"https:\/\/www.facebook.com\/profile.php?id=100086426226253","og_image":[{"width":1920,"height":1277,"url":"https:\/\/citygame.com\/wp-content\/blogs.dir\/1\/files\/2026\/03\/kuala-lumpur-petronas-towers-skyline.jpeg","type":"image\/jpeg"}],"twitter_card":"summary_large_image","schema":{"@context":"https:\/\/schema.org","@graph":[{"@type":"WebPage","@id":"https:\/\/citygame.com\/de\/standorte\/city-game-malaysia\/city-game-kuala-lumpur-2\/","url":"https:\/\/citygame.com\/de\/standorte\/city-game-malaysia\/city-game-kuala-lumpur-2\/","name":"City Game Kuala Lumpur - City Game","isPartOf":{"@id":"https:\/\/citygame.com\/de\/#website"},"primaryImageOfPage":{"@id":"https:\/\/citygame.com\/de\/standorte\/city-game-malaysia\/city-game-kuala-lumpur-2\/#primaryimage"},"image":{"@id":"https:\/\/citygame.com\/de\/standorte\/city-game-malaysia\/city-game-kuala-lumpur-2\/#primaryimage"},"thumbnailUrl":"https:\/\/citygame.com\/wp-content\/blogs.dir\/1\/files\/2026\/03\/kuala-lumpur-petronas-towers-skyline.jpeg","datePublished":"2026-04-28T09:29:38+00:00","breadcrumb":{"@id":"https:\/\/citygame.com\/de\/standorte\/city-game-malaysia\/city-game-kuala-lumpur-2\/#breadcrumb"},"inLanguage":"de","potentialAction":[{"@type":"ReadAction","target":["https:\/\/citygame.com\/de\/standorte\/city-game-malaysia\/city-game-kuala-lumpur-2\/"]}]},{"@type":"ImageObject","inLanguage":"de","@id":"https:\/\/citygame.com\/de\/standorte\/city-game-malaysia\/city-game-kuala-lumpur-2\/#primaryimage","url":"https:\/\/citygame.com\/wp-content\/blogs.dir\/1\/files\/2026\/03\/kuala-lumpur-petronas-towers-skyline.jpeg","contentUrl":"https:\/\/citygame.com\/wp-content\/blogs.dir\/1\/files\/2026\/03\/kuala-lumpur-petronas-towers-skyline.jpeg","width":1920,"height":1277,"caption":"A sprawling cityscape view of Kuala Lumpur, Malaysia, highlighting the iconic Petronas Twin Towers against a cloudy sky."},{"@type":"BreadcrumbList","@id":"https:\/\/citygame.com\/de\/standorte\/city-game-malaysia\/city-game-kuala-lumpur-2\/#breadcrumb","itemListElement":[{"@type":"ListItem","position":1,"name":"Home","item":"https:\/\/citygame.com\/de\/"},{"@type":"ListItem","position":2,"name":"Locations","item":"https:\/\/citygame.com\/de\/?page_id=1598"},{"@type":"ListItem","position":3,"name":"City Game Malaysia","item":"https:\/\/citygame.com\/de\/locations\/malaysia\/"},{"@type":"ListItem","position":4,"name":"City Game Kuala Lumpur"}]},{"@type":"WebSite","@id":"https:\/\/citygame.com\/de\/#website","url":"https:\/\/citygame.com\/de\/","name":"City Game","description":"","publisher":{"@id":"https:\/\/citygame.com\/de\/#organization"},"alternateName":"citygame.com","potentialAction":[{"@type":"SearchAction","target":{"@type":"EntryPoint","urlTemplate":"https:\/\/citygame.com\/de\/?s={search_term_string}"},"query-input":{"@type":"PropertyValueSpecification","valueRequired":true,"valueName":"search_term_string"}}],"inLanguage":"de"},{"@type":"Organization","@id":"https:\/\/citygame.com\/de\/#organization","name":"City Game","alternateName":"citygame.com","url":"https:\/\/citygame.com\/de\/","logo":{"@type":"ImageObject","inLanguage":"de","@id":"https:\/\/citygame.com\/de\/#\/schema\/logo\/image\/","url":"https:\/\/citygame.com\/wp-content\/blogs.dir\/1\/files\/2025\/10\/CG_LOGO-City-Game.png","contentUrl":"https:\/\/citygame.com\/wp-content\/blogs.dir\/1\/files\/2025\/10\/CG_LOGO-City-Game.png","width":351,"height":377,"caption":"City Game"},"image":{"@id":"https:\/\/citygame.com\/de\/#\/schema\/logo\/image\/"},"sameAs":["https:\/\/www.facebook.com\/profile.php?id=100086426226253","https:\/\/www.instagram.com\/citygame_com","https:\/\/www.tiktok.com\/@citygamecom\/","https:\/\/www.linkedin.com\/company\/citygame-com"],"description":"Turn any city into a playground with our interactive City Games and self-guided tours. Fun, flexible, and ideal for groups and team building."}]}},"taxonomy_info":{"cg_page_type":[{"value":45,"label":"City overview page"}]},"featured_image_src_large":["https:\/\/citygame.com\/wp-content\/blogs.dir\/1\/files\/2026\/03\/kuala-lumpur-petronas-towers-skyline-1024x681.jpeg",1024,681,true],"author_info":{"display_name":"Philip","author_link":"https:\/\/citygame.com\/de\/blog\/author\/sophi2\/"},"comment_info":0,"wpml_current_locale":"de_DE","wpml_translations":{"nl_NL":{"locale":"nl_NL","id":230358,"slug":"city-game-kuala-lumpur-2","post_title":"City Game Kuala Lumpur","href":"https:\/\/citygame.com\/nl\/locaties\/city-game-maleisie\/city-game-kuala-lumpur-2\/"},"en_US":{"locale":"en_US","id":7731,"slug":"city-game-kuala-lumpur","post_title":"City Game Kuala Lumpur","href":"https:\/\/citygame.com\/locations\/malaysia\/city-game-kuala-lumpur\/"},"fr_FR":{"locale":"fr_FR","translation":false},"de_DE":{"locale":"de_DE","translation":"current"},"it_IT":{"locale":"it_IT","translation":false},"es_ES":{"locale":"es_ES","translation":false}},"_links":{"self":[{"href":"https:\/\/citygame.com\/de\/wp-json\/wp\/v2\/pages\/230370","targetHints":{"allow":["GET"]}}],"collection":[{"href":"https:\/\/citygame.com\/de\/wp-json\/wp\/v2\/pages"}],"about":[{"href":"https:\/\/citygame.com\/de\/wp-json\/wp\/v2\/types\/page"}],"author":[{"embeddable":true,"href":"https:\/\/citygame.com\/de\/wp-json\/wp\/v2\/users\/78"}],"replies":[{"embeddable":true,"href":"https:\/\/citygame.com\/de\/wp-json\/wp\/v2\/comments?post=230370"}],"version-history":[{"count":0,"href":"https:\/\/citygame.com\/de\/wp-json\/wp\/v2\/pages\/230370\/revisions"}],"up":[{"embeddable":true,"href":"https:\/\/citygame.com\/de\/wp-json\/wp\/v2\/pages\/226242"}],"acf:term":[{"embeddable":true,"taxonomy":"location","href":"https:\/\/citygame.com\/de\/wp-json\/wp\/v2\/location\/231"}],"wp:featuredmedia":[{"embeddable":true,"href":"https:\/\/citygame.com\/de\/wp-json\/wp\/v2\/media\/16706"}],"wp:attachment":[{"href":"https:\/\/citygame.com\/de\/wp-json\/wp\/v2\/media?parent=230370"}],"wp:term":[{"taxonomy":"cities-only-parent-location","embeddable":true,"href":"https:\/\/citygame.com\/de\/wp-json\/wp\/v2\/cities-only-parent-location?post=230370"},{"taxonomy":"countries-only-parent-locations","embeddable":true,"href":"https:\/\/citygame.com\/de\/wp-json\/wp\/v2\/countries-only-parent-locations?post=230370"},{"taxonomy":"seo_keyword","embeddable":true,"href":"https:\/\/citygame.com\/de\/wp-json\/wp\/v2\/seo_keyword?post=230370"},{"taxonomy":"cg_page_type","embeddable":true,"href":"https:\/\/citygame.com\/de\/wp-json\/wp\/v2\/cg_page_type?post=230370"}],"curies":[{"name":"wp","href":"https:\/\/api.w.org\/{rel}","templated":true}]}}