{"id":230484,"date":"2026-01-30T11:28:57","date_gmt":"2026-01-30T11:28:57","guid":{"rendered":"https:\/\/citygame.com\/locations\/switzerland\/city-game-bern-2\/"},"modified":"2026-04-28T11:43:03","modified_gmt":"2026-04-28T11:43:03","slug":"city-game-bern-2","status":"publish","type":"page","link":"https:\/\/citygame.com\/de\/standorte\/city-game-schweiz\/city-game-bern-2\/","title":{"rendered":"City Game Bern"},"content":{"rendered":"","protected":false},"excerpt":{"rendered":"","protected":false},"author":78,"featured_media":16656,"parent":226974,"menu_order":0,"comment_status":"closed","ping_status":"closed","template":"","meta":{"_acf_changed":false,"_yoast_wpseo_focuskw":"City Game Bern","_yoast_wpseo_metadesc":"","_kad_blocks_custom_css":"","_kad_blocks_head_custom_js":"","_kad_blocks_body_custom_js":"","_kad_blocks_footer_custom_js":"","_kad_post_transparent":"","_kad_post_title":"","_kad_post_layout":"","_kad_post_sidebar_id":"","_kad_post_content_style":"","_kad_post_vertical_padding":"","_kad_post_feature":"","_kad_post_feature_position":"","_kad_post_header":false,"_kad_post_footer":false,"_kad_post_classname":"","footnotes":""},"cities-only-parent-location":[],"countries-only-parent-locations":[],"seo_keyword":[],"cg_page_type":[45],"class_list":["post-230484","page","type-page","status-publish","has-post-thumbnail","hentry","cg_page_type-city-overview-page"],"acf":{"city_name":"Bern","select_city":88,"section_1_h2_city_games_in_city":"City Games in Bern","intro_text":"City Games sind in Bern, Schweiz, erh\u00e4ltlich. Diese selbstgef\u00fchrten Erlebnisse verbinden interaktives Gameplay mit R\u00e4tseln und Herausforderungen, die Sie in Ihrem eigenen Tempo durch die Stadt f\u00fchren. Gespielt auf Ihrem Smartphone bietet jedes Spiel eine flexible M\u00f6glichkeit, sich mit der Umgebung auseinanderzusetzen, w\u00e4hrend Sie Aufgaben eigenst\u00e4ndig erf\u00fcllen.","section_1_usp_1":"Start, Pausieren & Fortfahren, wann immer Sie m\u00f6chten","section_1_usp_2":"Unabh\u00e4ngig spielen","section_1_usp_3":"1\u20134 oder 2\u20135 Personen pro Smartphone, abh\u00e4ngig von Ihrem Spiel","section_1_usp_4":"1,5\u20132 Stunden Spielzeit","section_1_usp_5":"3\u20134 km Gehdistanz","section_1_usp_6":"Internetverbindung erforderlich","section_1_text_2":"W\u00e4hlen Sie Ihr City Game und spielen Sie noch heute!","section_1_cta":"Alle City Games ansehen","intro_image":16657,"section_2_h2_all_city_games_in_city":"Alle City Games in Bern","section_3_h2_how_city_games_work_in_city":"Wie City Games in Bern funktionieren","section_3_text":"Der Einstieg ist einfach. W\u00e4hlen Sie Ihr City Game in Bern, buchen Sie Ihr Abenteuer und beginnen Sie zu spielen, wann es Ihnen passt. Alles, was Sie brauchen, wird Ihnen sofort nach der Buchung zugesandt: kein Guide, keine festen Startzeiten, nur Ihr Team und die Stadt.","section_3_usp_1":"1,5\u20132 Stunden Gameplay","section_3_usp_2":"3\u20134 km Gehstrecke durch die Stadt","section_3_usp_3":"Starten, Pausieren und Fortfahren, wann Sie m\u00f6chten","section_3_usp_4":"1\u20134 oder 2\u20135 Personen pro Smartphone, abh\u00e4ngig von Ihrem Spiel","section_3_usp_5":"Unabh\u00e4ngig mit eigenem Ger\u00e4t spielen","section_3_usp_6":"Internetverbindung w\u00e4hrend des Spiels erforderlich","section_3_cta":"W\u00e4hlen Sie Ihre Stadt","section_3_step_1":"Schritt 1","section_3_step_1_title":"W\u00e4hlen Sie Ihre Stadt und Ihr City Game","section_3_step_1_text":"W\u00e4hlen Sie die Stadt, in der Sie spielen m\u00f6chten, und buchen Sie Ihr City Game online in nur wenigen Klicks.","section_3_step_2":"Schritt 2","section_3_step_2_title":"Erhalten Sie Ihre Spieleanweisungen","section_3_step_2_text":"Nach der Buchung erhalten Sie sofort eine E-Mail mit allen Anweisungen und dem Zugriff auf das Spiel.","section_3_step_3":"Schritt 3","section_3_step_3_title":"Gehen Sie zum Startpunkt","section_3_step_3_text":"Begeben Sie sich zum Startpunkt in der Stadt, wann es Ihnen passt. Es gibt keine festen Startzeiten.","section_3_step_4":"Schritt 4","section_3_step_4_title":"Starten Sie Ihr City Game","section_3_step_4_text":"Folgen Sie den Hinweisen, l\u00f6sen Sie R\u00e4tsel und entdecken Sie die Stadt, w\u00e4hrend Sie unterwegs lustige Aufgaben l\u00f6sen.","how_city_games_work_image":16658,"section_4_h2_who_are_city_games_in_city_for":"F\u00fcr wen sind City Games in Bern gedacht?","section_4_text":"City Games in Bern sind f\u00fcr jeden gedacht, der die Stadt auf interaktive und flexible Weise erleben m\u00f6chte. Egal, ob Sie Bern zum ersten Mal besuchen oder die Stadt bereits gut kennen, City Games bieten eine unterhaltsame Aktivit\u00e4t, die gut in Ihren Tag passt.","section_4_text_2":"City Games in Bern eignen sich f\u00fcr:","section_4_usp_1":"Einzelpersonen oder kleine Gruppen, die ein flexibles Abenteuer suchen","section_4_usp_2":"Touristen, die Bern erkunden","section_4_usp_3":"Freunde und Familien, die eine unterhaltsame Aktivit\u00e4t suchen","section_4_usp_4":"Unternehmen und Teams, die eine Teambuilding-Veranstaltung planen","section_4_usp_5":"Einheimische, die ihre eigene Stadt neu entdecken m\u00f6chten","section_4_cta":"Find a City Game in your city","who_are_city_games_for_image":16659,"section_5_h2_exploring_city":"Bern entdecken","exploring_city_text":"Bern entdecken offenbart eine Stadt, in der Geschichte und Geografie jeden Schritt pr\u00e4gen. Die Altstadt, UNESCO-Weltkulturerbe, wird durch Sandsteinbogenreihen, mittelalterliche T\u00fcrme und die sanfte Kurve des Aare-Flusses, der sie umgibt, definiert. Wenn man durch die gepflasterten Stra\u00dfen geht, vermittelt sich ein Gef\u00fchl der Kontinuit\u00e4t, da jahrhundertealte Bausubstanz neben dem Alltag in einem kompakten und gut zu Fu\u00df erkundbaren Kern existiert.\n\nDer Fluss selbst ist ein markantes Merkmal, das malerische Ausblicke und Momente der Stille direkt hinter den Hauptstra\u00dfen der Stadt bietet. Von den erh\u00f6hten Terrassen des Bundeshauses zu den Uferwegen schafft Berns vielschichtige Struktur einen Rhythmus von Auf- und Abstieg, der bestimmt, wie die Stadt erlebt wird. Abgeschiedene Bereiche wie das Matte-Viertel, unterhalb der Altstadt gelegen, verleihen der st\u00e4dtischen Landschaft Variation und Tiefe.","exploring_city_image":16660,"section_6_h2_hosted_game":"Ihre bevorzugten City Games, professionell von unserem Team betreut","section_6_text":"Genie\u00dfen Sie dieselben City Games wie in unserer selbstgef\u00fchrten Version, jedoch mit umfassender Vor-Ort-Unterst\u00fctzung durch unsere professionellen Hosts. Wir k\u00fcmmern uns um das Briefing, Tablets, Koordination und technischen Support, damit Ihre Gruppe sich vollst\u00e4ndig auf Spa\u00df und Wettbewerb konzentrieren kann.","section_6_text_2":"Was ist enthalten:","section_6_usp_1_title":"Gleiches City Game, vollst\u00e4ndig betreut","section_6_usp_1_text":"Sie spielen dasselbe Erlebnis wie in unserer selbstgef\u00fchrten Version, nun mit unseren Hosts, die Ihre Gruppe anleiten.","section_6_usp_2_title":"Live-Ranking & Siegerehrung","section_6_usp_2_text":"F\u00fcr gr\u00f6\u00dfere Gruppen enth\u00fcllen unsere Hosts die Endergebnisse und verk\u00fcnden das siegreiche Team mit einem spa\u00dfigen Awards-Moment.","section_6_usp_3_title":"Begleiteter Start & Abschluss","section_6_usp_3_text":"Wir hei\u00dfen Ihre Gruppe willkommen, erkl\u00e4ren das Spiel klar und schlie\u00dfen mit einem aufregenden Abschluss.","section_6_usp_4_title":"Echtzeit-Support w\u00e4hrend des Spiels","section_6_usp_4_text":"Unser Team unterst\u00fctzt w\u00e4hrend der gesamten Erfahrung bei Ger\u00e4ten, App-Problemen und Koordination.","section_6_usp_5_title":"Tablets inklusive (optional)","section_6_usp_5_text":"Verf\u00fcgbar f\u00fcr Gruppen, die unsere Ger\u00e4te bevorzugen statt eigener.","section_6_text_3":"Weltweit von Teams gesch\u00e4tzt, von kleinen Gruppen bis zu gro\u00dfen Firmenveranstaltungen.","section_6_cta":"Planen Sie Ihre Gruppenveranstaltung","section_7_h2_reviews":"Was andere \u00fcber unsere City Games denken","section_7_cta_1":"Alle h\u00e4ufig gestellten Fragen ansehen","section_7_cta_2":"Unterst\u00fctzung erhalten","section_8_h2_faq":"Haben Sie Fragen? Wir haben Antworten!","section_8_text":"Erkunden Sie St\u00e4dte auf eine lustige und interaktive Weise mit unseren City Games. L\u00f6sen Sie R\u00e4tsel, entdecken Sie verborgene Orte und erkunden Sie die Stadt, w\u00e4hrend Sie mit Freunden, Familie oder Kollegen spielen \u2013 wann immer es Ihnen passt.","section_8_cta_1":"Alle h\u00e4ufig gestellten Fragen ansehen","section_8_cta_2":"Unterst\u00fctzung erhalten","section_8_question_1":"Was sind City Games in Bern?","section_8_answer_1":"City Games in Bern sind <strong>interaktive, selbstgef\u00fchrte Erlebnisse<\/strong>, die es Ihnen erm\u00f6glichen, die Stadt beim Spielen zu erkunden!rnrnMit Ihrem Smartphone l\u00f6sen Sie R\u00e4tsel, bew\u00e4ltigen Aufgaben und verfolgen die Handlung Ihres ausgew\u00e4hlten City Game, w\u00e4hrend Sie durch die Stadt gehen.rnrnCity Games verbinden Teamarbeit, Probleml\u00f6sung und Outdoor-Erkundung und bieten so eine unterhaltsame Aktivit\u00e4t f\u00fcr Besucher, Einheimische und Gruppen gleicherma\u00dfen.","section_8_question_2":"Brauchen Sie einen Guide, um ein City Game in Bern zu spielen?","section_8_answer_2":"<p class=\"kt-adv-heading2034_2420ea-ca wp-block-kadence-advancedheading\" data-kb-block=\"kb-adv-heading2034_2420ea-ca\">Nein, City Games in Bern sind <strong>vollst\u00e4ndig selbstgef\u00fchrt<\/strong>. Sie ben\u00f6tigen keinen Guide, Host oder vor Ort stehendes Personal, um zu spielen. Alle Anweisungen und das Gameplay werden digital bereitgestellt, sodass Sie mit Ihrem eigenen Smartphone unabh\u00e4ngig starten und spielen k\u00f6nnen.<\/p>rnDiese Flexibilit\u00e4t macht City Games leicht in Ihren eigenen Zeitplan zu integrieren.rn<p class=\"kt-adv-heading2034_cd3db2-33 wp-block-kadence-advancedheading hls-none\" data-kb-block=\"kb-adv-heading2034_cd3db2-33\">F\u00fcr gr\u00f6\u00dfere Gruppen oder Firmenveranstaltungen ist ebenfalls eine vollst\u00e4ndig betreute Version unserer City Games erh\u00e4ltlich, einschlie\u00dflich Vor-Ort-Anleitung, Tablets und Live-Support.<\/p>rnPlanen Sie eine gr\u00f6\u00dfere Gruppe oder Firmenveranstaltung?","section_8_answer_2_cta":"Erkunden Sie die betreute City Game-Erfahrung f\u00fcr Gruppen","section_8_question_3":"Wann k\u00f6nnen wir in Bern mit dem Spielen eines City Game beginnen?","section_8_answer_3":"Sie k\u00f6nnen jederzeit loslegen, wann es Ihnen passt! City Games in Bern haben keine festen Startzeiten, Sie k\u00f6nnen also zu dem Moment beginnen, der zu Ihren Pl\u00e4nen passt.rnrnNach der Buchung erhalten Sie klare Anweisungen, die erkl\u00e4ren, wie und wann Sie Ihr City Game starten k\u00f6nnen!","section_8_question_4":"Wie lange dauert ein City Game in Bern?","section_8_answer_4":"Die City Games in Bern dauern ca. 1,5 bis 2 Stunden, um abgeschlossen zu werden! Die genaue Dauer h\u00e4ngt von Ihrem Tempo, davon wie viele Pausen Sie einlegen und wie schnell Sie die R\u00e4tsel und Herausforderungen l\u00f6sen.rnrnSie k\u00f6nnen im eigenen Tempo spielen und das Spiel jederzeit pausieren!","section_8_question_5":"K\u00f6nnen wir in Bern mit einer gro\u00dfen Gruppe ein City Game spielen?","section_8_answer_5":"<p class=\"kt-adv-heading2034_97743b-76 wp-block-kadence-advancedheading\" data-kb-block=\"kb-adv-heading2034_97743b-76\">Ja, City Games eignen sich sowohl f\u00fcr <strong>kleine Gruppen als auch gr\u00f6\u00dfere Teams<\/strong>. Gro\u00dfe Gruppen k\u00f6nnen sich leicht in kleinere Teams aufteilen und das City Game gleichzeitig spielen, wobei mehrere Smartphones verwendet werden. Jedes Team spielt unabh\u00e4ngig und folgt demselben Spielkonzept und derselben Handlung.<\/p>rnDieser Aufbau funktioniert gut f\u00fcr Freundesgruppen, Familien und Unternehmen und macht City Games zu einer beliebten Wahl f\u00fcr Team-Ausfl\u00fcge, Veranstaltungen und Teambuilding-Aktivit\u00e4ten.rn<p class=\"kt-adv-heading2034_7442e3-e3 wp-block-kadence-advancedheading hls-none\" data-kb-block=\"kb-adv-heading2034_7442e3-e3\">F\u00fcr gr\u00f6\u00dfere Gruppen oder Firmenveranstaltungen ist ebenfalls eine vollst\u00e4ndig betreute Version unserer City Games erh\u00e4ltlich, einschlie\u00dflich Vor-Ort-Anleitung, Tablets und Live-Support.<\/p>rnPlanen Sie eine gr\u00f6\u00dfere Gruppe oder Firmenveranstaltung?","section_8_answer_5_cta":"Erkunden Sie die betreute City Game-Erfahrung f\u00fcr Gruppen","section_8_question_6":"Sind City Games in Bern geeignet f\u00fcr Touristen und Einheimische?","section_8_answer_6":"Ja, City Games in Bern eignen sich sowohl f\u00fcr Touristen als auch f\u00fcr Einheimische. Besucher k\u00f6nnen die Stadt auf interaktive Weise erleben, w\u00e4hrend Einheimische vertraute Stra\u00dfen als Kulisse f\u00fcr ein City Game genie\u00dfen k\u00f6nnen.rnrnDa sich jedes City Game auf Gameplay und Erz\u00e4hlung konzentriert, wirkt das Erlebnis frisch, unabh\u00e4ngig davon, wie gut Sie die Stadt bereits kennen.","section_8_question_7":"Sind City Games in Bern in mehreren Sprachen verf\u00fcgbar?","section_8_answer_7":"Ja, City Games in Bern sind <strong>in mehreren Sprachen verf\u00fcgbar<\/strong>. Sie k\u00f6nnen vor oder w\u00e4hrend des Spiels Ihre bevorzugte Sprache ausw\u00e4hlen, wodurch City Games f\u00fcr internationale Besucher und Gruppen mit unterschiedlichen Sprachen zug\u00e4nglich sind.","section_8_question_8":"Was ben\u00f6tigen wir, um ein City Game in Bern zu spielen?","section_8_answer_8":"Um ein City Game in Bern zu spielen, ben\u00f6tigen Sie:","section_8_answer_8_usp_1":"Ein Smartphone mit Internetverbindung","section_8_answer_8_usp_2":"Eine geladene Batterie","section_8_answer_8_usp_3":"Bequeme Wanderschuhe","section_8_answer_8_2":"Alle Spielinhalte und Anweisungen werden nach der Buchung digital bereitgestellt.","section_9_h2_instagram":"Mehr auf Instagram","section_9_text":"Reiseinspiration, R\u00e4tsel, verborgene Sch\u00e4tze & City Game-Momente \u2013 direkt aus unserer Community","section_9_cta":"Folgen Sie uns auf Instagram","section_10_h2_page_ending":"Bereit f\u00fcr ein unvergessliches Abenteuer in Bern?","section_10_text":"Erkunden Sie Bern auf einzigartige und interaktive Weise mit unseren City Games. Spielen Sie noch heute und schaffen Sie bleibende Erinnerungen!","section_10_cta":"Buchen Sie jetzt Ihr City Game","latitude":46.9465418,"longitude":7.4441449,"country":false,"map_enabled":true},"yoast_head":"<!-- This site is optimized with the Yoast SEO Premium plugin v26.2 (Yoast SEO v27.4) - https:\/\/yoast.com\/product\/yoast-seo-premium-wordpress\/ -->\n<title>City Game Bern - City Game<\/title>\n<meta name=\"robots\" content=\"index, follow, max-snippet:-1, max-image-preview:large, max-video-preview:-1\" \/>\n<link rel=\"canonical\" href=\"https:\/\/citygame.com\/de\/standorte\/city-game-schweiz\/city-game-bern-2\/\" \/>\n<meta property=\"og:locale\" content=\"de_DE\" \/>\n<meta property=\"og:type\" content=\"article\" \/>\n<meta property=\"og:title\" content=\"City Game Bern\" \/>\n<meta property=\"og:url\" content=\"https:\/\/citygame.com\/de\/standorte\/city-game-schweiz\/city-game-bern-2\/\" \/>\n<meta property=\"og:site_name\" content=\"City Game\" \/>\n<meta property=\"article:publisher\" content=\"https:\/\/www.facebook.com\/profile.php?id=100086426226253\" \/>\n<meta property=\"article:modified_time\" content=\"2026-04-28T11:43:03+00:00\" \/>\n<meta property=\"og:image\" content=\"https:\/\/citygame.com\/wp-content\/blogs.dir\/1\/files\/2026\/03\/bern-old-city-and-minster.jpeg\" \/>\n\t<meta property=\"og:image:width\" content=\"1920\" \/>\n\t<meta property=\"og:image:height\" content=\"1280\" \/>\n\t<meta property=\"og:image:type\" content=\"image\/jpeg\" \/>\n<meta name=\"twitter:card\" content=\"summary_large_image\" \/>\n<script type=\"application\/ld+json\" class=\"yoast-schema-graph\">{\"@context\":\"https:\\\/\\\/schema.org\",\"@graph\":[{\"@type\":\"WebPage\",\"@id\":\"https:\\\/\\\/citygame.com\\\/de\\\/standorte\\\/city-game-schweiz\\\/city-game-bern-2\\\/\",\"url\":\"https:\\\/\\\/citygame.com\\\/de\\\/standorte\\\/city-game-schweiz\\\/city-game-bern-2\\\/\",\"name\":\"City Game Bern - City Game\",\"isPartOf\":{\"@id\":\"https:\\\/\\\/citygame.com\\\/de\\\/#website\"},\"primaryImageOfPage\":{\"@id\":\"https:\\\/\\\/citygame.com\\\/de\\\/standorte\\\/city-game-schweiz\\\/city-game-bern-2\\\/#primaryimage\"},\"image\":{\"@id\":\"https:\\\/\\\/citygame.com\\\/de\\\/standorte\\\/city-game-schweiz\\\/city-game-bern-2\\\/#primaryimage\"},\"thumbnailUrl\":\"https:\\\/\\\/citygame.com\\\/wp-content\\\/blogs.dir\\\/1\\\/files\\\/2026\\\/03\\\/bern-old-city-and-minster.jpeg\",\"datePublished\":\"2026-01-30T11:28:57+00:00\",\"dateModified\":\"2026-04-28T11:43:03+00:00\",\"breadcrumb\":{\"@id\":\"https:\\\/\\\/citygame.com\\\/de\\\/standorte\\\/city-game-schweiz\\\/city-game-bern-2\\\/#breadcrumb\"},\"inLanguage\":\"de\",\"potentialAction\":[{\"@type\":\"ReadAction\",\"target\":[\"https:\\\/\\\/citygame.com\\\/de\\\/standorte\\\/city-game-schweiz\\\/city-game-bern-2\\\/\"]}]},{\"@type\":\"ImageObject\",\"inLanguage\":\"de\",\"@id\":\"https:\\\/\\\/citygame.com\\\/de\\\/standorte\\\/city-game-schweiz\\\/city-game-bern-2\\\/#primaryimage\",\"url\":\"https:\\\/\\\/citygame.com\\\/wp-content\\\/blogs.dir\\\/1\\\/files\\\/2026\\\/03\\\/bern-old-city-and-minster.jpeg\",\"contentUrl\":\"https:\\\/\\\/citygame.com\\\/wp-content\\\/blogs.dir\\\/1\\\/files\\\/2026\\\/03\\\/bern-old-city-and-minster.jpeg\",\"width\":1920,\"height\":1280,\"caption\":\"A sweeping daytime view of the historic Old City of Bern, dominated by the cathedral spire.\"},{\"@type\":\"BreadcrumbList\",\"@id\":\"https:\\\/\\\/citygame.com\\\/de\\\/standorte\\\/city-game-schweiz\\\/city-game-bern-2\\\/#breadcrumb\",\"itemListElement\":[{\"@type\":\"ListItem\",\"position\":1,\"name\":\"Home\",\"item\":\"https:\\\/\\\/citygame.com\\\/de\\\/\"},{\"@type\":\"ListItem\",\"position\":2,\"name\":\"Locations\",\"item\":\"https:\\\/\\\/citygame.com\\\/de\\\/?page_id=1598\"},{\"@type\":\"ListItem\",\"position\":3,\"name\":\"City Game Switzerland\",\"item\":\"https:\\\/\\\/citygame.com\\\/de\\\/locations\\\/switzerland\\\/\"},{\"@type\":\"ListItem\",\"position\":4,\"name\":\"City Game Bern\"}]},{\"@type\":\"WebSite\",\"@id\":\"https:\\\/\\\/citygame.com\\\/de\\\/#website\",\"url\":\"https:\\\/\\\/citygame.com\\\/de\\\/\",\"name\":\"City Game\",\"description\":\"\",\"publisher\":{\"@id\":\"https:\\\/\\\/citygame.com\\\/de\\\/#organization\"},\"alternateName\":\"citygame.com\",\"potentialAction\":[{\"@type\":\"SearchAction\",\"target\":{\"@type\":\"EntryPoint\",\"urlTemplate\":\"https:\\\/\\\/citygame.com\\\/de\\\/?s={search_term_string}\"},\"query-input\":{\"@type\":\"PropertyValueSpecification\",\"valueRequired\":true,\"valueName\":\"search_term_string\"}}],\"inLanguage\":\"de\"},{\"@type\":\"Organization\",\"@id\":\"https:\\\/\\\/citygame.com\\\/de\\\/#organization\",\"name\":\"City Game\",\"alternateName\":\"citygame.com\",\"url\":\"https:\\\/\\\/citygame.com\\\/de\\\/\",\"logo\":{\"@type\":\"ImageObject\",\"inLanguage\":\"de\",\"@id\":\"https:\\\/\\\/citygame.com\\\/de\\\/#\\\/schema\\\/logo\\\/image\\\/\",\"url\":\"https:\\\/\\\/citygame.com\\\/wp-content\\\/blogs.dir\\\/1\\\/files\\\/2025\\\/10\\\/CG_LOGO-City-Game.png\",\"contentUrl\":\"https:\\\/\\\/citygame.com\\\/wp-content\\\/blogs.dir\\\/1\\\/files\\\/2025\\\/10\\\/CG_LOGO-City-Game.png\",\"width\":351,\"height\":377,\"caption\":\"City Game\"},\"image\":{\"@id\":\"https:\\\/\\\/citygame.com\\\/de\\\/#\\\/schema\\\/logo\\\/image\\\/\"},\"sameAs\":[\"https:\\\/\\\/www.facebook.com\\\/profile.php?id=100086426226253\",\"https:\\\/\\\/www.instagram.com\\\/citygame_com\",\"https:\\\/\\\/www.tiktok.com\\\/@citygamecom\\\/\",\"https:\\\/\\\/www.linkedin.com\\\/company\\\/citygame-com\"],\"description\":\"Turn any city into a playground with our interactive City Games and self-guided tours. Fun, flexible, and ideal for groups and team building.\"}]}<\/script>\n<!-- \/ Yoast SEO Premium plugin. -->","yoast_head_json":{"title":"City Game Bern - City Game","robots":{"index":"index","follow":"follow","max-snippet":"max-snippet:-1","max-image-preview":"max-image-preview:large","max-video-preview":"max-video-preview:-1"},"canonical":"https:\/\/citygame.com\/de\/standorte\/city-game-schweiz\/city-game-bern-2\/","og_locale":"de_DE","og_type":"article","og_title":"City Game Bern","og_url":"https:\/\/citygame.com\/de\/standorte\/city-game-schweiz\/city-game-bern-2\/","og_site_name":"City Game","article_publisher":"https:\/\/www.facebook.com\/profile.php?id=100086426226253","article_modified_time":"2026-04-28T11:43:03+00:00","og_image":[{"width":1920,"height":1280,"url":"https:\/\/citygame.com\/wp-content\/blogs.dir\/1\/files\/2026\/03\/bern-old-city-and-minster.jpeg","type":"image\/jpeg"}],"twitter_card":"summary_large_image","schema":{"@context":"https:\/\/schema.org","@graph":[{"@type":"WebPage","@id":"https:\/\/citygame.com\/de\/standorte\/city-game-schweiz\/city-game-bern-2\/","url":"https:\/\/citygame.com\/de\/standorte\/city-game-schweiz\/city-game-bern-2\/","name":"City Game Bern - City Game","isPartOf":{"@id":"https:\/\/citygame.com\/de\/#website"},"primaryImageOfPage":{"@id":"https:\/\/citygame.com\/de\/standorte\/city-game-schweiz\/city-game-bern-2\/#primaryimage"},"image":{"@id":"https:\/\/citygame.com\/de\/standorte\/city-game-schweiz\/city-game-bern-2\/#primaryimage"},"thumbnailUrl":"https:\/\/citygame.com\/wp-content\/blogs.dir\/1\/files\/2026\/03\/bern-old-city-and-minster.jpeg","datePublished":"2026-01-30T11:28:57+00:00","dateModified":"2026-04-28T11:43:03+00:00","breadcrumb":{"@id":"https:\/\/citygame.com\/de\/standorte\/city-game-schweiz\/city-game-bern-2\/#breadcrumb"},"inLanguage":"de","potentialAction":[{"@type":"ReadAction","target":["https:\/\/citygame.com\/de\/standorte\/city-game-schweiz\/city-game-bern-2\/"]}]},{"@type":"ImageObject","inLanguage":"de","@id":"https:\/\/citygame.com\/de\/standorte\/city-game-schweiz\/city-game-bern-2\/#primaryimage","url":"https:\/\/citygame.com\/wp-content\/blogs.dir\/1\/files\/2026\/03\/bern-old-city-and-minster.jpeg","contentUrl":"https:\/\/citygame.com\/wp-content\/blogs.dir\/1\/files\/2026\/03\/bern-old-city-and-minster.jpeg","width":1920,"height":1280,"caption":"A sweeping daytime view of the historic Old City of Bern, dominated by the cathedral spire."},{"@type":"BreadcrumbList","@id":"https:\/\/citygame.com\/de\/standorte\/city-game-schweiz\/city-game-bern-2\/#breadcrumb","itemListElement":[{"@type":"ListItem","position":1,"name":"Home","item":"https:\/\/citygame.com\/de\/"},{"@type":"ListItem","position":2,"name":"Locations","item":"https:\/\/citygame.com\/de\/?page_id=1598"},{"@type":"ListItem","position":3,"name":"City Game Switzerland","item":"https:\/\/citygame.com\/de\/locations\/switzerland\/"},{"@type":"ListItem","position":4,"name":"City Game Bern"}]},{"@type":"WebSite","@id":"https:\/\/citygame.com\/de\/#website","url":"https:\/\/citygame.com\/de\/","name":"City Game","description":"","publisher":{"@id":"https:\/\/citygame.com\/de\/#organization"},"alternateName":"citygame.com","potentialAction":[{"@type":"SearchAction","target":{"@type":"EntryPoint","urlTemplate":"https:\/\/citygame.com\/de\/?s={search_term_string}"},"query-input":{"@type":"PropertyValueSpecification","valueRequired":true,"valueName":"search_term_string"}}],"inLanguage":"de"},{"@type":"Organization","@id":"https:\/\/citygame.com\/de\/#organization","name":"City Game","alternateName":"citygame.com","url":"https:\/\/citygame.com\/de\/","logo":{"@type":"ImageObject","inLanguage":"de","@id":"https:\/\/citygame.com\/de\/#\/schema\/logo\/image\/","url":"https:\/\/citygame.com\/wp-content\/blogs.dir\/1\/files\/2025\/10\/CG_LOGO-City-Game.png","contentUrl":"https:\/\/citygame.com\/wp-content\/blogs.dir\/1\/files\/2025\/10\/CG_LOGO-City-Game.png","width":351,"height":377,"caption":"City Game"},"image":{"@id":"https:\/\/citygame.com\/de\/#\/schema\/logo\/image\/"},"sameAs":["https:\/\/www.facebook.com\/profile.php?id=100086426226253","https:\/\/www.instagram.com\/citygame_com","https:\/\/www.tiktok.com\/@citygamecom\/","https:\/\/www.linkedin.com\/company\/citygame-com"],"description":"Turn any city into a playground with our interactive City Games and self-guided tours. Fun, flexible, and ideal for groups and team building."}]}},"taxonomy_info":{"cg_page_type":[{"value":45,"label":"City overview page"}]},"featured_image_src_large":["https:\/\/citygame.com\/wp-content\/blogs.dir\/1\/files\/2026\/03\/bern-old-city-and-minster-1024x683.jpeg",1024,683,true],"author_info":{"display_name":"Philip","author_link":"https:\/\/citygame.com\/de\/blog\/author\/sophi2\/"},"comment_info":0,"wpml_current_locale":"de_DE","wpml_translations":{"nl_NL":{"locale":"nl_NL","id":230482,"slug":"city-game-bern-2","post_title":"City Game Bern","href":"https:\/\/citygame.com\/nl\/locaties\/city-game-zwitserland\/city-game-bern-2\/"},"en_US":{"locale":"en_US","id":8312,"slug":"city-game-bern","post_title":"City Game Bern","href":"https:\/\/citygame.com\/locations\/switzerland\/city-game-bern\/"},"fr_FR":{"locale":"fr_FR","id":230489,"slug":"city-game-berne","post_title":"City Game Berne","href":"https:\/\/citygame.com\/fr\/emplacements\/city-game-suisse\/city-game-berne\/"},"de_DE":{"locale":"de_DE","translation":"current"},"it_IT":{"locale":"it_IT","id":230491,"slug":"city-game-bern-2","post_title":"City Game Bern","href":"https:\/\/citygame.com\/it\/luoghi\/city-game-svizzera\/city-game-bern-2\/"},"es_ES":{"locale":"es_ES","id":230486,"slug":"city-game-berna","post_title":"City Game Berna","href":"https:\/\/citygame.com\/es\/localizaciones\/city-game-suiza\/city-game-berna\/"}},"_links":{"self":[{"href":"https:\/\/citygame.com\/de\/wp-json\/wp\/v2\/pages\/230484","targetHints":{"allow":["GET"]}}],"collection":[{"href":"https:\/\/citygame.com\/de\/wp-json\/wp\/v2\/pages"}],"about":[{"href":"https:\/\/citygame.com\/de\/wp-json\/wp\/v2\/types\/page"}],"author":[{"embeddable":true,"href":"https:\/\/citygame.com\/de\/wp-json\/wp\/v2\/users\/78"}],"replies":[{"embeddable":true,"href":"https:\/\/citygame.com\/de\/wp-json\/wp\/v2\/comments?post=230484"}],"version-history":[{"count":0,"href":"https:\/\/citygame.com\/de\/wp-json\/wp\/v2\/pages\/230484\/revisions"}],"up":[{"embeddable":true,"href":"https:\/\/citygame.com\/de\/wp-json\/wp\/v2\/pages\/226974"}],"acf:term":[{"embeddable":true,"taxonomy":"location","href":"https:\/\/citygame.com\/de\/wp-json\/wp\/v2\/location\/88"}],"wp:featuredmedia":[{"embeddable":true,"href":"https:\/\/citygame.com\/de\/wp-json\/wp\/v2\/media\/16656"}],"wp:attachment":[{"href":"https:\/\/citygame.com\/de\/wp-json\/wp\/v2\/media?parent=230484"}],"wp:term":[{"taxonomy":"cities-only-parent-location","embeddable":true,"href":"https:\/\/citygame.com\/de\/wp-json\/wp\/v2\/cities-only-parent-location?post=230484"},{"taxonomy":"countries-only-parent-locations","embeddable":true,"href":"https:\/\/citygame.com\/de\/wp-json\/wp\/v2\/countries-only-parent-locations?post=230484"},{"taxonomy":"seo_keyword","embeddable":true,"href":"https:\/\/citygame.com\/de\/wp-json\/wp\/v2\/seo_keyword?post=230484"},{"taxonomy":"cg_page_type","embeddable":true,"href":"https:\/\/citygame.com\/de\/wp-json\/wp\/v2\/cg_page_type?post=230484"}],"curies":[{"name":"wp","href":"https:\/\/api.w.org\/{rel}","templated":true}]}}