{"id":230494,"date":"2026-01-30T11:27:07","date_gmt":"2026-01-30T11:27:07","guid":{"rendered":"https:\/\/citygame.com\/locations\/germany\/city-game-nordlingen-2\/"},"modified":"2026-04-28T11:57:54","modified_gmt":"2026-04-28T11:57:54","slug":"city-game-nordlingen-2","status":"publish","type":"page","link":"https:\/\/citygame.com\/de\/standorte\/city-game-deutschland\/city-game-nordlingen-2\/","title":{"rendered":"City Game Nordlingen"},"content":{"rendered":"","protected":false},"excerpt":{"rendered":"","protected":false},"author":78,"featured_media":8282,"parent":225790,"menu_order":0,"comment_status":"closed","ping_status":"closed","template":"","meta":{"_acf_changed":false,"_yoast_wpseo_focuskw":"City Game Nordlingen","_yoast_wpseo_metadesc":"","_kad_blocks_custom_css":"","_kad_blocks_head_custom_js":"","_kad_blocks_body_custom_js":"","_kad_blocks_footer_custom_js":"","_kad_post_transparent":"","_kad_post_title":"","_kad_post_layout":"","_kad_post_sidebar_id":"","_kad_post_content_style":"","_kad_post_vertical_padding":"","_kad_post_feature":"","_kad_post_feature_position":"","_kad_post_header":false,"_kad_post_footer":false,"_kad_post_classname":"","footnotes":""},"cities-only-parent-location":[],"countries-only-parent-locations":[],"seo_keyword":[],"cg_page_type":[45],"class_list":["post-230494","page","type-page","status-publish","has-post-thumbnail","hentry","cg_page_type-city-overview-page"],"acf":{"city_name":"N\u00f6rdlingen","select_city":300,"section_1_h2_city_games_in_city":"City Games in N\u00f6rdlingen","intro_text":"City Games sind in N\u00f6rdlingen erh\u00e4ltlich und bieten eine interaktive M\u00f6glichkeit, die Stadt durch R\u00e4tsel l\u00f6sen und spannende Herausforderungen zu erkunden. Auf einem Smartphone gespielt, erm\u00f6glichen diese selbstgesteuerten Erlebnisse es dir, die Stra\u00dfen in deinem eigenen Tempo zu erkunden, w\u00e4hrend du im Spiel Fortschritte machst. Jedes Spiel verbindet reale Erkundung mit digitalem Gameplay zu einer einzigartigen urbanen Aktivit\u00e4t.","section_1_usp_1":"Starten, Pausieren & Fortsetzen, wann immer du willst","section_1_usp_2":"Alleine spielen","section_1_usp_3":"1\u20134 oder 2\u20135 Personen pro Smartphone, abh\u00e4ngig von deinem Spiel","section_1_usp_4":"1,5\u20132 Stunden Spielzeit","section_1_usp_5":"3\u20134 km Fu\u00dfweg","section_1_usp_6":"Internetverbindung erforderlich","section_1_text_2":"W\u00e4hle dein City Game und fang heute mit dem Spielen an!","section_1_cta":"Alle City Games ansehen","intro_image":8288,"section_2_h2_all_city_games_in_city":"All City Games in N\u00f6rdlingen","section_3_h2_how_city_games_work_in_city":"How City Games work in N\u00f6rdlingen","section_3_text":"Der Einstieg ist einfach. W\u00e4hle dein City Game in Nordlingen, buche dein Abenteuer und beginne zu spielen, wann es dir passt. Alles, was du brauchst, wird dir direkt nach der Buchung zugesandt: kein Guide, keine festen Startzeiten, nur dein Team und die Stadt.","section_3_usp_1":"1,5\u20132 Stunden Gameplay","section_3_usp_2":"3\u20134 km Fu\u00dfweg durch die Stadt","section_3_usp_3":"Starte, pausier und setze fort, wann immer du willst","section_3_usp_4":"1\u20134 oder 2\u20135 Personen pro Smartphone, abh\u00e4ngig von deinem Spiel","section_3_usp_5":"Spiele eigenst\u00e4ndig mit deinem eigenen Ger\u00e4t","section_3_usp_6":"Internetverbindung w\u00e4hrend des Spiels erforderlich","section_3_cta":"W\u00e4hle deine Stadt","section_3_step_1":"Schritt 1","section_3_step_1_title":"W\u00e4hle deine Stadt und dein City Game","section_3_step_1_text":"W\u00e4hle die Stadt, in der du spielen m\u00f6chtest, und buche dein City Game online mit nur wenigen Klicks.","section_3_step_2":"Schritt 2","section_3_step_2_title":"Erhalte deine City Game-Anleitungen","section_3_step_2_text":"Nach der Buchung erh\u00e4ltst du sofort eine E-Mail mit allen Anleitungen und Zugriff auf das Spiel.","section_3_step_3":"Schritt 3","section_3_step_3_title":"Gehe zum Startort","section_3_step_3_text":"Gehe zum Startpunkt in der Stadt, wann immer es dir passt. Es gibt keine festen Startzeiten.","section_3_step_4":"Schritt 4","section_3_step_4_title":"Starte dein City Game","section_3_step_4_text":"Folge den Hinweisen, l\u00f6se R\u00e4tsel und entdecke die Stadt, w\u00e4hrend du entlang der Route unterhaltsame Aufgaben l\u00f6st.","how_city_games_work_image":8292,"section_4_h2_who_are_city_games_in_city_for":"Who are City Games in N\u00f6rdlingen for?","section_4_text":"City Games in N\u00f6rdlingen sind f\u00fcr jeden gedacht, der die Stadt auf interaktive und flexible Weise erleben m\u00f6chte. Egal, ob du N\u00f6rdlingen zum ersten Mal besuchst oder die Stadt schon gut kennst, City Games bieten eine unterhaltsame Aktivit\u00e4t, die sich leicht in deinen Tag einf\u00fcgt.","section_4_text_2":"City Games in N\u00f6rdlingen eignen sich f\u00fcr:","section_4_usp_1":"Einzelreisende oder kleine Gruppen, die nach einem flexiblen Abenteuer suchen","section_4_usp_2":"Touristen, die N\u00f6rdlingen erkunden","section_4_usp_3":"Freunde und Familien, die nach einer unterhaltsamen Aktivit\u00e4t suchen","section_4_usp_4":"Unternehmen und Teams, die eine Teambuilding-Veranstaltung planen","section_4_usp_5":"Einwohner, die ihre eigene Stadt neu entdecken m\u00f6chten","section_4_cta":"Finde ein City Game in deiner Stadt","who_are_city_games_for_image":8294,"section_5_h2_exploring_city":"N\u00f6rdlingen erkunden","exploring_city_text":"Umgeben von einer vollst\u00e4ndig intakten mittelalterlichen Mauer l\u00e4dt N\u00f6rdlingen zur Erkundung in einer perfekt erhaltenen Altstadt ein, in der Geschichte an jeder Ecke sp\u00fcrbar ist. Das kreisf\u00f6rmige Stra\u00dfensystem, gepr\u00e4gt von den einzigartigen Befestigungen der Stadt, lenkt die Bewegungen in sanften Schleifen statt geraden Linien und schafft ein Gef\u00fchl von Geborgenheit und Entdeckung. Ein Spaziergang entlang der Mauer oder durch die gepflasterten Stra\u00dfen enth\u00fcllt Fachwerkh\u00e4user, ruhige Ecken und den stets sichtbaren Turm der St. Georgs Kirche. \n\nDie Lage der Stadt innerhalb eines Meteoritenkraters verleiht der Landschaft eine ungew\u00f6hnliche geologische Kulisse, die ihre Landschaft und ihren Aufbau subtil beeinflusst. Bereiche wie das Rieskrater-Museum geben Kontext zu dieser Naturgeschichte, w\u00e4hrend der zentrale Marktplatz einen Fokus bildet, an dem das t\u00e4gliche Leben zwischen jahrhundertealter Architektur stattfindet. Zusammen verleihen diese Elemente N\u00f6rdlingen einen charakteristischen Explorationsrhythmus \u2013 verwurzelt in nat\u00fcrlichem Einschlag und menschlicher Geschichte.","exploring_city_image":8298,"section_6_h2_hosted_game":"Your favourite City Games, professionell von unserem Team","section_6_text":"Genie\u00dfe dieselben City Games wie in unserer selbstgesteuerten Version, jedoch mit vollst\u00e4ndiger Vor-Ort-Unterst\u00fctzung durch unsere professionellen Gastgeber. Wir k\u00fcmmern uns um die Einweisung, Tablets, Koordination und technischen Support, damit deine Gruppe sich ganz auf den Spa\u00df und den Wettbewerb konzentrieren kann.","section_6_text_2":"What\u2019s included:","section_6_usp_1_title":"Same City Game, fully hosted","section_6_usp_1_text":"Du spielst dasselbe Erlebnis wie in unserer selbstgesteuerten Version, diesmal mit unseren Hosts, die deine Gruppe anleiten.","section_6_usp_2_title":"Live ranking & prize ceremony","section_6_usp_2_text":"F\u00fcr gr\u00f6\u00dfere Gruppen pr\u00e4sentieren unsere Hosts die Endergebnisse und verk\u00fcnden das Gewinnerteam mit einem unterhaltsamen Award-Moment.","section_6_usp_3_title":"Hosted start & finish","section_6_usp_3_text":"Wir begr\u00fc\u00dfen deine Gruppe, erkl\u00e4ren das Spiel klar und beenden es mit einem spannenden Abschluss.","section_6_usp_4_title":"Real-time support during the game","section_6_usp_4_text":"Unser Team unterst\u00fctzt dich bei Ger\u00e4ten, App-Problemen und Koordination w\u00e4hrend der gesamten Erfahrung.","section_6_usp_5_title":"Tablets included (optional)","section_6_usp_5_text":"Verf\u00fcgbar f\u00fcr Gruppen, die unsere Ger\u00e4te statt eigener bevorzugen.","section_6_text_3":"Weltweit von Teams gesch\u00e4tzt, von kleinen Gruppen bis hin zu gro\u00dfen Firmenevents.","section_6_cta":"Plane deine Gruppen-Veranstaltung","section_7_h2_reviews":"Was andere \u00fcber unsere City Games denken","section_7_cta_1":"Alle h\u00e4ufig gestellten Fragen ansehen","section_7_cta_2":"Unterst\u00fctzung erhalten","section_8_h2_faq":"Hast du Fragen? Wir haben Antworten!","section_8_text":"Erkunde St\u00e4dte auf eine unterhaltsame und interaktive Weise mit unseren City Games. L\u00f6se R\u00e4tsel, entdecke versteckte Orte und erkunde die Stadt, w\u00e4hrend du mit Freunden, der Familie oder Kollegen spielst \u2013 wann immer es dir passt.","section_8_cta_1":"Alle h\u00e4ufig gestellten Fragen anzeigen","section_8_cta_2":"Unterst\u00fctzung erhalten","section_8_question_1":"Was sind City Games in N\u00f6rdlingen?","section_8_answer_1":"City Games in N\u00f6rdlingen sind <strong>interaktive, selbstgesteuerte Erlebnisse<\/strong>, die dir die Stadt beim Spielen eines Spiels erkunden lassen!\r\n\r\nMit deinem Smartphone l\u00f6st du R\u00e4tsel, bew\u00e4ltigst Herausforderungen und folgst der Handlung deines gew\u00e4hlten City Game, w\u00e4hrend du durch die Stadt gehst.\r\n\r\nCity Games verbinden Teamarbeit, Probleml\u00f6sung und Outdoor-Erkundung und bieten Besuchern, Einheimischen und Gruppen gleicherma\u00dfen eine unterhaltsame Aktivit\u00e4t.","section_8_question_2":"Do I need a guide to play a City Game in N\u00f6rdlingen?","section_8_answer_2":"<p class=\"kt-adv-heading2034_2420ea-ca wp-block-kadence-advancedheading\" data-kb-block=\"kb-adv-heading2034_2420ea-ca\">Nein, City Games in N\u00f6rdlingen sind <strong>vollst\u00e4ndig selbstgef\u00fchrt<\/strong>. Du brauchst keinen Guide, Gastgeber oder Vor-Ort-Personal, um zu spielen. Alle Anleitungen und das Gameplay werden digital bereitgestellt, sodass du eigenst\u00e4ndig beginnen und mit deinem eigenen Smartphone spielen kannst.<\/p>\r\nDieses flexibility macht City Games leicht in deinen eigenen Zeitplan integrierbar.\r\n<p class=\"kt-adv-heading2034_cd3db2-33 wp-block-kadence-advancedheading hls-none\" data-kb-block=\"kb-adv-heading2034_cd3db2-33\">F\u00fcr gr\u00f6\u00dfere Gruppen oder Firmenveranstaltungen ist ebenfalls eine vollst\u00e4ndig gehostete Version unserer City Games verf\u00fcgbar, einschlie\u00dflich Vor-Ort-Begleitung, Tablets und Live-Support.<\/p>\r\nPlanning a larger group or corporate event?","section_8_answer_2_cta":"Explore the hosted City Game experience for groups","section_8_question_3":"Wann k\u00f6nnen wir mit dem Spielen eines City Game in N\u00f6rdlingen beginnen?","section_8_answer_3":"Du kannst <strong>jederzeit beginnen<\/strong>! City Games in N\u00f6rdlingen haben keine festen Startzeiten, du kannst also zu dem Moment beginnen, der zu deinen Pl\u00e4nen passt.\r\n\r\nNach der Buchung erh\u00e4ltst du klare Anweisungen, die erkl\u00e4ren, wie und wann du dein City Game starten kannst!","section_8_question_4":"Wie lange dauert ein City Game in N\u00f6rdlingen?","section_8_answer_4":"Die City Games in N\u00f6rdlingen dauern <strong>ungef\u00e4hr 1,5 bis 2 Stunden<\/strong> bis zum Abschluss! Die genaue Dauer h\u00e4ngt von deinem Tempo, der Anzahl der Pausen und davon ab, wie schnell du die R\u00e4tsel und Herausforderungen l\u00f6st.\r\n\r\nDu kannst in deinem eigenen Tempo spielen und das Spiel jederzeit pausieren!","section_8_question_5":"K\u00f6nnen wir ein City Game in N\u00f6rdlingen mit einer gro\u00dfen Gruppe spielen?","section_8_answer_5":"<p class=\"kt-adv-heading2034_97743b-76 wp-block-kadence-advancedheading\" data-kb-block=\"kb-adv-heading2034_97743b-76\">Ja, City Games eignen sich sowohl f\u00fcr <strong>kleine Gruppen als auch gr\u00f6\u00dfere Teams<\/strong>. Gro\u00dfe Gruppen k\u00f6nnen sich ganz einfach in kleinere Teams aufteilen und das City Game gleichzeitig spielen, wobei mehrere Smartphones genutzt werden. Jedes Team agiert unabh\u00e4ngig und folgt dem gleichen Spielkonzept und der gleichen Handlung.<\/p>\r\nDieses Setup funktioniert gut f\u00fcr Gruppen von Freunden, Familien und Unternehmen und macht City Games zu einer beliebten Wahl f\u00fcr Teamausfl\u00fcge, Veranstaltungen und Teambuilding-Aktivit\u00e4ten.<\/br><\/br>","section_8_answer_5_cta":"Explore the hosted City Game experience for groups","section_8_question_6":"Are City Games in N\u00f6rdlingen suitable for tourists and locals?","section_8_answer_6":"Ja, City Games in N\u00f6rdlingen eignen sich sowohl f\u00fcr <strong>Touristen als auch Einheimische<\/strong>. Besucher k\u00f6nnen die Stadt interaktiv erleben, w\u00e4hrend Einheimische die bekannten Stra\u00dfen als Schauplatz eines City Game genie\u00dfen.\r\n\r\nWeil sich jedes City Game auf Gameplay und Erz\u00e4hlung konzentriert, f\u00fchlt sich das Erlebnis frisch an, egal wie gut du die Stadt bereits kennst.","section_8_question_7":"Are City Games in N\u00f6rdlingen available in multiple languages?","section_8_answer_7":"Ja, City Games in N\u00f6rdlingen sind <strong>in mehreren Sprachen verf\u00fcgbar<\/strong>. Du kannst vor oder w\u00e4hrend des Spiels deine bevorzugte Sprache ausw\u00e4hlen, wodurch City Games f\u00fcr internationale Besucher und Mischsprachgruppen zug\u00e4nglich sind.","section_8_question_8":"What do we need to play a City Game in N\u00f6rdlingen?","section_8_answer_8":"Um ein City Game in N\u00f6rdlingen zu spielen, ben\u00f6tigst du:","section_8_answer_8_usp_1":"Ein Smartphone mit Internetverbindung","section_8_answer_8_usp_2":"Eine vollst\u00e4ndig geladene Batterie","section_8_answer_8_usp_3":"Bequeme Wanderschuhe","section_8_answer_8_2":"Alle Spielinhalte und Anleitungen werden nach der Buchung digital bereitgestellt.","section_9_h2_instagram":"See more on Instagram","section_9_text":"Reiseinspirationen, R\u00e4tsel, versteckte Sch\u00e4tze & City Game-Momente \u2013 direkt aus unserer Community","section_9_cta":"Folge uns auf Instagram","section_10_h2_page_ending":"Bereit f\u00fcr ein unvergessliches Abenteuer in N\u00f6rdlingen?","section_10_text":"Erkunde N\u00f6rdlingen auf einzigartige und interaktive Weise mit unseren City Games. Spiele noch heute und schaffe bleibende Erinnerungen!","section_10_cta":"Buche jetzt dein City Game","latitude":48.8512607,"longitude":10.4883019,"country":false,"map_enabled":true},"yoast_head":"<!-- This site is optimized with the Yoast SEO Premium plugin v26.2 (Yoast SEO v27.4) - https:\/\/yoast.com\/product\/yoast-seo-premium-wordpress\/ -->\n<title>City Game Nordlingen - City Game<\/title>\n<meta name=\"robots\" content=\"index, follow, max-snippet:-1, max-image-preview:large, max-video-preview:-1\" \/>\n<link rel=\"canonical\" href=\"https:\/\/citygame.com\/de\/standorte\/city-game-deutschland\/city-game-nordlingen-2\/\" \/>\n<meta property=\"og:locale\" content=\"de_DE\" \/>\n<meta property=\"og:type\" content=\"article\" \/>\n<meta property=\"og:title\" content=\"City Game Nordlingen\" \/>\n<meta property=\"og:url\" content=\"https:\/\/citygame.com\/de\/standorte\/city-game-deutschland\/city-game-nordlingen-2\/\" \/>\n<meta property=\"og:site_name\" content=\"City Game\" \/>\n<meta property=\"article:publisher\" content=\"https:\/\/www.facebook.com\/profile.php?id=100086426226253\" \/>\n<meta property=\"article:modified_time\" content=\"2026-04-28T11:57:54+00:00\" \/>\n<meta property=\"og:image\" content=\"https:\/\/citygame.com\/wp-content\/blogs.dir\/1\/files\/2026\/01\/nordlingen-st-georges-church-from-wall.jpg\" \/>\n\t<meta property=\"og:image:width\" content=\"1376\" \/>\n\t<meta property=\"og:image:height\" content=\"768\" \/>\n\t<meta property=\"og:image:type\" content=\"image\/jpeg\" \/>\n<meta name=\"twitter:card\" content=\"summary_large_image\" \/>\n<script type=\"application\/ld+json\" class=\"yoast-schema-graph\">{\"@context\":\"https:\\\/\\\/schema.org\",\"@graph\":[{\"@type\":\"WebPage\",\"@id\":\"https:\\\/\\\/citygame.com\\\/de\\\/standorte\\\/city-game-deutschland\\\/city-game-nordlingen-2\\\/\",\"url\":\"https:\\\/\\\/citygame.com\\\/de\\\/standorte\\\/city-game-deutschland\\\/city-game-nordlingen-2\\\/\",\"name\":\"City Game Nordlingen - City Game\",\"isPartOf\":{\"@id\":\"https:\\\/\\\/citygame.com\\\/de\\\/#website\"},\"primaryImageOfPage\":{\"@id\":\"https:\\\/\\\/citygame.com\\\/de\\\/standorte\\\/city-game-deutschland\\\/city-game-nordlingen-2\\\/#primaryimage\"},\"image\":{\"@id\":\"https:\\\/\\\/citygame.com\\\/de\\\/standorte\\\/city-game-deutschland\\\/city-game-nordlingen-2\\\/#primaryimage\"},\"thumbnailUrl\":\"https:\\\/\\\/citygame.com\\\/wp-content\\\/blogs.dir\\\/1\\\/files\\\/2026\\\/01\\\/nordlingen-st-georges-church-from-wall.jpg\",\"datePublished\":\"2026-01-30T11:27:07+00:00\",\"dateModified\":\"2026-04-28T11:57:54+00:00\",\"breadcrumb\":{\"@id\":\"https:\\\/\\\/citygame.com\\\/de\\\/standorte\\\/city-game-deutschland\\\/city-game-nordlingen-2\\\/#breadcrumb\"},\"inLanguage\":\"de\",\"potentialAction\":[{\"@type\":\"ReadAction\",\"target\":[\"https:\\\/\\\/citygame.com\\\/de\\\/standorte\\\/city-game-deutschland\\\/city-game-nordlingen-2\\\/\"]}]},{\"@type\":\"ImageObject\",\"inLanguage\":\"de\",\"@id\":\"https:\\\/\\\/citygame.com\\\/de\\\/standorte\\\/city-game-deutschland\\\/city-game-nordlingen-2\\\/#primaryimage\",\"url\":\"https:\\\/\\\/citygame.com\\\/wp-content\\\/blogs.dir\\\/1\\\/files\\\/2026\\\/01\\\/nordlingen-st-georges-church-from-wall.jpg\",\"contentUrl\":\"https:\\\/\\\/citygame.com\\\/wp-content\\\/blogs.dir\\\/1\\\/files\\\/2026\\\/01\\\/nordlingen-st-georges-church-from-wall.jpg\",\"width\":1376,\"height\":768,\"caption\":\"A scenic view of N\u00f6rdlingen's old town and St. George's Church from the city's walkable defensive wall.\"},{\"@type\":\"BreadcrumbList\",\"@id\":\"https:\\\/\\\/citygame.com\\\/de\\\/standorte\\\/city-game-deutschland\\\/city-game-nordlingen-2\\\/#breadcrumb\",\"itemListElement\":[{\"@type\":\"ListItem\",\"position\":1,\"name\":\"Home\",\"item\":\"https:\\\/\\\/citygame.com\\\/de\\\/\"},{\"@type\":\"ListItem\",\"position\":2,\"name\":\"Locations\",\"item\":\"https:\\\/\\\/citygame.com\\\/de\\\/?page_id=1598\"},{\"@type\":\"ListItem\",\"position\":3,\"name\":\"City Game Germany\",\"item\":\"https:\\\/\\\/citygame.com\\\/de\\\/locations\\\/germany\\\/\"},{\"@type\":\"ListItem\",\"position\":4,\"name\":\"City Game Nordlingen\"}]},{\"@type\":\"WebSite\",\"@id\":\"https:\\\/\\\/citygame.com\\\/de\\\/#website\",\"url\":\"https:\\\/\\\/citygame.com\\\/de\\\/\",\"name\":\"City Game\",\"description\":\"\",\"publisher\":{\"@id\":\"https:\\\/\\\/citygame.com\\\/de\\\/#organization\"},\"alternateName\":\"citygame.com\",\"potentialAction\":[{\"@type\":\"SearchAction\",\"target\":{\"@type\":\"EntryPoint\",\"urlTemplate\":\"https:\\\/\\\/citygame.com\\\/de\\\/?s={search_term_string}\"},\"query-input\":{\"@type\":\"PropertyValueSpecification\",\"valueRequired\":true,\"valueName\":\"search_term_string\"}}],\"inLanguage\":\"de\"},{\"@type\":\"Organization\",\"@id\":\"https:\\\/\\\/citygame.com\\\/de\\\/#organization\",\"name\":\"City Game\",\"alternateName\":\"citygame.com\",\"url\":\"https:\\\/\\\/citygame.com\\\/de\\\/\",\"logo\":{\"@type\":\"ImageObject\",\"inLanguage\":\"de\",\"@id\":\"https:\\\/\\\/citygame.com\\\/de\\\/#\\\/schema\\\/logo\\\/image\\\/\",\"url\":\"https:\\\/\\\/citygame.com\\\/wp-content\\\/blogs.dir\\\/1\\\/files\\\/2025\\\/10\\\/CG_LOGO-City-Game.png\",\"contentUrl\":\"https:\\\/\\\/citygame.com\\\/wp-content\\\/blogs.dir\\\/1\\\/files\\\/2025\\\/10\\\/CG_LOGO-City-Game.png\",\"width\":351,\"height\":377,\"caption\":\"City Game\"},\"image\":{\"@id\":\"https:\\\/\\\/citygame.com\\\/de\\\/#\\\/schema\\\/logo\\\/image\\\/\"},\"sameAs\":[\"https:\\\/\\\/www.facebook.com\\\/profile.php?id=100086426226253\",\"https:\\\/\\\/www.instagram.com\\\/citygame_com\",\"https:\\\/\\\/www.tiktok.com\\\/@citygamecom\\\/\",\"https:\\\/\\\/www.linkedin.com\\\/company\\\/citygame-com\"],\"description\":\"Turn any city into a playground with our interactive City Games and self-guided tours. Fun, flexible, and ideal for groups and team building.\"}]}<\/script>\n<!-- \/ Yoast SEO Premium plugin. -->","yoast_head_json":{"title":"City Game Nordlingen - City Game","robots":{"index":"index","follow":"follow","max-snippet":"max-snippet:-1","max-image-preview":"max-image-preview:large","max-video-preview":"max-video-preview:-1"},"canonical":"https:\/\/citygame.com\/de\/standorte\/city-game-deutschland\/city-game-nordlingen-2\/","og_locale":"de_DE","og_type":"article","og_title":"City Game Nordlingen","og_url":"https:\/\/citygame.com\/de\/standorte\/city-game-deutschland\/city-game-nordlingen-2\/","og_site_name":"City Game","article_publisher":"https:\/\/www.facebook.com\/profile.php?id=100086426226253","article_modified_time":"2026-04-28T11:57:54+00:00","og_image":[{"width":1376,"height":768,"url":"https:\/\/citygame.com\/wp-content\/blogs.dir\/1\/files\/2026\/01\/nordlingen-st-georges-church-from-wall.jpg","type":"image\/jpeg"}],"twitter_card":"summary_large_image","schema":{"@context":"https:\/\/schema.org","@graph":[{"@type":"WebPage","@id":"https:\/\/citygame.com\/de\/standorte\/city-game-deutschland\/city-game-nordlingen-2\/","url":"https:\/\/citygame.com\/de\/standorte\/city-game-deutschland\/city-game-nordlingen-2\/","name":"City Game Nordlingen - City Game","isPartOf":{"@id":"https:\/\/citygame.com\/de\/#website"},"primaryImageOfPage":{"@id":"https:\/\/citygame.com\/de\/standorte\/city-game-deutschland\/city-game-nordlingen-2\/#primaryimage"},"image":{"@id":"https:\/\/citygame.com\/de\/standorte\/city-game-deutschland\/city-game-nordlingen-2\/#primaryimage"},"thumbnailUrl":"https:\/\/citygame.com\/wp-content\/blogs.dir\/1\/files\/2026\/01\/nordlingen-st-georges-church-from-wall.jpg","datePublished":"2026-01-30T11:27:07+00:00","dateModified":"2026-04-28T11:57:54+00:00","breadcrumb":{"@id":"https:\/\/citygame.com\/de\/standorte\/city-game-deutschland\/city-game-nordlingen-2\/#breadcrumb"},"inLanguage":"de","potentialAction":[{"@type":"ReadAction","target":["https:\/\/citygame.com\/de\/standorte\/city-game-deutschland\/city-game-nordlingen-2\/"]}]},{"@type":"ImageObject","inLanguage":"de","@id":"https:\/\/citygame.com\/de\/standorte\/city-game-deutschland\/city-game-nordlingen-2\/#primaryimage","url":"https:\/\/citygame.com\/wp-content\/blogs.dir\/1\/files\/2026\/01\/nordlingen-st-georges-church-from-wall.jpg","contentUrl":"https:\/\/citygame.com\/wp-content\/blogs.dir\/1\/files\/2026\/01\/nordlingen-st-georges-church-from-wall.jpg","width":1376,"height":768,"caption":"A scenic view of N\u00f6rdlingen's old town and St. George's Church from the city's walkable defensive wall."},{"@type":"BreadcrumbList","@id":"https:\/\/citygame.com\/de\/standorte\/city-game-deutschland\/city-game-nordlingen-2\/#breadcrumb","itemListElement":[{"@type":"ListItem","position":1,"name":"Home","item":"https:\/\/citygame.com\/de\/"},{"@type":"ListItem","position":2,"name":"Locations","item":"https:\/\/citygame.com\/de\/?page_id=1598"},{"@type":"ListItem","position":3,"name":"City Game Germany","item":"https:\/\/citygame.com\/de\/locations\/germany\/"},{"@type":"ListItem","position":4,"name":"City Game Nordlingen"}]},{"@type":"WebSite","@id":"https:\/\/citygame.com\/de\/#website","url":"https:\/\/citygame.com\/de\/","name":"City Game","description":"","publisher":{"@id":"https:\/\/citygame.com\/de\/#organization"},"alternateName":"citygame.com","potentialAction":[{"@type":"SearchAction","target":{"@type":"EntryPoint","urlTemplate":"https:\/\/citygame.com\/de\/?s={search_term_string}"},"query-input":{"@type":"PropertyValueSpecification","valueRequired":true,"valueName":"search_term_string"}}],"inLanguage":"de"},{"@type":"Organization","@id":"https:\/\/citygame.com\/de\/#organization","name":"City Game","alternateName":"citygame.com","url":"https:\/\/citygame.com\/de\/","logo":{"@type":"ImageObject","inLanguage":"de","@id":"https:\/\/citygame.com\/de\/#\/schema\/logo\/image\/","url":"https:\/\/citygame.com\/wp-content\/blogs.dir\/1\/files\/2025\/10\/CG_LOGO-City-Game.png","contentUrl":"https:\/\/citygame.com\/wp-content\/blogs.dir\/1\/files\/2025\/10\/CG_LOGO-City-Game.png","width":351,"height":377,"caption":"City Game"},"image":{"@id":"https:\/\/citygame.com\/de\/#\/schema\/logo\/image\/"},"sameAs":["https:\/\/www.facebook.com\/profile.php?id=100086426226253","https:\/\/www.instagram.com\/citygame_com","https:\/\/www.tiktok.com\/@citygamecom\/","https:\/\/www.linkedin.com\/company\/citygame-com"],"description":"Turn any city into a playground with our interactive City Games and self-guided tours. Fun, flexible, and ideal for groups and team building."}]}},"taxonomy_info":{"cg_page_type":[{"value":45,"label":"City overview page"}]},"featured_image_src_large":["https:\/\/citygame.com\/wp-content\/blogs.dir\/1\/files\/2026\/01\/nordlingen-st-georges-church-from-wall-1024x572.jpg",1024,572,true],"author_info":{"display_name":"Philip","author_link":"https:\/\/citygame.com\/de\/blog\/author\/sophi2\/"},"comment_info":0,"wpml_current_locale":"de_DE","wpml_translations":{"nl_NL":{"locale":"nl_NL","id":230493,"slug":"city-game-nordlingen-2","post_title":"City Game N\u00f6rdlingen","href":"https:\/\/citygame.com\/nl\/locaties\/city-game-duitsland\/city-game-nordlingen-2\/"},"en_US":{"locale":"en_US","id":8300,"slug":"city-game-nordlingen","post_title":"City Game Nordlingen","href":"https:\/\/citygame.com\/locations\/germany\/city-game-nordlingen\/"},"fr_FR":{"locale":"fr_FR","id":230499,"slug":"city-game-nordlingen-2","post_title":"City Game Nordlingen","href":"https:\/\/citygame.com\/fr\/emplacements\/city-game-germany\/city-game-nordlingen-2\/"},"de_DE":{"locale":"de_DE","translation":"current"},"it_IT":{"locale":"it_IT","id":230501,"slug":"city-game-nordlingen-2","post_title":"City Game Nordlingen","href":"https:\/\/citygame.com\/it\/luoghi\/city-game-germany\/city-game-nordlingen-2\/"},"es_ES":{"locale":"es_ES","id":230497,"slug":"city-game-nordlingen-2","post_title":"City Game Nordlingen","href":"https:\/\/citygame.com\/es\/localizaciones\/city-game-alemania\/city-game-nordlingen-2\/"}},"_links":{"self":[{"href":"https:\/\/citygame.com\/de\/wp-json\/wp\/v2\/pages\/230494","targetHints":{"allow":["GET"]}}],"collection":[{"href":"https:\/\/citygame.com\/de\/wp-json\/wp\/v2\/pages"}],"about":[{"href":"https:\/\/citygame.com\/de\/wp-json\/wp\/v2\/types\/page"}],"author":[{"embeddable":true,"href":"https:\/\/citygame.com\/de\/wp-json\/wp\/v2\/users\/78"}],"replies":[{"embeddable":true,"href":"https:\/\/citygame.com\/de\/wp-json\/wp\/v2\/comments?post=230494"}],"version-history":[{"count":0,"href":"https:\/\/citygame.com\/de\/wp-json\/wp\/v2\/pages\/230494\/revisions"}],"up":[{"embeddable":true,"href":"https:\/\/citygame.com\/de\/wp-json\/wp\/v2\/pages\/225790"}],"acf:term":[{"embeddable":true,"taxonomy":"location","href":"https:\/\/citygame.com\/de\/wp-json\/wp\/v2\/location\/300"}],"wp:featuredmedia":[{"embeddable":true,"href":"https:\/\/citygame.com\/de\/wp-json\/wp\/v2\/media\/8282"}],"wp:attachment":[{"href":"https:\/\/citygame.com\/de\/wp-json\/wp\/v2\/media?parent=230494"}],"wp:term":[{"taxonomy":"cities-only-parent-location","embeddable":true,"href":"https:\/\/citygame.com\/de\/wp-json\/wp\/v2\/cities-only-parent-location?post=230494"},{"taxonomy":"countries-only-parent-locations","embeddable":true,"href":"https:\/\/citygame.com\/de\/wp-json\/wp\/v2\/countries-only-parent-locations?post=230494"},{"taxonomy":"seo_keyword","embeddable":true,"href":"https:\/\/citygame.com\/de\/wp-json\/wp\/v2\/seo_keyword?post=230494"},{"taxonomy":"cg_page_type","embeddable":true,"href":"https:\/\/citygame.com\/de\/wp-json\/wp\/v2\/cg_page_type?post=230494"}],"curies":[{"name":"wp","href":"https:\/\/api.w.org\/{rel}","templated":true}]}}