{"id":230754,"date":"2026-01-30T10:58:58","date_gmt":"2026-01-30T10:58:58","guid":{"rendered":"https:\/\/citygame.com\/locations\/sri-lanka\/city-game-colombo-2\/"},"modified":"2026-04-28T14:49:08","modified_gmt":"2026-04-28T14:49:08","slug":"city-game-colombo-2","status":"publish","type":"page","link":"https:\/\/citygame.com\/de\/standorte\/city-game-sri-lanka\/city-game-colombo-2\/","title":{"rendered":"City Game Colombo"},"content":{"rendered":"","protected":false},"excerpt":{"rendered":"","protected":false},"author":78,"featured_media":16686,"parent":226913,"menu_order":0,"comment_status":"closed","ping_status":"closed","template":"","meta":{"_acf_changed":false,"_yoast_wpseo_focuskw":"City Game Colombo","_yoast_wpseo_metadesc":"","_kad_blocks_custom_css":"","_kad_blocks_head_custom_js":"","_kad_blocks_body_custom_js":"","_kad_blocks_footer_custom_js":"","_kad_post_transparent":"","_kad_post_title":"","_kad_post_layout":"","_kad_post_sidebar_id":"","_kad_post_content_style":"","_kad_post_vertical_padding":"","_kad_post_feature":"","_kad_post_feature_position":"","_kad_post_header":false,"_kad_post_footer":false,"_kad_post_classname":"","footnotes":""},"cities-only-parent-location":[],"countries-only-parent-locations":[],"seo_keyword":[],"cg_page_type":[45],"class_list":["post-230754","page","type-page","status-publish","has-post-thumbnail","hentry","cg_page_type-city-overview-page"],"acf":{"city_name":"Colombo","select_city":126,"section_1_h2_city_games_in_city":"City Games in Colombo","intro_text":"City Games sind in Colombo verf\u00fcgbar und bieten eine einzigartige M\u00f6glichkeit, die Stadt durch interaktives Gameplay zu erkunden. Mit einem Smartphone l\u00f6sen die Spieler R\u00e4tsel und Herausforderungen, w\u00e4hrend sie sich in ihrem eigenen Tempo durch verschiedene Bereiche bewegen. Dieses selbstgesteuerte Erlebnis kombiniert digitale Interaktion mit realer Umgebung und sorgt f\u00fcr ein flexibles und fesselndes urbanes Abenteuer.","section_1_usp_1":"Start, Pause & Fortsetzen, wann immer Sie m\u00f6chten","section_1_usp_2":"Unabh\u00e4ngig spielen","section_1_usp_3":"1\u20134 oder 2\u20135 Personen pro Smartphone, je nach Spiel","section_1_usp_4":"1,5\u20132 Stunden Spielzeit","section_1_usp_5":"3\u20134 km Fu\u00dfweg","section_1_usp_6":"Internetverbindung erforderlich","section_1_text_2":"W\u00e4hle dein City Game aus und fang heute noch mit dem Spielen an!","section_1_cta":"Alle City Games ansehen","intro_image":16687,"section_2_h2_all_city_games_in_city":"Alle City Games in Colombo","section_3_h2_how_city_games_work_in_city":"Wie City Games in Colombo funktionieren","section_3_text":"Der Einstieg ist einfach. W\u00e4hle dein City Game in Colombo, buche dein Abenteuer und beginne zu spielen, wann es dir passt. Alles, was du brauchst, wird dir direkt nach der Buchung zugesandt: kein Guide, keine festen Startzeiten, nur dein Team und die Stadt.","section_3_usp_1":"1,5\u20132 Stunden Gameplay","section_3_usp_2":"3\u20134 km Gehdistanz durch die Stadt","section_3_usp_3":"Start, Pause und Fortsetzen, wann immer Sie m\u00f6chten","section_3_usp_4":"1\u20134 oder 2\u20135 Personen pro Smartphone, je nach Spiel","section_3_usp_5":"Eigenes Device, unabh\u00e4ngig spielen","section_3_usp_6":"WLAN w\u00e4hrend des Spiels erforderlich","section_3_cta":"W\u00e4hle deine Stadt","section_3_step_1":"Schritt 1","section_3_step_1_title":"W\u00e4hle deine Stadt und dein City Game","section_3_step_1_text":"W\u00e4hle die Stadt, in der du spielen m\u00f6chtest, und buche dein City Game online in nur wenigen Klicks.","section_3_step_2":"Schritt 2","section_3_step_2_title":"Erhalte deine Spielanleitung","section_3_step_2_text":"Nach der Buchung erh\u00e4ltst du sofort eine E-Mail mit allen Anweisungen und dem Zugang zum Spiel.","section_3_step_3":"Schritt 3","section_3_step_3_title":"Gehe zum Startpunkt","section_3_step_3_text":"Gehe zum Startpunkt in der Stadt, wann es dir passt. Es gibt keine festen Startzeiten.","section_3_step_4":"Schritt 4","section_3_step_4_title":"Starte dein City Game","section_3_step_4_text":"Folge den Hinweisen, l\u00f6se R\u00e4tsel und entdecke die Stadt, w\u00e4hrend du entlang der Route unterhaltsame Herausforderungen meisterst.","how_city_games_work_image":16688,"section_4_h2_who_are_city_games_in_city_for":"F\u00fcr wen sind City Games in Colombo geeignet?","section_4_text":"City Games in Colombo sind f\u00fcr alle gedacht, die die Stadt auf interaktive und flexible Weise erleben m\u00f6chten. Egal, ob du Colombo zum ersten Mal besuchst oder die Stadt schon gut kennst, City Games bieten eine unterhaltsame Aktivit\u00e4t, die sich leicht in deinen Tag integrieren l\u00e4sst.","section_4_text_2":"City Games in Colombo eignen sich f\u00fcr:","section_4_usp_1":"Alleinspieler oder kleine Gruppen, die ein flexibles Abenteuer suchen","section_4_usp_2":"Touristen, die Colombo erkunden","section_4_usp_3":"Freunde und Familien, die nach einer unterhaltsamen Aktivit\u00e4t suchen","section_4_usp_4":"Unternehmen und Teams, die eine Teambuilding-Veranstaltung planen","section_4_usp_5":"Einheimische, die ihre eigene Stadt neu entdecken m\u00f6chten","section_4_cta":"Finde ein City Game in deiner Stadt","who_are_city_games_for_image":16689,"section_5_h2_exploring_city":"Colombo erkunden","exploring_city_text":"Colombo zu erkunden zeigt eine dynamische Mischung aus kolonialem Erbe und K\u00fcstenrhythmen. Das Fort-Viertel, einst Herz der britischen Verwaltung, hallt noch immer nach mit seinen stattlichen Geb\u00e4uden und beschatteten Stra\u00dfen und bietet einen ruhigeren Kontrast zum gesch\u00e4ftigen Treiben der Stadt. Im Landesinneren bringt das Pettah-Marktviertel eine andere Energie, in engen Gassen pulsiert das lokale Leben, bunte Stoffe und der Duft frischer Gew\u00fcrze.\n\nDie Stadt erstreckt sich am Rand des Indischen Ozeans, wo der Galle Face Green sich als beliebte st\u00e4dtische Promenade ausdehnt. Die Einheimischen versammeln sich hier bei der D\u00e4mmerung und verleihen dem breiten Meeresufer eine allt\u00e4gliche Intimit\u00e4t, eingerahmt von Meeresbrise und Sonnenuntergangsfarben. Colombos Charakter ist texturiert \u2014 teils gesch\u00e4ftiger Hafen, teils tropische Hauptstadt \u2014 und diese Vielfalt pr\u00e4gt, wie jede Ecke der Stadt zu Fu\u00df erlebt wird.","exploring_city_image":16690,"section_6_h2_hosted_game":"Your favourite City Games, professionally hosted by our team","section_6_text":"Genie\u00dfen Sie dieselben City Games wie bei unserer selbstgesteuerten Version, jedoch mit vollst\u00e4ndiger Vor-Ort-Unterst\u00fctzung durch unsere professionellen Hosts. Wir k\u00fcmmern uns um Briefing, Tablets, Koordination und technischen Support, damit Ihre Gruppe sich ganz auf Spa\u00df und Wettbewerb konzentrieren kann.","section_6_text_2":"Inklusive:","section_6_usp_1_title":"Same City Game, fully hosted","section_6_usp_1_text":"Sie erleben dieselbe Erfahrung wie bei unserer selbstgesteuerten Version, nun mit unseren Hosts, die Ihre Gruppe anleiten.","section_6_usp_2_title":"Live ranking & prize ceremony","section_6_usp_2_text":"F\u00fcr gr\u00f6\u00dfere Gruppen pr\u00e4sentieren unsere Hosts die Endergebnisse und k\u00fcndigen das Gewinnerteam mit einem unterhaltsamen Preis-Moment an.","section_6_usp_3_title":"Hosted start & finish","section_6_usp_3_text":"Wir hei\u00dfen Ihre Gruppe willkommen, erkl\u00e4ren das Spiel klar und beenden es mit einem spannenden Abschluss.","section_6_usp_4_title":"Real-time support during the game","section_6_usp_4_text":"Unser Team unterst\u00fctzt w\u00e4hrend des gesamten Erlebnisses bei Ger\u00e4ten, App-Problemen und Koordination.","section_6_usp_5_title":"Tablets included (optional)","section_6_usp_5_text":"Verf\u00fcgbar f\u00fcr Gruppen, die unsere Ger\u00e4te statt eigener bevorzugen.","section_6_text_3":"Weltweit von Teams vertraut, von Kleingruppen bis hin zu gro\u00dfen Firmenveranstaltungen.","section_6_cta":"Planen Sie Ihre Gruppenveranstaltung","section_7_h2_reviews":"Was andere von unseren City Games halten","section_7_cta_1":"Alle h\u00e4ufig gestellten Fragen ansehen","section_7_cta_2":"Unterst\u00fctzung erhalten","section_8_h2_faq":"Haben Sie Fragen? Wir haben Antworten!","section_8_text":"Erkunden Sie St\u00e4dte auf eine unterhaltsame und interaktive Weise mit unseren City Games. L\u00f6sen Sie R\u00e4tsel, entdecken Sie versteckte Orte und erkunden Sie die Stadt, w\u00e4hrend Sie mit Freunden, Familie oder Kollegen spielen \u2013 wann immer es Ihnen passt.","section_8_cta_1":"Alle h\u00e4ufig gestellten Fragen ansehen","section_8_cta_2":"Unterst\u00fctzung erhalten","section_8_question_1":"Was sind City Games in Colombo?","section_8_answer_1":"City Games in Colombo sind <strong>interaktive, selbstgesteuerte Erlebnisse<\/strong>, die Sie dabei unterst\u00fctzen, die Stadt zu erkunden, w\u00e4hrend Sie ein Spiel spielen!\r\n\r\nMit Ihrem Smartphone l\u00f6sen Sie R\u00e4tsel, bew\u00e4ltigen Herausforderungen und folgen der Handlung Ihres gew\u00e4hlten City Game, w\u00e4hrend Sie durch die Stadt gehen.\r\n\r\nCity Games verbinden Teamarbeit, Probleml\u00f6sung und Outdoor-Erkundung und bieten so eine unterhaltsame Aktivit\u00e4t f\u00fcr Besucher, Einheimische und Gruppen gleicherma\u00dfen.","section_8_question_2":"Ben\u00f6tigen Sie einen Guide, um ein City Game in Colombo zu spielen?","section_8_answer_2":"<p class=\"kt-adv-heading2034_2420ea-ca wp-block-kadence-advancedheading\" data-kb-block=\"kb-adv-heading2034_2420ea-ca\">Nein, City Games in Colombo sind <strong>vollst\u00e4ndig selbstgesteuert<\/strong>. Sie ben\u00f6tigen keinen Guide, Host oder Vor-Ort-Personal zum Spielen. Alle Anleitungen und das Gameplay werden digital bereitgestellt, sodass Sie eigenst\u00e4ndig mit Ihrem eigenen Smartphone starten und spielen k\u00f6nnen.<\/p>\r\nDieses Flexibilit\u00e4t macht City Games leicht in Ihren eigenen Zeitplan integrierbar.\r\n<p class=\"kt-adv-heading2034_cd3db2-33 wp-block-kadence-advancedheading hls-none\" data-kb-block=\"kb-adv-heading2034_cd3db2-33\">F\u00fcr gr\u00f6\u00dfere Gruppen oder Firmenveranstaltungen ist auch eine vollst\u00e4ndig betreute Version unserer City Games erh\u00e4ltlich, einschlie\u00dflich Vor-Ort-Anleitung, Tablets und Live-Support.<\/p>\r\nPlanen Sie eine gr\u00f6\u00dfere Gruppe oder eine Firmenveranstaltung?","section_8_answer_2_cta":"Erkunden Sie das betreute City Game-Erlebnis f\u00fcr Gruppen","section_8_question_3":"Wann k\u00f6nnen wir ein City Game in Colombo spielen?","section_8_answer_3":"Sie k\u00f6nnen jederzeit mit dem Spielen beginnen, wenn es Ihnen passt! City Games in Colombo haben keine festen Startzeiten, sodass Sie jederzeit beginnen k\u00f6nnen, der zu Ihren Pl\u00e4nen passt.\r\n\r\nNach der Buchung erhalten Sie klare Anweisungen, die erkl\u00e4ren, wie und wann Sie Ihr City Game starten k\u00f6nnen!","section_8_question_4":"Wie lange dauert ein City Game in Colombo?","section_8_answer_4":"Die City Games in Colombo dauern ungef\u00e4hr <strong>1,5 bis 2 Stunden<\/strong>, um abgeschlossen zu werden! Die genaue Dauer h\u00e4ngt von Ihrem Tempo, der Anzahl der Pausen und davon ab, wie schnell Sie die R\u00e4tsel und Herausforderungen l\u00f6sen.\r\n\r\nSie k\u00f6nnen in Ihrem eigenen Tempo spielen und das Spiel jederzeit pausieren!","section_8_question_5":"K\u00f6nnen wir ein City Game in Colombo mit einer gro\u00dfen Gruppe spielen?","section_8_answer_5":"<p class=\"kt-adv-heading2034_97743b-76 wp-block-kadence-advancedheading\" data-kb-block=\"kb-adv-heading2034_97743b-76\">Ja, City Games eignen sich sowohl f\u00fcr <strong>kleine Gruppen als auch gr\u00f6\u00dfere Teams<\/strong>. Gro\u00dfe Gruppen k\u00f6nnen sich problemlos in kleinere Teams aufteilen und das City Game gleichzeitig spielen, wobei mehrere Smartphones zum Einsatz kommen. Jedes Team spielt unabh\u00e4ngig, folgt demselben Spielkonzept und derselbe Handlungslauf.<\/p>\r\nDieses Setup funktioniert gut f\u00fcr Gruppen von Freunden, Familien und Unternehmen und macht City Games zu einer beliebten Wahl f\u00fcr Teamausfl\u00fcge, Veranstaltungen und Teambuilding-Aktivit\u00e4ten.\r\n<p class=\"kt-adv-heading2034_7442e3-e3 wp-block-kadence-advancedheading hls-none\" data-kb-block=\"kb-adv-heading2034_7442e3-e3\">F\u00fcr gr\u00f6\u00dfere Gruppen oder Firmenveranstaltungen ist auch eine vollst\u00e4ndig betreute Version unserer City Games erh\u00e4ltlich, einschlie\u00dflich Vor-Ort-Anleitung, Tablets und Live-Support.<\/p>\r\nPlanen Sie eine gr\u00f6\u00dfere Gruppe oder Firmenveranstaltung?","section_8_answer_5_cta":"Erkunden Sie das betreute City Game-Erlebnis f\u00fcr Gruppen","section_8_question_6":"Sind City Games in Colombo f\u00fcr Touristen und Einheimische geeignet?","section_8_answer_6":"Ja, City Games in Colombo eignen sich sowohl f\u00fcr <strong>Touristen als auch Einheimische<\/strong>. Besucher k\u00f6nnen die Stadt interaktiv erleben, w\u00e4hrend Einheimische vertraute Stra\u00dfen als Schauplatz eines City Game genie\u00dfen k\u00f6nnen.\r\n\r\nDa sich jedes City Game auf Gameplay und Storytelling konzentriert, wirkt das Erlebnis frisch, unabh\u00e4ngig davon, wie gut Sie die Stadt bereits kennen.","section_8_question_7":"Sind City Games in Colombo in mehreren Sprachen erh\u00e4ltlich?","section_8_answer_7":"Ja, City Games in Colombo sind <strong>in mehreren Sprachen erh\u00e4ltlich<\/strong>. Sie k\u00f6nnen vor oder w\u00e4hrend des Spiels Ihre bevorzugte Sprache ausw\u00e4hlen, wodurch City Games f\u00fcr internationale Besucher und Gruppen mit unterschiedlichen Sprachen zug\u00e4nglich sind.","section_8_question_8":"Was ben\u00f6tigen Sie, um ein City Game in Colombo zu spielen?","section_8_answer_8":"F\u00fcr ein City Game in Colombo ben\u00f6tigen Sie:","section_8_answer_8_usp_1":"Ein Smartphone mit Internetverbindung","section_8_answer_8_usp_2":"Eine gut geladene Batterie","section_8_answer_8_usp_3":"Bequeme Schuhe zum Gehen","section_8_answer_8_2":"Alle Spielinhalte und Anleitungen werden nach der Buchung digital bereitgestellt.","section_9_h2_instagram":"Mehr auf Instagram sehen","section_9_text":"Reiseanregungen, R\u00e4tsel, versteckte Sch\u00e4tze und City Game-Momente direkt aus unserer Community","section_9_cta":"Folgen Sie uns auf Instagram","section_10_h2_page_ending":"Bereit f\u00fcr ein unvergessliches Abenteuer in Colombo?","section_10_text":"Erkunden Sie Colombo auf eine einzigartige und interaktive Weise mit unseren City Games. Spielen Sie noch heute und schaffen Sie bleibende Erinnerungen!","section_10_cta":"Buchen Sie jetzt Ihr City Game","latitude":6.9035383,"longitude":79.8681098,"country":false,"map_enabled":true},"yoast_head":"<!-- This site is optimized with the Yoast SEO Premium plugin v26.2 (Yoast SEO v27.4) - https:\/\/yoast.com\/product\/yoast-seo-premium-wordpress\/ -->\n<title>City Game Colombo - City Game<\/title>\n<meta name=\"robots\" content=\"index, follow, max-snippet:-1, max-image-preview:large, max-video-preview:-1\" \/>\n<link rel=\"canonical\" href=\"https:\/\/citygame.com\/de\/standorte\/city-game-sri-lanka\/city-game-colombo-2\/\" \/>\n<meta property=\"og:locale\" content=\"de_DE\" \/>\n<meta property=\"og:type\" content=\"article\" \/>\n<meta property=\"og:title\" content=\"City Game Colombo\" \/>\n<meta property=\"og:url\" content=\"https:\/\/citygame.com\/de\/standorte\/city-game-sri-lanka\/city-game-colombo-2\/\" \/>\n<meta property=\"og:site_name\" content=\"City Game\" \/>\n<meta property=\"article:publisher\" content=\"https:\/\/www.facebook.com\/profile.php?id=100086426226253\" \/>\n<meta property=\"article:modified_time\" content=\"2026-04-28T14:49:08+00:00\" \/>\n<meta property=\"og:image\" content=\"https:\/\/citygame.com\/wp-content\/blogs.dir\/1\/files\/2026\/03\/colombo-maradana-railway-station-aerial-view.jpeg\" \/>\n\t<meta property=\"og:image:width\" content=\"1440\" \/>\n\t<meta property=\"og:image:height\" content=\"1920\" \/>\n\t<meta property=\"og:image:type\" content=\"image\/jpeg\" \/>\n<meta name=\"twitter:card\" content=\"summary_large_image\" \/>\n<script type=\"application\/ld+json\" class=\"yoast-schema-graph\">{\"@context\":\"https:\\\/\\\/schema.org\",\"@graph\":[{\"@type\":\"WebPage\",\"@id\":\"https:\\\/\\\/citygame.com\\\/de\\\/standorte\\\/city-game-sri-lanka\\\/city-game-colombo-2\\\/\",\"url\":\"https:\\\/\\\/citygame.com\\\/de\\\/standorte\\\/city-game-sri-lanka\\\/city-game-colombo-2\\\/\",\"name\":\"City Game Colombo - City Game\",\"isPartOf\":{\"@id\":\"https:\\\/\\\/citygame.com\\\/de\\\/#website\"},\"primaryImageOfPage\":{\"@id\":\"https:\\\/\\\/citygame.com\\\/de\\\/standorte\\\/city-game-sri-lanka\\\/city-game-colombo-2\\\/#primaryimage\"},\"image\":{\"@id\":\"https:\\\/\\\/citygame.com\\\/de\\\/standorte\\\/city-game-sri-lanka\\\/city-game-colombo-2\\\/#primaryimage\"},\"thumbnailUrl\":\"https:\\\/\\\/citygame.com\\\/wp-content\\\/blogs.dir\\\/1\\\/files\\\/2026\\\/03\\\/colombo-maradana-railway-station-aerial-view.jpeg\",\"datePublished\":\"2026-01-30T10:58:58+00:00\",\"dateModified\":\"2026-04-28T14:49:08+00:00\",\"breadcrumb\":{\"@id\":\"https:\\\/\\\/citygame.com\\\/de\\\/standorte\\\/city-game-sri-lanka\\\/city-game-colombo-2\\\/#breadcrumb\"},\"inLanguage\":\"de\",\"potentialAction\":[{\"@type\":\"ReadAction\",\"target\":[\"https:\\\/\\\/citygame.com\\\/de\\\/standorte\\\/city-game-sri-lanka\\\/city-game-colombo-2\\\/\"]}]},{\"@type\":\"ImageObject\",\"inLanguage\":\"de\",\"@id\":\"https:\\\/\\\/citygame.com\\\/de\\\/standorte\\\/city-game-sri-lanka\\\/city-game-colombo-2\\\/#primaryimage\",\"url\":\"https:\\\/\\\/citygame.com\\\/wp-content\\\/blogs.dir\\\/1\\\/files\\\/2026\\\/03\\\/colombo-maradana-railway-station-aerial-view.jpeg\",\"contentUrl\":\"https:\\\/\\\/citygame.com\\\/wp-content\\\/blogs.dir\\\/1\\\/files\\\/2026\\\/03\\\/colombo-maradana-railway-station-aerial-view.jpeg\",\"width\":1440,\"height\":1920,\"caption\":\"A high-angle view looking over the Maradana Railway Station and the city of Colombo, Sri Lanka.\"},{\"@type\":\"BreadcrumbList\",\"@id\":\"https:\\\/\\\/citygame.com\\\/de\\\/standorte\\\/city-game-sri-lanka\\\/city-game-colombo-2\\\/#breadcrumb\",\"itemListElement\":[{\"@type\":\"ListItem\",\"position\":1,\"name\":\"Home\",\"item\":\"https:\\\/\\\/citygame.com\\\/de\\\/\"},{\"@type\":\"ListItem\",\"position\":2,\"name\":\"Locations\",\"item\":\"https:\\\/\\\/citygame.com\\\/de\\\/?page_id=1598\"},{\"@type\":\"ListItem\",\"position\":3,\"name\":\"City Game Sri Lanka\",\"item\":\"https:\\\/\\\/citygame.com\\\/de\\\/locations\\\/sri-lanka\\\/\"},{\"@type\":\"ListItem\",\"position\":4,\"name\":\"City Game Colombo\"}]},{\"@type\":\"WebSite\",\"@id\":\"https:\\\/\\\/citygame.com\\\/de\\\/#website\",\"url\":\"https:\\\/\\\/citygame.com\\\/de\\\/\",\"name\":\"City Game\",\"description\":\"\",\"publisher\":{\"@id\":\"https:\\\/\\\/citygame.com\\\/de\\\/#organization\"},\"alternateName\":\"citygame.com\",\"potentialAction\":[{\"@type\":\"SearchAction\",\"target\":{\"@type\":\"EntryPoint\",\"urlTemplate\":\"https:\\\/\\\/citygame.com\\\/de\\\/?s={search_term_string}\"},\"query-input\":{\"@type\":\"PropertyValueSpecification\",\"valueRequired\":true,\"valueName\":\"search_term_string\"}}],\"inLanguage\":\"de\"},{\"@type\":\"Organization\",\"@id\":\"https:\\\/\\\/citygame.com\\\/de\\\/#organization\",\"name\":\"City Game\",\"alternateName\":\"citygame.com\",\"url\":\"https:\\\/\\\/citygame.com\\\/de\\\/\",\"logo\":{\"@type\":\"ImageObject\",\"inLanguage\":\"de\",\"@id\":\"https:\\\/\\\/citygame.com\\\/de\\\/#\\\/schema\\\/logo\\\/image\\\/\",\"url\":\"https:\\\/\\\/citygame.com\\\/wp-content\\\/blogs.dir\\\/1\\\/files\\\/2025\\\/10\\\/CG_LOGO-City-Game.png\",\"contentUrl\":\"https:\\\/\\\/citygame.com\\\/wp-content\\\/blogs.dir\\\/1\\\/files\\\/2025\\\/10\\\/CG_LOGO-City-Game.png\",\"width\":351,\"height\":377,\"caption\":\"City Game\"},\"image\":{\"@id\":\"https:\\\/\\\/citygame.com\\\/de\\\/#\\\/schema\\\/logo\\\/image\\\/\"},\"sameAs\":[\"https:\\\/\\\/www.facebook.com\\\/profile.php?id=100086426226253\",\"https:\\\/\\\/www.instagram.com\\\/citygame_com\",\"https:\\\/\\\/www.tiktok.com\\\/@citygamecom\\\/\",\"https:\\\/\\\/www.linkedin.com\\\/company\\\/citygame-com\"],\"description\":\"Turn any city into a playground with our interactive City Games and self-guided tours. Fun, flexible, and ideal for groups and team building.\"}]}<\/script>\n<!-- \/ Yoast SEO Premium plugin. -->","yoast_head_json":{"title":"City Game Colombo - City Game","robots":{"index":"index","follow":"follow","max-snippet":"max-snippet:-1","max-image-preview":"max-image-preview:large","max-video-preview":"max-video-preview:-1"},"canonical":"https:\/\/citygame.com\/de\/standorte\/city-game-sri-lanka\/city-game-colombo-2\/","og_locale":"de_DE","og_type":"article","og_title":"City Game Colombo","og_url":"https:\/\/citygame.com\/de\/standorte\/city-game-sri-lanka\/city-game-colombo-2\/","og_site_name":"City Game","article_publisher":"https:\/\/www.facebook.com\/profile.php?id=100086426226253","article_modified_time":"2026-04-28T14:49:08+00:00","og_image":[{"width":1440,"height":1920,"url":"https:\/\/citygame.com\/wp-content\/blogs.dir\/1\/files\/2026\/03\/colombo-maradana-railway-station-aerial-view.jpeg","type":"image\/jpeg"}],"twitter_card":"summary_large_image","schema":{"@context":"https:\/\/schema.org","@graph":[{"@type":"WebPage","@id":"https:\/\/citygame.com\/de\/standorte\/city-game-sri-lanka\/city-game-colombo-2\/","url":"https:\/\/citygame.com\/de\/standorte\/city-game-sri-lanka\/city-game-colombo-2\/","name":"City Game Colombo - City Game","isPartOf":{"@id":"https:\/\/citygame.com\/de\/#website"},"primaryImageOfPage":{"@id":"https:\/\/citygame.com\/de\/standorte\/city-game-sri-lanka\/city-game-colombo-2\/#primaryimage"},"image":{"@id":"https:\/\/citygame.com\/de\/standorte\/city-game-sri-lanka\/city-game-colombo-2\/#primaryimage"},"thumbnailUrl":"https:\/\/citygame.com\/wp-content\/blogs.dir\/1\/files\/2026\/03\/colombo-maradana-railway-station-aerial-view.jpeg","datePublished":"2026-01-30T10:58:58+00:00","dateModified":"2026-04-28T14:49:08+00:00","breadcrumb":{"@id":"https:\/\/citygame.com\/de\/standorte\/city-game-sri-lanka\/city-game-colombo-2\/#breadcrumb"},"inLanguage":"de","potentialAction":[{"@type":"ReadAction","target":["https:\/\/citygame.com\/de\/standorte\/city-game-sri-lanka\/city-game-colombo-2\/"]}]},{"@type":"ImageObject","inLanguage":"de","@id":"https:\/\/citygame.com\/de\/standorte\/city-game-sri-lanka\/city-game-colombo-2\/#primaryimage","url":"https:\/\/citygame.com\/wp-content\/blogs.dir\/1\/files\/2026\/03\/colombo-maradana-railway-station-aerial-view.jpeg","contentUrl":"https:\/\/citygame.com\/wp-content\/blogs.dir\/1\/files\/2026\/03\/colombo-maradana-railway-station-aerial-view.jpeg","width":1440,"height":1920,"caption":"A high-angle view looking over the Maradana Railway Station and the city of Colombo, Sri Lanka."},{"@type":"BreadcrumbList","@id":"https:\/\/citygame.com\/de\/standorte\/city-game-sri-lanka\/city-game-colombo-2\/#breadcrumb","itemListElement":[{"@type":"ListItem","position":1,"name":"Home","item":"https:\/\/citygame.com\/de\/"},{"@type":"ListItem","position":2,"name":"Locations","item":"https:\/\/citygame.com\/de\/?page_id=1598"},{"@type":"ListItem","position":3,"name":"City Game Sri Lanka","item":"https:\/\/citygame.com\/de\/locations\/sri-lanka\/"},{"@type":"ListItem","position":4,"name":"City Game Colombo"}]},{"@type":"WebSite","@id":"https:\/\/citygame.com\/de\/#website","url":"https:\/\/citygame.com\/de\/","name":"City Game","description":"","publisher":{"@id":"https:\/\/citygame.com\/de\/#organization"},"alternateName":"citygame.com","potentialAction":[{"@type":"SearchAction","target":{"@type":"EntryPoint","urlTemplate":"https:\/\/citygame.com\/de\/?s={search_term_string}"},"query-input":{"@type":"PropertyValueSpecification","valueRequired":true,"valueName":"search_term_string"}}],"inLanguage":"de"},{"@type":"Organization","@id":"https:\/\/citygame.com\/de\/#organization","name":"City Game","alternateName":"citygame.com","url":"https:\/\/citygame.com\/de\/","logo":{"@type":"ImageObject","inLanguage":"de","@id":"https:\/\/citygame.com\/de\/#\/schema\/logo\/image\/","url":"https:\/\/citygame.com\/wp-content\/blogs.dir\/1\/files\/2025\/10\/CG_LOGO-City-Game.png","contentUrl":"https:\/\/citygame.com\/wp-content\/blogs.dir\/1\/files\/2025\/10\/CG_LOGO-City-Game.png","width":351,"height":377,"caption":"City Game"},"image":{"@id":"https:\/\/citygame.com\/de\/#\/schema\/logo\/image\/"},"sameAs":["https:\/\/www.facebook.com\/profile.php?id=100086426226253","https:\/\/www.instagram.com\/citygame_com","https:\/\/www.tiktok.com\/@citygamecom\/","https:\/\/www.linkedin.com\/company\/citygame-com"],"description":"Turn any city into a playground with our interactive City Games and self-guided tours. Fun, flexible, and ideal for groups and team building."}]}},"taxonomy_info":{"cg_page_type":[{"value":45,"label":"City overview page"}]},"featured_image_src_large":["https:\/\/citygame.com\/wp-content\/blogs.dir\/1\/files\/2026\/03\/colombo-maradana-railway-station-aerial-view-768x1024.jpeg",768,1024,true],"author_info":{"display_name":"Philip","author_link":"https:\/\/citygame.com\/de\/blog\/author\/sophi2\/"},"comment_info":0,"wpml_current_locale":"de_DE","wpml_translations":{"nl_NL":{"locale":"nl_NL","id":230753,"slug":"city-game-colombo-2","post_title":"City Game Colombo","href":"https:\/\/citygame.com\/nl\/locaties\/city-game-sri-lanka\/city-game-colombo-2\/"},"en_US":{"locale":"en_US","id":8160,"slug":"city-game-colombo","post_title":"City Game Colombo","href":"https:\/\/citygame.com\/locations\/sri-lanka\/city-game-colombo\/"},"fr_FR":{"locale":"fr_FR","id":230757,"slug":"city-game-colombo-2","post_title":"City Game Colombo","href":"https:\/\/citygame.com\/fr\/emplacements\/city-game-sri-lanka\/city-game-colombo-2\/"},"de_DE":{"locale":"de_DE","translation":"current"},"it_IT":{"locale":"it_IT","id":230760,"slug":"city-game-colombo-2","post_title":"City Game Colombo","href":"https:\/\/citygame.com\/it\/luoghi\/city-game-sri-lanka\/city-game-colombo-2\/"},"es_ES":{"locale":"es_ES","id":230756,"slug":"city-game-colombo-2","post_title":"City Game Colombo","href":"https:\/\/citygame.com\/es\/localizaciones\/city-game-sri-lanka\/city-game-colombo-2\/"}},"_links":{"self":[{"href":"https:\/\/citygame.com\/de\/wp-json\/wp\/v2\/pages\/230754","targetHints":{"allow":["GET"]}}],"collection":[{"href":"https:\/\/citygame.com\/de\/wp-json\/wp\/v2\/pages"}],"about":[{"href":"https:\/\/citygame.com\/de\/wp-json\/wp\/v2\/types\/page"}],"author":[{"embeddable":true,"href":"https:\/\/citygame.com\/de\/wp-json\/wp\/v2\/users\/78"}],"replies":[{"embeddable":true,"href":"https:\/\/citygame.com\/de\/wp-json\/wp\/v2\/comments?post=230754"}],"version-history":[{"count":0,"href":"https:\/\/citygame.com\/de\/wp-json\/wp\/v2\/pages\/230754\/revisions"}],"up":[{"embeddable":true,"href":"https:\/\/citygame.com\/de\/wp-json\/wp\/v2\/pages\/226913"}],"acf:term":[{"embeddable":true,"taxonomy":"location","href":"https:\/\/citygame.com\/de\/wp-json\/wp\/v2\/location\/126"}],"wp:featuredmedia":[{"embeddable":true,"href":"https:\/\/citygame.com\/de\/wp-json\/wp\/v2\/media\/16686"}],"wp:attachment":[{"href":"https:\/\/citygame.com\/de\/wp-json\/wp\/v2\/media?parent=230754"}],"wp:term":[{"taxonomy":"cities-only-parent-location","embeddable":true,"href":"https:\/\/citygame.com\/de\/wp-json\/wp\/v2\/cities-only-parent-location?post=230754"},{"taxonomy":"countries-only-parent-locations","embeddable":true,"href":"https:\/\/citygame.com\/de\/wp-json\/wp\/v2\/countries-only-parent-locations?post=230754"},{"taxonomy":"seo_keyword","embeddable":true,"href":"https:\/\/citygame.com\/de\/wp-json\/wp\/v2\/seo_keyword?post=230754"},{"taxonomy":"cg_page_type","embeddable":true,"href":"https:\/\/citygame.com\/de\/wp-json\/wp\/v2\/cg_page_type?post=230754"}],"curies":[{"name":"wp","href":"https:\/\/api.w.org\/{rel}","templated":true}]}}