{"id":230768,"date":"2026-01-29T19:18:10","date_gmt":"2026-01-29T19:18:10","guid":{"rendered":"https:\/\/citygame.com\/locations\/italy\/city-game-pisa-2\/"},"modified":"2026-04-28T15:12:40","modified_gmt":"2026-04-28T15:12:40","slug":"city-game-pisa-2","status":"publish","type":"page","link":"https:\/\/citygame.com\/de\/standorte\/city-game-italien\/city-game-pisa-2\/","title":{"rendered":"City Game Pisa"},"content":{"rendered":"","protected":false},"excerpt":{"rendered":"","protected":false},"author":78,"featured_media":7440,"parent":225853,"menu_order":0,"comment_status":"closed","ping_status":"closed","template":"","meta":{"_acf_changed":false,"_yoast_wpseo_focuskw":"City Game Pisa","_yoast_wpseo_metadesc":"","_kad_blocks_custom_css":"","_kad_blocks_head_custom_js":"","_kad_blocks_body_custom_js":"","_kad_blocks_footer_custom_js":"","_kad_post_transparent":"","_kad_post_title":"","_kad_post_layout":"","_kad_post_sidebar_id":"","_kad_post_content_style":"","_kad_post_vertical_padding":"","_kad_post_feature":"","_kad_post_feature_position":"","_kad_post_header":false,"_kad_post_footer":false,"_kad_post_classname":"","footnotes":""},"cities-only-parent-location":[],"countries-only-parent-locations":[],"seo_keyword":[],"cg_page_type":[45],"class_list":["post-230768","page","type-page","status-publish","has-post-thumbnail","hentry","cg_page_type-city-overview-page"],"acf":{"city_name":"Pisa","select_city":323,"section_1_h2_city_games_in_city":"City Games in Pisa","intro_text":"City Games sind in Pisa verf\u00fcgbar und bieten eine eigenst\u00e4ndige M\u00f6glichkeit, die Stadt durch interaktives Gameplay zu erkunden. Mit einem Smartphone l\u00f6sen Spieler R\u00e4tsel und Herausforderungen, w\u00e4hrend sie sich in ihrem eigenen Tempo durch verschiedene Orte bewegen. Dieses Erlebnis verbindet digitale Interaktion mit realer Navigation durch Pisas urbanes Umfeld.","section_1_usp_1":"Starten, Pausieren & Fortfahren, wann immer Sie m\u00f6chten","section_1_usp_2":"Spielen Sie eigenst\u00e4ndig","section_1_usp_3":"1\u20134 oder 2\u20135 Personen pro Smartphone, je nach Spiel","section_1_usp_4":"1,5\u20132 Stunden Spielzeit","section_1_usp_5":"Gehstrecke von ca. 3\u20134 km","section_1_usp_6":"Internetverbindung erforderlich","section_1_text_2":"W\u00e4hlen Sie Ihr City Game und beginnen Sie noch heute mit dem Spielen!","section_1_cta":"Alle City Games anzeigen","intro_image":7443,"section_2_h2_all_city_games_in_city":"All City Games in Pisa","section_3_h2_how_city_games_work_in_city":"Wie City Games in Pisa funktionieren","section_3_text":"Der Einstieg ist einfach. W\u00e4hlen Sie Ihr City Game in Pisa, buchen Sie Ihr Abenteuer und beginnen Sie zu spielen, wann es Ihnen passt. Alles, was Sie ben\u00f6tigen, wird Ihnen sofort nach der Buchung zugesandt: kein Guide, kein fester Starttermin, nur Ihr Team und die Stadt.","section_3_usp_1":"1,5\u20132 Stunden Spielzeit","section_3_usp_2":"3\u20134 km Gehstrecke durch die Stadt","section_3_usp_3":"Start, Pausieren und Fortfahren, wann immer Sie m\u00f6chten","section_3_usp_4":"1\u20134 oder 2\u20135 Personen pro Smartphone, je nach Spiel","section_3_usp_5":"Unabh\u00e4ngig mit eigenem Ger\u00e4t spielen","section_3_usp_6":"W\u00e4hrend des Spiels Internetverbindung erforderlich","section_3_cta":"W\u00e4hlen Sie Ihre Stadt","section_3_step_1":"Schritt 1","section_3_step_1_title":"W\u00e4hlen Sie Ihre Stadt und Ihr City Game","section_3_step_1_text":"W\u00e4hlen Sie die Stadt, in der Sie spielen m\u00f6chten, und buchen Sie Ihr City Game online in nur wenigen Klicks.","section_3_step_2":"Schritt 2","section_3_step_2_title":"Erhalten Sie Ihre Spielanweisungen","section_3_step_2_text":"Nach der Buchung erhalten Sie sofort eine E-Mail mit allen Anweisungen und dem Zugang zum Spiel.","section_3_step_3":"Schritt 3","section_3_step_3_title":"Gehen Sie zum Startpunkt","section_3_step_3_text":"Gehen Sie zum Startpunkt in der Stadt, wann es Ihnen passt. Es gibt keine festen Startzeiten.","section_3_step_4":"Schritt 4","section_3_step_4_title":"Starten Sie Ihr City Game","section_3_step_4_text":"Folgen Sie den Hinweisen, l\u00f6sen Sie R\u00e4tsel und entdecken Sie die Stadt, w\u00e4hrend Sie unterwegs unterhaltsame Aufgaben l\u00f6sen.","how_city_games_work_image":7446,"section_4_h2_who_are_city_games_in_city_for":"F\u00fcr wen sind City Games in Pisa gedacht?","section_4_text":"City Games in Pisa richten sich an alle, die die Stadt auf interaktive und flexible Weise erleben m\u00f6chten. Ganz gleich, ob Sie Pisa zum ersten Mal besuchen oder die Stadt bereits gut kennen, City Games bieten eine unterhaltsame Aktivit\u00e4t, die sich leicht in Ihren Tag integrieren l\u00e4sst.","section_4_text_2":"City Games in Pisa eignen sich f\u00fcr:","section_4_usp_1":"Einzelspieler oder kleine Gruppen, die ein flexibles Abenteuer suchen","section_4_usp_2":"Touristen, die Pisa erkunden","section_4_usp_3":"Freunde und Familien, die nach einer unterhaltsamen Aktivit\u00e4t suchen","section_4_usp_4":"Unternehmen und Teams, die eine Teambuilding-Veranstaltung planen","section_4_usp_5":"Einwohner, die ihre eigene Stadt neu entdecken m\u00f6chten","section_4_cta":"Finde ein City Game in deiner Stadt","who_are_city_games_for_image":7447,"section_5_h2_exploring_city":"Pisa erkunden","exploring_city_text":"Pisa zu erkunden bedeutet, Jahrhunderte Geschichte in eine kompakte st\u00e4dtische Landschaft zu verweben. Das Herz der Stadt bildet die Piazza dei Miracoli, wo der Schiefe Turm in der N\u00e4he von Kathedrale und Baptisterium emporragt, den Blick nach oben ziehend und gleichzeitig dazu einladend, die umliegenden gr\u00fcnen Rasenfl\u00e4chen und Marmorfassaden zu betrachten. Jenseits der ikonischen Ausblicke pr\u00e4gt das Verh\u00e4ltnis von Ma\u00dfstab und Gleichgewicht auf diesem Platz, wie Besucher sich bewegen \u2013 Pausen, lange Blicke und ein langsameres Tempo werden gef\u00f6rdert.\n\nWeiter in der Stadt teilt der Arno Pisa mit einer ruhigen Gegenwart, ges\u00e4umt von eleganten Palazzi und engen Fu\u00dfg\u00e4ngerbr\u00fccken. Viertel wie Santa Maria und San Martino bieten ein kontrastierendes Tempo, wo lokale M\u00e4rkte, verblasste Fresken und ruhige Gassen einen n\u00e4heren Blick auf das t\u00e4gliche Leben erm\u00f6glichen. Diese Bereiche verleihen Pisa seinen vielschichtigen Charme, eine Mischung aus monumentaler Gr\u00f6\u00dfe und allt\u00e4glicher Intimit\u00e4t.","exploring_city_image":7449,"section_6_h2_hosted_game":"Your favourite City Games, professionally hosted by our team","section_6_text":"Genie\u00dfen Sie dieselben City Games wie in unserer selbstgef\u00fchrten Version, jedoch mit vollst\u00e4ndiger Vor-Ort-Unterst\u00fctzung durch unsere professionellen Gastgeber. Wir k\u00fcmmern uns um das Briefing, Tablets, Koordination und technischen Support, damit Ihre Gruppe sich vollst\u00e4ndig auf den Spa\u00df und den Wettkampf konzentrieren kann.","section_6_text_2":"What\u2019s included:","section_6_usp_1_title":"Same City Game, fully hosted","section_6_usp_1_text":"Sie spielen dieselbe Erfahrung wie in unserer selbstgef\u00fchrten Version, jetzt mit unseren Gastgebern, die Ihre Gruppe anleiten.","section_6_usp_2_title":"Live ranking & prize ceremony","section_6_usp_2_text":"F\u00fcr gr\u00f6\u00dfere Gruppen geben unsere Hosts die Endst\u00e4nde bekannt und verk\u00fcnden das siegreiche Team mit einem unterhaltsamen Award-Moment.","section_6_usp_3_title":"Hosted start & finish","section_6_usp_3_text":"Wir begr\u00fc\u00dfen Ihre Gruppe, erkl\u00e4ren das Spiel klar und beenden es mit einem spannenden Wrap-up.","section_6_usp_4_title":"Real-time support during the game","section_6_usp_4_text":"Unser Team unterst\u00fctzt w\u00e4hrend des gesamten Erlebnisses bei Ger\u00e4ten, App-Problemen und Koordination.","section_6_usp_5_title":"Tablets included (optional)","section_6_usp_5_text":"Verf\u00fcgbar f\u00fcr Gruppen, die unsere Ger\u00e4te statt eigener bevorzugen.","section_6_text_3":"Trusted by teams worldwide, from small groups to large corporate events.","section_6_cta":"Planen Sie Ihre Gruppenveranstaltung","section_7_h2_reviews":"Was andere von unseren City Games halten","section_7_cta_1":"Alle h\u00e4ufig gestellten Fragen anzeigen","section_7_cta_2":"Unterst\u00fctzung erhalten","section_8_h2_faq":"Haben Sie Fragen? Wir haben Antworten!","section_8_text":"Entdecken Sie St\u00e4dte auf eine unterhaltsame und interaktive Weise mit unseren City Games. L\u00f6sen Sie R\u00e4tsel, entdecken Sie versteckte Orte und erkunden Sie die Stadt, w\u00e4hrend Sie mit Freunden, Familie oder Kollegen spielen \u2013 wann immer es Ihnen passt.","section_8_cta_1":"Alle h\u00e4ufig gestellten Fragen anzeigen","section_8_cta_2":"Unterst\u00fctzung erhalten","section_8_question_1":"Was sind City Games in Pisa?","section_8_answer_1":"City Games in Pisa sind <strong>interaktive, selbstgef\u00fchrte Erlebnisse<\/strong>, die es Ihnen erm\u00f6glichen, die Stadt beim Spielen eines Spiels zu entdecken!\r\n\r\nMit Ihrem Smartphone l\u00f6sen Sie R\u00e4tsel, bew\u00e4ltigen Herausforderungen und verfolgen die Handlung Ihres gew\u00e4hlten City Games, w\u00e4hrend Sie durch die Stadt gehen.\r\n\r\nCity Games verbinden Teamarbeit, Probleml\u00f6sung und Outdoor-Erkundung und bieten so eine unterhaltsame Aktivit\u00e4t f\u00fcr Besucher, Einheimische und Gruppen gleicherma\u00dfen.","section_8_question_2":"Brauche ich einen Guide, um ein City Game in Pisa zu spielen?","section_8_answer_2":"<p class=\"kt-adv-heading2034_2420ea-ca wp-block-kadence-advancedheading\" data-kb-block=\"kb-adv-heading2034_2420ea-ca\">Nein, City Games in Pisa sind <strong>vollst\u00e4ndig selbstgesteuert<\/strong>. Sie ben\u00f6tigen keinen Guide, Gastgeber oder vor Ort Personal, um zu spielen. Alle Anweisungen und das Gameplay werden digital bereitgestellt, sodass Sie mit Ihrem eigenen Smartphone eigenst\u00e4ndig starten und spielen k\u00f6nnen.<\/p>\r\nDiese Flexibilit\u00e4t macht City Games leicht in Ihren eigenen Zeitplan integrierbar.\r\n<p class=\"kt-adv-heading2034_cd3db2-33 wp-block-kadence-advancedheading hls-none\" data-kb-block=\"kb-adv-heading2034_cd3db2-33\">F\u00fcr gr\u00f6\u00dfere Gruppen oder Firmenevents ist au\u00dferdem eine vollst\u00e4ndig gehostete Version unserer City Games erh\u00e4ltlich, einschlie\u00dflich Vor-Ort-Anleitung, Tablets und Live-Support.<\/p>\r\nPlanen Sie eine gr\u00f6\u00dfere Gruppe oder ein Firmenevent?","section_8_answer_2_cta":"Erkunden Sie das gehostete City Game-Erlebnis f\u00fcr Gruppen","section_8_question_3":"Wann k\u00f6nnen wir in Pisa mit einem City Game beginnen?","section_8_answer_3":"Sie k\u00f6nnen <strong>jederzeit beginnen<\/strong>! City Games in Pisa haben keine festen Startzeiten, sodass Sie frei sind, zu dem Zeitpunkt zu beginnen, der zu Ihren Pl\u00e4nen passt.\r\n\r\nNach der Buchung erhalten Sie klare Anweisungen, die erkl\u00e4ren, wie und wann Sie Ihr City Game starten k\u00f6nnen!","section_8_question_4":"Wie lange dauert ein City Game in Pisa?","section_8_answer_4":"Die City Games in Pisa dauern <strong>ca. 1,5 bis 2 Stunden<\/strong>, um abgeschlossen zu werden! Die genaue Dauer h\u00e4ngt von Ihrem Tempo, davon, wie viele Pausen Sie einlegen, und davon ab, wie schnell Sie die R\u00e4tsel und Herausforderungen l\u00f6sen.\r\n\r\nSie k\u00f6nnen in Ihrem eigenen Tempo spielen und das Spiel jederzeit pausieren!","section_8_question_5":"K\u00f6nnen wir ein City Game in Pisa mit einer gro\u00dfen Gruppe spielen?","section_8_answer_5":"<p class=\"kt-adv-heading2034_97743b-76 wp-block-kadence-advancedheading\" data-kb-block=\"kb-adv-heading2034_97743b-76\">Ja, City Games eignen sich sowohl f\u00fcr <strong>kleine Gruppen als auch gr\u00f6\u00dfere Teams<\/strong>. Gro\u00dfe Gruppen k\u00f6nnen sich leicht in kleinere Teams aufteilen und das City Game gleichzeitig spielen, wobei mehrere Smartphones verwendet werden. Jedes Team spielt unabh\u00e4ngig und folgt demselben Spielkonzept und derselben Handlung.<\/p>\r\nDieses Setup eignet sich gut f\u00fcr Gruppen von Freunden, Familien und Unternehmen und macht City Games zu einer beliebten Wahl f\u00fcr Teamausfl\u00fcge, Veranstaltungen und Teambuilding-Aktivit\u00e4ten.\r\n<p class=\"kt-adv-heading2034_7442e3-e3 wp-block-kadence-advancedheading hls-none\" data-kb-block=\"kb-adv-heading2034_7442e3-e3\">F\u00fcr gr\u00f6\u00dfere Gruppen oder Firmenevents ist au\u00dferdem eine vollst\u00e4ndig gehostete Version unserer City Games erh\u00e4ltlich, einschlie\u00dflich Vor-Ort-Guidance, Tablets und Live-Support.<\/p>\r\nPlanen Sie eine gr\u00f6\u00dfere Gruppe oder ein Firmenevent?","section_8_answer_5_cta":"Erkunden Sie das gehostete City Game-Erlebnis f\u00fcr Gruppen","section_8_question_6":"Sind City Games in Pisa geeignet f\u00fcr Touristen und Einheimische?","section_8_answer_6":"Ja, City Games in Pisa eignen sich sowohl f\u00fcr <strong>Touristen als auch Einheimische<\/strong>. Besucher k\u00f6nnen die Stadt interaktiv erleben, w\u00e4hrend Einheimische vertraute Stra\u00dfen als Kulisse f\u00fcr ein City Game genie\u00dfen. \r\n\r\nDa sich jedes City Game auf Spielablauf und Erz\u00e4hlen der Geschichte konzentriert, wirkt das Erlebnis frisch, egal wie gut Sie die Stadt bereits kennen.","section_8_question_7":"Sind City Games in Pisa in mehreren Sprachen verf\u00fcgbar?","section_8_answer_7":"Ja, City Games in Pisa sind <strong>in mehreren Sprachen verf\u00fcgbar<\/strong>. Sie k\u00f6nnen vor oder w\u00e4hrend des Spiels Ihre bevorzugte Sprache ausw\u00e4hlen, wodurch City Games f\u00fcr internationale Besucher und Gruppen mit unterschiedlichen Sprachen zug\u00e4nglich sind.","section_8_question_8":"Was ben\u00f6tigen wir, um ein City Game in Pisa zu spielen?","section_8_answer_8":"Um ein City Game in Pisa zu spielen, ben\u00f6tigen Sie:","section_8_answer_8_usp_1":"Ein Smartphone mit Internetverbindung","section_8_answer_8_usp_2":"Eine vollst\u00e4ndig aufgeladene Batterie","section_8_answer_8_usp_3":"Bequeme Schuhe zum Gehen","section_8_answer_8_2":"Alle Spielinhalte und Anleitungen werden Ihnen nach der Buchung digital bereitgestellt.","section_9_h2_instagram":"Mehr auf Instagram sehen","section_9_text":"Reiseinspiration, R\u00e4tsel, versteckte Sch\u00e4tze & City Game Moments \u2013 direkt aus unserer Community","section_9_cta":"Folgen Sie uns auf Instagram","section_10_h2_page_ending":"Bereit f\u00fcr ein unvergessliches Abenteuer in Pisa?","section_10_text":"Erkunden Sie Pisa auf eine einzigartige und interaktive Weise mit unseren City Games. Spielen Sie noch heute und schaffen Sie bleibende Erinnerungen!","section_10_cta":"Buchen Sie jetzt Ihr City Game","latitude":43.7175982,"longitude":10.4044994,"country":false,"map_enabled":true},"yoast_head":"<!-- This site is optimized with the Yoast SEO Premium plugin v26.2 (Yoast SEO v27.4) - https:\/\/yoast.com\/product\/yoast-seo-premium-wordpress\/ -->\n<title>City Game Pisa - City Game<\/title>\n<meta name=\"robots\" content=\"index, follow, max-snippet:-1, max-image-preview:large, max-video-preview:-1\" \/>\n<link rel=\"canonical\" href=\"https:\/\/citygame.com\/de\/standorte\/city-game-italien\/city-game-pisa-2\/\" \/>\n<meta property=\"og:locale\" content=\"de_DE\" \/>\n<meta property=\"og:type\" content=\"article\" \/>\n<meta property=\"og:title\" content=\"City Game Pisa\" \/>\n<meta property=\"og:url\" content=\"https:\/\/citygame.com\/de\/standorte\/city-game-italien\/city-game-pisa-2\/\" \/>\n<meta property=\"og:site_name\" content=\"City Game\" \/>\n<meta property=\"article:publisher\" content=\"https:\/\/www.facebook.com\/profile.php?id=100086426226253\" \/>\n<meta property=\"article:modified_time\" content=\"2026-04-28T15:12:40+00:00\" \/>\n<meta property=\"og:image\" content=\"https:\/\/citygame.com\/wp-content\/blogs.dir\/1\/files\/2026\/01\/pisa-leaning-tower-piazza-dei-miracoli.jpg\" \/>\n\t<meta property=\"og:image:width\" content=\"1376\" \/>\n\t<meta property=\"og:image:height\" content=\"768\" \/>\n\t<meta property=\"og:image:type\" content=\"image\/jpeg\" \/>\n<meta name=\"twitter:card\" content=\"summary_large_image\" \/>\n<script type=\"application\/ld+json\" class=\"yoast-schema-graph\">{\"@context\":\"https:\\\/\\\/schema.org\",\"@graph\":[{\"@type\":\"WebPage\",\"@id\":\"https:\\\/\\\/citygame.com\\\/de\\\/standorte\\\/city-game-italien\\\/city-game-pisa-2\\\/\",\"url\":\"https:\\\/\\\/citygame.com\\\/de\\\/standorte\\\/city-game-italien\\\/city-game-pisa-2\\\/\",\"name\":\"City Game Pisa - City Game\",\"isPartOf\":{\"@id\":\"https:\\\/\\\/citygame.com\\\/de\\\/#website\"},\"primaryImageOfPage\":{\"@id\":\"https:\\\/\\\/citygame.com\\\/de\\\/standorte\\\/city-game-italien\\\/city-game-pisa-2\\\/#primaryimage\"},\"image\":{\"@id\":\"https:\\\/\\\/citygame.com\\\/de\\\/standorte\\\/city-game-italien\\\/city-game-pisa-2\\\/#primaryimage\"},\"thumbnailUrl\":\"https:\\\/\\\/citygame.com\\\/wp-content\\\/blogs.dir\\\/1\\\/files\\\/2026\\\/01\\\/pisa-leaning-tower-piazza-dei-miracoli.jpg\",\"datePublished\":\"2026-01-29T19:18:10+00:00\",\"dateModified\":\"2026-04-28T15:12:40+00:00\",\"breadcrumb\":{\"@id\":\"https:\\\/\\\/citygame.com\\\/de\\\/standorte\\\/city-game-italien\\\/city-game-pisa-2\\\/#breadcrumb\"},\"inLanguage\":\"de\",\"potentialAction\":[{\"@type\":\"ReadAction\",\"target\":[\"https:\\\/\\\/citygame.com\\\/de\\\/standorte\\\/city-game-italien\\\/city-game-pisa-2\\\/\"]}]},{\"@type\":\"ImageObject\",\"inLanguage\":\"de\",\"@id\":\"https:\\\/\\\/citygame.com\\\/de\\\/standorte\\\/city-game-italien\\\/city-game-pisa-2\\\/#primaryimage\",\"url\":\"https:\\\/\\\/citygame.com\\\/wp-content\\\/blogs.dir\\\/1\\\/files\\\/2026\\\/01\\\/pisa-leaning-tower-piazza-dei-miracoli.jpg\",\"contentUrl\":\"https:\\\/\\\/citygame.com\\\/wp-content\\\/blogs.dir\\\/1\\\/files\\\/2026\\\/01\\\/pisa-leaning-tower-piazza-dei-miracoli.jpg\",\"width\":1376,\"height\":768,\"caption\":\"Tourists gather on the green lawn of Piazza dei Miracoli to see the famous Leaning Tower of Pisa.\"},{\"@type\":\"BreadcrumbList\",\"@id\":\"https:\\\/\\\/citygame.com\\\/de\\\/standorte\\\/city-game-italien\\\/city-game-pisa-2\\\/#breadcrumb\",\"itemListElement\":[{\"@type\":\"ListItem\",\"position\":1,\"name\":\"Home\",\"item\":\"https:\\\/\\\/citygame.com\\\/de\\\/\"},{\"@type\":\"ListItem\",\"position\":2,\"name\":\"Locations\",\"item\":\"https:\\\/\\\/citygame.com\\\/de\\\/?page_id=1598\"},{\"@type\":\"ListItem\",\"position\":3,\"name\":\"City Game Italy\",\"item\":\"https:\\\/\\\/citygame.com\\\/de\\\/locations\\\/italy\\\/\"},{\"@type\":\"ListItem\",\"position\":4,\"name\":\"City Game Pisa\"}]},{\"@type\":\"WebSite\",\"@id\":\"https:\\\/\\\/citygame.com\\\/de\\\/#website\",\"url\":\"https:\\\/\\\/citygame.com\\\/de\\\/\",\"name\":\"City Game\",\"description\":\"\",\"publisher\":{\"@id\":\"https:\\\/\\\/citygame.com\\\/de\\\/#organization\"},\"alternateName\":\"citygame.com\",\"potentialAction\":[{\"@type\":\"SearchAction\",\"target\":{\"@type\":\"EntryPoint\",\"urlTemplate\":\"https:\\\/\\\/citygame.com\\\/de\\\/?s={search_term_string}\"},\"query-input\":{\"@type\":\"PropertyValueSpecification\",\"valueRequired\":true,\"valueName\":\"search_term_string\"}}],\"inLanguage\":\"de\"},{\"@type\":\"Organization\",\"@id\":\"https:\\\/\\\/citygame.com\\\/de\\\/#organization\",\"name\":\"City Game\",\"alternateName\":\"citygame.com\",\"url\":\"https:\\\/\\\/citygame.com\\\/de\\\/\",\"logo\":{\"@type\":\"ImageObject\",\"inLanguage\":\"de\",\"@id\":\"https:\\\/\\\/citygame.com\\\/de\\\/#\\\/schema\\\/logo\\\/image\\\/\",\"url\":\"https:\\\/\\\/citygame.com\\\/wp-content\\\/blogs.dir\\\/1\\\/files\\\/2025\\\/10\\\/CG_LOGO-City-Game.png\",\"contentUrl\":\"https:\\\/\\\/citygame.com\\\/wp-content\\\/blogs.dir\\\/1\\\/files\\\/2025\\\/10\\\/CG_LOGO-City-Game.png\",\"width\":351,\"height\":377,\"caption\":\"City Game\"},\"image\":{\"@id\":\"https:\\\/\\\/citygame.com\\\/de\\\/#\\\/schema\\\/logo\\\/image\\\/\"},\"sameAs\":[\"https:\\\/\\\/www.facebook.com\\\/profile.php?id=100086426226253\",\"https:\\\/\\\/www.instagram.com\\\/citygame_com\",\"https:\\\/\\\/www.tiktok.com\\\/@citygamecom\\\/\",\"https:\\\/\\\/www.linkedin.com\\\/company\\\/citygame-com\"],\"description\":\"Turn any city into a playground with our interactive City Games and self-guided tours. Fun, flexible, and ideal for groups and team building.\"}]}<\/script>\n<!-- \/ Yoast SEO Premium plugin. -->","yoast_head_json":{"title":"City Game Pisa - City Game","robots":{"index":"index","follow":"follow","max-snippet":"max-snippet:-1","max-image-preview":"max-image-preview:large","max-video-preview":"max-video-preview:-1"},"canonical":"https:\/\/citygame.com\/de\/standorte\/city-game-italien\/city-game-pisa-2\/","og_locale":"de_DE","og_type":"article","og_title":"City Game Pisa","og_url":"https:\/\/citygame.com\/de\/standorte\/city-game-italien\/city-game-pisa-2\/","og_site_name":"City Game","article_publisher":"https:\/\/www.facebook.com\/profile.php?id=100086426226253","article_modified_time":"2026-04-28T15:12:40+00:00","og_image":[{"width":1376,"height":768,"url":"https:\/\/citygame.com\/wp-content\/blogs.dir\/1\/files\/2026\/01\/pisa-leaning-tower-piazza-dei-miracoli.jpg","type":"image\/jpeg"}],"twitter_card":"summary_large_image","schema":{"@context":"https:\/\/schema.org","@graph":[{"@type":"WebPage","@id":"https:\/\/citygame.com\/de\/standorte\/city-game-italien\/city-game-pisa-2\/","url":"https:\/\/citygame.com\/de\/standorte\/city-game-italien\/city-game-pisa-2\/","name":"City Game Pisa - City Game","isPartOf":{"@id":"https:\/\/citygame.com\/de\/#website"},"primaryImageOfPage":{"@id":"https:\/\/citygame.com\/de\/standorte\/city-game-italien\/city-game-pisa-2\/#primaryimage"},"image":{"@id":"https:\/\/citygame.com\/de\/standorte\/city-game-italien\/city-game-pisa-2\/#primaryimage"},"thumbnailUrl":"https:\/\/citygame.com\/wp-content\/blogs.dir\/1\/files\/2026\/01\/pisa-leaning-tower-piazza-dei-miracoli.jpg","datePublished":"2026-01-29T19:18:10+00:00","dateModified":"2026-04-28T15:12:40+00:00","breadcrumb":{"@id":"https:\/\/citygame.com\/de\/standorte\/city-game-italien\/city-game-pisa-2\/#breadcrumb"},"inLanguage":"de","potentialAction":[{"@type":"ReadAction","target":["https:\/\/citygame.com\/de\/standorte\/city-game-italien\/city-game-pisa-2\/"]}]},{"@type":"ImageObject","inLanguage":"de","@id":"https:\/\/citygame.com\/de\/standorte\/city-game-italien\/city-game-pisa-2\/#primaryimage","url":"https:\/\/citygame.com\/wp-content\/blogs.dir\/1\/files\/2026\/01\/pisa-leaning-tower-piazza-dei-miracoli.jpg","contentUrl":"https:\/\/citygame.com\/wp-content\/blogs.dir\/1\/files\/2026\/01\/pisa-leaning-tower-piazza-dei-miracoli.jpg","width":1376,"height":768,"caption":"Tourists gather on the green lawn of Piazza dei Miracoli to see the famous Leaning Tower of Pisa."},{"@type":"BreadcrumbList","@id":"https:\/\/citygame.com\/de\/standorte\/city-game-italien\/city-game-pisa-2\/#breadcrumb","itemListElement":[{"@type":"ListItem","position":1,"name":"Home","item":"https:\/\/citygame.com\/de\/"},{"@type":"ListItem","position":2,"name":"Locations","item":"https:\/\/citygame.com\/de\/?page_id=1598"},{"@type":"ListItem","position":3,"name":"City Game Italy","item":"https:\/\/citygame.com\/de\/locations\/italy\/"},{"@type":"ListItem","position":4,"name":"City Game Pisa"}]},{"@type":"WebSite","@id":"https:\/\/citygame.com\/de\/#website","url":"https:\/\/citygame.com\/de\/","name":"City Game","description":"","publisher":{"@id":"https:\/\/citygame.com\/de\/#organization"},"alternateName":"citygame.com","potentialAction":[{"@type":"SearchAction","target":{"@type":"EntryPoint","urlTemplate":"https:\/\/citygame.com\/de\/?s={search_term_string}"},"query-input":{"@type":"PropertyValueSpecification","valueRequired":true,"valueName":"search_term_string"}}],"inLanguage":"de"},{"@type":"Organization","@id":"https:\/\/citygame.com\/de\/#organization","name":"City Game","alternateName":"citygame.com","url":"https:\/\/citygame.com\/de\/","logo":{"@type":"ImageObject","inLanguage":"de","@id":"https:\/\/citygame.com\/de\/#\/schema\/logo\/image\/","url":"https:\/\/citygame.com\/wp-content\/blogs.dir\/1\/files\/2025\/10\/CG_LOGO-City-Game.png","contentUrl":"https:\/\/citygame.com\/wp-content\/blogs.dir\/1\/files\/2025\/10\/CG_LOGO-City-Game.png","width":351,"height":377,"caption":"City Game"},"image":{"@id":"https:\/\/citygame.com\/de\/#\/schema\/logo\/image\/"},"sameAs":["https:\/\/www.facebook.com\/profile.php?id=100086426226253","https:\/\/www.instagram.com\/citygame_com","https:\/\/www.tiktok.com\/@citygamecom\/","https:\/\/www.linkedin.com\/company\/citygame-com"],"description":"Turn any city into a playground with our interactive City Games and self-guided tours. Fun, flexible, and ideal for groups and team building."}]}},"taxonomy_info":{"cg_page_type":[{"value":45,"label":"City overview page"}]},"featured_image_src_large":["https:\/\/citygame.com\/wp-content\/blogs.dir\/1\/files\/2026\/01\/pisa-leaning-tower-piazza-dei-miracoli-1024x572.jpg",1024,572,true],"author_info":{"display_name":"Philip","author_link":"https:\/\/citygame.com\/de\/blog\/author\/sophi2\/"},"comment_info":0,"wpml_current_locale":"de_DE","wpml_translations":{"nl_NL":{"locale":"nl_NL","id":230766,"slug":"city-game-pisa-2","post_title":"City Game Pisa","href":"https:\/\/citygame.com\/nl\/locaties\/city-game-italie\/city-game-pisa-2\/"},"en_US":{"locale":"en_US","id":7450,"slug":"city-game-pisa","post_title":"City Game Pisa","href":"https:\/\/citygame.com\/locations\/italy\/city-game-pisa\/"},"fr_FR":{"locale":"fr_FR","id":230772,"slug":"city-game-pisa-2","post_title":"City Game Pisa","href":"https:\/\/citygame.com\/fr\/emplacements\/city-game-italy\/city-game-pisa-2\/"},"de_DE":{"locale":"de_DE","translation":"current"},"it_IT":{"locale":"it_IT","translation":false},"es_ES":{"locale":"es_ES","id":230770,"slug":"city-game-pisa-2","post_title":"City Game Pisa","href":"https:\/\/citygame.com\/es\/localizaciones\/city-game-italia\/city-game-pisa-2\/"}},"_links":{"self":[{"href":"https:\/\/citygame.com\/de\/wp-json\/wp\/v2\/pages\/230768","targetHints":{"allow":["GET"]}}],"collection":[{"href":"https:\/\/citygame.com\/de\/wp-json\/wp\/v2\/pages"}],"about":[{"href":"https:\/\/citygame.com\/de\/wp-json\/wp\/v2\/types\/page"}],"author":[{"embeddable":true,"href":"https:\/\/citygame.com\/de\/wp-json\/wp\/v2\/users\/78"}],"replies":[{"embeddable":true,"href":"https:\/\/citygame.com\/de\/wp-json\/wp\/v2\/comments?post=230768"}],"version-history":[{"count":0,"href":"https:\/\/citygame.com\/de\/wp-json\/wp\/v2\/pages\/230768\/revisions"}],"up":[{"embeddable":true,"href":"https:\/\/citygame.com\/de\/wp-json\/wp\/v2\/pages\/225853"}],"acf:term":[{"embeddable":true,"taxonomy":"location","href":"https:\/\/citygame.com\/de\/wp-json\/wp\/v2\/location\/323"}],"wp:featuredmedia":[{"embeddable":true,"href":"https:\/\/citygame.com\/de\/wp-json\/wp\/v2\/media\/7440"}],"wp:attachment":[{"href":"https:\/\/citygame.com\/de\/wp-json\/wp\/v2\/media?parent=230768"}],"wp:term":[{"taxonomy":"cities-only-parent-location","embeddable":true,"href":"https:\/\/citygame.com\/de\/wp-json\/wp\/v2\/cities-only-parent-location?post=230768"},{"taxonomy":"countries-only-parent-locations","embeddable":true,"href":"https:\/\/citygame.com\/de\/wp-json\/wp\/v2\/countries-only-parent-locations?post=230768"},{"taxonomy":"seo_keyword","embeddable":true,"href":"https:\/\/citygame.com\/de\/wp-json\/wp\/v2\/seo_keyword?post=230768"},{"taxonomy":"cg_page_type","embeddable":true,"href":"https:\/\/citygame.com\/de\/wp-json\/wp\/v2\/cg_page_type?post=230768"}],"curies":[{"name":"wp","href":"https:\/\/api.w.org\/{rel}","templated":true}]}}