{"id":225969,"date":"2026-02-20T10:11:00","date_gmt":"2026-02-20T10:11:00","guid":{"rendered":"https:\/\/citygame.com\/locations\/germany\/city-game-osnabruck-2\/"},"modified":"2026-04-22T12:15:26","modified_gmt":"2026-04-22T12:15:26","slug":"city-game-osnabruck-2","status":"publish","type":"page","link":"https:\/\/citygame.com\/es\/localizaciones\/city-game-alemania\/city-game-osnabruck-2\/","title":{"rendered":"City Game Osnabruck"},"content":{"rendered":"","protected":false},"excerpt":{"rendered":"","protected":false},"author":78,"featured_media":16307,"parent":225791,"menu_order":0,"comment_status":"closed","ping_status":"closed","template":"","meta":{"_acf_changed":false,"_yoast_wpseo_focuskw":"City Game Osnabruck","_yoast_wpseo_metadesc":"","_kad_blocks_custom_css":"","_kad_blocks_head_custom_js":"","_kad_blocks_body_custom_js":"","_kad_blocks_footer_custom_js":"","_kad_post_transparent":"","_kad_post_title":"","_kad_post_layout":"","_kad_post_sidebar_id":"","_kad_post_content_style":"","_kad_post_vertical_padding":"","_kad_post_feature":"","_kad_post_feature_position":"","_kad_post_header":false,"_kad_post_footer":false,"_kad_post_classname":"","footnotes":""},"cities-only-parent-location":[468],"countries-only-parent-locations":[],"seo_keyword":[],"cg_page_type":[45],"class_list":["post-225969","page","type-page","status-publish","has-post-thumbnail","hentry","cities-only-parent-location-germany","cg_page_type-city-overview-page"],"acf":{"city_name":"Osnabruck","select_city":311,"section_1_h2_city_games_in_city":"City Games in Osnabruck","intro_text":"In Osnabruck, Germany, the unique and interactive City Games are readily available. The experience involves engaging puzzles and intriguing challenges, allowing you to explore this historic city at your own pace. This self-guided journey utilizes your smartphone as the primary tool, keeping the focus strictly on the city and its distinctive essence.","section_1_usp_1":"Start, pause & continue whenever you want","section_1_usp_2":"Play independently","section_1_usp_3":"1-4 or 2-5 people per smartphone, depending on your game","section_1_usp_4":"1.5-2 hours of play time","section_1_usp_5":"3-4 km walking distance","section_1_usp_6":"Internet connection required","section_1_text_2":"Choose your City Game and start playing today!","section_1_cta":"Check all City Games","intro_image":16308,"section_2_h2_all_city_games_in_city":"All City Games in Osnabruck","section_3_h2_how_city_games_work_in_city":"How City Games work in Osnabruck","section_3_text":"City Games in Osnabruck are fully self-guided experiences that let you explore the city at your own pace. Using your own smartphone, you\u2019ll walk through the city center while solving puzzles, completing challenges and following the storyline of your chosen game.\r\n\r\nYou decide when to start, where to take breaks and how fast you play. No guide, schedule or reservation is required.","section_3_usp_1":"Play in teams of friends, family or colleagues","section_3_usp_2":"Start whenever you like, no guide or staff needed","section_3_usp_3":"Use your own smartphone or tablet","section_3_usp_4":"Walk through the city while solving puzzles and challenges","section_3_usp_5":"Learn fun facts about history, culture and landmarks","section_3_usp_6":"Available in multiple languages","section_3_cta":"Choose your City Game","section_3_step_1":"Step 1","section_3_step_1_title":"Book your City Game","section_3_step_1_text":"Choose your city and game and receive everything instantly after booking.","section_3_step_2":"Step 2","section_3_step_2_title":"Check your instructions","section_3_step_2_text":"Open your confirmation email with your starting point and how to start playing.","section_3_step_3":"Step 3","section_3_step_3_title":"Go to the starting location","section_3_step_3_text":"Head to the starting point whenever you want, no fixed time.","section_3_step_4":"Step 4","section_3_step_4_title":"Start playing","section_3_step_4_text":"Follow the clues, solve puzzles and explore the city at your own pace!","how_city_games_work_image":16309,"section_4_h2_who_are_city_games_in_city_for":"\u00bfPara qui\u00e9n son City Games en Osnabruck?","section_4_text":"City Games en Osnabruck est\u00e1n dise\u00f1ados para cualquiera que desee experimentar la ciudad de una manera interactiva y flexible. Ya sea que visites Osnabruck por primera vez o ya conozcas bien la ciudad, City Games ofrecen una actividad divertida que encaja f\u00e1cilmente en tu d\u00eda.","section_4_text_2":"City Games in Osnabruck son adecuadas para:","section_4_usp_1":"Jugadores solos o grupos peque\u00f1os que buscan una aventura flexible","section_4_usp_2":"Turistas que exploran Osnabruck","section_4_usp_3":"Amigos y familias que buscan una actividad divertida","section_4_usp_4":"Empresas y equipos que planifican un evento de teambuilding","section_4_usp_5":"Locales que quieren redescubrir su propia ciudad","section_4_cta":"Choose your City Game","who_are_city_games_for_image":16310,"section_5_h2_exploring_city":"Explorando Osnabruck","exploring_city_text":"En el coraz\u00f3n de Baja Sajonia, Alemania, se encuentra la encantadora Osnabruck, ba\u00f1ada en historia y desbordante de un sello arquitect\u00f3nico \u00fanico. Al recorrer la ciudad, los visitantes quedan envueltos por la distintiva mezcla de estilos g\u00f3tico y renacentista, que crea un tapiz est\u00e9tico \u00fanico que se ve realzado por la Rathaus Peace Hall y Heger Tor, un memorial que conmemora a los soldados de las guerras napole\u00f3nicas.\n\nLa ciudad se despliega alrededor del casco antiguo medieval circular, definido por su vibrante interacci\u00f3n de senderos adoquinados, murallas conservadas y plazas animadas como el Markt, donde el comercio y la cultura se cruzan. Recorrer las estrat\u00e9gicas v\u00edas fluviales del r\u00edo Hase introduce otra faceta del car\u00e1cter de Osnabruck, un oasis urbano entrelazado con parques y zonas verdes, que facilita un ritmo m\u00e1s pausado y un respiro tranquilo en medio de la en\u00e9rgica atm\u00f3sfera urbana.","exploring_city_image":16311,"section_6_h2_hosted_game":"Your favourite City Games, professionally hosted by our team","section_6_text":"Disfruta de los mismos City Games que nuestra versi\u00f3n autoguiada, pero con total apoyo en el lugar de nuestros anfitriones profesionales. Nos encargamos de la sesi\u00f3n informativa, las tabletas, la coordinaci\u00f3n y el soporte t\u00e9cnico, para que tu grupo pueda centrarse por completo en la diversi\u00f3n y la competici\u00f3n.","section_6_text_2":"Qu\u00e9 incluye:","section_6_usp_1_title":"Same City Game, fully hosted","section_6_usp_1_text":"Juegas la misma experiencia que en nuestra versi\u00f3n autoguiada, ahora con nuestros anfitriones guiando a tu grupo.","section_6_usp_2_title":"Live ranking & prize ceremony","section_6_usp_2_text":"Para grupos grandes, nuestros anfitriones revelan las puntuaciones finales y anuncian al equipo ganador con un momento de premio divertido.","section_6_usp_3_title":"Hosted start & finish","section_6_usp_3_text":"Damos la bienvenida a tu grupo, explicamos claramente el juego y terminamos con un cierre emocionante.","section_6_usp_4_title":"Real-time support during the game","section_6_usp_4_text":"Nuestro equipo ayuda con dispositivos, problemas de la app y coordinaci\u00f3n durante toda la experiencia.","section_6_usp_5_title":"Tablets included (optional)","section_6_usp_5_text":"Disponible para grupos que prefieren usar nuestros dispositivos en lugar de los suyos.","section_6_text_3":"Confiado por equipos de todo el mundo, desde peque\u00f1os grupos hasta grandes eventos corporativos.","section_6_cta":"Planifica tu evento en grupo","section_7_h2_reviews":"Qu\u00e9 opinan otros de nuestros City Games","section_7_cta_1":"Todas las rese\u00f1as","section_7_cta_2":"Escribe una rese\u00f1a","section_8_h2_faq":"\u00bfTienes preguntas? \u00a1Tenemos respuestas!","section_8_text":"Consulta nuestras preguntas frecuentes y descubre todo lo que quieres saber. \u00bfTu pregunta no est\u00e1 entre ellas? No dudes en ponerte en contacto con nosotros.","section_8_cta_1":"Ver todas las preguntas frecuentes","section_8_cta_2":"Obtener soporte","section_8_question_1":"\u00bfQu\u00e9 son City Games en Osnabruck?","section_8_answer_1":"City Games en Osnabruck son <strong>experiencias interactivas y autoguiadas<\/strong> que te permiten explorar la ciudad mientras juegas un juego!\r\n\r\nUsando tu smartphone, resuelves rompecabezas, completas desaf\u00edos y sigues la historia de tu City Game elegido mientras caminas por la ciudad.\r\n\r\nCity Games combinan trabajo en equipo, resoluci\u00f3n de problemas y exploraci\u00f3n al aire libre, lo que las convierte en una actividad divertida tanto para visitantes, locales y grupos.","section_8_question_2":"\u00bfNecesito una gu\u00eda para jugar un City Game en Osnabruck?","section_8_answer_2":"<p class=\"kt-adv-heading2034_2420ea-ca wp-block-kadence-advancedheading\" data-kb-block=\"kb-adv-heading2034_2420ea-ca\">No, City Games en Osnabruck son <strong>totalmente autoguiados<\/strong>. No necesitas gu\u00eda, anfitri\u00f3n ni personal en el lugar para jugar. Todas las instrucciones y la jugabilidad se proporcionan digitalmente, permiti\u00e9ndote empezar y jugar de forma independiente usando tu propio smartphone.<\/p>\r\nEsta flexibilidad facilita encajar City Games en tu propio horario.\r\n<p class=\"kt-adv-heading2034_cd3db2-33 wp-block-kadence-advancedheading hls-none\" data-kb-block=\"kb-adv-heading2034_cd3db2-33\">Para grupos grandes o eventos corporativos, tambi\u00e9n est\u00e1 disponible una versi\u00f3n totalmente alojada de nuestros City Games, que incluye orientaci\u00f3n en el sitio, tabletas y soporte en vivo.<\/p>\r\n\u00bfPlaneando un grupo m\u00e1s grande o un evento corporativo?","section_8_answer_2_cta":"Explora la experiencia alojada de City Game para grupos","section_8_question_3":"\u00bfCu\u00e1ndo podemos empezar a jugar un City Game en Osnabruck?","section_8_answer_3":"Puedes empezar a jugar <strong>cuando te convenga<\/strong>! City Games en Osnabruck no tienen horas de inicio fijas, as\u00ed que eres libre de empezar en el momento que se ajuste a tus planes.\r\n\r\nDespu\u00e9s de la reserva, recibir\u00e1s instrucciones claras que explican c\u00f3mo y cu\u00e1ndo puedes empezar tu City Game!","section_8_question_4":"\u00bfCu\u00e1nto tiempo dura un City Game en Osnabruck?","section_8_answer_4":"Los City Games en Osnabruck duran <strong>aproximadamente 1,5 a 2 horas<\/strong> para completarse. La duraci\u00f3n exacta depende de tu ritmo, de cu\u00e1ntas pausas tomes y de cu\u00e1n r\u00e1pido resuelvas los rompecabezas y desaf\u00edos.\r\n\r\nPuedes jugar a tu propio ritmo y pausar el juego cuando quieras!","section_8_question_5":"\u00bfPodemos jugar un City Game en Osnabruck con un grupo grande?","section_8_answer_5":"<p class=\"kt-adv-heading2034_97743b-76 wp-block-kadence-advancedheading\" data-kb-block=\"kb-adv-heading2034_97743b-76\">S\u00ed, City Games son adecuados para <strong>tanto grupos peque\u00f1os como equipos m\u00e1s grandes<\/strong>. Los grupos grandes pueden dividirse f\u00e1cilmente en equipos m\u00e1s peque\u00f1os y jugar el City Game al mismo tiempo, usando varios smartphones. Cada equipo juega de forma independiente, siguiendo el mismo concepto de juego y la misma historia.<\/p>\r\nEste formato funciona bien para grupos de amigos, familias y empresas, y convierte a City Games en una opci\u00f3n popular para salidas de equipo, eventos y actividades de teambuilding.\r\n<p class=\"kt-adv-heading2034_7442e3-e3 wp-block-kadence-advancedheading hls-none\" data-kb-block=\"kb-adv-heading2034_7442e3-e3\">Para grupos grandes o eventos corporativos, tambi\u00e9n est\u00e1 disponible una versi\u00f3n totalmente alojada de nuestros City Games, que incluye orientaci\u00f3n en el sitio, tabletas y soporte en vivo.<\/p>\r\n\u00bfPlaneando un grupo m\u00e1s grande o un evento corporativo?","section_8_answer_5_cta":"Explora la experiencia alojada de City Game para grupos","section_8_question_6":"\u00bfSon adecuados los City Games en Osnabruck para turistas y locales?","section_8_answer_6":"S\u00ed, los City Games en Osnabruck son adecuados para <strong>tanto turistas como locales<\/strong>. Los visitantes pueden experimentar la ciudad de forma interactiva, mientras que los locales pueden disfrutar de calles familiares como escenario de un City Game.\r\n\r\nComo cada City Game se centra en la jugabilidad y la narrativa, la experiencia se siente fresca independientemente de qu\u00e9 tan bien conozcas la ciudad.","section_8_question_7":"\u00bfEst\u00e1n disponibles City Games en Osnabruck en varios idiomas?","section_8_answer_7":"S\u00ed, City Games en Osnabruck est\u00e1n <strong>disponibles en varios idiomas<\/strong>. Puedes seleccionar tu idioma preferido antes o durante el juego, haciendo que City Games sean accesibles para visitantes internacionales y grupos multiling\u00fces.","section_8_question_8":"\u00bfQu\u00e9 necesitamos para jugar un City Game en Osnabruck?","section_8_answer_8":"Para jugar un City Game en Osnabruck, necesitas:","section_8_answer_8_usp_1":"Un tel\u00e9fono inteligente con conexi\u00f3n a Internet","section_8_answer_8_usp_2":"Una bater\u00eda cargada","section_8_answer_8_usp_3":"Zapatos c\u00f3modos para caminar","section_8_answer_8_2":"Todos los contenidos e instrucciones del juego se proporcionan digitalmente despu\u00e9s de la reserva.","section_9_h2_instagram":"Ver m\u00e1s en Instagram","section_9_text":"Inspiraci\u00f3n de viaje, acertijos, gemas ocultas y momentos de City Game, directamente desde nuestra comunidad","section_9_cta":"S\u00edguenos en Instagram","section_10_h2_page_ending":"\u00bfListo para una aventura inolvidable en Osnabruck?","section_10_text":"Explora Osnabruck de una manera \u00fanica e interactiva con nuestros City Games. \u00a1Juega hoy y crea recuerdos duraderos!","section_10_cta":"Reserva tu City Game ahora","latitude":52.27757348,"longitude":8.041690129361,"country":468,"map_enabled":true},"yoast_head":"<!-- This site is optimized with the Yoast SEO Premium plugin v26.2 (Yoast SEO v27.4) - https:\/\/yoast.com\/product\/yoast-seo-premium-wordpress\/ -->\n<title>City Game Osnabruck - City Game<\/title>\n<meta name=\"robots\" content=\"index, follow, max-snippet:-1, max-image-preview:large, max-video-preview:-1\" \/>\n<link rel=\"canonical\" href=\"https:\/\/citygame.com\/es\/localizaciones\/city-game-alemania\/city-game-osnabruck-2\/\" \/>\n<meta property=\"og:locale\" content=\"es_ES\" \/>\n<meta property=\"og:type\" content=\"article\" \/>\n<meta property=\"og:title\" content=\"City Game Osnabruck\" \/>\n<meta property=\"og:url\" content=\"https:\/\/citygame.com\/es\/localizaciones\/city-game-alemania\/city-game-osnabruck-2\/\" \/>\n<meta property=\"og:site_name\" content=\"City Game\" \/>\n<meta property=\"article:publisher\" content=\"https:\/\/www.facebook.com\/profile.php?id=100086426226253\" \/>\n<meta property=\"article:modified_time\" content=\"2026-04-22T12:15:26+00:00\" \/>\n<meta property=\"og:image\" content=\"https:\/\/citygame.com\/wp-content\/blogs.dir\/1\/files\/2026\/03\/osnabruck-palace-university-main-entrance.jpeg\" \/>\n\t<meta property=\"og:image:width\" content=\"1280\" \/>\n\t<meta property=\"og:image:height\" content=\"1920\" \/>\n\t<meta property=\"og:image:type\" content=\"image\/jpeg\" \/>\n<meta name=\"twitter:card\" content=\"summary_large_image\" \/>\n<script type=\"application\/ld+json\" class=\"yoast-schema-graph\">{\"@context\":\"https:\\\/\\\/schema.org\",\"@graph\":[{\"@type\":\"WebPage\",\"@id\":\"https:\\\/\\\/citygame.com\\\/es\\\/localizaciones\\\/city-game-alemania\\\/city-game-osnabruck-2\\\/\",\"url\":\"https:\\\/\\\/citygame.com\\\/es\\\/localizaciones\\\/city-game-alemania\\\/city-game-osnabruck-2\\\/\",\"name\":\"City Game Osnabruck - City Game\",\"isPartOf\":{\"@id\":\"https:\\\/\\\/citygame.com\\\/es\\\/#website\"},\"primaryImageOfPage\":{\"@id\":\"https:\\\/\\\/citygame.com\\\/es\\\/localizaciones\\\/city-game-alemania\\\/city-game-osnabruck-2\\\/#primaryimage\"},\"image\":{\"@id\":\"https:\\\/\\\/citygame.com\\\/es\\\/localizaciones\\\/city-game-alemania\\\/city-game-osnabruck-2\\\/#primaryimage\"},\"thumbnailUrl\":\"https:\\\/\\\/citygame.com\\\/wp-content\\\/blogs.dir\\\/1\\\/files\\\/2026\\\/03\\\/osnabruck-palace-university-main-entrance.jpeg\",\"datePublished\":\"2026-02-20T10:11:00+00:00\",\"dateModified\":\"2026-04-22T12:15:26+00:00\",\"breadcrumb\":{\"@id\":\"https:\\\/\\\/citygame.com\\\/es\\\/localizaciones\\\/city-game-alemania\\\/city-game-osnabruck-2\\\/#breadcrumb\"},\"inLanguage\":\"es\",\"potentialAction\":[{\"@type\":\"ReadAction\",\"target\":[\"https:\\\/\\\/citygame.com\\\/es\\\/localizaciones\\\/city-game-alemania\\\/city-game-osnabruck-2\\\/\"]}]},{\"@type\":\"ImageObject\",\"inLanguage\":\"es\",\"@id\":\"https:\\\/\\\/citygame.com\\\/es\\\/localizaciones\\\/city-game-alemania\\\/city-game-osnabruck-2\\\/#primaryimage\",\"url\":\"https:\\\/\\\/citygame.com\\\/wp-content\\\/blogs.dir\\\/1\\\/files\\\/2026\\\/03\\\/osnabruck-palace-university-main-entrance.jpeg\",\"contentUrl\":\"https:\\\/\\\/citygame.com\\\/wp-content\\\/blogs.dir\\\/1\\\/files\\\/2026\\\/03\\\/osnabruck-palace-university-main-entrance.jpeg\",\"width\":1280,\"height\":1920,\"caption\":\"The baroque entrance to the Osnabr\u00fcck Palace, which is the main building of the University of Osnabr\u00fcck.\"},{\"@type\":\"BreadcrumbList\",\"@id\":\"https:\\\/\\\/citygame.com\\\/es\\\/localizaciones\\\/city-game-alemania\\\/city-game-osnabruck-2\\\/#breadcrumb\",\"itemListElement\":[{\"@type\":\"ListItem\",\"position\":1,\"name\":\"Home\",\"item\":\"https:\\\/\\\/citygame.com\\\/es\\\/\"},{\"@type\":\"ListItem\",\"position\":2,\"name\":\"Localizaciones\",\"item\":\"https:\\\/\\\/citygame.com\\\/es\\\/localizaciones\\\/\"},{\"@type\":\"ListItem\",\"position\":3,\"name\":\"City Game Alemania\",\"item\":\"https:\\\/\\\/citygame.com\\\/es\\\/localizaciones\\\/city-game-alemania\\\/\"},{\"@type\":\"ListItem\",\"position\":4,\"name\":\"City Game Osnabruck\"}]},{\"@type\":\"WebSite\",\"@id\":\"https:\\\/\\\/citygame.com\\\/es\\\/#website\",\"url\":\"https:\\\/\\\/citygame.com\\\/es\\\/\",\"name\":\"City Game\",\"description\":\"\",\"publisher\":{\"@id\":\"https:\\\/\\\/citygame.com\\\/es\\\/#organization\"},\"alternateName\":\"citygame.com\",\"potentialAction\":[{\"@type\":\"SearchAction\",\"target\":{\"@type\":\"EntryPoint\",\"urlTemplate\":\"https:\\\/\\\/citygame.com\\\/es\\\/?s={search_term_string}\"},\"query-input\":{\"@type\":\"PropertyValueSpecification\",\"valueRequired\":true,\"valueName\":\"search_term_string\"}}],\"inLanguage\":\"es\"},{\"@type\":\"Organization\",\"@id\":\"https:\\\/\\\/citygame.com\\\/es\\\/#organization\",\"name\":\"City Game\",\"alternateName\":\"citygame.com\",\"url\":\"https:\\\/\\\/citygame.com\\\/es\\\/\",\"logo\":{\"@type\":\"ImageObject\",\"inLanguage\":\"es\",\"@id\":\"https:\\\/\\\/citygame.com\\\/es\\\/#\\\/schema\\\/logo\\\/image\\\/\",\"url\":\"https:\\\/\\\/citygame.com\\\/wp-content\\\/blogs.dir\\\/1\\\/files\\\/2025\\\/10\\\/CG_LOGO-City-Game.png\",\"contentUrl\":\"https:\\\/\\\/citygame.com\\\/wp-content\\\/blogs.dir\\\/1\\\/files\\\/2025\\\/10\\\/CG_LOGO-City-Game.png\",\"width\":351,\"height\":377,\"caption\":\"City Game\"},\"image\":{\"@id\":\"https:\\\/\\\/citygame.com\\\/es\\\/#\\\/schema\\\/logo\\\/image\\\/\"},\"sameAs\":[\"https:\\\/\\\/www.facebook.com\\\/profile.php?id=100086426226253\",\"https:\\\/\\\/www.instagram.com\\\/citygame_com\",\"https:\\\/\\\/www.tiktok.com\\\/@citygamecom\\\/\",\"https:\\\/\\\/www.linkedin.com\\\/company\\\/citygame-com\"],\"description\":\"Turn any city into a playground with our interactive City Games and self-guided tours. Fun, flexible, and ideal for groups and team building.\"}]}<\/script>\n<!-- \/ Yoast SEO Premium plugin. -->","yoast_head_json":{"title":"City Game Osnabruck - City Game","robots":{"index":"index","follow":"follow","max-snippet":"max-snippet:-1","max-image-preview":"max-image-preview:large","max-video-preview":"max-video-preview:-1"},"canonical":"https:\/\/citygame.com\/es\/localizaciones\/city-game-alemania\/city-game-osnabruck-2\/","og_locale":"es_ES","og_type":"article","og_title":"City Game Osnabruck","og_url":"https:\/\/citygame.com\/es\/localizaciones\/city-game-alemania\/city-game-osnabruck-2\/","og_site_name":"City Game","article_publisher":"https:\/\/www.facebook.com\/profile.php?id=100086426226253","article_modified_time":"2026-04-22T12:15:26+00:00","og_image":[{"width":1280,"height":1920,"url":"https:\/\/citygame.com\/wp-content\/blogs.dir\/1\/files\/2026\/03\/osnabruck-palace-university-main-entrance.jpeg","type":"image\/jpeg"}],"twitter_card":"summary_large_image","schema":{"@context":"https:\/\/schema.org","@graph":[{"@type":"WebPage","@id":"https:\/\/citygame.com\/es\/localizaciones\/city-game-alemania\/city-game-osnabruck-2\/","url":"https:\/\/citygame.com\/es\/localizaciones\/city-game-alemania\/city-game-osnabruck-2\/","name":"City Game Osnabruck - City Game","isPartOf":{"@id":"https:\/\/citygame.com\/es\/#website"},"primaryImageOfPage":{"@id":"https:\/\/citygame.com\/es\/localizaciones\/city-game-alemania\/city-game-osnabruck-2\/#primaryimage"},"image":{"@id":"https:\/\/citygame.com\/es\/localizaciones\/city-game-alemania\/city-game-osnabruck-2\/#primaryimage"},"thumbnailUrl":"https:\/\/citygame.com\/wp-content\/blogs.dir\/1\/files\/2026\/03\/osnabruck-palace-university-main-entrance.jpeg","datePublished":"2026-02-20T10:11:00+00:00","dateModified":"2026-04-22T12:15:26+00:00","breadcrumb":{"@id":"https:\/\/citygame.com\/es\/localizaciones\/city-game-alemania\/city-game-osnabruck-2\/#breadcrumb"},"inLanguage":"es","potentialAction":[{"@type":"ReadAction","target":["https:\/\/citygame.com\/es\/localizaciones\/city-game-alemania\/city-game-osnabruck-2\/"]}]},{"@type":"ImageObject","inLanguage":"es","@id":"https:\/\/citygame.com\/es\/localizaciones\/city-game-alemania\/city-game-osnabruck-2\/#primaryimage","url":"https:\/\/citygame.com\/wp-content\/blogs.dir\/1\/files\/2026\/03\/osnabruck-palace-university-main-entrance.jpeg","contentUrl":"https:\/\/citygame.com\/wp-content\/blogs.dir\/1\/files\/2026\/03\/osnabruck-palace-university-main-entrance.jpeg","width":1280,"height":1920,"caption":"The baroque entrance to the Osnabr\u00fcck Palace, which is the main building of the University of Osnabr\u00fcck."},{"@type":"BreadcrumbList","@id":"https:\/\/citygame.com\/es\/localizaciones\/city-game-alemania\/city-game-osnabruck-2\/#breadcrumb","itemListElement":[{"@type":"ListItem","position":1,"name":"Home","item":"https:\/\/citygame.com\/es\/"},{"@type":"ListItem","position":2,"name":"Localizaciones","item":"https:\/\/citygame.com\/es\/localizaciones\/"},{"@type":"ListItem","position":3,"name":"City Game Alemania","item":"https:\/\/citygame.com\/es\/localizaciones\/city-game-alemania\/"},{"@type":"ListItem","position":4,"name":"City Game Osnabruck"}]},{"@type":"WebSite","@id":"https:\/\/citygame.com\/es\/#website","url":"https:\/\/citygame.com\/es\/","name":"City Game","description":"","publisher":{"@id":"https:\/\/citygame.com\/es\/#organization"},"alternateName":"citygame.com","potentialAction":[{"@type":"SearchAction","target":{"@type":"EntryPoint","urlTemplate":"https:\/\/citygame.com\/es\/?s={search_term_string}"},"query-input":{"@type":"PropertyValueSpecification","valueRequired":true,"valueName":"search_term_string"}}],"inLanguage":"es"},{"@type":"Organization","@id":"https:\/\/citygame.com\/es\/#organization","name":"City Game","alternateName":"citygame.com","url":"https:\/\/citygame.com\/es\/","logo":{"@type":"ImageObject","inLanguage":"es","@id":"https:\/\/citygame.com\/es\/#\/schema\/logo\/image\/","url":"https:\/\/citygame.com\/wp-content\/blogs.dir\/1\/files\/2025\/10\/CG_LOGO-City-Game.png","contentUrl":"https:\/\/citygame.com\/wp-content\/blogs.dir\/1\/files\/2025\/10\/CG_LOGO-City-Game.png","width":351,"height":377,"caption":"City Game"},"image":{"@id":"https:\/\/citygame.com\/es\/#\/schema\/logo\/image\/"},"sameAs":["https:\/\/www.facebook.com\/profile.php?id=100086426226253","https:\/\/www.instagram.com\/citygame_com","https:\/\/www.tiktok.com\/@citygamecom\/","https:\/\/www.linkedin.com\/company\/citygame-com"],"description":"Turn any city into a playground with our interactive City Games and self-guided tours. Fun, flexible, and ideal for groups and team building."}]}},"taxonomy_info":{"cities-only-parent-location":[{"value":468,"label":"Germany"}],"cg_page_type":[{"value":45,"label":"City overview page"}]},"featured_image_src_large":["https:\/\/citygame.com\/wp-content\/blogs.dir\/1\/files\/2026\/03\/osnabruck-palace-university-main-entrance-683x1024.jpeg",683,1024,true],"author_info":{"display_name":"Philip","author_link":"https:\/\/citygame.com\/es\/blog\/author\/sophi2\/"},"comment_info":0,"wpml_current_locale":"es_ES","wpml_translations":{"nl_NL":{"locale":"nl_NL","id":225958,"slug":"city-game-osnabruck-2","post_title":"City Game Osnabruck","href":"https:\/\/citygame.com\/nl\/locaties\/city-game-duitsland\/city-game-osnabruck-2\/"},"en_US":{"locale":"en_US","id":15204,"slug":"city-game-osnabruck","post_title":"City Game Osnabruck","href":"https:\/\/citygame.com\/locations\/germany\/city-game-osnabruck\/"},"fr_FR":{"locale":"fr_FR","id":225975,"slug":"city-game-osnabruck-2","post_title":"City Game Osnabruck","href":"https:\/\/citygame.com\/fr\/emplacements\/city-game-germany\/city-game-osnabruck-2\/"},"de_DE":{"locale":"de_DE","id":225964,"slug":"city-game-osnabruck-2","post_title":"City Game Osnabr\u00fcck","href":"https:\/\/citygame.com\/de\/standorte\/city-game-deutschland\/city-game-osnabruck-2\/"},"it_IT":{"locale":"it_IT","translation":false},"es_ES":{"locale":"es_ES","translation":"current"}},"_links":{"self":[{"href":"https:\/\/citygame.com\/es\/wp-json\/wp\/v2\/pages\/225969","targetHints":{"allow":["GET"]}}],"collection":[{"href":"https:\/\/citygame.com\/es\/wp-json\/wp\/v2\/pages"}],"about":[{"href":"https:\/\/citygame.com\/es\/wp-json\/wp\/v2\/types\/page"}],"author":[{"embeddable":true,"href":"https:\/\/citygame.com\/es\/wp-json\/wp\/v2\/users\/78"}],"replies":[{"embeddable":true,"href":"https:\/\/citygame.com\/es\/wp-json\/wp\/v2\/comments?post=225969"}],"version-history":[{"count":0,"href":"https:\/\/citygame.com\/es\/wp-json\/wp\/v2\/pages\/225969\/revisions"}],"up":[{"embeddable":true,"href":"https:\/\/citygame.com\/es\/wp-json\/wp\/v2\/pages\/225791"}],"acf:term":[{"embeddable":true,"taxonomy":"cities-only-parent-location","href":"https:\/\/citygame.com\/es\/wp-json\/wp\/v2\/cities-only-parent-location\/468"},{"embeddable":true,"taxonomy":"location","href":"https:\/\/citygame.com\/es\/wp-json\/wp\/v2\/location\/311"}],"wp:featuredmedia":[{"embeddable":true,"href":"https:\/\/citygame.com\/es\/wp-json\/wp\/v2\/media\/16307"}],"wp:attachment":[{"href":"https:\/\/citygame.com\/es\/wp-json\/wp\/v2\/media?parent=225969"}],"wp:term":[{"taxonomy":"cities-only-parent-location","embeddable":true,"href":"https:\/\/citygame.com\/es\/wp-json\/wp\/v2\/cities-only-parent-location?post=225969"},{"taxonomy":"countries-only-parent-locations","embeddable":true,"href":"https:\/\/citygame.com\/es\/wp-json\/wp\/v2\/countries-only-parent-locations?post=225969"},{"taxonomy":"seo_keyword","embeddable":true,"href":"https:\/\/citygame.com\/es\/wp-json\/wp\/v2\/seo_keyword?post=225969"},{"taxonomy":"cg_page_type","embeddable":true,"href":"https:\/\/citygame.com\/es\/wp-json\/wp\/v2\/cg_page_type?post=225969"}],"curies":[{"name":"wp","href":"https:\/\/api.w.org\/{rel}","templated":true}]}}