{"id":226088,"date":"2026-02-16T09:06:05","date_gmt":"2026-02-16T09:06:05","guid":{"rendered":"https:\/\/citygame.com\/locations\/germany\/city-game-kiel-2\/"},"modified":"2026-04-22T12:55:44","modified_gmt":"2026-04-22T12:55:44","slug":"city-game-kiel-2","status":"publish","type":"page","link":"https:\/\/citygame.com\/es\/localizaciones\/city-game-alemania\/city-game-kiel-2\/","title":{"rendered":"City Game Kiel"},"content":{"rendered":"","protected":false},"excerpt":{"rendered":"","protected":false},"author":78,"featured_media":16317,"parent":225791,"menu_order":0,"comment_status":"closed","ping_status":"closed","template":"","meta":{"_acf_changed":false,"_yoast_wpseo_focuskw":"City Game Kiel","_yoast_wpseo_metadesc":"","_kad_blocks_custom_css":"","_kad_blocks_head_custom_js":"","_kad_blocks_body_custom_js":"","_kad_blocks_footer_custom_js":"","_kad_post_transparent":"","_kad_post_title":"","_kad_post_layout":"","_kad_post_sidebar_id":"","_kad_post_content_style":"","_kad_post_vertical_padding":"","_kad_post_feature":"","_kad_post_feature_position":"","_kad_post_header":false,"_kad_post_footer":false,"_kad_post_classname":"","footnotes":""},"cities-only-parent-location":[468],"countries-only-parent-locations":[],"seo_keyword":[],"cg_page_type":[45],"class_list":["post-226088","page","type-page","status-publish","has-post-thumbnail","hentry","cities-only-parent-location-germany","cg_page_type-city-overview-page"],"acf":{"city_name":"Kiel","select_city":223,"section_1_h2_city_games_in_city":"City Games in Kiel","intro_text":"City Games est\u00e1n disponibles en Kiel, ofreciendo una forma interactiva de explorar la ciudad mediante la resoluci\u00f3n de acertijos y desaf\u00edos. Estos juegos autoguiados se juegan en un tel\u00e9fono inteligente, permiti\u00e9ndote recorrer la ciudad a tu propio ritmo. La experiencia combina el descubrimiento al aire libre con tareas atractivas dise\u00f1adas para ser completadas de forma independiente.","section_1_usp_1":"Comienza, pausa y contin\u00faa cuando quieras","section_1_usp_2":"Juega de forma independiente","section_1_usp_3":"1-4 o 2-5 personas por tel\u00e9fono inteligente, dependiendo de tu juego","section_1_usp_4":"1,5\u20132 horas de juego","section_1_usp_5":"3-4 km de caminata","section_1_usp_6":"Se requiere conexi\u00f3n a Internet","section_1_text_2":"\u00a1Elige tu City Game y empieza a jugar hoy!","section_1_cta":"Ver todos City Games","intro_image":16318,"section_2_h2_all_city_games_in_city":"Todos los City Games en Kiel","section_3_h2_how_city_games_work_in_city":"C\u00f3mo funcionan City Games en Kiel","section_3_text":"City Games in Kiel son experiencias completamente autoguiadas que te permiten explorar la ciudad a tu propio ritmo. Usando tu propio tel\u00e9fono inteligente, caminar\u00e1s por el centro de la ciudad mientras resuelves acertijos, completas desaf\u00edos y sigues la historia de tu City Game elegido.\r\n\r\nDecides cu\u00e1ndo empezar, d\u00f3nde tomar descansos y qu\u00e9 tan r\u00e1pido juegas. No se necesita gu\u00eda, horario ni reserva.","section_3_usp_1":"Juega en equipos de amigos, familiares o colegas","section_3_usp_2":"Empieza cuando quieras, no se necesita gu\u00eda ni personal","section_3_usp_3":"Usa tu propio tel\u00e9fono inteligente o tableta","section_3_usp_4":"Pasa por la ciudad resolviendo acertijos y desaf\u00edos","section_3_usp_5":"Aprende datos curiosos sobre historia, cultura y lugares emblem\u00e1ticos","section_3_usp_6":"Disponible en varios idiomas","section_3_cta":"Elige tu City Game","section_3_step_1":"Paso 1","section_3_step_1_title":"Reserva tu City Game","section_3_step_1_text":"Elige tu ciudad y juego y recibir\u00e1s todo de inmediato despu\u00e9s de reservar.","section_3_step_2":"Paso 2","section_3_step_2_title":"Revisa tus instrucciones","section_3_step_2_text":"Abre tu correo de confirmaci\u00f3n con tu punto de inicio y c\u00f3mo empezar a jugar.","section_3_step_3":"Paso 3","section_3_step_3_title":"Dir\u00edgete al punto de inicio","section_3_step_3_text":"Dir\u00edgete al punto de inicio cuando quieras, sin hora fija.","section_3_step_4":"Paso 4","section_3_step_4_title":"Comienza a jugar","section_3_step_4_text":"Sigue las pistas, resuelve acertijos y explora la ciudad a tu propio ritmo!","how_city_games_work_image":16319,"section_4_h2_who_are_city_games_in_city_for":"\u00bfPara qui\u00e9n son City Games en Kiel?","section_4_text":"City Games en Kiel est\u00e1n dise\u00f1ados para cualquiera que quiera experimentar la ciudad de forma interactiva y flexible. Ya sea que visites Kiel por primera vez o que ya conozcas bien la ciudad, City Games ofrecen una actividad divertida que se integra f\u00e1cilmente en tu d\u00eda.","section_4_text_2":"City Games en Kiel son adecuados para:","section_4_usp_1":"Jugadores individuales o grupos peque\u00f1os que buscan una aventura flexible","section_4_usp_2":"Turistas que exploran Kiel","section_4_usp_3":"Amigos y familias que buscan una actividad divertida","section_4_usp_4":"Empresas y equipos que planifican un evento de fortalecimiento de equipo","section_4_usp_5":"Locales que desean redescubrir su propia ciudad","section_4_cta":"Elige tu City Game","who_are_city_games_for_image":16320,"section_5_h2_exploring_city":"Explorando Kiel","exploring_city_text":"Kiel revela su car\u00e1cter mar\u00edtimo en cada vuelta, anclado por su destacado puerto y la amplia franja del fiordo de Kiel. Al caminar por la ribera, se pasa de muelles activos a tranquilos paseos, con vistas a ferries, veleros y buques de la armada que subrayan la profunda conexi\u00f3n de la ciudad con el mar. La mezcla de funci\u00f3n industrial y calma costera le da a Kiel un ritmo modelado por las mareas y los barcos.\n\nEn el centro, Holstenstra\u00dfe ofrece una de las zonas peatonales m\u00e1s antiguas de Alemania, conectando tiendas modernas con hitos como la hist\u00f3rica Nikolaikirche. Justo m\u00e1s all\u00e1, el distrito mar\u00edtimo de Wik a\u00f1ade un tono m\u00e1s tranquilo, casi introspectivo, con sus calles sombreadas por \u00e1rboles y vistas de la academia naval. Explorar Kiel significa moverse entre perspectivas de agua abierta y bolsillos urbanos compactos donde la identidad mar\u00edtima de la ciudad contin\u00faa influyendo en su vida diaria.","exploring_city_image":16321,"section_6_h2_hosted_game":"Tus City Games favoritos, alojados profesionalmente por nuestro equipo","section_6_text":"Disfruta los mismos City Games que nuestra versi\u00f3n autoguiada, pero con completo apoyo en el lugar por nuestros anfitriones profesionales. Nos encargamos de la orientaci\u00f3n, tabletas, coordinaci\u00f3n y soporte t\u00e9cnico, para que tu grupo pueda centrarse completamente en la diversi\u00f3n y la competencia.","section_6_text_2":"Qu\u00e9 incluye:","section_6_usp_1_title":"El mismo City Game, completamente alojado","section_6_usp_1_text":"Juegas la misma experiencia exacta que nuestra versi\u00f3n autoguiada, ahora con nuestros anfitriones guiando a tu grupo.","section_6_usp_2_title":"Clasificaci\u00f3n en vivo y ceremonia de premios","section_6_usp_2_text":"Para grupos grandes, nuestros anfitriones revelan las puntuaciones finales y anuncian al equipo ganador con un momento de premio divertido.","section_6_usp_3_title":"Salida y llegada con anfitri\u00f3n","section_6_usp_3_text":"Damos la bienvenida a tu grupo, explicamos claramente el juego y terminamos con un cierre emocionante.","section_6_usp_4_title":"Soporte en tiempo real durante el juego","section_6_usp_4_text":"Nuestro equipo ayuda con dispositivos, problemas de la aplicaci\u00f3n y coordinaci\u00f3n a lo largo de la experiencia.","section_6_usp_5_title":"Tabletas incluidas (opcional)","section_6_usp_5_text":"Disponible para grupos que prefieren usar nuestros dispositivos en lugar de los suyos.","section_6_text_3":"Confiado por equipos de todo el mundo, desde peque\u00f1os grupos hasta grandes eventos corporativos.","section_6_cta":"Planifica tu evento de grupo","section_7_h2_reviews":"Qu\u00e9 otros opinan de nuestros City Games","section_7_cta_1":"Todos los comentarios","section_7_cta_2":"Escribe una rese\u00f1a","section_8_h2_faq":"\u00bfTienes preguntas? \u00a1Tenemos respuestas!","section_8_text":"Consulta nuestras preguntas frecuentes y descubre todo lo que quieres saber. \u00bfTu pregunta no est\u00e1 entre ellas? No dudes en contactarnos.","section_8_cta_1":"Ver todas las preguntas frecuentes","section_8_cta_2":"Obtener soporte","section_8_question_1":"\u00bfQu\u00e9 son City Games en Kiel?","section_8_answer_1":"City Games en Kiel son <strong>experiencias interactivas, autoguiadas<\/strong> que te permiten explorar la ciudad mientras juegas!\r\n\r\nUsando tu smartphone, resuelves acertijos, completas desaf\u00edos y sigues la historia de tu City Game elegido mientras caminas por la ciudad.\r\n\r\nCity Games combinan trabajo en equipo, resoluci\u00f3n de problemas y exploraci\u00f3n al aire libre, haciendo que sean una actividad divertida para visitantes, residentes y grupos por igual.","section_8_question_2":"\u00bfNecesito una gu\u00eda para jugar un City Game en Kiel?","section_8_answer_2":"<p class=\"kt-adv-heading2034_2420ea-ca wp-block-kadence-advancedheading\" data-kb-block=\"kb-adv-heading2034_2420ea-ca\">No, City Games en Kiel son <strong>totalmente autoguiados<\/strong>. No necesitas gu\u00eda, anfitri\u00f3n ni personal en el sitio para jugar. Todas las instrucciones y la jugabilidad se proporcionan digitalmente, lo que te permite empezar a jugar de forma independiente utilizando tu propio tel\u00e9fono inteligente.<\/p>rnEsta flexibilidad facilita encajar City Games en tu propio horario.rn<p class=\"kt-adv-heading2034_cd3db2-33 wp-block-kadence-advancedheading hls-none\" data-kb-block=\"kb-adv-heading2034_cd3db2-33\">Para grupos m\u00e1s grandes o eventos corporativos, tambi\u00e9n est\u00e1 disponible una versi\u00f3n completamente alojada de nuestros City Games, que incluye orientaci\u00f3n en el lugar, tabletas y soporte en vivo.<\/p>rn\u00bfPlaneando un grupo m\u00e1s grande o un evento corporativo?","section_8_answer_2_cta":"Explora la experiencia de City Game alojada para grupos","section_8_question_3":"\u00bfCu\u00e1ndo podemos empezar a jugar un City Game en Kiel?","section_8_answer_3":"Puedes empezar a jugar <strong>cuando te convenga<\/strong>! City Games en Kiel no tienen horarios de inicio fijos, as\u00ed que puedes empezar en el momento que se ajuste a tus planes.rnrnDespu\u00e9s de reservar, recibir\u00e1s instrucciones claras que explican c\u00f3mo y cu\u00e1ndo puedes empezar tu City Game!","section_8_question_4":"\u00bfCu\u00e1nto tiempo tarda un City Game en Kiel?","section_8_answer_4":"Los City Games en Kiel tardan <strong>aproximadamente 1,5 a 2 horas<\/strong> en completarse! La duraci\u00f3n exacta depende de tu ritmo, de cu\u00e1ntas pausas tomes y de cu\u00e1n r\u00e1pido resuelvas los acertijos y desaf\u00edos.rnrnPuedes jugar a tu propio ritmo y pausar el juego cuando quieras.","section_8_question_5":"\u00bfPodemos jugar un City Game en Kiel con un grupo grande?","section_8_answer_5":"<p class=\"kt-adv-heading2034_97743b-76 wp-block-kadence-advancedheading\" data-kb-block=\"kb-adv-heading2034_97743b-76\">S\u00ed, City Games son adecuados para <strong>tanto grupos peque\u00f1os como equipos m\u00e1s grandes<\/strong>. Grupos grandes pueden dividirse f\u00e1cilmente en equipos m\u00e1s peque\u00f1os y jugar el City Game al mismo tiempo, usando varios tel\u00e9fonos inteligentes. Cada equipo juega de forma independiente, siguiendo el mismo concepto de juego y la historia.<\/p>rnEsta configuraci\u00f3n funciona bien para grupos de amigos, familias y empresas, y convierte a City Games en una opci\u00f3n popular para salidas de equipo, eventos y actividades de teambuilding.rn<p class=\"kt-adv-heading2034_7442e3-e3 wp-block-kadence-advancedheading hls-none\" data-kb-block=\"kb-adv-heading2034_7442e3-e3\">Para grupos m\u00e1s grandes o eventos corporativos, tambi\u00e9n est\u00e1 disponible una versi\u00f3n completamente alojada de nuestros City Games, que incluye orientaci\u00f3n en el lugar, tabletas y soporte en vivo.<\/p>rn\u00bfPlaneando un grupo m\u00e1s grande o un evento corporativo?","section_8_answer_5_cta":"Explora la experiencia de City Game alojada para grupos","section_8_question_6":"\u00bfSon adecuados City Games en Kiel para turistas y locales?","section_8_answer_6":"S\u00ed, City Games en Kiel son adecuados para <strong>tanto turistas como locales<\/strong>. Los visitantes pueden experimentar la ciudad de forma interactiva, mientras que los locales pueden disfrutar de calles conocidas como escenario de un City Game.rnrnComo cada City Game se centra en la jugabilidad y la narraci\u00f3n, la experiencia se siente fresca independientemente de cu\u00e1n bien conozcas ya la ciudad.","section_8_question_7":"\u00bfEst\u00e1n disponibles City Games en Kiel en varios idiomas?","section_8_answer_7":"S\u00ed, City Games en Kiel est\u00e1n <strong>disponibles en varios idiomas<\/strong>. Puedes seleccionar tu idioma preferido antes o durante el juego, haciendo que City Games sean accesibles para visitantes internacionales y grupos multiling\u00fces.","section_8_question_8":"\u00bfQu\u00e9 necesitamos para jugar un City Game en Kiel?","section_8_answer_8":"Para jugar un City Game en Kiel, necesitas:","section_8_answer_8_usp_1":"Un tel\u00e9fono inteligente con conexi\u00f3n a Internet","section_8_answer_8_usp_2":"Una bater\u00eda cargada","section_8_answer_8_usp_3":"Zapatos c\u00f3modos para caminar","section_8_answer_8_2":"Todo el contenido del juego e instrucciones se proporcionan digitalmente despu\u00e9s de la reserva.","section_9_h2_instagram":"Ver m\u00e1s en Instagram","section_9_text":"Inspiraci\u00f3n para viajes, acertijos, gemas ocultas y momentos de City Game, directamente de nuestra comunidad","section_9_cta":"S\u00edguenos en Instagram","section_10_h2_page_ending":"\u00bfListo para una aventura inolvidable en Kiel?","section_10_text":"Explora Kiel de una manera \u00fanica e interactiva con nuestros City Games. \u00a1Juega hoy y crea recuerdos duraderos!","section_10_cta":"Reserva tu City Game ahora","latitude":57.04791888,"longitude":9.9188505857056,"country":468,"map_enabled":true},"yoast_head":"<!-- This site is optimized with the Yoast SEO Premium plugin v26.2 (Yoast SEO v27.4) - https:\/\/yoast.com\/product\/yoast-seo-premium-wordpress\/ -->\n<title>City Game Kiel - City Game<\/title>\n<meta name=\"robots\" content=\"index, follow, max-snippet:-1, max-image-preview:large, max-video-preview:-1\" \/>\n<link rel=\"canonical\" href=\"https:\/\/citygame.com\/es\/localizaciones\/city-game-alemania\/city-game-kiel-2\/\" \/>\n<meta property=\"og:locale\" content=\"es_ES\" \/>\n<meta property=\"og:type\" content=\"article\" \/>\n<meta property=\"og:title\" content=\"City Game Kiel\" \/>\n<meta property=\"og:url\" content=\"https:\/\/citygame.com\/es\/localizaciones\/city-game-alemania\/city-game-kiel-2\/\" \/>\n<meta property=\"og:site_name\" content=\"City Game\" \/>\n<meta property=\"article:publisher\" content=\"https:\/\/www.facebook.com\/profile.php?id=100086426226253\" \/>\n<meta property=\"article:modified_time\" content=\"2026-04-22T12:55:44+00:00\" \/>\n<meta property=\"og:image\" content=\"https:\/\/citygame.com\/wp-content\/blogs.dir\/1\/files\/2026\/03\/kiel-harbor-view-over-rooftops.jpeg\" \/>\n\t<meta property=\"og:image:width\" content=\"1080\" \/>\n\t<meta property=\"og:image:height\" content=\"1920\" \/>\n\t<meta property=\"og:image:type\" content=\"image\/jpeg\" \/>\n<meta name=\"twitter:card\" content=\"summary_large_image\" \/>\n<script type=\"application\/ld+json\" class=\"yoast-schema-graph\">{\"@context\":\"https:\\\/\\\/schema.org\",\"@graph\":[{\"@type\":\"WebPage\",\"@id\":\"https:\\\/\\\/citygame.com\\\/es\\\/localizaciones\\\/city-game-alemania\\\/city-game-kiel-2\\\/\",\"url\":\"https:\\\/\\\/citygame.com\\\/es\\\/localizaciones\\\/city-game-alemania\\\/city-game-kiel-2\\\/\",\"name\":\"City Game Kiel - City Game\",\"isPartOf\":{\"@id\":\"https:\\\/\\\/citygame.com\\\/es\\\/#website\"},\"primaryImageOfPage\":{\"@id\":\"https:\\\/\\\/citygame.com\\\/es\\\/localizaciones\\\/city-game-alemania\\\/city-game-kiel-2\\\/#primaryimage\"},\"image\":{\"@id\":\"https:\\\/\\\/citygame.com\\\/es\\\/localizaciones\\\/city-game-alemania\\\/city-game-kiel-2\\\/#primaryimage\"},\"thumbnailUrl\":\"https:\\\/\\\/citygame.com\\\/wp-content\\\/blogs.dir\\\/1\\\/files\\\/2026\\\/03\\\/kiel-harbor-view-over-rooftops.jpeg\",\"datePublished\":\"2026-02-16T09:06:05+00:00\",\"dateModified\":\"2026-04-22T12:55:44+00:00\",\"breadcrumb\":{\"@id\":\"https:\\\/\\\/citygame.com\\\/es\\\/localizaciones\\\/city-game-alemania\\\/city-game-kiel-2\\\/#breadcrumb\"},\"inLanguage\":\"es\",\"potentialAction\":[{\"@type\":\"ReadAction\",\"target\":[\"https:\\\/\\\/citygame.com\\\/es\\\/localizaciones\\\/city-game-alemania\\\/city-game-kiel-2\\\/\"]}]},{\"@type\":\"ImageObject\",\"inLanguage\":\"es\",\"@id\":\"https:\\\/\\\/citygame.com\\\/es\\\/localizaciones\\\/city-game-alemania\\\/city-game-kiel-2\\\/#primaryimage\",\"url\":\"https:\\\/\\\/citygame.com\\\/wp-content\\\/blogs.dir\\\/1\\\/files\\\/2026\\\/03\\\/kiel-harbor-view-over-rooftops.jpeg\",\"contentUrl\":\"https:\\\/\\\/citygame.com\\\/wp-content\\\/blogs.dir\\\/1\\\/files\\\/2026\\\/03\\\/kiel-harbor-view-over-rooftops.jpeg\",\"width\":1080,\"height\":1920,\"caption\":\"A high-angle view of Kiel's historic rooftops, the harbor, and the Kieler F\u00f6rde on a cloudy day.\"},{\"@type\":\"BreadcrumbList\",\"@id\":\"https:\\\/\\\/citygame.com\\\/es\\\/localizaciones\\\/city-game-alemania\\\/city-game-kiel-2\\\/#breadcrumb\",\"itemListElement\":[{\"@type\":\"ListItem\",\"position\":1,\"name\":\"Home\",\"item\":\"https:\\\/\\\/citygame.com\\\/es\\\/\"},{\"@type\":\"ListItem\",\"position\":2,\"name\":\"Localizaciones\",\"item\":\"https:\\\/\\\/citygame.com\\\/es\\\/localizaciones\\\/\"},{\"@type\":\"ListItem\",\"position\":3,\"name\":\"City Game Alemania\",\"item\":\"https:\\\/\\\/citygame.com\\\/es\\\/localizaciones\\\/city-game-alemania\\\/\"},{\"@type\":\"ListItem\",\"position\":4,\"name\":\"City Game Kiel\"}]},{\"@type\":\"WebSite\",\"@id\":\"https:\\\/\\\/citygame.com\\\/es\\\/#website\",\"url\":\"https:\\\/\\\/citygame.com\\\/es\\\/\",\"name\":\"City Game\",\"description\":\"\",\"publisher\":{\"@id\":\"https:\\\/\\\/citygame.com\\\/es\\\/#organization\"},\"alternateName\":\"citygame.com\",\"potentialAction\":[{\"@type\":\"SearchAction\",\"target\":{\"@type\":\"EntryPoint\",\"urlTemplate\":\"https:\\\/\\\/citygame.com\\\/es\\\/?s={search_term_string}\"},\"query-input\":{\"@type\":\"PropertyValueSpecification\",\"valueRequired\":true,\"valueName\":\"search_term_string\"}}],\"inLanguage\":\"es\"},{\"@type\":\"Organization\",\"@id\":\"https:\\\/\\\/citygame.com\\\/es\\\/#organization\",\"name\":\"City Game\",\"alternateName\":\"citygame.com\",\"url\":\"https:\\\/\\\/citygame.com\\\/es\\\/\",\"logo\":{\"@type\":\"ImageObject\",\"inLanguage\":\"es\",\"@id\":\"https:\\\/\\\/citygame.com\\\/es\\\/#\\\/schema\\\/logo\\\/image\\\/\",\"url\":\"https:\\\/\\\/citygame.com\\\/wp-content\\\/blogs.dir\\\/1\\\/files\\\/2025\\\/10\\\/CG_LOGO-City-Game.png\",\"contentUrl\":\"https:\\\/\\\/citygame.com\\\/wp-content\\\/blogs.dir\\\/1\\\/files\\\/2025\\\/10\\\/CG_LOGO-City-Game.png\",\"width\":351,\"height\":377,\"caption\":\"City Game\"},\"image\":{\"@id\":\"https:\\\/\\\/citygame.com\\\/es\\\/#\\\/schema\\\/logo\\\/image\\\/\"},\"sameAs\":[\"https:\\\/\\\/www.facebook.com\\\/profile.php?id=100086426226253\",\"https:\\\/\\\/www.instagram.com\\\/citygame_com\",\"https:\\\/\\\/www.tiktok.com\\\/@citygamecom\\\/\",\"https:\\\/\\\/www.linkedin.com\\\/company\\\/citygame-com\"],\"description\":\"Turn any city into a playground with our interactive City Games and self-guided tours. Fun, flexible, and ideal for groups and team building.\"}]}<\/script>\n<!-- \/ Yoast SEO Premium plugin. -->","yoast_head_json":{"title":"City Game Kiel - City Game","robots":{"index":"index","follow":"follow","max-snippet":"max-snippet:-1","max-image-preview":"max-image-preview:large","max-video-preview":"max-video-preview:-1"},"canonical":"https:\/\/citygame.com\/es\/localizaciones\/city-game-alemania\/city-game-kiel-2\/","og_locale":"es_ES","og_type":"article","og_title":"City Game Kiel","og_url":"https:\/\/citygame.com\/es\/localizaciones\/city-game-alemania\/city-game-kiel-2\/","og_site_name":"City Game","article_publisher":"https:\/\/www.facebook.com\/profile.php?id=100086426226253","article_modified_time":"2026-04-22T12:55:44+00:00","og_image":[{"width":1080,"height":1920,"url":"https:\/\/citygame.com\/wp-content\/blogs.dir\/1\/files\/2026\/03\/kiel-harbor-view-over-rooftops.jpeg","type":"image\/jpeg"}],"twitter_card":"summary_large_image","schema":{"@context":"https:\/\/schema.org","@graph":[{"@type":"WebPage","@id":"https:\/\/citygame.com\/es\/localizaciones\/city-game-alemania\/city-game-kiel-2\/","url":"https:\/\/citygame.com\/es\/localizaciones\/city-game-alemania\/city-game-kiel-2\/","name":"City Game Kiel - City Game","isPartOf":{"@id":"https:\/\/citygame.com\/es\/#website"},"primaryImageOfPage":{"@id":"https:\/\/citygame.com\/es\/localizaciones\/city-game-alemania\/city-game-kiel-2\/#primaryimage"},"image":{"@id":"https:\/\/citygame.com\/es\/localizaciones\/city-game-alemania\/city-game-kiel-2\/#primaryimage"},"thumbnailUrl":"https:\/\/citygame.com\/wp-content\/blogs.dir\/1\/files\/2026\/03\/kiel-harbor-view-over-rooftops.jpeg","datePublished":"2026-02-16T09:06:05+00:00","dateModified":"2026-04-22T12:55:44+00:00","breadcrumb":{"@id":"https:\/\/citygame.com\/es\/localizaciones\/city-game-alemania\/city-game-kiel-2\/#breadcrumb"},"inLanguage":"es","potentialAction":[{"@type":"ReadAction","target":["https:\/\/citygame.com\/es\/localizaciones\/city-game-alemania\/city-game-kiel-2\/"]}]},{"@type":"ImageObject","inLanguage":"es","@id":"https:\/\/citygame.com\/es\/localizaciones\/city-game-alemania\/city-game-kiel-2\/#primaryimage","url":"https:\/\/citygame.com\/wp-content\/blogs.dir\/1\/files\/2026\/03\/kiel-harbor-view-over-rooftops.jpeg","contentUrl":"https:\/\/citygame.com\/wp-content\/blogs.dir\/1\/files\/2026\/03\/kiel-harbor-view-over-rooftops.jpeg","width":1080,"height":1920,"caption":"A high-angle view of Kiel's historic rooftops, the harbor, and the Kieler F\u00f6rde on a cloudy day."},{"@type":"BreadcrumbList","@id":"https:\/\/citygame.com\/es\/localizaciones\/city-game-alemania\/city-game-kiel-2\/#breadcrumb","itemListElement":[{"@type":"ListItem","position":1,"name":"Home","item":"https:\/\/citygame.com\/es\/"},{"@type":"ListItem","position":2,"name":"Localizaciones","item":"https:\/\/citygame.com\/es\/localizaciones\/"},{"@type":"ListItem","position":3,"name":"City Game Alemania","item":"https:\/\/citygame.com\/es\/localizaciones\/city-game-alemania\/"},{"@type":"ListItem","position":4,"name":"City Game Kiel"}]},{"@type":"WebSite","@id":"https:\/\/citygame.com\/es\/#website","url":"https:\/\/citygame.com\/es\/","name":"City Game","description":"","publisher":{"@id":"https:\/\/citygame.com\/es\/#organization"},"alternateName":"citygame.com","potentialAction":[{"@type":"SearchAction","target":{"@type":"EntryPoint","urlTemplate":"https:\/\/citygame.com\/es\/?s={search_term_string}"},"query-input":{"@type":"PropertyValueSpecification","valueRequired":true,"valueName":"search_term_string"}}],"inLanguage":"es"},{"@type":"Organization","@id":"https:\/\/citygame.com\/es\/#organization","name":"City Game","alternateName":"citygame.com","url":"https:\/\/citygame.com\/es\/","logo":{"@type":"ImageObject","inLanguage":"es","@id":"https:\/\/citygame.com\/es\/#\/schema\/logo\/image\/","url":"https:\/\/citygame.com\/wp-content\/blogs.dir\/1\/files\/2025\/10\/CG_LOGO-City-Game.png","contentUrl":"https:\/\/citygame.com\/wp-content\/blogs.dir\/1\/files\/2025\/10\/CG_LOGO-City-Game.png","width":351,"height":377,"caption":"City Game"},"image":{"@id":"https:\/\/citygame.com\/es\/#\/schema\/logo\/image\/"},"sameAs":["https:\/\/www.facebook.com\/profile.php?id=100086426226253","https:\/\/www.instagram.com\/citygame_com","https:\/\/www.tiktok.com\/@citygamecom\/","https:\/\/www.linkedin.com\/company\/citygame-com"],"description":"Turn any city into a playground with our interactive City Games and self-guided tours. Fun, flexible, and ideal for groups and team building."}]}},"taxonomy_info":{"cities-only-parent-location":[{"value":468,"label":"Germany"}],"cg_page_type":[{"value":45,"label":"City overview page"}]},"featured_image_src_large":["https:\/\/citygame.com\/wp-content\/blogs.dir\/1\/files\/2026\/03\/kiel-harbor-view-over-rooftops-576x1024.jpeg",576,1024,true],"author_info":{"display_name":"Philip","author_link":"https:\/\/citygame.com\/es\/blog\/author\/sophi2\/"},"comment_info":0,"wpml_current_locale":"es_ES","wpml_translations":{"nl_NL":{"locale":"nl_NL","id":226076,"slug":"city-game-kiel-2","post_title":"City Game Kiel","href":"https:\/\/citygame.com\/nl\/locaties\/city-game-duitsland\/city-game-kiel-2\/"},"en_US":{"locale":"en_US","id":14266,"slug":"city-game-kiel","post_title":"City Game Kiel","href":"https:\/\/citygame.com\/locations\/germany\/city-game-kiel\/"},"fr_FR":{"locale":"fr_FR","id":226092,"slug":"city-game-kiel-2","post_title":"City Game Kiel","href":"https:\/\/citygame.com\/fr\/emplacements\/city-game-germany\/city-game-kiel-2\/"},"de_DE":{"locale":"de_DE","id":226081,"slug":"city-game-kiel-2","post_title":"City Game Kiel","href":"https:\/\/citygame.com\/de\/standorte\/city-game-deutschland\/city-game-kiel-2\/"},"it_IT":{"locale":"it_IT","translation":false},"es_ES":{"locale":"es_ES","translation":"current"}},"_links":{"self":[{"href":"https:\/\/citygame.com\/es\/wp-json\/wp\/v2\/pages\/226088","targetHints":{"allow":["GET"]}}],"collection":[{"href":"https:\/\/citygame.com\/es\/wp-json\/wp\/v2\/pages"}],"about":[{"href":"https:\/\/citygame.com\/es\/wp-json\/wp\/v2\/types\/page"}],"author":[{"embeddable":true,"href":"https:\/\/citygame.com\/es\/wp-json\/wp\/v2\/users\/78"}],"replies":[{"embeddable":true,"href":"https:\/\/citygame.com\/es\/wp-json\/wp\/v2\/comments?post=226088"}],"version-history":[{"count":0,"href":"https:\/\/citygame.com\/es\/wp-json\/wp\/v2\/pages\/226088\/revisions"}],"up":[{"embeddable":true,"href":"https:\/\/citygame.com\/es\/wp-json\/wp\/v2\/pages\/225791"}],"acf:term":[{"embeddable":true,"taxonomy":"cities-only-parent-location","href":"https:\/\/citygame.com\/es\/wp-json\/wp\/v2\/cities-only-parent-location\/468"},{"embeddable":true,"taxonomy":"location","href":"https:\/\/citygame.com\/es\/wp-json\/wp\/v2\/location\/223"}],"wp:featuredmedia":[{"embeddable":true,"href":"https:\/\/citygame.com\/es\/wp-json\/wp\/v2\/media\/16317"}],"wp:attachment":[{"href":"https:\/\/citygame.com\/es\/wp-json\/wp\/v2\/media?parent=226088"}],"wp:term":[{"taxonomy":"cities-only-parent-location","embeddable":true,"href":"https:\/\/citygame.com\/es\/wp-json\/wp\/v2\/cities-only-parent-location?post=226088"},{"taxonomy":"countries-only-parent-locations","embeddable":true,"href":"https:\/\/citygame.com\/es\/wp-json\/wp\/v2\/countries-only-parent-locations?post=226088"},{"taxonomy":"seo_keyword","embeddable":true,"href":"https:\/\/citygame.com\/es\/wp-json\/wp\/v2\/seo_keyword?post=226088"},{"taxonomy":"cg_page_type","embeddable":true,"href":"https:\/\/citygame.com\/es\/wp-json\/wp\/v2\/cg_page_type?post=226088"}],"curies":[{"name":"wp","href":"https:\/\/api.w.org\/{rel}","templated":true}]}}