{"id":226339,"date":"2026-04-22T15:12:12","date_gmt":"2026-04-22T15:12:12","guid":{"rendered":"https:\/\/citygame.com\/locations\/the-netherlands\/city-game-hoorn-2\/"},"modified":"2026-04-22T15:12:12","modified_gmt":"2026-04-22T15:12:12","slug":"city-game-hoorn-2","status":"publish","type":"page","link":"https:\/\/citygame.com\/es\/localizaciones\/city-game-los-paises-bajos\/city-game-hoorn-2\/","title":{"rendered":"City Game Hoorn"},"content":{"rendered":"","protected":false},"excerpt":{"rendered":"","protected":false},"author":78,"featured_media":13327,"parent":227375,"menu_order":0,"comment_status":"closed","ping_status":"closed","template":"","meta":{"_acf_changed":false,"_yoast_wpseo_focuskw":"City Game Hoorn","_yoast_wpseo_metadesc":"","_kad_blocks_custom_css":"","_kad_blocks_head_custom_js":"","_kad_blocks_body_custom_js":"","_kad_blocks_footer_custom_js":"","_kad_post_transparent":"","_kad_post_title":"","_kad_post_layout":"","_kad_post_sidebar_id":"","_kad_post_content_style":"","_kad_post_vertical_padding":"","_kad_post_feature":"","_kad_post_feature_position":"","_kad_post_header":false,"_kad_post_footer":false,"_kad_post_classname":"","footnotes":""},"cities-only-parent-location":[452],"countries-only-parent-locations":[],"seo_keyword":[],"cg_page_type":[45],"class_list":["post-226339","page","type-page","status-publish","has-post-thumbnail","hentry","cities-only-parent-location-the-netherlands","cg_page_type-city-overview-page"],"acf":{"city_name":"Hoorn","select_city":201,"section_1_h2_city_games_in_city":"City Games en Hoorn","intro_text":"City Games est\u00e1n disponibles en Hoorn, ofreciendo una forma \u00fanica de explorar la ciudad mediante una jugabilidad interactiva. Usando tu tel\u00e9fono inteligente, resolver\u00e1s acertijos y completar\u00e1s desaf\u00edos mientras navegas por Hoorn a tu propio ritmo. Esta experiencia autoguiada combina exploraci\u00f3n al aire libre con tareas atractivas a medida que te desplazas por diferentes zonas de la ciudad.","section_1_usp_1":"Comienza, pausa y contin\u00faa cuando quieras","section_1_usp_2":"Juega de forma independiente","section_1_usp_3":"1-4 o 2-5 personas por smartphone, dependiendo de tu juego","section_1_usp_4":"1,5-2 horas de juego","section_1_usp_5":"3-4 km de recorrido a pie","section_1_usp_6":"Se requiere conexi\u00f3n a Internet","section_1_text_2":"\u00a1Elige tu City Game y empieza a jugar hoy!","section_1_cta":"Ver todos los City Games","intro_image":13328,"section_2_h2_all_city_games_in_city":"Todos los City Games en Hoorn","section_3_h2_how_city_games_work_in_city":"C\u00f3mo funcionan los City Games en Hoorn","section_3_text":"Los City Games en Hoorn son experiencias completamente autoguiadas que te permiten explorar la ciudad a tu propio ritmo. Usando tu propio smartphone, recorrer\u00e1s el centro de la ciudad mientras resuelves acertijos, completas desaf\u00edos y sigues la historia de tu City Game elegido.\r\n\r\nT\u00fa decides cu\u00e1ndo empezar, d\u00f3nde tomar descansos y qu\u00e9 tan r\u00e1pido juegas. No se requiere gu\u00eda, horario ni reserva.","section_3_usp_1":"Juega en equipos de amigos, familiares o colegas","section_3_usp_2":"Empieza cuando quieras; no se necesita gu\u00eda ni personal","section_3_usp_3":"Usa tu propio smartphone o tableta","section_3_usp_4":"Pasea por la ciudad mientras resuelves acertijos y desaf\u00edos","section_3_usp_5":"Aprende datos curiosos sobre historia, cultura y lugares emblem\u00e1ticos","section_3_usp_6":"Disponible en varios idiomas","section_3_cta":"Elige tu City Game","section_3_step_1":"Paso 1","section_3_step_1_title":"Reserva tu City Game","section_3_step_1_text":"Elige tu ciudad y tu City Game y recibe todo al instante despu\u00e9s de la reserva.","section_3_step_2":"Paso 2","section_3_step_2_title":"Comprueba tus instrucciones","section_3_step_2_text":"Abre tu correo de confirmaci\u00f3n con tu punto de partida y c\u00f3mo empezar a jugar.","section_3_step_3":"Paso 3","section_3_step_3_title":"Ve al punto de inicio","section_3_step_3_text":"Dir\u00edgete al punto de inicio cuando quieras, sin hora fija.","section_3_step_4":"Paso 4","section_3_step_4_title":"Empieza a jugar","section_3_step_4_text":"Sigue las pistas, resuelve acertijos y explora la ciudad a tu propio ritmo!","how_city_games_work_image":13329,"section_4_h2_who_are_city_games_in_city_for":"\u00bfPara qui\u00e9n son City Games en Hoorn?","section_4_text":"Los City Games en Hoorn est\u00e1n dise\u00f1ados para cualquiera que quiera experimentar la ciudad de una manera interactiva y flexible. Ya sea que visites Hoorn por primera vez o ya conozcas bien la ciudad, City Games ofrecen una actividad divertida que encaja f\u00e1cilmente en tu d\u00eda.","section_4_text_2":"Los City Games en Hoorn son adecuados para:","section_4_usp_1":"Jugadores solitarios o grupos peque\u00f1os que buscan una aventura flexible","section_4_usp_2":"Turistas que exploran Hoorn","section_4_usp_3":"Amigos y familias que buscan una actividad divertida","section_4_usp_4":"Empresas y equipos que planean un evento de teambuilding","section_4_usp_5":"Personas locales que desean redescubrir su propia ciudad","section_4_cta":"Elige tu City Game","who_are_city_games_for_image":13330,"section_5_h2_exploring_city":"Explorar Hoorn","exploring_city_text":"Explorar Hoorn ofrece un paseo por su pasado mar\u00edtimo, con el puerto hist\u00f3rico como punto central de orientaci\u00f3n. El malec\u00f3n, bordeado por edificios holandeses tradicionales con tejas a juego y barcos de vela atracados, crea un fuerte sentido de lugar ligado al papel de la ciudad durante la Edad de Oro en la Compa\u00f1\u00eda Holandesa de las Indias Orientales. Al adentrarse, las calles empedradas conducen a la plaza del pueblo, donde el Hoofdtoren y otros lugares preservados enmarcan un centro de la ciudad compacto pero ricamente estructurado.\r\n\r\nEl antiguo distrito de almacenes y la zona del Zuiderzeemuseum reflejan la mezcla de herencia mar\u00edtima y vida local de Hoorn. Navegar por la ciudad resulta \u00edntimo, moldeado por un dise\u00f1o que fomenta el descubrimiento pausado en lugar de movimientos apresurados. El ritmo y la proximidad de los lugares emblem\u00e1ticos invitan a una conexi\u00f3n m\u00e1s inmersiva con el caracter hist\u00f3rico y el encanto en evoluci\u00f3n de Hoorn.","exploring_city_image":13331,"section_6_h2_hosted_game":"Tus City Games, organizados profesionalmente por nuestro equipo","section_6_text":"Disfruta de los mismos City Games que nuestra versi\u00f3n autoguiada, pero con pleno soporte en el lugar por parte de nuestros anfitriones profesionales. Nos encargamos de la sesi\u00f3n informativa, las tabletas, la coordinaci\u00f3n y el soporte t\u00e9cnico, para que tu grupo pueda centrarse completamente en la diversi\u00f3n y la competencia.","section_6_text_2":"Qu\u00e9 incluye:","section_6_usp_1_title":"Mismo City Game, completamente gestionado","section_6_usp_1_text":"Juegas exactamente la misma experiencia que en nuestra versi\u00f3n autoguiada, ahora con nuestros anfitriones guiando a tu grupo.","section_6_usp_2_title":"Clasificaci\u00f3n en vivo y ceremonia de premios","section_6_usp_2_text":"Para grupos grandes, nuestros anfitriones revelan las puntuaciones finales y anuncian al equipo ganador con un momento de premio divertido.","section_6_usp_3_title":"Inicio y final con anfitri\u00f3n","section_6_usp_3_text":"Damos la bienvenida a tu grupo, explicamos claramente el juego y terminamos con un cierre emocionante.","section_6_usp_4_title":"Soporte en tiempo real durante el juego","section_6_usp_4_text":"Nuestro equipo ayuda con dispositivos, problemas de la aplicaci\u00f3n y coordinaci\u00f3n a lo largo de la experiencia.","section_6_usp_5_title":"Tabletas incluidas (opcional)","section_6_usp_5_text":"Disponible para grupos que prefieren usar nuestros dispositivos en lugar de los suyos.","section_6_text_3":"Confiado por equipos de todo el mundo, desde peque\u00f1os grupos hasta grandes eventos corporativos.","section_6_cta":"Planifica tu evento de grupo","section_7_h2_reviews":"Lo que otros piensan de nuestros City Games","section_7_cta_1":"Todas las opiniones","section_7_cta_2":"Escribir una rese\u00f1a","section_8_h2_faq":"\u00bfTienes preguntas? \u00a1Tenemos respuestas!","section_8_text":"Consulta nuestras preguntas frecuentes y descubre todo lo que quieres saber. \u00bfTu pregunta no est\u00e1 entre ellas? No dudes en contactarnos.","section_8_cta_1":"Ver todas las preguntas frecuentes","section_8_cta_2":"Obtener soporte","section_8_question_1":"\u00bfQu\u00e9 son City Games en Hoorn?","section_8_answer_1":"Los City Games en Hoorn son <strong>experiencias interactivas y autoguiadas<\/strong> que te permiten explorar la ciudad mientras juegas.\r\n\r\nUsando tu smartphone, resuelves acertijos, completas desaf\u00edos y sigues la historia de tu City Game elegido mientras caminas por la ciudad.\r\n\r\nLos City Games combinan el trabajo en equipo, la resoluci\u00f3n de problemas y la exploraci\u00f3n al aire libre, lo que los convierte en una actividad divertida para visitantes, locales y grupos por igual.","section_8_question_2":"\u00bfNecesito una gu\u00eda para jugar un City Game en Hoorn?","section_8_answer_2":"<p class=\"kt-adv-heading2034_2420ea-ca wp-block-kadence-advancedheading\" data-kb-block=\"kb-adv-heading2034_2420ea-ca\">No, City Games en Hoorn son <strong>totalmente autoguiados<\/strong>. No necesitas una gu\u00eda, anfitri\u00f3n ni personal en el sitio para jugar. Todas las instrucciones y la jugabilidad se proporcionan digitalmente, permiti\u00e9ndote empezar y jugar de forma independiente usando tu propio smartphone.<\/p>\r\nEsta flexibilidad facilita adaptar City Games a tu propio horario.\r\n<p class=\"kt-adv-heading2034_cd3db2-33 wp-block-kadence-advancedheading hls-none\" data-kb-block=\"kb-adv-heading2034_cd3db2-33\">Para grupos grandes o eventos corporativos, tambi\u00e9n est\u00e1 disponible una versi\u00f3n completamente alojada de nuestros City Games, que incluye orientaci\u00f3n en el lugar, tabletas y soporte en vivo.<\/p>\r\n\u00bfPlaneando un grupo grande o un evento corporativo?","section_8_answer_2_cta":"Explora la experiencia del City Game alojada para grupos","section_8_question_3":"\u00bfCu\u00e1ndo podemos empezar a jugar un City Game en Hoorn?","section_8_answer_3":"Puedes empezar a jugar <strong>cuando te convenga<\/strong>! City Games en Hoorn no tienen horarios de inicio fijos, por lo que eres libre de comenzar en el momento que se ajuste a tus planes.\r\n\r\nDespu\u00e9s de la reserva, recibir\u00e1s instrucciones claras que explican c\u00f3mo y cu\u00e1ndo puedes empezar tu City Game!","section_8_question_4":"\u00bfCu\u00e1nto tiempo tarda un City Game en Hoorn?","section_8_answer_4":"Los City Games en Hoorn duran aproximadamente <strong>1,5 a 2 horas<\/strong> para completarse. La duraci\u00f3n exacta depende de tu ritmo, de cu\u00e1ntas pausas tomes y de cu\u00e1n r\u00e1pido resuelvas los acertijos y desaf\u00edos.\r\n\r\nPuedes jugar a tu propio ritmo y pausar el juego cuando quieras!","section_8_question_5":"\u00bfPodemos jugar un City Game en Hoorn con un grupo grande?","section_8_answer_5":"<p class=\"kt-adv-heading2034_97743b-76 wp-block-kadence-advancedheading\" data-kb-block=\"kb-adv-heading2034_97743b-76\">S\u00ed, City Games son adecuadas para <strong>grupos peque\u00f1os y equipos m\u00e1s grandes<\/strong>. Los grupos grandes pueden dividirse f\u00e1cilmente en equipos m\u00e1s peque\u00f1os y jugar el City Game al mismo tiempo, usando varios smartphones. Cada equipo juega de forma independiente, siguiendo el mismo concepto de juego y la misma historia.<\/p>\r\nEste formato funciona bien para grupos de amigos, familias y empresas, y convierte a City Games en una opci\u00f3n popular para salidas en equipo, eventos y actividades de teambuilding.\r\n<p class=\"kt-adv-heading2034_7442e3-e3 wp-block-kadence-advancedheading hls-none\" data-kb-block=\"kb-adv-heading2034_7442e3-e3\">Para grupos grandes o eventos corporativos, tambi\u00e9n est\u00e1 disponible una versi\u00f3n completamente alojada de nuestros City Games, que incluye orientaci\u00f3n en el lugar, tabletas y soporte en vivo.<\/p>\r\n\u00bfPlaneando un grupo grande o un evento corporativo?","section_8_answer_5_cta":"Explora la experiencia del City Game alojada para grupos","section_8_question_6":"\u00bfSon adecuados los City Games en Hoorn para turistas y locales?","section_8_answer_6":"S\u00ed, los City Games en Hoorn son adecuados para <strong>tanto turistas como locales<\/strong>. Los visitantes pueden experimentar la ciudad de forma interactiva, mientras que los locales pueden disfrutar de las calles familiares como escenario para un City Game.\r\n\r\nComo cada City Game se centra en la jugabilidad y la narrativa, la experiencia se siente fresca independientemente de cu\u00e1n bien conozcas la ciudad.","section_8_question_7":"\u00bfEst\u00e1n disponibles City Games en Hoorn en varios idiomas?","section_8_answer_7":"S\u00ed, los City Games en Hoorn est\u00e1n <strong>disponibles en varios idiomas<\/strong>. Puedes seleccionar tu idioma preferido antes o durante el juego, haciendo que City Games sean accesibles para visitantes internacionales y grupos multiling\u00fces.","section_8_question_8":"\u00bfQu\u00e9 necesitamos para jugar un City Game en Hoorn?","section_8_answer_8":"Para jugar un City Game en Hoorn, necesitas:","section_8_answer_8_usp_1":"Un smartphone con conexi\u00f3n a Internet","section_8_answer_8_usp_2":"Una bater\u00eda cargada","section_8_answer_8_usp_3":"Zapatos c\u00f3modos para andar","section_8_answer_8_2":"Todo el contenido del juego y las instrucciones se proporcionan digitalmente tras la reserva.","section_9_h2_instagram":"Ver m\u00e1s en Instagram","section_9_text":"Inspiraci\u00f3n de viaje, rompecabezas, tesoros escondidos y momentos de City Game, directamente de nuestra comunidad","section_9_cta":"S\u00edguenos en Instagram","section_10_h2_page_ending":"\u00bfListo para una aventura inolvidable en Hoorn?","section_10_text":"Explora Hoorn de una manera \u00fanica e interactiva con nuestros City Games. \u00a1Juega hoy y crea recuerdos duraderos!","section_10_cta":"Reserva tu City Game ahora","latitude":52.6406964,"longitude":5.0603242,"country":452,"map_enabled":true},"yoast_head":"<!-- This site is optimized with the Yoast SEO Premium plugin v26.2 (Yoast SEO v27.4) - https:\/\/yoast.com\/product\/yoast-seo-premium-wordpress\/ -->\n<title>City Game Hoorn - City Game<\/title>\n<meta name=\"robots\" content=\"index, follow, max-snippet:-1, max-image-preview:large, max-video-preview:-1\" \/>\n<link rel=\"canonical\" href=\"https:\/\/citygame.com\/es\/localizaciones\/city-game-los-paises-bajos\/city-game-hoorn-2\/\" \/>\n<meta property=\"og:locale\" content=\"es_ES\" \/>\n<meta property=\"og:type\" content=\"article\" \/>\n<meta property=\"og:title\" content=\"City Game Hoorn\" \/>\n<meta property=\"og:url\" content=\"https:\/\/citygame.com\/es\/localizaciones\/city-game-los-paises-bajos\/city-game-hoorn-2\/\" \/>\n<meta property=\"og:site_name\" content=\"City Game\" \/>\n<meta property=\"article:publisher\" content=\"https:\/\/www.facebook.com\/profile.php?id=100086426226253\" \/>\n<meta property=\"og:image\" content=\"https:\/\/citygame.com\/wp-content\/blogs.dir\/1\/files\/2026\/02\/hoorn-harbor-view-grote-kerk.jpg\" \/>\n\t<meta property=\"og:image:width\" content=\"1376\" \/>\n\t<meta property=\"og:image:height\" content=\"768\" \/>\n\t<meta property=\"og:image:type\" content=\"image\/jpeg\" \/>\n<meta name=\"twitter:card\" content=\"summary_large_image\" \/>\n<script type=\"application\/ld+json\" class=\"yoast-schema-graph\">{\"@context\":\"https:\\\/\\\/schema.org\",\"@graph\":[{\"@type\":\"WebPage\",\"@id\":\"https:\\\/\\\/citygame.com\\\/es\\\/localizaciones\\\/city-game-los-paises-bajos\\\/city-game-hoorn-2\\\/\",\"url\":\"https:\\\/\\\/citygame.com\\\/es\\\/localizaciones\\\/city-game-los-paises-bajos\\\/city-game-hoorn-2\\\/\",\"name\":\"City Game Hoorn - City Game\",\"isPartOf\":{\"@id\":\"https:\\\/\\\/citygame.com\\\/es\\\/#website\"},\"primaryImageOfPage\":{\"@id\":\"https:\\\/\\\/citygame.com\\\/es\\\/localizaciones\\\/city-game-los-paises-bajos\\\/city-game-hoorn-2\\\/#primaryimage\"},\"image\":{\"@id\":\"https:\\\/\\\/citygame.com\\\/es\\\/localizaciones\\\/city-game-los-paises-bajos\\\/city-game-hoorn-2\\\/#primaryimage\"},\"thumbnailUrl\":\"https:\\\/\\\/citygame.com\\\/wp-content\\\/blogs.dir\\\/1\\\/files\\\/2026\\\/02\\\/hoorn-harbor-view-grote-kerk.jpg\",\"datePublished\":\"2026-04-22T15:12:12+00:00\",\"breadcrumb\":{\"@id\":\"https:\\\/\\\/citygame.com\\\/es\\\/localizaciones\\\/city-game-los-paises-bajos\\\/city-game-hoorn-2\\\/#breadcrumb\"},\"inLanguage\":\"es\",\"potentialAction\":[{\"@type\":\"ReadAction\",\"target\":[\"https:\\\/\\\/citygame.com\\\/es\\\/localizaciones\\\/city-game-los-paises-bajos\\\/city-game-hoorn-2\\\/\"]}]},{\"@type\":\"ImageObject\",\"inLanguage\":\"es\",\"@id\":\"https:\\\/\\\/citygame.com\\\/es\\\/localizaciones\\\/city-game-los-paises-bajos\\\/city-game-hoorn-2\\\/#primaryimage\",\"url\":\"https:\\\/\\\/citygame.com\\\/wp-content\\\/blogs.dir\\\/1\\\/files\\\/2026\\\/02\\\/hoorn-harbor-view-grote-kerk.jpg\",\"contentUrl\":\"https:\\\/\\\/citygame.com\\\/wp-content\\\/blogs.dir\\\/1\\\/files\\\/2026\\\/02\\\/hoorn-harbor-view-grote-kerk.jpg\",\"width\":1376,\"height\":768,\"caption\":\"A scenic view of the historic harbor in Hoorn with traditional Dutch buildings and sailing ships.\"},{\"@type\":\"BreadcrumbList\",\"@id\":\"https:\\\/\\\/citygame.com\\\/es\\\/localizaciones\\\/city-game-los-paises-bajos\\\/city-game-hoorn-2\\\/#breadcrumb\",\"itemListElement\":[{\"@type\":\"ListItem\",\"position\":1,\"name\":\"Home\",\"item\":\"https:\\\/\\\/citygame.com\\\/es\\\/\"},{\"@type\":\"ListItem\",\"position\":2,\"name\":\"Localizaciones\",\"item\":\"https:\\\/\\\/citygame.com\\\/es\\\/localizaciones\\\/\"},{\"@type\":\"ListItem\",\"position\":3,\"name\":\"City Game Los Pa\u00edses Bajos\",\"item\":\"https:\\\/\\\/citygame.com\\\/es\\\/localizaciones\\\/city-game-los-paises-bajos\\\/\"},{\"@type\":\"ListItem\",\"position\":4,\"name\":\"City Game Hoorn\"}]},{\"@type\":\"WebSite\",\"@id\":\"https:\\\/\\\/citygame.com\\\/es\\\/#website\",\"url\":\"https:\\\/\\\/citygame.com\\\/es\\\/\",\"name\":\"City Game\",\"description\":\"\",\"publisher\":{\"@id\":\"https:\\\/\\\/citygame.com\\\/es\\\/#organization\"},\"alternateName\":\"citygame.com\",\"potentialAction\":[{\"@type\":\"SearchAction\",\"target\":{\"@type\":\"EntryPoint\",\"urlTemplate\":\"https:\\\/\\\/citygame.com\\\/es\\\/?s={search_term_string}\"},\"query-input\":{\"@type\":\"PropertyValueSpecification\",\"valueRequired\":true,\"valueName\":\"search_term_string\"}}],\"inLanguage\":\"es\"},{\"@type\":\"Organization\",\"@id\":\"https:\\\/\\\/citygame.com\\\/es\\\/#organization\",\"name\":\"City Game\",\"alternateName\":\"citygame.com\",\"url\":\"https:\\\/\\\/citygame.com\\\/es\\\/\",\"logo\":{\"@type\":\"ImageObject\",\"inLanguage\":\"es\",\"@id\":\"https:\\\/\\\/citygame.com\\\/es\\\/#\\\/schema\\\/logo\\\/image\\\/\",\"url\":\"https:\\\/\\\/citygame.com\\\/wp-content\\\/blogs.dir\\\/1\\\/files\\\/2025\\\/10\\\/CG_LOGO-City-Game.png\",\"contentUrl\":\"https:\\\/\\\/citygame.com\\\/wp-content\\\/blogs.dir\\\/1\\\/files\\\/2025\\\/10\\\/CG_LOGO-City-Game.png\",\"width\":351,\"height\":377,\"caption\":\"City Game\"},\"image\":{\"@id\":\"https:\\\/\\\/citygame.com\\\/es\\\/#\\\/schema\\\/logo\\\/image\\\/\"},\"sameAs\":[\"https:\\\/\\\/www.facebook.com\\\/profile.php?id=100086426226253\",\"https:\\\/\\\/www.instagram.com\\\/citygame_com\",\"https:\\\/\\\/www.tiktok.com\\\/@citygamecom\\\/\",\"https:\\\/\\\/www.linkedin.com\\\/company\\\/citygame-com\"],\"description\":\"Turn any city into a playground with our interactive City Games and self-guided tours. Fun, flexible, and ideal for groups and team building.\"}]}<\/script>\n<!-- \/ Yoast SEO Premium plugin. -->","yoast_head_json":{"title":"City Game Hoorn - City Game","robots":{"index":"index","follow":"follow","max-snippet":"max-snippet:-1","max-image-preview":"max-image-preview:large","max-video-preview":"max-video-preview:-1"},"canonical":"https:\/\/citygame.com\/es\/localizaciones\/city-game-los-paises-bajos\/city-game-hoorn-2\/","og_locale":"es_ES","og_type":"article","og_title":"City Game Hoorn","og_url":"https:\/\/citygame.com\/es\/localizaciones\/city-game-los-paises-bajos\/city-game-hoorn-2\/","og_site_name":"City Game","article_publisher":"https:\/\/www.facebook.com\/profile.php?id=100086426226253","og_image":[{"width":1376,"height":768,"url":"https:\/\/citygame.com\/wp-content\/blogs.dir\/1\/files\/2026\/02\/hoorn-harbor-view-grote-kerk.jpg","type":"image\/jpeg"}],"twitter_card":"summary_large_image","schema":{"@context":"https:\/\/schema.org","@graph":[{"@type":"WebPage","@id":"https:\/\/citygame.com\/es\/localizaciones\/city-game-los-paises-bajos\/city-game-hoorn-2\/","url":"https:\/\/citygame.com\/es\/localizaciones\/city-game-los-paises-bajos\/city-game-hoorn-2\/","name":"City Game Hoorn - City Game","isPartOf":{"@id":"https:\/\/citygame.com\/es\/#website"},"primaryImageOfPage":{"@id":"https:\/\/citygame.com\/es\/localizaciones\/city-game-los-paises-bajos\/city-game-hoorn-2\/#primaryimage"},"image":{"@id":"https:\/\/citygame.com\/es\/localizaciones\/city-game-los-paises-bajos\/city-game-hoorn-2\/#primaryimage"},"thumbnailUrl":"https:\/\/citygame.com\/wp-content\/blogs.dir\/1\/files\/2026\/02\/hoorn-harbor-view-grote-kerk.jpg","datePublished":"2026-04-22T15:12:12+00:00","breadcrumb":{"@id":"https:\/\/citygame.com\/es\/localizaciones\/city-game-los-paises-bajos\/city-game-hoorn-2\/#breadcrumb"},"inLanguage":"es","potentialAction":[{"@type":"ReadAction","target":["https:\/\/citygame.com\/es\/localizaciones\/city-game-los-paises-bajos\/city-game-hoorn-2\/"]}]},{"@type":"ImageObject","inLanguage":"es","@id":"https:\/\/citygame.com\/es\/localizaciones\/city-game-los-paises-bajos\/city-game-hoorn-2\/#primaryimage","url":"https:\/\/citygame.com\/wp-content\/blogs.dir\/1\/files\/2026\/02\/hoorn-harbor-view-grote-kerk.jpg","contentUrl":"https:\/\/citygame.com\/wp-content\/blogs.dir\/1\/files\/2026\/02\/hoorn-harbor-view-grote-kerk.jpg","width":1376,"height":768,"caption":"A scenic view of the historic harbor in Hoorn with traditional Dutch buildings and sailing ships."},{"@type":"BreadcrumbList","@id":"https:\/\/citygame.com\/es\/localizaciones\/city-game-los-paises-bajos\/city-game-hoorn-2\/#breadcrumb","itemListElement":[{"@type":"ListItem","position":1,"name":"Home","item":"https:\/\/citygame.com\/es\/"},{"@type":"ListItem","position":2,"name":"Localizaciones","item":"https:\/\/citygame.com\/es\/localizaciones\/"},{"@type":"ListItem","position":3,"name":"City Game Los Pa\u00edses Bajos","item":"https:\/\/citygame.com\/es\/localizaciones\/city-game-los-paises-bajos\/"},{"@type":"ListItem","position":4,"name":"City Game Hoorn"}]},{"@type":"WebSite","@id":"https:\/\/citygame.com\/es\/#website","url":"https:\/\/citygame.com\/es\/","name":"City Game","description":"","publisher":{"@id":"https:\/\/citygame.com\/es\/#organization"},"alternateName":"citygame.com","potentialAction":[{"@type":"SearchAction","target":{"@type":"EntryPoint","urlTemplate":"https:\/\/citygame.com\/es\/?s={search_term_string}"},"query-input":{"@type":"PropertyValueSpecification","valueRequired":true,"valueName":"search_term_string"}}],"inLanguage":"es"},{"@type":"Organization","@id":"https:\/\/citygame.com\/es\/#organization","name":"City Game","alternateName":"citygame.com","url":"https:\/\/citygame.com\/es\/","logo":{"@type":"ImageObject","inLanguage":"es","@id":"https:\/\/citygame.com\/es\/#\/schema\/logo\/image\/","url":"https:\/\/citygame.com\/wp-content\/blogs.dir\/1\/files\/2025\/10\/CG_LOGO-City-Game.png","contentUrl":"https:\/\/citygame.com\/wp-content\/blogs.dir\/1\/files\/2025\/10\/CG_LOGO-City-Game.png","width":351,"height":377,"caption":"City Game"},"image":{"@id":"https:\/\/citygame.com\/es\/#\/schema\/logo\/image\/"},"sameAs":["https:\/\/www.facebook.com\/profile.php?id=100086426226253","https:\/\/www.instagram.com\/citygame_com","https:\/\/www.tiktok.com\/@citygamecom\/","https:\/\/www.linkedin.com\/company\/citygame-com"],"description":"Turn any city into a playground with our interactive City Games and self-guided tours. Fun, flexible, and ideal for groups and team building."}]}},"taxonomy_info":{"cities-only-parent-location":[{"value":452,"label":"The Netherlands"}],"cg_page_type":[{"value":45,"label":"City overview page"}]},"featured_image_src_large":["https:\/\/citygame.com\/wp-content\/blogs.dir\/1\/files\/2026\/02\/hoorn-harbor-view-grote-kerk-1024x572.jpg",1024,572,true],"author_info":{"display_name":"Philip","author_link":"https:\/\/citygame.com\/es\/blog\/author\/sophi2\/"},"comment_info":0,"wpml_current_locale":"es_ES","wpml_translations":{"nl_NL":{"locale":"nl_NL","id":226325,"slug":"city-game-hoorn-2","post_title":"City Game Hoorn","href":"https:\/\/citygame.com\/nl\/locaties\/city-game-nederland\/city-game-hoorn-2\/"},"en_US":{"locale":"en_US","id":13332,"slug":"city-game-hoorn","post_title":"City Game Hoorn","href":"https:\/\/citygame.com\/locations\/the-netherlands\/city-game-hoorn\/"},"fr_FR":{"locale":"fr_FR","translation":false},"de_DE":{"locale":"de_DE","id":226333,"slug":"city-game-hoorn-2","post_title":"City Game Hoorn","href":"https:\/\/citygame.com\/de\/standorte\/city-game-die-niederlande\/city-game-hoorn-2\/"},"it_IT":{"locale":"it_IT","translation":false},"es_ES":{"locale":"es_ES","translation":"current"}},"_links":{"self":[{"href":"https:\/\/citygame.com\/es\/wp-json\/wp\/v2\/pages\/226339","targetHints":{"allow":["GET"]}}],"collection":[{"href":"https:\/\/citygame.com\/es\/wp-json\/wp\/v2\/pages"}],"about":[{"href":"https:\/\/citygame.com\/es\/wp-json\/wp\/v2\/types\/page"}],"author":[{"embeddable":true,"href":"https:\/\/citygame.com\/es\/wp-json\/wp\/v2\/users\/78"}],"replies":[{"embeddable":true,"href":"https:\/\/citygame.com\/es\/wp-json\/wp\/v2\/comments?post=226339"}],"version-history":[{"count":0,"href":"https:\/\/citygame.com\/es\/wp-json\/wp\/v2\/pages\/226339\/revisions"}],"up":[{"embeddable":true,"href":"https:\/\/citygame.com\/es\/wp-json\/wp\/v2\/pages\/227375"}],"acf:term":[{"embeddable":true,"taxonomy":"cities-only-parent-location","href":"https:\/\/citygame.com\/es\/wp-json\/wp\/v2\/cities-only-parent-location\/452"},{"embeddable":true,"taxonomy":"location","href":"https:\/\/citygame.com\/es\/wp-json\/wp\/v2\/location\/201"}],"wp:featuredmedia":[{"embeddable":true,"href":"https:\/\/citygame.com\/es\/wp-json\/wp\/v2\/media\/13327"}],"wp:attachment":[{"href":"https:\/\/citygame.com\/es\/wp-json\/wp\/v2\/media?parent=226339"}],"wp:term":[{"taxonomy":"cities-only-parent-location","embeddable":true,"href":"https:\/\/citygame.com\/es\/wp-json\/wp\/v2\/cities-only-parent-location?post=226339"},{"taxonomy":"countries-only-parent-locations","embeddable":true,"href":"https:\/\/citygame.com\/es\/wp-json\/wp\/v2\/countries-only-parent-locations?post=226339"},{"taxonomy":"seo_keyword","embeddable":true,"href":"https:\/\/citygame.com\/es\/wp-json\/wp\/v2\/seo_keyword?post=226339"},{"taxonomy":"cg_page_type","embeddable":true,"href":"https:\/\/citygame.com\/es\/wp-json\/wp\/v2\/cg_page_type?post=226339"}],"curies":[{"name":"wp","href":"https:\/\/api.w.org\/{rel}","templated":true}]}}