{"id":226654,"date":"2026-02-12T17:01:00","date_gmt":"2026-02-12T17:01:00","guid":{"rendered":"https:\/\/citygame.com\/locations\/new-zealand\/city-game-auckland-2\/"},"modified":"2026-04-22T19:56:21","modified_gmt":"2026-04-22T19:56:21","slug":"city-game-auckland-2","status":"publish","type":"page","link":"https:\/\/citygame.com\/es\/localizaciones\/city-game-new-zealand\/city-game-auckland-2\/","title":{"rendered":"City Game Auckland"},"content":{"rendered":"","protected":false},"excerpt":{"rendered":"","protected":false},"author":78,"featured_media":16352,"parent":226517,"menu_order":0,"comment_status":"closed","ping_status":"closed","template":"","meta":{"_acf_changed":false,"_yoast_wpseo_focuskw":"City Game Auckland","_yoast_wpseo_metadesc":"","_kad_blocks_custom_css":"","_kad_blocks_head_custom_js":"","_kad_blocks_body_custom_js":"","_kad_blocks_footer_custom_js":"","_kad_post_transparent":"","_kad_post_title":"","_kad_post_layout":"","_kad_post_sidebar_id":"","_kad_post_content_style":"","_kad_post_vertical_padding":"","_kad_post_feature":"","_kad_post_feature_position":"","_kad_post_header":false,"_kad_post_footer":false,"_kad_post_classname":"","footnotes":""},"cities-only-parent-location":[542],"countries-only-parent-locations":[],"seo_keyword":[],"cg_page_type":[45],"class_list":["post-226654","page","type-page","status-publish","has-post-thumbnail","hentry","cities-only-parent-location-new-zealand","cg_page_type-city-overview-page"],"acf":{"city_name":"Auckland","select_city":73,"section_1_h2_city_games_in_city":"City Games in Auckland","intro_text":"City Games are disponibles en Auckland, ofreciendo una forma interactiva de experimentar la ciudad a trav\u00e9s de la resoluci\u00f3n de acertijos y desaf\u00edos atractivos. Estos juegos autoguiados se juegan en tu smartphone, lo que te permite explorar a tu propio ritmo mientras realizas tareas y descubres pistas. Ya sea que conozcas Auckland o la visites, la jugabilidad se adapta a tu entorno a medida que te desplazas por la ciudad.","section_1_usp_1":"Comienza, pausa y contin\u00faa cuando quieras","section_1_usp_2":"Juega de forma independiente","section_1_usp_3":"1-4 o 2-5 personas por smartphone, dependiendo de tu juego","section_1_usp_4":"1,5-2 horas de juego","section_1_usp_5":"Distancia a pie de 3-4 km","section_1_usp_6":"Se requiere conexi\u00f3n a Internet","section_1_text_2":"\u00a1Elige tu City Game y comienza a jugar hoy!","section_1_cta":"Ver todos los City Games","intro_image":16353,"section_2_h2_all_city_games_in_city":"All City Games in Auckland","section_3_h2_how_city_games_work_in_city":"How City Games work in Auckland","section_3_text":"City Games in Auckland son experiencias totalmente autoguiadas que te permiten explorar la ciudad a tu propio ritmo. Usando tu propio smartphone, recorrer\u00e1s el centro de la ciudad mientras resuelves rompecabezas, completas desaf\u00edos y sigues la historia de tu City Game elegido.\r\n\r\nT\u00fa decides cu\u00e1ndo empezar, d\u00f3nde hacer pausas y qu\u00e9 tan r\u00e1pido juegas. No se necesita gu\u00eda, horario ni reserva.","section_3_usp_1":"Juega en equipos de amigos, familiares o colegas","section_3_usp_2":"Empieza cuando quieras, no se necesita gu\u00eda ni personal","section_3_usp_3":"Usa tu propio smartphone o tableta","section_3_usp_4":"Pasea por la ciudad mientras resuelves rompecabezas y desaf\u00edos","section_3_usp_5":"Aprende datos curiosos sobre historia, cultura y lugares emblem\u00e1ticos","section_3_usp_6":"Disponible en varios idiomas","section_3_cta":"Choose your City Game","section_3_step_1":"Step 1","section_3_step_1_title":"Book your City Game","section_3_step_1_text":"Choose your city and game and receive everything instantly after booking.","section_3_step_2":"Step 2","section_3_step_2_title":"Check your instructions","section_3_step_2_text":"Open your confirmation email with your starting point and how to start playing.","section_3_step_3":"Step 3","section_3_step_3_title":"Go to the starting location","section_3_step_3_text":"Head to the starting point whenever you want, no fixed time.","section_3_step_4":"Step 4","section_3_step_4_title":"Start playing","section_3_step_4_text":"Follow the clues, solve puzzles and explore the city at your own pace!","how_city_games_work_image":16354,"section_4_h2_who_are_city_games_in_city_for":"\u00bfPara qui\u00e9n son City Games in Auckland?","section_4_text":"City Games in Auckland est\u00e1n dise\u00f1adas para cualquiera que desee experimentar la ciudad de una manera interactiva y flexible. Ya sea que visites Auckland por primera vez o ya conozcas bien la ciudad, City Games ofrecen una actividad divertida que encaja f\u00e1cilmente en tu d\u00eda.","section_4_text_2":"City Games in Auckland son adecuadas para:","section_4_usp_1":"Jugadores solitarios o grupos peque\u00f1os que buscan una aventura flexible","section_4_usp_2":"Turistas que exploran Auckland","section_4_usp_3":"Amigos y familias buscando una actividad divertida","section_4_usp_4":"Empresas y equipos que planean un evento de teambuilding","section_4_usp_5":"Locales que quieren redescubrir su propia ciudad","section_4_cta":"Choose your City Game","who_are_city_games_for_image":16355,"section_5_h2_exploring_city":"Explorando Auckland","exploring_city_text":"Explorar Auckland revela una ciudad donde la naturaleza y la vida urbana est\u00e1n estrechamente entrelazadas. La zona del Viaduct Harbour ofrece una atm\u00f3sfera ribere\u00f1a distintiva, donde veleros bordean la marina y los paseos conectan restaurantes modernos con vistas al Waitemat\u0101 Harbour. Este entorno mar\u00edtimo a\u00f1ade una sensaci\u00f3n de apertura y movimiento, dando forma a c\u00f3mo las personas fluyen entre la tierra y el mar.\n\nM\u00e1s hacia el interior, el car\u00e1cter de la ciudad cambia alrededor de Karangahape Road, conocido localmente como K Road. Esta calle hist\u00f3rica combina energ\u00eda creativa con un pasado marcado por una arquitectura ecl\u00e9ctica y una escena callejera en constante cambio. Avanzar por Auckland significa experimentar estos contrastes\u2014donde la luz costera se encuentra con la crudeza del centro\u2014creando un ritmo \u00fanico para la geograf\u00eda y el paisaje cultural de la ciudad.","exploring_city_image":16356,"section_6_h2_hosted_game":"Your favourite City Games, professionally hosted by our team","section_6_text":"Disfruta de las mismas City Games que nuestra versi\u00f3n autoguiada, pero con soporte completo en el sitio de nuestros anfitriones profesionales. Nos encargamos de la sesi\u00f3n informativa, las tabletas, la coordinaci\u00f3n y el soporte t\u00e9cnico, para que tu grupo pueda centrarse por completo en la diversi\u00f3n y la competencia.","section_6_text_2":"What\u2019s included:","section_6_usp_1_title":"Same City Game, fully hosted","section_6_usp_1_text":"You play the exact same experience as our self-guided version, now with our hosts guiding your group.","section_6_usp_2_title":"Live ranking & prize ceremony","section_6_usp_2_text":"For larger groups, our hosts reveal the final scores and announce the winning team with a fun award moment.","section_6_usp_3_title":"Hosted start & finish","section_6_usp_3_text":"We welcome your group, explain the game clearly and end with an exciting wrap-up.","section_6_usp_4_title":"Real-time support during the game","section_6_usp_4_text":"Our team assists with devices, app issues and coordination throughout the experience.","section_6_usp_5_title":"Tablets included (optional)","section_6_usp_5_text":"Available for groups who prefer using our devices instead of their own.","section_6_text_3":"Trusted by teams worldwide, from small groups to large corporate events.","section_6_cta":"Plan your group event","section_7_h2_reviews":"Qu\u00e9 piensan otros de nuestros City Games","section_7_cta_1":"Todas las rese\u00f1as","section_7_cta_2":"Escribe una rese\u00f1a","section_8_h2_faq":"\u00bfTienes preguntas? \u00a1Tenemos respuestas!","section_8_text":"Consulta nuestras preguntas frecuentes y descubre todo lo que quieres saber. \u00bfTu pregunta no est\u00e1 entre ellas? No dudes en contactarnos.","section_8_cta_1":"Ver todas las preguntas frecuentes","section_8_cta_2":"Obt\u00e9n soporte","section_8_question_1":"\u00bfQu\u00e9 son City Games en Auckland?","section_8_answer_1":"City Games in Auckland son <strong>experiencias interactivas y autoguiadas<\/strong> que te permiten explorar la ciudad mientras juegas.\r\n\r\nUsando tu smartphone, resuelves rompecabezas, completas desaf\u00edos y sigues la historia de tu City Game elegida mientras recorres la ciudad.\r\n\r\nCity Games combinan trabajo en equipo, resoluci\u00f3n de problemas y exploraci\u00f3n al aire libre, lo que los convierte en una actividad divertida para visitantes, locales y grupos por igual.","section_8_question_2":"\u00bfNecesito una gu\u00eda para jugar un City Game en Auckland?","section_8_answer_2":"<p class=\"kt-adv-heading2034_2420ea-ca wp-block-kadence-advancedheading\" data-kb-block=\"kb-adv-heading2034_2420ea-ca\">No, City Games in Auckland son <strong>totalmente autoguiadas<\/strong>. No necesitas una gu\u00eda, anfitri\u00f3n ni personal en el sitio para jugar. Todas las instrucciones y la jugabilidad se proporcionan digitalmente, lo que te permite empezar y jugar de forma independiente usando tu propio smartphone.<\/p>rnEsta flexibilidad hace que City Games sea f\u00e1cil de adaptar a tu propio horario.rn<p class=\"kt-adv-heading2034_cd3db2-33 wp-block-kadence-advancedheading hls-none\" data-kb-block=\"kb-adv-heading2034_cd3db2-33\">Para grupos grandes o eventos corporativos, tambi\u00e9n est\u00e1 disponible una versi\u00f3n completamente alojada de nuestras City Games, que incluye orientaci\u00f3n en el sitio, tabletas y soporte en vivo.<\/p>rn\u00bfPlaneando un grupo grande o un evento corporativo?","section_8_answer_2_cta":"Explora la experiencia del City Game alojada para grupos","section_8_question_3":"\u00bfCu\u00e1ndo podemos empezar a jugar un City Game en Auckland?","section_8_answer_3":"Puedes empezar a jugar <strong>cuando te convenga<\/strong>! City Games in Auckland no tienen horarios de inicio fijos, as\u00ed que eres libre de comenzar en el momento que se ajuste a tus planes.rnrnDespu\u00e9s de reservar, recibir\u00e1s instrucciones claras que explican c\u00f3mo y cu\u00e1ndo puedes empezar tu City Game!","section_8_question_4":"\u00bfCu\u00e1nto tiempo tarda un City Game en Auckland?","section_8_answer_4":"Los City Games en Auckland tardan <strong>aproximadamente 1,5 a 2 horas<\/strong> en completarse. La duraci\u00f3n exacta depende de tu ritmo, cu\u00e1ntas pausas tomes y qu\u00e9 tan r\u00e1pido resuelvas los rompecabezas y desaf\u00edos.rnrnPuedes jugar a tu propio ritmo y pausar el juego cuando quieras!","section_8_question_5":"\u00bfPodemos jugar un City Game en Auckland con un grupo grande?","section_8_answer_5":"<p class=\"kt-adv-heading2034_97743b-76 wp-block-kadence-advancedheading\" data-kb-block=\"kb-adv-heading2034_97743b-76\">S\u00ed, City Games son adecuadas para <strong>tanto grupos peque\u00f1os como equipos grandes<\/strong>. Los grupos grandes pueden dividirse f\u00e1cilmente en equipos m\u00e1s peque\u00f1os y jugar el City Game al mismo tiempo, usando varios smartphones. Cada equipo juega de forma independiente, siguiendo el mismo concepto de juego y la historia.<\/p>rnEste esquema funciona bien para grupos de amigos, familias y empresas, y convierte a City Games en una opci\u00f3n popular para salidas de equipo, eventos y actividades de teambuilding.rn<p class=\"kt-adv-heading2034_7442e3-e3 wp-block-kadence-advancedheading hls-none\" data-kb-block=\"kb-adv-heading2034_7442e3-e3\">Para grupos m\u00e1s grandes o eventos corporativos, tambi\u00e9n est\u00e1 disponible una versi\u00f3n completamente alojada de nuestras City Games, que incluye orientaci\u00f3n en el lugar, tabletas y soporte en vivo.<\/p>rn\u00bfPlaneando un grupo grande o un evento corporativo?","section_8_answer_5_cta":"Explora la experiencia del City Game alojada para grupos","section_8_question_6":"\u00bfSon City Games en Auckland adecuados para turistas y locales?","section_8_answer_6":"S\u00ed, City Games in Auckland son adecuados para <strong>tanto turistas como locales<\/strong>. Los visitantes pueden experimentar la ciudad de forma interactiva, mientras que los locales pueden disfrutar de las calles familiares como el escenario de un City Game.rnrnComo cada City Game se centra en la jugabilidad y la narraci\u00f3n, la experiencia se siente fresca independientemente de cu\u00e1n bien conozcas ya la ciudad.","section_8_question_7":"\u00bfEst\u00e1n City Games en Auckland disponibles en varios idiomas?","section_8_answer_7":"S\u00ed, City Games in Auckland est\u00e1n <strong>disponibles en varios idiomas<\/strong>. Puedes seleccionar tu idioma preferido antes o durante el juego, haciendo que City Games sean accesibles para visitantes internacionales y grupos multiling\u00fces.","section_8_question_8":"\u00bfQu\u00e9 necesitamos para jugar un City Game en Auckland?","section_8_answer_8":"Para jugar un City Game en Auckland, necesitas:","section_8_answer_8_usp_1":"Un smartphone con conexi\u00f3n a Internet","section_8_answer_8_usp_2":"Una bater\u00eda cargada","section_8_answer_8_usp_3":"Zapatos c\u00f3modos para caminar","section_8_answer_8_2":"Todo el contenido y las instrucciones del juego se proporcionan digitalmente despu\u00e9s de la reserva.","section_9_h2_instagram":"Ver m\u00e1s en Instagram","section_9_text":"Inspiraci\u00f3n de viaje, rompecabezas, gemas ocultas y momentos de City Game, directamente de nuestra comunidad","section_9_cta":"S\u00edguenos en Instagram","section_10_h2_page_ending":"\u00bfListo para una aventura inolvidable en Auckland?","section_10_text":"Explora Auckland de una manera \u00fanica e interactiva con nuestros City Games. \u00a1Juega hoy y crea recuerdos duraderos!","section_10_cta":"Reserva tu City Game ahora","latitude":-36.8535634,"longitude":174.7630772,"country":542,"map_enabled":true},"yoast_head":"<!-- This site is optimized with the Yoast SEO Premium plugin v26.2 (Yoast SEO v27.4) - https:\/\/yoast.com\/product\/yoast-seo-premium-wordpress\/ -->\n<title>City Game Auckland - City Game<\/title>\n<meta name=\"robots\" content=\"index, follow, max-snippet:-1, max-image-preview:large, max-video-preview:-1\" \/>\n<link rel=\"canonical\" href=\"https:\/\/citygame.com\/es\/localizaciones\/city-game-new-zealand\/city-game-auckland-2\/\" \/>\n<meta property=\"og:locale\" content=\"es_ES\" \/>\n<meta property=\"og:type\" content=\"article\" \/>\n<meta property=\"og:title\" content=\"City Game Auckland\" \/>\n<meta property=\"og:url\" content=\"https:\/\/citygame.com\/es\/localizaciones\/city-game-new-zealand\/city-game-auckland-2\/\" \/>\n<meta property=\"og:site_name\" content=\"City Game\" \/>\n<meta property=\"article:publisher\" content=\"https:\/\/www.facebook.com\/profile.php?id=100086426226253\" \/>\n<meta property=\"article:modified_time\" content=\"2026-04-22T19:56:21+00:00\" \/>\n<meta property=\"og:image\" content=\"https:\/\/citygame.com\/wp-content\/blogs.dir\/1\/files\/2026\/03\/auckland-harbour-bridge-skyline-sunset.jpeg\" \/>\n\t<meta property=\"og:image:width\" content=\"1920\" \/>\n\t<meta property=\"og:image:height\" content=\"1079\" \/>\n\t<meta property=\"og:image:type\" content=\"image\/jpeg\" \/>\n<meta name=\"twitter:card\" content=\"summary_large_image\" \/>\n<script type=\"application\/ld+json\" class=\"yoast-schema-graph\">{\"@context\":\"https:\\\/\\\/schema.org\",\"@graph\":[{\"@type\":\"WebPage\",\"@id\":\"https:\\\/\\\/citygame.com\\\/es\\\/localizaciones\\\/city-game-new-zealand\\\/city-game-auckland-2\\\/\",\"url\":\"https:\\\/\\\/citygame.com\\\/es\\\/localizaciones\\\/city-game-new-zealand\\\/city-game-auckland-2\\\/\",\"name\":\"City Game Auckland - City Game\",\"isPartOf\":{\"@id\":\"https:\\\/\\\/citygame.com\\\/es\\\/#website\"},\"primaryImageOfPage\":{\"@id\":\"https:\\\/\\\/citygame.com\\\/es\\\/localizaciones\\\/city-game-new-zealand\\\/city-game-auckland-2\\\/#primaryimage\"},\"image\":{\"@id\":\"https:\\\/\\\/citygame.com\\\/es\\\/localizaciones\\\/city-game-new-zealand\\\/city-game-auckland-2\\\/#primaryimage\"},\"thumbnailUrl\":\"https:\\\/\\\/citygame.com\\\/wp-content\\\/blogs.dir\\\/1\\\/files\\\/2026\\\/03\\\/auckland-harbour-bridge-skyline-sunset.jpeg\",\"datePublished\":\"2026-02-12T17:01:00+00:00\",\"dateModified\":\"2026-04-22T19:56:21+00:00\",\"breadcrumb\":{\"@id\":\"https:\\\/\\\/citygame.com\\\/es\\\/localizaciones\\\/city-game-new-zealand\\\/city-game-auckland-2\\\/#breadcrumb\"},\"inLanguage\":\"es\",\"potentialAction\":[{\"@type\":\"ReadAction\",\"target\":[\"https:\\\/\\\/citygame.com\\\/es\\\/localizaciones\\\/city-game-new-zealand\\\/city-game-auckland-2\\\/\"]}]},{\"@type\":\"ImageObject\",\"inLanguage\":\"es\",\"@id\":\"https:\\\/\\\/citygame.com\\\/es\\\/localizaciones\\\/city-game-new-zealand\\\/city-game-auckland-2\\\/#primaryimage\",\"url\":\"https:\\\/\\\/citygame.com\\\/wp-content\\\/blogs.dir\\\/1\\\/files\\\/2026\\\/03\\\/auckland-harbour-bridge-skyline-sunset.jpeg\",\"contentUrl\":\"https:\\\/\\\/citygame.com\\\/wp-content\\\/blogs.dir\\\/1\\\/files\\\/2026\\\/03\\\/auckland-harbour-bridge-skyline-sunset.jpeg\",\"width\":1920,\"height\":1079,\"caption\":\"An aerial view of Auckland's Harbour Bridge and central business district at sunset. Photo: photonz (Unsplash)\"},{\"@type\":\"BreadcrumbList\",\"@id\":\"https:\\\/\\\/citygame.com\\\/es\\\/localizaciones\\\/city-game-new-zealand\\\/city-game-auckland-2\\\/#breadcrumb\",\"itemListElement\":[{\"@type\":\"ListItem\",\"position\":1,\"name\":\"Home\",\"item\":\"https:\\\/\\\/citygame.com\\\/es\\\/\"},{\"@type\":\"ListItem\",\"position\":2,\"name\":\"Localizaciones\",\"item\":\"https:\\\/\\\/citygame.com\\\/es\\\/localizaciones\\\/\"},{\"@type\":\"ListItem\",\"position\":3,\"name\":\"City Game New Zealand\",\"item\":\"https:\\\/\\\/citygame.com\\\/es\\\/localizaciones\\\/city-game-new-zealand\\\/\"},{\"@type\":\"ListItem\",\"position\":4,\"name\":\"City Game Auckland\"}]},{\"@type\":\"WebSite\",\"@id\":\"https:\\\/\\\/citygame.com\\\/es\\\/#website\",\"url\":\"https:\\\/\\\/citygame.com\\\/es\\\/\",\"name\":\"City Game\",\"description\":\"\",\"publisher\":{\"@id\":\"https:\\\/\\\/citygame.com\\\/es\\\/#organization\"},\"alternateName\":\"citygame.com\",\"potentialAction\":[{\"@type\":\"SearchAction\",\"target\":{\"@type\":\"EntryPoint\",\"urlTemplate\":\"https:\\\/\\\/citygame.com\\\/es\\\/?s={search_term_string}\"},\"query-input\":{\"@type\":\"PropertyValueSpecification\",\"valueRequired\":true,\"valueName\":\"search_term_string\"}}],\"inLanguage\":\"es\"},{\"@type\":\"Organization\",\"@id\":\"https:\\\/\\\/citygame.com\\\/es\\\/#organization\",\"name\":\"City Game\",\"alternateName\":\"citygame.com\",\"url\":\"https:\\\/\\\/citygame.com\\\/es\\\/\",\"logo\":{\"@type\":\"ImageObject\",\"inLanguage\":\"es\",\"@id\":\"https:\\\/\\\/citygame.com\\\/es\\\/#\\\/schema\\\/logo\\\/image\\\/\",\"url\":\"https:\\\/\\\/citygame.com\\\/wp-content\\\/blogs.dir\\\/1\\\/files\\\/2025\\\/10\\\/CG_LOGO-City-Game.png\",\"contentUrl\":\"https:\\\/\\\/citygame.com\\\/wp-content\\\/blogs.dir\\\/1\\\/files\\\/2025\\\/10\\\/CG_LOGO-City-Game.png\",\"width\":351,\"height\":377,\"caption\":\"City Game\"},\"image\":{\"@id\":\"https:\\\/\\\/citygame.com\\\/es\\\/#\\\/schema\\\/logo\\\/image\\\/\"},\"sameAs\":[\"https:\\\/\\\/www.facebook.com\\\/profile.php?id=100086426226253\",\"https:\\\/\\\/www.instagram.com\\\/citygame_com\",\"https:\\\/\\\/www.tiktok.com\\\/@citygamecom\\\/\",\"https:\\\/\\\/www.linkedin.com\\\/company\\\/citygame-com\"],\"description\":\"Turn any city into a playground with our interactive City Games and self-guided tours. Fun, flexible, and ideal for groups and team building.\"}]}<\/script>\n<!-- \/ Yoast SEO Premium plugin. -->","yoast_head_json":{"title":"City Game Auckland - City Game","robots":{"index":"index","follow":"follow","max-snippet":"max-snippet:-1","max-image-preview":"max-image-preview:large","max-video-preview":"max-video-preview:-1"},"canonical":"https:\/\/citygame.com\/es\/localizaciones\/city-game-new-zealand\/city-game-auckland-2\/","og_locale":"es_ES","og_type":"article","og_title":"City Game Auckland","og_url":"https:\/\/citygame.com\/es\/localizaciones\/city-game-new-zealand\/city-game-auckland-2\/","og_site_name":"City Game","article_publisher":"https:\/\/www.facebook.com\/profile.php?id=100086426226253","article_modified_time":"2026-04-22T19:56:21+00:00","og_image":[{"width":1920,"height":1079,"url":"https:\/\/citygame.com\/wp-content\/blogs.dir\/1\/files\/2026\/03\/auckland-harbour-bridge-skyline-sunset.jpeg","type":"image\/jpeg"}],"twitter_card":"summary_large_image","schema":{"@context":"https:\/\/schema.org","@graph":[{"@type":"WebPage","@id":"https:\/\/citygame.com\/es\/localizaciones\/city-game-new-zealand\/city-game-auckland-2\/","url":"https:\/\/citygame.com\/es\/localizaciones\/city-game-new-zealand\/city-game-auckland-2\/","name":"City Game Auckland - City Game","isPartOf":{"@id":"https:\/\/citygame.com\/es\/#website"},"primaryImageOfPage":{"@id":"https:\/\/citygame.com\/es\/localizaciones\/city-game-new-zealand\/city-game-auckland-2\/#primaryimage"},"image":{"@id":"https:\/\/citygame.com\/es\/localizaciones\/city-game-new-zealand\/city-game-auckland-2\/#primaryimage"},"thumbnailUrl":"https:\/\/citygame.com\/wp-content\/blogs.dir\/1\/files\/2026\/03\/auckland-harbour-bridge-skyline-sunset.jpeg","datePublished":"2026-02-12T17:01:00+00:00","dateModified":"2026-04-22T19:56:21+00:00","breadcrumb":{"@id":"https:\/\/citygame.com\/es\/localizaciones\/city-game-new-zealand\/city-game-auckland-2\/#breadcrumb"},"inLanguage":"es","potentialAction":[{"@type":"ReadAction","target":["https:\/\/citygame.com\/es\/localizaciones\/city-game-new-zealand\/city-game-auckland-2\/"]}]},{"@type":"ImageObject","inLanguage":"es","@id":"https:\/\/citygame.com\/es\/localizaciones\/city-game-new-zealand\/city-game-auckland-2\/#primaryimage","url":"https:\/\/citygame.com\/wp-content\/blogs.dir\/1\/files\/2026\/03\/auckland-harbour-bridge-skyline-sunset.jpeg","contentUrl":"https:\/\/citygame.com\/wp-content\/blogs.dir\/1\/files\/2026\/03\/auckland-harbour-bridge-skyline-sunset.jpeg","width":1920,"height":1079,"caption":"An aerial view of Auckland's Harbour Bridge and central business district at sunset. Photo: photonz (Unsplash)"},{"@type":"BreadcrumbList","@id":"https:\/\/citygame.com\/es\/localizaciones\/city-game-new-zealand\/city-game-auckland-2\/#breadcrumb","itemListElement":[{"@type":"ListItem","position":1,"name":"Home","item":"https:\/\/citygame.com\/es\/"},{"@type":"ListItem","position":2,"name":"Localizaciones","item":"https:\/\/citygame.com\/es\/localizaciones\/"},{"@type":"ListItem","position":3,"name":"City Game New Zealand","item":"https:\/\/citygame.com\/es\/localizaciones\/city-game-new-zealand\/"},{"@type":"ListItem","position":4,"name":"City Game Auckland"}]},{"@type":"WebSite","@id":"https:\/\/citygame.com\/es\/#website","url":"https:\/\/citygame.com\/es\/","name":"City Game","description":"","publisher":{"@id":"https:\/\/citygame.com\/es\/#organization"},"alternateName":"citygame.com","potentialAction":[{"@type":"SearchAction","target":{"@type":"EntryPoint","urlTemplate":"https:\/\/citygame.com\/es\/?s={search_term_string}"},"query-input":{"@type":"PropertyValueSpecification","valueRequired":true,"valueName":"search_term_string"}}],"inLanguage":"es"},{"@type":"Organization","@id":"https:\/\/citygame.com\/es\/#organization","name":"City Game","alternateName":"citygame.com","url":"https:\/\/citygame.com\/es\/","logo":{"@type":"ImageObject","inLanguage":"es","@id":"https:\/\/citygame.com\/es\/#\/schema\/logo\/image\/","url":"https:\/\/citygame.com\/wp-content\/blogs.dir\/1\/files\/2025\/10\/CG_LOGO-City-Game.png","contentUrl":"https:\/\/citygame.com\/wp-content\/blogs.dir\/1\/files\/2025\/10\/CG_LOGO-City-Game.png","width":351,"height":377,"caption":"City Game"},"image":{"@id":"https:\/\/citygame.com\/es\/#\/schema\/logo\/image\/"},"sameAs":["https:\/\/www.facebook.com\/profile.php?id=100086426226253","https:\/\/www.instagram.com\/citygame_com","https:\/\/www.tiktok.com\/@citygamecom\/","https:\/\/www.linkedin.com\/company\/citygame-com"],"description":"Turn any city into a playground with our interactive City Games and self-guided tours. Fun, flexible, and ideal for groups and team building."}]}},"taxonomy_info":{"cities-only-parent-location":[{"value":542,"label":"New-zealand"}],"cg_page_type":[{"value":45,"label":"City overview page"}]},"featured_image_src_large":["https:\/\/citygame.com\/wp-content\/blogs.dir\/1\/files\/2026\/03\/auckland-harbour-bridge-skyline-sunset-1024x575.jpeg",1024,575,true],"author_info":{"display_name":"Philip","author_link":"https:\/\/citygame.com\/es\/blog\/author\/sophi2\/"},"comment_info":0,"wpml_current_locale":"es_ES","wpml_translations":{"nl_NL":{"locale":"nl_NL","id":226647,"slug":"city-game-auckland-2","post_title":"City Game Auckland","href":"https:\/\/citygame.com\/nl\/locaties\/city-game-new-zealand\/city-game-auckland-2\/"},"en_US":{"locale":"en_US","id":13138,"slug":"city-game-auckland","post_title":"City Game Auckland","href":"https:\/\/citygame.com\/locations\/new-zealand\/city-game-auckland\/"},"fr_FR":{"locale":"fr_FR","id":226657,"slug":"city-game-auckland-2","post_title":"City Game Auckland","href":"https:\/\/citygame.com\/fr\/emplacements\/city-game-nouvelle-zelande\/city-game-auckland-2\/"},"de_DE":{"locale":"de_DE","id":226650,"slug":"city-game-auckland-2","post_title":"City Game Auckland","href":"https:\/\/citygame.com\/de\/standorte\/city-game-neuseeland\/city-game-auckland-2\/"},"it_IT":{"locale":"it_IT","id":226660,"slug":"city-game-auckland-2","post_title":"City Game Auckland","href":"https:\/\/citygame.com\/it\/luoghi\/city-game-new-zealand\/city-game-auckland-2\/"},"es_ES":{"locale":"es_ES","translation":"current"}},"_links":{"self":[{"href":"https:\/\/citygame.com\/es\/wp-json\/wp\/v2\/pages\/226654","targetHints":{"allow":["GET"]}}],"collection":[{"href":"https:\/\/citygame.com\/es\/wp-json\/wp\/v2\/pages"}],"about":[{"href":"https:\/\/citygame.com\/es\/wp-json\/wp\/v2\/types\/page"}],"author":[{"embeddable":true,"href":"https:\/\/citygame.com\/es\/wp-json\/wp\/v2\/users\/78"}],"replies":[{"embeddable":true,"href":"https:\/\/citygame.com\/es\/wp-json\/wp\/v2\/comments?post=226654"}],"version-history":[{"count":0,"href":"https:\/\/citygame.com\/es\/wp-json\/wp\/v2\/pages\/226654\/revisions"}],"up":[{"embeddable":true,"href":"https:\/\/citygame.com\/es\/wp-json\/wp\/v2\/pages\/226517"}],"acf:term":[{"embeddable":true,"taxonomy":"cities-only-parent-location","href":"https:\/\/citygame.com\/es\/wp-json\/wp\/v2\/cities-only-parent-location\/542"},{"embeddable":true,"taxonomy":"location","href":"https:\/\/citygame.com\/es\/wp-json\/wp\/v2\/location\/73"}],"wp:featuredmedia":[{"embeddable":true,"href":"https:\/\/citygame.com\/es\/wp-json\/wp\/v2\/media\/16352"}],"wp:attachment":[{"href":"https:\/\/citygame.com\/es\/wp-json\/wp\/v2\/media?parent=226654"}],"wp:term":[{"taxonomy":"cities-only-parent-location","embeddable":true,"href":"https:\/\/citygame.com\/es\/wp-json\/wp\/v2\/cities-only-parent-location?post=226654"},{"taxonomy":"countries-only-parent-locations","embeddable":true,"href":"https:\/\/citygame.com\/es\/wp-json\/wp\/v2\/countries-only-parent-locations?post=226654"},{"taxonomy":"seo_keyword","embeddable":true,"href":"https:\/\/citygame.com\/es\/wp-json\/wp\/v2\/seo_keyword?post=226654"},{"taxonomy":"cg_page_type","embeddable":true,"href":"https:\/\/citygame.com\/es\/wp-json\/wp\/v2\/cg_page_type?post=226654"}],"curies":[{"name":"wp","href":"https:\/\/api.w.org\/{rel}","templated":true}]}}