{"id":226723,"date":"2026-03-17T12:09:00","date_gmt":"2026-03-17T12:09:00","guid":{"rendered":"https:\/\/citygame.com\/book\/reserva-city-games-en-indonesia\/"},"modified":"2026-04-23T07:43:21","modified_gmt":"2026-04-23T07:43:21","slug":"reserva-city-games-en-indonesia","status":"publish","type":"page","link":"https:\/\/citygame.com\/es\/prenota-il-tuo-city-game\/reserva-city-games-en-indonesia\/","title":{"rendered":"Reserva City Games en Indonesia"},"content":{"rendered":"","protected":false},"excerpt":{"rendered":"","protected":false},"author":78,"featured_media":6604,"parent":225832,"menu_order":0,"comment_status":"closed","ping_status":"closed","template":"","meta":{"_acf_changed":false,"_yoast_wpseo_focuskw":"Reserva City Games en Indonesia","_yoast_wpseo_metadesc":"","_kad_blocks_custom_css":"","_kad_blocks_head_custom_js":"","_kad_blocks_body_custom_js":"","_kad_blocks_footer_custom_js":"","_kad_post_transparent":"","_kad_post_title":"","_kad_post_layout":"","_kad_post_sidebar_id":"","_kad_post_content_style":"","_kad_post_vertical_padding":"","_kad_post_feature":"","_kad_post_feature_position":"","_kad_post_header":false,"_kad_post_footer":false,"_kad_post_classname":"","footnotes":""},"cities-only-parent-location":[],"countries-only-parent-locations":[],"seo_keyword":[],"cg_page_type":[636],"class_list":["post-226723","page","type-page","status-publish","has-post-thumbnail","hentry","cg_page_type-book-in-country-page"],"acf":{"country_name":"Indonesia","select_country":483,"hero_h2":"Reserva un City Game en Indonesia","hero_text":"Juega un City Game en ciudades de Indonesia y explora cada destino de una manera divertida e interactiva. Resuelve rompecabezas, completa desaf\u00edos y descubre la ciudad mientras recorres sus calles y lugares emblem\u00e1ticos. Elige tu ciudad a continuaci\u00f3n y comienza tu aventura.","hero_cta":"Todos los destinos en Indonesia","section_2_h2_all_locations_in_country":"Todas las ubicaciones en Indonesia","section_3_h2_book_your_city_game_in_country":"Reserva tu City Game en Indonesia en solo unos pasos","section_3_text":"Comenzar es f\u00e1cil. Elige tu City Game en Indonesia, reserva tu aventura y empieza a jugar cuando te convenga. Todo lo que necesitas te ser\u00e1 enviado de inmediato despu\u00e9s de la reserva: no se requiere gu\u00eda, no hay horarios de inicio r\u00edgidos, solo tu equipo y la ciudad.","section_3_usp_1":"1.5\u20132 horas de juego","section_3_usp_2":"3\u20134 km de recorrido a pie por la ciudad","section_3_usp_3":"Empieza, pausa y contin\u00faa cuando quieras","section_3_usp_4":"1\u20134 o 2\u20135 personas por tel\u00e9fono inteligente, dependiendo de tu juego","section_3_usp_5":"Juega de forma independiente con tu propio dispositivo","section_3_usp_6":"Conexi\u00f3n a Internet requerida durante el juego","section_3_cta":"Elige tu ciudad","section_3_step_1":"Paso 1","section_3_step_1_title":"Elige tu ciudad y City Game","section_3_step_1_text":"Selecciona la ciudad en la que quieres jugar y reserva tu City Game en l\u00ednea en solo unos clics.","section_3_step_2":"Paso 2","section_3_step_2_title":"Recibe las instrucciones de tu City Game","section_3_step_2_text":"Despu\u00e9s de la reserva recibir\u00e1s instant\u00e1neamente un correo electr\u00f3nico con todas las instrucciones y acceso al juego.","section_3_step_3":"Paso 3","section_3_step_3_title":"Dir\u00edgete al lugar de inicio","section_3_step_3_text":"Dir\u00edgete al punto de inicio en la ciudad cuando te convenga. No hay horarios de inicio fijos.","section_3_step_4":"Paso 4","section_3_step_4_title":"Inicia tu City Game","section_3_step_4_text":"Sigue las pistas, resuelve acertijos y descubre la ciudad mientras completas divertidos desaf\u00edos a lo largo de la ruta.","section_4_h2_why_players_love":"Por qu\u00e9 a los jugadores les encantan City Games en Indonesia","section_4_usp_1_title":"Explora ciudades de una manera \u00fanica","section_4_usp_1_text":"Descubre lugares emblem\u00e1ticos, calles ocultas y lugares sorprendentes mientras resuelves acertijos y cumples desaf\u00edos.","section_4_usp_2_title":"Juega cuando te convenga","section_4_usp_2_text":"No hay horarios de inicio fijos. Comienza, pausa y contin\u00faa el juego cuando quieras durante tu d\u00eda en la ciudad.","section_4_usp_3_title":"Diversi\u00f3n para parejas, amigos y equipos","section_4_usp_3_text":"City Games son perfectos para parejas, grupos de amigos, familias o colegas que buscan una actividad divertida e interactiva.","section_4_usp_4_title":"Una mezcla de rompecabezas y descubrimiento","section_4_usp_4_text":"Resuelve acertijos, completa misiones y descubre pistas mientras exploras la ciudad paso a paso.","section_4_usp_5_title":"Juega a tu propio ritmo","section_4_usp_5_text":"T\u00f3mate un descanso para beber, explora tiendas o disfruta del paisaje. El juego se adapta a tu ritmo.","section_4_usp_6_title":"Disponible en ciudades de todo el mundo","section_4_usp_6_text":"City Games est\u00e1n disponibles en cientos de ciudades de todo el mundo, lo que los convierte en una actividad perfecta para viajeros y locales por igual.","section_4_cta":"Encuentra un City Game en tu ciudad","section_5_h2_reviews":"What others think of our City Games","section_5_cta_1":"Todas las rese\u00f1as","section_5_cta_2":"Escribir una rese\u00f1a","section_6_h2_hosted_game":"Tus City Games favoritas, presentadas profesionalmente por nuestro equipo","section_6_text":"Disfruta de los mismos City Games que nuestra versi\u00f3n autoguiada, pero con pleno soporte in situ de nuestros anfitriones profesionales. Nos encargamos del briefing, las tabletas, la coordinaci\u00f3n y el soporte t\u00e9cnico, para que tu grupo pueda enfocarse por completo en la diversi\u00f3n y la competencia.","section_6_text_2":"Qu\u00e9 incluye:","section_6_usp_1_title":"Mismo City Game, completamente gestionado","section_6_usp_1_text":"Juegas la misma experiencia exacta que en nuestra versi\u00f3n autoguiada, ahora con nuestros anfitriones guiando a tu grupo.","section_6_usp_2_title":"Clasificaci\u00f3n en vivo y ceremonia de premios","section_6_usp_2_text":"Para grupos grandes, nuestros anfitriones revelan las puntuaciones finales y anuncian al equipo ganador con un momento de premio divertido.","section_6_usp_3_title":"Inicio y fin con anfitriones","section_6_usp_3_text":"Damos la bienvenida a tu grupo, explicamos claramente el juego y terminamos con un cierre emocionante.","section_6_usp_4_title":"Soporte en tiempo real durante el juego","section_6_usp_4_text":"Nuestro equipo ayuda con dispositivos, problemas de la app y coordinaci\u00f3n a lo largo de la experiencia.","section_6_usp_5_text":"Disponible para grupos que prefieren usar nuestros dispositivos en lugar de los suyos.","section_6_usp_5_title":"Tabletas incluidas (opcional)","section_6_text_3":"Confiado por equipos de todo el mundo, desde peque\u00f1os grupos hasta grandes eventos corporativos.","section_6_cta":"Planifica tu evento en grupo","section_7_h2_faq":"\u00bfTienes preguntas? \u00a1Tenemos respuestas!","section_7_text":"Consulta nuestras preguntas frecuentes y descubre todo lo que quieres saber. \u00bfTu pregunta no est\u00e1 entre ellas? No dudes en contactarnos.","section_7_cta_1":"Ver todas las preguntas frecuentes","section_7_cta_2":"Obtener ayuda","section_7_question_1":"\u00bfC\u00f3mo funciona la reserva de un City Game?","section_7_answer_1":"Reservar un City Game en Indonesia es r\u00e1pido y f\u00e1cil. Elige la ciudad en la que quieres jugar, selecciona tu juego preferido y completa la reserva en l\u00ednea. Despu\u00e9s del pago recibir\u00e1s de inmediato un correo electr\u00f3nico con las instrucciones del juego. Una vez que llegues al lugar de inicio, podr\u00e1s comenzar el juego en tu smartphone cuando te convenga.","section_7_question_2":"\u00bfPuedo empezar el City Game en Indonesia inmediatamente despu\u00e9s de la reserva?","section_7_answer_2":"S\u00ed. Despu\u00e9s de completar la reserva recibir\u00e1s <strong>inmediatamente las instrucciones por correo electr\u00f3nico<\/strong>. En la mayor\u00eda de los casos puedes empezar a jugar en unos minutos, tan pronto como llegues al lugar de inicio en Indonesia y abras el juego en tu smartphone.","section_7_question_3":"\u00bfNecesito reservar una hora de inicio espec\u00edfica?","section_7_answer_3":"No, <strong>los City Games no tienen horarios de inicio fijos<\/strong>. Durante la reserva seleccionas una fecha para fines administrativos, pero puedes empezar el juego cuando quieras dentro del periodo de validez de tu reserva.","section_7_question_4":"\u00bfCu\u00e1nto tiempo dura un City Game en Indonesia?","section_7_answer_4":"La mayor\u00eda de City Games en Indonesia duran <strong>aproximadamente 1.5 a 2 horas<\/strong> para completar. La ruta usualmente <strong>recorre 3 a 4 kil\u00f3metros<\/strong> a trav\u00e9s de la ciudad. Siempre puedes pausar el juego durante tu aventura y continuar m\u00e1s tarde si quieres tomar un descanso.","section_7_question_5":"\u00bfCu\u00e1ntas personas pueden jugar un City Game en Indonesia?","section_7_answer_5":"Puedes jugar <strong>solo o en grupo<\/strong>. Para la mejor experiencia recomendamos 1\u20134 o 2\u20135 jugadores (dependiendo de tu juego) por smartphone. Grupos mayores pueden dividirse en varios equipos y competir entre s\u00ed.","section_7_question_6":"\u00bfTodos los jugadores necesitan su propio smartphone?","section_7_answer_6":"No. Un City Game se juega en <strong>un smartphone por equipo<\/strong>. Si juegas con un grupo m\u00e1s grande, simplemente puedes crear varios equipos usando varios smartphones.","section_7_question_7":"\u00bfQu\u00e9 necesito para jugar el juego en Indonesia?","section_7_answer_7":"Todo lo que necesitas es:","section_7_answer_7_usp_1":"Un smartphone","section_7_answer_7_usp_2":"Una conexi\u00f3n a Internet","section_7_answer_7_usp_3":"Una bater\u00eda completamente cargada","section_7_answer_7_2":"Despu\u00e9s de la reserva recibir\u00e1s instrucciones que explican c\u00f3mo acceder al juego en tu tel\u00e9fono.","section_7_question_8":"\u00bfPuedo jugar el juego de forma espont\u00e1nea?","section_7_answer_8":"S\u00ed. Aunque debes completar la reserva primero, recibir\u00e1s las instrucciones inmediatamente despu\u00e9s del pago. Esto significa que puedes decidir jugar espont\u00e1neamente y empezar en cuesti\u00f3n de minutos.","section_7_question_9":"\u00bfCu\u00e1nto tiempo es v\u00e1lida mi reserva?","section_7_answer_9":"Despu\u00e9s de la compra, tu City Game permanece <strong>v\u00e1lido por 365 d\u00edas<\/strong>. Esto te da mucha flexibilidad para decidir cu\u00e1ndo quieres jugar.","section_7_question_10":"\u00bfPuedo regalar un City Game en Indonesia?","section_7_answer_10":"S\u00ed. Un City Game es un regalo estupendo para amigos, familia o colegas. Puedes comprar una tarjeta regalo City Game, que permite al destinatario elegir su ciudad y juego preferidos.","section_7_answer_10_cta":"Comprar una tarjeta regalo","section_7_question_11":"\u00bfQu\u00e9 pasa si accidentalmente reserv\u00e9 la ciudad o el juego incorrectos?","section_7_answer_11":"Si cometiste un error durante la reserva, por favor cont\u00e1ctanos <strong>lo antes posible<\/strong>. En muchos casos podemos ajustar la reserva a la ciudad, idioma o juego correctos.","section_7_answer_11_cta":"Contacta con nosotros","section_7_question_12":"\u00bfExisten costos adicionales al reservar un City Game en Indonesia?","section_7_answer_12":"No. El precio mostrado durante la compra es el precio total. No hay tarifas ocultas ni costos de reserva.","section_7_question_13":"\u00bfQu\u00e9 m\u00e9todos de pago puedo usar?","section_7_answer_13":"Ofrecemos <strong>una amplia gama de m\u00e9todos de pago seg\u00fan tu ubicaci\u00f3n<\/strong>, incluyendo tarjetas de cr\u00e9dito y varias opciones de pago internacionales. Durante la compra ver\u00e1s autom\u00e1ticamente los m\u00e9todos de pago disponibles en tu regi\u00f3n.","section_7_question_14":"\u00bfPueden las empresas o grandes grupos reservar un City Game?","section_7_answer_14":"S\u00ed. Las empresas y grandes grupos pueden reservar una experiencia City Game con anfitriones y gu\u00eda. Esta opci\u00f3n es perfecta para eventos de team building, salidas corporativas o actividades de gran grupo.","section_7_answer_14_cta":"Explora la experiencia City Game con anfitriones para grupos","section_8_h2_page_ending":"\u00bfListo para una aventura inolvidable?","section_8_text":"Explora ciudades de una manera divertida e interactiva con nuestros City Games. Resuelve acertijos, descubre lugares ocultos y disfruta de la ciudad mientras juegas con amigos, familia o colegas, cuando te convenga.","section_8_cta":"Encuentra un City Game cerca de ti"},"yoast_head":"<!-- This site is optimized with the Yoast SEO Premium plugin v26.2 (Yoast SEO v27.4) - https:\/\/yoast.com\/product\/yoast-seo-premium-wordpress\/ -->\n<title>Reserva City Games en Indonesia - City Game<\/title>\n<meta name=\"robots\" content=\"index, follow, max-snippet:-1, max-image-preview:large, max-video-preview:-1\" \/>\n<link rel=\"canonical\" href=\"https:\/\/citygame.com\/es\/prenota-il-tuo-city-game\/reserva-city-games-en-indonesia\/\" \/>\n<meta property=\"og:locale\" content=\"es_ES\" \/>\n<meta property=\"og:type\" content=\"article\" \/>\n<meta property=\"og:title\" content=\"Reserva City Games en Indonesia\" \/>\n<meta property=\"og:url\" content=\"https:\/\/citygame.com\/es\/prenota-il-tuo-city-game\/reserva-city-games-en-indonesia\/\" \/>\n<meta property=\"og:site_name\" content=\"City Game\" \/>\n<meta property=\"article:publisher\" content=\"https:\/\/www.facebook.com\/profile.php?id=100086426226253\" \/>\n<meta property=\"article:modified_time\" content=\"2026-04-23T07:43:21+00:00\" \/>\n<meta property=\"og:image\" content=\"https:\/\/citygame.com\/wp-content\/blogs.dir\/1\/files\/2026\/01\/indonesia-bromo-tengger-semeru-park.jpg\" \/>\n\t<meta property=\"og:image:width\" content=\"1376\" \/>\n\t<meta property=\"og:image:height\" content=\"768\" \/>\n\t<meta property=\"og:image:type\" content=\"image\/jpeg\" \/>\n<meta name=\"twitter:card\" content=\"summary_large_image\" \/>\n<script type=\"application\/ld+json\" class=\"yoast-schema-graph\">{\"@context\":\"https:\\\/\\\/schema.org\",\"@graph\":[{\"@type\":\"WebPage\",\"@id\":\"https:\\\/\\\/citygame.com\\\/es\\\/prenota-il-tuo-city-game\\\/reserva-city-games-en-indonesia\\\/\",\"url\":\"https:\\\/\\\/citygame.com\\\/es\\\/prenota-il-tuo-city-game\\\/reserva-city-games-en-indonesia\\\/\",\"name\":\"Reserva City Games en Indonesia - City Game\",\"isPartOf\":{\"@id\":\"https:\\\/\\\/citygame.com\\\/es\\\/#website\"},\"primaryImageOfPage\":{\"@id\":\"https:\\\/\\\/citygame.com\\\/es\\\/prenota-il-tuo-city-game\\\/reserva-city-games-en-indonesia\\\/#primaryimage\"},\"image\":{\"@id\":\"https:\\\/\\\/citygame.com\\\/es\\\/prenota-il-tuo-city-game\\\/reserva-city-games-en-indonesia\\\/#primaryimage\"},\"thumbnailUrl\":\"https:\\\/\\\/citygame.com\\\/wp-content\\\/blogs.dir\\\/1\\\/files\\\/2026\\\/01\\\/indonesia-bromo-tengger-semeru-park.jpg\",\"datePublished\":\"2026-03-17T12:09:00+00:00\",\"dateModified\":\"2026-04-23T07:43:21+00:00\",\"breadcrumb\":{\"@id\":\"https:\\\/\\\/citygame.com\\\/es\\\/prenota-il-tuo-city-game\\\/reserva-city-games-en-indonesia\\\/#breadcrumb\"},\"inLanguage\":\"es\",\"potentialAction\":[{\"@type\":\"ReadAction\",\"target\":[\"https:\\\/\\\/citygame.com\\\/es\\\/prenota-il-tuo-city-game\\\/reserva-city-games-en-indonesia\\\/\"]}]},{\"@type\":\"ImageObject\",\"inLanguage\":\"es\",\"@id\":\"https:\\\/\\\/citygame.com\\\/es\\\/prenota-il-tuo-city-game\\\/reserva-city-games-en-indonesia\\\/#primaryimage\",\"url\":\"https:\\\/\\\/citygame.com\\\/wp-content\\\/blogs.dir\\\/1\\\/files\\\/2026\\\/01\\\/indonesia-bromo-tengger-semeru-park.jpg\",\"contentUrl\":\"https:\\\/\\\/citygame.com\\\/wp-content\\\/blogs.dir\\\/1\\\/files\\\/2026\\\/01\\\/indonesia-bromo-tengger-semeru-park.jpg\",\"width\":1376,\"height\":768,\"caption\":\"The volcanic landscape of Bromo Tengger Semeru National Park in Indonesia at sunrise.\"},{\"@type\":\"BreadcrumbList\",\"@id\":\"https:\\\/\\\/citygame.com\\\/es\\\/prenota-il-tuo-city-game\\\/reserva-city-games-en-indonesia\\\/#breadcrumb\",\"itemListElement\":[{\"@type\":\"ListItem\",\"position\":1,\"name\":\"Home\",\"item\":\"https:\\\/\\\/citygame.com\\\/es\\\/\"},{\"@type\":\"ListItem\",\"position\":2,\"name\":\"Prenota il tuo City Game\",\"item\":\"https:\\\/\\\/citygame.com\\\/es\\\/book\\\/\"},{\"@type\":\"ListItem\",\"position\":3,\"name\":\"Reserva City Games en Indonesia\"}]},{\"@type\":\"WebSite\",\"@id\":\"https:\\\/\\\/citygame.com\\\/es\\\/#website\",\"url\":\"https:\\\/\\\/citygame.com\\\/es\\\/\",\"name\":\"City Game\",\"description\":\"\",\"publisher\":{\"@id\":\"https:\\\/\\\/citygame.com\\\/es\\\/#organization\"},\"alternateName\":\"citygame.com\",\"potentialAction\":[{\"@type\":\"SearchAction\",\"target\":{\"@type\":\"EntryPoint\",\"urlTemplate\":\"https:\\\/\\\/citygame.com\\\/es\\\/?s={search_term_string}\"},\"query-input\":{\"@type\":\"PropertyValueSpecification\",\"valueRequired\":true,\"valueName\":\"search_term_string\"}}],\"inLanguage\":\"es\"},{\"@type\":\"Organization\",\"@id\":\"https:\\\/\\\/citygame.com\\\/es\\\/#organization\",\"name\":\"City Game\",\"alternateName\":\"citygame.com\",\"url\":\"https:\\\/\\\/citygame.com\\\/es\\\/\",\"logo\":{\"@type\":\"ImageObject\",\"inLanguage\":\"es\",\"@id\":\"https:\\\/\\\/citygame.com\\\/es\\\/#\\\/schema\\\/logo\\\/image\\\/\",\"url\":\"https:\\\/\\\/citygame.com\\\/wp-content\\\/blogs.dir\\\/1\\\/files\\\/2025\\\/10\\\/CG_LOGO-City-Game.png\",\"contentUrl\":\"https:\\\/\\\/citygame.com\\\/wp-content\\\/blogs.dir\\\/1\\\/files\\\/2025\\\/10\\\/CG_LOGO-City-Game.png\",\"width\":351,\"height\":377,\"caption\":\"City Game\"},\"image\":{\"@id\":\"https:\\\/\\\/citygame.com\\\/es\\\/#\\\/schema\\\/logo\\\/image\\\/\"},\"sameAs\":[\"https:\\\/\\\/www.facebook.com\\\/profile.php?id=100086426226253\",\"https:\\\/\\\/www.instagram.com\\\/citygame_com\",\"https:\\\/\\\/www.tiktok.com\\\/@citygamecom\\\/\",\"https:\\\/\\\/www.linkedin.com\\\/company\\\/citygame-com\"],\"description\":\"Turn any city into a playground with our interactive City Games and self-guided tours. Fun, flexible, and ideal for groups and team building.\"}]}<\/script>\n<!-- \/ Yoast SEO Premium plugin. -->","yoast_head_json":{"title":"Reserva City Games en Indonesia - City Game","robots":{"index":"index","follow":"follow","max-snippet":"max-snippet:-1","max-image-preview":"max-image-preview:large","max-video-preview":"max-video-preview:-1"},"canonical":"https:\/\/citygame.com\/es\/prenota-il-tuo-city-game\/reserva-city-games-en-indonesia\/","og_locale":"es_ES","og_type":"article","og_title":"Reserva City Games en Indonesia","og_url":"https:\/\/citygame.com\/es\/prenota-il-tuo-city-game\/reserva-city-games-en-indonesia\/","og_site_name":"City Game","article_publisher":"https:\/\/www.facebook.com\/profile.php?id=100086426226253","article_modified_time":"2026-04-23T07:43:21+00:00","og_image":[{"width":1376,"height":768,"url":"https:\/\/citygame.com\/wp-content\/blogs.dir\/1\/files\/2026\/01\/indonesia-bromo-tengger-semeru-park.jpg","type":"image\/jpeg"}],"twitter_card":"summary_large_image","schema":{"@context":"https:\/\/schema.org","@graph":[{"@type":"WebPage","@id":"https:\/\/citygame.com\/es\/prenota-il-tuo-city-game\/reserva-city-games-en-indonesia\/","url":"https:\/\/citygame.com\/es\/prenota-il-tuo-city-game\/reserva-city-games-en-indonesia\/","name":"Reserva City Games en Indonesia - City Game","isPartOf":{"@id":"https:\/\/citygame.com\/es\/#website"},"primaryImageOfPage":{"@id":"https:\/\/citygame.com\/es\/prenota-il-tuo-city-game\/reserva-city-games-en-indonesia\/#primaryimage"},"image":{"@id":"https:\/\/citygame.com\/es\/prenota-il-tuo-city-game\/reserva-city-games-en-indonesia\/#primaryimage"},"thumbnailUrl":"https:\/\/citygame.com\/wp-content\/blogs.dir\/1\/files\/2026\/01\/indonesia-bromo-tengger-semeru-park.jpg","datePublished":"2026-03-17T12:09:00+00:00","dateModified":"2026-04-23T07:43:21+00:00","breadcrumb":{"@id":"https:\/\/citygame.com\/es\/prenota-il-tuo-city-game\/reserva-city-games-en-indonesia\/#breadcrumb"},"inLanguage":"es","potentialAction":[{"@type":"ReadAction","target":["https:\/\/citygame.com\/es\/prenota-il-tuo-city-game\/reserva-city-games-en-indonesia\/"]}]},{"@type":"ImageObject","inLanguage":"es","@id":"https:\/\/citygame.com\/es\/prenota-il-tuo-city-game\/reserva-city-games-en-indonesia\/#primaryimage","url":"https:\/\/citygame.com\/wp-content\/blogs.dir\/1\/files\/2026\/01\/indonesia-bromo-tengger-semeru-park.jpg","contentUrl":"https:\/\/citygame.com\/wp-content\/blogs.dir\/1\/files\/2026\/01\/indonesia-bromo-tengger-semeru-park.jpg","width":1376,"height":768,"caption":"The volcanic landscape of Bromo Tengger Semeru National Park in Indonesia at sunrise."},{"@type":"BreadcrumbList","@id":"https:\/\/citygame.com\/es\/prenota-il-tuo-city-game\/reserva-city-games-en-indonesia\/#breadcrumb","itemListElement":[{"@type":"ListItem","position":1,"name":"Home","item":"https:\/\/citygame.com\/es\/"},{"@type":"ListItem","position":2,"name":"Prenota il tuo City Game","item":"https:\/\/citygame.com\/es\/book\/"},{"@type":"ListItem","position":3,"name":"Reserva City Games en Indonesia"}]},{"@type":"WebSite","@id":"https:\/\/citygame.com\/es\/#website","url":"https:\/\/citygame.com\/es\/","name":"City Game","description":"","publisher":{"@id":"https:\/\/citygame.com\/es\/#organization"},"alternateName":"citygame.com","potentialAction":[{"@type":"SearchAction","target":{"@type":"EntryPoint","urlTemplate":"https:\/\/citygame.com\/es\/?s={search_term_string}"},"query-input":{"@type":"PropertyValueSpecification","valueRequired":true,"valueName":"search_term_string"}}],"inLanguage":"es"},{"@type":"Organization","@id":"https:\/\/citygame.com\/es\/#organization","name":"City Game","alternateName":"citygame.com","url":"https:\/\/citygame.com\/es\/","logo":{"@type":"ImageObject","inLanguage":"es","@id":"https:\/\/citygame.com\/es\/#\/schema\/logo\/image\/","url":"https:\/\/citygame.com\/wp-content\/blogs.dir\/1\/files\/2025\/10\/CG_LOGO-City-Game.png","contentUrl":"https:\/\/citygame.com\/wp-content\/blogs.dir\/1\/files\/2025\/10\/CG_LOGO-City-Game.png","width":351,"height":377,"caption":"City Game"},"image":{"@id":"https:\/\/citygame.com\/es\/#\/schema\/logo\/image\/"},"sameAs":["https:\/\/www.facebook.com\/profile.php?id=100086426226253","https:\/\/www.instagram.com\/citygame_com","https:\/\/www.tiktok.com\/@citygamecom\/","https:\/\/www.linkedin.com\/company\/citygame-com"],"description":"Turn any city into a playground with our interactive City Games and self-guided tours. Fun, flexible, and ideal for groups and team building."}]}},"taxonomy_info":{"cg_page_type":[{"value":636,"label":"Book in COUNTRY page"}]},"featured_image_src_large":["https:\/\/citygame.com\/wp-content\/blogs.dir\/1\/files\/2026\/01\/indonesia-bromo-tengger-semeru-park-1024x572.jpg",1024,572,true],"author_info":{"display_name":"Philip","author_link":"https:\/\/citygame.com\/es\/blog\/author\/sophi2\/"},"comment_info":0,"wpml_current_locale":"es_ES","wpml_translations":{"nl_NL":{"locale":"nl_NL","id":226711,"slug":"boek-city-games-in-indonesie","post_title":"Boek City Games in Indonesi\u00eb","href":"https:\/\/citygame.com\/nl\/book-your-city-game\/boek-city-games-in-indonesie\/"},"en_US":{"locale":"en_US","id":19189,"slug":"in-indonesia","post_title":"Book City Games in Indonesia","href":"https:\/\/citygame.com\/book\/in-indonesia\/"},"fr_FR":{"locale":"fr_FR","id":226727,"slug":"reservez-city-games-en-indonesie","post_title":"R\u00e9servez City Games en Indon\u00e9sie","href":"https:\/\/citygame.com\/fr\/reservez-votre-city-game\/reservez-city-games-en-indonesie\/"},"de_DE":{"locale":"de_DE","id":226718,"slug":"city-games-in-indonesien-buchen","post_title":"City Games in Indonesien buchen","href":"https:\/\/citygame.com\/de\/buchen-sie-ihr-city-game\/city-games-in-indonesien-buchen\/"},"it_IT":{"locale":"it_IT","id":226732,"slug":"prenota-city-games-in-indonesia","post_title":"Prenota City Games in Indonesia","href":"https:\/\/citygame.com\/it\/prenota-il-tuo-city-game\/prenota-city-games-in-indonesia\/"},"es_ES":{"locale":"es_ES","translation":"current"}},"_links":{"self":[{"href":"https:\/\/citygame.com\/es\/wp-json\/wp\/v2\/pages\/226723","targetHints":{"allow":["GET"]}}],"collection":[{"href":"https:\/\/citygame.com\/es\/wp-json\/wp\/v2\/pages"}],"about":[{"href":"https:\/\/citygame.com\/es\/wp-json\/wp\/v2\/types\/page"}],"author":[{"embeddable":true,"href":"https:\/\/citygame.com\/es\/wp-json\/wp\/v2\/users\/78"}],"replies":[{"embeddable":true,"href":"https:\/\/citygame.com\/es\/wp-json\/wp\/v2\/comments?post=226723"}],"version-history":[{"count":0,"href":"https:\/\/citygame.com\/es\/wp-json\/wp\/v2\/pages\/226723\/revisions"}],"up":[{"embeddable":true,"href":"https:\/\/citygame.com\/es\/wp-json\/wp\/v2\/pages\/225832"}],"acf:term":[{"embeddable":true,"taxonomy":"cities-only-parent-location","href":"https:\/\/citygame.com\/es\/wp-json\/wp\/v2\/cities-only-parent-location\/483"}],"wp:featuredmedia":[{"embeddable":true,"href":"https:\/\/citygame.com\/es\/wp-json\/wp\/v2\/media\/6604"}],"wp:attachment":[{"href":"https:\/\/citygame.com\/es\/wp-json\/wp\/v2\/media?parent=226723"}],"wp:term":[{"taxonomy":"cities-only-parent-location","embeddable":true,"href":"https:\/\/citygame.com\/es\/wp-json\/wp\/v2\/cities-only-parent-location?post=226723"},{"taxonomy":"countries-only-parent-locations","embeddable":true,"href":"https:\/\/citygame.com\/es\/wp-json\/wp\/v2\/countries-only-parent-locations?post=226723"},{"taxonomy":"seo_keyword","embeddable":true,"href":"https:\/\/citygame.com\/es\/wp-json\/wp\/v2\/seo_keyword?post=226723"},{"taxonomy":"cg_page_type","embeddable":true,"href":"https:\/\/citygame.com\/es\/wp-json\/wp\/v2\/cg_page_type?post=226723"}],"curies":[{"name":"wp","href":"https:\/\/api.w.org\/{rel}","templated":true}]}}