{"id":226754,"date":"2026-03-17T12:09:08","date_gmt":"2026-03-17T12:09:08","guid":{"rendered":"https:\/\/citygame.com\/book\/reserva-city-games-en-irlanda\/"},"modified":"2026-04-23T07:52:22","modified_gmt":"2026-04-23T07:52:22","slug":"reserva-city-games-en-irlanda","status":"publish","type":"page","link":"https:\/\/citygame.com\/es\/prenota-il-tuo-city-game\/reserva-city-games-en-irlanda\/","title":{"rendered":"Reserva City Games en Irlanda"},"content":{"rendered":"","protected":false},"excerpt":{"rendered":"","protected":false},"author":78,"featured_media":8348,"parent":225832,"menu_order":0,"comment_status":"closed","ping_status":"closed","template":"","meta":{"_acf_changed":false,"_yoast_wpseo_focuskw":"Reserva City Games en Irlanda","_yoast_wpseo_metadesc":"","_kad_blocks_custom_css":"","_kad_blocks_head_custom_js":"","_kad_blocks_body_custom_js":"","_kad_blocks_footer_custom_js":"","_kad_post_transparent":"","_kad_post_title":"","_kad_post_layout":"","_kad_post_sidebar_id":"","_kad_post_content_style":"","_kad_post_vertical_padding":"","_kad_post_feature":"","_kad_post_feature_position":"","_kad_post_header":false,"_kad_post_footer":false,"_kad_post_classname":"","footnotes":""},"cities-only-parent-location":[],"countries-only-parent-locations":[],"seo_keyword":[],"cg_page_type":[636],"class_list":["post-226754","page","type-page","status-publish","has-post-thumbnail","hentry","cg_page_type-book-in-country-page"],"acf":{"country_name":"Irlanda","select_country":498,"hero_h2":"Reserva un City Game en Irlanda","hero_text":"Juega un City Game en ciudades de toda Irlanda y explora cada destino de forma divertida e interactiva. Resuelve acertijos, completa desaf\u00edos y descubre la ciudad mientras caminas por sus calles y lugares emblem\u00e1ticos. Elige tu ciudad a continuaci\u00f3n y comienza tu aventura.","hero_cta":"Todos los destinos en Irlanda","section_2_h2_all_locations_in_country":"Todos los lugares en Irlanda","section_3_h2_book_your_city_game_in_country":"Reserva tu City Game en Irlanda en solo unos pasos","section_3_text":"Comenzar es f\u00e1cil. Elige tu City Game en Irlanda, reserva tu aventura y empieza a jugar cuando te convenga. Todo lo que necesitas te ser\u00e1 enviado instant\u00e1neamente despu\u00e9s de la reserva: no hay gu\u00eda, no hay horarios de inicio fijos, solo tu equipo y la ciudad.","section_3_usp_1":"1,5\u20132 horas de juego","section_3_usp_2":"3\u20134 km de distancia a pie por la ciudad","section_3_usp_3":"Inicia, pausa y contin\u00faa cuando quieras","section_3_usp_4":"1\u20134 o 2\u20135 personas por tel\u00e9fono inteligente, dependiendo de tu juego","section_3_usp_5":"Juega de forma independiente con tu propio dispositivo","section_3_usp_6":"Conexi\u00f3n a Internet requerida durante el juego","section_3_cta":"Elige tu ciudad","section_3_step_1":"Paso 1","section_3_step_1_title":"Elige tu ciudad y juego","section_3_step_1_text":"Selecciona la ciudad en la que quieres jugar y reserva tu City Game en l\u00ednea en solo unos clics.","section_3_step_2":"Paso 2","section_3_step_2_title":"Recibe tus instrucciones del juego","section_3_step_2_text":"Despu\u00e9s de la reserva recibir\u00e1s instant\u00e1neamente un correo electr\u00f3nico con todas las instrucciones y acceso al juego.","section_3_step_3":"Paso 3","section_3_step_3_title":"Ve al punto de inicio","section_3_step_3_text":"Dir\u00edgete al punto de inicio de la ciudad cuando te convenga. No hay horarios de inicio fijos.","section_3_step_4":"Paso 4","section_3_step_4_title":"Inicia tu City Game","section_3_step_4_text":"Sigue las pistas, resuelve acertijos y descubre la ciudad mientras completas divertidos desaf\u00edos a lo largo de la ruta.","section_4_h2_why_players_love":"Por qu\u00e9 a los jugadores les encantan City Games en Irlanda","section_4_usp_1_title":"Explora ciudades de una manera \u00fanica","section_4_usp_1_text":"Descubre lugares emblem\u00e1ticos, calles escondidas y lugares sorprendentes mientras resuelves acertijos y completas desaf\u00edos.","section_4_usp_2_title":"Juega cuando te convenga","section_4_usp_2_text":"No hay horarios de inicio fijos. Comienza, pausa y contin\u00faa el juego cuando quieras durante tu d\u00eda en la ciudad.","section_4_usp_3_title":"Diversi\u00f3n para parejas, familias y equipos","section_4_usp_3_text":"City Games son perfectos para parejas, grupos de amigos, familias o colegas que buscan una actividad divertida e interactiva.","section_4_usp_4_title":"Una mezcla de acertijos y descubrimiento","section_4_usp_4_text":"Resuelve enigmas, completa misiones y descubre pistas mientras exploras la ciudad paso a paso.","section_4_usp_5_title":"Juega a tu propio ritmo","section_4_usp_5_text":"Toma descansos para tomar algo, explora tiendas o disfruta del paisaje. El juego se adapta a tu ritmo.","section_4_usp_6_title":"Disponible en ciudades de todo el mundo","section_4_usp_6_text":"City Games est\u00e1n disponibles en cientos de ciudades alrededor del mundo, lo que las convierte en una actividad perfecta para viajeros y locales por igual.","section_4_cta":"Encuentra un City Game en tu ciudad","section_5_h2_reviews":"What others think of our City Games","section_5_cta_1":"Todas las rese\u00f1as","section_5_cta_2":"Escribe una rese\u00f1a","section_6_h2_hosted_game":"Tus City Games favoritos, gestionados profesionalmente por nuestro equipo","section_6_text":"Disfruta de los mismos City Games que nuestra versi\u00f3n autoguiada, pero con todo el soporte en el sitio de nuestros anfitriones profesionales. Nos encargamos del briefing, tabletas, coordinaci\u00f3n y soporte t\u00e9cnico, para que tu grupo pueda centrarse por completo en la diversi\u00f3n y la competencia.","section_6_text_2":"Qu\u00e9 incluye:","section_6_usp_1_title":"Mismo City Game, completamente gestionado","section_6_usp_1_text":"Juegas la misma experiencia exacta que en nuestra versi\u00f3n autoguiada, ahora guiada por nuestros anfitriones.","section_6_usp_2_title":"Clasificaci\u00f3n en vivo y ceremonia de premios","section_6_usp_2_text":"Para grupos grandes, nuestros anfitriones revelan las puntuaciones finales y anuncian al equipo ganador con un momento de premio divertido.","section_6_usp_3_title":"Inicio y final con anfitriones","section_6_usp_3_text":"Damos la bienvenida a tu grupo, explicamos claramente el juego y terminamos con un cierre emocionante.","section_6_usp_4_title":"Soporte en tiempo real durante el juego","section_6_usp_4_text":"Nuestro equipo ayuda con dispositivos, problemas de la app y coordinaci\u00f3n durante toda la experiencia.","section_6_usp_5_text":"Disponible para grupos que prefieren usar nuestros dispositivos en lugar de los suyos.","section_6_usp_5_title":"Tabletas incluidas (opcional)","section_6_text_3":"Confiado por equipos de todo el mundo, desde peque\u00f1os grupos hasta grandes eventos corporativos.","section_6_cta":"Planifica tu evento grupal","section_7_h2_faq":"\u00bfTienes preguntas? \u00a1Tenemos respuestas!","section_7_text":"Consulta nuestras preguntas frecuentes y descubre todo lo que quieres saber. \u00bfTu pregunta no figura entre ellas? No dudes en contactarnos.","section_7_cta_1":"Ver todas las preguntas frecuentes","section_7_cta_2":"Obt\u00e9n soporte","section_7_question_1":"\u00bfC\u00f3mo funciona la reserva de un City Game?","section_7_answer_1":"Reservar un City Game en Irlanda es r\u00e1pido y sencillo. Elige la ciudad donde quieres jugar, selecciona tu juego preferido y completa la reserva en l\u00ednea. Despu\u00e9s del pago recibir\u00e1s inmediatamente un correo electr\u00f3nico con las instrucciones del juego. Una vez que llegues al punto de inicio, podr\u00e1s comenzar el juego en tu smartphone cuando te convenga.","section_7_question_2":"\u00bfPuedo empezar el City Game en Irlanda inmediatamente despu\u00e9s de la reserva?","section_7_answer_2":"S\u00ed. Despu\u00e9s de completar la reserva, <strong>recibir\u00e1s las instrucciones por correo electr\u00f3nico de inmediato<\/strong>. En la mayor\u00eda de los casos podr\u00e1s empezar a jugar en unos minutos, tan pronto como llegues al punto de inicio en Irlanda y abras el juego en tu smartphone.","section_7_question_3":"\u00bfNecesito reservar una hora de inicio espec\u00edfica?","section_7_answer_3":"No, <strong>City Games no tienen horarios de inicio fijos<\/strong>. Durante la reserva eliges una fecha con fines administrativos, pero puedes empezar el juego cuando quieras dentro del periodo de validez de tu reserva.","section_7_question_4":"\u00bfCu\u00e1nto tiempo toma un City Game en Irlanda?","section_7_answer_4":"La mayor\u00eda de City Games en Irlanda duran <strong>aproximadamente 1.5 a 2 horas<\/strong> para completarse. La ruta suele <strong>cubrir entre 3 y 4 kil\u00f3metros<\/strong> a trav\u00e9s de la ciudad. Siempre puedes pausar el juego durante tu aventura y continuar m\u00e1s tarde si quieres tomar un descanso.","section_7_question_5":"\u00bfCu\u00e1ntas personas pueden jugar un City Game en Irlanda?","section_7_answer_5":"Puedes jugar <strong>solo o en grupo<\/strong>. Para la mejor experiencia recomendamos 1\u20134 o 2\u20135 jugadores (seg\u00fan tu juego) por smartphone. Grupos grandes pueden dividirse en varios equipos y competir entre s\u00ed.","section_7_question_6":"\u00bfTodos los jugadores necesitan su propio smartphone?","section_7_answer_6":"No. Un City Game se juega en <strong>un smartphone por equipo<\/strong>. Si juegas con un grupo m\u00e1s grande, puedes simplemente crear varios equipos usando varios smartphones.","section_7_question_7":"\u00bfQu\u00e9 necesito para jugar el juego en Irlanda?","section_7_answer_7":"Todo lo que necesitas es:","section_7_answer_7_usp_1":"Un smartphone","section_7_answer_7_usp_2":"Una conexi\u00f3n a Internet","section_7_answer_7_usp_3":"Una bater\u00eda completamente cargada","section_7_answer_7_2":"Despu\u00e9s de la reserva recibir\u00e1s instrucciones que explican c\u00f3mo acceder al juego en tu tel\u00e9fono.","section_7_question_8":"\u00bfPuedo jugar al juego de forma espont\u00e1nea?","section_7_answer_8":"S\u00ed. Aunque primero debes completar la reserva, recibir\u00e1s las instrucciones de inmediato despu\u00e9s del pago. Esto significa que puedes decidir jugar de forma espont\u00e1nea y empezar en minutos.","section_7_question_9":"\u00bfCu\u00e1nto tiempo es v\u00e1lida mi reserva?","section_7_answer_9":"Despu\u00e9s de la compra, tu City Game permanece <strong>v\u00e1lido por 365 d\u00edas<\/strong>. Esto te ofrece mucha flexibilidad para decidir cu\u00e1ndo quieres jugar.","section_7_question_10":"\u00bfPuedo regalar un City Game en Irlanda?","section_7_answer_10":"S\u00ed. Un City Game es un regalo excelente para amigos, familiares o colegas. Puedes comprar una tarjeta regalo de City Game, que permite al destinatario elegir su ciudad y juego preferidos.","section_7_answer_10_cta":"Comprar una tarjeta regalo","section_7_question_11":"\u00bfQu\u00e9 pasa si accidentalmente reserv\u00e9 la ciudad o el juego equivocados?","section_7_answer_11":"Si cometiste un error al hacer la reserva, ponte en contacto con nosotros <strong>lo antes posible<\/strong>. En muchos casos podemos ajustar la reserva a la ciudad, el idioma o el juego correctos.","section_7_answer_11_cta":"Cont\u00e1ctanos","section_7_question_12":"\u00bfHay costos adicionales al reservar un City Game en Irlanda?","section_7_answer_12":"No. El precio mostrado durante el checkout es el precio total. No hay tarifas ocultas ni costos de reserva.","section_7_question_13":"\u00bfQu\u00e9 m\u00e9todos de pago puedo usar?","section_7_answer_13":"Ofrecemos <strong>una amplia gama de m\u00e9todos de pago seg\u00fan tu ubicaci\u00f3n<\/strong>, incluyendo tarjetas de cr\u00e9dito y varias opciones de pago internacionales. Durante el checkout ver\u00e1s autom\u00e1ticamente los m\u00e9todos de pago disponibles en tu regi\u00f3n.","section_7_question_14":"\u00bfPueden las empresas o grandes grupos reservar un City Game?","section_7_answer_14":"S\u00ed. Las empresas y grandes grupos pueden reservar una experiencia City Game con gu\u00eda de nuestros anfitriones. Esta opci\u00f3n es perfecta para eventos de team building, salidas corporativas o actividades de gran grupo.","section_7_answer_14_cta":"Explorar la experiencia City Game con anfitriones para grupos","section_8_h2_page_ending":"\u00bfListo para una aventura inolvidable?","section_8_text":"Explora ciudades de una manera divertida e interactiva con nuestros City Games. Resuelve acertijos, descubre lugares ocultos y descubre la ciudad mientras juegas con amigos, familiares o colegas, cuando te venga bien.","section_8_cta":"Encuentra un City Game cerca de ti"},"yoast_head":"<!-- This site is optimized with the Yoast SEO Premium plugin v26.2 (Yoast SEO v27.4) - https:\/\/yoast.com\/product\/yoast-seo-premium-wordpress\/ -->\n<title>Reserva City Games en Irlanda - City Game<\/title>\n<meta name=\"robots\" content=\"index, follow, max-snippet:-1, max-image-preview:large, max-video-preview:-1\" \/>\n<link rel=\"canonical\" href=\"https:\/\/citygame.com\/es\/prenota-il-tuo-city-game\/reserva-city-games-en-irlanda\/\" \/>\n<meta property=\"og:locale\" content=\"es_ES\" \/>\n<meta property=\"og:type\" content=\"article\" \/>\n<meta property=\"og:title\" content=\"Reserva City Games en Irlanda\" \/>\n<meta property=\"og:url\" content=\"https:\/\/citygame.com\/es\/prenota-il-tuo-city-game\/reserva-city-games-en-irlanda\/\" \/>\n<meta property=\"og:site_name\" content=\"City Game\" \/>\n<meta property=\"article:publisher\" content=\"https:\/\/www.facebook.com\/profile.php?id=100086426226253\" \/>\n<meta property=\"article:modified_time\" content=\"2026-04-23T07:52:22+00:00\" \/>\n<meta property=\"og:image\" content=\"https:\/\/citygame.com\/wp-content\/blogs.dir\/1\/files\/2026\/01\/ireland-cliffs-of-moher-sunset.jpg\" \/>\n\t<meta property=\"og:image:width\" content=\"1376\" \/>\n\t<meta property=\"og:image:height\" content=\"768\" \/>\n\t<meta property=\"og:image:type\" content=\"image\/jpeg\" \/>\n<meta name=\"twitter:card\" content=\"summary_large_image\" \/>\n<script type=\"application\/ld+json\" class=\"yoast-schema-graph\">{\"@context\":\"https:\\\/\\\/schema.org\",\"@graph\":[{\"@type\":\"WebPage\",\"@id\":\"https:\\\/\\\/citygame.com\\\/es\\\/prenota-il-tuo-city-game\\\/reserva-city-games-en-irlanda\\\/\",\"url\":\"https:\\\/\\\/citygame.com\\\/es\\\/prenota-il-tuo-city-game\\\/reserva-city-games-en-irlanda\\\/\",\"name\":\"Reserva City Games en Irlanda - City Game\",\"isPartOf\":{\"@id\":\"https:\\\/\\\/citygame.com\\\/es\\\/#website\"},\"primaryImageOfPage\":{\"@id\":\"https:\\\/\\\/citygame.com\\\/es\\\/prenota-il-tuo-city-game\\\/reserva-city-games-en-irlanda\\\/#primaryimage\"},\"image\":{\"@id\":\"https:\\\/\\\/citygame.com\\\/es\\\/prenota-il-tuo-city-game\\\/reserva-city-games-en-irlanda\\\/#primaryimage\"},\"thumbnailUrl\":\"https:\\\/\\\/citygame.com\\\/wp-content\\\/blogs.dir\\\/1\\\/files\\\/2026\\\/01\\\/ireland-cliffs-of-moher-sunset.jpg\",\"datePublished\":\"2026-03-17T12:09:08+00:00\",\"dateModified\":\"2026-04-23T07:52:22+00:00\",\"breadcrumb\":{\"@id\":\"https:\\\/\\\/citygame.com\\\/es\\\/prenota-il-tuo-city-game\\\/reserva-city-games-en-irlanda\\\/#breadcrumb\"},\"inLanguage\":\"es\",\"potentialAction\":[{\"@type\":\"ReadAction\",\"target\":[\"https:\\\/\\\/citygame.com\\\/es\\\/prenota-il-tuo-city-game\\\/reserva-city-games-en-irlanda\\\/\"]}]},{\"@type\":\"ImageObject\",\"inLanguage\":\"es\",\"@id\":\"https:\\\/\\\/citygame.com\\\/es\\\/prenota-il-tuo-city-game\\\/reserva-city-games-en-irlanda\\\/#primaryimage\",\"url\":\"https:\\\/\\\/citygame.com\\\/wp-content\\\/blogs.dir\\\/1\\\/files\\\/2026\\\/01\\\/ireland-cliffs-of-moher-sunset.jpg\",\"contentUrl\":\"https:\\\/\\\/citygame.com\\\/wp-content\\\/blogs.dir\\\/1\\\/files\\\/2026\\\/01\\\/ireland-cliffs-of-moher-sunset.jpg\",\"width\":1376,\"height\":768,\"caption\":\"The rugged Cliffs of Moher in Ireland are bathed in the warm glow of sunset.\"},{\"@type\":\"BreadcrumbList\",\"@id\":\"https:\\\/\\\/citygame.com\\\/es\\\/prenota-il-tuo-city-game\\\/reserva-city-games-en-irlanda\\\/#breadcrumb\",\"itemListElement\":[{\"@type\":\"ListItem\",\"position\":1,\"name\":\"Home\",\"item\":\"https:\\\/\\\/citygame.com\\\/es\\\/\"},{\"@type\":\"ListItem\",\"position\":2,\"name\":\"Prenota il tuo City Game\",\"item\":\"https:\\\/\\\/citygame.com\\\/es\\\/book\\\/\"},{\"@type\":\"ListItem\",\"position\":3,\"name\":\"Reserva City Games en Irlanda\"}]},{\"@type\":\"WebSite\",\"@id\":\"https:\\\/\\\/citygame.com\\\/es\\\/#website\",\"url\":\"https:\\\/\\\/citygame.com\\\/es\\\/\",\"name\":\"City Game\",\"description\":\"\",\"publisher\":{\"@id\":\"https:\\\/\\\/citygame.com\\\/es\\\/#organization\"},\"alternateName\":\"citygame.com\",\"potentialAction\":[{\"@type\":\"SearchAction\",\"target\":{\"@type\":\"EntryPoint\",\"urlTemplate\":\"https:\\\/\\\/citygame.com\\\/es\\\/?s={search_term_string}\"},\"query-input\":{\"@type\":\"PropertyValueSpecification\",\"valueRequired\":true,\"valueName\":\"search_term_string\"}}],\"inLanguage\":\"es\"},{\"@type\":\"Organization\",\"@id\":\"https:\\\/\\\/citygame.com\\\/es\\\/#organization\",\"name\":\"City Game\",\"alternateName\":\"citygame.com\",\"url\":\"https:\\\/\\\/citygame.com\\\/es\\\/\",\"logo\":{\"@type\":\"ImageObject\",\"inLanguage\":\"es\",\"@id\":\"https:\\\/\\\/citygame.com\\\/es\\\/#\\\/schema\\\/logo\\\/image\\\/\",\"url\":\"https:\\\/\\\/citygame.com\\\/wp-content\\\/blogs.dir\\\/1\\\/files\\\/2025\\\/10\\\/CG_LOGO-City-Game.png\",\"contentUrl\":\"https:\\\/\\\/citygame.com\\\/wp-content\\\/blogs.dir\\\/1\\\/files\\\/2025\\\/10\\\/CG_LOGO-City-Game.png\",\"width\":351,\"height\":377,\"caption\":\"City Game\"},\"image\":{\"@id\":\"https:\\\/\\\/citygame.com\\\/es\\\/#\\\/schema\\\/logo\\\/image\\\/\"},\"sameAs\":[\"https:\\\/\\\/www.facebook.com\\\/profile.php?id=100086426226253\",\"https:\\\/\\\/www.instagram.com\\\/citygame_com\",\"https:\\\/\\\/www.tiktok.com\\\/@citygamecom\\\/\",\"https:\\\/\\\/www.linkedin.com\\\/company\\\/citygame-com\"],\"description\":\"Turn any city into a playground with our interactive City Games and self-guided tours. Fun, flexible, and ideal for groups and team building.\"}]}<\/script>\n<!-- \/ Yoast SEO Premium plugin. -->","yoast_head_json":{"title":"Reserva City Games en Irlanda - City Game","robots":{"index":"index","follow":"follow","max-snippet":"max-snippet:-1","max-image-preview":"max-image-preview:large","max-video-preview":"max-video-preview:-1"},"canonical":"https:\/\/citygame.com\/es\/prenota-il-tuo-city-game\/reserva-city-games-en-irlanda\/","og_locale":"es_ES","og_type":"article","og_title":"Reserva City Games en Irlanda","og_url":"https:\/\/citygame.com\/es\/prenota-il-tuo-city-game\/reserva-city-games-en-irlanda\/","og_site_name":"City Game","article_publisher":"https:\/\/www.facebook.com\/profile.php?id=100086426226253","article_modified_time":"2026-04-23T07:52:22+00:00","og_image":[{"width":1376,"height":768,"url":"https:\/\/citygame.com\/wp-content\/blogs.dir\/1\/files\/2026\/01\/ireland-cliffs-of-moher-sunset.jpg","type":"image\/jpeg"}],"twitter_card":"summary_large_image","schema":{"@context":"https:\/\/schema.org","@graph":[{"@type":"WebPage","@id":"https:\/\/citygame.com\/es\/prenota-il-tuo-city-game\/reserva-city-games-en-irlanda\/","url":"https:\/\/citygame.com\/es\/prenota-il-tuo-city-game\/reserva-city-games-en-irlanda\/","name":"Reserva City Games en Irlanda - City Game","isPartOf":{"@id":"https:\/\/citygame.com\/es\/#website"},"primaryImageOfPage":{"@id":"https:\/\/citygame.com\/es\/prenota-il-tuo-city-game\/reserva-city-games-en-irlanda\/#primaryimage"},"image":{"@id":"https:\/\/citygame.com\/es\/prenota-il-tuo-city-game\/reserva-city-games-en-irlanda\/#primaryimage"},"thumbnailUrl":"https:\/\/citygame.com\/wp-content\/blogs.dir\/1\/files\/2026\/01\/ireland-cliffs-of-moher-sunset.jpg","datePublished":"2026-03-17T12:09:08+00:00","dateModified":"2026-04-23T07:52:22+00:00","breadcrumb":{"@id":"https:\/\/citygame.com\/es\/prenota-il-tuo-city-game\/reserva-city-games-en-irlanda\/#breadcrumb"},"inLanguage":"es","potentialAction":[{"@type":"ReadAction","target":["https:\/\/citygame.com\/es\/prenota-il-tuo-city-game\/reserva-city-games-en-irlanda\/"]}]},{"@type":"ImageObject","inLanguage":"es","@id":"https:\/\/citygame.com\/es\/prenota-il-tuo-city-game\/reserva-city-games-en-irlanda\/#primaryimage","url":"https:\/\/citygame.com\/wp-content\/blogs.dir\/1\/files\/2026\/01\/ireland-cliffs-of-moher-sunset.jpg","contentUrl":"https:\/\/citygame.com\/wp-content\/blogs.dir\/1\/files\/2026\/01\/ireland-cliffs-of-moher-sunset.jpg","width":1376,"height":768,"caption":"The rugged Cliffs of Moher in Ireland are bathed in the warm glow of sunset."},{"@type":"BreadcrumbList","@id":"https:\/\/citygame.com\/es\/prenota-il-tuo-city-game\/reserva-city-games-en-irlanda\/#breadcrumb","itemListElement":[{"@type":"ListItem","position":1,"name":"Home","item":"https:\/\/citygame.com\/es\/"},{"@type":"ListItem","position":2,"name":"Prenota il tuo City Game","item":"https:\/\/citygame.com\/es\/book\/"},{"@type":"ListItem","position":3,"name":"Reserva City Games en Irlanda"}]},{"@type":"WebSite","@id":"https:\/\/citygame.com\/es\/#website","url":"https:\/\/citygame.com\/es\/","name":"City Game","description":"","publisher":{"@id":"https:\/\/citygame.com\/es\/#organization"},"alternateName":"citygame.com","potentialAction":[{"@type":"SearchAction","target":{"@type":"EntryPoint","urlTemplate":"https:\/\/citygame.com\/es\/?s={search_term_string}"},"query-input":{"@type":"PropertyValueSpecification","valueRequired":true,"valueName":"search_term_string"}}],"inLanguage":"es"},{"@type":"Organization","@id":"https:\/\/citygame.com\/es\/#organization","name":"City Game","alternateName":"citygame.com","url":"https:\/\/citygame.com\/es\/","logo":{"@type":"ImageObject","inLanguage":"es","@id":"https:\/\/citygame.com\/es\/#\/schema\/logo\/image\/","url":"https:\/\/citygame.com\/wp-content\/blogs.dir\/1\/files\/2025\/10\/CG_LOGO-City-Game.png","contentUrl":"https:\/\/citygame.com\/wp-content\/blogs.dir\/1\/files\/2025\/10\/CG_LOGO-City-Game.png","width":351,"height":377,"caption":"City Game"},"image":{"@id":"https:\/\/citygame.com\/es\/#\/schema\/logo\/image\/"},"sameAs":["https:\/\/www.facebook.com\/profile.php?id=100086426226253","https:\/\/www.instagram.com\/citygame_com","https:\/\/www.tiktok.com\/@citygamecom\/","https:\/\/www.linkedin.com\/company\/citygame-com"],"description":"Turn any city into a playground with our interactive City Games and self-guided tours. Fun, flexible, and ideal for groups and team building."}]}},"taxonomy_info":{"cg_page_type":[{"value":636,"label":"Book in COUNTRY page"}]},"featured_image_src_large":["https:\/\/citygame.com\/wp-content\/blogs.dir\/1\/files\/2026\/01\/ireland-cliffs-of-moher-sunset-1024x572.jpg",1024,572,true],"author_info":{"display_name":"Philip","author_link":"https:\/\/citygame.com\/es\/blog\/author\/sophi2\/"},"comment_info":0,"wpml_current_locale":"es_ES","wpml_translations":{"nl_NL":{"locale":"nl_NL","id":226740,"slug":"boek-city-games-in-ierland","post_title":"Boek City Games in Ierland","href":"https:\/\/citygame.com\/nl\/book-your-city-game\/boek-city-games-in-ierland\/"},"en_US":{"locale":"en_US","id":19190,"slug":"in-ireland","post_title":"Book City Games in Ireland","href":"https:\/\/citygame.com\/book\/in-ireland\/"},"fr_FR":{"locale":"fr_FR","id":226759,"slug":"reservez-city-games-en-irlande","post_title":"R\u00e9servez City Games en Irlande","href":"https:\/\/citygame.com\/fr\/reservez-votre-city-game\/reservez-city-games-en-irlande\/"},"de_DE":{"locale":"de_DE","id":226747,"slug":"buchen-sie-city-games-in-irland","post_title":"Buchen Sie City Games in Irland","href":"https:\/\/citygame.com\/de\/buchen-sie-ihr-city-game\/buchen-sie-city-games-in-irland\/"},"it_IT":{"locale":"it_IT","id":226764,"slug":"book-city-games-in-ireland","post_title":"Book City Games in Ireland","href":"https:\/\/citygame.com\/it\/prenota-il-tuo-city-game\/book-city-games-in-ireland\/"},"es_ES":{"locale":"es_ES","translation":"current"}},"_links":{"self":[{"href":"https:\/\/citygame.com\/es\/wp-json\/wp\/v2\/pages\/226754","targetHints":{"allow":["GET"]}}],"collection":[{"href":"https:\/\/citygame.com\/es\/wp-json\/wp\/v2\/pages"}],"about":[{"href":"https:\/\/citygame.com\/es\/wp-json\/wp\/v2\/types\/page"}],"author":[{"embeddable":true,"href":"https:\/\/citygame.com\/es\/wp-json\/wp\/v2\/users\/78"}],"replies":[{"embeddable":true,"href":"https:\/\/citygame.com\/es\/wp-json\/wp\/v2\/comments?post=226754"}],"version-history":[{"count":0,"href":"https:\/\/citygame.com\/es\/wp-json\/wp\/v2\/pages\/226754\/revisions"}],"up":[{"embeddable":true,"href":"https:\/\/citygame.com\/es\/wp-json\/wp\/v2\/pages\/225832"}],"acf:term":[{"embeddable":true,"taxonomy":"cities-only-parent-location","href":"https:\/\/citygame.com\/es\/wp-json\/wp\/v2\/cities-only-parent-location\/498"}],"wp:featuredmedia":[{"embeddable":true,"href":"https:\/\/citygame.com\/es\/wp-json\/wp\/v2\/media\/8348"}],"wp:attachment":[{"href":"https:\/\/citygame.com\/es\/wp-json\/wp\/v2\/media?parent=226754"}],"wp:term":[{"taxonomy":"cities-only-parent-location","embeddable":true,"href":"https:\/\/citygame.com\/es\/wp-json\/wp\/v2\/cities-only-parent-location?post=226754"},{"taxonomy":"countries-only-parent-locations","embeddable":true,"href":"https:\/\/citygame.com\/es\/wp-json\/wp\/v2\/countries-only-parent-locations?post=226754"},{"taxonomy":"seo_keyword","embeddable":true,"href":"https:\/\/citygame.com\/es\/wp-json\/wp\/v2\/seo_keyword?post=226754"},{"taxonomy":"cg_page_type","embeddable":true,"href":"https:\/\/citygame.com\/es\/wp-json\/wp\/v2\/cg_page_type?post=226754"}],"curies":[{"name":"wp","href":"https:\/\/api.w.org\/{rel}","templated":true}]}}