{"id":226806,"date":"2026-03-17T12:09:23","date_gmt":"2026-03-17T12:09:23","guid":{"rendered":"https:\/\/citygame.com\/book\/reserva-city-games-en-italia\/"},"modified":"2026-04-23T08:16:26","modified_gmt":"2026-04-23T08:16:26","slug":"reserva-city-games-en-italia","status":"publish","type":"page","link":"https:\/\/citygame.com\/es\/prenota-il-tuo-city-game\/reserva-city-games-en-italia\/","title":{"rendered":"Reserva City Games en Italia"},"content":{"rendered":"","protected":false},"excerpt":{"rendered":"","protected":false},"author":78,"featured_media":7400,"parent":225832,"menu_order":0,"comment_status":"closed","ping_status":"closed","template":"","meta":{"_acf_changed":false,"_yoast_wpseo_focuskw":"Reserva City Games en Italia","_yoast_wpseo_metadesc":"","_kad_blocks_custom_css":"","_kad_blocks_head_custom_js":"","_kad_blocks_body_custom_js":"","_kad_blocks_footer_custom_js":"","_kad_post_transparent":"","_kad_post_title":"","_kad_post_layout":"","_kad_post_sidebar_id":"","_kad_post_content_style":"","_kad_post_vertical_padding":"","_kad_post_feature":"","_kad_post_feature_position":"","_kad_post_header":false,"_kad_post_footer":false,"_kad_post_classname":"","footnotes":""},"cities-only-parent-location":[],"countries-only-parent-locations":[],"seo_keyword":[],"cg_page_type":[636],"class_list":["post-226806","page","type-page","status-publish","has-post-thumbnail","hentry","cg_page_type-book-in-country-page"],"acf":{"country_name":"Italia","select_country":485,"hero_h2":"Reserva un City Game en Italia","hero_text":"Juega a un City Game en ciudades de toda Italia y explora cada destino de una forma divertida e interactiva. Resuelve acertijos, completa desaf\u00edos y descubre la ciudad mientras recorres sus calles y lugares emblem\u00e1ticos. Elige tu ciudad abajo y comienza tu aventura.","hero_cta":"Todos los destinos en Italia","section_2_h2_all_locations_in_country":"Todas las ubicaciones en Italia","section_3_h2_book_your_city_game_in_country":"Reserva tu City Game en Italia en solo unos pasos","section_3_text":"Comenzar es f\u00e1cil. Elige tu City Game en Italia, reserva tu aventura y empieza a jugar cuando te convenga. Todo lo que necesitas te ser\u00e1 enviado instant\u00e1neamente despu\u00e9s de la reserva: no hay gu\u00eda, no hay horarios de inicio estrictos, solo tu equipo y la ciudad.","section_3_usp_1":"1,5\u20132 horas de juego","section_3_usp_2":"3\u20134 km de recorrido a pie por la ciudad","section_3_usp_3":"Comienza, pausa y contin\u00faa cuando quieras","section_3_usp_4":"1\u20134 o 2\u20135 personas por smartphone, seg\u00fan tu juego","section_3_usp_5":"Juega de forma independiente con tu propio dispositivo","section_3_usp_6":"Conexi\u00f3n a Internet necesaria durante el juego","section_3_cta":"Elige tu ciudad","section_3_step_1":"Paso 1","section_3_step_1_title":"Elige tu ciudad y City Game","section_3_step_1_text":"Selecciona la ciudad en la que quieres jugar y reserva tu City Game online en solo unos clics.","section_3_step_2":"Paso 2","section_3_step_2_title":"Recibe las instrucciones de tu juego","section_3_step_2_text":"Despu\u00e9s de la reserva recibir\u00e1s un correo con todas las instrucciones y acceso al juego.","section_3_step_3":"Paso 3","section_3_step_3_title":"Dir\u00edgete al punto de inicio","section_3_step_3_text":"Dir\u00edgete al punto de inicio en la ciudad cuando te convenga. No hay horarios de inicio fijos.","section_3_step_4":"Paso 4","section_3_step_4_title":"Inicia tu City Game","section_3_step_4_text":"Sigue las pistas, resuelve acertijos y descubre la ciudad mientras completas divertidos desaf\u00edos a lo largo de la ruta.","section_4_h2_why_players_love":"Por qu\u00e9 a los City Games en Italia les encantan los jugadores","section_4_usp_1_title":"Explora ciudades de una manera \u00fanica","section_4_usp_1_text":"Descubre lugares emblem\u00e1ticos, calles escondidas y lugares sorprendentes mientras resuelves acertijos y completas desaf\u00edos.","section_4_usp_2_title":"Juega cuando te convenga","section_4_usp_2_text":"No hay horarios de inicio fijos. Comienza, pausa y contin\u00faa el juego cuando quieras durante tu d\u00eda en la ciudad.","section_4_usp_3_title":"Diversi\u00f3n para amigos, familias y equipos","section_4_usp_3_text":"Los City Games son perfectos para parejas, grupos de amigos, familias o colegas que buscan una actividad divertida e interactiva.","section_4_usp_4_title":"Una mezcla de acertijos y descubrimiento","section_4_usp_4_text":"Resuelve acertijos, completa misiones y descubre pistas mientras exploras la ciudad paso a paso.","section_4_usp_5_title":"Juega a tu propio ritmo","section_4_usp_5_text":"Toma descansos para beber, explora tiendas o disfruta del paisaje. El juego se adapta a tu ritmo.","section_4_usp_6_title":"Disponible en ciudades de todo el mundo","section_4_usp_6_text":"City Games est\u00e1n disponibles en cientos de ciudades de todo el mundo, lo que los convierte en una actividad perfecta tanto para viajeros como para locales.","section_4_cta":"Encuentra un City Game en tu ciudad","section_5_h2_reviews":"What others think of our City Games","section_5_cta_1":"Todas las rese\u00f1as","section_5_cta_2":"Escribir una rese\u00f1a","section_6_h2_hosted_game":"Tus City Games favoritos, con anfitriones profesionales de nuestro equipo","section_6_text":"Disfruta de los mismos City Games que nuestra versi\u00f3n autodidacta, pero con pleno apoyo en el sitio por parte de nuestros anfitriones profesionales. Nos encargamos de la sesi\u00f3n informativa, tabletas, coordinaci\u00f3n y soporte t\u00e9cnico, para que tu grupo pueda centrarse por completo en la diversi\u00f3n y la competencia.","section_6_text_2":"Qu\u00e9 est\u00e1 incluido:","section_6_usp_1_title":"El mismo City Game, completamente anfitrionado","section_6_usp_1_text":"Juegas exactamente la misma experiencia que en nuestra versi\u00f3n autoguiada, ahora con nuestros anfitriones guiando a tu grupo.","section_6_usp_2_title":"Clasificaci\u00f3n en vivo y ceremonia de premios","section_6_usp_2_text":"Para grupos grandes, nuestros anfitriones revelan las puntuaciones finales y anuncian al equipo ganador con un momento de premio divertido.","section_6_usp_3_title":"Inicio y final con anfitriones","section_6_usp_3_text":"Damos la bienvenida a tu grupo, explicamos claramente el juego y terminamos con un cierre emocionante.","section_6_usp_4_title":"Soporte en tiempo real durante el juego","section_6_usp_4_text":"Nuestro equipo ayuda con dispositivos, problemas de la app y coordinaci\u00f3n durante toda la experiencia.","section_6_usp_5_text":"Disponible para grupos que prefieren usar nuestros dispositivos en lugar de los suyos.","section_6_usp_5_title":"Tabletas incluidas (opcional)","section_6_text_3":"Con la confianza de equipos de todo el mundo, desde peque\u00f1os grupos hasta grandes eventos corporativos.","section_6_cta":"Planifica tu evento grupal","section_7_h2_faq":"\u00bfTienes preguntas? \u00a1Tenemos respuestas!","section_7_text":"Consulta nuestras preguntas frecuentes y descubre todo lo que quieres saber. \u00bfTu pregunta no est\u00e1 entre ellas? No dudes en ponerte en contacto con nosotros.","section_7_cta_1":"Ver todas las preguntas frecuentes","section_7_cta_2":"Obt\u00e9n soporte","section_7_question_1":"\u00bfC\u00f3mo funciona la reserva de un City Game?","section_7_answer_1":"Reservar un City Game en Italia es r\u00e1pido y f\u00e1cil. Elige la ciudad donde quieres jugar, selecciona tu juego preferido y completa la reserva en l\u00ednea. Despu\u00e9s del pago recibir\u00e1s de inmediato un correo con las instrucciones del juego. Una vez que llegues al punto de inicio, puedes comenzar el juego en tu smartphone cuando te convenga.","section_7_question_2":"\u00bfPuedo empezar el City Game en Italia inmediatamente despu\u00e9s de la reserva?","section_7_answer_2":"S\u00ed. Despu\u00e9s de completar la reserva recibir\u00e1s <strong>inmediatamente las instrucciones por correo electr\u00f3nico<\/strong>. En la mayor\u00eda de los casos puedes comenzar a jugar en unos minutos, tan pronto como llegues al punto de inicio en Italia y abras el juego en tu smartphone.","section_7_question_3":"\u00bfNecesito reservar una hora de inicio espec\u00edfica?","section_7_answer_3":"No, <strong>City Games no tienen horarios de inicio fijos<\/strong>. Durante la reserva se selecciona una fecha a efectos administrativos, pero puedes comenzar el juego cuando quieras dentro del periodo de validez de tu reserva.","section_7_question_4":"\u00bfCu\u00e1nto tiempo tarda un City Game en Italia?","section_7_answer_4":"La mayor\u00eda de City Games en Italia tardan <strong>alrededor de 1,5 a 2 horas<\/strong> en completarse. La ruta suele <strong>cubrir entre 3 y 4 kil\u00f3metros<\/strong> a trav\u00e9s de la ciudad. Siempre puedes pausar el juego durante la aventura y continuar m\u00e1s tarde si quieres tomar un descanso.","section_7_question_5":"\u00bfCu\u00e1ntas personas pueden jugar un City Game en Italia?","section_7_answer_5":"Puedes jugar <strong>solo o en grupo<\/strong>. Para la mejor experiencia recomendamos 1\u20134 o 2\u20135 jugadores (seg\u00fan tu juego) por smartphone. Los grupos grandes pueden dividirse en m\u00faltiples equipos y competir entre s\u00ed.","section_7_question_6":"\u00bfTodos los jugadores necesitan su propio smartphone?","section_7_answer_6":"No. Un City Game se juega en <strong>un smartphone por equipo<\/strong>. Si juegas con un grupo m\u00e1s grande, puedes crear f\u00e1cilmente varios equipos usando varios smartphones.","section_7_question_7":"\u00bfQu\u00e9 necesito para jugar el City Game en Italia?","section_7_answer_7":"Todo lo que necesitas es:","section_7_answer_7_usp_1":"Un smartphone","section_7_answer_7_usp_2":"Una conexi\u00f3n a Internet","section_7_answer_7_usp_3":"Una bater\u00eda completamente cargada","section_7_answer_7_2":"Despu\u00e9s de reservar recibir\u00e1s instrucciones que explican c\u00f3mo acceder al juego en tu tel\u00e9fono.","section_7_question_8":"\u00bfPuedo jugar espont\u00e1neamente?","section_7_answer_8":"S\u00ed. Aunque necesitas completar la reserva primero, recibir\u00e1s las instrucciones inmediatamente despu\u00e9s del pago. Esto significa que puedes decidir jugar de forma espont\u00e1nea y empezar en minutos.","section_7_question_9":"\u00bfCu\u00e1nto tiempo es v\u00e1lida mi reserva?","section_7_answer_9":"Despu\u00e9s de la compra, tu City Game permanece <strong>v\u00e1lido por 365 d\u00edas<\/strong>. Esto te da mucha flexibilidad para decidir cu\u00e1ndo quieres jugar.","section_7_question_10":"\u00bfPuedo regalar un City Game en Italia?","section_7_answer_10":"S\u00ed. Un City Game es un gran regalo para amigos, familiares o colegas. Puedes comprar una tarjeta regalo City Game, que permita al destinatario elegir su ciudad y juego preferidos.","section_7_answer_10_cta":"Comprar una tarjeta regalo","section_7_question_11":"\u00bfQu\u00e9 pasa si accidentalmente reserv\u00e9 la ciudad o el juego incorrectos?","section_7_answer_11":"Si cometiste un error durante la reserva, por favor ponte en contacto con nosotros <strong>lo antes posible<\/strong>. En muchos casos podemos ajustar la reserva a la ciudad, idioma o juego correctos.","section_7_answer_11_cta":"Cont\u00e1ctanos","section_7_question_12":"\u00bfHay costos adicionales al reservar un City Game en Italia?","section_7_answer_12":"No. El precio mostrado durante el pago es el precio total. No hay tarifas ocultas ni costos de reserva.","section_7_question_13":"\u00bfQu\u00e9 m\u00e9todos de pago puedo usar?","section_7_answer_13":"Ofrecemos <strong>una amplia gama de m\u00e9todos de pago seg\u00fan tu ubicaci\u00f3n<\/strong>, incluyendo tarjetas de cr\u00e9dito y varias opciones de pago internacionales. Durante el pago ver\u00e1s autom\u00e1ticamente los m\u00e9todos de pago disponibles en tu regi\u00f3n.","section_7_question_14":"\u00bfEmpresas o grandes grupos pueden reservar un City Game?","section_7_answer_14":"S\u00ed. Las empresas y grandes grupos pueden reservar una experiencia de City Game con hosting, con la gu\u00eda de nuestros anfitriones. Esta opci\u00f3n es perfecta para eventos de team building, salidas corporativas o grandes grupos.","section_7_answer_14_cta":"Explora la experiencia de City Game con hosting para grupos","section_8_h2_page_ending":"\u00bfListo para una aventura inolvidable?","section_8_text":"Explora ciudades de una manera divertida e interactiva con nuestros City Games. Resuelve acertijos, descubre lugares ocultos y descubre la ciudad mientras juegas con amigos, familia o colegas, cuando te convenga.","section_8_cta":"Encuentra un City Game cerca de ti"},"yoast_head":"<!-- This site is optimized with the Yoast SEO Premium plugin v26.2 (Yoast SEO v27.4) - https:\/\/yoast.com\/product\/yoast-seo-premium-wordpress\/ -->\n<title>Reserva City Games en Italia - City Game<\/title>\n<meta name=\"robots\" content=\"index, follow, max-snippet:-1, max-image-preview:large, max-video-preview:-1\" \/>\n<link rel=\"canonical\" href=\"https:\/\/citygame.com\/es\/prenota-il-tuo-city-game\/reserva-city-games-en-italia\/\" \/>\n<meta property=\"og:locale\" content=\"es_ES\" \/>\n<meta property=\"og:type\" content=\"article\" \/>\n<meta property=\"og:title\" content=\"Reserva City Games en Italia\" \/>\n<meta property=\"og:url\" content=\"https:\/\/citygame.com\/es\/prenota-il-tuo-city-game\/reserva-city-games-en-italia\/\" \/>\n<meta property=\"og:site_name\" content=\"City Game\" \/>\n<meta property=\"article:publisher\" content=\"https:\/\/www.facebook.com\/profile.php?id=100086426226253\" \/>\n<meta property=\"article:modified_time\" content=\"2026-04-23T08:16:26+00:00\" \/>\n<meta property=\"og:image\" content=\"https:\/\/citygame.com\/wp-content\/blogs.dir\/1\/files\/2026\/01\/colosseum-arch-of-constantine-rome.jpg\" \/>\n\t<meta property=\"og:image:width\" content=\"1376\" \/>\n\t<meta property=\"og:image:height\" content=\"768\" \/>\n\t<meta property=\"og:image:type\" content=\"image\/jpeg\" \/>\n<meta name=\"twitter:card\" content=\"summary_large_image\" \/>\n<script type=\"application\/ld+json\" class=\"yoast-schema-graph\">{\"@context\":\"https:\\\/\\\/schema.org\",\"@graph\":[{\"@type\":\"WebPage\",\"@id\":\"https:\\\/\\\/citygame.com\\\/es\\\/prenota-il-tuo-city-game\\\/reserva-city-games-en-italia\\\/\",\"url\":\"https:\\\/\\\/citygame.com\\\/es\\\/prenota-il-tuo-city-game\\\/reserva-city-games-en-italia\\\/\",\"name\":\"Reserva City Games en Italia - City Game\",\"isPartOf\":{\"@id\":\"https:\\\/\\\/citygame.com\\\/es\\\/#website\"},\"primaryImageOfPage\":{\"@id\":\"https:\\\/\\\/citygame.com\\\/es\\\/prenota-il-tuo-city-game\\\/reserva-city-games-en-italia\\\/#primaryimage\"},\"image\":{\"@id\":\"https:\\\/\\\/citygame.com\\\/es\\\/prenota-il-tuo-city-game\\\/reserva-city-games-en-italia\\\/#primaryimage\"},\"thumbnailUrl\":\"https:\\\/\\\/citygame.com\\\/wp-content\\\/blogs.dir\\\/1\\\/files\\\/2026\\\/01\\\/colosseum-arch-of-constantine-rome.jpg\",\"datePublished\":\"2026-03-17T12:09:23+00:00\",\"dateModified\":\"2026-04-23T08:16:26+00:00\",\"breadcrumb\":{\"@id\":\"https:\\\/\\\/citygame.com\\\/es\\\/prenota-il-tuo-city-game\\\/reserva-city-games-en-italia\\\/#breadcrumb\"},\"inLanguage\":\"es\",\"potentialAction\":[{\"@type\":\"ReadAction\",\"target\":[\"https:\\\/\\\/citygame.com\\\/es\\\/prenota-il-tuo-city-game\\\/reserva-city-games-en-italia\\\/\"]}]},{\"@type\":\"ImageObject\",\"inLanguage\":\"es\",\"@id\":\"https:\\\/\\\/citygame.com\\\/es\\\/prenota-il-tuo-city-game\\\/reserva-city-games-en-italia\\\/#primaryimage\",\"url\":\"https:\\\/\\\/citygame.com\\\/wp-content\\\/blogs.dir\\\/1\\\/files\\\/2026\\\/01\\\/colosseum-arch-of-constantine-rome.jpg\",\"contentUrl\":\"https:\\\/\\\/citygame.com\\\/wp-content\\\/blogs.dir\\\/1\\\/files\\\/2026\\\/01\\\/colosseum-arch-of-constantine-rome.jpg\",\"width\":1376,\"height\":768,\"caption\":\"The ancient Roman Colosseum and the nearby Arch of Constantine are bathed in warm light during a beautiful sunset.\"},{\"@type\":\"BreadcrumbList\",\"@id\":\"https:\\\/\\\/citygame.com\\\/es\\\/prenota-il-tuo-city-game\\\/reserva-city-games-en-italia\\\/#breadcrumb\",\"itemListElement\":[{\"@type\":\"ListItem\",\"position\":1,\"name\":\"Home\",\"item\":\"https:\\\/\\\/citygame.com\\\/es\\\/\"},{\"@type\":\"ListItem\",\"position\":2,\"name\":\"Prenota il tuo City Game\",\"item\":\"https:\\\/\\\/citygame.com\\\/es\\\/book\\\/\"},{\"@type\":\"ListItem\",\"position\":3,\"name\":\"Reserva City Games en Italia\"}]},{\"@type\":\"WebSite\",\"@id\":\"https:\\\/\\\/citygame.com\\\/es\\\/#website\",\"url\":\"https:\\\/\\\/citygame.com\\\/es\\\/\",\"name\":\"City Game\",\"description\":\"\",\"publisher\":{\"@id\":\"https:\\\/\\\/citygame.com\\\/es\\\/#organization\"},\"alternateName\":\"citygame.com\",\"potentialAction\":[{\"@type\":\"SearchAction\",\"target\":{\"@type\":\"EntryPoint\",\"urlTemplate\":\"https:\\\/\\\/citygame.com\\\/es\\\/?s={search_term_string}\"},\"query-input\":{\"@type\":\"PropertyValueSpecification\",\"valueRequired\":true,\"valueName\":\"search_term_string\"}}],\"inLanguage\":\"es\"},{\"@type\":\"Organization\",\"@id\":\"https:\\\/\\\/citygame.com\\\/es\\\/#organization\",\"name\":\"City Game\",\"alternateName\":\"citygame.com\",\"url\":\"https:\\\/\\\/citygame.com\\\/es\\\/\",\"logo\":{\"@type\":\"ImageObject\",\"inLanguage\":\"es\",\"@id\":\"https:\\\/\\\/citygame.com\\\/es\\\/#\\\/schema\\\/logo\\\/image\\\/\",\"url\":\"https:\\\/\\\/citygame.com\\\/wp-content\\\/blogs.dir\\\/1\\\/files\\\/2025\\\/10\\\/CG_LOGO-City-Game.png\",\"contentUrl\":\"https:\\\/\\\/citygame.com\\\/wp-content\\\/blogs.dir\\\/1\\\/files\\\/2025\\\/10\\\/CG_LOGO-City-Game.png\",\"width\":351,\"height\":377,\"caption\":\"City Game\"},\"image\":{\"@id\":\"https:\\\/\\\/citygame.com\\\/es\\\/#\\\/schema\\\/logo\\\/image\\\/\"},\"sameAs\":[\"https:\\\/\\\/www.facebook.com\\\/profile.php?id=100086426226253\",\"https:\\\/\\\/www.instagram.com\\\/citygame_com\",\"https:\\\/\\\/www.tiktok.com\\\/@citygamecom\\\/\",\"https:\\\/\\\/www.linkedin.com\\\/company\\\/citygame-com\"],\"description\":\"Turn any city into a playground with our interactive City Games and self-guided tours. Fun, flexible, and ideal for groups and team building.\"}]}<\/script>\n<!-- \/ Yoast SEO Premium plugin. -->","yoast_head_json":{"title":"Reserva City Games en Italia - City Game","robots":{"index":"index","follow":"follow","max-snippet":"max-snippet:-1","max-image-preview":"max-image-preview:large","max-video-preview":"max-video-preview:-1"},"canonical":"https:\/\/citygame.com\/es\/prenota-il-tuo-city-game\/reserva-city-games-en-italia\/","og_locale":"es_ES","og_type":"article","og_title":"Reserva City Games en Italia","og_url":"https:\/\/citygame.com\/es\/prenota-il-tuo-city-game\/reserva-city-games-en-italia\/","og_site_name":"City Game","article_publisher":"https:\/\/www.facebook.com\/profile.php?id=100086426226253","article_modified_time":"2026-04-23T08:16:26+00:00","og_image":[{"width":1376,"height":768,"url":"https:\/\/citygame.com\/wp-content\/blogs.dir\/1\/files\/2026\/01\/colosseum-arch-of-constantine-rome.jpg","type":"image\/jpeg"}],"twitter_card":"summary_large_image","schema":{"@context":"https:\/\/schema.org","@graph":[{"@type":"WebPage","@id":"https:\/\/citygame.com\/es\/prenota-il-tuo-city-game\/reserva-city-games-en-italia\/","url":"https:\/\/citygame.com\/es\/prenota-il-tuo-city-game\/reserva-city-games-en-italia\/","name":"Reserva City Games en Italia - City Game","isPartOf":{"@id":"https:\/\/citygame.com\/es\/#website"},"primaryImageOfPage":{"@id":"https:\/\/citygame.com\/es\/prenota-il-tuo-city-game\/reserva-city-games-en-italia\/#primaryimage"},"image":{"@id":"https:\/\/citygame.com\/es\/prenota-il-tuo-city-game\/reserva-city-games-en-italia\/#primaryimage"},"thumbnailUrl":"https:\/\/citygame.com\/wp-content\/blogs.dir\/1\/files\/2026\/01\/colosseum-arch-of-constantine-rome.jpg","datePublished":"2026-03-17T12:09:23+00:00","dateModified":"2026-04-23T08:16:26+00:00","breadcrumb":{"@id":"https:\/\/citygame.com\/es\/prenota-il-tuo-city-game\/reserva-city-games-en-italia\/#breadcrumb"},"inLanguage":"es","potentialAction":[{"@type":"ReadAction","target":["https:\/\/citygame.com\/es\/prenota-il-tuo-city-game\/reserva-city-games-en-italia\/"]}]},{"@type":"ImageObject","inLanguage":"es","@id":"https:\/\/citygame.com\/es\/prenota-il-tuo-city-game\/reserva-city-games-en-italia\/#primaryimage","url":"https:\/\/citygame.com\/wp-content\/blogs.dir\/1\/files\/2026\/01\/colosseum-arch-of-constantine-rome.jpg","contentUrl":"https:\/\/citygame.com\/wp-content\/blogs.dir\/1\/files\/2026\/01\/colosseum-arch-of-constantine-rome.jpg","width":1376,"height":768,"caption":"The ancient Roman Colosseum and the nearby Arch of Constantine are bathed in warm light during a beautiful sunset."},{"@type":"BreadcrumbList","@id":"https:\/\/citygame.com\/es\/prenota-il-tuo-city-game\/reserva-city-games-en-italia\/#breadcrumb","itemListElement":[{"@type":"ListItem","position":1,"name":"Home","item":"https:\/\/citygame.com\/es\/"},{"@type":"ListItem","position":2,"name":"Prenota il tuo City Game","item":"https:\/\/citygame.com\/es\/book\/"},{"@type":"ListItem","position":3,"name":"Reserva City Games en Italia"}]},{"@type":"WebSite","@id":"https:\/\/citygame.com\/es\/#website","url":"https:\/\/citygame.com\/es\/","name":"City Game","description":"","publisher":{"@id":"https:\/\/citygame.com\/es\/#organization"},"alternateName":"citygame.com","potentialAction":[{"@type":"SearchAction","target":{"@type":"EntryPoint","urlTemplate":"https:\/\/citygame.com\/es\/?s={search_term_string}"},"query-input":{"@type":"PropertyValueSpecification","valueRequired":true,"valueName":"search_term_string"}}],"inLanguage":"es"},{"@type":"Organization","@id":"https:\/\/citygame.com\/es\/#organization","name":"City Game","alternateName":"citygame.com","url":"https:\/\/citygame.com\/es\/","logo":{"@type":"ImageObject","inLanguage":"es","@id":"https:\/\/citygame.com\/es\/#\/schema\/logo\/image\/","url":"https:\/\/citygame.com\/wp-content\/blogs.dir\/1\/files\/2025\/10\/CG_LOGO-City-Game.png","contentUrl":"https:\/\/citygame.com\/wp-content\/blogs.dir\/1\/files\/2025\/10\/CG_LOGO-City-Game.png","width":351,"height":377,"caption":"City Game"},"image":{"@id":"https:\/\/citygame.com\/es\/#\/schema\/logo\/image\/"},"sameAs":["https:\/\/www.facebook.com\/profile.php?id=100086426226253","https:\/\/www.instagram.com\/citygame_com","https:\/\/www.tiktok.com\/@citygamecom\/","https:\/\/www.linkedin.com\/company\/citygame-com"],"description":"Turn any city into a playground with our interactive City Games and self-guided tours. Fun, flexible, and ideal for groups and team building."}]}},"taxonomy_info":{"cg_page_type":[{"value":636,"label":"Book in COUNTRY page"}]},"featured_image_src_large":["https:\/\/citygame.com\/wp-content\/blogs.dir\/1\/files\/2026\/01\/colosseum-arch-of-constantine-rome-1024x572.jpg",1024,572,true],"author_info":{"display_name":"Philip","author_link":"https:\/\/citygame.com\/es\/blog\/author\/sophi2\/"},"comment_info":0,"wpml_current_locale":"es_ES","wpml_translations":{"nl_NL":{"locale":"nl_NL","id":226794,"slug":"boek-city-games-in-italie","post_title":"Boek City Games in Itali\u00eb","href":"https:\/\/citygame.com\/nl\/book-your-city-game\/boek-city-games-in-italie\/"},"en_US":{"locale":"en_US","id":19192,"slug":"in-italy","post_title":"Book City Games in Italy","href":"https:\/\/citygame.com\/book\/in-italy\/"},"fr_FR":{"locale":"fr_FR","id":226813,"slug":"reservez-city-games-en-italie","post_title":"R\u00e9servez City Games en Italie","href":"https:\/\/citygame.com\/fr\/reservez-votre-city-game\/reservez-city-games-en-italie\/"},"de_DE":{"locale":"de_DE","id":226799,"slug":"city-games-in-italien-buchen","post_title":"City Games in Italien buchen","href":"https:\/\/citygame.com\/de\/buchen-sie-ihr-city-game\/city-games-in-italien-buchen\/"},"it_IT":{"locale":"it_IT","id":226822,"slug":"prenota-city-games-in-italia","post_title":"Prenota City Games in Italia","href":"https:\/\/citygame.com\/it\/prenota-il-tuo-city-game\/prenota-city-games-in-italia\/"},"es_ES":{"locale":"es_ES","translation":"current"}},"_links":{"self":[{"href":"https:\/\/citygame.com\/es\/wp-json\/wp\/v2\/pages\/226806","targetHints":{"allow":["GET"]}}],"collection":[{"href":"https:\/\/citygame.com\/es\/wp-json\/wp\/v2\/pages"}],"about":[{"href":"https:\/\/citygame.com\/es\/wp-json\/wp\/v2\/types\/page"}],"author":[{"embeddable":true,"href":"https:\/\/citygame.com\/es\/wp-json\/wp\/v2\/users\/78"}],"replies":[{"embeddable":true,"href":"https:\/\/citygame.com\/es\/wp-json\/wp\/v2\/comments?post=226806"}],"version-history":[{"count":0,"href":"https:\/\/citygame.com\/es\/wp-json\/wp\/v2\/pages\/226806\/revisions"}],"up":[{"embeddable":true,"href":"https:\/\/citygame.com\/es\/wp-json\/wp\/v2\/pages\/225832"}],"acf:term":[{"embeddable":true,"taxonomy":"cities-only-parent-location","href":"https:\/\/citygame.com\/es\/wp-json\/wp\/v2\/cities-only-parent-location\/485"}],"wp:featuredmedia":[{"embeddable":true,"href":"https:\/\/citygame.com\/es\/wp-json\/wp\/v2\/media\/7400"}],"wp:attachment":[{"href":"https:\/\/citygame.com\/es\/wp-json\/wp\/v2\/media?parent=226806"}],"wp:term":[{"taxonomy":"cities-only-parent-location","embeddable":true,"href":"https:\/\/citygame.com\/es\/wp-json\/wp\/v2\/cities-only-parent-location?post=226806"},{"taxonomy":"countries-only-parent-locations","embeddable":true,"href":"https:\/\/citygame.com\/es\/wp-json\/wp\/v2\/countries-only-parent-locations?post=226806"},{"taxonomy":"seo_keyword","embeddable":true,"href":"https:\/\/citygame.com\/es\/wp-json\/wp\/v2\/seo_keyword?post=226806"},{"taxonomy":"cg_page_type","embeddable":true,"href":"https:\/\/citygame.com\/es\/wp-json\/wp\/v2\/cg_page_type?post=226806"}],"curies":[{"name":"wp","href":"https:\/\/api.w.org\/{rel}","templated":true}]}}