{"id":226977,"date":"2026-04-23T09:24:54","date_gmt":"2026-04-23T09:24:54","guid":{"rendered":"https:\/\/citygame.com\/locations\/serbia\/city-game-belgrade-2\/"},"modified":"2026-04-23T09:24:54","modified_gmt":"2026-04-23T09:24:54","slug":"city-game-belgrade-2","status":"publish","type":"page","link":"https:\/\/citygame.com\/es\/localizaciones\/city-game-serbia\/city-game-belgrade-2\/","title":{"rendered":"City Game Belgrade"},"content":{"rendered":"","protected":false},"excerpt":{"rendered":"","protected":false},"author":78,"featured_media":12929,"parent":226728,"menu_order":0,"comment_status":"closed","ping_status":"closed","template":"","meta":{"_acf_changed":false,"_yoast_wpseo_focuskw":"City Game Belgrade","_yoast_wpseo_metadesc":"","_kad_blocks_custom_css":"","_kad_blocks_head_custom_js":"","_kad_blocks_body_custom_js":"","_kad_blocks_footer_custom_js":"","_kad_post_transparent":"","_kad_post_title":"","_kad_post_layout":"","_kad_post_sidebar_id":"","_kad_post_content_style":"","_kad_post_vertical_padding":"","_kad_post_feature":"","_kad_post_feature_position":"","_kad_post_header":false,"_kad_post_footer":false,"_kad_post_classname":"","footnotes":""},"cities-only-parent-location":[540],"countries-only-parent-locations":[],"seo_keyword":[],"cg_page_type":[45],"class_list":["post-226977","page","type-page","status-publish","has-post-thumbnail","hentry","cities-only-parent-location-serbia","cg_page_type-city-overview-page"],"acf":{"city_name":"Belgrado","select_city":83,"section_1_h2_city_games_in_city":"City Games in Belgrade","intro_text":"<p>City Games est\u00e1n disponibles en Belgrado, ofreciendo una forma \u00fanica de experimentar la ciudad a trav\u00e9s de aventuras interactivas y autoguiadas. Utilizando un tel\u00e9fono inteligente, los jugadores resuelven rompecabezas y completan desaf\u00edos mientras navegan por las calles a su propio ritmo. Esta combinaci\u00f3n de exploraci\u00f3n y juego permite a los participantes interactuar con Belgrado de manera activa y flexible.<\/p>\n","section_1_usp_1":"Comienza, pausa y contin\u00faa cuando quieras","section_1_usp_2":"Juega de forma independiente","section_1_usp_3":"1-4 o 2-5 personas por tel\u00e9fono inteligente, dependiendo de tu juego","section_1_usp_4":"De 1,5 a 2 horas de juego","section_1_usp_5":"Distancia a pie de 3-4 km","section_1_usp_6":"Se requiere conexi\u00f3n a Internet","section_1_text_2":"Elige tu City Game y empieza a jugar hoy.","section_1_cta":"Ver todos los City Games","intro_image":12930,"section_2_h2_all_city_games_in_city":"All City Games in Belgrade","section_3_h2_how_city_games_work_in_city":"C\u00f3mo funcionan City Games en Belgrado","section_3_text":"City Games en Belgrado son experiencias totalmente autoguiadas que te permiten explorar la ciudad a tu propio ritmo. Usando tu propio smartphone, caminar\u00e1s por el centro de la ciudad mientras resuelves rompecabezas, completas desaf\u00edos y sigues la historia de tu City Game elegido.\r\n\r\nDecides cu\u00e1ndo empezar, d\u00f3nde tomar descansos y qu\u00e9 tan r\u00e1pido juegas. No se necesita gu\u00eda, horario ni reserva.","section_3_usp_1":"Juega en equipos de amigos, familiares o colegas","section_3_usp_2":"Empieza cuando quieras, no se necesita gu\u00eda ni personal","section_3_usp_3":"Utiliza tu propio smartphone o tableta","section_3_usp_4":"Camina por la ciudad mientras resuelves rompecabezas y desaf\u00edos","section_3_usp_5":"Aprende datos curiosos sobre historia, cultura y lugares emblem\u00e1ticos","section_3_usp_6":"Disponible en varios idiomas","section_3_cta":"Elige tu City Game","section_3_step_1":"Paso 1","section_3_step_1_title":"Reserva tu City Game","section_3_step_1_text":"Elige tu ciudad y tu juego y recibir\u00e1s todo al instante despu\u00e9s de hacer la reserva.","section_3_step_2":"Paso 2","section_3_step_2_title":"Revisa tus instrucciones","section_3_step_2_text":"Abre tu correo de confirmaci\u00f3n con tu punto de inicio y c\u00f3mo empezar a jugar.","section_3_step_3":"Paso 3","section_3_step_3_title":"Dir\u00edgete al punto de inicio","section_3_step_3_text":"Dir\u00edgete al punto de inicio cuando quieras, sin hora fija.","section_3_step_4":"Paso 4","section_3_step_4_title":"Comienza a jugar","section_3_step_4_text":"Sigue las pistas, resuelve rompecabezas y explora la ciudad a tu propio ritmo!","how_city_games_work_image":12931,"section_4_h2_who_are_city_games_in_city_for":"Who are City Games in Belgrade for?","section_4_text":"City Games en Belgrado est\u00e1n dise\u00f1adas para cualquiera que quiera experimentar la ciudad de una manera interactiva y flexible. Ya sea que visites Belgrado por primera vez o que ya conozcas la ciudad, City Games ofrecen una actividad divertida que encaja f\u00e1cilmente en tu d\u00eda.","section_4_text_2":"City Games en Belgrado son adecuadas para:","section_4_usp_1":"Jugadores solitarios o grupos peque\u00f1os que buscan una aventura flexible","section_4_usp_2":"Turistas que exploran Belgrado","section_4_usp_3":"Amigos y familias que buscan una actividad divertida","section_4_usp_4":"Empresas y equipos que planifican un evento de team building","section_4_usp_5":"Habitantes que desean redescubrir su propia ciudad","section_4_cta":"Elige tu City Game","who_are_city_games_for_image":12932,"section_5_h2_exploring_city":"Explorando Belgrado","exploring_city_text":"Explorar Belgrado significa navegar una ciudad moldeada por el contraste y la continuidad. La Fortaleza Kalemegdan domina la confluencia de los r\u00edos Sava y Danubio, donde siglos de historia se despliegan a trav\u00e9s de piedra en capas y vistas ampliadas. Este punto de encuentro de las v\u00edas fluviales no solo define la geograf\u00eda de Belgrado, sino que tambi\u00e9n crea un ritmo de movimiento entre espacios verdes, paseos ribere\u00f1os y el bullicio del centro de la ciudad.\n\nStari Grad, el casco hist\u00f3rico, ofrece una tejido urbano denso donde reliquias otomanas y arquitectura de los Habsburgo se encuentran con calles estrechas llenas de vida local. Transitar desde esta zona hacia los anchos bulevares de Nueva Belgrado revela cambios marcados de atm\u00f3sfera, moldeados por la planificaci\u00f3n urbana de posguerra y estructuras modernistas. Estos contrasts hacen que desplazarse por Belgrado sea una experiencia din\u00e1mica de pasado y presente incrustada en el paisaje urbano.","exploring_city_image":12933,"section_6_h2_hosted_game":"Your favourite City Games, professionally hosted by our team","section_6_text":"Disfruta de los mismos City Games que nuestra versi\u00f3n autoguiada, pero con un soporte completo en sitio por parte de nuestros anfitriones profesionales. Nos encargamos de la sesi\u00f3n informativa, las tablets, la coordinaci\u00f3n y el soporte t\u00e9cnico, para que tu grupo pueda centrarse por completo en la diversi\u00f3n y la competici\u00f3n.","section_6_text_2":"What\u2019s included:","section_6_usp_1_title":"Mismo City Game, totalmente gestionado","section_6_usp_1_text":"Juegas la misma experiencia exacta que en nuestra versi\u00f3n autoguiada, ahora con nuestros anfitriones guiando a tu grupo.","section_6_usp_2_title":"Clasificaci\u00f3n en vivo y ceremonia de premiaci\u00f3n","section_6_usp_2_text":"Para grupos grandes, nuestros anfitriones revelan las puntuaciones finales y anuncian al equipo ganador con un momento de premiaci\u00f3n divertido.","section_6_usp_3_title":"Inicio y final con anfitriones","section_6_usp_3_text":"Damos la bienvenida a tu grupo, explicamos el juego claramente y terminamos con un cierre emocionante.","section_6_usp_4_title":"Soporte en tiempo real durante el juego","section_6_usp_4_text":"Nuestro equipo asiste con dispositivos, problemas de la aplicaci\u00f3n y la coordinaci\u00f3n durante toda la experiencia.","section_6_usp_5_title":"Tablets incluidas (opcional)","section_6_usp_5_text":"Disponible para grupos que prefieren usar nuestros dispositivos en lugar de los suyos.","section_6_text_3":"Confiado por equipos de todo el mundo, desde grupos peque\u00f1os hasta grandes eventos corporativos.","section_6_cta":"Planifica tu evento en grupo","section_7_h2_reviews":"Qu\u00e9 opinan otros de nuestros City Games","section_7_cta_1":"Todas las rese\u00f1as","section_7_cta_2":"Escribe una rese\u00f1a","section_8_h2_faq":"\u00bfTienes preguntas? \u00a1Tenemos respuestas!","section_8_text":"Consulta nuestras preguntas frecuentes y descubre todo lo que quieres saber. \u00bfTu pregunta no est\u00e1 entre ellas? No dudes en contactarnos.","section_8_cta_1":"Ver todas las preguntas frecuentes","section_8_cta_2":"Obtener soporte","section_8_question_1":"\u00bfQu\u00e9 son City Games en Belgrado?","section_8_answer_1":"City Games en Belgrado son <strong>experiencias interactivas y autoguiadas<\/strong> que te permiten explorar la ciudad mientras juegas. \r\n\rUtilizando tu smartphone, resuelves rompecabezas, completas desaf\u00edos y sigues la historia de tu City Game elegida mientras recorres la ciudad. \r\n\r\nCity Games combinan el trabajo en equipo, la resoluci\u00f3n de problemas y la exploraci\u00f3n al aire libre, convirti\u00e9ndolas en una actividad divertida para visitantes, residentes y grupos por igual.","section_8_question_2":"\u00bfNecesito una gu\u00eda para jugar City Game en Belgrado?","section_8_answer_2":"<p class=\"kt-adv-heading2034_2420ea-ca wp-block-kadence-advancedheading\" data-kb-block=\"kb-adv-heading2034_2420ea-ca\">No, City Games en Belgrado son <strong>totalmente autoguiadas<\/strong>. No necesitas una gu\u00eda, un anfitri\u00f3n ni personal en el sitio para jugar. Todas las instrucciones y la jugabilidad se proporcionan digitalmente, lo que te permite empezar y jugar de forma independiente usando tu propio smartphone.<\/p>\r\nEsta flexibilidad hace que City Games sea f\u00e1cil de adaptar a tu propio horario.\r\n<p class=\"kt-adv-heading2034_cd3db2-33 wp-block-kadence-advancedheading hls-none\" data-kb-block=\"kb-adv-heading2034_cd3db2-33\">Para grupos grandes o eventos corporativos, tambi\u00e9n est\u00e1 disponible una versi\u00f3n totalmente gestionada de nuestros City Games, que incluye orientaci\u00f3n en sitio, tablets y soporte en vivo.<\/p>\r\n\u00bfPlaneas un grupo grande o un evento corporativo?","section_8_answer_2_cta":"Explora la experiencia City Game alojada para grupos","section_8_question_3":"\u00bfCu\u00e1ndo podemos empezar a jugar City Game en Belgrado?","section_8_answer_3":"\u00a1Puedes empezar a jugar <strong>cuando te convenga<\/strong>! City Games en Belgrado no tienen horarios de inicio fijos, por lo que eres libre de comenzar en el momento que se ajuste a tus planes.\r\n\r\nDespu\u00e9s de reservar, recibir\u00e1s instrucciones claras que explican c\u00f3mo y cu\u00e1ndo puedes empezar tu City Game!","section_8_question_4":"\u00bfCu\u00e1nto dura un City Game en Belgrado?","section_8_answer_4":"Los City Games en Belgrado duran <strong>aproximadamente 1,5 a 2 horas<\/strong> para completarse! La duraci\u00f3n exacta depende de tu ritmo, de cu\u00e1ntas pausas tomes y de cu\u00e1n r\u00e1pido resuelvas los rompecabezas y desaf\u00edos.\r\n\r\nPuedes jugar a tu propia velocidad y pausar el juego cuando quieras!","section_8_question_5":"\u00bfPodemos jugar un City Game en Belgrado con un grupo grande?","section_8_answer_5":"<p class=\"kt-adv-heading2034_97743b-76 wp-block-kadence-advancedheading\" data-kb-block=\"kb-adv-heading2034_97743b-76\">S\u00ed, City Games son adecuados para <strong>grupos peque\u00f1os y equipos grandes<\/strong>. Los grupos grandes pueden dividirse f\u00e1cilmente en equipos m\u00e1s peque\u00f1os y jugar el City Game al mismo tiempo, usando varios smartphones. Cada equipo juega de forma independiente, siguiendo el mismo concepto de juego y la misma historia.<\/p>\r\nEste formato funciona bien para grupos de amigos, familias y empresas, y convierte a City Games en una opci\u00f3n popular para salidas de equipo, eventos y actividades de team building.\r\n<p class=\"kt-adv-heading2034_7442e3-e3 wp-block-kadence-advancedheading hls-none\" data-kb-block=\"kb-adv-heading2034_7442e3-e3\">Para grupos grandes o eventos corporativos, tambi\u00e9n est\u00e1 disponible una versi\u00f3n totalmente gestionada de nuestros City Games, que incluye orientaci\u00f3n en sitio, tablets y soporte en vivo.<\/p>\r\n\u00bfPlaneas un grupo m\u00e1s grande o un evento corporativo?","section_8_answer_5_cta":"Explora la experiencia City Game alojada para grupos","section_8_question_6":"\u00bfSon City Games en Belgrado adecuados para turistas y locales?","section_8_answer_6":"S\u00ed, City Games en Belgrado son adecuados para <strong>tanto turistas como locales<\/strong>. Los visitantes pueden experimentar la ciudad de forma interactiva, mientras que los locales pueden disfrutar de calles familiares como escenario de un City Game.\r\n\r\nComo cada City Game se centra en la jugabilidad y la narraci\u00f3n, la experiencia se siente fresca independientemente de cu\u00e1n bien conozcas ya la ciudad.","section_8_question_7":"\u00bfEst\u00e1n disponibles City Games en Belgrado en varios idiomas?","section_8_answer_7":"S\u00ed, City Games en Belgrado est\u00e1n <strong>disponibles en varios idiomas<\/strong>. Puedes seleccionar tu idioma preferido antes o durante el juego, haciendo City Games accesibles para visitantes internacionales y grupos multiling\u00fces.","section_8_question_8":"\u00bfQu\u00e9 necesitamos para jugar un City Game en Belgrado?","section_8_answer_8":"Para jugar un City Game en Belgrado, necesitas:","section_8_answer_8_usp_1":"Un tel\u00e9fono inteligente con conexi\u00f3n a Internet","section_8_answer_8_usp_2":"Una bater\u00eda cargada","section_8_answer_8_usp_3":"Zapatos c\u00f3modos para caminar","section_8_answer_8_2":"Todo el contenido del juego e instrucciones se proporcionan digitalmente tras la reserva.","section_9_h2_instagram":"Ver m\u00e1s en Instagram","section_9_text":"Inspiraci\u00f3n de viaje, rompecabezas, tesoros escondidos y momentos de City Game, directamente de nuestra comunidad","section_9_cta":"S\u00edguenos en Instagram","section_10_h2_page_ending":"\u00bfListo para una aventura inolvidable en Belgrado?","section_10_text":"Explora Belgrado de una manera \u00fanica e interactiva con nuestros City Games. Juega hoy y crea recuerdos duraderos!","section_10_cta":"Reserva tu City Game ahora","latitude":44.816088,"longitude":20.4599624,"country":540,"map_enabled":true},"yoast_head":"<!-- This site is optimized with the Yoast SEO Premium plugin v26.2 (Yoast SEO v27.4) - https:\/\/yoast.com\/product\/yoast-seo-premium-wordpress\/ -->\n<title>City Game Belgrade - City Game<\/title>\n<meta name=\"robots\" content=\"index, follow, max-snippet:-1, max-image-preview:large, max-video-preview:-1\" \/>\n<link rel=\"canonical\" href=\"https:\/\/citygame.com\/es\/localizaciones\/city-game-serbia\/city-game-belgrade-2\/\" \/>\n<meta property=\"og:locale\" content=\"es_ES\" \/>\n<meta property=\"og:type\" content=\"article\" \/>\n<meta property=\"og:title\" content=\"City Game Belgrade\" \/>\n<meta property=\"og:url\" content=\"https:\/\/citygame.com\/es\/localizaciones\/city-game-serbia\/city-game-belgrade-2\/\" \/>\n<meta property=\"og:site_name\" content=\"City Game\" \/>\n<meta property=\"article:publisher\" content=\"https:\/\/www.facebook.com\/profile.php?id=100086426226253\" \/>\n<meta property=\"og:image\" content=\"https:\/\/citygame.com\/wp-content\/blogs.dir\/1\/files\/2026\/02\/belgrade-pobednik-monument-kalemegdan-sunset.jpg\" \/>\n\t<meta property=\"og:image:width\" content=\"1376\" \/>\n\t<meta property=\"og:image:height\" content=\"768\" \/>\n\t<meta property=\"og:image:type\" content=\"image\/jpeg\" \/>\n<meta name=\"twitter:card\" content=\"summary_large_image\" \/>\n<script type=\"application\/ld+json\" class=\"yoast-schema-graph\">{\"@context\":\"https:\\\/\\\/schema.org\",\"@graph\":[{\"@type\":\"WebPage\",\"@id\":\"https:\\\/\\\/citygame.com\\\/es\\\/localizaciones\\\/city-game-serbia\\\/city-game-belgrade-2\\\/\",\"url\":\"https:\\\/\\\/citygame.com\\\/es\\\/localizaciones\\\/city-game-serbia\\\/city-game-belgrade-2\\\/\",\"name\":\"City Game Belgrade - City Game\",\"isPartOf\":{\"@id\":\"https:\\\/\\\/citygame.com\\\/es\\\/#website\"},\"primaryImageOfPage\":{\"@id\":\"https:\\\/\\\/citygame.com\\\/es\\\/localizaciones\\\/city-game-serbia\\\/city-game-belgrade-2\\\/#primaryimage\"},\"image\":{\"@id\":\"https:\\\/\\\/citygame.com\\\/es\\\/localizaciones\\\/city-game-serbia\\\/city-game-belgrade-2\\\/#primaryimage\"},\"thumbnailUrl\":\"https:\\\/\\\/citygame.com\\\/wp-content\\\/blogs.dir\\\/1\\\/files\\\/2026\\\/02\\\/belgrade-pobednik-monument-kalemegdan-sunset.jpg\",\"datePublished\":\"2026-04-23T09:24:54+00:00\",\"breadcrumb\":{\"@id\":\"https:\\\/\\\/citygame.com\\\/es\\\/localizaciones\\\/city-game-serbia\\\/city-game-belgrade-2\\\/#breadcrumb\"},\"inLanguage\":\"es\",\"potentialAction\":[{\"@type\":\"ReadAction\",\"target\":[\"https:\\\/\\\/citygame.com\\\/es\\\/localizaciones\\\/city-game-serbia\\\/city-game-belgrade-2\\\/\"]}]},{\"@type\":\"ImageObject\",\"inLanguage\":\"es\",\"@id\":\"https:\\\/\\\/citygame.com\\\/es\\\/localizaciones\\\/city-game-serbia\\\/city-game-belgrade-2\\\/#primaryimage\",\"url\":\"https:\\\/\\\/citygame.com\\\/wp-content\\\/blogs.dir\\\/1\\\/files\\\/2026\\\/02\\\/belgrade-pobednik-monument-kalemegdan-sunset.jpg\",\"contentUrl\":\"https:\\\/\\\/citygame.com\\\/wp-content\\\/blogs.dir\\\/1\\\/files\\\/2026\\\/02\\\/belgrade-pobednik-monument-kalemegdan-sunset.jpg\",\"width\":1376,\"height\":768,\"caption\":\"People enjoy the sunset view from Kalemegdan Fortress, with the Pobednik monument in the foreground.\"},{\"@type\":\"BreadcrumbList\",\"@id\":\"https:\\\/\\\/citygame.com\\\/es\\\/localizaciones\\\/city-game-serbia\\\/city-game-belgrade-2\\\/#breadcrumb\",\"itemListElement\":[{\"@type\":\"ListItem\",\"position\":1,\"name\":\"Home\",\"item\":\"https:\\\/\\\/citygame.com\\\/es\\\/\"},{\"@type\":\"ListItem\",\"position\":2,\"name\":\"Localizaciones\",\"item\":\"https:\\\/\\\/citygame.com\\\/es\\\/localizaciones\\\/\"},{\"@type\":\"ListItem\",\"position\":3,\"name\":\"City Game Serbia\",\"item\":\"https:\\\/\\\/citygame.com\\\/es\\\/localizaciones\\\/city-game-serbia\\\/\"},{\"@type\":\"ListItem\",\"position\":4,\"name\":\"City Game Belgrade\"}]},{\"@type\":\"WebSite\",\"@id\":\"https:\\\/\\\/citygame.com\\\/es\\\/#website\",\"url\":\"https:\\\/\\\/citygame.com\\\/es\\\/\",\"name\":\"City Game\",\"description\":\"\",\"publisher\":{\"@id\":\"https:\\\/\\\/citygame.com\\\/es\\\/#organization\"},\"alternateName\":\"citygame.com\",\"potentialAction\":[{\"@type\":\"SearchAction\",\"target\":{\"@type\":\"EntryPoint\",\"urlTemplate\":\"https:\\\/\\\/citygame.com\\\/es\\\/?s={search_term_string}\"},\"query-input\":{\"@type\":\"PropertyValueSpecification\",\"valueRequired\":true,\"valueName\":\"search_term_string\"}}],\"inLanguage\":\"es\"},{\"@type\":\"Organization\",\"@id\":\"https:\\\/\\\/citygame.com\\\/es\\\/#organization\",\"name\":\"City Game\",\"alternateName\":\"citygame.com\",\"url\":\"https:\\\/\\\/citygame.com\\\/es\\\/\",\"logo\":{\"@type\":\"ImageObject\",\"inLanguage\":\"es\",\"@id\":\"https:\\\/\\\/citygame.com\\\/es\\\/#\\\/schema\\\/logo\\\/image\\\/\",\"url\":\"https:\\\/\\\/citygame.com\\\/wp-content\\\/blogs.dir\\\/1\\\/files\\\/2025\\\/10\\\/CG_LOGO-City-Game.png\",\"contentUrl\":\"https:\\\/\\\/citygame.com\\\/wp-content\\\/blogs.dir\\\/1\\\/files\\\/2025\\\/10\\\/CG_LOGO-City-Game.png\",\"width\":351,\"height\":377,\"caption\":\"City Game\"},\"image\":{\"@id\":\"https:\\\/\\\/citygame.com\\\/es\\\/#\\\/schema\\\/logo\\\/image\\\/\"},\"sameAs\":[\"https:\\\/\\\/www.facebook.com\\\/profile.php?id=100086426226253\",\"https:\\\/\\\/www.instagram.com\\\/citygame_com\",\"https:\\\/\\\/www.tiktok.com\\\/@citygamecom\\\/\",\"https:\\\/\\\/www.linkedin.com\\\/company\\\/citygame-com\"],\"description\":\"Turn any city into a playground with our interactive City Games and self-guided tours. Fun, flexible, and ideal for groups and team building.\"}]}<\/script>\n<!-- \/ Yoast SEO Premium plugin. -->","yoast_head_json":{"title":"City Game Belgrade - City Game","robots":{"index":"index","follow":"follow","max-snippet":"max-snippet:-1","max-image-preview":"max-image-preview:large","max-video-preview":"max-video-preview:-1"},"canonical":"https:\/\/citygame.com\/es\/localizaciones\/city-game-serbia\/city-game-belgrade-2\/","og_locale":"es_ES","og_type":"article","og_title":"City Game Belgrade","og_url":"https:\/\/citygame.com\/es\/localizaciones\/city-game-serbia\/city-game-belgrade-2\/","og_site_name":"City Game","article_publisher":"https:\/\/www.facebook.com\/profile.php?id=100086426226253","og_image":[{"width":1376,"height":768,"url":"https:\/\/citygame.com\/wp-content\/blogs.dir\/1\/files\/2026\/02\/belgrade-pobednik-monument-kalemegdan-sunset.jpg","type":"image\/jpeg"}],"twitter_card":"summary_large_image","schema":{"@context":"https:\/\/schema.org","@graph":[{"@type":"WebPage","@id":"https:\/\/citygame.com\/es\/localizaciones\/city-game-serbia\/city-game-belgrade-2\/","url":"https:\/\/citygame.com\/es\/localizaciones\/city-game-serbia\/city-game-belgrade-2\/","name":"City Game Belgrade - City Game","isPartOf":{"@id":"https:\/\/citygame.com\/es\/#website"},"primaryImageOfPage":{"@id":"https:\/\/citygame.com\/es\/localizaciones\/city-game-serbia\/city-game-belgrade-2\/#primaryimage"},"image":{"@id":"https:\/\/citygame.com\/es\/localizaciones\/city-game-serbia\/city-game-belgrade-2\/#primaryimage"},"thumbnailUrl":"https:\/\/citygame.com\/wp-content\/blogs.dir\/1\/files\/2026\/02\/belgrade-pobednik-monument-kalemegdan-sunset.jpg","datePublished":"2026-04-23T09:24:54+00:00","breadcrumb":{"@id":"https:\/\/citygame.com\/es\/localizaciones\/city-game-serbia\/city-game-belgrade-2\/#breadcrumb"},"inLanguage":"es","potentialAction":[{"@type":"ReadAction","target":["https:\/\/citygame.com\/es\/localizaciones\/city-game-serbia\/city-game-belgrade-2\/"]}]},{"@type":"ImageObject","inLanguage":"es","@id":"https:\/\/citygame.com\/es\/localizaciones\/city-game-serbia\/city-game-belgrade-2\/#primaryimage","url":"https:\/\/citygame.com\/wp-content\/blogs.dir\/1\/files\/2026\/02\/belgrade-pobednik-monument-kalemegdan-sunset.jpg","contentUrl":"https:\/\/citygame.com\/wp-content\/blogs.dir\/1\/files\/2026\/02\/belgrade-pobednik-monument-kalemegdan-sunset.jpg","width":1376,"height":768,"caption":"People enjoy the sunset view from Kalemegdan Fortress, with the Pobednik monument in the foreground."},{"@type":"BreadcrumbList","@id":"https:\/\/citygame.com\/es\/localizaciones\/city-game-serbia\/city-game-belgrade-2\/#breadcrumb","itemListElement":[{"@type":"ListItem","position":1,"name":"Home","item":"https:\/\/citygame.com\/es\/"},{"@type":"ListItem","position":2,"name":"Localizaciones","item":"https:\/\/citygame.com\/es\/localizaciones\/"},{"@type":"ListItem","position":3,"name":"City Game Serbia","item":"https:\/\/citygame.com\/es\/localizaciones\/city-game-serbia\/"},{"@type":"ListItem","position":4,"name":"City Game Belgrade"}]},{"@type":"WebSite","@id":"https:\/\/citygame.com\/es\/#website","url":"https:\/\/citygame.com\/es\/","name":"City Game","description":"","publisher":{"@id":"https:\/\/citygame.com\/es\/#organization"},"alternateName":"citygame.com","potentialAction":[{"@type":"SearchAction","target":{"@type":"EntryPoint","urlTemplate":"https:\/\/citygame.com\/es\/?s={search_term_string}"},"query-input":{"@type":"PropertyValueSpecification","valueRequired":true,"valueName":"search_term_string"}}],"inLanguage":"es"},{"@type":"Organization","@id":"https:\/\/citygame.com\/es\/#organization","name":"City Game","alternateName":"citygame.com","url":"https:\/\/citygame.com\/es\/","logo":{"@type":"ImageObject","inLanguage":"es","@id":"https:\/\/citygame.com\/es\/#\/schema\/logo\/image\/","url":"https:\/\/citygame.com\/wp-content\/blogs.dir\/1\/files\/2025\/10\/CG_LOGO-City-Game.png","contentUrl":"https:\/\/citygame.com\/wp-content\/blogs.dir\/1\/files\/2025\/10\/CG_LOGO-City-Game.png","width":351,"height":377,"caption":"City Game"},"image":{"@id":"https:\/\/citygame.com\/es\/#\/schema\/logo\/image\/"},"sameAs":["https:\/\/www.facebook.com\/profile.php?id=100086426226253","https:\/\/www.instagram.com\/citygame_com","https:\/\/www.tiktok.com\/@citygamecom\/","https:\/\/www.linkedin.com\/company\/citygame-com"],"description":"Turn any city into a playground with our interactive City Games and self-guided tours. Fun, flexible, and ideal for groups and team building."}]}},"taxonomy_info":{"cities-only-parent-location":[{"value":540,"label":"Serbia"}],"cg_page_type":[{"value":45,"label":"City overview page"}]},"featured_image_src_large":["https:\/\/citygame.com\/wp-content\/blogs.dir\/1\/files\/2026\/02\/belgrade-pobednik-monument-kalemegdan-sunset-1024x572.jpg",1024,572,true],"author_info":{"display_name":"Philip","author_link":"https:\/\/citygame.com\/es\/blog\/author\/sophi2\/"},"comment_info":0,"wpml_current_locale":"es_ES","wpml_translations":{"nl_NL":{"locale":"nl_NL","id":226963,"slug":"city-game-belgrado","post_title":"City Game Belgrado","href":"https:\/\/citygame.com\/nl\/locaties\/city-game-serbia\/city-game-belgrado\/"},"en_US":{"locale":"en_US","id":12940,"slug":"city-game-belgrade","post_title":"City Game Belgrade","href":"https:\/\/citygame.com\/locations\/serbia\/city-game-belgrade\/"},"fr_FR":{"locale":"fr_FR","translation":false},"de_DE":{"locale":"de_DE","id":226970,"slug":"city-game-belgrad","post_title":"City Game Belgrad","href":"https:\/\/citygame.com\/de\/standorte\/city-game-serbia\/city-game-belgrad\/"},"it_IT":{"locale":"it_IT","translation":false},"es_ES":{"locale":"es_ES","translation":"current"}},"_links":{"self":[{"href":"https:\/\/citygame.com\/es\/wp-json\/wp\/v2\/pages\/226977","targetHints":{"allow":["GET"]}}],"collection":[{"href":"https:\/\/citygame.com\/es\/wp-json\/wp\/v2\/pages"}],"about":[{"href":"https:\/\/citygame.com\/es\/wp-json\/wp\/v2\/types\/page"}],"author":[{"embeddable":true,"href":"https:\/\/citygame.com\/es\/wp-json\/wp\/v2\/users\/78"}],"replies":[{"embeddable":true,"href":"https:\/\/citygame.com\/es\/wp-json\/wp\/v2\/comments?post=226977"}],"version-history":[{"count":0,"href":"https:\/\/citygame.com\/es\/wp-json\/wp\/v2\/pages\/226977\/revisions"}],"up":[{"embeddable":true,"href":"https:\/\/citygame.com\/es\/wp-json\/wp\/v2\/pages\/226728"}],"acf:term":[{"embeddable":true,"taxonomy":"cities-only-parent-location","href":"https:\/\/citygame.com\/es\/wp-json\/wp\/v2\/cities-only-parent-location\/540"},{"embeddable":true,"taxonomy":"location","href":"https:\/\/citygame.com\/es\/wp-json\/wp\/v2\/location\/83"}],"wp:featuredmedia":[{"embeddable":true,"href":"https:\/\/citygame.com\/es\/wp-json\/wp\/v2\/media\/12929"}],"wp:attachment":[{"href":"https:\/\/citygame.com\/es\/wp-json\/wp\/v2\/media?parent=226977"}],"wp:term":[{"taxonomy":"cities-only-parent-location","embeddable":true,"href":"https:\/\/citygame.com\/es\/wp-json\/wp\/v2\/cities-only-parent-location?post=226977"},{"taxonomy":"countries-only-parent-locations","embeddable":true,"href":"https:\/\/citygame.com\/es\/wp-json\/wp\/v2\/countries-only-parent-locations?post=226977"},{"taxonomy":"seo_keyword","embeddable":true,"href":"https:\/\/citygame.com\/es\/wp-json\/wp\/v2\/seo_keyword?post=226977"},{"taxonomy":"cg_page_type","embeddable":true,"href":"https:\/\/citygame.com\/es\/wp-json\/wp\/v2\/cg_page_type?post=226977"}],"curies":[{"name":"wp","href":"https:\/\/api.w.org\/{rel}","templated":true}]}}