{"id":227011,"date":"2026-01-27T15:46:29","date_gmt":"2026-01-27T15:46:29","guid":{"rendered":"https:\/\/citygame.com\/locations\/city-game-sweden\/"},"modified":"2026-04-23T10:16:52","modified_gmt":"2026-04-23T10:16:52","slug":"city-game-sweden","status":"publish","type":"page","link":"https:\/\/citygame.com\/es\/localizaciones\/city-game-sweden\/","title":{"rendered":"City Game Sweden"},"content":{"rendered":"","protected":false},"excerpt":{"rendered":"","protected":false},"author":78,"featured_media":5544,"parent":225605,"menu_order":0,"comment_status":"closed","ping_status":"closed","template":"","meta":{"_acf_changed":false,"_yoast_wpseo_focuskw":"City Game Sweden","_yoast_wpseo_metadesc":"","_kad_blocks_custom_css":"","_kad_blocks_head_custom_js":"","_kad_blocks_body_custom_js":"","_kad_blocks_footer_custom_js":"","_kad_post_transparent":"","_kad_post_title":"","_kad_post_layout":"","_kad_post_sidebar_id":"","_kad_post_content_style":"","_kad_post_vertical_padding":"","_kad_post_feature":"","_kad_post_feature_position":"","_kad_post_header":false,"_kad_post_footer":false,"_kad_post_classname":"","footnotes":""},"cities-only-parent-location":[],"countries-only-parent-locations":[440],"seo_keyword":[],"cg_page_type":[44],"class_list":["post-227011","page","type-page","status-publish","has-post-thumbnail","hentry","countries-only-parent-locations-europe","cg_page_type-country-overview-page"],"acf":{"country_name":"Sweden","intro_text":"Juega City Games en Suecia y descubre ciudades de una manera divertida y atractiva. Resuelve acertijos, completa desaf\u00edos y explora tanto los lugares destacados como tesoros ocultos. Todos los City Games son autoguiados y se pueden jugar en tu propio tel\u00e9fono inteligente, cuando quieras.","intro_image":5547,"how_city_games_work_image":5550,"who_are_city_games_for_image":5558,"exploring_country_text":"Las ciudades de Suecia combinan una planificaci\u00f3n urbana reflexiva con una fuerte conexi\u00f3n con el entorno que las rodea. Muchas son de tama\u00f1o compacto, lo que facilita desplazarse a pie o en transporte p\u00fablico. Las calles suelen estar bien organizadas, con centros definidos y zonas residenciales tranquilas que fomentan un equilibrio entre movimiento y quietud.\r\n\r\nEl ritmo de la vida diaria en las ciudades suecas es, en general, tranquilo y pausado. Los espacios p\u00fablicos se utilizan ampliamente y se mantienen bien, desde plazas abiertas hasta corredores verdes, contribuyendo a una atm\u00f3sfera calmada pero activa. Desplazarse por estas ciudades a menudo se siente sin esfuerzos, con un dise\u00f1o funcional que respalda tanto las necesidades pr\u00e1cticas como los momentos de reflexi\u00f3n.\r\n\r\nExiste un contraste notable entre ciudades a lo largo del pa\u00eds. Las grandes ciudades como Estocolmo o Gotemburgo ofrecen barrios con capas de distintas sensaciones, mientras que las ciudades m\u00e1s peque\u00f1as pueden sentirse m\u00e1s uniformes e \u00edntimas. A pesar de sus diferencias, las ciudades suecas comparten un sentido de orden y accesibilidad, haciendo que la exploraci\u00f3n urbana sea intuitiva y est\u00e9 arraigada en la vida cotidiana.","exploring_country_image":5565,"faq_answer_1":"Los City Games est\u00e1n disponibles en ciudades de Suecia. Elige una ciudad a continuaci\u00f3n para ver qu\u00e9 City Games puedes jugar all\u00ed.","select_country":477,"intro_h2_city_games_in_country":"City Games in Sweden","intro_usp_1":"1,5-2 horas de juego","intro_usp_2":"3-4 km de distancia a pie","intro_usp_3":"Empieza, pausa y contin\u00faa cuando quieras","intro_usp_4":"1-4 o 2-5 personas por tel\u00e9fono inteligente, dependiendo de tu juego","intro_usp_5":"Juega de forma independiente","intro_usp_6":"Conexi\u00f3n a Internet requerida","intro_text_2":"\u00a1Elige tu ciudad y empieza a jugar hoy!","intro_cta":"Check all locations","section_2_h2_choose_your_city_in_country":"Choose your city in Sweden","section_2_text_1":"City Games are available in cities across Sweden. Choose a city below to see which City Games you can play there.\n","section_3_h2_all_city_game_locations_in_country":"All City Game locations in Sweden","section_4_h2_how_city_games_work_in_country":"How City Games Work in Sweden","section_4_text_1":"City Games in Sweden are fully self-guided experiences that let you explore a city at your own pace.","section_4_text_2":"Simply choose your city and game, follow the instructions on your smartphone and start playing whenever it suits you.","section_4_usp_1":"Play in teams of friends, family or colleagues","section_4_usp_2":"Start whenever you like, no guide or staff needed","section_4_usp_3":"Use your own smartphone or tablet","section_4_usp_4":"Walk through the city while solving puzzles and challenges","section_4_usp_5":"Learn fun facts about history, culture and landmarks","section_4_usp_6":"Available in multiple languages","section_4_cta":"Choose your city","section_4_step_1":"Book your City Game","section_4_step_1_title":"Book your City Game","section_4_step_1_text":"Choose your city and game and receive everything instantly after booking.","section_4_step_2":"Step 2","section_4_step_2_title":"Check your instructions","section_4_step_2_text":"Open your instructions email with your starting point and how to start playing.","section_4_step_3":"Step 3","section_4_step_3_title":"Go to the starting location","section_4_step_3_text":"Head to the starting point whenever you want, no fixed time.","section_4_step_4":"<strong>Step 4<\/strong>","section_4_step_4_title":"Step 4","section_4_step_4_text":"Follow the clues, solve puzzles and explore the city at your own pace!","section_5_h2_city_game_concepts_in_country":"City Game Concepts in Sweden","section_5_secrets_title":"Secrets of Exploration Game","section_5_secrets_text":"Discover cities in a fun and interactive way with the Secrets of Exploration City Game. Solve puzzles, complete creative challenges and uncover both famous highlights and hidden places. Along the way, you\u2019ll learn surprising facts about history, culture and local stories while playing at your own pace.","section_5_syndicate_title":"The Syndicate City Escape Game","section_5_syndicate_text":"Step into a thrilling city escape adventure with The Syndicate. Work together as a team to solve riddles, crack codes and recover stolen formulas before time runs out. This story-driven City Game focuses on teamwork, problem-solving and immersive gameplay in an urban setting.","section_5_sherlock_title":"Sherlock Holmes Murder Mystery","section_5_sherlock_text":"Solve an interactive murder mystery in the Sherlock Holmes City Game. Follow a gripping storyline, investigate suspects and collect clues to uncover the truth behind a mysterious case. The city forms an atmospheric backdrop for the story, allowing you to fully focus on deduction, logic and teamwork.","hours":"horas","concepts_cta":"Read more about this game","section_5_text_2":"Each concept is available in multiple cities in Sweden","section_5_cta":"Explore all City Games","section_6_h2_who_are_city_games_in_country_for":"Who are City Games in Sweden For?","section_6_text":"City Games in Sweden are suitable for:","section_6_usp_1":"Solo players or small groups looking for a flexible adventure","section_6_usp_2":"Tourists exploring cities in Sweden","section_6_usp_3":"Friends and families looking for a fun activity","section_6_usp_4":"Companies and teams planning a teambuilding event","section_6_usp_5":"Choose your city","section_6_cta":"Choose your city","section_7_h2_exploring_country":"Explorando Suecia","section_8_h2_hosted_games":"Tus City Games favoritos, profesionalmente alojados por nuestro equipo","section_8_text":"Disfruta de los mismos City Games que nuestra versi\u00f3n autoguiada, pero con todo el soporte en sitio de nuestros anfitriones profesionales. Nos encargamos de la sesi\u00f3n informativa, tabletas, coordinaci\u00f3n y soporte t\u00e9cnico, para que tu grupo pueda centrarse plenamente en la diversi\u00f3n y la competencia.","section_8_text_2":"Confiado por equipos de todo el mundo, desde peque\u00f1os grupos hasta grandes eventos corporativos.","section_8_usp_1_title":"Mismo City Game, completamente alojado","section_8_usp_1_text":"Juegas exactamente la misma experiencia que nuestra versi\u00f3n autoguiada, ahora con nuestros anfitriones guiando a tu grupo.","section_8_usp_2_title":"Clasificaci\u00f3n en vivo y ceremonia de premios","section_8_usp_2_text":"Para grupos grandes, nuestros anfitriones revelan las puntuaciones finales y anuncian al equipo ganador con un momento de premio divertido.","section_8_usp_3_title":"Inicio y final con anfitriones","section_8_usp_3_text":"Las ciudades de Suecia combinan una planificaci\u00f3n urbana reflexiva con una fuerte conexi\u00f3n con el entorno que las rodea. Muchas son de tama\u00f1o compacto, lo que facilita desplazarse a pie o en transporte p\u00fablico. Las calles suelen estar bien organizadas, con centros definidos y zonas residenciales tranquilas que fomentan un equilibrio entre movimiento y quietud.\r\n\r\nEl ritmo de la vida diaria en las ciudades suecas es, en general, tranquilo y pausado. Los espacios p\u00fablicos se utilizan ampliamente y se mantienen bien, desde plazas abiertas hasta corredores verdes, contribuyendo a una atm\u00f3sfera calmada pero activa. Desplazarse por estas ciudades a menudo se siente sin esfuerzos, con un dise\u00f1o funcional que respalda tanto las necesidades pr\u00e1cticas como los momentos de reflexi\u00f3n.\r\n\r\nExiste un contraste notable entre ciudades a lo largo del pa\u00eds. Las grandes ciudades como Estocolmo o Gotemburgo ofrecen barrios con capas de distintas sensaciones, mientras que las ciudades m\u00e1s peque\u00f1as pueden sentirse m\u00e1s uniformes e \u00edntimas. A pesar de sus diferencias, las ciudades suecas comparten un sentido de orden y accesibilidad, haciendo que la exploraci\u00f3n urbana sea intuitiva y est\u00e9 arraigada en la vida cotidiana.","section_8_usp_4_title":"Soporte en tiempo real durante el juego","section_8_usp_4_text":"Nuestro equipo ayuda con dispositivos, problemas de la app y coordinaci\u00f3n durante toda la experiencia.","section_8_usp_5_title":"Tabletas incluidas (opcional)","section_8_usp_5_text":"Disponible para grupos que prefieren usar nuestros dispositivos en lugar de los suyos.","section_8_cta":"Planifica tu evento grupal","section_9_h2_reviews":"Lo que otros opinan de nuestros City Games","section_9_cta_1":"Todas las rese\u00f1as","section_9_cta_2":"Escribir una rese\u00f1a","section_10_h2_faq":"\u00bfTienes preguntas? \u00a1Tenemos respuestas!","section_10_text":"Consulta nuestras preguntas frecuentes y descubre todo lo que quieres saber. \u00bfTu pregunta no est\u00e1 entre ellas? No dudes en ponerte en contacto con nosotros.","section_10_cta_1":"Ver todas las preguntas frecuentes","section_10_cta_2":"Obt\u00e9n soporte","section_10_question_1":"\u00bfEn qu\u00e9 ciudades de Suecia puedo jugar un City Game?","section_10_question_2":"\u00bfNecesito una gu\u00eda para jugar un City Game?","section_10_answer_2":"No, todos los City Games son <strong>totalmente autoguiados<\/strong>! No necesitas una gu\u00eda o personal para jugar. Despu\u00e9s de reservar, recibir\u00e1s instrucciones claras en tu tel\u00e9fono inteligente para que puedas empezar cuando te convenga!\r\n\r\nPara grupos grandes o eventos corporativos, tambi\u00e9n est\u00e1 disponible una versi\u00f3n completamente alojada de nuestros City Games, que incluye orientaci\u00f3n en sitio, tabletas y soporte en vivo.\r\n\r\n\u00bfPlanificando un grupo m\u00e1s grande o un evento corporativo?","section_10_answer_2_cta":"Explora la experiencia del City Game alojado para grupos","section_10_question_3":"\u00bfCu\u00e1nto dura un City Game?","section_10_answer_3":"La mayor\u00eda de City Games duran <strong>aproximadamente entre 1,5 y 2 horas<\/strong>. Esto incluye recorrer la ciudad, resolver acertijos y completar desaf\u00edos a lo largo del camino. Puedes jugar a tu propio ritmo por completo: no hay presi\u00f3n de tiempo ni horarios estrictos.\r\n\r\nSi\u00e9ntete libre de tomar descansos, pausar el juego para beber o comer, y continuar cuando quieras. Esta flexibilidad facilita combinar un City Game con visitas tur\u00edsticas u otras actividades.","section_10_question_4":"\u00bfLos City Games est\u00e1n disponibles en varios idiomas?","section_10_answer_4":"S\u00ed, los City Games <strong>est\u00e1n disponibles en varios idiomas<\/strong>. La mayor\u00eda de los juegos se pueden jugar en varios idiomas com\u00fanmente utilizados, lo que los hace adecuados para visitantes internacionales y grupos multiling\u00fces.\r\n\r\nLos idiomas disponibles pueden variar ligeramente seg\u00fan el juego, pero la selecci\u00f3n de idioma siempre se muestra claramente antes de empezar a jugar. Esto permite a cada equipo elegir el idioma que m\u00e1s les convenga, asegurando una experiencia suave y agradable para todos.","section_10_question_5":"\u00bfPodemos jugar con un grupo grande?","section_10_answer_5":"S\u00ed, los City Games son <strong aptos para grupos peque\u00f1os y equipos grandes<\/strong>. Los grupos grandes pueden dividirse f\u00e1cilmente en equipos m\u00e1s peque\u00f1os y jugar el City Game al mismo tiempo, utilizando m\u00faltiples smartphones. Cada equipo juega de forma independiente, siguiendo el mismo concepto de juego y la misma historia.\r\n\r\nEsta configuraci\u00f3n funciona bien para grupos de amigos, familias y empresas, y hace que City Games sean una opci\u00f3n popular para salidas de equipo, eventos y actividades de teambuilding.\r\n\r\nPara grupos grandes o eventos corporativos, tambi\u00e9n est\u00e1 disponible una versi\u00f3n completamente alojada de nuestros City Games, incluyendo orientaci\u00f3n en sitio, tabletas y soporte en vivo.\r\n\r\n\u00bfPlaneando un grupo m\u00e1s grande o un evento corporativo?","section_10_answer_5_cta":"Explora la experiencia del City Game alojado para grupos","section_10_question_6":"\u00bfCu\u00e1ndo podemos empezar a jugar un City Game?","section_10_answer_6":"Puedes empezar a jugar <strong>cuando te convenga<\/strong>! Los City Games no tienen una hora de inicio fija, as\u00ed que puedes empezar en el momento que se ajuste a tu agenda.\r\n\r\nDespu\u00e9s de reservar, recibir\u00e1s instrucciones claras por correo electr\u00f3nico, lo que te permitir\u00e1 iniciar el juego de forma independiente sin necesidad de reservas o coordinaci\u00f3n con el personal.\r\n\r\nEsta flexibilidad hace que City Games sea ideal para combinar con planes de viaje, visitas, almuerzo u otras actividades durante el d\u00eda.","section_11_h2_instagram":"Ver m\u00e1s en Instagram","section_11_text":"Listo para una aventura inolvidable en Suecia","section_11_cta":"S\u00edguenos en Instagram","section_12_h2_page_ending":"Listo para una aventura inolvidable en Suecia","section_12_text":"Explora ciudades de Suecia de una manera \u00fanica e interactiva con nuestros City Games. Juega hoy y crea recuerdos duraderos!","section_12_cta":"\u00a1Reserva tu City Game ahora!"},"yoast_head":"<!-- This site is optimized with the Yoast SEO Premium plugin v26.2 (Yoast SEO v27.4) - https:\/\/yoast.com\/product\/yoast-seo-premium-wordpress\/ -->\n<title>City Game Sweden - City Game<\/title>\n<meta name=\"robots\" content=\"index, follow, max-snippet:-1, max-image-preview:large, max-video-preview:-1\" \/>\n<link rel=\"canonical\" href=\"https:\/\/citygame.com\/es\/localizaciones\/city-game-sweden\/\" \/>\n<meta property=\"og:locale\" content=\"es_ES\" \/>\n<meta property=\"og:type\" content=\"article\" \/>\n<meta property=\"og:title\" content=\"City Game Sweden\" \/>\n<meta property=\"og:url\" content=\"https:\/\/citygame.com\/es\/localizaciones\/city-game-sweden\/\" \/>\n<meta property=\"og:site_name\" content=\"City Game\" \/>\n<meta property=\"article:publisher\" content=\"https:\/\/www.facebook.com\/profile.php?id=100086426226253\" \/>\n<meta property=\"article:modified_time\" content=\"2026-04-23T10:16:52+00:00\" \/>\n<meta property=\"og:image\" content=\"https:\/\/citygame.com\/wp-content\/blogs.dir\/1\/files\/2026\/01\/stockholm-city-hall-sunset.jpg\" \/>\n\t<meta property=\"og:image:width\" content=\"1376\" \/>\n\t<meta property=\"og:image:height\" content=\"768\" \/>\n\t<meta property=\"og:image:type\" content=\"image\/jpeg\" \/>\n<meta name=\"twitter:card\" content=\"summary_large_image\" \/>\n<script type=\"application\/ld+json\" class=\"yoast-schema-graph\">{\"@context\":\"https:\\\/\\\/schema.org\",\"@graph\":[{\"@type\":\"WebPage\",\"@id\":\"https:\\\/\\\/citygame.com\\\/es\\\/localizaciones\\\/city-game-sweden\\\/\",\"url\":\"https:\\\/\\\/citygame.com\\\/es\\\/localizaciones\\\/city-game-sweden\\\/\",\"name\":\"City Game Sweden - City Game\",\"isPartOf\":{\"@id\":\"https:\\\/\\\/citygame.com\\\/es\\\/#website\"},\"primaryImageOfPage\":{\"@id\":\"https:\\\/\\\/citygame.com\\\/es\\\/localizaciones\\\/city-game-sweden\\\/#primaryimage\"},\"image\":{\"@id\":\"https:\\\/\\\/citygame.com\\\/es\\\/localizaciones\\\/city-game-sweden\\\/#primaryimage\"},\"thumbnailUrl\":\"https:\\\/\\\/citygame.com\\\/wp-content\\\/blogs.dir\\\/1\\\/files\\\/2026\\\/01\\\/stockholm-city-hall-sunset.jpg\",\"datePublished\":\"2026-01-27T15:46:29+00:00\",\"dateModified\":\"2026-04-23T10:16:52+00:00\",\"breadcrumb\":{\"@id\":\"https:\\\/\\\/citygame.com\\\/es\\\/localizaciones\\\/city-game-sweden\\\/#breadcrumb\"},\"inLanguage\":\"es\",\"potentialAction\":[{\"@type\":\"ReadAction\",\"target\":[\"https:\\\/\\\/citygame.com\\\/es\\\/localizaciones\\\/city-game-sweden\\\/\"]}]},{\"@type\":\"ImageObject\",\"inLanguage\":\"es\",\"@id\":\"https:\\\/\\\/citygame.com\\\/es\\\/localizaciones\\\/city-game-sweden\\\/#primaryimage\",\"url\":\"https:\\\/\\\/citygame.com\\\/wp-content\\\/blogs.dir\\\/1\\\/files\\\/2026\\\/01\\\/stockholm-city-hall-sunset.jpg\",\"contentUrl\":\"https:\\\/\\\/citygame.com\\\/wp-content\\\/blogs.dir\\\/1\\\/files\\\/2026\\\/01\\\/stockholm-city-hall-sunset.jpg\",\"width\":1376,\"height\":768,\"caption\":\"An aerial photograph of Stockholm City Hall on the waterfront during a colorful sunset.\"},{\"@type\":\"BreadcrumbList\",\"@id\":\"https:\\\/\\\/citygame.com\\\/es\\\/localizaciones\\\/city-game-sweden\\\/#breadcrumb\",\"itemListElement\":[{\"@type\":\"ListItem\",\"position\":1,\"name\":\"Home\",\"item\":\"https:\\\/\\\/citygame.com\\\/es\\\/\"},{\"@type\":\"ListItem\",\"position\":2,\"name\":\"Localizaciones\",\"item\":\"https:\\\/\\\/citygame.com\\\/es\\\/localizaciones\\\/\"},{\"@type\":\"ListItem\",\"position\":3,\"name\":\"City Game Sweden\"}]},{\"@type\":\"WebSite\",\"@id\":\"https:\\\/\\\/citygame.com\\\/es\\\/#website\",\"url\":\"https:\\\/\\\/citygame.com\\\/es\\\/\",\"name\":\"City Game\",\"description\":\"\",\"publisher\":{\"@id\":\"https:\\\/\\\/citygame.com\\\/es\\\/#organization\"},\"alternateName\":\"citygame.com\",\"potentialAction\":[{\"@type\":\"SearchAction\",\"target\":{\"@type\":\"EntryPoint\",\"urlTemplate\":\"https:\\\/\\\/citygame.com\\\/es\\\/?s={search_term_string}\"},\"query-input\":{\"@type\":\"PropertyValueSpecification\",\"valueRequired\":true,\"valueName\":\"search_term_string\"}}],\"inLanguage\":\"es\"},{\"@type\":\"Organization\",\"@id\":\"https:\\\/\\\/citygame.com\\\/es\\\/#organization\",\"name\":\"City Game\",\"alternateName\":\"citygame.com\",\"url\":\"https:\\\/\\\/citygame.com\\\/es\\\/\",\"logo\":{\"@type\":\"ImageObject\",\"inLanguage\":\"es\",\"@id\":\"https:\\\/\\\/citygame.com\\\/es\\\/#\\\/schema\\\/logo\\\/image\\\/\",\"url\":\"https:\\\/\\\/citygame.com\\\/wp-content\\\/blogs.dir\\\/1\\\/files\\\/2025\\\/10\\\/CG_LOGO-City-Game.png\",\"contentUrl\":\"https:\\\/\\\/citygame.com\\\/wp-content\\\/blogs.dir\\\/1\\\/files\\\/2025\\\/10\\\/CG_LOGO-City-Game.png\",\"width\":351,\"height\":377,\"caption\":\"City Game\"},\"image\":{\"@id\":\"https:\\\/\\\/citygame.com\\\/es\\\/#\\\/schema\\\/logo\\\/image\\\/\"},\"sameAs\":[\"https:\\\/\\\/www.facebook.com\\\/profile.php?id=100086426226253\",\"https:\\\/\\\/www.instagram.com\\\/citygame_com\",\"https:\\\/\\\/www.tiktok.com\\\/@citygamecom\\\/\",\"https:\\\/\\\/www.linkedin.com\\\/company\\\/citygame-com\"],\"description\":\"Turn any city into a playground with our interactive City Games and self-guided tours. Fun, flexible, and ideal for groups and team building.\"}]}<\/script>\n<!-- \/ Yoast SEO Premium plugin. -->","yoast_head_json":{"title":"City Game Sweden - City Game","robots":{"index":"index","follow":"follow","max-snippet":"max-snippet:-1","max-image-preview":"max-image-preview:large","max-video-preview":"max-video-preview:-1"},"canonical":"https:\/\/citygame.com\/es\/localizaciones\/city-game-sweden\/","og_locale":"es_ES","og_type":"article","og_title":"City Game Sweden","og_url":"https:\/\/citygame.com\/es\/localizaciones\/city-game-sweden\/","og_site_name":"City Game","article_publisher":"https:\/\/www.facebook.com\/profile.php?id=100086426226253","article_modified_time":"2026-04-23T10:16:52+00:00","og_image":[{"width":1376,"height":768,"url":"https:\/\/citygame.com\/wp-content\/blogs.dir\/1\/files\/2026\/01\/stockholm-city-hall-sunset.jpg","type":"image\/jpeg"}],"twitter_card":"summary_large_image","schema":{"@context":"https:\/\/schema.org","@graph":[{"@type":"WebPage","@id":"https:\/\/citygame.com\/es\/localizaciones\/city-game-sweden\/","url":"https:\/\/citygame.com\/es\/localizaciones\/city-game-sweden\/","name":"City Game Sweden - City Game","isPartOf":{"@id":"https:\/\/citygame.com\/es\/#website"},"primaryImageOfPage":{"@id":"https:\/\/citygame.com\/es\/localizaciones\/city-game-sweden\/#primaryimage"},"image":{"@id":"https:\/\/citygame.com\/es\/localizaciones\/city-game-sweden\/#primaryimage"},"thumbnailUrl":"https:\/\/citygame.com\/wp-content\/blogs.dir\/1\/files\/2026\/01\/stockholm-city-hall-sunset.jpg","datePublished":"2026-01-27T15:46:29+00:00","dateModified":"2026-04-23T10:16:52+00:00","breadcrumb":{"@id":"https:\/\/citygame.com\/es\/localizaciones\/city-game-sweden\/#breadcrumb"},"inLanguage":"es","potentialAction":[{"@type":"ReadAction","target":["https:\/\/citygame.com\/es\/localizaciones\/city-game-sweden\/"]}]},{"@type":"ImageObject","inLanguage":"es","@id":"https:\/\/citygame.com\/es\/localizaciones\/city-game-sweden\/#primaryimage","url":"https:\/\/citygame.com\/wp-content\/blogs.dir\/1\/files\/2026\/01\/stockholm-city-hall-sunset.jpg","contentUrl":"https:\/\/citygame.com\/wp-content\/blogs.dir\/1\/files\/2026\/01\/stockholm-city-hall-sunset.jpg","width":1376,"height":768,"caption":"An aerial photograph of Stockholm City Hall on the waterfront during a colorful sunset."},{"@type":"BreadcrumbList","@id":"https:\/\/citygame.com\/es\/localizaciones\/city-game-sweden\/#breadcrumb","itemListElement":[{"@type":"ListItem","position":1,"name":"Home","item":"https:\/\/citygame.com\/es\/"},{"@type":"ListItem","position":2,"name":"Localizaciones","item":"https:\/\/citygame.com\/es\/localizaciones\/"},{"@type":"ListItem","position":3,"name":"City Game Sweden"}]},{"@type":"WebSite","@id":"https:\/\/citygame.com\/es\/#website","url":"https:\/\/citygame.com\/es\/","name":"City Game","description":"","publisher":{"@id":"https:\/\/citygame.com\/es\/#organization"},"alternateName":"citygame.com","potentialAction":[{"@type":"SearchAction","target":{"@type":"EntryPoint","urlTemplate":"https:\/\/citygame.com\/es\/?s={search_term_string}"},"query-input":{"@type":"PropertyValueSpecification","valueRequired":true,"valueName":"search_term_string"}}],"inLanguage":"es"},{"@type":"Organization","@id":"https:\/\/citygame.com\/es\/#organization","name":"City Game","alternateName":"citygame.com","url":"https:\/\/citygame.com\/es\/","logo":{"@type":"ImageObject","inLanguage":"es","@id":"https:\/\/citygame.com\/es\/#\/schema\/logo\/image\/","url":"https:\/\/citygame.com\/wp-content\/blogs.dir\/1\/files\/2025\/10\/CG_LOGO-City-Game.png","contentUrl":"https:\/\/citygame.com\/wp-content\/blogs.dir\/1\/files\/2025\/10\/CG_LOGO-City-Game.png","width":351,"height":377,"caption":"City Game"},"image":{"@id":"https:\/\/citygame.com\/es\/#\/schema\/logo\/image\/"},"sameAs":["https:\/\/www.facebook.com\/profile.php?id=100086426226253","https:\/\/www.instagram.com\/citygame_com","https:\/\/www.tiktok.com\/@citygamecom\/","https:\/\/www.linkedin.com\/company\/citygame-com"],"description":"Turn any city into a playground with our interactive City Games and self-guided tours. Fun, flexible, and ideal for groups and team building."}]}},"taxonomy_info":{"countries-only-parent-locations":[{"value":440,"label":"Europe"}],"cg_page_type":[{"value":44,"label":"Country overview page"}]},"featured_image_src_large":["https:\/\/citygame.com\/wp-content\/blogs.dir\/1\/files\/2026\/01\/stockholm-city-hall-sunset-1024x572.jpg",1024,572,true],"author_info":{"display_name":"Philip","author_link":"https:\/\/citygame.com\/es\/blog\/author\/sophi2\/"},"comment_info":0,"wpml_current_locale":"es_ES","wpml_translations":{"nl_NL":{"locale":"nl_NL","id":226994,"slug":"city-game-zweden","post_title":"City Game Zweden","href":"https:\/\/citygame.com\/nl\/locaties\/city-game-zweden\/"},"en_US":{"locale":"en_US","id":5570,"slug":"sweden","post_title":"City Game Sweden","href":"https:\/\/citygame.com\/locations\/sweden\/"},"fr_FR":{"locale":"fr_FR","id":227019,"slug":"city-game-suede","post_title":"City Game Su\u00e8de","href":"https:\/\/citygame.com\/fr\/emplacements\/city-game-suede\/"},"de_DE":{"locale":"de_DE","id":227002,"slug":"city-game-schweden","post_title":"City Game Schweden","href":"https:\/\/citygame.com\/de\/standorte\/city-game-schweden\/"},"it_IT":{"locale":"it_IT","id":227026,"slug":"city-game-sweden","post_title":"City Game Sweden","href":"https:\/\/citygame.com\/it\/luoghi\/city-game-sweden\/"},"es_ES":{"locale":"es_ES","translation":"current"}},"_links":{"self":[{"href":"https:\/\/citygame.com\/es\/wp-json\/wp\/v2\/pages\/227011","targetHints":{"allow":["GET"]}}],"collection":[{"href":"https:\/\/citygame.com\/es\/wp-json\/wp\/v2\/pages"}],"about":[{"href":"https:\/\/citygame.com\/es\/wp-json\/wp\/v2\/types\/page"}],"author":[{"embeddable":true,"href":"https:\/\/citygame.com\/es\/wp-json\/wp\/v2\/users\/78"}],"replies":[{"embeddable":true,"href":"https:\/\/citygame.com\/es\/wp-json\/wp\/v2\/comments?post=227011"}],"version-history":[{"count":0,"href":"https:\/\/citygame.com\/es\/wp-json\/wp\/v2\/pages\/227011\/revisions"}],"up":[{"embeddable":true,"href":"https:\/\/citygame.com\/es\/wp-json\/wp\/v2\/pages\/225605"}],"acf:term":[{"embeddable":true,"taxonomy":"cities-only-parent-location","href":"https:\/\/citygame.com\/es\/wp-json\/wp\/v2\/cities-only-parent-location\/477"}],"wp:featuredmedia":[{"embeddable":true,"href":"https:\/\/citygame.com\/es\/wp-json\/wp\/v2\/media\/5544"}],"wp:attachment":[{"href":"https:\/\/citygame.com\/es\/wp-json\/wp\/v2\/media?parent=227011"}],"wp:term":[{"taxonomy":"cities-only-parent-location","embeddable":true,"href":"https:\/\/citygame.com\/es\/wp-json\/wp\/v2\/cities-only-parent-location?post=227011"},{"taxonomy":"countries-only-parent-locations","embeddable":true,"href":"https:\/\/citygame.com\/es\/wp-json\/wp\/v2\/countries-only-parent-locations?post=227011"},{"taxonomy":"seo_keyword","embeddable":true,"href":"https:\/\/citygame.com\/es\/wp-json\/wp\/v2\/seo_keyword?post=227011"},{"taxonomy":"cg_page_type","embeddable":true,"href":"https:\/\/citygame.com\/es\/wp-json\/wp\/v2\/cg_page_type?post=227011"}],"curies":[{"name":"wp","href":"https:\/\/api.w.org\/{rel}","templated":true}]}}