{"id":227164,"date":"2026-02-12T10:26:25","date_gmt":"2026-02-12T10:26:25","guid":{"rendered":"https:\/\/citygame.com\/locations\/greece\/city-game-lefkas-2\/"},"modified":"2026-04-23T10:57:45","modified_gmt":"2026-04-23T10:57:45","slug":"city-game-lefkas-2","status":"publish","type":"page","link":"https:\/\/citygame.com\/es\/localizaciones\/city-game-grecia\/city-game-lefkas-2\/","title":{"rendered":"City Game Lefkas"},"content":{"rendered":"","protected":false},"excerpt":{"rendered":"","protected":false},"author":78,"featured_media":12838,"parent":225845,"menu_order":0,"comment_status":"closed","ping_status":"closed","template":"","meta":{"_acf_changed":false,"_yoast_wpseo_focuskw":"City Game Lefkas","_yoast_wpseo_metadesc":"","_kad_blocks_custom_css":"","_kad_blocks_head_custom_js":"","_kad_blocks_body_custom_js":"","_kad_blocks_footer_custom_js":"","_kad_post_transparent":"","_kad_post_title":"","_kad_post_layout":"","_kad_post_sidebar_id":"","_kad_post_content_style":"","_kad_post_vertical_padding":"","_kad_post_feature":"","_kad_post_feature_position":"","_kad_post_header":false,"_kad_post_footer":false,"_kad_post_classname":"","footnotes":""},"cities-only-parent-location":[475],"countries-only-parent-locations":[],"seo_keyword":[],"cg_page_type":[45],"class_list":["post-227164","page","type-page","status-publish","has-post-thumbnail","hentry","cities-only-parent-location-greece","cg_page_type-city-overview-page"],"acf":{"city_name":"Lefkas","select_city":536,"section_1_h2_city_games_in_city":"City Games in Lefkas","intro_text":"City Games est\u00e1n disponibles en Lefkas, ofreciendo una forma autoguiada de experimentar la ciudad a trav\u00e9s de una jugabilidad interactiva. Utilizando un smartphone, los jugadores resuelven enigmas y completan desaf\u00edos mientras navegan por distintas zonas a su propio ritmo. Este formato permite una exploraci\u00f3n flexible y atractiva de Lefkas a trav\u00e9s de una serie de tareas y pistas.","section_1_usp_1":"Comienza, pausa y contin\u00faa cuando quieras","section_1_usp_2":"Juega de forma independiente","section_1_usp_3":"1-4 o 2-5 personas por smartphone, dependiendo de tu juego","section_1_usp_4":"1,5-2 horas de juego","section_1_usp_5":"3-4 km de recorrido a pie","section_1_usp_6":"Se requiere conexi\u00f3n a Internet","section_1_text_2":"\u00a1Elige tu City Game y empieza a jugar hoy mismo!","section_1_cta":"Ver todos los City Games","intro_image":12839,"section_2_h2_all_city_games_in_city":"All City Games in Lefkas","section_3_h2_how_city_games_work_in_city":"How City Games work in Lefkas","section_3_text":"City Games in Lefkas son experiencias completamente autoguiadas que te permiten explorar la ciudad a tu propio ritmo. Usando tu propio smartphone, recorrer\u00e1s el centro de la ciudad mientras resuelves rompecabezas, completas desaf\u00edos y sigues la historia de tu City Game elegido.\r\n\r\nDecides cu\u00e1ndo empezar, d\u00f3nde tomar descansos y a qu\u00e9 velocidad juegas. No se requiere gu\u00eda, horario ni reserva.","section_3_usp_1":"Juega en equipos de amigos, familiares o colegas","section_3_usp_2":"Empieza cuando quieras, no se necesita gu\u00eda ni personal","section_3_usp_3":"Usa tu propio smartphone o tableta","section_3_usp_4":"Recorre la ciudad mientras resuelves rompecabezas y desaf\u00edos","section_3_usp_5":"Aprende curiosidades sobre la historia, la cultura y los lugares emblem\u00e1ticos","section_3_usp_6":"Disponible en varios idiomas","section_3_cta":"Choose your City Game","section_3_step_1":"Step 1","section_3_step_1_title":"Book your City Game","section_3_step_1_text":"Choose your city and game and receive everything instantly after booking.","section_3_step_2":"Step 2","section_3_step_2_title":"Check your instructions","section_3_step_2_text":"Open your confirmation email with your starting point and how to start playing.","section_3_step_3":"Step 3","section_3_step_3_title":"Go to the starting location","section_3_step_3_text":"Head to the starting point whenever you want, no fixed time.","section_3_step_4":"Step 4","section_3_step_4_title":"Start playing","section_3_step_4_text":"Follow the clues, solve puzzles and explore the city at your own pace!","how_city_games_work_image":12840,"section_4_h2_who_are_city_games_in_city_for":"Who are City Games in Lefkas for?","section_4_text":"City Games in Lefkas est\u00e1n dise\u00f1adas para cualquiera que quiera experimentar la ciudad de una manera interactiva y flexible. Ya sea que visites Lefkas por primera vez o ya conozcas bien la ciudad, City Games ofrecen una actividad divertida que encaja f\u00e1cilmente en tu d\u00eda.","section_4_text_2":"City Games in Lefkas are suitable for:","section_4_usp_1":"Jugadores solos o grupos peque\u00f1os que buscan una aventura flexible","section_4_usp_2":"Turistas que exploran Lefkas","section_4_usp_3":"Amigos y familias buscando una actividad divertida","section_4_usp_4":"Empresas y equipos planificando un evento de teambuilding","section_4_usp_5":"Locales que quieren redescubrir su propia ciudad","section_4_cta":"Choose your City Game","who_are_city_games_for_image":12841,"section_5_h2_exploring_city":"Explorando Lefkas","exploring_city_text":"Explorar Lefkas aporta un equilibrio entre el encanto de la isla y el ritmo costero. La marina de la ciudad es una caracter\u00edstica central, donde los paseos frente al agua se encuentran con el suave zumbido de las embarcaciones y los caf\u00e9s se derraman sobre el muelle. Pasear por el casco antiguo revela una red de callejones estrechos y casas con contraventanas de colores, modeladas por influencias venecianas y j\u00f3nicas que otorgan al \u00e1rea un aire relajado pero distintivo.\r\n\r\nM\u00e1s hacia el interior, la Plaza Agios Minas ofrece un ritmo m\u00e1s tranquilo, enmarcado por peque\u00f1as iglesias y tabernas que reflejan el ritmo local m\u00e1s pausado de la ciudad. El movimiento por Lefkas cambia naturalmente desde la costa ventosa hasta el \u00edntimo interior urbano, creando una sensaci\u00f3n de lugar en capas donde el entorno construido y el mar est\u00e1n siempre en conversaci\u00f3n silenciosa.","exploring_city_image":12842,"section_6_h2_hosted_game":"Your favourite City Games, professionally hosted by our team","section_6_text":"Disfruta de los mismos City Games que nuestra versi\u00f3n autoguiada, pero con apoyo completo en el lugar por parte de nuestros anfitriones profesionales. Nos encargamos de la sesi\u00f3n informativa, las tabletas, la coordinaci\u00f3n y el soporte t\u00e9cnico, para que tu grupo pueda centrarse por completo en la diversi\u00f3n y la competici\u00f3n.","section_6_text_2":"What\u2019s included:","section_6_usp_1_title":"Same City Game, fully hosted","section_6_usp_1_text":"You play the exact same experience as our self-guided version, now with our hosts guiding your group.","section_6_usp_2_title":"Live ranking & prize ceremony","section_6_usp_2_text":"For larger groups, our hosts reveal the final scores and announce the winning team with a fun award moment.","section_6_usp_3_title":"Hosted start & finish","section_6_usp_3_text":"We welcome your group, explain the game clearly and end with an exciting wrap-up.","section_6_usp_4_title":"Real-time support during the game","section_6_usp_4_text":"Our team assists with devices, app issues and coordination throughout the experience.","section_6_usp_5_title":"Tablets included (optional)","section_6_usp_5_text":"Available for groups who prefer using our devices instead of their own.","section_6_text_3":"Trusted by teams worldwide, from small groups to large corporate events.","section_6_cta":"Plan your group event","section_7_h2_reviews":"What others think of our City Games","section_7_cta_1":"All reviews","section_7_cta_2":"Write a review","section_8_h2_faq":"Do you have questions? We have answers!","section_8_text":"Check out our frequently asked questions and find out everything you want to know. Is your question not among them? Feel free to contact us.","section_8_cta_1":"View all fequently asked questions","section_8_cta_2":"Get support","section_8_question_1":"What are City Games in Lefkas?","section_8_answer_1":"City Games in Lefkas son <strong>experiencias interactivas y autoguiadas<\/strong> que te permiten explorar la ciudad mientras juegas.\r\n\r\nUsando tu tel\u00e9fono inteligente, resuelves rompecabezas, completas desaf\u00edos y sigues la historia de tu City Game elegido mientras recorres la ciudad.\r\n\r\nCity Games combinan el trabajo en equipo, la resoluci\u00f3n de problemas y la exploraci\u00f3n al aire libre, convirti\u00e9ndolos en una actividad divertida para visitantes, locales y grupos por igual.","section_8_question_2":"Do I need a guide to play a City Game in Lefkas?","section_8_answer_2":"<p class=\"kt-adv-heading2034_2420ea-ca wp-block-kadence-advancedheading\" data-kb-block=\"kb-adv-heading2034_2420ea-ca\">No, City Games in Lefkas are <strong>fully self-guided<\/strong>. You don\u2019t need a guide, host or on-site staff to play. All instructions and gameplay are provided digitally, allowing you to start and play independently using your own smartphone.<\/p>\r\nThis flexibility makes City Games easy to fit into your own schedule.\r\n<p class=\"kt-adv-heading2034_cd3db2-33 wp-block-kadence-advancedheading hls-none\" data-kb-block=\"kb-adv-heading2034_cd3db2-33\">For larger groups or corporate events, a fully hosted version of our City Games is also available, including on-site guidance, tablets and live support.<\/p>\r\nPlanning a larger group or corporate event?","section_8_answer_2_cta":"Explore the hosted City Game experience for groups","section_8_question_3":"When can we start playing a City Game in Lefkas?","section_8_answer_3":"You can start playing <strong>whenever it suits you<\/strong>! City Games in Lefkas have no fixed start times, so you are free to begin at a moment that fits your plans.\r\n\r\nAfter booking, you receive clear instructions that explain how and when you can start your City Game!","section_8_question_4":"How long does a City Game in Lefkas take?","section_8_answer_4":"The City Games in Lefkas take <strong>approximately 1,5 a 2 horas<\/strong> para completarse. La duraci\u00f3n exacta depende de tu ritmo, de cu\u00e1ntas pausas tomes y de lo r\u00e1pido que resuelvas los rompecabezas y desaf\u00edos.\r\n\r\nPuedes jugar a tu propio ritmo y pausar el juego cuando quieras!","section_8_question_5":"Can we play a City Game in Lefkas with a large group?","section_8_answer_5":"<p class=\"kt-adv-heading2034_97743b-76 wp-block-kadence-advancedheading\" data-kb-block=\"kb-adv-heading2034_97743b-76\">S\u00ed, City Games son aptos para <strong>tanto grupos peque\u00f1os como equipos m\u00e1s grandes<\/strong>. Grupos grandes pueden dividirse f\u00e1cilmente en equipos m\u00e1s peque\u00f1os y jugar el City Game al mismo tiempo, usando varios smartphones. Cada equipo juega de forma independiente, siguiendo el mismo concepto de juego y la misma historia.<\/p>\r\nEste conjunto funciona bien para grupos de amigos, familias y empresas, y hace que City Games sean una opci\u00f3n popular para salidas de equipo, eventos y actividades de teambuilding.\r\n<p class=\"kt-adv-heading2034_7442e3-e3 wp-block-kadence-advancedheading hls-none\" data-kb-block=\"kb-adv-heading2034_7442e3-e3\">Para grupos m\u00e1s grandes o eventos corporativos, tambi\u00e9n est\u00e1 disponible una versi\u00f3n completamente alojada de nuestros City Games, que incluye orientaci\u00f3n en sitio, tabletas y soporte en vivo.<\/p>\r\n\u00bfPlaneando un grupo m\u00e1s grande o un evento corporativo?","section_8_answer_5_cta":"Explora la experiencia de City Game alojada para grupos","section_8_question_6":"Are City Games in Lefkas suitable for tourists and locals?","section_8_answer_6":"S\u00ed, City Games en Lefkas son adecuadas para <strong>tanto turistas como locales<\/strong>. Los visitantes pueden experimentar la ciudad de forma interactiva, mientras que los locales pueden disfrutar de las calles familiares como escenario de un City Game.\r\n\r\nComo cada City Game se enfoca en la jugabilidad y la narraci\u00f3n, la experiencia se siente fresca independientemente de cu\u00e1nto ya conozcas la ciudad.","section_8_question_7":"Are City Games in Lefkas available in multiple languages?","section_8_answer_7":"S\u00ed, City Games en Lefkas est\u00e1n <strong>disponibles en varios idiomas<\/strong>. Puedes seleccionar tu idioma preferido antes o durante el juego, haciendo que City Games sean accesibles para visitantes internacionales y grupos multiling\u00fces.","section_8_question_8":"What do we need to play a City Game in Lefkas?","section_8_answer_8":"Para jugar un City Game en Lefkas, necesitas:","section_8_answer_8_usp_1":"Un smartphone con conexi\u00f3n a Internet","section_8_answer_8_usp_2":"Una bater\u00eda cargada","section_8_answer_8_usp_3":"Zapatillas c\u00f3modas para caminar","section_8_answer_8_2":"Todo el contenido del juego e instrucciones se proporcionan digitalmente tras la reserva.","section_9_h2_instagram":"See more on Instagram","section_9_text":"Inspiraci\u00f3n para viajar, acertijos, joyas ocultas y momentos de City Game, directamente de nuestra comunidad","section_9_cta":"S\u00edguenos en Instagram","section_10_h2_page_ending":"Ready for an unforgettable adventure in Lefkas?","section_10_text":"Explora Lefkas de una manera \u00fanica e interactiva con nuestros City Games. \u00a1Juega hoy y crea recuerdos duraderos!","section_10_cta":"Book your City Game now","latitude":41.1471775,"longitude":-8.6163566,"country":475,"map_enabled":true},"yoast_head":"<!-- This site is optimized with the Yoast SEO Premium plugin v26.2 (Yoast SEO v27.4) - https:\/\/yoast.com\/product\/yoast-seo-premium-wordpress\/ -->\n<title>City Game Lefkas - City Game<\/title>\n<meta name=\"robots\" content=\"index, follow, max-snippet:-1, max-image-preview:large, max-video-preview:-1\" \/>\n<link rel=\"canonical\" href=\"https:\/\/citygame.com\/es\/localizaciones\/city-game-grecia\/city-game-lefkas-2\/\" \/>\n<meta property=\"og:locale\" content=\"es_ES\" \/>\n<meta property=\"og:type\" content=\"article\" \/>\n<meta property=\"og:title\" content=\"City Game Lefkas\" \/>\n<meta property=\"og:url\" content=\"https:\/\/citygame.com\/es\/localizaciones\/city-game-grecia\/city-game-lefkas-2\/\" \/>\n<meta property=\"og:site_name\" content=\"City Game\" \/>\n<meta property=\"article:publisher\" content=\"https:\/\/www.facebook.com\/profile.php?id=100086426226253\" \/>\n<meta property=\"article:modified_time\" content=\"2026-04-23T10:57:45+00:00\" \/>\n<meta property=\"og:image\" content=\"https:\/\/citygame.com\/wp-content\/blogs.dir\/1\/files\/2026\/02\/lefkas-agia-mavra-castle-and-harbor.jpg\" \/>\n\t<meta property=\"og:image:width\" content=\"1376\" \/>\n\t<meta property=\"og:image:height\" content=\"768\" \/>\n\t<meta property=\"og:image:type\" content=\"image\/jpeg\" \/>\n<meta name=\"twitter:card\" content=\"summary_large_image\" \/>\n<script type=\"application\/ld+json\" class=\"yoast-schema-graph\">{\"@context\":\"https:\\\/\\\/schema.org\",\"@graph\":[{\"@type\":\"WebPage\",\"@id\":\"https:\\\/\\\/citygame.com\\\/es\\\/localizaciones\\\/city-game-grecia\\\/city-game-lefkas-2\\\/\",\"url\":\"https:\\\/\\\/citygame.com\\\/es\\\/localizaciones\\\/city-game-grecia\\\/city-game-lefkas-2\\\/\",\"name\":\"City Game Lefkas - City Game\",\"isPartOf\":{\"@id\":\"https:\\\/\\\/citygame.com\\\/es\\\/#website\"},\"primaryImageOfPage\":{\"@id\":\"https:\\\/\\\/citygame.com\\\/es\\\/localizaciones\\\/city-game-grecia\\\/city-game-lefkas-2\\\/#primaryimage\"},\"image\":{\"@id\":\"https:\\\/\\\/citygame.com\\\/es\\\/localizaciones\\\/city-game-grecia\\\/city-game-lefkas-2\\\/#primaryimage\"},\"thumbnailUrl\":\"https:\\\/\\\/citygame.com\\\/wp-content\\\/blogs.dir\\\/1\\\/files\\\/2026\\\/02\\\/lefkas-agia-mavra-castle-and-harbor.jpg\",\"datePublished\":\"2026-02-12T10:26:25+00:00\",\"dateModified\":\"2026-04-23T10:57:45+00:00\",\"breadcrumb\":{\"@id\":\"https:\\\/\\\/citygame.com\\\/es\\\/localizaciones\\\/city-game-grecia\\\/city-game-lefkas-2\\\/#breadcrumb\"},\"inLanguage\":\"es\",\"potentialAction\":[{\"@type\":\"ReadAction\",\"target\":[\"https:\\\/\\\/citygame.com\\\/es\\\/localizaciones\\\/city-game-grecia\\\/city-game-lefkas-2\\\/\"]}]},{\"@type\":\"ImageObject\",\"inLanguage\":\"es\",\"@id\":\"https:\\\/\\\/citygame.com\\\/es\\\/localizaciones\\\/city-game-grecia\\\/city-game-lefkas-2\\\/#primaryimage\",\"url\":\"https:\\\/\\\/citygame.com\\\/wp-content\\\/blogs.dir\\\/1\\\/files\\\/2026\\\/02\\\/lefkas-agia-mavra-castle-and-harbor.jpg\",\"contentUrl\":\"https:\\\/\\\/citygame.com\\\/wp-content\\\/blogs.dir\\\/1\\\/files\\\/2026\\\/02\\\/lefkas-agia-mavra-castle-and-harbor.jpg\",\"width\":1376,\"height\":768,\"caption\":\"The historic Agia Mavra Castle stands by the harbor in the city of Lefkas, Greece.\"},{\"@type\":\"BreadcrumbList\",\"@id\":\"https:\\\/\\\/citygame.com\\\/es\\\/localizaciones\\\/city-game-grecia\\\/city-game-lefkas-2\\\/#breadcrumb\",\"itemListElement\":[{\"@type\":\"ListItem\",\"position\":1,\"name\":\"Home\",\"item\":\"https:\\\/\\\/citygame.com\\\/es\\\/\"},{\"@type\":\"ListItem\",\"position\":2,\"name\":\"Localizaciones\",\"item\":\"https:\\\/\\\/citygame.com\\\/es\\\/localizaciones\\\/\"},{\"@type\":\"ListItem\",\"position\":3,\"name\":\"City Game Grecia\",\"item\":\"https:\\\/\\\/citygame.com\\\/es\\\/localizaciones\\\/city-game-grecia\\\/\"},{\"@type\":\"ListItem\",\"position\":4,\"name\":\"City Game Lefkas\"}]},{\"@type\":\"WebSite\",\"@id\":\"https:\\\/\\\/citygame.com\\\/es\\\/#website\",\"url\":\"https:\\\/\\\/citygame.com\\\/es\\\/\",\"name\":\"City Game\",\"description\":\"\",\"publisher\":{\"@id\":\"https:\\\/\\\/citygame.com\\\/es\\\/#organization\"},\"alternateName\":\"citygame.com\",\"potentialAction\":[{\"@type\":\"SearchAction\",\"target\":{\"@type\":\"EntryPoint\",\"urlTemplate\":\"https:\\\/\\\/citygame.com\\\/es\\\/?s={search_term_string}\"},\"query-input\":{\"@type\":\"PropertyValueSpecification\",\"valueRequired\":true,\"valueName\":\"search_term_string\"}}],\"inLanguage\":\"es\"},{\"@type\":\"Organization\",\"@id\":\"https:\\\/\\\/citygame.com\\\/es\\\/#organization\",\"name\":\"City Game\",\"alternateName\":\"citygame.com\",\"url\":\"https:\\\/\\\/citygame.com\\\/es\\\/\",\"logo\":{\"@type\":\"ImageObject\",\"inLanguage\":\"es\",\"@id\":\"https:\\\/\\\/citygame.com\\\/es\\\/#\\\/schema\\\/logo\\\/image\\\/\",\"url\":\"https:\\\/\\\/citygame.com\\\/wp-content\\\/blogs.dir\\\/1\\\/files\\\/2025\\\/10\\\/CG_LOGO-City-Game.png\",\"contentUrl\":\"https:\\\/\\\/citygame.com\\\/wp-content\\\/blogs.dir\\\/1\\\/files\\\/2025\\\/10\\\/CG_LOGO-City-Game.png\",\"width\":351,\"height\":377,\"caption\":\"City Game\"},\"image\":{\"@id\":\"https:\\\/\\\/citygame.com\\\/es\\\/#\\\/schema\\\/logo\\\/image\\\/\"},\"sameAs\":[\"https:\\\/\\\/www.facebook.com\\\/profile.php?id=100086426226253\",\"https:\\\/\\\/www.instagram.com\\\/citygame_com\",\"https:\\\/\\\/www.tiktok.com\\\/@citygamecom\\\/\",\"https:\\\/\\\/www.linkedin.com\\\/company\\\/citygame-com\"],\"description\":\"Turn any city into a playground with our interactive City Games and self-guided tours. Fun, flexible, and ideal for groups and team building.\"}]}<\/script>\n<!-- \/ Yoast SEO Premium plugin. -->","yoast_head_json":{"title":"City Game Lefkas - City Game","robots":{"index":"index","follow":"follow","max-snippet":"max-snippet:-1","max-image-preview":"max-image-preview:large","max-video-preview":"max-video-preview:-1"},"canonical":"https:\/\/citygame.com\/es\/localizaciones\/city-game-grecia\/city-game-lefkas-2\/","og_locale":"es_ES","og_type":"article","og_title":"City Game Lefkas","og_url":"https:\/\/citygame.com\/es\/localizaciones\/city-game-grecia\/city-game-lefkas-2\/","og_site_name":"City Game","article_publisher":"https:\/\/www.facebook.com\/profile.php?id=100086426226253","article_modified_time":"2026-04-23T10:57:45+00:00","og_image":[{"width":1376,"height":768,"url":"https:\/\/citygame.com\/wp-content\/blogs.dir\/1\/files\/2026\/02\/lefkas-agia-mavra-castle-and-harbor.jpg","type":"image\/jpeg"}],"twitter_card":"summary_large_image","schema":{"@context":"https:\/\/schema.org","@graph":[{"@type":"WebPage","@id":"https:\/\/citygame.com\/es\/localizaciones\/city-game-grecia\/city-game-lefkas-2\/","url":"https:\/\/citygame.com\/es\/localizaciones\/city-game-grecia\/city-game-lefkas-2\/","name":"City Game Lefkas - City Game","isPartOf":{"@id":"https:\/\/citygame.com\/es\/#website"},"primaryImageOfPage":{"@id":"https:\/\/citygame.com\/es\/localizaciones\/city-game-grecia\/city-game-lefkas-2\/#primaryimage"},"image":{"@id":"https:\/\/citygame.com\/es\/localizaciones\/city-game-grecia\/city-game-lefkas-2\/#primaryimage"},"thumbnailUrl":"https:\/\/citygame.com\/wp-content\/blogs.dir\/1\/files\/2026\/02\/lefkas-agia-mavra-castle-and-harbor.jpg","datePublished":"2026-02-12T10:26:25+00:00","dateModified":"2026-04-23T10:57:45+00:00","breadcrumb":{"@id":"https:\/\/citygame.com\/es\/localizaciones\/city-game-grecia\/city-game-lefkas-2\/#breadcrumb"},"inLanguage":"es","potentialAction":[{"@type":"ReadAction","target":["https:\/\/citygame.com\/es\/localizaciones\/city-game-grecia\/city-game-lefkas-2\/"]}]},{"@type":"ImageObject","inLanguage":"es","@id":"https:\/\/citygame.com\/es\/localizaciones\/city-game-grecia\/city-game-lefkas-2\/#primaryimage","url":"https:\/\/citygame.com\/wp-content\/blogs.dir\/1\/files\/2026\/02\/lefkas-agia-mavra-castle-and-harbor.jpg","contentUrl":"https:\/\/citygame.com\/wp-content\/blogs.dir\/1\/files\/2026\/02\/lefkas-agia-mavra-castle-and-harbor.jpg","width":1376,"height":768,"caption":"The historic Agia Mavra Castle stands by the harbor in the city of Lefkas, Greece."},{"@type":"BreadcrumbList","@id":"https:\/\/citygame.com\/es\/localizaciones\/city-game-grecia\/city-game-lefkas-2\/#breadcrumb","itemListElement":[{"@type":"ListItem","position":1,"name":"Home","item":"https:\/\/citygame.com\/es\/"},{"@type":"ListItem","position":2,"name":"Localizaciones","item":"https:\/\/citygame.com\/es\/localizaciones\/"},{"@type":"ListItem","position":3,"name":"City Game Grecia","item":"https:\/\/citygame.com\/es\/localizaciones\/city-game-grecia\/"},{"@type":"ListItem","position":4,"name":"City Game Lefkas"}]},{"@type":"WebSite","@id":"https:\/\/citygame.com\/es\/#website","url":"https:\/\/citygame.com\/es\/","name":"City Game","description":"","publisher":{"@id":"https:\/\/citygame.com\/es\/#organization"},"alternateName":"citygame.com","potentialAction":[{"@type":"SearchAction","target":{"@type":"EntryPoint","urlTemplate":"https:\/\/citygame.com\/es\/?s={search_term_string}"},"query-input":{"@type":"PropertyValueSpecification","valueRequired":true,"valueName":"search_term_string"}}],"inLanguage":"es"},{"@type":"Organization","@id":"https:\/\/citygame.com\/es\/#organization","name":"City Game","alternateName":"citygame.com","url":"https:\/\/citygame.com\/es\/","logo":{"@type":"ImageObject","inLanguage":"es","@id":"https:\/\/citygame.com\/es\/#\/schema\/logo\/image\/","url":"https:\/\/citygame.com\/wp-content\/blogs.dir\/1\/files\/2025\/10\/CG_LOGO-City-Game.png","contentUrl":"https:\/\/citygame.com\/wp-content\/blogs.dir\/1\/files\/2025\/10\/CG_LOGO-City-Game.png","width":351,"height":377,"caption":"City Game"},"image":{"@id":"https:\/\/citygame.com\/es\/#\/schema\/logo\/image\/"},"sameAs":["https:\/\/www.facebook.com\/profile.php?id=100086426226253","https:\/\/www.instagram.com\/citygame_com","https:\/\/www.tiktok.com\/@citygamecom\/","https:\/\/www.linkedin.com\/company\/citygame-com"],"description":"Turn any city into a playground with our interactive City Games and self-guided tours. Fun, flexible, and ideal for groups and team building."}]}},"taxonomy_info":{"cities-only-parent-location":[{"value":475,"label":"Greece"}],"cg_page_type":[{"value":45,"label":"City overview page"}]},"featured_image_src_large":["https:\/\/citygame.com\/wp-content\/blogs.dir\/1\/files\/2026\/02\/lefkas-agia-mavra-castle-and-harbor-1024x572.jpg",1024,572,true],"author_info":{"display_name":"Philip","author_link":"https:\/\/citygame.com\/es\/blog\/author\/sophi2\/"},"comment_info":0,"wpml_current_locale":"es_ES","wpml_translations":{"nl_NL":{"locale":"nl_NL","id":227147,"slug":"city-game-lefkas-2","post_title":"City Game Lefkas","href":"https:\/\/citygame.com\/nl\/locaties\/city-game-greece\/city-game-lefkas-2\/"},"en_US":{"locale":"en_US","id":12843,"slug":"city-game-lefkas","post_title":"City Game Lefkas","href":"https:\/\/citygame.com\/locations\/greece\/city-game-lefkas\/"},"fr_FR":{"locale":"fr_FR","id":227173,"slug":"city-game-lefkas-2","post_title":"City Game Lefkas","href":"https:\/\/citygame.com\/fr\/emplacements\/city-game-grece\/city-game-lefkas-2\/"},"de_DE":{"locale":"de_DE","id":227156,"slug":"city-game-lefkas-2","post_title":"City Game Lefkas","href":"https:\/\/citygame.com\/de\/standorte\/city-game-griechenland\/city-game-lefkas-2\/"},"it_IT":{"locale":"it_IT","translation":false},"es_ES":{"locale":"es_ES","translation":"current"}},"_links":{"self":[{"href":"https:\/\/citygame.com\/es\/wp-json\/wp\/v2\/pages\/227164","targetHints":{"allow":["GET"]}}],"collection":[{"href":"https:\/\/citygame.com\/es\/wp-json\/wp\/v2\/pages"}],"about":[{"href":"https:\/\/citygame.com\/es\/wp-json\/wp\/v2\/types\/page"}],"author":[{"embeddable":true,"href":"https:\/\/citygame.com\/es\/wp-json\/wp\/v2\/users\/78"}],"replies":[{"embeddable":true,"href":"https:\/\/citygame.com\/es\/wp-json\/wp\/v2\/comments?post=227164"}],"version-history":[{"count":0,"href":"https:\/\/citygame.com\/es\/wp-json\/wp\/v2\/pages\/227164\/revisions"}],"up":[{"embeddable":true,"href":"https:\/\/citygame.com\/es\/wp-json\/wp\/v2\/pages\/225845"}],"acf:term":[{"embeddable":true,"taxonomy":"cities-only-parent-location","href":"https:\/\/citygame.com\/es\/wp-json\/wp\/v2\/cities-only-parent-location\/475"},{"embeddable":true,"taxonomy":"location","href":"https:\/\/citygame.com\/es\/wp-json\/wp\/v2\/location\/536"}],"wp:featuredmedia":[{"embeddable":true,"href":"https:\/\/citygame.com\/es\/wp-json\/wp\/v2\/media\/12838"}],"wp:attachment":[{"href":"https:\/\/citygame.com\/es\/wp-json\/wp\/v2\/media?parent=227164"}],"wp:term":[{"taxonomy":"cities-only-parent-location","embeddable":true,"href":"https:\/\/citygame.com\/es\/wp-json\/wp\/v2\/cities-only-parent-location?post=227164"},{"taxonomy":"countries-only-parent-locations","embeddable":true,"href":"https:\/\/citygame.com\/es\/wp-json\/wp\/v2\/countries-only-parent-locations?post=227164"},{"taxonomy":"seo_keyword","embeddable":true,"href":"https:\/\/citygame.com\/es\/wp-json\/wp\/v2\/seo_keyword?post=227164"},{"taxonomy":"cg_page_type","embeddable":true,"href":"https:\/\/citygame.com\/es\/wp-json\/wp\/v2\/cg_page_type?post=227164"}],"curies":[{"name":"wp","href":"https:\/\/api.w.org\/{rel}","templated":true}]}}