{"id":228204,"date":"2026-02-10T17:34:27","date_gmt":"2026-02-10T17:34:27","guid":{"rendered":"https:\/\/citygame.com\/locations\/egypt\/city-game-hurghada-2\/"},"modified":"2026-04-24T15:58:02","modified_gmt":"2026-04-24T15:58:02","slug":"city-game-hurghada-2","status":"publish","type":"page","link":"https:\/\/citygame.com\/es\/localizaciones\/city-game-egipto\/city-game-hurghada-2\/","title":{"rendered":"City Game Hurghada"},"content":{"rendered":"","protected":false},"excerpt":{"rendered":"","protected":false},"author":78,"featured_media":11976,"parent":225771,"menu_order":0,"comment_status":"closed","ping_status":"closed","template":"","meta":{"_acf_changed":false,"_yoast_wpseo_focuskw":"City Game Hurghada","_yoast_wpseo_metadesc":"","_kad_blocks_custom_css":"","_kad_blocks_head_custom_js":"","_kad_blocks_body_custom_js":"","_kad_blocks_footer_custom_js":"","_kad_post_transparent":"","_kad_post_title":"","_kad_post_layout":"","_kad_post_sidebar_id":"","_kad_post_content_style":"","_kad_post_vertical_padding":"","_kad_post_feature":"","_kad_post_feature_position":"","_kad_post_header":false,"_kad_post_footer":false,"_kad_post_classname":"","footnotes":""},"cities-only-parent-location":[519],"countries-only-parent-locations":[],"seo_keyword":[],"cg_page_type":[45],"class_list":["post-228204","page","type-page","status-publish","has-post-thumbnail","hentry","cities-only-parent-location-egypt","cg_page_type-city-overview-page"],"acf":{"city_name":"Hurghada","select_city":203,"section_1_h2_city_games_in_city":"City Games en Hurghada","intro_text":"City Games est\u00e1n disponibles en Hurghada, ofreciendo una forma interactiva de experimentar la ciudad a trav\u00e9s del juego. Usando tu tel\u00e9fono inteligente, resolver\u00e1s rompecabezas y desaf\u00edos mientras exploras a tu propio ritmo. Esta actividad autoguiada combina descubrimiento y resoluci\u00f3n de problemas en un formato flexible adecuado a las calles de Hurghada.","section_1_usp_1":"Comienza, pausa y contin\u00faa cuando quieras","section_1_usp_2":"Juega de forma independiente","section_1_usp_3":"1-4 o 2-5 personas por smartphone, dependiendo de tu juego","section_1_usp_4":"1,5-2 horas de juego","section_1_usp_5":"3-4 km de recorrido a pie","section_1_usp_6":"Conexi\u00f3n a Internet requerida","section_1_text_2":"\u00a1Elige tu City Game y empieza a jugar hoy!","section_1_cta":"Ver todos los City Games","intro_image":11977,"section_2_h2_all_city_games_in_city":"Todos los City Games en Hurghada","section_3_h2_how_city_games_work_in_city":"C\u00f3mo funcionan City Games en Hurghada","section_3_text":"City Games en Hurghada son experiencias totalmente autoguiadas que te permiten explorar la ciudad a tu propio ritmo. Usando tu propio tel\u00e9fono inteligente, recorrer\u00e1s el centro de la ciudad mientras resuelves rompecabezas, completas desaf\u00edos y sigues la historia de tu City Game elegido.\r\n\r\nT\u00fa decides cu\u00e1ndo empezar, d\u00f3nde hacer pausas y qu\u00e9 tan r\u00e1pido juegas. No se necesita gu\u00eda, horario ni reserva.","section_3_usp_1":"Juega en equipos de amigos, familiares o colegas","section_3_usp_2":"Empieza cuando quieras, no se necesita gu\u00eda ni personal","section_3_usp_3":"Usa tu propio tel\u00e9fono inteligente o tableta","section_3_usp_4":"Pasea por la ciudad mientras resuelves rompecabezas y desaf\u00edos","section_3_usp_5":"Aprende datos curiosos sobre la historia, la cultura y los lugares de inter\u00e9s","section_3_usp_6":"Disponible en varios idiomas","section_3_cta":"Elige tu City Game","section_3_step_1":"Paso 1","section_3_step_1_title":"Reserva tu City Game","section_3_step_1_text":"Elige tu ciudad y juego y recibe todo al instante despu\u00e9s de reservar.","section_3_step_2":"Paso 2","section_3_step_2_title":"Revisa tus instrucciones","section_3_step_2_text":"Abre tu correo de confirmaci\u00f3n con tu punto de inicio y c\u00f3mo empezar a jugar.","section_3_step_3":"Paso 3","section_3_step_3_title":"Dir\u00edgete al punto de inicio","section_3_step_3_text":"Dir\u00edgete al punto de inicio cuando quieras, sin hora fija.","section_3_step_4":"Paso 4","section_3_step_4_title":"Comienza a jugar","section_3_step_4_text":"Sigue las pistas, resuelve rompecabezas y explora la ciudad a tu propio ritmo!","how_city_games_work_image":11978,"section_4_h2_who_are_city_games_in_city_for":"\u00bfPara qui\u00e9n son City Games en Hurghada?","section_4_text":"City Games en Hurghada est\u00e1n dise\u00f1ados para cualquier persona que desee experimentar la ciudad de forma interactiva y flexible. Ya sea que visites Hurghada por primera vez o que ya conozcas bien la ciudad, City Games ofrecen una actividad divertida que encaja f\u00e1cilmente en tu d\u00eda.","section_4_text_2":"City Games en Hurghada son adecuadas para:","section_4_usp_1":"Jugadores solos o grupos peque\u00f1os que buscan una aventura flexible","section_4_usp_2":"Turistas que exploran Hurghada","section_4_usp_3":"Amigos y familias que buscan una actividad divertida","section_4_usp_4":"Empresas y equipos que planifican un evento de din\u00e1mica de equipo","section_4_usp_5":"Locales que quieren redescubrir su propia ciudad","section_4_cta":"Elige tu City Game","who_are_city_games_for_image":11979,"section_5_h2_exploring_city":"Explorando Hurghada","exploring_city_text":"Explorar Hurghada ofrece una mezcla \u00fanica de serenidad costera y vitalidad local, moldeada por su posici\u00f3n a lo largo del Mar Rojo. La marina destaca como un punto central donde el ritmo de la ciudad se encuentra con la calma del agua, con yates amarrados junto a caf\u00e9s al aire libre y el mar extendi\u00e9ndose en la distancia. Justo hacia el interior, el antiguo barrio de El Dahar ofrece una atm\u00f3sfera notablemente diferente, con sus zocos tradicionales y calles m\u00e1s tranquilas, que dan una idea de las ra\u00edces de la ciudad.\n\nAl recorrer Hurghada se revelan marcados contrastes entre lo moderno y lo tradicional, moldeados tanto por el turismo como por la cultura local. La Corniche bordeada de palmeras conecta varias partes de la ciudad mientras enmarca amplias vistas de la costa. Ya sea caminando por la orilla o por barrios residenciales, la disposici\u00f3n de la ciudad va cambiando gradualmente de espacios abiertos junto al mar a callejones estrechos, un reflejo de su crecimiento en capas a lo largo del tiempo.","exploring_city_image":11980,"section_6_h2_hosted_game":"Tus City Games, organizados profesionalmente por nuestro equipo","section_6_text":"Disfruta de los mismos City Games que nuestra versi\u00f3n autoguiada, pero con pleno apoyo en el lugar por parte de nuestros anfitriones profesionales. Nos encargamos de la sesi\u00f3n informativa, las tabletas, la coordinaci\u00f3n y el soporte t\u00e9cnico, para que tu grupo pueda concentrarse por completo en la diversi\u00f3n y la competencia.","section_6_text_2":"Qu\u00e9 incluye:","section_6_usp_1_title":"Mismo City Game, completamente hospedado","section_6_usp_1_text":"Juegas la misma experiencia exacta que en nuestra versi\u00f3n autoguiada, ahora con nuestros anfitriones guiando a tu grupo.","section_6_usp_2_title":"Clasificaci\u00f3n en vivo y ceremonia de premios","section_6_usp_2_text":"Para grupos m\u00e1s grandes, nuestros anfitriones revelan las puntuaciones finales y anuncian al equipo ganador con un momento de premio divertido.","section_6_usp_3_title":"Inicio y final con anfitriones","section_6_usp_3_text":"Damos la bienvenida a tu grupo, explicamos el juego con claridad y terminamos con un cierre emocionante.","section_6_usp_4_title":"Soporte en tiempo real durante el juego","section_6_usp_4_text":"Nuestro equipo ayuda con dispositivos, problemas de la aplicaci\u00f3n y coordinaci\u00f3n durante toda la experiencia.","section_6_usp_5_title":"Tabletas incluidas (opcional)","section_6_usp_5_text":"Disponible para grupos que prefieren usar nuestros dispositivos en lugar de los suyos.","section_6_text_3":"Confiado por equipos de todo el mundo, desde grupos peque\u00f1os hasta grandes eventos corporativos.","section_6_cta":"Planifica tu evento para grupos","section_7_h2_reviews":"Qu\u00e9 opinan otros de nuestros City Games","section_7_cta_1":"Todas las rese\u00f1as","section_7_cta_2":"Escribe una rese\u00f1a","section_8_h2_faq":"\u00bfTienes preguntas? \u00a1Tenemos respuestas!","section_8_text":"Consulta nuestras preguntas frecuentes y descubre todo lo que quieres saber. \u00bfTu pregunta no est\u00e1 entre ellas? No dudes en contactarnos.","section_8_cta_1":"Ver todas las preguntas frecuentes","section_8_cta_2":"Obt\u00e9n soporte","section_8_question_1":"\u00bfQu\u00e9 son City Games en Hurghada?","section_8_answer_1":"City Games en Hurghada son experiencias <strong>interactivas y autoguiadas<\/strong> que te permiten explorar la ciudad mientras juegas!\r\n\r\nUsando tu tel\u00e9fono inteligente, resuelves rompecabezas, completas desaf\u00edos y sigues la historia de tu City Game elegido mientras caminas por la ciudad.\r\n\r\nCity Games combinan trabajo en equipo, resoluci\u00f3n de problemas y exploraci\u00f3n al aire libre, lo que las convierte en una actividad divertida para visitantes, locales y grupos por igual.","section_8_question_2":"\u00bfNecesito una gu\u00eda para jugar a un City Game en Hurghada?","section_8_answer_2":"<p class='kt-adv-heading2034_2420ea-ca wp-block-kadence-advancedheading' data-kb-block='kb-adv-heading2034_2420ea-ca'>No, City Games en Hurghada son <strong>totalmente autoguiadas<\/strong>. No necesitas gu\u00eda, anfitri\u00f3n ni personal en el lugar para jugar. Todas las instrucciones y la jugabilidad se proporcionan digitalmente, lo que te permite empezar y jugar de forma independiente usando tu propio smartphone.<\/p>\r\nEsta flexibilidad facilita adaptar los City Games a tu propio horario.\r\n<p class='kt-adv-heading2034_cd3db2-33 wp-block-kadence-advancedheading hls-none' data-kb-block='kb-adv-heading2034_cd3db2-33'>Para grupos m\u00e1s grandes o eventos corporativos, tambi\u00e9n est\u00e1 disponible una versi\u00f3n completamente hospedada de nuestros City Games, que incluye orientaci\u00f3n en el lugar, tabletas y soporte en vivo.<\/p>\r\n\u00bfPlaneas un grupo m\u00e1s grande o un evento corporativo?","section_8_answer_2_cta":"Explora la experiencia de City Game hospedada para grupos","section_8_question_3":"\u00bfCu\u00e1ndo podemos empezar a jugar un City Game en Hurghada?","section_8_answer_3":"Puedes empezar a jugar <strong>cuando mejor te convenga<\/strong>! City Games en Hurghada no tienen horarios de inicio fijos, as\u00ed que puedes empezar en el momento que se ajuste a tus planes.\r\n\r\nDespu\u00e9s de reservar, recibir\u00e1s instrucciones claras que explican c\u00f3mo y cu\u00e1ndo puedes empezar tu City Game!","section_8_question_4":"\u00bfCu\u00e1nto tiempo lleva un City Game en Hurghada?","section_8_answer_4":"Los City Games en Hurghada duran aproximadamente <strong>1,5 a 2 horas<\/strong> para completar. La duraci\u00f3n exacta depende de tu ritmo, de cu\u00e1ntas pausas tomes y de qu\u00e9 tan r\u00e1pido resuelvas los rompecabezas y desaf\u00edos.\r\n\r\nPuedes jugar a tu propio ritmo y pausar el juego cuando quieras!","section_8_question_5":"\u00bfPodemos jugar un City Game en Hurghada con un grupo grande?","section_8_answer_5":"<p class='kt-adv-heading2034_97743b-76 wp-block-kadence-advancedheading' data-kb-block='kb-adv-heading2034_97743b-76'>S\u00ed, City Games son adecuados para <strong>grupos peque\u00f1os y equipos grandes<\/strong>. Los grupos grandes pueden dividirse f\u00e1cilmente en equipos m\u00e1s peque\u00f1os y jugar al City Game al mismo tiempo, usando varios smartphones. Cada equipo juega de forma independiente, siguiendo el mismo concepto de juego y la misma historia.<\/p>\r\nEste montaje funciona bien para grupos de amigos, familias y empresas, y hace que City Games sea una opci\u00f3n popular para salidas de equipo, eventos y actividades de teambuilding.\r\n<p class='kt-adv-heading2034_7442e3-e3 wp-block-kadence-advancedheading hls-none' data-kb-block='kb-adv-heading2034_7442e3-e3'>Para grupos m\u00e1s grandes o eventos corporativos, tambi\u00e9n est\u00e1 disponible una versi\u00f3n completamente hospedada de nuestros City Games, que incluye orientaci\u00f3n en el lugar, tabletas y soporte en vivo.<\/p>\r\n\u00bfPlaneas un grupo m\u00e1s grande o un evento corporativo?","section_8_answer_5_cta":"Explora la experiencia de City Game hospedada para grupos","section_8_question_6":"\u00bfSon City Games en Hurghada adecuados para turistas y locales?","section_8_answer_6":"S\u00ed, City Games en Hurghada son adecuados para <strong>tanto turistas como locales<\/strong>. Los visitantes pueden experimentar la ciudad de forma interactiva, mientras que los locales pueden disfrutar de las calles familiares como escenario de un City Game.\r\n\r\nComo cada City Game se centra en la jugabilidad y la narraci\u00f3n, la experiencia se siente fresca independientemente de cu\u00e1n bien conozcas ya la ciudad.","section_8_question_7":"\u00bfCity Games en Hurghada est\u00e1n disponibles en varios idiomas?","section_8_answer_7":"S\u00ed, City Games en Hurghada est\u00e1n <strong>disponibles en varios idiomas<\/strong>. Puedes seleccionar tu idioma preferido antes o durante el juego, haciendo que City Games sean accesibles para visitantes internacionales y grupos multiling\u00fces.","section_8_question_8":"\u00bfQu\u00e9 necesitamos para jugar un City Game en Hurghada?","section_8_answer_8":"Para jugar un City Game en Hurghada, necesitas:","section_8_answer_8_usp_1":"Un tel\u00e9fono inteligente con conexi\u00f3n a Internet","section_8_answer_8_usp_2":"Una bater\u00eda cargada","section_8_answer_8_usp_3":"Zapatos c\u00f3modos para caminar","section_8_answer_8_2":"Todo el contenido del juego e instrucciones se proporcionan digitalmente despu\u00e9s de la reserva.","section_9_h2_instagram":"Ver m\u00e1s en Instagram","section_9_text":"Inspiraci\u00f3n de viaje, rompecabezas, gemas ocultas y momentos de City Game, directo de nuestra comunidad","section_9_cta":"S\u00edguenos en Instagram","section_10_h2_page_ending":"\u00bfListo para una aventura inolvidable en Hurghada?","section_10_text":"Explora Hurghada de una forma \u00fanica e interactiva con nuestros City Games. \u00a1Juega hoy y crea memorias duraderas!","section_10_cta":"Reserva tu City Game ahora","latitude":27.25802496,"longitude":33.81168410182,"country":519,"map_enabled":true},"yoast_head":"<!-- This site is optimized with the Yoast SEO Premium plugin v26.2 (Yoast SEO v27.4) - https:\/\/yoast.com\/product\/yoast-seo-premium-wordpress\/ -->\n<title>City Game Hurghada - City Game<\/title>\n<meta name=\"robots\" content=\"index, follow, max-snippet:-1, max-image-preview:large, max-video-preview:-1\" \/>\n<link rel=\"canonical\" href=\"https:\/\/citygame.com\/es\/localizaciones\/city-game-egipto\/city-game-hurghada-2\/\" \/>\n<meta property=\"og:locale\" content=\"es_ES\" \/>\n<meta property=\"og:type\" content=\"article\" \/>\n<meta property=\"og:title\" content=\"City Game Hurghada\" \/>\n<meta property=\"og:url\" content=\"https:\/\/citygame.com\/es\/localizaciones\/city-game-egipto\/city-game-hurghada-2\/\" \/>\n<meta property=\"og:site_name\" content=\"City Game\" \/>\n<meta property=\"article:publisher\" content=\"https:\/\/www.facebook.com\/profile.php?id=100086426226253\" \/>\n<meta property=\"article:modified_time\" content=\"2026-04-24T15:58:02+00:00\" \/>\n<meta property=\"og:image\" content=\"https:\/\/citygame.com\/wp-content\/blogs.dir\/1\/files\/2026\/02\/hurghada-el-mina-mosque-marina.jpg\" \/>\n\t<meta property=\"og:image:width\" content=\"1376\" \/>\n\t<meta property=\"og:image:height\" content=\"768\" \/>\n\t<meta property=\"og:image:type\" content=\"image\/jpeg\" \/>\n<meta name=\"twitter:card\" content=\"summary_large_image\" \/>\n<script type=\"application\/ld+json\" class=\"yoast-schema-graph\">{\"@context\":\"https:\\\/\\\/schema.org\",\"@graph\":[{\"@type\":\"WebPage\",\"@id\":\"https:\\\/\\\/citygame.com\\\/es\\\/localizaciones\\\/city-game-egipto\\\/city-game-hurghada-2\\\/\",\"url\":\"https:\\\/\\\/citygame.com\\\/es\\\/localizaciones\\\/city-game-egipto\\\/city-game-hurghada-2\\\/\",\"name\":\"City Game Hurghada - City Game\",\"isPartOf\":{\"@id\":\"https:\\\/\\\/citygame.com\\\/es\\\/#website\"},\"primaryImageOfPage\":{\"@id\":\"https:\\\/\\\/citygame.com\\\/es\\\/localizaciones\\\/city-game-egipto\\\/city-game-hurghada-2\\\/#primaryimage\"},\"image\":{\"@id\":\"https:\\\/\\\/citygame.com\\\/es\\\/localizaciones\\\/city-game-egipto\\\/city-game-hurghada-2\\\/#primaryimage\"},\"thumbnailUrl\":\"https:\\\/\\\/citygame.com\\\/wp-content\\\/blogs.dir\\\/1\\\/files\\\/2026\\\/02\\\/hurghada-el-mina-mosque-marina.jpg\",\"datePublished\":\"2026-02-10T17:34:27+00:00\",\"dateModified\":\"2026-04-24T15:58:02+00:00\",\"breadcrumb\":{\"@id\":\"https:\\\/\\\/citygame.com\\\/es\\\/localizaciones\\\/city-game-egipto\\\/city-game-hurghada-2\\\/#breadcrumb\"},\"inLanguage\":\"es\",\"potentialAction\":[{\"@type\":\"ReadAction\",\"target\":[\"https:\\\/\\\/citygame.com\\\/es\\\/localizaciones\\\/city-game-egipto\\\/city-game-hurghada-2\\\/\"]}]},{\"@type\":\"ImageObject\",\"inLanguage\":\"es\",\"@id\":\"https:\\\/\\\/citygame.com\\\/es\\\/localizaciones\\\/city-game-egipto\\\/city-game-hurghada-2\\\/#primaryimage\",\"url\":\"https:\\\/\\\/citygame.com\\\/wp-content\\\/blogs.dir\\\/1\\\/files\\\/2026\\\/02\\\/hurghada-el-mina-mosque-marina.jpg\",\"contentUrl\":\"https:\\\/\\\/citygame.com\\\/wp-content\\\/blogs.dir\\\/1\\\/files\\\/2026\\\/02\\\/hurghada-el-mina-mosque-marina.jpg\",\"width\":1376,\"height\":768,\"caption\":\"Tourists and locals enjoy a warm evening at the Hurghada Marina, with the El Mina Mosque in the background.\"},{\"@type\":\"BreadcrumbList\",\"@id\":\"https:\\\/\\\/citygame.com\\\/es\\\/localizaciones\\\/city-game-egipto\\\/city-game-hurghada-2\\\/#breadcrumb\",\"itemListElement\":[{\"@type\":\"ListItem\",\"position\":1,\"name\":\"Home\",\"item\":\"https:\\\/\\\/citygame.com\\\/es\\\/\"},{\"@type\":\"ListItem\",\"position\":2,\"name\":\"Locations\",\"item\":\"https:\\\/\\\/citygame.com\\\/es\\\/?page_id=1598\"},{\"@type\":\"ListItem\",\"position\":3,\"name\":\"City Game Egypt\",\"item\":\"https:\\\/\\\/citygame.com\\\/es\\\/locations\\\/egypt\\\/\"},{\"@type\":\"ListItem\",\"position\":4,\"name\":\"City Game Hurghada\"}]},{\"@type\":\"WebSite\",\"@id\":\"https:\\\/\\\/citygame.com\\\/es\\\/#website\",\"url\":\"https:\\\/\\\/citygame.com\\\/es\\\/\",\"name\":\"City Game\",\"description\":\"\",\"publisher\":{\"@id\":\"https:\\\/\\\/citygame.com\\\/es\\\/#organization\"},\"alternateName\":\"citygame.com\",\"potentialAction\":[{\"@type\":\"SearchAction\",\"target\":{\"@type\":\"EntryPoint\",\"urlTemplate\":\"https:\\\/\\\/citygame.com\\\/es\\\/?s={search_term_string}\"},\"query-input\":{\"@type\":\"PropertyValueSpecification\",\"valueRequired\":true,\"valueName\":\"search_term_string\"}}],\"inLanguage\":\"es\"},{\"@type\":\"Organization\",\"@id\":\"https:\\\/\\\/citygame.com\\\/es\\\/#organization\",\"name\":\"City Game\",\"alternateName\":\"citygame.com\",\"url\":\"https:\\\/\\\/citygame.com\\\/es\\\/\",\"logo\":{\"@type\":\"ImageObject\",\"inLanguage\":\"es\",\"@id\":\"https:\\\/\\\/citygame.com\\\/es\\\/#\\\/schema\\\/logo\\\/image\\\/\",\"url\":\"https:\\\/\\\/citygame.com\\\/wp-content\\\/blogs.dir\\\/1\\\/files\\\/2025\\\/10\\\/CG_LOGO-City-Game.png\",\"contentUrl\":\"https:\\\/\\\/citygame.com\\\/wp-content\\\/blogs.dir\\\/1\\\/files\\\/2025\\\/10\\\/CG_LOGO-City-Game.png\",\"width\":351,\"height\":377,\"caption\":\"City Game\"},\"image\":{\"@id\":\"https:\\\/\\\/citygame.com\\\/es\\\/#\\\/schema\\\/logo\\\/image\\\/\"},\"sameAs\":[\"https:\\\/\\\/www.facebook.com\\\/profile.php?id=100086426226253\",\"https:\\\/\\\/www.instagram.com\\\/citygame_com\",\"https:\\\/\\\/www.tiktok.com\\\/@citygamecom\\\/\",\"https:\\\/\\\/www.linkedin.com\\\/company\\\/citygame-com\"],\"description\":\"Turn any city into a playground with our interactive City Games and self-guided tours. Fun, flexible, and ideal for groups and team building.\"}]}<\/script>\n<!-- \/ Yoast SEO Premium plugin. -->","yoast_head_json":{"title":"City Game Hurghada - City Game","robots":{"index":"index","follow":"follow","max-snippet":"max-snippet:-1","max-image-preview":"max-image-preview:large","max-video-preview":"max-video-preview:-1"},"canonical":"https:\/\/citygame.com\/es\/localizaciones\/city-game-egipto\/city-game-hurghada-2\/","og_locale":"es_ES","og_type":"article","og_title":"City Game Hurghada","og_url":"https:\/\/citygame.com\/es\/localizaciones\/city-game-egipto\/city-game-hurghada-2\/","og_site_name":"City Game","article_publisher":"https:\/\/www.facebook.com\/profile.php?id=100086426226253","article_modified_time":"2026-04-24T15:58:02+00:00","og_image":[{"width":1376,"height":768,"url":"https:\/\/citygame.com\/wp-content\/blogs.dir\/1\/files\/2026\/02\/hurghada-el-mina-mosque-marina.jpg","type":"image\/jpeg"}],"twitter_card":"summary_large_image","schema":{"@context":"https:\/\/schema.org","@graph":[{"@type":"WebPage","@id":"https:\/\/citygame.com\/es\/localizaciones\/city-game-egipto\/city-game-hurghada-2\/","url":"https:\/\/citygame.com\/es\/localizaciones\/city-game-egipto\/city-game-hurghada-2\/","name":"City Game Hurghada - City Game","isPartOf":{"@id":"https:\/\/citygame.com\/es\/#website"},"primaryImageOfPage":{"@id":"https:\/\/citygame.com\/es\/localizaciones\/city-game-egipto\/city-game-hurghada-2\/#primaryimage"},"image":{"@id":"https:\/\/citygame.com\/es\/localizaciones\/city-game-egipto\/city-game-hurghada-2\/#primaryimage"},"thumbnailUrl":"https:\/\/citygame.com\/wp-content\/blogs.dir\/1\/files\/2026\/02\/hurghada-el-mina-mosque-marina.jpg","datePublished":"2026-02-10T17:34:27+00:00","dateModified":"2026-04-24T15:58:02+00:00","breadcrumb":{"@id":"https:\/\/citygame.com\/es\/localizaciones\/city-game-egipto\/city-game-hurghada-2\/#breadcrumb"},"inLanguage":"es","potentialAction":[{"@type":"ReadAction","target":["https:\/\/citygame.com\/es\/localizaciones\/city-game-egipto\/city-game-hurghada-2\/"]}]},{"@type":"ImageObject","inLanguage":"es","@id":"https:\/\/citygame.com\/es\/localizaciones\/city-game-egipto\/city-game-hurghada-2\/#primaryimage","url":"https:\/\/citygame.com\/wp-content\/blogs.dir\/1\/files\/2026\/02\/hurghada-el-mina-mosque-marina.jpg","contentUrl":"https:\/\/citygame.com\/wp-content\/blogs.dir\/1\/files\/2026\/02\/hurghada-el-mina-mosque-marina.jpg","width":1376,"height":768,"caption":"Tourists and locals enjoy a warm evening at the Hurghada Marina, with the El Mina Mosque in the background."},{"@type":"BreadcrumbList","@id":"https:\/\/citygame.com\/es\/localizaciones\/city-game-egipto\/city-game-hurghada-2\/#breadcrumb","itemListElement":[{"@type":"ListItem","position":1,"name":"Home","item":"https:\/\/citygame.com\/es\/"},{"@type":"ListItem","position":2,"name":"Locations","item":"https:\/\/citygame.com\/es\/?page_id=1598"},{"@type":"ListItem","position":3,"name":"City Game Egypt","item":"https:\/\/citygame.com\/es\/locations\/egypt\/"},{"@type":"ListItem","position":4,"name":"City Game Hurghada"}]},{"@type":"WebSite","@id":"https:\/\/citygame.com\/es\/#website","url":"https:\/\/citygame.com\/es\/","name":"City Game","description":"","publisher":{"@id":"https:\/\/citygame.com\/es\/#organization"},"alternateName":"citygame.com","potentialAction":[{"@type":"SearchAction","target":{"@type":"EntryPoint","urlTemplate":"https:\/\/citygame.com\/es\/?s={search_term_string}"},"query-input":{"@type":"PropertyValueSpecification","valueRequired":true,"valueName":"search_term_string"}}],"inLanguage":"es"},{"@type":"Organization","@id":"https:\/\/citygame.com\/es\/#organization","name":"City Game","alternateName":"citygame.com","url":"https:\/\/citygame.com\/es\/","logo":{"@type":"ImageObject","inLanguage":"es","@id":"https:\/\/citygame.com\/es\/#\/schema\/logo\/image\/","url":"https:\/\/citygame.com\/wp-content\/blogs.dir\/1\/files\/2025\/10\/CG_LOGO-City-Game.png","contentUrl":"https:\/\/citygame.com\/wp-content\/blogs.dir\/1\/files\/2025\/10\/CG_LOGO-City-Game.png","width":351,"height":377,"caption":"City Game"},"image":{"@id":"https:\/\/citygame.com\/es\/#\/schema\/logo\/image\/"},"sameAs":["https:\/\/www.facebook.com\/profile.php?id=100086426226253","https:\/\/www.instagram.com\/citygame_com","https:\/\/www.tiktok.com\/@citygamecom\/","https:\/\/www.linkedin.com\/company\/citygame-com"],"description":"Turn any city into a playground with our interactive City Games and self-guided tours. Fun, flexible, and ideal for groups and team building."}]}},"taxonomy_info":{"cities-only-parent-location":[{"value":519,"label":"Egypt"}],"cg_page_type":[{"value":45,"label":"City overview page"}]},"featured_image_src_large":["https:\/\/citygame.com\/wp-content\/blogs.dir\/1\/files\/2026\/02\/hurghada-el-mina-mosque-marina-1024x572.jpg",1024,572,true],"author_info":{"display_name":"Philip","author_link":"https:\/\/citygame.com\/es\/blog\/author\/sophi2\/"},"comment_info":0,"wpml_current_locale":"es_ES","wpml_translations":{"nl_NL":{"locale":"nl_NL","id":228189,"slug":"city-game-hurghada-2","post_title":"City Game Hurghada","href":"https:\/\/citygame.com\/nl\/locaties\/city-game-egypt\/city-game-hurghada-2\/"},"en_US":{"locale":"en_US","id":11981,"slug":"city-game-hurghada","post_title":"City Game Hurghada","href":"https:\/\/citygame.com\/locations\/egypt\/city-game-hurghada\/"},"fr_FR":{"locale":"fr_FR","id":228212,"slug":"city-game-hurghada-2","post_title":"City Game Hurghada","href":"https:\/\/citygame.com\/fr\/emplacements\/city-game-egypte\/city-game-hurghada-2\/"},"de_DE":{"locale":"de_DE","id":228196,"slug":"city-game-hurghada-2","post_title":"City Game Hurghada","href":"https:\/\/citygame.com\/de\/standorte\/city-game-agypten\/city-game-hurghada-2\/"},"it_IT":{"locale":"it_IT","translation":false},"es_ES":{"locale":"es_ES","translation":"current"}},"_links":{"self":[{"href":"https:\/\/citygame.com\/es\/wp-json\/wp\/v2\/pages\/228204","targetHints":{"allow":["GET"]}}],"collection":[{"href":"https:\/\/citygame.com\/es\/wp-json\/wp\/v2\/pages"}],"about":[{"href":"https:\/\/citygame.com\/es\/wp-json\/wp\/v2\/types\/page"}],"author":[{"embeddable":true,"href":"https:\/\/citygame.com\/es\/wp-json\/wp\/v2\/users\/78"}],"replies":[{"embeddable":true,"href":"https:\/\/citygame.com\/es\/wp-json\/wp\/v2\/comments?post=228204"}],"version-history":[{"count":0,"href":"https:\/\/citygame.com\/es\/wp-json\/wp\/v2\/pages\/228204\/revisions"}],"up":[{"embeddable":true,"href":"https:\/\/citygame.com\/es\/wp-json\/wp\/v2\/pages\/225771"}],"acf:term":[{"embeddable":true,"taxonomy":"cities-only-parent-location","href":"https:\/\/citygame.com\/es\/wp-json\/wp\/v2\/cities-only-parent-location\/519"},{"embeddable":true,"taxonomy":"location","href":"https:\/\/citygame.com\/es\/wp-json\/wp\/v2\/location\/203"}],"wp:featuredmedia":[{"embeddable":true,"href":"https:\/\/citygame.com\/es\/wp-json\/wp\/v2\/media\/11976"}],"wp:attachment":[{"href":"https:\/\/citygame.com\/es\/wp-json\/wp\/v2\/media?parent=228204"}],"wp:term":[{"taxonomy":"cities-only-parent-location","embeddable":true,"href":"https:\/\/citygame.com\/es\/wp-json\/wp\/v2\/cities-only-parent-location?post=228204"},{"taxonomy":"countries-only-parent-locations","embeddable":true,"href":"https:\/\/citygame.com\/es\/wp-json\/wp\/v2\/countries-only-parent-locations?post=228204"},{"taxonomy":"seo_keyword","embeddable":true,"href":"https:\/\/citygame.com\/es\/wp-json\/wp\/v2\/seo_keyword?post=228204"},{"taxonomy":"cg_page_type","embeddable":true,"href":"https:\/\/citygame.com\/es\/wp-json\/wp\/v2\/cg_page_type?post=228204"}],"curies":[{"name":"wp","href":"https:\/\/api.w.org\/{rel}","templated":true}]}}