{"id":228557,"date":"2026-02-06T13:35:22","date_gmt":"2026-02-06T13:35:22","guid":{"rendered":"https:\/\/citygame.com\/locations\/italy\/city-game-verona-2\/"},"modified":"2026-04-24T18:33:52","modified_gmt":"2026-04-24T18:33:52","slug":"city-game-verona-2","status":"publish","type":"page","link":"https:\/\/citygame.com\/es\/localizaciones\/city-game-italia\/city-game-verona-2\/","title":{"rendered":"City Game Verona"},"content":{"rendered":"","protected":false},"excerpt":{"rendered":"","protected":false},"author":78,"featured_media":16418,"parent":225858,"menu_order":0,"comment_status":"closed","ping_status":"closed","template":"","meta":{"_acf_changed":false,"_yoast_wpseo_focuskw":"City Game Verona","_yoast_wpseo_metadesc":"","_kad_blocks_custom_css":"","_kad_blocks_head_custom_js":"","_kad_blocks_body_custom_js":"","_kad_blocks_footer_custom_js":"","_kad_post_transparent":"","_kad_post_title":"","_kad_post_layout":"","_kad_post_sidebar_id":"","_kad_post_content_style":"","_kad_post_vertical_padding":"","_kad_post_feature":"","_kad_post_feature_position":"","_kad_post_header":false,"_kad_post_footer":false,"_kad_post_classname":"","footnotes":""},"cities-only-parent-location":[485],"countries-only-parent-locations":[],"seo_keyword":[],"cg_page_type":[45],"class_list":["post-228557","page","type-page","status-publish","has-post-thumbnail","hentry","cities-only-parent-location-italy","cg_page_type-city-overview-page"],"acf":{"city_name":"Verona","select_city":463,"section_1_h2_city_games_in_city":"City Games in Verona","intro_text":"City Games ya est\u00e1n disponibles en Verona, ofreciendo una forma interactiva de experimentar la ciudad. Usando tu tel\u00e9fono inteligente, resolver\u00e1s acertijos y completar\u00e1s desaf\u00edos mientras exploras a tu propio ritmo. Cada juego es autodirigido, combinando tareas basadas en la ubicaci\u00f3n con una jugabilidad envolvente a trav\u00e9s de diferentes zonas de Verona.","section_1_usp_1":"Inicia, pausa y contin\u00faa cuando quieras","section_1_usp_2":"Juega de forma independiente","section_1_usp_3":"1\u20134 o 2\u20135 personas por tel\u00e9fono inteligente, dependiendo de tu juego","section_1_usp_4":"1,5\u20132 horas de juego","section_1_usp_5":"Distancia de caminata de 3\u20134 km","section_1_usp_6":"Se requiere conexi\u00f3n a Internet","section_1_text_2":"\u00a1Elige tu City Game y empieza a jugar hoy!","section_1_cta":"Ver todos los City Games","intro_image":16419,"section_2_h2_all_city_games_in_city":"All City Games in Verona","section_3_h2_how_city_games_work_in_city":"C\u00f3mo funcionan City Games en Verona","section_3_text":"Empezar es f\u00e1cil. Elige tu City Game en Verona, reserva tu aventura y empieza a jugar cuando te venga bien. Todo lo que necesitas te ser\u00e1 enviado instant\u00e1neamente despu\u00e9s de la reserva: sin gu\u00eda, sin horarios de inicio estrictos, solo tu equipo y la ciudad.","section_3_usp_1":"1,5\u20132 horas de juego","section_3_usp_2":"3\u20134 km de caminata por la ciudad","section_3_usp_3":"Inicia, pausa y contin\u00faa cuando quieras","section_3_usp_4":"1\u20134 o 2\u20135 personas por tel\u00e9fono inteligente, dependiendo de tu juego","section_3_usp_5":"Juega de forma independiente con tu propio dispositivo","section_3_usp_6":"Conexi\u00f3n a Internet requerida durante el juego","section_3_cta":"Elige tu ciudad","section_3_step_1":"Paso 1","section_3_step_1_title":"Elige tu ciudad y City Game","section_3_step_1_text":"Selecciona la ciudad donde quieres jugar y reserva tu City Game en l\u00ednea en solo unos clics.","section_3_step_2":"Paso 2","section_3_step_2_title":"Recibe las instrucciones de tu City Game","section_3_step_2_text":"Despu\u00e9s de la reserva recibir\u00e1s de inmediato un correo con todas las instrucciones y acceso al juego.","section_3_step_3":"Paso 3","section_3_step_3_title":"Ve al punto de inicio","section_3_step_3_text":"Dir\u00edgete al punto de inicio en la ciudad cuando te convenga. No hay horarios de inicio fijos.","section_3_step_4":"Paso 4","section_3_step_4_title":"Empieza tu City Game","section_3_step_4_text":"Sigue las pistas, resuelve acertijos y descubre la ciudad mientras completas divertidos desaf\u00edos a lo largo de la ruta.","how_city_games_work_image":16420,"section_4_h2_who_are_city_games_in_city_for":"\u00bfPara qui\u00e9n son City Games en Verona?","section_4_text":"City Games en Verona est\u00e1n dise\u00f1ados para cualquiera que desee experimentar la ciudad de forma interactiva y flexible. Ya sea que est\u00e9s visitando Verona por primera vez o que ya conozcas bien la ciudad, City Games ofrecen una actividad divertida que encaja f\u00e1cilmente en tu d\u00eda.","section_4_text_2":"City Games en Verona son adecuados para:","section_4_usp_1":"Jugadores en solitario o peque\u00f1os grupos que buscan una aventura flexible","section_4_usp_2":"Turistas que exploran Verona","section_4_usp_3":"Amigos y familias que buscan una actividad divertida","section_4_usp_4":"Empresas y equipos que planean un evento de teambuilding","section_4_usp_5":"Locales que quieren redescubrir su propia ciudad","section_4_cta":"Encuentra un City Game en tu ciudad","who_are_city_games_for_image":16421,"section_5_h2_exploring_city":"Explorando Verona","exploring_city_text":"El coraz\u00f3n hist\u00f3rico de Verona se define por sus antiguas ra\u00edces romanas y su encanto medieval. Al recorrer Piazza delle Erbe, anta\u00f1o foro romano, las capas de tiempo son visibles en los edificios decorados con frescos y en la alta Torre Lamberti que proyecta su sombra vigilante. El ritmo de la ciudad se ralentiza a medida que estrechos callejones empedrados conducen a rincones m\u00e1s tranquilos, donde se entrelazan vestigios del imperio y de la aristocracia. El r\u00edo Adige serpentea por el centro de Verona, modelando curvas naturales en la disposici\u00f3n de la ciudad y ofreciendo perspectivas cambiantes desde sus numerosos puentes. En la orilla este, el ascenso al Castel San Pietro recompensa la subida con amplias vistas sobre los tejados y las ruinas romanas. Verona invita a moverse de forma serpenteante, donde el tramo desde el anfiteatro romano hasta el palacio renacentista se desarrolla gradualmente, moldeado por una ciudad a la vez compacta y estratificada.","exploring_city_image":16422,"section_6_h2_hosted_game":"Tus City Games favoritas, organizadas profesionalmente por nuestro equipo","section_6_text":"Disfruta de los mismos City Games que nuestra versi\u00f3n autodirigida, pero con pleno apoyo en el sitio de nuestros anfitriones profesionales. Nos encargamos de la sesi\u00f3n informativa, las tablets, la coordinaci\u00f3n y el soporte t\u00e9cnico, para que tu grupo pueda centrarse completamente en la diversi\u00f3n y la competencia.","section_6_text_2":"Qu\u00e9 incluye:","section_6_usp_1_title":"Misma City Game, totalmente hosted","section_6_usp_1_text":"Juegas la misma experiencia exacta que nuestra versi\u00f3n autodirigida, ahora con nuestros anfitriones guiando a tu grupo.","section_6_usp_2_title":"Clasificaci\u00f3n en vivo y ceremonia de premios","section_6_usp_2_text":"Para grupos grandes, nuestros anfitriones revelan las puntuaciones finales y anuncian al equipo ganador con un divertido momento de premiaci\u00f3n.","section_6_usp_3_title":"Inicio y final con anfitri\u00f3n","section_6_usp_3_text":"Damos la bienvenida a tu grupo, explicamos el juego claramente y terminamos con un cierre emocionante.","section_6_usp_4_title":"Soporte en tiempo real durante el juego","section_6_usp_4_text":"Nuestro equipo ayuda con los dispositivos, problemas de la aplicaci\u00f3n y la coordinaci\u00f3n a lo largo de la experiencia.","section_6_usp_5_title":"Tabletas incluidas (opcional)","section_6_usp_5_text":"Disponible para grupos que prefieren usar nuestros dispositivos en lugar de los suyos.","section_6_text_3":"Confiado por equipos de todo el mundo, desde peque\u00f1os grupos hasta grandes eventos corporativos.","section_6_cta":"Planifica tu evento de grupo","section_7_h2_reviews":"Qu\u00e9 opinan otros de nuestros City Games","section_7_cta_1":"Ver todas las preguntas frecuentes","section_7_cta_2":"Obt\u00e9n ayuda","section_8_h2_faq":"\u00bfTienes preguntas? \u00a1Tenemos respuestas!","section_8_text":"Explora ciudades de una manera divertida e interactiva con nuestros City Games. Resuelve acertijos, descubre lugares ocultos y descubre la ciudad mientras juegas con amigos, familiares o colegas, cuando te convenga.","section_8_cta_1":"Ver todas las preguntas frecuentes","section_8_cta_2":"Obt\u00e9n ayuda","section_8_question_1":"\u00bfQu\u00e9 son City Games en Verona?","section_8_answer_1":"City Games en Verona son <strong>experiencias interactivas y autodirigidas<\/strong> que te permiten explorar la ciudad mientras juegas. Usando tu tel\u00e9fono inteligente, resuelves acertijos, completas desaf\u00edos y sigues la historia de tu City Game elegido mientras recorres la ciudad. City Games combinan trabajo en equipo, resoluci\u00f3n de problemas y exploraci\u00f3n al aire libre, lo que los convierte en una actividad divertida para visitantes, locales y grupos por igual.","section_8_question_2":"\u00bfNecesito una gu\u00eda para jugar a un City Game en Verona?","section_8_answer_2":"<p class=\"kt-adv-heading2034_2420ea-ca wp-block-kadence-advancedheading\" data-kb-block=\"kb-adv-heading2034_2420ea-ca\">No, City Games en Verona son <strong>totalmente autodirigidos<\/strong>. No necesitas una gu\u00eda, anfitri\u00f3n ni personal en el lugar para jugar. Todas las instrucciones y la jugabilidad se proporcionan digitalmente, lo que te permite empezar y jugar de forma independiente usando tu propio tel\u00e9fono inteligente.<\/p>\r\nEsta flexibilidad facilita que City Games se adapten a tu propio horario.\r\n<p class=\"kt-adv-heading2034_cd3db2-33 wp-block-kadence-advancedheading hls-none\" data-kb-block=\"kb-adv-heading2034_cd3db2-33\">Para grupos grandes o eventos corporativos, tambi\u00e9n est\u00e1 disponible una versi\u00f3n totalmente organizada de nuestros City Games, que incluye orientaci\u00f3n en el lugar, tabletas y soporte en vivo.<\/p>\r\n\u00bfPlaneando un grupo grande o un evento corporativo?","section_8_answer_2_cta":"Explora la experiencia de City Game alojada para grupos","section_8_question_3":"\u00bfCu\u00e1ndo podemos empezar a jugar a un City Game en Verona?","section_8_answer_3":"Puedes empezar a jugar <strong>cuando te convenga<\/strong>! City Games en Verona no tienen horarios de inicio fijos, as\u00ed que puedes comenzar en el momento que se ajuste a tus planes. Despu\u00e9s de reservar, recibir\u00e1s instrucciones claras que explican c\u00f3mo y cu\u00e1ndo puedes empezar tu City Game!","section_8_question_4":"\u00bfCu\u00e1nto tiempo tarda un City Game en Verona?","section_8_answer_4":"Los City Games en Verona tardan <strong>aproximadamente 1,5\u20132 horas<\/strong> en completarse. La duraci\u00f3n exacta depende de tu ritmo, de cu\u00e1ntas pausas tomes y de qu\u00e9 tan r\u00e1pido resuelvas los acertijos y desaf\u00edos. Puedes jugar a tu propio ritmo y pausar el juego cuando quieras!","section_8_question_5":"\u00bfPodemos jugar a un City Game en Verona con un grupo grande?","section_8_answer_5":"<p class=\"kt-adv-heading2034_97743b-76 wp-block-kadence-advancedheading\" data-kb-block=\"kb-adv-heading2034_97743b-76\">S\u00ed, City Games son adecuados para <strong>tanto grupos peque\u00f1os como equipos grandes<\/strong>. Grupos grandes pueden dividirse f\u00e1cilmente en equipos m\u00e1s peque\u00f1os y jugar al City Game al mismo tiempo, usando varios tel\u00e9fonos inteligentes. Cada equipo juega de forma independiente, siguiendo el mismo concepto de juego e historia.<\/p>\r\nEste formato funciona bien para grupos de amigos, familias y empresas, y convierte a City Games en una opci\u00f3n popular para salidas de equipo, eventos y actividades de teambuilding.\r\n<p class=\"kt-adv-heading2034_7442e3-e3 wp-block-kadence-advancedheading hls-none\" data-kb-block=\"kb-adv-heading2034_7442e3-e3\">Para grupos grandes o eventos corporativos, tambi\u00e9n est\u00e1 disponible una versi\u00f3n totalmente alojada de nuestros City Games, que incluye orientaci\u00f3n en el lugar, tabletas y soporte en vivo.<\/p>\r\n\u00bfPlaneando un grupo m\u00e1s grande o un evento corporativo?","section_8_answer_5_cta":"Explora la experiencia de City Game alojada para grupos","section_8_question_6":"Are City Games in Verona suitable for tourists and locals?","section_8_answer_6":"S\u00ed, City Games en Verona son adecuadas para <strong>tanto turistas como residentes<\/strong>. Los visitantes pueden experimentar la ciudad de forma interactiva, mientras que los residentes pueden disfrutar de las calles familiares como escenario de un City Game. Porque cada City Game se centra en la jugabilidad y la narraci\u00f3n, la experiencia se siente fresca independientemente de cu\u00e1n bien conozcas ya la ciudad.","section_8_question_7":"Are City Games in Verona available in multiple languages?","section_8_answer_7":"S\u00ed, City Games en Verona est\u00e1n <strong>disponibles en varios idiomas<\/strong>. Puedes seleccionar tu idioma preferido antes o durante el juego, haciendo que City Games sean accesibles para visitantes internacionales y grupos de idiomas mixtos.","section_8_question_8":"What do we need to play a City Game in Verona?","section_8_answer_8":"Para jugar un City Game en Verona, necesitas:","section_8_answer_8_usp_1":"Un tel\u00e9fono inteligente con conexi\u00f3n a Internet","section_8_answer_8_usp_2":"Una bater\u00eda cargada","section_8_answer_8_usp_3":"Calzado c\u00f3modo para caminar","section_8_answer_8_2":"Todo el contenido del juego e instrucciones se proporcionan digitalmente despu\u00e9s de la reserva.","section_9_h2_instagram":"Ver m\u00e1s en Instagram","section_9_text":"Inspiraci\u00f3n de viaje, acertijos, tesoros escondidos y momentos de City Game, directamente de nuestra comunidad","section_9_cta":"S\u00edguenos en Instagram","section_10_h2_page_ending":"\u00bfListo para una aventura inolvidable en Verona?","section_10_text":"Explora Verona de una manera \u00fanica e interactiva con nuestros City Games. Juega hoy y crea recuerdos duraderos!","section_10_cta":"Reserva tu City Game ahora","latitude":45.4430629,"longitude":10.9975316,"country":485,"map_enabled":true},"yoast_head":"<!-- This site is optimized with the Yoast SEO Premium plugin v26.2 (Yoast SEO v27.4) - https:\/\/yoast.com\/product\/yoast-seo-premium-wordpress\/ -->\n<title>City Game Verona - City Game<\/title>\n<meta name=\"robots\" content=\"index, follow, max-snippet:-1, max-image-preview:large, max-video-preview:-1\" \/>\n<link rel=\"canonical\" href=\"https:\/\/citygame.com\/es\/localizaciones\/city-game-italia\/city-game-verona-2\/\" \/>\n<meta property=\"og:locale\" content=\"es_ES\" \/>\n<meta property=\"og:type\" content=\"article\" \/>\n<meta property=\"og:title\" content=\"City Game Verona\" \/>\n<meta property=\"og:url\" content=\"https:\/\/citygame.com\/es\/localizaciones\/city-game-italia\/city-game-verona-2\/\" \/>\n<meta property=\"og:site_name\" content=\"City Game\" \/>\n<meta property=\"article:publisher\" content=\"https:\/\/www.facebook.com\/profile.php?id=100086426226253\" \/>\n<meta property=\"article:modified_time\" content=\"2026-04-24T18:33:52+00:00\" \/>\n<meta property=\"og:image\" content=\"https:\/\/citygame.com\/wp-content\/blogs.dir\/1\/files\/2026\/03\/verona-adige-river-cathedral-at-dusk.jpeg\" \/>\n\t<meta property=\"og:image:width\" content=\"1920\" \/>\n\t<meta property=\"og:image:height\" content=\"1280\" \/>\n\t<meta property=\"og:image:type\" content=\"image\/jpeg\" \/>\n<meta name=\"twitter:card\" content=\"summary_large_image\" \/>\n<script type=\"application\/ld+json\" class=\"yoast-schema-graph\">{\"@context\":\"https:\\\/\\\/schema.org\",\"@graph\":[{\"@type\":\"WebPage\",\"@id\":\"https:\\\/\\\/citygame.com\\\/es\\\/localizaciones\\\/city-game-italia\\\/city-game-verona-2\\\/\",\"url\":\"https:\\\/\\\/citygame.com\\\/es\\\/localizaciones\\\/city-game-italia\\\/city-game-verona-2\\\/\",\"name\":\"City Game Verona - City Game\",\"isPartOf\":{\"@id\":\"https:\\\/\\\/citygame.com\\\/es\\\/#website\"},\"primaryImageOfPage\":{\"@id\":\"https:\\\/\\\/citygame.com\\\/es\\\/localizaciones\\\/city-game-italia\\\/city-game-verona-2\\\/#primaryimage\"},\"image\":{\"@id\":\"https:\\\/\\\/citygame.com\\\/es\\\/localizaciones\\\/city-game-italia\\\/city-game-verona-2\\\/#primaryimage\"},\"thumbnailUrl\":\"https:\\\/\\\/citygame.com\\\/wp-content\\\/blogs.dir\\\/1\\\/files\\\/2026\\\/03\\\/verona-adige-river-cathedral-at-dusk.jpeg\",\"datePublished\":\"2026-02-06T13:35:22+00:00\",\"dateModified\":\"2026-04-24T18:33:52+00:00\",\"breadcrumb\":{\"@id\":\"https:\\\/\\\/citygame.com\\\/es\\\/localizaciones\\\/city-game-italia\\\/city-game-verona-2\\\/#breadcrumb\"},\"inLanguage\":\"es\",\"potentialAction\":[{\"@type\":\"ReadAction\",\"target\":[\"https:\\\/\\\/citygame.com\\\/es\\\/localizaciones\\\/city-game-italia\\\/city-game-verona-2\\\/\"]}]},{\"@type\":\"ImageObject\",\"inLanguage\":\"es\",\"@id\":\"https:\\\/\\\/citygame.com\\\/es\\\/localizaciones\\\/city-game-italia\\\/city-game-verona-2\\\/#primaryimage\",\"url\":\"https:\\\/\\\/citygame.com\\\/wp-content\\\/blogs.dir\\\/1\\\/files\\\/2026\\\/03\\\/verona-adige-river-cathedral-at-dusk.jpeg\",\"contentUrl\":\"https:\\\/\\\/citygame.com\\\/wp-content\\\/blogs.dir\\\/1\\\/files\\\/2026\\\/03\\\/verona-adige-river-cathedral-at-dusk.jpeg\",\"width\":1920,\"height\":1280,\"caption\":\"The historic cityscape of Verona, Italy, reflects in the calm waters of the Adige River at twilight.\"},{\"@type\":\"BreadcrumbList\",\"@id\":\"https:\\\/\\\/citygame.com\\\/es\\\/localizaciones\\\/city-game-italia\\\/city-game-verona-2\\\/#breadcrumb\",\"itemListElement\":[{\"@type\":\"ListItem\",\"position\":1,\"name\":\"Home\",\"item\":\"https:\\\/\\\/citygame.com\\\/es\\\/\"},{\"@type\":\"ListItem\",\"position\":2,\"name\":\"Locations\",\"item\":\"https:\\\/\\\/citygame.com\\\/es\\\/?page_id=1598\"},{\"@type\":\"ListItem\",\"position\":3,\"name\":\"City Game Italy\",\"item\":\"https:\\\/\\\/citygame.com\\\/es\\\/locations\\\/italy\\\/\"},{\"@type\":\"ListItem\",\"position\":4,\"name\":\"City Game Verona\"}]},{\"@type\":\"WebSite\",\"@id\":\"https:\\\/\\\/citygame.com\\\/es\\\/#website\",\"url\":\"https:\\\/\\\/citygame.com\\\/es\\\/\",\"name\":\"City Game\",\"description\":\"\",\"publisher\":{\"@id\":\"https:\\\/\\\/citygame.com\\\/es\\\/#organization\"},\"alternateName\":\"citygame.com\",\"potentialAction\":[{\"@type\":\"SearchAction\",\"target\":{\"@type\":\"EntryPoint\",\"urlTemplate\":\"https:\\\/\\\/citygame.com\\\/es\\\/?s={search_term_string}\"},\"query-input\":{\"@type\":\"PropertyValueSpecification\",\"valueRequired\":true,\"valueName\":\"search_term_string\"}}],\"inLanguage\":\"es\"},{\"@type\":\"Organization\",\"@id\":\"https:\\\/\\\/citygame.com\\\/es\\\/#organization\",\"name\":\"City Game\",\"alternateName\":\"citygame.com\",\"url\":\"https:\\\/\\\/citygame.com\\\/es\\\/\",\"logo\":{\"@type\":\"ImageObject\",\"inLanguage\":\"es\",\"@id\":\"https:\\\/\\\/citygame.com\\\/es\\\/#\\\/schema\\\/logo\\\/image\\\/\",\"url\":\"https:\\\/\\\/citygame.com\\\/wp-content\\\/blogs.dir\\\/1\\\/files\\\/2025\\\/10\\\/CG_LOGO-City-Game.png\",\"contentUrl\":\"https:\\\/\\\/citygame.com\\\/wp-content\\\/blogs.dir\\\/1\\\/files\\\/2025\\\/10\\\/CG_LOGO-City-Game.png\",\"width\":351,\"height\":377,\"caption\":\"City Game\"},\"image\":{\"@id\":\"https:\\\/\\\/citygame.com\\\/es\\\/#\\\/schema\\\/logo\\\/image\\\/\"},\"sameAs\":[\"https:\\\/\\\/www.facebook.com\\\/profile.php?id=100086426226253\",\"https:\\\/\\\/www.instagram.com\\\/citygame_com\",\"https:\\\/\\\/www.tiktok.com\\\/@citygamecom\\\/\",\"https:\\\/\\\/www.linkedin.com\\\/company\\\/citygame-com\"],\"description\":\"Turn any city into a playground with our interactive City Games and self-guided tours. Fun, flexible, and ideal for groups and team building.\"}]}<\/script>\n<!-- \/ Yoast SEO Premium plugin. -->","yoast_head_json":{"title":"City Game Verona - City Game","robots":{"index":"index","follow":"follow","max-snippet":"max-snippet:-1","max-image-preview":"max-image-preview:large","max-video-preview":"max-video-preview:-1"},"canonical":"https:\/\/citygame.com\/es\/localizaciones\/city-game-italia\/city-game-verona-2\/","og_locale":"es_ES","og_type":"article","og_title":"City Game Verona","og_url":"https:\/\/citygame.com\/es\/localizaciones\/city-game-italia\/city-game-verona-2\/","og_site_name":"City Game","article_publisher":"https:\/\/www.facebook.com\/profile.php?id=100086426226253","article_modified_time":"2026-04-24T18:33:52+00:00","og_image":[{"width":1920,"height":1280,"url":"https:\/\/citygame.com\/wp-content\/blogs.dir\/1\/files\/2026\/03\/verona-adige-river-cathedral-at-dusk.jpeg","type":"image\/jpeg"}],"twitter_card":"summary_large_image","schema":{"@context":"https:\/\/schema.org","@graph":[{"@type":"WebPage","@id":"https:\/\/citygame.com\/es\/localizaciones\/city-game-italia\/city-game-verona-2\/","url":"https:\/\/citygame.com\/es\/localizaciones\/city-game-italia\/city-game-verona-2\/","name":"City Game Verona - City Game","isPartOf":{"@id":"https:\/\/citygame.com\/es\/#website"},"primaryImageOfPage":{"@id":"https:\/\/citygame.com\/es\/localizaciones\/city-game-italia\/city-game-verona-2\/#primaryimage"},"image":{"@id":"https:\/\/citygame.com\/es\/localizaciones\/city-game-italia\/city-game-verona-2\/#primaryimage"},"thumbnailUrl":"https:\/\/citygame.com\/wp-content\/blogs.dir\/1\/files\/2026\/03\/verona-adige-river-cathedral-at-dusk.jpeg","datePublished":"2026-02-06T13:35:22+00:00","dateModified":"2026-04-24T18:33:52+00:00","breadcrumb":{"@id":"https:\/\/citygame.com\/es\/localizaciones\/city-game-italia\/city-game-verona-2\/#breadcrumb"},"inLanguage":"es","potentialAction":[{"@type":"ReadAction","target":["https:\/\/citygame.com\/es\/localizaciones\/city-game-italia\/city-game-verona-2\/"]}]},{"@type":"ImageObject","inLanguage":"es","@id":"https:\/\/citygame.com\/es\/localizaciones\/city-game-italia\/city-game-verona-2\/#primaryimage","url":"https:\/\/citygame.com\/wp-content\/blogs.dir\/1\/files\/2026\/03\/verona-adige-river-cathedral-at-dusk.jpeg","contentUrl":"https:\/\/citygame.com\/wp-content\/blogs.dir\/1\/files\/2026\/03\/verona-adige-river-cathedral-at-dusk.jpeg","width":1920,"height":1280,"caption":"The historic cityscape of Verona, Italy, reflects in the calm waters of the Adige River at twilight."},{"@type":"BreadcrumbList","@id":"https:\/\/citygame.com\/es\/localizaciones\/city-game-italia\/city-game-verona-2\/#breadcrumb","itemListElement":[{"@type":"ListItem","position":1,"name":"Home","item":"https:\/\/citygame.com\/es\/"},{"@type":"ListItem","position":2,"name":"Locations","item":"https:\/\/citygame.com\/es\/?page_id=1598"},{"@type":"ListItem","position":3,"name":"City Game Italy","item":"https:\/\/citygame.com\/es\/locations\/italy\/"},{"@type":"ListItem","position":4,"name":"City Game Verona"}]},{"@type":"WebSite","@id":"https:\/\/citygame.com\/es\/#website","url":"https:\/\/citygame.com\/es\/","name":"City Game","description":"","publisher":{"@id":"https:\/\/citygame.com\/es\/#organization"},"alternateName":"citygame.com","potentialAction":[{"@type":"SearchAction","target":{"@type":"EntryPoint","urlTemplate":"https:\/\/citygame.com\/es\/?s={search_term_string}"},"query-input":{"@type":"PropertyValueSpecification","valueRequired":true,"valueName":"search_term_string"}}],"inLanguage":"es"},{"@type":"Organization","@id":"https:\/\/citygame.com\/es\/#organization","name":"City Game","alternateName":"citygame.com","url":"https:\/\/citygame.com\/es\/","logo":{"@type":"ImageObject","inLanguage":"es","@id":"https:\/\/citygame.com\/es\/#\/schema\/logo\/image\/","url":"https:\/\/citygame.com\/wp-content\/blogs.dir\/1\/files\/2025\/10\/CG_LOGO-City-Game.png","contentUrl":"https:\/\/citygame.com\/wp-content\/blogs.dir\/1\/files\/2025\/10\/CG_LOGO-City-Game.png","width":351,"height":377,"caption":"City Game"},"image":{"@id":"https:\/\/citygame.com\/es\/#\/schema\/logo\/image\/"},"sameAs":["https:\/\/www.facebook.com\/profile.php?id=100086426226253","https:\/\/www.instagram.com\/citygame_com","https:\/\/www.tiktok.com\/@citygamecom\/","https:\/\/www.linkedin.com\/company\/citygame-com"],"description":"Turn any city into a playground with our interactive City Games and self-guided tours. Fun, flexible, and ideal for groups and team building."}]}},"taxonomy_info":{"cities-only-parent-location":[{"value":485,"label":"Italy"}],"cg_page_type":[{"value":45,"label":"City overview page"}]},"featured_image_src_large":["https:\/\/citygame.com\/wp-content\/blogs.dir\/1\/files\/2026\/03\/verona-adige-river-cathedral-at-dusk-1024x683.jpeg",1024,683,true],"author_info":{"display_name":"Philip","author_link":"https:\/\/citygame.com\/es\/blog\/author\/sophi2\/"},"comment_info":0,"wpml_current_locale":"es_ES","wpml_translations":{"nl_NL":{"locale":"nl_NL","id":228541,"slug":"city-game-verona-2","post_title":"City Game Verona","href":"https:\/\/citygame.com\/nl\/locaties\/city-game-italie\/city-game-verona-2\/"},"en_US":{"locale":"en_US","id":11330,"slug":"city-game-verona","post_title":"City Game Verona","href":"https:\/\/citygame.com\/locations\/italy\/city-game-verona\/"},"fr_FR":{"locale":"fr_FR","id":228570,"slug":"city-game-verone","post_title":"City Game V\u00e9rone","href":"https:\/\/citygame.com\/fr\/emplacements\/city-game-italy\/city-game-verone\/"},"de_DE":{"locale":"de_DE","id":228549,"slug":"city-game-verona-2","post_title":"City Game Verona","href":"https:\/\/citygame.com\/de\/standorte\/city-game-italien\/city-game-verona-2\/"},"it_IT":{"locale":"it_IT","id":228577,"slug":"city-game-verona-2","post_title":"City Game Verona","href":"https:\/\/citygame.com\/it\/luoghi\/city-game-italia\/city-game-verona-2\/"},"es_ES":{"locale":"es_ES","translation":"current"}},"_links":{"self":[{"href":"https:\/\/citygame.com\/es\/wp-json\/wp\/v2\/pages\/228557","targetHints":{"allow":["GET"]}}],"collection":[{"href":"https:\/\/citygame.com\/es\/wp-json\/wp\/v2\/pages"}],"about":[{"href":"https:\/\/citygame.com\/es\/wp-json\/wp\/v2\/types\/page"}],"author":[{"embeddable":true,"href":"https:\/\/citygame.com\/es\/wp-json\/wp\/v2\/users\/78"}],"replies":[{"embeddable":true,"href":"https:\/\/citygame.com\/es\/wp-json\/wp\/v2\/comments?post=228557"}],"version-history":[{"count":0,"href":"https:\/\/citygame.com\/es\/wp-json\/wp\/v2\/pages\/228557\/revisions"}],"up":[{"embeddable":true,"href":"https:\/\/citygame.com\/es\/wp-json\/wp\/v2\/pages\/225858"}],"acf:term":[{"embeddable":true,"taxonomy":"cities-only-parent-location","href":"https:\/\/citygame.com\/es\/wp-json\/wp\/v2\/cities-only-parent-location\/485"},{"embeddable":true,"taxonomy":"location","href":"https:\/\/citygame.com\/es\/wp-json\/wp\/v2\/location\/463"}],"wp:featuredmedia":[{"embeddable":true,"href":"https:\/\/citygame.com\/es\/wp-json\/wp\/v2\/media\/16418"}],"wp:attachment":[{"href":"https:\/\/citygame.com\/es\/wp-json\/wp\/v2\/media?parent=228557"}],"wp:term":[{"taxonomy":"cities-only-parent-location","embeddable":true,"href":"https:\/\/citygame.com\/es\/wp-json\/wp\/v2\/cities-only-parent-location?post=228557"},{"taxonomy":"countries-only-parent-locations","embeddable":true,"href":"https:\/\/citygame.com\/es\/wp-json\/wp\/v2\/countries-only-parent-locations?post=228557"},{"taxonomy":"seo_keyword","embeddable":true,"href":"https:\/\/citygame.com\/es\/wp-json\/wp\/v2\/seo_keyword?post=228557"},{"taxonomy":"cg_page_type","embeddable":true,"href":"https:\/\/citygame.com\/es\/wp-json\/wp\/v2\/cg_page_type?post=228557"}],"curies":[{"name":"wp","href":"https:\/\/api.w.org\/{rel}","templated":true}]}}