{"id":229558,"date":"2026-01-30T16:08:37","date_gmt":"2026-01-30T16:08:37","guid":{"rendered":"https:\/\/citygame.com\/locations\/croatia\/city-game-rijeka-2\/"},"modified":"2026-04-27T09:58:20","modified_gmt":"2026-04-27T09:58:20","slug":"city-game-rijeka-2","status":"publish","type":"page","link":"https:\/\/citygame.com\/es\/localizaciones\/city-game-croacia\/city-game-rijeka-2\/","title":{"rendered":"City Game Rijeka"},"content":{"rendered":"","protected":false},"excerpt":{"rendered":"","protected":false},"author":78,"featured_media":16516,"parent":225752,"menu_order":0,"comment_status":"closed","ping_status":"closed","template":"","meta":{"_acf_changed":false,"_yoast_wpseo_focuskw":"City Game Rijeka","_yoast_wpseo_metadesc":"","_kad_blocks_custom_css":"","_kad_blocks_head_custom_js":"","_kad_blocks_body_custom_js":"","_kad_blocks_footer_custom_js":"","_kad_post_transparent":"","_kad_post_title":"","_kad_post_layout":"","_kad_post_sidebar_id":"","_kad_post_content_style":"","_kad_post_vertical_padding":"","_kad_post_feature":"","_kad_post_feature_position":"","_kad_post_header":false,"_kad_post_footer":false,"_kad_post_classname":"","footnotes":""},"cities-only-parent-location":[491],"countries-only-parent-locations":[],"seo_keyword":[],"cg_page_type":[45],"class_list":["post-229558","page","type-page","status-publish","has-post-thumbnail","hentry","cities-only-parent-location-croatia","cg_page_type-city-overview-page"],"acf":{"city_name":"Rijeka","select_city":344,"section_1_h2_city_games_in_city":"City Games in Rijeka","intro_text":"Los City Games est\u00e1n disponibles en Rijeka, ofreciendo una experiencia autoguiada a trav\u00e9s de una jugabilidad interactiva. Usando tu tel\u00e9fono inteligente, resolver\u00e1s acertijos y desaf\u00edos a medida que te desplazas por las distintas zonas de la ciudad. Cada juego est\u00e1 dise\u00f1ado para permitirte explorar Rijeka a tu propio ritmo mientras te conectas con su entorno urbano.","section_1_usp_1":"Iniciar, pausar y continuar cuando quieras","section_1_usp_2":"Juega de forma independiente","section_1_usp_3":"1-4 o 2-5 personas por smartphone, dependiendo de tu juego","section_1_usp_4":"1,5\u20132 horas de juego","section_1_usp_5":"3\u20134 km de recorrido a pie","section_1_usp_6":"Conexi\u00f3n a Internet requerida","section_1_text_2":"\u00a1Elige tu City Game y empieza a jugar hoy mismo!","section_1_cta":"Ver todos los City Games","intro_image":16517,"section_2_h2_all_city_games_in_city":"All City Games in Rijeka","section_3_h2_how_city_games_work_in_city":"C\u00f3mo funcionan los City Games en Rijeka","section_3_text":"Empezar es f\u00e1cil. Elige tu City Game en Rijeka, reserva tu aventura y empieza a jugar cuando te convenga. Todo lo que necesitas te ser\u00e1 enviado instant\u00e1neamente despu\u00e9s de la reserva: sin gu\u00eda, sin horarios de inicio estrictos, solo tu equipo y la ciudad.","section_3_usp_1":"1,5\u20132 horas de juego","section_3_usp_2":"3\u20134 km de recorrido a pie por la ciudad","section_3_usp_3":"Inicia, pausa y contin\u00faa cuando quieras","section_3_usp_4":"1-4 o 2-5 personas por smartphone, dependiendo de tu juego","section_3_usp_5":"Juega de forma independiente con tu propio dispositivo","section_3_usp_6":"Conexi\u00f3n a Internet requerida durante el juego","section_3_cta":"Elige tu ciudad","section_3_step_1":"Paso 1","section_3_step_1_title":"Elige tu ciudad y juego","section_3_step_1_text":"Selecciona la ciudad donde quieres jugar y reserva tu City Game online en apenas unos clics.","section_3_step_2":"Paso 2","section_3_step_2_title":"Recibe las instrucciones de tu juego","section_3_step_2_text":"Despu\u00e9s de reservar, recibir\u00e1s instant\u00e1neamente un correo con todas las instrucciones y acceso al juego.","section_3_step_3":"Paso 3","section_3_step_3_title":"Ve al lugar de inicio","section_3_step_3_text":"Dir\u00edgete al punto de inicio de la ciudad cuando te convenga. No hay horarios de inicio fijos.","section_3_step_4":"Paso 4","section_3_step_4_title":"Inicia tu City Game","section_3_step_4_text":"Sigue las pistas, resuelve acertijos y descubre la ciudad mientras completas divertidos desaf\u00edos a lo largo de la ruta.","how_city_games_work_image":16518,"section_4_h2_who_are_city_games_in_city_for":"Para qui\u00e9n son los City Games en Rijeka?","section_4_text":"Los City Games en Rijeka est\u00e1n dise\u00f1ados para cualquiera que quiera experimentar la ciudad de una manera interactiva y flexible. Ya sea que est\u00e9s visitando Rijeka por primera vez o ya la conozcas bien, City Games ofrecen una actividad divertida que encaja f\u00e1cilmente en tu d\u00eda.","section_4_text_2":"Los City Games en Rijeka son aptos para:","section_4_usp_1":"Jugadores solos o grupos peque\u00f1os que buscan una aventura flexible","section_4_usp_2":"Turistas que exploran Rijeka","section_4_usp_3":"Amigos y familias que buscan una actividad divertida","section_4_usp_4":"Empresas y equipos que planifican un evento de teambuilding","section_4_usp_5":"Locales que quieren redescubrir su propia ciudad","section_4_cta":"Encuentra un City Game en tu ciudad","who_are_city_games_for_image":16519,"section_5_h2_exploring_city":"Explorando Rijeka","exploring_city_text":"El car\u00e1cter de Rijeka se revela a trav\u00e9s de la mezcla de arquitectura austro-h\u00fangara, vistas al mar y restos industriales, todo entrelazado en la topograf\u00eda estratificada de la ciudad. El Korzo, la avenida central de Rijeka, funciona tanto como pasaje como centro social, bordeado por fachadas hist\u00f3ricas y una vida diaria vibrante. Al adentrarse hacia el interior, empinadas escaleras y calles estrechas conducen al Castillo de Trsat, ofreciendo perspectivas elevadas del puerto y de los tejados de abajo.\r\n\r\nLa relaci\u00f3n de la ciudad con el mar da forma a gran parte de su movimiento y su \u00e1nimo. A lo largo del r\u00edo Rje\u010dina y de la bulliciosa zona portuaria, quedan vestigios de la herencia mar\u00edtima y naval de Rijeka: almacenes, gr\u00faas y muelles. Estos espacios, tanto laborales como de transici\u00f3n, reflejan la identidad de Rijeka como una ciudad en movimiento, equilibrando pasado y presente en su geograf\u00eda.","exploring_city_image":16520,"section_6_h2_hosted_game":"Tus City Games favoritos, alojados profesionalmente por nuestro equipo","section_6_text":"Disfruta de los mismos City Games que nuestra versi\u00f3n autoguiada, pero con pleno soporte en el sitio por parte de nuestros anfitriones profesionales. Nos encargamos de la sesi\u00f3n informativa, las tabletas, la coordinaci\u00f3n y el soporte t\u00e9cnico, para que tu grupo pueda centrarse por completo en la diversi\u00f3n y la competici\u00f3n.","section_6_text_2":"Qu\u00e9 incluye:","section_6_usp_1_title":"Mismo City Game, totalmente alojado","section_6_usp_1_text":"Juegas exactamente la misma experiencia que en nuestra versi\u00f3n autoguiada, ahora con nuestros anfitriones guiando a tu grupo.","section_6_usp_2_title":"Clasificaci\u00f3n en vivo y ceremonia de premiaci\u00f3n","section_6_usp_2_text":"Para grupos grandes, nuestros anfitriones revelan las puntuaciones finales y anuncian al equipo ganador con un momento de premiaci\u00f3n divertido.","section_6_usp_3_title":"Inicio y final con anfitri\u00f3n","section_6_usp_3_text":"Damos la bienvenida a tu grupo, explicamos claramente el juego y cerramos con un emocionante cierre.","section_6_usp_4_title":"Soporte en tiempo real durante el juego","section_6_usp_4_text":"Nuestro equipo ayuda con los dispositivos, problemas de la aplicaci\u00f3n y la coordinaci\u00f3n durante toda la experiencia.","section_6_usp_5_title":"Tabletas incluidas (opcional)","section_6_usp_5_text":"Disponible para grupos que prefieren usar nuestros dispositivos en lugar de los suyos.","section_6_text_3":"Confiado por equipos de todo el mundo, desde grupos peque\u00f1os hasta grandes eventos corporativos.","section_6_cta":"Planifica tu evento de grupo","section_7_h2_reviews":"Lo que otros piensan de nuestros City Games","section_7_cta_1":"Ver todas las preguntas frecuentes","section_7_cta_2":"Obtener soporte","section_8_h2_faq":"\u00bfTienes preguntas? \u00a1Tenemos respuestas!","section_8_text":"Explora ciudades de una manera divertida e interactiva con nuestros City Games. Resuelve acertijos, descubre lugares ocultos y conoce la ciudad mientras juegas con amigos, familia o colegas, cuando te convenga.","section_8_cta_1":"Ver todas las preguntas frecuentes","section_8_cta_2":"Obtener soporte","section_8_question_1":"\u00bfQu\u00e9 son City Games en Rijeka?","section_8_answer_1":"City Games en Rijeka son <strong>experiencias interactivas y autoguiadas<\/strong> que te permiten explorar la ciudad mientras juegas. \n\r\nUtilizando tu tel\u00e9fono inteligente, resuelves acertijos, completas desaf\u00edos y sigues la historia de tu City Game elegido mientras recorres la ciudad. \n\r\nCity Games combinan trabajo en equipo, resoluci\u00f3n de problemas y exploraci\u00f3n al aire libre, lo que las convierte en una actividad divertida para visitantes, residentes y grupos por igual.","section_8_question_2":"\u00bfNecesito una gu\u00eda para jugar un City Game en Rijeka?","section_8_answer_2":"<p class=\"kt-adv-heading2034_2420ea-ca wp-block-kadence-advancedheading\" data-kb-block=\"kb-adv-heading2034_2420ea-ca\">No, City Games en Rijeka son <strong>totalmente autoguiadas<\/strong>. No necesitas una gu\u00eda, anfitri\u00f3n o personal en el lugar para jugar. Todas las instrucciones y la mec\u00e1nica del juego se proporcionan digitalmente, lo que te permite empezar y jugar de forma independiente utilizando tu propio smartphone.<\/p>\r\nEsta flexibilidad hace que City Games se adapten f\u00e1cilmente a tu agenda.\r\n<p class=\"kt-adv-heading2034_cd3db2-33 wp-block-kadence-advancedheading hls-none\" data-kb-block=\"kb-adv-heading2034_cd3db2-33\">Para grupos m\u00e1s grandes o eventos corporativos, tambi\u00e9n est\u00e1 disponible una versi\u00f3n totalmente alojada de nuestros City Games, que incluye orientaci\u00f3n en el lugar, tabletas y soporte en vivo.<\/p>\r\n\u00bfPlaneas un grupo m\u00e1s grande o un evento corporativo?","section_8_answer_2_cta":"Explora la experiencia del City Game alojada para grupos","section_8_question_3":"\u00bfCu\u00e1ndo podemos empezar a jugar un City Game en Rijeka?","section_8_answer_3":"Puedes empezar a jugar <strong>cuando te convenga<\/strong>! City Games en Rijeka no tienen horarios de inicio fijos, por lo que eres libre de comenzar en el momento que se ajuste a tus planes.\r\n\r\nDespu\u00e9s de reservar, recibir\u00e1s instrucciones claras que explican c\u00f3mo y cu\u00e1ndo puedes iniciar tu City Game!","section_8_question_4":"\u00bfCu\u00e1nto tiempo tarda un City Game en Rijeka?","section_8_answer_4":"Los City Games en Rijeka tardan <strong>aproximadamente 1,5 a 2 horas<\/strong> en completarse. La duraci\u00f3n exacta depende de tu ritmo, de cu\u00e1ntas pausas tomes y de cu\u00e1n r\u00e1pido resuelvas los acertijos y desaf\u00edos.\r\n\r\nPuedes jugar a tu propio ritmo y pausar el juego cuando quieras!","section_8_question_5":"\u00bfPodemos jugar a un City Game en Rijeka con un grupo grande?","section_8_answer_5":"<p class=\"kt-adv-heading2034_97743b-76 wp-block-kadence-advancedheading\" data-kb-block=\"kb-adv-heading2034_97743b-76\">S\u00ed, City Games son aptos para <strong>tanto grupos peque\u00f1os como equipos m\u00e1s grandes<\/strong>. Los grupos grandes pueden dividirse f\u00e1cilmente en equipos m\u00e1s peque\u00f1os y jugar al City Game al mismo tiempo, utilizando varios smartphones. Cada equipo juega de forma independiente, siguiendo el mismo concepto de juego y la misma historia.<\/p>\r\nEsta configuraci\u00f3n funciona bien para grupos de amigos, familias y empresas, y convierte a City Games en una opci\u00f3n popular para salidas de equipo, eventos y actividades de teambuilding.\r\n<p class=\"kt-adv-heading2034_7442e3-e3 wp-block-kadence-advancedheading hls-none\" data-kb-block=\"kb-adv-heading2034_7442e3-e3\">Para grupos m\u00e1s grandes o eventos corporativos, tambi\u00e9n est\u00e1 disponible una versi\u00f3n totalmente alojada de nuestros City Games, que incluye orientaci\u00f3n en el lugar, tabletas y soporte en vivo.<\/p>\r\n\u00bfPlaneas un grupo m\u00e1s grande o un evento corporativo?","section_8_answer_5_cta":"Explora la experiencia del City Game alojada para grupos","section_8_question_6":"\u00bfSon adecuados los City Games en Rijeka para turistas y residentes?","section_8_answer_6":"S\u00ed, City Games en Rijeka son <strong>aptos para tanto turistas como residentes<\/strong>. Los visitantes pueden experimentar la ciudad de forma interactiva, mientras que los residentes pueden disfrutar de calles familiares como escenario de un City Game.\r\n\r\nComo cada City Game se centra en la jugabilidad y la narraci\u00f3n, la experiencia se siente fresca independientemente de cu\u00e1nto conozcas ya la ciudad.","section_8_question_7":"\u00bfLos City Games en Rijeka est\u00e1n disponibles en varios idiomas?","section_8_answer_7":"S\u00ed, City Games en Rijeka est\u00e1n <strong>disponibles en varios idiomas<\/strong>. Puedes seleccionar tu idioma preferido antes o durante el juego, haciendo que City Games sean accesibles para visitantes internacionales y grupos multiling\u00fces.","section_8_question_8":"\u00bfQu\u00e9 necesitamos para jugar un City Game en Rijeka?","section_8_answer_8":"Para jugar un City Game en Rijeka, necesitas:","section_8_answer_8_usp_1":"Un smartphone con conexi\u00f3n a internet","section_8_answer_8_usp_2":"Una bater\u00eda cargada","section_8_answer_8_usp_3":"Calzado c\u00f3modo para caminar","section_8_answer_8_2":"Todo el contenido del juego e instrucciones se proporcionan digitalmente tras la reserva.","section_9_h2_instagram":"Ver m\u00e1s en Instagram","section_9_text":"Inspiraci\u00f3n de viaje, acertijos, lugares incre\u00edbles y momentos de City Game, directamente desde nuestra comunidad","section_9_cta":"S\u00edguenos en Instagram","section_10_h2_page_ending":"\u00bfListo para una aventura inolvidable en Rijeka?","section_10_text":"Explora Rijeka de una manera \u00fanica e interactiva con nuestros City Games. Juega hoy y crea recuerdos duraderos!","section_10_cta":"Reserva tu City Game ahora","latitude":45.326904,"longitude":14442423,"country":491,"map_enabled":true},"yoast_head":"<!-- This site is optimized with the Yoast SEO Premium plugin v26.2 (Yoast SEO v27.4) - https:\/\/yoast.com\/product\/yoast-seo-premium-wordpress\/ -->\n<title>City Game Rijeka - City Game<\/title>\n<meta name=\"robots\" content=\"index, follow, max-snippet:-1, max-image-preview:large, max-video-preview:-1\" \/>\n<link rel=\"canonical\" href=\"https:\/\/citygame.com\/es\/localizaciones\/city-game-croacia\/city-game-rijeka-2\/\" \/>\n<meta property=\"og:locale\" content=\"es_ES\" \/>\n<meta property=\"og:type\" content=\"article\" \/>\n<meta property=\"og:title\" content=\"City Game Rijeka\" \/>\n<meta property=\"og:url\" content=\"https:\/\/citygame.com\/es\/localizaciones\/city-game-croacia\/city-game-rijeka-2\/\" \/>\n<meta property=\"og:site_name\" content=\"City Game\" \/>\n<meta property=\"article:publisher\" content=\"https:\/\/www.facebook.com\/profile.php?id=100086426226253\" \/>\n<meta property=\"article:modified_time\" content=\"2026-04-27T09:58:20+00:00\" \/>\n<meta property=\"og:image\" content=\"https:\/\/citygame.com\/wp-content\/blogs.dir\/1\/files\/2026\/03\/rijeka-church-of-st-joseph-sunset.jpeg\" \/>\n\t<meta property=\"og:image:width\" content=\"1920\" \/>\n\t<meta property=\"og:image:height\" content=\"1445\" \/>\n\t<meta property=\"og:image:type\" content=\"image\/jpeg\" \/>\n<meta name=\"twitter:card\" content=\"summary_large_image\" \/>\n<script type=\"application\/ld+json\" class=\"yoast-schema-graph\">{\"@context\":\"https:\\\/\\\/schema.org\",\"@graph\":[{\"@type\":\"WebPage\",\"@id\":\"https:\\\/\\\/citygame.com\\\/es\\\/localizaciones\\\/city-game-croacia\\\/city-game-rijeka-2\\\/\",\"url\":\"https:\\\/\\\/citygame.com\\\/es\\\/localizaciones\\\/city-game-croacia\\\/city-game-rijeka-2\\\/\",\"name\":\"City Game Rijeka - City Game\",\"isPartOf\":{\"@id\":\"https:\\\/\\\/citygame.com\\\/es\\\/#website\"},\"primaryImageOfPage\":{\"@id\":\"https:\\\/\\\/citygame.com\\\/es\\\/localizaciones\\\/city-game-croacia\\\/city-game-rijeka-2\\\/#primaryimage\"},\"image\":{\"@id\":\"https:\\\/\\\/citygame.com\\\/es\\\/localizaciones\\\/city-game-croacia\\\/city-game-rijeka-2\\\/#primaryimage\"},\"thumbnailUrl\":\"https:\\\/\\\/citygame.com\\\/wp-content\\\/blogs.dir\\\/1\\\/files\\\/2026\\\/03\\\/rijeka-church-of-st-joseph-sunset.jpeg\",\"datePublished\":\"2026-01-30T16:08:37+00:00\",\"dateModified\":\"2026-04-27T09:58:20+00:00\",\"breadcrumb\":{\"@id\":\"https:\\\/\\\/citygame.com\\\/es\\\/localizaciones\\\/city-game-croacia\\\/city-game-rijeka-2\\\/#breadcrumb\"},\"inLanguage\":\"es\",\"potentialAction\":[{\"@type\":\"ReadAction\",\"target\":[\"https:\\\/\\\/citygame.com\\\/es\\\/localizaciones\\\/city-game-croacia\\\/city-game-rijeka-2\\\/\"]}]},{\"@type\":\"ImageObject\",\"inLanguage\":\"es\",\"@id\":\"https:\\\/\\\/citygame.com\\\/es\\\/localizaciones\\\/city-game-croacia\\\/city-game-rijeka-2\\\/#primaryimage\",\"url\":\"https:\\\/\\\/citygame.com\\\/wp-content\\\/blogs.dir\\\/1\\\/files\\\/2026\\\/03\\\/rijeka-church-of-st-joseph-sunset.jpeg\",\"contentUrl\":\"https:\\\/\\\/citygame.com\\\/wp-content\\\/blogs.dir\\\/1\\\/files\\\/2026\\\/03\\\/rijeka-church-of-st-joseph-sunset.jpeg\",\"width\":1920,\"height\":1445,\"caption\":\"The modern bell tower of the Church of St. Joseph against a vibrant sunset over the Kvarner Gulf in Rijeka.\"},{\"@type\":\"BreadcrumbList\",\"@id\":\"https:\\\/\\\/citygame.com\\\/es\\\/localizaciones\\\/city-game-croacia\\\/city-game-rijeka-2\\\/#breadcrumb\",\"itemListElement\":[{\"@type\":\"ListItem\",\"position\":1,\"name\":\"Home\",\"item\":\"https:\\\/\\\/citygame.com\\\/es\\\/\"},{\"@type\":\"ListItem\",\"position\":2,\"name\":\"Locations\",\"item\":\"https:\\\/\\\/citygame.com\\\/es\\\/?page_id=1598\"},{\"@type\":\"ListItem\",\"position\":3,\"name\":\"City Game Croatia\",\"item\":\"https:\\\/\\\/citygame.com\\\/es\\\/locations\\\/croatia\\\/\"},{\"@type\":\"ListItem\",\"position\":4,\"name\":\"City Game Rijeka\"}]},{\"@type\":\"WebSite\",\"@id\":\"https:\\\/\\\/citygame.com\\\/es\\\/#website\",\"url\":\"https:\\\/\\\/citygame.com\\\/es\\\/\",\"name\":\"City Game\",\"description\":\"\",\"publisher\":{\"@id\":\"https:\\\/\\\/citygame.com\\\/es\\\/#organization\"},\"alternateName\":\"citygame.com\",\"potentialAction\":[{\"@type\":\"SearchAction\",\"target\":{\"@type\":\"EntryPoint\",\"urlTemplate\":\"https:\\\/\\\/citygame.com\\\/es\\\/?s={search_term_string}\"},\"query-input\":{\"@type\":\"PropertyValueSpecification\",\"valueRequired\":true,\"valueName\":\"search_term_string\"}}],\"inLanguage\":\"es\"},{\"@type\":\"Organization\",\"@id\":\"https:\\\/\\\/citygame.com\\\/es\\\/#organization\",\"name\":\"City Game\",\"alternateName\":\"citygame.com\",\"url\":\"https:\\\/\\\/citygame.com\\\/es\\\/\",\"logo\":{\"@type\":\"ImageObject\",\"inLanguage\":\"es\",\"@id\":\"https:\\\/\\\/citygame.com\\\/es\\\/#\\\/schema\\\/logo\\\/image\\\/\",\"url\":\"https:\\\/\\\/citygame.com\\\/wp-content\\\/blogs.dir\\\/1\\\/files\\\/2025\\\/10\\\/CG_LOGO-City-Game.png\",\"contentUrl\":\"https:\\\/\\\/citygame.com\\\/wp-content\\\/blogs.dir\\\/1\\\/files\\\/2025\\\/10\\\/CG_LOGO-City-Game.png\",\"width\":351,\"height\":377,\"caption\":\"City Game\"},\"image\":{\"@id\":\"https:\\\/\\\/citygame.com\\\/es\\\/#\\\/schema\\\/logo\\\/image\\\/\"},\"sameAs\":[\"https:\\\/\\\/www.facebook.com\\\/profile.php?id=100086426226253\",\"https:\\\/\\\/www.instagram.com\\\/citygame_com\",\"https:\\\/\\\/www.tiktok.com\\\/@citygamecom\\\/\",\"https:\\\/\\\/www.linkedin.com\\\/company\\\/citygame-com\"],\"description\":\"Turn any city into a playground with our interactive City Games and self-guided tours. Fun, flexible, and ideal for groups and team building.\"}]}<\/script>\n<!-- \/ Yoast SEO Premium plugin. -->","yoast_head_json":{"title":"City Game Rijeka - City Game","robots":{"index":"index","follow":"follow","max-snippet":"max-snippet:-1","max-image-preview":"max-image-preview:large","max-video-preview":"max-video-preview:-1"},"canonical":"https:\/\/citygame.com\/es\/localizaciones\/city-game-croacia\/city-game-rijeka-2\/","og_locale":"es_ES","og_type":"article","og_title":"City Game Rijeka","og_url":"https:\/\/citygame.com\/es\/localizaciones\/city-game-croacia\/city-game-rijeka-2\/","og_site_name":"City Game","article_publisher":"https:\/\/www.facebook.com\/profile.php?id=100086426226253","article_modified_time":"2026-04-27T09:58:20+00:00","og_image":[{"width":1920,"height":1445,"url":"https:\/\/citygame.com\/wp-content\/blogs.dir\/1\/files\/2026\/03\/rijeka-church-of-st-joseph-sunset.jpeg","type":"image\/jpeg"}],"twitter_card":"summary_large_image","schema":{"@context":"https:\/\/schema.org","@graph":[{"@type":"WebPage","@id":"https:\/\/citygame.com\/es\/localizaciones\/city-game-croacia\/city-game-rijeka-2\/","url":"https:\/\/citygame.com\/es\/localizaciones\/city-game-croacia\/city-game-rijeka-2\/","name":"City Game Rijeka - City Game","isPartOf":{"@id":"https:\/\/citygame.com\/es\/#website"},"primaryImageOfPage":{"@id":"https:\/\/citygame.com\/es\/localizaciones\/city-game-croacia\/city-game-rijeka-2\/#primaryimage"},"image":{"@id":"https:\/\/citygame.com\/es\/localizaciones\/city-game-croacia\/city-game-rijeka-2\/#primaryimage"},"thumbnailUrl":"https:\/\/citygame.com\/wp-content\/blogs.dir\/1\/files\/2026\/03\/rijeka-church-of-st-joseph-sunset.jpeg","datePublished":"2026-01-30T16:08:37+00:00","dateModified":"2026-04-27T09:58:20+00:00","breadcrumb":{"@id":"https:\/\/citygame.com\/es\/localizaciones\/city-game-croacia\/city-game-rijeka-2\/#breadcrumb"},"inLanguage":"es","potentialAction":[{"@type":"ReadAction","target":["https:\/\/citygame.com\/es\/localizaciones\/city-game-croacia\/city-game-rijeka-2\/"]}]},{"@type":"ImageObject","inLanguage":"es","@id":"https:\/\/citygame.com\/es\/localizaciones\/city-game-croacia\/city-game-rijeka-2\/#primaryimage","url":"https:\/\/citygame.com\/wp-content\/blogs.dir\/1\/files\/2026\/03\/rijeka-church-of-st-joseph-sunset.jpeg","contentUrl":"https:\/\/citygame.com\/wp-content\/blogs.dir\/1\/files\/2026\/03\/rijeka-church-of-st-joseph-sunset.jpeg","width":1920,"height":1445,"caption":"The modern bell tower of the Church of St. Joseph against a vibrant sunset over the Kvarner Gulf in Rijeka."},{"@type":"BreadcrumbList","@id":"https:\/\/citygame.com\/es\/localizaciones\/city-game-croacia\/city-game-rijeka-2\/#breadcrumb","itemListElement":[{"@type":"ListItem","position":1,"name":"Home","item":"https:\/\/citygame.com\/es\/"},{"@type":"ListItem","position":2,"name":"Locations","item":"https:\/\/citygame.com\/es\/?page_id=1598"},{"@type":"ListItem","position":3,"name":"City Game Croatia","item":"https:\/\/citygame.com\/es\/locations\/croatia\/"},{"@type":"ListItem","position":4,"name":"City Game Rijeka"}]},{"@type":"WebSite","@id":"https:\/\/citygame.com\/es\/#website","url":"https:\/\/citygame.com\/es\/","name":"City Game","description":"","publisher":{"@id":"https:\/\/citygame.com\/es\/#organization"},"alternateName":"citygame.com","potentialAction":[{"@type":"SearchAction","target":{"@type":"EntryPoint","urlTemplate":"https:\/\/citygame.com\/es\/?s={search_term_string}"},"query-input":{"@type":"PropertyValueSpecification","valueRequired":true,"valueName":"search_term_string"}}],"inLanguage":"es"},{"@type":"Organization","@id":"https:\/\/citygame.com\/es\/#organization","name":"City Game","alternateName":"citygame.com","url":"https:\/\/citygame.com\/es\/","logo":{"@type":"ImageObject","inLanguage":"es","@id":"https:\/\/citygame.com\/es\/#\/schema\/logo\/image\/","url":"https:\/\/citygame.com\/wp-content\/blogs.dir\/1\/files\/2025\/10\/CG_LOGO-City-Game.png","contentUrl":"https:\/\/citygame.com\/wp-content\/blogs.dir\/1\/files\/2025\/10\/CG_LOGO-City-Game.png","width":351,"height":377,"caption":"City Game"},"image":{"@id":"https:\/\/citygame.com\/es\/#\/schema\/logo\/image\/"},"sameAs":["https:\/\/www.facebook.com\/profile.php?id=100086426226253","https:\/\/www.instagram.com\/citygame_com","https:\/\/www.tiktok.com\/@citygamecom\/","https:\/\/www.linkedin.com\/company\/citygame-com"],"description":"Turn any city into a playground with our interactive City Games and self-guided tours. Fun, flexible, and ideal for groups and team building."}]}},"taxonomy_info":{"cities-only-parent-location":[{"value":491,"label":"Croatia"}],"cg_page_type":[{"value":45,"label":"City overview page"}]},"featured_image_src_large":["https:\/\/citygame.com\/wp-content\/blogs.dir\/1\/files\/2026\/03\/rijeka-church-of-st-joseph-sunset-1024x771.jpeg",1024,771,true],"author_info":{"display_name":"Philip","author_link":"https:\/\/citygame.com\/es\/blog\/author\/sophi2\/"},"comment_info":0,"wpml_current_locale":"es_ES","wpml_translations":{"nl_NL":{"locale":"nl_NL","id":229543,"slug":"city-game-rijeka-2","post_title":"City Game Rijeka","href":"https:\/\/citygame.com\/nl\/locaties\/city-game-kroatie\/city-game-rijeka-2\/"},"en_US":{"locale":"en_US","id":9068,"slug":"city-game-rijeka","post_title":"City Game Rijeka","href":"https:\/\/citygame.com\/locations\/croatia\/city-game-rijeka\/"},"fr_FR":{"locale":"fr_FR","id":229563,"slug":"city-game-rijeka-2","post_title":"City Game Rijeka","href":"https:\/\/citygame.com\/fr\/emplacements\/city-game-croatie\/city-game-rijeka-2\/"},"de_DE":{"locale":"de_DE","id":229551,"slug":"city-game-rijeka-2","post_title":"City Game Rijeka","href":"https:\/\/citygame.com\/de\/standorte\/city-game-kroatien\/city-game-rijeka-2\/"},"it_IT":{"locale":"it_IT","id":229568,"slug":"city-game-rijeka-2","post_title":"City Game Rijeka","href":"https:\/\/citygame.com\/it\/luoghi\/city-game-croazia\/city-game-rijeka-2\/"},"es_ES":{"locale":"es_ES","translation":"current"}},"_links":{"self":[{"href":"https:\/\/citygame.com\/es\/wp-json\/wp\/v2\/pages\/229558","targetHints":{"allow":["GET"]}}],"collection":[{"href":"https:\/\/citygame.com\/es\/wp-json\/wp\/v2\/pages"}],"about":[{"href":"https:\/\/citygame.com\/es\/wp-json\/wp\/v2\/types\/page"}],"author":[{"embeddable":true,"href":"https:\/\/citygame.com\/es\/wp-json\/wp\/v2\/users\/78"}],"replies":[{"embeddable":true,"href":"https:\/\/citygame.com\/es\/wp-json\/wp\/v2\/comments?post=229558"}],"version-history":[{"count":0,"href":"https:\/\/citygame.com\/es\/wp-json\/wp\/v2\/pages\/229558\/revisions"}],"up":[{"embeddable":true,"href":"https:\/\/citygame.com\/es\/wp-json\/wp\/v2\/pages\/225752"}],"acf:term":[{"embeddable":true,"taxonomy":"cities-only-parent-location","href":"https:\/\/citygame.com\/es\/wp-json\/wp\/v2\/cities-only-parent-location\/491"},{"embeddable":true,"taxonomy":"location","href":"https:\/\/citygame.com\/es\/wp-json\/wp\/v2\/location\/344"}],"wp:featuredmedia":[{"embeddable":true,"href":"https:\/\/citygame.com\/es\/wp-json\/wp\/v2\/media\/16516"}],"wp:attachment":[{"href":"https:\/\/citygame.com\/es\/wp-json\/wp\/v2\/media?parent=229558"}],"wp:term":[{"taxonomy":"cities-only-parent-location","embeddable":true,"href":"https:\/\/citygame.com\/es\/wp-json\/wp\/v2\/cities-only-parent-location?post=229558"},{"taxonomy":"countries-only-parent-locations","embeddable":true,"href":"https:\/\/citygame.com\/es\/wp-json\/wp\/v2\/countries-only-parent-locations?post=229558"},{"taxonomy":"seo_keyword","embeddable":true,"href":"https:\/\/citygame.com\/es\/wp-json\/wp\/v2\/seo_keyword?post=229558"},{"taxonomy":"cg_page_type","embeddable":true,"href":"https:\/\/citygame.com\/es\/wp-json\/wp\/v2\/cg_page_type?post=229558"}],"curies":[{"name":"wp","href":"https:\/\/api.w.org\/{rel}","templated":true}]}}