{"id":227357,"date":"2026-01-29T19:13:16","date_gmt":"2026-01-29T19:13:16","guid":{"rendered":"https:\/\/citygame.com\/locations\/italy\/city-game-florence-2\/"},"modified":"2026-04-23T13:28:02","modified_gmt":"2026-04-23T13:28:02","slug":"city-game-florence-2","status":"publish","type":"page","link":"https:\/\/citygame.com\/fr\/emplacements\/city-game-italy\/city-game-florence-2\/","title":{"rendered":"City Game Florence"},"content":{"rendered":"","protected":false},"excerpt":{"rendered":"","protected":false},"author":78,"featured_media":16736,"parent":225867,"menu_order":0,"comment_status":"closed","ping_status":"closed","template":"","meta":{"_acf_changed":false,"_yoast_wpseo_focuskw":"City Game Florence","_yoast_wpseo_metadesc":"","_kad_blocks_custom_css":"","_kad_blocks_head_custom_js":"","_kad_blocks_body_custom_js":"","_kad_blocks_footer_custom_js":"","_kad_post_transparent":"","_kad_post_title":"","_kad_post_layout":"","_kad_post_sidebar_id":"","_kad_post_content_style":"","_kad_post_vertical_padding":"","_kad_post_feature":"","_kad_post_feature_position":"","_kad_post_header":false,"_kad_post_footer":false,"_kad_post_classname":"","footnotes":""},"cities-only-parent-location":[485],"countries-only-parent-locations":[],"seo_keyword":[],"cg_page_type":[45],"class_list":["post-227357","page","type-page","status-publish","has-post-thumbnail","hentry","cities-only-parent-location-italy","cg_page_type-city-overview-page"],"acf":{"city_name":"Florence","select_city":165,"section_1_h2_city_games_in_city":"City Games dans city-game-florence","intro_text":"Jouez \u00e0 des City Games interactifs \u00e0 travers des lieux non d\u00e9finis et d\u00e9couvrez des villes de mani\u00e8re ludique et captivante. R\u00e9solvez des \u00e9nigmes, relevez des d\u00e9fis et explorez les points forts ainsi que les joyaux cach\u00e9s. Tous les City Games sont en autonomie et jouables sur votre propre smartphone, quand vous le souhaitez.","section_1_usp_1":"Aventure en autonomie \u00e0 travers city-game-florence","section_1_usp_2":"R\u00e9solvez des \u00e9nigmes et des d\u00e9fis sur votre smartphone","section_1_usp_3":"Explorez city-game-florence \u00e0 votre rythme","section_1_usp_4":"Parfait pour les amis, la famille ou les activit\u00e9s de team building","section_1_usp_5":"D\u00e9couvrez des histoires fascinantes et des monuments","section_1_usp_6":"Disponible 24\/7, commencez lorsque vous \u00eates pr\u00eat","section_1_text_2":"Nos City Games offrent un m\u00e9lange unique de visites et de divertissement interactif, id\u00e9al aussi bien pour les touristes que pour les habitants qui souhaitent d\u00e9couvrir city-game-florence d'une mani\u00e8re nouvelle.","section_1_cta":"Trouvez votre aventure city-game-florence !","intro_image":16737,"section_2_h2_all_city_games_in_city":"Tous les City Games dans city-game-florence","section_3_h2_how_city_games_work_in_city":"Comment City Games fonctionnent dans city-game-florence","section_3_text":"C\u2019est facile de commencer. Choisissez votre City Game \u00e0 Florence, r\u00e9servez votre aventure et commencez \u00e0 jouer quand cela vous convient. Tout ce dont vous avez besoin vous sera envoy\u00e9 instantan\u00e9ment apr\u00e8s la r\u00e9servation : pas de guide, pas d\u2019horaires de d\u00e9part stricts, juste votre \u00e9quipe et la ville.","section_3_usp_1":"1,5\u20132 heures de jeu","section_3_usp_2":"Distance de marche de 3 \u00e0 4 km \u00e0 travers la ville","section_3_usp_3":"D\u00e9marrez, mettez en pause et reprenez quand vous le souhaitez","section_3_usp_4":"1\u20134 ou 2\u20135 personnes par smartphone, selon votre jeu","section_3_usp_5":"Jouez de mani\u00e8re ind\u00e9pendante avec votre propre appareil","section_3_usp_6":"Une connexion Internet est requise pendant le jeu","section_3_cta":"Choisissez votre ville","section_3_step_1":"\u00c9tape 1","section_3_step_1_title":"Choisissez votre ville et votre City Game","section_3_step_1_text":"S\u00e9lectionnez la ville o\u00f9 vous souhaitez jouer et r\u00e9servez votre City Game en ligne en quelques clics.","section_3_step_2":"\u00c9tape 2","section_3_step_2_title":"Recevez vos instructions de jeu","section_3_step_2_text":"Apr\u00e8s la r\u00e9servation, vous recevrez instantan\u00e9ment un e-mail avec toutes les instructions et l\u2019acc\u00e8s au jeu.","section_3_step_3":"\u00c9tape 3","section_3_step_3_title":"Rendez-vous au point de d\u00e9part","section_3_step_3_text":"Dirigez-vous vers le point de d\u00e9part dans la ville quand cela vous convient. Il n'y a pas d'horaires de d\u00e9part fixes.","section_3_step_4":"\u00c9tape 4","section_3_step_4_title":"D\u00e9marrez votre City Game","section_3_step_4_text":"Suivez les indices, r\u00e9solvez des \u00e9nigmes et d\u00e9couvrez la ville tout en accomplissant des d\u00e9fis amusants le long du parcours.","how_city_games_work_image":16738,"section_4_h2_who_are_city_games_in_city_for":"Pour qui sont les City Games dans city-game-florence ?","section_4_text":"Les City Games sont con\u00e7us pour tous ceux qui aiment explorer, r\u00e9soudre des myst\u00e8res et s\u2019amuser. Que vous soyez local ou visiteur, nos jeux offrent une perspective unique sur city-game-florence.","section_4_text_2":"Il vous suffit de choisir votre ville et votre jeu, de suivre les instructions sur votre smartphone et de commencer \u00e0 jouer quand cela vous convient.","section_4_usp_1":"Jouez en \u00e9quipes d'amis, de famille ou de coll\u00e8gues","section_4_usp_2":"Commencez quand vous le souhaitez, pas de guide ni de personnel n\u00e9cessaire","section_4_usp_3":"Utilisez votre propre smartphone ou tablette","section_4_usp_4":"Promenez-vous dans la ville tout en r\u00e9solvant des \u00e9nigmes et des d\u00e9fis","section_4_usp_5":"D\u00e9couvrez des anecdotes sur l\u2019histoire, la culture et les monuments","section_4_cta":"Trouvez un City Game dans votre ville","who_are_city_games_for_image":16739,"section_5_h2_exploring_city":"Explorer city-game-florence","exploring_city_text":"Explorer Florence signifie parcourir une ville o\u00f9 chaque coin semble r\u00e9v\u00e9ler une \u00e9poque diff\u00e9rente de l\u2019histoire. Les ruelles \u00e9troites et pav\u00e9es du centre historique m\u00e8nent devant des palais de la Renaissance et des cours int\u00e9rieures cach\u00e9es, le vaste d\u00f4me du Duomo guidant votre orientation de loin. Autour de la Piazza della Signoria, des sentiers bord\u00e9s de sculptures et des pierres centenaires cr\u00e9ent un paysage qui ressemble davantage \u00e0 une galerie patin\u00e9e par le temps qu\u2019\u00e0 une place publique. En traversant le fleuve Arno sur le Ponte Vecchio, un autre rythme de la ville se r\u00e9v\u00e8le, o\u00f9 les rues plus tranquilles du quartier Oltrarno offrent un tempo plus local. Ici, ateliers d\u2019artisans, \u00e9glises moins connues et jardins paisibles contrastent avec le centre-ville plus anim\u00e9. L\u2019\u00e9chelle compacte de Florence, son histoire stratifi\u00e9e et ses quartiers distinctifs fa\u00e7onnent le rythme des d\u00e9placements, offrant un sens de d\u00e9couverte \u00e0 chaque changement de rue ou de place.","exploring_city_image":16740,"section_6_h2_hosted_game":"Vos City Games pr\u00e9f\u00e9r\u00e9s, organis\u00e9s professionnellement par notre \u00e9quipe","section_6_text":"Profitez des m\u00eames City Games que dans notre version en autonomie, mais avec un accompagnement complet sur place de la part de nos h\u00f4tes professionnels. Nous nous occupons de l\u2019briefing, des tablettes, de la coordination et du support technique, afin que votre groupe puisse se concentrer enti\u00e8rement sur le plaisir et la comp\u00e9tition.","section_6_text_2":"Ce qui est inclus :","section_6_usp_1_title":"M\u00eame City Game, enti\u00e8rement h\u00e9berg\u00e9","section_6_usp_1_text":"Vous vivez exactement la m\u00eame exp\u00e9rience que dans notre version en autonomie, d\u00e9sormais guid\u00e9e par nos h\u00f4tes.","section_6_usp_2_title":"Classement en direct et c\u00e9r\u00e9monie de remise des prix","section_6_usp_2_text":"Pour les groupes plus importants, nos h\u00f4tes d\u00e9voilent les scores finals et annoncent l\u2019\u00e9quipe gagnante lors d\u2019un moment de remise de prix ludique.","section_6_usp_3_title":"D\u00e9part et arriv\u00e9e encadr\u00e9s","section_6_usp_3_text":"Nous accueillons votre groupe, expliquons clairement le jeu et concluons par une fin captivante.","section_6_usp_4_title":"Support en temps r\u00e9el pendant le jeu","section_6_usp_4_text":"Notre \u00e9quipe aide sur les appareils, les probl\u00e8mes d\u2019application et la coordination tout au long de l\u2019exp\u00e9rience.","section_6_usp_5_title":"Tablettes incluses (optionnel)","section_6_usp_5_text":"Disponible pour les groupes qui pr\u00e9f\u00e8rent utiliser nos appareils plut\u00f4t que les leurs.","section_6_text_3":"Recommand\u00e9 par des \u00e9quipes du monde entier, des petits groupes aux grands \u00e9v\u00e9nements d\u2019entreprise.","section_6_cta":"Planifiez votre \u00e9v\u00e9nement de groupe","section_7_h2_reviews":"Ce que nos aventuriers disent sur city-game-florence","section_7_cta_1":"Voir toutes les FAQ","section_7_cta_2":"Obtenir de l\u2019aide","section_8_h2_faq":"Questions fr\u00e9quemment pos\u00e9es sur City Games dans city-game-florence","section_8_text":"Explorez les villes de mani\u00e8re ludique et interactive avec nos City Games. R\u00e9solvez des \u00e9nigmes, d\u00e9couvrez des lieux cach\u00e9s et explorez la ville tout en jouant avec des amis, de la famille ou des coll\u00e8gues, quand cela vous convient.","section_8_cta_1":"Voir toutes les FAQ","section_8_cta_2":"Nous contacter","section_8_question_1":"Combien de personnes peuvent jouer \u00e0 un City Game ?","section_8_answer_1":"Nos City Games sont con\u00e7us pour des \u00e9quipes de 2 \u00e0 6 personnes. Pour les groupes plus importants, vous pouvez vous diviser en plusieurs \u00e9quipes et m\u00eame vous affronter les unes les autres !","section_8_question_2":"De quoi ai-je besoin pour jouer \u00e0 un City Game dans city-game-florence ?","section_8_answer_2":"Vous aurez besoin d\u2019un smartphone avec acc\u00e8s Internet (4G\/5G), d\u2019une batterie bien charg\u00e9e et de chaussures confortables pour vous d\u00e9placer dans city-game-florence.","section_8_answer_2_cta":"Voir notre guide d\u00e9taill\u00e9","section_8_question_3":"Combien de temps dure typiquement un City Game ?","section_8_answer_3":"La plupart des City Games prennent environ 2 \u00e0 3 heures pour \u00eatre termin\u00e9s, en fonction de votre rythme et du temps que vous passez \u00e0 admirer les sites de city-game-florence.","section_8_question_4":"Puis-je jouer \u00e0 un City Game \u00e0 tout moment ?","section_8_answer_4":"Oui ! Nos City Games en autonomie peuvent \u00eatre d\u00e9marr\u00e9s quand vous le souhaitez, 24h\/24 et 7j\/7. Votre r\u00e9servation est valable pendant 1 an, vous pouvez donc jouer \u00e0 votre convenance.","section_8_question_5":"Les City Games conviennent-ils aux enfants ?","section_8_answer_5":"Oui, nombre de nos jeux sont adapt\u00e9s aux familles ! Les enfants \u00e2g\u00e9s de 8 ans et plus aiment g\u00e9n\u00e9ralement participer, surtout avec une supervision adulte. Certains jeux peuvent \u00eatre plus difficiles que d\u2019autres.","section_8_answer_5_cta":"D\u00e9couvrez des jeux adapt\u00e9s aux familles dans city-game-florence","section_8_question_6":"Et s\u2019il pleut pendant notre jeu ?","section_8_answer_6":"Les City Games sont des activit\u00e9s en plein air. Nous vous recommandons de v\u00e9rifier les pr\u00e9visions m\u00e9t\u00e9o pour city-game-florence \u00e0 l\u2019avance et d\u2019emporter des v\u00eatements adapt\u00e9s ou des parapluies si n\u00e9cessaire.","section_8_question_7":"Puis-je mettre le jeu en pause ?","section_8_answer_7":"Oui, vous pouvez mettre le jeu en pause \u00e0 tout moment pour des pauses, le d\u00e9jeuner ou pour visiter des attractions. Votre progression est enregistr\u00e9e, vous permettant de reprendre quand vous \u00eates pr\u00eat.","section_8_question_8":"Qu\u2019est-ce qui rend City Games uniques dans city-game-florence ?","section_8_answer_8":"Nos City Games offrent une mani\u00e8re sans pareil d\u2019explorer city-game-florence, en combinant:<ul>","section_8_answer_8_usp_1":"<li><strong>Exploration interactive:<\/strong> allez au-del\u00e0 du simple tourisme traditionnel.<\/li>","section_8_answer_8_usp_2":"<li><strong>Histoires cach\u00e9es :<\/strong> D\u00e9couvrez des faits fascinants sur city-game-florence.<\/li>","section_8_answer_8_usp_3":"<li><strong>Flexibilit\u00e9 :<\/strong> Jouez \u00e0 votre rythme, selon votre propre emploi du temps.<\/li><\/ul>","section_8_answer_8_2":"D\u00e9couvrez city-game-florence comme jamais auparavant avec nos City Games engageants et amusants !","section_9_h2_instagram":"Partagez votre aventure city-game-florence sur Instagram !","section_9_text":"Nous adorons voir vos photos de City Games ! Identifiez-nous et utilisez le hashtag #CityGamescity-game-florence pour partager vos exp\u00e9riences incroyables.","section_9_cta":"Suivez-nous sur Instagram","section_10_h2_page_ending":"Pr\u00eat pour une aventure inoubliable dans city-game-florence ?","section_10_text":"Consultez nos questions fr\u00e9quemment pos\u00e9es et d\u00e9couvrez tout ce que vous souhaitez savoir. Votre question ne figure pas parmi elles ? N'h\u00e9sitez pas \u00e0 nous contacter.","section_10_cta":"R\u00e9servez votre City Game dans city-game-florence d\u00e8s maintenant !","latitude":43.7696853,"longitude":11.2559331,"country":485,"map_enabled":true},"yoast_head":"<!-- This site is optimized with the Yoast SEO Premium plugin v26.2 (Yoast SEO v27.4) - https:\/\/yoast.com\/product\/yoast-seo-premium-wordpress\/ -->\n<title>City Game Florence - City Game<\/title>\n<meta name=\"robots\" content=\"index, follow, max-snippet:-1, max-image-preview:large, max-video-preview:-1\" \/>\n<link rel=\"canonical\" href=\"https:\/\/citygame.com\/fr\/emplacements\/city-game-italy\/city-game-florence-2\/\" \/>\n<meta property=\"og:locale\" content=\"fr_FR\" \/>\n<meta property=\"og:type\" content=\"article\" \/>\n<meta property=\"og:title\" content=\"City Game Florence\" \/>\n<meta property=\"og:url\" content=\"https:\/\/citygame.com\/fr\/emplacements\/city-game-italy\/city-game-florence-2\/\" \/>\n<meta property=\"og:site_name\" content=\"City Game\" \/>\n<meta property=\"article:publisher\" content=\"https:\/\/www.facebook.com\/profile.php?id=100086426226253\" \/>\n<meta property=\"article:modified_time\" content=\"2026-04-23T13:28:02+00:00\" \/>\n<meta property=\"og:image\" content=\"https:\/\/citygame.com\/wp-content\/blogs.dir\/1\/files\/2026\/03\/florence-cathedral-skyline-at-sunset.jpeg\" \/>\n\t<meta property=\"og:image:width\" content=\"1920\" \/>\n\t<meta property=\"og:image:height\" content=\"1280\" \/>\n\t<meta property=\"og:image:type\" content=\"image\/jpeg\" \/>\n<meta name=\"twitter:card\" content=\"summary_large_image\" \/>\n<script type=\"application\/ld+json\" class=\"yoast-schema-graph\">{\"@context\":\"https:\\\/\\\/schema.org\",\"@graph\":[{\"@type\":\"WebPage\",\"@id\":\"https:\\\/\\\/citygame.com\\\/fr\\\/emplacements\\\/city-game-italy\\\/city-game-florence-2\\\/\",\"url\":\"https:\\\/\\\/citygame.com\\\/fr\\\/emplacements\\\/city-game-italy\\\/city-game-florence-2\\\/\",\"name\":\"City Game Florence - City Game\",\"isPartOf\":{\"@id\":\"https:\\\/\\\/citygame.com\\\/fr\\\/#website\"},\"primaryImageOfPage\":{\"@id\":\"https:\\\/\\\/citygame.com\\\/fr\\\/emplacements\\\/city-game-italy\\\/city-game-florence-2\\\/#primaryimage\"},\"image\":{\"@id\":\"https:\\\/\\\/citygame.com\\\/fr\\\/emplacements\\\/city-game-italy\\\/city-game-florence-2\\\/#primaryimage\"},\"thumbnailUrl\":\"https:\\\/\\\/citygame.com\\\/wp-content\\\/blogs.dir\\\/1\\\/files\\\/2026\\\/03\\\/florence-cathedral-skyline-at-sunset.jpeg\",\"datePublished\":\"2026-01-29T19:13:16+00:00\",\"dateModified\":\"2026-04-23T13:28:02+00:00\",\"breadcrumb\":{\"@id\":\"https:\\\/\\\/citygame.com\\\/fr\\\/emplacements\\\/city-game-italy\\\/city-game-florence-2\\\/#breadcrumb\"},\"inLanguage\":\"fr-FR\",\"potentialAction\":[{\"@type\":\"ReadAction\",\"target\":[\"https:\\\/\\\/citygame.com\\\/fr\\\/emplacements\\\/city-game-italy\\\/city-game-florence-2\\\/\"]}]},{\"@type\":\"ImageObject\",\"inLanguage\":\"fr-FR\",\"@id\":\"https:\\\/\\\/citygame.com\\\/fr\\\/emplacements\\\/city-game-italy\\\/city-game-florence-2\\\/#primaryimage\",\"url\":\"https:\\\/\\\/citygame.com\\\/wp-content\\\/blogs.dir\\\/1\\\/files\\\/2026\\\/03\\\/florence-cathedral-skyline-at-sunset.jpeg\",\"contentUrl\":\"https:\\\/\\\/citygame.com\\\/wp-content\\\/blogs.dir\\\/1\\\/files\\\/2026\\\/03\\\/florence-cathedral-skyline-at-sunset.jpeg\",\"width\":1920,\"height\":1280,\"caption\":\"The historic city of Florence, Italy, glows under the warm light of a beautiful sunset.\"},{\"@type\":\"BreadcrumbList\",\"@id\":\"https:\\\/\\\/citygame.com\\\/fr\\\/emplacements\\\/city-game-italy\\\/city-game-florence-2\\\/#breadcrumb\",\"itemListElement\":[{\"@type\":\"ListItem\",\"position\":1,\"name\":\"Home\",\"item\":\"https:\\\/\\\/citygame.com\\\/fr\\\/\"},{\"@type\":\"ListItem\",\"position\":2,\"name\":\"Emplacements\",\"item\":\"https:\\\/\\\/citygame.com\\\/fr\\\/emplacements\\\/\"},{\"@type\":\"ListItem\",\"position\":3,\"name\":\"City Game Italy\",\"item\":\"https:\\\/\\\/citygame.com\\\/fr\\\/emplacements\\\/city-game-italy\\\/\"},{\"@type\":\"ListItem\",\"position\":4,\"name\":\"City Game Florence\"}]},{\"@type\":\"WebSite\",\"@id\":\"https:\\\/\\\/citygame.com\\\/fr\\\/#website\",\"url\":\"https:\\\/\\\/citygame.com\\\/fr\\\/\",\"name\":\"City Game\",\"description\":\"\",\"publisher\":{\"@id\":\"https:\\\/\\\/citygame.com\\\/fr\\\/#organization\"},\"alternateName\":\"citygame.com\",\"potentialAction\":[{\"@type\":\"SearchAction\",\"target\":{\"@type\":\"EntryPoint\",\"urlTemplate\":\"https:\\\/\\\/citygame.com\\\/fr\\\/?s={search_term_string}\"},\"query-input\":{\"@type\":\"PropertyValueSpecification\",\"valueRequired\":true,\"valueName\":\"search_term_string\"}}],\"inLanguage\":\"fr-FR\"},{\"@type\":\"Organization\",\"@id\":\"https:\\\/\\\/citygame.com\\\/fr\\\/#organization\",\"name\":\"City Game\",\"alternateName\":\"citygame.com\",\"url\":\"https:\\\/\\\/citygame.com\\\/fr\\\/\",\"logo\":{\"@type\":\"ImageObject\",\"inLanguage\":\"fr-FR\",\"@id\":\"https:\\\/\\\/citygame.com\\\/fr\\\/#\\\/schema\\\/logo\\\/image\\\/\",\"url\":\"https:\\\/\\\/citygame.com\\\/wp-content\\\/blogs.dir\\\/1\\\/files\\\/2025\\\/10\\\/CG_LOGO-City-Game.png\",\"contentUrl\":\"https:\\\/\\\/citygame.com\\\/wp-content\\\/blogs.dir\\\/1\\\/files\\\/2025\\\/10\\\/CG_LOGO-City-Game.png\",\"width\":351,\"height\":377,\"caption\":\"City Game\"},\"image\":{\"@id\":\"https:\\\/\\\/citygame.com\\\/fr\\\/#\\\/schema\\\/logo\\\/image\\\/\"},\"sameAs\":[\"https:\\\/\\\/www.facebook.com\\\/profile.php?id=100086426226253\",\"https:\\\/\\\/www.instagram.com\\\/citygame_com\",\"https:\\\/\\\/www.tiktok.com\\\/@citygamecom\\\/\",\"https:\\\/\\\/www.linkedin.com\\\/company\\\/citygame-com\"],\"description\":\"Turn any city into a playground with our interactive City Games and self-guided tours. Fun, flexible, and ideal for groups and team building.\"}]}<\/script>\n<!-- \/ Yoast SEO Premium plugin. -->","yoast_head_json":{"title":"City Game Florence - City Game","robots":{"index":"index","follow":"follow","max-snippet":"max-snippet:-1","max-image-preview":"max-image-preview:large","max-video-preview":"max-video-preview:-1"},"canonical":"https:\/\/citygame.com\/fr\/emplacements\/city-game-italy\/city-game-florence-2\/","og_locale":"fr_FR","og_type":"article","og_title":"City Game Florence","og_url":"https:\/\/citygame.com\/fr\/emplacements\/city-game-italy\/city-game-florence-2\/","og_site_name":"City Game","article_publisher":"https:\/\/www.facebook.com\/profile.php?id=100086426226253","article_modified_time":"2026-04-23T13:28:02+00:00","og_image":[{"width":1920,"height":1280,"url":"https:\/\/citygame.com\/wp-content\/blogs.dir\/1\/files\/2026\/03\/florence-cathedral-skyline-at-sunset.jpeg","type":"image\/jpeg"}],"twitter_card":"summary_large_image","schema":{"@context":"https:\/\/schema.org","@graph":[{"@type":"WebPage","@id":"https:\/\/citygame.com\/fr\/emplacements\/city-game-italy\/city-game-florence-2\/","url":"https:\/\/citygame.com\/fr\/emplacements\/city-game-italy\/city-game-florence-2\/","name":"City Game Florence - City Game","isPartOf":{"@id":"https:\/\/citygame.com\/fr\/#website"},"primaryImageOfPage":{"@id":"https:\/\/citygame.com\/fr\/emplacements\/city-game-italy\/city-game-florence-2\/#primaryimage"},"image":{"@id":"https:\/\/citygame.com\/fr\/emplacements\/city-game-italy\/city-game-florence-2\/#primaryimage"},"thumbnailUrl":"https:\/\/citygame.com\/wp-content\/blogs.dir\/1\/files\/2026\/03\/florence-cathedral-skyline-at-sunset.jpeg","datePublished":"2026-01-29T19:13:16+00:00","dateModified":"2026-04-23T13:28:02+00:00","breadcrumb":{"@id":"https:\/\/citygame.com\/fr\/emplacements\/city-game-italy\/city-game-florence-2\/#breadcrumb"},"inLanguage":"fr-FR","potentialAction":[{"@type":"ReadAction","target":["https:\/\/citygame.com\/fr\/emplacements\/city-game-italy\/city-game-florence-2\/"]}]},{"@type":"ImageObject","inLanguage":"fr-FR","@id":"https:\/\/citygame.com\/fr\/emplacements\/city-game-italy\/city-game-florence-2\/#primaryimage","url":"https:\/\/citygame.com\/wp-content\/blogs.dir\/1\/files\/2026\/03\/florence-cathedral-skyline-at-sunset.jpeg","contentUrl":"https:\/\/citygame.com\/wp-content\/blogs.dir\/1\/files\/2026\/03\/florence-cathedral-skyline-at-sunset.jpeg","width":1920,"height":1280,"caption":"The historic city of Florence, Italy, glows under the warm light of a beautiful sunset."},{"@type":"BreadcrumbList","@id":"https:\/\/citygame.com\/fr\/emplacements\/city-game-italy\/city-game-florence-2\/#breadcrumb","itemListElement":[{"@type":"ListItem","position":1,"name":"Home","item":"https:\/\/citygame.com\/fr\/"},{"@type":"ListItem","position":2,"name":"Emplacements","item":"https:\/\/citygame.com\/fr\/emplacements\/"},{"@type":"ListItem","position":3,"name":"City Game Italy","item":"https:\/\/citygame.com\/fr\/emplacements\/city-game-italy\/"},{"@type":"ListItem","position":4,"name":"City Game Florence"}]},{"@type":"WebSite","@id":"https:\/\/citygame.com\/fr\/#website","url":"https:\/\/citygame.com\/fr\/","name":"City Game","description":"","publisher":{"@id":"https:\/\/citygame.com\/fr\/#organization"},"alternateName":"citygame.com","potentialAction":[{"@type":"SearchAction","target":{"@type":"EntryPoint","urlTemplate":"https:\/\/citygame.com\/fr\/?s={search_term_string}"},"query-input":{"@type":"PropertyValueSpecification","valueRequired":true,"valueName":"search_term_string"}}],"inLanguage":"fr-FR"},{"@type":"Organization","@id":"https:\/\/citygame.com\/fr\/#organization","name":"City Game","alternateName":"citygame.com","url":"https:\/\/citygame.com\/fr\/","logo":{"@type":"ImageObject","inLanguage":"fr-FR","@id":"https:\/\/citygame.com\/fr\/#\/schema\/logo\/image\/","url":"https:\/\/citygame.com\/wp-content\/blogs.dir\/1\/files\/2025\/10\/CG_LOGO-City-Game.png","contentUrl":"https:\/\/citygame.com\/wp-content\/blogs.dir\/1\/files\/2025\/10\/CG_LOGO-City-Game.png","width":351,"height":377,"caption":"City Game"},"image":{"@id":"https:\/\/citygame.com\/fr\/#\/schema\/logo\/image\/"},"sameAs":["https:\/\/www.facebook.com\/profile.php?id=100086426226253","https:\/\/www.instagram.com\/citygame_com","https:\/\/www.tiktok.com\/@citygamecom\/","https:\/\/www.linkedin.com\/company\/citygame-com"],"description":"Turn any city into a playground with our interactive City Games and self-guided tours. Fun, flexible, and ideal for groups and team building."}]}},"taxonomy_info":{"cities-only-parent-location":[{"value":485,"label":"Italy"}],"cg_page_type":[{"value":45,"label":"City overview page"}]},"featured_image_src_large":["https:\/\/citygame.com\/wp-content\/blogs.dir\/1\/files\/2026\/03\/florence-cathedral-skyline-at-sunset-1024x683.jpeg",1024,683,true],"author_info":{"display_name":"Philip","author_link":"https:\/\/citygame.com\/fr\/blog\/author\/sophi2\/"},"comment_info":0,"wpml_current_locale":"fr_FR","wpml_translations":{"nl_NL":{"locale":"nl_NL","id":230776,"slug":"city-game-florence-2","post_title":"City Game Florence","href":"https:\/\/citygame.com\/nl\/locaties\/city-game-italie\/city-game-florence-2\/"},"en_US":{"locale":"en_US","id":7430,"slug":"city-game-florence","post_title":"City Game Florence","href":"https:\/\/citygame.com\/locations\/italy\/city-game-florence\/"},"fr_FR":{"locale":"fr_FR","translation":"current"},"de_DE":{"locale":"de_DE","id":230778,"slug":"city-game-florence-2","post_title":"City Game Florence","href":"https:\/\/citygame.com\/de\/standorte\/city-game-italien\/city-game-florence-2\/"},"it_IT":{"locale":"it_IT","id":227367,"slug":"city-game-firenze","post_title":"City Game Firenze","href":"https:\/\/citygame.com\/it\/luoghi\/city-game-italia\/city-game-firenze\/"},"es_ES":{"locale":"es_ES","id":227349,"slug":"city-game-florencia","post_title":"City Game Florencia","href":"https:\/\/citygame.com\/es\/localizaciones\/city-game-italia\/city-game-florencia\/"}},"_links":{"self":[{"href":"https:\/\/citygame.com\/fr\/wp-json\/wp\/v2\/pages\/227357","targetHints":{"allow":["GET"]}}],"collection":[{"href":"https:\/\/citygame.com\/fr\/wp-json\/wp\/v2\/pages"}],"about":[{"href":"https:\/\/citygame.com\/fr\/wp-json\/wp\/v2\/types\/page"}],"author":[{"embeddable":true,"href":"https:\/\/citygame.com\/fr\/wp-json\/wp\/v2\/users\/78"}],"replies":[{"embeddable":true,"href":"https:\/\/citygame.com\/fr\/wp-json\/wp\/v2\/comments?post=227357"}],"version-history":[{"count":0,"href":"https:\/\/citygame.com\/fr\/wp-json\/wp\/v2\/pages\/227357\/revisions"}],"up":[{"embeddable":true,"href":"https:\/\/citygame.com\/fr\/wp-json\/wp\/v2\/pages\/225867"}],"acf:term":[{"embeddable":true,"taxonomy":"cities-only-parent-location","href":"https:\/\/citygame.com\/fr\/wp-json\/wp\/v2\/cities-only-parent-location\/485"},{"embeddable":true,"taxonomy":"location","href":"https:\/\/citygame.com\/fr\/wp-json\/wp\/v2\/location\/165"}],"wp:featuredmedia":[{"embeddable":true,"href":"https:\/\/citygame.com\/fr\/wp-json\/wp\/v2\/media\/16736"}],"wp:attachment":[{"href":"https:\/\/citygame.com\/fr\/wp-json\/wp\/v2\/media?parent=227357"}],"wp:term":[{"taxonomy":"cities-only-parent-location","embeddable":true,"href":"https:\/\/citygame.com\/fr\/wp-json\/wp\/v2\/cities-only-parent-location?post=227357"},{"taxonomy":"countries-only-parent-locations","embeddable":true,"href":"https:\/\/citygame.com\/fr\/wp-json\/wp\/v2\/countries-only-parent-locations?post=227357"},{"taxonomy":"seo_keyword","embeddable":true,"href":"https:\/\/citygame.com\/fr\/wp-json\/wp\/v2\/seo_keyword?post=227357"},{"taxonomy":"cg_page_type","embeddable":true,"href":"https:\/\/citygame.com\/fr\/wp-json\/wp\/v2\/cg_page_type?post=227357"}],"curies":[{"name":"wp","href":"https:\/\/api.w.org\/{rel}","templated":true}]}}