{"id":227760,"date":"2026-04-23T15:37:48","date_gmt":"2026-04-23T15:37:48","guid":{"rendered":"https:\/\/citygame.com\/book\/reservez-city-games-en-suede\/"},"modified":"2026-04-23T15:37:48","modified_gmt":"2026-04-23T15:37:48","slug":"reservez-city-games-en-suede","status":"publish","type":"page","link":"https:\/\/citygame.com\/fr\/reservez-votre-city-game\/reservez-city-games-en-suede\/","title":{"rendered":"R\u00e9servez City Games en Su\u00e8de"},"content":{"rendered":"","protected":false},"excerpt":{"rendered":"","protected":false},"author":78,"featured_media":5544,"parent":225805,"menu_order":0,"comment_status":"closed","ping_status":"closed","template":"","meta":{"_acf_changed":false,"_yoast_wpseo_focuskw":"R\u00e9servez City Games en Su\u00e8de","_yoast_wpseo_metadesc":"","_kad_blocks_custom_css":"","_kad_blocks_head_custom_js":"","_kad_blocks_body_custom_js":"","_kad_blocks_footer_custom_js":"","_kad_post_transparent":"","_kad_post_title":"","_kad_post_layout":"","_kad_post_sidebar_id":"","_kad_post_content_style":"","_kad_post_vertical_padding":"","_kad_post_feature":"","_kad_post_feature_position":"","_kad_post_header":false,"_kad_post_footer":false,"_kad_post_classname":"","footnotes":""},"cities-only-parent-location":[],"countries-only-parent-locations":[],"seo_keyword":[],"cg_page_type":[636],"class_list":["post-227760","page","type-page","status-publish","has-post-thumbnail","hentry","cg_page_type-book-in-country-page"],"acf":{"country_name":"Su\u00e8de","select_country":477,"hero_h2":"R\u00e9servez un City Game en Su\u00e8de","hero_text":"Jouez \u00e0 un City Game dans des villes \u00e0 travers la Su\u00e8de et explorez chaque destination de mani\u00e8re ludique et interactive. R\u00e9solvez des \u00e9nigmes, relevez des d\u00e9fis et d\u00e9couvrez la ville tout en vous promenant dans ses rues et ses monuments. Choisissez votre ville ci-dessous et commencez votre aventure.","hero_cta":"Toutes les destinations en Su\u00e8de","section_2_h2_all_locations_in_country":"Tous les lieux en Su\u00e8de","section_3_h2_book_your_city_game_in_country":"R\u00e9servez votre City Game en Su\u00e8de en quelques \u00e9tapes","section_3_text":"C'est facile de d\u00e9marrer. Choisissez votre City Game en Su\u00e8de, r\u00e9servez votre aventure et commencez \u00e0 jouer quand cela vous convient. Tout ce dont vous avez besoin vous sera envoy\u00e9 instantan\u00e9ment apr\u00e8s la r\u00e9servation : pas de guide, pas d'heures de d\u00e9part fixes, juste votre \u00e9quipe et la ville.","section_3_usp_1":"1,5\u20132 heures de jeu","section_3_usp_2":"3\u20134 kilom\u00e8tres \u00e0 parcourir \u00e0 pied dans la ville","section_3_usp_3":"D\u00e9marrez, mettez en pause et reprenez lorsque vous le souhaitez","section_3_usp_4":"1\u20134 ou 2\u20135 personnes par smartphone, selon votre jeu","section_3_usp_5":"Jouez de mani\u00e8re ind\u00e9pendante avec votre propre appareil","section_3_usp_6":"Connexion Internet requise pendant le jeu","section_3_cta":"Choisissez votre ville","section_3_step_1":"\u00c9tape 1","section_3_step_1_title":"Choisissez votre City Game et votre ville","section_3_step_1_text":"S\u00e9lectionnez la ville o\u00f9 vous souhaitez jouer et r\u00e9servez votre City Game en ligne en quelques clics.","section_3_step_2":"\u00c9tape 2","section_3_step_2_title":"Recevez vos instructions de jeu","section_3_step_2_text":"Apr\u00e8s la r\u00e9servation, vous recevrez instantan\u00e9ment un e-mail avec toutes les instructions et l'acc\u00e8s au jeu.","section_3_step_3":"\u00c9tape 3","section_3_step_3_title":"Rendez-vous au lieu de d\u00e9part","section_3_step_3_text":"Direction le point de d\u00e9part dans la ville lorsque cela vous convient. Il n'y a pas d'heures de d\u00e9part fixes.","section_3_step_4":"\u00c9tape 4","section_3_step_4_title":"D\u00e9marrez votre City Game","section_3_step_4_text":"Suivez les indices, r\u00e9solvez des \u00e9nigmes et d\u00e9couvrez la ville tout en relevant des d\u00e9fis amusants le long de l'itin\u00e9raire.","section_4_h2_why_players_love":"Pourquoi les joueurs adorent City Games en Su\u00e8de","section_4_usp_1_title":"Explorer les villes d'une mani\u00e8re unique","section_4_usp_1_text":"D\u00e9couvrez des monuments c\u00e9l\u00e8bres, des rues cach\u00e9es et des lieux surprenants tout en r\u00e9solvant des \u00e9nigmes et en relevant des d\u00e9fis.","section_4_usp_2_title":"Jouez quand cela vous convient","section_4_usp_2_text":"Il n'y a pas d'heures de d\u00e9part fixes. D\u00e9marrez, mettez en pause et reprenez le jeu quand vous le souhaitez pendant votre journ\u00e9e en ville.","section_4_usp_3_title":"Du fun pour amis, familles et \u00e9quipes","section_4_usp_3_text":"Les City Games conviennent parfaitement aux couples, groupes d'amis, familles ou coll\u00e8gues cherchant une activit\u00e9 amusante et interactive.","section_4_usp_4_title":"Un m\u00e9lange d'\u00e9nigmes et de d\u00e9couverte","section_4_usp_4_text":"R\u00e9solvez des \u00e9nigmes, accomplissez des missions et d\u00e9couvrez des indices en explorant la ville \u00e9tape par \u00e9tape.","section_4_usp_5_title":"Jouez \u00e0 votre rythme","section_4_usp_5_text":"Faites des pauses pour boire, explorez des magasins ou profitez du paysage. Le jeu s'adapte \u00e0 votre rythme.","section_4_usp_6_title":"Disponible dans les villes du monde entier","section_4_usp_6_text":"Les City Games sont disponibles dans des centaines de villes \u00e0 travers le monde, ce qui en fait une activit\u00e9 parfaite pour les voyageurs et les habitants.","section_4_cta":"Trouvez un City Game dans votre ville","section_5_h2_reviews":"Ce que pensent les autres de nos City Games","section_5_cta_1":"Tous les avis","section_5_cta_2":"\u00c9crire un avis","section_6_h2_hosted_game":"Vos City Games pr\u00e9f\u00e9r\u00e9s, organis\u00e9s par notre \u00e9quipe","section_6_text":"Profitez des m\u00eames City Games que notre version autonome, mais avec un soutien sur site complet de la part de nos h\u00f4tes professionnels. Nous nous occupons du briefing, des tablettes, de la coordination et du support technique, afin que votre groupe puisse se concentrer enti\u00e8rement sur le plaisir et la comp\u00e9tition.","section_6_text_2":"Ce qui est inclus :","section_6_usp_1_title":"Le m\u00eame City Game, enti\u00e8rement h\u00e9berg\u00e9","section_6_usp_1_text":"Vous jouez exactement la m\u00eame exp\u00e9rience que dans notre version autonome, maintenant avec nos h\u00f4tes qui guident votre groupe.","section_6_usp_2_title":"Classement en direct & remise des prix","section_6_usp_2_text":"Pour les groupes plus importants, nos h\u00f4tes d\u00e9voilent les scores finaux et annoncent l'\u00e9quipe gagnante avec un moment de remise de prix amusant.","section_6_usp_3_title":"D\u00e9part et arriv\u00e9e organis\u00e9s","section_6_usp_3_text":"Nous accueillons votre groupe, expliquons le jeu clairement et terminons par une conclusion captivante.","section_6_usp_4_title":"Support en temps r\u00e9el pendant le jeu","section_6_usp_4_text":"Notre \u00e9quipe aide avec les appareils, les probl\u00e8mes d'app et la coordination tout au long de l'exp\u00e9rience.","section_6_usp_5_text":"Disponible pour les groupes qui pr\u00e9f\u00e8rent utiliser nos appareils plut\u00f4t que les leurs.","section_6_usp_5_title":"Tablettes incluses (optionnelles)","section_6_text_3":"Fiables par des \u00e9quipes du monde entier, des petits groupes \u00e0 de grands \u00e9v\u00e9nements d'entreprise.","section_6_cta":"Planifiez votre \u00e9v\u00e9nement de groupe","section_7_h2_faq":"Vous avez des questions ? Nous avons les r\u00e9ponses !","section_7_text":"Consultez nos questions fr\u00e9quemment pos\u00e9es et d\u00e9couvrez tout ce que vous voulez savoir. Votre question n'y figure pas ? N'h\u00e9sitez pas \u00e0 nous contacter.","section_7_cta_1":"Voir toutes les questions fr\u00e9quemment pos\u00e9es","section_7_cta_2":"Obtenir de l'aide","section_7_question_1":"Comment fonctionne la r\u00e9servation d'un City Game ?","section_7_answer_1":"La r\u00e9servation d'un City Game en Su\u00e8de est rapide et facile. Choisissez la ville dans laquelle vous souhaitez jouer, s\u00e9lectionnez votre City Game pr\u00e9f\u00e9r\u00e9 et terminez la r\u00e9servation en ligne. Apr\u00e8s le paiement, vous recevrez imm\u00e9diatement un e-mail avec les instructions du jeu. Une fois arriv\u00e9 au point de d\u00e9part, vous pouvez d\u00e9marrer le jeu sur votre smartphone quand cela vous convient.","section_7_question_2":"Puis-je commencer le City Game en Su\u00e8de imm\u00e9diatement apr\u00e8s la r\u00e9servation ?","section_7_answer_2":"Oui. Apr\u00e8s avoir termin\u00e9 la r\u00e9servation, vous recevrez <strong>instantan\u00e9ment les instructions par e-mail<\/strong>. Dans la plupart des cas, vous pouvez commencer \u00e0 jouer en quelques minutes, d\u00e8s que vous arrivez au point de d\u00e9part en Su\u00e8de et ouvrez le jeu sur votre smartphone.","section_7_question_3":"Dois-je r\u00e9server une heure de d\u00e9part pr\u00e9cise ?","section_7_answer_3":"Non, <strong>City Games n'ont pas d'heures de d\u00e9part fixes<\/strong>. Lors de la r\u00e9servation, vous choisissez une date \u00e0 des fins administratives, mais vous pouvez d\u00e9marrer le jeu quand vous le souhaitez pendant la p\u00e9riode de validit\u00e9 de votre r\u00e9servation.","section_7_question_4":"Combien de temps dure un City Game en Su\u00e8de ?","section_7_answer_4":"La plupart des City Games en Su\u00e8de prennent <strong>environ 1,5 \u00e0 2 heures<\/strong> pour \u00eatre termin\u00e9s. L'itin\u00e9raire couvre g\u00e9n\u00e9ralement <strong>3 \u00e0 4 kilom\u00e8tres<\/strong> \u00e0 travers la ville. Vous pouvez toujours mettre le jeu en pause pendant votre aventure et le reprendre plus tard si vous le souhaitez.","section_7_question_5":"Combien de personnes peuvent jouer \u00e0 un City Game en Su\u00e8de ?","section_7_answer_5":"Vous pouvez jouer <strong>seul ou en groupe<\/strong>. Pour la meilleure exp\u00e9rience, nous recommandons 1\u20134 ou 2\u20135 joueurs (selon votre jeu) par smartphone. Les groupes plus importants peuvent se diviser en plusieurs \u00e9quipes et s'affronter les uns les autres !","section_7_question_6":"Tous les joueurs ont-ils besoin de leur propre smartphone ?","section_7_answer_6":"Non. Un City Game se joue sur <strong>un smartphone par \u00e9quipe<\/strong>. Si vous jouez avec un groupe plus important, vous pouvez simplement cr\u00e9er plusieurs \u00e9quipes en utilisant plusieurs smartphones.","section_7_question_7":"De quoi ai-je besoin pour jouer au City Game en Su\u00e8de ?","section_7_answer_7":"Tout ce dont vous avez besoin est :","section_7_answer_7_usp_1":"Un smartphone","section_7_answer_7_usp_2":"Une connexion Internet","section_7_answer_7_usp_3":"Une batterie bien charg\u00e9e","section_7_answer_7_2":"Apr\u00e8s r\u00e9servation, vous recevrez des instructions expliquant comment acc\u00e9der au jeu sur votre t\u00e9l\u00e9phone.","section_7_question_8":"Puis-je jouer au jeu spontan\u00e9ment ?","section_7_answer_8":"Oui. Bien que vous deviez d'abord finaliser la r\u00e9servation, vous recevrez les instructions imm\u00e9diatement apr\u00e8s le paiement. Cela signifie que vous pouvez d\u00e9cider de jouer spontan\u00e9ment et commencer en quelques minutes.","section_7_question_9":"Combien de temps ma r\u00e9servation est-elle valable ?","section_7_answer_9":"Apr\u00e8s l'achat, votre City Game reste <strong>valide pendant 365 jours<\/strong>. Cela vous donne une grande flexibilit\u00e9 pour d\u00e9cider quand vous voulez jouer.","section_7_question_10":"Puis-je offrir un City Game en Su\u00e8de en cadeau ?","section_7_answer_10":"Oui. Un City Game est un excellent cadeau pour des amis, de la famille ou des coll\u00e8gues. Vous pouvez acheter une carte cadeau City Game, permettant au destinataire de choisir sa ville et son jeu pr\u00e9f\u00e9r\u00e9s.","section_7_answer_10_cta":"Acheter une carte cadeau","section_7_question_11":"Et si j'ai r\u00e9serv\u00e9 par erreur la mauvaise ville ou le City Game ?","section_7_answer_11":"Si vous avez commis une erreur lors de la r\u00e9servation, veuillez nous contacter <strong>d\u00e8s que possible<\/strong>. Dans de nombreux cas, nous pouvons ajuster la r\u00e9servation \u00e0 la bonne ville, langue ou City Game.","section_7_answer_11_cta":"Nous contacter","section_7_question_12":"Y a-t-il des co\u00fbts suppl\u00e9mentaires lors de la r\u00e9servation d'un City Game en Su\u00e8de ?","section_7_answer_12":"Non. Le prix affich\u00e9 lors du paiement est le prix total. Il n'y a pas de frais cach\u00e9s ni de frais de r\u00e9servation.","section_7_question_13":"Quels moyens de paiement puis-je utiliser ?","section_7_answer_13":"Nous supportons <strong>un large \u00e9ventail de m\u00e9thodes de paiement selon votre localisation<\/strong>, y compris les cartes de cr\u00e9dit et diverses options de paiement internationales. Lors du paiement, vous verrez automatiquement les m\u00e9thodes de paiement disponibles dans votre r\u00e9gion.","section_7_question_14":"Les entreprises ou les grands groupes peuvent-ils r\u00e9server un City Game ?","section_7_answer_14":"Oui. Les entreprises et les grands groupes peuvent r\u00e9server une exp\u00e9rience City Game h\u00e9berg\u00e9e avec l'aide de nos h\u00f4tes. Cette option est parfaite pour des activit\u00e9s de team building, des sorties d'entreprise ou de grands groupes.","section_7_answer_14_cta":"Explorer l'exp\u00e9rience City Game h\u00e9berg\u00e9e pour les groupes","section_8_h2_page_ending":"Pr\u00eat pour une aventure inoubliable ?","section_8_text":"D\u00e9couvrez des villes d'une mani\u00e8re ludique et interactive avec nos City Games. R\u00e9solvez des \u00e9nigmes, d\u00e9couvrez des lieux cach\u00e9s et explorez la ville en jouant avec des amis, la famille ou des coll\u00e8gues, quand cela vous convient.","section_8_cta":"Trouvez un City Game pr\u00e8s de chez vous"},"yoast_head":"<!-- This site is optimized with the Yoast SEO Premium plugin v26.2 (Yoast SEO v27.4) - https:\/\/yoast.com\/product\/yoast-seo-premium-wordpress\/ -->\n<title>R\u00e9servez City Games en Su\u00e8de - City Game<\/title>\n<meta name=\"robots\" content=\"index, follow, max-snippet:-1, max-image-preview:large, max-video-preview:-1\" \/>\n<link rel=\"canonical\" href=\"https:\/\/citygame.com\/fr\/reservez-votre-city-game\/reservez-city-games-en-suede\/\" \/>\n<meta property=\"og:locale\" content=\"fr_FR\" \/>\n<meta property=\"og:type\" content=\"article\" \/>\n<meta property=\"og:title\" content=\"R\u00e9servez City Games en Su\u00e8de\" \/>\n<meta property=\"og:url\" content=\"https:\/\/citygame.com\/fr\/reservez-votre-city-game\/reservez-city-games-en-suede\/\" \/>\n<meta property=\"og:site_name\" content=\"City Game\" \/>\n<meta property=\"article:publisher\" content=\"https:\/\/www.facebook.com\/profile.php?id=100086426226253\" \/>\n<meta property=\"og:image\" content=\"https:\/\/citygame.com\/wp-content\/blogs.dir\/1\/files\/2026\/01\/stockholm-city-hall-sunset.jpg\" \/>\n\t<meta property=\"og:image:width\" content=\"1376\" \/>\n\t<meta property=\"og:image:height\" content=\"768\" \/>\n\t<meta property=\"og:image:type\" content=\"image\/jpeg\" \/>\n<meta name=\"twitter:card\" content=\"summary_large_image\" \/>\n<script type=\"application\/ld+json\" class=\"yoast-schema-graph\">{\"@context\":\"https:\\\/\\\/schema.org\",\"@graph\":[{\"@type\":\"WebPage\",\"@id\":\"https:\\\/\\\/citygame.com\\\/fr\\\/reservez-votre-city-game\\\/reservez-city-games-en-suede\\\/\",\"url\":\"https:\\\/\\\/citygame.com\\\/fr\\\/reservez-votre-city-game\\\/reservez-city-games-en-suede\\\/\",\"name\":\"R\u00e9servez City Games en Su\u00e8de - City Game\",\"isPartOf\":{\"@id\":\"https:\\\/\\\/citygame.com\\\/fr\\\/#website\"},\"primaryImageOfPage\":{\"@id\":\"https:\\\/\\\/citygame.com\\\/fr\\\/reservez-votre-city-game\\\/reservez-city-games-en-suede\\\/#primaryimage\"},\"image\":{\"@id\":\"https:\\\/\\\/citygame.com\\\/fr\\\/reservez-votre-city-game\\\/reservez-city-games-en-suede\\\/#primaryimage\"},\"thumbnailUrl\":\"https:\\\/\\\/citygame.com\\\/wp-content\\\/blogs.dir\\\/1\\\/files\\\/2026\\\/01\\\/stockholm-city-hall-sunset.jpg\",\"datePublished\":\"2026-04-23T15:37:48+00:00\",\"breadcrumb\":{\"@id\":\"https:\\\/\\\/citygame.com\\\/fr\\\/reservez-votre-city-game\\\/reservez-city-games-en-suede\\\/#breadcrumb\"},\"inLanguage\":\"fr-FR\",\"potentialAction\":[{\"@type\":\"ReadAction\",\"target\":[\"https:\\\/\\\/citygame.com\\\/fr\\\/reservez-votre-city-game\\\/reservez-city-games-en-suede\\\/\"]}]},{\"@type\":\"ImageObject\",\"inLanguage\":\"fr-FR\",\"@id\":\"https:\\\/\\\/citygame.com\\\/fr\\\/reservez-votre-city-game\\\/reservez-city-games-en-suede\\\/#primaryimage\",\"url\":\"https:\\\/\\\/citygame.com\\\/wp-content\\\/blogs.dir\\\/1\\\/files\\\/2026\\\/01\\\/stockholm-city-hall-sunset.jpg\",\"contentUrl\":\"https:\\\/\\\/citygame.com\\\/wp-content\\\/blogs.dir\\\/1\\\/files\\\/2026\\\/01\\\/stockholm-city-hall-sunset.jpg\",\"width\":1376,\"height\":768,\"caption\":\"An aerial photograph of Stockholm City Hall on the waterfront during a colorful sunset.\"},{\"@type\":\"BreadcrumbList\",\"@id\":\"https:\\\/\\\/citygame.com\\\/fr\\\/reservez-votre-city-game\\\/reservez-city-games-en-suede\\\/#breadcrumb\",\"itemListElement\":[{\"@type\":\"ListItem\",\"position\":1,\"name\":\"Home\",\"item\":\"https:\\\/\\\/citygame.com\\\/fr\\\/\"},{\"@type\":\"ListItem\",\"position\":2,\"name\":\"R\u00e9servez votre City Game\",\"item\":\"https:\\\/\\\/citygame.com\\\/fr\\\/book\\\/\"},{\"@type\":\"ListItem\",\"position\":3,\"name\":\"R\u00e9servez City Games en Su\u00e8de\"}]},{\"@type\":\"WebSite\",\"@id\":\"https:\\\/\\\/citygame.com\\\/fr\\\/#website\",\"url\":\"https:\\\/\\\/citygame.com\\\/fr\\\/\",\"name\":\"City Game\",\"description\":\"\",\"publisher\":{\"@id\":\"https:\\\/\\\/citygame.com\\\/fr\\\/#organization\"},\"alternateName\":\"citygame.com\",\"potentialAction\":[{\"@type\":\"SearchAction\",\"target\":{\"@type\":\"EntryPoint\",\"urlTemplate\":\"https:\\\/\\\/citygame.com\\\/fr\\\/?s={search_term_string}\"},\"query-input\":{\"@type\":\"PropertyValueSpecification\",\"valueRequired\":true,\"valueName\":\"search_term_string\"}}],\"inLanguage\":\"fr-FR\"},{\"@type\":\"Organization\",\"@id\":\"https:\\\/\\\/citygame.com\\\/fr\\\/#organization\",\"name\":\"City Game\",\"alternateName\":\"citygame.com\",\"url\":\"https:\\\/\\\/citygame.com\\\/fr\\\/\",\"logo\":{\"@type\":\"ImageObject\",\"inLanguage\":\"fr-FR\",\"@id\":\"https:\\\/\\\/citygame.com\\\/fr\\\/#\\\/schema\\\/logo\\\/image\\\/\",\"url\":\"https:\\\/\\\/citygame.com\\\/wp-content\\\/blogs.dir\\\/1\\\/files\\\/2025\\\/10\\\/CG_LOGO-City-Game.png\",\"contentUrl\":\"https:\\\/\\\/citygame.com\\\/wp-content\\\/blogs.dir\\\/1\\\/files\\\/2025\\\/10\\\/CG_LOGO-City-Game.png\",\"width\":351,\"height\":377,\"caption\":\"City Game\"},\"image\":{\"@id\":\"https:\\\/\\\/citygame.com\\\/fr\\\/#\\\/schema\\\/logo\\\/image\\\/\"},\"sameAs\":[\"https:\\\/\\\/www.facebook.com\\\/profile.php?id=100086426226253\",\"https:\\\/\\\/www.instagram.com\\\/citygame_com\",\"https:\\\/\\\/www.tiktok.com\\\/@citygamecom\\\/\",\"https:\\\/\\\/www.linkedin.com\\\/company\\\/citygame-com\"],\"description\":\"Turn any city into a playground with our interactive City Games and self-guided tours. Fun, flexible, and ideal for groups and team building.\"}]}<\/script>\n<!-- \/ Yoast SEO Premium plugin. -->","yoast_head_json":{"title":"R\u00e9servez City Games en Su\u00e8de - City Game","robots":{"index":"index","follow":"follow","max-snippet":"max-snippet:-1","max-image-preview":"max-image-preview:large","max-video-preview":"max-video-preview:-1"},"canonical":"https:\/\/citygame.com\/fr\/reservez-votre-city-game\/reservez-city-games-en-suede\/","og_locale":"fr_FR","og_type":"article","og_title":"R\u00e9servez City Games en Su\u00e8de","og_url":"https:\/\/citygame.com\/fr\/reservez-votre-city-game\/reservez-city-games-en-suede\/","og_site_name":"City Game","article_publisher":"https:\/\/www.facebook.com\/profile.php?id=100086426226253","og_image":[{"width":1376,"height":768,"url":"https:\/\/citygame.com\/wp-content\/blogs.dir\/1\/files\/2026\/01\/stockholm-city-hall-sunset.jpg","type":"image\/jpeg"}],"twitter_card":"summary_large_image","schema":{"@context":"https:\/\/schema.org","@graph":[{"@type":"WebPage","@id":"https:\/\/citygame.com\/fr\/reservez-votre-city-game\/reservez-city-games-en-suede\/","url":"https:\/\/citygame.com\/fr\/reservez-votre-city-game\/reservez-city-games-en-suede\/","name":"R\u00e9servez City Games en Su\u00e8de - City Game","isPartOf":{"@id":"https:\/\/citygame.com\/fr\/#website"},"primaryImageOfPage":{"@id":"https:\/\/citygame.com\/fr\/reservez-votre-city-game\/reservez-city-games-en-suede\/#primaryimage"},"image":{"@id":"https:\/\/citygame.com\/fr\/reservez-votre-city-game\/reservez-city-games-en-suede\/#primaryimage"},"thumbnailUrl":"https:\/\/citygame.com\/wp-content\/blogs.dir\/1\/files\/2026\/01\/stockholm-city-hall-sunset.jpg","datePublished":"2026-04-23T15:37:48+00:00","breadcrumb":{"@id":"https:\/\/citygame.com\/fr\/reservez-votre-city-game\/reservez-city-games-en-suede\/#breadcrumb"},"inLanguage":"fr-FR","potentialAction":[{"@type":"ReadAction","target":["https:\/\/citygame.com\/fr\/reservez-votre-city-game\/reservez-city-games-en-suede\/"]}]},{"@type":"ImageObject","inLanguage":"fr-FR","@id":"https:\/\/citygame.com\/fr\/reservez-votre-city-game\/reservez-city-games-en-suede\/#primaryimage","url":"https:\/\/citygame.com\/wp-content\/blogs.dir\/1\/files\/2026\/01\/stockholm-city-hall-sunset.jpg","contentUrl":"https:\/\/citygame.com\/wp-content\/blogs.dir\/1\/files\/2026\/01\/stockholm-city-hall-sunset.jpg","width":1376,"height":768,"caption":"An aerial photograph of Stockholm City Hall on the waterfront during a colorful sunset."},{"@type":"BreadcrumbList","@id":"https:\/\/citygame.com\/fr\/reservez-votre-city-game\/reservez-city-games-en-suede\/#breadcrumb","itemListElement":[{"@type":"ListItem","position":1,"name":"Home","item":"https:\/\/citygame.com\/fr\/"},{"@type":"ListItem","position":2,"name":"R\u00e9servez votre City Game","item":"https:\/\/citygame.com\/fr\/book\/"},{"@type":"ListItem","position":3,"name":"R\u00e9servez City Games en Su\u00e8de"}]},{"@type":"WebSite","@id":"https:\/\/citygame.com\/fr\/#website","url":"https:\/\/citygame.com\/fr\/","name":"City Game","description":"","publisher":{"@id":"https:\/\/citygame.com\/fr\/#organization"},"alternateName":"citygame.com","potentialAction":[{"@type":"SearchAction","target":{"@type":"EntryPoint","urlTemplate":"https:\/\/citygame.com\/fr\/?s={search_term_string}"},"query-input":{"@type":"PropertyValueSpecification","valueRequired":true,"valueName":"search_term_string"}}],"inLanguage":"fr-FR"},{"@type":"Organization","@id":"https:\/\/citygame.com\/fr\/#organization","name":"City Game","alternateName":"citygame.com","url":"https:\/\/citygame.com\/fr\/","logo":{"@type":"ImageObject","inLanguage":"fr-FR","@id":"https:\/\/citygame.com\/fr\/#\/schema\/logo\/image\/","url":"https:\/\/citygame.com\/wp-content\/blogs.dir\/1\/files\/2025\/10\/CG_LOGO-City-Game.png","contentUrl":"https:\/\/citygame.com\/wp-content\/blogs.dir\/1\/files\/2025\/10\/CG_LOGO-City-Game.png","width":351,"height":377,"caption":"City Game"},"image":{"@id":"https:\/\/citygame.com\/fr\/#\/schema\/logo\/image\/"},"sameAs":["https:\/\/www.facebook.com\/profile.php?id=100086426226253","https:\/\/www.instagram.com\/citygame_com","https:\/\/www.tiktok.com\/@citygamecom\/","https:\/\/www.linkedin.com\/company\/citygame-com"],"description":"Turn any city into a playground with our interactive City Games and self-guided tours. Fun, flexible, and ideal for groups and team building."}]}},"taxonomy_info":{"cg_page_type":[{"value":636,"label":"Book in COUNTRY page"}]},"featured_image_src_large":["https:\/\/citygame.com\/wp-content\/blogs.dir\/1\/files\/2026\/01\/stockholm-city-hall-sunset-1024x572.jpg",1024,572,true],"author_info":{"display_name":"Philip","author_link":"https:\/\/citygame.com\/fr\/blog\/author\/sophi2\/"},"comment_info":0,"wpml_current_locale":"fr_FR","wpml_translations":{"nl_NL":{"locale":"nl_NL","id":227742,"slug":"boek-city-games-in-zweden","post_title":"Boek City Games in Zweden","href":"https:\/\/citygame.com\/nl\/book-your-city-game\/boek-city-games-in-zweden\/"},"en_US":{"locale":"en_US","id":19224,"slug":"in-sweden","post_title":"Book City Games in Sweden","href":"https:\/\/citygame.com\/book\/in-sweden\/"},"fr_FR":{"locale":"fr_FR","translation":"current"},"de_DE":{"locale":"de_DE","id":227750,"slug":"city-games-in-schweden-buchen","post_title":"City Games in Schweden buchen","href":"https:\/\/citygame.com\/de\/buchen-sie-ihr-city-game\/city-games-in-schweden-buchen\/"},"it_IT":{"locale":"it_IT","translation":false},"es_ES":{"locale":"es_ES","id":227754,"slug":"reserva-city-games-en-suecia","post_title":"Reserva City Games en Suecia","href":"https:\/\/citygame.com\/es\/prenota-il-tuo-city-game\/reserva-city-games-en-suecia\/"}},"_links":{"self":[{"href":"https:\/\/citygame.com\/fr\/wp-json\/wp\/v2\/pages\/227760","targetHints":{"allow":["GET"]}}],"collection":[{"href":"https:\/\/citygame.com\/fr\/wp-json\/wp\/v2\/pages"}],"about":[{"href":"https:\/\/citygame.com\/fr\/wp-json\/wp\/v2\/types\/page"}],"author":[{"embeddable":true,"href":"https:\/\/citygame.com\/fr\/wp-json\/wp\/v2\/users\/78"}],"replies":[{"embeddable":true,"href":"https:\/\/citygame.com\/fr\/wp-json\/wp\/v2\/comments?post=227760"}],"version-history":[{"count":0,"href":"https:\/\/citygame.com\/fr\/wp-json\/wp\/v2\/pages\/227760\/revisions"}],"up":[{"embeddable":true,"href":"https:\/\/citygame.com\/fr\/wp-json\/wp\/v2\/pages\/225805"}],"acf:term":[{"embeddable":true,"taxonomy":"cities-only-parent-location","href":"https:\/\/citygame.com\/fr\/wp-json\/wp\/v2\/cities-only-parent-location\/477"}],"wp:featuredmedia":[{"embeddable":true,"href":"https:\/\/citygame.com\/fr\/wp-json\/wp\/v2\/media\/5544"}],"wp:attachment":[{"href":"https:\/\/citygame.com\/fr\/wp-json\/wp\/v2\/media?parent=227760"}],"wp:term":[{"taxonomy":"cities-only-parent-location","embeddable":true,"href":"https:\/\/citygame.com\/fr\/wp-json\/wp\/v2\/cities-only-parent-location?post=227760"},{"taxonomy":"countries-only-parent-locations","embeddable":true,"href":"https:\/\/citygame.com\/fr\/wp-json\/wp\/v2\/countries-only-parent-locations?post=227760"},{"taxonomy":"seo_keyword","embeddable":true,"href":"https:\/\/citygame.com\/fr\/wp-json\/wp\/v2\/seo_keyword?post=227760"},{"taxonomy":"cg_page_type","embeddable":true,"href":"https:\/\/citygame.com\/fr\/wp-json\/wp\/v2\/cg_page_type?post=227760"}],"curies":[{"name":"wp","href":"https:\/\/api.w.org\/{rel}","templated":true}]}}