{"id":230485,"date":"2026-01-29T21:31:05","date_gmt":"2026-01-29T21:31:05","guid":{"rendered":"https:\/\/citygame.com\/locations\/iceland\/city-game-reykjavik-2\/"},"modified":"2026-04-28T11:44:21","modified_gmt":"2026-04-28T11:44:21","slug":"city-game-reykjavik-2","status":"publish","type":"page","link":"https:\/\/citygame.com\/fr\/locations\/iceland\/city-game-reykjavik-2\/","title":{"rendered":"City Game Reykjavik"},"content":{"rendered":"","protected":false},"excerpt":{"rendered":"","protected":false},"author":78,"featured_media":16711,"parent":7669,"menu_order":0,"comment_status":"closed","ping_status":"closed","template":"","meta":{"_acf_changed":false,"_yoast_wpseo_focuskw":"City Game Reykjavik","_yoast_wpseo_metadesc":"","_kad_blocks_custom_css":"","_kad_blocks_head_custom_js":"","_kad_blocks_body_custom_js":"","_kad_blocks_footer_custom_js":"","_kad_post_transparent":"","_kad_post_title":"","_kad_post_layout":"","_kad_post_sidebar_id":"","_kad_post_content_style":"","_kad_post_vertical_padding":"","_kad_post_feature":"","_kad_post_feature_position":"","_kad_post_header":false,"_kad_post_footer":false,"_kad_post_classname":"","footnotes":""},"cities-only-parent-location":[],"countries-only-parent-locations":[],"seo_keyword":[],"cg_page_type":[45],"class_list":["post-230485","page","type-page","status-publish","has-post-thumbnail","hentry","cg_page_type-city-overview-page"],"acf":{"city_name":"Reykjavik","select_city":341,"section_1_h2_city_games_in_city":"City Games \u00e0 Reykjavik","intro_text":"City Games sont disponibles \u00e0 Reykjavik, offrant une mani\u00e8re interactive de s'impliquer dans la ville. En utilisant votre smartphone, vous r\u00e9soudrez des \u00e9nigmes et rel\u00e8verez des d\u00e9fis en vous d\u00e9pla\u00e7ant dans diff\u00e9rentes zones \u00e0 votre rythme. Cette exp\u00e9rience en autonomie allie exploration et gameplay immersif adapt\u00e9 au cadre unique de Reykjavik.","section_1_usp_1":"D\u00e9marrer, mettre en pause et reprendre quand vous le souhaitez","section_1_usp_2":"Jouer de mani\u00e8re ind\u00e9pendante","section_1_usp_3":"1\u20134 ou 2\u20135 personnes par smartphone, selon votre jeu","section_1_usp_4":"1,5\u20132 heures de temps de jeu","section_1_usp_5":"3\u20134 km de marche","section_1_usp_6":"Connexion Internet requise","section_1_text_2":"Choisissez votre City Game et commencez \u00e0 jouer d\u00e8s aujourd'hui !","section_1_cta":"Consultez tous les City Games","intro_image":16712,"section_2_h2_all_city_games_in_city":"Tous les City Games \u00e0 Reykjavik","section_3_h2_how_city_games_work_in_city":"Comment fonctionnent les City Games \u00e0 Reykjavik","section_3_text":"Pour commencer, rien de plus simple. Choisissez votre City Game \u00e0 Reykjavik, r\u00e9servez votre aventure et commencez \u00e0 jouer quand cela vous convient. Tout ce dont vous avez besoin vous sera envoy\u00e9 imm\u00e9diatement apr\u00e8s la r\u00e9servation: pas de guide, pas d'horaires de d\u00e9part fixes, juste votre \u00e9quipe et la ville.","section_3_usp_1":"1,5\u20132 heures de jeu","section_3_usp_2":"3\u20134 km de marche \u00e0 travers la ville","section_3_usp_3":"D\u00e9marrer, mettre en pause et reprendre quand vous le souhaitez","section_3_usp_4":"1\u20134 ou 2\u20135 personnes par smartphone, selon votre jeu","section_3_usp_5":"Jouer de mani\u00e8re ind\u00e9pendante avec votre propre appareil","section_3_usp_6":"Connexion Internet requise pendant le jeu","section_3_cta":"Choisissez votre ville","section_3_step_1":"\u00c9tape 1","section_3_step_1_title":"Choisissez votre City Game et votre jeu","section_3_step_1_text":"S\u00e9lectionnez la ville o\u00f9 vous souhaitez jouer et r\u00e9servez votre City Game en ligne en quelques clics.","section_3_step_2":"\u00c9tape 2","section_3_step_2_title":"Recevez les instructions de votre City Game","section_3_step_2_text":"Apr\u00e8s la r\u00e9servation, vous recevrez imm\u00e9diatement un e-mail contenant toutes les instructions et l'acc\u00e8s au jeu.","section_3_step_3":"\u00c9tape 3","section_3_step_3_title":"Rendez-vous au point de d\u00e9part","section_3_step_3_text":"Rendez-vous au point de d\u00e9part dans la ville lorsque cela vous convient. Il n'y a pas d'horaires de d\u00e9part fixes.","section_3_step_4":"\u00c9tape 4","section_3_step_4_title":"D\u00e9marrez votre City Game","section_3_step_4_text":"Suivez les indices, r\u00e9solvez les \u00e9nigmes et d\u00e9couvrez la ville tout en relevant des d\u00e9fis amusants le long du parcours.","how_city_games_work_image":16713,"section_4_h2_who_are_city_games_in_city_for":"Pour qui sont les City Games \u00e0 Reykjavik ?","section_4_text":"Les City Games \u00e0 Reykjavik sont con\u00e7us pour tous ceux qui veulent d\u00e9couvrir la ville de mani\u00e8re interactive et flexible. Que vous visitiez Reykjavik pour la premi\u00e8re fois ou que vous connaissiez d\u00e9j\u00e0 la ville, City Games offrent une activit\u00e9 ludique qui s'int\u00e8gre facilement \u00e0 votre journ\u00e9e.","section_4_text_2":"Les City Games \u00e0 Reykjavik conviennent \u00e0 :","section_4_usp_1":"Joueurs en solo ou petits groupes \u00e0 la recherche d'une aventure flexible","section_4_usp_2":"Des touristes explorant Reykjavik","section_4_usp_3":"Des amis et des familles \u00e0 la recherche d'une activit\u00e9 amusante","section_4_usp_4":"Entreprises et \u00e9quipes planifiant un teambuilding","section_4_usp_5":"Des habitants qui veulent red\u00e9couvrir leur propre ville","section_4_cta":"Trouvez un City Game dans votre ville","who_are_city_games_for_image":16714,"section_5_h2_exploring_city":"Explorer Reykjavik","exploring_city_text":"Explorer Reykjavik offre une vue rapproch\u00e9e d'une capitale qui \u00e9quilibre l'intimit\u00e9 d'une petite ville avec les environs naturels saisissants. Les maisons color\u00e9es et les caf\u00e9s anim\u00e9s du centre-ville s'organisent autour de la Place Austurv\u00f6llur, lieu de rencontre populaire encadr\u00e9 par le Parlement et la cath\u00e9drale de la ville. \u00c0 quelques pas, la zone portuaire historique reste active avec des bateaux de p\u00eache et la vie locale, offrant des vues sur la Baie Faxafl\u00f3i et un acc\u00e8s facile \u00e0 l'air marin.\n\nSe d\u00e9placer dans Reykjavik est fa\u00e7onn\u00e9 \u00e0 la fois par son plan compact et par le m\u00e9lange de tradition et de modernit\u00e9. L'\u00e9glise Hallgr\u00edmskirkja, perch\u00e9e sur une colline et visible de presque partout dans la ville, constitue un rep\u00e8re clair lors de l'exploration. Fl\u00e2ner dans les rues est un m\u00e9lange sensoriel de roche volcanique sous les pieds, de coins r\u00e9sidentiels tranquilles et d'\u00e9clats occasionnels d'art de rue aux couleurs vives, le tout sur le fond des montagnes \u00e9loign\u00e9es.","exploring_city_image":16715,"section_6_h2_hosted_game":"Vos City Games pr\u00e9f\u00e9r\u00e9s, organis\u00e9s professionnellement par notre \u00e9quipe","section_6_text":"Profitez des m\u00eames City Games que dans notre version en autonomie, mais avec un support sur site complet de la part de nos h\u00f4tes professionnels. Nous nous occupons du briefing, des tablettes, de la coordination et du support technique, afin que votre groupe puisse se concentrer enti\u00e8rement sur le plaisir et la comp\u00e9tition.","section_6_text_2":"Ce qui est inclus :","section_6_usp_1_title":"Le m\u00eame City Game, enti\u00e8rement h\u00e9berg\u00e9","section_6_usp_1_text":"Vous jouez exactement la m\u00eame exp\u00e9rience que dans notre version autonome, maintenant guid\u00e9e par nos h\u00f4tes pour votre groupe.","section_6_usp_2_title":"Classement en direct et c\u00e9r\u00e9monie de remise des prix","section_6_usp_2_text":"Pour les groupes plus importants, nos h\u00f4tes d\u00e9voilent les scores finaux et annoncent l'\u00e9quipe gagnante avec un moment de remise de prix ludique.","section_6_usp_3_title":"D\u00e9part et fin accompagn\u00e9s par des h\u00f4tes","section_6_usp_3_text":"Nous accueillons votre groupe, expliquons clairement le jeu et terminons par une conclusion palpitante.","section_6_usp_4_title":"Support en temps r\u00e9el pendant le jeu","section_6_usp_4_text":"Notre \u00e9quipe aide avec les appareils, les probl\u00e8mes d'app et la coordination tout au long de l'exp\u00e9rience.","section_6_usp_5_title":"Tablettes incluses (optionnelles)","section_6_usp_5_text":"Disponible pour les groupes qui pr\u00e9f\u00e8rent utiliser nos appareils plut\u00f4t que les leurs.","section_6_text_3":"Reconnus par des \u00e9quipes du monde entier, des petits groupes aux grands \u00e9v\u00e9nements d'entreprise.","section_6_cta":"Planifiez votre \u00e9v\u00e9nement de groupe","section_7_h2_reviews":"Ce que pensent les autres de nos City Games","section_7_cta_1":"Voir toutes les questions fr\u00e9quemment pos\u00e9es","section_7_cta_2":"Obtenir de l'aide","section_8_h2_faq":"Vous avez des questions ? Nous avons des r\u00e9ponses !","section_8_text":"Explorez les villes de mani\u00e8re ludique et interactive avec nos City Games. R\u00e9solvez des \u00e9nigmes, d\u00e9couvrez des lieux cach\u00e9s et explorez la ville en jouant avec des amis, la famille ou des coll\u00e8gues, quand cela vous convient.","section_8_cta_1":"Voir toutes les questions fr\u00e9quemment pos\u00e9es","section_8_cta_2":"Obtenir de l'aide","section_8_question_1":"Qu'est-ce que City Games \u00e0 Reykjavik ?","section_8_answer_1":"Les City Games \u00e0 Reykjavik sont des <strong>exp\u00e9riences interactives et auto-guid\u00e9es<\/strong> qui vous permettent d'explorer la ville en jouant \u00e0 un jeu !\r\n\r\nEn utilisant votre smartphone, vous r\u00e9solvez des \u00e9nigmes, relevez des d\u00e9fis et suivez l'intrigue de votre City Game choisi lors de votre promenade dans la ville.\r\n\r\nLes City Games combinent travail d'\u00e9quipe, r\u00e9solution de probl\u00e8mes et exploration en plein air, ce qui en fait une activit\u00e9 amusante pour les visiteurs, les habitants et les groupes.","section_8_question_2":"Ai-je besoin d'un guide pour jouer \u00e0 un City Game \u00e0 Reykjavik ?","section_8_answer_2":"<p class=\"kt-adv-heading2034_2420ea-ca wp-block-kadence-advancedheading\" data-kb-block=\"kb-adv-heading2034_2420ea-ca\">Non, les City Games \u00e0 Reykjavik sont <strong>enti\u00e8rement autonomes<\/strong>. Vous n'avez pas besoin de guide, d'h\u00f4te ou de personnel sur place pour jouer. Toutes les instructions et le gameplay sont fournis num\u00e9riquement, vous permettant de commencer et de jouer de mani\u00e8re ind\u00e9pendante en utilisant votre propre smartphone.<\/p>\r\nCette flexibilit\u00e9 permet d'int\u00e9grer facilement les City Games \u00e0 votre emploi du temps.\r\n<p class=\"kt-adv-heading2034_cd3db2-33 wp-block-kadence-advancedheading hls-none\" data-kb-block=\"kb-adv-heading2034_cd3db2-33\">Pour les groupes plus importants ou les \u00e9v\u00e9nements d'entreprise, une version enti\u00e8rement h\u00e9berg\u00e9e de nos City Games est \u00e9galement disponible, incluant des conseils sur site, des tablettes et une assistance en direct.<\/p>\r\nVous pr\u00e9voyez un groupe plus important ou un \u00e9v\u00e9nement d'entreprise ?","section_8_answer_2_cta":"D\u00e9couvrez l'exp\u00e9rience City Game h\u00e9berg\u00e9e pour les groupes","section_8_question_3":"Quand pouvons-nous commencer \u00e0 jouer \u00e0 un City Game \u00e0 Reykjavik ?","section_8_answer_3":"Vous pouvez commencer \u00e0 jouer <strong>\u00e0 votre convenance<\/strong> ! Les City Games \u00e0 Reykjavik n'ont pas d'horaires de d\u00e9part fixes, vous \u00eates donc libre de commencer \u00e0 un moment qui vous convient.\r\n\r\nApr\u00e8s la r\u00e9servation, vous recevrez des instructions claires qui expliquent comment et quand vous pouvez commencer votre City Game !","section_8_question_4":"Combien de temps dure un City Game \u00e0 Reykjavik ?","section_8_answer_4":"Les City Games \u00e0 Reykjavik prennent environ <strong>1,5 \u00e0 2 heures<\/strong> pour \u00eatre termin\u00e9s ! La dur\u00e9e exacte d\u00e9pend de votre rythme, du nombre de pauses que vous faites et de la vitesse \u00e0 laquelle vous r\u00e9solvez les \u00e9nigmes et les d\u00e9fis.\r\n\r\nVous pouvez jouer \u00e0 votre propre rythme et mettre le jeu en pause quand vous le souhaitez !","section_8_question_5":"Pouvons-nous jouer \u00e0 un City Game \u00e0 Reykjavik avec un grand groupe ?","section_8_answer_5":"<p class=\"kt-adv-heading2034_97743b-76 wp-block-kadence-advancedheading\" data-kb-block=\"kb-adv-heading2034_97743b-76\">Oui, les City Games conviennent \u00e0 <strong>la fois \u00e0 de petits groupes et \u00e0 de grandes \u00e9quipes<\/strong>. Les grands groupes peuvent facilement se diviser en \u00e9quipes plus petites et jouer au City Game en m\u00eame temps, en utilisant plusieurs smartphones. Chaque \u00e9quipe joue de mani\u00e8re ind\u00e9pendante, suivant le m\u00eame concept de jeu et la m\u00eame histoire.<\/p>\r\nCette configuration convient bien aux groupes d'amis, de familles et d'entreprises, et fait des City Games un choix populaire pour les sorties d'\u00e9quipe, les \u00e9v\u00e9nements et les activit\u00e9s de teambuilding.\r\n<p class=\"kt-adv-heading2034_7442e3-e3 wp-block-kadence-advancedheading hls-none\" data-kb-block=\"kb-adv-heading2034_7442e3-e3\">Pour les grands groupes ou les \u00e9v\u00e9nements d'entreprise, une version enti\u00e8rement h\u00e9berg\u00e9e de nos City Games est \u00e9galement disponible, incluant des conseils sur site, des tablettes et une assistance en direct.<\/p>\r\nVous planifiez un groupe plus important ou un \u00e9v\u00e9nement d'entreprise ?","section_8_answer_5_cta":"Explorez l'exp\u00e9rience City Game h\u00e9berg\u00e9e pour les groupes","section_8_question_6":"Les City Games \u00e0 Reykjavik conviennent-ils aux touristes et aux habitants ?","section_8_answer_6":"Oui, les City Games \u00e0 Reykjavik conviennent \u00e0 <strong>la fois aux touristes et aux habitants<\/strong>. Les visiteurs peuvent d\u00e9couvrir la ville de mani\u00e8re interactive, tandis que les habitants peuvent profiter de rues famili\u00e8res comme cadre d'un City Game.\r\n\r\nParce que chaque City Game met l'accent sur le gameplay et le r\u00e9cit, l'exp\u00e9rience reste fra\u00eeche quelle que soit votre connaissance de la ville.","section_8_question_7":"Les City Games \u00e0 Reykjavik sont-ils disponibles en plusieurs langues ?","section_8_answer_7":"Oui, les City Games \u00e0 Reykjavik sont <strong>disponibles en plusieurs langues<\/strong>. Vous pouvez choisir votre langue pr\u00e9f\u00e9r\u00e9e avant ou pendant le jeu, rendant les City Games accessibles pour les visiteurs internationaux et les groupes multilingues.","section_8_question_8":"De quoi avons-nous besoin pour jouer \u00e0 un City Game \u00e0 Reykjavik ?","section_8_answer_8":"Pour jouer \u00e0 un City Game \u00e0 Reykjavik, vous avez besoin de :","section_8_answer_8_usp_1":"Un smartphone avec connexion Internet","section_8_answer_8_usp_2":"Une batterie charg\u00e9e","section_8_answer_8_usp_3":"Des chaussures de marche confortables","section_8_answer_8_2":"Tout le contenu et les instructions du jeu sont fournis num\u00e9riquement apr\u00e8s la r\u00e9servation.","section_9_h2_instagram":"Voir plus sur Instagram","section_9_text":"Inspiration de voyage, \u00e9nigmes, lieux cach\u00e9s et moments City Game, directement de notre communaut\u00e9","section_9_cta":"Suivez-nous sur Instagram","section_10_h2_page_ending":"Pr\u00eat pour une aventure inoubliable \u00e0 Reykjavik ?","section_10_text":"D\u00e9couvrez Reykjavik d'une mani\u00e8re unique et interactive avec nos City Games. Jouez d\u00e8s aujourd'hui et cr\u00e9ez des souvenirs durables !","section_10_cta":"R\u00e9servez votre City Game d\u00e8s maintenant","latitude":64.1419341,"longitude":-21.9270559,"country":false,"map_enabled":true},"yoast_head":"<!-- This site is optimized with the Yoast SEO Premium plugin v26.2 (Yoast SEO v27.4) - https:\/\/yoast.com\/product\/yoast-seo-premium-wordpress\/ -->\n<title>City Game Reykjavik - City Game<\/title>\n<meta name=\"robots\" content=\"index, follow, max-snippet:-1, max-image-preview:large, max-video-preview:-1\" \/>\n<link rel=\"canonical\" href=\"https:\/\/citygame.com\/fr\/locations\/iceland\/city-game-reykjavik-2\/\" \/>\n<meta property=\"og:locale\" content=\"fr_FR\" \/>\n<meta property=\"og:type\" content=\"article\" \/>\n<meta property=\"og:title\" content=\"City Game Reykjavik\" \/>\n<meta property=\"og:url\" content=\"https:\/\/citygame.com\/fr\/locations\/iceland\/city-game-reykjavik-2\/\" \/>\n<meta property=\"og:site_name\" content=\"City Game\" \/>\n<meta property=\"article:publisher\" content=\"https:\/\/www.facebook.com\/profile.php?id=100086426226253\" \/>\n<meta property=\"article:modified_time\" content=\"2026-04-28T11:44:21+00:00\" \/>\n<meta property=\"og:image\" content=\"https:\/\/citygame.com\/wp-content\/blogs.dir\/1\/files\/2026\/03\/reykjavik-cityscape-with-bay-and-mountains.jpeg\" \/>\n\t<meta property=\"og:image:width\" content=\"1280\" \/>\n\t<meta property=\"og:image:height\" content=\"1920\" \/>\n\t<meta property=\"og:image:type\" content=\"image\/jpeg\" \/>\n<meta name=\"twitter:card\" content=\"summary_large_image\" \/>\n<script type=\"application\/ld+json\" class=\"yoast-schema-graph\">{\"@context\":\"https:\\\/\\\/schema.org\",\"@graph\":[{\"@type\":\"WebPage\",\"@id\":\"https:\\\/\\\/citygame.com\\\/fr\\\/locations\\\/iceland\\\/city-game-reykjavik-2\\\/\",\"url\":\"https:\\\/\\\/citygame.com\\\/fr\\\/locations\\\/iceland\\\/city-game-reykjavik-2\\\/\",\"name\":\"City Game Reykjavik - City Game\",\"isPartOf\":{\"@id\":\"https:\\\/\\\/citygame.com\\\/fr\\\/#website\"},\"primaryImageOfPage\":{\"@id\":\"https:\\\/\\\/citygame.com\\\/fr\\\/locations\\\/iceland\\\/city-game-reykjavik-2\\\/#primaryimage\"},\"image\":{\"@id\":\"https:\\\/\\\/citygame.com\\\/fr\\\/locations\\\/iceland\\\/city-game-reykjavik-2\\\/#primaryimage\"},\"thumbnailUrl\":\"https:\\\/\\\/citygame.com\\\/wp-content\\\/blogs.dir\\\/1\\\/files\\\/2026\\\/03\\\/reykjavik-cityscape-with-bay-and-mountains.jpeg\",\"datePublished\":\"2026-01-29T21:31:05+00:00\",\"dateModified\":\"2026-04-28T11:44:21+00:00\",\"breadcrumb\":{\"@id\":\"https:\\\/\\\/citygame.com\\\/fr\\\/locations\\\/iceland\\\/city-game-reykjavik-2\\\/#breadcrumb\"},\"inLanguage\":\"fr-FR\",\"potentialAction\":[{\"@type\":\"ReadAction\",\"target\":[\"https:\\\/\\\/citygame.com\\\/fr\\\/locations\\\/iceland\\\/city-game-reykjavik-2\\\/\"]}]},{\"@type\":\"ImageObject\",\"inLanguage\":\"fr-FR\",\"@id\":\"https:\\\/\\\/citygame.com\\\/fr\\\/locations\\\/iceland\\\/city-game-reykjavik-2\\\/#primaryimage\",\"url\":\"https:\\\/\\\/citygame.com\\\/wp-content\\\/blogs.dir\\\/1\\\/files\\\/2026\\\/03\\\/reykjavik-cityscape-with-bay-and-mountains.jpeg\",\"contentUrl\":\"https:\\\/\\\/citygame.com\\\/wp-content\\\/blogs.dir\\\/1\\\/files\\\/2026\\\/03\\\/reykjavik-cityscape-with-bay-and-mountains.jpeg\",\"width\":1280,\"height\":1920,\"caption\":\"A view over the colorful rooftops of Reykjavik, looking out towards the water and distant mountains.\"},{\"@type\":\"BreadcrumbList\",\"@id\":\"https:\\\/\\\/citygame.com\\\/fr\\\/locations\\\/iceland\\\/city-game-reykjavik-2\\\/#breadcrumb\",\"itemListElement\":[{\"@type\":\"ListItem\",\"position\":1,\"name\":\"Home\",\"item\":\"https:\\\/\\\/citygame.com\\\/fr\\\/\"},{\"@type\":\"ListItem\",\"position\":2,\"name\":\"Locations\",\"item\":\"https:\\\/\\\/citygame.com\\\/fr\\\/?page_id=1598\"},{\"@type\":\"ListItem\",\"position\":3,\"name\":\"City Game Iceland\",\"item\":\"https:\\\/\\\/citygame.com\\\/fr\\\/locations\\\/iceland\\\/\"},{\"@type\":\"ListItem\",\"position\":4,\"name\":\"City Game Reykjavik\"}]},{\"@type\":\"WebSite\",\"@id\":\"https:\\\/\\\/citygame.com\\\/fr\\\/#website\",\"url\":\"https:\\\/\\\/citygame.com\\\/fr\\\/\",\"name\":\"City Game\",\"description\":\"\",\"publisher\":{\"@id\":\"https:\\\/\\\/citygame.com\\\/fr\\\/#organization\"},\"alternateName\":\"citygame.com\",\"potentialAction\":[{\"@type\":\"SearchAction\",\"target\":{\"@type\":\"EntryPoint\",\"urlTemplate\":\"https:\\\/\\\/citygame.com\\\/fr\\\/?s={search_term_string}\"},\"query-input\":{\"@type\":\"PropertyValueSpecification\",\"valueRequired\":true,\"valueName\":\"search_term_string\"}}],\"inLanguage\":\"fr-FR\"},{\"@type\":\"Organization\",\"@id\":\"https:\\\/\\\/citygame.com\\\/fr\\\/#organization\",\"name\":\"City Game\",\"alternateName\":\"citygame.com\",\"url\":\"https:\\\/\\\/citygame.com\\\/fr\\\/\",\"logo\":{\"@type\":\"ImageObject\",\"inLanguage\":\"fr-FR\",\"@id\":\"https:\\\/\\\/citygame.com\\\/fr\\\/#\\\/schema\\\/logo\\\/image\\\/\",\"url\":\"https:\\\/\\\/citygame.com\\\/wp-content\\\/blogs.dir\\\/1\\\/files\\\/2025\\\/10\\\/CG_LOGO-City-Game.png\",\"contentUrl\":\"https:\\\/\\\/citygame.com\\\/wp-content\\\/blogs.dir\\\/1\\\/files\\\/2025\\\/10\\\/CG_LOGO-City-Game.png\",\"width\":351,\"height\":377,\"caption\":\"City Game\"},\"image\":{\"@id\":\"https:\\\/\\\/citygame.com\\\/fr\\\/#\\\/schema\\\/logo\\\/image\\\/\"},\"sameAs\":[\"https:\\\/\\\/www.facebook.com\\\/profile.php?id=100086426226253\",\"https:\\\/\\\/www.instagram.com\\\/citygame_com\",\"https:\\\/\\\/www.tiktok.com\\\/@citygamecom\\\/\",\"https:\\\/\\\/www.linkedin.com\\\/company\\\/citygame-com\"],\"description\":\"Turn any city into a playground with our interactive City Games and self-guided tours. Fun, flexible, and ideal for groups and team building.\"}]}<\/script>\n<!-- \/ Yoast SEO Premium plugin. -->","yoast_head_json":{"title":"City Game Reykjavik - City Game","robots":{"index":"index","follow":"follow","max-snippet":"max-snippet:-1","max-image-preview":"max-image-preview:large","max-video-preview":"max-video-preview:-1"},"canonical":"https:\/\/citygame.com\/fr\/locations\/iceland\/city-game-reykjavik-2\/","og_locale":"fr_FR","og_type":"article","og_title":"City Game Reykjavik","og_url":"https:\/\/citygame.com\/fr\/locations\/iceland\/city-game-reykjavik-2\/","og_site_name":"City Game","article_publisher":"https:\/\/www.facebook.com\/profile.php?id=100086426226253","article_modified_time":"2026-04-28T11:44:21+00:00","og_image":[{"width":1280,"height":1920,"url":"https:\/\/citygame.com\/wp-content\/blogs.dir\/1\/files\/2026\/03\/reykjavik-cityscape-with-bay-and-mountains.jpeg","type":"image\/jpeg"}],"twitter_card":"summary_large_image","schema":{"@context":"https:\/\/schema.org","@graph":[{"@type":"WebPage","@id":"https:\/\/citygame.com\/fr\/locations\/iceland\/city-game-reykjavik-2\/","url":"https:\/\/citygame.com\/fr\/locations\/iceland\/city-game-reykjavik-2\/","name":"City Game Reykjavik - City Game","isPartOf":{"@id":"https:\/\/citygame.com\/fr\/#website"},"primaryImageOfPage":{"@id":"https:\/\/citygame.com\/fr\/locations\/iceland\/city-game-reykjavik-2\/#primaryimage"},"image":{"@id":"https:\/\/citygame.com\/fr\/locations\/iceland\/city-game-reykjavik-2\/#primaryimage"},"thumbnailUrl":"https:\/\/citygame.com\/wp-content\/blogs.dir\/1\/files\/2026\/03\/reykjavik-cityscape-with-bay-and-mountains.jpeg","datePublished":"2026-01-29T21:31:05+00:00","dateModified":"2026-04-28T11:44:21+00:00","breadcrumb":{"@id":"https:\/\/citygame.com\/fr\/locations\/iceland\/city-game-reykjavik-2\/#breadcrumb"},"inLanguage":"fr-FR","potentialAction":[{"@type":"ReadAction","target":["https:\/\/citygame.com\/fr\/locations\/iceland\/city-game-reykjavik-2\/"]}]},{"@type":"ImageObject","inLanguage":"fr-FR","@id":"https:\/\/citygame.com\/fr\/locations\/iceland\/city-game-reykjavik-2\/#primaryimage","url":"https:\/\/citygame.com\/wp-content\/blogs.dir\/1\/files\/2026\/03\/reykjavik-cityscape-with-bay-and-mountains.jpeg","contentUrl":"https:\/\/citygame.com\/wp-content\/blogs.dir\/1\/files\/2026\/03\/reykjavik-cityscape-with-bay-and-mountains.jpeg","width":1280,"height":1920,"caption":"A view over the colorful rooftops of Reykjavik, looking out towards the water and distant mountains."},{"@type":"BreadcrumbList","@id":"https:\/\/citygame.com\/fr\/locations\/iceland\/city-game-reykjavik-2\/#breadcrumb","itemListElement":[{"@type":"ListItem","position":1,"name":"Home","item":"https:\/\/citygame.com\/fr\/"},{"@type":"ListItem","position":2,"name":"Locations","item":"https:\/\/citygame.com\/fr\/?page_id=1598"},{"@type":"ListItem","position":3,"name":"City Game Iceland","item":"https:\/\/citygame.com\/fr\/locations\/iceland\/"},{"@type":"ListItem","position":4,"name":"City Game Reykjavik"}]},{"@type":"WebSite","@id":"https:\/\/citygame.com\/fr\/#website","url":"https:\/\/citygame.com\/fr\/","name":"City Game","description":"","publisher":{"@id":"https:\/\/citygame.com\/fr\/#organization"},"alternateName":"citygame.com","potentialAction":[{"@type":"SearchAction","target":{"@type":"EntryPoint","urlTemplate":"https:\/\/citygame.com\/fr\/?s={search_term_string}"},"query-input":{"@type":"PropertyValueSpecification","valueRequired":true,"valueName":"search_term_string"}}],"inLanguage":"fr-FR"},{"@type":"Organization","@id":"https:\/\/citygame.com\/fr\/#organization","name":"City Game","alternateName":"citygame.com","url":"https:\/\/citygame.com\/fr\/","logo":{"@type":"ImageObject","inLanguage":"fr-FR","@id":"https:\/\/citygame.com\/fr\/#\/schema\/logo\/image\/","url":"https:\/\/citygame.com\/wp-content\/blogs.dir\/1\/files\/2025\/10\/CG_LOGO-City-Game.png","contentUrl":"https:\/\/citygame.com\/wp-content\/blogs.dir\/1\/files\/2025\/10\/CG_LOGO-City-Game.png","width":351,"height":377,"caption":"City Game"},"image":{"@id":"https:\/\/citygame.com\/fr\/#\/schema\/logo\/image\/"},"sameAs":["https:\/\/www.facebook.com\/profile.php?id=100086426226253","https:\/\/www.instagram.com\/citygame_com","https:\/\/www.tiktok.com\/@citygamecom\/","https:\/\/www.linkedin.com\/company\/citygame-com"],"description":"Turn any city into a playground with our interactive City Games and self-guided tours. Fun, flexible, and ideal for groups and team building."}]}},"taxonomy_info":{"cg_page_type":[{"value":45,"label":"City overview page"}]},"featured_image_src_large":["https:\/\/citygame.com\/wp-content\/blogs.dir\/1\/files\/2026\/03\/reykjavik-cityscape-with-bay-and-mountains-683x1024.jpeg",683,1024,true],"author_info":{"display_name":"Philip","author_link":"https:\/\/citygame.com\/fr\/blog\/author\/sophi2\/"},"comment_info":0,"_links":{"self":[{"href":"https:\/\/citygame.com\/fr\/wp-json\/wp\/v2\/pages\/230485","targetHints":{"allow":["GET"]}}],"collection":[{"href":"https:\/\/citygame.com\/fr\/wp-json\/wp\/v2\/pages"}],"about":[{"href":"https:\/\/citygame.com\/fr\/wp-json\/wp\/v2\/types\/page"}],"author":[{"embeddable":true,"href":"https:\/\/citygame.com\/fr\/wp-json\/wp\/v2\/users\/78"}],"replies":[{"embeddable":true,"href":"https:\/\/citygame.com\/fr\/wp-json\/wp\/v2\/comments?post=230485"}],"version-history":[{"count":0,"href":"https:\/\/citygame.com\/fr\/wp-json\/wp\/v2\/pages\/230485\/revisions"}],"up":[{"embeddable":true,"href":"https:\/\/citygame.com\/fr\/wp-json\/wp\/v2\/pages\/7669"}],"acf:term":[{"embeddable":true,"taxonomy":"location","href":"https:\/\/citygame.com\/fr\/wp-json\/wp\/v2\/location\/341"}],"wp:featuredmedia":[{"embeddable":true,"href":"https:\/\/citygame.com\/fr\/wp-json\/wp\/v2\/media\/16711"}],"wp:attachment":[{"href":"https:\/\/citygame.com\/fr\/wp-json\/wp\/v2\/media?parent=230485"}],"wp:term":[{"taxonomy":"cities-only-parent-location","embeddable":true,"href":"https:\/\/citygame.com\/fr\/wp-json\/wp\/v2\/cities-only-parent-location?post=230485"},{"taxonomy":"countries-only-parent-locations","embeddable":true,"href":"https:\/\/citygame.com\/fr\/wp-json\/wp\/v2\/countries-only-parent-locations?post=230485"},{"taxonomy":"seo_keyword","embeddable":true,"href":"https:\/\/citygame.com\/fr\/wp-json\/wp\/v2\/seo_keyword?post=230485"},{"taxonomy":"cg_page_type","embeddable":true,"href":"https:\/\/citygame.com\/fr\/wp-json\/wp\/v2\/cg_page_type?post=230485"}],"curies":[{"name":"wp","href":"https:\/\/api.w.org\/{rel}","templated":true}]}}