{"id":225714,"date":"2026-04-22T04:11:33","date_gmt":"2026-04-22T04:11:33","guid":{"rendered":"https:\/\/citygame.com\/locations\/city-game-albania\/"},"modified":"2026-04-22T04:11:33","modified_gmt":"2026-04-22T04:11:33","slug":"city-game-albania","status":"publish","type":"page","link":"https:\/\/citygame.com\/it\/luoghi\/city-game-albania\/","title":{"rendered":"City Game Albania"},"content":{"rendered":"","protected":false},"excerpt":{"rendered":"","protected":false},"author":78,"featured_media":12684,"parent":225502,"menu_order":0,"comment_status":"closed","ping_status":"closed","template":"","meta":{"_acf_changed":false,"_yoast_wpseo_focuskw":"City Game Albania","_yoast_wpseo_metadesc":"","_kad_blocks_custom_css":"","_kad_blocks_head_custom_js":"","_kad_blocks_body_custom_js":"","_kad_blocks_footer_custom_js":"","_kad_post_transparent":"","_kad_post_title":"","_kad_post_layout":"","_kad_post_sidebar_id":"","_kad_post_content_style":"","_kad_post_vertical_padding":"","_kad_post_feature":"","_kad_post_feature_position":"","_kad_post_header":false,"_kad_post_footer":false,"_kad_post_classname":"","footnotes":""},"cities-only-parent-location":[],"countries-only-parent-locations":[440],"seo_keyword":[],"cg_page_type":[44],"class_list":["post-225714","page","type-page","status-publish","has-post-thumbnail","hentry","countries-only-parent-locations-europe","cg_page_type-country-overview-page"],"acf":{"country_name":"Albania","intro_text":"Gioca a City Games interattivi in Albania e scopri le citt\u00e0 in modo divertente e coinvolgente. Risolvi enigmi, affronta sfide ed esplora i luoghi salienti, nonch\u00e9 gemme nascoste. Tutti i City Games sono autoguidati e giocabili sul tuo smartphone, quando vuoi.","intro_image":12685,"how_city_games_work_image":12686,"who_are_city_games_for_image":12687,"exploring_country_text":"Le citt\u00e0 dell'Albania combinano un mix di quartieri compatti, disposizione collinare e infrastrutture urbane in evoluzione. La capitale, Tirana, \u00e8 caratterizzata da viali ampi e geometrie imprevedibili, dove i nuovi sviluppi incontrano strade residenziali e strutture pi\u00f9 antiche in un paesaggio urbano in continuo cambiamento. Al contrario, le citt\u00e0 di minori dimensioni tendono a sentirsi pi\u00f9 coese, con strade che invitano a camminare ed esplorare a un ritmo pi\u00f9 lento.\n\nMuoversi tra le citt\u00e0 albanesi rivela una fusione di ritmi formali e informali. Pur non sempre organizzate secondo una griglia, le aree urbane spesso incoraggiano la camminata come mezzo di trasporto pratico, con caff\u00e8, mercati e luoghi di ritrovo che costeggiano angoli delle strade e spazi aperti. Le citt\u00e0 variano notevolmente nell'atmosfera\u2014alcune sembrano veloci e di transizione, altre pi\u00f9 radicate nelle routine locali e nella vita comunitaria.\n\nEsiste un chiaro contrasto tra i centri urbani lungo la costa e quelli interni o in montagna. Ogni citt\u00e0 offre una diversa percezione di movimento e interazione, modellata dalla geografia e dalla cultura locale. Questi contrasti creano un'esperienza multistrato del paesaggio urbano dell'Albania, dove nessuna citt\u00e0 \u00e8 uguale all'altra.","exploring_country_image":12688,"faq_answer_1":"City Games sono disponibili in diverse localit\u00e0 in Albania, offrendo esperienze sia nelle citt\u00e0 ben note sia in quelle meno conosciute. Si trovano nella capitale Tirana, nonch\u00e9 in una variet\u00e0 di altre destinazioni in tutto il paese. La disponibilit\u00e0 non \u00e8 limitata solo alle grandi citt\u00e0, con opzioni disponibili anche in localit\u00e0 pi\u00f9 piccole. Questo permette una gamma diversificata di contesti in cui si possono giocare City Games.","select_country":508,"intro_h2_city_games_in_country":"City Games in Albania","intro_usp_1":"1,5-2 ore di gioco","intro_usp_2":"3-4 km a piedi","intro_usp_3":"Inizia, metti in pausa e continua quando vuoi","intro_usp_4":"1-4 o 2-5 persone per smartphone, a seconda del tuo gioco","intro_usp_5":"Gioca in autonomia","intro_usp_6":"\u00c8 richiesta una connessione a Internet","intro_text_2":"Scegli la tua citt\u00e0 e inizia a giocare oggi!","intro_cta":"Controlla tutte le posizioni","section_2_h2_choose_your_city_in_country":"Choose your city in Albania","section_2_text_1":"City Games sono disponibili nelle citt\u00e0 dell'Albania. Scegli una citt\u00e0 qui sotto per vedere quali City Games puoi giocare l\u00ec.\n","section_3_h2_all_city_game_locations_in_country":"All City Game locations in Albania","section_4_h2_how_city_games_work_in_country":"How City Games Work in Albania","section_4_text_1":"City Games in Albania sono esperienze completamente autoguidate che ti permettono di esplorare una citt\u00e0 al tuo ritmo.","section_4_text_2":"Semplicemente scegli la tua citt\u00e0 e il tuo gioco, segui le istruzioni sul tuo smartphone e inizia a giocare quando ti \u00e8 pi\u00f9 comodo.","section_4_usp_1":"Gioca in squadre di amici, familiari o colleghi","section_4_usp_2":"Inizia quando vuoi, non serve una guida o personale","section_4_usp_3":"Usa il tuo smartphone o tablet","section_4_usp_4":"Passeggia per la citt\u00e0 risolvendo enigmi e sfide","section_4_usp_5":"Scopri curiosit\u00e0 su storia, cultura e luoghi d'interesse","section_4_usp_6":"Disponibile in pi\u00f9 lingue","section_4_cta":"Scegli la tua citt\u00e0","section_4_step_1":"Prenota il tuo City Game","section_4_step_1_title":"Prenota il tuo City Game","section_4_step_1_text":"Scegli la tua citt\u00e0 e il tuo gioco e ricevi tutto immediatamente dopo la prenotazione.","section_4_step_2":"Step 2","section_4_step_2_title":"Controlla le tue istruzioni","section_4_step_2_text":"Apri l'email con le istruzioni contenente il punto di partenza e come iniziare a giocare.","section_4_step_3":"Step 3","section_4_step_3_title":"Vai alla posizione di partenza","section_4_step_3_text":"Dirigiti verso il punto di partenza quando vuoi, senza orari fissi.","section_4_step_4":"Gioca &esplora","section_4_step_4_title":"Step 4","section_4_step_4_text":"Segui gli indizi, risolvi enigmi e esplora la citt\u00e0 al tuo ritmo!","section_5_h2_city_game_concepts_in_country":"City Game Concepts in Albania","section_5_secrets_title":"Secrets of Exploration Game","section_5_secrets_text":"Scopri citt\u00e0 in modo divertente e interattivo con Secrets of Exploration City Game. Risolvi enigmi, completa sfide creative e scopri sia i punti salienti famosi sia i luoghi nascosti. Lungo il percorso, imparerai fatti sorprendenti su storia, cultura e racconti locali mentre giochi al tuo ritmo.","section_5_syndicate_title":"The Syndicate City Escape Game","section_5_syndicate_text":"Entra in un'emozionante avventura di fuga in citt\u00e0 con The Syndicate. Lavorate insieme come una squadra per risolvere indovinelli, decifrare codici e recuperare formule rubate prima che scada il tempo. Questo City Game guidato dalla storia si concentra sul lavoro di squadra, sulla risoluzione di problemi e sul gameplay coinvolgente in un contesto urbano.","section_5_sherlock_title":"Sherlock Holmes Murder Mystery","section_5_sherlock_text":"Risolvi un mistero di omicidio interattivo nel Sherlock Holmes City Game. Segui una trama avvincente, interroga i sospetti e raccogli indizi per scoprire la verit\u00e0 dietro un caso misterioso. La citt\u00e0 funge da sfondo atmosferico per la storia, permettendoti di concentrarti pienamente su deduzione, logica e lavoro di squadra.","hours":"ore","concepts_cta":"Leggi di pi\u00f9 su questo gioco","section_5_text_2":"Ogni concetto \u00e8 disponibile in molteplici citt\u00e0 in Albania","section_5_cta":"Esplora tutti i City Games","section_6_h2_who_are_city_games_in_country_for":"Per chi sono i City Games in Albania?","section_6_text":"City Games in Albania sono adatti a:","section_6_usp_1":"Giocatori singoli o piccoli gruppi in cerca di un'avventura flessibile","section_6_usp_2":"Turisti che esplorano le citt\u00e0 dell'Albania","section_6_usp_3":"Amici e famiglie in cerca di un'attivit\u00e0 divertente","section_6_usp_4":"Aziende e team che pianificano un evento di teambuilding","section_6_usp_5":"Scegli la tua citt\u00e0","section_6_cta":"Scegli la tua citt\u00e0","section_7_h2_exploring_country":"Esplorare l'Albania","section_8_h2_hosted_games":"I tuoi City Games preferiti, ospitati professionalmente dal nostro team","section_8_text":"Goditi gli stessi City Games della versione autoguidata, ma con supporto completo in loco da parte dei nostri accompagnatori. Ci occupiamo del briefing, dei tablet, del coordinamento e del supporto tecnico, in modo che il tuo gruppo possa concentrarsi completamente sul divertimento e sulla competizione.","section_8_text_2":"Affidato a team di tutto il mondo, dai piccoli gruppi a grandi eventi aziendali.","section_8_usp_1_title":"Stesso City Game, completamente ospitato","section_8_usp_1_text":"Vivi la stessa esperienza della versione autoguidata, ora guidata dai nostri accompagnatori.","section_8_usp_2_title":"Classifica dal vivo & cerimonia dei premi","section_8_usp_2_text":"Per gruppi numerosi, i nostri accompagnatori rivelano i punteggi finali e annunciano la squadra vincitrice con un momento di premiazione divertente.","section_8_usp_3_title":"Inizio e fine guidati","section_8_usp_3_text":"Le citt\u00e0 dell'Albania combinano un mix di quartieri compatti, disposizione collinare e infrastrutture urbane in evoluzione. La capitale, Tirana, \u00e8 caratterizzata da viali ampi e geometrie imprevedibili, dove i nuovi sviluppi incontrano strade residenziali e strutture pi\u00f9 antiche in un paesaggio urbano in continuo cambiamento. Al contrario, le citt\u00e0 di minori dimensioni tendono a sentirsi pi\u00f9 coese, con strade che invitano a camminare ed esplorare a un ritmo pi\u00f9 lento.\n\nMuoversi tra le citt\u00e0 albanesi rivela una fusione di ritmi formali e informali. Pur non sempre organizzate secondo una griglia, le aree urbane spesso incoraggiano la camminata come mezzo di trasporto pratico, con caff\u00e8, mercati e luoghi di ritrovo che costeggiano angoli delle strade e spazi aperti. Le citt\u00e0 variano notevolmente nell'atmosfera\u2014alcune sembrano veloci e di transizione, altre pi\u00f9 radicate nelle routine locali e nella vita comunitaria.\n\nEsiste un chiaro contrasto tra i centri urbani lungo la costa e quelli interni o in montagna. Ogni citt\u00e0 offre una diversa percezione di movimento e interazione, modellata dalla geografia e dalla cultura locale. Questi contrasti creano un'esperienza multistrato del paesaggio urbano dell'Albania, dove nessuna citt\u00e0 \u00e8 uguale all'altra.","section_8_usp_4_title":"Supporto in tempo reale durante il gioco","section_8_usp_4_text":"Il nostro team assiste con dispositivi, problemi dell'app e coordinamento durante l'esperienza.","section_8_usp_5_title":"Tablet inclusi (facoltativi)","section_8_usp_5_text":"Disponibile per gruppi che preferiscono utilizzare i nostri dispositivi invece dei propri.","section_8_cta":"Pianifica il tuo evento di gruppo","section_9_h2_reviews":"Cosa pensano gli altri dei nostri City Games","section_9_cta_1":"Tutte le recensioni","section_9_cta_2":"Scrivi una recensione","section_10_h2_faq":"Hai domande? Abbiamo risposte!","section_10_text":"Consulta le nostre domande frequenti e scopri tutto quello che vuoi sapere. La tua domanda non \u00e8 tra queste? Non esitare a contattarci.","section_10_cta_1":"Visualizza tutte le domande frequenti","section_10_cta_2":"Ottieni supporto","section_10_question_1":"In quali citt\u00e0 dell'Albania posso giocare a City Game?","section_10_question_2":"Ho bisogno di una guida per giocare a City Game?","section_10_answer_2":"No, all City Games sono <strong>fully self-guided<\/strong>! Non hai bisogno di una guida o di personale per giocare. Dopo la prenotazione, riceverai istruzioni chiare sul tuo smartphone in modo da poter iniziare non appena ti \u00e8 pi\u00f9 comodo!\r\n\r\nPer gruppi pi\u00f9 grandi o eventi aziendali, \u00e8 disponibile anche una versione completamente ospitata dei nostri City Games, inclusa guida in loco, tablet e supporto live.\r\n\r\nPianificare un gruppo maggiore o un evento aziendale?","section_10_answer_2_cta":"Esplora l'esperienza City Game ospitata per gruppi","section_10_question_3":"Quanto tempo richiede un City Game?","section_10_answer_3":"La maggior parte dei City Games richiede <strong>circa 1,5-2 ore per completarlo<\/strong>. Questo include camminare per la citt\u00e0, risolvere enigmi e superare sfide lungo il percorso. Puoi giocare completamente al tuo ritmo: non c'\u00e8 alcuna scadenza e nessun orario rigido.\r\n\r\nSentiti libero di fare pause, mettere in pausa il gioco per un drink o un pranzo, e continuare quando vuoi. Questa flessibilit\u00e0 rende i City Games ideali da combinare con sightseeing o altre attivit\u00e0.","section_10_question_4":"I City Games sono disponibili in pi\u00f9 lingue?","section_10_answer_4":"S\u00ec, i City Games sono <strong>disponibili in pi\u00f9 lingue<\/strong>. La maggior parte dei giochi pu\u00f2 essere giocata in diverse lingue comunemente usate, rendendoli adatti a visitatori internazionali e gruppi multilingue.\r\n\r\nLe lingue disponibili possono variare leggermente da gioco a gioco, ma la selezione della lingua \u00e8 sempre chiaramente mostrata prima di iniziare a giocare. Questo permette a ogni squadra di scegliere la lingua che meglio si adatta, garantendo un'esperienza fluida e piacevole per tutti.","section_10_question_5":"Possiamo giocare con un grande gruppo?","section_10_answer_5":"S\u00ec, i City Games sono <strong>adatti sia per piccoli gruppi che per team pi\u00f9 numerosi<\/strong>. I gruppi grandi possono facilmente suddividersi in squadre pi\u00f9 piccole e giocare al City Game contemporaneamente, utilizzando pi\u00f9 smartphone. Ogni squadra gioca in modo indipendente, seguendo lo stesso concetto di gioco e la stessa trama.\r\n\r\nQuesto allestimento funziona bene per gruppi di amici, famiglie e aziende, e rende i City Games una scelta popolare per uscite di gruppo, eventi e attivit\u00e0 di teambuilding.\r\n\r\nPer gruppi pi\u00f9 grandi o eventi aziendali, \u00e8 disponibile anche una versione completamente ospitata dei nostri City Games, inclusa guida in loco, tablet e supporto live.\r\n\r\nPianificare un gruppo pi\u00f9 grande o un evento aziendale?","section_10_answer_5_cta":"Esplora l'esperienza City Game ospitata per gruppi","section_10_question_6":"Quando possiamo iniziare a giocare a City Game?","section_10_answer_6":"Puoi iniziare a giocare <strong>quando vuoi<\/strong>! I City Games non hanno un orario di inizio fisso, quindi puoi iniziare in un momento che si adatta al tuo programma.\r\n\r\nDopo la prenotazione, riceverai istruzioni chiare via email, permettendoti di iniziare il gioco in modo indipendente senza necessit\u00e0 di prenotazioni o coordinamento con lo staff.\r\n\r\nQuesta flessibilit\u00e0 rende i City Games ideali da combinare con i piani di viaggio, visite turistiche, pranzo o altre attivit\u00e0 durante la giornata.","section_11_h2_instagram":"Vedi di pi\u00f9 su Instagram","section_11_text":"Pronto per un'avventura indimenticabile in Albania","section_11_cta":"Seguici su Instagram","section_12_h2_page_ending":"Pronto per un'avventura indimenticabile in Albania","section_12_text":"Esplora le citt\u00e0 dell'Albania in modo unico e interattivo con i nostri City Games. Gioca oggi e crea ricordi duraturi!","section_12_cta":"Prenota ora il tuo City Game!"},"yoast_head":"<!-- This site is optimized with the Yoast SEO Premium plugin v26.2 (Yoast SEO v27.4) - https:\/\/yoast.com\/product\/yoast-seo-premium-wordpress\/ -->\n<title>City Game Albania - City Game<\/title>\n<meta name=\"robots\" content=\"index, follow, max-snippet:-1, max-image-preview:large, max-video-preview:-1\" \/>\n<link rel=\"canonical\" href=\"https:\/\/citygame.com\/it\/luoghi\/city-game-albania\/\" \/>\n<meta property=\"og:locale\" content=\"it_IT\" \/>\n<meta property=\"og:type\" content=\"article\" \/>\n<meta property=\"og:title\" content=\"City Game Albania\" \/>\n<meta property=\"og:url\" content=\"https:\/\/citygame.com\/it\/luoghi\/city-game-albania\/\" \/>\n<meta property=\"og:site_name\" content=\"City Game\" \/>\n<meta property=\"article:publisher\" content=\"https:\/\/www.facebook.com\/profile.php?id=100086426226253\" \/>\n<meta property=\"og:image\" content=\"https:\/\/citygame.com\/wp-content\/blogs.dir\/1\/files\/2026\/02\/albania-llogara-pass-riviera-sunset.jpg\" \/>\n\t<meta property=\"og:image:width\" content=\"1376\" \/>\n\t<meta property=\"og:image:height\" content=\"768\" \/>\n\t<meta property=\"og:image:type\" content=\"image\/jpeg\" \/>\n<meta name=\"twitter:card\" content=\"summary_large_image\" \/>\n<script type=\"application\/ld+json\" class=\"yoast-schema-graph\">{\"@context\":\"https:\\\/\\\/schema.org\",\"@graph\":[{\"@type\":\"WebPage\",\"@id\":\"https:\\\/\\\/citygame.com\\\/it\\\/luoghi\\\/city-game-albania\\\/\",\"url\":\"https:\\\/\\\/citygame.com\\\/it\\\/luoghi\\\/city-game-albania\\\/\",\"name\":\"City Game Albania - City Game\",\"isPartOf\":{\"@id\":\"https:\\\/\\\/citygame.com\\\/it\\\/#website\"},\"primaryImageOfPage\":{\"@id\":\"https:\\\/\\\/citygame.com\\\/it\\\/luoghi\\\/city-game-albania\\\/#primaryimage\"},\"image\":{\"@id\":\"https:\\\/\\\/citygame.com\\\/it\\\/luoghi\\\/city-game-albania\\\/#primaryimage\"},\"thumbnailUrl\":\"https:\\\/\\\/citygame.com\\\/wp-content\\\/blogs.dir\\\/1\\\/files\\\/2026\\\/02\\\/albania-llogara-pass-riviera-sunset.jpg\",\"datePublished\":\"2026-04-22T04:11:33+00:00\",\"breadcrumb\":{\"@id\":\"https:\\\/\\\/citygame.com\\\/it\\\/luoghi\\\/city-game-albania\\\/#breadcrumb\"},\"inLanguage\":\"it-IT\",\"potentialAction\":[{\"@type\":\"ReadAction\",\"target\":[\"https:\\\/\\\/citygame.com\\\/it\\\/luoghi\\\/city-game-albania\\\/\"]}]},{\"@type\":\"ImageObject\",\"inLanguage\":\"it-IT\",\"@id\":\"https:\\\/\\\/citygame.com\\\/it\\\/luoghi\\\/city-game-albania\\\/#primaryimage\",\"url\":\"https:\\\/\\\/citygame.com\\\/wp-content\\\/blogs.dir\\\/1\\\/files\\\/2026\\\/02\\\/albania-llogara-pass-riviera-sunset.jpg\",\"contentUrl\":\"https:\\\/\\\/citygame.com\\\/wp-content\\\/blogs.dir\\\/1\\\/files\\\/2026\\\/02\\\/albania-llogara-pass-riviera-sunset.jpg\",\"width\":1376,\"height\":768,\"caption\":\"A scenic view from the winding coastal road of the Llogara Pass in Albania at sunset.\"},{\"@type\":\"BreadcrumbList\",\"@id\":\"https:\\\/\\\/citygame.com\\\/it\\\/luoghi\\\/city-game-albania\\\/#breadcrumb\",\"itemListElement\":[{\"@type\":\"ListItem\",\"position\":1,\"name\":\"Home\",\"item\":\"https:\\\/\\\/citygame.com\\\/it\\\/\"},{\"@type\":\"ListItem\",\"position\":2,\"name\":\"Luoghi\",\"item\":\"https:\\\/\\\/citygame.com\\\/it\\\/luoghi\\\/\"},{\"@type\":\"ListItem\",\"position\":3,\"name\":\"City Game Albania\"}]},{\"@type\":\"WebSite\",\"@id\":\"https:\\\/\\\/citygame.com\\\/it\\\/#website\",\"url\":\"https:\\\/\\\/citygame.com\\\/it\\\/\",\"name\":\"City Game\",\"description\":\"\",\"publisher\":{\"@id\":\"https:\\\/\\\/citygame.com\\\/it\\\/#organization\"},\"alternateName\":\"citygame.com\",\"potentialAction\":[{\"@type\":\"SearchAction\",\"target\":{\"@type\":\"EntryPoint\",\"urlTemplate\":\"https:\\\/\\\/citygame.com\\\/it\\\/?s={search_term_string}\"},\"query-input\":{\"@type\":\"PropertyValueSpecification\",\"valueRequired\":true,\"valueName\":\"search_term_string\"}}],\"inLanguage\":\"it-IT\"},{\"@type\":\"Organization\",\"@id\":\"https:\\\/\\\/citygame.com\\\/it\\\/#organization\",\"name\":\"City Game\",\"alternateName\":\"citygame.com\",\"url\":\"https:\\\/\\\/citygame.com\\\/it\\\/\",\"logo\":{\"@type\":\"ImageObject\",\"inLanguage\":\"it-IT\",\"@id\":\"https:\\\/\\\/citygame.com\\\/it\\\/#\\\/schema\\\/logo\\\/image\\\/\",\"url\":\"https:\\\/\\\/citygame.com\\\/wp-content\\\/blogs.dir\\\/1\\\/files\\\/2025\\\/10\\\/CG_LOGO-City-Game.png\",\"contentUrl\":\"https:\\\/\\\/citygame.com\\\/wp-content\\\/blogs.dir\\\/1\\\/files\\\/2025\\\/10\\\/CG_LOGO-City-Game.png\",\"width\":351,\"height\":377,\"caption\":\"City Game\"},\"image\":{\"@id\":\"https:\\\/\\\/citygame.com\\\/it\\\/#\\\/schema\\\/logo\\\/image\\\/\"},\"sameAs\":[\"https:\\\/\\\/www.facebook.com\\\/profile.php?id=100086426226253\",\"https:\\\/\\\/www.instagram.com\\\/citygame_com\",\"https:\\\/\\\/www.tiktok.com\\\/@citygamecom\\\/\",\"https:\\\/\\\/www.linkedin.com\\\/company\\\/citygame-com\"],\"description\":\"Turn any city into a playground with our interactive City Games and self-guided tours. Fun, flexible, and ideal for groups and team building.\"}]}<\/script>\n<!-- \/ Yoast SEO Premium plugin. -->","yoast_head_json":{"title":"City Game Albania - City Game","robots":{"index":"index","follow":"follow","max-snippet":"max-snippet:-1","max-image-preview":"max-image-preview:large","max-video-preview":"max-video-preview:-1"},"canonical":"https:\/\/citygame.com\/it\/luoghi\/city-game-albania\/","og_locale":"it_IT","og_type":"article","og_title":"City Game Albania","og_url":"https:\/\/citygame.com\/it\/luoghi\/city-game-albania\/","og_site_name":"City Game","article_publisher":"https:\/\/www.facebook.com\/profile.php?id=100086426226253","og_image":[{"width":1376,"height":768,"url":"https:\/\/citygame.com\/wp-content\/blogs.dir\/1\/files\/2026\/02\/albania-llogara-pass-riviera-sunset.jpg","type":"image\/jpeg"}],"twitter_card":"summary_large_image","schema":{"@context":"https:\/\/schema.org","@graph":[{"@type":"WebPage","@id":"https:\/\/citygame.com\/it\/luoghi\/city-game-albania\/","url":"https:\/\/citygame.com\/it\/luoghi\/city-game-albania\/","name":"City Game Albania - City Game","isPartOf":{"@id":"https:\/\/citygame.com\/it\/#website"},"primaryImageOfPage":{"@id":"https:\/\/citygame.com\/it\/luoghi\/city-game-albania\/#primaryimage"},"image":{"@id":"https:\/\/citygame.com\/it\/luoghi\/city-game-albania\/#primaryimage"},"thumbnailUrl":"https:\/\/citygame.com\/wp-content\/blogs.dir\/1\/files\/2026\/02\/albania-llogara-pass-riviera-sunset.jpg","datePublished":"2026-04-22T04:11:33+00:00","breadcrumb":{"@id":"https:\/\/citygame.com\/it\/luoghi\/city-game-albania\/#breadcrumb"},"inLanguage":"it-IT","potentialAction":[{"@type":"ReadAction","target":["https:\/\/citygame.com\/it\/luoghi\/city-game-albania\/"]}]},{"@type":"ImageObject","inLanguage":"it-IT","@id":"https:\/\/citygame.com\/it\/luoghi\/city-game-albania\/#primaryimage","url":"https:\/\/citygame.com\/wp-content\/blogs.dir\/1\/files\/2026\/02\/albania-llogara-pass-riviera-sunset.jpg","contentUrl":"https:\/\/citygame.com\/wp-content\/blogs.dir\/1\/files\/2026\/02\/albania-llogara-pass-riviera-sunset.jpg","width":1376,"height":768,"caption":"A scenic view from the winding coastal road of the Llogara Pass in Albania at sunset."},{"@type":"BreadcrumbList","@id":"https:\/\/citygame.com\/it\/luoghi\/city-game-albania\/#breadcrumb","itemListElement":[{"@type":"ListItem","position":1,"name":"Home","item":"https:\/\/citygame.com\/it\/"},{"@type":"ListItem","position":2,"name":"Luoghi","item":"https:\/\/citygame.com\/it\/luoghi\/"},{"@type":"ListItem","position":3,"name":"City Game Albania"}]},{"@type":"WebSite","@id":"https:\/\/citygame.com\/it\/#website","url":"https:\/\/citygame.com\/it\/","name":"City Game","description":"","publisher":{"@id":"https:\/\/citygame.com\/it\/#organization"},"alternateName":"citygame.com","potentialAction":[{"@type":"SearchAction","target":{"@type":"EntryPoint","urlTemplate":"https:\/\/citygame.com\/it\/?s={search_term_string}"},"query-input":{"@type":"PropertyValueSpecification","valueRequired":true,"valueName":"search_term_string"}}],"inLanguage":"it-IT"},{"@type":"Organization","@id":"https:\/\/citygame.com\/it\/#organization","name":"City Game","alternateName":"citygame.com","url":"https:\/\/citygame.com\/it\/","logo":{"@type":"ImageObject","inLanguage":"it-IT","@id":"https:\/\/citygame.com\/it\/#\/schema\/logo\/image\/","url":"https:\/\/citygame.com\/wp-content\/blogs.dir\/1\/files\/2025\/10\/CG_LOGO-City-Game.png","contentUrl":"https:\/\/citygame.com\/wp-content\/blogs.dir\/1\/files\/2025\/10\/CG_LOGO-City-Game.png","width":351,"height":377,"caption":"City Game"},"image":{"@id":"https:\/\/citygame.com\/it\/#\/schema\/logo\/image\/"},"sameAs":["https:\/\/www.facebook.com\/profile.php?id=100086426226253","https:\/\/www.instagram.com\/citygame_com","https:\/\/www.tiktok.com\/@citygamecom\/","https:\/\/www.linkedin.com\/company\/citygame-com"],"description":"Turn any city into a playground with our interactive City Games and self-guided tours. Fun, flexible, and ideal for groups and team building."}]}},"taxonomy_info":{"countries-only-parent-locations":[{"value":440,"label":"Europe"}],"cg_page_type":[{"value":44,"label":"Country overview page"}]},"featured_image_src_large":["https:\/\/citygame.com\/wp-content\/blogs.dir\/1\/files\/2026\/02\/albania-llogara-pass-riviera-sunset-1024x572.jpg",1024,572,true],"author_info":{"display_name":"Philip","author_link":"https:\/\/citygame.com\/it\/blog\/author\/sophi2\/"},"comment_info":0,"wpml_current_locale":"it_IT","wpml_translations":{"nl_NL":{"locale":"nl_NL","id":225710,"slug":"city-game-albania","post_title":"City Game Albania","href":"https:\/\/citygame.com\/nl\/locaties\/city-game-albania\/"},"en_US":{"locale":"en_US","id":12689,"slug":"albania","post_title":"City Game Albania","href":"https:\/\/citygame.com\/locations\/albania\/"},"fr_FR":{"locale":"fr_FR","id":225713,"slug":"city-game-albanie","post_title":"City Game Albanie","href":"https:\/\/citygame.com\/fr\/emplacements\/city-game-albanie\/"},"de_DE":{"locale":"de_DE","id":225711,"slug":"city-game-albanien","post_title":"City Game Albanien","href":"https:\/\/citygame.com\/de\/standorte\/city-game-albanien\/"},"it_IT":{"locale":"it_IT","translation":"current"},"es_ES":{"locale":"es_ES","id":225712,"slug":"city-game-albania","post_title":"City Game Albania","href":"https:\/\/citygame.com\/es\/localizaciones\/city-game-albania\/"}},"_links":{"self":[{"href":"https:\/\/citygame.com\/it\/wp-json\/wp\/v2\/pages\/225714","targetHints":{"allow":["GET"]}}],"collection":[{"href":"https:\/\/citygame.com\/it\/wp-json\/wp\/v2\/pages"}],"about":[{"href":"https:\/\/citygame.com\/it\/wp-json\/wp\/v2\/types\/page"}],"author":[{"embeddable":true,"href":"https:\/\/citygame.com\/it\/wp-json\/wp\/v2\/users\/78"}],"replies":[{"embeddable":true,"href":"https:\/\/citygame.com\/it\/wp-json\/wp\/v2\/comments?post=225714"}],"version-history":[{"count":0,"href":"https:\/\/citygame.com\/it\/wp-json\/wp\/v2\/pages\/225714\/revisions"}],"up":[{"embeddable":true,"href":"https:\/\/citygame.com\/it\/wp-json\/wp\/v2\/pages\/225502"}],"acf:term":[{"embeddable":true,"taxonomy":"cities-only-parent-location","href":"https:\/\/citygame.com\/it\/wp-json\/wp\/v2\/cities-only-parent-location\/508"}],"wp:featuredmedia":[{"embeddable":true,"href":"https:\/\/citygame.com\/it\/wp-json\/wp\/v2\/media\/12684"}],"wp:attachment":[{"href":"https:\/\/citygame.com\/it\/wp-json\/wp\/v2\/media?parent=225714"}],"wp:term":[{"taxonomy":"cities-only-parent-location","embeddable":true,"href":"https:\/\/citygame.com\/it\/wp-json\/wp\/v2\/cities-only-parent-location?post=225714"},{"taxonomy":"countries-only-parent-locations","embeddable":true,"href":"https:\/\/citygame.com\/it\/wp-json\/wp\/v2\/countries-only-parent-locations?post=225714"},{"taxonomy":"seo_keyword","embeddable":true,"href":"https:\/\/citygame.com\/it\/wp-json\/wp\/v2\/seo_keyword?post=225714"},{"taxonomy":"cg_page_type","embeddable":true,"href":"https:\/\/citygame.com\/it\/wp-json\/wp\/v2\/cg_page_type?post=225714"}],"curies":[{"name":"wp","href":"https:\/\/api.w.org\/{rel}","templated":true}]}}