{"id":225724,"date":"2026-04-22T04:41:37","date_gmt":"2026-04-22T04:41:37","guid":{"rendered":"https:\/\/citygame.com\/locations\/city-game-austria\/"},"modified":"2026-04-22T04:41:37","modified_gmt":"2026-04-22T04:41:37","slug":"city-game-austria","status":"publish","type":"page","link":"https:\/\/citygame.com\/it\/luoghi\/city-game-austria\/","title":{"rendered":"City Game Austria"},"content":{"rendered":"","protected":false},"excerpt":{"rendered":"","protected":false},"author":78,"featured_media":5033,"parent":225502,"menu_order":0,"comment_status":"closed","ping_status":"closed","template":"","meta":{"_acf_changed":false,"_yoast_wpseo_focuskw":"City Game Austria","_yoast_wpseo_metadesc":"","_kad_blocks_custom_css":"","_kad_blocks_head_custom_js":"","_kad_blocks_body_custom_js":"","_kad_blocks_footer_custom_js":"","_kad_post_transparent":"","_kad_post_title":"","_kad_post_layout":"","_kad_post_sidebar_id":"","_kad_post_content_style":"","_kad_post_vertical_padding":"","_kad_post_feature":"","_kad_post_feature_position":"","_kad_post_header":false,"_kad_post_footer":false,"_kad_post_classname":"","footnotes":""},"cities-only-parent-location":[],"countries-only-parent-locations":[440],"seo_keyword":[],"cg_page_type":[44],"class_list":["post-225724","page","type-page","status-publish","has-post-thumbnail","hentry","countries-only-parent-locations-europe","cg_page_type-country-overview-page"],"acf":{"country_name":"Austria","intro_text":"Gioca ai City Games interattivi in tutta l'Austria e scopri le citt\u00e0 in modo divertente e coinvolgente. Risolvi enigmi, completa sfide ed esplora i punti salienti oltre alle gemme nascoste. Tutti i City Games sono autoguidati e giocabili sul tuo smartphone, quando vuoi.","intro_image":5035,"how_city_games_work_image":5037,"who_are_city_games_for_image":5043,"exploring_country_text":"Le citt\u00e0 dell'Austria combinano un forte senso dell'ordine con un'atmosfera calma e vissuta. Le strade sono spesso ben strutturate e gli spazi pubblici attentamente disposti, rendendo facile orientarsi a piedi o con i mezzi pubblici. Densi ma non opprimenti, molti centri urbani austriaci incoraggiano uno spostamento a un ritmo confortevole, con centri percorribili che mettono la vita quotidiana in vista.\n\nGli ambienti urbani in tutto il paese bilanciano formalit\u00e0 e accessibilit\u00e0. Dai quartieri residenziali alle piazze centrali, le citt\u00e0 invitano all'esplorazione attraverso design pulito e un ritmo stabile di attivit\u00e0 quotidiana. Negozi piccoli, caff\u00e8 tranquilli e mercati locali emergono in molte aree, sostenendo un senso di routine e familiarit\u00e0 anche in contesti urbani pi\u00f9 grandi.\n\nIl carattere delle citt\u00e0 austriache varia dallo sfarzoso e strutturato dei suoi grandi centri al passo pi\u00f9 lento dei suoi centri pi\u00f9 piccoli. Ogni area urbana offre un'impressione distinta plasmata dalle usanze locali, dall'architettura e dalla disposizione. Questa variet\u00e0 crea un'esperienza a strati che riflette sia l'identit\u00e0 regionale sia un approccio nazionale condiviso allo stile di vita in citt\u00e0.","exploring_country_image":5048,"faq_answer_1":"City Games sono disponibili in diverse citt\u00e0 in Austria, offrendo esperienze sia nei grandi centri urbani sia nei piccoli centri. Puoi trovare City Games in localit\u00e0 come Vienna, Salisburgo e Klagenfurt.\n\nLa disponibilit\u00e0 va oltre queste citt\u00e0, con giochi offerti in varie regioni del paese.","select_country":473,"intro_h2_city_games_in_country":"City Games in Austria","intro_usp_1":"1,5-2 ore di gioco","intro_usp_2":"Distanza a piedi di 3-4 km","intro_usp_3":"Inizia, metti in pausa e riprendi quando vuoi","intro_usp_4":"1-4 o 2-5 persone per smartphone, a seconda del gioco","intro_usp_5":"Gioca in autonomia","intro_usp_6":"Connessione a Internet richiesta","intro_text_2":"Scegli la tua citt\u00e0 e inizia a giocare oggi!","intro_cta":"Verifica tutte le localit\u00e0","section_2_h2_choose_your_city_in_country":"Scegli la tua citt\u00e0 in Austria","section_2_text_1":"City Games sono disponibili in citt\u00e0 in tutta l'Austria. Scegli una citt\u00e0 qui sotto per vedere quali City Games puoi giocare l\u00ec.","section_3_h2_all_city_game_locations_in_country":"Tutte le sedi di City Game in Austria","section_4_h2_how_city_games_work_in_country":"Come funzionano City Games in Austria","section_4_text_1":"City Games in Austria sono esperienze completamente autoguidate che ti permettono di esplorare una citt\u00e0 al tuo ritmo.","section_4_text_2":"Scegli semplicemente la tua citt\u00e0 e il gioco, segui le istruzioni sul tuo smartphone e inizia a giocare quando ti \u00e8 comodo.","section_4_usp_1":"Gioca in squadre di amici, familiari o colleghi","section_4_usp_2":"Inizia quando vuoi, non serve una guida o personale","section_4_usp_3":"Usa il tuo smartphone o tablet","section_4_usp_4":"Vai per la citt\u00e0 mentre risolvi enigmi e sfide","section_4_usp_5":"Impara curiosit\u00e0 sulla storia, cultura e luoghi di riferimento","section_4_usp_6":"Disponibile in pi\u00f9 lingue","section_4_cta":"Scegli la tua citt\u00e0","section_4_step_1":"Prenota il tuo City Game","section_4_step_1_title":"Prenota il tuo City Game","section_4_step_1_text":"Scegli la tua citt\u00e0 e il gioco e ricevi tutto immediatamente dopo la prenotazione.","section_4_step_2":"Step 2","section_4_step_2_title":"Check your instructions","section_4_step_2_text":"Apri l'email con le istruzioni contenente il punto di partenza e come iniziare a giocare.","section_4_step_3":"Step 3","section_4_step_3_title":"Go to the starting location","section_4_step_3_text":"Raggiungi il punto di partenza quando vuoi, senza orari fissi.","section_4_step_4":"4","section_4_step_4_title":"Step 4","section_4_step_4_text":"Segui gli indizi, risolvi enigmi e esplora la citt\u00e0 al tuo ritmo!","section_5_h2_city_game_concepts_in_country":"City Game Concepts in Austria","section_5_secrets_title":"Secrets of Exploration Game","section_5_secrets_text":"Discover cities in a fun and interactive way with the Secrets of Exploration City Game. Solve puzzles, complete creative challenges and uncover both famous highlights and hidden places. Along the way, you\u2019ll learn surprising facts about history, culture and local stories while playing at your own pace.","section_5_syndicate_title":"The Syndicate City Escape Game","section_5_syndicate_text":"Step into a thrilling city escape adventure with The Syndicate. Work together as a team to solve riddles, crack codes and recover stolen formulas before time runs out. This story-driven City Game focuses on teamwork, problem-solving and immersive gameplay in an urban setting.","section_5_sherlock_title":"Sherlock Holmes Murder Mystery","section_5_sherlock_text":"Solve an interactive murder mystery in the Sherlock Holmes City Game. Follow a gripping storyline, investigate suspects and collect clues to uncover the truth behind a mysterious case. The city forms an atmospheric backdrop for the story, allowing you to fully focus on deduction, logic and teamwork.","hours":"hours","concepts_cta":"Read more about this game","section_5_text_2":"Each concept is available in multiple cities in Austria","section_5_cta":"Explore all City Games","section_6_h2_who_are_city_games_in_country_for":"Who are City Games in Austria For?","section_6_text":"City Games in Austria are suitable for:","section_6_usp_1":"Solo players or small groups looking for a flexible adventure","section_6_usp_2":"Tourists exploring cities in Austria","section_6_usp_3":"Friends and families looking for a fun activity","section_6_usp_4":"Companies and teams planning a teambuilding event","section_6_usp_5":"Choose your city","section_6_cta":"Choose your city","section_7_h2_exploring_country":"Esplorare l'Austria","section_8_h2_hosted_games":"Your favourite City Games, professionally hosted by our team","section_8_text":"Goditi gli stessi City Games della versione autoguidata, ma con pieno supporto in loco dai nostri host professionisti. Ci occupiamo del briefing, dei tablet, della coordinazione e del supporto tecnico, cos\u00ec il tuo gruppo pu\u00f2 concentrarsi interamente sul divertimento e sulla competizione.","section_8_text_2":"Affidati a team in tutto il mondo, dai piccoli gruppi a grandi eventi aziendali.","section_8_usp_1_title":"Stesso City Game, completamente ospitato","section_8_usp_1_text":"Vivi la stessa esperienza del nostro City Game autoguidato, ora guidata dai nostri host.","section_8_usp_2_title":"Classifica in tempo reale & cerimonia di premi","section_8_usp_2_text":"Per gruppi pi\u00f9 grandi, i nostri host rivelano i punteggi finali e annunciano la squadra vincente con un momento di premiazione divertente.","section_8_usp_3_title":"Avvio e chiusura ospitati","section_8_usp_3_text":"Le citt\u00e0 austriache combinano un forte senso dell'ordine con un'atmosfera calma, vissuta. Le strade sono spesso ben strutturate e gli spazi pubblici organizzati con cura, rendendo facile orientarsi a piedi o con i mezzi pubblici. Densi ma non opprimenti, molti centri urbani austriaci incoraggiano uno spostamento a un ritmo confortevole, con centri pedonali che portano la vita quotidiana in vista.\n\nGli ambienti urbani in tutto il paese bilanciano formalit\u00e0 e accessibilit\u00e0. Dai quartieri residenziali alle piazze centrali, le citt\u00e0 invitano all'esplorazione tramite design pulito e un ritmo costante di attivit\u00e0 quotidiana. Negozi piccoli, caff\u00e8 tranquilli e mercati locali emergono in molte aree, sostenendo un senso di routine e familiarit\u00e0 anche in contesti urbani pi\u00f9 grandi.\n\nIl carattere delle citt\u00e0 austriache varia dallo sfarzoso e strutturato dei suoi grandi centri al passo pi\u00f9 lento dei suoi centri pi\u00f9 piccoli. Ogni area urbana offre un'impressione distinta plasmata dalle usanze locali, dall'architettura e dalla disposizione. Questa variet\u00e0 crea un'esperienza a strati che riflette sia l'identit\u00e0 regionale sia un approccio nazionale condiviso alla vita in citt\u00e0.","section_8_usp_4_title":"Real-time support during the game","section_8_usp_4_text":"Il nostro team assiste con dispositivi, problemi dell'app e coordinazione durante l'esperienza.","section_8_usp_5_title":"Tablets included (optional)","section_8_usp_5_text":"Disponibile per gruppi che preferiscono usare i nostri dispositivi invece dei propri.","section_8_cta":"Plan your group event","section_9_h2_reviews":"Cosa ne pensano gli altri dei nostri City Games","section_9_cta_1":"Tutte le recensioni","section_9_cta_2":"Scrivi una recensione","section_10_h2_faq":"Hai domande? Abbiamo risposte!","section_10_text":"Dai un'occhiata alle nostre domande frequenti e scopri tutto ci\u00f2 che vuoi sapere. Se la tua domanda non \u00e8 presente, non esitare a contattarci.","section_10_cta_1":"Visualizza tutte le domande frequenti","section_10_cta_2":"Richiedi supporto","section_10_question_1":"In quali citt\u00e0 dell'Austria posso giocare a City Game?","section_10_question_2":"Ho bisogno di una guida per giocare a City Game?","section_10_answer_2":"No, tutti City Games sono <strong>completamente autoguidati<\/strong>! Non serve una guida o uno staff per giocare. Dopo aver prenotato, riceverai chiare istruzioni sul tuo smartphone e potrai iniziare non appena ti \u00e8 possibile.\r\n\r\nPer gruppi numerosi o eventi aziendali \u00e8 disponibile anche una versione completamente ospitata dei nostri City Games, inclusa guida in loco, tablet e supporto live.\r\n\r\nPianificare un gruppo numeroso o un evento aziendale?","section_10_answer_2_cta":"Esplora l'esperienza City Game ospitata per gruppi","section_10_question_3":"Quanto tempo richiede un City Game?","section_10_answer_3":"La maggior parte dei City Games richiede <strong>circa 1,5-2 ore<\/strong> per essere completata. Ci\u00f2 include camminare per la citt\u00e0, risolvere enigmi e svolgere le sfide lungo il percorso. Puoi giocare completamente al tuo ritmo: non c'\u00e8 fretta di tempo e nessun orario rigido.\r\n\r\nSentiti libero di fare pause, mettere in pausa il gioco per un drink o pranzo, e continuare quando vuoi. Questa flessibilit\u00e0 rende City Games ideale da combinare con visite turistiche o altre attivit\u00e0.","section_10_question_4":"I City Games sono disponibili in pi\u00f9 lingue?","section_10_answer_4":"S\u00ec, i City Games sono <strong> disponibili in pi\u00f9 lingue<\/strong>. La maggior parte dei giochi pu\u00f2 essere giocata in diverse lingue comunemente usate, rendendoli adatti a visitatori internazionali e gruppi multilingue.\r\n\r\nLe lingue disponibili possono variare leggermente da gioco a gioco, ma la selezione della lingua \u00e8 sempre chiaramente mostrata prima di iniziare a giocare. Questo permette a ogni team di scegliere la lingua che preferisce, assicurando un'esperienza fluida e piacevole per tutti.","section_10_question_5":"Possiamo giocare con un gruppo numeroso?","section_10_answer_5":"S\u00ec, i City Games sono <strong>adatti sia per piccoli gruppi sia per team pi\u00f9 grandi<\/strong>. Grandi gruppi possono facilmente suddividersi in squadre pi\u00f9 piccole e giocare al City Game contemporaneamente, utilizzando pi\u00f9 smartphone. Ogni squadra gioca in modo indipendente, seguendo lo stesso concept di gioco e la stessa trama.\r\n\r\nQuesto setup funziona bene per gruppi di amici, famiglie e aziende e rende i City Games una scelta popolare per uscite di gruppo, eventi e attivit\u00e0 di teambuilding.\r\n\r\nPer gruppi pi\u00f9 numerosi o eventi aziendali, \u00e8 disponibile anche una versione completamente ospitata dei nostri City Games, inclusa guida in loco, tablet e supporto live.\r\n\r\nPianificare un gruppo numeroso o un evento aziendale?","section_10_answer_5_cta":"Esplora l'esperienza City Game ospitata per gruppi","section_10_question_6":"Quand o possiamo iniziare a giocare a City Game?","section_10_answer_6":"Puoi iniziare a giocare <strong>quando ti \u00e8 possibile<\/strong>! I City Games non hanno un orario di inizio fisso, quindi puoi iniziare in un momento che si adatta al tuo programma.\r\n\r\nDopo la prenotazione, ricevi istruzioni chiare via email, che ti permettono di iniziare il gioco in modo indipendente senza nessuna prenotazione o coordinazione con lo staff.\r\n\r\nQuesta flessibilit\u00e0 rende i City Games ideali per associarli a piani di viaggio, visite turistiche, pranzo o altre attivit\u00e0 durante la giornata.","section_11_h2_instagram":"Vedi di pi\u00f9 su Instagram","section_11_text":"Pronto per un'avventura indimenticabile in Austria","section_11_cta":"Seguici su Instagram","section_12_h2_page_ending":"Pronto per un'avventura indimenticabile in Austria","section_12_text":"Esplora le citt\u00e0 d'Austria in modo unico e interattivo con i nostri City Games. Gioca oggi e crea ricordi duraturi!","section_12_cta":"Prenota ora il tuo City Game!"},"yoast_head":"<!-- This site is optimized with the Yoast SEO Premium plugin v26.2 (Yoast SEO v27.4) - https:\/\/yoast.com\/product\/yoast-seo-premium-wordpress\/ -->\n<title>City Game Austria - City Game<\/title>\n<meta name=\"robots\" content=\"index, follow, max-snippet:-1, max-image-preview:large, max-video-preview:-1\" \/>\n<link rel=\"canonical\" href=\"https:\/\/citygame.com\/it\/luoghi\/city-game-austria\/\" \/>\n<meta property=\"og:locale\" content=\"it_IT\" \/>\n<meta property=\"og:type\" content=\"article\" \/>\n<meta property=\"og:title\" content=\"City Game Austria\" \/>\n<meta property=\"og:url\" content=\"https:\/\/citygame.com\/it\/luoghi\/city-game-austria\/\" \/>\n<meta property=\"og:site_name\" content=\"City Game\" \/>\n<meta property=\"article:publisher\" content=\"https:\/\/www.facebook.com\/profile.php?id=100086426226253\" \/>\n<meta property=\"og:image\" content=\"https:\/\/citygame.com\/wp-content\/blogs.dir\/1\/files\/2026\/01\/austria-hallstatt-village-lake-mountains.jpg\" \/>\n\t<meta property=\"og:image:width\" content=\"1376\" \/>\n\t<meta property=\"og:image:height\" content=\"768\" \/>\n\t<meta property=\"og:image:type\" content=\"image\/jpeg\" \/>\n<meta name=\"twitter:card\" content=\"summary_large_image\" \/>\n<script type=\"application\/ld+json\" class=\"yoast-schema-graph\">{\"@context\":\"https:\\\/\\\/schema.org\",\"@graph\":[{\"@type\":\"WebPage\",\"@id\":\"https:\\\/\\\/citygame.com\\\/it\\\/luoghi\\\/city-game-austria\\\/\",\"url\":\"https:\\\/\\\/citygame.com\\\/it\\\/luoghi\\\/city-game-austria\\\/\",\"name\":\"City Game Austria - City Game\",\"isPartOf\":{\"@id\":\"https:\\\/\\\/citygame.com\\\/it\\\/#website\"},\"primaryImageOfPage\":{\"@id\":\"https:\\\/\\\/citygame.com\\\/it\\\/luoghi\\\/city-game-austria\\\/#primaryimage\"},\"image\":{\"@id\":\"https:\\\/\\\/citygame.com\\\/it\\\/luoghi\\\/city-game-austria\\\/#primaryimage\"},\"thumbnailUrl\":\"https:\\\/\\\/citygame.com\\\/wp-content\\\/blogs.dir\\\/1\\\/files\\\/2026\\\/01\\\/austria-hallstatt-village-lake-mountains.jpg\",\"datePublished\":\"2026-04-22T04:41:37+00:00\",\"breadcrumb\":{\"@id\":\"https:\\\/\\\/citygame.com\\\/it\\\/luoghi\\\/city-game-austria\\\/#breadcrumb\"},\"inLanguage\":\"it-IT\",\"potentialAction\":[{\"@type\":\"ReadAction\",\"target\":[\"https:\\\/\\\/citygame.com\\\/it\\\/luoghi\\\/city-game-austria\\\/\"]}]},{\"@type\":\"ImageObject\",\"inLanguage\":\"it-IT\",\"@id\":\"https:\\\/\\\/citygame.com\\\/it\\\/luoghi\\\/city-game-austria\\\/#primaryimage\",\"url\":\"https:\\\/\\\/citygame.com\\\/wp-content\\\/blogs.dir\\\/1\\\/files\\\/2026\\\/01\\\/austria-hallstatt-village-lake-mountains.jpg\",\"contentUrl\":\"https:\\\/\\\/citygame.com\\\/wp-content\\\/blogs.dir\\\/1\\\/files\\\/2026\\\/01\\\/austria-hallstatt-village-lake-mountains.jpg\",\"width\":1376,\"height\":768,\"caption\":\"The scenic village of Hallstatt sits on the edge of its lake, surrounded by the Austrian Alps at golden hour.\"},{\"@type\":\"BreadcrumbList\",\"@id\":\"https:\\\/\\\/citygame.com\\\/it\\\/luoghi\\\/city-game-austria\\\/#breadcrumb\",\"itemListElement\":[{\"@type\":\"ListItem\",\"position\":1,\"name\":\"Home\",\"item\":\"https:\\\/\\\/citygame.com\\\/it\\\/\"},{\"@type\":\"ListItem\",\"position\":2,\"name\":\"Luoghi\",\"item\":\"https:\\\/\\\/citygame.com\\\/it\\\/luoghi\\\/\"},{\"@type\":\"ListItem\",\"position\":3,\"name\":\"City Game Austria\"}]},{\"@type\":\"WebSite\",\"@id\":\"https:\\\/\\\/citygame.com\\\/it\\\/#website\",\"url\":\"https:\\\/\\\/citygame.com\\\/it\\\/\",\"name\":\"City Game\",\"description\":\"\",\"publisher\":{\"@id\":\"https:\\\/\\\/citygame.com\\\/it\\\/#organization\"},\"alternateName\":\"citygame.com\",\"potentialAction\":[{\"@type\":\"SearchAction\",\"target\":{\"@type\":\"EntryPoint\",\"urlTemplate\":\"https:\\\/\\\/citygame.com\\\/it\\\/?s={search_term_string}\"},\"query-input\":{\"@type\":\"PropertyValueSpecification\",\"valueRequired\":true,\"valueName\":\"search_term_string\"}}],\"inLanguage\":\"it-IT\"},{\"@type\":\"Organization\",\"@id\":\"https:\\\/\\\/citygame.com\\\/it\\\/#organization\",\"name\":\"City Game\",\"alternateName\":\"citygame.com\",\"url\":\"https:\\\/\\\/citygame.com\\\/it\\\/\",\"logo\":{\"@type\":\"ImageObject\",\"inLanguage\":\"it-IT\",\"@id\":\"https:\\\/\\\/citygame.com\\\/it\\\/#\\\/schema\\\/logo\\\/image\\\/\",\"url\":\"https:\\\/\\\/citygame.com\\\/wp-content\\\/blogs.dir\\\/1\\\/files\\\/2025\\\/10\\\/CG_LOGO-City-Game.png\",\"contentUrl\":\"https:\\\/\\\/citygame.com\\\/wp-content\\\/blogs.dir\\\/1\\\/files\\\/2025\\\/10\\\/CG_LOGO-City-Game.png\",\"width\":351,\"height\":377,\"caption\":\"City Game\"},\"image\":{\"@id\":\"https:\\\/\\\/citygame.com\\\/it\\\/#\\\/schema\\\/logo\\\/image\\\/\"},\"sameAs\":[\"https:\\\/\\\/www.facebook.com\\\/profile.php?id=100086426226253\",\"https:\\\/\\\/www.instagram.com\\\/citygame_com\",\"https:\\\/\\\/www.tiktok.com\\\/@citygamecom\\\/\",\"https:\\\/\\\/www.linkedin.com\\\/company\\\/citygame-com\"],\"description\":\"Turn any city into a playground with our interactive City Games and self-guided tours. Fun, flexible, and ideal for groups and team building.\"}]}<\/script>\n<!-- \/ Yoast SEO Premium plugin. -->","yoast_head_json":{"title":"City Game Austria - City Game","robots":{"index":"index","follow":"follow","max-snippet":"max-snippet:-1","max-image-preview":"max-image-preview:large","max-video-preview":"max-video-preview:-1"},"canonical":"https:\/\/citygame.com\/it\/luoghi\/city-game-austria\/","og_locale":"it_IT","og_type":"article","og_title":"City Game Austria","og_url":"https:\/\/citygame.com\/it\/luoghi\/city-game-austria\/","og_site_name":"City Game","article_publisher":"https:\/\/www.facebook.com\/profile.php?id=100086426226253","og_image":[{"width":1376,"height":768,"url":"https:\/\/citygame.com\/wp-content\/blogs.dir\/1\/files\/2026\/01\/austria-hallstatt-village-lake-mountains.jpg","type":"image\/jpeg"}],"twitter_card":"summary_large_image","schema":{"@context":"https:\/\/schema.org","@graph":[{"@type":"WebPage","@id":"https:\/\/citygame.com\/it\/luoghi\/city-game-austria\/","url":"https:\/\/citygame.com\/it\/luoghi\/city-game-austria\/","name":"City Game Austria - City Game","isPartOf":{"@id":"https:\/\/citygame.com\/it\/#website"},"primaryImageOfPage":{"@id":"https:\/\/citygame.com\/it\/luoghi\/city-game-austria\/#primaryimage"},"image":{"@id":"https:\/\/citygame.com\/it\/luoghi\/city-game-austria\/#primaryimage"},"thumbnailUrl":"https:\/\/citygame.com\/wp-content\/blogs.dir\/1\/files\/2026\/01\/austria-hallstatt-village-lake-mountains.jpg","datePublished":"2026-04-22T04:41:37+00:00","breadcrumb":{"@id":"https:\/\/citygame.com\/it\/luoghi\/city-game-austria\/#breadcrumb"},"inLanguage":"it-IT","potentialAction":[{"@type":"ReadAction","target":["https:\/\/citygame.com\/it\/luoghi\/city-game-austria\/"]}]},{"@type":"ImageObject","inLanguage":"it-IT","@id":"https:\/\/citygame.com\/it\/luoghi\/city-game-austria\/#primaryimage","url":"https:\/\/citygame.com\/wp-content\/blogs.dir\/1\/files\/2026\/01\/austria-hallstatt-village-lake-mountains.jpg","contentUrl":"https:\/\/citygame.com\/wp-content\/blogs.dir\/1\/files\/2026\/01\/austria-hallstatt-village-lake-mountains.jpg","width":1376,"height":768,"caption":"The scenic village of Hallstatt sits on the edge of its lake, surrounded by the Austrian Alps at golden hour."},{"@type":"BreadcrumbList","@id":"https:\/\/citygame.com\/it\/luoghi\/city-game-austria\/#breadcrumb","itemListElement":[{"@type":"ListItem","position":1,"name":"Home","item":"https:\/\/citygame.com\/it\/"},{"@type":"ListItem","position":2,"name":"Luoghi","item":"https:\/\/citygame.com\/it\/luoghi\/"},{"@type":"ListItem","position":3,"name":"City Game Austria"}]},{"@type":"WebSite","@id":"https:\/\/citygame.com\/it\/#website","url":"https:\/\/citygame.com\/it\/","name":"City Game","description":"","publisher":{"@id":"https:\/\/citygame.com\/it\/#organization"},"alternateName":"citygame.com","potentialAction":[{"@type":"SearchAction","target":{"@type":"EntryPoint","urlTemplate":"https:\/\/citygame.com\/it\/?s={search_term_string}"},"query-input":{"@type":"PropertyValueSpecification","valueRequired":true,"valueName":"search_term_string"}}],"inLanguage":"it-IT"},{"@type":"Organization","@id":"https:\/\/citygame.com\/it\/#organization","name":"City Game","alternateName":"citygame.com","url":"https:\/\/citygame.com\/it\/","logo":{"@type":"ImageObject","inLanguage":"it-IT","@id":"https:\/\/citygame.com\/it\/#\/schema\/logo\/image\/","url":"https:\/\/citygame.com\/wp-content\/blogs.dir\/1\/files\/2025\/10\/CG_LOGO-City-Game.png","contentUrl":"https:\/\/citygame.com\/wp-content\/blogs.dir\/1\/files\/2025\/10\/CG_LOGO-City-Game.png","width":351,"height":377,"caption":"City Game"},"image":{"@id":"https:\/\/citygame.com\/it\/#\/schema\/logo\/image\/"},"sameAs":["https:\/\/www.facebook.com\/profile.php?id=100086426226253","https:\/\/www.instagram.com\/citygame_com","https:\/\/www.tiktok.com\/@citygamecom\/","https:\/\/www.linkedin.com\/company\/citygame-com"],"description":"Turn any city into a playground with our interactive City Games and self-guided tours. Fun, flexible, and ideal for groups and team building."}]}},"taxonomy_info":{"countries-only-parent-locations":[{"value":440,"label":"Europe"}],"cg_page_type":[{"value":44,"label":"Country overview page"}]},"featured_image_src_large":["https:\/\/citygame.com\/wp-content\/blogs.dir\/1\/files\/2026\/01\/austria-hallstatt-village-lake-mountains-1024x572.jpg",1024,572,true],"author_info":{"display_name":"Philip","author_link":"https:\/\/citygame.com\/it\/blog\/author\/sophi2\/"},"comment_info":0,"wpml_current_locale":"it_IT","wpml_translations":{"nl_NL":{"locale":"nl_NL","id":225720,"slug":"city-game-austria","post_title":"City Game Austria","href":"https:\/\/citygame.com\/nl\/locaties\/city-game-austria\/"},"en_US":{"locale":"en_US","id":5050,"slug":"austria","post_title":"City Game Austria","href":"https:\/\/citygame.com\/locations\/austria\/"},"fr_FR":{"locale":"fr_FR","id":225723,"slug":"city-game-autriche","post_title":"City Game Autriche","href":"https:\/\/citygame.com\/fr\/emplacements\/city-game-autriche\/"},"de_DE":{"locale":"de_DE","id":225721,"slug":"city-game-austria","post_title":"City Game Austria","href":"https:\/\/citygame.com\/de\/standorte\/city-game-austria\/"},"it_IT":{"locale":"it_IT","translation":"current"},"es_ES":{"locale":"es_ES","id":225722,"slug":"city-game-austria","post_title":"City Game Austria","href":"https:\/\/citygame.com\/es\/localizaciones\/city-game-austria\/"}},"_links":{"self":[{"href":"https:\/\/citygame.com\/it\/wp-json\/wp\/v2\/pages\/225724","targetHints":{"allow":["GET"]}}],"collection":[{"href":"https:\/\/citygame.com\/it\/wp-json\/wp\/v2\/pages"}],"about":[{"href":"https:\/\/citygame.com\/it\/wp-json\/wp\/v2\/types\/page"}],"author":[{"embeddable":true,"href":"https:\/\/citygame.com\/it\/wp-json\/wp\/v2\/users\/78"}],"replies":[{"embeddable":true,"href":"https:\/\/citygame.com\/it\/wp-json\/wp\/v2\/comments?post=225724"}],"version-history":[{"count":0,"href":"https:\/\/citygame.com\/it\/wp-json\/wp\/v2\/pages\/225724\/revisions"}],"up":[{"embeddable":true,"href":"https:\/\/citygame.com\/it\/wp-json\/wp\/v2\/pages\/225502"}],"acf:term":[{"embeddable":true,"taxonomy":"cities-only-parent-location","href":"https:\/\/citygame.com\/it\/wp-json\/wp\/v2\/cities-only-parent-location\/473"}],"wp:featuredmedia":[{"embeddable":true,"href":"https:\/\/citygame.com\/it\/wp-json\/wp\/v2\/media\/5033"}],"wp:attachment":[{"href":"https:\/\/citygame.com\/it\/wp-json\/wp\/v2\/media?parent=225724"}],"wp:term":[{"taxonomy":"cities-only-parent-location","embeddable":true,"href":"https:\/\/citygame.com\/it\/wp-json\/wp\/v2\/cities-only-parent-location?post=225724"},{"taxonomy":"countries-only-parent-locations","embeddable":true,"href":"https:\/\/citygame.com\/it\/wp-json\/wp\/v2\/countries-only-parent-locations?post=225724"},{"taxonomy":"seo_keyword","embeddable":true,"href":"https:\/\/citygame.com\/it\/wp-json\/wp\/v2\/seo_keyword?post=225724"},{"taxonomy":"cg_page_type","embeddable":true,"href":"https:\/\/citygame.com\/it\/wp-json\/wp\/v2\/cg_page_type?post=225724"}],"curies":[{"name":"wp","href":"https:\/\/api.w.org\/{rel}","templated":true}]}}