{"id":225729,"date":"2026-04-22T04:56:37","date_gmt":"2026-04-22T04:56:37","guid":{"rendered":"https:\/\/citygame.com\/locations\/city-game-belgium\/"},"modified":"2026-04-22T04:56:37","modified_gmt":"2026-04-22T04:56:37","slug":"city-game-belgium","status":"publish","type":"page","link":"https:\/\/citygame.com\/it\/luoghi\/city-game-belgium\/","title":{"rendered":"City Game Belgium"},"content":{"rendered":"","protected":false},"excerpt":{"rendered":"","protected":false},"author":78,"featured_media":5600,"parent":225502,"menu_order":0,"comment_status":"closed","ping_status":"closed","template":"","meta":{"_acf_changed":false,"_yoast_wpseo_focuskw":"City Game Belgium","_yoast_wpseo_metadesc":"","_kad_blocks_custom_css":"","_kad_blocks_head_custom_js":"","_kad_blocks_body_custom_js":"","_kad_blocks_footer_custom_js":"","_kad_post_transparent":"","_kad_post_title":"","_kad_post_layout":"","_kad_post_sidebar_id":"","_kad_post_content_style":"","_kad_post_vertical_padding":"","_kad_post_feature":"","_kad_post_feature_position":"","_kad_post_header":false,"_kad_post_footer":false,"_kad_post_classname":"","footnotes":""},"cities-only-parent-location":[],"countries-only-parent-locations":[440],"seo_keyword":[],"cg_page_type":[44],"class_list":["post-225729","page","type-page","status-publish","has-post-thumbnail","hentry","countries-only-parent-locations-europe","cg_page_type-country-overview-page"],"acf":{"country_name":"Belgium","intro_text":"Gioca a City Games interattivi in Belgio e scopri le citt\u00e0 in modo divertente e coinvolgente. Risolvi enigmi, completa sfide ed esplora punti di interesse e gemme nascoste. Tutti i City Games sono autoguidati e giocabili sul tuo smartphone, quando vuoi.","intro_image":5605,"how_city_games_work_image":5611,"who_are_city_games_for_image":5619,"exploring_country_text":"Il paesaggio urbano del Belgio \u00e8 definito da una rete variegata di citt\u00e0 di medie dimensioni, ciascuna con il proprio ritmo e layout spaziale. Molte citt\u00e0 belghe hanno nuclei storici compatti che sono facili da percorrere a piedi, spesso circondati da estensioni moderne che riflettono stili di vita pi\u00f9 contemporanei. Camminare in queste aree urbane rivela una fusione di vecchio e nuovo, dove le abitudini locali si svolgono in mercati, caff\u00e8 e tranquille vie laterali.\n\nLa vita cittadina in Belgio tende a ruotare attorno a spazi pubblici ben collegati, con zone pedonali, piazze e linee tranviarie che modellano come le persone si muovono tra i propri dintorni. La percorribilit\u00e0 \u00e8 una caratteristica costante, supportata da layout densi e infrastrutture accessibili che supportano sia le commissioni quotidiane sia l'esplorazione ricreativa. Le citt\u00e0 offrono un'atmosfera calma ma vivace, con una presenza visibile di vita pubblica durante tutto il giorno.\n\nEsistono differenze marcate tra le citt\u00e0 belghe, dal sud francofono al nord fiammingo. Le ambientazioni urbane variano in lingua, cultura ed espressione architettonica, conferendo a ogni citt\u00e0 un tono distinto. Che si tratti di una citt\u00e0 universitaria, di una citt\u00e0 portuale o di un centro regionale, l'esperienza di muoversi tra le citt\u00e0 belghe resta radicata nella vivibilit\u00e0 e nelle dimensioni umane.","exploring_country_image":5623,"faq_answer_1":"City Games sono disponibili in diverse citt\u00e0 del Belgio, offrendo una vasta gamma di opzioni per diverse regioni. Puoi trovare giochi in grandi citt\u00e0 come Bruxelles e Anversa, nonch\u00e9 in destinazioni popolari come Bruges.\n\nAnche le citt\u00e0 pi\u00f9 piccole, come Hasselt, offrono City Games, a testimonianza della copertura geografica ampia. La disponibilit\u00e0 non \u00e8 limitata a questi esempi e si estende a vari altri luoghi in tutto il paese.","select_country":479,"intro_h2_city_games_in_country":"City Games in Belgium","intro_usp_1":"1,5-2 ore di gioco","intro_usp_2":"3-4 km di camminata","intro_usp_3":"Inizia, metti in pausa e continua quando vuoi","intro_usp_4":"1-4 o 2-5 persone per smartphone, a seconda del tuo gioco","intro_usp_5":"Gioca in autonomia","intro_usp_6":"Connessione Internet richiesta","intro_text_2":"Scegli la tua citt\u00e0 e inizia a giocare oggi!","intro_cta":"Controlla tutte le localit\u00e0","section_2_h2_choose_your_city_in_country":"Scegli la tua citt\u00e0 in Belgio","section_2_text_1":"City Games sono disponibili nelle citt\u00e0 in tutto il Belgio. Scegli una citt\u00e0 qui sotto per vedere quali City Games puoi giocare l\u00ec.\n","section_3_h2_all_city_game_locations_in_country":"Tutte le sedi dei City Game in Belgio","section_4_h2_how_city_games_work_in_country":"Come funzionano City Games in Belgio","section_4_text_1":"I City Games in Belgio sono esperienze completamente autoguidate che ti permettono di esplorare una citt\u00e0 al tuo ritmo.","section_4_text_2":"Semplicemente scegli la tua citt\u00e0 e il tuo gioco, segui le istruzioni sul tuo smartphone e inizia a giocare quando ti \u00e8 comodo.","section_4_usp_1":"Gioca in squadre di amici, familiari o colleghi","section_4_usp_2":"Inizia quando vuoi, non serve una guida o personale","section_4_usp_3":"Usa il tuo smartphone o tablet","section_4_usp_4":"Percorri la citt\u00e0 risolvendo enigmi e sfide","section_4_usp_5":"Impara curiosit\u00e0 su storia, cultura e monumenti","section_4_usp_6":"Disponibile in pi\u00f9 lingue","section_4_cta":"Scegli la tua citt\u00e0","section_4_step_1":"Prenota il tuo City Game","section_4_step_1_title":"Prenota il tuo City Game","section_4_step_1_text":"Scegli la tua citt\u00e0 e il tuo gioco e ricevi tutto immediatamente dopo la prenotazione.","section_4_step_2":"Fase 2","section_4_step_2_title":"Controlla le istruzioni","section_4_step_2_text":"Apri l'e-mail delle istruzioni con il punto di partenza e come iniziare a giocare.","section_4_step_3":"Fase 3","section_4_step_3_title":"Vai al punto di partenza","section_4_step_3_text":"Raggiungi il punto di partenza quando vuoi, nessun orario fisso.","section_4_step_4":"<strong>Fase 4: Risolvi Sfide &Scopri<\/strong>","section_4_step_4_title":"Fase 4","section_4_step_4_text":"Segui gli indizi, risolvi enigmi ed esplora la citt\u00e0 al tuo ritmo!","section_5_h2_city_game_concepts_in_country":"City Game Concepts in Belgium","section_5_secrets_title":"Secrets of Esplorazione City Game","section_5_secrets_text":"Scopri citt\u00e0 in modo divertente e interattivo con Secrets of Esplorazione City Game. Risolvi enigmi, affronta sfide creative e scopri sia luoghi famosi sia luoghi nascosti. Lungo il percorso, imparerai curiosit\u00e0 sorprendenti su storia, cultura e racconti locali mentre giochi al tuo ritmo.","section_5_syndicate_title":"The Syndicate City Escape Game","section_5_syndicate_text":"Entra in una emozionante avventura di fuga in citt\u00e0 con The Syndicate. Lavora insieme come una squadra per risolvere indovinelli, decifrare codici e recuperare formule rubate prima che scada il tempo. Questo City Game guidato dalla storia si concentra sul lavoro di squadra, sulla risoluzione di problemi e sul gameplay immersivo in un contesto urbano.","section_5_sherlock_title":"Sherlock Holmes Murder Mystery","section_5_sherlock_text":"Risolvi un mistero di omicidio interattivo nel Sherlock Holmes City Game. Segui una trama avvincente, indaga sui sospetti e raccogli indizi per scoprire la verit\u00e0 dietro un caso misterioso. La citt\u00e0 costituisce uno sfondo atmosferico per la storia, permettendoti di concentrarti appieno su deduzione, logica e lavoro di squadra.","hours":"ore","concepts_cta":"Leggi di pi\u00f9 su questo gioco","section_5_text_2":"Ogni concetto \u00e8 disponibile in diverse citt\u00e0 del Belgio","section_5_cta":"Esplora tutti i City Games","section_6_h2_who_are_city_games_in_country_for":"Who are City Games in Belgium For?","section_6_text":"City Games in Belgium sono adatti a:","section_6_usp_1":"Giocatori in solitaria o piccoli gruppi in cerca di un'avventura flessibile","section_6_usp_2":"Turisti che esplorano le citt\u00e0 del Belgio","section_6_usp_3":"Amici e famiglie in cerca di un'attivit\u00e0 divertente","section_6_usp_4":"Aziende e team che pianificano un evento di teambuilding","section_6_usp_5":"Scegli la tua citt\u00e0","section_6_cta":"Scegli la tua citt\u00e0","section_7_h2_exploring_country":"Esplorare il Belgio","section_8_h2_hosted_games":"I tuoi City Games preferiti, ospitati professionalmente dal nostro team","section_8_text":"Goditi gli stessi City Games della versione autoguidata, ma con pieno supporto sul posto da parte dei nostri host professionisti. Ci occupiamo del briefing, dei tablet, del coordinamento e del supporto tecnico, cos\u00ec il tuo gruppo pu\u00f2 concentrarsi interamente sul divertimento e sulla competizione.","section_8_text_2":"Affidato da team in tutto il mondo, da piccoli gruppi a grandi eventi aziendali.","section_8_usp_1_title":"Lo stesso City Game, completamente ospitato","section_8_usp_1_text":"Vivi la stessa esperienza esatta della nostra versione autoguidata, ora guidata dai nostri host.","section_8_usp_2_title":"Classifica in tempo reale & cerimonia di premiazione","section_8_usp_2_text":"Per gruppi pi\u00f9 grandi, i nostri host rivelano i punteggi finali e annunciano la squadra vincitrice con un momento di premio divertente.","section_8_usp_3_title":"Inizio e fine ospitati","section_8_usp_3_text":"Il paesaggio urbano del Belgio \u00e8 definito da una rete variegata di citt\u00e0 di medie dimensioni, ciascuna con il proprio ritmo e layout spaziale. Molte citt\u00e0 belghe hanno nuclei storici compatti che sono facili da percorrere a piedi, spesso circondati da estensioni moderne che riflettono stili di vita pi\u00f9 contemporanei. Camminando in queste aree urbane rivela una fusione di vecchio e nuovo, dove le abitudini locali si svolgono in mercati, caff\u00e8 e tranquille vie laterali.\n\nLa vita cittadina in Belgio tende a ruotare attorno a spazi pubblici ben collegati, con zone pedonali, piazze e linee tranviarie che modellano come le persone si muovono tra i loro dintorni. La percorribilit\u00e0 \u00e8 una caratteristica costante, supportata da layout densi e infrastrutture accessibili che supportano sia le commissioni quotidiane sia l'esplorazione ricreativa. Le citt\u00e0 offrono un'atmosfera tranquilla ma vivace, con una presenza visibile di vita pubblica durante tutto il giorno.\n\nEsistono differenze marcate tra le citt\u00e0 belghe, dal sud francofono al nord fiammingo. Le ambientazioni urbane variano in lingua, cultura ed espressione architettonica, conferendo a ogni citt\u00e0 un tono distinto. Che si tratti di una citt\u00e0 universitaria, di una citt\u00e0 portuale o di un centro regionale, l'esperienza di muoversi tra le citt\u00e0 belghe resta radicata nella vivibilit\u00e0 e nelle dimensioni umane.","section_8_usp_4_title":"Supporto in tempo reale durante il gioco","section_8_usp_4_text":"Il nostro team assiste con dispositivi, problemi dell'app e coordinamento durante l'esperienza.","section_8_usp_5_title":"Tablet inclusi (opzionale)","section_8_usp_5_text":"Disponibili per gruppi che preferiscono utilizzare i nostri dispositivi invece dei propri.","section_8_cta":"Pianifica il tuo evento di gruppo","section_9_h2_reviews":"Cosa ne pensano gli altri dei nostri City Games","section_9_cta_1":"Tutte le recensioni","section_9_cta_2":"Scrivi una recensione","section_10_h2_faq":"Hai domande? Abbiamo le risposte!","section_10_text":"Consulta le nostre domande frequenti e scopri tutto ci\u00f2 che vuoi sapere. La tua domanda non \u00e8 tra queste? Non esitare a contattarci.","section_10_cta_1":"Visualizza tutte le domande frequenti","section_10_cta_2":"Ricevi supporto","section_10_question_1":"In quali citt\u00e0 del Belgio posso giocare a City Game?","section_10_question_2":"Ho bisogno di una guida per giocare a City Game?","section_10_answer_2":"No, tutti i City Games sono <strong>autoguidati<\/strong>! Non hai bisogno di una guida o di personale per giocare. Dopo la prenotazione, riceverai istruzioni chiare sul tuo smartphone in modo da poter iniziare quando ti \u00e8 comodo!\r\n\r\nPer gruppi pi\u00f9 grandi o eventi aziendali, \u00e8 disponibile anche una versione completamente ospitata dei nostri City Games, inclusa la guida in loco, tablet e supporto live.\r\n\r\nPianifichi un gruppo pi\u00f9 grande o un evento aziendale?","section_10_answer_2_cta":"Esplora l'esperienza City Game ospitata per gruppi","section_10_question_3":"Quanto tempo richiede un City Game?","section_10_answer_3":"La maggior parte dei City Games richiede <strong>circa 1,5-2 ore per essere completati<\/strong>. Ci\u00f2 comprende camminare per la citt\u00e0, risolvere enigmi e completare sfide lungo il percorso. Puoi giocare interamente al tuo ritmo: non c'\u00e8 fretta e non c'\u00e8 un programma rigido.\r\n\r\nSentiti libero di fare pause, mettere in pausa il gioco per un drink o un pranzo, e continuare quando vuoi. Questa flessibilit\u00e0 rende i City Games ideali da abbinare a visite turistiche o altre attivit\u00e0.","section_10_question_4":"I City Games sono disponibili in pi\u00f9 lingue?","section_10_answer_4":"S\u00ec, i City Games sono <strong>disponibili in pi\u00f9 lingue<\/strong>. La maggior parte dei giochi pu\u00f2 essere giocata in diverse lingue comunemente usate, rendendoli adatti a visitatori internazionali e gruppi multilingue.\r\n\r\nLe lingue disponibili possono variare leggermente da gioco a gioco, ma la selezione della lingua \u00e8 sempre chiaramente mostrata prima di iniziare a giocare. Questo permette a ogni squadra di scegliere la lingua che le conviene di pi\u00f9, garantendo un'esperienza fluida e piacevole per tutti.","section_10_question_5":"Possiamo giocare con un grande gruppo?","section_10_answer_5":"S\u00ec, i City Games sono <strong>adatti sia a piccoli gruppi sia a gruppi pi\u00f9 numerosi<\/strong>. I gruppi grandi possono facilmente dividersi in squadre pi\u00f9 piccole e giocare al City Game contemporaneamente, usando pi\u00f9 smartphone. Ogni squadra gioca in modo indipendente, seguendo lo stesso concetto di gioco e la stessa trama.\r\n\r\nQuesto allestimento funziona bene per gruppi di amici, famiglie e aziende, e rende i City Games una scelta popolare per uscite di gruppo, eventi e attivit\u00e0 di teambuilding.\r\n\r\nPer gruppi pi\u00f9 grandi o eventi aziendali, \u00e8 disponibile anche una versione completamente ospitata dei nostri City Games, inclusa la guida in loco, tablet e supporto live.\r\n\r\nPianifichi un gruppo pi\u00f9 grande o un evento aziendale?","section_10_answer_5_cta":"Esplora l'esperienza City Game ospitata per gruppi","section_10_question_6":"Quando possiamo iniziare a giocare a City Game?","section_10_answer_6":"Puoi iniziare a giocare <strong>quando ti \u00e8 comodo<\/strong>! I City Games non hanno un orario di inizio fisso, quindi sei libero di iniziare in un momento che si adatta al tuo programma.\r\n\r\nDopo la prenotazione, riceverai istruzioni chiare via email, che ti permetteranno di iniziare il gioco in modo indipendente senza prenotazioni o coordinamento con lo staff.\r\n\r\nQuesta flessibilit\u00e0 rende i City Games ideali da combinare con piani di viaggio, visite, pranzo o altre attivit\u00e0 durante la giornata.","section_11_h2_instagram":"Vedi di pi\u00f9 su Instagram","section_11_text":"Pronto per un'avventura indimenticabile in Belgio","section_11_cta":"Seguici su Instagram","section_12_h2_page_ending":"Pronto per un'avventura indimenticabile in Belgio","section_12_text":"Esplora le citt\u00e0 del Belgio in modo unico e interattivo con i nostri City Games. Gioca oggi e crea ricordi duraturi!","section_12_cta":"Prenota ora il tuo City Game!"},"yoast_head":"<!-- This site is optimized with the Yoast SEO Premium plugin v26.2 (Yoast SEO v27.4) - https:\/\/yoast.com\/product\/yoast-seo-premium-wordpress\/ -->\n<title>City Game Belgium - City Game<\/title>\n<meta name=\"robots\" content=\"index, follow, max-snippet:-1, max-image-preview:large, max-video-preview:-1\" \/>\n<link rel=\"canonical\" href=\"https:\/\/citygame.com\/it\/luoghi\/city-game-belgium\/\" \/>\n<meta property=\"og:locale\" content=\"it_IT\" \/>\n<meta property=\"og:type\" content=\"article\" \/>\n<meta property=\"og:title\" content=\"City Game Belgium\" \/>\n<meta property=\"og:url\" content=\"https:\/\/citygame.com\/it\/luoghi\/city-game-belgium\/\" \/>\n<meta property=\"og:site_name\" content=\"City Game\" \/>\n<meta property=\"article:publisher\" content=\"https:\/\/www.facebook.com\/profile.php?id=100086426226253\" \/>\n<meta property=\"og:image\" content=\"https:\/\/citygame.com\/wp-content\/blogs.dir\/1\/files\/2026\/01\/belgium-brussels-grand-place-sunset.jpg\" \/>\n\t<meta property=\"og:image:width\" content=\"1376\" \/>\n\t<meta property=\"og:image:height\" content=\"768\" \/>\n\t<meta property=\"og:image:type\" content=\"image\/jpeg\" \/>\n<meta name=\"twitter:card\" content=\"summary_large_image\" \/>\n<script type=\"application\/ld+json\" class=\"yoast-schema-graph\">{\"@context\":\"https:\\\/\\\/schema.org\",\"@graph\":[{\"@type\":\"WebPage\",\"@id\":\"https:\\\/\\\/citygame.com\\\/it\\\/luoghi\\\/city-game-belgium\\\/\",\"url\":\"https:\\\/\\\/citygame.com\\\/it\\\/luoghi\\\/city-game-belgium\\\/\",\"name\":\"City Game Belgium - City Game\",\"isPartOf\":{\"@id\":\"https:\\\/\\\/citygame.com\\\/it\\\/#website\"},\"primaryImageOfPage\":{\"@id\":\"https:\\\/\\\/citygame.com\\\/it\\\/luoghi\\\/city-game-belgium\\\/#primaryimage\"},\"image\":{\"@id\":\"https:\\\/\\\/citygame.com\\\/it\\\/luoghi\\\/city-game-belgium\\\/#primaryimage\"},\"thumbnailUrl\":\"https:\\\/\\\/citygame.com\\\/wp-content\\\/blogs.dir\\\/1\\\/files\\\/2026\\\/01\\\/belgium-brussels-grand-place-sunset.jpg\",\"datePublished\":\"2026-04-22T04:56:37+00:00\",\"breadcrumb\":{\"@id\":\"https:\\\/\\\/citygame.com\\\/it\\\/luoghi\\\/city-game-belgium\\\/#breadcrumb\"},\"inLanguage\":\"it-IT\",\"potentialAction\":[{\"@type\":\"ReadAction\",\"target\":[\"https:\\\/\\\/citygame.com\\\/it\\\/luoghi\\\/city-game-belgium\\\/\"]}]},{\"@type\":\"ImageObject\",\"inLanguage\":\"it-IT\",\"@id\":\"https:\\\/\\\/citygame.com\\\/it\\\/luoghi\\\/city-game-belgium\\\/#primaryimage\",\"url\":\"https:\\\/\\\/citygame.com\\\/wp-content\\\/blogs.dir\\\/1\\\/files\\\/2026\\\/01\\\/belgium-brussels-grand-place-sunset.jpg\",\"contentUrl\":\"https:\\\/\\\/citygame.com\\\/wp-content\\\/blogs.dir\\\/1\\\/files\\\/2026\\\/01\\\/belgium-brussels-grand-place-sunset.jpg\",\"width\":1376,\"height\":768,\"caption\":\"The Brussels Town Hall and historic guildhalls surrounding the Grand-Place at dusk. Photo: Adli Wahid (Unsplash)\"},{\"@type\":\"BreadcrumbList\",\"@id\":\"https:\\\/\\\/citygame.com\\\/it\\\/luoghi\\\/city-game-belgium\\\/#breadcrumb\",\"itemListElement\":[{\"@type\":\"ListItem\",\"position\":1,\"name\":\"Home\",\"item\":\"https:\\\/\\\/citygame.com\\\/it\\\/\"},{\"@type\":\"ListItem\",\"position\":2,\"name\":\"Luoghi\",\"item\":\"https:\\\/\\\/citygame.com\\\/it\\\/luoghi\\\/\"},{\"@type\":\"ListItem\",\"position\":3,\"name\":\"City Game Belgium\"}]},{\"@type\":\"WebSite\",\"@id\":\"https:\\\/\\\/citygame.com\\\/it\\\/#website\",\"url\":\"https:\\\/\\\/citygame.com\\\/it\\\/\",\"name\":\"City Game\",\"description\":\"\",\"publisher\":{\"@id\":\"https:\\\/\\\/citygame.com\\\/it\\\/#organization\"},\"alternateName\":\"citygame.com\",\"potentialAction\":[{\"@type\":\"SearchAction\",\"target\":{\"@type\":\"EntryPoint\",\"urlTemplate\":\"https:\\\/\\\/citygame.com\\\/it\\\/?s={search_term_string}\"},\"query-input\":{\"@type\":\"PropertyValueSpecification\",\"valueRequired\":true,\"valueName\":\"search_term_string\"}}],\"inLanguage\":\"it-IT\"},{\"@type\":\"Organization\",\"@id\":\"https:\\\/\\\/citygame.com\\\/it\\\/#organization\",\"name\":\"City Game\",\"alternateName\":\"citygame.com\",\"url\":\"https:\\\/\\\/citygame.com\\\/it\\\/\",\"logo\":{\"@type\":\"ImageObject\",\"inLanguage\":\"it-IT\",\"@id\":\"https:\\\/\\\/citygame.com\\\/it\\\/#\\\/schema\\\/logo\\\/image\\\/\",\"url\":\"https:\\\/\\\/citygame.com\\\/wp-content\\\/blogs.dir\\\/1\\\/files\\\/2025\\\/10\\\/CG_LOGO-City-Game.png\",\"contentUrl\":\"https:\\\/\\\/citygame.com\\\/wp-content\\\/blogs.dir\\\/1\\\/files\\\/2025\\\/10\\\/CG_LOGO-City-Game.png\",\"width\":351,\"height\":377,\"caption\":\"City Game\"},\"image\":{\"@id\":\"https:\\\/\\\/citygame.com\\\/it\\\/#\\\/schema\\\/logo\\\/image\\\/\"},\"sameAs\":[\"https:\\\/\\\/www.facebook.com\\\/profile.php?id=100086426226253\",\"https:\\\/\\\/www.instagram.com\\\/citygame_com\",\"https:\\\/\\\/www.tiktok.com\\\/@citygamecom\\\/\",\"https:\\\/\\\/www.linkedin.com\\\/company\\\/citygame-com\"],\"description\":\"Turn any city into a playground with our interactive City Games and self-guided tours. Fun, flexible, and ideal for groups and team building.\"}]}<\/script>\n<!-- \/ Yoast SEO Premium plugin. -->","yoast_head_json":{"title":"City Game Belgium - City Game","robots":{"index":"index","follow":"follow","max-snippet":"max-snippet:-1","max-image-preview":"max-image-preview:large","max-video-preview":"max-video-preview:-1"},"canonical":"https:\/\/citygame.com\/it\/luoghi\/city-game-belgium\/","og_locale":"it_IT","og_type":"article","og_title":"City Game Belgium","og_url":"https:\/\/citygame.com\/it\/luoghi\/city-game-belgium\/","og_site_name":"City Game","article_publisher":"https:\/\/www.facebook.com\/profile.php?id=100086426226253","og_image":[{"width":1376,"height":768,"url":"https:\/\/citygame.com\/wp-content\/blogs.dir\/1\/files\/2026\/01\/belgium-brussels-grand-place-sunset.jpg","type":"image\/jpeg"}],"twitter_card":"summary_large_image","schema":{"@context":"https:\/\/schema.org","@graph":[{"@type":"WebPage","@id":"https:\/\/citygame.com\/it\/luoghi\/city-game-belgium\/","url":"https:\/\/citygame.com\/it\/luoghi\/city-game-belgium\/","name":"City Game Belgium - City Game","isPartOf":{"@id":"https:\/\/citygame.com\/it\/#website"},"primaryImageOfPage":{"@id":"https:\/\/citygame.com\/it\/luoghi\/city-game-belgium\/#primaryimage"},"image":{"@id":"https:\/\/citygame.com\/it\/luoghi\/city-game-belgium\/#primaryimage"},"thumbnailUrl":"https:\/\/citygame.com\/wp-content\/blogs.dir\/1\/files\/2026\/01\/belgium-brussels-grand-place-sunset.jpg","datePublished":"2026-04-22T04:56:37+00:00","breadcrumb":{"@id":"https:\/\/citygame.com\/it\/luoghi\/city-game-belgium\/#breadcrumb"},"inLanguage":"it-IT","potentialAction":[{"@type":"ReadAction","target":["https:\/\/citygame.com\/it\/luoghi\/city-game-belgium\/"]}]},{"@type":"ImageObject","inLanguage":"it-IT","@id":"https:\/\/citygame.com\/it\/luoghi\/city-game-belgium\/#primaryimage","url":"https:\/\/citygame.com\/wp-content\/blogs.dir\/1\/files\/2026\/01\/belgium-brussels-grand-place-sunset.jpg","contentUrl":"https:\/\/citygame.com\/wp-content\/blogs.dir\/1\/files\/2026\/01\/belgium-brussels-grand-place-sunset.jpg","width":1376,"height":768,"caption":"The Brussels Town Hall and historic guildhalls surrounding the Grand-Place at dusk. Photo: Adli Wahid (Unsplash)"},{"@type":"BreadcrumbList","@id":"https:\/\/citygame.com\/it\/luoghi\/city-game-belgium\/#breadcrumb","itemListElement":[{"@type":"ListItem","position":1,"name":"Home","item":"https:\/\/citygame.com\/it\/"},{"@type":"ListItem","position":2,"name":"Luoghi","item":"https:\/\/citygame.com\/it\/luoghi\/"},{"@type":"ListItem","position":3,"name":"City Game Belgium"}]},{"@type":"WebSite","@id":"https:\/\/citygame.com\/it\/#website","url":"https:\/\/citygame.com\/it\/","name":"City Game","description":"","publisher":{"@id":"https:\/\/citygame.com\/it\/#organization"},"alternateName":"citygame.com","potentialAction":[{"@type":"SearchAction","target":{"@type":"EntryPoint","urlTemplate":"https:\/\/citygame.com\/it\/?s={search_term_string}"},"query-input":{"@type":"PropertyValueSpecification","valueRequired":true,"valueName":"search_term_string"}}],"inLanguage":"it-IT"},{"@type":"Organization","@id":"https:\/\/citygame.com\/it\/#organization","name":"City Game","alternateName":"citygame.com","url":"https:\/\/citygame.com\/it\/","logo":{"@type":"ImageObject","inLanguage":"it-IT","@id":"https:\/\/citygame.com\/it\/#\/schema\/logo\/image\/","url":"https:\/\/citygame.com\/wp-content\/blogs.dir\/1\/files\/2025\/10\/CG_LOGO-City-Game.png","contentUrl":"https:\/\/citygame.com\/wp-content\/blogs.dir\/1\/files\/2025\/10\/CG_LOGO-City-Game.png","width":351,"height":377,"caption":"City Game"},"image":{"@id":"https:\/\/citygame.com\/it\/#\/schema\/logo\/image\/"},"sameAs":["https:\/\/www.facebook.com\/profile.php?id=100086426226253","https:\/\/www.instagram.com\/citygame_com","https:\/\/www.tiktok.com\/@citygamecom\/","https:\/\/www.linkedin.com\/company\/citygame-com"],"description":"Turn any city into a playground with our interactive City Games and self-guided tours. Fun, flexible, and ideal for groups and team building."}]}},"taxonomy_info":{"countries-only-parent-locations":[{"value":440,"label":"Europe"}],"cg_page_type":[{"value":44,"label":"Country overview page"}]},"featured_image_src_large":["https:\/\/citygame.com\/wp-content\/blogs.dir\/1\/files\/2026\/01\/belgium-brussels-grand-place-sunset-1024x572.jpg",1024,572,true],"author_info":{"display_name":"Philip","author_link":"https:\/\/citygame.com\/it\/blog\/author\/sophi2\/"},"comment_info":0,"wpml_current_locale":"it_IT","wpml_translations":{"nl_NL":{"locale":"nl_NL","id":225725,"slug":"city-game-belgium","post_title":"City Game Belgium","href":"https:\/\/citygame.com\/nl\/locaties\/city-game-belgium\/"},"en_US":{"locale":"en_US","id":5628,"slug":"belgium","post_title":"City Game Belgium","href":"https:\/\/citygame.com\/locations\/belgium\/"},"fr_FR":{"locale":"fr_FR","id":225728,"slug":"city-game-belgium","post_title":"City Game Belgium","href":"https:\/\/citygame.com\/fr\/emplacements\/city-game-belgium\/"},"de_DE":{"locale":"de_DE","id":225726,"slug":"city-game-belgium","post_title":"City Game Belgium","href":"https:\/\/citygame.com\/de\/standorte\/city-game-belgium\/"},"it_IT":{"locale":"it_IT","translation":"current"},"es_ES":{"locale":"es_ES","id":225727,"slug":"city-game-belgica","post_title":"City Game B\u00e9lgica","href":"https:\/\/citygame.com\/es\/localizaciones\/city-game-belgica\/"}},"_links":{"self":[{"href":"https:\/\/citygame.com\/it\/wp-json\/wp\/v2\/pages\/225729","targetHints":{"allow":["GET"]}}],"collection":[{"href":"https:\/\/citygame.com\/it\/wp-json\/wp\/v2\/pages"}],"about":[{"href":"https:\/\/citygame.com\/it\/wp-json\/wp\/v2\/types\/page"}],"author":[{"embeddable":true,"href":"https:\/\/citygame.com\/it\/wp-json\/wp\/v2\/users\/78"}],"replies":[{"embeddable":true,"href":"https:\/\/citygame.com\/it\/wp-json\/wp\/v2\/comments?post=225729"}],"version-history":[{"count":0,"href":"https:\/\/citygame.com\/it\/wp-json\/wp\/v2\/pages\/225729\/revisions"}],"up":[{"embeddable":true,"href":"https:\/\/citygame.com\/it\/wp-json\/wp\/v2\/pages\/225502"}],"acf:term":[{"embeddable":true,"taxonomy":"cities-only-parent-location","href":"https:\/\/citygame.com\/it\/wp-json\/wp\/v2\/cities-only-parent-location\/479"}],"wp:featuredmedia":[{"embeddable":true,"href":"https:\/\/citygame.com\/it\/wp-json\/wp\/v2\/media\/5600"}],"wp:attachment":[{"href":"https:\/\/citygame.com\/it\/wp-json\/wp\/v2\/media?parent=225729"}],"wp:term":[{"taxonomy":"cities-only-parent-location","embeddable":true,"href":"https:\/\/citygame.com\/it\/wp-json\/wp\/v2\/cities-only-parent-location?post=225729"},{"taxonomy":"countries-only-parent-locations","embeddable":true,"href":"https:\/\/citygame.com\/it\/wp-json\/wp\/v2\/countries-only-parent-locations?post=225729"},{"taxonomy":"seo_keyword","embeddable":true,"href":"https:\/\/citygame.com\/it\/wp-json\/wp\/v2\/seo_keyword?post=225729"},{"taxonomy":"cg_page_type","embeddable":true,"href":"https:\/\/citygame.com\/it\/wp-json\/wp\/v2\/cg_page_type?post=225729"}],"curies":[{"name":"wp","href":"https:\/\/api.w.org\/{rel}","templated":true}]}}