{"id":225744,"date":"2026-04-22T05:46:00","date_gmt":"2026-04-22T05:46:00","guid":{"rendered":"https:\/\/citygame.com\/locations\/city-game-cape-verde\/"},"modified":"2026-04-22T05:46:00","modified_gmt":"2026-04-22T05:46:00","slug":"city-game-cape-verde","status":"publish","type":"page","link":"https:\/\/citygame.com\/it\/luoghi\/city-game-cape-verde\/","title":{"rendered":"City Game Cape Verde"},"content":{"rendered":"","protected":false},"excerpt":{"rendered":"","protected":false},"author":78,"featured_media":12752,"parent":225502,"menu_order":0,"comment_status":"closed","ping_status":"closed","template":"","meta":{"_acf_changed":false,"_yoast_wpseo_focuskw":"City Game Cape Verde","_yoast_wpseo_metadesc":"","_kad_blocks_custom_css":"","_kad_blocks_head_custom_js":"","_kad_blocks_body_custom_js":"","_kad_blocks_footer_custom_js":"","_kad_post_transparent":"","_kad_post_title":"","_kad_post_layout":"","_kad_post_sidebar_id":"","_kad_post_content_style":"","_kad_post_vertical_padding":"","_kad_post_feature":"","_kad_post_feature_position":"","_kad_post_header":false,"_kad_post_footer":false,"_kad_post_classname":"","footnotes":""},"cities-only-parent-location":[],"countries-only-parent-locations":[442],"seo_keyword":[],"cg_page_type":[44],"class_list":["post-225744","page","type-page","status-publish","has-post-thumbnail","hentry","countries-only-parent-locations-africa","cg_page_type-country-overview-page"],"acf":{"country_name":"Capo Verde","intro_text":"Partecipa a City Games interattivi in Capo Verde e scopri le citt\u00e0 in modo divertente e coinvolgente. Risolvi enigmi, completa sfide e esplora punti salienti, nonch\u00e9 gemme nascoste. Tutti i City Games sono autoguidati e giocabili sul tuo smartphone, quando vuoi.","intro_image":12753,"how_city_games_work_image":12754,"who_are_city_games_for_image":12755,"exploring_country_text":"Le citt\u00e0 di Capo Verde offrono una chiara sensazione di scala plasmata dalla geografia insulare. Le aree urbane tendono a essere compatte e percorribili a piedi, con la vita quotidiana che si sviluppa a un ritmo misurato. Le strade sono spesso fiancheggiate da edifici a basso livello, caff\u00e8 tranquilli e piazze ombreggiate, creando un ambiente che sembra sia aperto sia radicato.\r\n\r\nLo spostamento tra le citt\u00e0 capoverdiane \u00e8 generalmente rilassato, guidato da un mix di sentieri informali e viali strutturati. Gli spazi pubblici fungono da luoghi di ritrovo quotidiani, e il senso di prossimit\u00e0 rende facile spostarsi dalle zone residenziali all'attivit\u00e0 dei quartieri centrali. L'atmosfera urbana riflette un equilibrio tra infrastrutture funzionali e spazi vissuti plasmati dai ritmi locali.\r\n\r\nTra le isole, le citt\u00e0 variano notevolmente nel carattere. Alcune sembrano densamente stratificate dall'attivit\u00e0 locale, mentre altre mantengono una qualit\u00e0 tranquilla da paese di provincia anche al loro interno. Questa variazione conferisce a ogni citt\u00e0 una propria identit\u00e0, plasmata dalla geografia, dal ritmo e dal modo in cui la gente usa lo spazio urbano nelle loro routine quotidiane.","exploring_country_image":12756,"faq_answer_1":"City Games sono disponibili in diverse citt\u00e0 di Capo Verde, offrendo opportunit\u00e0 di esplorare luoghi differenti attraverso esperienze interattive. Puoi trovarli in destinazioni rinomate come Sal, cos\u00ec come in aree pi\u00f9 piccole o meno prominenti.\r\n\r\nQuesta variet\u00e0 garantisce che siano incluse sia le citt\u00e0 principali sia quelle meno note del paese, sebbene la disponibilit\u00e0 non sia limitata a quelle menzionate qui.","select_country":535,"intro_h2_city_games_in_country":"City Games in Cape Verde","intro_usp_1":"1,5-2 ore di gioco","intro_usp_2":"3-4 km a piedi","intro_usp_3":"Inizia, metti in pausa e continua quando vuoi","intro_usp_4":"1-4 o 2-5 persone per smartphone, a seconda del tuo gioco","intro_usp_5":"Gioca in autonomia","intro_usp_6":"Connessione Internet richiesta","intro_text_2":"Scegli la tua citt\u00e0 e inizia a giocare oggi!","intro_cta":"Check all locations","section_2_h2_choose_your_city_in_country":"Scegli la tua citt\u00e0 in Capo Verde","section_2_text_1":"City Games sono disponibili nelle citt\u00e0 di Capo Verde. Scegli una citt\u00e0 qui sotto per vedere quali City Games puoi giocare l\u00ec.\n","section_3_h2_all_city_game_locations_in_country":"Tutte le localit\u00e0 City Game in Capo Verde","section_4_h2_how_city_games_work_in_country":"How City Games Work in Cape Verde","section_4_text_1":"City Games in Cape Verde sono esperienze completamente autoguidate che ti permettono di esplorare una citt\u00e0 al tuo ritmo.","section_4_text_2":"Semplicemente scegli la tua citt\u00e0 e il gioco, segui le istruzioni sul tuo smartphone e inizia a giocare non appena ti \u00e8 possibile.","section_4_usp_1":"Gioca in squadre di amici, familiari o colleghi","section_4_usp_2":"Inizia quando vuoi, non serve una guida o personale","section_4_usp_3":"Usa il tuo smartphone o tablet","section_4_usp_4":"Attraversa la citt\u00e0 risolvendo enigmi e sfide","section_4_usp_5":"Scopri curiosit\u00e0 su storia, cultura e luoghi di interesse","section_4_usp_6":"Disponibile in pi\u00f9 lingue","section_4_cta":"Scegli la tua citt\u00e0","section_4_step_1":"Prenota il tuo City Game","section_4_step_1_title":"Prenota il tuo City Game","section_4_step_1_text":"Scegli la tua citt\u00e0 e il gioco e ricevi tutto immediatamente dopo la prenotazione.","section_4_step_2":"Passo 2","section_4_step_2_title":"Controlla le istruzioni","section_4_step_2_text":"Apri l'email delle istruzioni con il punto di partenza e come iniziare a giocare.","section_4_step_3":"Passo 3","section_4_step_3_title":"Vai al punto di partenza","section_4_step_3_text":"Raggiungi il punto di partenza quando vuoi, senza orario fisso.","section_4_step_4":"Passo 4","section_4_step_4_title":"Passo 4","section_4_step_4_text":"Segui gli indizi, risolvi enigmi e esplora la citt\u00e0 al tuo ritmo!","section_5_h2_city_game_concepts_in_country":"City Game Concepts in Capo Verde","section_5_secrets_title":"Secrets of Exploration Game","section_5_secrets_text":"Scopri le citt\u00e0 in modo divertente e interattivo con Secrets of Exploration City Game. Risolvi enigmi, affronta sfide creative e scopri sia punti salienti famosi che luoghi nascosti. Lungo il percorso, imparerai fatti sorprendenti su storia, cultura e storie locali giocando al tuo ritmo.","section_5_syndicate_title":"The Syndicate City Escape Game","section_5_syndicate_text":"Entra in un'emozionante avventura di fuga in citt\u00e0 con The Syndicate. Lavora insieme come una squadra per risolvere indovinelli, decifrare codici e recuperare formule rubate prima che scada il tempo. Questo City Game incentrato sulla storia mette al centro il lavoro di squadra, la risoluzione di problemi e un gameplay coinvolgente in un contesto urbano.","section_5_sherlock_title":"Sherlock Holmes Murder Mystery","section_5_sherlock_text":"Risolvi un mistero di omicidio interattivo nel Sherlock Holmes City Game. Segui una trama avvincente, indaga sui sospetti e raccogli indizi per scoprire la verit\u00e0 dietro un caso misterioso. La citt\u00e0 costituisce uno sfondo atmosferico per la storia, permettendoti di concentrarti pienamente su deduzione, logica e lavoro di squadra.","hours":"ore","concepts_cta":"Leggi di pi\u00f9 su questo gioco","section_5_text_2":"Ogni concetto \u00e8 disponibile in pi\u00f9 citt\u00e0 in Capo Verde","section_5_cta":"Esplora tutti i City Games","section_6_h2_who_are_city_games_in_country_for":"Per chi sono i City Games in Capo Verde?","section_6_text":"City Games in Capo Verde sono adatti a:","section_6_usp_1":"Giocatori solitari o piccoli gruppi in cerca di un'avventura flessibile","section_6_usp_2":"Turisti che esplorano le citt\u00e0 di Capo Verde","section_6_usp_3":"Amici e famiglie in cerca di una divertente attivit\u00e0","section_6_usp_4":"Aziende e team che pianificano un evento di teambuilding","section_6_usp_5":"Scegli la tua citt\u00e0","section_6_cta":"Scegli la tua citt\u00e0","section_7_h2_exploring_country":"Esplorando Capo Verde","section_8_h2_hosted_games":"Your favourite City Games, professionally hosted by our team","section_8_text":"Goditi gli stessi City Games della versione self-guided, ma con supporto completo in loco dai nostri host professionisti. Ci occupiamo di briefing, tablet, coordinamento e supporto tecnico, cos\u00ec che il tuo gruppo possa concentrarsi interamente sul divertimento e sulla competizione.","section_8_text_2":"Affidati da team in tutto il mondo, da piccoli gruppi a grandi eventi aziendali.","section_8_usp_1_title":"Stessa City Game, completamente ospitata","section_8_usp_1_text":"Vivi la stessa esperienza della nostra versione autoguidata, ora guidata dai nostri host.","section_8_usp_2_title":"Classifica in tempo reale & cerimonia dei premi","section_8_usp_2_text":"Per gruppi pi\u00f9 grandi, i nostri host rivelano i punteggi finali e annunciano la squadra vincente con un momento di premio divertente.","section_8_usp_3_title":"Inizio e fine ospitati","section_8_usp_3_text":"Le citt\u00e0 di Capo Verde offrono una chiara sensazione di scala plasmata dalla geografia insulare. Le aree urbane tendono a essere compatte e percorribili a piedi, con la vita quotidiana che si sviluppa a un ritmo misurato. Le strade sono spesso fiancheggiate da edifici a basso livello, caff\u00e8 tranquilli e piazze ombreggiate, creando un ambiente che sembra sia aperto sia radicato.\r\n\r\nLo spostamento tra le citt\u00e0 capoverdiane \u00e8 generalmente rilassato, guidato da un mix di sentieri informali e viali strutturati. Gli spazi pubblici fungono da luoghi di ritrovo quotidiani, e il senso di prossimit\u00e0 rende facile spostarsi dalle zone residenziali all'attivit\u00e0 dei quartieri centrali. L'atmosfera urbana riflette un equilibrio tra infrastrutture funzionali e spazi vissuti plasmati dai ritmi locali.\r\n\r\nTra le isole, le citt\u00e0 variano notevolmente nel carattere. Alcune sembrano densamente stratificate dall'attivit\u00e0 locale, mentre altre mantengono una qualit\u00e0 tranquilla da piccolo paese anche al loro interno. Questa variazione conferisce a ogni citt\u00e0 una propria identit\u00e0, plasmata dalla geografia, dal ritmo e dal modo in cui la gente usa lo spazio urbano nelle loro routine quotidiane.","section_8_usp_4_title":"Supporto in tempo reale durante il gioco","section_8_usp_4_text":"Il nostro team assiste con dispositivi, problemi dell'app e coordinamento durante l'esperienza.","section_8_usp_5_title":"Tablet inclusi (opzionali)","section_8_usp_5_text":"Disponibile per gruppi che preferiscono utilizzare i nostri dispositivi invece dei propri.","section_8_cta":"Pianifica il tuo evento di gruppo","section_9_h2_reviews":"Cosa pensano gli altri dei nostri City Games","section_9_cta_1":"Tutte le recensioni","section_9_cta_2":"Scrivi una recensione","section_10_h2_faq":"Hai domande? Abbiamo risposte!","section_10_text":"Consulta le nostre domande frequenti e scopri tutto ci\u00f2 che vuoi sapere. La tua domanda non \u00e8 tra queste? Non esitare a contattarci.","section_10_cta_1":"Visualizza tutte le domande frequenti","section_10_cta_2":"Richiedi assistenza","section_10_question_1":"In quali citt\u00e0 del Capo Verde posso giocare a City Game?","section_10_question_2":"Ho bisogno di una guida per giocare a City Game?","section_10_answer_2":"No, tutti i City Games sono <strong>completamente autoguidati<\/strong>! Non serve una guida o personale per giocare. Dopo la prenotazione, riceverai istruzioni chiare sul tuo smartphone in modo che tu possa iniziare non appena ti \u00e8 comodo!\r\n\r\nPer gruppi pi\u00f9 grandi o eventi aziendali, \u00e8 disponibile anche una versione completamente ospitata dei nostri City Games, che comprende guida in loco, tablet e supporto live.\r\n\r\nPianificare un gruppo o evento aziendale pi\u00f9 grande?","section_10_answer_2_cta":"Esplora l'esperienza City Game ospitata per gruppi","section_10_question_3":"Quanto tempo richiede un City Game?","section_10_answer_3":"La maggior parte dei City Games richiede <strong>circa 1,5-2 ore per completarsi<\/strong>. Questo include camminare per la citt\u00e0, risolvere enigmi e affrontare le sfide lungo il percorso. Puoi giocare completamente al tuo ritmo: non c'\u00e8 pressione di tempo e nessun programma rigido.\r\n\r\nSentiti libero di fare pause, mettere in pausa il gioco per un drink o pranzo e riprendere quando vuoi. Questa flessibilit\u00e0 rende facile combinare un City Game con le visite turistiche o altre attivit\u00e0.","section_10_question_4":"I City Games sono disponibili in pi\u00f9 lingue?","section_10_answer_4":"S\u00ec, i City Games sono <strong>disponibili in pi\u00f9 lingue<\/strong>. La maggior parte dei giochi pu\u00f2 essere giocata in diverse lingue comunemente usate, rendendoli adatti a visitatori internazionali e gruppi multilingue.\r\n\r\nLe lingue disponibili possono variare leggermente da gioco a gioco, ma la selezione della lingua \u00e8 sempre chiaramente mostrata prima di iniziare a giocare. Questo permette a ogni squadra di scegliere la lingua che le \u00e8 pi\u00f9 comoda, assicurando un'esperienza fluida e piacevole per tutti.","section_10_question_5":"Possiamo giocare con un grande gruppo?","section_10_answer_5":"S\u00ec, i City Games sono <strong>adatti sia per gruppi piccoli sia per team pi\u00f9 grandi<\/strong>. Grandi gruppi possono facilmente dividersi in team pi\u00f9 piccoli e giocare contemporaneamente al City Game, usando pi\u00f9 smartphone. Ogni squadra gioca in modo indipendente, seguendo lo stesso concetto di gioco e la stessa storia.\r\n\r\nQuesto setup funziona bene per gruppi di amici, famiglie e aziende, e rende i City Games una scelta popolare per uscite di gruppo, eventi e attivit\u00e0 di teambuilding.\r\n\r\nPer gruppi pi\u00f9 grandi o eventi aziendali, \u00e8 disponibile anche una versione completamente ospitata dei nostri City Games, compresi guida in loco, tablet e supporto live.\r\n\r\nPianificare un gruppo o evento aziendale pi\u00f9 grande?","section_10_answer_5_cta":"Esplora l'esperienza City Game ospitata per gruppi","section_10_question_6":"Quando possiamo iniziare a giocare a City Game?","section_10_answer_6":"Puoi iniziare a giocare <strong>ogniqualvolta sia conveniente per te<\/strong>! I City Games non hanno un orario di inizio fisso, quindi sei libero di iniziare nel momento che si adatta al tuo programma.\r\n\r\nDopo la prenotazione, ricevi istruzioni chiare via email, permettendoti di iniziare il gioco in modo indipendente senza alcuna prenotazione o coordinazione con lo staff.\r\n\r\nQuesta flessibilit\u00e0 rende i City Games ideali da combinare con i piani di viaggio, le visite, il pranzo o altre attivit\u00e0 durante la giornata.","section_11_h2_instagram":"Vedi di pi\u00f9 su Instagram","section_11_text":"Pronto per un'avventura indimenticabile in Capo Verde","section_11_cta":"Seguici su Instagram","section_12_h2_page_ending":"Pronto per un'avventura indimenticabile in Capo Verde","section_12_text":"Esplora le citt\u00e0 di Capo Verde in modo unico e interattivo con i nostri City Games. Gioca oggi e crea ricordi duraturi!","section_12_cta":"Prenota ora il tuo City Game!"},"yoast_head":"<!-- This site is optimized with the Yoast SEO Premium plugin v26.2 (Yoast SEO v27.4) - https:\/\/yoast.com\/product\/yoast-seo-premium-wordpress\/ -->\n<title>City Game Cape Verde - City Game<\/title>\n<meta name=\"robots\" content=\"index, follow, max-snippet:-1, max-image-preview:large, max-video-preview:-1\" \/>\n<link rel=\"canonical\" href=\"https:\/\/citygame.com\/it\/luoghi\/city-game-cape-verde\/\" \/>\n<meta property=\"og:locale\" content=\"it_IT\" \/>\n<meta property=\"og:type\" content=\"article\" \/>\n<meta property=\"og:title\" content=\"City Game Cape Verde\" \/>\n<meta property=\"og:url\" content=\"https:\/\/citygame.com\/it\/luoghi\/city-game-cape-verde\/\" \/>\n<meta property=\"og:site_name\" content=\"City Game\" \/>\n<meta property=\"article:publisher\" content=\"https:\/\/www.facebook.com\/profile.php?id=100086426226253\" \/>\n<meta property=\"og:image\" content=\"https:\/\/citygame.com\/wp-content\/blogs.dir\/1\/files\/2026\/02\/cape-verde-pico-do-fogo-volcano-sunset.jpg\" \/>\n\t<meta property=\"og:image:width\" content=\"1376\" \/>\n\t<meta property=\"og:image:height\" content=\"768\" \/>\n\t<meta property=\"og:image:type\" content=\"image\/jpeg\" \/>\n<meta name=\"twitter:card\" content=\"summary_large_image\" \/>\n<script type=\"application\/ld+json\" class=\"yoast-schema-graph\">{\"@context\":\"https:\\\/\\\/schema.org\",\"@graph\":[{\"@type\":\"WebPage\",\"@id\":\"https:\\\/\\\/citygame.com\\\/it\\\/luoghi\\\/city-game-cape-verde\\\/\",\"url\":\"https:\\\/\\\/citygame.com\\\/it\\\/luoghi\\\/city-game-cape-verde\\\/\",\"name\":\"City Game Cape Verde - City Game\",\"isPartOf\":{\"@id\":\"https:\\\/\\\/citygame.com\\\/it\\\/#website\"},\"primaryImageOfPage\":{\"@id\":\"https:\\\/\\\/citygame.com\\\/it\\\/luoghi\\\/city-game-cape-verde\\\/#primaryimage\"},\"image\":{\"@id\":\"https:\\\/\\\/citygame.com\\\/it\\\/luoghi\\\/city-game-cape-verde\\\/#primaryimage\"},\"thumbnailUrl\":\"https:\\\/\\\/citygame.com\\\/wp-content\\\/blogs.dir\\\/1\\\/files\\\/2026\\\/02\\\/cape-verde-pico-do-fogo-volcano-sunset.jpg\",\"datePublished\":\"2026-04-22T05:46:00+00:00\",\"breadcrumb\":{\"@id\":\"https:\\\/\\\/citygame.com\\\/it\\\/luoghi\\\/city-game-cape-verde\\\/#breadcrumb\"},\"inLanguage\":\"it-IT\",\"potentialAction\":[{\"@type\":\"ReadAction\",\"target\":[\"https:\\\/\\\/citygame.com\\\/it\\\/luoghi\\\/city-game-cape-verde\\\/\"]}]},{\"@type\":\"ImageObject\",\"inLanguage\":\"it-IT\",\"@id\":\"https:\\\/\\\/citygame.com\\\/it\\\/luoghi\\\/city-game-cape-verde\\\/#primaryimage\",\"url\":\"https:\\\/\\\/citygame.com\\\/wp-content\\\/blogs.dir\\\/1\\\/files\\\/2026\\\/02\\\/cape-verde-pico-do-fogo-volcano-sunset.jpg\",\"contentUrl\":\"https:\\\/\\\/citygame.com\\\/wp-content\\\/blogs.dir\\\/1\\\/files\\\/2026\\\/02\\\/cape-verde-pico-do-fogo-volcano-sunset.jpg\",\"width\":1376,\"height\":768,\"caption\":\"The village of Ch\u00e3 das Caldeiras sits at the foot of the Pico do Fogo volcano. Photo: Guilhem Vellut (Flickr)\"},{\"@type\":\"BreadcrumbList\",\"@id\":\"https:\\\/\\\/citygame.com\\\/it\\\/luoghi\\\/city-game-cape-verde\\\/#breadcrumb\",\"itemListElement\":[{\"@type\":\"ListItem\",\"position\":1,\"name\":\"Home\",\"item\":\"https:\\\/\\\/citygame.com\\\/it\\\/\"},{\"@type\":\"ListItem\",\"position\":2,\"name\":\"Luoghi\",\"item\":\"https:\\\/\\\/citygame.com\\\/it\\\/luoghi\\\/\"},{\"@type\":\"ListItem\",\"position\":3,\"name\":\"City Game Cape Verde\"}]},{\"@type\":\"WebSite\",\"@id\":\"https:\\\/\\\/citygame.com\\\/it\\\/#website\",\"url\":\"https:\\\/\\\/citygame.com\\\/it\\\/\",\"name\":\"City Game\",\"description\":\"\",\"publisher\":{\"@id\":\"https:\\\/\\\/citygame.com\\\/it\\\/#organization\"},\"alternateName\":\"citygame.com\",\"potentialAction\":[{\"@type\":\"SearchAction\",\"target\":{\"@type\":\"EntryPoint\",\"urlTemplate\":\"https:\\\/\\\/citygame.com\\\/it\\\/?s={search_term_string}\"},\"query-input\":{\"@type\":\"PropertyValueSpecification\",\"valueRequired\":true,\"valueName\":\"search_term_string\"}}],\"inLanguage\":\"it-IT\"},{\"@type\":\"Organization\",\"@id\":\"https:\\\/\\\/citygame.com\\\/it\\\/#organization\",\"name\":\"City Game\",\"alternateName\":\"citygame.com\",\"url\":\"https:\\\/\\\/citygame.com\\\/it\\\/\",\"logo\":{\"@type\":\"ImageObject\",\"inLanguage\":\"it-IT\",\"@id\":\"https:\\\/\\\/citygame.com\\\/it\\\/#\\\/schema\\\/logo\\\/image\\\/\",\"url\":\"https:\\\/\\\/citygame.com\\\/wp-content\\\/blogs.dir\\\/1\\\/files\\\/2025\\\/10\\\/CG_LOGO-City-Game.png\",\"contentUrl\":\"https:\\\/\\\/citygame.com\\\/wp-content\\\/blogs.dir\\\/1\\\/files\\\/2025\\\/10\\\/CG_LOGO-City-Game.png\",\"width\":351,\"height\":377,\"caption\":\"City Game\"},\"image\":{\"@id\":\"https:\\\/\\\/citygame.com\\\/it\\\/#\\\/schema\\\/logo\\\/image\\\/\"},\"sameAs\":[\"https:\\\/\\\/www.facebook.com\\\/profile.php?id=100086426226253\",\"https:\\\/\\\/www.instagram.com\\\/citygame_com\",\"https:\\\/\\\/www.tiktok.com\\\/@citygamecom\\\/\",\"https:\\\/\\\/www.linkedin.com\\\/company\\\/citygame-com\"],\"description\":\"Turn any city into a playground with our interactive City Games and self-guided tours. Fun, flexible, and ideal for groups and team building.\"}]}<\/script>\n<!-- \/ Yoast SEO Premium plugin. -->","yoast_head_json":{"title":"City Game Cape Verde - City Game","robots":{"index":"index","follow":"follow","max-snippet":"max-snippet:-1","max-image-preview":"max-image-preview:large","max-video-preview":"max-video-preview:-1"},"canonical":"https:\/\/citygame.com\/it\/luoghi\/city-game-cape-verde\/","og_locale":"it_IT","og_type":"article","og_title":"City Game Cape Verde","og_url":"https:\/\/citygame.com\/it\/luoghi\/city-game-cape-verde\/","og_site_name":"City Game","article_publisher":"https:\/\/www.facebook.com\/profile.php?id=100086426226253","og_image":[{"width":1376,"height":768,"url":"https:\/\/citygame.com\/wp-content\/blogs.dir\/1\/files\/2026\/02\/cape-verde-pico-do-fogo-volcano-sunset.jpg","type":"image\/jpeg"}],"twitter_card":"summary_large_image","schema":{"@context":"https:\/\/schema.org","@graph":[{"@type":"WebPage","@id":"https:\/\/citygame.com\/it\/luoghi\/city-game-cape-verde\/","url":"https:\/\/citygame.com\/it\/luoghi\/city-game-cape-verde\/","name":"City Game Cape Verde - City Game","isPartOf":{"@id":"https:\/\/citygame.com\/it\/#website"},"primaryImageOfPage":{"@id":"https:\/\/citygame.com\/it\/luoghi\/city-game-cape-verde\/#primaryimage"},"image":{"@id":"https:\/\/citygame.com\/it\/luoghi\/city-game-cape-verde\/#primaryimage"},"thumbnailUrl":"https:\/\/citygame.com\/wp-content\/blogs.dir\/1\/files\/2026\/02\/cape-verde-pico-do-fogo-volcano-sunset.jpg","datePublished":"2026-04-22T05:46:00+00:00","breadcrumb":{"@id":"https:\/\/citygame.com\/it\/luoghi\/city-game-cape-verde\/#breadcrumb"},"inLanguage":"it-IT","potentialAction":[{"@type":"ReadAction","target":["https:\/\/citygame.com\/it\/luoghi\/city-game-cape-verde\/"]}]},{"@type":"ImageObject","inLanguage":"it-IT","@id":"https:\/\/citygame.com\/it\/luoghi\/city-game-cape-verde\/#primaryimage","url":"https:\/\/citygame.com\/wp-content\/blogs.dir\/1\/files\/2026\/02\/cape-verde-pico-do-fogo-volcano-sunset.jpg","contentUrl":"https:\/\/citygame.com\/wp-content\/blogs.dir\/1\/files\/2026\/02\/cape-verde-pico-do-fogo-volcano-sunset.jpg","width":1376,"height":768,"caption":"The village of Ch\u00e3 das Caldeiras sits at the foot of the Pico do Fogo volcano. Photo: Guilhem Vellut (Flickr)"},{"@type":"BreadcrumbList","@id":"https:\/\/citygame.com\/it\/luoghi\/city-game-cape-verde\/#breadcrumb","itemListElement":[{"@type":"ListItem","position":1,"name":"Home","item":"https:\/\/citygame.com\/it\/"},{"@type":"ListItem","position":2,"name":"Luoghi","item":"https:\/\/citygame.com\/it\/luoghi\/"},{"@type":"ListItem","position":3,"name":"City Game Cape Verde"}]},{"@type":"WebSite","@id":"https:\/\/citygame.com\/it\/#website","url":"https:\/\/citygame.com\/it\/","name":"City Game","description":"","publisher":{"@id":"https:\/\/citygame.com\/it\/#organization"},"alternateName":"citygame.com","potentialAction":[{"@type":"SearchAction","target":{"@type":"EntryPoint","urlTemplate":"https:\/\/citygame.com\/it\/?s={search_term_string}"},"query-input":{"@type":"PropertyValueSpecification","valueRequired":true,"valueName":"search_term_string"}}],"inLanguage":"it-IT"},{"@type":"Organization","@id":"https:\/\/citygame.com\/it\/#organization","name":"City Game","alternateName":"citygame.com","url":"https:\/\/citygame.com\/it\/","logo":{"@type":"ImageObject","inLanguage":"it-IT","@id":"https:\/\/citygame.com\/it\/#\/schema\/logo\/image\/","url":"https:\/\/citygame.com\/wp-content\/blogs.dir\/1\/files\/2025\/10\/CG_LOGO-City-Game.png","contentUrl":"https:\/\/citygame.com\/wp-content\/blogs.dir\/1\/files\/2025\/10\/CG_LOGO-City-Game.png","width":351,"height":377,"caption":"City Game"},"image":{"@id":"https:\/\/citygame.com\/it\/#\/schema\/logo\/image\/"},"sameAs":["https:\/\/www.facebook.com\/profile.php?id=100086426226253","https:\/\/www.instagram.com\/citygame_com","https:\/\/www.tiktok.com\/@citygamecom\/","https:\/\/www.linkedin.com\/company\/citygame-com"],"description":"Turn any city into a playground with our interactive City Games and self-guided tours. Fun, flexible, and ideal for groups and team building."}]}},"taxonomy_info":{"countries-only-parent-locations":[{"value":442,"label":"Africa"}],"cg_page_type":[{"value":44,"label":"Country overview page"}]},"featured_image_src_large":["https:\/\/citygame.com\/wp-content\/blogs.dir\/1\/files\/2026\/02\/cape-verde-pico-do-fogo-volcano-sunset-1024x572.jpg",1024,572,true],"author_info":{"display_name":"Philip","author_link":"https:\/\/citygame.com\/it\/blog\/author\/sophi2\/"},"comment_info":0,"wpml_current_locale":"it_IT","wpml_translations":{"nl_NL":{"locale":"nl_NL","id":225740,"slug":"city-game-kaapverdie","post_title":"City Game Kaapverdi\u00eb","href":"https:\/\/citygame.com\/nl\/locaties\/city-game-kaapverdie\/"},"en_US":{"locale":"en_US","id":12757,"slug":"cape-verde","post_title":"City Game Cape Verde","href":"https:\/\/citygame.com\/locations\/cape-verde\/"},"fr_FR":{"locale":"fr_FR","id":225743,"slug":"city-game-cap-vert","post_title":"City Game Cap-Vert","href":"https:\/\/citygame.com\/fr\/emplacements\/city-game-cap-vert\/"},"de_DE":{"locale":"de_DE","id":225741,"slug":"city-game-kap-verde","post_title":"City Game Kap Verde","href":"https:\/\/citygame.com\/de\/standorte\/city-game-kap-verde\/"},"it_IT":{"locale":"it_IT","translation":"current"},"es_ES":{"locale":"es_ES","id":225742,"slug":"city-game-cabo-verde","post_title":"City Game Cabo Verde","href":"https:\/\/citygame.com\/es\/localizaciones\/city-game-cabo-verde\/"}},"_links":{"self":[{"href":"https:\/\/citygame.com\/it\/wp-json\/wp\/v2\/pages\/225744","targetHints":{"allow":["GET"]}}],"collection":[{"href":"https:\/\/citygame.com\/it\/wp-json\/wp\/v2\/pages"}],"about":[{"href":"https:\/\/citygame.com\/it\/wp-json\/wp\/v2\/types\/page"}],"author":[{"embeddable":true,"href":"https:\/\/citygame.com\/it\/wp-json\/wp\/v2\/users\/78"}],"replies":[{"embeddable":true,"href":"https:\/\/citygame.com\/it\/wp-json\/wp\/v2\/comments?post=225744"}],"version-history":[{"count":0,"href":"https:\/\/citygame.com\/it\/wp-json\/wp\/v2\/pages\/225744\/revisions"}],"up":[{"embeddable":true,"href":"https:\/\/citygame.com\/it\/wp-json\/wp\/v2\/pages\/225502"}],"acf:term":[{"embeddable":true,"taxonomy":"cities-only-parent-location","href":"https:\/\/citygame.com\/it\/wp-json\/wp\/v2\/cities-only-parent-location\/535"}],"wp:featuredmedia":[{"embeddable":true,"href":"https:\/\/citygame.com\/it\/wp-json\/wp\/v2\/media\/12752"}],"wp:attachment":[{"href":"https:\/\/citygame.com\/it\/wp-json\/wp\/v2\/media?parent=225744"}],"wp:term":[{"taxonomy":"cities-only-parent-location","embeddable":true,"href":"https:\/\/citygame.com\/it\/wp-json\/wp\/v2\/cities-only-parent-location?post=225744"},{"taxonomy":"countries-only-parent-locations","embeddable":true,"href":"https:\/\/citygame.com\/it\/wp-json\/wp\/v2\/countries-only-parent-locations?post=225744"},{"taxonomy":"seo_keyword","embeddable":true,"href":"https:\/\/citygame.com\/it\/wp-json\/wp\/v2\/seo_keyword?post=225744"},{"taxonomy":"cg_page_type","embeddable":true,"href":"https:\/\/citygame.com\/it\/wp-json\/wp\/v2\/cg_page_type?post=225744"}],"curies":[{"name":"wp","href":"https:\/\/api.w.org\/{rel}","templated":true}]}}