{"id":225763,"date":"2026-04-22T06:49:40","date_gmt":"2026-04-22T06:49:40","guid":{"rendered":"https:\/\/citygame.com\/locations\/city-game-czech-republic\/"},"modified":"2026-04-22T06:49:40","modified_gmt":"2026-04-22T06:49:40","slug":"city-game-czech-republic","status":"publish","type":"page","link":"https:\/\/citygame.com\/it\/luoghi\/city-game-czech-republic\/","title":{"rendered":"City Game Czech Republic"},"content":{"rendered":"","protected":false},"excerpt":{"rendered":"","protected":false},"author":78,"featured_media":8225,"parent":225502,"menu_order":0,"comment_status":"closed","ping_status":"closed","template":"","meta":{"_acf_changed":false,"_yoast_wpseo_focuskw":"City Game Czech Republic","_yoast_wpseo_metadesc":"","_kad_blocks_custom_css":"","_kad_blocks_head_custom_js":"","_kad_blocks_body_custom_js":"","_kad_blocks_footer_custom_js":"","_kad_post_transparent":"","_kad_post_title":"","_kad_post_layout":"","_kad_post_sidebar_id":"","_kad_post_content_style":"","_kad_post_vertical_padding":"","_kad_post_feature":"","_kad_post_feature_position":"","_kad_post_header":false,"_kad_post_footer":false,"_kad_post_classname":"","footnotes":""},"cities-only-parent-location":[],"countries-only-parent-locations":[440],"seo_keyword":[],"cg_page_type":[44],"class_list":["post-225763","page","type-page","status-publish","has-post-thumbnail","hentry","countries-only-parent-locations-europe","cg_page_type-country-overview-page"],"acf":{"country_name":"Repubblica Ceca","intro_text":"Gioca a City Games interattivi in tutta la Repubblica Ceca e scopri le citt\u00e0 in modo divertente e coinvolgente. Risolvi enigmi, completa sfide ed esplora luoghi iconici cos\u00ec come tesori nascosti. Tutti i City Games sono autoguidati e giocabili sul tuo smartphone quando vuoi.","intro_image":8228,"how_city_games_work_image":8231,"who_are_city_games_for_image":8232,"exploring_country_text":"La Repubblica Ceca \u00e8 definita da una rete di citt\u00e0 che bilancia profondit\u00e0 storica e funzionalit\u00e0 quotidiana. Le aree urbane spesso ruotano attorno a nuclei compatti e percorribili a piedi, dove le strade sono organizzate per una facile navigazione ed esplorazione. La vita cittadina scorre a un ritmo costante, con quartieri residenziali che si mescolano a spazi commerciali e pubblici in modo coeso e pratico.\r\n\r\nMolte citt\u00e0 ceche incoraggiano lo spostamento a piedi, con zone pedonali molto frequentate e sistemi di trasporto pubblico che collegano diversi quartieri. Vie laterali, cortili e piazze tranquille creano una sensazione stratificata, dove la vita urbana si sviluppa non solo nelle aree principali ma anche in angoli pi\u00f9 piccoli e lenti della citt\u00e0. L'esperienza di muoversi attraverso questi spazi \u00e8 modellata da un mix di continuit\u00e0 architettonica e sottile variet\u00e0.\r\n\r\nIl carattere urbano varia nel paese, dall'atmosfera strutturata delle citt\u00e0 pi\u00f9 grandi al passo pi\u00f9 intimo dei centri regionali pi\u00f9 piccoli. Ogni citt\u00e0 porta il proprio tono, riflettendo tradizioni locali e vita comunitaria. Questo mix di scale e identit\u00e0 offre un'esperienza diversificata ma radicata della Repubblica Ceca attraverso le sue citt\u00e0.","exploring_country_image":8236,"faq_answer_1":"I City Games sono disponibili in diverse localit\u00e0 della Repubblica Ceca, offrendo esperienze in una variet\u00e0 di contesti urbani. Puoi trovarli in grandi citt\u00e0 come Praga nonch\u00e9 in citt\u00e0 pi\u00f9 piccole.\r\n\r\nOltre alla capitale, i giochi sono disponibili anche in altre regioni, dimostrando una ampia copertura geografica. Disponibilit\u00e0 non limitata solo alle citt\u00e0 menzionate.","select_country":496,"intro_h2_city_games_in_country":"City Games nella Repubblica Ceca","intro_usp_1":"","intro_usp_2":"","intro_usp_3":"","intro_usp_4":"","intro_usp_5":"","intro_usp_6":"","intro_text_2":"","intro_cta":"","section_2_h2_choose_your_city_in_country":"","section_2_text_1":"I City Games sono disponibili nelle citt\u00e0 della Repubblica Ceca. Scegli una citt\u00e0 qui sotto per vedere quali City Games puoi giocare l\u00ec.\n","section_3_h2_all_city_game_locations_in_country":"Tutte le sedi di City Game nella Repubblica Ceca","section_4_h2_how_city_games_work_in_country":"Come funzionano City Games nella Repubblica Ceca","section_4_text_1":"City Games in Repubblica Ceca sono esperienze completamente autoguidate che ti permettono di esplorare una citt\u00e0 al tuo ritmo.","section_4_text_2":"Scegli semplicemente la tua citt\u00e0 e il gioco, segui le istruzioni sul tuo smartphone e inizia a giocare quando ti \u00e8 comodo.","section_4_usp_1":"Gioca in squadre di amici, familiari o colleghi","section_4_usp_2":"Inizia quando vuoi, non serve una guida o personale","section_4_usp_3":"Usa il tuo smartphone o tablet","section_4_usp_4":"Attraversa la citt\u00e0 risolvendo enigmi e sfide","section_4_usp_5":"Scopri curiosit\u00e0 su storia, cultura e monumenti","section_4_usp_6":"Disponibile in diverse lingue","section_4_cta":"Scegli la tua citt\u00e0","section_4_step_1":"Prenota il tuo City Game","section_4_step_1_title":"Prenota il tuo City Game","section_4_step_1_text":"Scegli la tua citt\u00e0 e il gioco e ricevi tutto istantaneamente dopo la prenotazione.","section_4_step_2":"Step 2","section_4_step_2_title":"Controlla le istruzioni","section_4_step_2_text":"Apri l'email con le istruzioni che contiene il punto di partenza e come iniziare a giocare.","section_4_step_3":"Step 3","section_4_step_3_title":"Vai al punto di partenza","section_4_step_3_text":"Raggiungi il punto di partenza quando vuoi, senza orari fissi.","section_4_step_4":"<strong>4. Gioca e Esplora!<\/strong>","section_4_step_4_title":"Step 4","section_4_step_4_text":"Segui gli indizi, risolvi enigmi e esplora la citt\u00e0 al tuo ritmo!","section_5_h2_city_game_concepts_in_country":"Concetti di City Game nella Repubblica Ceca","section_5_secrets_title":"Secrets of Esplorazione City Game","section_5_secrets_text":"Scopri le citt\u00e0 in modo divertente e interattivo con Secrets of Esplorazione City Game. Risolvi enigmi, completa sfide creative e scopri sia luoghi famosi sia tesori nascosti. Lungo il percorso, imparerai fatti sorprendenti su storia, cultura e racconti locali mentre giochi al tuo ritmo.","section_5_syndicate_title":"The Syndicate City Escape Game","section_5_syndicate_text":"Entrate in un'emozionante avventura di fuga cittadina con The Syndicate. Lavorate insieme come una squadra per risolvere enigmi, decifrare codici e recuperare formule rubate prima che scada il tempo. Questo City Game basato sulla narrativa si concentra sul lavoro di squadra, sulla risoluzione di problemi e su un gameplay coinvolgente in contesto urbano.","section_5_sherlock_title":"Sherlock Holmes Murder Mystery","section_5_sherlock_text":"Risolvi un mistero di omicidio interattivo nel Sherlock Holmes City Game. Segui una storia avvincente, indaga sui sospetti e raccogli indizi per scoprire la verit\u00e0 dietro un caso misterioso. La citt\u00e0 costituisce uno sfondo atmosferico per la storia, permettendoti di concentrarti completamente su deduzione, logica e lavoro di squadra.","hours":"ore","concepts_cta":"Leggi di pi\u00f9 su questo gioco","section_5_text_2":"Ogni concetto \u00e8 disponibile in diverse citt\u00e0 della Repubblica Ceca","section_5_cta":"Esplora tutti i City Games","section_6_h2_who_are_city_games_in_country_for":"Per chi sono i City Games nella Repubblica Ceca?","section_6_text":"I City Games nella Repubblica Ceca sono adatti a:","section_6_usp_1":"Giocatori singoli o piccoli gruppi in cerca di un'avventura flessibile","section_6_usp_2":"Turisti che esplorano citt\u00e0 della Repubblica Ceca","section_6_usp_3":"Amici e famiglie in cerca di un'attivit\u00e0 divertente","section_6_usp_4":"Aziende e team che pianificano un evento di teambuilding","section_6_usp_5":"Scegli la tua citt\u00e0","section_6_cta":"Scegli la tua citt\u00e0","section_7_h2_exploring_country":"Esplorando la Repubblica Ceca","section_8_h2_hosted_games":"I tuoi City Games preferiti, ospitati professionalmente dal nostro team","section_8_text":"Goditi gli stessi City Games della versione autoguidata, ma con supporto completo in loco da parte dei nostri host professionisti. Ci occupiamo di briefing, tablet, coordinamento e supporto tecnico, cos\u00ec che il tuo gruppo possa concentrarsi interamente sul divertimento e sulla competizione.","section_8_text_2":"Apprezzato da team in tutto il mondo, dai piccoli gruppi a grandi eventi aziendali.","section_8_usp_1_title":"Stesso City Game, completamente ospitato","section_8_usp_1_text":"Provi la stessa esperienza della nostra versione autoguidata, ora guidata dai nostri host.","section_8_usp_2_title":"Classifica in tempo reale e cerimonia dei premi","section_8_usp_2_text":"Per gruppi pi\u00f9 grandi, i nostri host rivelano i punteggi finali e annunciano la squadra vincente con un momento di premio divertente.","section_8_usp_3_title":"Avvio e fine ospitati","section_8_usp_3_text":"La Repubblica Ceca \u00e8 definita da una rete di citt\u00e0 che bilancia profondit\u00e0 storica con funzionalit\u00e0 quotidiana. Le aree urbane spesso ruotano attorno a nuclei compatti e percorribili a piedi, dove le strade sono organizzate per una facile navigazione ed esplorazione. La vita cittadina scorre a un ritmo costante, con quartieri residenziali che si mescolano a spazi commerciali e pubblici in modo coeso e pratico.\r\n\r\nMolte citt\u00e0 ceche incoraggiano lo spostamento a piedi, con zone pedonali molto frequentate e sistemi di trasporto pubblico che collegano diversi quartieri. Vie laterali, cortili e piazze tranquille creano una sensazione stratificata, dove la vita urbana si sviluppa non solo nelle aree principali ma anche in angoli pi\u00f9 piccoli e lenti della citt\u00e0. L'esperienza di muoversi attraverso questi spazi \u00e8 modellata da un mix di continuit\u00e0 architettonica e sottile variet\u00e0.\r\n\r\nIl carattere urbano varia nel paese, dall'atmosfera strutturata delle citt\u00e0 pi\u00f9 grandi al passo pi\u00f9 intimo dei centri regionali pi\u00f9 piccoli. Ogni citt\u00e0 porta il proprio tono, riflettendo tradizioni locali e vita comunitaria. Questo mix di scale e identit\u00e0 offre un'esperienza diversificata ma radicata della Repubblica Ceca attraverso le sue citt\u00e0.","section_8_usp_4_title":"Supporto in tempo reale durante il gioco","section_8_usp_4_text":"Il nostro team assiste con dispositivi, problemi dell'app e coordinamento durante l'esperienza.","section_8_usp_5_title":"Tablet inclusi (opzionali)","section_8_usp_5_text":"Disponibile per gruppi che preferiscono utilizzare i nostri dispositivi invece dei propri.","section_8_cta":"Pianifica il tuo evento di gruppo","section_9_h2_reviews":"Cosa pensano gli altri dei nostri City Games","section_9_cta_1":"Tutte le recensioni","section_9_cta_2":"Scrivi una recensione","section_10_h2_faq":"Hai domande? Abbiamo risposte!","section_10_text":"Consulta le nostre domande frequenti e scopri tutto ci\u00f2 che vuoi sapere. La tua domanda non \u00e8 presente? Sentiti libero di contattarci.","section_10_cta_1":"Visualizza tutte le domande frequenti","section_10_cta_2":"Ottieni supporto","section_10_question_1":"In quali citt\u00e0 della Repubblica Ceca posso giocare a City Game?","section_10_question_2":"Ho bisogno di una guida per giocare a City Game?","section_10_answer_2":"No, tutti i City Games sono <strong>completamente autoguidati<\/strong>! Non serve una guida o personale per giocare. Dopo la prenotazione, riceverai istruzioni chiare sul tuo smartphone per iniziare a giocare quando vuoi!\r\n\r\nPer gruppi numerosi o eventi aziendali, \u00e8 disponibile anche una versione completamente ospitata dei nostri City Games, con guida sul posto, tablet e supporto in tempo reale.\r\n\r\nPianificare un gruppo pi\u00f9 grande o un evento aziendale?","section_10_answer_2_cta":"Esplora l'esperienza City Game ospitata per gruppi","section_10_question_3":"Quanto tempo ci vuole per un City Game?","section_10_answer_3":"La maggior parte dei City Games richiede <strong>circa 1,5-2 ore<\/strong> per essere completata. Questo tempo include camminare per la citt\u00e0, risolvere enigmi e completare le sfide lungo il percorso. Puoi giocare completamente al tuo ritmo: non c'\u00e8 alcuna pressione di tempo e nessun programma rigido.\r\n\r\nSentiti libero di fare pause, mettere in pausa il gioco per un drink o pranzo e riprendere quando vuoi. Questa flessibilit\u00e0 rende facile combinare un City Game con panoramiche turistiche o altre attivit\u00e0.","section_10_question_4":"I City Games sono disponibili in pi\u00f9 lingue?","section_10_answer_4":"S\u00ec, i City Games sono <strong>disponibili in pi\u00f9 lingue<\/strong>. La maggior parte dei giochi pu\u00f2 essere giocata in diverse lingue comunemente usate, rendendoli adatti a visitatori internazionali e gruppi multilingue.\r\n\r\nLe lingue disponibili possono variare leggermente a seconda del gioco, ma la selezione della lingua \u00e8 sempre chiaramente indicata prima di iniziare a giocare. Questo permette a ogni squadra di scegliere la lingua che le \u00e8 pi\u00f9 comoda, garantendo un'esperienza fluida e divertente per tutti.","section_10_question_5":"Possiamo giocare con un grande gruppo?","section_10_answer_5":"S\u00ec, i City Games sono <strong>adatti sia a piccoli gruppi sia a grandi team<\/strong>. Grandi gruppi possono facilmente suddividersi in squadre pi\u00f9 piccole e giocare al City Game contemporaneamente, utilizzando pi\u00f9 smartphone. Ogni squadra gioca in modo indipendente, seguendo lo stesso concetto di gioco e la stessa storia.\r\n\r\nQuesto setup funziona bene per gruppi di amici, famiglie e aziende, e rende i City Games una scelta popolare per uscite di gruppo, eventi e attivit\u00e0 di teambuilding.\r\n\r\nPer gruppi numerosi o eventi aziendali, \u00e8 disponibile anche una versione completamente ospitata dei nostri City Games, che include guida sul posto, tablet e supporto in tempo reale.\r\n\r\nPianificare un gruppo pi\u00f9 grande o un evento aziendale?","section_10_answer_5_cta":"Esplora l'esperienza City Game ospitata per gruppi","section_10_question_6":"Quando possiamo iniziare a giocare a City Game?","section_10_answer_6":"Puoi iniziare a giocare <strong>quando ti \u00e8 pi\u00f9 comodo<\/strong>! I City Games non hanno un orario di inizio fisso, quindi puoi iniziare non appena si adatta al tuo programma.\r\n\r\nDopo la prenotazione, riceverai via email istruzioni chiare, consentendoti di iniziare il gioco in modo indipendente senza alcuna prenotazione o coordinamento con lo staff.\r\n\r\nQuesta flessibilit\u00e0 rende i City Games ideali da combinare con piani di viaggio, visite turistiche, pranzo o altre attivit\u00e0 durante la giornata.","section_11_h2_instagram":"Vedi di pi\u00f9 su Instagram","section_11_text":"Pronto per una straordinaria avventura nella Repubblica Ceca","section_11_cta":"Seguici su Instagram","section_12_h2_page_ending":"Pronto per una straordinaria avventura nella Repubblica Ceca","section_12_text":"Esplora le citt\u00e0 della Repubblica Ceca in modo unico e interattivo con i nostri City Games. Gioca oggi e crea ricordi duraturi!","section_12_cta":"Prenota ora il tuo City Game!"},"yoast_head":"<!-- This site is optimized with the Yoast SEO Premium plugin v26.2 (Yoast SEO v27.4) - https:\/\/yoast.com\/product\/yoast-seo-premium-wordpress\/ -->\n<title>City Game Czech Republic - City Game<\/title>\n<meta name=\"robots\" content=\"index, follow, max-snippet:-1, max-image-preview:large, max-video-preview:-1\" \/>\n<link rel=\"canonical\" href=\"https:\/\/citygame.com\/it\/luoghi\/city-game-czech-republic\/\" \/>\n<meta property=\"og:locale\" content=\"it_IT\" \/>\n<meta property=\"og:type\" content=\"article\" \/>\n<meta property=\"og:title\" content=\"City Game Czech Republic\" \/>\n<meta property=\"og:url\" content=\"https:\/\/citygame.com\/it\/luoghi\/city-game-czech-republic\/\" \/>\n<meta property=\"og:site_name\" content=\"City Game\" \/>\n<meta property=\"article:publisher\" content=\"https:\/\/www.facebook.com\/profile.php?id=100086426226253\" \/>\n<meta property=\"og:image\" content=\"https:\/\/citygame.com\/wp-content\/blogs.dir\/1\/files\/2026\/01\/prague-charles-bridge-castle-sunset.jpg\" \/>\n\t<meta property=\"og:image:width\" content=\"1376\" \/>\n\t<meta property=\"og:image:height\" content=\"768\" \/>\n\t<meta property=\"og:image:type\" content=\"image\/jpeg\" \/>\n<meta name=\"twitter:card\" content=\"summary_large_image\" \/>\n<script type=\"application\/ld+json\" class=\"yoast-schema-graph\">{\"@context\":\"https:\\\/\\\/schema.org\",\"@graph\":[{\"@type\":\"WebPage\",\"@id\":\"https:\\\/\\\/citygame.com\\\/it\\\/luoghi\\\/city-game-czech-republic\\\/\",\"url\":\"https:\\\/\\\/citygame.com\\\/it\\\/luoghi\\\/city-game-czech-republic\\\/\",\"name\":\"City Game Czech Republic - City Game\",\"isPartOf\":{\"@id\":\"https:\\\/\\\/citygame.com\\\/it\\\/#website\"},\"primaryImageOfPage\":{\"@id\":\"https:\\\/\\\/citygame.com\\\/it\\\/luoghi\\\/city-game-czech-republic\\\/#primaryimage\"},\"image\":{\"@id\":\"https:\\\/\\\/citygame.com\\\/it\\\/luoghi\\\/city-game-czech-republic\\\/#primaryimage\"},\"thumbnailUrl\":\"https:\\\/\\\/citygame.com\\\/wp-content\\\/blogs.dir\\\/1\\\/files\\\/2026\\\/01\\\/prague-charles-bridge-castle-sunset.jpg\",\"datePublished\":\"2026-04-22T06:49:40+00:00\",\"breadcrumb\":{\"@id\":\"https:\\\/\\\/citygame.com\\\/it\\\/luoghi\\\/city-game-czech-republic\\\/#breadcrumb\"},\"inLanguage\":\"it-IT\",\"potentialAction\":[{\"@type\":\"ReadAction\",\"target\":[\"https:\\\/\\\/citygame.com\\\/it\\\/luoghi\\\/city-game-czech-republic\\\/\"]}]},{\"@type\":\"ImageObject\",\"inLanguage\":\"it-IT\",\"@id\":\"https:\\\/\\\/citygame.com\\\/it\\\/luoghi\\\/city-game-czech-republic\\\/#primaryimage\",\"url\":\"https:\\\/\\\/citygame.com\\\/wp-content\\\/blogs.dir\\\/1\\\/files\\\/2026\\\/01\\\/prague-charles-bridge-castle-sunset.jpg\",\"contentUrl\":\"https:\\\/\\\/citygame.com\\\/wp-content\\\/blogs.dir\\\/1\\\/files\\\/2026\\\/01\\\/prague-charles-bridge-castle-sunset.jpg\",\"width\":1376,\"height\":768,\"caption\":\"The iconic Charles Bridge and Prague Castle are silhouetted against a vibrant sunset sky.\"},{\"@type\":\"BreadcrumbList\",\"@id\":\"https:\\\/\\\/citygame.com\\\/it\\\/luoghi\\\/city-game-czech-republic\\\/#breadcrumb\",\"itemListElement\":[{\"@type\":\"ListItem\",\"position\":1,\"name\":\"Home\",\"item\":\"https:\\\/\\\/citygame.com\\\/it\\\/\"},{\"@type\":\"ListItem\",\"position\":2,\"name\":\"Luoghi\",\"item\":\"https:\\\/\\\/citygame.com\\\/it\\\/luoghi\\\/\"},{\"@type\":\"ListItem\",\"position\":3,\"name\":\"City Game Czech Republic\"}]},{\"@type\":\"WebSite\",\"@id\":\"https:\\\/\\\/citygame.com\\\/it\\\/#website\",\"url\":\"https:\\\/\\\/citygame.com\\\/it\\\/\",\"name\":\"City Game\",\"description\":\"\",\"publisher\":{\"@id\":\"https:\\\/\\\/citygame.com\\\/it\\\/#organization\"},\"alternateName\":\"citygame.com\",\"potentialAction\":[{\"@type\":\"SearchAction\",\"target\":{\"@type\":\"EntryPoint\",\"urlTemplate\":\"https:\\\/\\\/citygame.com\\\/it\\\/?s={search_term_string}\"},\"query-input\":{\"@type\":\"PropertyValueSpecification\",\"valueRequired\":true,\"valueName\":\"search_term_string\"}}],\"inLanguage\":\"it-IT\"},{\"@type\":\"Organization\",\"@id\":\"https:\\\/\\\/citygame.com\\\/it\\\/#organization\",\"name\":\"City Game\",\"alternateName\":\"citygame.com\",\"url\":\"https:\\\/\\\/citygame.com\\\/it\\\/\",\"logo\":{\"@type\":\"ImageObject\",\"inLanguage\":\"it-IT\",\"@id\":\"https:\\\/\\\/citygame.com\\\/it\\\/#\\\/schema\\\/logo\\\/image\\\/\",\"url\":\"https:\\\/\\\/citygame.com\\\/wp-content\\\/blogs.dir\\\/1\\\/files\\\/2025\\\/10\\\/CG_LOGO-City-Game.png\",\"contentUrl\":\"https:\\\/\\\/citygame.com\\\/wp-content\\\/blogs.dir\\\/1\\\/files\\\/2025\\\/10\\\/CG_LOGO-City-Game.png\",\"width\":351,\"height\":377,\"caption\":\"City Game\"},\"image\":{\"@id\":\"https:\\\/\\\/citygame.com\\\/it\\\/#\\\/schema\\\/logo\\\/image\\\/\"},\"sameAs\":[\"https:\\\/\\\/www.facebook.com\\\/profile.php?id=100086426226253\",\"https:\\\/\\\/www.instagram.com\\\/citygame_com\",\"https:\\\/\\\/www.tiktok.com\\\/@citygamecom\\\/\",\"https:\\\/\\\/www.linkedin.com\\\/company\\\/citygame-com\"],\"description\":\"Turn any city into a playground with our interactive City Games and self-guided tours. Fun, flexible, and ideal for groups and team building.\"}]}<\/script>\n<!-- \/ Yoast SEO Premium plugin. -->","yoast_head_json":{"title":"City Game Czech Republic - City Game","robots":{"index":"index","follow":"follow","max-snippet":"max-snippet:-1","max-image-preview":"max-image-preview:large","max-video-preview":"max-video-preview:-1"},"canonical":"https:\/\/citygame.com\/it\/luoghi\/city-game-czech-republic\/","og_locale":"it_IT","og_type":"article","og_title":"City Game Czech Republic","og_url":"https:\/\/citygame.com\/it\/luoghi\/city-game-czech-republic\/","og_site_name":"City Game","article_publisher":"https:\/\/www.facebook.com\/profile.php?id=100086426226253","og_image":[{"width":1376,"height":768,"url":"https:\/\/citygame.com\/wp-content\/blogs.dir\/1\/files\/2026\/01\/prague-charles-bridge-castle-sunset.jpg","type":"image\/jpeg"}],"twitter_card":"summary_large_image","schema":{"@context":"https:\/\/schema.org","@graph":[{"@type":"WebPage","@id":"https:\/\/citygame.com\/it\/luoghi\/city-game-czech-republic\/","url":"https:\/\/citygame.com\/it\/luoghi\/city-game-czech-republic\/","name":"City Game Czech Republic - City Game","isPartOf":{"@id":"https:\/\/citygame.com\/it\/#website"},"primaryImageOfPage":{"@id":"https:\/\/citygame.com\/it\/luoghi\/city-game-czech-republic\/#primaryimage"},"image":{"@id":"https:\/\/citygame.com\/it\/luoghi\/city-game-czech-republic\/#primaryimage"},"thumbnailUrl":"https:\/\/citygame.com\/wp-content\/blogs.dir\/1\/files\/2026\/01\/prague-charles-bridge-castle-sunset.jpg","datePublished":"2026-04-22T06:49:40+00:00","breadcrumb":{"@id":"https:\/\/citygame.com\/it\/luoghi\/city-game-czech-republic\/#breadcrumb"},"inLanguage":"it-IT","potentialAction":[{"@type":"ReadAction","target":["https:\/\/citygame.com\/it\/luoghi\/city-game-czech-republic\/"]}]},{"@type":"ImageObject","inLanguage":"it-IT","@id":"https:\/\/citygame.com\/it\/luoghi\/city-game-czech-republic\/#primaryimage","url":"https:\/\/citygame.com\/wp-content\/blogs.dir\/1\/files\/2026\/01\/prague-charles-bridge-castle-sunset.jpg","contentUrl":"https:\/\/citygame.com\/wp-content\/blogs.dir\/1\/files\/2026\/01\/prague-charles-bridge-castle-sunset.jpg","width":1376,"height":768,"caption":"The iconic Charles Bridge and Prague Castle are silhouetted against a vibrant sunset sky."},{"@type":"BreadcrumbList","@id":"https:\/\/citygame.com\/it\/luoghi\/city-game-czech-republic\/#breadcrumb","itemListElement":[{"@type":"ListItem","position":1,"name":"Home","item":"https:\/\/citygame.com\/it\/"},{"@type":"ListItem","position":2,"name":"Luoghi","item":"https:\/\/citygame.com\/it\/luoghi\/"},{"@type":"ListItem","position":3,"name":"City Game Czech Republic"}]},{"@type":"WebSite","@id":"https:\/\/citygame.com\/it\/#website","url":"https:\/\/citygame.com\/it\/","name":"City Game","description":"","publisher":{"@id":"https:\/\/citygame.com\/it\/#organization"},"alternateName":"citygame.com","potentialAction":[{"@type":"SearchAction","target":{"@type":"EntryPoint","urlTemplate":"https:\/\/citygame.com\/it\/?s={search_term_string}"},"query-input":{"@type":"PropertyValueSpecification","valueRequired":true,"valueName":"search_term_string"}}],"inLanguage":"it-IT"},{"@type":"Organization","@id":"https:\/\/citygame.com\/it\/#organization","name":"City Game","alternateName":"citygame.com","url":"https:\/\/citygame.com\/it\/","logo":{"@type":"ImageObject","inLanguage":"it-IT","@id":"https:\/\/citygame.com\/it\/#\/schema\/logo\/image\/","url":"https:\/\/citygame.com\/wp-content\/blogs.dir\/1\/files\/2025\/10\/CG_LOGO-City-Game.png","contentUrl":"https:\/\/citygame.com\/wp-content\/blogs.dir\/1\/files\/2025\/10\/CG_LOGO-City-Game.png","width":351,"height":377,"caption":"City Game"},"image":{"@id":"https:\/\/citygame.com\/it\/#\/schema\/logo\/image\/"},"sameAs":["https:\/\/www.facebook.com\/profile.php?id=100086426226253","https:\/\/www.instagram.com\/citygame_com","https:\/\/www.tiktok.com\/@citygamecom\/","https:\/\/www.linkedin.com\/company\/citygame-com"],"description":"Turn any city into a playground with our interactive City Games and self-guided tours. Fun, flexible, and ideal for groups and team building."}]}},"taxonomy_info":{"countries-only-parent-locations":[{"value":440,"label":"Europe"}],"cg_page_type":[{"value":44,"label":"Country overview page"}]},"featured_image_src_large":["https:\/\/citygame.com\/wp-content\/blogs.dir\/1\/files\/2026\/01\/prague-charles-bridge-castle-sunset-1024x572.jpg",1024,572,true],"author_info":{"display_name":"Philip","author_link":"https:\/\/citygame.com\/it\/blog\/author\/sophi2\/"},"comment_info":0,"wpml_current_locale":"it_IT","wpml_translations":{"nl_NL":{"locale":"nl_NL","id":225759,"slug":"city-game-tsjechie","post_title":"City Game Tsjechi\u00eb","href":"https:\/\/citygame.com\/nl\/locaties\/city-game-tsjechie\/"},"en_US":{"locale":"en_US","id":8237,"slug":"czech-republic","post_title":"City Game Czech Republic","href":"https:\/\/citygame.com\/locations\/czech-republic\/"},"fr_FR":{"locale":"fr_FR","id":225762,"slug":"city-game-republique-tcheque","post_title":"City Game R\u00e9publique tch\u00e8que","href":"https:\/\/citygame.com\/fr\/emplacements\/city-game-republique-tcheque\/"},"de_DE":{"locale":"de_DE","id":225760,"slug":"city-game-tschechische-republik","post_title":"City Game Tschechische Republik","href":"https:\/\/citygame.com\/de\/standorte\/city-game-tschechische-republik\/"},"it_IT":{"locale":"it_IT","translation":"current"},"es_ES":{"locale":"es_ES","id":225761,"slug":"city-game-czech-republic","post_title":"City Game Czech Republic","href":"https:\/\/citygame.com\/es\/localizaciones\/city-game-czech-republic\/"}},"_links":{"self":[{"href":"https:\/\/citygame.com\/it\/wp-json\/wp\/v2\/pages\/225763","targetHints":{"allow":["GET"]}}],"collection":[{"href":"https:\/\/citygame.com\/it\/wp-json\/wp\/v2\/pages"}],"about":[{"href":"https:\/\/citygame.com\/it\/wp-json\/wp\/v2\/types\/page"}],"author":[{"embeddable":true,"href":"https:\/\/citygame.com\/it\/wp-json\/wp\/v2\/users\/78"}],"replies":[{"embeddable":true,"href":"https:\/\/citygame.com\/it\/wp-json\/wp\/v2\/comments?post=225763"}],"version-history":[{"count":0,"href":"https:\/\/citygame.com\/it\/wp-json\/wp\/v2\/pages\/225763\/revisions"}],"up":[{"embeddable":true,"href":"https:\/\/citygame.com\/it\/wp-json\/wp\/v2\/pages\/225502"}],"acf:term":[{"embeddable":true,"taxonomy":"cities-only-parent-location","href":"https:\/\/citygame.com\/it\/wp-json\/wp\/v2\/cities-only-parent-location\/496"}],"wp:featuredmedia":[{"embeddable":true,"href":"https:\/\/citygame.com\/it\/wp-json\/wp\/v2\/media\/8225"}],"wp:attachment":[{"href":"https:\/\/citygame.com\/it\/wp-json\/wp\/v2\/media?parent=225763"}],"wp:term":[{"taxonomy":"cities-only-parent-location","embeddable":true,"href":"https:\/\/citygame.com\/it\/wp-json\/wp\/v2\/cities-only-parent-location?post=225763"},{"taxonomy":"countries-only-parent-locations","embeddable":true,"href":"https:\/\/citygame.com\/it\/wp-json\/wp\/v2\/countries-only-parent-locations?post=225763"},{"taxonomy":"seo_keyword","embeddable":true,"href":"https:\/\/citygame.com\/it\/wp-json\/wp\/v2\/seo_keyword?post=225763"},{"taxonomy":"cg_page_type","embeddable":true,"href":"https:\/\/citygame.com\/it\/wp-json\/wp\/v2\/cg_page_type?post=225763"}],"curies":[{"name":"wp","href":"https:\/\/api.w.org\/{rel}","templated":true}]}}