{"id":225768,"date":"2026-04-22T07:05:48","date_gmt":"2026-04-22T07:05:48","guid":{"rendered":"https:\/\/citygame.com\/locations\/city-game-denmark\/"},"modified":"2026-04-22T07:05:48","modified_gmt":"2026-04-22T07:05:48","slug":"city-game-denmark","status":"publish","type":"page","link":"https:\/\/citygame.com\/it\/luoghi\/city-game-denmark\/","title":{"rendered":"City Game Denmark"},"content":{"rendered":"","protected":false},"excerpt":{"rendered":"","protected":false},"author":78,"featured_media":7699,"parent":225502,"menu_order":0,"comment_status":"closed","ping_status":"closed","template":"","meta":{"_acf_changed":false,"_yoast_wpseo_focuskw":"City Game Denmark","_yoast_wpseo_metadesc":"","_kad_blocks_custom_css":"","_kad_blocks_head_custom_js":"","_kad_blocks_body_custom_js":"","_kad_blocks_footer_custom_js":"","_kad_post_transparent":"","_kad_post_title":"","_kad_post_layout":"","_kad_post_sidebar_id":"","_kad_post_content_style":"","_kad_post_vertical_padding":"","_kad_post_feature":"","_kad_post_feature_position":"","_kad_post_header":false,"_kad_post_footer":false,"_kad_post_classname":"","footnotes":""},"cities-only-parent-location":[],"countries-only-parent-locations":[440],"seo_keyword":[],"cg_page_type":[44],"class_list":["post-225768","page","type-page","status-publish","has-post-thumbnail","hentry","countries-only-parent-locations-europe","cg_page_type-country-overview-page"],"acf":{"country_name":"Danimarca","intro_text":"Gioca a City Games interattivi in Danimarca e scopri le citt\u00e0 in modo divertente e coinvolgente. Risolvi enigmi, affronta sfide e scopri punti salienti cos\u00ec come gemme nascoste. Tutti City Games sono autoguidati e giocabili sul tuo smartphone, quando vuoi.","intro_image":7700,"how_city_games_work_image":7702,"who_are_city_games_for_image":7704,"exploring_country_text":"Le citt\u00e0 in Danimarca sono definite dal loro sviluppo a misura d'uomo e da un ritmo urbano tranquillo. Che si trovino in grandi citt\u00e0 come Copenaghen o in paesi pi\u00f9 piccoli del paese, gli ambienti costruiti sono tipicamente compatti, con aree residenziali, vie commerciali e spazi verdi disposti in modo da sostenere gli spostamenti quotidiani a piedi o in bicicletta. Questo crea un'atmosfera coesa in cui la transizione tra i quartieri spesso sembra fluida.\n\nLe citt\u00e0 danesi danno priorit\u00e0 all'accessibilit\u00e0 e alla facilit\u00e0 di movimento. Le strade sono generalmente ben tenute e progettate pensando a pedoni e ciclisti, supportando una vita urbana tranquilla ma attiva. Gran parte dell'attivit\u00e0 quotidiana avviene negli spazi pubblici, dove caff\u00e8, supermercati e servizi locali fanno parte del flusso cittadino regolare piuttosto che concentrarsi in zone commerciali.\n\nLa vita urbana in Danimarca varia per scala ma condivide un senso attento di pianificazione e ritmo. Mentre Copenaghen ha un'energia pi\u00f9 internazionale, citt\u00e0 pi\u00f9 piccole come Aarhus, Odense o Aalborg sembrano pi\u00f9 locali e radicate nella loro regione. Eppure in tutte le aree urbane c'\u00e8 un senso di ordine e accessibilit\u00e0 che rende la vita cittadina in Danimarca accogliente e radicata.","exploring_country_image":7706,"faq_answer_1":"City Games sono disponibili in diverse citt\u00e0 in Danimarca, offrendo una variet\u00e0 di esperienze sia in localit\u00e0 note che in sedi pi\u00f9 piccole. Puoi esplorare City Games nelle grandi citt\u00e0 come Copenaghen e Aalborg, cos\u00ec come in altre cittadine del paese.\n\nLe esperienze non sono limitate a solo queste citt\u00e0, e la disponibilit\u00e0 si estende a una variet\u00e0 di aree urbane in Danimarca. Ci\u00f2 include sia centri abitati pi\u00f9 grandi che destinazioni pi\u00f9 piccole.","select_country":472,"intro_h2_city_games_in_country":"City Games in Denmark","intro_usp_1":"1,5-2 ore di gioco","intro_usp_2":"3-4 km a piedi","intro_usp_3":"Inizia, metti in pausa e riprendi quando vuoi","intro_usp_4":"1-4 o 2-5 persone per smartphone, a seconda del tuo gioco","intro_usp_5":"Gioca in autonomia","intro_usp_6":"Connessione Internet richiesta","intro_text_2":"Scegli la tua citt\u00e0 e inizia a giocare oggi!","intro_cta":"Controlla tutte le location","section_2_h2_choose_your_city_in_country":"Scegli la tua citt\u00e0 in Danimarca","section_2_text_1":"City Games sono disponibili in citt\u00e0 in Danimarca. Scegli una citt\u00e0 qui sotto per vedere quali City Games puoi giocare l\u00ec.\n","section_3_h2_all_city_game_locations_in_country":"Tutte le sedi di City Game in Danimarca","section_4_h2_how_city_games_work_in_country":"How City Games Work in Denmark","section_4_text_1":"City Games in Denmark sono esperienze completamente autoguidate che ti permettono di esplorare una citt\u00e0 al tuo ritmo.","section_4_text_2":"Semplicemente scegli la tua citt\u00e0 e il gioco, segui le istruzioni sul tuo smartphone e inizia a giocare quando ti \u00e8 comodo.","section_4_usp_1":"Gioca in squadre di amici, familiari o colleghi","section_4_usp_2":"Inizia quando vuoi, non serve una guida o personale","section_4_usp_3":"Usa il tuo smartphone o tablet","section_4_usp_4":"Cammina per la citt\u00e0 risolvendo enigmi e sfide","section_4_usp_5":"Impara curiosit\u00e0 sulla storia, cultura e luoghi di interesse","section_4_usp_6":"Disponibile in pi\u00f9 lingue","section_4_cta":"Scegli la tua citt\u00e0","section_4_step_1":"Prenota il tuo City Game","section_4_step_1_title":"Prenota il tuo City Game","section_4_step_1_text":"Scegli la tua citt\u00e0 e il gioco e ricevi tutto immediatamente dopo la prenotazione.","section_4_step_2":"Step 2","section_4_step_2_title":"Controlla le istruzioni","section_4_step_2_text":"Apri l'email delle istruzioni con il tuo punto di partenza e come iniziare a giocare.","section_4_step_3":"Step 3","section_4_step_3_title":"Vai al punto di partenza","section_4_step_3_text":"Raggiungi il punto di partenza quando vuoi, senza orario fisso.","section_4_step_4":"4","section_4_step_4_title":"Step 4","section_4_step_4_text":"Segui gli indizi, risolvi enigmi ed esplora la citt\u00e0 al tuo ritmo!","section_5_h2_city_game_concepts_in_country":"City Game Concepts in Denmark","section_5_secrets_title":"Secrets of Exploration Game","section_5_secrets_text":"Scopri citt\u00e0 in modo divertente e interattivo con Secrets of Exploration City Game. Risolvi enigmi, porta a termine sfide creative e scopri sia luoghi famosi sia luoghi nascosti. Lungo il percorso, imparerai fatti sorprendenti su storia, cultura e storie locali mentre giochi al tuo ritmo.","section_5_syndicate_title":"The Syndicate City Escape Game","section_5_syndicate_text":"Entrate in un'avventura di fuga cittadina emozionante con The Syndicate. Lavorate insieme come una squadra per risolvere indovinelli, decifrare codici e recuperare formule rubate prima che scada il tempo. Questo City Game guidato dalla storia si concentra sul lavoro di squadra, sulla risoluzione dei problemi e su un gameplay coinvolgente in un contesto urbano.","section_5_sherlock_title":"Sherlock Holmes Murder Mystery","section_5_sherlock_text":"Risolvi un mistero di omicidio interattivo nel Sherlock Holmes City Game. Segui una trama avvincente, indaga sui sospetti e raccogli indizi per scoprire la verit\u00e0 dietro un caso misterioso. La citt\u00e0 offre uno sfondo atmosferico per la storia, permettendoti di concentrarti pienamente su deduzione, logica e lavoro di squadra.","hours":"ore","concepts_cta":"Leggi di pi\u00f9 su questo gioco","section_5_text_2":"Ogni concetto \u00e8 disponibile in diverse citt\u00e0 in Danimarca","section_5_cta":"Esplora tutti i City Games","section_6_h2_who_are_city_games_in_country_for":"Per chi sono i City Games in Danimarca?","section_6_text":"City Games in Danimarca sono adatti a:","section_6_usp_1":"Giocatori singoli o piccoli gruppi in cerca di un'avventura flessibile","section_6_usp_2":"Turisti che esplorano le citt\u00e0 in Danimarca","section_6_usp_3":"Amici e famiglie in cerca di un'attivit\u00e0 divertente","section_6_usp_4":"Aziende e team che pianificano un evento di teambuilding","section_6_usp_5":"Scegli la tua citt\u00e0","section_6_cta":"Scegli la tua citt\u00e0","section_7_h2_exploring_country":"Esplorare la Danimarca","section_8_h2_hosted_games":"Your favourite City Games, professionally hosted by our team","section_8_text":"Goditi gli stessi City Games della versione autoguidata, ma con pieno supporto on-site da parte dei nostri host professionisti. Ci occupiamo di briefing, tablet, coordinamento e supporto tecnico, cos\u00ec da permettere al tuo gruppo di concentrarsi interamente sul divertimento e sulla competizione.","section_8_text_2":"Affidato da team di tutto il mondo, dai piccoli gruppi ai grandi eventi aziendali.","section_8_usp_1_title":"Same City Game, fully hosted","section_8_usp_1_text":"Gioca la stessa esperienza della nostra versione autoguidata, ora guidata dai nostri host.","section_8_usp_2_title":"Live ranking & prize ceremony","section_8_usp_2_text":"Per gruppi numerosi, i nostri host rivelano i punteggi finali e annunciano la squadra vincente con un momento di premio divertente.","section_8_usp_3_title":"Hosted start & finish","section_8_usp_3_text":"Le citt\u00e0 in Danimarca sono definite dal loro layout a misura d'uomo e da un ritmo urbano tranquillo. Sia nelle grandi citt\u00e0 come Copenaghen sia nelle cittadine del paese, gli ambienti costruiti sono tipicamente compatti, con aree residenziali, vie commerciali e spazi verdi disposti in modo da sostenere gli spostamenti quotidiani a piedi o in bicicletta. Questo crea un'atmosfera coesa in cui la transizione tra i quartieri spesso sembra senza soluzione di continuit\u00e0.\n\nLe citt\u00e0 danesi danno priorit\u00e0 all'accessibilit\u00e0 e alla facilit\u00e0 di movimento. Le strade sono generalmente ben tenute e progettate pensando a pedoni e ciclisti, sostenendo una vita urbana tranquilla ma attiva. Gran parte dell'attivit\u00e0 quotidiana avviene negli spazi pubblici, dove caff\u00e8, supermercati e servizi locali fanno parte del flusso cittadino regolare piuttosto che concentrarsi in zone commerciali.\n\nLa vita urbana in Danimarca varia per scala ma condivide un senso di pianificazione e ritmo. Mentre Copenaghen ha un'energia pi\u00f9 internazionale, citt\u00e0 pi\u00f9 piccole come Aarhus, Odense o Aalborg sembrano pi\u00f9 locali e radicate nella loro regione. Eppure in tutte le aree urbane c'\u00e8 un senso di ordine e accessibilit\u00e0 che rende la vita in citt\u00e0 in Danimarca accogliente e radicata.","section_8_usp_4_title":"Real-time support during the game","section_8_usp_4_text":"Il nostro team assiste con dispositivi, problemi dell'app e coordinamento durante l'esperienza.","section_8_usp_5_title":"Tablets included (optional)","section_8_usp_5_text":"Disponibili per gruppi che preferiscono usare i nostri dispositivi invece dei propri.","section_8_cta":"Pianifica il tuo evento di gruppo","section_9_h2_reviews":"Cosa pensano gli altri dei nostri City Games","section_9_cta_1":"Tutte le recensioni","section_9_cta_2":"Scrivi una recensione","section_10_h2_faq":"Hai domande? Abbiamo risposte!","section_10_text":"Dai un'occhiata alle nostre domande frequenti e scopri tutto ci\u00f2 che vuoi sapere. La tua domanda non \u00e8 tra queste? Sentiti libero di contattarci.","section_10_cta_1":"Vedi tutte le domande frequenti","section_10_cta_2":"Ottieni supporto","section_10_question_1":"In quali citt\u00e0 della Danimarca posso giocare a City Game?","section_10_question_2":"Ho bisogno di una guida per giocare a City Game?","section_10_answer_2":"No, all City Games sono <strong>completamente autoguidati<\/strong>! Non serve una guida o un membro dello staff per giocare. Dopo la prenotazione, riceverai istruzioni chiare sul tuo smartphone in modo da poter iniziare non appena ti \u00e8 comodo!\r\n\r\nPer gruppi pi\u00f9 grandi o eventi aziendali, \u00e8 disponibile anche una versione completamente ospitata dei nostri City Games, inclusa guida sul posto, tablet e supporto in tempo reale.\r\n\r\nPianificare un gruppo pi\u00f9 numeroso o un evento aziendale?","section_10_answer_2_cta":"Esplora l'esperienza City Game ospitata per gruppi","section_10_question_3":"Quanto tempo richiede un City Game?","section_10_answer_3":"La maggior parte dei City Games richiede <strong>circa 1,5-2 ore<\/strong> per essere completata. Ci\u00f2 include camminare per la citt\u00e0, risolvere enigmi e completare sfide lungo il percorso. Puoi giocare al tuo ritmo: non c'\u00e8 pressione temporale e nessun orario rigido.\r\n\r\nSentiti libero di fare pause, mettere in pausa il gioco per una bevanda o pranzo, e continuare quando vuoi. Questa flessibilit\u00e0 rende facile combinare un City Game con visite turistiche o altre attivit\u00e0.","section_10_question_4":"I City Games sono disponibili in pi\u00f9 lingue?","section_10_answer_4":"S\u00ec, City Games sono <strong(disponibili in pi\u00f9 lingue)<\/strong>. La maggior parte dei giochi pu\u00f2 essere giocata in diverse lingue comunemente usate, rendendoli adatti a visitatori internazionali e gruppi multilingue.\r\n\r\nLe lingue disponibili possono variare leggermente da gioco a gioco, ma la selezione della lingua \u00e8 sempre chiaramente indicata prima di iniziare a giocare. Ci\u00f2 permette a ogni squadra di scegliere la lingua che le \u00e8 pi\u00f9 congeniale, garantendo un'esperienza fluida e piacevole per tutti.","section_10_question_5":"Possiamo giocare con un grande gruppo?","section_10_answer_5":"S\u00ec, i City Games sono <strong>adatti sia per piccoli gruppi che per team numerosi<\/strong>. Grandi gruppi possono facilmente suddividersi in squadre pi\u00f9 piccole e giocare al City Game contemporaneamente, usando pi\u00f9 smartphone. Ogni squadra gioca in modo indipendente, seguendo lo stesso concetto di gioco e la stessa storia.\r\n\r\nQuesta configurazione funziona bene per gruppi di amici, famiglie e aziende, e rende i City Games una scelta popolare per uscite di gruppo, eventi e attivit\u00e0 di teambuilding.\r\n\r\nPer gruppi pi\u00f9 numerosi o eventi aziendali, \u00e8 disponibile anche una versione completamente ospitata dei nostri City Games, inclusa guida sul posto, tablet e supporto in tempo reale.\r\n\r\nPianificare un gruppo pi\u00f9 numeroso o un evento aziendale?","section_10_answer_5_cta":"Esplora l'esperienza City Game ospitata per gruppi","section_10_question_6":"Quando possiamo iniziare a giocare a City Game?","section_10_answer_6":"Puoi iniziare a giocare <strong>non appena ti \u00e8 possibile<\/strong>! I City Games non hanno un orario di inizio fisso, quindi sei libero di iniziare in un momento che si adatti al tuo programma.\r\n\r\nDopo la prenotazione, riceverai istruzioni chiare via email, permettendoti di iniziare il gioco in modo indipendente senza prenotazioni o coordinamento con lo staff.\r\n\r\nQuesta flessibilit\u00e0 rende i City Games ideali da combinare con piani di viaggio, visite turistiche, pranzo o altre attivit\u00e0 durante la giornata.","section_11_h2_instagram":"Vedi di pi\u00f9 su Instagram","section_11_text":"Pronto per un'avventura indimenticabile in Danimarca","section_11_cta":"Seguici su Instagram","section_12_h2_page_ending":"Pronto per un'avventura indimenticabile in Danimarca","section_12_text":"Esplora le citt\u00e0 in Danimarca in modo unico e interattivo con i nostri City Games. Gioca oggi e crea ricordi duraturi!","section_12_cta":"Prenota ora il tuo City Game!"},"yoast_head":"<!-- This site is optimized with the Yoast SEO Premium plugin v26.2 (Yoast SEO v27.4) - https:\/\/yoast.com\/product\/yoast-seo-premium-wordpress\/ -->\n<title>City Game Denmark - City Game<\/title>\n<meta name=\"robots\" content=\"index, follow, max-snippet:-1, max-image-preview:large, max-video-preview:-1\" \/>\n<link rel=\"canonical\" href=\"https:\/\/citygame.com\/it\/luoghi\/city-game-denmark\/\" \/>\n<meta property=\"og:locale\" content=\"it_IT\" \/>\n<meta property=\"og:type\" content=\"article\" \/>\n<meta property=\"og:title\" content=\"City Game Denmark\" \/>\n<meta property=\"og:url\" content=\"https:\/\/citygame.com\/it\/luoghi\/city-game-denmark\/\" \/>\n<meta property=\"og:site_name\" content=\"City Game\" \/>\n<meta property=\"article:publisher\" content=\"https:\/\/www.facebook.com\/profile.php?id=100086426226253\" \/>\n<meta property=\"og:image\" content=\"https:\/\/citygame.com\/wp-content\/blogs.dir\/1\/files\/2026\/01\/nyhavn-canal-copenhagen-sunset.jpg\" \/>\n\t<meta property=\"og:image:width\" content=\"1376\" \/>\n\t<meta property=\"og:image:height\" content=\"768\" \/>\n\t<meta property=\"og:image:type\" content=\"image\/jpeg\" \/>\n<meta name=\"twitter:card\" content=\"summary_large_image\" \/>\n<script type=\"application\/ld+json\" class=\"yoast-schema-graph\">{\"@context\":\"https:\\\/\\\/schema.org\",\"@graph\":[{\"@type\":\"WebPage\",\"@id\":\"https:\\\/\\\/citygame.com\\\/it\\\/luoghi\\\/city-game-denmark\\\/\",\"url\":\"https:\\\/\\\/citygame.com\\\/it\\\/luoghi\\\/city-game-denmark\\\/\",\"name\":\"City Game Denmark - City Game\",\"isPartOf\":{\"@id\":\"https:\\\/\\\/citygame.com\\\/it\\\/#website\"},\"primaryImageOfPage\":{\"@id\":\"https:\\\/\\\/citygame.com\\\/it\\\/luoghi\\\/city-game-denmark\\\/#primaryimage\"},\"image\":{\"@id\":\"https:\\\/\\\/citygame.com\\\/it\\\/luoghi\\\/city-game-denmark\\\/#primaryimage\"},\"thumbnailUrl\":\"https:\\\/\\\/citygame.com\\\/wp-content\\\/blogs.dir\\\/1\\\/files\\\/2026\\\/01\\\/nyhavn-canal-copenhagen-sunset.jpg\",\"datePublished\":\"2026-04-22T07:05:48+00:00\",\"breadcrumb\":{\"@id\":\"https:\\\/\\\/citygame.com\\\/it\\\/luoghi\\\/city-game-denmark\\\/#breadcrumb\"},\"inLanguage\":\"it-IT\",\"potentialAction\":[{\"@type\":\"ReadAction\",\"target\":[\"https:\\\/\\\/citygame.com\\\/it\\\/luoghi\\\/city-game-denmark\\\/\"]}]},{\"@type\":\"ImageObject\",\"inLanguage\":\"it-IT\",\"@id\":\"https:\\\/\\\/citygame.com\\\/it\\\/luoghi\\\/city-game-denmark\\\/#primaryimage\",\"url\":\"https:\\\/\\\/citygame.com\\\/wp-content\\\/blogs.dir\\\/1\\\/files\\\/2026\\\/01\\\/nyhavn-canal-copenhagen-sunset.jpg\",\"contentUrl\":\"https:\\\/\\\/citygame.com\\\/wp-content\\\/blogs.dir\\\/1\\\/files\\\/2026\\\/01\\\/nyhavn-canal-copenhagen-sunset.jpg\",\"width\":1376,\"height\":768,\"caption\":\"A vibrant sunset over the historic Nyhavn waterfront district in Copenhagen, Denmark. Photo: Nick Karvounis (Unsplash)\"},{\"@type\":\"BreadcrumbList\",\"@id\":\"https:\\\/\\\/citygame.com\\\/it\\\/luoghi\\\/city-game-denmark\\\/#breadcrumb\",\"itemListElement\":[{\"@type\":\"ListItem\",\"position\":1,\"name\":\"Home\",\"item\":\"https:\\\/\\\/citygame.com\\\/it\\\/\"},{\"@type\":\"ListItem\",\"position\":2,\"name\":\"Luoghi\",\"item\":\"https:\\\/\\\/citygame.com\\\/it\\\/luoghi\\\/\"},{\"@type\":\"ListItem\",\"position\":3,\"name\":\"City Game Denmark\"}]},{\"@type\":\"WebSite\",\"@id\":\"https:\\\/\\\/citygame.com\\\/it\\\/#website\",\"url\":\"https:\\\/\\\/citygame.com\\\/it\\\/\",\"name\":\"City Game\",\"description\":\"\",\"publisher\":{\"@id\":\"https:\\\/\\\/citygame.com\\\/it\\\/#organization\"},\"alternateName\":\"citygame.com\",\"potentialAction\":[{\"@type\":\"SearchAction\",\"target\":{\"@type\":\"EntryPoint\",\"urlTemplate\":\"https:\\\/\\\/citygame.com\\\/it\\\/?s={search_term_string}\"},\"query-input\":{\"@type\":\"PropertyValueSpecification\",\"valueRequired\":true,\"valueName\":\"search_term_string\"}}],\"inLanguage\":\"it-IT\"},{\"@type\":\"Organization\",\"@id\":\"https:\\\/\\\/citygame.com\\\/it\\\/#organization\",\"name\":\"City Game\",\"alternateName\":\"citygame.com\",\"url\":\"https:\\\/\\\/citygame.com\\\/it\\\/\",\"logo\":{\"@type\":\"ImageObject\",\"inLanguage\":\"it-IT\",\"@id\":\"https:\\\/\\\/citygame.com\\\/it\\\/#\\\/schema\\\/logo\\\/image\\\/\",\"url\":\"https:\\\/\\\/citygame.com\\\/wp-content\\\/blogs.dir\\\/1\\\/files\\\/2025\\\/10\\\/CG_LOGO-City-Game.png\",\"contentUrl\":\"https:\\\/\\\/citygame.com\\\/wp-content\\\/blogs.dir\\\/1\\\/files\\\/2025\\\/10\\\/CG_LOGO-City-Game.png\",\"width\":351,\"height\":377,\"caption\":\"City Game\"},\"image\":{\"@id\":\"https:\\\/\\\/citygame.com\\\/it\\\/#\\\/schema\\\/logo\\\/image\\\/\"},\"sameAs\":[\"https:\\\/\\\/www.facebook.com\\\/profile.php?id=100086426226253\",\"https:\\\/\\\/www.instagram.com\\\/citygame_com\",\"https:\\\/\\\/www.tiktok.com\\\/@citygamecom\\\/\",\"https:\\\/\\\/www.linkedin.com\\\/company\\\/citygame-com\"],\"description\":\"Turn any city into a playground with our interactive City Games and self-guided tours. Fun, flexible, and ideal for groups and team building.\"}]}<\/script>\n<!-- \/ Yoast SEO Premium plugin. -->","yoast_head_json":{"title":"City Game Denmark - City Game","robots":{"index":"index","follow":"follow","max-snippet":"max-snippet:-1","max-image-preview":"max-image-preview:large","max-video-preview":"max-video-preview:-1"},"canonical":"https:\/\/citygame.com\/it\/luoghi\/city-game-denmark\/","og_locale":"it_IT","og_type":"article","og_title":"City Game Denmark","og_url":"https:\/\/citygame.com\/it\/luoghi\/city-game-denmark\/","og_site_name":"City Game","article_publisher":"https:\/\/www.facebook.com\/profile.php?id=100086426226253","og_image":[{"width":1376,"height":768,"url":"https:\/\/citygame.com\/wp-content\/blogs.dir\/1\/files\/2026\/01\/nyhavn-canal-copenhagen-sunset.jpg","type":"image\/jpeg"}],"twitter_card":"summary_large_image","schema":{"@context":"https:\/\/schema.org","@graph":[{"@type":"WebPage","@id":"https:\/\/citygame.com\/it\/luoghi\/city-game-denmark\/","url":"https:\/\/citygame.com\/it\/luoghi\/city-game-denmark\/","name":"City Game Denmark - City Game","isPartOf":{"@id":"https:\/\/citygame.com\/it\/#website"},"primaryImageOfPage":{"@id":"https:\/\/citygame.com\/it\/luoghi\/city-game-denmark\/#primaryimage"},"image":{"@id":"https:\/\/citygame.com\/it\/luoghi\/city-game-denmark\/#primaryimage"},"thumbnailUrl":"https:\/\/citygame.com\/wp-content\/blogs.dir\/1\/files\/2026\/01\/nyhavn-canal-copenhagen-sunset.jpg","datePublished":"2026-04-22T07:05:48+00:00","breadcrumb":{"@id":"https:\/\/citygame.com\/it\/luoghi\/city-game-denmark\/#breadcrumb"},"inLanguage":"it-IT","potentialAction":[{"@type":"ReadAction","target":["https:\/\/citygame.com\/it\/luoghi\/city-game-denmark\/"]}]},{"@type":"ImageObject","inLanguage":"it-IT","@id":"https:\/\/citygame.com\/it\/luoghi\/city-game-denmark\/#primaryimage","url":"https:\/\/citygame.com\/wp-content\/blogs.dir\/1\/files\/2026\/01\/nyhavn-canal-copenhagen-sunset.jpg","contentUrl":"https:\/\/citygame.com\/wp-content\/blogs.dir\/1\/files\/2026\/01\/nyhavn-canal-copenhagen-sunset.jpg","width":1376,"height":768,"caption":"A vibrant sunset over the historic Nyhavn waterfront district in Copenhagen, Denmark. Photo: Nick Karvounis (Unsplash)"},{"@type":"BreadcrumbList","@id":"https:\/\/citygame.com\/it\/luoghi\/city-game-denmark\/#breadcrumb","itemListElement":[{"@type":"ListItem","position":1,"name":"Home","item":"https:\/\/citygame.com\/it\/"},{"@type":"ListItem","position":2,"name":"Luoghi","item":"https:\/\/citygame.com\/it\/luoghi\/"},{"@type":"ListItem","position":3,"name":"City Game Denmark"}]},{"@type":"WebSite","@id":"https:\/\/citygame.com\/it\/#website","url":"https:\/\/citygame.com\/it\/","name":"City Game","description":"","publisher":{"@id":"https:\/\/citygame.com\/it\/#organization"},"alternateName":"citygame.com","potentialAction":[{"@type":"SearchAction","target":{"@type":"EntryPoint","urlTemplate":"https:\/\/citygame.com\/it\/?s={search_term_string}"},"query-input":{"@type":"PropertyValueSpecification","valueRequired":true,"valueName":"search_term_string"}}],"inLanguage":"it-IT"},{"@type":"Organization","@id":"https:\/\/citygame.com\/it\/#organization","name":"City Game","alternateName":"citygame.com","url":"https:\/\/citygame.com\/it\/","logo":{"@type":"ImageObject","inLanguage":"it-IT","@id":"https:\/\/citygame.com\/it\/#\/schema\/logo\/image\/","url":"https:\/\/citygame.com\/wp-content\/blogs.dir\/1\/files\/2025\/10\/CG_LOGO-City-Game.png","contentUrl":"https:\/\/citygame.com\/wp-content\/blogs.dir\/1\/files\/2025\/10\/CG_LOGO-City-Game.png","width":351,"height":377,"caption":"City Game"},"image":{"@id":"https:\/\/citygame.com\/it\/#\/schema\/logo\/image\/"},"sameAs":["https:\/\/www.facebook.com\/profile.php?id=100086426226253","https:\/\/www.instagram.com\/citygame_com","https:\/\/www.tiktok.com\/@citygamecom\/","https:\/\/www.linkedin.com\/company\/citygame-com"],"description":"Turn any city into a playground with our interactive City Games and self-guided tours. Fun, flexible, and ideal for groups and team building."}]}},"taxonomy_info":{"countries-only-parent-locations":[{"value":440,"label":"Europe"}],"cg_page_type":[{"value":44,"label":"Country overview page"}]},"featured_image_src_large":["https:\/\/citygame.com\/wp-content\/blogs.dir\/1\/files\/2026\/01\/nyhavn-canal-copenhagen-sunset-1024x572.jpg",1024,572,true],"author_info":{"display_name":"Philip","author_link":"https:\/\/citygame.com\/it\/blog\/author\/sophi2\/"},"comment_info":0,"wpml_current_locale":"it_IT","wpml_translations":{"nl_NL":{"locale":"nl_NL","id":225764,"slug":"city-game-denemarken","post_title":"City Game Denemarken","href":"https:\/\/citygame.com\/nl\/locaties\/city-game-denemarken\/"},"en_US":{"locale":"en_US","id":7709,"slug":"denmark","post_title":"City Game Denmark","href":"https:\/\/citygame.com\/locations\/denmark\/"},"fr_FR":{"locale":"fr_FR","id":225767,"slug":"city-game-danemark","post_title":"City Game Danemark","href":"https:\/\/citygame.com\/fr\/emplacements\/city-game-danemark\/"},"de_DE":{"locale":"de_DE","id":225765,"slug":"city-game-danemark","post_title":"City Game D\u00e4nemark","href":"https:\/\/citygame.com\/de\/standorte\/city-game-danemark\/"},"it_IT":{"locale":"it_IT","translation":"current"},"es_ES":{"locale":"es_ES","id":225766,"slug":"city-game-dinamarca","post_title":"City Game Dinamarca","href":"https:\/\/citygame.com\/es\/localizaciones\/city-game-dinamarca\/"}},"_links":{"self":[{"href":"https:\/\/citygame.com\/it\/wp-json\/wp\/v2\/pages\/225768","targetHints":{"allow":["GET"]}}],"collection":[{"href":"https:\/\/citygame.com\/it\/wp-json\/wp\/v2\/pages"}],"about":[{"href":"https:\/\/citygame.com\/it\/wp-json\/wp\/v2\/types\/page"}],"author":[{"embeddable":true,"href":"https:\/\/citygame.com\/it\/wp-json\/wp\/v2\/users\/78"}],"replies":[{"embeddable":true,"href":"https:\/\/citygame.com\/it\/wp-json\/wp\/v2\/comments?post=225768"}],"version-history":[{"count":0,"href":"https:\/\/citygame.com\/it\/wp-json\/wp\/v2\/pages\/225768\/revisions"}],"up":[{"embeddable":true,"href":"https:\/\/citygame.com\/it\/wp-json\/wp\/v2\/pages\/225502"}],"acf:term":[{"embeddable":true,"taxonomy":"cities-only-parent-location","href":"https:\/\/citygame.com\/it\/wp-json\/wp\/v2\/cities-only-parent-location\/472"}],"wp:featuredmedia":[{"embeddable":true,"href":"https:\/\/citygame.com\/it\/wp-json\/wp\/v2\/media\/7699"}],"wp:attachment":[{"href":"https:\/\/citygame.com\/it\/wp-json\/wp\/v2\/media?parent=225768"}],"wp:term":[{"taxonomy":"cities-only-parent-location","embeddable":true,"href":"https:\/\/citygame.com\/it\/wp-json\/wp\/v2\/cities-only-parent-location?post=225768"},{"taxonomy":"countries-only-parent-locations","embeddable":true,"href":"https:\/\/citygame.com\/it\/wp-json\/wp\/v2\/countries-only-parent-locations?post=225768"},{"taxonomy":"seo_keyword","embeddable":true,"href":"https:\/\/citygame.com\/it\/wp-json\/wp\/v2\/seo_keyword?post=225768"},{"taxonomy":"cg_page_type","embeddable":true,"href":"https:\/\/citygame.com\/it\/wp-json\/wp\/v2\/cg_page_type?post=225768"}],"curies":[{"name":"wp","href":"https:\/\/api.w.org\/{rel}","templated":true}]}}