{"id":225773,"date":"2026-04-22T07:21:33","date_gmt":"2026-04-22T07:21:33","guid":{"rendered":"https:\/\/citygame.com\/locations\/city-game-egitto\/"},"modified":"2026-04-22T07:21:33","modified_gmt":"2026-04-22T07:21:33","slug":"city-game-egitto","status":"publish","type":"page","link":"https:\/\/citygame.com\/it\/luoghi\/city-game-egitto\/","title":{"rendered":"City Game Egitto"},"content":{"rendered":"","protected":false},"excerpt":{"rendered":"","protected":false},"author":78,"featured_media":11958,"parent":225502,"menu_order":0,"comment_status":"closed","ping_status":"closed","template":"","meta":{"_acf_changed":false,"_yoast_wpseo_focuskw":"City Game Egitto","_yoast_wpseo_metadesc":"","_kad_blocks_custom_css":"","_kad_blocks_head_custom_js":"","_kad_blocks_body_custom_js":"","_kad_blocks_footer_custom_js":"","_kad_post_transparent":"","_kad_post_title":"","_kad_post_layout":"","_kad_post_sidebar_id":"","_kad_post_content_style":"","_kad_post_vertical_padding":"","_kad_post_feature":"","_kad_post_feature_position":"","_kad_post_header":false,"_kad_post_footer":false,"_kad_post_classname":"","footnotes":""},"cities-only-parent-location":[],"countries-only-parent-locations":[442],"seo_keyword":[],"cg_page_type":[44],"class_list":["post-225773","page","type-page","status-publish","has-post-thumbnail","hentry","countries-only-parent-locations-africa","cg_page_type-country-overview-page"],"acf":{"country_name":"Egitto","intro_text":"Gioca City Games interattivi in tutto l'Egitto e scopri le citt\u00e0 in modo divertente e coinvolgente. Risolvi enigmi, completa sfide ed esplora punti salienti cos\u00ec come gemme nascoste. Tutti i City Games sono autoguidati e giocabili sul tuo smartphone, quando vuoi.","intro_image":11959,"how_city_games_work_image":11960,"who_are_city_games_for_image":11961,"exploring_country_text":"Le citt\u00e0 dell'Egitto presentano un'esperienza urbana stratificata e multifaccettata, plasmata da contrasti di ritmo, scala e disposizione. In grandi citt\u00e0 come il Cairo e Alessandria, quartieri densamente edificati incontrano grandi viali e incroci trafficati, creando una sensazione di movimento che definisce il paesaggio urbano. Nonostante l'entit\u00e0, molte aree restano accessibili a piedi, con mercati, vicoli e zone residenziali che offrono un ritmo quotidiano pi\u00f9 vicino e tranquillo.\n\nLa percorribilit\u00e0 varia ampiamente tra i centri urbani dell'Egitto. In alcuni quartieri storici, vie strette e infrastrutture pi\u00f9 antiche supportano un'esperienza pi\u00f9 pedonale, mentre i nuovi sviluppi tendono ad essere pi\u00f9 orientati alle auto e ampi. Eppure, i centri cittadini sono spesso fulcri di attivit\u00e0 locali, con una forte presenza di caff\u00e8, venditori ambulanti e vita comunitaria che si svolge per tutto il giorno.\n\nIl carattere urbano cambia notevolmente da una citt\u00e0 all'altra. Le citt\u00e0 costiere hanno una sensazione di spazio pi\u00f9 ampia, mentre le aree urbane interne sono pi\u00f9 dense e veloci. Questa variet\u00e0 contribuisce al paesaggio urbano unico dell'Egitto, dove l'esperienza di muoversi attraverso ogni ambiente urbano offre un'impressione distinta della vita quotidiana.","exploring_country_image":11962,"faq_answer_1":"City Games sono disponibili in diverse citt\u00e0 in Egitto, offrendo opzioni sia in destinazioni note sia in luoghi pi\u00f9 piccoli. I giocatori possono godere di esperienze in citt\u00e0 come Hurghada e Sharm el-Sheikh.\n\nQuesta gamma di localit\u00e0 riflette la disponibilit\u00e0 di City Games in diverse parti del paese, oltre agli esempi menzionati qui.","select_country":519,"intro_h2_city_games_in_country":"City Games in Egitto","intro_usp_1":"1,5-2 ore di gioco","intro_usp_2":"distanza a piedi di 3-4 km","intro_usp_3":"Inizia, metti in pausa e riprendi quando vuoi","intro_usp_4":"1-4 o 2-5 persone per smartphone, a seconda del gioco","intro_usp_5":"Gioca in autonomia","intro_usp_6":"\u00c8 richiesta una connessione a Internet","intro_text_2":"Scegli la tua citt\u00e0 e inizia a giocare oggi!","intro_cta":"Vedi tutte le localit\u00e0","section_2_h2_choose_your_city_in_country":"Scegli la tua citt\u00e0 in Egitto","section_2_text_1":"City Games sono disponibili in citt\u00e0 in tutto l'Egitto. Scegli una citt\u00e0 qui sotto per vedere quali City Games puoi giocare l\u00ec.\n","section_3_h2_all_city_game_locations_in_country":"Tutte le localit\u00e0 dei City Game in Egitto","section_4_h2_how_city_games_work_in_country":"Come funzionano City Games in Egitto","section_4_text_1":"City Games in Egitto sono esperienze completamente autoguidate che ti permettono di esplorare una citt\u00e0 al tuo ritmo.","section_4_text_2":"Scegli semplicemente la tua citt\u00e0 e il tuo gioco, segui le istruzioni sul tuo smartphone e inizia a giocare quando ti \u00e8 comodo.","section_4_usp_1":"Gioca in squadre di amici, familiari o colleghi","section_4_usp_2":"Inizia quando vuoi, non serve una guida o uno staff","section_4_usp_3":"Usa il tuo smartphone o tablet","section_4_usp_4":"Attraversa la citt\u00e0 risolvendo enigmi e affrontando sfide","section_4_usp_5":"Impara curiosit\u00e0 su storia, cultura e luoghi di interesse","section_4_usp_6":"Disponibile in diverse lingue","section_4_cta":"Scegli la tua citt\u00e0","section_4_step_1":"Prenota il tuo City Game","section_4_step_1_title":"Prenota il tuo City Game","section_4_step_1_text":"Scegli la tua citt\u00e0 e il tuo gioco e ricevi tutto istantaneamente dopo la prenotazione.","section_4_step_2":"Passo 2","section_4_step_2_title":"Controlla le tue istruzioni","section_4_step_2_text":"Apri l'email con le istruzioni che contiene il punto di inizio e come iniziare a giocare.","section_4_step_3":"Passo 3","section_4_step_3_title":"Vai al punto di partenza","section_4_step_3_text":"Dirigiti al punto di partenza quando vuoi, senza orario fisso.","section_4_step_4":"<strong>4. Esplora e Goditi:<\/strong> Naviga per la citt\u00e0, scopri gemme nascoste e immergiti nella cultura locale. Il gioco ti guida passo dopo passo.","section_4_step_4_title":"Passo 4","section_4_step_4_text":"Segui gli indizi, risolvi enigmi ed esplora la citt\u00e0 al tuo ritmo!","section_5_h2_city_game_concepts_in_country":"City Game Concepts in Egitto","section_5_secrets_title":"Secrets of Exploration City Game","section_5_secrets_text":"Scopri citt\u00e0 in modo divertente e interattivo con Secrets of Exploration City Game. Risolvi enigmi, completa sfide creative e scopri sia punti salienti famosi che luoghi nascosti. Lungo il percorso, apprenderai fatti sorprendenti su storia, cultura e storie locali, giocando al tuo ritmo.","section_5_syndicate_title":"The Syndicate City Escape Game","section_5_syndicate_text":"Entra in una emozionante avventura di fuga cittadina con The Syndicate. Lavora insieme come squadra per risolvere indovinelli, decifrare codici e recuperare formule rubate prima che scada il tempo. Questo City Game guidato dalla storia si concentra sul lavoro di squadra, sulla risoluzione dei problemi e su un gameplay immersivo in un contesto urbano.","section_5_sherlock_title":"Sherlock Holmes Murder Mystery","section_5_sherlock_text":"Risolvi un mistero di omicidio interattivo nel Sherlock Holmes City Game. Segui una trama avvincente, interroga i sospetti e raccogli indizi per scoprire la verit\u00e0 dietro un caso misterioso. La citt\u00e0 funge da sfondo atmosferico per la storia, permettendoti di concentrarti pienamente su deduzione, logica e lavoro di squadra.","hours":"ore","concepts_cta":"Leggi di pi\u00f9 su questo gioco","section_5_text_2":"Ogni concetto \u00e8 disponibile in diverse citt\u00e0 in Egitto","section_5_cta":"Esplora tutti i City Games","section_6_h2_who_are_city_games_in_country_for":"Per chi sono i City Games in Egitto?","section_6_text":"City Games in Egitto sono adatti a:","section_6_usp_1":"Giocatori singoli o piccoli gruppi in cerca di un'avventura flessibile","section_6_usp_2":"Turisti che esplorano le citt\u00e0 dell'Egitto","section_6_usp_3":"Amici e famiglie in cerca di un'attivit\u00e0 divertente","section_6_usp_4":"Aziende e team che pianificano un evento di teambuilding","section_6_usp_5":"Scegli la tua citt\u00e0","section_6_cta":"Scegli la tua citt\u00e0","section_7_h2_exploring_country":"Esplorando l'Egitto","section_8_h2_hosted_games":"I tuoi City Games preferiti, ospitati professionalmente dal nostro team","section_8_text":"Goditi gli stessi City Games della nostra versione autoguidata, ma con un completo supporto in loco da parte dei nostri host professionisti. Ci occupiamo di briefing, tablet, coordinazione e supporto tecnico, in modo che il tuo gruppo possa concentrarsi interamente sul divertimento e sulla competizione.","section_8_text_2":"Affidato a team in tutto il mondo, dai piccoli gruppi a grandi eventi aziendali.","section_8_usp_1_title":"Lo stesso City Game, completamente ospitato","section_8_usp_1_text":"Vieni a vivere la stessa esperienza della nostra versione autoguidata, ora guidata dai nostri host.","section_8_usp_2_title":"Classifica in tempo reale e cerimonia di premiazione","section_8_usp_2_text":"Per gruppi numerosi, i nostri host rivelano i punteggi finali e annunciano la squadra vincente con un momento di premio divertente.","section_8_usp_3_title":"Inizio e fine ospitati","section_8_usp_3_text":"Le citt\u00e0 dell'Egitto offrono un'esperienza urbana stratificata e multifaccettata, modellata da contrasti di ritmo, scala e disposizione. In grandi citt\u00e0 come il Cairo e Alessandria, quartieri densamente edificati incontrano grandi viali e incroci trafficati, creando una sensazione di movimento che definisce il paesaggio urbano. Nonostante l'entit\u00e0, molte aree restano accessibili a piedi, con mercati, vicoli e zone residenziali che offrono un ritmo quotidiano pi\u00f9 vicino e tranquillo.\n\nLa percorribilit\u00e0 varia ampiamente tra i centri urbani dell'Egitto. In alcuni quartieri storici, vie strette e infrastrutture pi\u00f9 antiche supportano un'esperienza pi\u00f9 pedonale, mentre i nuovi sviluppi tendono ad essere pi\u00f9 orientati alle auto e ampi. Eppure, i centri cittadini sono spesso hub di attivit\u00e0 locali, con una forte presenza di caff\u00e8, venditori ambulanti e vita comunitaria che si svolge per tutto il giorno.\n\nIl carattere urbano cambia notevolmente da una citt\u00e0 all'altra. Le citt\u00e0 costiere hanno una sensazione di spazio pi\u00f9 ampia, mentre le aree urbane interne sono pi\u00f9 dense e veloci. Questa variet\u00e0 contribuisce al paesaggio urbano unico dell'Egitto, dove l'esperienza di muoversi attraverso ogni ambiente urbano offre un'impressione distinta della vita quotidiana.","section_8_usp_4_title":"Assistenza in tempo reale durante il gioco","section_8_usp_4_text":"Il nostro team assiste con dispositivi, problemi dell'app e coordinamento durante l'esperienza.","section_8_usp_5_title":"Tablet inclusi (opzionali)","section_8_usp_5_text":"Disponibile per gruppi che preferiscono utilizzare i nostri dispositivi invece dei propri.","section_8_cta":"Pianifica il tuo evento di gruppo","section_9_h2_reviews":"Cosa ne pensano gli altri dei nostri City Games","section_9_cta_1":"Tutte le recensioni","section_9_cta_2":"Scrivi una recensione","section_10_h2_faq":"Hai domande? Abbiamo risposte!","section_10_text":"Dai un'occhiata alle nostre domande frequenti e scopri tutto ci\u00f2 che vuoi sapere. La tua domanda non \u00e8 tra queste? Non esitare a contattarci.","section_10_cta_1":"Visualizza tutte le domande frequenti","section_10_cta_2":"Ottieni supporto","section_10_question_1":"In quali citt\u00e0 dell'Egitto posso giocare a un City Game?","section_10_question_2":"Ho bisogno di una guida per giocare a un City Game?","section_10_answer_2":"No, tutti i City Games sono <strong>totalmente autoguidati<\/strong>! Non ti serve una guida o uno staff per giocare. Dopo la prenotazione riceverai istruzioni chiare sul tuo smartphone cos\u00ec potrai iniziare non appena ti \u00e8 comodo!\r\n\r\nPer gruppi numerosi o eventi aziendali, \u00e8 disponibile anche una versione completamente ospitata dei nostri City Games, inclusa guida on-site, tablet e supporto live.\r\n\r\nPianificare un gruppo pi\u00f9 ampio o un evento aziendale?","section_10_answer_2_cta":"Esplora l'esperienza City Game ospitata per gruppi","section_10_question_3":"Quanto tempo richiede un City Game?","section_10_answer_3":"La maggior parte dei City Games richiede <strong>circa 1,5-2 ore per completarlo<\/strong>. Questo tempo comprende camminare per la citt\u00e0, risolvere enigmi e affrontare sfide lungo il percorso. Puoi giocare completamente al tuo ritmo: non c'\u00e8 pressione di tempo e non c'\u00e8 una tabella rigida.\r\n\r\nSentiti libero di fare pause, mettere in pausa il gioco per bere qualcosa o pranzare, e riprendere quando vuoi. Questa flessibilit\u00e0 rende facile combinare un City Game con visite turistiche o altre attivit\u00e0.","section_10_question_4":"I City Games sono disponibili in diverse lingue?","section_10_answer_4":"S\u00ec, i City Games sono <strong>disponibili in diverse lingue<\/strong>. La maggior parte dei giochi pu\u00f2 essere giocata in diverse lingue comunemente usate, rendendoli adatti a visitatori internazionali e gruppi multilingue.\r\n\r\nLe lingue disponibili possono variare leggermente per gioco, ma la selezione della lingua \u00e8 sempre chiaramente mostrata prima di iniziare a giocare. Questo permette a ogni squadra di scegliere la lingua che le si addice meglio, garantendo un'esperienza fluida e piacevole per tutti.","section_10_question_5":"Possiamo giocare in un grande gruppo?","section_10_answer_5":"S\u00ec, i City Games sono <strong>adatti sia per piccoli gruppi che per team pi\u00f9 grandi<\/strong>. I grandi gruppi possono facilmente suddividersi in squadre pi\u00f9 piccole e giocare al City Game contemporaneamente, usando pi\u00f9 smartphone. Ogni squadra gioca in modo indipendente, seguendo lo stesso concetto di gioco e la stessa storia.\r\n\r\nQuesta configurazione funziona bene per gruppi di amici, famiglie e aziende, e rende i City Games una scelta popolare per uscite di gruppo, eventi e attivit\u00e0 di teambuilding.\r\n\r\nPer gruppi numerosi o eventi aziendali, \u00e8 disponibile anche una versione completamente ospitata dei nostri City Games, inclusa guida on-site, tablet e supporto live.\r\n\r\nPianificare un gruppo pi\u00f9 grande o un evento aziendale?","section_10_answer_5_cta":"Esplora l'esperienza City Game ospitata per gruppi","section_10_question_6":"Quando possiamo iniziare a giocare a un City Game?","section_10_answer_6":"Puoi iniziare a giocare <strong>quando ti \u00e8 pi\u00f9 comodo<\/strong>! I City Games non hanno un orario di inizio fisso, quindi puoi iniziare in un momento che si adatta al tuo programma.\r\n\r\nDopo la prenotazione, riceverai istruzioni chiare via email, permettendoti di iniziare il gioco in modo indipendente senza prenotazioni o coordinamento con lo staff.\r\n\r\nQuesta flessibilit\u00e0 rende i City Games ideali da combinare con i tuoi piani di viaggio, visite turistiche, pranzo o altre attivit\u00e0 durante la giornata.","section_11_h2_instagram":"Vedi altro su Instagram","section_11_text":"Pronto per un'avventura indimenticabile in Egitto","section_11_cta":"Seguici su Instagram","section_12_h2_page_ending":"Pronto per un'avventura indimenticabile in Egitto","section_12_text":"Esplora le citt\u00e0 dell'Egitto in modo unico e interattivo con i nostri City Games. Gioca oggi e crea ricordi indelebili!","section_12_cta":"Prenota subito il tuo City Game!"},"yoast_head":"<!-- This site is optimized with the Yoast SEO Premium plugin v26.2 (Yoast SEO v27.4) - https:\/\/yoast.com\/product\/yoast-seo-premium-wordpress\/ -->\n<title>City Game Egitto - City Game<\/title>\n<meta name=\"robots\" content=\"index, follow, max-snippet:-1, max-image-preview:large, max-video-preview:-1\" \/>\n<link rel=\"canonical\" href=\"https:\/\/citygame.com\/it\/luoghi\/city-game-egitto\/\" \/>\n<meta property=\"og:locale\" content=\"it_IT\" \/>\n<meta property=\"og:type\" content=\"article\" \/>\n<meta property=\"og:title\" content=\"City Game Egitto\" \/>\n<meta property=\"og:url\" content=\"https:\/\/citygame.com\/it\/luoghi\/city-game-egitto\/\" \/>\n<meta property=\"og:site_name\" content=\"City Game\" \/>\n<meta property=\"article:publisher\" content=\"https:\/\/www.facebook.com\/profile.php?id=100086426226253\" \/>\n<meta property=\"og:image\" content=\"https:\/\/citygame.com\/wp-content\/blogs.dir\/1\/files\/2026\/02\/egypt-giza-pyramids-sphinx-sunset.jpg\" \/>\n\t<meta property=\"og:image:width\" content=\"1376\" \/>\n\t<meta property=\"og:image:height\" content=\"768\" \/>\n\t<meta property=\"og:image:type\" content=\"image\/jpeg\" \/>\n<meta name=\"twitter:card\" content=\"summary_large_image\" \/>\n<script type=\"application\/ld+json\" class=\"yoast-schema-graph\">{\"@context\":\"https:\\\/\\\/schema.org\",\"@graph\":[{\"@type\":\"WebPage\",\"@id\":\"https:\\\/\\\/citygame.com\\\/it\\\/luoghi\\\/city-game-egitto\\\/\",\"url\":\"https:\\\/\\\/citygame.com\\\/it\\\/luoghi\\\/city-game-egitto\\\/\",\"name\":\"City Game Egitto - City Game\",\"isPartOf\":{\"@id\":\"https:\\\/\\\/citygame.com\\\/it\\\/#website\"},\"primaryImageOfPage\":{\"@id\":\"https:\\\/\\\/citygame.com\\\/it\\\/luoghi\\\/city-game-egitto\\\/#primaryimage\"},\"image\":{\"@id\":\"https:\\\/\\\/citygame.com\\\/it\\\/luoghi\\\/city-game-egitto\\\/#primaryimage\"},\"thumbnailUrl\":\"https:\\\/\\\/citygame.com\\\/wp-content\\\/blogs.dir\\\/1\\\/files\\\/2026\\\/02\\\/egypt-giza-pyramids-sphinx-sunset.jpg\",\"datePublished\":\"2026-04-22T07:21:33+00:00\",\"breadcrumb\":{\"@id\":\"https:\\\/\\\/citygame.com\\\/it\\\/luoghi\\\/city-game-egitto\\\/#breadcrumb\"},\"inLanguage\":\"it-IT\",\"potentialAction\":[{\"@type\":\"ReadAction\",\"target\":[\"https:\\\/\\\/citygame.com\\\/it\\\/luoghi\\\/city-game-egitto\\\/\"]}]},{\"@type\":\"ImageObject\",\"inLanguage\":\"it-IT\",\"@id\":\"https:\\\/\\\/citygame.com\\\/it\\\/luoghi\\\/city-game-egitto\\\/#primaryimage\",\"url\":\"https:\\\/\\\/citygame.com\\\/wp-content\\\/blogs.dir\\\/1\\\/files\\\/2026\\\/02\\\/egypt-giza-pyramids-sphinx-sunset.jpg\",\"contentUrl\":\"https:\\\/\\\/citygame.com\\\/wp-content\\\/blogs.dir\\\/1\\\/files\\\/2026\\\/02\\\/egypt-giza-pyramids-sphinx-sunset.jpg\",\"width\":1376,\"height\":768,\"caption\":\"An aerial view of the Giza pyramid complex, including the Great Sphinx, at sunset.\"},{\"@type\":\"BreadcrumbList\",\"@id\":\"https:\\\/\\\/citygame.com\\\/it\\\/luoghi\\\/city-game-egitto\\\/#breadcrumb\",\"itemListElement\":[{\"@type\":\"ListItem\",\"position\":1,\"name\":\"Home\",\"item\":\"https:\\\/\\\/citygame.com\\\/it\\\/\"},{\"@type\":\"ListItem\",\"position\":2,\"name\":\"Luoghi\",\"item\":\"https:\\\/\\\/citygame.com\\\/it\\\/luoghi\\\/\"},{\"@type\":\"ListItem\",\"position\":3,\"name\":\"City Game Egitto\"}]},{\"@type\":\"WebSite\",\"@id\":\"https:\\\/\\\/citygame.com\\\/it\\\/#website\",\"url\":\"https:\\\/\\\/citygame.com\\\/it\\\/\",\"name\":\"City Game\",\"description\":\"\",\"publisher\":{\"@id\":\"https:\\\/\\\/citygame.com\\\/it\\\/#organization\"},\"alternateName\":\"citygame.com\",\"potentialAction\":[{\"@type\":\"SearchAction\",\"target\":{\"@type\":\"EntryPoint\",\"urlTemplate\":\"https:\\\/\\\/citygame.com\\\/it\\\/?s={search_term_string}\"},\"query-input\":{\"@type\":\"PropertyValueSpecification\",\"valueRequired\":true,\"valueName\":\"search_term_string\"}}],\"inLanguage\":\"it-IT\"},{\"@type\":\"Organization\",\"@id\":\"https:\\\/\\\/citygame.com\\\/it\\\/#organization\",\"name\":\"City Game\",\"alternateName\":\"citygame.com\",\"url\":\"https:\\\/\\\/citygame.com\\\/it\\\/\",\"logo\":{\"@type\":\"ImageObject\",\"inLanguage\":\"it-IT\",\"@id\":\"https:\\\/\\\/citygame.com\\\/it\\\/#\\\/schema\\\/logo\\\/image\\\/\",\"url\":\"https:\\\/\\\/citygame.com\\\/wp-content\\\/blogs.dir\\\/1\\\/files\\\/2025\\\/10\\\/CG_LOGO-City-Game.png\",\"contentUrl\":\"https:\\\/\\\/citygame.com\\\/wp-content\\\/blogs.dir\\\/1\\\/files\\\/2025\\\/10\\\/CG_LOGO-City-Game.png\",\"width\":351,\"height\":377,\"caption\":\"City Game\"},\"image\":{\"@id\":\"https:\\\/\\\/citygame.com\\\/it\\\/#\\\/schema\\\/logo\\\/image\\\/\"},\"sameAs\":[\"https:\\\/\\\/www.facebook.com\\\/profile.php?id=100086426226253\",\"https:\\\/\\\/www.instagram.com\\\/citygame_com\",\"https:\\\/\\\/www.tiktok.com\\\/@citygamecom\\\/\",\"https:\\\/\\\/www.linkedin.com\\\/company\\\/citygame-com\"],\"description\":\"Turn any city into a playground with our interactive City Games and self-guided tours. Fun, flexible, and ideal for groups and team building.\"}]}<\/script>\n<!-- \/ Yoast SEO Premium plugin. -->","yoast_head_json":{"title":"City Game Egitto - City Game","robots":{"index":"index","follow":"follow","max-snippet":"max-snippet:-1","max-image-preview":"max-image-preview:large","max-video-preview":"max-video-preview:-1"},"canonical":"https:\/\/citygame.com\/it\/luoghi\/city-game-egitto\/","og_locale":"it_IT","og_type":"article","og_title":"City Game Egitto","og_url":"https:\/\/citygame.com\/it\/luoghi\/city-game-egitto\/","og_site_name":"City Game","article_publisher":"https:\/\/www.facebook.com\/profile.php?id=100086426226253","og_image":[{"width":1376,"height":768,"url":"https:\/\/citygame.com\/wp-content\/blogs.dir\/1\/files\/2026\/02\/egypt-giza-pyramids-sphinx-sunset.jpg","type":"image\/jpeg"}],"twitter_card":"summary_large_image","schema":{"@context":"https:\/\/schema.org","@graph":[{"@type":"WebPage","@id":"https:\/\/citygame.com\/it\/luoghi\/city-game-egitto\/","url":"https:\/\/citygame.com\/it\/luoghi\/city-game-egitto\/","name":"City Game Egitto - City Game","isPartOf":{"@id":"https:\/\/citygame.com\/it\/#website"},"primaryImageOfPage":{"@id":"https:\/\/citygame.com\/it\/luoghi\/city-game-egitto\/#primaryimage"},"image":{"@id":"https:\/\/citygame.com\/it\/luoghi\/city-game-egitto\/#primaryimage"},"thumbnailUrl":"https:\/\/citygame.com\/wp-content\/blogs.dir\/1\/files\/2026\/02\/egypt-giza-pyramids-sphinx-sunset.jpg","datePublished":"2026-04-22T07:21:33+00:00","breadcrumb":{"@id":"https:\/\/citygame.com\/it\/luoghi\/city-game-egitto\/#breadcrumb"},"inLanguage":"it-IT","potentialAction":[{"@type":"ReadAction","target":["https:\/\/citygame.com\/it\/luoghi\/city-game-egitto\/"]}]},{"@type":"ImageObject","inLanguage":"it-IT","@id":"https:\/\/citygame.com\/it\/luoghi\/city-game-egitto\/#primaryimage","url":"https:\/\/citygame.com\/wp-content\/blogs.dir\/1\/files\/2026\/02\/egypt-giza-pyramids-sphinx-sunset.jpg","contentUrl":"https:\/\/citygame.com\/wp-content\/blogs.dir\/1\/files\/2026\/02\/egypt-giza-pyramids-sphinx-sunset.jpg","width":1376,"height":768,"caption":"An aerial view of the Giza pyramid complex, including the Great Sphinx, at sunset."},{"@type":"BreadcrumbList","@id":"https:\/\/citygame.com\/it\/luoghi\/city-game-egitto\/#breadcrumb","itemListElement":[{"@type":"ListItem","position":1,"name":"Home","item":"https:\/\/citygame.com\/it\/"},{"@type":"ListItem","position":2,"name":"Luoghi","item":"https:\/\/citygame.com\/it\/luoghi\/"},{"@type":"ListItem","position":3,"name":"City Game Egitto"}]},{"@type":"WebSite","@id":"https:\/\/citygame.com\/it\/#website","url":"https:\/\/citygame.com\/it\/","name":"City Game","description":"","publisher":{"@id":"https:\/\/citygame.com\/it\/#organization"},"alternateName":"citygame.com","potentialAction":[{"@type":"SearchAction","target":{"@type":"EntryPoint","urlTemplate":"https:\/\/citygame.com\/it\/?s={search_term_string}"},"query-input":{"@type":"PropertyValueSpecification","valueRequired":true,"valueName":"search_term_string"}}],"inLanguage":"it-IT"},{"@type":"Organization","@id":"https:\/\/citygame.com\/it\/#organization","name":"City Game","alternateName":"citygame.com","url":"https:\/\/citygame.com\/it\/","logo":{"@type":"ImageObject","inLanguage":"it-IT","@id":"https:\/\/citygame.com\/it\/#\/schema\/logo\/image\/","url":"https:\/\/citygame.com\/wp-content\/blogs.dir\/1\/files\/2025\/10\/CG_LOGO-City-Game.png","contentUrl":"https:\/\/citygame.com\/wp-content\/blogs.dir\/1\/files\/2025\/10\/CG_LOGO-City-Game.png","width":351,"height":377,"caption":"City Game"},"image":{"@id":"https:\/\/citygame.com\/it\/#\/schema\/logo\/image\/"},"sameAs":["https:\/\/www.facebook.com\/profile.php?id=100086426226253","https:\/\/www.instagram.com\/citygame_com","https:\/\/www.tiktok.com\/@citygamecom\/","https:\/\/www.linkedin.com\/company\/citygame-com"],"description":"Turn any city into a playground with our interactive City Games and self-guided tours. Fun, flexible, and ideal for groups and team building."}]}},"taxonomy_info":{"countries-only-parent-locations":[{"value":442,"label":"Africa"}],"cg_page_type":[{"value":44,"label":"Country overview page"}]},"featured_image_src_large":["https:\/\/citygame.com\/wp-content\/blogs.dir\/1\/files\/2026\/02\/egypt-giza-pyramids-sphinx-sunset-1024x572.jpg",1024,572,true],"author_info":{"display_name":"Philip","author_link":"https:\/\/citygame.com\/it\/blog\/author\/sophi2\/"},"comment_info":0,"wpml_current_locale":"it_IT","wpml_translations":{"nl_NL":{"locale":"nl_NL","id":225769,"slug":"city-game-egypt","post_title":"City Game Egypt","href":"https:\/\/citygame.com\/nl\/locaties\/city-game-egypt\/"},"en_US":{"locale":"en_US","id":11963,"slug":"egypt","post_title":"City Game Egypt","href":"https:\/\/citygame.com\/locations\/egypt\/"},"fr_FR":{"locale":"fr_FR","id":225772,"slug":"city-game-egypte","post_title":"City Game \u00c9gypte","href":"https:\/\/citygame.com\/fr\/emplacements\/city-game-egypte\/"},"de_DE":{"locale":"de_DE","id":225770,"slug":"city-game-agypten","post_title":"City Game \u00c4gypten","href":"https:\/\/citygame.com\/de\/standorte\/city-game-agypten\/"},"it_IT":{"locale":"it_IT","translation":"current"},"es_ES":{"locale":"es_ES","id":225771,"slug":"city-game-egipto","post_title":"City Game Egipto","href":"https:\/\/citygame.com\/es\/localizaciones\/city-game-egipto\/"}},"_links":{"self":[{"href":"https:\/\/citygame.com\/it\/wp-json\/wp\/v2\/pages\/225773","targetHints":{"allow":["GET"]}}],"collection":[{"href":"https:\/\/citygame.com\/it\/wp-json\/wp\/v2\/pages"}],"about":[{"href":"https:\/\/citygame.com\/it\/wp-json\/wp\/v2\/types\/page"}],"author":[{"embeddable":true,"href":"https:\/\/citygame.com\/it\/wp-json\/wp\/v2\/users\/78"}],"replies":[{"embeddable":true,"href":"https:\/\/citygame.com\/it\/wp-json\/wp\/v2\/comments?post=225773"}],"version-history":[{"count":0,"href":"https:\/\/citygame.com\/it\/wp-json\/wp\/v2\/pages\/225773\/revisions"}],"up":[{"embeddable":true,"href":"https:\/\/citygame.com\/it\/wp-json\/wp\/v2\/pages\/225502"}],"acf:term":[{"embeddable":true,"taxonomy":"cities-only-parent-location","href":"https:\/\/citygame.com\/it\/wp-json\/wp\/v2\/cities-only-parent-location\/519"}],"wp:featuredmedia":[{"embeddable":true,"href":"https:\/\/citygame.com\/it\/wp-json\/wp\/v2\/media\/11958"}],"wp:attachment":[{"href":"https:\/\/citygame.com\/it\/wp-json\/wp\/v2\/media?parent=225773"}],"wp:term":[{"taxonomy":"cities-only-parent-location","embeddable":true,"href":"https:\/\/citygame.com\/it\/wp-json\/wp\/v2\/cities-only-parent-location?post=225773"},{"taxonomy":"countries-only-parent-locations","embeddable":true,"href":"https:\/\/citygame.com\/it\/wp-json\/wp\/v2\/countries-only-parent-locations?post=225773"},{"taxonomy":"seo_keyword","embeddable":true,"href":"https:\/\/citygame.com\/it\/wp-json\/wp\/v2\/seo_keyword?post=225773"},{"taxonomy":"cg_page_type","embeddable":true,"href":"https:\/\/citygame.com\/it\/wp-json\/wp\/v2\/cg_page_type?post=225773"}],"curies":[{"name":"wp","href":"https:\/\/api.w.org\/{rel}","templated":true}]}}