{"id":225803,"date":"2026-04-22T08:42:14","date_gmt":"2026-04-22T08:42:14","guid":{"rendered":"https:\/\/citygame.com\/locations\/city-game-groenlandia\/"},"modified":"2026-04-22T08:42:14","modified_gmt":"2026-04-22T08:42:14","slug":"city-game-groenlandia","status":"publish","type":"page","link":"https:\/\/citygame.com\/it\/luoghi\/city-game-groenlandia\/","title":{"rendered":"City Game Groenlandia"},"content":{"rendered":"","protected":false},"excerpt":{"rendered":"","protected":false},"author":78,"featured_media":12729,"parent":225502,"menu_order":0,"comment_status":"closed","ping_status":"closed","template":"","meta":{"_acf_changed":false,"_yoast_wpseo_focuskw":"City Game Groenlandia","_yoast_wpseo_metadesc":"","_kad_blocks_custom_css":"","_kad_blocks_head_custom_js":"","_kad_blocks_body_custom_js":"","_kad_blocks_footer_custom_js":"","_kad_post_transparent":"","_kad_post_title":"","_kad_post_layout":"","_kad_post_sidebar_id":"","_kad_post_content_style":"","_kad_post_vertical_padding":"","_kad_post_feature":"","_kad_post_feature_position":"","_kad_post_header":false,"_kad_post_footer":false,"_kad_post_classname":"","footnotes":""},"cities-only-parent-location":[],"countries-only-parent-locations":[443],"seo_keyword":[],"cg_page_type":[44],"class_list":["post-225803","page","type-page","status-publish","has-post-thumbnail","hentry","countries-only-parent-locations-north-america","cg_page_type-country-overview-page"],"acf":{"country_name":"Groenlandia","intro_text":"Gioca a City Games interattivi in Groenlandia e scopri le citt\u00e0 in modo divertente e coinvolgente. Risolvi enigmi, completa sfide ed esplora punti salienti nonch\u00e9 gemme nascoste. Tutti i City Games sono auto-guidati e giocabili sul tuo stesso smartphone, quando vuoi.","intro_image":12730,"how_city_games_work_image":12731,"who_are_city_games_for_image":12732,"exploring_country_text":"Le citt\u00e0 della Groenlandia hanno una scala ristretta e sono strettamente collegate all'ambiente naturale circostante. Le zone urbane spesso seguono i contorni della costa, con quartieri disposti attorno a porti, pendii rocciosi e fiordi. Il layout urbano tende ad essere compatto, facilitando gli spostamenti a piedi attraverso strade tranquille e zone residenziali interne.\n\nLo spostamento tra le citt\u00e0 groenlandiche ha un ritmo non affrettato, plasmato dal clima del paese e dalla sua posizione remota. L'attraversabilit\u00e0 varia tra i paesi, con le aree centrali spesso offrire percorsi pavimentati, negozi locali e edifici pubblici a portata di mano. La vita di ogni giorno si svolge a un ritmo costante, con persone che si muovono a piedi o in auto su infrastrutture minime ma ben utilizzate.\n\nNonostante un contesto artico condiviso, le citt\u00e0 della Groenlandia differiscono nell'atmosfera e nella struttura. Alcuni luoghi sembrano pi\u00f9 radicati nella tradizione, mentre altri riflettono uno sviluppo pi\u00f9 recente influenzato da bisogni in cambiamento e condizioni climatiche. Ogni posto offre il proprio modo di vivere, plasmato dalla geografia, dai legami comunitari e dalla natura circostante.","exploring_country_image":12733,"faq_answer_1":"City Games sono disponibili in diverse citt\u00e0 della Groenlandia, offrendo una gamma di localit\u00e0 per diverse preferenze. Le opzioni includono citt\u00e0 ben note come Nuuk, nonch\u00e9 localit\u00e0 pi\u00f9 piccole o meno centrali.\n\nQuesto significa che i giocatori possono godere di City Games sia nei principali centri urbani sia in aree pi\u00f9 remote, con disponibilit\u00e0 che va oltre gli esempi menzionati.","select_country":534,"intro_h2_city_games_in_country":"City Games in Groenlandia","intro_usp_1":"1.5-2 ore di gioco","intro_usp_2":"Distanza a piedi di 3-4 km","intro_usp_3":"Inizia, metti in pausa e riprendi quando vuoi","intro_usp_4":"1-4 o 2-5 persone per smartphone, a seconda del tuo gioco","intro_usp_5":"Gioca in autonomia","intro_usp_6":"\u00c8 necessaria una connessione a Internet","intro_text_2":"Scegli la tua citt\u00e0 e inizia a giocare oggi!","intro_cta":"Visualizza tutte le localit\u00e0","section_2_h2_choose_your_city_in_country":"Scegli la tua citt\u00e0 in Groenlandia","section_2_text_1":"City Games sono disponibili nelle citt\u00e0 della Groenlandia. Scegli una citt\u00e0 qui sotto per vedere quali City Games puoi giocare l\u00ec.\n","section_3_h2_all_city_game_locations_in_country":"Tutte le sedi di City Game in Groenlandia","section_4_h2_how_city_games_work_in_country":"Come funzionano City Games in Groenlandia","section_4_text_1":"I City Games in Groenlandia sono esperienze completamente autoguidate che ti permettono di esplorare una citt\u00e0 al tuo ritmo.","section_4_text_2":"Scegli semplicemente la tua citt\u00e0 e il gioco, segui le istruzioni sul tuo smartphone e inizia a giocare quando ti \u00e8 pi\u00f9 comodo.","section_4_usp_1":"Gioca in squadre formate da amici, familiari o colleghi","section_4_usp_2":"Inizia quando vuoi, senza bisogno di una guida o del personale","section_4_usp_3":"Usa il tuo smartphone o tablet personale","section_4_usp_4":"Percorri la citt\u00e0 risolvendo enigmi e sfide","section_4_usp_5":"Scopri curiosit\u00e0 su storia, cultura e monumenti","section_4_usp_6":"Disponibile in pi\u00f9 lingue","section_4_cta":"Scegli la tua citt\u00e0","section_4_step_1":"Prenota il tuo City Game","section_4_step_1_title":"Prenota il tuo City Game","section_4_step_1_text":"Scegli la tua citt\u00e0 e il gioco e ricevi tutto subito dopo la prenotazione.","section_4_step_2":"Fase 2","section_4_step_2_title":"Controlla le istruzioni","section_4_step_2_text":"Apri l\u2019email delle istruzioni con il punto di partenza e come iniziare a giocare.","section_4_step_3":"Fase 3","section_4_step_3_title":"Raggiungi il punto di partenza","section_4_step_3_text":"Recati al punto di partenza quando vuoi, senza orari fissi.","section_4_step_4":"Fase 4","section_4_step_4_title":"Fase 4","section_4_step_4_text":"Segui gli indizi, risolvi enigmi ed esplora la citt\u00e0 al tuo ritmo!","section_5_h2_city_game_concepts_in_country":"Concetti di City Game in Groenlandia","section_5_secrets_title":"Secrets of Esplorazione City Game","section_5_secrets_text":"Scopri citt\u00e0 in modo divertente e interattivo con Secrets of Esplorazione City Game. Risolvi enigmi, affronta sfide creative e scopri sia i luoghi famosi sia i tesori nascosti. Durante il percorso imparerai fatti sorprendenti su storia, cultura e storie locali mentre giochi al tuo ritmo.","section_5_syndicate_title":"The Syndicate City Escape Game","section_5_syndicate_text":"Entra in una emozionante avventura di fuga in citt\u00e0 con The Syndicate. Lavorate insieme come team per risolvere enigmi, decifrare codici e recuperare formule rubate prima che scada il tempo. Questo City Game basato sulla storia si concentra sul lavoro di squadra, sulla risoluzione di problemi e su un gameplay coinvolgente in un contesto urbano.","section_5_sherlock_title":"Sherlock Holmes Murder Mystery","section_5_sherlock_text":"Risolvi un misterioso omicidio interattivo nel Sherlock Holmes City Game. Segui una trama avvincente, indaga sui sospetti e raccogli indizi per scoprire la verit\u00e0 dietro un caso misterioso. La citt\u00e0 costituisce uno sfondo atmosferico per la storia, permettendoti di concentrarti pienamente su deduzione, logica e lavoro di squadra.","hours":"ore","concepts_cta":"Leggi altre informazioni su questo gioco","section_5_text_2":"Ogni concetto \u00e8 disponibile in pi\u00f9 citt\u00e0 in Groenlandia","section_5_cta":"Esplora tutti i City Games","section_6_h2_who_are_city_games_in_country_for":"Per chi sono i City Games in Groenlandia?","section_6_text":"I City Games in Groenlandia sono adatti a:","section_6_usp_1":"Giocatori singoli o piccoli gruppi in cerca di un'avventura flessibile","section_6_usp_2":"Turisti che esplorano le citt\u00e0 della Groenlandia","section_6_usp_3":"Amici e famiglie in cerca di un'attivit\u00e0 divertente","section_6_usp_4":"Aziende e squadre che pianificano un'attivit\u00e0 di teambuilding","section_6_usp_5":"Scegli la tua citt\u00e0","section_6_cta":"Scegli la tua citt\u00e0","section_7_h2_exploring_country":"Esplorare la Groenlandia","section_8_h2_hosted_games":"I tuoi City Games preferiti, ospitati professionalmente dal nostro team","section_8_text":"Goditi gli stessi City Games della versione autoguidata, ma con pieno supporto in loco da parte dei nostri host professionisti. Ci occupiamo di briefing, tablet, coordinamento e supporto tecnico, cos\u00ec che il tuo gruppo possa concentrarsi interamente sul divertimento e sulla competizione.","section_8_text_2":"Fidati da team in tutto il mondo, dai piccoli gruppi a grandi eventi aziendali.","section_8_usp_1_title":"Stesso City Game, completamente ospitato","section_8_usp_1_text":"Vivi la stessa esperienza della versione autoguidata, ora guidata dai nostri accompagnatori.","section_8_usp_2_title":"Classifica in tempo reale e cerimonia di premiazione","section_8_usp_2_text":"Per gruppi numerosi, i nostri accompagnatori rivelano i punteggi finali e annunciano la squadra vincente con un momento di riconoscimento divertente.","section_8_usp_3_title":"Inizio e fine ospitati","section_8_usp_3_text":"Le citt\u00e0 della Groenlandia sono di piccola scala e strettamente collegate all'ambiente naturale circostante. Le zone urbane spesso seguono i contorni della linea costiera, con quartieri disposti attorno a porti, colli rocciosi e fiordi. Il layout della citt\u00e0 tende ad essere compatto, rendendolo facile da navigare a piedi tra strade tranquille e zone residenziali vicine.\n\nIl movimento tra le citt\u00e0 groenlandiche ha un ritmo non frettoloso, plasmato dal clima del paese e dalla sua posizione remota. L'attraversabilit\u00e0 varia tra le citt\u00e0, con le aree centrali che spesso offrono percorsi pavimentati, negozi locali e edifici pubblici a portata di mano. La vita di ogni giorno si svolge a un ritmo regolare, con persone che si muovono a piedi o in auto su infrastrutture minime ma ben utilizzate.\n\nNonostante un contesto artico condiviso, le citt\u00e0 della Groenlandia differiscono nell'atmosfera e nella struttura. Alcuni luoghi sembrano pi\u00f9 radicati nella tradizione, mentre altri riflettono uno sviluppo pi\u00f9 recente influenzato da bisogni in cambiamento e condizioni climatiche. Ogni posto offre il proprio modo di vivere, plasmato dalla geografia, dai legami comunitari e dalla natura circostante.","section_8_usp_4_title":"Supporto in tempo reale durante il gioco","section_8_usp_4_text":"Il nostro team assiste con dispositivi, problemi dell'app e coordinamento durante l'esperienza.","section_8_usp_5_title":"Tablet inclusi (facoltativi)","section_8_usp_5_text":"Disponibili per gruppi che preferiscono utilizzare i nostri dispositivi invece dei propri.","section_8_cta":"Pianifica il tuo evento di gruppo","section_9_h2_reviews":"Cosa pensano gli altri dei nostri City Games","section_9_cta_1":"Tutte le recensioni","section_9_cta_2":"Scrivi una recensione","section_10_h2_faq":"Hai domande? Abbiamo risposte!","section_10_text":"Dai un'occhiata alle nostre domande frequenti e scopri tutto quello che vuoi sapere. La tua domanda non \u00e8 tra queste? Sentiti libero di contattarci.","section_10_cta_1":"Visualizza tutte le domande frequenti","section_10_cta_2":"Richiedi supporto","section_10_question_1":"In quali citt\u00e0 della Groenlandia posso giocare a un City Game?","section_10_question_2":"Devo avere una guida per giocare a un City Game?","section_10_answer_2":"No, tutti i City Games sono <strong>completamente autoguidati<\/strong>! Non hai bisogno di una guida o di personale per giocare. Dopo la prenotazione, riceverai istruzioni chiare sul tuo smartphone in modo da poter iniziare non appena ti sar\u00e0 possibile!\n\nPer gruppi pi\u00f9 numerosi o eventi aziendali \u00e8 disponibile anche una versione completamente ospitata dei nostri City Games, inclusa guida in loco, tablet e supporto live.\n\nPianificare un gruppo pi\u00f9 grande o un evento aziendale?","section_10_answer_2_cta":"Esplora l'esperienza City Game ospitata per gruppi","section_10_question_3":"Quanto tempo richiede un City Game?","section_10_answer_3":"La maggior parte dei City Games richiede <strong>circa 1,5-2 ore per completarlo<\/strong>. Questo include camminare per la citt\u00e0, risolvere enigmi e completare sfide lungo il percorso. Puoi giocare completamente al tuo ritmo: non c'\u00e8 fretta n\u00e9 orari rigidi.\n\nSentiti libero di fare pause, mettere in pausa il gioco per una bevanda o pranzo, e continuare quando vuoi. Questa flessibilit\u00e0 rende i City Games ideali da combinare con visite turistiche o altre attivit\u00e0.","section_10_question_4":"I City Games sono disponibili in pi\u00f9 lingue?","section_10_answer_4":"S\u00ec, i City Games sono <strong>disponibili in diverse lingue<\/strong>. La maggior parte dei giochi pu\u00f2 essere giocata in diverse lingue comunemente usate, rendendoli adatti a visitatori internazionali e gruppi multilingue.\n\nLe lingue disponibili possono variare leggermente da gioco a gioco, ma la selezione della lingua \u00e8 sempre chiaramente indicata prima di iniziare a giocare. Ci\u00f2 permette a ogni squadra di scegliere la lingua che le si addice meglio, assicurando un'esperienza fluida e piacevole per tutti.","section_10_question_5":"Possiamo giocare con un gruppo numeroso?","section_10_answer_5":"S\u00ec, i City Games sono <strong>adatti sia per piccoli gruppi che per grandi team<\/strong>. I grandi gruppi possono facilmente dividersi in squadre pi\u00f9 piccole e giocare al City Game contemporaneamente, usando pi\u00f9 smartphone. Ogni squadra gioca in modo indipendente, seguendo lo stesso concetto di gioco e la stessa storia.\n\nQuesto setup funziona bene per gruppi di amici, famiglie e aziende, e rende i City Games una scelta popolare per uscite di gruppo, eventi e attivit\u00e0 di teambuilding.\n\nPer gruppi pi\u00f9 grandi o eventi aziendali, \u00e8 disponibile anche una versione completamente ospitata dei nostri City Games, inclusa guida in loco, tablet e supporto live.\n\nPianificare un gruppo pi\u00f9 grande o un evento aziendale?","section_10_answer_5_cta":"Esplora l'esperienza City Game ospitata per gruppi","section_10_question_6":"Quando possiamo iniziare a giocare a un City Game?","section_10_answer_6":"Puoi iniziare a giocare <strong>quando ti \u00e8 pi\u00f9 comodo<\/strong>! I City Games non hanno un orario di inizio fisso, quindi puoi iniziare quando si adatti al tuo programma.\n\nDopo la prenotazione, ricevi istruzioni chiare via email, permettendoti di iniziare il gioco in modo indipendente senza prenotazioni o coordinamento con lo staff.\n\nQuesta flessibilit\u00e0 rende i City Games ideali da abbinare ai piani di viaggio, visite turistiche, pranzo o altre attivit\u00e0 durante la giornata.","section_11_h2_instagram":"Vedi di pi\u00f9 su Instagram","section_11_text":"Pronto per un'avventura indimenticabile in Groenlandia","section_11_cta":"Seguici su Instagram","section_12_h2_page_ending":"Pronto per un'avventura indimenticabile in Groenlandia","section_12_text":"Esplora le citt\u00e0 della Groenlandia in modo unico e interattivo con i nostri City Games. Gioca oggi e crea ricordi duraturi!","section_12_cta":"Prenota subito il tuo City Game!"},"yoast_head":"<!-- This site is optimized with the Yoast SEO Premium plugin v26.2 (Yoast SEO v27.4) - https:\/\/yoast.com\/product\/yoast-seo-premium-wordpress\/ -->\n<title>City Game Groenlandia - City Game<\/title>\n<meta name=\"robots\" content=\"index, follow, max-snippet:-1, max-image-preview:large, max-video-preview:-1\" \/>\n<link rel=\"canonical\" href=\"https:\/\/citygame.com\/it\/luoghi\/city-game-groenlandia\/\" \/>\n<meta property=\"og:locale\" content=\"it_IT\" \/>\n<meta property=\"og:type\" content=\"article\" \/>\n<meta property=\"og:title\" content=\"City Game Groenlandia\" \/>\n<meta property=\"og:url\" content=\"https:\/\/citygame.com\/it\/luoghi\/city-game-groenlandia\/\" \/>\n<meta property=\"og:site_name\" content=\"City Game\" \/>\n<meta property=\"article:publisher\" content=\"https:\/\/www.facebook.com\/profile.php?id=100086426226253\" \/>\n<meta property=\"og:image\" content=\"https:\/\/citygame.com\/wp-content\/blogs.dir\/1\/files\/2026\/02\/greenland-icebergs-fjord-at-sunset.jpg\" \/>\n\t<meta property=\"og:image:width\" content=\"1376\" \/>\n\t<meta property=\"og:image:height\" content=\"768\" \/>\n\t<meta property=\"og:image:type\" content=\"image\/jpeg\" \/>\n<meta name=\"twitter:card\" content=\"summary_large_image\" \/>\n<script type=\"application\/ld+json\" class=\"yoast-schema-graph\">{\"@context\":\"https:\\\/\\\/schema.org\",\"@graph\":[{\"@type\":\"WebPage\",\"@id\":\"https:\\\/\\\/citygame.com\\\/it\\\/luoghi\\\/city-game-groenlandia\\\/\",\"url\":\"https:\\\/\\\/citygame.com\\\/it\\\/luoghi\\\/city-game-groenlandia\\\/\",\"name\":\"City Game Groenlandia - City Game\",\"isPartOf\":{\"@id\":\"https:\\\/\\\/citygame.com\\\/it\\\/#website\"},\"primaryImageOfPage\":{\"@id\":\"https:\\\/\\\/citygame.com\\\/it\\\/luoghi\\\/city-game-groenlandia\\\/#primaryimage\"},\"image\":{\"@id\":\"https:\\\/\\\/citygame.com\\\/it\\\/luoghi\\\/city-game-groenlandia\\\/#primaryimage\"},\"thumbnailUrl\":\"https:\\\/\\\/citygame.com\\\/wp-content\\\/blogs.dir\\\/1\\\/files\\\/2026\\\/02\\\/greenland-icebergs-fjord-at-sunset.jpg\",\"datePublished\":\"2026-04-22T08:42:14+00:00\",\"breadcrumb\":{\"@id\":\"https:\\\/\\\/citygame.com\\\/it\\\/luoghi\\\/city-game-groenlandia\\\/#breadcrumb\"},\"inLanguage\":\"it-IT\",\"potentialAction\":[{\"@type\":\"ReadAction\",\"target\":[\"https:\\\/\\\/citygame.com\\\/it\\\/luoghi\\\/city-game-groenlandia\\\/\"]}]},{\"@type\":\"ImageObject\",\"inLanguage\":\"it-IT\",\"@id\":\"https:\\\/\\\/citygame.com\\\/it\\\/luoghi\\\/city-game-groenlandia\\\/#primaryimage\",\"url\":\"https:\\\/\\\/citygame.com\\\/wp-content\\\/blogs.dir\\\/1\\\/files\\\/2026\\\/02\\\/greenland-icebergs-fjord-at-sunset.jpg\",\"contentUrl\":\"https:\\\/\\\/citygame.com\\\/wp-content\\\/blogs.dir\\\/1\\\/files\\\/2026\\\/02\\\/greenland-icebergs-fjord-at-sunset.jpg\",\"width\":1376,\"height\":768,\"caption\":\"Huge icebergs float in the calm waters of a fjord in Greenland during a vibrant sunset.\"},{\"@type\":\"BreadcrumbList\",\"@id\":\"https:\\\/\\\/citygame.com\\\/it\\\/luoghi\\\/city-game-groenlandia\\\/#breadcrumb\",\"itemListElement\":[{\"@type\":\"ListItem\",\"position\":1,\"name\":\"Home\",\"item\":\"https:\\\/\\\/citygame.com\\\/it\\\/\"},{\"@type\":\"ListItem\",\"position\":2,\"name\":\"Luoghi\",\"item\":\"https:\\\/\\\/citygame.com\\\/it\\\/luoghi\\\/\"},{\"@type\":\"ListItem\",\"position\":3,\"name\":\"City Game Groenlandia\"}]},{\"@type\":\"WebSite\",\"@id\":\"https:\\\/\\\/citygame.com\\\/it\\\/#website\",\"url\":\"https:\\\/\\\/citygame.com\\\/it\\\/\",\"name\":\"City Game\",\"description\":\"\",\"publisher\":{\"@id\":\"https:\\\/\\\/citygame.com\\\/it\\\/#organization\"},\"alternateName\":\"citygame.com\",\"potentialAction\":[{\"@type\":\"SearchAction\",\"target\":{\"@type\":\"EntryPoint\",\"urlTemplate\":\"https:\\\/\\\/citygame.com\\\/it\\\/?s={search_term_string}\"},\"query-input\":{\"@type\":\"PropertyValueSpecification\",\"valueRequired\":true,\"valueName\":\"search_term_string\"}}],\"inLanguage\":\"it-IT\"},{\"@type\":\"Organization\",\"@id\":\"https:\\\/\\\/citygame.com\\\/it\\\/#organization\",\"name\":\"City Game\",\"alternateName\":\"citygame.com\",\"url\":\"https:\\\/\\\/citygame.com\\\/it\\\/\",\"logo\":{\"@type\":\"ImageObject\",\"inLanguage\":\"it-IT\",\"@id\":\"https:\\\/\\\/citygame.com\\\/it\\\/#\\\/schema\\\/logo\\\/image\\\/\",\"url\":\"https:\\\/\\\/citygame.com\\\/wp-content\\\/blogs.dir\\\/1\\\/files\\\/2025\\\/10\\\/CG_LOGO-City-Game.png\",\"contentUrl\":\"https:\\\/\\\/citygame.com\\\/wp-content\\\/blogs.dir\\\/1\\\/files\\\/2025\\\/10\\\/CG_LOGO-City-Game.png\",\"width\":351,\"height\":377,\"caption\":\"City Game\"},\"image\":{\"@id\":\"https:\\\/\\\/citygame.com\\\/it\\\/#\\\/schema\\\/logo\\\/image\\\/\"},\"sameAs\":[\"https:\\\/\\\/www.facebook.com\\\/profile.php?id=100086426226253\",\"https:\\\/\\\/www.instagram.com\\\/citygame_com\",\"https:\\\/\\\/www.tiktok.com\\\/@citygamecom\\\/\",\"https:\\\/\\\/www.linkedin.com\\\/company\\\/citygame-com\"],\"description\":\"Turn any city into a playground with our interactive City Games and self-guided tours. Fun, flexible, and ideal for groups and team building.\"}]}<\/script>\n<!-- \/ Yoast SEO Premium plugin. -->","yoast_head_json":{"title":"City Game Groenlandia - City Game","robots":{"index":"index","follow":"follow","max-snippet":"max-snippet:-1","max-image-preview":"max-image-preview:large","max-video-preview":"max-video-preview:-1"},"canonical":"https:\/\/citygame.com\/it\/luoghi\/city-game-groenlandia\/","og_locale":"it_IT","og_type":"article","og_title":"City Game Groenlandia","og_url":"https:\/\/citygame.com\/it\/luoghi\/city-game-groenlandia\/","og_site_name":"City Game","article_publisher":"https:\/\/www.facebook.com\/profile.php?id=100086426226253","og_image":[{"width":1376,"height":768,"url":"https:\/\/citygame.com\/wp-content\/blogs.dir\/1\/files\/2026\/02\/greenland-icebergs-fjord-at-sunset.jpg","type":"image\/jpeg"}],"twitter_card":"summary_large_image","schema":{"@context":"https:\/\/schema.org","@graph":[{"@type":"WebPage","@id":"https:\/\/citygame.com\/it\/luoghi\/city-game-groenlandia\/","url":"https:\/\/citygame.com\/it\/luoghi\/city-game-groenlandia\/","name":"City Game Groenlandia - City Game","isPartOf":{"@id":"https:\/\/citygame.com\/it\/#website"},"primaryImageOfPage":{"@id":"https:\/\/citygame.com\/it\/luoghi\/city-game-groenlandia\/#primaryimage"},"image":{"@id":"https:\/\/citygame.com\/it\/luoghi\/city-game-groenlandia\/#primaryimage"},"thumbnailUrl":"https:\/\/citygame.com\/wp-content\/blogs.dir\/1\/files\/2026\/02\/greenland-icebergs-fjord-at-sunset.jpg","datePublished":"2026-04-22T08:42:14+00:00","breadcrumb":{"@id":"https:\/\/citygame.com\/it\/luoghi\/city-game-groenlandia\/#breadcrumb"},"inLanguage":"it-IT","potentialAction":[{"@type":"ReadAction","target":["https:\/\/citygame.com\/it\/luoghi\/city-game-groenlandia\/"]}]},{"@type":"ImageObject","inLanguage":"it-IT","@id":"https:\/\/citygame.com\/it\/luoghi\/city-game-groenlandia\/#primaryimage","url":"https:\/\/citygame.com\/wp-content\/blogs.dir\/1\/files\/2026\/02\/greenland-icebergs-fjord-at-sunset.jpg","contentUrl":"https:\/\/citygame.com\/wp-content\/blogs.dir\/1\/files\/2026\/02\/greenland-icebergs-fjord-at-sunset.jpg","width":1376,"height":768,"caption":"Huge icebergs float in the calm waters of a fjord in Greenland during a vibrant sunset."},{"@type":"BreadcrumbList","@id":"https:\/\/citygame.com\/it\/luoghi\/city-game-groenlandia\/#breadcrumb","itemListElement":[{"@type":"ListItem","position":1,"name":"Home","item":"https:\/\/citygame.com\/it\/"},{"@type":"ListItem","position":2,"name":"Luoghi","item":"https:\/\/citygame.com\/it\/luoghi\/"},{"@type":"ListItem","position":3,"name":"City Game Groenlandia"}]},{"@type":"WebSite","@id":"https:\/\/citygame.com\/it\/#website","url":"https:\/\/citygame.com\/it\/","name":"City Game","description":"","publisher":{"@id":"https:\/\/citygame.com\/it\/#organization"},"alternateName":"citygame.com","potentialAction":[{"@type":"SearchAction","target":{"@type":"EntryPoint","urlTemplate":"https:\/\/citygame.com\/it\/?s={search_term_string}"},"query-input":{"@type":"PropertyValueSpecification","valueRequired":true,"valueName":"search_term_string"}}],"inLanguage":"it-IT"},{"@type":"Organization","@id":"https:\/\/citygame.com\/it\/#organization","name":"City Game","alternateName":"citygame.com","url":"https:\/\/citygame.com\/it\/","logo":{"@type":"ImageObject","inLanguage":"it-IT","@id":"https:\/\/citygame.com\/it\/#\/schema\/logo\/image\/","url":"https:\/\/citygame.com\/wp-content\/blogs.dir\/1\/files\/2025\/10\/CG_LOGO-City-Game.png","contentUrl":"https:\/\/citygame.com\/wp-content\/blogs.dir\/1\/files\/2025\/10\/CG_LOGO-City-Game.png","width":351,"height":377,"caption":"City Game"},"image":{"@id":"https:\/\/citygame.com\/it\/#\/schema\/logo\/image\/"},"sameAs":["https:\/\/www.facebook.com\/profile.php?id=100086426226253","https:\/\/www.instagram.com\/citygame_com","https:\/\/www.tiktok.com\/@citygamecom\/","https:\/\/www.linkedin.com\/company\/citygame-com"],"description":"Turn any city into a playground with our interactive City Games and self-guided tours. Fun, flexible, and ideal for groups and team building."}]}},"taxonomy_info":{"countries-only-parent-locations":[{"value":443,"label":"North America"}],"cg_page_type":[{"value":44,"label":"Country overview page"}]},"featured_image_src_large":["https:\/\/citygame.com\/wp-content\/blogs.dir\/1\/files\/2026\/02\/greenland-icebergs-fjord-at-sunset-1024x572.jpg",1024,572,true],"author_info":{"display_name":"Philip","author_link":"https:\/\/citygame.com\/it\/blog\/author\/sophi2\/"},"comment_info":0,"wpml_current_locale":"it_IT","wpml_translations":{"nl_NL":{"locale":"nl_NL","id":225799,"slug":"city-game-groenland","post_title":"City Game Groenland","href":"https:\/\/citygame.com\/nl\/locaties\/city-game-groenland\/"},"en_US":{"locale":"en_US","id":12734,"slug":"greenland","post_title":"City Game Greenland","href":"https:\/\/citygame.com\/locations\/greenland\/"},"fr_FR":{"locale":"fr_FR","id":225802,"slug":"city-game-groenland","post_title":"City Game Groenland","href":"https:\/\/citygame.com\/fr\/emplacements\/city-game-groenland\/"},"de_DE":{"locale":"de_DE","id":225800,"slug":"city-game-greenland","post_title":"City Game Greenland","href":"https:\/\/citygame.com\/de\/standorte\/city-game-greenland\/"},"it_IT":{"locale":"it_IT","translation":"current"},"es_ES":{"locale":"es_ES","id":225801,"slug":"city-game-groenlandia","post_title":"City Game Groenlandia","href":"https:\/\/citygame.com\/es\/localizaciones\/city-game-groenlandia\/"}},"_links":{"self":[{"href":"https:\/\/citygame.com\/it\/wp-json\/wp\/v2\/pages\/225803","targetHints":{"allow":["GET"]}}],"collection":[{"href":"https:\/\/citygame.com\/it\/wp-json\/wp\/v2\/pages"}],"about":[{"href":"https:\/\/citygame.com\/it\/wp-json\/wp\/v2\/types\/page"}],"author":[{"embeddable":true,"href":"https:\/\/citygame.com\/it\/wp-json\/wp\/v2\/users\/78"}],"replies":[{"embeddable":true,"href":"https:\/\/citygame.com\/it\/wp-json\/wp\/v2\/comments?post=225803"}],"version-history":[{"count":0,"href":"https:\/\/citygame.com\/it\/wp-json\/wp\/v2\/pages\/225803\/revisions"}],"up":[{"embeddable":true,"href":"https:\/\/citygame.com\/it\/wp-json\/wp\/v2\/pages\/225502"}],"acf:term":[{"embeddable":true,"taxonomy":"cities-only-parent-location","href":"https:\/\/citygame.com\/it\/wp-json\/wp\/v2\/cities-only-parent-location\/534"}],"wp:featuredmedia":[{"embeddable":true,"href":"https:\/\/citygame.com\/it\/wp-json\/wp\/v2\/media\/12729"}],"wp:attachment":[{"href":"https:\/\/citygame.com\/it\/wp-json\/wp\/v2\/media?parent=225803"}],"wp:term":[{"taxonomy":"cities-only-parent-location","embeddable":true,"href":"https:\/\/citygame.com\/it\/wp-json\/wp\/v2\/cities-only-parent-location?post=225803"},{"taxonomy":"countries-only-parent-locations","embeddable":true,"href":"https:\/\/citygame.com\/it\/wp-json\/wp\/v2\/countries-only-parent-locations?post=225803"},{"taxonomy":"seo_keyword","embeddable":true,"href":"https:\/\/citygame.com\/it\/wp-json\/wp\/v2\/seo_keyword?post=225803"},{"taxonomy":"cg_page_type","embeddable":true,"href":"https:\/\/citygame.com\/it\/wp-json\/wp\/v2\/cg_page_type?post=225803"}],"curies":[{"name":"wp","href":"https:\/\/api.w.org\/{rel}","templated":true}]}}