{"id":225812,"date":"2026-04-22T08:55:18","date_gmt":"2026-04-22T08:55:18","guid":{"rendered":"https:\/\/citygame.com\/locations\/city-game-hungary\/"},"modified":"2026-04-22T08:55:18","modified_gmt":"2026-04-22T08:55:18","slug":"city-game-hungary","status":"publish","type":"page","link":"https:\/\/citygame.com\/it\/luoghi\/city-game-hungary\/","title":{"rendered":"City Game Hungary"},"content":{"rendered":"","protected":false},"excerpt":{"rendered":"","protected":false},"author":78,"featured_media":7678,"parent":225502,"menu_order":0,"comment_status":"closed","ping_status":"closed","template":"","meta":{"_acf_changed":false,"_yoast_wpseo_focuskw":"City Game Hungary","_yoast_wpseo_metadesc":"","_kad_blocks_custom_css":"","_kad_blocks_head_custom_js":"","_kad_blocks_body_custom_js":"","_kad_blocks_footer_custom_js":"","_kad_post_transparent":"","_kad_post_title":"","_kad_post_layout":"","_kad_post_sidebar_id":"","_kad_post_content_style":"","_kad_post_vertical_padding":"","_kad_post_feature":"","_kad_post_feature_position":"","_kad_post_header":false,"_kad_post_footer":false,"_kad_post_classname":"","footnotes":""},"cities-only-parent-location":[],"countries-only-parent-locations":[440],"seo_keyword":[],"cg_page_type":[44],"class_list":["post-225812","page","type-page","status-publish","has-post-thumbnail","hentry","countries-only-parent-locations-europe","cg_page_type-country-overview-page"],"acf":{"country_name":"Ungheria","intro_text":"Gioca ai City Games interattivi in Ungheria e scopri le citt\u00e0 in modo divertente e coinvolgente. Risolvi enigmi, completa sfide ed esplora i punti salienti, oltre a gemme nascoste. Tutti i City Games sono autoguidati e giocabili sul tuo smartphone, quando vuoi.","intro_image":7680,"how_city_games_work_image":7681,"who_are_city_games_for_image":7682,"exploring_country_text":"Le citt\u00e0 dell'Ungheria bilanciano tradizione e modernit\u00e0 attraverso la loro struttura e ritmo. Le aree urbane spesso combinano viali ampi con quartieri compatti, rendendole accessibili e facili da percorrere a piedi. Molti centri cittadini presentano una mescolanza di strade residenziali e spazi civici, dando un senso di continuit\u00e0 tra la vita quotidiana e l'attivit\u00e0 pubblica.\n\nLa pedonalit\u00e0 \u00e8 una caratteristica costante della progettazione urbana ungherese, soprattutto nei quartieri pi\u00f9 vecchi dove le strade invitano a muoversi a passo lento e a osservare da vicino. Il trasporto pubblico \u00e8 ben integrato, ma gran parte dell'esperienza urbana si svolge al livello della strada, tra mercati locali, cortili e vie laterali tranquille. Il ritmo della vita tende ad essere costante, con le persone che si dedicano alle routine quotidiane piuttosto che a viaggi frettolosi.\n\nLe citt\u00e0 in Ungheria variano in scala e atmosfera, dalla vasta capitale a citt\u00e0 pi\u00f9 piccole e localmente focalizzate. Alcune sono adagiate lungo fiumi, altre sono compatte per colline o confini storici. Questa variet\u00e0 rende ogni citt\u00e0 distintiva, con la sua atmosfera modellata dalla geografia, dalla configurazione e dai ritmi della comunit\u00e0.","exploring_country_image":7684,"faq_answer_1":"City Games sono disponibili in diverse citt\u00e0 in Ungheria, offrendo esperienze in una gamma di localit\u00e0 in tutto il paese. Puoi trovarli in grandi citt\u00e0 come Budapest, cos\u00ec come in cittadine pi\u00f9 piccole.\n\nLa disponibilit\u00e0 non \u00e8 limitata a queste citt\u00e0, e la selezione comprende sia centri urbani ben noti sia destinazioni meno note.","select_country":487,"intro_h2_city_games_in_country":"City Games in Ungheria","intro_usp_1":"1,5-2 ore di tempo di gioco","intro_usp_2":"3-4 km a piedi","intro_usp_3":"Inizia, metti in pausa e continua quando vuoi","intro_usp_4":"1-4 o 2-5 persone per smartphone","intro_usp_5":"gioca in autonomia","intro_usp_6":"\u00e8 richiesta una connessione a Internet","intro_text_2":"","intro_cta":"","section_2_h2_choose_your_city_in_country":"","section_2_text_1":"City Games sono disponibili nelle citt\u00e0 in Ungheria. Scegli una citt\u00e0 qui sotto per vedere quali City Games puoi giocare l\u00ec.\n","section_3_h2_all_city_game_locations_in_country":"Tutte le posizioni dei City Game in Ungheria","section_4_h2_how_city_games_work_in_country":"Come funzionano City Games in Ungheria","section_4_text_1":"I City Games in Ungheria sono esperienze completamente autoguidate che ti permettono di esplorare una citt\u00e0 al tuo ritmo.","section_4_text_2":"Scegli semplicemente la tua citt\u00e0 e il gioco, segui le istruzioni sul tuo smartphone e inizia a giocare quando vuoi.","section_4_usp_1":"Gioca in squadre di amici, familiari o colleghi","section_4_usp_2":"Inizia quando vuoi, non serve una guida o personale","section_4_usp_3":"Usa il tuo smartphone o tablet","section_4_usp_4":"Percorri la citt\u00e0 risolvendo enigmi e sfide","section_4_usp_5":"Scopri curiosit\u00e0 su storia, cultura e monumenti","section_4_usp_6":"Disponibile in pi\u00f9 lingue","section_4_cta":"Scegli la tua citt\u00e0","section_4_step_1":"Prenota il tuo City Game","section_4_step_1_title":"Prenota il tuo City Game","section_4_step_1_text":"Scegli la tua citt\u00e0 e il gioco e ricevi tutto immediatamente dopo la prenotazione.","section_4_step_2":"Passo 2","section_4_step_2_title":"Controlla le istruzioni","section_4_step_2_text":"Apri l'email con le istruzioni contenente il punto di partenza e come iniziare a giocare.","section_4_step_3":"Passo 3","section_4_step_3_title":" Vai alla posizione di partenza","section_4_step_3_text":"Raggiungi il punto di partenza quando vuoi, senza orari fissi.","section_4_step_4":"","section_4_step_4_title":"Passo 4","section_4_step_4_text":"Segui gli indizi, risolvi enigmi e esplora la citt\u00e0 al tuo ritmo!","section_5_h2_city_game_concepts_in_country":"Concetti City Game in Ungheria","section_5_secrets_title":"Secrets of Exploration Game","section_5_secrets_text":"Scopri le citt\u00e0 in modo divertente e interattivo con Secrets of Exploration City Game. Risolvi enigmi, completa sfide creative e scopri sia i punti salienti famosi sia i luoghi nascosti. Lungo il percorso, imparerai fatti sorprendenti su storia, cultura e racconti locali mentre giochi al tuo ritmo.","section_5_syndicate_title":"The Syndicate City Escape Game","section_5_syndicate_text":"Parti per una emozionante avventura di fuga in citt\u00e0 con The Syndicate. Lavora insieme come una squadra per risolvere enigmi, decifrare codici e recuperare formule rubate prima che il tempo scada. Questo City Game orientato alla storia si concentra sul lavoro di squadra, sulla risoluzione dei problemi e sul gameplay coinvolgente in un contesto urbano.","section_5_sherlock_title":"Sherlock Holmes Murder Mystery","section_5_sherlock_text":"Risolvi un mistero di omicidio interattivo nella Sherlock Holmes City Game. Segui una trama avvincente, interroga i sospetti e raccogli indizi per scoprire la verit\u00e0 dietro un caso misterioso. La citt\u00e0 offre uno sfondo atmosferico per la storia, permettendoti di concentrarti appieno su deduzione, logica e lavoro di squadra.","hours":"ore","concepts_cta":"Leggi di pi\u00f9 su questo gioco","section_5_text_2":"Ogni concetto \u00e8 disponibile in pi\u00f9 citt\u00e0 in Ungheria","section_5_cta":"Esplora tutti i City Games","section_6_h2_who_are_city_games_in_country_for":"Per chi sono i City Games in Ungheria?","section_6_text":"City Games in Ungheria sono adatti a:","section_6_usp_1":"Giocatori singoli o piccoli gruppi in cerca di un'avventura flessibile","section_6_usp_2":"Turisti che esplorano le citt\u00e0 in Ungheria","section_6_usp_3":"Amici e famiglie in cerca di un'attivit\u00e0 divertente","section_6_usp_4":"Aziende e team che pianificano un evento di team building","section_6_usp_5":"Scegli la tua citt\u00e0","section_6_cta":"Scegli la tua citt\u00e0","section_7_h2_exploring_country":"Esplorare l'Ungheria","section_8_h2_hosted_games":"I tuoi City Games preferiti, ospitati professionalmente dal nostro team","section_8_text":"Goditi gli stessi City Games della versione autoguidata, ma con supporto in loco completo dai nostri facilitatori. Ci occupiamo del briefing, dei tablet, del coordinamento e del supporto tecnico, cos\u00ec che il tuo gruppo possa concentrarsi completamente sul divertimento e sulla competizione.","section_8_text_2":"Affidato da team in tutto il mondo, dai piccoli gruppi a grandi eventi aziendali.","section_8_usp_1_title":"Stesso City Game, completamente ospitato","section_8_usp_1_text":"Giocate la stessa esperienza della nostra versione autoguidata, ora guidata dai nostri facilitatori.","section_8_usp_2_title":"Classifica in tempo reale e cerimonia di premiazione","section_8_usp_2_text":"Per gruppi numerosi, i nostri host rivelano i punteggi finali e annunciano la squadra vincente con un momento di premiazione divertente.","section_8_usp_3_title":"Avvio e fine ospitati","section_8_usp_3_text":"Le citt\u00e0 dell'Ungheria bilanciano tradizione e modernit\u00e0 attraverso la loro struttura e ritmo. Le aree urbane spesso combinano viali ampi con quartieri compatti, rendendole accessibili e facili da percorrere a piedi. Molti centri cittadini presentano una mescolanza di strade residenziali e spazi civici, dando un senso di continuit\u00e0 tra la vita quotidiana e l'attivit\u00e0 pubblica.\n\nLa pedonalit\u00e0 \u00e8 una caratteristica costante della progettazione urbana ungherese, soprattutto nei quartieri pi\u00f9 vecchi dove le strade invitano a muoversi a passo lento e a osservare da vicino. Il trasporto pubblico \u00e8 ben integrato, ma gran parte dell'esperienza urbana si svolge al livello della strada, tra mercati locali, cortili e vie laterali tranquille. Il ritmo della vita tende ad essere costante, con le persone che si dedicano alle routine quotidiane piuttosto che a viaggi frettolosi.\n\nLe citt\u00e0 in Ungheria variano in scala e atmosfera, dalla vasta capitale a citt\u00e0 pi\u00f9 piccole e localmente focalizzate. Alcune sono adagiate lungo fiumi, altre sono compatte per colline o confini storici. Questa variet\u00e0 rende ogni citt\u00e0 distintiva, con la sua atmosfera modellata dalla geografia, dalla configurazione e dai ritmi della comunit\u00e0.","section_8_usp_4_title":"Supporto in tempo reale durante il gioco","section_8_usp_4_text":"Il nostro team assiste con dispositivi, problemi dell'app e coordinamento durante l'esperienza.","section_8_usp_5_title":"Tablet inclusi (opzionali)","section_8_usp_5_text":"Disponibili per gruppi che preferiscono usare i nostri dispositivi invece dei propri.","section_8_cta":"Pianifica il tuo evento di gruppo","section_9_h2_reviews":"Cosa pensano gli altri dei nostri City Games","section_9_cta_1":"Tutte le recensioni","section_9_cta_2":"Scrivi una recensione","section_10_h2_faq":"Hai domande? Abbiamo risposte!","section_10_text":"Dai un'occhiata alle nostre domande frequenti e scopri tutto ci\u00f2 che vuoi sapere. La tua domanda non \u00e8 tra queste? Sentiti libero di contattarci.","section_10_cta_1":"Visualizza tutte le domande frequenti","section_10_cta_2":"Richiedi supporto","section_10_question_1":"In quali citt\u00e0 dell'Ungheria posso giocare a un City Game?","section_10_question_2":"Ho bisogno di una guida per giocare a un City Game?","section_10_answer_2":"No, tutti i City Games sono <strong>fully self-guided<\/strong>! Non serve una guida o un membro dello staff per giocare. Dopo la prenotazione, riceverai istruzioni chiare sul tuo smartphone in modo da poter iniziare non appena ti \u00e8 possibile!\r\n\r\nPer gruppi pi\u00f9 numerosi o eventi aziendali, \u00e8 disponibile anche una versione completamente ospitata dei nostri City Games, inclusa guida in loco, tablet e supporto in diretta.\r\n\r\nHai intenzione di pianificare un gruppo pi\u00f9 numeroso o un evento aziendale?","section_10_answer_2_cta":"Esplora l'esperienza City Game ospitata per gruppi","section_10_question_3":"Quanto tempo richiede un City Game?","section_10_answer_3":"La maggior parte dei City Games richiede <strong>circa 1,5-2 ore per essere completati<\/strong>. Questo include camminare per la citt\u00e0, risolvere enigmi e completare sfide lungo il percorso. Puoi giocare completamente al tuo ritmo: non c'\u00e8 pressione temporale e non c'\u00e8 un programma rigido.\r\n\r\nSentiti libero di fare pause, mettere in pausa il gioco per una bevanda o pranzo, e continuare quando vuoi. Questa flessibilit\u00e0 rende i City Games ideali da combinare con sightseeing o altre attivit\u00e0.","section_10_question_4":"I City Games sono disponibili in pi\u00f9 lingue?","section_10_answer_4":"S\u00ec, i City Games sono <strong>disponibili in pi\u00f9 lingue<\/strong>. La maggior parte dei giochi pu\u00f2 essere giocata in diverse lingue comunemente usate, rendendoli adatti a visitatori internazionali e gruppi multilingue.\r\n\r\nLe lingue disponibili possono variare leggermente da gioco a gioco, ma la selezione della lingua \u00e8 sempre chiaramente mostrata prima di iniziare a giocare. Ci\u00f2 consente a ogni squadra di scegliere la lingua che le si addice meglio, garantendo un'esperienza fluida e piacevole per tutti.","section_10_question_5":"Possiamo giocare con un gruppo numeroso?","section_10_answer_5":"S\u00ec, i City Games sono <strong>adatti sia a piccoli gruppi sia a team pi\u00f9 grandi<\/strong>. I gruppi numerosi possono facilmente suddividersi in squadre pi\u00f9 piccole e giocare al City Game contemporaneamente, utilizzando pi\u00f9 smartphone. Ogni squadra gioca in modo indipendente, seguendo lo stesso concetto di gioco e la stessa trama.\r\n\r\nQuesto allestimento funziona bene per gruppi di amici, famiglie e aziende, e rende i City Games una scelta popolare per uscite di gruppo, eventi e attivit\u00e0 di teambuilding.\r\n\r\nPer gruppi pi\u00f9 numerosi o eventi aziendali, \u00e8 disponibile anche una versione completamente ospitata dei nostri City Games, inclusa guida in loco, tablet e supporto in diretta.\r\n\r\nPianificare un gruppo pi\u00f9 numeroso o un evento aziendale?","section_10_answer_5_cta":"Esplora l'esperienza City Game ospitata per gruppi","section_10_question_6":"Quando possiamo iniziare a giocare a un City Game?","section_10_answer_6":"Puoi iniziare a giocare <strong>quando vuoi<\/strong>! I City Games non hanno un orario di inizio fisso, quindi sei libero di iniziare quando si adatta al tuo programma.\r\n\r\nDopo la prenotazione, riceverai istruzioni chiare via email, permettendoti di iniziare il gioco in modo indipendente senza alcuna prenotazione o coordinamento con lo staff.\r\n\r\nQuesta flessibilit\u00e0 rende i City Games ideali da combinare con i piani di viaggio, le visite, pranzo o altre attivit\u00e0 durante la giornata.","section_11_h2_instagram":"Vedi di pi\u00f9 su Instagram","section_11_text":"Pronto per un'avventura indimenticabile in Ungheria","section_11_cta":"Seguici su Instagram","section_12_h2_page_ending":"Pronto per un'avventura indimenticabile in Ungheria","section_12_text":"Esplora le citt\u00e0 in Ungheria in modo unico e interattivo con i nostri City Games. Gioca oggi e crea ricordi duraturi!","section_12_cta":"Prenota ora il tuo City Game!"},"yoast_head":"<!-- This site is optimized with the Yoast SEO Premium plugin v26.2 (Yoast SEO v27.4) - https:\/\/yoast.com\/product\/yoast-seo-premium-wordpress\/ -->\n<title>City Game Hungary - City Game<\/title>\n<meta name=\"robots\" content=\"index, follow, max-snippet:-1, max-image-preview:large, max-video-preview:-1\" \/>\n<link rel=\"canonical\" href=\"https:\/\/citygame.com\/it\/luoghi\/city-game-hungary\/\" \/>\n<meta property=\"og:locale\" content=\"it_IT\" \/>\n<meta property=\"og:type\" content=\"article\" \/>\n<meta property=\"og:title\" content=\"City Game Hungary\" \/>\n<meta property=\"og:url\" content=\"https:\/\/citygame.com\/it\/luoghi\/city-game-hungary\/\" \/>\n<meta property=\"og:site_name\" content=\"City Game\" \/>\n<meta property=\"article:publisher\" content=\"https:\/\/www.facebook.com\/profile.php?id=100086426226253\" \/>\n<meta property=\"og:image\" content=\"https:\/\/citygame.com\/wp-content\/blogs.dir\/1\/files\/2026\/01\/budapest-parliament-danube-river-sunset.jpg\" \/>\n\t<meta property=\"og:image:width\" content=\"1376\" \/>\n\t<meta property=\"og:image:height\" content=\"768\" \/>\n\t<meta property=\"og:image:type\" content=\"image\/jpeg\" \/>\n<meta name=\"twitter:card\" content=\"summary_large_image\" \/>\n<script type=\"application\/ld+json\" class=\"yoast-schema-graph\">{\"@context\":\"https:\\\/\\\/schema.org\",\"@graph\":[{\"@type\":\"WebPage\",\"@id\":\"https:\\\/\\\/citygame.com\\\/it\\\/luoghi\\\/city-game-hungary\\\/\",\"url\":\"https:\\\/\\\/citygame.com\\\/it\\\/luoghi\\\/city-game-hungary\\\/\",\"name\":\"City Game Hungary - City Game\",\"isPartOf\":{\"@id\":\"https:\\\/\\\/citygame.com\\\/it\\\/#website\"},\"primaryImageOfPage\":{\"@id\":\"https:\\\/\\\/citygame.com\\\/it\\\/luoghi\\\/city-game-hungary\\\/#primaryimage\"},\"image\":{\"@id\":\"https:\\\/\\\/citygame.com\\\/it\\\/luoghi\\\/city-game-hungary\\\/#primaryimage\"},\"thumbnailUrl\":\"https:\\\/\\\/citygame.com\\\/wp-content\\\/blogs.dir\\\/1\\\/files\\\/2026\\\/01\\\/budapest-parliament-danube-river-sunset.jpg\",\"datePublished\":\"2026-04-22T08:55:18+00:00\",\"breadcrumb\":{\"@id\":\"https:\\\/\\\/citygame.com\\\/it\\\/luoghi\\\/city-game-hungary\\\/#breadcrumb\"},\"inLanguage\":\"it-IT\",\"potentialAction\":[{\"@type\":\"ReadAction\",\"target\":[\"https:\\\/\\\/citygame.com\\\/it\\\/luoghi\\\/city-game-hungary\\\/\"]}]},{\"@type\":\"ImageObject\",\"inLanguage\":\"it-IT\",\"@id\":\"https:\\\/\\\/citygame.com\\\/it\\\/luoghi\\\/city-game-hungary\\\/#primaryimage\",\"url\":\"https:\\\/\\\/citygame.com\\\/wp-content\\\/blogs.dir\\\/1\\\/files\\\/2026\\\/01\\\/budapest-parliament-danube-river-sunset.jpg\",\"contentUrl\":\"https:\\\/\\\/citygame.com\\\/wp-content\\\/blogs.dir\\\/1\\\/files\\\/2026\\\/01\\\/budapest-parliament-danube-river-sunset.jpg\",\"width\":1376,\"height\":768,\"caption\":\"The illuminated Hungarian Parliament Building and the Chain Bridge over the Danube River in Budapest at dusk.\"},{\"@type\":\"BreadcrumbList\",\"@id\":\"https:\\\/\\\/citygame.com\\\/it\\\/luoghi\\\/city-game-hungary\\\/#breadcrumb\",\"itemListElement\":[{\"@type\":\"ListItem\",\"position\":1,\"name\":\"Home\",\"item\":\"https:\\\/\\\/citygame.com\\\/it\\\/\"},{\"@type\":\"ListItem\",\"position\":2,\"name\":\"Luoghi\",\"item\":\"https:\\\/\\\/citygame.com\\\/it\\\/luoghi\\\/\"},{\"@type\":\"ListItem\",\"position\":3,\"name\":\"City Game Hungary\"}]},{\"@type\":\"WebSite\",\"@id\":\"https:\\\/\\\/citygame.com\\\/it\\\/#website\",\"url\":\"https:\\\/\\\/citygame.com\\\/it\\\/\",\"name\":\"City Game\",\"description\":\"\",\"publisher\":{\"@id\":\"https:\\\/\\\/citygame.com\\\/it\\\/#organization\"},\"alternateName\":\"citygame.com\",\"potentialAction\":[{\"@type\":\"SearchAction\",\"target\":{\"@type\":\"EntryPoint\",\"urlTemplate\":\"https:\\\/\\\/citygame.com\\\/it\\\/?s={search_term_string}\"},\"query-input\":{\"@type\":\"PropertyValueSpecification\",\"valueRequired\":true,\"valueName\":\"search_term_string\"}}],\"inLanguage\":\"it-IT\"},{\"@type\":\"Organization\",\"@id\":\"https:\\\/\\\/citygame.com\\\/it\\\/#organization\",\"name\":\"City Game\",\"alternateName\":\"citygame.com\",\"url\":\"https:\\\/\\\/citygame.com\\\/it\\\/\",\"logo\":{\"@type\":\"ImageObject\",\"inLanguage\":\"it-IT\",\"@id\":\"https:\\\/\\\/citygame.com\\\/it\\\/#\\\/schema\\\/logo\\\/image\\\/\",\"url\":\"https:\\\/\\\/citygame.com\\\/wp-content\\\/blogs.dir\\\/1\\\/files\\\/2025\\\/10\\\/CG_LOGO-City-Game.png\",\"contentUrl\":\"https:\\\/\\\/citygame.com\\\/wp-content\\\/blogs.dir\\\/1\\\/files\\\/2025\\\/10\\\/CG_LOGO-City-Game.png\",\"width\":351,\"height\":377,\"caption\":\"City Game\"},\"image\":{\"@id\":\"https:\\\/\\\/citygame.com\\\/it\\\/#\\\/schema\\\/logo\\\/image\\\/\"},\"sameAs\":[\"https:\\\/\\\/www.facebook.com\\\/profile.php?id=100086426226253\",\"https:\\\/\\\/www.instagram.com\\\/citygame_com\",\"https:\\\/\\\/www.tiktok.com\\\/@citygamecom\\\/\",\"https:\\\/\\\/www.linkedin.com\\\/company\\\/citygame-com\"],\"description\":\"Turn any city into a playground with our interactive City Games and self-guided tours. Fun, flexible, and ideal for groups and team building.\"}]}<\/script>\n<!-- \/ Yoast SEO Premium plugin. -->","yoast_head_json":{"title":"City Game Hungary - City Game","robots":{"index":"index","follow":"follow","max-snippet":"max-snippet:-1","max-image-preview":"max-image-preview:large","max-video-preview":"max-video-preview:-1"},"canonical":"https:\/\/citygame.com\/it\/luoghi\/city-game-hungary\/","og_locale":"it_IT","og_type":"article","og_title":"City Game Hungary","og_url":"https:\/\/citygame.com\/it\/luoghi\/city-game-hungary\/","og_site_name":"City Game","article_publisher":"https:\/\/www.facebook.com\/profile.php?id=100086426226253","og_image":[{"width":1376,"height":768,"url":"https:\/\/citygame.com\/wp-content\/blogs.dir\/1\/files\/2026\/01\/budapest-parliament-danube-river-sunset.jpg","type":"image\/jpeg"}],"twitter_card":"summary_large_image","schema":{"@context":"https:\/\/schema.org","@graph":[{"@type":"WebPage","@id":"https:\/\/citygame.com\/it\/luoghi\/city-game-hungary\/","url":"https:\/\/citygame.com\/it\/luoghi\/city-game-hungary\/","name":"City Game Hungary - City Game","isPartOf":{"@id":"https:\/\/citygame.com\/it\/#website"},"primaryImageOfPage":{"@id":"https:\/\/citygame.com\/it\/luoghi\/city-game-hungary\/#primaryimage"},"image":{"@id":"https:\/\/citygame.com\/it\/luoghi\/city-game-hungary\/#primaryimage"},"thumbnailUrl":"https:\/\/citygame.com\/wp-content\/blogs.dir\/1\/files\/2026\/01\/budapest-parliament-danube-river-sunset.jpg","datePublished":"2026-04-22T08:55:18+00:00","breadcrumb":{"@id":"https:\/\/citygame.com\/it\/luoghi\/city-game-hungary\/#breadcrumb"},"inLanguage":"it-IT","potentialAction":[{"@type":"ReadAction","target":["https:\/\/citygame.com\/it\/luoghi\/city-game-hungary\/"]}]},{"@type":"ImageObject","inLanguage":"it-IT","@id":"https:\/\/citygame.com\/it\/luoghi\/city-game-hungary\/#primaryimage","url":"https:\/\/citygame.com\/wp-content\/blogs.dir\/1\/files\/2026\/01\/budapest-parliament-danube-river-sunset.jpg","contentUrl":"https:\/\/citygame.com\/wp-content\/blogs.dir\/1\/files\/2026\/01\/budapest-parliament-danube-river-sunset.jpg","width":1376,"height":768,"caption":"The illuminated Hungarian Parliament Building and the Chain Bridge over the Danube River in Budapest at dusk."},{"@type":"BreadcrumbList","@id":"https:\/\/citygame.com\/it\/luoghi\/city-game-hungary\/#breadcrumb","itemListElement":[{"@type":"ListItem","position":1,"name":"Home","item":"https:\/\/citygame.com\/it\/"},{"@type":"ListItem","position":2,"name":"Luoghi","item":"https:\/\/citygame.com\/it\/luoghi\/"},{"@type":"ListItem","position":3,"name":"City Game Hungary"}]},{"@type":"WebSite","@id":"https:\/\/citygame.com\/it\/#website","url":"https:\/\/citygame.com\/it\/","name":"City Game","description":"","publisher":{"@id":"https:\/\/citygame.com\/it\/#organization"},"alternateName":"citygame.com","potentialAction":[{"@type":"SearchAction","target":{"@type":"EntryPoint","urlTemplate":"https:\/\/citygame.com\/it\/?s={search_term_string}"},"query-input":{"@type":"PropertyValueSpecification","valueRequired":true,"valueName":"search_term_string"}}],"inLanguage":"it-IT"},{"@type":"Organization","@id":"https:\/\/citygame.com\/it\/#organization","name":"City Game","alternateName":"citygame.com","url":"https:\/\/citygame.com\/it\/","logo":{"@type":"ImageObject","inLanguage":"it-IT","@id":"https:\/\/citygame.com\/it\/#\/schema\/logo\/image\/","url":"https:\/\/citygame.com\/wp-content\/blogs.dir\/1\/files\/2025\/10\/CG_LOGO-City-Game.png","contentUrl":"https:\/\/citygame.com\/wp-content\/blogs.dir\/1\/files\/2025\/10\/CG_LOGO-City-Game.png","width":351,"height":377,"caption":"City Game"},"image":{"@id":"https:\/\/citygame.com\/it\/#\/schema\/logo\/image\/"},"sameAs":["https:\/\/www.facebook.com\/profile.php?id=100086426226253","https:\/\/www.instagram.com\/citygame_com","https:\/\/www.tiktok.com\/@citygamecom\/","https:\/\/www.linkedin.com\/company\/citygame-com"],"description":"Turn any city into a playground with our interactive City Games and self-guided tours. Fun, flexible, and ideal for groups and team building."}]}},"taxonomy_info":{"countries-only-parent-locations":[{"value":440,"label":"Europe"}],"cg_page_type":[{"value":44,"label":"Country overview page"}]},"featured_image_src_large":["https:\/\/citygame.com\/wp-content\/blogs.dir\/1\/files\/2026\/01\/budapest-parliament-danube-river-sunset-1024x572.jpg",1024,572,true],"author_info":{"display_name":"Philip","author_link":"https:\/\/citygame.com\/it\/blog\/author\/sophi2\/"},"comment_info":0,"wpml_current_locale":"it_IT","wpml_translations":{"nl_NL":{"locale":"nl_NL","id":225808,"slug":"city-game-hungary","post_title":"City Game Hungary","href":"https:\/\/citygame.com\/nl\/locaties\/city-game-hungary\/"},"en_US":{"locale":"en_US","id":7685,"slug":"hungary","post_title":"City Game Hungary","href":"https:\/\/citygame.com\/locations\/hungary\/"},"fr_FR":{"locale":"fr_FR","id":225811,"slug":"city-game-hongrie","post_title":"City Game Hongrie","href":"https:\/\/citygame.com\/fr\/emplacements\/city-game-hongrie\/"},"de_DE":{"locale":"de_DE","id":225809,"slug":"city-game-hungary","post_title":"City Game Hungary","href":"https:\/\/citygame.com\/de\/standorte\/city-game-hungary\/"},"it_IT":{"locale":"it_IT","translation":"current"},"es_ES":{"locale":"es_ES","id":225810,"slug":"city-game-hungria","post_title":"City Game Hungr\u00eda","href":"https:\/\/citygame.com\/es\/localizaciones\/city-game-hungria\/"}},"_links":{"self":[{"href":"https:\/\/citygame.com\/it\/wp-json\/wp\/v2\/pages\/225812","targetHints":{"allow":["GET"]}}],"collection":[{"href":"https:\/\/citygame.com\/it\/wp-json\/wp\/v2\/pages"}],"about":[{"href":"https:\/\/citygame.com\/it\/wp-json\/wp\/v2\/types\/page"}],"author":[{"embeddable":true,"href":"https:\/\/citygame.com\/it\/wp-json\/wp\/v2\/users\/78"}],"replies":[{"embeddable":true,"href":"https:\/\/citygame.com\/it\/wp-json\/wp\/v2\/comments?post=225812"}],"version-history":[{"count":0,"href":"https:\/\/citygame.com\/it\/wp-json\/wp\/v2\/pages\/225812\/revisions"}],"up":[{"embeddable":true,"href":"https:\/\/citygame.com\/it\/wp-json\/wp\/v2\/pages\/225502"}],"acf:term":[{"embeddable":true,"taxonomy":"cities-only-parent-location","href":"https:\/\/citygame.com\/it\/wp-json\/wp\/v2\/cities-only-parent-location\/487"}],"wp:featuredmedia":[{"embeddable":true,"href":"https:\/\/citygame.com\/it\/wp-json\/wp\/v2\/media\/7678"}],"wp:attachment":[{"href":"https:\/\/citygame.com\/it\/wp-json\/wp\/v2\/media?parent=225812"}],"wp:term":[{"taxonomy":"cities-only-parent-location","embeddable":true,"href":"https:\/\/citygame.com\/it\/wp-json\/wp\/v2\/cities-only-parent-location?post=225812"},{"taxonomy":"countries-only-parent-locations","embeddable":true,"href":"https:\/\/citygame.com\/it\/wp-json\/wp\/v2\/countries-only-parent-locations?post=225812"},{"taxonomy":"seo_keyword","embeddable":true,"href":"https:\/\/citygame.com\/it\/wp-json\/wp\/v2\/seo_keyword?post=225812"},{"taxonomy":"cg_page_type","embeddable":true,"href":"https:\/\/citygame.com\/it\/wp-json\/wp\/v2\/cg_page_type?post=225812"}],"curies":[{"name":"wp","href":"https:\/\/api.w.org\/{rel}","templated":true}]}}