{"id":225859,"date":"2026-04-22T10:47:11","date_gmt":"2026-04-22T10:47:11","guid":{"rendered":"https:\/\/citygame.com\/locations\/united-kingdom\/city-game-glasgow-2\/"},"modified":"2026-04-22T10:47:11","modified_gmt":"2026-04-22T10:47:11","slug":"city-game-glasgow-2","status":"publish","type":"page","link":"https:\/\/citygame.com\/it\/luoghi\/city-game-regno-unito\/city-game-glasgow-2\/","title":{"rendered":"City Game Glasgow"},"content":{"rendered":"","protected":false},"excerpt":{"rendered":"","protected":false},"author":78,"featured_media":15386,"parent":227202,"menu_order":0,"comment_status":"closed","ping_status":"closed","template":"","meta":{"_acf_changed":false,"_yoast_wpseo_focuskw":"City Game Glasgow","_yoast_wpseo_metadesc":"","_kad_blocks_custom_css":"","_kad_blocks_head_custom_js":"","_kad_blocks_body_custom_js":"","_kad_blocks_footer_custom_js":"","_kad_post_transparent":"","_kad_post_title":"","_kad_post_layout":"","_kad_post_sidebar_id":"","_kad_post_content_style":"","_kad_post_vertical_padding":"","_kad_post_feature":"","_kad_post_feature_position":"","_kad_post_header":false,"_kad_post_footer":false,"_kad_post_classname":"","footnotes":""},"cities-only-parent-location":[492],"countries-only-parent-locations":[],"seo_keyword":[],"cg_page_type":[45],"class_list":["post-225859","page","type-page","status-publish","has-post-thumbnail","hentry","cities-only-parent-location-united-kingdom","cg_page_type-city-overview-page"],"acf":{"city_name":"Glasgow","select_city":178,"section_1_h2_city_games_in_city":"City Games a Glasgow","intro_text":"City Games sono disponibili a Glasgow, la vivace citt\u00e0 nel Regno Unito, offrendo un'esperienza di gioco interattiva. I giocatori risolvono una serie di enigmi e sfide al proprio ritmo mentre esplorano i quartieri unici della citt\u00e0. In particolare, le City Games sono un'esperienza autoguidata giocata su uno smartphone, che ti mantiene coinvolto dal fascino della citt\u00e0.","section_1_usp_1":"Inizia, metti in pausa e continua quando vuoi","section_1_usp_2":"Gioca in modo indipendente","section_1_usp_3":"1-4 o 2-5 persone per smartphone, a seconda del tuo gioco","section_1_usp_4":"1,5-2 ore di gioco","section_1_usp_5":"Distanza a piedi di 3-4 km","section_1_usp_6":"\u00c8 richiesta una connessione Internet","section_1_text_2":"Scegli la tua City Game e inizia a giocare oggi!","section_1_cta":"Controlla tutti i City Games","intro_image":15387,"section_2_h2_all_city_games_in_city":"Tutti i City Games a Glasgow","section_3_h2_how_city_games_work_in_city":"Come funzionano City Games a Glasgow","section_3_text":"City Games in Glasgow sono esperienze completamente autoguidate che ti permettono di esplorare la citt\u00e0 al tuo ritmo. Usando il tuo smartphone, percorrerai il centro della citt\u00e0 risolvendo enigmi, affrontando sfide e seguendo la trama del tuo City Game scelto.rnrnDecidi tu quando iniziare, dove fare una pausa e quanto velocemente giocare. Non \u00e8 richiesta n\u00e9 una guida, n\u00e9 un programma o una prenotazione.","section_3_usp_1":"Gioca in squadre di amici, familiari o colleghi","section_3_usp_2":"Inizia quando vuoi, non serve una guida o il personale","section_3_usp_3":"Usa il tuo smartphone o tablet","section_3_usp_4":"Percorri la citt\u00e0 risolvendo enigmi e sfide","section_3_usp_5":"Scopri curiosit\u00e0 su storia, cultura e luoghi d'interesse","section_3_usp_6":"Disponibile in pi\u00f9 lingue","section_3_cta":"Scegli la tua City Game","section_3_step_1":"Passo 1","section_3_step_1_title":"Prenota la tua City Game","section_3_step_1_text":"Scegli la tua citt\u00e0 e il tuo gioco e ricevi tutto immediatamente dopo la prenotazione.","section_3_step_2":"Passo 2","section_3_step_2_title":"Controlla le tue istruzioni","section_3_step_2_text":"Apri l'email di conferma con il punto di partenza e come iniziare a giocare.","section_3_step_3":"Passo 3","section_3_step_3_title":"Vai al punto di partenza","section_3_step_3_text":"Vai al punto di partenza ogni volta che vuoi, non c'\u00e8 un orario fisso.","section_3_step_4":"Passo 4","section_3_step_4_title":"Inizia a giocare","section_3_step_4_text":"Segui gli indizi, risolvi enigmi ed esplora la citt\u00e0 al tuo ritmo!","how_city_games_work_image":15388,"section_4_h2_who_are_city_games_in_city_for":"Per chi sono i City Games a Glasgow?","section_4_text":"City Games in Glasgow sono progettati per chiunque voglia vivere la citt\u00e0 in modo interattivo e flessibile. Che tu sia a Glasgow per la prima volta o gi\u00e0 conosca bene la citt\u00e0, City Games offrono un'attivit\u00e0 divertente che si adatta facilmente alla tua giornata.","section_4_text_2":"City Games in Glasgow sono adatti a:","section_4_usp_1":"Giocatori in solitaria o piccoli gruppi in cerca di un'avventura flessibile","section_4_usp_2":"Turisti che esplorano Glasgow","section_4_usp_3":"Amici e famiglie in cerca di un'attivit\u00e0 divertente","section_4_usp_4":"Aziende e team che pianificano un'attivit\u00e0 di team building","section_4_usp_5":"Nativi che vogliono riscoprire la propria citt\u00e0","section_4_cta":"Scegli la tua City Game","who_are_city_games_for_image":15389,"section_5_h2_exploring_city":"Esplorare Glasgow","exploring_city_text":"Esplorare Glasgow \u00e8 come entrare nelle pagine di un romanzo incantevole, intriso di storia e energizzato da una modernit\u00e0 vivace. Percorrendo il fiume Clyde, scoprirai una citt\u00e0 costellata da meraviglie architettoniche, dalla maestosit\u00e0 di George Square con le sue statue civiche di rilievo al design all'avanguardia del Riverside Museum lungo il lungomare.nnIl carattere di Glasgow \u00e8 ulteriormente amplificato dai suoi quartieri distinti: il bohemien West End, pieno di ristoranti vivaci, boutique, e l'ampia distesa dei Botanic Gardens; e l'aura avvolgente dell'East End con eredit\u00e0 industriale e una scena artistica in piena fioritura. Mentre passeggi per queste strade, ti rendi conto della disarmante autenticit\u00e0 e dei sorprendenti contrasti che definiscono l'anima della citt\u00e0 pi\u00f9 grande della Scozia.","exploring_city_image":15390,"section_6_h2_hosted_game":"I tuoi City Games preferiti, ospitati professionalmente dal nostro team","section_6_text":"Goditi gli stessi City Games della nostra versione autoguidata, ma con supporto completo in loco da parte dei nostri host. Ci occupiamo del briefing, dei tablet, del coordinamento e del supporto tecnico, cos\u00ec il tuo gruppo pu\u00f2 concentrarsi interamente sul divertimento e sulla competizione.","section_6_text_2":"Cosa \u00e8 incluso:","section_6_usp_1_title":"Lo stesso City Game, completamente ospitato","section_6_usp_1_text":"Voi giocate la stessa esperienza identica della nostra versione autoguidata, ora guidata dai nostri host.","section_6_usp_2_title":"Classifica dal vivo e cerimonia di premiazione","section_6_usp_2_text":"Per gruppi pi\u00f9 numerosi, i nostri host rivelano i punteggi finali e annunciano la squadra vincente con un momento di premio divertente.","section_6_usp_3_title":"Inizio e fine ospitati","section_6_usp_3_text":"Accogliamo il vostro gruppo, spieghiamo chiaramente il gioco e concludiamo con una entusiasmante chiusura.","section_6_usp_4_title":"Supporto in tempo reale durante il gioco","section_6_usp_4_text":"Il nostro team assiste con dispositivi, problemi dell'app e coordinamento durante l'esperienza.","section_6_usp_5_title":"Tablet inclusi (opzionali)","section_6_usp_5_text":"Disponibili per gruppi che preferiscono utilizzare i nostri dispositivi invece dei loro.","section_6_text_3":"Affidato da team di tutto il mondo, dai piccoli gruppi fino a grandi eventi aziendali.","section_6_cta":"Pianifica il tuo evento di gruppo","section_7_h2_reviews":"Cosa pensano gli altri dei nostri City Games","section_7_cta_1":"Tutte le recensioni","section_7_cta_2":"Scrivi una recensione","section_8_h2_faq":"Hai domande? Abbiamo risposte!","section_8_text":"Dai un'occhiata alle nostre domande frequenti e scopri tutto quello che vuoi sapere. La tua domanda non \u00e8 tra queste? Non esitare a contattarci.","section_8_cta_1":"Visualizza tutte le domande frequenti","section_8_cta_2":"Richiedi supporto","section_8_question_1":"Che cosa sono City Games a Glasgow?","section_8_answer_1":"City Games in Glasgow sono <strong>esperienze interattive e autoguidate<\/strong> che ti permettono di esplorare la citt\u00e0 mentre giochi!rnrnUsando il tuo smartphone, risolvi enigmi, affronti sfide e segui la trama del tuo City Game scelto mentre attraversi la citt\u00e0.rnrnCity Games combinano lavoro di squadra, problem solving e esplorazione all'aperto, rendendo questa attivit\u00e0 divertente per visitatori, residenti e gruppi.","section_8_question_2":"\u00c8 necessaria una guida per giocare a City Game a Glasgow?","section_8_answer_2":"No, City Games in Glasgow sono <strong>completamente autoguidate<\/strong>. Non serve una guida, un host o personale in loco per giocare. Tutte le istruzioni e il gameplay sono forniti digitalmente, permettendoti di iniziare e giocare in modo indipendente usando il tuo smartphone.rnQuesta flessibilit\u00e0 rende City Games facili da inserire nel tuo programma.","section_8_answer_2_cta":"Esplora l'esperienza City Game ospitata per gruppi","section_8_question_3":"Quando possiamo iniziare a giocare a City Game a Glasgow?","section_8_answer_3":"Puoi iniziare a giocare <strong>quando ti \u00e8 pi\u00f9 comodo<\/strong>! City Games in Glasgow non hanno orari di inizio fissi, quindi sei libero di iniziare in un momento che si adatti ai tuoi piani.rnrnDopo la prenotazione, ricevi istruzioni chiare su come e quando puoi iniziare la tua City Game!","section_8_question_4":"Quanto tempo richiede City Game a Glasgow?","section_8_answer_4":"Le City Games in Glasgow richiedono <strong>circa 1,5-2 ore<\/strong> per essere completate! La durata esatta dipende dal tuo ritmo, da quante pause prendi e da quanto velocemente risolvi enigmi e sfide.rnrnPuoi giocare al tuo ritmo e mettere in pausa il gioco ogni volta che vuoi!","section_8_question_5":"Possiamo giocare a City Game a Glasgow con un grande gruppo?","section_8_answer_5":"<p class=\"kt-adv-heading2034_97743b-76 wp-block-kadence-advancedheading\" data-kb-block=\"kb-adv-heading2034_97743b-76\">S\u00ec, City Games sono adatti sia a <strong>piccoli gruppi sia a squadre pi\u00f9 grandi<\/strong>. I gruppi numerosi possono facilmente suddividersi in squadre pi\u00f9 piccole e giocare al City Game contemporaneamente, usando pi\u00f9 smartphone. Ogni squadra gioca in modo indipendente, seguendo lo stesso concetto di gioco e la stessa trama.<\/p>rnQuesto setup funziona bene per gruppi di amici, famiglie e aziende, e rende City Games una scelta popolare per uscite di gruppo, eventi e attivit\u00e0 di team building.rn<p class=\"kt-adv-heading2034_7442e3-e3 wp-block-kadence-advancedheading hls-none\" data-kb-block=\"kb-adv-heading2034_7442e3-e3\">Per gruppi pi\u00f9 numerosi o eventi aziendali, \u00e8 disponibile anche una versione completamente ospitata delle nostre City Games, inclusa guida in loco, tablet e supporto in tempo reale.<\/p>rnPianificando un gruppo o evento aziendale pi\u00f9 ampio?","section_8_answer_5_cta":"Esplora l'esperienza City Game ospitata per gruppi","section_8_question_6":"City Games a Glasgow sono adatti sia a turisti che a residenti?","section_8_answer_6":"S\u00ec, City Games in Glasgow sono adatti sia a <strong>turisti sia a residenti<\/strong>. I visitatori possono vivere la citt\u00e0 in modo interattivo, mentre i residenti possono godere delle strade familiari come sfondo per un City Game.rnrnPoich\u00e9 ogni City Game si concentra sul gameplay e sulla narrazione, l'esperienza appare sempre fresca indipendentemente da quanto conosciate gi\u00e0 la citt\u00e0.","section_8_question_7":"City Games a Glasgow sono disponibili in pi\u00f9 lingue?","section_8_answer_7":"S\u00ec, City Games in Glasgow sono <strong>disponibili in pi\u00f9 lingue<\/strong>. Puoi scegliere la lingua preferita prima o durante il gioco, rendendo City Games accessibili a visitatori internazionali e a gruppi multilingue.","section_8_question_8":"Di cosa abbiamo bisogno per giocare a City Game a Glasgow?","section_8_answer_8":"Per giocare a City Game a Glasgow, hai bisogno di:","section_8_answer_8_usp_1":"Uno smartphone con connessione Internet","section_8_answer_8_usp_2":"Una batteria carica","section_8_answer_8_usp_3":"Scarpe comode per camminare","section_8_answer_8_2":"Tutti i contenuti di gioco e le istruzioni sono forniti digitalmente dopo la prenotazione.","section_9_h2_instagram":"Vedi di pi\u00f9 su Instagram","section_9_text":"Ispirazioni di viaggio, enigmi, tesori nascosti e momenti City Game, direttamente dalla nostra community","section_9_cta":"Seguici su Instagram","section_10_h2_page_ending":"Pronto per un'avventura indimenticabile a Glasgow?","section_10_text":"Esplora Glasgow in modo unico e interattivo con i nostri City Games. Gioca oggi e crea ricordi duraturi!","section_10_cta":"Prenota subito la tua City Game","latitude":55.85981603,"longitude":-4.2557537625656,"country":492,"map_enabled":true},"yoast_head":"<!-- This site is optimized with the Yoast SEO Premium plugin v26.2 (Yoast SEO v27.4) - https:\/\/yoast.com\/product\/yoast-seo-premium-wordpress\/ -->\n<title>City Game Glasgow - City Game<\/title>\n<meta name=\"robots\" content=\"index, follow, max-snippet:-1, max-image-preview:large, max-video-preview:-1\" \/>\n<link rel=\"canonical\" href=\"https:\/\/citygame.com\/it\/luoghi\/city-game-regno-unito\/city-game-glasgow-2\/\" \/>\n<meta property=\"og:locale\" content=\"it_IT\" \/>\n<meta property=\"og:type\" content=\"article\" \/>\n<meta property=\"og:title\" content=\"City Game Glasgow\" \/>\n<meta property=\"og:url\" content=\"https:\/\/citygame.com\/it\/luoghi\/city-game-regno-unito\/city-game-glasgow-2\/\" \/>\n<meta property=\"og:site_name\" content=\"City Game\" \/>\n<meta property=\"article:publisher\" content=\"https:\/\/www.facebook.com\/profile.php?id=100086426226253\" \/>\n<meta property=\"og:image\" content=\"https:\/\/citygame.com\/wp-content\/blogs.dir\/1\/files\/2026\/02\/glasgow-university-ovo-hydro-sunset.jpg\" \/>\n\t<meta property=\"og:image:width\" content=\"1376\" \/>\n\t<meta property=\"og:image:height\" content=\"768\" \/>\n\t<meta property=\"og:image:type\" content=\"image\/jpeg\" \/>\n<meta name=\"twitter:card\" content=\"summary_large_image\" \/>\n<script type=\"application\/ld+json\" class=\"yoast-schema-graph\">{\"@context\":\"https:\\\/\\\/schema.org\",\"@graph\":[{\"@type\":\"WebPage\",\"@id\":\"https:\\\/\\\/citygame.com\\\/it\\\/luoghi\\\/city-game-regno-unito\\\/city-game-glasgow-2\\\/\",\"url\":\"https:\\\/\\\/citygame.com\\\/it\\\/luoghi\\\/city-game-regno-unito\\\/city-game-glasgow-2\\\/\",\"name\":\"City Game Glasgow - City Game\",\"isPartOf\":{\"@id\":\"https:\\\/\\\/citygame.com\\\/it\\\/#website\"},\"primaryImageOfPage\":{\"@id\":\"https:\\\/\\\/citygame.com\\\/it\\\/luoghi\\\/city-game-regno-unito\\\/city-game-glasgow-2\\\/#primaryimage\"},\"image\":{\"@id\":\"https:\\\/\\\/citygame.com\\\/it\\\/luoghi\\\/city-game-regno-unito\\\/city-game-glasgow-2\\\/#primaryimage\"},\"thumbnailUrl\":\"https:\\\/\\\/citygame.com\\\/wp-content\\\/blogs.dir\\\/1\\\/files\\\/2026\\\/02\\\/glasgow-university-ovo-hydro-sunset.jpg\",\"datePublished\":\"2026-04-22T10:47:11+00:00\",\"breadcrumb\":{\"@id\":\"https:\\\/\\\/citygame.com\\\/it\\\/luoghi\\\/city-game-regno-unito\\\/city-game-glasgow-2\\\/#breadcrumb\"},\"inLanguage\":\"it-IT\",\"potentialAction\":[{\"@type\":\"ReadAction\",\"target\":[\"https:\\\/\\\/citygame.com\\\/it\\\/luoghi\\\/city-game-regno-unito\\\/city-game-glasgow-2\\\/\"]}]},{\"@type\":\"ImageObject\",\"inLanguage\":\"it-IT\",\"@id\":\"https:\\\/\\\/citygame.com\\\/it\\\/luoghi\\\/city-game-regno-unito\\\/city-game-glasgow-2\\\/#primaryimage\",\"url\":\"https:\\\/\\\/citygame.com\\\/wp-content\\\/blogs.dir\\\/1\\\/files\\\/2026\\\/02\\\/glasgow-university-ovo-hydro-sunset.jpg\",\"contentUrl\":\"https:\\\/\\\/citygame.com\\\/wp-content\\\/blogs.dir\\\/1\\\/files\\\/2026\\\/02\\\/glasgow-university-ovo-hydro-sunset.jpg\",\"width\":1376,\"height\":768,\"caption\":\"The modern OVO Hydro and historic University of Glasgow create a contrasting skyline view from a bridge over the Clyde.\"},{\"@type\":\"BreadcrumbList\",\"@id\":\"https:\\\/\\\/citygame.com\\\/it\\\/luoghi\\\/city-game-regno-unito\\\/city-game-glasgow-2\\\/#breadcrumb\",\"itemListElement\":[{\"@type\":\"ListItem\",\"position\":1,\"name\":\"Home\",\"item\":\"https:\\\/\\\/citygame.com\\\/it\\\/\"},{\"@type\":\"ListItem\",\"position\":2,\"name\":\"Luoghi\",\"item\":\"https:\\\/\\\/citygame.com\\\/it\\\/luoghi\\\/\"},{\"@type\":\"ListItem\",\"position\":3,\"name\":\"City Game Regno Unito\",\"item\":\"https:\\\/\\\/citygame.com\\\/it\\\/luoghi\\\/city-game-regno-unito\\\/\"},{\"@type\":\"ListItem\",\"position\":4,\"name\":\"City Game Glasgow\"}]},{\"@type\":\"WebSite\",\"@id\":\"https:\\\/\\\/citygame.com\\\/it\\\/#website\",\"url\":\"https:\\\/\\\/citygame.com\\\/it\\\/\",\"name\":\"City Game\",\"description\":\"\",\"publisher\":{\"@id\":\"https:\\\/\\\/citygame.com\\\/it\\\/#organization\"},\"alternateName\":\"citygame.com\",\"potentialAction\":[{\"@type\":\"SearchAction\",\"target\":{\"@type\":\"EntryPoint\",\"urlTemplate\":\"https:\\\/\\\/citygame.com\\\/it\\\/?s={search_term_string}\"},\"query-input\":{\"@type\":\"PropertyValueSpecification\",\"valueRequired\":true,\"valueName\":\"search_term_string\"}}],\"inLanguage\":\"it-IT\"},{\"@type\":\"Organization\",\"@id\":\"https:\\\/\\\/citygame.com\\\/it\\\/#organization\",\"name\":\"City Game\",\"alternateName\":\"citygame.com\",\"url\":\"https:\\\/\\\/citygame.com\\\/it\\\/\",\"logo\":{\"@type\":\"ImageObject\",\"inLanguage\":\"it-IT\",\"@id\":\"https:\\\/\\\/citygame.com\\\/it\\\/#\\\/schema\\\/logo\\\/image\\\/\",\"url\":\"https:\\\/\\\/citygame.com\\\/wp-content\\\/blogs.dir\\\/1\\\/files\\\/2025\\\/10\\\/CG_LOGO-City-Game.png\",\"contentUrl\":\"https:\\\/\\\/citygame.com\\\/wp-content\\\/blogs.dir\\\/1\\\/files\\\/2025\\\/10\\\/CG_LOGO-City-Game.png\",\"width\":351,\"height\":377,\"caption\":\"City Game\"},\"image\":{\"@id\":\"https:\\\/\\\/citygame.com\\\/it\\\/#\\\/schema\\\/logo\\\/image\\\/\"},\"sameAs\":[\"https:\\\/\\\/www.facebook.com\\\/profile.php?id=100086426226253\",\"https:\\\/\\\/www.instagram.com\\\/citygame_com\",\"https:\\\/\\\/www.tiktok.com\\\/@citygamecom\\\/\",\"https:\\\/\\\/www.linkedin.com\\\/company\\\/citygame-com\"],\"description\":\"Turn any city into a playground with our interactive City Games and self-guided tours. Fun, flexible, and ideal for groups and team building.\"}]}<\/script>\n<!-- \/ Yoast SEO Premium plugin. -->","yoast_head_json":{"title":"City Game Glasgow - City Game","robots":{"index":"index","follow":"follow","max-snippet":"max-snippet:-1","max-image-preview":"max-image-preview:large","max-video-preview":"max-video-preview:-1"},"canonical":"https:\/\/citygame.com\/it\/luoghi\/city-game-regno-unito\/city-game-glasgow-2\/","og_locale":"it_IT","og_type":"article","og_title":"City Game Glasgow","og_url":"https:\/\/citygame.com\/it\/luoghi\/city-game-regno-unito\/city-game-glasgow-2\/","og_site_name":"City Game","article_publisher":"https:\/\/www.facebook.com\/profile.php?id=100086426226253","og_image":[{"width":1376,"height":768,"url":"https:\/\/citygame.com\/wp-content\/blogs.dir\/1\/files\/2026\/02\/glasgow-university-ovo-hydro-sunset.jpg","type":"image\/jpeg"}],"twitter_card":"summary_large_image","schema":{"@context":"https:\/\/schema.org","@graph":[{"@type":"WebPage","@id":"https:\/\/citygame.com\/it\/luoghi\/city-game-regno-unito\/city-game-glasgow-2\/","url":"https:\/\/citygame.com\/it\/luoghi\/city-game-regno-unito\/city-game-glasgow-2\/","name":"City Game Glasgow - City Game","isPartOf":{"@id":"https:\/\/citygame.com\/it\/#website"},"primaryImageOfPage":{"@id":"https:\/\/citygame.com\/it\/luoghi\/city-game-regno-unito\/city-game-glasgow-2\/#primaryimage"},"image":{"@id":"https:\/\/citygame.com\/it\/luoghi\/city-game-regno-unito\/city-game-glasgow-2\/#primaryimage"},"thumbnailUrl":"https:\/\/citygame.com\/wp-content\/blogs.dir\/1\/files\/2026\/02\/glasgow-university-ovo-hydro-sunset.jpg","datePublished":"2026-04-22T10:47:11+00:00","breadcrumb":{"@id":"https:\/\/citygame.com\/it\/luoghi\/city-game-regno-unito\/city-game-glasgow-2\/#breadcrumb"},"inLanguage":"it-IT","potentialAction":[{"@type":"ReadAction","target":["https:\/\/citygame.com\/it\/luoghi\/city-game-regno-unito\/city-game-glasgow-2\/"]}]},{"@type":"ImageObject","inLanguage":"it-IT","@id":"https:\/\/citygame.com\/it\/luoghi\/city-game-regno-unito\/city-game-glasgow-2\/#primaryimage","url":"https:\/\/citygame.com\/wp-content\/blogs.dir\/1\/files\/2026\/02\/glasgow-university-ovo-hydro-sunset.jpg","contentUrl":"https:\/\/citygame.com\/wp-content\/blogs.dir\/1\/files\/2026\/02\/glasgow-university-ovo-hydro-sunset.jpg","width":1376,"height":768,"caption":"The modern OVO Hydro and historic University of Glasgow create a contrasting skyline view from a bridge over the Clyde."},{"@type":"BreadcrumbList","@id":"https:\/\/citygame.com\/it\/luoghi\/city-game-regno-unito\/city-game-glasgow-2\/#breadcrumb","itemListElement":[{"@type":"ListItem","position":1,"name":"Home","item":"https:\/\/citygame.com\/it\/"},{"@type":"ListItem","position":2,"name":"Luoghi","item":"https:\/\/citygame.com\/it\/luoghi\/"},{"@type":"ListItem","position":3,"name":"City Game Regno Unito","item":"https:\/\/citygame.com\/it\/luoghi\/city-game-regno-unito\/"},{"@type":"ListItem","position":4,"name":"City Game Glasgow"}]},{"@type":"WebSite","@id":"https:\/\/citygame.com\/it\/#website","url":"https:\/\/citygame.com\/it\/","name":"City Game","description":"","publisher":{"@id":"https:\/\/citygame.com\/it\/#organization"},"alternateName":"citygame.com","potentialAction":[{"@type":"SearchAction","target":{"@type":"EntryPoint","urlTemplate":"https:\/\/citygame.com\/it\/?s={search_term_string}"},"query-input":{"@type":"PropertyValueSpecification","valueRequired":true,"valueName":"search_term_string"}}],"inLanguage":"it-IT"},{"@type":"Organization","@id":"https:\/\/citygame.com\/it\/#organization","name":"City Game","alternateName":"citygame.com","url":"https:\/\/citygame.com\/it\/","logo":{"@type":"ImageObject","inLanguage":"it-IT","@id":"https:\/\/citygame.com\/it\/#\/schema\/logo\/image\/","url":"https:\/\/citygame.com\/wp-content\/blogs.dir\/1\/files\/2025\/10\/CG_LOGO-City-Game.png","contentUrl":"https:\/\/citygame.com\/wp-content\/blogs.dir\/1\/files\/2025\/10\/CG_LOGO-City-Game.png","width":351,"height":377,"caption":"City Game"},"image":{"@id":"https:\/\/citygame.com\/it\/#\/schema\/logo\/image\/"},"sameAs":["https:\/\/www.facebook.com\/profile.php?id=100086426226253","https:\/\/www.instagram.com\/citygame_com","https:\/\/www.tiktok.com\/@citygamecom\/","https:\/\/www.linkedin.com\/company\/citygame-com"],"description":"Turn any city into a playground with our interactive City Games and self-guided tours. Fun, flexible, and ideal for groups and team building."}]}},"taxonomy_info":{"cities-only-parent-location":[{"value":492,"label":"United-kingdom"}],"cg_page_type":[{"value":45,"label":"City overview page"}]},"featured_image_src_large":["https:\/\/citygame.com\/wp-content\/blogs.dir\/1\/files\/2026\/02\/glasgow-university-ovo-hydro-sunset-1024x572.jpg",1024,572,true],"author_info":{"display_name":"Philip","author_link":"https:\/\/citygame.com\/it\/blog\/author\/sophi2\/"},"comment_info":0,"wpml_current_locale":"it_IT","wpml_translations":{"nl_NL":{"locale":"nl_NL","id":225849,"slug":"city-game-glasgow-2","post_title":"City Game Glasgow","href":"https:\/\/citygame.com\/nl\/locaties\/city-game-verenigd-koninkrijk\/city-game-glasgow-2\/"},"en_US":{"locale":"en_US","id":15391,"slug":"city-game-glasgow","post_title":"City Game Glasgow","href":"https:\/\/citygame.com\/locations\/united-kingdom\/city-game-glasgow\/"},"fr_FR":{"locale":"fr_FR","id":225854,"slug":"city-game-glasgow-2","post_title":"City Game Glasgow","href":"https:\/\/citygame.com\/fr\/emplacements\/city-game-royaume-uni\/city-game-glasgow-2\/"},"de_DE":{"locale":"de_DE","id":225850,"slug":"city-game-glasgow-2","post_title":"City Game Glasgow","href":"https:\/\/citygame.com\/de\/standorte\/city-game-vereinigtes-konigreich\/city-game-glasgow-2\/"},"it_IT":{"locale":"it_IT","translation":"current"},"es_ES":{"locale":"es_ES","id":225852,"slug":"city-game-glasgow-2","post_title":"City Game Glasgow","href":"https:\/\/citygame.com\/es\/localizaciones\/city-game-reino-unido\/city-game-glasgow-2\/"}},"_links":{"self":[{"href":"https:\/\/citygame.com\/it\/wp-json\/wp\/v2\/pages\/225859","targetHints":{"allow":["GET"]}}],"collection":[{"href":"https:\/\/citygame.com\/it\/wp-json\/wp\/v2\/pages"}],"about":[{"href":"https:\/\/citygame.com\/it\/wp-json\/wp\/v2\/types\/page"}],"author":[{"embeddable":true,"href":"https:\/\/citygame.com\/it\/wp-json\/wp\/v2\/users\/78"}],"replies":[{"embeddable":true,"href":"https:\/\/citygame.com\/it\/wp-json\/wp\/v2\/comments?post=225859"}],"version-history":[{"count":0,"href":"https:\/\/citygame.com\/it\/wp-json\/wp\/v2\/pages\/225859\/revisions"}],"up":[{"embeddable":true,"href":"https:\/\/citygame.com\/it\/wp-json\/wp\/v2\/pages\/227202"}],"acf:term":[{"embeddable":true,"taxonomy":"cities-only-parent-location","href":"https:\/\/citygame.com\/it\/wp-json\/wp\/v2\/cities-only-parent-location\/492"},{"embeddable":true,"taxonomy":"location","href":"https:\/\/citygame.com\/it\/wp-json\/wp\/v2\/location\/178"}],"wp:featuredmedia":[{"embeddable":true,"href":"https:\/\/citygame.com\/it\/wp-json\/wp\/v2\/media\/15386"}],"wp:attachment":[{"href":"https:\/\/citygame.com\/it\/wp-json\/wp\/v2\/media?parent=225859"}],"wp:term":[{"taxonomy":"cities-only-parent-location","embeddable":true,"href":"https:\/\/citygame.com\/it\/wp-json\/wp\/v2\/cities-only-parent-location?post=225859"},{"taxonomy":"countries-only-parent-locations","embeddable":true,"href":"https:\/\/citygame.com\/it\/wp-json\/wp\/v2\/countries-only-parent-locations?post=225859"},{"taxonomy":"seo_keyword","embeddable":true,"href":"https:\/\/citygame.com\/it\/wp-json\/wp\/v2\/seo_keyword?post=225859"},{"taxonomy":"cg_page_type","embeddable":true,"href":"https:\/\/citygame.com\/it\/wp-json\/wp\/v2\/cg_page_type?post=225859"}],"curies":[{"name":"wp","href":"https:\/\/api.w.org\/{rel}","templated":true}]}}