{"id":226217,"date":"2026-04-22T14:22:22","date_gmt":"2026-04-22T14:22:22","guid":{"rendered":"https:\/\/citygame.com\/locations\/the-netherlands\/city-game-valkenburg-2\/"},"modified":"2026-04-22T14:22:22","modified_gmt":"2026-04-22T14:22:22","slug":"city-game-valkenburg-2","status":"publish","type":"page","link":"https:\/\/citygame.com\/it\/luoghi\/city-game-paesi-bassi\/city-game-valkenburg-2\/","title":{"rendered":"City Game Valkenburg"},"content":{"rendered":"","protected":false},"excerpt":{"rendered":"","protected":false},"author":78,"featured_media":16327,"parent":227395,"menu_order":0,"comment_status":"closed","ping_status":"closed","template":"","meta":{"_acf_changed":false,"_yoast_wpseo_focuskw":"City Game Valkenburg","_yoast_wpseo_metadesc":"","_kad_blocks_custom_css":"","_kad_blocks_head_custom_js":"","_kad_blocks_body_custom_js":"","_kad_blocks_footer_custom_js":"","_kad_post_transparent":"","_kad_post_title":"","_kad_post_layout":"","_kad_post_sidebar_id":"","_kad_post_content_style":"","_kad_post_vertical_padding":"","_kad_post_feature":"","_kad_post_feature_position":"","_kad_post_header":false,"_kad_post_footer":false,"_kad_post_classname":"","footnotes":""},"cities-only-parent-location":[452],"countries-only-parent-locations":[],"seo_keyword":[],"cg_page_type":[45],"class_list":["post-226217","page","type-page","status-publish","has-post-thumbnail","hentry","cities-only-parent-location-the-netherlands","cg_page_type-city-overview-page"],"acf":{"city_name":"Valkenburg","select_city":414,"section_1_h2_city_games_in_city":"City Games in Valkenburg","intro_text":"City Games sono disponibili a Valkenburg, offrendo un modo interattivo per esplorare la citt\u00e0 attraverso il gioco. Usando lo smartphone, risolvi enigmi e completi sfide mentre navighi per le strade al tuo ritmo. Questa esperienza autoguidata combina avventura all'aperto con funzionalit\u00e0 digitali per un modo unico di interagire con Valkenburg.","section_1_usp_1":"Inizia, metti in pausa e riprendi quando vuoi","section_1_usp_2":"Gioca in modo indipendente","section_1_usp_3":"1-4 o 2-5 persone per smartphone, a seconda del tuo gioco","section_1_usp_4":"1,5\u20132 ore di gioco","section_1_usp_5":"3-4 km di camminata","section_1_usp_6":"\u00c8 richiesta una connessione a Internet","section_1_text_2":"Scegli la tua City Game e inizia a giocare oggi!","section_1_cta":"Visualizza tutti i City Games","intro_image":16328,"section_2_h2_all_city_games_in_city":"Tutte le City Games a Valkenburg","section_3_h2_how_city_games_work_in_city":"Come City Games funzionano a Valkenburg","section_3_text":"City Games a Valkenburg sono esperienze completamente autoguidate che ti permettono di esplorare la citt\u00e0 al tuo ritmo. Usando il tuo smartphone, attraverserai il centro citt\u00e0 risolvendo enigmi, completando sfide e seguendo la trama del tuo City Game scelto.\r\n\r\nDecidi tu quando iniziare, dove fare pause e quanto velocemente giocare. Non \u00e8 richiesta n\u00e9 una guida, n\u00e9 un orario n\u00e9 una prenotazione.","section_3_usp_1":"Gioca in squadre di amici, familiari o colleghi","section_3_usp_2":"Inizia quando vuoi, non \u00e8 necessaria una guida o personale","section_3_usp_3":"Usa il tuo smartphone o tablet","section_3_usp_4":"In cammino per la citt\u00e0 risolvendo enigmi e sfide","section_3_usp_5":"Scopri curiosit\u00e0 su storia, cultura e luoghi di interesse","section_3_usp_6":"Disponibile in pi\u00f9 lingue","section_3_cta":"Scegli la tua City Game","section_3_step_1":"Fase 1","section_3_step_1_title":"Prenota la tua City Game","section_3_step_1_text":"Scegli la tua citt\u00e0 e il tuo gioco e ricevi tutto subito dopo la prenotazione.","section_3_step_2":"Fase 2","section_3_step_2_title":"Controlla le istruzioni","section_3_step_2_text":"Apri l'email di conferma con il punto di partenza e come iniziare a giocare.","section_3_step_3":"Fase 3","section_3_step_3_title":"Vai al punto di partenza","section_3_step_3_text":"Raggiungi il punto di partenza quando vuoi, senza orario fisso.","section_3_step_4":"Fase 4","section_3_step_4_title":"Inizia a giocare","section_3_step_4_text":"Segui gli indizi, risolvi enigmi ed esplora la citt\u00e0 al tuo ritmo!","how_city_games_work_image":16329,"section_4_h2_who_are_city_games_in_city_for":"Per chi sono le City Games a Valkenburg?","section_4_text":"Le City Games a Valkenburg sono pensate per chiunque voglia vivere la citt\u00e0 in modo interattivo e flessibile. Che sia la tua prima visita a Valkenburg o che tu conosca gi\u00e0 bene la citt\u00e0, le City Games offrono un'attivit\u00e0 divertente che si inserisce facilmente nella tua giornata.","section_4_text_2":"Le City Games a Valkenburg sono adatte a:","section_4_usp_1":"Giocatori singoli o piccoli gruppi in cerca di un'avventura flessibile","section_4_usp_2":"Turisti che visitano Valkenburg","section_4_usp_3":"Amici e famiglie in cerca di un'attivit\u00e0 divertente","section_4_usp_4":"Aziende e team che pianificano un evento di teambuilding","section_4_usp_5":"Locali che vogliono riscoprire la propria citt\u00e0","section_4_cta":"Scegli la tua City Game","who_are_city_games_for_image":16330,"section_5_h2_exploring_city":"Esplorare Valkenburg","exploring_city_text":"Attraversando il cuore di Valkenburg, il fiume Geul aggiunge un ritmo tranquillo al paesaggio della citt\u00e0, caratterizzato da dolci pendenze. Il centro storico compatto, con la sua architettura in calcare e le strette strade lastricate, invita a un passo pi\u00f9 lento, dove ad ogni svolta sembra emergere un altro caff\u00e8, una boutique o una cappella secentesca scolpita nella collina.nnSalendo verso le rovine del Castello di Valkenburg, il terreno diventa pi\u00f9 drammatico. Il castello, situato sopra la citt\u00e0, offre viste panoramiche e segna una chiara transizione dalle strade animate al cielo aperto. Nelle vicinanze, la Velvet Cave e la rete di cunicoli sotterranei aggiungono una dimensione inaspettata al viaggio, spostando la sensazione di esplorazione sotto la superficie.","exploring_city_image":16331,"section_6_h2_hosted_game":"Le tue City Games preferite, ospitate professionalmente dal nostro team","section_6_text":"Goditi le stesse City Games della nostra versione autoguidata, ma con completo supporto in loco dai nostri host professionisti. Ci occupiamo del briefing, dei tablet, del coordinamento e del supporto tecnico, in modo che il tuo gruppo possa concentrarsi interamente sul divertimento e sulla competizione.","section_6_text_2":"Cosa \u00e8 incluso:","section_6_usp_1_title":"Stessa City Game, completamente ospitata","section_6_usp_1_text":"Vivi la stessa identica esperienza della nostra versione autoguidata, ora guidata dai nostri host che accompagnano il tuo gruppo.","section_6_usp_2_title":"Classifica in tempo reale e cerimonia di premiazione","section_6_usp_2_text":"Per gruppi numerosi, i nostri host rivelano i punteggi finali e annunciano la squadra vincente con un momento di premiazione divertente.","section_6_usp_3_title":"Inizio e fine guidati","section_6_usp_3_text":"Accogliamo il tuo gruppo, spieghiamo chiaramente il gioco e concludiamo con un emozionante riassunto.","section_6_usp_4_title":"Supporto in tempo reale durante il gioco","section_6_usp_4_text":"Il nostro team assiste con i dispositivi, problemi dell'app e coordinamento durante l'esperienza.","section_6_usp_5_title":"Tablet inclusi (opzionali)","section_6_usp_5_text":"Disponibile per gruppi che preferiscono utilizzare i nostri dispositivi invece dei propri.","section_6_text_3":"Affidato da team in tutto il mondo, dai piccoli gruppi a grandi eventi aziendali.","section_6_cta":"Pianifica il tuo evento di gruppo","section_7_h2_reviews":"Cosa pensano gli altri delle nostre City Games","section_7_cta_1":"Tutte le recensioni","section_7_cta_2":"Scrivi una recensione","section_8_h2_faq":"Hai domande? Abbiamo risposte!","section_8_text":"Dai un'occhiata alle nostre domande frequenti e scopri tutto ci\u00f2 che vuoi sapere. La tua domanda non \u00e8 tra queste? Non esitare a contattarci.","section_8_cta_1":"Visualizza tutte le domande frequenti","section_8_cta_2":"Richiedi assistenza","section_8_question_1":"Cosa sono City Games a Valkenburg?","section_8_answer_1":"City Games a Valkenburg sono <strong>esperienze interattive e autoguidate<\/strong> che ti permettono di esplorare la citt\u00e0 giocando!nnUsando il tuo smartphone, risolvi enigmi, completi sfide e segui la trama del tuo City Game scelto mentre percorri la citt\u00e0.nnCity Games combinano lavoro di squadra, problem-solving e esplorazione all'aperto, rendendole un'attivit\u00e0 divertente per visitatori, residenti e gruppi.","section_8_question_2":"Ho bisogno di una guida per giocare a una City Game a Valkenburg?","section_8_answer_2":"<p class=\"kt-adv-heading2034_2420ea-ca wp-block-kadence-advancedheading\" data-kb-block=\"kb-adv-heading2034_2420ea-ca\">No, City Games in Valkenburg sono <strong>completamente autoguidate<\/strong>. Non hai bisogno di una guida, di un host o del personale in loco per giocare. Tutte le istruzioni e il gameplay sono forniti digitalmente, permettendoti di iniziare e giocare in modo indipendente usando il tuo smartphone.<\/p>rnQuesta flessibilit\u00e0 rende le City Games facili da inserire nel tuo programma.rn<p class=\"kt-adv-heading2034_cd3db2-33 wp-block-kadence-advancedheading hls-none\" data-kb-block=\"kb-adv-heading2034_cd3db2-33\">Per gruppi pi\u00f9 grandi o eventi aziendali, \u00e8 disponibile anche una versione completamente ospitata delle nostre City Games, che include guida in loco, tablet e supporto in diretta.<\/p>rnPianificare un gruppo pi\u00f9 grande o un evento aziendale?","section_8_answer_2_cta":"Esplora l'esperienza City Game ospitata per gruppi","section_8_question_3":"Quando possiamo iniziare a giocare a una City Game a Valkenburg?","section_8_answer_3":"Puoi iniziare a giocare <strong>quando vuoi<\/strong>! Le City Games a Valkenburg non hanno orari di inizio fissi, quindi puoi iniziare in un momento che si adatti ai tuoi piani.rnrnDopo la prenotazione ricevi istruzioni chiare che spiegano come e quando puoi iniziare la tua City Game!","section_8_question_4":"Quanto tempo richiede una City Game a Valkenburg?","section_8_answer_4":"Le City Games a Valkenburg richiedono <strong>circa 1,5\u20132 ore<\/strong> per essere completate! La durata esatta dipende dal tuo ritmo, da quante pause prendi e da quanto velocemente risolvi enigmi e sfide.rnrnPuoi giocare al tuo ritmo e mettere in pausa il gioco quando vuoi!","section_8_question_5":"Possiamo giocare a una City Game a Valkenburg con un grande gruppo?","section_8_answer_5":"<p class=\"kt-adv-heading2034_97743b-76 wp-block-kadence-advancedheading\" data-kb-block=\"kb-adv-heading2034_97743b-76\">S\u00ec, City Games sono adatti sia a <strong>piccoli gruppi sia a team pi\u00f9 grandi<\/strong>. Grandi gruppi possono facilmente suddividersi in team pi\u00f9 piccoli e giocare la City Game contemporaneamente, usando pi\u00f9 smartphone. Ogni squadra gioca in modo indipendente, seguendo lo stesso concetto di gioco e la stessa trama.<\/p>rnQuesto setup funziona bene per gruppi di amici, famiglie e aziende, e rende City Games una scelta popolare per uscite di gruppo, eventi e attivit\u00e0 di teambuilding.rn<p class=\"kt-adv-heading2034_7442e3-e3 wp-block-kadence-advancedheading hls-none\" data-kb-block=\"kb-adv-heading2034_7442e3-e3\">Per gruppi pi\u00f9 grandi o eventi aziendali, \u00e8 disponibile anche una versione completamente ospitata delle nostre City Games, che include guida in loco, tablet e supporto in diretta.<\/p>rnPianificare un gruppo pi\u00f9 grande o un evento aziendale?","section_8_answer_5_cta":"Esplora l'esperienza City Game ospitata per gruppi","section_8_question_6":"Le City Games a Valkenburg sono adatte sia a turisti che a residenti?","section_8_answer_6":"S\u00ec, City Games a Valkenburg sono <strong>adatte sia a turisti che a residenti<\/strong>. I visitatori possono vivere la citt\u00e0 in modo interattivo, mentre i residenti possono godere delle strade familiari come ambientazione per una City Game.nnPoich\u00e9 ogni City Game si concentra sul gameplay e sulla narrazione, l'esperienza resta fresca indipendentemente da quanto conosci gi\u00e0 la citt\u00e0.","section_8_question_7":"Le City Games a Valkenburg sono disponibili in pi\u00f9 lingue?","section_8_answer_7":"S\u00ec, Le City Games a Valkenburg sono <strong>disponibili in pi\u00f9 lingue<\/strong>. Puoi scegliere la lingua preferita prima o durante il gioco, rendendo City Games accessibili per visitatori internazionali e gruppi multilingue.","section_8_question_8":"Di cosa abbiamo bisogno per giocare a una City Game a Valkenburg?","section_8_answer_8":"Per giocare a una City Game a Valkenburg, hai bisogno di:","section_8_answer_8_usp_1":"Uno smartphone con connessione Internet","section_8_answer_8_usp_2":"Una batteria carica","section_8_answer_8_usp_3":"Scarpe comode per camminare","section_8_answer_8_2":"Tutti i contenuti di gioco e le istruzioni sono forniti digitalmente dopo la prenotazione.","section_9_h2_instagram":"Guarda di pi\u00f9 su Instagram","section_9_text":"Ispirazioni per i viaggi, enigmi, tesori nascosti e momenti di City Game, direttamente dalla nostra community","section_9_cta":"Seguici su Instagram","section_10_h2_page_ending":"Pronto per un'avventura indimenticabile a Valkenburg?","section_10_text":"Esplora Valkenburg in modo unico e interattivo con le nostre City Games. Gioca oggi e crea ricordi duraturi!","section_10_cta":"Prenota la tua City Game ora","latitude":50.8648098,"longitude":5.8324985,"country":452,"map_enabled":true},"yoast_head":"<!-- This site is optimized with the Yoast SEO Premium plugin v26.2 (Yoast SEO v27.4) - https:\/\/yoast.com\/product\/yoast-seo-premium-wordpress\/ -->\n<title>City Game Valkenburg - City Game<\/title>\n<meta name=\"robots\" content=\"index, follow, max-snippet:-1, max-image-preview:large, max-video-preview:-1\" \/>\n<link rel=\"canonical\" href=\"https:\/\/citygame.com\/it\/luoghi\/city-game-paesi-bassi\/city-game-valkenburg-2\/\" \/>\n<meta property=\"og:locale\" content=\"it_IT\" \/>\n<meta property=\"og:type\" content=\"article\" \/>\n<meta property=\"og:title\" content=\"City Game Valkenburg\" \/>\n<meta property=\"og:url\" content=\"https:\/\/citygame.com\/it\/luoghi\/city-game-paesi-bassi\/city-game-valkenburg-2\/\" \/>\n<meta property=\"og:site_name\" content=\"City Game\" \/>\n<meta property=\"article:publisher\" content=\"https:\/\/www.facebook.com\/profile.php?id=100086426226253\" \/>\n<meta property=\"og:image\" content=\"https:\/\/citygame.com\/wp-content\/blogs.dir\/1\/files\/2026\/03\/valkenburg-kasteel-schaloen-gardens.jpeg\" \/>\n\t<meta property=\"og:image:width\" content=\"1920\" \/>\n\t<meta property=\"og:image:height\" content=\"1280\" \/>\n\t<meta property=\"og:image:type\" content=\"image\/jpeg\" \/>\n<meta name=\"twitter:card\" content=\"summary_large_image\" \/>\n<script type=\"application\/ld+json\" class=\"yoast-schema-graph\">{\"@context\":\"https:\\\/\\\/schema.org\",\"@graph\":[{\"@type\":\"WebPage\",\"@id\":\"https:\\\/\\\/citygame.com\\\/it\\\/luoghi\\\/city-game-paesi-bassi\\\/city-game-valkenburg-2\\\/\",\"url\":\"https:\\\/\\\/citygame.com\\\/it\\\/luoghi\\\/city-game-paesi-bassi\\\/city-game-valkenburg-2\\\/\",\"name\":\"City Game Valkenburg - City Game\",\"isPartOf\":{\"@id\":\"https:\\\/\\\/citygame.com\\\/it\\\/#website\"},\"primaryImageOfPage\":{\"@id\":\"https:\\\/\\\/citygame.com\\\/it\\\/luoghi\\\/city-game-paesi-bassi\\\/city-game-valkenburg-2\\\/#primaryimage\"},\"image\":{\"@id\":\"https:\\\/\\\/citygame.com\\\/it\\\/luoghi\\\/city-game-paesi-bassi\\\/city-game-valkenburg-2\\\/#primaryimage\"},\"thumbnailUrl\":\"https:\\\/\\\/citygame.com\\\/wp-content\\\/blogs.dir\\\/1\\\/files\\\/2026\\\/03\\\/valkenburg-kasteel-schaloen-gardens.jpeg\",\"datePublished\":\"2026-04-22T14:22:22+00:00\",\"breadcrumb\":{\"@id\":\"https:\\\/\\\/citygame.com\\\/it\\\/luoghi\\\/city-game-paesi-bassi\\\/city-game-valkenburg-2\\\/#breadcrumb\"},\"inLanguage\":\"it-IT\",\"potentialAction\":[{\"@type\":\"ReadAction\",\"target\":[\"https:\\\/\\\/citygame.com\\\/it\\\/luoghi\\\/city-game-paesi-bassi\\\/city-game-valkenburg-2\\\/\"]}]},{\"@type\":\"ImageObject\",\"inLanguage\":\"it-IT\",\"@id\":\"https:\\\/\\\/citygame.com\\\/it\\\/luoghi\\\/city-game-paesi-bassi\\\/city-game-valkenburg-2\\\/#primaryimage\",\"url\":\"https:\\\/\\\/citygame.com\\\/wp-content\\\/blogs.dir\\\/1\\\/files\\\/2026\\\/03\\\/valkenburg-kasteel-schaloen-gardens.jpeg\",\"contentUrl\":\"https:\\\/\\\/citygame.com\\\/wp-content\\\/blogs.dir\\\/1\\\/files\\\/2026\\\/03\\\/valkenburg-kasteel-schaloen-gardens.jpeg\",\"width\":1920,\"height\":1280,\"caption\":\"The impressive Kasteel Schaloen, also called The Wedding Castle, is surrounded by beautiful formal gardens in Valkenburg.\"},{\"@type\":\"BreadcrumbList\",\"@id\":\"https:\\\/\\\/citygame.com\\\/it\\\/luoghi\\\/city-game-paesi-bassi\\\/city-game-valkenburg-2\\\/#breadcrumb\",\"itemListElement\":[{\"@type\":\"ListItem\",\"position\":1,\"name\":\"Home\",\"item\":\"https:\\\/\\\/citygame.com\\\/it\\\/\"},{\"@type\":\"ListItem\",\"position\":2,\"name\":\"Luoghi\",\"item\":\"https:\\\/\\\/citygame.com\\\/it\\\/luoghi\\\/\"},{\"@type\":\"ListItem\",\"position\":3,\"name\":\"City Game Paesi Bassi\",\"item\":\"https:\\\/\\\/citygame.com\\\/it\\\/luoghi\\\/city-game-paesi-bassi\\\/\"},{\"@type\":\"ListItem\",\"position\":4,\"name\":\"City Game Valkenburg\"}]},{\"@type\":\"WebSite\",\"@id\":\"https:\\\/\\\/citygame.com\\\/it\\\/#website\",\"url\":\"https:\\\/\\\/citygame.com\\\/it\\\/\",\"name\":\"City Game\",\"description\":\"\",\"publisher\":{\"@id\":\"https:\\\/\\\/citygame.com\\\/it\\\/#organization\"},\"alternateName\":\"citygame.com\",\"potentialAction\":[{\"@type\":\"SearchAction\",\"target\":{\"@type\":\"EntryPoint\",\"urlTemplate\":\"https:\\\/\\\/citygame.com\\\/it\\\/?s={search_term_string}\"},\"query-input\":{\"@type\":\"PropertyValueSpecification\",\"valueRequired\":true,\"valueName\":\"search_term_string\"}}],\"inLanguage\":\"it-IT\"},{\"@type\":\"Organization\",\"@id\":\"https:\\\/\\\/citygame.com\\\/it\\\/#organization\",\"name\":\"City Game\",\"alternateName\":\"citygame.com\",\"url\":\"https:\\\/\\\/citygame.com\\\/it\\\/\",\"logo\":{\"@type\":\"ImageObject\",\"inLanguage\":\"it-IT\",\"@id\":\"https:\\\/\\\/citygame.com\\\/it\\\/#\\\/schema\\\/logo\\\/image\\\/\",\"url\":\"https:\\\/\\\/citygame.com\\\/wp-content\\\/blogs.dir\\\/1\\\/files\\\/2025\\\/10\\\/CG_LOGO-City-Game.png\",\"contentUrl\":\"https:\\\/\\\/citygame.com\\\/wp-content\\\/blogs.dir\\\/1\\\/files\\\/2025\\\/10\\\/CG_LOGO-City-Game.png\",\"width\":351,\"height\":377,\"caption\":\"City Game\"},\"image\":{\"@id\":\"https:\\\/\\\/citygame.com\\\/it\\\/#\\\/schema\\\/logo\\\/image\\\/\"},\"sameAs\":[\"https:\\\/\\\/www.facebook.com\\\/profile.php?id=100086426226253\",\"https:\\\/\\\/www.instagram.com\\\/citygame_com\",\"https:\\\/\\\/www.tiktok.com\\\/@citygamecom\\\/\",\"https:\\\/\\\/www.linkedin.com\\\/company\\\/citygame-com\"],\"description\":\"Turn any city into a playground with our interactive City Games and self-guided tours. Fun, flexible, and ideal for groups and team building.\"}]}<\/script>\n<!-- \/ Yoast SEO Premium plugin. -->","yoast_head_json":{"title":"City Game Valkenburg - City Game","robots":{"index":"index","follow":"follow","max-snippet":"max-snippet:-1","max-image-preview":"max-image-preview:large","max-video-preview":"max-video-preview:-1"},"canonical":"https:\/\/citygame.com\/it\/luoghi\/city-game-paesi-bassi\/city-game-valkenburg-2\/","og_locale":"it_IT","og_type":"article","og_title":"City Game Valkenburg","og_url":"https:\/\/citygame.com\/it\/luoghi\/city-game-paesi-bassi\/city-game-valkenburg-2\/","og_site_name":"City Game","article_publisher":"https:\/\/www.facebook.com\/profile.php?id=100086426226253","og_image":[{"width":1920,"height":1280,"url":"https:\/\/citygame.com\/wp-content\/blogs.dir\/1\/files\/2026\/03\/valkenburg-kasteel-schaloen-gardens.jpeg","type":"image\/jpeg"}],"twitter_card":"summary_large_image","schema":{"@context":"https:\/\/schema.org","@graph":[{"@type":"WebPage","@id":"https:\/\/citygame.com\/it\/luoghi\/city-game-paesi-bassi\/city-game-valkenburg-2\/","url":"https:\/\/citygame.com\/it\/luoghi\/city-game-paesi-bassi\/city-game-valkenburg-2\/","name":"City Game Valkenburg - City Game","isPartOf":{"@id":"https:\/\/citygame.com\/it\/#website"},"primaryImageOfPage":{"@id":"https:\/\/citygame.com\/it\/luoghi\/city-game-paesi-bassi\/city-game-valkenburg-2\/#primaryimage"},"image":{"@id":"https:\/\/citygame.com\/it\/luoghi\/city-game-paesi-bassi\/city-game-valkenburg-2\/#primaryimage"},"thumbnailUrl":"https:\/\/citygame.com\/wp-content\/blogs.dir\/1\/files\/2026\/03\/valkenburg-kasteel-schaloen-gardens.jpeg","datePublished":"2026-04-22T14:22:22+00:00","breadcrumb":{"@id":"https:\/\/citygame.com\/it\/luoghi\/city-game-paesi-bassi\/city-game-valkenburg-2\/#breadcrumb"},"inLanguage":"it-IT","potentialAction":[{"@type":"ReadAction","target":["https:\/\/citygame.com\/it\/luoghi\/city-game-paesi-bassi\/city-game-valkenburg-2\/"]}]},{"@type":"ImageObject","inLanguage":"it-IT","@id":"https:\/\/citygame.com\/it\/luoghi\/city-game-paesi-bassi\/city-game-valkenburg-2\/#primaryimage","url":"https:\/\/citygame.com\/wp-content\/blogs.dir\/1\/files\/2026\/03\/valkenburg-kasteel-schaloen-gardens.jpeg","contentUrl":"https:\/\/citygame.com\/wp-content\/blogs.dir\/1\/files\/2026\/03\/valkenburg-kasteel-schaloen-gardens.jpeg","width":1920,"height":1280,"caption":"The impressive Kasteel Schaloen, also called The Wedding Castle, is surrounded by beautiful formal gardens in Valkenburg."},{"@type":"BreadcrumbList","@id":"https:\/\/citygame.com\/it\/luoghi\/city-game-paesi-bassi\/city-game-valkenburg-2\/#breadcrumb","itemListElement":[{"@type":"ListItem","position":1,"name":"Home","item":"https:\/\/citygame.com\/it\/"},{"@type":"ListItem","position":2,"name":"Luoghi","item":"https:\/\/citygame.com\/it\/luoghi\/"},{"@type":"ListItem","position":3,"name":"City Game Paesi Bassi","item":"https:\/\/citygame.com\/it\/luoghi\/city-game-paesi-bassi\/"},{"@type":"ListItem","position":4,"name":"City Game Valkenburg"}]},{"@type":"WebSite","@id":"https:\/\/citygame.com\/it\/#website","url":"https:\/\/citygame.com\/it\/","name":"City Game","description":"","publisher":{"@id":"https:\/\/citygame.com\/it\/#organization"},"alternateName":"citygame.com","potentialAction":[{"@type":"SearchAction","target":{"@type":"EntryPoint","urlTemplate":"https:\/\/citygame.com\/it\/?s={search_term_string}"},"query-input":{"@type":"PropertyValueSpecification","valueRequired":true,"valueName":"search_term_string"}}],"inLanguage":"it-IT"},{"@type":"Organization","@id":"https:\/\/citygame.com\/it\/#organization","name":"City Game","alternateName":"citygame.com","url":"https:\/\/citygame.com\/it\/","logo":{"@type":"ImageObject","inLanguage":"it-IT","@id":"https:\/\/citygame.com\/it\/#\/schema\/logo\/image\/","url":"https:\/\/citygame.com\/wp-content\/blogs.dir\/1\/files\/2025\/10\/CG_LOGO-City-Game.png","contentUrl":"https:\/\/citygame.com\/wp-content\/blogs.dir\/1\/files\/2025\/10\/CG_LOGO-City-Game.png","width":351,"height":377,"caption":"City Game"},"image":{"@id":"https:\/\/citygame.com\/it\/#\/schema\/logo\/image\/"},"sameAs":["https:\/\/www.facebook.com\/profile.php?id=100086426226253","https:\/\/www.instagram.com\/citygame_com","https:\/\/www.tiktok.com\/@citygamecom\/","https:\/\/www.linkedin.com\/company\/citygame-com"],"description":"Turn any city into a playground with our interactive City Games and self-guided tours. Fun, flexible, and ideal for groups and team building."}]}},"taxonomy_info":{"cities-only-parent-location":[{"value":452,"label":"The Netherlands"}],"cg_page_type":[{"value":45,"label":"City overview page"}]},"featured_image_src_large":["https:\/\/citygame.com\/wp-content\/blogs.dir\/1\/files\/2026\/03\/valkenburg-kasteel-schaloen-gardens-1024x683.jpeg",1024,683,true],"author_info":{"display_name":"Philip","author_link":"https:\/\/citygame.com\/it\/blog\/author\/sophi2\/"},"comment_info":0,"wpml_current_locale":"it_IT","wpml_translations":{"nl_NL":{"locale":"nl_NL","id":226190,"slug":"city-game-valkenburg-2","post_title":"City Game Valkenburg","href":"https:\/\/citygame.com\/nl\/locaties\/city-game-nederland\/city-game-valkenburg-2\/"},"en_US":{"locale":"en_US","id":13863,"slug":"city-game-valkenburg","post_title":"City Game Valkenburg","href":"https:\/\/citygame.com\/locations\/the-netherlands\/city-game-valkenburg\/"},"fr_FR":{"locale":"fr_FR","id":226210,"slug":"city-game-valkenburg-2","post_title":"City Game Valkenburg","href":"https:\/\/citygame.com\/fr\/emplacements\/city-game-les-pays-bas\/city-game-valkenburg-2\/"},"de_DE":{"locale":"de_DE","id":226198,"slug":"city-game-valkenburg-2","post_title":"City Game Valkenburg","href":"https:\/\/citygame.com\/de\/standorte\/city-game-die-niederlande\/city-game-valkenburg-2\/"},"it_IT":{"locale":"it_IT","translation":"current"},"es_ES":{"locale":"es_ES","id":226202,"slug":"city-game-valkenburg-2","post_title":"City Game Valkenburg","href":"https:\/\/citygame.com\/es\/localizaciones\/city-game-los-paises-bajos\/city-game-valkenburg-2\/"}},"_links":{"self":[{"href":"https:\/\/citygame.com\/it\/wp-json\/wp\/v2\/pages\/226217","targetHints":{"allow":["GET"]}}],"collection":[{"href":"https:\/\/citygame.com\/it\/wp-json\/wp\/v2\/pages"}],"about":[{"href":"https:\/\/citygame.com\/it\/wp-json\/wp\/v2\/types\/page"}],"author":[{"embeddable":true,"href":"https:\/\/citygame.com\/it\/wp-json\/wp\/v2\/users\/78"}],"replies":[{"embeddable":true,"href":"https:\/\/citygame.com\/it\/wp-json\/wp\/v2\/comments?post=226217"}],"version-history":[{"count":0,"href":"https:\/\/citygame.com\/it\/wp-json\/wp\/v2\/pages\/226217\/revisions"}],"up":[{"embeddable":true,"href":"https:\/\/citygame.com\/it\/wp-json\/wp\/v2\/pages\/227395"}],"acf:term":[{"embeddable":true,"taxonomy":"cities-only-parent-location","href":"https:\/\/citygame.com\/it\/wp-json\/wp\/v2\/cities-only-parent-location\/452"},{"embeddable":true,"taxonomy":"location","href":"https:\/\/citygame.com\/it\/wp-json\/wp\/v2\/location\/414"}],"wp:featuredmedia":[{"embeddable":true,"href":"https:\/\/citygame.com\/it\/wp-json\/wp\/v2\/media\/16327"}],"wp:attachment":[{"href":"https:\/\/citygame.com\/it\/wp-json\/wp\/v2\/media?parent=226217"}],"wp:term":[{"taxonomy":"cities-only-parent-location","embeddable":true,"href":"https:\/\/citygame.com\/it\/wp-json\/wp\/v2\/cities-only-parent-location?post=226217"},{"taxonomy":"countries-only-parent-locations","embeddable":true,"href":"https:\/\/citygame.com\/it\/wp-json\/wp\/v2\/countries-only-parent-locations?post=226217"},{"taxonomy":"seo_keyword","embeddable":true,"href":"https:\/\/citygame.com\/it\/wp-json\/wp\/v2\/seo_keyword?post=226217"},{"taxonomy":"cg_page_type","embeddable":true,"href":"https:\/\/citygame.com\/it\/wp-json\/wp\/v2\/cg_page_type?post=226217"}],"curies":[{"name":"wp","href":"https:\/\/api.w.org\/{rel}","templated":true}]}}