{"id":226335,"date":"2026-04-22T15:10:13","date_gmt":"2026-04-22T15:10:13","guid":{"rendered":"https:\/\/citygame.com\/locations\/city-game-messico\/"},"modified":"2026-04-22T15:10:13","modified_gmt":"2026-04-22T15:10:13","slug":"city-game-messico","status":"publish","type":"page","link":"https:\/\/citygame.com\/it\/luoghi\/city-game-messico\/","title":{"rendered":"City Game Messico"},"content":{"rendered":"","protected":false},"excerpt":{"rendered":"","protected":false},"author":78,"featured_media":6389,"parent":225502,"menu_order":0,"comment_status":"closed","ping_status":"closed","template":"","meta":{"_acf_changed":false,"_yoast_wpseo_focuskw":"City Game Messico","_yoast_wpseo_metadesc":"","_kad_blocks_custom_css":"","_kad_blocks_head_custom_js":"","_kad_blocks_body_custom_js":"","_kad_blocks_footer_custom_js":"","_kad_post_transparent":"","_kad_post_title":"","_kad_post_layout":"","_kad_post_sidebar_id":"","_kad_post_content_style":"","_kad_post_vertical_padding":"","_kad_post_feature":"","_kad_post_feature_position":"","_kad_post_header":false,"_kad_post_footer":false,"_kad_post_classname":"","footnotes":""},"cities-only-parent-location":[],"countries-only-parent-locations":[443],"seo_keyword":[],"cg_page_type":[44],"class_list":["post-226335","page","type-page","status-publish","has-post-thumbnail","hentry","countries-only-parent-locations-north-america","cg_page_type-country-overview-page"],"acf":{"country_name":"Messico","intro_text":"Gioca a City Games interattivi in tutto il Messico e scopri le citt\u00e0 in modo divertente e coinvolgente. Risolvi enigmi, completa sfide ed esplora punti salienti cos\u00ec come tesori nascosti. Tutti i City Games sono autoguidati e giocabili sul tuo smartphone, quando vuoi.","intro_image":6396,"how_city_games_work_image":6400,"who_are_city_games_for_image":6410,"exploring_country_text":"Le citt\u00e0 messicane riflettono una ricca diversit\u00e0 di forme urbane, che vanno dalle metropoli estese e stratificate a citt\u00e0 coloniali compatte. Le grandi citt\u00e0 come Citt\u00e0 del Messico sono ampie e stratificate, dove quartieri vari si estendono su vasti paesaggi urbani, mentre le citt\u00e0 pi\u00f9 piccole spesso presentano centri pi\u00f9 densi e percorribili a piedi. Questa gamma crea esperienze contrastanti, dalla vivace vita di strada nei quartieri trafficati a ritmi pi\u00f9 lenti in nuclei urbani pi\u00f9 contenuti.\n\nIl movimento tra le citt\u00e0 messicane spesso rivela una combinazione di schemi di griglia strutturati e layout pi\u00f9 organici e storici. Molti centri cittadini sono pedonali, soprattutto dove l'architettura pi\u00f9 vecchia modella strade strette e piazze che incoraggiano camminare e radunarsi. I trasporti pubblici, i venditori informali e le vivaci scene di strada contribuiscono a un senso dinamico di luogo e accessibilit\u00e0 nella vita quotidiana.\n\nLe atmosfere cittadine possono variare drasticamente da una regione all'altra. Le citt\u00e0 del Nord spesso sembrano pi\u00f9 moderne e orientate ai veicoli, mentre le citt\u00e0 del Sud potrebbero mantenere una connessione pi\u00f9 stretta ai mercati tradizionali e alla cultura di strada locale. Queste differenze geografiche e culturali conferiscono a ogni citt\u00e0 il proprio passo e ritmo, offrendo diverse prospettive sulla vita urbana nel paese.","exploring_country_image":6419,"faq_answer_1":"City Games sono disponibili in diverse citt\u00e0 del Messico, offrendo esperienze sia nelle principali aree metropolitane sia in localit\u00e0 pi\u00f9 piccole. Puoi trovarli in luoghi come Citt\u00e0 del Messico e Tijuana, nonch\u00e9 in citt\u00e0 come Ciudad Ju\u00e1rez.\n\nLa disponibilit\u00e0 va oltre questi esempi, con giochi offerti in varie altre regioni del paese.","select_country":482,"intro_h2_city_games_in_country":"City Games in Messico","intro_usp_1":"1,5-2 ore di gioco","intro_usp_2":"3-4 km a piedi","intro_usp_3":"Inizia, metti in pausa e continua quando vuoi","intro_usp_4":"1-4 o 2-5 persone per smartphone, a seconda del tuo gioco","intro_usp_5":"Gioca in autonomia","intro_usp_6":"Connessione Internet richiesta","intro_text_2":"Scegli la tua citt\u00e0 e inizia a giocare oggi!","intro_cta":"Controlla tutte le localit\u00e0","section_2_h2_choose_your_city_in_country":"Scegli la tua citt\u00e0 in Messico","section_2_text_1":"City Games sono disponibili in citt\u00e0 in tutto il Messico. Scegli una citt\u00e0 qui sotto per vedere quali City Games puoi giocare l\u00ec.\n","section_3_h2_all_city_game_locations_in_country":"Tutte le sedi di City Game in Messico","section_4_h2_how_city_games_work_in_country":"","section_4_text_1":"City Games in Messico sono esperienze completamente autoguidate che ti permettono di esplorare una citt\u00e0 al tuo ritmo.","section_4_text_2":"Semplicemente scegli la tua citt\u00e0 e il tuo gioco, segui le istruzioni sul tuo smartphone e inizia a giocare non appena ti \u00e8 comodo.","section_4_usp_1":"Gioca in gruppi di amici, familiari o colleghi","section_4_usp_2":"Inizia quando vuoi, non serve una guida o il personale","section_4_usp_3":"Usa il tuo smartphone o tablet","section_4_usp_4":"Passeggia per la citt\u00e0 risolvendo enigmi e sfide","section_4_usp_5":"Scopri curiosit\u00e0 su storia, cultura e luoghi di interesse","section_4_usp_6":"Disponibile in pi\u00f9 lingue","section_4_cta":"Scegli la tua citt\u00e0","section_4_step_1":"Prenota il tuo City Game","section_4_step_1_title":"Prenota il tuo City Game","section_4_step_1_text":"Scegli la tua citt\u00e0 e il tuo gioco e ricevi tutto immediatamente dopo la prenotazione.","section_4_step_2":"Passo 2","section_4_step_2_title":"Controlla le istruzioni","section_4_step_2_text":"Apri l'email delle istruzioni con il punto di partenza e come iniziare a giocare.","section_4_step_3":"Passo 3","section_4_step_3_title":"Vai al punto di partenza","section_4_step_3_text":"Dirigiti al punto di partenza quando vuoi, non c'\u00e8 un orario fisso.","section_4_step_4":"","section_4_step_4_title":"Passo 4","section_4_step_4_text":"Segui gli indizi, risolvi enigmi ed esplora la citt\u00e0 al tuo ritmo!","section_5_h2_city_game_concepts_in_country":"City Game Concepts in Messico","section_5_secrets_title":"Secrets of Esplorazione Game","section_5_secrets_text":"Scopri le citt\u00e0 in modo divertente e interattivo con il Secrets of Esplorazione Game. Risolvi enigmi, completa sfide creative e scopri sia luoghi famosi sia luoghi nascosti. Lungo il percorso, imparerai fatti sorprendenti su storia, cultura e racconti locali giocando al tuo ritmo.","section_5_syndicate_title":"The Syndicate City Escape Game","section_5_syndicate_text":"Entra in una thrilling city escape con The Syndicate. Lavora insieme come una squadra per risolvere indovinelli, decifrare codici e recuperare formule rubate prima che il tempo scada. Questo City Game basato sulla storia si concentra sul lavoro di squadra, sulla risoluzione dei problemi e su un gameplay coinvolgente in un contesto urbano.","section_5_sherlock_title":"Sherlock Holmes Murder Mystery","section_5_sherlock_text":"Risolvi un mistero di omicidio interattivo nel Sherlock Holmes City Game. Segui una trama avvincente, indaga sui sospetti e raccogli indizi per scoprire la verit\u00e0 dietro un caso misterioso. La citt\u00e0 forma uno sfondo atmosferico per la storia, permettendoti di concentrarti pienamente su deduzione, logica e lavoro di squadra.","hours":"ore","concepts_cta":"Leggi di pi\u00f9 su questo gioco","section_5_text_2":"Ogni concetto \u00e8 disponibile in diverse citt\u00e0 del Messico","section_5_cta":"Esplora tutti i City Games","section_6_h2_who_are_city_games_in_country_for":"Per chi sono i City Games in Messico?","section_6_text":"City Games in Messico sono adatti a:","section_6_usp_1":"Giocatori singoli o piccoli gruppi in cerca di un'avventura flessibile","section_6_usp_2":"Turisti che esplorano le citt\u00e0 del Messico","section_6_usp_3":"Amici e famiglie in cerca di un'attivit\u00e0 divertente","section_6_usp_4":"Aziende e team che pianificano un evento di team building","section_6_usp_5":"Scegli la tua citt\u00e0","section_6_cta":"Scegli la tua citt\u00e0","section_7_h2_exploring_country":"Esplorando il Messico","section_8_h2_hosted_games":"I tuoi City Games preferiti, ospitati professionalmente dal nostro team","section_8_text":"Goditi gli stessi City Games della versione autoguidata, ma con pieno supporto in loco da parte dei nostri host professionisti. Ci occupiamo del briefing, dei tablet, del coordinamento e dell'assistenza tecnica, cos\u00ec che il tuo gruppo possa concentrarsi interamente sul divertimento e sulla competizione.","section_8_text_2":"Affidato da team di tutto il mondo, dai piccoli gruppi ai grandi eventi aziendali.","section_8_usp_1_title":"Lo stesso City Game, completamente ospitato","section_8_usp_1_text":"Giocate la stessa esperienza identica della nostra versione autoguidata, ora guidata dai nostri host.","section_8_usp_2_title":"Classifica dal vivo e cerimonia di premiazione","section_8_usp_2_text":"Per gruppi numerosi, i nostri host rivelano i punteggi finali e annunciano la squadra vincente con un momento di premio divertente.","section_8_usp_3_title":"Avvio e fine guidati","section_8_usp_3_text":"Le citt\u00e0 messicane riflettono una ricca diversit\u00e0 di forme urbane, che vanno dalle metropoli estese e stratificate a citt\u00e0 coloniali compatte. Le grandi citt\u00e0 come Citt\u00e0 del Messico sono ampie e stratificate, dove quartieri vari si estendono su vasti paesaggi urbani, mentre le citt\u00e0 pi\u00f9 piccole spesso presentano centri pi\u00f9 densi e percorribili a piedi. Questa gamma crea esperienze contrastanti, dalla vivace vita di strada nei quartieri trafficati a ritmi pi\u00f9 lenti in nuclei urbani pi\u00f9 contenuti.\n\nIl movimento tra le citt\u00e0 messicane spesso rivela una combinazione di schemi di griglia strutturati e layout pi\u00f9 organici e storici. Molti centri cittadini sono pedonali, soprattutto dove l'architettura pi\u00f9 vecchia modella strade strette e piazze che incoraggiano camminare e radunarsi. I trasporti pubblici, i venditori informali e le vivaci scene di strada contribuiscono a un senso dinamico di luogo e accessibilit\u00e0 nella vita quotidiana.\n\nLe atmosfere cittadine possono variare drasticamente da una regione all'altra. Le citt\u00e0 del Nord spesso sembrano pi\u00f9 moderne e orientate ai veicoli, mentre le citt\u00e0 del Sud potrebbero mantenere una connessione pi\u00f9 stretta ai mercati tradizionali e alla cultura di strada locale. Queste differenze geografiche e culturali conferiscono a ogni citt\u00e0 il proprio passo e ritmo, offrendo diverse prospettive sulla vita urbana nel paese.","section_8_usp_4_title":"Supporto in tempo reale durante il gioco","section_8_usp_4_text":"Il nostro team aiuta con i dispositivi, problemi dell'app e coordinamento durante l'esperienza.","section_8_usp_5_title":"Tablet inclusi (opzionale)","section_8_usp_5_text":"Disponibile per gruppi che preferiscono utilizzare i nostri dispositivi invece dei loro.","section_8_cta":"Pianifica il tuo evento di gruppo","section_9_h2_reviews":"Cosa pensano gli altri dei nostri City Games","section_9_cta_1":"Tutte le recensioni","section_9_cta_2":"Scrivi una recensione","section_10_h2_faq":"Hai domande? Abbiamo risposte!","section_10_text":"Consulta le nostre domande frequenti e scopri tutto ci\u00f2 che vuoi sapere. La tua domanda non \u00e8 tra queste? Sentiti libero di contattarci.","section_10_cta_1":"Visualizza tutte le domande frequenti","section_10_cta_2":"Richiedi supporto","section_10_question_1":"In quali citt\u00e0 del Messico posso giocare a un City Game?","section_10_question_2":"Ho bisogno di una guida per giocare a City Game?","section_10_answer_2":"No, tutti i City Games sono <strong>completamente autoguidati<\/strong>! Non serve una guida o un membro dello staff per giocare. Dopo la prenotazione, riceverai istruzioni chiare sul tuo smartphone su come iniziare a giocare!\r\n\r\nPer gruppi numerosi o eventi aziendali \u00e8 disponibile anche una versione completamente ospitata dei nostri City Games, che include guida in loco, tablet e supporto in tempo reale.\r\n\r\nHai in programma un gruppo pi\u00f9 grande o un evento aziendale?","section_10_answer_2_cta":"Esplora l'esperienza di City Game ospitata per gruppi","section_10_question_3":"Quanto tempo richiede un City Game?","section_10_answer_3":"La maggior parte dei City Games richiede <strong>circa 1,5-2 ore per completarlo<\/strong>. Questo include camminare per la citt\u00e0, risolvere enigmi e affrontare sfide lungo il percorso. Puoi giocare completamente al tuo ritmo: non c'\u00e8 alcuna pressione di tempo e nessun orario rigido.\r\n\r\nSentiti libero di fare pause, mettere in pausa il gioco per una bevanda o pranzo, e proseguire quando vuoi. Questa flessibilit\u00e0 rende i City Games ideali da combinare con sightseeing o altre attivit\u00e0.","section_10_question_4":"I City Games sono disponibili in pi\u00f9 lingue?","section_10_answer_4":"S\u00ec, i City Games sono <strong>disponibili in pi\u00f9 lingue<\/strong>. La maggior parte dei giochi pu\u00f2 essere giocata in diverse lingue comuni, rendendoli adatti a visitatori internazionali e gruppi multilingue.\r\n\r\nLe lingue disponibili possono variare leggermente da gioco a gioco, ma la scelta della lingua \u00e8 sempre chiaramente visibile prima di iniziare a giocare. Questo permette a ogni squadra di scegliere la lingua che le si addice di pi\u00f9, garantendo un'esperienza fluida e piacevole per tutti.","section_10_question_5":"Possiamo giocare con un gruppo numeroso?","section_10_answer_5":"S\u00ec, i City Games sono <strong>adatti sia per piccoli gruppi che per gruppi grandi<\/strong>. Grandi gruppi possono facilmente essere suddivisi in squadre pi\u00f9 piccole e giocare al City Game contemporaneamente, utilizzando pi\u00f9 smartphone. Ogni squadra gioca in modo indipendente, seguendo lo stesso concetto di gioco e la stessa storia.\r\n\r\nQuesto allestimento funziona bene per gruppi di amici, famiglie e aziende, e rende i City Games una scelta popolare per uscite di gruppo, eventi e attivit\u00e0 di teambuilding.\r\n\r\nPer gruppi numerosi o eventi aziendali, \u00e8 disponibile anche una versione completamente ospitata dei nostri City Games, che include guida in loco, tablet e supporto in tempo reale.\r\n\r\nHai in programma un gruppo pi\u00f9 grande o un evento aziendale?","section_10_answer_5_cta":"Esplora l'esperienza di City Game ospitata per gruppi","section_10_question_6":"Quando possiamo iniziare a giocare a un City Game?","section_10_answer_6":"Puoi iniziare a giocare <strong>quando ti \u00e8 utile<\/strong>! I City Games non hanno un orario di inizio fisso, quindi sei libero di cominciare in un momento che si adatti al tuo programma.\r\n\r\nDopo la prenotazione, riceverai istruzioni chiare via email, permettendoti di iniziare il gioco in modo indipendente senza prenotazioni o coordinazioni con il personale.\r\n\r\nQuesta flessibilit\u00e0 rende i City Games ideali da combinare con piani di viaggio, visite, pranzo o altre attivit\u00e0 durante la giornata.","section_11_h2_instagram":"Vedi di pi\u00f9 su Instagram","section_11_text":"Pronto per un'avventura indimenticabile in Messico","section_11_cta":"Seguici su Instagram","section_12_h2_page_ending":"Pronto per un'avventura indimenticabile in Messico","section_12_text":"Esplora le citt\u00e0 del Messico in modo unico e interattivo con i nostri City Games. Gioca oggi e crea ricordi che durano nel tempo!","section_12_cta":" Prenota ora il tuo City Game!"},"yoast_head":"<!-- This site is optimized with the Yoast SEO Premium plugin v26.2 (Yoast SEO v27.4) - https:\/\/yoast.com\/product\/yoast-seo-premium-wordpress\/ -->\n<title>City Game Messico - City Game<\/title>\n<meta name=\"robots\" content=\"index, follow, max-snippet:-1, max-image-preview:large, max-video-preview:-1\" \/>\n<link rel=\"canonical\" href=\"https:\/\/citygame.com\/it\/luoghi\/city-game-messico\/\" \/>\n<meta property=\"og:locale\" content=\"it_IT\" \/>\n<meta property=\"og:type\" content=\"article\" \/>\n<meta property=\"og:title\" content=\"City Game Messico\" \/>\n<meta property=\"og:url\" content=\"https:\/\/citygame.com\/it\/luoghi\/city-game-messico\/\" \/>\n<meta property=\"og:site_name\" content=\"City Game\" \/>\n<meta property=\"article:publisher\" content=\"https:\/\/www.facebook.com\/profile.php?id=100086426226253\" \/>\n<meta property=\"og:image\" content=\"https:\/\/citygame.com\/wp-content\/blogs.dir\/1\/files\/2026\/01\/mexico-chichen-itza-el-castillo-sunset.jpg\" \/>\n\t<meta property=\"og:image:width\" content=\"1376\" \/>\n\t<meta property=\"og:image:height\" content=\"768\" \/>\n\t<meta property=\"og:image:type\" content=\"image\/jpeg\" \/>\n<meta name=\"twitter:card\" content=\"summary_large_image\" \/>\n<script type=\"application\/ld+json\" class=\"yoast-schema-graph\">{\"@context\":\"https:\\\/\\\/schema.org\",\"@graph\":[{\"@type\":\"WebPage\",\"@id\":\"https:\\\/\\\/citygame.com\\\/it\\\/luoghi\\\/city-game-messico\\\/\",\"url\":\"https:\\\/\\\/citygame.com\\\/it\\\/luoghi\\\/city-game-messico\\\/\",\"name\":\"City Game Messico - City Game\",\"isPartOf\":{\"@id\":\"https:\\\/\\\/citygame.com\\\/it\\\/#website\"},\"primaryImageOfPage\":{\"@id\":\"https:\\\/\\\/citygame.com\\\/it\\\/luoghi\\\/city-game-messico\\\/#primaryimage\"},\"image\":{\"@id\":\"https:\\\/\\\/citygame.com\\\/it\\\/luoghi\\\/city-game-messico\\\/#primaryimage\"},\"thumbnailUrl\":\"https:\\\/\\\/citygame.com\\\/wp-content\\\/blogs.dir\\\/1\\\/files\\\/2026\\\/01\\\/mexico-chichen-itza-el-castillo-sunset.jpg\",\"datePublished\":\"2026-04-22T15:10:13+00:00\",\"breadcrumb\":{\"@id\":\"https:\\\/\\\/citygame.com\\\/it\\\/luoghi\\\/city-game-messico\\\/#breadcrumb\"},\"inLanguage\":\"it-IT\",\"potentialAction\":[{\"@type\":\"ReadAction\",\"target\":[\"https:\\\/\\\/citygame.com\\\/it\\\/luoghi\\\/city-game-messico\\\/\"]}]},{\"@type\":\"ImageObject\",\"inLanguage\":\"it-IT\",\"@id\":\"https:\\\/\\\/citygame.com\\\/it\\\/luoghi\\\/city-game-messico\\\/#primaryimage\",\"url\":\"https:\\\/\\\/citygame.com\\\/wp-content\\\/blogs.dir\\\/1\\\/files\\\/2026\\\/01\\\/mexico-chichen-itza-el-castillo-sunset.jpg\",\"contentUrl\":\"https:\\\/\\\/citygame.com\\\/wp-content\\\/blogs.dir\\\/1\\\/files\\\/2026\\\/01\\\/mexico-chichen-itza-el-castillo-sunset.jpg\",\"width\":1376,\"height\":768,\"caption\":\"The famous pyramid of El Castillo at Chichen Itza glows in the warm light of sunset. Photo: Walkerssk (Pixabay)\"},{\"@type\":\"BreadcrumbList\",\"@id\":\"https:\\\/\\\/citygame.com\\\/it\\\/luoghi\\\/city-game-messico\\\/#breadcrumb\",\"itemListElement\":[{\"@type\":\"ListItem\",\"position\":1,\"name\":\"Home\",\"item\":\"https:\\\/\\\/citygame.com\\\/it\\\/\"},{\"@type\":\"ListItem\",\"position\":2,\"name\":\"Luoghi\",\"item\":\"https:\\\/\\\/citygame.com\\\/it\\\/luoghi\\\/\"},{\"@type\":\"ListItem\",\"position\":3,\"name\":\"City Game Messico\"}]},{\"@type\":\"WebSite\",\"@id\":\"https:\\\/\\\/citygame.com\\\/it\\\/#website\",\"url\":\"https:\\\/\\\/citygame.com\\\/it\\\/\",\"name\":\"City Game\",\"description\":\"\",\"publisher\":{\"@id\":\"https:\\\/\\\/citygame.com\\\/it\\\/#organization\"},\"alternateName\":\"citygame.com\",\"potentialAction\":[{\"@type\":\"SearchAction\",\"target\":{\"@type\":\"EntryPoint\",\"urlTemplate\":\"https:\\\/\\\/citygame.com\\\/it\\\/?s={search_term_string}\"},\"query-input\":{\"@type\":\"PropertyValueSpecification\",\"valueRequired\":true,\"valueName\":\"search_term_string\"}}],\"inLanguage\":\"it-IT\"},{\"@type\":\"Organization\",\"@id\":\"https:\\\/\\\/citygame.com\\\/it\\\/#organization\",\"name\":\"City Game\",\"alternateName\":\"citygame.com\",\"url\":\"https:\\\/\\\/citygame.com\\\/it\\\/\",\"logo\":{\"@type\":\"ImageObject\",\"inLanguage\":\"it-IT\",\"@id\":\"https:\\\/\\\/citygame.com\\\/it\\\/#\\\/schema\\\/logo\\\/image\\\/\",\"url\":\"https:\\\/\\\/citygame.com\\\/wp-content\\\/blogs.dir\\\/1\\\/files\\\/2025\\\/10\\\/CG_LOGO-City-Game.png\",\"contentUrl\":\"https:\\\/\\\/citygame.com\\\/wp-content\\\/blogs.dir\\\/1\\\/files\\\/2025\\\/10\\\/CG_LOGO-City-Game.png\",\"width\":351,\"height\":377,\"caption\":\"City Game\"},\"image\":{\"@id\":\"https:\\\/\\\/citygame.com\\\/it\\\/#\\\/schema\\\/logo\\\/image\\\/\"},\"sameAs\":[\"https:\\\/\\\/www.facebook.com\\\/profile.php?id=100086426226253\",\"https:\\\/\\\/www.instagram.com\\\/citygame_com\",\"https:\\\/\\\/www.tiktok.com\\\/@citygamecom\\\/\",\"https:\\\/\\\/www.linkedin.com\\\/company\\\/citygame-com\"],\"description\":\"Turn any city into a playground with our interactive City Games and self-guided tours. Fun, flexible, and ideal for groups and team building.\"}]}<\/script>\n<!-- \/ Yoast SEO Premium plugin. -->","yoast_head_json":{"title":"City Game Messico - City Game","robots":{"index":"index","follow":"follow","max-snippet":"max-snippet:-1","max-image-preview":"max-image-preview:large","max-video-preview":"max-video-preview:-1"},"canonical":"https:\/\/citygame.com\/it\/luoghi\/city-game-messico\/","og_locale":"it_IT","og_type":"article","og_title":"City Game Messico","og_url":"https:\/\/citygame.com\/it\/luoghi\/city-game-messico\/","og_site_name":"City Game","article_publisher":"https:\/\/www.facebook.com\/profile.php?id=100086426226253","og_image":[{"width":1376,"height":768,"url":"https:\/\/citygame.com\/wp-content\/blogs.dir\/1\/files\/2026\/01\/mexico-chichen-itza-el-castillo-sunset.jpg","type":"image\/jpeg"}],"twitter_card":"summary_large_image","schema":{"@context":"https:\/\/schema.org","@graph":[{"@type":"WebPage","@id":"https:\/\/citygame.com\/it\/luoghi\/city-game-messico\/","url":"https:\/\/citygame.com\/it\/luoghi\/city-game-messico\/","name":"City Game Messico - City Game","isPartOf":{"@id":"https:\/\/citygame.com\/it\/#website"},"primaryImageOfPage":{"@id":"https:\/\/citygame.com\/it\/luoghi\/city-game-messico\/#primaryimage"},"image":{"@id":"https:\/\/citygame.com\/it\/luoghi\/city-game-messico\/#primaryimage"},"thumbnailUrl":"https:\/\/citygame.com\/wp-content\/blogs.dir\/1\/files\/2026\/01\/mexico-chichen-itza-el-castillo-sunset.jpg","datePublished":"2026-04-22T15:10:13+00:00","breadcrumb":{"@id":"https:\/\/citygame.com\/it\/luoghi\/city-game-messico\/#breadcrumb"},"inLanguage":"it-IT","potentialAction":[{"@type":"ReadAction","target":["https:\/\/citygame.com\/it\/luoghi\/city-game-messico\/"]}]},{"@type":"ImageObject","inLanguage":"it-IT","@id":"https:\/\/citygame.com\/it\/luoghi\/city-game-messico\/#primaryimage","url":"https:\/\/citygame.com\/wp-content\/blogs.dir\/1\/files\/2026\/01\/mexico-chichen-itza-el-castillo-sunset.jpg","contentUrl":"https:\/\/citygame.com\/wp-content\/blogs.dir\/1\/files\/2026\/01\/mexico-chichen-itza-el-castillo-sunset.jpg","width":1376,"height":768,"caption":"The famous pyramid of El Castillo at Chichen Itza glows in the warm light of sunset. Photo: Walkerssk (Pixabay)"},{"@type":"BreadcrumbList","@id":"https:\/\/citygame.com\/it\/luoghi\/city-game-messico\/#breadcrumb","itemListElement":[{"@type":"ListItem","position":1,"name":"Home","item":"https:\/\/citygame.com\/it\/"},{"@type":"ListItem","position":2,"name":"Luoghi","item":"https:\/\/citygame.com\/it\/luoghi\/"},{"@type":"ListItem","position":3,"name":"City Game Messico"}]},{"@type":"WebSite","@id":"https:\/\/citygame.com\/it\/#website","url":"https:\/\/citygame.com\/it\/","name":"City Game","description":"","publisher":{"@id":"https:\/\/citygame.com\/it\/#organization"},"alternateName":"citygame.com","potentialAction":[{"@type":"SearchAction","target":{"@type":"EntryPoint","urlTemplate":"https:\/\/citygame.com\/it\/?s={search_term_string}"},"query-input":{"@type":"PropertyValueSpecification","valueRequired":true,"valueName":"search_term_string"}}],"inLanguage":"it-IT"},{"@type":"Organization","@id":"https:\/\/citygame.com\/it\/#organization","name":"City Game","alternateName":"citygame.com","url":"https:\/\/citygame.com\/it\/","logo":{"@type":"ImageObject","inLanguage":"it-IT","@id":"https:\/\/citygame.com\/it\/#\/schema\/logo\/image\/","url":"https:\/\/citygame.com\/wp-content\/blogs.dir\/1\/files\/2025\/10\/CG_LOGO-City-Game.png","contentUrl":"https:\/\/citygame.com\/wp-content\/blogs.dir\/1\/files\/2025\/10\/CG_LOGO-City-Game.png","width":351,"height":377,"caption":"City Game"},"image":{"@id":"https:\/\/citygame.com\/it\/#\/schema\/logo\/image\/"},"sameAs":["https:\/\/www.facebook.com\/profile.php?id=100086426226253","https:\/\/www.instagram.com\/citygame_com","https:\/\/www.tiktok.com\/@citygamecom\/","https:\/\/www.linkedin.com\/company\/citygame-com"],"description":"Turn any city into a playground with our interactive City Games and self-guided tours. Fun, flexible, and ideal for groups and team building."}]}},"taxonomy_info":{"countries-only-parent-locations":[{"value":443,"label":"North America"}],"cg_page_type":[{"value":44,"label":"Country overview page"}]},"featured_image_src_large":["https:\/\/citygame.com\/wp-content\/blogs.dir\/1\/files\/2026\/01\/mexico-chichen-itza-el-castillo-sunset-1024x572.jpg",1024,572,true],"author_info":{"display_name":"Philip","author_link":"https:\/\/citygame.com\/it\/blog\/author\/sophi2\/"},"comment_info":0,"wpml_current_locale":"it_IT","wpml_translations":{"nl_NL":{"locale":"nl_NL","id":226308,"slug":"city-game-mexico","post_title":"City Game Mexico","href":"https:\/\/citygame.com\/nl\/locaties\/city-game-mexico\/"},"en_US":{"locale":"en_US","id":6424,"slug":"mexico","post_title":"City Game Mexico","href":"https:\/\/citygame.com\/locations\/mexico\/"},"fr_FR":{"locale":"fr_FR","id":226329,"slug":"city-game-mexico","post_title":"City Game Mexico","href":"https:\/\/citygame.com\/fr\/emplacements\/city-game-mexico\/"},"de_DE":{"locale":"de_DE","id":226315,"slug":"city-game-mexiko","post_title":"City Game Mexiko","href":"https:\/\/citygame.com\/de\/standorte\/city-game-mexiko\/"},"it_IT":{"locale":"it_IT","translation":"current"},"es_ES":{"locale":"es_ES","id":226323,"slug":"city-game-mexico","post_title":"City Game M\u00e9xico","href":"https:\/\/citygame.com\/es\/localizaciones\/city-game-mexico\/"}},"_links":{"self":[{"href":"https:\/\/citygame.com\/it\/wp-json\/wp\/v2\/pages\/226335","targetHints":{"allow":["GET"]}}],"collection":[{"href":"https:\/\/citygame.com\/it\/wp-json\/wp\/v2\/pages"}],"about":[{"href":"https:\/\/citygame.com\/it\/wp-json\/wp\/v2\/types\/page"}],"author":[{"embeddable":true,"href":"https:\/\/citygame.com\/it\/wp-json\/wp\/v2\/users\/78"}],"replies":[{"embeddable":true,"href":"https:\/\/citygame.com\/it\/wp-json\/wp\/v2\/comments?post=226335"}],"version-history":[{"count":0,"href":"https:\/\/citygame.com\/it\/wp-json\/wp\/v2\/pages\/226335\/revisions"}],"up":[{"embeddable":true,"href":"https:\/\/citygame.com\/it\/wp-json\/wp\/v2\/pages\/225502"}],"acf:term":[{"embeddable":true,"taxonomy":"cities-only-parent-location","href":"https:\/\/citygame.com\/it\/wp-json\/wp\/v2\/cities-only-parent-location\/482"}],"wp:featuredmedia":[{"embeddable":true,"href":"https:\/\/citygame.com\/it\/wp-json\/wp\/v2\/media\/6389"}],"wp:attachment":[{"href":"https:\/\/citygame.com\/it\/wp-json\/wp\/v2\/media?parent=226335"}],"wp:term":[{"taxonomy":"cities-only-parent-location","embeddable":true,"href":"https:\/\/citygame.com\/it\/wp-json\/wp\/v2\/cities-only-parent-location?post=226335"},{"taxonomy":"countries-only-parent-locations","embeddable":true,"href":"https:\/\/citygame.com\/it\/wp-json\/wp\/v2\/countries-only-parent-locations?post=226335"},{"taxonomy":"seo_keyword","embeddable":true,"href":"https:\/\/citygame.com\/it\/wp-json\/wp\/v2\/seo_keyword?post=226335"},{"taxonomy":"cg_page_type","embeddable":true,"href":"https:\/\/citygame.com\/it\/wp-json\/wp\/v2\/cg_page_type?post=226335"}],"curies":[{"name":"wp","href":"https:\/\/api.w.org\/{rel}","templated":true}]}}